{"id":4869,"date":"2020-06-20T21:39:50","date_gmt":"2020-06-20T14:39:50","guid":{"rendered":"http:\/\/27430.lamdx.vinawebsite.vn\/san-pham\/hoc-che-nang-dji-smart-controller-pgytech.html"},"modified":"2022-08-18T15:21:04","modified_gmt":"2022-08-18T08:21:04","slug":"smart-controller-sunshade","status":"publish","type":"product","link":"https:\/\/phukienflytech.vn\/en\/san-pham\/smart-controller-sunshade.html","title":{"rendered":"Smart controller sunshade &#8211; PGYtech"},"content":{"rendered":"<h2><span style=\"font-size: 21px; color: #0000ff;\"><strong><em>Smart controller sunshade \u2013 PGYTECH<\/em><\/strong><\/span><\/h2>\n<p>&nbsp;<\/p>\n<p><span style=\"font-size: 18px;\">Smart controller sunshade<\/span><\/p>\n<p><span style=\"font-size: 18px;\"><strong><em>Ph\u1ee5 ki\u1ec7n dji mavic 2 pro zoom<\/em><\/strong><\/span><\/p>\n<h2><span style=\"font-size: 18px;\"><strong><em><img loading=\"lazy\" decoding=\"async\" class=\"alignnone wp-image-11939\" src=\"https:\/\/phukienflytech.vn\/wp-content\/uploads\/2020\/05\/hoc-che-nang-dji-smart-controller-pgytech-4855-5-602x400.jpg\" alt=\"Smart-controller-sunshade-6\" width=\"497\" height=\"330\" srcset=\"https:\/\/phukienflytech.vn\/wp-content\/uploads\/2020\/05\/hoc-che-nang-dji-smart-controller-pgytech-4855-5-602x400.jpg 602w, https:\/\/phukienflytech.vn\/wp-content\/uploads\/2020\/05\/hoc-che-nang-dji-smart-controller-pgytech-4855-5-768x510.jpg 768w, https:\/\/phukienflytech.vn\/wp-content\/uploads\/2020\/05\/hoc-che-nang-dji-smart-controller-pgytech-4855-5-1205x800.jpg 1205w, https:\/\/phukienflytech.vn\/wp-content\/uploads\/2020\/05\/hoc-che-nang-dji-smart-controller-pgytech-4855-5-600x398.jpg 600w, https:\/\/phukienflytech.vn\/wp-content\/uploads\/2020\/05\/hoc-che-nang-dji-smart-controller-pgytech-4855-5.jpg 1250w\" sizes=\"auto, (max-width: 497px) 100vw, 497px\" \/><\/em><\/strong><\/span><\/h2>\n<p><span style=\"font-size: 18px;\">\u0110\u01b0\u1ee3c thi\u1ebft k\u1ebf \u0111\u1ec3 gi\u00fap ng\u01b0\u1eddi d\u00f9ng c\u00f3 th\u1ec3 d\u1ec5 d\u00e0ng quan s\u00e1t m\u00e0n h\u00ecnh m\u1ed9t c\u00e1ch ch\u00ednh x\u00e1c h\u01a1n, <strong><em>h\u1ed1c che n\u1eafng smart controller\u00a0<\/em><\/strong>ngay t\u1eeb khi ra m\u1eaft \u0111\u00e3 tr\u1edf th\u00e0nh m\u1ed9t v\u1eadn d\u1ee5ng kh\u00f4ng th\u1ec3 thi\u1ebfu \u0111\u1ed1i v\u1edbi c\u00e1c pilot nh\u1ea5t l\u00e0 nh\u1eefng ng\u01b0\u1eddi hay th\u01b0\u1eddng xuy\u00ean bay \u1edf ngo\u00e0i tr\u1eddi n\u1eafng.<\/span><\/p>\n<h2><span style=\"font-size: 18px;\"><strong><em><img loading=\"lazy\" decoding=\"async\" class=\"alignnone wp-image-11941\" src=\"https:\/\/phukienflytech.vn\/wp-content\/uploads\/2020\/05\/hoc-che-nang-dji-smart-controller-pgytech-4855-1-1-600x400.jpg\" alt=\"\" width=\"501\" height=\"334\" srcset=\"https:\/\/phukienflytech.vn\/wp-content\/uploads\/2020\/05\/hoc-che-nang-dji-smart-controller-pgytech-4855-1-1-600x400.jpg 600w, https:\/\/phukienflytech.vn\/wp-content\/uploads\/2020\/05\/hoc-che-nang-dji-smart-controller-pgytech-4855-1-1-768x512.jpg 768w, https:\/\/phukienflytech.vn\/wp-content\/uploads\/2020\/05\/hoc-che-nang-dji-smart-controller-pgytech-4855-1-1-1199x800.jpg 1199w, https:\/\/phukienflytech.vn\/wp-content\/uploads\/2020\/05\/hoc-che-nang-dji-smart-controller-pgytech-4855-1-1.jpg 1250w\" sizes=\"auto, (max-width: 501px) 100vw, 501px\" \/><\/em><\/strong><\/span><\/h2>\n<h3><span style=\"font-size: 18px;\">Smart controller sunshade<\/span><\/h3>\n<p><span style=\"font-size: 18px;\">V\u1edbi thi\u1ebft k\u1ebf c\u1ea5u tr\u00fac nghi\u00eang \u0111\u1eb7c bi\u1ec7t bao quanh m\u00e0n h\u00ecnh, m\u1eabu\u00a0<strong><em>ph\u1ee5 ki\u1ec7n DJI Mavic 2 pro zoom<\/em><\/strong>\u00a0gi\u00fap ng\u01b0\u1eddi d\u00f9ng c\u00f3 th\u1ec3 d\u1ec5 d\u00e0ng quan s\u00e1t m\u00e0 kh\u00f4ng \u1ea3nh h\u01b0\u1edfng \u0111\u1ebfn ch\u1ea5t l\u01b0\u1ee3ng m\u00e0n h\u00ecnh. \u0110\u1eb7c bi\u1ec7t, v\u1edbi thi\u1ebft k\u1ebf g\u1eadp 3 v\u00f4 c\u00f9ng thu\u1eadn ti\u1ec7n gi\u00fap b\u1ea1n d\u1ec5 d\u00e0ng mang \u0111i.<\/span><\/p>\n<h2><span style=\"font-size: 18px;\"><strong><em><img loading=\"lazy\" decoding=\"async\" class=\"alignnone wp-image-11943\" src=\"https:\/\/phukienflytech.vn\/wp-content\/uploads\/2020\/05\/hoc-che-nang-dji-smart-controller-pgytech-4855-2-1-601x400.jpg\" alt=\"\" width=\"509\" height=\"339\" srcset=\"https:\/\/phukienflytech.vn\/wp-content\/uploads\/2020\/05\/hoc-che-nang-dji-smart-controller-pgytech-4855-2-1-601x400.jpg 601w, https:\/\/phukienflytech.vn\/wp-content\/uploads\/2020\/05\/hoc-che-nang-dji-smart-controller-pgytech-4855-2-1-768x511.jpg 768w, https:\/\/phukienflytech.vn\/wp-content\/uploads\/2020\/05\/hoc-che-nang-dji-smart-controller-pgytech-4855-2-1-1202x800.jpg 1202w, https:\/\/phukienflytech.vn\/wp-content\/uploads\/2020\/05\/hoc-che-nang-dji-smart-controller-pgytech-4855-2-1-600x399.jpg 600w, https:\/\/phukienflytech.vn\/wp-content\/uploads\/2020\/05\/hoc-che-nang-dji-smart-controller-pgytech-4855-2-1.jpg 1250w\" sizes=\"auto, (max-width: 509px) 100vw, 509px\" \/><\/em><\/strong><\/span><\/h2>\n<p><span style=\"font-size: 18px;\">Chi ti\u1ebft c\u1ee7a Smart controller sunshade<\/span><\/p>\n<p><span style=\"font-size: 18px;\">Tr\u1ecdng l\u01b0\u1ee3ng: 37,5g<\/span><\/p>\n<p><span style=\"font-size: 18px;\">K\u00edch th\u01b0\u1edbc: 12,9&#215;8,2&#215;3,2cm<\/span><\/p>\n<p><span style=\"font-size: 18px;\">Ch\u1ea5t li\u1ec7u: PU, PC<\/span><\/p>\n<p><span style=\"font-size: 18px;\">Nh\u00e0 s\u1ea3n xu\u1ea5t: PGYTECH<\/span><\/p>\n<h2><span style=\"font-size: 18px;\"><strong><em><img loading=\"lazy\" decoding=\"async\" class=\"alignnone wp-image-11945\" src=\"https:\/\/phukienflytech.vn\/wp-content\/uploads\/2020\/05\/hoc-che-nang-dji-smart-controller-pgytech-4855-3-1-800x387.jpg\" alt=\"Smart-controller-sunshade\" width=\"513\" height=\"248\" srcset=\"https:\/\/phukienflytech.vn\/wp-content\/uploads\/2020\/05\/hoc-che-nang-dji-smart-controller-pgytech-4855-3-1-800x387.jpg 800w, https:\/\/phukienflytech.vn\/wp-content\/uploads\/2020\/05\/hoc-che-nang-dji-smart-controller-pgytech-4855-3-1-768x371.jpg 768w, https:\/\/phukienflytech.vn\/wp-content\/uploads\/2020\/05\/hoc-che-nang-dji-smart-controller-pgytech-4855-3-1-600x290.jpg 600w, https:\/\/phukienflytech.vn\/wp-content\/uploads\/2020\/05\/hoc-che-nang-dji-smart-controller-pgytech-4855-3-1.jpg 1250w\" sizes=\"auto, (max-width: 513px) 100vw, 513px\" \/><\/em><\/strong><\/span><\/h2>\n<p><span style=\"font-size: 18px;\">C\u00f4ng d\u1ee5ng: ng\u0103n \u00e1nh s\u00e1ng m\u1eb7t tr\u1eddi gi\u00fap ng\u01b0\u1eddi d\u00f9ng c\u00f3 th\u1ec3 d\u1ec5 d\u00e0ng quan s\u00e1t m\u00e0n h\u00ecnh h\u01a1n.<\/span><\/p>\n<p><span style=\"font-size: 18px;\">D\u1ec5 d\u00e0ng th\u00e1o l\u1eafp v\u00e0 s\u1eed d\u1ee5ng.<\/span><\/p>\n<h2><span style=\"font-size: 18px;\"><strong><em><img loading=\"lazy\" decoding=\"async\" class=\"alignnone wp-image-11947\" src=\"https:\/\/phukienflytech.vn\/wp-content\/uploads\/2020\/05\/hoc-che-nang-dji-smart-controller-pgytech-4855-4-1-405x400.jpg\" alt=\"\" width=\"480\" height=\"474\" srcset=\"https:\/\/phukienflytech.vn\/wp-content\/uploads\/2020\/05\/hoc-che-nang-dji-smart-controller-pgytech-4855-4-1-405x400.jpg 405w, https:\/\/phukienflytech.vn\/wp-content\/uploads\/2020\/05\/hoc-che-nang-dji-smart-controller-pgytech-4855-4-1-600x593.jpg 600w, https:\/\/phukienflytech.vn\/wp-content\/uploads\/2020\/05\/hoc-che-nang-dji-smart-controller-pgytech-4855-4-1-100x100.jpg 100w, https:\/\/phukienflytech.vn\/wp-content\/uploads\/2020\/05\/hoc-che-nang-dji-smart-controller-pgytech-4855-4-1.jpg 601w\" sizes=\"auto, (max-width: 480px) 100vw, 480px\" \/><\/em><\/strong><\/span><\/h2>\n<p><span style=\"font-size: 18px;\"><strong><em>Mua ph\u1ee5 ki\u1ec7n DJI Mavic 2 pro zoom\u00a0<\/em><\/strong>\u00a0\u1edf \u0111\u00e2u?<\/span><\/p>\n<p><span style=\"font-size: 18px;\">V\u1edbi ph\u01b0\u01a1ng ch\u00e2m lu\u00f4n \u0111\u1eb7t UY T\u00cdN c\u0169ng nh\u01b0 CH\u1ea4T\u00a0 L\u01af\u1ee2NG l\u00ean h\u00e0ng \u0111\u1ea7u, b\u1ea1n ho\u00e0n to\u00e0n c\u00f3 th\u1ec3 y\u00ean t\u00e2m v\u1ec1\u00a0<strong><em>gi\u00e1 maivic 2 pro , gi\u00e1 mavic 2 zoom\u00a0<\/em><\/strong>c\u0169ng nh\u01b0 ch\u1ea5t l\u01b0\u1ee3ng s\u1ea3n ph\u1ea9m. H\u00e3y \u0111\u1ec3 ph\u1ee5 ki\u1ec7n fly-cam gi\u00e1 t\u1ed1t ti\u1ebfp s\u1ee9c \u0111am m\u00ea trong b\u1ea1n<\/span><\/p>\n<p><span style=\"font-size: 18px;\">B\u1ea1n c\u00f3 th\u1ec3 xem th\u00eam c\u00e1c ph\u1ee5 ki\u1ec7n c\u1ee7a mavic 2 <a href=\"https:\/\/phukienflytech.vn\/danh-muc\/phu-kien-mavic-2.html\" target=\"_blank\" rel=\"noopener noreferrer\">t\u1ea1i \u0111\u00e2y !<\/a><\/span><\/p>\n<p>&nbsp;<\/p>\n<p><span style=\"font-size: 18px;\">Li\u00ean h\u1ec7 v\u1edbi ch\u00fang t\u00f4i qua Fanpage: <strong><a href=\"https:\/\/fb.com\/phukienflycam\" target=\"_blank\" rel=\"noopener noreferrer\">Ph\u1ee5 Ki\u1ec7n Flytech Gi\u00e1 T\u1ed1t<\/a><\/strong><\/span><\/p>\n","protected":false},"excerpt":{"rendered":"<p>Smart controller sunshade \u2013 PGYTECH &nbsp; Smart controller sunshade Ph\u1ee5 ki\u1ec7n dji mavic 2 pro zoom \u0110\u01b0\u1ee3c thi\u1ebft k\u1ebf \u0111\u1ec3 gi\u00fap ng\u01b0\u1eddi d\u00f9ng c\u00f3 th\u1ec3 d\u1ec5 d\u00e0ng quan s\u00e1t m\u00e0n h\u00ecnh m\u1ed9t c\u00e1ch ch\u00ednh x\u00e1c h\u01a1n, h\u1ed1c che n\u1eafng smart controller\u00a0ngay t\u1eeb khi ra m\u1eaft \u0111\u00e3 tr\u1edf th\u00e0nh m\u1ed9t v\u1eadn d\u1ee5ng kh\u00f4ng th\u1ec3 thi\u1ebfu \u0111\u1ed1i &#8230;<\/p>\n","protected":false},"featured_media":20223,"comment_status":"open","ping_status":"closed","template":"","meta":{"_acf_changed":false},"product_brand":[],"product_cat":[177],"product_tag":[206,209,283],"class_list":{"0":"post-4869","1":"product","2":"type-product","3":"status-publish","4":"has-post-thumbnail","6":"product_cat-mavic-2s-accessory","7":"product_tag-phu-kien-dji-en","8":"product_tag-phu-kien-mavic-2-en","9":"product_tag-phu-kien-smart-controller-en","11":"first","12":"instock","13":"shipping-taxable","14":"purchasable","15":"product-type-simple"},"acf":[],"yoast_head":"<!-- This site is optimized with the Yoast SEO plugin v25.7 - https:\/\/yoast.com\/wordpress\/plugins\/seo\/ -->\n<title>Smart controller sunshade - Mavic 2 accessory - Available - Original<\/title>\n<meta name=\"description\" content=\"Smart controller sunshade is one of the most important accessory. Contact us to buy Smart controller sunshade for best price, good warranty.\" \/>\n<meta name=\"robots\" content=\"index, follow, max-snippet:-1, max-image-preview:large, max-video-preview:-1\" \/>\n<link rel=\"canonical\" href=\"https:\/\/phukienflytech.vn\/en\/san-pham\/smart-controller-sunshade.html\" \/>\n<meta property=\"og:locale\" content=\"en_US\" \/>\n<meta property=\"og:type\" content=\"article\" \/>\n<meta property=\"og:title\" content=\"Smart controller sunshade - Mavic 2 accessory - Available - Original\" \/>\n<meta property=\"og:description\" content=\"Smart controller sunshade is one of the most important accessory. Contact us to buy Smart controller sunshade for best price, good warranty.\" \/>\n<meta property=\"og:url\" content=\"https:\/\/phukienflytech.vn\/en\/san-pham\/smart-controller-sunshade.html\" \/>\n<meta property=\"og:site_name\" content=\"Shop M\u00e1y \u1ea3nh - Action Camera - Gimbal - Flycam - Ph\u1ee5 ki\u1ec7n\" \/>\n<meta property=\"article:publisher\" content=\"https:\/\/facebook.com\/phukienflycam\" \/>\n<meta property=\"article:modified_time\" content=\"2022-08-18T08:21:04+00:00\" \/>\n<meta property=\"og:image\" content=\"https:\/\/phukienflytech.vn\/wp-content\/uploads\/2020\/06\/phu-kien-flycam-dji-mavic-2-pro-zoom-smart-controller-hoc-che-nang-man-hinh-pgytech123.jpg\" \/>\n\t<meta property=\"og:image:width\" content=\"800\" \/>\n\t<meta property=\"og:image:height\" content=\"800\" \/>\n\t<meta property=\"og:image:type\" content=\"image\/jpeg\" \/>\n<meta name=\"twitter:card\" content=\"summary_large_image\" \/>\n<meta name=\"twitter:label1\" content=\"Est. reading time\" \/>\n\t<meta name=\"twitter:data1\" content=\"2 minutes\" \/>\n<script type=\"application\/ld+json\" class=\"yoast-schema-graph\">{\"@context\":\"https:\/\/schema.org\",\"@graph\":[{\"@type\":\"WebPage\",\"@id\":\"https:\/\/phukienflytech.vn\/en\/san-pham\/smart-controller-sunshade.html\",\"url\":\"https:\/\/phukienflytech.vn\/en\/san-pham\/smart-controller-sunshade.html\",\"name\":\"Smart controller sunshade - Mavic 2 accessory - Available - Original\",\"isPartOf\":{\"@id\":\"https:\/\/phukienflytech.vn\/#website\"},\"primaryImageOfPage\":{\"@id\":\"https:\/\/phukienflytech.vn\/en\/san-pham\/smart-controller-sunshade.html#primaryimage\"},\"image\":{\"@id\":\"https:\/\/phukienflytech.vn\/en\/san-pham\/smart-controller-sunshade.html#primaryimage\"},\"thumbnailUrl\":\"https:\/\/phukienflytech.vn\/wp-content\/uploads\/2020\/06\/phu-kien-flycam-dji-mavic-2-pro-zoom-smart-controller-hoc-che-nang-man-hinh-pgytech123.jpg\",\"datePublished\":\"2020-06-20T14:39:50+00:00\",\"dateModified\":\"2022-08-18T08:21:04+00:00\",\"description\":\"Smart controller sunshade is one of the most important accessory. Contact us to buy Smart controller sunshade for best price, good warranty.\",\"breadcrumb\":{\"@id\":\"https:\/\/phukienflytech.vn\/en\/san-pham\/smart-controller-sunshade.html#breadcrumb\"},\"inLanguage\":\"en-US\",\"potentialAction\":[{\"@type\":\"ReadAction\",\"target\":[\"https:\/\/phukienflytech.vn\/en\/san-pham\/smart-controller-sunshade.html\"]}]},{\"@type\":\"ImageObject\",\"inLanguage\":\"en-US\",\"@id\":\"https:\/\/phukienflytech.vn\/en\/san-pham\/smart-controller-sunshade.html#primaryimage\",\"url\":\"https:\/\/phukienflytech.vn\/wp-content\/uploads\/2020\/06\/phu-kien-flycam-dji-mavic-2-pro-zoom-smart-controller-hoc-che-nang-man-hinh-pgytech123.jpg\",\"contentUrl\":\"https:\/\/phukienflytech.vn\/wp-content\/uploads\/2020\/06\/phu-kien-flycam-dji-mavic-2-pro-zoom-smart-controller-hoc-che-nang-man-hinh-pgytech123.jpg\",\"width\":800,\"height\":800},{\"@type\":\"BreadcrumbList\",\"@id\":\"https:\/\/phukienflytech.vn\/en\/san-pham\/smart-controller-sunshade.html#breadcrumb\",\"itemListElement\":[{\"@type\":\"ListItem\",\"position\":1,\"name\":\"Home\",\"item\":\"https:\/\/phukienflytech.vn\/en\"},{\"@type\":\"ListItem\",\"position\":2,\"name\":\"Ph\u1ee5 ki\u1ec7n Mavic Pro\",\"item\":\"https:\/\/phukienflytech.vn\/en\/phu-kien-mavic-pro.html\"},{\"@type\":\"ListItem\",\"position\":3,\"name\":\"DJI Osmo &amp; Drone's accessories\",\"item\":\"https:\/\/phukienflytech.vn\/en\/danh-muc\/dji-osmo-drones-accessories.html\"},{\"@type\":\"ListItem\",\"position\":4,\"name\":\"Ph\u1ee5 ki\u1ec7n DJI Mavic 2\",\"item\":\"https:\/\/phukienflytech.vn\/en\/danh-muc\/mavic-2s-accessory.html\"},{\"@type\":\"ListItem\",\"position\":5,\"name\":\"Smart controller sunshade &#8211; PGYtech\"}]},{\"@type\":\"WebSite\",\"@id\":\"https:\/\/phukienflytech.vn\/#website\",\"url\":\"https:\/\/phukienflytech.vn\/\",\"name\":\"Shop M\u00e1y \u1ea3nh - Action Camera - Gimbal - Flycam - Ph\u1ee5 ki\u1ec7n\",\"description\":\"Shop M\u00e1y \u1ea3nh - Action Camera - Gimbal - Flycam - Ph\u1ee5 ki\u1ec7n\",\"publisher\":{\"@id\":\"https:\/\/phukienflytech.vn\/#organization\"},\"potentialAction\":[{\"@type\":\"SearchAction\",\"target\":{\"@type\":\"EntryPoint\",\"urlTemplate\":\"https:\/\/phukienflytech.vn\/?s={search_term_string}\"},\"query-input\":{\"@type\":\"PropertyValueSpecification\",\"valueRequired\":true,\"valueName\":\"search_term_string\"}}],\"inLanguage\":\"en-US\"},{\"@type\":\"Organization\",\"@id\":\"https:\/\/phukienflytech.vn\/#organization\",\"name\":\"DJI Store - Shop Drone, Action camera, Gimbal DJI |Phukienflytech\",\"alternateName\":\"DJI Store - Shop Drone, Action camera, Gimbal DJI |Phukienflytech\",\"url\":\"https:\/\/phukienflytech.vn\/\",\"logo\":{\"@type\":\"ImageObject\",\"inLanguage\":\"en-US\",\"@id\":\"https:\/\/phukienflytech.vn\/#\/schema\/logo\/image\/\",\"url\":\"https:\/\/phukienflytech.vn\/wp-content\/uploads\/2020\/05\/hAnh_nan.jpg1_.jpg\",\"contentUrl\":\"https:\/\/phukienflytech.vn\/wp-content\/uploads\/2020\/05\/hAnh_nan.jpg1_.jpg\",\"width\":800,\"height\":450,\"caption\":\"DJI Store - Shop Drone, Action camera, Gimbal DJI |Phukienflytech\"},\"image\":{\"@id\":\"https:\/\/phukienflytech.vn\/#\/schema\/logo\/image\/\"},\"sameAs\":[\"https:\/\/facebook.com\/phukienflycam\",\"https:\/\/www.youtube.com\/@phukienflytech\",\"https:\/\/www.tiktok.com\/@flytech.channel?fbclid=IwY2xjawGjg7BleHRuA2FlbQIxMAABHYVGmlXpuSMs0UB2zTpYvyT4GMVfN2qJa4urF4vkSQ6FAVBwXZtDP30qQA_aem_UwMiDcUvlEbd2tXAmsc8Og\"]}]}<\/script>\n<!-- \/ Yoast SEO plugin. -->","yoast_head_json":{"title":"Smart controller sunshade - Mavic 2 accessory - Available - Original","description":"Smart controller sunshade is one of the most important accessory. Contact us to buy Smart controller sunshade for best price, good warranty.","robots":{"index":"index","follow":"follow","max-snippet":"max-snippet:-1","max-image-preview":"max-image-preview:large","max-video-preview":"max-video-preview:-1"},"canonical":"https:\/\/phukienflytech.vn\/en\/san-pham\/smart-controller-sunshade.html","og_locale":"en_US","og_type":"article","og_title":"Smart controller sunshade - Mavic 2 accessory - Available - Original","og_description":"Smart controller sunshade is one of the most important accessory. Contact us to buy Smart controller sunshade for best price, good warranty.","og_url":"https:\/\/phukienflytech.vn\/en\/san-pham\/smart-controller-sunshade.html","og_site_name":"Shop M\u00e1y \u1ea3nh - Action Camera - Gimbal - Flycam - Ph\u1ee5 ki\u1ec7n","article_publisher":"https:\/\/facebook.com\/phukienflycam","article_modified_time":"2022-08-18T08:21:04+00:00","og_image":[{"width":800,"height":800,"url":"https:\/\/phukienflytech.vn\/wp-content\/uploads\/2020\/06\/phu-kien-flycam-dji-mavic-2-pro-zoom-smart-controller-hoc-che-nang-man-hinh-pgytech123.jpg","type":"image\/jpeg"}],"twitter_card":"summary_large_image","twitter_misc":{"Est. reading time":"2 minutes"},"schema":{"@context":"https:\/\/schema.org","@graph":[{"@type":"WebPage","@id":"https:\/\/phukienflytech.vn\/en\/san-pham\/smart-controller-sunshade.html","url":"https:\/\/phukienflytech.vn\/en\/san-pham\/smart-controller-sunshade.html","name":"Smart controller sunshade - Mavic 2 accessory - Available - Original","isPartOf":{"@id":"https:\/\/phukienflytech.vn\/#website"},"primaryImageOfPage":{"@id":"https:\/\/phukienflytech.vn\/en\/san-pham\/smart-controller-sunshade.html#primaryimage"},"image":{"@id":"https:\/\/phukienflytech.vn\/en\/san-pham\/smart-controller-sunshade.html#primaryimage"},"thumbnailUrl":"https:\/\/phukienflytech.vn\/wp-content\/uploads\/2020\/06\/phu-kien-flycam-dji-mavic-2-pro-zoom-smart-controller-hoc-che-nang-man-hinh-pgytech123.jpg","datePublished":"2020-06-20T14:39:50+00:00","dateModified":"2022-08-18T08:21:04+00:00","description":"Smart controller sunshade is one of the most important accessory. Contact us to buy Smart controller sunshade for best price, good warranty.","breadcrumb":{"@id":"https:\/\/phukienflytech.vn\/en\/san-pham\/smart-controller-sunshade.html#breadcrumb"},"inLanguage":"en-US","potentialAction":[{"@type":"ReadAction","target":["https:\/\/phukienflytech.vn\/en\/san-pham\/smart-controller-sunshade.html"]}]},{"@type":"ImageObject","inLanguage":"en-US","@id":"https:\/\/phukienflytech.vn\/en\/san-pham\/smart-controller-sunshade.html#primaryimage","url":"https:\/\/phukienflytech.vn\/wp-content\/uploads\/2020\/06\/phu-kien-flycam-dji-mavic-2-pro-zoom-smart-controller-hoc-che-nang-man-hinh-pgytech123.jpg","contentUrl":"https:\/\/phukienflytech.vn\/wp-content\/uploads\/2020\/06\/phu-kien-flycam-dji-mavic-2-pro-zoom-smart-controller-hoc-che-nang-man-hinh-pgytech123.jpg","width":800,"height":800},{"@type":"BreadcrumbList","@id":"https:\/\/phukienflytech.vn\/en\/san-pham\/smart-controller-sunshade.html#breadcrumb","itemListElement":[{"@type":"ListItem","position":1,"name":"Home","item":"https:\/\/phukienflytech.vn\/en"},{"@type":"ListItem","position":2,"name":"Ph\u1ee5 ki\u1ec7n Mavic Pro","item":"https:\/\/phukienflytech.vn\/en\/phu-kien-mavic-pro.html"},{"@type":"ListItem","position":3,"name":"DJI Osmo &amp; Drone's accessories","item":"https:\/\/phukienflytech.vn\/en\/danh-muc\/dji-osmo-drones-accessories.html"},{"@type":"ListItem","position":4,"name":"Ph\u1ee5 ki\u1ec7n DJI Mavic 2","item":"https:\/\/phukienflytech.vn\/en\/danh-muc\/mavic-2s-accessory.html"},{"@type":"ListItem","position":5,"name":"Smart controller sunshade &#8211; PGYtech"}]},{"@type":"WebSite","@id":"https:\/\/phukienflytech.vn\/#website","url":"https:\/\/phukienflytech.vn\/","name":"Shop M\u00e1y \u1ea3nh - Action Camera - Gimbal - Flycam - Ph\u1ee5 ki\u1ec7n","description":"Shop M\u00e1y \u1ea3nh - Action Camera - Gimbal - Flycam - Ph\u1ee5 ki\u1ec7n","publisher":{"@id":"https:\/\/phukienflytech.vn\/#organization"},"potentialAction":[{"@type":"SearchAction","target":{"@type":"EntryPoint","urlTemplate":"https:\/\/phukienflytech.vn\/?s={search_term_string}"},"query-input":{"@type":"PropertyValueSpecification","valueRequired":true,"valueName":"search_term_string"}}],"inLanguage":"en-US"},{"@type":"Organization","@id":"https:\/\/phukienflytech.vn\/#organization","name":"DJI Store - Shop Drone, Action camera, Gimbal DJI |Phukienflytech","alternateName":"DJI Store - Shop Drone, Action camera, Gimbal DJI |Phukienflytech","url":"https:\/\/phukienflytech.vn\/","logo":{"@type":"ImageObject","inLanguage":"en-US","@id":"https:\/\/phukienflytech.vn\/#\/schema\/logo\/image\/","url":"https:\/\/phukienflytech.vn\/wp-content\/uploads\/2020\/05\/hAnh_nan.jpg1_.jpg","contentUrl":"https:\/\/phukienflytech.vn\/wp-content\/uploads\/2020\/05\/hAnh_nan.jpg1_.jpg","width":800,"height":450,"caption":"DJI Store - Shop Drone, Action camera, Gimbal DJI |Phukienflytech"},"image":{"@id":"https:\/\/phukienflytech.vn\/#\/schema\/logo\/image\/"},"sameAs":["https:\/\/facebook.com\/phukienflycam","https:\/\/www.youtube.com\/@phukienflytech","https:\/\/www.tiktok.com\/@flytech.channel?fbclid=IwY2xjawGjg7BleHRuA2FlbQIxMAABHYVGmlXpuSMs0UB2zTpYvyT4GMVfN2qJa4urF4vkSQ6FAVBwXZtDP30qQA_aem_UwMiDcUvlEbd2tXAmsc8Og"]}]}},"_links":{"self":[{"href":"https:\/\/phukienflytech.vn\/en\/wp-json\/wp\/v2\/product\/4869","targetHints":{"allow":["GET"]}}],"collection":[{"href":"https:\/\/phukienflytech.vn\/en\/wp-json\/wp\/v2\/product"}],"about":[{"href":"https:\/\/phukienflytech.vn\/en\/wp-json\/wp\/v2\/types\/product"}],"replies":[{"embeddable":true,"href":"https:\/\/phukienflytech.vn\/en\/wp-json\/wp\/v2\/comments?post=4869"}],"wp:featuredmedia":[{"embeddable":true,"href":"https:\/\/phukienflytech.vn\/en\/wp-json\/wp\/v2\/media\/20223"}],"wp:attachment":[{"href":"https:\/\/phukienflytech.vn\/en\/wp-json\/wp\/v2\/media?parent=4869"}],"wp:term":[{"taxonomy":"product_brand","embeddable":true,"href":"https:\/\/phukienflytech.vn\/en\/wp-json\/wp\/v2\/product_brand?post=4869"},{"taxonomy":"product_cat","embeddable":true,"href":"https:\/\/phukienflytech.vn\/en\/wp-json\/wp\/v2\/product_cat?post=4869"},{"taxonomy":"product_tag","embeddable":true,"href":"https:\/\/phukienflytech.vn\/en\/wp-json\/wp\/v2\/product_tag?post=4869"}],"curies":[{"name":"wp","href":"https:\/\/api.w.org\/{rel}","templated":true}]}}