{"id":4885,"date":"2020-06-20T21:45:02","date_gmt":"2020-06-20T14:45:02","guid":{"rendered":"http:\/\/27430.lamdx.vinawebsite.vn\/san-pham\/bo-bao-ve-canh-led-mavic-2-thong-minh-pgytech.html"},"modified":"2022-08-18T15:31:36","modified_gmt":"2022-08-18T08:31:36","slug":"mavic-2-led-lamp-pgytech","status":"publish","type":"product","link":"https:\/\/phukienflytech.vn\/en\/san-pham\/mavic-2-led-lamp-pgytech.html","title":{"rendered":"Mavic 2 Landing Gear Extensions LED Head Lamp Light Set &#8211; PGYtech"},"content":{"rendered":"<h2><span style=\"color: #0000ff;\"><em><strong><span style=\"font-size: 24px;\">Mavic 2 LED lamp PGYtech<\/span><\/strong><\/em><\/span><\/h2>\n<p>&nbsp;<\/p>\n<p><span style=\"font-size: 18px;\">Mavic 2 LED lamp PGYtech<\/span><\/p>\n<p><span style=\"font-size: 18px;\">Ph\u1ee5 ki\u1ec7n mavic 2 pro zoom<a href=\"https:\/\/phukienflytech.vn\/danh-muc\/phu-kien-mavic-2.html\" target=\"_blank\" rel=\"noopener noreferrer\"> t\u1ea1i \u0111\u00e2y !<\/a><\/span><\/p>\n<h2><span style=\"font-size: 18px;\"><strong><span style=\"color: #0000ff;\"><img loading=\"lazy\" decoding=\"async\" class=\"alignnone wp-image-11914 \" src=\"https:\/\/phukienflytech.vn\/wp-content\/uploads\/2020\/05\/bo-bao-ve-canh-led-mavic-2-thong-minh-pgytech-4862-7.jpg\" alt=\"Mavic-2-LED-lamp-PGYtech-7\" width=\"474\" height=\"371\" \/><\/span><\/strong><\/span><\/h2>\n<p><span style=\"font-size: 18px;\">B\u00ean c\u1ea1nh vi\u1ec7c b\u1ea3o v\u1ec7 c\u00e1nh c\u1ee7a chi\u1ebfc drone c\u1ee7a b\u1ea1n kh\u1ecfi nh\u1eefng h\u1ecfng h\u00f3c, va \u0111\u1eadp trong qu\u00e1 tr\u00ecnh bay,\u00a0b\u1ed9 b\u1ea3o v\u1ec7 c\u00e1nh mavic 2\u00a0c\u00f2n gi\u00fap chi\u1ebfc drone c\u1ee7a b\u1ea1n t\u1ea1o \u0111\u01b0\u1ee3c v\u1ebb ngo\u00e0i \u1ea5n t\u01b0\u1ee3ng h\u01a1n trong qu\u00e1 tr\u00ecnh bay.<\/span><\/p>\n<h2><span style=\"font-size: 18px;\"><strong><span style=\"color: #0000ff;\"><img loading=\"lazy\" decoding=\"async\" class=\"alignnone wp-image-11916 \" src=\"https:\/\/phukienflytech.vn\/wp-content\/uploads\/2020\/05\/bo-bao-ve-canh-led-mavic-2-thong-minh-pgytech-4862-1-1-280x228.jpg\" alt=\"Mavic-2-LED-lamp-PGYtech-1\" width=\"461\" height=\"375\" \/><\/span><\/strong><\/span><\/h2>\n<p><span style=\"font-size: 18px;\">V\u1edbi thi\u1ebft k\u1ebf th\u00f4ng minh, ch\u1ea5t li\u1ec7u nh\u1ef1a abs ch\u1ea5t l\u01b0\u1ee3ng ng\u01b0\u1eddi d\u00f9ng c\u00f3 th\u1ec3 l\u1eafp \u0111\u1eb7t c\u0169ng nh\u01b0 s\u1eed d\u1ee5ng\u00a0b\u1ed9 b\u1ea3o v\u1ec7 c\u00e1nh\u00a0Mavic 2 pro zoom\u00a0m\u1ed9t c\u00e1ch d\u1ec5 d\u00e0ng, \u0111\u01a1n gi\u1ea3n, nhanh ch\u00f3ng m\u00e0 kh\u00f4ng \u1ea3nh h\u01b0\u1edfng g\u00ec \u0111\u1ebfn th\u1eddi gian bay.<\/span><\/p>\n<h2><span style=\"font-size: 18px;\"><strong><span style=\"color: #0000ff;\"><img loading=\"lazy\" decoding=\"async\" class=\"alignnone wp-image-11918\" src=\"https:\/\/phukienflytech.vn\/wp-content\/uploads\/2020\/05\/bo-bao-ve-canh-led-mavic-2-thong-minh-pgytech-4862-2-1-280x256.jpg\" alt=\"Mavic-2-LED-lamp-PGYtech-6\" width=\"465\" height=\"425\" \/><\/span><\/strong><\/span><\/h2>\n<p><span style=\"font-size: 18px;\">\u0110i\u1ec3m \u1ea5n t\u01b0\u1ee3ng nh\u1ea5t m\u00e0 s\u1ea3n ph\u1ea9m mang l\u1ea1i c\u00f3 l\u1ebd ch\u00ednh l\u00e0 ch\u1ebf \u0111\u1ed9 14 m\u00e0u kh\u00e1c nhau, t\u1ea1o n\u00ean hi\u1ec7u \u1ee9ng m\u00e0u tuy\u1ec7t \u0111\u1eb9p khi chi\u1ebfc drone c\u1ee7a b\u1ea1n bay tr\u00ean b\u1ea7u tr\u1eddi..<\/span><\/p>\n<h2><span style=\"font-size: 18px;\"><strong><span style=\"color: #0000ff;\"><img loading=\"lazy\" decoding=\"async\" class=\"alignnone size-medium wp-image-11920\" src=\"https:\/\/phukienflytech.vn\/wp-content\/uploads\/2020\/05\/bo-bao-ve-canh-led-mavic-2-thong-minh-pgytech-4862-3-1.jpg\" alt=\"\" width=\"450\" height=\"393\" \/><\/span><\/strong><\/span><\/h2>\n<p><span style=\"font-size: 18px;\">Chi ti\u1ebft c\u1ee7a\u00a0b\u1ed9 b\u1ea3o v\u1ec7 c\u00e1nh mavic 2\u00a0PGYtech<\/span><\/p>\n<p><span style=\"font-size: 18px;\"><iframe loading=\"lazy\" src=\"https:\/\/www.youtube.com\/embed\/jpDm-Zee37A\" width=\"560\" height=\"314\" allowfullscreen=\"allowfullscreen\" data-mce-fragment=\"1\"><\/iframe><\/span><\/p>\n<p>&nbsp;<\/p>\n<h2><span style=\"font-size: 21px;\"><strong><span style=\"color: #0000ff;\">Th\u00f4ng s\u1ed1 Mavic 2 LED lamp PGYtech<\/span><\/strong><\/span><\/h2>\n<ul>\n<li><span style=\"font-size: 18px;\">Tr\u1ecdng l\u01b0\u1ee3ng c\u1ea3 h\u1ed9p: 250g<\/span><\/li>\n<li><span style=\"font-size: 18px;\">Tr\u1ecdng l\u01b0\u1ee3ng s\u1ea3n ph\u1ea9m : 100g<\/span><\/li>\n<li><span style=\"font-size: 18px;\">Ch\u1ea5t li\u1ec7u: ABS<\/span><\/li>\n<li><span style=\"font-size: 18px;\">Th\u1eddi l\u01b0\u1ee3ng pin: 45 ph\u00fat khi \u1edf ch\u1ebf \u0111\u1ed9 m\u00e0u c\u1ed1 \u0111\u1ecbnh, 80 ph\u00fat khi \u1edf ch\u1ebf \u0111\u1ed9 m\u00e0u nh\u1ea5p nh\u00e1y.<\/span><\/li>\n<li><span style=\"font-size: 18px;\">D\u1ec5 d\u00e0ng th\u00e1o l\u1eafp khi s\u1eed d\u1ee5ng.<\/span><\/li>\n<\/ul>\n<h2><span style=\"font-size: 18px;\"><strong><span style=\"color: #0000ff;\"><img loading=\"lazy\" decoding=\"async\" class=\"alignnone wp-image-11922\" src=\"https:\/\/phukienflytech.vn\/wp-content\/uploads\/2020\/05\/bo-bao-ve-canh-led-mavic-2-thong-minh-pgytech-4862-4-1.jpg\" alt=\"\" width=\"531\" height=\"224\" \/><\/span><\/strong><\/span><\/h2>\n<h2><span style=\"font-size: 18px;\"><strong><span style=\"color: #0000ff;\"><img loading=\"lazy\" decoding=\"async\" class=\"alignnone size-medium wp-image-11924\" src=\"https:\/\/phukienflytech.vn\/wp-content\/uploads\/2020\/05\/bo-bao-ve-canh-led-mavic-2-thong-minh-pgytech-4862-5-1.jpg\" alt=\"\" width=\"450\" height=\"271\" \/><\/span><\/strong><\/span><\/h2>\n<h2><span style=\"font-size: 18px;\"><strong><span style=\"color: #0000ff;\"><img loading=\"lazy\" decoding=\"async\" class=\"alignnone wp-image-11926 \" src=\"https:\/\/phukienflytech.vn\/wp-content\/uploads\/2020\/05\/bo-bao-ve-canh-led-mavic-2-thong-minh-pgytech-4862-6-1-280x245.jpg\" alt=\"Mavic-2-LED-lamp-PGYtech\" width=\"472\" height=\"413\" \/><\/span><\/strong><\/span><\/h2>\n<h2><span style=\"font-size: 21px;\"><strong><span style=\"color: #0000ff;\">Mua ph\u1ee5 ki\u1ec7n DJI mavic 2 pro zoom\u00a0\u1edf \u0111\u00e2u?<\/span><\/strong><\/span><\/h2>\n<p><span style=\"font-size: 18px;\">N\u1ebfu b\u1ea1n v\u1eabn \u0111ang ph\u00e2n v\u00e2n kh\u00f4ng bi\u1ebft c\u00f3 th\u1ec3 t\u00ecm mua \u0111\u01b0\u1ee3c\u00a0nh\u1eefng ph\u1ee5 ki\u1ec7n dji mavic 2 pro zoom\u00a0ch\u1ea5t l\u01b0\u1ee3ng nh\u1ea5t m\u00e0 kh\u00f4ng c\u1ea7n lo l\u1eafng gi\u00e1 c\u1ee7a s\u1ea3n ph\u1ea9m \u1edf \u0111\u00e2u th\u00ec ph\u1ee5 ki\u1ec7n flycam gi\u00e1 t\u1ed1t ch\u00ednh l\u00e0 n\u01a1i ph\u00f9 h\u1ee3p d\u00e0nh cho b\u1ea1n. H\u00e3y \u0111\u1ebfn v\u1edbi ph\u1ee5 ki\u1ec7n fly-cam gi\u00e1 t\u1ed1t \u0111\u1ec3 c\u00f3 \u0111\u01b0\u1ee3c\u00a0gi\u00e1 mavic 2 pro,\u00a0gi\u00e1 mavic 2 zoom,..c\u00f9ng v\u1edbi ch\u1ea5t l\u01b0\u1ee3ng t\u1ed1t nh\u1ea5t.<\/span><\/p>\n<p><span style=\"font-size: 18px;\">Li\u00ean h\u1ec7 v\u1edbi ch\u00fang t\u00f4i qua<span style=\"font-size: 20px;\"> <a href=\"https:\/\/www.facebook.com\/phukienflycam\" target=\"_blank\" rel=\"noopener noreferrer\">Fanpage<\/a> <\/span>n\u00e0y \u0111\u1ec3 \u0111\u01b0\u1ee3c t\u01b0 v\u1ea5n th\u00eam.<\/span><\/p>\n","protected":false},"excerpt":{"rendered":"<p>Mavic 2 LED lamp PGYtech &nbsp; Mavic 2 LED lamp PGYtech Ph\u1ee5 ki\u1ec7n mavic 2 pro zoom t\u1ea1i \u0111\u00e2y ! B\u00ean c\u1ea1nh vi\u1ec7c b\u1ea3o v\u1ec7 c\u00e1nh c\u1ee7a chi\u1ebfc drone c\u1ee7a b\u1ea1n kh\u1ecfi nh\u1eefng h\u1ecfng h\u00f3c, va \u0111\u1eadp trong qu\u00e1 tr\u00ecnh bay,\u00a0b\u1ed9 b\u1ea3o v\u1ec7 c\u00e1nh mavic 2\u00a0c\u00f2n gi\u00fap chi\u1ebfc drone c\u1ee7a b\u1ea1n t\u1ea1o \u0111\u01b0\u1ee3c v\u1ebb ngo\u00e0i &#8230;<\/p>\n","protected":false},"featured_media":4887,"comment_status":"open","ping_status":"closed","template":"","meta":{"_acf_changed":false},"product_brand":[],"product_cat":[177],"product_tag":[206,209,223],"class_list":{"0":"post-4885","1":"product","2":"type-product","3":"status-publish","4":"has-post-thumbnail","6":"product_cat-mavic-2s-accessory","7":"product_tag-phu-kien-dji-en","8":"product_tag-phu-kien-mavic-2-en","9":"product_tag-phu-kien-mavic-pro-en","11":"first","12":"instock","13":"shipping-taxable","14":"purchasable","15":"product-type-simple"},"acf":[],"yoast_head":"<!-- This site is optimized with the Yoast SEO plugin v25.7 - https:\/\/yoast.com\/wordpress\/plugins\/seo\/ -->\n<title>Mavic 2 LED lamp PGYtech - Mavic 2 accessory - Available - Original<\/title>\n<meta name=\"description\" content=\"Mavic 2 LED lamp PGYtech is one of the most important accessory. Contact us to buy Mavic 2 LED lamp PGYtech for best price, good warranty.\" \/>\n<meta name=\"robots\" content=\"index, follow, max-snippet:-1, max-image-preview:large, max-video-preview:-1\" \/>\n<link rel=\"canonical\" href=\"https:\/\/phukienflytech.vn\/en\/san-pham\/mavic-2-led-lamp-pgytech.html\" \/>\n<meta property=\"og:locale\" content=\"en_US\" \/>\n<meta property=\"og:type\" content=\"article\" \/>\n<meta property=\"og:title\" content=\"Mavic 2 LED lamp PGYtech - Mavic 2 accessory - Available - Original\" \/>\n<meta property=\"og:description\" content=\"Mavic 2 LED lamp PGYtech is one of the most important accessory. Contact us to buy Mavic 2 LED lamp PGYtech for best price, good warranty.\" \/>\n<meta property=\"og:url\" content=\"https:\/\/phukienflytech.vn\/en\/san-pham\/mavic-2-led-lamp-pgytech.html\" \/>\n<meta property=\"og:site_name\" content=\"Shop M\u00e1y \u1ea3nh - Action Camera - Gimbal - Flycam - Ph\u1ee5 ki\u1ec7n\" \/>\n<meta property=\"article:publisher\" content=\"https:\/\/facebook.com\/phukienflycam\" \/>\n<meta property=\"article:modified_time\" content=\"2022-08-18T08:31:36+00:00\" \/>\n<meta property=\"og:image\" content=\"https:\/\/phukienflytech.vn\/wp-content\/uploads\/2020\/05\/phu-kien-flycam-dji-mavic-2-pro-zoom-bao-ve-canh-led-pgytech1.png\" \/>\n\t<meta property=\"og:image:width\" content=\"300\" \/>\n\t<meta property=\"og:image:height\" content=\"300\" \/>\n\t<meta property=\"og:image:type\" content=\"image\/png\" \/>\n<meta name=\"twitter:card\" content=\"summary_large_image\" \/>\n<meta name=\"twitter:label1\" content=\"Est. reading time\" \/>\n\t<meta name=\"twitter:data1\" content=\"2 minutes\" \/>\n<script type=\"application\/ld+json\" class=\"yoast-schema-graph\">{\"@context\":\"https:\/\/schema.org\",\"@graph\":[{\"@type\":\"WebPage\",\"@id\":\"https:\/\/phukienflytech.vn\/en\/san-pham\/mavic-2-led-lamp-pgytech.html\",\"url\":\"https:\/\/phukienflytech.vn\/en\/san-pham\/mavic-2-led-lamp-pgytech.html\",\"name\":\"Mavic 2 LED lamp PGYtech - Mavic 2 accessory - Available - Original\",\"isPartOf\":{\"@id\":\"https:\/\/phukienflytech.vn\/#website\"},\"primaryImageOfPage\":{\"@id\":\"https:\/\/phukienflytech.vn\/en\/san-pham\/mavic-2-led-lamp-pgytech.html#primaryimage\"},\"image\":{\"@id\":\"https:\/\/phukienflytech.vn\/en\/san-pham\/mavic-2-led-lamp-pgytech.html#primaryimage\"},\"thumbnailUrl\":\"https:\/\/phukienflytech.vn\/wp-content\/uploads\/2020\/05\/phu-kien-flycam-dji-mavic-2-pro-zoom-bao-ve-canh-led-pgytech1.png\",\"datePublished\":\"2020-06-20T14:45:02+00:00\",\"dateModified\":\"2022-08-18T08:31:36+00:00\",\"description\":\"Mavic 2 LED lamp PGYtech is one of the most important accessory. Contact us to buy Mavic 2 LED lamp PGYtech for best price, good warranty.\",\"breadcrumb\":{\"@id\":\"https:\/\/phukienflytech.vn\/en\/san-pham\/mavic-2-led-lamp-pgytech.html#breadcrumb\"},\"inLanguage\":\"en-US\",\"potentialAction\":[{\"@type\":\"ReadAction\",\"target\":[\"https:\/\/phukienflytech.vn\/en\/san-pham\/mavic-2-led-lamp-pgytech.html\"]}]},{\"@type\":\"ImageObject\",\"inLanguage\":\"en-US\",\"@id\":\"https:\/\/phukienflytech.vn\/en\/san-pham\/mavic-2-led-lamp-pgytech.html#primaryimage\",\"url\":\"https:\/\/phukienflytech.vn\/wp-content\/uploads\/2020\/05\/phu-kien-flycam-dji-mavic-2-pro-zoom-bao-ve-canh-led-pgytech1.png\",\"contentUrl\":\"https:\/\/phukienflytech.vn\/wp-content\/uploads\/2020\/05\/phu-kien-flycam-dji-mavic-2-pro-zoom-bao-ve-canh-led-pgytech1.png\",\"width\":300,\"height\":300},{\"@type\":\"BreadcrumbList\",\"@id\":\"https:\/\/phukienflytech.vn\/en\/san-pham\/mavic-2-led-lamp-pgytech.html#breadcrumb\",\"itemListElement\":[{\"@type\":\"ListItem\",\"position\":1,\"name\":\"Home\",\"item\":\"https:\/\/phukienflytech.vn\/en\"},{\"@type\":\"ListItem\",\"position\":2,\"name\":\"Ph\u1ee5 ki\u1ec7n Mavic Pro\",\"item\":\"https:\/\/phukienflytech.vn\/en\/phu-kien-mavic-pro.html\"},{\"@type\":\"ListItem\",\"position\":3,\"name\":\"DJI Osmo &amp; Drone's accessories\",\"item\":\"https:\/\/phukienflytech.vn\/en\/danh-muc\/dji-osmo-drones-accessories.html\"},{\"@type\":\"ListItem\",\"position\":4,\"name\":\"Ph\u1ee5 ki\u1ec7n DJI Mavic 2\",\"item\":\"https:\/\/phukienflytech.vn\/en\/danh-muc\/mavic-2s-accessory.html\"},{\"@type\":\"ListItem\",\"position\":5,\"name\":\"Mavic 2 Landing Gear Extensions LED Head Lamp Light Set &#8211; PGYtech\"}]},{\"@type\":\"WebSite\",\"@id\":\"https:\/\/phukienflytech.vn\/#website\",\"url\":\"https:\/\/phukienflytech.vn\/\",\"name\":\"Shop M\u00e1y \u1ea3nh - Action Camera - Gimbal - Flycam - Ph\u1ee5 ki\u1ec7n\",\"description\":\"Shop M\u00e1y \u1ea3nh - Action Camera - Gimbal - Flycam - Ph\u1ee5 ki\u1ec7n\",\"publisher\":{\"@id\":\"https:\/\/phukienflytech.vn\/#organization\"},\"potentialAction\":[{\"@type\":\"SearchAction\",\"target\":{\"@type\":\"EntryPoint\",\"urlTemplate\":\"https:\/\/phukienflytech.vn\/?s={search_term_string}\"},\"query-input\":{\"@type\":\"PropertyValueSpecification\",\"valueRequired\":true,\"valueName\":\"search_term_string\"}}],\"inLanguage\":\"en-US\"},{\"@type\":\"Organization\",\"@id\":\"https:\/\/phukienflytech.vn\/#organization\",\"name\":\"DJI Store - Shop Drone, Action camera, Gimbal DJI |Phukienflytech\",\"alternateName\":\"DJI Store - Shop Drone, Action camera, Gimbal DJI |Phukienflytech\",\"url\":\"https:\/\/phukienflytech.vn\/\",\"logo\":{\"@type\":\"ImageObject\",\"inLanguage\":\"en-US\",\"@id\":\"https:\/\/phukienflytech.vn\/#\/schema\/logo\/image\/\",\"url\":\"https:\/\/phukienflytech.vn\/wp-content\/uploads\/2020\/05\/hAnh_nan.jpg1_.jpg\",\"contentUrl\":\"https:\/\/phukienflytech.vn\/wp-content\/uploads\/2020\/05\/hAnh_nan.jpg1_.jpg\",\"width\":800,\"height\":450,\"caption\":\"DJI Store - Shop Drone, Action camera, Gimbal DJI |Phukienflytech\"},\"image\":{\"@id\":\"https:\/\/phukienflytech.vn\/#\/schema\/logo\/image\/\"},\"sameAs\":[\"https:\/\/facebook.com\/phukienflycam\",\"https:\/\/www.youtube.com\/@phukienflytech\",\"https:\/\/www.tiktok.com\/@flytech.channel?fbclid=IwY2xjawGjg7BleHRuA2FlbQIxMAABHYVGmlXpuSMs0UB2zTpYvyT4GMVfN2qJa4urF4vkSQ6FAVBwXZtDP30qQA_aem_UwMiDcUvlEbd2tXAmsc8Og\"]}]}<\/script>\n<!-- \/ Yoast SEO plugin. -->","yoast_head_json":{"title":"Mavic 2 LED lamp PGYtech - Mavic 2 accessory - Available - Original","description":"Mavic 2 LED lamp PGYtech is one of the most important accessory. Contact us to buy Mavic 2 LED lamp PGYtech for best price, good warranty.","robots":{"index":"index","follow":"follow","max-snippet":"max-snippet:-1","max-image-preview":"max-image-preview:large","max-video-preview":"max-video-preview:-1"},"canonical":"https:\/\/phukienflytech.vn\/en\/san-pham\/mavic-2-led-lamp-pgytech.html","og_locale":"en_US","og_type":"article","og_title":"Mavic 2 LED lamp PGYtech - Mavic 2 accessory - Available - Original","og_description":"Mavic 2 LED lamp PGYtech is one of the most important accessory. Contact us to buy Mavic 2 LED lamp PGYtech for best price, good warranty.","og_url":"https:\/\/phukienflytech.vn\/en\/san-pham\/mavic-2-led-lamp-pgytech.html","og_site_name":"Shop M\u00e1y \u1ea3nh - Action Camera - Gimbal - Flycam - Ph\u1ee5 ki\u1ec7n","article_publisher":"https:\/\/facebook.com\/phukienflycam","article_modified_time":"2022-08-18T08:31:36+00:00","og_image":[{"width":300,"height":300,"url":"https:\/\/phukienflytech.vn\/wp-content\/uploads\/2020\/05\/phu-kien-flycam-dji-mavic-2-pro-zoom-bao-ve-canh-led-pgytech1.png","type":"image\/png"}],"twitter_card":"summary_large_image","twitter_misc":{"Est. reading time":"2 minutes"},"schema":{"@context":"https:\/\/schema.org","@graph":[{"@type":"WebPage","@id":"https:\/\/phukienflytech.vn\/en\/san-pham\/mavic-2-led-lamp-pgytech.html","url":"https:\/\/phukienflytech.vn\/en\/san-pham\/mavic-2-led-lamp-pgytech.html","name":"Mavic 2 LED lamp PGYtech - Mavic 2 accessory - Available - Original","isPartOf":{"@id":"https:\/\/phukienflytech.vn\/#website"},"primaryImageOfPage":{"@id":"https:\/\/phukienflytech.vn\/en\/san-pham\/mavic-2-led-lamp-pgytech.html#primaryimage"},"image":{"@id":"https:\/\/phukienflytech.vn\/en\/san-pham\/mavic-2-led-lamp-pgytech.html#primaryimage"},"thumbnailUrl":"https:\/\/phukienflytech.vn\/wp-content\/uploads\/2020\/05\/phu-kien-flycam-dji-mavic-2-pro-zoom-bao-ve-canh-led-pgytech1.png","datePublished":"2020-06-20T14:45:02+00:00","dateModified":"2022-08-18T08:31:36+00:00","description":"Mavic 2 LED lamp PGYtech is one of the most important accessory. Contact us to buy Mavic 2 LED lamp PGYtech for best price, good warranty.","breadcrumb":{"@id":"https:\/\/phukienflytech.vn\/en\/san-pham\/mavic-2-led-lamp-pgytech.html#breadcrumb"},"inLanguage":"en-US","potentialAction":[{"@type":"ReadAction","target":["https:\/\/phukienflytech.vn\/en\/san-pham\/mavic-2-led-lamp-pgytech.html"]}]},{"@type":"ImageObject","inLanguage":"en-US","@id":"https:\/\/phukienflytech.vn\/en\/san-pham\/mavic-2-led-lamp-pgytech.html#primaryimage","url":"https:\/\/phukienflytech.vn\/wp-content\/uploads\/2020\/05\/phu-kien-flycam-dji-mavic-2-pro-zoom-bao-ve-canh-led-pgytech1.png","contentUrl":"https:\/\/phukienflytech.vn\/wp-content\/uploads\/2020\/05\/phu-kien-flycam-dji-mavic-2-pro-zoom-bao-ve-canh-led-pgytech1.png","width":300,"height":300},{"@type":"BreadcrumbList","@id":"https:\/\/phukienflytech.vn\/en\/san-pham\/mavic-2-led-lamp-pgytech.html#breadcrumb","itemListElement":[{"@type":"ListItem","position":1,"name":"Home","item":"https:\/\/phukienflytech.vn\/en"},{"@type":"ListItem","position":2,"name":"Ph\u1ee5 ki\u1ec7n Mavic Pro","item":"https:\/\/phukienflytech.vn\/en\/phu-kien-mavic-pro.html"},{"@type":"ListItem","position":3,"name":"DJI Osmo &amp; Drone's accessories","item":"https:\/\/phukienflytech.vn\/en\/danh-muc\/dji-osmo-drones-accessories.html"},{"@type":"ListItem","position":4,"name":"Ph\u1ee5 ki\u1ec7n DJI Mavic 2","item":"https:\/\/phukienflytech.vn\/en\/danh-muc\/mavic-2s-accessory.html"},{"@type":"ListItem","position":5,"name":"Mavic 2 Landing Gear Extensions LED Head Lamp Light Set &#8211; PGYtech"}]},{"@type":"WebSite","@id":"https:\/\/phukienflytech.vn\/#website","url":"https:\/\/phukienflytech.vn\/","name":"Shop M\u00e1y \u1ea3nh - Action Camera - Gimbal - Flycam - Ph\u1ee5 ki\u1ec7n","description":"Shop M\u00e1y \u1ea3nh - Action Camera - Gimbal - Flycam - Ph\u1ee5 ki\u1ec7n","publisher":{"@id":"https:\/\/phukienflytech.vn\/#organization"},"potentialAction":[{"@type":"SearchAction","target":{"@type":"EntryPoint","urlTemplate":"https:\/\/phukienflytech.vn\/?s={search_term_string}"},"query-input":{"@type":"PropertyValueSpecification","valueRequired":true,"valueName":"search_term_string"}}],"inLanguage":"en-US"},{"@type":"Organization","@id":"https:\/\/phukienflytech.vn\/#organization","name":"DJI Store - Shop Drone, Action camera, Gimbal DJI |Phukienflytech","alternateName":"DJI Store - Shop Drone, Action camera, Gimbal DJI |Phukienflytech","url":"https:\/\/phukienflytech.vn\/","logo":{"@type":"ImageObject","inLanguage":"en-US","@id":"https:\/\/phukienflytech.vn\/#\/schema\/logo\/image\/","url":"https:\/\/phukienflytech.vn\/wp-content\/uploads\/2020\/05\/hAnh_nan.jpg1_.jpg","contentUrl":"https:\/\/phukienflytech.vn\/wp-content\/uploads\/2020\/05\/hAnh_nan.jpg1_.jpg","width":800,"height":450,"caption":"DJI Store - Shop Drone, Action camera, Gimbal DJI |Phukienflytech"},"image":{"@id":"https:\/\/phukienflytech.vn\/#\/schema\/logo\/image\/"},"sameAs":["https:\/\/facebook.com\/phukienflycam","https:\/\/www.youtube.com\/@phukienflytech","https:\/\/www.tiktok.com\/@flytech.channel?fbclid=IwY2xjawGjg7BleHRuA2FlbQIxMAABHYVGmlXpuSMs0UB2zTpYvyT4GMVfN2qJa4urF4vkSQ6FAVBwXZtDP30qQA_aem_UwMiDcUvlEbd2tXAmsc8Og"]}]}},"_links":{"self":[{"href":"https:\/\/phukienflytech.vn\/en\/wp-json\/wp\/v2\/product\/4885","targetHints":{"allow":["GET"]}}],"collection":[{"href":"https:\/\/phukienflytech.vn\/en\/wp-json\/wp\/v2\/product"}],"about":[{"href":"https:\/\/phukienflytech.vn\/en\/wp-json\/wp\/v2\/types\/product"}],"replies":[{"embeddable":true,"href":"https:\/\/phukienflytech.vn\/en\/wp-json\/wp\/v2\/comments?post=4885"}],"wp:featuredmedia":[{"embeddable":true,"href":"https:\/\/phukienflytech.vn\/en\/wp-json\/wp\/v2\/media\/4887"}],"wp:attachment":[{"href":"https:\/\/phukienflytech.vn\/en\/wp-json\/wp\/v2\/media?parent=4885"}],"wp:term":[{"taxonomy":"product_brand","embeddable":true,"href":"https:\/\/phukienflytech.vn\/en\/wp-json\/wp\/v2\/product_brand?post=4885"},{"taxonomy":"product_cat","embeddable":true,"href":"https:\/\/phukienflytech.vn\/en\/wp-json\/wp\/v2\/product_cat?post=4885"},{"taxonomy":"product_tag","embeddable":true,"href":"https:\/\/phukienflytech.vn\/en\/wp-json\/wp\/v2\/product_tag?post=4885"}],"curies":[{"name":"wp","href":"https:\/\/api.w.org\/{rel}","templated":true}]}}