{"id":4903,"date":"2020-06-20T21:53:33","date_gmt":"2020-06-20T14:53:33","guid":{"rendered":"http:\/\/27430.lamdx.vinawebsite.vn\/san-pham\/combo-phu-kien-dji-mavic-2-pro-zoom-pgytech.html"},"modified":"2022-08-18T14:34:56","modified_gmt":"2022-08-18T07:34:56","slug":"mavic-2-accessory-kit","status":"publish","type":"product","link":"https:\/\/phukienflytech.vn\/en\/san-pham\/mavic-2-accessory-kit.html","title":{"rendered":"Combo mavic 2 accessory kit &#8211; PGYtech"},"content":{"rendered":"<h2><span style=\"color: #0000ff;\"><em><strong>Mavic 2 accessory kit &#8211; PGYtech<\/strong><\/em><\/span><\/h2>\n<p>&nbsp;<\/p>\n<p><span style=\"font-size: 18px;\">Mavic 2 accessory kit<\/span><\/p>\n<p><span style=\"font-size: 18px;\"><strong><em>Ph\u1ee5 ki\u1ec7n dji mavic 2 pro zoom cao c\u1ea5p PGYTECH<\/em><\/strong><\/span><\/p>\n<h3><span style=\"font-size: 18px;\"><strong><em>Ph\u1ee5 ki\u1ec7n DJI mavic 2 pro zoom<\/em><\/strong><\/span><\/h3>\n<p><span style=\"font-size: 18px;\">V\u1edbi nhu c\u1ea7u di chuy\u1ec3n th\u01b0\u1eddng xuy\u00ean c\u00f9ng s\u1ef1 c\u1ea7n thi\u1ebft, kh\u00f4ng th\u1ec3 thi\u1ebfu c\u1ee7a c\u00e1c lo\u1ea1i thi\u1ebft b\u1ecb h\u1ed7 tr\u1ee3, h\u00e3ng\u00a0<strong><em>pgytech<\/em><\/strong>\u00a0\u0111\u00e3 cho ra m\u1eaft\u00a0<strong><em>b\u1ed9 combo ph\u1ee5 ki\u1ec7n DJI mavic 2<\/em><\/strong>\u00a0<strong>pro zoom<\/strong>\u00a0gi\u00fap ng\u01b0\u1eddi d\u00f9ng c\u00f3 th\u1ec3 s\u1edf h\u1eefu nh\u1eefng ph\u1ee5 ki\u1ec7n c\u1ea7n thi\u1ebft v\u1edbi m\u1ee9c gi\u00e1 v\u00f4 c\u00f9ng h\u1ee3p l\u00fd. \u0110\u00e2y \u0111\u01b0\u1ee3c xem l\u00e0 b\u1ed9 ph\u1ee5 ki\u1ec7n c\u01a1 b\u1ea3n thi\u1ebft y\u1ebfu cho ng\u01b0\u1eddi d\u00f9ng.<\/span><\/p>\n<h2><span style=\"font-size: 18px; color: #0000ff;\"><strong><em><img loading=\"lazy\" decoding=\"async\" class=\"alignnone size-medium wp-image-11869\" src=\"https:\/\/phukienflytech.vn\/wp-content\/uploads\/2020\/05\/combo-phu-kien-dji-mavic-2-pro-zoom-pgytech-4884-6-497x400.jpg\" alt=\"\" width=\"497\" height=\"400\" srcset=\"https:\/\/phukienflytech.vn\/wp-content\/uploads\/2020\/05\/combo-phu-kien-dji-mavic-2-pro-zoom-pgytech-4884-6-497x400.jpg 497w, https:\/\/phukienflytech.vn\/wp-content\/uploads\/2020\/05\/combo-phu-kien-dji-mavic-2-pro-zoom-pgytech-4884-6-768x619.jpg 768w, https:\/\/phukienflytech.vn\/wp-content\/uploads\/2020\/05\/combo-phu-kien-dji-mavic-2-pro-zoom-pgytech-4884-6-993x800.jpg 993w, https:\/\/phukienflytech.vn\/wp-content\/uploads\/2020\/05\/combo-phu-kien-dji-mavic-2-pro-zoom-pgytech-4884-6-600x483.jpg 600w, https:\/\/phukienflytech.vn\/wp-content\/uploads\/2020\/05\/combo-phu-kien-dji-mavic-2-pro-zoom-pgytech-4884-6.jpg 1250w\" sizes=\"auto, (max-width: 497px) 100vw, 497px\" \/><\/em><\/strong><\/span><\/h2>\n<p>&nbsp;<\/p>\n<h2><strong><span style=\"font-size: 21px; color: #0000ff;\">Mavic 2 accessory kit :<\/span><\/strong><\/h2>\n<ul>\n<li><span style=\"font-size: 18px;\"><strong><em>H\u1ed9p \u0111\u1ef1ng mini mavic 2<\/em><\/strong><\/span><\/li>\n<li><span style=\"font-size: 18px;\"><strong><em>B\u1ed9 n\u1eb9p c\u1ed1 \u0111\u1ecbnh c\u00e1nh mavic 2<\/em><\/strong><\/span><\/li>\n<li><span style=\"font-size: 18px;\"><strong><em>Ch\u1ee5p b\u1ea3o v\u1ec7 joystick mavic 2<\/em><\/strong><\/span><\/li>\n<li><span style=\"font-size: 18px;\"><strong><em>B\u1ed9 ch\u00e2n \u0111\u00f4n mavic 2<\/em><\/strong><\/span><\/li>\n<li><span style=\"font-size: 18px;\"><strong><em>Hub che n\u1eafng camera mavic 2<\/em><\/strong><\/span><\/li>\n<li><span style=\"font-size: 18px;\"><strong><em>C\u00f4ng d\u1ee5ng c\u1ee7a b\u1ed9 ph\u1ee5 ki\u1ec7n dji mavic 2 pro zoom<\/em><\/strong><\/span><\/li>\n<li><span style=\"font-size: 18px;\"><strong><em>H\u1ed9p d\u1ef1ng mini mavic 2 :<\/em><\/strong><\/span><\/li>\n<\/ul>\n<p>&nbsp;<\/p>\n<h2><span style=\"font-size: 18px; color: #0000ff;\"><strong><em><img loading=\"lazy\" decoding=\"async\" class=\"alignnone wp-image-11871\" src=\"https:\/\/phukienflytech.vn\/wp-content\/uploads\/2020\/05\/combo-phu-kien-dji-mavic-2-pro-zoom-pgytech-4884-1-1-320x400.jpg\" alt=\"\" width=\"367\" height=\"459\" srcset=\"https:\/\/phukienflytech.vn\/wp-content\/uploads\/2020\/05\/combo-phu-kien-dji-mavic-2-pro-zoom-pgytech-4884-1-1-320x400.jpg 320w, https:\/\/phukienflytech.vn\/wp-content\/uploads\/2020\/05\/combo-phu-kien-dji-mavic-2-pro-zoom-pgytech-4884-1-1-768x961.jpg 768w, https:\/\/phukienflytech.vn\/wp-content\/uploads\/2020\/05\/combo-phu-kien-dji-mavic-2-pro-zoom-pgytech-4884-1-1-639x800.jpg 639w, https:\/\/phukienflytech.vn\/wp-content\/uploads\/2020\/05\/combo-phu-kien-dji-mavic-2-pro-zoom-pgytech-4884-1-1-600x751.jpg 600w, https:\/\/phukienflytech.vn\/wp-content\/uploads\/2020\/05\/combo-phu-kien-dji-mavic-2-pro-zoom-pgytech-4884-1-1.jpg 1250w\" sizes=\"auto, (max-width: 367px) 100vw, 367px\" \/><\/em><\/strong><\/span><\/h2>\n<ul>\n<li><span style=\"font-size: 18px;\">Tr\u1ecdng l\u01b0\u1ee3ng c\u1ea3 h\u1ed9p: 366g<\/span><\/li>\n<li><span style=\"font-size: 18px;\">Tr\u1ecdng l\u01b0\u1ee3ng s\u1ea3n ph\u1ea9m 248g<\/span><\/li>\n<li><span style=\"font-size: 18px;\">Ch\u1ea5t li\u1ec7u: EVA, PA<\/span><\/li>\n<li><span style=\"font-size: 18px;\">C\u00f4ng d\u1ee5ng: b\u1ea3o v\u1ec7 chi\u1ebfc drone c\u1ee7a b\u1ea1n khi di chuy\u1ec3n<\/span><\/li>\n<\/ul>\n<p>&nbsp;<\/p>\n<p><span style=\"font-size: 18px;\"><strong><em>Ch\u1ee5p b\u1ea3o v\u1ec7 joystick:<\/em><\/strong><\/span><\/p>\n<h2><span style=\"font-size: 18px; color: #0000ff;\"><strong><em><img loading=\"lazy\" decoding=\"async\" class=\"alignnone wp-image-11873\" src=\"https:\/\/phukienflytech.vn\/wp-content\/uploads\/2020\/05\/combo-phu-kien-dji-mavic-2-pro-zoom-pgytech-4884-2-1-321x400.jpg\" alt=\"phu-kien-mavic-2-zoom\" width=\"417\" height=\"520\" srcset=\"https:\/\/phukienflytech.vn\/wp-content\/uploads\/2020\/05\/combo-phu-kien-dji-mavic-2-pro-zoom-pgytech-4884-2-1-321x400.jpg 321w, https:\/\/phukienflytech.vn\/wp-content\/uploads\/2020\/05\/combo-phu-kien-dji-mavic-2-pro-zoom-pgytech-4884-2-1-768x958.jpg 768w, https:\/\/phukienflytech.vn\/wp-content\/uploads\/2020\/05\/combo-phu-kien-dji-mavic-2-pro-zoom-pgytech-4884-2-1-641x800.jpg 641w, https:\/\/phukienflytech.vn\/wp-content\/uploads\/2020\/05\/combo-phu-kien-dji-mavic-2-pro-zoom-pgytech-4884-2-1-600x749.jpg 600w, https:\/\/phukienflytech.vn\/wp-content\/uploads\/2020\/05\/combo-phu-kien-dji-mavic-2-pro-zoom-pgytech-4884-2-1.jpg 1250w\" sizes=\"auto, (max-width: 417px) 100vw, 417px\" \/><\/em><\/strong><\/span><\/h2>\n<ul>\n<li><span style=\"font-size: 18px;\">Tr\u1ecdng l\u01b0\u1ee3ng: 15g<\/span><\/li>\n<li><span style=\"font-size: 18px;\">Ch\u1ea5t li\u1ec7u: ABS<\/span><\/li>\n<li><span style=\"font-size: 18px;\">C\u00f4ng d\u1ee5ng: b\u1ea3o v\u1ec7 joystick tr\u00ean tay khi\u1ec3n<\/span><\/li>\n<\/ul>\n<p>&nbsp;<\/p>\n<p><span style=\"font-size: 18px;\"><strong><em>B\u1ed9 n\u1eb9p c\u1ed1 \u0111\u1ecbnh c\u00e1nh mavic 2:<\/em><\/strong><\/span><\/p>\n<h2><span style=\"font-size: 18px; color: #0000ff;\"><strong><em><img loading=\"lazy\" decoding=\"async\" class=\"alignnone wp-image-11875\" src=\"https:\/\/phukienflytech.vn\/wp-content\/uploads\/2020\/05\/combo-phu-kien-dji-mavic-2-pro-zoom-pgytech-4884-3-1-322x400.jpg\" alt=\"\" width=\"511\" height=\"635\" srcset=\"https:\/\/phukienflytech.vn\/wp-content\/uploads\/2020\/05\/combo-phu-kien-dji-mavic-2-pro-zoom-pgytech-4884-3-1-322x400.jpg 322w, https:\/\/phukienflytech.vn\/wp-content\/uploads\/2020\/05\/combo-phu-kien-dji-mavic-2-pro-zoom-pgytech-4884-3-1-768x954.jpg 768w, https:\/\/phukienflytech.vn\/wp-content\/uploads\/2020\/05\/combo-phu-kien-dji-mavic-2-pro-zoom-pgytech-4884-3-1-644x800.jpg 644w, https:\/\/phukienflytech.vn\/wp-content\/uploads\/2020\/05\/combo-phu-kien-dji-mavic-2-pro-zoom-pgytech-4884-3-1-600x745.jpg 600w, https:\/\/phukienflytech.vn\/wp-content\/uploads\/2020\/05\/combo-phu-kien-dji-mavic-2-pro-zoom-pgytech-4884-3-1.jpg 1250w\" sizes=\"auto, (max-width: 511px) 100vw, 511px\" \/><\/em><\/strong><\/span><\/h2>\n<ul>\n<li><span style=\"font-size: 18px;\">Tr\u1ecdng l\u01b0\u1ee3ng: 20g<\/span><\/li>\n<li><span style=\"font-size: 18px;\">Ch\u1ea5t li\u1ec7u: sillca gel<\/span><\/li>\n<li><span style=\"font-size: 18px;\">C\u00f4ng d\u1ee5ng: c\u1ed1 \u0111\u1ecbnh c\u00e1nh khi di chuy\u1ec3n<\/span><\/li>\n<li><span style=\"font-size: 18px;\">H\u00e3ng s\u1ea3n xu\u1ea5t: PGYTECH<\/span><\/li>\n<\/ul>\n<p>&nbsp;<\/p>\n<p><span style=\"font-size: 18px;\"><strong><em>B\u1ed9 ch\u00e2n \u0111\u00f4n mavic 2:<\/em><\/strong><\/span><\/p>\n<h2><span style=\"font-size: 18px; color: #0000ff;\"><strong><em><img loading=\"lazy\" decoding=\"async\" class=\"alignnone wp-image-11877\" src=\"https:\/\/phukienflytech.vn\/wp-content\/uploads\/2020\/05\/combo-phu-kien-dji-mavic-2-pro-zoom-pgytech-4884-4-1-315x400.jpg\" alt=\"mua-phu-kien-flycam-mavic-2-zoom\" width=\"507\" height=\"644\" srcset=\"https:\/\/phukienflytech.vn\/wp-content\/uploads\/2020\/05\/combo-phu-kien-dji-mavic-2-pro-zoom-pgytech-4884-4-1-315x400.jpg 315w, https:\/\/phukienflytech.vn\/wp-content\/uploads\/2020\/05\/combo-phu-kien-dji-mavic-2-pro-zoom-pgytech-4884-4-1-768x976.jpg 768w, https:\/\/phukienflytech.vn\/wp-content\/uploads\/2020\/05\/combo-phu-kien-dji-mavic-2-pro-zoom-pgytech-4884-4-1-630x800.jpg 630w, https:\/\/phukienflytech.vn\/wp-content\/uploads\/2020\/05\/combo-phu-kien-dji-mavic-2-pro-zoom-pgytech-4884-4-1-600x762.jpg 600w, https:\/\/phukienflytech.vn\/wp-content\/uploads\/2020\/05\/combo-phu-kien-dji-mavic-2-pro-zoom-pgytech-4884-4-1.jpg 1250w\" sizes=\"auto, (max-width: 507px) 100vw, 507px\" \/><\/em><\/strong><\/span><\/h2>\n<ul>\n<li><span style=\"font-size: 18px;\">Tr\u1ecdng l\u01b0\u1ee3ng: 22g<\/span><\/li>\n<li><span style=\"font-size: 18px;\">Ch\u1ea5t li\u1ec7u: sillica gell<\/span><\/li>\n<li><span style=\"font-size: 18px;\">C\u00f4ng d\u1ee5ng: b\u1ea3o v\u1ec7 camera v\u00e0 motor c\u1ee7a drone tr\u00e1nh va \u0111\u1eadp khi h\u1ea1 c\u00e1nh<\/span><\/li>\n<li><span style=\"font-size: 18px;\">Nh\u00e0 s\u1ea3n xu\u1ea5t: PGYTECH<\/span><\/li>\n<\/ul>\n<p>&nbsp;<\/p>\n<p><span style=\"font-size: 18px;\"><strong><em>Hub che n\u1eafng camera mavic 2:<\/em><\/strong><\/span><\/p>\n<h2><span style=\"font-size: 18px; color: #0000ff;\"><strong><em><img loading=\"lazy\" decoding=\"async\" class=\"alignnone wp-image-11880\" src=\"https:\/\/phukienflytech.vn\/wp-content\/uploads\/2020\/05\/combo-phu-kien-dji-mavic-2-pro-zoom-pgytech-4884-5-1-660x400.jpg\" alt=\"combo-phu-kien-dji-mavic-2-pro-zoom-pgytech\" width=\"546\" height=\"331\" srcset=\"https:\/\/phukienflytech.vn\/wp-content\/uploads\/2020\/05\/combo-phu-kien-dji-mavic-2-pro-zoom-pgytech-4884-5-1-660x400.jpg 660w, https:\/\/phukienflytech.vn\/wp-content\/uploads\/2020\/05\/combo-phu-kien-dji-mavic-2-pro-zoom-pgytech-4884-5-1-768x466.jpg 768w, https:\/\/phukienflytech.vn\/wp-content\/uploads\/2020\/05\/combo-phu-kien-dji-mavic-2-pro-zoom-pgytech-4884-5-1-600x364.jpg 600w, https:\/\/phukienflytech.vn\/wp-content\/uploads\/2020\/05\/combo-phu-kien-dji-mavic-2-pro-zoom-pgytech-4884-5-1.jpg 1250w\" sizes=\"auto, (max-width: 546px) 100vw, 546px\" \/><\/em><\/strong><\/span><\/h2>\n<ul>\n<li><span style=\"font-size: 18px;\">Kh\u1ed1i l\u01b0\u1ee3ng: 24,5g<\/span><\/li>\n<li><span style=\"font-size: 18px;\">Ch\u1ea5t li\u00eau: ABS<\/span><\/li>\n<li><span style=\"font-size: 18px;\">C\u00f4ng d\u1ee5ng c\u1ee7a\u00a0<strong><em>h\u1ed1c che n\u1eafng camera DJI mavic 2 pro zoom.<\/em><\/strong><\/span><\/li>\n<li><span style=\"font-size: 18px;\">Tr\u00e1nh nh\u1eefng \u00e1nh s\u00e1ng kh\u00f4ng c\u1ea7n thi\u1ebft<\/span><\/li>\n<li><span style=\"font-size: 18px;\">B\u1ea3o v\u1ec7 \u00f4ng k\u00ednh kh\u1ecfi \u00e1nh s\u00e1ng m\u1eb7t tr\u1eddi m\u00e0 kh\u00f4ng l\u00e0m \u1ea3nh h\u01b0\u1edfng \u0111\u1ebfn camera c\u1ee7a m\u00e1y<\/span><\/li>\n<\/ul>\n<p>&nbsp;<\/p>\n<h2><span style=\"font-size: 21px; color: #0000ff;\"><strong><em>Mua ph\u1ee5 ki\u1ec7n mavic 2 pro zoom \u1edf \u0111\u00e2u ?<\/em><\/strong><\/span><\/h2>\n<p><span style=\"font-size: 18px;\">N\u1ebfu b\u1ea1n v\u1eabn \u0111ang ph\u00e2n v\u00e2n kh\u00f4ng bi\u1ebft c\u00f3 th\u1ec3 t\u00ecm mua \u0111\u01b0\u1ee3c\u00a0<strong><em>nh\u1eefng ph\u1ee5 ki\u1ec7n dji mavic 2 pro zoom\u00a0<\/em><\/strong>ch\u1ea5t l\u01b0\u1ee3ng nh\u1ea5t m\u00e0 kh\u00f4ng c\u1ea7n lo l\u1eafng gi\u00e1 c\u1ee7a s\u1ea3n ph\u1ea9m \u1edf \u0111\u00e2u th\u00ec ph\u1ee5 ki\u1ec7n flycam gi\u00e1 t\u1ed1t ch\u00ednh l\u00e0 n\u01a1i ph\u00f9 h\u1ee3p d\u00e0nh cho b\u1ea1n. H\u00e3y \u0111\u1ebfn v\u1edbi ph\u1ee5 ki\u1ec7n fly-cam gi\u00e1 t\u1ed1t \u0111\u1ec3 c\u00f3 \u0111\u01b0\u1ee3c\u00a0<strong><em>gi\u00e1 mavic 2 pro<\/em><\/strong>,\u00a0<strong><em>gi\u00e1 mavic 2 zoom<\/em><\/strong>,..c\u00f9ng v\u1edbi ch\u1ea5t l\u01b0\u1ee3ng t\u1ed1t nh\u1ea5t.<\/span><\/p>\n<p>&nbsp;<\/p>\n<p><span style=\"font-size: 18px;\">&gt;&gt; Xem th\u00eam: <span style=\"color: #0000ff;\"><strong><a style=\"color: #0000ff;\" href=\"https:\/\/phukienflytech.vn\/en\/danh-muc\/mavic-2s-accessory.html\" target=\"_blank\" rel=\"noopener noreferrer\">Ph\u1ee5 ki\u1ec7n Mavic 2<\/a><\/strong><\/span><\/span><\/p>\n<p><span style=\"font-size: 18px;\">&gt;&gt; Li\u00ean h\u1ec7 v\u1edbi ch\u00fang t\u00f4i qua:<strong><a href=\"https:\/\/fb.com\/phukienflycam\" target=\"_blank\" rel=\"noopener noreferrer\"> Fanpage<\/a><\/strong><\/span><\/p>\n","protected":false},"excerpt":{"rendered":"<p>Mavic 2 accessory kit &#8211; PGYtech &nbsp; Mavic 2 accessory kit Ph\u1ee5 ki\u1ec7n dji mavic 2 pro zoom cao c\u1ea5p PGYTECH Ph\u1ee5 ki\u1ec7n DJI mavic 2 pro zoom V\u1edbi nhu c\u1ea7u di chuy\u1ec3n th\u01b0\u1eddng xuy\u00ean c\u00f9ng s\u1ef1 c\u1ea7n thi\u1ebft, kh\u00f4ng th\u1ec3 thi\u1ebfu c\u1ee7a c\u00e1c lo\u1ea1i thi\u1ebft b\u1ecb h\u1ed7 tr\u1ee3, h\u00e3ng\u00a0pgytech\u00a0\u0111\u00e3 cho ra m\u1eaft\u00a0b\u1ed9 combo ph\u1ee5 &#8230;<\/p>\n","protected":false},"featured_media":16444,"comment_status":"open","ping_status":"closed","template":"","meta":{"_acf_changed":false},"product_brand":[],"product_cat":[177],"product_tag":[206,209],"class_list":{"0":"post-4903","1":"product","2":"type-product","3":"status-publish","4":"has-post-thumbnail","6":"product_cat-mavic-2s-accessory","7":"product_tag-phu-kien-dji-en","8":"product_tag-phu-kien-mavic-2-en","10":"first","11":"instock","12":"shipping-taxable","13":"purchasable","14":"product-type-simple"},"acf":[],"yoast_head":"<!-- This site is optimized with the Yoast SEO plugin v25.7 - https:\/\/yoast.com\/wordpress\/plugins\/seo\/ -->\n<title>Mavic 2 accessory kit - Mavic 2 accessory - Available - Original PGYtech<\/title>\n<meta name=\"description\" content=\"Mavic 2 accessory kit is one of the most important accessory. Contact us to buy Mavic 2 accessory kit for best price, good warranty.\" \/>\n<meta name=\"robots\" content=\"index, follow, max-snippet:-1, max-image-preview:large, max-video-preview:-1\" \/>\n<link rel=\"canonical\" href=\"https:\/\/phukienflytech.vn\/en\/san-pham\/mavic-2-accessory-kit.html\" \/>\n<meta property=\"og:locale\" content=\"en_US\" \/>\n<meta property=\"og:type\" content=\"article\" \/>\n<meta property=\"og:title\" content=\"Mavic 2 accessory kit - Mavic 2 accessory - Available - Original PGYtech\" \/>\n<meta property=\"og:description\" content=\"Mavic 2 accessory kit is one of the most important accessory. Contact us to buy Mavic 2 accessory kit for best price, good warranty.\" \/>\n<meta property=\"og:url\" content=\"https:\/\/phukienflytech.vn\/en\/san-pham\/mavic-2-accessory-kit.html\" \/>\n<meta property=\"og:site_name\" content=\"Shop M\u00e1y \u1ea3nh - Action Camera - Gimbal - Flycam - Ph\u1ee5 ki\u1ec7n\" \/>\n<meta property=\"article:publisher\" content=\"https:\/\/facebook.com\/phukienflycam\" \/>\n<meta property=\"article:modified_time\" content=\"2022-08-18T07:34:56+00:00\" \/>\n<meta property=\"og:image\" content=\"https:\/\/phukienflytech.vn\/wp-content\/uploads\/2020\/05\/300x300_7_1.jpg\" \/>\n\t<meta property=\"og:image:width\" content=\"300\" \/>\n\t<meta property=\"og:image:height\" content=\"300\" \/>\n\t<meta property=\"og:image:type\" content=\"image\/jpeg\" \/>\n<meta name=\"twitter:card\" content=\"summary_large_image\" \/>\n<meta name=\"twitter:label1\" content=\"Est. reading time\" \/>\n\t<meta name=\"twitter:data1\" content=\"3 minutes\" \/>\n<script type=\"application\/ld+json\" class=\"yoast-schema-graph\">{\"@context\":\"https:\/\/schema.org\",\"@graph\":[{\"@type\":\"WebPage\",\"@id\":\"https:\/\/phukienflytech.vn\/en\/san-pham\/mavic-2-accessory-kit.html\",\"url\":\"https:\/\/phukienflytech.vn\/en\/san-pham\/mavic-2-accessory-kit.html\",\"name\":\"Mavic 2 accessory kit - Mavic 2 accessory - Available - Original PGYtech\",\"isPartOf\":{\"@id\":\"https:\/\/phukienflytech.vn\/#website\"},\"primaryImageOfPage\":{\"@id\":\"https:\/\/phukienflytech.vn\/en\/san-pham\/mavic-2-accessory-kit.html#primaryimage\"},\"image\":{\"@id\":\"https:\/\/phukienflytech.vn\/en\/san-pham\/mavic-2-accessory-kit.html#primaryimage\"},\"thumbnailUrl\":\"https:\/\/phukienflytech.vn\/wp-content\/uploads\/2020\/05\/300x300_7_1.jpg\",\"datePublished\":\"2020-06-20T14:53:33+00:00\",\"dateModified\":\"2022-08-18T07:34:56+00:00\",\"description\":\"Mavic 2 accessory kit is one of the most important accessory. Contact us to buy Mavic 2 accessory kit for best price, good warranty.\",\"breadcrumb\":{\"@id\":\"https:\/\/phukienflytech.vn\/en\/san-pham\/mavic-2-accessory-kit.html#breadcrumb\"},\"inLanguage\":\"en-US\",\"potentialAction\":[{\"@type\":\"ReadAction\",\"target\":[\"https:\/\/phukienflytech.vn\/en\/san-pham\/mavic-2-accessory-kit.html\"]}]},{\"@type\":\"ImageObject\",\"inLanguage\":\"en-US\",\"@id\":\"https:\/\/phukienflytech.vn\/en\/san-pham\/mavic-2-accessory-kit.html#primaryimage\",\"url\":\"https:\/\/phukienflytech.vn\/wp-content\/uploads\/2020\/05\/300x300_7_1.jpg\",\"contentUrl\":\"https:\/\/phukienflytech.vn\/wp-content\/uploads\/2020\/05\/300x300_7_1.jpg\",\"width\":300,\"height\":300},{\"@type\":\"BreadcrumbList\",\"@id\":\"https:\/\/phukienflytech.vn\/en\/san-pham\/mavic-2-accessory-kit.html#breadcrumb\",\"itemListElement\":[{\"@type\":\"ListItem\",\"position\":1,\"name\":\"Home\",\"item\":\"https:\/\/phukienflytech.vn\/en\"},{\"@type\":\"ListItem\",\"position\":2,\"name\":\"Ph\u1ee5 ki\u1ec7n Mavic Pro\",\"item\":\"https:\/\/phukienflytech.vn\/en\/phu-kien-mavic-pro.html\"},{\"@type\":\"ListItem\",\"position\":3,\"name\":\"DJI Osmo &amp; Drone's accessories\",\"item\":\"https:\/\/phukienflytech.vn\/en\/danh-muc\/dji-osmo-drones-accessories.html\"},{\"@type\":\"ListItem\",\"position\":4,\"name\":\"Ph\u1ee5 ki\u1ec7n DJI Mavic 2\",\"item\":\"https:\/\/phukienflytech.vn\/en\/danh-muc\/mavic-2s-accessory.html\"},{\"@type\":\"ListItem\",\"position\":5,\"name\":\"Combo mavic 2 accessory kit &#8211; PGYtech\"}]},{\"@type\":\"WebSite\",\"@id\":\"https:\/\/phukienflytech.vn\/#website\",\"url\":\"https:\/\/phukienflytech.vn\/\",\"name\":\"Shop M\u00e1y \u1ea3nh - Action Camera - Gimbal - Flycam - Ph\u1ee5 ki\u1ec7n\",\"description\":\"Shop M\u00e1y \u1ea3nh - Action Camera - Gimbal - Flycam - Ph\u1ee5 ki\u1ec7n\",\"publisher\":{\"@id\":\"https:\/\/phukienflytech.vn\/#organization\"},\"potentialAction\":[{\"@type\":\"SearchAction\",\"target\":{\"@type\":\"EntryPoint\",\"urlTemplate\":\"https:\/\/phukienflytech.vn\/?s={search_term_string}\"},\"query-input\":{\"@type\":\"PropertyValueSpecification\",\"valueRequired\":true,\"valueName\":\"search_term_string\"}}],\"inLanguage\":\"en-US\"},{\"@type\":\"Organization\",\"@id\":\"https:\/\/phukienflytech.vn\/#organization\",\"name\":\"DJI Store - Shop Drone, Action camera, Gimbal DJI |Phukienflytech\",\"alternateName\":\"DJI Store - Shop Drone, Action camera, Gimbal DJI |Phukienflytech\",\"url\":\"https:\/\/phukienflytech.vn\/\",\"logo\":{\"@type\":\"ImageObject\",\"inLanguage\":\"en-US\",\"@id\":\"https:\/\/phukienflytech.vn\/#\/schema\/logo\/image\/\",\"url\":\"https:\/\/phukienflytech.vn\/wp-content\/uploads\/2020\/05\/hAnh_nan.jpg1_.jpg\",\"contentUrl\":\"https:\/\/phukienflytech.vn\/wp-content\/uploads\/2020\/05\/hAnh_nan.jpg1_.jpg\",\"width\":800,\"height\":450,\"caption\":\"DJI Store - Shop Drone, Action camera, Gimbal DJI |Phukienflytech\"},\"image\":{\"@id\":\"https:\/\/phukienflytech.vn\/#\/schema\/logo\/image\/\"},\"sameAs\":[\"https:\/\/facebook.com\/phukienflycam\",\"https:\/\/www.youtube.com\/@phukienflytech\",\"https:\/\/www.tiktok.com\/@flytech.channel?fbclid=IwY2xjawGjg7BleHRuA2FlbQIxMAABHYVGmlXpuSMs0UB2zTpYvyT4GMVfN2qJa4urF4vkSQ6FAVBwXZtDP30qQA_aem_UwMiDcUvlEbd2tXAmsc8Og\"]}]}<\/script>\n<!-- \/ Yoast SEO plugin. -->","yoast_head_json":{"title":"Mavic 2 accessory kit - Mavic 2 accessory - Available - Original PGYtech","description":"Mavic 2 accessory kit is one of the most important accessory. Contact us to buy Mavic 2 accessory kit for best price, good warranty.","robots":{"index":"index","follow":"follow","max-snippet":"max-snippet:-1","max-image-preview":"max-image-preview:large","max-video-preview":"max-video-preview:-1"},"canonical":"https:\/\/phukienflytech.vn\/en\/san-pham\/mavic-2-accessory-kit.html","og_locale":"en_US","og_type":"article","og_title":"Mavic 2 accessory kit - Mavic 2 accessory - Available - Original PGYtech","og_description":"Mavic 2 accessory kit is one of the most important accessory. Contact us to buy Mavic 2 accessory kit for best price, good warranty.","og_url":"https:\/\/phukienflytech.vn\/en\/san-pham\/mavic-2-accessory-kit.html","og_site_name":"Shop M\u00e1y \u1ea3nh - Action Camera - Gimbal - Flycam - Ph\u1ee5 ki\u1ec7n","article_publisher":"https:\/\/facebook.com\/phukienflycam","article_modified_time":"2022-08-18T07:34:56+00:00","og_image":[{"width":300,"height":300,"url":"https:\/\/phukienflytech.vn\/wp-content\/uploads\/2020\/05\/300x300_7_1.jpg","type":"image\/jpeg"}],"twitter_card":"summary_large_image","twitter_misc":{"Est. reading time":"3 minutes"},"schema":{"@context":"https:\/\/schema.org","@graph":[{"@type":"WebPage","@id":"https:\/\/phukienflytech.vn\/en\/san-pham\/mavic-2-accessory-kit.html","url":"https:\/\/phukienflytech.vn\/en\/san-pham\/mavic-2-accessory-kit.html","name":"Mavic 2 accessory kit - Mavic 2 accessory - Available - Original PGYtech","isPartOf":{"@id":"https:\/\/phukienflytech.vn\/#website"},"primaryImageOfPage":{"@id":"https:\/\/phukienflytech.vn\/en\/san-pham\/mavic-2-accessory-kit.html#primaryimage"},"image":{"@id":"https:\/\/phukienflytech.vn\/en\/san-pham\/mavic-2-accessory-kit.html#primaryimage"},"thumbnailUrl":"https:\/\/phukienflytech.vn\/wp-content\/uploads\/2020\/05\/300x300_7_1.jpg","datePublished":"2020-06-20T14:53:33+00:00","dateModified":"2022-08-18T07:34:56+00:00","description":"Mavic 2 accessory kit is one of the most important accessory. Contact us to buy Mavic 2 accessory kit for best price, good warranty.","breadcrumb":{"@id":"https:\/\/phukienflytech.vn\/en\/san-pham\/mavic-2-accessory-kit.html#breadcrumb"},"inLanguage":"en-US","potentialAction":[{"@type":"ReadAction","target":["https:\/\/phukienflytech.vn\/en\/san-pham\/mavic-2-accessory-kit.html"]}]},{"@type":"ImageObject","inLanguage":"en-US","@id":"https:\/\/phukienflytech.vn\/en\/san-pham\/mavic-2-accessory-kit.html#primaryimage","url":"https:\/\/phukienflytech.vn\/wp-content\/uploads\/2020\/05\/300x300_7_1.jpg","contentUrl":"https:\/\/phukienflytech.vn\/wp-content\/uploads\/2020\/05\/300x300_7_1.jpg","width":300,"height":300},{"@type":"BreadcrumbList","@id":"https:\/\/phukienflytech.vn\/en\/san-pham\/mavic-2-accessory-kit.html#breadcrumb","itemListElement":[{"@type":"ListItem","position":1,"name":"Home","item":"https:\/\/phukienflytech.vn\/en"},{"@type":"ListItem","position":2,"name":"Ph\u1ee5 ki\u1ec7n Mavic Pro","item":"https:\/\/phukienflytech.vn\/en\/phu-kien-mavic-pro.html"},{"@type":"ListItem","position":3,"name":"DJI Osmo &amp; Drone's accessories","item":"https:\/\/phukienflytech.vn\/en\/danh-muc\/dji-osmo-drones-accessories.html"},{"@type":"ListItem","position":4,"name":"Ph\u1ee5 ki\u1ec7n DJI Mavic 2","item":"https:\/\/phukienflytech.vn\/en\/danh-muc\/mavic-2s-accessory.html"},{"@type":"ListItem","position":5,"name":"Combo mavic 2 accessory kit &#8211; PGYtech"}]},{"@type":"WebSite","@id":"https:\/\/phukienflytech.vn\/#website","url":"https:\/\/phukienflytech.vn\/","name":"Shop M\u00e1y \u1ea3nh - Action Camera - Gimbal - Flycam - Ph\u1ee5 ki\u1ec7n","description":"Shop M\u00e1y \u1ea3nh - Action Camera - Gimbal - Flycam - Ph\u1ee5 ki\u1ec7n","publisher":{"@id":"https:\/\/phukienflytech.vn\/#organization"},"potentialAction":[{"@type":"SearchAction","target":{"@type":"EntryPoint","urlTemplate":"https:\/\/phukienflytech.vn\/?s={search_term_string}"},"query-input":{"@type":"PropertyValueSpecification","valueRequired":true,"valueName":"search_term_string"}}],"inLanguage":"en-US"},{"@type":"Organization","@id":"https:\/\/phukienflytech.vn\/#organization","name":"DJI Store - Shop Drone, Action camera, Gimbal DJI |Phukienflytech","alternateName":"DJI Store - Shop Drone, Action camera, Gimbal DJI |Phukienflytech","url":"https:\/\/phukienflytech.vn\/","logo":{"@type":"ImageObject","inLanguage":"en-US","@id":"https:\/\/phukienflytech.vn\/#\/schema\/logo\/image\/","url":"https:\/\/phukienflytech.vn\/wp-content\/uploads\/2020\/05\/hAnh_nan.jpg1_.jpg","contentUrl":"https:\/\/phukienflytech.vn\/wp-content\/uploads\/2020\/05\/hAnh_nan.jpg1_.jpg","width":800,"height":450,"caption":"DJI Store - Shop Drone, Action camera, Gimbal DJI |Phukienflytech"},"image":{"@id":"https:\/\/phukienflytech.vn\/#\/schema\/logo\/image\/"},"sameAs":["https:\/\/facebook.com\/phukienflycam","https:\/\/www.youtube.com\/@phukienflytech","https:\/\/www.tiktok.com\/@flytech.channel?fbclid=IwY2xjawGjg7BleHRuA2FlbQIxMAABHYVGmlXpuSMs0UB2zTpYvyT4GMVfN2qJa4urF4vkSQ6FAVBwXZtDP30qQA_aem_UwMiDcUvlEbd2tXAmsc8Og"]}]}},"_links":{"self":[{"href":"https:\/\/phukienflytech.vn\/en\/wp-json\/wp\/v2\/product\/4903","targetHints":{"allow":["GET"]}}],"collection":[{"href":"https:\/\/phukienflytech.vn\/en\/wp-json\/wp\/v2\/product"}],"about":[{"href":"https:\/\/phukienflytech.vn\/en\/wp-json\/wp\/v2\/types\/product"}],"replies":[{"embeddable":true,"href":"https:\/\/phukienflytech.vn\/en\/wp-json\/wp\/v2\/comments?post=4903"}],"wp:featuredmedia":[{"embeddable":true,"href":"https:\/\/phukienflytech.vn\/en\/wp-json\/wp\/v2\/media\/16444"}],"wp:attachment":[{"href":"https:\/\/phukienflytech.vn\/en\/wp-json\/wp\/v2\/media?parent=4903"}],"wp:term":[{"taxonomy":"product_brand","embeddable":true,"href":"https:\/\/phukienflytech.vn\/en\/wp-json\/wp\/v2\/product_brand?post=4903"},{"taxonomy":"product_cat","embeddable":true,"href":"https:\/\/phukienflytech.vn\/en\/wp-json\/wp\/v2\/product_cat?post=4903"},{"taxonomy":"product_tag","embeddable":true,"href":"https:\/\/phukienflytech.vn\/en\/wp-json\/wp\/v2\/product_tag?post=4903"}],"curies":[{"name":"wp","href":"https:\/\/api.w.org\/{rel}","templated":true}]}}