{"id":4955,"date":"2020-06-20T22:28:18","date_gmt":"2020-06-20T15:28:18","guid":{"rendered":"http:\/\/27430.lamdx.vinawebsite.vn\/san-pham\/hoc-che-nang-camera-dji-mavic-2-pro-zoom-pgytech.html"},"modified":"2022-08-18T17:12:26","modified_gmt":"2022-08-18T10:12:26","slug":"camera-sun-hood-for-mavic-2","status":"publish","type":"product","link":"https:\/\/phukienflytech.vn\/en\/san-pham\/camera-sun-hood-for-mavic-2.html","title":{"rendered":"Camera sun hood for Mavic 2 &#8211; PGYtech"},"content":{"rendered":"<h2><span style=\"color: #0000ff;\"><em><strong>Camera sun hood for Mavic 2<\/strong><\/em><\/span><\/h2>\n<h3><\/h3>\n<p><span style=\"font-size: 18px;\">Camera sun hood for Mavic 2<\/span><\/p>\n<h3><span style=\"font-size: 18px;\"><strong><em>Ph\u1ee5 ki\u1ec7n DJI mavic 2 pro zoom<span style=\"font-size: 20px;\"><a href=\"https:\/\/phukienflytech.vn\/danh-muc\/phu-kien-mavic-2.html\" target=\"_blank\" rel=\"noopener noreferrer\"> t\u1ea1i \u0111\u00e2y<\/a><\/span>\u00a0<\/em><\/strong><\/span><\/h3>\n<h2><span style=\"font-size: 18px; color: #0000ff;\"><strong><em><img loading=\"lazy\" decoding=\"async\" class=\"alignnone wp-image-11828 size-full\" src=\"https:\/\/phukienflytech.vn\/wp-content\/uploads\/2020\/05\/hoc-che-nang-camera-dji-mavic-2-pro-zoom-pgytech-4943.gif\" alt=\"Camera-sun-hood-for-Mavic-2-9\" width=\"450\" height=\"327\" \/><\/em><\/strong><\/span><\/h2>\n<p><span style=\"font-size: 18px;\">L\u00e0 m\u1ed9t trong nh\u1eefng\u00a0<strong><em>ph\u1ee5 ki\u1ec7n Mavic 2 pro zoom c\u1ea7n thi\u1ebft<\/em><\/strong>, \u0111\u01b0\u1ee3c h\u00e3ng\u00a0<strong><em>PGYTECH<\/em><\/strong>\u00a0thi\u1ebft k\u1ebf cho nh\u1eefng ng\u01b0\u1eddi d\u00f9ng th\u01b0\u1eddng xuy\u00ean ph\u1ea3i quay phim, ch\u1ee5p \u1ea3nh \u1edf nh\u1eefng n\u01a1i qu\u00e1 s\u00e1ng.\u00a0<strong><em>H\u1ed1c che n\u1eafng camera DJI mavic 2 pro zoom<\/em><\/strong> giup ch\u1ed1ng ch\u00f3i camera mavic 2 s\u1ebd gi\u00fap b\u1ea1n t\u1ea1o ra \u0111\u01b0\u1ee3c nh\u1eefng b\u1ee9c \u1ea3nh \u0111\u1eb9p m\u00e0 kh\u00f4ng b\u1ecb \u1ea3nh h\u01b0\u1edfng b\u1edfi nh\u1eefng \u00e1nh s\u00e1ng kh\u00f4ng c\u1ea7n thi\u1ebft.<\/span><\/p>\n<h2><span style=\"font-size: 18px; color: #0000ff;\"><strong><em><img loading=\"lazy\" decoding=\"async\" class=\"alignnone wp-image-11830 \" src=\"https:\/\/phukienflytech.vn\/wp-content\/uploads\/2020\/05\/hoc-che-nang-camera-dji-mavic-2-pro-zoom-pgytech-4943-1-280x270.gif\" alt=\"Camera-sun-hood-for-Mavic-2\" width=\"468\" height=\"451\" \/><\/em><\/strong><\/span><\/h2>\n<h3><span style=\"font-size: 18px;\"><strong>H\u1ed1c che n\u1eafng h\u1ea1n ch\u1ebf \u00e1nh s\u00e1ng m\u1ea1nh v\u00e0o camera<\/strong><\/span><\/h3>\n<p>&nbsp;<\/p>\n<h2><span style=\"font-size: 21px;\"><strong><span style=\"color: #0000ff;\">Chi ti\u1ebft c\u1ee7a\u00a0<em>h\u1ed1c che n\u1eafng camera DJI mavic 2 pro zoom.<\/em><\/span><\/strong><\/span><\/h2>\n<p><span style=\"font-size: 18px;\">Kh\u1ed1i l\u01b0\u1ee3ng: 24,5g<\/span><\/p>\n<p><span style=\"font-size: 18px;\">Ch\u1ea5t li\u00eau: ABS<\/span><\/p>\n<p><span style=\"font-size: 18px;\">C\u00f4ng d\u1ee5ng c\u1ee7a\u00a0<strong><em>h\u1ed1c che n\u1eafng camera DJI mavic 2 pro zoom.<\/em><\/strong><\/span><\/p>\n<p><span style=\"font-size: 18px;\">Tr\u00e1nh nh\u1eefng \u00e1nh s\u00e1ng kh\u00f4ng c\u1ea7n thi\u1ebft<\/span><\/p>\n<h2><span style=\"font-size: 18px; color: #0000ff;\"><strong><em><img loading=\"lazy\" decoding=\"async\" class=\"alignnone size-medium wp-image-11832\" src=\"https:\/\/phukienflytech.vn\/wp-content\/uploads\/2020\/05\/hoc-che-nang-camera-dji-mavic-2-pro-zoom-pgytech-4943-2.gif\" alt=\"\" width=\"449\" height=\"239\" \/><\/em><\/strong><\/span><\/h2>\n<h3><span style=\"color: #000000; font-size: 18px;\"><strong>C\u00e1ch th\u00e1o l\u1eafp h\u1ed1c che n\u1eafng<\/strong><\/span><\/h3>\n<p>&nbsp;<\/p>\n<p><span style=\"font-size: 18px;\">B\u1ea3o v\u1ec7 \u00f4ng k\u00ednh kh\u1ecfi \u00e1nh s\u00e1ng m\u1eb7t tr\u1eddi m\u00e0 kh\u00f4ng l\u00e0m \u1ea3nh h\u01b0\u1edfng \u0111\u1ebfn camera c\u1ee7a m\u00e1y.<\/span><\/p>\n<p><span style=\"font-size: 18px;\"><strong><em>H\u1ed1c ch\u1ed1ng ch\u00f3i camera mavic 2<\/em><\/strong>\u00a0r\u1ea5t thu\u1eadn ti\u1ec7n trong vi\u1ec7c th\u00e1o l\u1eafp, \u0111\u1ea3m b\u1ea3o kh\u00f4ng l\u00e0m \u1ea3nh h\u01b0\u1edfng \u0111\u1ebfn ch\u1ea5t l\u01b0\u1ee3ng camera c\u1ee7a b\u1ea1n.<\/span><\/p>\n<h2><span style=\"font-size: 18px; color: #0000ff;\"><strong><em><img loading=\"lazy\" decoding=\"async\" class=\"alignnone wp-image-11835\" src=\"https:\/\/phukienflytech.vn\/wp-content\/uploads\/2020\/05\/hoc-che-nang-camera-dji-mavic-2-pro-zoom-pgytech-4943-3-800x292.gif\" alt=\"\" width=\"545\" height=\"199\" srcset=\"https:\/\/phukienflytech.vn\/wp-content\/uploads\/2020\/05\/hoc-che-nang-camera-dji-mavic-2-pro-zoom-pgytech-4943-3-800x292.gif 800w, https:\/\/phukienflytech.vn\/wp-content\/uploads\/2020\/05\/hoc-che-nang-camera-dji-mavic-2-pro-zoom-pgytech-4943-3-768x280.gif 768w, https:\/\/phukienflytech.vn\/wp-content\/uploads\/2020\/05\/hoc-che-nang-camera-dji-mavic-2-pro-zoom-pgytech-4943-3-600x219.gif 600w\" sizes=\"auto, (max-width: 545px) 100vw, 545px\" \/><\/em><\/strong><\/span><\/h2>\n<h3><span style=\"font-size: 18px;\"><strong><span style=\"color: #0000ff;\">H\u1ed1c gi\u00fap Ch\u1ed1ng ch\u00f3i camera mavic 2<\/span><\/strong><\/span><\/h3>\n<p>&nbsp;<\/p>\n<h2><span style=\"font-size: 21px;\"><strong><span style=\"color: #0000ff;\"><em>Mua ph\u1ee5 ki\u1ec7n DJI mavic 2 pro zoom<\/em>\u00a0\u1edf \u0111\u00e2u?<\/span><\/strong><\/span><\/h2>\n<p><span style=\"font-size: 18px;\">N\u1ebfu b\u1ea1n v\u1eabn \u0111ang ph\u00e2n v\u00e2n kh\u00f4ng bi\u1ebft c\u00f3 th\u1ec3 t\u00ecm mua \u0111\u01b0\u1ee3c\u00a0<strong><em>nh\u1eefng ph\u1ee5 ki\u1ec7n dji mavic 2 pro zoom\u00a0<\/em><\/strong>ch\u1ea5t l\u01b0\u1ee3ng nh\u1ea5t m\u00e0 kh\u00f4ng c\u1ea7n lo l\u1eafng gi\u00e1 c\u1ee7a s\u1ea3n ph\u1ea9m \u1edf \u0111\u00e2u th\u00ec ph\u1ee5 ki\u1ec7n flycam gi\u00e1 t\u1ed1t ch\u00ednh l\u00e0 n\u01a1i ph\u00f9 h\u1ee3p d\u00e0nh cho b\u1ea1n. H\u00e3y \u0111\u1ebfn v\u1edbi ph\u1ee5 ki\u1ec7n fly-cam gi\u00e1 t\u1ed1t \u0111\u1ec3 c\u00f3 \u0111\u01b0\u1ee3c\u00a0<strong><em>gi\u00e1 mavic 2 pro<\/em><\/strong>,\u00a0<strong><em>gi\u00e1 mavic 2 zoom<\/em><\/strong>,..c\u00f9ng v\u1edbi ch\u1ea5t l\u01b0\u1ee3ng t\u1ed1t nh\u1ea5t.<\/span><\/p>\n<p>&nbsp;<\/p>\n<p><span style=\"font-size: 18px;\">Li\u00ean h\u1ec7 v\u1edbi ch\u00fang t\u00f4i qua: <strong><a href=\"https:\/\/fb.com\/phukienflycam\" target=\"_blank\" rel=\"noopener noreferrer\"><span style=\"color: #0000ff;\">Fanpage Ph\u1ee5 Ki\u1ec7n Flytech<\/span><\/a><\/strong><\/span><\/p>\n","protected":false},"excerpt":{"rendered":"<p>Camera sun hood for Mavic 2 Camera sun hood for Mavic 2 Ph\u1ee5 ki\u1ec7n DJI mavic 2 pro zoom t\u1ea1i \u0111\u00e2y\u00a0 L\u00e0 m\u1ed9t trong nh\u1eefng\u00a0ph\u1ee5 ki\u1ec7n Mavic 2 pro zoom c\u1ea7n thi\u1ebft, \u0111\u01b0\u1ee3c h\u00e3ng\u00a0PGYTECH\u00a0thi\u1ebft k\u1ebf cho nh\u1eefng ng\u01b0\u1eddi d\u00f9ng th\u01b0\u1eddng xuy\u00ean ph\u1ea3i quay phim, ch\u1ee5p \u1ea3nh \u1edf nh\u1eefng n\u01a1i qu\u00e1 s\u00e1ng.\u00a0H\u1ed1c che n\u1eafng camera DJI &#8230;<\/p>\n","protected":false},"featured_media":4946,"comment_status":"open","ping_status":"closed","template":"","meta":{"_acf_changed":false},"product_brand":[],"product_cat":[177],"product_tag":[206,209],"class_list":{"0":"post-4955","1":"product","2":"type-product","3":"status-publish","4":"has-post-thumbnail","6":"product_cat-mavic-2s-accessory","7":"product_tag-phu-kien-dji-en","8":"product_tag-phu-kien-mavic-2-en","10":"first","11":"instock","12":"shipping-taxable","13":"purchasable","14":"product-type-simple"},"acf":[],"yoast_head":"<!-- This site is optimized with the Yoast SEO plugin v25.7 - https:\/\/yoast.com\/wordpress\/plugins\/seo\/ -->\n<title>Camera sun hood for Mavic 2 - Mavic 2 accessory - Available - Original<\/title>\n<meta name=\"description\" content=\"Camera sun hood for Mavic 2 is one of the most important accessory. Contact us to buy Camera sun hood for Mavic 2 for best price.\" \/>\n<meta name=\"robots\" content=\"index, follow, max-snippet:-1, max-image-preview:large, max-video-preview:-1\" \/>\n<link rel=\"canonical\" href=\"https:\/\/phukienflytech.vn\/en\/san-pham\/camera-sun-hood-for-mavic-2.html\" \/>\n<meta property=\"og:locale\" content=\"en_US\" \/>\n<meta property=\"og:type\" content=\"article\" \/>\n<meta property=\"og:title\" content=\"Camera sun hood for Mavic 2 - Mavic 2 accessory - Available - Original\" \/>\n<meta property=\"og:description\" content=\"Camera sun hood for Mavic 2 is one of the most important accessory. Contact us to buy Camera sun hood for Mavic 2 for best price.\" \/>\n<meta property=\"og:url\" content=\"https:\/\/phukienflytech.vn\/en\/san-pham\/camera-sun-hood-for-mavic-2.html\" \/>\n<meta property=\"og:site_name\" content=\"Shop M\u00e1y \u1ea3nh - Action Camera - Gimbal - Flycam - Ph\u1ee5 ki\u1ec7n\" \/>\n<meta property=\"article:publisher\" content=\"https:\/\/facebook.com\/phukienflycam\" \/>\n<meta property=\"article:modified_time\" content=\"2022-08-18T10:12:26+00:00\" \/>\n<meta property=\"og:image\" content=\"https:\/\/phukienflytech.vn\/wp-content\/uploads\/2020\/05\/phu-kien-flycam-dji-mavic-2-pro-zoom-hoc-che-nang-camera-pgytehc_-_Copy_2.png\" \/>\n\t<meta property=\"og:image:width\" content=\"300\" \/>\n\t<meta property=\"og:image:height\" content=\"300\" \/>\n\t<meta property=\"og:image:type\" content=\"image\/png\" \/>\n<meta name=\"twitter:card\" content=\"summary_large_image\" \/>\n<meta name=\"twitter:label1\" content=\"Est. reading time\" \/>\n\t<meta name=\"twitter:data1\" content=\"2 minutes\" \/>\n<script type=\"application\/ld+json\" class=\"yoast-schema-graph\">{\"@context\":\"https:\/\/schema.org\",\"@graph\":[{\"@type\":\"WebPage\",\"@id\":\"https:\/\/phukienflytech.vn\/en\/san-pham\/camera-sun-hood-for-mavic-2.html\",\"url\":\"https:\/\/phukienflytech.vn\/en\/san-pham\/camera-sun-hood-for-mavic-2.html\",\"name\":\"Camera sun hood for Mavic 2 - Mavic 2 accessory - Available - Original\",\"isPartOf\":{\"@id\":\"https:\/\/phukienflytech.vn\/#website\"},\"primaryImageOfPage\":{\"@id\":\"https:\/\/phukienflytech.vn\/en\/san-pham\/camera-sun-hood-for-mavic-2.html#primaryimage\"},\"image\":{\"@id\":\"https:\/\/phukienflytech.vn\/en\/san-pham\/camera-sun-hood-for-mavic-2.html#primaryimage\"},\"thumbnailUrl\":\"https:\/\/phukienflytech.vn\/wp-content\/uploads\/2020\/05\/phu-kien-flycam-dji-mavic-2-pro-zoom-hoc-che-nang-camera-pgytehc_-_Copy_2.png\",\"datePublished\":\"2020-06-20T15:28:18+00:00\",\"dateModified\":\"2022-08-18T10:12:26+00:00\",\"description\":\"Camera sun hood for Mavic 2 is one of the most important accessory. Contact us to buy Camera sun hood for Mavic 2 for best price.\",\"breadcrumb\":{\"@id\":\"https:\/\/phukienflytech.vn\/en\/san-pham\/camera-sun-hood-for-mavic-2.html#breadcrumb\"},\"inLanguage\":\"en-US\",\"potentialAction\":[{\"@type\":\"ReadAction\",\"target\":[\"https:\/\/phukienflytech.vn\/en\/san-pham\/camera-sun-hood-for-mavic-2.html\"]}]},{\"@type\":\"ImageObject\",\"inLanguage\":\"en-US\",\"@id\":\"https:\/\/phukienflytech.vn\/en\/san-pham\/camera-sun-hood-for-mavic-2.html#primaryimage\",\"url\":\"https:\/\/phukienflytech.vn\/wp-content\/uploads\/2020\/05\/phu-kien-flycam-dji-mavic-2-pro-zoom-hoc-che-nang-camera-pgytehc_-_Copy_2.png\",\"contentUrl\":\"https:\/\/phukienflytech.vn\/wp-content\/uploads\/2020\/05\/phu-kien-flycam-dji-mavic-2-pro-zoom-hoc-che-nang-camera-pgytehc_-_Copy_2.png\",\"width\":300,\"height\":300},{\"@type\":\"BreadcrumbList\",\"@id\":\"https:\/\/phukienflytech.vn\/en\/san-pham\/camera-sun-hood-for-mavic-2.html#breadcrumb\",\"itemListElement\":[{\"@type\":\"ListItem\",\"position\":1,\"name\":\"Home\",\"item\":\"https:\/\/phukienflytech.vn\/en\"},{\"@type\":\"ListItem\",\"position\":2,\"name\":\"Ph\u1ee5 ki\u1ec7n Mavic Pro\",\"item\":\"https:\/\/phukienflytech.vn\/en\/phu-kien-mavic-pro.html\"},{\"@type\":\"ListItem\",\"position\":3,\"name\":\"DJI Osmo &amp; Drone's accessories\",\"item\":\"https:\/\/phukienflytech.vn\/en\/danh-muc\/dji-osmo-drones-accessories.html\"},{\"@type\":\"ListItem\",\"position\":4,\"name\":\"Ph\u1ee5 ki\u1ec7n DJI Mavic 2\",\"item\":\"https:\/\/phukienflytech.vn\/en\/danh-muc\/mavic-2s-accessory.html\"},{\"@type\":\"ListItem\",\"position\":5,\"name\":\"Camera sun hood for Mavic 2 &#8211; PGYtech\"}]},{\"@type\":\"WebSite\",\"@id\":\"https:\/\/phukienflytech.vn\/#website\",\"url\":\"https:\/\/phukienflytech.vn\/\",\"name\":\"Shop M\u00e1y \u1ea3nh - Action Camera - Gimbal - Flycam - Ph\u1ee5 ki\u1ec7n\",\"description\":\"Shop M\u00e1y \u1ea3nh - Action Camera - Gimbal - Flycam - Ph\u1ee5 ki\u1ec7n\",\"publisher\":{\"@id\":\"https:\/\/phukienflytech.vn\/#organization\"},\"potentialAction\":[{\"@type\":\"SearchAction\",\"target\":{\"@type\":\"EntryPoint\",\"urlTemplate\":\"https:\/\/phukienflytech.vn\/?s={search_term_string}\"},\"query-input\":{\"@type\":\"PropertyValueSpecification\",\"valueRequired\":true,\"valueName\":\"search_term_string\"}}],\"inLanguage\":\"en-US\"},{\"@type\":\"Organization\",\"@id\":\"https:\/\/phukienflytech.vn\/#organization\",\"name\":\"DJI Store - Shop Drone, Action camera, Gimbal DJI |Phukienflytech\",\"alternateName\":\"DJI Store - Shop Drone, Action camera, Gimbal DJI |Phukienflytech\",\"url\":\"https:\/\/phukienflytech.vn\/\",\"logo\":{\"@type\":\"ImageObject\",\"inLanguage\":\"en-US\",\"@id\":\"https:\/\/phukienflytech.vn\/#\/schema\/logo\/image\/\",\"url\":\"https:\/\/phukienflytech.vn\/wp-content\/uploads\/2020\/05\/hAnh_nan.jpg1_.jpg\",\"contentUrl\":\"https:\/\/phukienflytech.vn\/wp-content\/uploads\/2020\/05\/hAnh_nan.jpg1_.jpg\",\"width\":800,\"height\":450,\"caption\":\"DJI Store - Shop Drone, Action camera, Gimbal DJI |Phukienflytech\"},\"image\":{\"@id\":\"https:\/\/phukienflytech.vn\/#\/schema\/logo\/image\/\"},\"sameAs\":[\"https:\/\/facebook.com\/phukienflycam\",\"https:\/\/www.youtube.com\/@phukienflytech\",\"https:\/\/www.tiktok.com\/@flytech.channel?fbclid=IwY2xjawGjg7BleHRuA2FlbQIxMAABHYVGmlXpuSMs0UB2zTpYvyT4GMVfN2qJa4urF4vkSQ6FAVBwXZtDP30qQA_aem_UwMiDcUvlEbd2tXAmsc8Og\"]}]}<\/script>\n<!-- \/ Yoast SEO plugin. -->","yoast_head_json":{"title":"Camera sun hood for Mavic 2 - Mavic 2 accessory - Available - Original","description":"Camera sun hood for Mavic 2 is one of the most important accessory. Contact us to buy Camera sun hood for Mavic 2 for best price.","robots":{"index":"index","follow":"follow","max-snippet":"max-snippet:-1","max-image-preview":"max-image-preview:large","max-video-preview":"max-video-preview:-1"},"canonical":"https:\/\/phukienflytech.vn\/en\/san-pham\/camera-sun-hood-for-mavic-2.html","og_locale":"en_US","og_type":"article","og_title":"Camera sun hood for Mavic 2 - Mavic 2 accessory - Available - Original","og_description":"Camera sun hood for Mavic 2 is one of the most important accessory. Contact us to buy Camera sun hood for Mavic 2 for best price.","og_url":"https:\/\/phukienflytech.vn\/en\/san-pham\/camera-sun-hood-for-mavic-2.html","og_site_name":"Shop M\u00e1y \u1ea3nh - Action Camera - Gimbal - Flycam - Ph\u1ee5 ki\u1ec7n","article_publisher":"https:\/\/facebook.com\/phukienflycam","article_modified_time":"2022-08-18T10:12:26+00:00","og_image":[{"width":300,"height":300,"url":"https:\/\/phukienflytech.vn\/wp-content\/uploads\/2020\/05\/phu-kien-flycam-dji-mavic-2-pro-zoom-hoc-che-nang-camera-pgytehc_-_Copy_2.png","type":"image\/png"}],"twitter_card":"summary_large_image","twitter_misc":{"Est. reading time":"2 minutes"},"schema":{"@context":"https:\/\/schema.org","@graph":[{"@type":"WebPage","@id":"https:\/\/phukienflytech.vn\/en\/san-pham\/camera-sun-hood-for-mavic-2.html","url":"https:\/\/phukienflytech.vn\/en\/san-pham\/camera-sun-hood-for-mavic-2.html","name":"Camera sun hood for Mavic 2 - Mavic 2 accessory - Available - Original","isPartOf":{"@id":"https:\/\/phukienflytech.vn\/#website"},"primaryImageOfPage":{"@id":"https:\/\/phukienflytech.vn\/en\/san-pham\/camera-sun-hood-for-mavic-2.html#primaryimage"},"image":{"@id":"https:\/\/phukienflytech.vn\/en\/san-pham\/camera-sun-hood-for-mavic-2.html#primaryimage"},"thumbnailUrl":"https:\/\/phukienflytech.vn\/wp-content\/uploads\/2020\/05\/phu-kien-flycam-dji-mavic-2-pro-zoom-hoc-che-nang-camera-pgytehc_-_Copy_2.png","datePublished":"2020-06-20T15:28:18+00:00","dateModified":"2022-08-18T10:12:26+00:00","description":"Camera sun hood for Mavic 2 is one of the most important accessory. Contact us to buy Camera sun hood for Mavic 2 for best price.","breadcrumb":{"@id":"https:\/\/phukienflytech.vn\/en\/san-pham\/camera-sun-hood-for-mavic-2.html#breadcrumb"},"inLanguage":"en-US","potentialAction":[{"@type":"ReadAction","target":["https:\/\/phukienflytech.vn\/en\/san-pham\/camera-sun-hood-for-mavic-2.html"]}]},{"@type":"ImageObject","inLanguage":"en-US","@id":"https:\/\/phukienflytech.vn\/en\/san-pham\/camera-sun-hood-for-mavic-2.html#primaryimage","url":"https:\/\/phukienflytech.vn\/wp-content\/uploads\/2020\/05\/phu-kien-flycam-dji-mavic-2-pro-zoom-hoc-che-nang-camera-pgytehc_-_Copy_2.png","contentUrl":"https:\/\/phukienflytech.vn\/wp-content\/uploads\/2020\/05\/phu-kien-flycam-dji-mavic-2-pro-zoom-hoc-che-nang-camera-pgytehc_-_Copy_2.png","width":300,"height":300},{"@type":"BreadcrumbList","@id":"https:\/\/phukienflytech.vn\/en\/san-pham\/camera-sun-hood-for-mavic-2.html#breadcrumb","itemListElement":[{"@type":"ListItem","position":1,"name":"Home","item":"https:\/\/phukienflytech.vn\/en"},{"@type":"ListItem","position":2,"name":"Ph\u1ee5 ki\u1ec7n Mavic Pro","item":"https:\/\/phukienflytech.vn\/en\/phu-kien-mavic-pro.html"},{"@type":"ListItem","position":3,"name":"DJI Osmo &amp; Drone's accessories","item":"https:\/\/phukienflytech.vn\/en\/danh-muc\/dji-osmo-drones-accessories.html"},{"@type":"ListItem","position":4,"name":"Ph\u1ee5 ki\u1ec7n DJI Mavic 2","item":"https:\/\/phukienflytech.vn\/en\/danh-muc\/mavic-2s-accessory.html"},{"@type":"ListItem","position":5,"name":"Camera sun hood for Mavic 2 &#8211; PGYtech"}]},{"@type":"WebSite","@id":"https:\/\/phukienflytech.vn\/#website","url":"https:\/\/phukienflytech.vn\/","name":"Shop M\u00e1y \u1ea3nh - Action Camera - Gimbal - Flycam - Ph\u1ee5 ki\u1ec7n","description":"Shop M\u00e1y \u1ea3nh - Action Camera - Gimbal - Flycam - Ph\u1ee5 ki\u1ec7n","publisher":{"@id":"https:\/\/phukienflytech.vn\/#organization"},"potentialAction":[{"@type":"SearchAction","target":{"@type":"EntryPoint","urlTemplate":"https:\/\/phukienflytech.vn\/?s={search_term_string}"},"query-input":{"@type":"PropertyValueSpecification","valueRequired":true,"valueName":"search_term_string"}}],"inLanguage":"en-US"},{"@type":"Organization","@id":"https:\/\/phukienflytech.vn\/#organization","name":"DJI Store - Shop Drone, Action camera, Gimbal DJI |Phukienflytech","alternateName":"DJI Store - Shop Drone, Action camera, Gimbal DJI |Phukienflytech","url":"https:\/\/phukienflytech.vn\/","logo":{"@type":"ImageObject","inLanguage":"en-US","@id":"https:\/\/phukienflytech.vn\/#\/schema\/logo\/image\/","url":"https:\/\/phukienflytech.vn\/wp-content\/uploads\/2020\/05\/hAnh_nan.jpg1_.jpg","contentUrl":"https:\/\/phukienflytech.vn\/wp-content\/uploads\/2020\/05\/hAnh_nan.jpg1_.jpg","width":800,"height":450,"caption":"DJI Store - Shop Drone, Action camera, Gimbal DJI |Phukienflytech"},"image":{"@id":"https:\/\/phukienflytech.vn\/#\/schema\/logo\/image\/"},"sameAs":["https:\/\/facebook.com\/phukienflycam","https:\/\/www.youtube.com\/@phukienflytech","https:\/\/www.tiktok.com\/@flytech.channel?fbclid=IwY2xjawGjg7BleHRuA2FlbQIxMAABHYVGmlXpuSMs0UB2zTpYvyT4GMVfN2qJa4urF4vkSQ6FAVBwXZtDP30qQA_aem_UwMiDcUvlEbd2tXAmsc8Og"]}]}},"_links":{"self":[{"href":"https:\/\/phukienflytech.vn\/en\/wp-json\/wp\/v2\/product\/4955","targetHints":{"allow":["GET"]}}],"collection":[{"href":"https:\/\/phukienflytech.vn\/en\/wp-json\/wp\/v2\/product"}],"about":[{"href":"https:\/\/phukienflytech.vn\/en\/wp-json\/wp\/v2\/types\/product"}],"replies":[{"embeddable":true,"href":"https:\/\/phukienflytech.vn\/en\/wp-json\/wp\/v2\/comments?post=4955"}],"wp:featuredmedia":[{"embeddable":true,"href":"https:\/\/phukienflytech.vn\/en\/wp-json\/wp\/v2\/media\/4946"}],"wp:attachment":[{"href":"https:\/\/phukienflytech.vn\/en\/wp-json\/wp\/v2\/media?parent=4955"}],"wp:term":[{"taxonomy":"product_brand","embeddable":true,"href":"https:\/\/phukienflytech.vn\/en\/wp-json\/wp\/v2\/product_brand?post=4955"},{"taxonomy":"product_cat","embeddable":true,"href":"https:\/\/phukienflytech.vn\/en\/wp-json\/wp\/v2\/product_cat?post=4955"},{"taxonomy":"product_tag","embeddable":true,"href":"https:\/\/phukienflytech.vn\/en\/wp-json\/wp\/v2\/product_tag?post=4955"}],"curies":[{"name":"wp","href":"https:\/\/api.w.org\/{rel}","templated":true}]}}