{"id":5034,"date":"2020-06-16T16:12:36","date_gmt":"2020-06-16T09:12:36","guid":{"rendered":"http:\/\/27430.lamdx.vinawebsite.vn\/san-pham\/skin-gia-carbon-mavic-pro.html"},"modified":"2021-03-27T18:23:14","modified_gmt":"2021-03-27T11:23:14","slug":"carbon-filter-skin-mavic-pro","status":"publish","type":"product","link":"https:\/\/phukienflytech.vn\/en\/san-pham\/carbon-filter-skin-mavic-pro.html","title":{"rendered":"Carbon filter skin kit for Mavic pro"},"content":{"rendered":"<h2 class=\"fw_medium title_single_product\"><span style=\"color: #0000ff;\"><em><strong>Carbon filter skin Mavic pro<\/strong><\/em><\/span><\/h2>\n<p>&nbsp;<\/p>\n<p><span style=\"font-size: 18px;\">Carbon filter skin Mavic pro<\/span><\/p>\n<p><span style=\"font-size: 18px;\">Thi\u1ebft k\u1ebf c\u1ee7a h\u00e3ng DJI cho nh\u1eefng chi\u1ebfc flycam \u0111\u01a1n thu\u1ea7n l\u00e0 m\u00e0u \u0111en tuy\u1ec1n\u00a0 t\u1ea1o l\u00ean m\u1ed9t v\u1ebb \u0111\u1eb9p th\u1eadt sang tr\u1ecdng, huy\u1ec1n b\u00ed. Tuy nhi\u00ean, v\u1edbi m\u1ed9t s\u1ed1 Pilot kh\u00f4ng y\u00eau th\u00edch s\u1ef1 nh\u00e0m ch\u00e1n \u0111\u01a1n \u0111i\u1ec7u th\u00ec m\u00e0u \u0111en \u0111\u00f3 l\u1ea1i kh\u00f4ng \u0111em l\u1ea1i s\u1ef1 h\u00e0i l\u00f2ng. <strong>Skin gi\u1ea3 carbon Mavic pro<\/strong> s\u1ebd gi\u00fap b\u1ea1n c\u1ea3 th\u1ea5y th\u00edch th\u00fa v\u1edbi s\u1ef1 thay \u0111\u1ed5i c\u1ee7a chi\u1ebfc m\u00e1y.<\/span><\/p>\n<p><span style=\"font-size: 18px;\"><img loading=\"lazy\" decoding=\"async\" class=\"alignnone wp-image-16067 size-full\" src=\"https:\/\/phukienflytech.vn\/wp-content\/uploads\/2020\/05\/skin-gia-carbon-mavic-pro-5018-6.jpg\" alt=\"Carbon-filter-skin-Mavic-pro-1\" width=\"400\" height=\"225\" \/> <img loading=\"lazy\" decoding=\"async\" class=\"alignnone size-medium wp-image-16069\" src=\"https:\/\/phukienflytech.vn\/wp-content\/uploads\/2020\/05\/skin-gia-carbon-mavic-pro-5018-1-1.jpg\" alt=\"\" width=\"400\" height=\"300\" \/><\/span><\/p>\n<p><span style=\"font-size: 18px;\">V\u1eady h\u1ecd \u0111\u00e3 l\u00e0m g\u00ec \u0111\u1ec3 lo\u1ea1i b\u1ecf s\u1ef1 nh\u00e0m ch\u00e1n \u0111\u00f3?<\/span><\/p>\n<p>&nbsp;<\/p>\n<p><span style=\"font-size: 18px;\">Skin !!!!\u00a0 C\u00f3 c\u00e1c m\u1eabu c\u01a1 b\u1ea3n: D\u01b0\u1edbi d\u1ea1ng gi\u1ea3 carbon b\u00f3ng<\/span><\/p>\n<p><span style=\"font-size: 18px;\"><img loading=\"lazy\" decoding=\"async\" class=\"alignnone size-medium wp-image-16071\" src=\"https:\/\/phukienflytech.vn\/wp-content\/uploads\/2020\/05\/skin-gia-carbon-mavic-pro-5018-2-1.jpg\" alt=\"\" width=\"400\" height=\"350\" \/><\/span><\/p>\n<p><span style=\"font-size: 18px;\">&#8211; M\u00e0u\u00a0t\u00edm \u0111\u1ecf<\/span><\/p>\n<p><span style=\"font-size: 18px;\"><img loading=\"lazy\" decoding=\"async\" class=\"alignnone size-medium wp-image-16073\" src=\"https:\/\/phukienflytech.vn\/wp-content\/uploads\/2020\/05\/skin-gia-carbon-mavic-pro-5018-3-1.jpg\" alt=\"\" width=\"400\" height=\"372\" \/><\/span><\/p>\n<p><span style=\"font-size: 18px;\">&#8211; M\u00e0u \u0111\u1ecf\u00a0<\/span><\/p>\n<p><span style=\"font-size: 18px;\"><img loading=\"lazy\" decoding=\"async\" class=\"alignnone wp-image-16075 \" src=\"https:\/\/phukienflytech.vn\/wp-content\/uploads\/2020\/05\/skin-gia-carbon-mavic-pro-5018-4-1-280x280.jpg\" alt=\"Carbon-filter-skin-Mavic-pro-9\" width=\"443\" height=\"443\" srcset=\"https:\/\/phukienflytech.vn\/wp-content\/uploads\/2020\/05\/skin-gia-carbon-mavic-pro-5018-4-1-280x280.jpg 280w, https:\/\/phukienflytech.vn\/wp-content\/uploads\/2020\/05\/skin-gia-carbon-mavic-pro-5018-4-1-300x300.jpg 300w, https:\/\/phukienflytech.vn\/wp-content\/uploads\/2020\/05\/skin-gia-carbon-mavic-pro-5018-4-1-100x100.jpg 100w\" sizes=\"auto, (max-width: 443px) 100vw, 443px\" \/><\/span><\/p>\n<p><span style=\"font-size: 18px;\">&#8211; M\u1ed9t b\u1ed9 skin gi\u1ea3n \u0111\u1ee7 c\u00e1c part g\u1ed3m :<\/span><\/p>\n<p><span style=\"font-size: 18px;\">+ Tay Khi\u1ec3n<\/span><\/p>\n<p><span style=\"font-size: 18px;\">+ Body mavic<\/span><\/p>\n<p><span style=\"font-size: 18px;\">+ 3 pin c\u1ee7a mavic<\/span><\/p>\n<p><span style=\"font-size: 19px;\"><strong>&gt;&gt; <\/strong>Learn More : <strong><a href=\"https:\/\/phukienflytech.vn\/danh-muc\/phu-kien-mavic-pro.html\">Mavic pro Accessories<\/a><\/strong><\/span><\/p>\n<p><span style=\"font-size: 18px;\"><img loading=\"lazy\" decoding=\"async\" class=\"alignnone wp-image-16077 \" src=\"https:\/\/phukienflytech.vn\/wp-content\/uploads\/2020\/05\/skin-gia-carbon-mavic-pro-5018-5-1-280x280.jpg\" alt=\"Carbon-filter-skin-Mavic-pro\" width=\"345\" height=\"345\" srcset=\"https:\/\/phukienflytech.vn\/wp-content\/uploads\/2020\/05\/skin-gia-carbon-mavic-pro-5018-5-1-280x280.jpg 280w, https:\/\/phukienflytech.vn\/wp-content\/uploads\/2020\/05\/skin-gia-carbon-mavic-pro-5018-5-1-300x300.jpg 300w, https:\/\/phukienflytech.vn\/wp-content\/uploads\/2020\/05\/skin-gia-carbon-mavic-pro-5018-5-1-100x100.jpg 100w\" sizes=\"auto, (max-width: 345px) 100vw, 345px\" \/><\/span><\/p>\n<p><span style=\"font-size: 18px;\">H\u00e3y \u0111\u1ec3\u00a0<a href=\"https:\/\/facebook.com\/phukienflycam\/\" target=\"_blank\" rel=\"noopener noreferrer\">Ph\u1ee5 Ki\u1ec7n Fly-cam Gi\u00e1 T\u1ed1t<\/a>\u00a0ti\u1ebfp s\u1ee9c \u0111am m\u00ea, c\u00f4ng vi\u1ec7c c\u1ee7a b\u1ea1n, gi\u00fap b\u1ea1n th\u00eam ni\u1ec1m h\u1ee9ng kh\u1edfi trong \u0111am m\u00ea c\u0169ng nh\u01b0 c\u00f4ng vi\u1ec7c c\u1ee7a m\u00ecnh th\u00eam su\u00f4n s\u1ebb v\u00e0 c\u00f3 nh\u1eefng chuy\u1ebfn bay an to\u00e0n<\/span><\/p>\n<p><span style=\"font-size: 18px;\">Nh\u00e0 s\u1ea3n xu\u1ea5t: Sunnylife\u2013 Vendor cung c\u1ea5p ph\u1ee5 ki\u1ec7n, linh ki\u1ec7n cho DJI Flycam<\/span><\/p>\n","protected":false},"excerpt":{"rendered":"<p>Carbon filter skin Mavic pro &nbsp; Carbon filter skin Mavic pro Thi\u1ebft k\u1ebf c\u1ee7a h\u00e3ng DJI cho nh\u1eefng chi\u1ebfc flycam \u0111\u01a1n thu\u1ea7n l\u00e0 m\u00e0u \u0111en tuy\u1ec1n\u00a0 t\u1ea1o l\u00ean m\u1ed9t v\u1ebb \u0111\u1eb9p th\u1eadt sang tr\u1ecdng, huy\u1ec1n b\u00ed. Tuy nhi\u00ean, v\u1edbi m\u1ed9t s\u1ed1 Pilot kh\u00f4ng y\u00eau th\u00edch s\u1ef1 nh\u00e0m ch\u00e1n \u0111\u01a1n \u0111i\u1ec7u th\u00ec m\u00e0u \u0111en \u0111\u00f3 l\u1ea1i &#8230;<\/p>\n","protected":false},"featured_media":16472,"comment_status":"open","ping_status":"closed","template":"","meta":{"_acf_changed":false},"product_brand":[],"product_cat":[178],"product_tag":[223,345],"class_list":{"0":"post-5034","1":"product","2":"type-product","3":"status-publish","4":"has-post-thumbnail","6":"product_cat-mavic-pro-accessory","7":"product_tag-phu-kien-mavic-pro-en","8":"product_tag-skin-gia-carbon-mavic-pro-en","10":"first","11":"instock","12":"sale","13":"shipping-taxable","14":"purchasable","15":"product-type-simple"},"acf":[],"yoast_head":"<!-- This site is optimized with the Yoast SEO plugin v25.7 - https:\/\/yoast.com\/wordpress\/plugins\/seo\/ -->\n<title>Carbon filter skin Mavic pro - Mavic pro accessory - Available - Original<\/title>\n<meta name=\"description\" content=\"Carbon filter skin Mavic pro is one of the most important accessory. Contact us to buy Carbon filter skin Mavic pro for best price\" \/>\n<meta name=\"robots\" content=\"index, follow, max-snippet:-1, max-image-preview:large, max-video-preview:-1\" \/>\n<link rel=\"canonical\" href=\"https:\/\/phukienflytech.vn\/en\/san-pham\/carbon-filter-skin-mavic-pro.html\" \/>\n<meta property=\"og:locale\" content=\"en_US\" \/>\n<meta property=\"og:type\" content=\"article\" \/>\n<meta property=\"og:title\" content=\"Carbon filter skin Mavic pro - Mavic pro accessory - Available - Original\" \/>\n<meta property=\"og:description\" content=\"Carbon filter skin Mavic pro is one of the most important accessory. Contact us to buy Carbon filter skin Mavic pro for best price\" \/>\n<meta property=\"og:url\" content=\"https:\/\/phukienflytech.vn\/en\/san-pham\/carbon-filter-skin-mavic-pro.html\" \/>\n<meta property=\"og:site_name\" content=\"Shop M\u00e1y \u1ea3nh - Action Camera - Gimbal - Flycam - Ph\u1ee5 ki\u1ec7n\" \/>\n<meta property=\"article:publisher\" content=\"https:\/\/facebook.com\/phukienflycam\" \/>\n<meta property=\"article:modified_time\" content=\"2021-03-27T11:23:14+00:00\" \/>\n<meta property=\"og:image\" content=\"https:\/\/phukienflytech.vn\/wp-content\/uploads\/2020\/05\/skin_mavic.jpg\" \/>\n\t<meta property=\"og:image:width\" content=\"243\" \/>\n\t<meta property=\"og:image:height\" content=\"243\" \/>\n\t<meta property=\"og:image:type\" content=\"image\/jpeg\" \/>\n<meta name=\"twitter:card\" content=\"summary_large_image\" \/>\n<meta name=\"twitter:label1\" content=\"Est. reading time\" \/>\n\t<meta name=\"twitter:data1\" content=\"1 minute\" \/>\n<script type=\"application\/ld+json\" class=\"yoast-schema-graph\">{\"@context\":\"https:\/\/schema.org\",\"@graph\":[{\"@type\":\"WebPage\",\"@id\":\"https:\/\/phukienflytech.vn\/en\/san-pham\/carbon-filter-skin-mavic-pro.html\",\"url\":\"https:\/\/phukienflytech.vn\/en\/san-pham\/carbon-filter-skin-mavic-pro.html\",\"name\":\"Carbon filter skin Mavic pro - Mavic pro accessory - Available - Original\",\"isPartOf\":{\"@id\":\"https:\/\/phukienflytech.vn\/#website\"},\"primaryImageOfPage\":{\"@id\":\"https:\/\/phukienflytech.vn\/en\/san-pham\/carbon-filter-skin-mavic-pro.html#primaryimage\"},\"image\":{\"@id\":\"https:\/\/phukienflytech.vn\/en\/san-pham\/carbon-filter-skin-mavic-pro.html#primaryimage\"},\"thumbnailUrl\":\"https:\/\/phukienflytech.vn\/wp-content\/uploads\/2020\/05\/skin_mavic.jpg\",\"datePublished\":\"2020-06-16T09:12:36+00:00\",\"dateModified\":\"2021-03-27T11:23:14+00:00\",\"description\":\"Carbon filter skin Mavic pro is one of the most important accessory. Contact us to buy Carbon filter skin Mavic pro for best price\",\"breadcrumb\":{\"@id\":\"https:\/\/phukienflytech.vn\/en\/san-pham\/carbon-filter-skin-mavic-pro.html#breadcrumb\"},\"inLanguage\":\"en-US\",\"potentialAction\":[{\"@type\":\"ReadAction\",\"target\":[\"https:\/\/phukienflytech.vn\/en\/san-pham\/carbon-filter-skin-mavic-pro.html\"]}]},{\"@type\":\"ImageObject\",\"inLanguage\":\"en-US\",\"@id\":\"https:\/\/phukienflytech.vn\/en\/san-pham\/carbon-filter-skin-mavic-pro.html#primaryimage\",\"url\":\"https:\/\/phukienflytech.vn\/wp-content\/uploads\/2020\/05\/skin_mavic.jpg\",\"contentUrl\":\"https:\/\/phukienflytech.vn\/wp-content\/uploads\/2020\/05\/skin_mavic.jpg\",\"width\":243,\"height\":243},{\"@type\":\"BreadcrumbList\",\"@id\":\"https:\/\/phukienflytech.vn\/en\/san-pham\/carbon-filter-skin-mavic-pro.html#breadcrumb\",\"itemListElement\":[{\"@type\":\"ListItem\",\"position\":1,\"name\":\"Home\",\"item\":\"https:\/\/phukienflytech.vn\/en\"},{\"@type\":\"ListItem\",\"position\":2,\"name\":\"Ph\u1ee5 ki\u1ec7n Mavic Pro\",\"item\":\"https:\/\/phukienflytech.vn\/en\/phu-kien-mavic-pro.html\"},{\"@type\":\"ListItem\",\"position\":3,\"name\":\"DJI Osmo &amp; Drone's accessories\",\"item\":\"https:\/\/phukienflytech.vn\/en\/danh-muc\/dji-osmo-drones-accessories.html\"},{\"@type\":\"ListItem\",\"position\":4,\"name\":\"Mavic Pro Accessory\",\"item\":\"https:\/\/phukienflytech.vn\/en\/danh-muc\/mavic-pro-accessory.html\"},{\"@type\":\"ListItem\",\"position\":5,\"name\":\"Carbon filter skin kit for Mavic pro\"}]},{\"@type\":\"WebSite\",\"@id\":\"https:\/\/phukienflytech.vn\/#website\",\"url\":\"https:\/\/phukienflytech.vn\/\",\"name\":\"Shop M\u00e1y \u1ea3nh - Action Camera - Gimbal - Flycam - Ph\u1ee5 ki\u1ec7n\",\"description\":\"Shop M\u00e1y \u1ea3nh - Action Camera - Gimbal - Flycam - Ph\u1ee5 ki\u1ec7n\",\"publisher\":{\"@id\":\"https:\/\/phukienflytech.vn\/#organization\"},\"potentialAction\":[{\"@type\":\"SearchAction\",\"target\":{\"@type\":\"EntryPoint\",\"urlTemplate\":\"https:\/\/phukienflytech.vn\/?s={search_term_string}\"},\"query-input\":{\"@type\":\"PropertyValueSpecification\",\"valueRequired\":true,\"valueName\":\"search_term_string\"}}],\"inLanguage\":\"en-US\"},{\"@type\":\"Organization\",\"@id\":\"https:\/\/phukienflytech.vn\/#organization\",\"name\":\"DJI Store - Shop Drone, Action camera, Gimbal DJI |Phukienflytech\",\"alternateName\":\"DJI Store - Shop Drone, Action camera, Gimbal DJI |Phukienflytech\",\"url\":\"https:\/\/phukienflytech.vn\/\",\"logo\":{\"@type\":\"ImageObject\",\"inLanguage\":\"en-US\",\"@id\":\"https:\/\/phukienflytech.vn\/#\/schema\/logo\/image\/\",\"url\":\"https:\/\/phukienflytech.vn\/wp-content\/uploads\/2020\/05\/hAnh_nan.jpg1_.jpg\",\"contentUrl\":\"https:\/\/phukienflytech.vn\/wp-content\/uploads\/2020\/05\/hAnh_nan.jpg1_.jpg\",\"width\":800,\"height\":450,\"caption\":\"DJI Store - Shop Drone, Action camera, Gimbal DJI |Phukienflytech\"},\"image\":{\"@id\":\"https:\/\/phukienflytech.vn\/#\/schema\/logo\/image\/\"},\"sameAs\":[\"https:\/\/facebook.com\/phukienflycam\",\"https:\/\/www.youtube.com\/@phukienflytech\",\"https:\/\/www.tiktok.com\/@flytech.channel?fbclid=IwY2xjawGjg7BleHRuA2FlbQIxMAABHYVGmlXpuSMs0UB2zTpYvyT4GMVfN2qJa4urF4vkSQ6FAVBwXZtDP30qQA_aem_UwMiDcUvlEbd2tXAmsc8Og\"]}]}<\/script>\n<!-- \/ Yoast SEO plugin. -->","yoast_head_json":{"title":"Carbon filter skin Mavic pro - Mavic pro accessory - Available - Original","description":"Carbon filter skin Mavic pro is one of the most important accessory. Contact us to buy Carbon filter skin Mavic pro for best price","robots":{"index":"index","follow":"follow","max-snippet":"max-snippet:-1","max-image-preview":"max-image-preview:large","max-video-preview":"max-video-preview:-1"},"canonical":"https:\/\/phukienflytech.vn\/en\/san-pham\/carbon-filter-skin-mavic-pro.html","og_locale":"en_US","og_type":"article","og_title":"Carbon filter skin Mavic pro - Mavic pro accessory - Available - Original","og_description":"Carbon filter skin Mavic pro is one of the most important accessory. Contact us to buy Carbon filter skin Mavic pro for best price","og_url":"https:\/\/phukienflytech.vn\/en\/san-pham\/carbon-filter-skin-mavic-pro.html","og_site_name":"Shop M\u00e1y \u1ea3nh - Action Camera - Gimbal - Flycam - Ph\u1ee5 ki\u1ec7n","article_publisher":"https:\/\/facebook.com\/phukienflycam","article_modified_time":"2021-03-27T11:23:14+00:00","og_image":[{"width":243,"height":243,"url":"https:\/\/phukienflytech.vn\/wp-content\/uploads\/2020\/05\/skin_mavic.jpg","type":"image\/jpeg"}],"twitter_card":"summary_large_image","twitter_misc":{"Est. reading time":"1 minute"},"schema":{"@context":"https:\/\/schema.org","@graph":[{"@type":"WebPage","@id":"https:\/\/phukienflytech.vn\/en\/san-pham\/carbon-filter-skin-mavic-pro.html","url":"https:\/\/phukienflytech.vn\/en\/san-pham\/carbon-filter-skin-mavic-pro.html","name":"Carbon filter skin Mavic pro - Mavic pro accessory - Available - Original","isPartOf":{"@id":"https:\/\/phukienflytech.vn\/#website"},"primaryImageOfPage":{"@id":"https:\/\/phukienflytech.vn\/en\/san-pham\/carbon-filter-skin-mavic-pro.html#primaryimage"},"image":{"@id":"https:\/\/phukienflytech.vn\/en\/san-pham\/carbon-filter-skin-mavic-pro.html#primaryimage"},"thumbnailUrl":"https:\/\/phukienflytech.vn\/wp-content\/uploads\/2020\/05\/skin_mavic.jpg","datePublished":"2020-06-16T09:12:36+00:00","dateModified":"2021-03-27T11:23:14+00:00","description":"Carbon filter skin Mavic pro is one of the most important accessory. Contact us to buy Carbon filter skin Mavic pro for best price","breadcrumb":{"@id":"https:\/\/phukienflytech.vn\/en\/san-pham\/carbon-filter-skin-mavic-pro.html#breadcrumb"},"inLanguage":"en-US","potentialAction":[{"@type":"ReadAction","target":["https:\/\/phukienflytech.vn\/en\/san-pham\/carbon-filter-skin-mavic-pro.html"]}]},{"@type":"ImageObject","inLanguage":"en-US","@id":"https:\/\/phukienflytech.vn\/en\/san-pham\/carbon-filter-skin-mavic-pro.html#primaryimage","url":"https:\/\/phukienflytech.vn\/wp-content\/uploads\/2020\/05\/skin_mavic.jpg","contentUrl":"https:\/\/phukienflytech.vn\/wp-content\/uploads\/2020\/05\/skin_mavic.jpg","width":243,"height":243},{"@type":"BreadcrumbList","@id":"https:\/\/phukienflytech.vn\/en\/san-pham\/carbon-filter-skin-mavic-pro.html#breadcrumb","itemListElement":[{"@type":"ListItem","position":1,"name":"Home","item":"https:\/\/phukienflytech.vn\/en"},{"@type":"ListItem","position":2,"name":"Ph\u1ee5 ki\u1ec7n Mavic Pro","item":"https:\/\/phukienflytech.vn\/en\/phu-kien-mavic-pro.html"},{"@type":"ListItem","position":3,"name":"DJI Osmo &amp; Drone's accessories","item":"https:\/\/phukienflytech.vn\/en\/danh-muc\/dji-osmo-drones-accessories.html"},{"@type":"ListItem","position":4,"name":"Mavic Pro Accessory","item":"https:\/\/phukienflytech.vn\/en\/danh-muc\/mavic-pro-accessory.html"},{"@type":"ListItem","position":5,"name":"Carbon filter skin kit for Mavic pro"}]},{"@type":"WebSite","@id":"https:\/\/phukienflytech.vn\/#website","url":"https:\/\/phukienflytech.vn\/","name":"Shop M\u00e1y \u1ea3nh - Action Camera - Gimbal - Flycam - Ph\u1ee5 ki\u1ec7n","description":"Shop M\u00e1y \u1ea3nh - Action Camera - Gimbal - Flycam - Ph\u1ee5 ki\u1ec7n","publisher":{"@id":"https:\/\/phukienflytech.vn\/#organization"},"potentialAction":[{"@type":"SearchAction","target":{"@type":"EntryPoint","urlTemplate":"https:\/\/phukienflytech.vn\/?s={search_term_string}"},"query-input":{"@type":"PropertyValueSpecification","valueRequired":true,"valueName":"search_term_string"}}],"inLanguage":"en-US"},{"@type":"Organization","@id":"https:\/\/phukienflytech.vn\/#organization","name":"DJI Store - Shop Drone, Action camera, Gimbal DJI |Phukienflytech","alternateName":"DJI Store - Shop Drone, Action camera, Gimbal DJI |Phukienflytech","url":"https:\/\/phukienflytech.vn\/","logo":{"@type":"ImageObject","inLanguage":"en-US","@id":"https:\/\/phukienflytech.vn\/#\/schema\/logo\/image\/","url":"https:\/\/phukienflytech.vn\/wp-content\/uploads\/2020\/05\/hAnh_nan.jpg1_.jpg","contentUrl":"https:\/\/phukienflytech.vn\/wp-content\/uploads\/2020\/05\/hAnh_nan.jpg1_.jpg","width":800,"height":450,"caption":"DJI Store - Shop Drone, Action camera, Gimbal DJI |Phukienflytech"},"image":{"@id":"https:\/\/phukienflytech.vn\/#\/schema\/logo\/image\/"},"sameAs":["https:\/\/facebook.com\/phukienflycam","https:\/\/www.youtube.com\/@phukienflytech","https:\/\/www.tiktok.com\/@flytech.channel?fbclid=IwY2xjawGjg7BleHRuA2FlbQIxMAABHYVGmlXpuSMs0UB2zTpYvyT4GMVfN2qJa4urF4vkSQ6FAVBwXZtDP30qQA_aem_UwMiDcUvlEbd2tXAmsc8Og"]}]}},"_links":{"self":[{"href":"https:\/\/phukienflytech.vn\/en\/wp-json\/wp\/v2\/product\/5034","targetHints":{"allow":["GET"]}}],"collection":[{"href":"https:\/\/phukienflytech.vn\/en\/wp-json\/wp\/v2\/product"}],"about":[{"href":"https:\/\/phukienflytech.vn\/en\/wp-json\/wp\/v2\/types\/product"}],"replies":[{"embeddable":true,"href":"https:\/\/phukienflytech.vn\/en\/wp-json\/wp\/v2\/comments?post=5034"}],"wp:featuredmedia":[{"embeddable":true,"href":"https:\/\/phukienflytech.vn\/en\/wp-json\/wp\/v2\/media\/16472"}],"wp:attachment":[{"href":"https:\/\/phukienflytech.vn\/en\/wp-json\/wp\/v2\/media?parent=5034"}],"wp:term":[{"taxonomy":"product_brand","embeddable":true,"href":"https:\/\/phukienflytech.vn\/en\/wp-json\/wp\/v2\/product_brand?post=5034"},{"taxonomy":"product_cat","embeddable":true,"href":"https:\/\/phukienflytech.vn\/en\/wp-json\/wp\/v2\/product_cat?post=5034"},{"taxonomy":"product_tag","embeddable":true,"href":"https:\/\/phukienflytech.vn\/en\/wp-json\/wp\/v2\/product_tag?post=5034"}],"curies":[{"name":"wp","href":"https:\/\/api.w.org\/{rel}","templated":true}]}}