{"id":5049,"date":"2020-06-16T16:29:30","date_gmt":"2020-06-16T09:29:30","guid":{"rendered":"http:\/\/27430.lamdx.vinawebsite.vn\/san-pham\/tam-carbon-bao-ve-gimbal-mavic-pro.html"},"modified":"2020-10-19T08:58:38","modified_gmt":"2020-10-19T01:58:38","slug":"carbon-protection-pannel-mavic-pro","status":"publish","type":"product","link":"https:\/\/phukienflytech.vn\/en\/san-pham\/carbon-protection-pannel-mavic-pro.html","title":{"rendered":"Carbon filter protection pannel for mavic Pro"},"content":{"rendered":"<h2><span style=\"color: #0000ff;\"><em><strong>Carbon protection pannel mavic Pro<\/strong><\/em><\/span><\/h2>\n<p>&nbsp;<\/p>\n<p><span style=\"font-size: 18px;\">Carbon protection pannel mavic Pro<\/span><\/p>\n<p><span style=\"font-size: 18px;\">\u0110\u1ec3 gi\u1ea3m thi\u1ec3u t\u1ed1i \u0111a t\u1ed5n th\u01b0\u01a1ng, h\u01b0 h\u1ecfng cho ph\u1ea7n b\u1ee5ng v\u00e0 gimbal, camera c\u1ee7a Mavic rong tr\u01b0\u1eddng h\u1ee3p m\u00e1y bay b\u1ecb r\u01a1i r\u1edbt v\u00e0o c\u00e1c v\u1eadt nh\u00f4 l\u00ean th\u00ec gi\u1ea3i ph\u00e1p ch\u00ednh l\u00e0 <strong>T\u1ea5m carbon b\u1ea3o v\u1ec7 gimbal Mavic<\/strong> n\u00e0y. Khi b\u1ecb r\u1edbt s\u1ebd h\u1ea1n ch\u1ebf vi\u1ec7c m\u00e1y bay s\u1ebd b\u1ecb bung.<\/span><\/p>\n<p><span style=\"font-size: 18px;\"><img loading=\"lazy\" decoding=\"async\" class=\"alignnone size-medium wp-image-16057\" src=\"https:\/\/phukienflytech.vn\/wp-content\/uploads\/2020\/05\/tam-carbon-bao-ve-gimbal-mavic-pro-5035-5-400x400.jpg\" alt=\"\" width=\"400\" height=\"400\" srcset=\"https:\/\/phukienflytech.vn\/wp-content\/uploads\/2020\/05\/tam-carbon-bao-ve-gimbal-mavic-pro-5035-5.jpg 400w, https:\/\/phukienflytech.vn\/wp-content\/uploads\/2020\/05\/tam-carbon-bao-ve-gimbal-mavic-pro-5035-5-280x280.jpg 280w, https:\/\/phukienflytech.vn\/wp-content\/uploads\/2020\/05\/tam-carbon-bao-ve-gimbal-mavic-pro-5035-5-300x300.jpg 300w, https:\/\/phukienflytech.vn\/wp-content\/uploads\/2020\/05\/tam-carbon-bao-ve-gimbal-mavic-pro-5035-5-100x100.jpg 100w\" sizes=\"auto, (max-width: 400px) 100vw, 400px\" \/> <img loading=\"lazy\" decoding=\"async\" class=\"alignnone size-medium wp-image-16059\" src=\"https:\/\/phukienflytech.vn\/wp-content\/uploads\/2020\/05\/tam-carbon-bao-ve-gimbal-mavic-pro-5035-1-1.jpg\" alt=\"\" width=\"450\" height=\"253\" \/><\/span><\/p>\n<p><span style=\"font-size: 18px;\">\u0110\u00e3 c\u00f3 r\u1ea5t nhi\u1ec1u tr\u01b0\u1eddng h\u1ee3p ch\u00fang ta ph\u1ea3i thay nguy\u00ean c\u1ee5m gimbal, camera ch\u1ec9 v\u00ec ch\u01b0a b\u1ea3o v\u1ec7 ch\u00fang \u0111\u00fang m\u1ee9c, nh\u1eb9 h\u01a1n th\u00ec ph\u1ea3i thay th\u1ebf<a href=\"http:\/\/phukienflytech.vn\/san-pham\/cap-gimbal-mavic-pro.html\" target=\"_blank\" rel=\"noopener noreferrer\">\u00a0s\u1ee3i c\u00e1p gimbal\u00a0<\/a><\/span><\/p>\n<p><span style=\"font-size: 18px;\">Do v\u1eady, h\u00e3y trang b\u1ecb ngay cho Mavic c\u1ee7a m\u00ecnh m\u1ed9t t\u1ea5m l\u00e1 gi\u00e1p b\u1ea3o v\u1ec7 h\u1eefu hi\u1ec7u n\u00e0y<\/span><\/p>\n<p><span style=\"font-size: 18px;\">H\u1ed7 tr\u1ee3 thi\u1ebft b\u1ecb: Mavic pro \/ Mavic Platium<\/span><\/p>\n<p><span style=\"font-size: 18px;\"><img loading=\"lazy\" decoding=\"async\" class=\"alignnone size-medium wp-image-16061\" src=\"https:\/\/phukienflytech.vn\/wp-content\/uploads\/2020\/05\/tam-carbon-bao-ve-gimbal-mavic-pro-5035-2-1-400x400.jpg\" alt=\"\" width=\"400\" height=\"400\" srcset=\"https:\/\/phukienflytech.vn\/wp-content\/uploads\/2020\/05\/tam-carbon-bao-ve-gimbal-mavic-pro-5035-2-1.jpg 400w, https:\/\/phukienflytech.vn\/wp-content\/uploads\/2020\/05\/tam-carbon-bao-ve-gimbal-mavic-pro-5035-2-1-280x280.jpg 280w, https:\/\/phukienflytech.vn\/wp-content\/uploads\/2020\/05\/tam-carbon-bao-ve-gimbal-mavic-pro-5035-2-1-300x300.jpg 300w, https:\/\/phukienflytech.vn\/wp-content\/uploads\/2020\/05\/tam-carbon-bao-ve-gimbal-mavic-pro-5035-2-1-100x100.jpg 100w\" sizes=\"auto, (max-width: 400px) 100vw, 400px\" \/><\/span><\/p>\n<p><span style=\"font-size: 18px;\">Ch\u1ea5t li\u1ec7u: Carbon \u0111\u01b0\u1ee3c ti\u1ec7n ti\u1ec7n si\u00eau t\u1ec9 m\u1ec9, r\u1ea5t c\u1ee9ng<\/span><\/p>\n<p><span style=\"font-size: 18px;\">Thi\u1ebft k\u1ebf c\u1ee7a\u00a0<strong>s\u1ea3n ph\u1ea9m<\/strong>\u00a0c\u1ea3i ti\u1ebfn \u0111\u1eb9p h\u01a1n, b\u1eaft m\u1eaft h\u01a1n v\u00e0 quan tr\u1ecdng l\u00e0 kh\u00f4ng c\u00f3 b\u1ea5t k\u00ec m\u1ed9t t\u00e1c \u0111\u1ed9ng x\u1ea5u t\u1edbi m\u00e1y bay nh\u01b0 c\u00e1c ki\u1ec3u thi\u1ebft k\u1ebf tr\u01b0\u1edbc \u0111\u00e2y, kh\u00f4ng c\u1ea3n t\u1ea7m nh\u00ecn camera m\u1ed7i khi quay ch\u1ee5p c\u00fai 90 \u0111\u1ed9 v\u1edbi m\u1eb7t \u0111\u1ea5t.<\/span><\/p>\n<p><span style=\"font-size: 18px;\"><img loading=\"lazy\" decoding=\"async\" class=\"alignnone wp-image-16065 size-medium\" src=\"https:\/\/phukienflytech.vn\/wp-content\/uploads\/2020\/05\/tam-carbon-bao-ve-gimbal-mavic-pro-5035-4-1-400x400.jpg\" alt=\"Carbon-protection-pannel-mavic-Pro-6\" width=\"400\" height=\"400\" srcset=\"https:\/\/phukienflytech.vn\/wp-content\/uploads\/2020\/05\/tam-carbon-bao-ve-gimbal-mavic-pro-5035-4-1-400x400.jpg 400w, https:\/\/phukienflytech.vn\/wp-content\/uploads\/2020\/05\/tam-carbon-bao-ve-gimbal-mavic-pro-5035-4-1-280x280.jpg 280w, https:\/\/phukienflytech.vn\/wp-content\/uploads\/2020\/05\/tam-carbon-bao-ve-gimbal-mavic-pro-5035-4-1-300x300.jpg 300w, https:\/\/phukienflytech.vn\/wp-content\/uploads\/2020\/05\/tam-carbon-bao-ve-gimbal-mavic-pro-5035-4-1-100x100.jpg 100w, https:\/\/phukienflytech.vn\/wp-content\/uploads\/2020\/05\/tam-carbon-bao-ve-gimbal-mavic-pro-5035-4-1.jpg 450w\" sizes=\"auto, (max-width: 400px) 100vw, 400px\" \/><\/span><\/p>\n<p><span style=\"font-size: 18px;\">H\u00e3y \u0111\u1ec3\u00a0<a href=\"https:\/\/facebook.com\/phukienflycam\/\" target=\"_blank\" rel=\"noopener noreferrer\">Ph\u1ee5 Ki\u1ec7n Fly-cam Gi\u00e1 T\u1ed1t<\/a>\u00a0ti\u1ebfp s\u1ee9c \u0111am m\u00ea, c\u00f4ng vi\u1ec7c c\u1ee7a b\u1ea1n, gi\u00fap b\u1ea1n th\u00eam ni\u1ec1m h\u1ee9ng kh\u1edfi trong \u0111am m\u00ea c\u0169ng nh\u01b0 c\u00f4ng vi\u1ec7c c\u1ee7a m\u00ecnh th\u00eam su\u00f4n s\u1ebb, v\u00e0 c\u00f3 nh\u1eefng chuy\u1ebfn bay an to\u00e0n<\/span><\/p>\n<p><span style=\"font-size: 18px;\"><img loading=\"lazy\" decoding=\"async\" class=\"alignnone wp-image-16063 size-medium\" src=\"https:\/\/phukienflytech.vn\/wp-content\/uploads\/2020\/05\/tam-carbon-bao-ve-gimbal-mavic-pro-5035-3-1-400x400.jpg\" alt=\"Carbon-protection-pannel-mavic-Pro\" width=\"400\" height=\"400\" srcset=\"https:\/\/phukienflytech.vn\/wp-content\/uploads\/2020\/05\/tam-carbon-bao-ve-gimbal-mavic-pro-5035-3-1.jpg 400w, https:\/\/phukienflytech.vn\/wp-content\/uploads\/2020\/05\/tam-carbon-bao-ve-gimbal-mavic-pro-5035-3-1-280x280.jpg 280w, https:\/\/phukienflytech.vn\/wp-content\/uploads\/2020\/05\/tam-carbon-bao-ve-gimbal-mavic-pro-5035-3-1-300x300.jpg 300w, https:\/\/phukienflytech.vn\/wp-content\/uploads\/2020\/05\/tam-carbon-bao-ve-gimbal-mavic-pro-5035-3-1-100x100.jpg 100w\" sizes=\"auto, (max-width: 400px) 100vw, 400px\" \/><\/span><\/p>\n<p><span style=\"font-size: 18px;\">Ngay l\u00fac n\u00e0y, h\u00e3y trang b\u1ed5 sung ngay\u00a0<strong>b\u1ed9 s\u1ea3n ph\u1ea9m <\/strong>v\u00e0o b\u1ed9\u00a0<strong>ph\u1ee5 ki\u1ec7n mavic pro<\/strong>\u00a0<\/span><\/p>\n<p><span style=\"font-size: 18px;\">Nh\u00e0 s\u1ea3n xu\u1ea5t : Sunnylife \u2013 l\u00e0 m\u1ed9t trong nh\u1eefng Vendor cung c\u1ea5p c\u00e1c ph\u1ee5 ki\u1ec7n, linh ki\u1ec7n thay th\u1ebf cho DJI Flycam<\/span><\/p>\n","protected":false},"excerpt":{"rendered":"<p>Carbon protection pannel mavic Pro &nbsp; Carbon protection pannel mavic Pro \u0110\u1ec3 gi\u1ea3m thi\u1ec3u t\u1ed1i \u0111a t\u1ed5n th\u01b0\u01a1ng, h\u01b0 h\u1ecfng cho ph\u1ea7n b\u1ee5ng v\u00e0 gimbal, camera c\u1ee7a Mavic rong tr\u01b0\u1eddng h\u1ee3p m\u00e1y bay b\u1ecb r\u01a1i r\u1edbt v\u00e0o c\u00e1c v\u1eadt nh\u00f4 l\u00ean th\u00ec gi\u1ea3i ph\u00e1p ch\u00ednh l\u00e0 T\u1ea5m carbon b\u1ea3o v\u1ec7 gimbal Mavic n\u00e0y. Khi b\u1ecb &#8230;<\/p>\n","protected":false},"featured_media":16474,"comment_status":"open","ping_status":"closed","template":"","meta":{"_acf_changed":false},"product_brand":[],"product_cat":[178],"product_tag":[223,347],"class_list":{"0":"post-5049","1":"product","2":"type-product","3":"status-publish","4":"has-post-thumbnail","6":"product_cat-mavic-pro-accessory","7":"product_tag-phu-kien-mavic-pro-en","8":"product_tag-tam-carbon-bao-ve-gimbal-mavic-en","10":"first","11":"instock","12":"shipping-taxable","13":"purchasable","14":"product-type-simple"},"acf":[],"yoast_head":"<!-- This site is optimized with the Yoast SEO plugin v25.7 - https:\/\/yoast.com\/wordpress\/plugins\/seo\/ -->\n<title>Carbon protection pannel mavic Pro - Mavic pro accessory - Available<\/title>\n<meta name=\"description\" content=\"Carbon protection pannel mavic Pro is one of the most important accessory. Contact us to buy Carbon protection pannel mavic Pro\" \/>\n<meta name=\"robots\" content=\"index, follow, max-snippet:-1, max-image-preview:large, max-video-preview:-1\" \/>\n<link rel=\"canonical\" href=\"https:\/\/phukienflytech.vn\/en\/san-pham\/carbon-protection-pannel-mavic-pro.html\" \/>\n<meta property=\"og:locale\" content=\"en_US\" \/>\n<meta property=\"og:type\" content=\"article\" \/>\n<meta property=\"og:title\" content=\"Carbon protection pannel mavic Pro - Mavic pro accessory - Available\" \/>\n<meta property=\"og:description\" content=\"Carbon protection pannel mavic Pro is one of the most important accessory. Contact us to buy Carbon protection pannel mavic Pro\" \/>\n<meta property=\"og:url\" content=\"https:\/\/phukienflytech.vn\/en\/san-pham\/carbon-protection-pannel-mavic-pro.html\" \/>\n<meta property=\"og:site_name\" content=\"Shop M\u00e1y \u1ea3nh - Action Camera - Gimbal - Flycam - Ph\u1ee5 ki\u1ec7n\" \/>\n<meta property=\"article:publisher\" content=\"https:\/\/facebook.com\/phukienflycam\" \/>\n<meta property=\"article:modified_time\" content=\"2020-10-19T01:58:38+00:00\" \/>\n<meta property=\"og:image\" content=\"https:\/\/phukienflytech.vn\/wp-content\/uploads\/2020\/05\/300x300_tam_carbon.jpg\" \/>\n\t<meta property=\"og:image:width\" content=\"300\" \/>\n\t<meta property=\"og:image:height\" content=\"300\" \/>\n\t<meta property=\"og:image:type\" content=\"image\/jpeg\" \/>\n<meta name=\"twitter:card\" content=\"summary_large_image\" \/>\n<meta name=\"twitter:label1\" content=\"Est. reading time\" \/>\n\t<meta name=\"twitter:data1\" content=\"2 minutes\" \/>\n<script type=\"application\/ld+json\" class=\"yoast-schema-graph\">{\"@context\":\"https:\/\/schema.org\",\"@graph\":[{\"@type\":\"WebPage\",\"@id\":\"https:\/\/phukienflytech.vn\/en\/san-pham\/carbon-protection-pannel-mavic-pro.html\",\"url\":\"https:\/\/phukienflytech.vn\/en\/san-pham\/carbon-protection-pannel-mavic-pro.html\",\"name\":\"Carbon protection pannel mavic Pro - Mavic pro accessory - Available\",\"isPartOf\":{\"@id\":\"https:\/\/phukienflytech.vn\/#website\"},\"primaryImageOfPage\":{\"@id\":\"https:\/\/phukienflytech.vn\/en\/san-pham\/carbon-protection-pannel-mavic-pro.html#primaryimage\"},\"image\":{\"@id\":\"https:\/\/phukienflytech.vn\/en\/san-pham\/carbon-protection-pannel-mavic-pro.html#primaryimage\"},\"thumbnailUrl\":\"https:\/\/phukienflytech.vn\/wp-content\/uploads\/2020\/05\/300x300_tam_carbon.jpg\",\"datePublished\":\"2020-06-16T09:29:30+00:00\",\"dateModified\":\"2020-10-19T01:58:38+00:00\",\"description\":\"Carbon protection pannel mavic Pro is one of the most important accessory. Contact us to buy Carbon protection pannel mavic Pro\",\"breadcrumb\":{\"@id\":\"https:\/\/phukienflytech.vn\/en\/san-pham\/carbon-protection-pannel-mavic-pro.html#breadcrumb\"},\"inLanguage\":\"en-US\",\"potentialAction\":[{\"@type\":\"ReadAction\",\"target\":[\"https:\/\/phukienflytech.vn\/en\/san-pham\/carbon-protection-pannel-mavic-pro.html\"]}]},{\"@type\":\"ImageObject\",\"inLanguage\":\"en-US\",\"@id\":\"https:\/\/phukienflytech.vn\/en\/san-pham\/carbon-protection-pannel-mavic-pro.html#primaryimage\",\"url\":\"https:\/\/phukienflytech.vn\/wp-content\/uploads\/2020\/05\/300x300_tam_carbon.jpg\",\"contentUrl\":\"https:\/\/phukienflytech.vn\/wp-content\/uploads\/2020\/05\/300x300_tam_carbon.jpg\",\"width\":300,\"height\":300},{\"@type\":\"BreadcrumbList\",\"@id\":\"https:\/\/phukienflytech.vn\/en\/san-pham\/carbon-protection-pannel-mavic-pro.html#breadcrumb\",\"itemListElement\":[{\"@type\":\"ListItem\",\"position\":1,\"name\":\"Home\",\"item\":\"https:\/\/phukienflytech.vn\/en\"},{\"@type\":\"ListItem\",\"position\":2,\"name\":\"Ph\u1ee5 ki\u1ec7n Mavic Pro\",\"item\":\"https:\/\/phukienflytech.vn\/en\/phu-kien-mavic-pro.html\"},{\"@type\":\"ListItem\",\"position\":3,\"name\":\"DJI Osmo &amp; Drone's accessories\",\"item\":\"https:\/\/phukienflytech.vn\/en\/danh-muc\/dji-osmo-drones-accessories.html\"},{\"@type\":\"ListItem\",\"position\":4,\"name\":\"Mavic Pro Accessory\",\"item\":\"https:\/\/phukienflytech.vn\/en\/danh-muc\/mavic-pro-accessory.html\"},{\"@type\":\"ListItem\",\"position\":5,\"name\":\"Carbon filter protection pannel for mavic Pro\"}]},{\"@type\":\"WebSite\",\"@id\":\"https:\/\/phukienflytech.vn\/#website\",\"url\":\"https:\/\/phukienflytech.vn\/\",\"name\":\"Shop M\u00e1y \u1ea3nh - Action Camera - Gimbal - Flycam - Ph\u1ee5 ki\u1ec7n\",\"description\":\"Shop M\u00e1y \u1ea3nh - Action Camera - Gimbal - Flycam - Ph\u1ee5 ki\u1ec7n\",\"publisher\":{\"@id\":\"https:\/\/phukienflytech.vn\/#organization\"},\"potentialAction\":[{\"@type\":\"SearchAction\",\"target\":{\"@type\":\"EntryPoint\",\"urlTemplate\":\"https:\/\/phukienflytech.vn\/?s={search_term_string}\"},\"query-input\":{\"@type\":\"PropertyValueSpecification\",\"valueRequired\":true,\"valueName\":\"search_term_string\"}}],\"inLanguage\":\"en-US\"},{\"@type\":\"Organization\",\"@id\":\"https:\/\/phukienflytech.vn\/#organization\",\"name\":\"DJI Store - Shop Drone, Action camera, Gimbal DJI |Phukienflytech\",\"alternateName\":\"DJI Store - Shop Drone, Action camera, Gimbal DJI |Phukienflytech\",\"url\":\"https:\/\/phukienflytech.vn\/\",\"logo\":{\"@type\":\"ImageObject\",\"inLanguage\":\"en-US\",\"@id\":\"https:\/\/phukienflytech.vn\/#\/schema\/logo\/image\/\",\"url\":\"https:\/\/phukienflytech.vn\/wp-content\/uploads\/2020\/05\/hAnh_nan.jpg1_.jpg\",\"contentUrl\":\"https:\/\/phukienflytech.vn\/wp-content\/uploads\/2020\/05\/hAnh_nan.jpg1_.jpg\",\"width\":800,\"height\":450,\"caption\":\"DJI Store - Shop Drone, Action camera, Gimbal DJI |Phukienflytech\"},\"image\":{\"@id\":\"https:\/\/phukienflytech.vn\/#\/schema\/logo\/image\/\"},\"sameAs\":[\"https:\/\/facebook.com\/phukienflycam\",\"https:\/\/www.youtube.com\/@phukienflytech\",\"https:\/\/www.tiktok.com\/@flytech.channel?fbclid=IwY2xjawGjg7BleHRuA2FlbQIxMAABHYVGmlXpuSMs0UB2zTpYvyT4GMVfN2qJa4urF4vkSQ6FAVBwXZtDP30qQA_aem_UwMiDcUvlEbd2tXAmsc8Og\"]}]}<\/script>\n<!-- \/ Yoast SEO plugin. -->","yoast_head_json":{"title":"Carbon protection pannel mavic Pro - Mavic pro accessory - Available","description":"Carbon protection pannel mavic Pro is one of the most important accessory. Contact us to buy Carbon protection pannel mavic Pro","robots":{"index":"index","follow":"follow","max-snippet":"max-snippet:-1","max-image-preview":"max-image-preview:large","max-video-preview":"max-video-preview:-1"},"canonical":"https:\/\/phukienflytech.vn\/en\/san-pham\/carbon-protection-pannel-mavic-pro.html","og_locale":"en_US","og_type":"article","og_title":"Carbon protection pannel mavic Pro - Mavic pro accessory - Available","og_description":"Carbon protection pannel mavic Pro is one of the most important accessory. Contact us to buy Carbon protection pannel mavic Pro","og_url":"https:\/\/phukienflytech.vn\/en\/san-pham\/carbon-protection-pannel-mavic-pro.html","og_site_name":"Shop M\u00e1y \u1ea3nh - Action Camera - Gimbal - Flycam - Ph\u1ee5 ki\u1ec7n","article_publisher":"https:\/\/facebook.com\/phukienflycam","article_modified_time":"2020-10-19T01:58:38+00:00","og_image":[{"width":300,"height":300,"url":"https:\/\/phukienflytech.vn\/wp-content\/uploads\/2020\/05\/300x300_tam_carbon.jpg","type":"image\/jpeg"}],"twitter_card":"summary_large_image","twitter_misc":{"Est. reading time":"2 minutes"},"schema":{"@context":"https:\/\/schema.org","@graph":[{"@type":"WebPage","@id":"https:\/\/phukienflytech.vn\/en\/san-pham\/carbon-protection-pannel-mavic-pro.html","url":"https:\/\/phukienflytech.vn\/en\/san-pham\/carbon-protection-pannel-mavic-pro.html","name":"Carbon protection pannel mavic Pro - Mavic pro accessory - Available","isPartOf":{"@id":"https:\/\/phukienflytech.vn\/#website"},"primaryImageOfPage":{"@id":"https:\/\/phukienflytech.vn\/en\/san-pham\/carbon-protection-pannel-mavic-pro.html#primaryimage"},"image":{"@id":"https:\/\/phukienflytech.vn\/en\/san-pham\/carbon-protection-pannel-mavic-pro.html#primaryimage"},"thumbnailUrl":"https:\/\/phukienflytech.vn\/wp-content\/uploads\/2020\/05\/300x300_tam_carbon.jpg","datePublished":"2020-06-16T09:29:30+00:00","dateModified":"2020-10-19T01:58:38+00:00","description":"Carbon protection pannel mavic Pro is one of the most important accessory. Contact us to buy Carbon protection pannel mavic Pro","breadcrumb":{"@id":"https:\/\/phukienflytech.vn\/en\/san-pham\/carbon-protection-pannel-mavic-pro.html#breadcrumb"},"inLanguage":"en-US","potentialAction":[{"@type":"ReadAction","target":["https:\/\/phukienflytech.vn\/en\/san-pham\/carbon-protection-pannel-mavic-pro.html"]}]},{"@type":"ImageObject","inLanguage":"en-US","@id":"https:\/\/phukienflytech.vn\/en\/san-pham\/carbon-protection-pannel-mavic-pro.html#primaryimage","url":"https:\/\/phukienflytech.vn\/wp-content\/uploads\/2020\/05\/300x300_tam_carbon.jpg","contentUrl":"https:\/\/phukienflytech.vn\/wp-content\/uploads\/2020\/05\/300x300_tam_carbon.jpg","width":300,"height":300},{"@type":"BreadcrumbList","@id":"https:\/\/phukienflytech.vn\/en\/san-pham\/carbon-protection-pannel-mavic-pro.html#breadcrumb","itemListElement":[{"@type":"ListItem","position":1,"name":"Home","item":"https:\/\/phukienflytech.vn\/en"},{"@type":"ListItem","position":2,"name":"Ph\u1ee5 ki\u1ec7n Mavic Pro","item":"https:\/\/phukienflytech.vn\/en\/phu-kien-mavic-pro.html"},{"@type":"ListItem","position":3,"name":"DJI Osmo &amp; Drone's accessories","item":"https:\/\/phukienflytech.vn\/en\/danh-muc\/dji-osmo-drones-accessories.html"},{"@type":"ListItem","position":4,"name":"Mavic Pro Accessory","item":"https:\/\/phukienflytech.vn\/en\/danh-muc\/mavic-pro-accessory.html"},{"@type":"ListItem","position":5,"name":"Carbon filter protection pannel for mavic Pro"}]},{"@type":"WebSite","@id":"https:\/\/phukienflytech.vn\/#website","url":"https:\/\/phukienflytech.vn\/","name":"Shop M\u00e1y \u1ea3nh - Action Camera - Gimbal - Flycam - Ph\u1ee5 ki\u1ec7n","description":"Shop M\u00e1y \u1ea3nh - Action Camera - Gimbal - Flycam - Ph\u1ee5 ki\u1ec7n","publisher":{"@id":"https:\/\/phukienflytech.vn\/#organization"},"potentialAction":[{"@type":"SearchAction","target":{"@type":"EntryPoint","urlTemplate":"https:\/\/phukienflytech.vn\/?s={search_term_string}"},"query-input":{"@type":"PropertyValueSpecification","valueRequired":true,"valueName":"search_term_string"}}],"inLanguage":"en-US"},{"@type":"Organization","@id":"https:\/\/phukienflytech.vn\/#organization","name":"DJI Store - Shop Drone, Action camera, Gimbal DJI |Phukienflytech","alternateName":"DJI Store - Shop Drone, Action camera, Gimbal DJI |Phukienflytech","url":"https:\/\/phukienflytech.vn\/","logo":{"@type":"ImageObject","inLanguage":"en-US","@id":"https:\/\/phukienflytech.vn\/#\/schema\/logo\/image\/","url":"https:\/\/phukienflytech.vn\/wp-content\/uploads\/2020\/05\/hAnh_nan.jpg1_.jpg","contentUrl":"https:\/\/phukienflytech.vn\/wp-content\/uploads\/2020\/05\/hAnh_nan.jpg1_.jpg","width":800,"height":450,"caption":"DJI Store - Shop Drone, Action camera, Gimbal DJI |Phukienflytech"},"image":{"@id":"https:\/\/phukienflytech.vn\/#\/schema\/logo\/image\/"},"sameAs":["https:\/\/facebook.com\/phukienflycam","https:\/\/www.youtube.com\/@phukienflytech","https:\/\/www.tiktok.com\/@flytech.channel?fbclid=IwY2xjawGjg7BleHRuA2FlbQIxMAABHYVGmlXpuSMs0UB2zTpYvyT4GMVfN2qJa4urF4vkSQ6FAVBwXZtDP30qQA_aem_UwMiDcUvlEbd2tXAmsc8Og"]}]}},"_links":{"self":[{"href":"https:\/\/phukienflytech.vn\/en\/wp-json\/wp\/v2\/product\/5049","targetHints":{"allow":["GET"]}}],"collection":[{"href":"https:\/\/phukienflytech.vn\/en\/wp-json\/wp\/v2\/product"}],"about":[{"href":"https:\/\/phukienflytech.vn\/en\/wp-json\/wp\/v2\/types\/product"}],"replies":[{"embeddable":true,"href":"https:\/\/phukienflytech.vn\/en\/wp-json\/wp\/v2\/comments?post=5049"}],"wp:featuredmedia":[{"embeddable":true,"href":"https:\/\/phukienflytech.vn\/en\/wp-json\/wp\/v2\/media\/16474"}],"wp:attachment":[{"href":"https:\/\/phukienflytech.vn\/en\/wp-json\/wp\/v2\/media?parent=5049"}],"wp:term":[{"taxonomy":"product_brand","embeddable":true,"href":"https:\/\/phukienflytech.vn\/en\/wp-json\/wp\/v2\/product_brand?post=5049"},{"taxonomy":"product_cat","embeddable":true,"href":"https:\/\/phukienflytech.vn\/en\/wp-json\/wp\/v2\/product_cat?post=5049"},{"taxonomy":"product_tag","embeddable":true,"href":"https:\/\/phukienflytech.vn\/en\/wp-json\/wp\/v2\/product_tag?post=5049"}],"curies":[{"name":"wp","href":"https:\/\/api.w.org\/{rel}","templated":true}]}}