{"id":5084,"date":"2020-05-30T14:47:24","date_gmt":"2020-05-30T07:47:24","guid":{"rendered":"http:\/\/27430.lamdx.vinawebsite.vn\/san-pham\/combo-3-filter-cpl-nd8-nd16-dji-osmo-pocket.html"},"modified":"2020-10-09T16:35:14","modified_gmt":"2020-10-09T09:35:14","slug":"set-3-filter-osmo-pocket-3","status":"publish","type":"product","link":"https:\/\/phukienflytech.vn\/en\/san-pham\/set-3-filter-osmo-pocket-3.html","title":{"rendered":"Set 3 filter DJI Osmo Pocket &#8211; Sunnylife"},"content":{"rendered":"<h2><span style=\"color: #0000ff;\"><em><strong><span style=\"font-size: 21px;\">Set 3 filter Osmo Pocket<\/span><\/strong><\/em><\/span><\/h2>\n<p>&nbsp;<\/p>\n<p><span style=\"font-size: 18px;\">Set 3 filter Osmo Pocket<\/span><\/p>\n<p><span style=\"font-size: 18px;\">Quay phim, ch\u1ee5p h\u00ecnh trong m\u00f4i tr\u01b0\u1eddng t\u1ef1 nhi\u00ean ch\u01b0a bao gi\u1edd d\u1ec5 d\u00e0ng, b\u1edbi n\u00f3 y\u00eau c\u1ea7u b\u1ea1n c\u00f3 nhi\u1ec1u k\u1ef9 n\u0103ng \u0111\u1ec3 setting m\u00e1y v\u1edbi \u0111i\u1ec1u ki\u1ec7n quay. Tuy nhi\u00ean \u0111\u1ec3 c\u00f3 th\u1ec3 h\u1ea1n ch\u1ebf nh\u1eefng y\u1ebfu t\u1ed1 b\u00ean ngo\u00e0i t\u1edbi camera th\u00ec vi\u1ec7c s\u1eed d\u1ee5ng th\u00eam nh\u1eefng<strong>\u00a0k\u00ednh l\u1ecdc camera<\/strong> s\u1ebd gi\u00fap c\u1ea3i thi\u1ec7n r\u1ea5t nhi\u1ec1u. B\u1ed9 s\u1ea3n ph\u1ea9m\u00a0v\u1edbi 3 filter kh\u00e1c nhau gi\u00fap b\u1ea1n t\u00f9y ch\u1ecdn v\u00e0 thay \u0111\u1ed5i trong c\u00e1c m\u00f4i tr\u01b0\u1eddng ph\u00f9 h\u1ee3p.<\/span><\/p>\n<p>&nbsp;<\/p>\n<p><span style=\"font-size: 18px;\"><img loading=\"lazy\" decoding=\"async\" class=\"alignnone size-medium wp-image-10933\" src=\"https:\/\/phukienflytech.vn\/wp-content\/uploads\/2020\/05\/combo-3-filter-cpl-nd8-nd16-dji-osmo-pocket-5073-4-400x400.jpg\" alt=\"\" width=\"400\" height=\"400\" srcset=\"https:\/\/phukienflytech.vn\/wp-content\/uploads\/2020\/05\/combo-3-filter-cpl-nd8-nd16-dji-osmo-pocket-5073-4-400x400.jpg 400w, https:\/\/phukienflytech.vn\/wp-content\/uploads\/2020\/05\/combo-3-filter-cpl-nd8-nd16-dji-osmo-pocket-5073-4-280x280.jpg 280w, https:\/\/phukienflytech.vn\/wp-content\/uploads\/2020\/05\/combo-3-filter-cpl-nd8-nd16-dji-osmo-pocket-5073-4-768x768.jpg 768w, https:\/\/phukienflytech.vn\/wp-content\/uploads\/2020\/05\/combo-3-filter-cpl-nd8-nd16-dji-osmo-pocket-5073-4-800x800.jpg 800w, https:\/\/phukienflytech.vn\/wp-content\/uploads\/2020\/05\/combo-3-filter-cpl-nd8-nd16-dji-osmo-pocket-5073-4-300x300.jpg 300w, https:\/\/phukienflytech.vn\/wp-content\/uploads\/2020\/05\/combo-3-filter-cpl-nd8-nd16-dji-osmo-pocket-5073-4-600x600.jpg 600w, https:\/\/phukienflytech.vn\/wp-content\/uploads\/2020\/05\/combo-3-filter-cpl-nd8-nd16-dji-osmo-pocket-5073-4-100x100.jpg 100w, https:\/\/phukienflytech.vn\/wp-content\/uploads\/2020\/05\/combo-3-filter-cpl-nd8-nd16-dji-osmo-pocket-5073-4.jpg 1000w\" sizes=\"auto, (max-width: 400px) 100vw, 400px\" \/><\/span><\/p>\n<p>&nbsp;<\/p>\n<h2><span style=\"font-size: 21px; color: #0000ff;\"><strong>Th\u00f4ng tin b\u1ed9 s\u1ea3n ph\u1ea9m Set 3 filter Osmo Pocket<\/strong><\/span><\/h2>\n<p><span style=\"font-size: 18px;\">S\u1ea3n ph\u1ea9m bao g\u1ed3m: 3 filter CPL ND8 ND16<\/span><br \/>\n<span style=\"font-size: 18px;\">Nh\u00e0 s\u1ea3n xu\u1ea5t:\u00a0<em><strong>SunnyLife<\/strong><\/em><\/span><br \/>\n<span style=\"font-size: 18px;\">S\u1eed d\u1ee5ng\u00a0<strong>DJI Osmo Pocket<\/strong><\/span><\/p>\n<p><span style=\"font-size: 18px;\">V\u1eadt li\u1ec7u: K\u00ednh quang h\u1ecdc chuy\u00ean nghi\u1ec7p nh\u1eadp kh\u1ea9u c\u1ee7a \u0110\u1ee9c (l\u1edbp ph\u1ee7 nhi\u1ec1u l\u1edbp);\u00a0V\u1eadt li\u1ec7u khung: nh\u00f4m h\u00e0ng kh\u00f4ng (gia c\u00f4ng CNC).<\/span><\/p>\n<p><span style=\"font-size: 18px;\">Kh\u00f4ng \u1ea3nh h\u01b0\u1edfng \u0111\u1ebfn hi\u1ec7u su\u1ea5t c\u1ee7a gimbal, kh\u00f4ng th\u1ea5m n\u01b0\u1edbc &amp; ch\u1ed1ng d\u1ea7u, d\u1ec5 lau ch\u00f9i v\u00e0 ch\u1ed1ng tr\u1ea7y x\u01b0\u1edbc. G\u1eafn b\u1eb1ng l\u1ef1c h\u00fat nam ch\u00e2m, n\u00f3 c\u00f3 th\u1ec3 \u0111\u01b0\u1ee3c g\u1eafn tr\u1ef1c ti\u1ebfp v\u00e0o \u1ed1ng k\u00ednh, d\u1ec5 d\u00e0ng c\u00e0i \u0111\u1eb7t v\u00e0 g\u1ee1 b\u1ecf.<\/span><\/p>\n<h3><\/h3>\n<h3><span style=\"font-size: 18px;\"><img loading=\"lazy\" decoding=\"async\" class=\"alignnone size-medium wp-image-10935\" src=\"https:\/\/phukienflytech.vn\/wp-content\/uploads\/2020\/05\/combo-3-filter-cpl-nd8-nd16-dji-osmo-pocket-5073-1-1-400x400.jpg\" alt=\"\" width=\"400\" height=\"400\" srcset=\"https:\/\/phukienflytech.vn\/wp-content\/uploads\/2020\/05\/combo-3-filter-cpl-nd8-nd16-dji-osmo-pocket-5073-1-1-400x400.jpg 400w, https:\/\/phukienflytech.vn\/wp-content\/uploads\/2020\/05\/combo-3-filter-cpl-nd8-nd16-dji-osmo-pocket-5073-1-1-280x280.jpg 280w, https:\/\/phukienflytech.vn\/wp-content\/uploads\/2020\/05\/combo-3-filter-cpl-nd8-nd16-dji-osmo-pocket-5073-1-1-768x768.jpg 768w, https:\/\/phukienflytech.vn\/wp-content\/uploads\/2020\/05\/combo-3-filter-cpl-nd8-nd16-dji-osmo-pocket-5073-1-1-800x800.jpg 800w, https:\/\/phukienflytech.vn\/wp-content\/uploads\/2020\/05\/combo-3-filter-cpl-nd8-nd16-dji-osmo-pocket-5073-1-1-300x300.jpg 300w, https:\/\/phukienflytech.vn\/wp-content\/uploads\/2020\/05\/combo-3-filter-cpl-nd8-nd16-dji-osmo-pocket-5073-1-1-600x600.jpg 600w, https:\/\/phukienflytech.vn\/wp-content\/uploads\/2020\/05\/combo-3-filter-cpl-nd8-nd16-dji-osmo-pocket-5073-1-1-100x100.jpg 100w, https:\/\/phukienflytech.vn\/wp-content\/uploads\/2020\/05\/combo-3-filter-cpl-nd8-nd16-dji-osmo-pocket-5073-1-1.jpg 1000w\" sizes=\"auto, (max-width: 400px) 100vw, 400px\" \/><\/span><\/h3>\n<p>&nbsp;<\/p>\n<p><span style=\"font-size: 18px;\">C\u00f4ng d\u1ee5ng c\u1ee7a s\u1ea3n ph\u1ea9m k\u00ednh l\u1ecdc DJI Osmo pocket<\/span><\/p>\n<p><span style=\"font-size: 18px;\"><em>&#8211;\u00a0<strong>K\u00ednh l\u1ecdc ND<\/strong><\/em><strong>\u00a0(vi\u1ebft t\u1eaft c\u1ee7a Neutral Density)<\/strong>\u00a0l\u00e0 m\u1ed9t thi\u1ebft b\u1ecb gi\u00fap gi\u1ea3m s\u00e1ng to\u00e0n ph\u1ea7n t\u1ef1 nhi\u00ean, c\u1ea3n b\u1edbt c\u01b0\u1eddng \u0111\u1ed9 \u00e1nh s\u00e1ng l\u00e0m gi\u1ea3m t\u1ed1c \u0111\u1ed9 ch\u1ee5p \u0111\u00e1ng k\u1ec3 ngay c\u1ea3 trong b\u1ed1i c\u1ea3nh r\u1ea5t s\u00e1ng, r\u1ea5t ch\u00f3i, ch\u1ee5p m\u1eb7t tr\u1eddi ch\u1eb3ng h\u1ea1n.<\/span><\/p>\n<p><span style=\"font-size: 18px;\"><em>&#8211;\u00a0<strong>K\u00ednh l\u1ecdc MCUV<\/strong><\/em><strong>\u00a0<\/strong>c\u00f2n g\u1ecdi l\u00e0 k\u00ednh l\u1ecdc c\u1ea3n tia c\u1ef1c t\u00edm\u00a0<strong>UV (Ultra Violet)<\/strong>. Lo\u1ea1i tia n\u00e0y kh\u00f4ng nh\u1eadn th\u1ea5y b\u1eb1ng m\u1eaft th\u01b0\u1eddng nh\u01b0ng l\u1ea1i c\u00f3 \u1ea3nh h\u01b0\u1edfng \u0111\u1ebfn \u00e1nh s\u00e1ng trong \u1ea3nh. Hi\u1ec7n t\u01b0\u1ee3ng &#8220;m\u00f9&#8221; khi ch\u1ee5p \u1ea3nh \u0111\u01b0\u1ee3c h\u00ecnh th\u00e0nh khi tia c\u1ef1c t\u00edm ph\u1ea3n chi\u1ebfu b\u1ee5i trong kh\u00f4ng kh\u00ed.<\/span><\/p>\n<p>&nbsp;<\/p>\n<h3><span style=\"font-size: 18px;\"><img loading=\"lazy\" decoding=\"async\" class=\"alignnone wp-image-10937 size-medium\" src=\"https:\/\/phukienflytech.vn\/wp-content\/uploads\/2020\/05\/combo-3-filter-cpl-nd8-nd16-dji-osmo-pocket-5073-2-1-400x400.jpg\" alt=\"Set-3-filter-Osmo-Pocket-1\" width=\"400\" height=\"400\" srcset=\"https:\/\/phukienflytech.vn\/wp-content\/uploads\/2020\/05\/combo-3-filter-cpl-nd8-nd16-dji-osmo-pocket-5073-2-1-400x400.jpg 400w, https:\/\/phukienflytech.vn\/wp-content\/uploads\/2020\/05\/combo-3-filter-cpl-nd8-nd16-dji-osmo-pocket-5073-2-1-280x280.jpg 280w, https:\/\/phukienflytech.vn\/wp-content\/uploads\/2020\/05\/combo-3-filter-cpl-nd8-nd16-dji-osmo-pocket-5073-2-1-768x768.jpg 768w, https:\/\/phukienflytech.vn\/wp-content\/uploads\/2020\/05\/combo-3-filter-cpl-nd8-nd16-dji-osmo-pocket-5073-2-1-800x800.jpg 800w, https:\/\/phukienflytech.vn\/wp-content\/uploads\/2020\/05\/combo-3-filter-cpl-nd8-nd16-dji-osmo-pocket-5073-2-1-300x300.jpg 300w, https:\/\/phukienflytech.vn\/wp-content\/uploads\/2020\/05\/combo-3-filter-cpl-nd8-nd16-dji-osmo-pocket-5073-2-1-600x600.jpg 600w, https:\/\/phukienflytech.vn\/wp-content\/uploads\/2020\/05\/combo-3-filter-cpl-nd8-nd16-dji-osmo-pocket-5073-2-1-100x100.jpg 100w, https:\/\/phukienflytech.vn\/wp-content\/uploads\/2020\/05\/combo-3-filter-cpl-nd8-nd16-dji-osmo-pocket-5073-2-1.jpg 1000w\" sizes=\"auto, (max-width: 400px) 100vw, 400px\" \/><\/span><\/h3>\n<p>&nbsp;<\/p>\n<p><span style=\"font-size: 18px;\">K\u00ednh l\u1ecdc CPL &#8211;\u00a0<strong>Filter CPL Osmo Pocket\u00a0<\/strong>(vi\u1ebft t\u1eaft c\u1ee7a\u00a0<strong>Circular Polarizing Filter<\/strong>) l\u00e0 m\u1ed9t thi\u1ebft b\u1ecb l\u1ecdc ph\u00f9 h\u1ee3p v\u1edbi nh\u1eefng b\u1ee9c \u1ea3nh ngo\u1ea1i c\u1ea3nh, nh\u1ea5t l\u00e0 v\u00e0o nh\u1eefng ng\u00e0y n\u1eafng. N\u00f3 gi\u00fap m\u00e0u tr\u1eddi trong \u1ea3nh s\u00e2u h\u01a1n, \u0111\u1eb9p h\u01a1n, \u0111\u1ed3ng th\u1eddi ng\u0103n kh\u00f4ng cho nh\u1eefng tia s\u00e1ng \u1edf h\u01b0\u1edbng kh\u00e1c \u0111i v\u00e0o t\u1ea5m \u1ea3nh. \u0110\u1eb7c bi\u1ec7t khi mu\u1ed1n ch\u1ee5p h\u00ecnh nh\u1eefng \u0111\u1ed1i t\u01b0\u1ee3ng c\u00f3 \u0111\u1ed9 trong nh\u01b0 m\u1eb7t n\u01b0\u1edbc, th\u1ee7y tinh, s\u1eed d\u1ee5ng k\u00ednh l\u1ecdc CPL cho hi\u1ec7u qu\u1ea3 t\u1ed1t, gi\u1ea3m \u0111\u1ed9 &#8220;ch\u00f3i&#8221;.<\/span><\/p>\n<p><span style=\"font-size: 18px;\"><strong>Filter CPLDJI Osmo Pocket<\/strong>\u00a0th\u01b0\u1eddng c\u00f3 m\u1ed9t ph\u1ea7n c\u1ed1 \u0111\u1ecbnh g\u1eafn ch\u1eb7t v\u00e0o \u0111\u1ea7u \u1ed1ng k\u00ednh, m\u1ed9t ph\u1ea7n c\u00f3 th\u1ec3 t\u1ef1 xoay \u0111\u1ec3 ph\u00e2n c\u1ef1c \u00e1nh s\u00e1ng. B\u1ea1n ho\u00e0n to\u00e0n ch\u1ee7 \u0111\u1ed9ng \u0111i\u1ec1u ch\u1ec9nh khi xoay CPL quanh \u1ed1ng k\u00ednh v\u00e0 ch\u1ecdn hi\u1ec7u \u1ee9ng t\u1ed1t nh\u1ea5t cho t\u1ea5m \u1ea3nh c\u1ee7a m\u00ecnh. C\u1ea7n l\u01b0u \u00fd xoay theo chi\u1ec1u kim \u0111\u1ed3ng h\u1ed3 \u0111\u1ec3 tr\u00e1nh k\u00ednh b\u1ecb r\u01a1i kh\u1ecfi \u1ed1ng.<\/span><\/p>\n<p>&nbsp;<\/p>\n<p>&nbsp;<\/p>\n<p><span style=\"font-size: 18px;\"><img loading=\"lazy\" decoding=\"async\" class=\"alignnone wp-image-10939 size-medium\" src=\"https:\/\/phukienflytech.vn\/wp-content\/uploads\/2020\/05\/combo-3-filter-cpl-nd8-nd16-dji-osmo-pocket-5073-3-1-400x400.jpg\" alt=\"Set-3-filter-Osmo-Pocket\" width=\"400\" height=\"400\" srcset=\"https:\/\/phukienflytech.vn\/wp-content\/uploads\/2020\/05\/combo-3-filter-cpl-nd8-nd16-dji-osmo-pocket-5073-3-1-400x400.jpg 400w, https:\/\/phukienflytech.vn\/wp-content\/uploads\/2020\/05\/combo-3-filter-cpl-nd8-nd16-dji-osmo-pocket-5073-3-1-280x280.jpg 280w, https:\/\/phukienflytech.vn\/wp-content\/uploads\/2020\/05\/combo-3-filter-cpl-nd8-nd16-dji-osmo-pocket-5073-3-1-768x768.jpg 768w, https:\/\/phukienflytech.vn\/wp-content\/uploads\/2020\/05\/combo-3-filter-cpl-nd8-nd16-dji-osmo-pocket-5073-3-1-800x800.jpg 800w, https:\/\/phukienflytech.vn\/wp-content\/uploads\/2020\/05\/combo-3-filter-cpl-nd8-nd16-dji-osmo-pocket-5073-3-1-300x300.jpg 300w, https:\/\/phukienflytech.vn\/wp-content\/uploads\/2020\/05\/combo-3-filter-cpl-nd8-nd16-dji-osmo-pocket-5073-3-1-600x600.jpg 600w, https:\/\/phukienflytech.vn\/wp-content\/uploads\/2020\/05\/combo-3-filter-cpl-nd8-nd16-dji-osmo-pocket-5073-3-1-100x100.jpg 100w, https:\/\/phukienflytech.vn\/wp-content\/uploads\/2020\/05\/combo-3-filter-cpl-nd8-nd16-dji-osmo-pocket-5073-3-1.jpg 1000w\" sizes=\"auto, (max-width: 400px) 100vw, 400px\" \/><\/span><\/p>\n<p>&nbsp;<\/p>\n<p><span style=\"font-size: 18px;\">H\u00e3y \u0111\u1ec3\u00a0<strong><a href=\"https:\/\/facebook.com\/phukienflycam\/\">Ph\u1ee5 Ki\u1ec7n Fly-cam Gi\u00e1 T\u1ed1t<\/a>\u00a0<\/strong>ti\u1ebfp s\u1ee9c \u0111am m\u00ea, c\u00f4ng vi\u1ec7c c\u1ee7a b\u1ea1n, gi\u00fap b\u1ea1n th\u00eam ni\u1ec1m h\u1ee9ng kh\u1edfi trong \u0111am m\u00ea c\u0169ng nh\u01b0 c\u00f4ng vi\u1ec7c c\u1ee7a m\u00ecnh th\u00eam su\u00f4n s\u1ebb<\/span><\/p>\n<p><span style=\"font-size: 18px;\">Nh\u00e0 s\u1ea3n xu\u1ea5t : Sunnylife \u2013 l\u00e0 m\u1ed9t trong nh\u1eefng Vendor cung c\u1ea5p c\u00e1c ph\u1ee5 ki\u1ec7n, linh ki\u1ec7n thay th\u1ebf cho DJI Flycam.<\/span><\/p>\n<p><span style=\"font-size: 18px;\">&gt;&gt; Learn More :<a href=\"https:\/\/phukienflytech.vn\/danh-muc\/phu-kien-osmo-pocket.html\"><strong> Osmo Pocket Accessories<\/strong><\/a><\/span><\/p>\n<p><span style=\"font-size: 18px;\">&gt;&gt; Contact us on: <a href=\"https:\/\/www.facebook.com\/phukienflycam\"><strong>Facebook<\/strong><\/a><\/span><\/p>\n","protected":false},"excerpt":{"rendered":"<p>Set 3 filter Osmo Pocket &nbsp; Set 3 filter Osmo Pocket Quay phim, ch\u1ee5p h\u00ecnh trong m\u00f4i tr\u01b0\u1eddng t\u1ef1 nhi\u00ean ch\u01b0a bao gi\u1edd d\u1ec5 d\u00e0ng, b\u1edbi n\u00f3 y\u00eau c\u1ea7u b\u1ea1n c\u00f3 nhi\u1ec1u k\u1ef9 n\u0103ng \u0111\u1ec3 setting m\u00e1y v\u1edbi \u0111i\u1ec1u ki\u1ec7n quay. Tuy nhi\u00ean \u0111\u1ec3 c\u00f3 th\u1ec3 h\u1ea1n ch\u1ebf nh\u1eefng y\u1ebfu t\u1ed1 b\u00ean ngo\u00e0i t\u1edbi camera &#8230;<\/p>\n","protected":false},"featured_media":5075,"comment_status":"open","ping_status":"closed","template":"","meta":{"_acf_changed":false},"product_brand":[],"product_cat":[186],"product_tag":[353,354],"class_list":{"0":"post-5084","1":"product","2":"type-product","3":"status-publish","4":"has-post-thumbnail","6":"product_cat-osmo-pocket-accessory","7":"product_tag-combo-3-filter-osmo-pocket-en","8":"product_tag-phu-kien-osmo-pocket-en","10":"first","11":"instock","12":"shipping-taxable","13":"purchasable","14":"product-type-simple"},"acf":[],"yoast_head":"<!-- This site is optimized with the Yoast SEO plugin v25.7 - https:\/\/yoast.com\/wordpress\/plugins\/seo\/ -->\n<title>Set 3 filter Osmo Pocket - Sunnylife - Osmo Pocket accessories - available.<\/title>\n<meta name=\"description\" content=\"Set 3 filter Osmo Pocket is one of the most important accessory. Contact us to buy Set 3 filter Osmo Pocket for best price, fast shipping\" \/>\n<meta name=\"robots\" content=\"index, follow, max-snippet:-1, max-image-preview:large, max-video-preview:-1\" \/>\n<link rel=\"canonical\" href=\"https:\/\/phukienflytech.vn\/en\/san-pham\/set-3-filter-osmo-pocket-3.html\" \/>\n<meta property=\"og:locale\" content=\"en_US\" \/>\n<meta property=\"og:type\" content=\"article\" \/>\n<meta property=\"og:title\" content=\"Set 3 filter Osmo Pocket - Sunnylife - Osmo Pocket accessories - available.\" \/>\n<meta property=\"og:description\" content=\"Set 3 filter Osmo Pocket is one of the most important accessory. Contact us to buy Set 3 filter Osmo Pocket for best price, fast shipping\" \/>\n<meta property=\"og:url\" content=\"https:\/\/phukienflytech.vn\/en\/san-pham\/set-3-filter-osmo-pocket-3.html\" \/>\n<meta property=\"og:site_name\" content=\"Shop M\u00e1y \u1ea3nh - Action Camera - Gimbal - Flycam - Ph\u1ee5 ki\u1ec7n\" \/>\n<meta property=\"article:publisher\" content=\"https:\/\/facebook.com\/phukienflycam\" \/>\n<meta property=\"article:modified_time\" content=\"2020-10-09T09:35:14+00:00\" \/>\n<meta property=\"og:image\" content=\"https:\/\/phukienflytech.vn\/wp-content\/uploads\/2020\/05\/lens-filter-dji-osmo-pocket-cpl-nd8-nd16-phu-ki\u1ec7n-dji-osmo-pocket256-Copy.jpg\" \/>\n\t<meta property=\"og:image:width\" content=\"300\" \/>\n\t<meta property=\"og:image:height\" content=\"300\" \/>\n\t<meta property=\"og:image:type\" content=\"image\/jpeg\" \/>\n<meta name=\"twitter:card\" content=\"summary_large_image\" \/>\n<meta name=\"twitter:label1\" content=\"Est. reading time\" \/>\n\t<meta name=\"twitter:data1\" content=\"4 minutes\" \/>\n<script type=\"application\/ld+json\" class=\"yoast-schema-graph\">{\"@context\":\"https:\/\/schema.org\",\"@graph\":[{\"@type\":\"WebPage\",\"@id\":\"https:\/\/phukienflytech.vn\/en\/san-pham\/set-3-filter-osmo-pocket-3.html\",\"url\":\"https:\/\/phukienflytech.vn\/en\/san-pham\/set-3-filter-osmo-pocket-3.html\",\"name\":\"Set 3 filter Osmo Pocket - Sunnylife - Osmo Pocket accessories - available.\",\"isPartOf\":{\"@id\":\"https:\/\/phukienflytech.vn\/#website\"},\"primaryImageOfPage\":{\"@id\":\"https:\/\/phukienflytech.vn\/en\/san-pham\/set-3-filter-osmo-pocket-3.html#primaryimage\"},\"image\":{\"@id\":\"https:\/\/phukienflytech.vn\/en\/san-pham\/set-3-filter-osmo-pocket-3.html#primaryimage\"},\"thumbnailUrl\":\"https:\/\/phukienflytech.vn\/wp-content\/uploads\/2020\/05\/lens-filter-dji-osmo-pocket-cpl-nd8-nd16-phu-ki\u1ec7n-dji-osmo-pocket256-Copy.jpg\",\"datePublished\":\"2020-05-30T07:47:24+00:00\",\"dateModified\":\"2020-10-09T09:35:14+00:00\",\"description\":\"Set 3 filter Osmo Pocket is one of the most important accessory. Contact us to buy Set 3 filter Osmo Pocket for best price, fast shipping\",\"breadcrumb\":{\"@id\":\"https:\/\/phukienflytech.vn\/en\/san-pham\/set-3-filter-osmo-pocket-3.html#breadcrumb\"},\"inLanguage\":\"en-US\",\"potentialAction\":[{\"@type\":\"ReadAction\",\"target\":[\"https:\/\/phukienflytech.vn\/en\/san-pham\/set-3-filter-osmo-pocket-3.html\"]}]},{\"@type\":\"ImageObject\",\"inLanguage\":\"en-US\",\"@id\":\"https:\/\/phukienflytech.vn\/en\/san-pham\/set-3-filter-osmo-pocket-3.html#primaryimage\",\"url\":\"https:\/\/phukienflytech.vn\/wp-content\/uploads\/2020\/05\/lens-filter-dji-osmo-pocket-cpl-nd8-nd16-phu-ki\u1ec7n-dji-osmo-pocket256-Copy.jpg\",\"contentUrl\":\"https:\/\/phukienflytech.vn\/wp-content\/uploads\/2020\/05\/lens-filter-dji-osmo-pocket-cpl-nd8-nd16-phu-ki\u1ec7n-dji-osmo-pocket256-Copy.jpg\",\"width\":300,\"height\":300},{\"@type\":\"BreadcrumbList\",\"@id\":\"https:\/\/phukienflytech.vn\/en\/san-pham\/set-3-filter-osmo-pocket-3.html#breadcrumb\",\"itemListElement\":[{\"@type\":\"ListItem\",\"position\":1,\"name\":\"Home\",\"item\":\"https:\/\/phukienflytech.vn\/en\"},{\"@type\":\"ListItem\",\"position\":2,\"name\":\"Ph\u1ee5 ki\u1ec7n Mavic Pro\",\"item\":\"https:\/\/phukienflytech.vn\/en\/phu-kien-mavic-pro.html\"},{\"@type\":\"ListItem\",\"position\":3,\"name\":\"DJI Osmo &amp; Drone's accessories\",\"item\":\"https:\/\/phukienflytech.vn\/en\/danh-muc\/dji-osmo-drones-accessories.html\"},{\"@type\":\"ListItem\",\"position\":4,\"name\":\"Osmo Pocket accessory\",\"item\":\"https:\/\/phukienflytech.vn\/en\/danh-muc\/osmo-pocket-accessory.html\"},{\"@type\":\"ListItem\",\"position\":5,\"name\":\"Set 3 filter DJI Osmo Pocket &#8211; Sunnylife\"}]},{\"@type\":\"WebSite\",\"@id\":\"https:\/\/phukienflytech.vn\/#website\",\"url\":\"https:\/\/phukienflytech.vn\/\",\"name\":\"Shop M\u00e1y \u1ea3nh - Action Camera - Gimbal - Flycam - Ph\u1ee5 ki\u1ec7n\",\"description\":\"Shop M\u00e1y \u1ea3nh - Action Camera - Gimbal - Flycam - Ph\u1ee5 ki\u1ec7n\",\"publisher\":{\"@id\":\"https:\/\/phukienflytech.vn\/#organization\"},\"potentialAction\":[{\"@type\":\"SearchAction\",\"target\":{\"@type\":\"EntryPoint\",\"urlTemplate\":\"https:\/\/phukienflytech.vn\/?s={search_term_string}\"},\"query-input\":{\"@type\":\"PropertyValueSpecification\",\"valueRequired\":true,\"valueName\":\"search_term_string\"}}],\"inLanguage\":\"en-US\"},{\"@type\":\"Organization\",\"@id\":\"https:\/\/phukienflytech.vn\/#organization\",\"name\":\"DJI Store - Shop Drone, Action camera, Gimbal DJI |Phukienflytech\",\"alternateName\":\"DJI Store - Shop Drone, Action camera, Gimbal DJI |Phukienflytech\",\"url\":\"https:\/\/phukienflytech.vn\/\",\"logo\":{\"@type\":\"ImageObject\",\"inLanguage\":\"en-US\",\"@id\":\"https:\/\/phukienflytech.vn\/#\/schema\/logo\/image\/\",\"url\":\"https:\/\/phukienflytech.vn\/wp-content\/uploads\/2020\/05\/hAnh_nan.jpg1_.jpg\",\"contentUrl\":\"https:\/\/phukienflytech.vn\/wp-content\/uploads\/2020\/05\/hAnh_nan.jpg1_.jpg\",\"width\":800,\"height\":450,\"caption\":\"DJI Store - Shop Drone, Action camera, Gimbal DJI |Phukienflytech\"},\"image\":{\"@id\":\"https:\/\/phukienflytech.vn\/#\/schema\/logo\/image\/\"},\"sameAs\":[\"https:\/\/facebook.com\/phukienflycam\",\"https:\/\/www.youtube.com\/@phukienflytech\",\"https:\/\/www.tiktok.com\/@flytech.channel?fbclid=IwY2xjawGjg7BleHRuA2FlbQIxMAABHYVGmlXpuSMs0UB2zTpYvyT4GMVfN2qJa4urF4vkSQ6FAVBwXZtDP30qQA_aem_UwMiDcUvlEbd2tXAmsc8Og\"]}]}<\/script>\n<!-- \/ Yoast SEO plugin. -->","yoast_head_json":{"title":"Set 3 filter Osmo Pocket - Sunnylife - Osmo Pocket accessories - available.","description":"Set 3 filter Osmo Pocket is one of the most important accessory. Contact us to buy Set 3 filter Osmo Pocket for best price, fast shipping","robots":{"index":"index","follow":"follow","max-snippet":"max-snippet:-1","max-image-preview":"max-image-preview:large","max-video-preview":"max-video-preview:-1"},"canonical":"https:\/\/phukienflytech.vn\/en\/san-pham\/set-3-filter-osmo-pocket-3.html","og_locale":"en_US","og_type":"article","og_title":"Set 3 filter Osmo Pocket - Sunnylife - Osmo Pocket accessories - available.","og_description":"Set 3 filter Osmo Pocket is one of the most important accessory. Contact us to buy Set 3 filter Osmo Pocket for best price, fast shipping","og_url":"https:\/\/phukienflytech.vn\/en\/san-pham\/set-3-filter-osmo-pocket-3.html","og_site_name":"Shop M\u00e1y \u1ea3nh - Action Camera - Gimbal - Flycam - Ph\u1ee5 ki\u1ec7n","article_publisher":"https:\/\/facebook.com\/phukienflycam","article_modified_time":"2020-10-09T09:35:14+00:00","og_image":[{"width":300,"height":300,"url":"https:\/\/phukienflytech.vn\/wp-content\/uploads\/2020\/05\/lens-filter-dji-osmo-pocket-cpl-nd8-nd16-phu-ki\u1ec7n-dji-osmo-pocket256-Copy.jpg","type":"image\/jpeg"}],"twitter_card":"summary_large_image","twitter_misc":{"Est. reading time":"4 minutes"},"schema":{"@context":"https:\/\/schema.org","@graph":[{"@type":"WebPage","@id":"https:\/\/phukienflytech.vn\/en\/san-pham\/set-3-filter-osmo-pocket-3.html","url":"https:\/\/phukienflytech.vn\/en\/san-pham\/set-3-filter-osmo-pocket-3.html","name":"Set 3 filter Osmo Pocket - Sunnylife - Osmo Pocket accessories - available.","isPartOf":{"@id":"https:\/\/phukienflytech.vn\/#website"},"primaryImageOfPage":{"@id":"https:\/\/phukienflytech.vn\/en\/san-pham\/set-3-filter-osmo-pocket-3.html#primaryimage"},"image":{"@id":"https:\/\/phukienflytech.vn\/en\/san-pham\/set-3-filter-osmo-pocket-3.html#primaryimage"},"thumbnailUrl":"https:\/\/phukienflytech.vn\/wp-content\/uploads\/2020\/05\/lens-filter-dji-osmo-pocket-cpl-nd8-nd16-phu-ki\u1ec7n-dji-osmo-pocket256-Copy.jpg","datePublished":"2020-05-30T07:47:24+00:00","dateModified":"2020-10-09T09:35:14+00:00","description":"Set 3 filter Osmo Pocket is one of the most important accessory. Contact us to buy Set 3 filter Osmo Pocket for best price, fast shipping","breadcrumb":{"@id":"https:\/\/phukienflytech.vn\/en\/san-pham\/set-3-filter-osmo-pocket-3.html#breadcrumb"},"inLanguage":"en-US","potentialAction":[{"@type":"ReadAction","target":["https:\/\/phukienflytech.vn\/en\/san-pham\/set-3-filter-osmo-pocket-3.html"]}]},{"@type":"ImageObject","inLanguage":"en-US","@id":"https:\/\/phukienflytech.vn\/en\/san-pham\/set-3-filter-osmo-pocket-3.html#primaryimage","url":"https:\/\/phukienflytech.vn\/wp-content\/uploads\/2020\/05\/lens-filter-dji-osmo-pocket-cpl-nd8-nd16-phu-ki\u1ec7n-dji-osmo-pocket256-Copy.jpg","contentUrl":"https:\/\/phukienflytech.vn\/wp-content\/uploads\/2020\/05\/lens-filter-dji-osmo-pocket-cpl-nd8-nd16-phu-ki\u1ec7n-dji-osmo-pocket256-Copy.jpg","width":300,"height":300},{"@type":"BreadcrumbList","@id":"https:\/\/phukienflytech.vn\/en\/san-pham\/set-3-filter-osmo-pocket-3.html#breadcrumb","itemListElement":[{"@type":"ListItem","position":1,"name":"Home","item":"https:\/\/phukienflytech.vn\/en"},{"@type":"ListItem","position":2,"name":"Ph\u1ee5 ki\u1ec7n Mavic Pro","item":"https:\/\/phukienflytech.vn\/en\/phu-kien-mavic-pro.html"},{"@type":"ListItem","position":3,"name":"DJI Osmo &amp; Drone's accessories","item":"https:\/\/phukienflytech.vn\/en\/danh-muc\/dji-osmo-drones-accessories.html"},{"@type":"ListItem","position":4,"name":"Osmo Pocket accessory","item":"https:\/\/phukienflytech.vn\/en\/danh-muc\/osmo-pocket-accessory.html"},{"@type":"ListItem","position":5,"name":"Set 3 filter DJI Osmo Pocket &#8211; Sunnylife"}]},{"@type":"WebSite","@id":"https:\/\/phukienflytech.vn\/#website","url":"https:\/\/phukienflytech.vn\/","name":"Shop M\u00e1y \u1ea3nh - Action Camera - Gimbal - Flycam - Ph\u1ee5 ki\u1ec7n","description":"Shop M\u00e1y \u1ea3nh - Action Camera - Gimbal - Flycam - Ph\u1ee5 ki\u1ec7n","publisher":{"@id":"https:\/\/phukienflytech.vn\/#organization"},"potentialAction":[{"@type":"SearchAction","target":{"@type":"EntryPoint","urlTemplate":"https:\/\/phukienflytech.vn\/?s={search_term_string}"},"query-input":{"@type":"PropertyValueSpecification","valueRequired":true,"valueName":"search_term_string"}}],"inLanguage":"en-US"},{"@type":"Organization","@id":"https:\/\/phukienflytech.vn\/#organization","name":"DJI Store - Shop Drone, Action camera, Gimbal DJI |Phukienflytech","alternateName":"DJI Store - Shop Drone, Action camera, Gimbal DJI |Phukienflytech","url":"https:\/\/phukienflytech.vn\/","logo":{"@type":"ImageObject","inLanguage":"en-US","@id":"https:\/\/phukienflytech.vn\/#\/schema\/logo\/image\/","url":"https:\/\/phukienflytech.vn\/wp-content\/uploads\/2020\/05\/hAnh_nan.jpg1_.jpg","contentUrl":"https:\/\/phukienflytech.vn\/wp-content\/uploads\/2020\/05\/hAnh_nan.jpg1_.jpg","width":800,"height":450,"caption":"DJI Store - Shop Drone, Action camera, Gimbal DJI |Phukienflytech"},"image":{"@id":"https:\/\/phukienflytech.vn\/#\/schema\/logo\/image\/"},"sameAs":["https:\/\/facebook.com\/phukienflycam","https:\/\/www.youtube.com\/@phukienflytech","https:\/\/www.tiktok.com\/@flytech.channel?fbclid=IwY2xjawGjg7BleHRuA2FlbQIxMAABHYVGmlXpuSMs0UB2zTpYvyT4GMVfN2qJa4urF4vkSQ6FAVBwXZtDP30qQA_aem_UwMiDcUvlEbd2tXAmsc8Og"]}]}},"_links":{"self":[{"href":"https:\/\/phukienflytech.vn\/en\/wp-json\/wp\/v2\/product\/5084","targetHints":{"allow":["GET"]}}],"collection":[{"href":"https:\/\/phukienflytech.vn\/en\/wp-json\/wp\/v2\/product"}],"about":[{"href":"https:\/\/phukienflytech.vn\/en\/wp-json\/wp\/v2\/types\/product"}],"replies":[{"embeddable":true,"href":"https:\/\/phukienflytech.vn\/en\/wp-json\/wp\/v2\/comments?post=5084"}],"wp:featuredmedia":[{"embeddable":true,"href":"https:\/\/phukienflytech.vn\/en\/wp-json\/wp\/v2\/media\/5075"}],"wp:attachment":[{"href":"https:\/\/phukienflytech.vn\/en\/wp-json\/wp\/v2\/media?parent=5084"}],"wp:term":[{"taxonomy":"product_brand","embeddable":true,"href":"https:\/\/phukienflytech.vn\/en\/wp-json\/wp\/v2\/product_brand?post=5084"},{"taxonomy":"product_cat","embeddable":true,"href":"https:\/\/phukienflytech.vn\/en\/wp-json\/wp\/v2\/product_cat?post=5084"},{"taxonomy":"product_tag","embeddable":true,"href":"https:\/\/phukienflytech.vn\/en\/wp-json\/wp\/v2\/product_tag?post=5084"}],"curies":[{"name":"wp","href":"https:\/\/api.w.org\/{rel}","templated":true}]}}