{"id":5142,"date":"2020-06-20T15:55:15","date_gmt":"2020-06-20T08:55:15","guid":{"rendered":"http:\/\/27430.lamdx.vinawebsite.vn\/san-pham\/filter-mrc-uv-osmo-pocket-professional-pgytech.html"},"modified":"2021-01-14T09:33:35","modified_gmt":"2021-01-14T02:33:35","slug":"mrc-uv-filter-osmo-pocket","status":"publish","type":"product","link":"https:\/\/phukienflytech.vn\/en\/san-pham\/mrc-uv-filter-osmo-pocket.html","title":{"rendered":"MRC-UV Filter Osmo Pocket &#8211; PGYtech"},"content":{"rendered":"<h2><span style=\"color: #0000ff;\"><strong><em><span style=\"font-size: 21px;\">MRC-UV Filter Osmo Pocket &#8211; PGYtech<\/span><\/em><\/strong><\/span><\/h2>\n<p><span style=\"font-size: 18px;\">MRC-UV Filter Osmo Pocket &#8211; PGYtech<\/span><\/p>\n<p><span style=\"font-size: 18px;\">T\u1eeb flycam cho t\u1edbi thi\u1ebft b\u1ecb quay phim c\u1ea7m tay filter lu\u00f4n l\u00e0 m\u1ed9t ph\u1ee5 ki\u1ec7n quan tr\u1ecdng v\u00e0 kh\u00f4ng th\u1ec3 thi\u1ebfu. Hi\u1ec7n nay c\u00f3 r\u1ea5t nhi\u1ec1u c\u00e1c filter Osmo Pocket \u0111\u1ec3 ng\u01b0\u1eddi d\u00f9ng c\u00f3 th\u1ec3 d\u1ec5 d\u00e0ng ch\u1ecdn l\u1ef1a nh\u01b0\u00a0<a href=\"https:\/\/phukienflytech.vn\/en\/san-pham\/bo-3-filter-gnd-osmo-pocket-professional-pgytech.html\" target=\"_blank\" rel=\"noopener noreferrer\"><strong>Combo 3 filter GND Osmo Pocket<\/strong><\/a>,\u00a0\u00a0<strong><a href=\"https:\/\/phukienflytech.vn\/en\/san-pham\/filter-mrc-cpl-osmo-pocket-professional-pgytech.html\" target=\"_blank\" rel=\"noopener noreferrer\">MRC &#8211; CPL Osmo Pocket<\/a><\/strong>,\u00a0 <strong>Filter MRC-UV Osmo Pocket<\/strong> ,&#8230;t\u1ea5t c\u1ea3 \u0111\u1ec1u ph\u1ee5 thu\u1ed9c v\u00e0o s\u1ef1 l\u1ef1a ch\u1ecdn c\u1ee7a ng\u01b0\u1eddi d\u00f9ng v\u00e0 s\u1ef1 hi\u1ec3u bi\u1ebft c\u1ee7a h\u1ecd v\u1ec1 lens camera,\u00a0<strong>k\u00ednh l\u1ecdc Osmo Pocket<\/strong><\/span><\/p>\n<p>&nbsp;<\/p>\n<p><span style=\"font-size: 18px;\"><img loading=\"lazy\" decoding=\"async\" class=\"alignnone wp-image-10800\" src=\"https:\/\/phukienflytech.vn\/wp-content\/uploads\/2020\/05\/filter-mrc-uv-osmo-pocket-professional-pgytech-5129-5-662x400.jpg\" alt=\"\" width=\"611\" height=\"369\" srcset=\"https:\/\/phukienflytech.vn\/wp-content\/uploads\/2020\/05\/filter-mrc-uv-osmo-pocket-professional-pgytech-5129-5-662x400.jpg 662w, https:\/\/phukienflytech.vn\/wp-content\/uploads\/2020\/05\/filter-mrc-uv-osmo-pocket-professional-pgytech-5129-5-768x464.jpg 768w, https:\/\/phukienflytech.vn\/wp-content\/uploads\/2020\/05\/filter-mrc-uv-osmo-pocket-professional-pgytech-5129-5-600x362.jpg 600w, https:\/\/phukienflytech.vn\/wp-content\/uploads\/2020\/05\/filter-mrc-uv-osmo-pocket-professional-pgytech-5129-5.jpg 1250w\" sizes=\"auto, (max-width: 611px) 100vw, 611px\" \/><\/span><\/p>\n<p>&nbsp;<\/p>\n<p><span style=\"font-size: 18px;\">\u0110\u1ec3 \u0111\u00e1p \u1ee9ng l\u1ea1i nhu c\u1ea7u c\u1ee7a ng\u01b0\u1eddi ti\u00eau d\u00f9ng ch\u00fang t\u00f4i xin gi\u1edbi thi\u1ec7u b\u1ed9\u00a0s\u1ea3n ph\u1ea9m\u00a0<strong>Filter MRC-UV Osmo Pocket &#8211; Professional &#8211; PGYtech<\/strong>\u00a0\u0111\u1ec3 cho ng\u01b0\u1eddi d\u00f9ng c\u00f3 th\u1ec3 d\u1ec5 d\u00e0ng l\u1ef1a ch\u1ecdn. N\u1ebfu b\u1ea1n l\u00e0 ng\u01b0\u1eddi am hi\u1ec3u ho\u1eb7c c\u00f3 y\u00eau c\u1ea7u cao v\u1ec1 ch\u1ea5t l\u01b0\u1ee3ng \u1ea3nh trong \u0111i\u1ec1u ki\u1ec7n \u00e1nh s\u00e1ng m\u1ea1nh, th\u00ec ch\u1eafc ch\u1eafn vi\u1ec7c ph\u01a1i s\u00e1ng t\u1ef1 nhi\u00ean v\u00e0 \u0111\u00fang l\u00fac s\u1ebd gi\u00fap b\u1ea1n c\u00f3 nh\u1eefng b\u1ee9c h\u00ecnh \u1ea3o di\u1ec7u nh\u1ea5t.<\/span><\/p>\n<p><span style=\"font-size: 18px;\">Th\u00f4ng tin s\u1ea3n ph\u1ea9m Filter MRC-UV Osmo Pocket &#8211; Professio<\/span><\/p>\n<h2><span style=\"font-size: 21px; color: #0000ff;\"><em><strong>C\u00f4ng d\u1ee5ng c\u1ee7a <span style=\"font-size: 21px;\">MRC-UV Filter Osmo Pocket<\/span> :<\/strong><\/em><\/span><\/h2>\n<p><span style=\"font-size: 18px;\">Filter UV c\u00f3 t\u00e1c d\u1ee5ng ph\u1ea3n x\u1ea1 l\u1ea1i tia UV, kh\u00f4ng cho tia UV l\u1ecdt v\u00e0o c\u1ea3m bi\u1ebfn m\u00e1y \u1ea3nh \u0111\u1ec3 h\u00ecnh \u1ea3nh \u0111\u01b0\u1ee3c ch\u1ea5t l\u01b0\u1ee3ng cao nh\u1ea5t (ch\u1ec9 thu nh\u1eadn c\u00e1c \u00e1nh s\u00e1ng nh\u00ecn th\u1ea5y \u0111\u00fang nh\u01b0 m\u1eaft ng\u01b0\u1eddi). C\u00e1c tia UV c\u00f3 th\u1ec3 g\u00e2y \u1ea3nh h\u01b0\u1edfng \u0111\u1ebfn ch\u1ea5t l\u01b0\u1ee3ng \u1ea3nh ch\u1ee5p, ho\u1eb7c l\u00e0 g\u00e2y ra nh\u1eefng hi\u1ec7u \u1ee9ng ngo\u00e0i \u00fd mu\u1ed1n, g\u00e2y c\u1ea3m gi\u00e1c kh\u00f3 ch\u1ecbu cho ng\u01b0\u1eddi xem. B\u1ea3n th\u00e2n m\u1eaft ng\u01b0\u1eddi th\u01b0\u1eddng c\u0169ng c\u1ea3m th\u1ea5y kh\u00f3 ch\u1ecbu khi nh\u00ecn tr\u1ef1c ti\u1ebfp v\u00e0o m\u1eb7t tr\u1eddi, hay c\u00f3 \u00e1nh s\u00e1ng m\u1eb7t tr\u1eddi m\u1ea1nh l\u00e0m \u1ea3nh h\u01b0\u1edfng \u0111\u1ebfn t\u1ea7m nh\u00ecn \u1edf xung quanh. \u0110i\u1ec1u t\u01b0\u01a1ng t\u1ef1 c\u0169ng x\u1ea3y ra v\u1edbi \u1ed1ng k\u00ednh, film hay l\u00e0 c\u1ea3m bi\u1ebfn m\u00e1y \u1ea3nh, \u0111\u01a1n gi\u1ea3n nh\u01b0 v\u1eady th\u00f4i.<\/span><\/p>\n<p>&nbsp;<\/p>\n<p><span style=\"font-size: 18px;\"><img loading=\"lazy\" decoding=\"async\" class=\"alignnone size-medium wp-image-10804\" src=\"https:\/\/phukienflytech.vn\/wp-content\/uploads\/2020\/05\/filter-mrc-uv-osmo-pocket-professional-pgytech-5129-1-1-500x400.jpg\" alt=\"\" width=\"500\" height=\"400\" srcset=\"https:\/\/phukienflytech.vn\/wp-content\/uploads\/2020\/05\/filter-mrc-uv-osmo-pocket-professional-pgytech-5129-1-1-500x400.jpg 500w, https:\/\/phukienflytech.vn\/wp-content\/uploads\/2020\/05\/filter-mrc-uv-osmo-pocket-professional-pgytech-5129-1-1-768x615.jpg 768w, https:\/\/phukienflytech.vn\/wp-content\/uploads\/2020\/05\/filter-mrc-uv-osmo-pocket-professional-pgytech-5129-1-1-999x800.jpg 999w, https:\/\/phukienflytech.vn\/wp-content\/uploads\/2020\/05\/filter-mrc-uv-osmo-pocket-professional-pgytech-5129-1-1-600x480.jpg 600w, https:\/\/phukienflytech.vn\/wp-content\/uploads\/2020\/05\/filter-mrc-uv-osmo-pocket-professional-pgytech-5129-1-1.jpg 1250w\" sizes=\"auto, (max-width: 500px) 100vw, 500px\" \/><\/span><\/p>\n<p>&nbsp;<\/p>\n<p><span style=\"font-size: 18px;\">To\u00e0n b\u1ed9 vi\u1ec1n xung quanh filter \u0111\u01b0\u1ee3c ph\u1ee7 m\u00e0u k\u1ebft h\u1ee3p ho\u00e0n h\u1ea3o v\u1edbi m\u00e1y \u1ea3nh v\u00e0 ph\u1ea7n h\u1ed9p \u0111\u1ef1ng m\u00e0u \u0111en t\u1ea1o l\u00ean s\u1ef1 thanh l\u1ecbch, sang tr\u1ecdng cho s\u1ea3n ph\u1ea9m. Thi\u1ebft k\u1ebf nam ch\u00e2m t\u1ea1i khung c\u1ee7a filter gi\u00fap thao t\u00e1c th\u00e1o l\u1eafp filter r\u1ea5t \u0111\u01a1n gi\u1ea3n.<\/span><\/p>\n<p>&nbsp;<\/p>\n<p><span style=\"font-size: 18px;\"><img loading=\"lazy\" decoding=\"async\" class=\"alignnone size-medium wp-image-10808\" src=\"https:\/\/phukienflytech.vn\/wp-content\/uploads\/2020\/05\/filter-mrc-uv-osmo-pocket-professional-pgytech-5129-2-1-472x400.jpg\" alt=\"\" width=\"472\" height=\"400\" srcset=\"https:\/\/phukienflytech.vn\/wp-content\/uploads\/2020\/05\/filter-mrc-uv-osmo-pocket-professional-pgytech-5129-2-1-472x400.jpg 472w, https:\/\/phukienflytech.vn\/wp-content\/uploads\/2020\/05\/filter-mrc-uv-osmo-pocket-professional-pgytech-5129-2-1-768x651.jpg 768w, https:\/\/phukienflytech.vn\/wp-content\/uploads\/2020\/05\/filter-mrc-uv-osmo-pocket-professional-pgytech-5129-2-1-943x800.jpg 943w, https:\/\/phukienflytech.vn\/wp-content\/uploads\/2020\/05\/filter-mrc-uv-osmo-pocket-professional-pgytech-5129-2-1-600x509.jpg 600w, https:\/\/phukienflytech.vn\/wp-content\/uploads\/2020\/05\/filter-mrc-uv-osmo-pocket-professional-pgytech-5129-2-1.jpg 1250w\" sizes=\"auto, (max-width: 472px) 100vw, 472px\" \/><\/span><\/p>\n<p>&nbsp;<\/p>\n<p><span style=\"font-size: 18px;\">K\u00ednh l\u1ecdc quang h\u1ecdc Schott c\u1ee7a \u0110\u1ee9c \u0111\u00e3 \u0111\u00e1p \u1ee9ng c\u00e1c y\u00eau c\u1ea7u kh\u1eaft khe c\u1ee7a c\u00e1c nhi\u1ebfp \u1ea3nh gia chuy\u00ean nghi\u1ec7p. V\u00e0 \u0111\u01b0\u1ee3c trang b\u1ecb tr\u00ean c\u00e1c d\u00f2ng\u00a0<strong>filter\u00a0<\/strong>c\u1ee7a h\u00e3ng\u00a0<strong><em>PGYTECH<\/em><\/strong>\u00a0s\u1eed d\u1ee5ng k\u00ednh SCHOTT \u0111\u1ec3 l\u00e0m v\u1eadt li\u1ec7u c\u01a1 b\u1ea3n, tr\u1ea3i qua nhi\u1ec1u quy tr\u00ecnh m\u00e0i d\u0169a, \u0111\u00e1nh b\u00f3ng v\u1edbi c\u00f4ng ngh\u1ec7 ph\u1ee7 nhi\u1ec1u l\u1edbp IAD \u0111\u1ec3 \u0111\u1ea1t hi\u1ec7u su\u1ea5t cao nh\u1ea5t c\u0169ng nh\u01b0 \u0111\u1ea3m b\u1ea3o cho lens c\u00f3 ch\u1ea5t l\u01b0\u1ee3ng \u0111\u1ed9 n\u00e9t cao n\u00ean b\u1ea1n c\u00f3 th\u1ec3 ho\u00e0n to\u00e0n y\u00ean t\u00e2m v\u1ec1 ch\u1ea5t l\u01b0\u1ee3ng s\u1ea3n ph\u1ea9m..<\/span><\/p>\n<p>&nbsp;<\/p>\n<p><span style=\"font-size: 18px;\"><img loading=\"lazy\" decoding=\"async\" class=\"alignnone wp-image-10810\" src=\"https:\/\/phukienflytech.vn\/wp-content\/uploads\/2020\/05\/filter-mrc-uv-osmo-pocket-professional-pgytech-5129-3-1.jpg\" alt=\"MRC-UV-Filter-Osmo-Pocket-1\" width=\"581\" height=\"296\" srcset=\"https:\/\/phukienflytech.vn\/wp-content\/uploads\/2020\/05\/filter-mrc-uv-osmo-pocket-professional-pgytech-5129-3-1.jpg 622w, https:\/\/phukienflytech.vn\/wp-content\/uploads\/2020\/05\/filter-mrc-uv-osmo-pocket-professional-pgytech-5129-3-1-600x306.jpg 600w\" sizes=\"auto, (max-width: 581px) 100vw, 581px\" \/><\/span><\/p>\n<p>&nbsp;<\/p>\n<h2><span style=\"font-size: 21px; color: #0000ff;\"><strong><em>Mua ph\u1ee5 ki\u1ec7n DJI Osmo Pocket \u1edf \u0111\u00e2u?<\/em><\/strong><\/span><\/h2>\n<p><span style=\"font-size: 18px;\">N\u1ebfu b\u1ea1n v\u1eabn \u0111ang ph\u00e2n v\u00e2n kh\u00f4ng bi\u1ebft c\u00f3 th\u1ec3 t\u00ecm mua \u0111\u01b0\u1ee3c\u00a0<em><strong>nh\u1eefng ph\u1ee5 ki\u1ec7n dji Osmo Pocket\u00a0<\/strong><\/em>ch\u1ea5t l\u01b0\u1ee3ng nh\u1ea5t m\u00e0 kh\u00f4ng c\u1ea7n lo l\u1eafng gi\u00e1 c\u1ee7a s\u1ea3n ph\u1ea9m \u1edf \u0111\u00e2u th\u00ec\u00a0<strong>ph\u1ee5 ki\u1ec7n flycam gi\u00e1 t\u1ed1t<\/strong>\u00a0ch\u00ednh l\u00e0 n\u01a1i ph\u00f9 h\u1ee3p d\u00e0nh cho b\u1ea1n. H\u00e3y \u0111\u1ebfn v\u1edbi\u00a0<strong>ph\u1ee5 ki\u1ec7n fly-cam gi\u00e1 t\u1ed1t<\/strong>\u00a0\u0111\u1ec3 c\u00f3 \u0111\u01b0\u1ee3c\u00a0<em><strong>nh\u1eefng m\u00f3n \u0111\u1ed3 ch\u01a1i c\u00f4ng ngh\u1ec7 tuy\u1ec7t v\u1eddi<\/strong><\/em>\u00a0c\u00f9ng v\u1edbi ch\u1ea5t l\u01b0\u1ee3ng t\u1ed1t nh\u1ea5t.<\/span><\/p>\n<p>&nbsp;<\/p>\n<p><span style=\"font-size: 18px;\"><img loading=\"lazy\" decoding=\"async\" class=\"alignnone wp-image-10813\" src=\"https:\/\/phukienflytech.vn\/wp-content\/uploads\/2020\/05\/filter-mrc-uv-osmo-pocket-professional-pgytech-5129-4-800x251.png\" alt=\"MRC-UV-Filter-Osmo-Pocket\" width=\"644\" height=\"202\" srcset=\"https:\/\/phukienflytech.vn\/wp-content\/uploads\/2020\/05\/filter-mrc-uv-osmo-pocket-professional-pgytech-5129-4-800x251.png 800w, https:\/\/phukienflytech.vn\/wp-content\/uploads\/2020\/05\/filter-mrc-uv-osmo-pocket-professional-pgytech-5129-4-768x241.png 768w, https:\/\/phukienflytech.vn\/wp-content\/uploads\/2020\/05\/filter-mrc-uv-osmo-pocket-professional-pgytech-5129-4-600x188.png 600w, https:\/\/phukienflytech.vn\/wp-content\/uploads\/2020\/05\/filter-mrc-uv-osmo-pocket-professional-pgytech-5129-4.png 1013w\" sizes=\"auto, (max-width: 644px) 100vw, 644px\" \/><\/span><\/p>\n<p><span style=\"font-size: 18px;\">&gt;&gt; Learn More :<a href=\"https:\/\/phukienflytech.vn\/danh-muc\/phu-kien-osmo-pocket.html\"><strong> Osmo Pocket Accessories<\/strong><\/a><\/span><\/p>\n<p><span style=\"font-size: 18px;\">&gt;&gt; Contact us on: <a href=\"https:\/\/www.facebook.com\/phukienflycam\"><strong>Facebook<\/strong><\/a> <\/span><\/p>\n","protected":false},"excerpt":{"rendered":"<p>MRC-UV Filter Osmo Pocket &#8211; PGYtech MRC-UV Filter Osmo Pocket &#8211; PGYtech T\u1eeb flycam cho t\u1edbi thi\u1ebft b\u1ecb quay phim c\u1ea7m tay filter lu\u00f4n l\u00e0 m\u1ed9t ph\u1ee5 ki\u1ec7n quan tr\u1ecdng v\u00e0 kh\u00f4ng th\u1ec3 thi\u1ebfu. Hi\u1ec7n nay c\u00f3 r\u1ea5t nhi\u1ec1u c\u00e1c filter Osmo Pocket \u0111\u1ec3 ng\u01b0\u1eddi d\u00f9ng c\u00f3 th\u1ec3 d\u1ec5 d\u00e0ng ch\u1ecdn l\u1ef1a nh\u01b0\u00a0Combo 3 filter &#8230;<\/p>\n","protected":false},"featured_media":5131,"comment_status":"open","ping_status":"closed","template":"","meta":{"_acf_changed":false},"product_brand":[],"product_cat":[186],"product_tag":[362,354],"class_list":{"0":"post-5142","1":"product","2":"type-product","3":"status-publish","4":"has-post-thumbnail","6":"product_cat-osmo-pocket-accessory","7":"product_tag-filter-mrc-uv-osmo-pocket-en","8":"product_tag-phu-kien-osmo-pocket-en","10":"first","11":"instock","12":"shipping-taxable","13":"purchasable","14":"product-type-simple"},"acf":[],"yoast_head":"<!-- This site is optimized with the Yoast SEO plugin v25.7 - https:\/\/yoast.com\/wordpress\/plugins\/seo\/ -->\n<title>MRC-UV Filter Osmo Pocket - MRC-UV Filter Osmo Pocket - PGYtech.<\/title>\n<meta name=\"description\" content=\"MRC-UV Filter Osmo Pocket is one of the most important accessory. Contact us to buy MRC-UV Filter Osmo Pocket for best price, fast shipping .\" \/>\n<meta name=\"robots\" content=\"index, follow, max-snippet:-1, max-image-preview:large, max-video-preview:-1\" \/>\n<link rel=\"canonical\" href=\"https:\/\/phukienflytech.vn\/en\/san-pham\/mrc-uv-filter-osmo-pocket.html\" \/>\n<meta property=\"og:locale\" content=\"en_US\" \/>\n<meta property=\"og:type\" content=\"article\" \/>\n<meta property=\"og:title\" content=\"MRC-UV Filter Osmo Pocket - MRC-UV Filter Osmo Pocket - PGYtech.\" \/>\n<meta property=\"og:description\" content=\"MRC-UV Filter Osmo Pocket is one of the most important accessory. Contact us to buy MRC-UV Filter Osmo Pocket for best price, fast shipping .\" \/>\n<meta property=\"og:url\" content=\"https:\/\/phukienflytech.vn\/en\/san-pham\/mrc-uv-filter-osmo-pocket.html\" \/>\n<meta property=\"og:site_name\" content=\"Shop M\u00e1y \u1ea3nh - Action Camera - Gimbal - Flycam - Ph\u1ee5 ki\u1ec7n\" \/>\n<meta property=\"article:publisher\" content=\"https:\/\/facebook.com\/phukienflycam\" \/>\n<meta property=\"article:modified_time\" content=\"2021-01-14T02:33:35+00:00\" \/>\n<meta property=\"og:image\" content=\"https:\/\/phukienflytech.vn\/wp-content\/uploads\/2020\/05\/PGYtech-phu-kien-osmo-pocket-dji-filter-nd-cpl-mcuv-gia-re-chinh-hang1222-Copy-Copy-Copy.jpg\" \/>\n\t<meta property=\"og:image:width\" content=\"300\" \/>\n\t<meta property=\"og:image:height\" content=\"300\" \/>\n\t<meta property=\"og:image:type\" content=\"image\/jpeg\" \/>\n<meta name=\"twitter:card\" content=\"summary_large_image\" \/>\n<meta name=\"twitter:label1\" content=\"Est. reading time\" \/>\n\t<meta name=\"twitter:data1\" content=\"4 minutes\" \/>\n<script type=\"application\/ld+json\" class=\"yoast-schema-graph\">{\"@context\":\"https:\/\/schema.org\",\"@graph\":[{\"@type\":\"WebPage\",\"@id\":\"https:\/\/phukienflytech.vn\/en\/san-pham\/mrc-uv-filter-osmo-pocket.html\",\"url\":\"https:\/\/phukienflytech.vn\/en\/san-pham\/mrc-uv-filter-osmo-pocket.html\",\"name\":\"MRC-UV Filter Osmo Pocket - MRC-UV Filter Osmo Pocket - PGYtech.\",\"isPartOf\":{\"@id\":\"https:\/\/phukienflytech.vn\/#website\"},\"primaryImageOfPage\":{\"@id\":\"https:\/\/phukienflytech.vn\/en\/san-pham\/mrc-uv-filter-osmo-pocket.html#primaryimage\"},\"image\":{\"@id\":\"https:\/\/phukienflytech.vn\/en\/san-pham\/mrc-uv-filter-osmo-pocket.html#primaryimage\"},\"thumbnailUrl\":\"https:\/\/phukienflytech.vn\/wp-content\/uploads\/2020\/05\/PGYtech-phu-kien-osmo-pocket-dji-filter-nd-cpl-mcuv-gia-re-chinh-hang1222-Copy-Copy-Copy.jpg\",\"datePublished\":\"2020-06-20T08:55:15+00:00\",\"dateModified\":\"2021-01-14T02:33:35+00:00\",\"description\":\"MRC-UV Filter Osmo Pocket is one of the most important accessory. Contact us to buy MRC-UV Filter Osmo Pocket for best price, fast shipping .\",\"breadcrumb\":{\"@id\":\"https:\/\/phukienflytech.vn\/en\/san-pham\/mrc-uv-filter-osmo-pocket.html#breadcrumb\"},\"inLanguage\":\"en-US\",\"potentialAction\":[{\"@type\":\"ReadAction\",\"target\":[\"https:\/\/phukienflytech.vn\/en\/san-pham\/mrc-uv-filter-osmo-pocket.html\"]}]},{\"@type\":\"ImageObject\",\"inLanguage\":\"en-US\",\"@id\":\"https:\/\/phukienflytech.vn\/en\/san-pham\/mrc-uv-filter-osmo-pocket.html#primaryimage\",\"url\":\"https:\/\/phukienflytech.vn\/wp-content\/uploads\/2020\/05\/PGYtech-phu-kien-osmo-pocket-dji-filter-nd-cpl-mcuv-gia-re-chinh-hang1222-Copy-Copy-Copy.jpg\",\"contentUrl\":\"https:\/\/phukienflytech.vn\/wp-content\/uploads\/2020\/05\/PGYtech-phu-kien-osmo-pocket-dji-filter-nd-cpl-mcuv-gia-re-chinh-hang1222-Copy-Copy-Copy.jpg\",\"width\":300,\"height\":300},{\"@type\":\"BreadcrumbList\",\"@id\":\"https:\/\/phukienflytech.vn\/en\/san-pham\/mrc-uv-filter-osmo-pocket.html#breadcrumb\",\"itemListElement\":[{\"@type\":\"ListItem\",\"position\":1,\"name\":\"Home\",\"item\":\"https:\/\/phukienflytech.vn\/en\"},{\"@type\":\"ListItem\",\"position\":2,\"name\":\"Ph\u1ee5 ki\u1ec7n Mavic Pro\",\"item\":\"https:\/\/phukienflytech.vn\/en\/phu-kien-mavic-pro.html\"},{\"@type\":\"ListItem\",\"position\":3,\"name\":\"DJI Osmo &amp; Drone's accessories\",\"item\":\"https:\/\/phukienflytech.vn\/en\/danh-muc\/dji-osmo-drones-accessories.html\"},{\"@type\":\"ListItem\",\"position\":4,\"name\":\"Osmo Pocket accessory\",\"item\":\"https:\/\/phukienflytech.vn\/en\/danh-muc\/osmo-pocket-accessory.html\"},{\"@type\":\"ListItem\",\"position\":5,\"name\":\"MRC-UV Filter Osmo Pocket &#8211; PGYtech\"}]},{\"@type\":\"WebSite\",\"@id\":\"https:\/\/phukienflytech.vn\/#website\",\"url\":\"https:\/\/phukienflytech.vn\/\",\"name\":\"Shop M\u00e1y \u1ea3nh - Action Camera - Gimbal - Flycam - Ph\u1ee5 ki\u1ec7n\",\"description\":\"Shop M\u00e1y \u1ea3nh - Action Camera - Gimbal - Flycam - Ph\u1ee5 ki\u1ec7n\",\"publisher\":{\"@id\":\"https:\/\/phukienflytech.vn\/#organization\"},\"potentialAction\":[{\"@type\":\"SearchAction\",\"target\":{\"@type\":\"EntryPoint\",\"urlTemplate\":\"https:\/\/phukienflytech.vn\/?s={search_term_string}\"},\"query-input\":{\"@type\":\"PropertyValueSpecification\",\"valueRequired\":true,\"valueName\":\"search_term_string\"}}],\"inLanguage\":\"en-US\"},{\"@type\":\"Organization\",\"@id\":\"https:\/\/phukienflytech.vn\/#organization\",\"name\":\"DJI Store - Shop Drone, Action camera, Gimbal DJI |Phukienflytech\",\"alternateName\":\"DJI Store - Shop Drone, Action camera, Gimbal DJI |Phukienflytech\",\"url\":\"https:\/\/phukienflytech.vn\/\",\"logo\":{\"@type\":\"ImageObject\",\"inLanguage\":\"en-US\",\"@id\":\"https:\/\/phukienflytech.vn\/#\/schema\/logo\/image\/\",\"url\":\"https:\/\/phukienflytech.vn\/wp-content\/uploads\/2020\/05\/hAnh_nan.jpg1_.jpg\",\"contentUrl\":\"https:\/\/phukienflytech.vn\/wp-content\/uploads\/2020\/05\/hAnh_nan.jpg1_.jpg\",\"width\":800,\"height\":450,\"caption\":\"DJI Store - Shop Drone, Action camera, Gimbal DJI |Phukienflytech\"},\"image\":{\"@id\":\"https:\/\/phukienflytech.vn\/#\/schema\/logo\/image\/\"},\"sameAs\":[\"https:\/\/facebook.com\/phukienflycam\",\"https:\/\/www.youtube.com\/@phukienflytech\",\"https:\/\/www.tiktok.com\/@flytech.channel?fbclid=IwY2xjawGjg7BleHRuA2FlbQIxMAABHYVGmlXpuSMs0UB2zTpYvyT4GMVfN2qJa4urF4vkSQ6FAVBwXZtDP30qQA_aem_UwMiDcUvlEbd2tXAmsc8Og\"]}]}<\/script>\n<!-- \/ Yoast SEO plugin. -->","yoast_head_json":{"title":"MRC-UV Filter Osmo Pocket - MRC-UV Filter Osmo Pocket - PGYtech.","description":"MRC-UV Filter Osmo Pocket is one of the most important accessory. Contact us to buy MRC-UV Filter Osmo Pocket for best price, fast shipping .","robots":{"index":"index","follow":"follow","max-snippet":"max-snippet:-1","max-image-preview":"max-image-preview:large","max-video-preview":"max-video-preview:-1"},"canonical":"https:\/\/phukienflytech.vn\/en\/san-pham\/mrc-uv-filter-osmo-pocket.html","og_locale":"en_US","og_type":"article","og_title":"MRC-UV Filter Osmo Pocket - MRC-UV Filter Osmo Pocket - PGYtech.","og_description":"MRC-UV Filter Osmo Pocket is one of the most important accessory. Contact us to buy MRC-UV Filter Osmo Pocket for best price, fast shipping .","og_url":"https:\/\/phukienflytech.vn\/en\/san-pham\/mrc-uv-filter-osmo-pocket.html","og_site_name":"Shop M\u00e1y \u1ea3nh - Action Camera - Gimbal - Flycam - Ph\u1ee5 ki\u1ec7n","article_publisher":"https:\/\/facebook.com\/phukienflycam","article_modified_time":"2021-01-14T02:33:35+00:00","og_image":[{"width":300,"height":300,"url":"https:\/\/phukienflytech.vn\/wp-content\/uploads\/2020\/05\/PGYtech-phu-kien-osmo-pocket-dji-filter-nd-cpl-mcuv-gia-re-chinh-hang1222-Copy-Copy-Copy.jpg","type":"image\/jpeg"}],"twitter_card":"summary_large_image","twitter_misc":{"Est. reading time":"4 minutes"},"schema":{"@context":"https:\/\/schema.org","@graph":[{"@type":"WebPage","@id":"https:\/\/phukienflytech.vn\/en\/san-pham\/mrc-uv-filter-osmo-pocket.html","url":"https:\/\/phukienflytech.vn\/en\/san-pham\/mrc-uv-filter-osmo-pocket.html","name":"MRC-UV Filter Osmo Pocket - MRC-UV Filter Osmo Pocket - PGYtech.","isPartOf":{"@id":"https:\/\/phukienflytech.vn\/#website"},"primaryImageOfPage":{"@id":"https:\/\/phukienflytech.vn\/en\/san-pham\/mrc-uv-filter-osmo-pocket.html#primaryimage"},"image":{"@id":"https:\/\/phukienflytech.vn\/en\/san-pham\/mrc-uv-filter-osmo-pocket.html#primaryimage"},"thumbnailUrl":"https:\/\/phukienflytech.vn\/wp-content\/uploads\/2020\/05\/PGYtech-phu-kien-osmo-pocket-dji-filter-nd-cpl-mcuv-gia-re-chinh-hang1222-Copy-Copy-Copy.jpg","datePublished":"2020-06-20T08:55:15+00:00","dateModified":"2021-01-14T02:33:35+00:00","description":"MRC-UV Filter Osmo Pocket is one of the most important accessory. Contact us to buy MRC-UV Filter Osmo Pocket for best price, fast shipping .","breadcrumb":{"@id":"https:\/\/phukienflytech.vn\/en\/san-pham\/mrc-uv-filter-osmo-pocket.html#breadcrumb"},"inLanguage":"en-US","potentialAction":[{"@type":"ReadAction","target":["https:\/\/phukienflytech.vn\/en\/san-pham\/mrc-uv-filter-osmo-pocket.html"]}]},{"@type":"ImageObject","inLanguage":"en-US","@id":"https:\/\/phukienflytech.vn\/en\/san-pham\/mrc-uv-filter-osmo-pocket.html#primaryimage","url":"https:\/\/phukienflytech.vn\/wp-content\/uploads\/2020\/05\/PGYtech-phu-kien-osmo-pocket-dji-filter-nd-cpl-mcuv-gia-re-chinh-hang1222-Copy-Copy-Copy.jpg","contentUrl":"https:\/\/phukienflytech.vn\/wp-content\/uploads\/2020\/05\/PGYtech-phu-kien-osmo-pocket-dji-filter-nd-cpl-mcuv-gia-re-chinh-hang1222-Copy-Copy-Copy.jpg","width":300,"height":300},{"@type":"BreadcrumbList","@id":"https:\/\/phukienflytech.vn\/en\/san-pham\/mrc-uv-filter-osmo-pocket.html#breadcrumb","itemListElement":[{"@type":"ListItem","position":1,"name":"Home","item":"https:\/\/phukienflytech.vn\/en"},{"@type":"ListItem","position":2,"name":"Ph\u1ee5 ki\u1ec7n Mavic Pro","item":"https:\/\/phukienflytech.vn\/en\/phu-kien-mavic-pro.html"},{"@type":"ListItem","position":3,"name":"DJI Osmo &amp; Drone's accessories","item":"https:\/\/phukienflytech.vn\/en\/danh-muc\/dji-osmo-drones-accessories.html"},{"@type":"ListItem","position":4,"name":"Osmo Pocket accessory","item":"https:\/\/phukienflytech.vn\/en\/danh-muc\/osmo-pocket-accessory.html"},{"@type":"ListItem","position":5,"name":"MRC-UV Filter Osmo Pocket &#8211; PGYtech"}]},{"@type":"WebSite","@id":"https:\/\/phukienflytech.vn\/#website","url":"https:\/\/phukienflytech.vn\/","name":"Shop M\u00e1y \u1ea3nh - Action Camera - Gimbal - Flycam - Ph\u1ee5 ki\u1ec7n","description":"Shop M\u00e1y \u1ea3nh - Action Camera - Gimbal - Flycam - Ph\u1ee5 ki\u1ec7n","publisher":{"@id":"https:\/\/phukienflytech.vn\/#organization"},"potentialAction":[{"@type":"SearchAction","target":{"@type":"EntryPoint","urlTemplate":"https:\/\/phukienflytech.vn\/?s={search_term_string}"},"query-input":{"@type":"PropertyValueSpecification","valueRequired":true,"valueName":"search_term_string"}}],"inLanguage":"en-US"},{"@type":"Organization","@id":"https:\/\/phukienflytech.vn\/#organization","name":"DJI Store - Shop Drone, Action camera, Gimbal DJI |Phukienflytech","alternateName":"DJI Store - Shop Drone, Action camera, Gimbal DJI |Phukienflytech","url":"https:\/\/phukienflytech.vn\/","logo":{"@type":"ImageObject","inLanguage":"en-US","@id":"https:\/\/phukienflytech.vn\/#\/schema\/logo\/image\/","url":"https:\/\/phukienflytech.vn\/wp-content\/uploads\/2020\/05\/hAnh_nan.jpg1_.jpg","contentUrl":"https:\/\/phukienflytech.vn\/wp-content\/uploads\/2020\/05\/hAnh_nan.jpg1_.jpg","width":800,"height":450,"caption":"DJI Store - Shop Drone, Action camera, Gimbal DJI |Phukienflytech"},"image":{"@id":"https:\/\/phukienflytech.vn\/#\/schema\/logo\/image\/"},"sameAs":["https:\/\/facebook.com\/phukienflycam","https:\/\/www.youtube.com\/@phukienflytech","https:\/\/www.tiktok.com\/@flytech.channel?fbclid=IwY2xjawGjg7BleHRuA2FlbQIxMAABHYVGmlXpuSMs0UB2zTpYvyT4GMVfN2qJa4urF4vkSQ6FAVBwXZtDP30qQA_aem_UwMiDcUvlEbd2tXAmsc8Og"]}]}},"_links":{"self":[{"href":"https:\/\/phukienflytech.vn\/en\/wp-json\/wp\/v2\/product\/5142","targetHints":{"allow":["GET"]}}],"collection":[{"href":"https:\/\/phukienflytech.vn\/en\/wp-json\/wp\/v2\/product"}],"about":[{"href":"https:\/\/phukienflytech.vn\/en\/wp-json\/wp\/v2\/types\/product"}],"replies":[{"embeddable":true,"href":"https:\/\/phukienflytech.vn\/en\/wp-json\/wp\/v2\/comments?post=5142"}],"wp:featuredmedia":[{"embeddable":true,"href":"https:\/\/phukienflytech.vn\/en\/wp-json\/wp\/v2\/media\/5131"}],"wp:attachment":[{"href":"https:\/\/phukienflytech.vn\/en\/wp-json\/wp\/v2\/media?parent=5142"}],"wp:term":[{"taxonomy":"product_brand","embeddable":true,"href":"https:\/\/phukienflytech.vn\/en\/wp-json\/wp\/v2\/product_brand?post=5142"},{"taxonomy":"product_cat","embeddable":true,"href":"https:\/\/phukienflytech.vn\/en\/wp-json\/wp\/v2\/product_cat?post=5142"},{"taxonomy":"product_tag","embeddable":true,"href":"https:\/\/phukienflytech.vn\/en\/wp-json\/wp\/v2\/product_tag?post=5142"}],"curies":[{"name":"wp","href":"https:\/\/api.w.org\/{rel}","templated":true}]}}