{"id":5152,"date":"2020-06-20T16:02:27","date_gmt":"2020-06-20T09:02:27","guid":{"rendered":"http:\/\/27430.lamdx.vinawebsite.vn\/san-pham\/chup-bao-ve-gimbal-camera-osmo-pocket-pgytech.html"},"modified":"2021-01-14T09:33:27","modified_gmt":"2021-01-14T02:33:27","slug":"protection-cover-for-osmo-pocket","status":"publish","type":"product","link":"https:\/\/phukienflytech.vn\/en\/san-pham\/protection-cover-for-osmo-pocket.html","title":{"rendered":"Protection Cover for Osmo Pocket gimbal &#8211; PGYtech"},"content":{"rendered":"<h2><span style=\"color: #0000ff;\"><em><strong><span style=\"font-size: 21px;\">Protection Cover for Osmo Pocket gimbal &#8211; PGYtech<\/span><\/strong><\/em><\/span><\/h2>\n<p><span style=\"font-size: 18px;\">Protection Cover for Osmo Pocket gimbal <\/span><\/p>\n<p><span style=\"font-size: 18px;\">DJI\u00a0<strong>Osmo Pocket\u00a0<\/strong>l\u00e0 m\u1ed9t thi\u1ebft b\u1ecb quay phim c\u1ea7m tay v\u00f4 c\u00f9ng nh\u1ecf g\u1ecdn v\u00e0 linh ho\u1ea1t ph\u1ee5c v\u0169 quay phim khi di chuy\u1ec3n ho\u1eb7c c\u00e1c t\u00ecnh hu\u1ed1ng chuy\u1ec3n \u0111\u1ed9ng li\u00ean t\u1ee5c. V\u1edbi tr\u1ecdng l\u01b0\u1ee3ng ch\u1ec9 kho\u1ea3ng 110 g v\u00e0 chi\u1ec1u cao ch\u1ec9 12 cm,\u00a0<strong>DJI Osmo Pocket<\/strong>\u00a0x\u1ee9ng v\u1edbi c\u00e1i t\u00ean l\u00e0 m\u1ed9t thi\u1ebft b\u1ecb b\u1ecf t\u00fai.\u00a0 C\u1ee5m gimbal ch\u1ed1ng rung 3 tr\u1ee5c nh\u01b0ng c\u0169ng r\u1ea5t m\u1ecfng manh v\u00ec th\u1ebf trong qu\u00e1 tr\u00ecnh di chuy\u1ec3n c\u00e1c b\u1ea1n n\u00ean tran b\u1ecb th\u00eam\u00a0<strong>ch\u1ee5p b\u1ea3o v\u1ec7 gimbal camera Osmo Pocket \u2013 PGYTech<\/strong><\/span><\/p>\n<p>&nbsp;<\/p>\n<p><span style=\"font-size: 18px;\"><img loading=\"lazy\" decoding=\"async\" class=\"alignnone size-medium wp-image-10783\" src=\"https:\/\/phukienflytech.vn\/wp-content\/uploads\/2020\/05\/chup-bao-ve-gimbal-camera-osmo-pocket-pgytech-5143-Copy-521x400.jpg\" alt=\"\" width=\"521\" height=\"400\" srcset=\"https:\/\/phukienflytech.vn\/wp-content\/uploads\/2020\/05\/chup-bao-ve-gimbal-camera-osmo-pocket-pgytech-5143-Copy-521x400.jpg 521w, https:\/\/phukienflytech.vn\/wp-content\/uploads\/2020\/05\/chup-bao-ve-gimbal-camera-osmo-pocket-pgytech-5143-Copy-768x590.jpg 768w, https:\/\/phukienflytech.vn\/wp-content\/uploads\/2020\/05\/chup-bao-ve-gimbal-camera-osmo-pocket-pgytech-5143-Copy-1042x800.jpg 1042w, https:\/\/phukienflytech.vn\/wp-content\/uploads\/2020\/05\/chup-bao-ve-gimbal-camera-osmo-pocket-pgytech-5143-Copy-600x461.jpg 600w, https:\/\/phukienflytech.vn\/wp-content\/uploads\/2020\/05\/chup-bao-ve-gimbal-camera-osmo-pocket-pgytech-5143-Copy.jpg 1250w\" sizes=\"auto, (max-width: 521px) 100vw, 521px\" \/><\/span><\/p>\n<p>&nbsp;<\/p>\n<p><span style=\"font-size: 18px;\"><strong><em>Ch\u1ee5p b\u1ea3o v\u1ec7 gimbal\u00a0<\/em><\/strong><strong>camera Osmo Pocket &#8211; PGYtech\u00a0<\/strong>c\u00f3 ch\u1ee9c n\u0103ng b\u1ea3o v\u1ec7 to\u00e0n b\u1ed9 c\u1ee5m camera v\u00e0 gimbal c\u1ee7a Osmo Pocket. B\u00ean c\u1ea1nh b\u1ea3o v\u1ec7 to\u00e0n b\u1ed9 c\u1ee5m camera tr\u00e1nh nh\u1eefng va ch\u1ea1m th\u00ec n\u00f3 c\u00f2n c\u00f3 ch\u1ee9c n\u0103ng\u00a0<strong><em>c\u1ed1 \u0111\u1ecbnh gimbal Osmo pocket\u00a0<\/em><\/strong><em>\u00a0<\/em>tr\u00e1nh b\u1ecb rung \u0111\u1ed9ng m\u1ea1nh d\u1eabn t\u1edbi h\u01b0 h\u1ecfng gimbal v\u00e0 c\u00e1p k\u1ebft n\u1ed1i.<\/span><\/p>\n<p>&nbsp;<\/p>\n<h3><span style=\"font-size: 18px;\"><img loading=\"lazy\" decoding=\"async\" class=\"alignnone wp-image-10785 size-medium\" src=\"https:\/\/phukienflytech.vn\/wp-content\/uploads\/2020\/05\/chup-bao-ve-gimbal-camera-osmo-pocket-pgytech-5143-1-Copy-521x400.jpg\" alt=\"Protection-Cover-for-Osmo-Pocket-1\" width=\"521\" height=\"400\" srcset=\"https:\/\/phukienflytech.vn\/wp-content\/uploads\/2020\/05\/chup-bao-ve-gimbal-camera-osmo-pocket-pgytech-5143-1-Copy-521x400.jpg 521w, https:\/\/phukienflytech.vn\/wp-content\/uploads\/2020\/05\/chup-bao-ve-gimbal-camera-osmo-pocket-pgytech-5143-1-Copy-768x590.jpg 768w, https:\/\/phukienflytech.vn\/wp-content\/uploads\/2020\/05\/chup-bao-ve-gimbal-camera-osmo-pocket-pgytech-5143-1-Copy-1042x800.jpg 1042w, https:\/\/phukienflytech.vn\/wp-content\/uploads\/2020\/05\/chup-bao-ve-gimbal-camera-osmo-pocket-pgytech-5143-1-Copy-600x461.jpg 600w, https:\/\/phukienflytech.vn\/wp-content\/uploads\/2020\/05\/chup-bao-ve-gimbal-camera-osmo-pocket-pgytech-5143-1-Copy.jpg 1250w\" sizes=\"auto, (max-width: 521px) 100vw, 521px\" \/><\/span><\/h3>\n<p>&nbsp;<\/p>\n<p><span style=\"font-size: 18px;\">D\u00f9 trang b\u1ecb ch\u1ed1ng rung 3 tr\u1ee5c nh\u01b0ng c\u1ee5m gimbal c\u1ee7a Osmo Pocket c\u0169ng r\u1ea5t m\u1ecfng manh. Th\u1eadt \u0111\u00e1ng ti\u1ebfc n\u1ebfu b\u1ea1n kh\u00f4ng coi tr\u1ecdng vi\u1ec7c b\u1ea3o qu\u1ea3n m\u00e1y v\u00e0 \u0111\u1eb7c bi\u1ec7t l\u00e0 b\u1ed9 ph\u1eadn y\u1ebfu \u1edbt v\u00e0 d\u1ec5 b\u1ecb t\u1ed5n th\u01b0\u01a1ng h\u1ecfng h\u00f3c nh\u1ea5t ch\u00ednh l\u00e0 c\u1ee5m gimbal \u2013 camera v\u00e0 ph\u1ea7n c\u1ea3m bi\u1ebfn ph\u00eda tr\u01b0\u1edbc. Ch\u1ec9 c\u1ea7n m\u1ed9t t\u00e1c \u0111\u1ed9ng ngo\u1ea1i l\u1ef1c v\u00e0o c\u1ee5m gimbal camera n\u00e0y nh\u1ecf th\u00f4i c\u0169ng \u0111\u1ee7 cho b\u1ea1n ph\u1ea3i tr\u1ea3 m\u1ed9t c\u00e1i gi\u00e1 r\u1ea5t \u0111\u1eaft cho s\u1ef1 ch\u1ee7 quan c\u1ee7a m\u00ecnh<\/span><\/p>\n<p><span style=\"font-size: 18px;\"><strong><em>Ch\u1ee5p b\u1ea3o v\u1ec7 gimbal camera Osmo Pocket\u00a0<\/em><\/strong><em>\u00a0<\/em>&#8211; 2 ch\u1ee9c n\u0103ng quan tr\u1ecdng trong 1 s\u1ea3n ph\u1ea9m,\u00a0do v\u1eady ch\u1eb3ng ph\u1ea3i ng\u1eabu nhi\u00ean m\u1ed9t ph\u1ee5 ki\u1ec7n c\u00f3 v\u1edbi m\u1ee9c gi\u00e1 th\u1ea5p nh\u01b0 l\u1ea1i lu\u00f4n \u0111\u01b0\u1ee3c xem l\u1ea1i\u00a0<strong><em>ph\u1ee5 ki\u1ec7n Osmo pocket quan tr\u1ecdng<\/em><\/strong><em>\u00a0<\/em>h\u00e0ng \u0111\u1ea7u<\/span><\/p>\n<p>&nbsp;<\/p>\n<p><span style=\"font-size: 18px;\"><img loading=\"lazy\" decoding=\"async\" class=\"alignnone wp-image-10790 size-medium\" src=\"https:\/\/phukienflytech.vn\/wp-content\/uploads\/2020\/05\/chup-bao-ve-gimbal-camera-osmo-pocket-pgytech-5143-2-Copy-521x400.jpg\" alt=\"Protection-Cover-for-Osmo-Pocket\" width=\"521\" height=\"400\" srcset=\"https:\/\/phukienflytech.vn\/wp-content\/uploads\/2020\/05\/chup-bao-ve-gimbal-camera-osmo-pocket-pgytech-5143-2-Copy-521x400.jpg 521w, https:\/\/phukienflytech.vn\/wp-content\/uploads\/2020\/05\/chup-bao-ve-gimbal-camera-osmo-pocket-pgytech-5143-2-Copy-768x590.jpg 768w, https:\/\/phukienflytech.vn\/wp-content\/uploads\/2020\/05\/chup-bao-ve-gimbal-camera-osmo-pocket-pgytech-5143-2-Copy-1042x800.jpg 1042w, https:\/\/phukienflytech.vn\/wp-content\/uploads\/2020\/05\/chup-bao-ve-gimbal-camera-osmo-pocket-pgytech-5143-2-Copy-600x461.jpg 600w, https:\/\/phukienflytech.vn\/wp-content\/uploads\/2020\/05\/chup-bao-ve-gimbal-camera-osmo-pocket-pgytech-5143-2-Copy.jpg 1250w\" sizes=\"auto, (max-width: 521px) 100vw, 521px\" \/><\/span><\/p>\n<p>&nbsp;<\/p>\n<p><span style=\"font-size: 18px;\">Thi\u1ebft k\u1ebf nh\u1ecf g\u1ecdn d\u1ec5 mang theo b\u00ean m\u00ecnh, d\u1ec5 d\u00e0ng th\u00e1o l\u1eafp ch\u1ea5t li\u1ec7u nh\u1ef1a PC c\u1ee9ng c\u00e1p l\u1ef1c \u00f4m v\u1eeba \u0111\u1ee7 gi\u00fap c\u1ed1 \u0111\u1ecbnh gimbal kh\u00f4ng xoay ho\u1eb7c rung trong qu\u00e1 tr\u00ecnh di chuy\u1ec3n.<\/span><\/p>\n<h2><span style=\"font-size: 21px;\"><em><span style=\"color: #0000ff;\"><strong>Th\u00f4ng s\u1ed1 S\u1ea3n ph\u1ea9m <span style=\"font-size: 18px;\">Protection Cover for Osmo Pocket gimbal<\/span><\/strong><\/span><\/em><\/span><\/h2>\n<p><span style=\"font-size: 18px;\">K\u00edch th\u01b0\u1edbc s\u1ea3n ph\u1ea9m: 4.06&#215;4.06&#215;1.52 cm<\/span><\/p>\n<p><span style=\"font-size: 18px;\">Tr\u1ecdng l\u01b0\u1ee3ng:\u00a019g<\/span><\/p>\n<p><span style=\"font-size: 18px;\">H\u00e3y c\u00f9ng b\u1ea3o v\u1ec7 camera v\u00e0 gimbal DJI mavic 2 pro b\u1eb1ng chi\u1ebfc\u00a0<strong>Ch\u1ee5p b\u1ea3o v\u1ec7 gimbal osmo pocket PGYtech<\/strong>\u00a0n\u00e0y.<\/span><\/p>\n<p><span style=\"font-size: 18px;\">B\u00ean c\u1ea1nh \u0111\u00f3 l\u00e0 ch\u00fang t\u00f4i cung c\u00e1c ph\u1ee5 ki\u1ec7n kh\u00e1c c\u1ee7a osmo pocket s\u1eb5n s\u00e0ng \u0111\u00e1p \u1ee9ng nhu c\u1ea7u c\u1ee7a m\u1ecdi ng\u01b0\u1eddi. \u0110\u1ec3 tham kh\u1ea3o th\u00eam s\u1ea3n ph\u1ea9m xin m\u1eddi c\u00e1c b\u1ea1n xem t\u1ea1i \u0111\u00e2y.\u00a0<\/span><\/p>\n<p><span style=\"font-size: 18px;\">H\u00e3y \u0111\u1ec3\u00a0<strong><a href=\"https:\/\/facebook.com\/phukienflycam\/\">Ph\u1ee5 Ki\u1ec7n Fly-cam Gi\u00e1 T\u1ed1t<\/a><\/strong>\u00a0ti\u1ebfp s\u1ee9c \u0111am m\u00ea, c\u00f4ng vi\u1ec7c c\u1ee7a b\u1ea1n, gi\u00fap b\u1ea1n th\u00eam ni\u1ec1m h\u1ee9ng kh\u1edfi trong \u0111am m\u00ea c\u0169ng nh\u01b0 c\u00f4ng vi\u1ec7c c\u1ee7a m\u00ecnh th\u00eam su\u00f4n s\u1ebb<\/span><\/p>\n<p><span style=\"font-size: 18px;\">Nh\u00e0 s\u1ea3n xu\u1ea5t : PGYTech\u00a0<\/span><\/p>\n<p><span style=\"font-size: 18px;\">&gt;&gt; Learn More :<a href=\"https:\/\/phukienflytech.vn\/danh-muc\/phu-kien-osmo-pocket.html\"><strong> Osmo Pocket Accessories<\/strong><\/a><\/span><\/p>\n<p><span style=\"font-size: 18px;\">&gt;&gt; Contact us on: <a href=\"https:\/\/www.facebook.com\/phukienflycam\"><strong>Facebook<\/strong><\/a><\/span><\/p>\n<p>&nbsp;<\/p>\n","protected":false},"excerpt":{"rendered":"<p>Protection Cover for Osmo Pocket gimbal &#8211; PGYtech Protection Cover for Osmo Pocket gimbal DJI\u00a0Osmo Pocket\u00a0l\u00e0 m\u1ed9t thi\u1ebft b\u1ecb quay phim c\u1ea7m tay v\u00f4 c\u00f9ng nh\u1ecf g\u1ecdn v\u00e0 linh ho\u1ea1t ph\u1ee5c v\u0169 quay phim khi di chuy\u1ec3n ho\u1eb7c c\u00e1c t\u00ecnh hu\u1ed1ng chuy\u1ec3n \u0111\u1ed9ng li\u00ean t\u1ee5c. V\u1edbi tr\u1ecdng l\u01b0\u1ee3ng ch\u1ec9 kho\u1ea3ng 110 g v\u00e0 chi\u1ec1u cao &#8230;<\/p>\n","protected":false},"featured_media":5145,"comment_status":"open","ping_status":"closed","template":"","meta":{"_acf_changed":false},"product_brand":[],"product_cat":[186],"product_tag":[364,354],"class_list":{"0":"post-5152","1":"product","2":"type-product","3":"status-publish","4":"has-post-thumbnail","6":"product_cat-osmo-pocket-accessory","7":"product_tag-chup-bao-ve-gimbal-camera-en","8":"product_tag-phu-kien-osmo-pocket-en","10":"first","11":"instock","12":"shipping-taxable","13":"purchasable","14":"product-type-simple"},"acf":[],"yoast_head":"<!-- This site is optimized with the Yoast SEO plugin v25.7 - https:\/\/yoast.com\/wordpress\/plugins\/seo\/ -->\n<title>Protection Cover for Osmo Pocket - Protection Cover Osmo Pocket gimbal.<\/title>\n<meta name=\"description\" content=\"Protection Cover for Osmo Pocket is one of the most important accessory. Contact us to buy Protection Cover for Osmo Pocket for best price.\" \/>\n<meta name=\"robots\" content=\"index, follow, max-snippet:-1, max-image-preview:large, max-video-preview:-1\" \/>\n<link rel=\"canonical\" href=\"https:\/\/phukienflytech.vn\/en\/san-pham\/protection-cover-for-osmo-pocket.html\" \/>\n<meta property=\"og:locale\" content=\"en_US\" \/>\n<meta property=\"og:type\" content=\"article\" \/>\n<meta property=\"og:title\" content=\"Protection Cover for Osmo Pocket - Protection Cover Osmo Pocket gimbal.\" \/>\n<meta property=\"og:description\" content=\"Protection Cover for Osmo Pocket is one of the most important accessory. Contact us to buy Protection Cover for Osmo Pocket for best price.\" \/>\n<meta property=\"og:url\" content=\"https:\/\/phukienflytech.vn\/en\/san-pham\/protection-cover-for-osmo-pocket.html\" \/>\n<meta property=\"og:site_name\" content=\"Shop M\u00e1y \u1ea3nh - Action Camera - Gimbal - Flycam - Ph\u1ee5 ki\u1ec7n\" \/>\n<meta property=\"article:publisher\" content=\"https:\/\/facebook.com\/phukienflycam\" \/>\n<meta property=\"article:modified_time\" content=\"2021-01-14T02:33:27+00:00\" \/>\n<meta property=\"og:image\" content=\"https:\/\/phukienflytech.vn\/wp-content\/uploads\/2020\/05\/pgytech-b\u1ea3o-v\u1ec7-gimbal-camera-osmo-pocket-phu-kien-chinh-hang4145-Copy.jpg\" \/>\n\t<meta property=\"og:image:width\" content=\"300\" \/>\n\t<meta property=\"og:image:height\" content=\"300\" \/>\n\t<meta property=\"og:image:type\" content=\"image\/jpeg\" \/>\n<meta name=\"twitter:card\" content=\"summary_large_image\" \/>\n<meta name=\"twitter:label1\" content=\"Est. reading time\" \/>\n\t<meta name=\"twitter:data1\" content=\"3 minutes\" \/>\n<script type=\"application\/ld+json\" class=\"yoast-schema-graph\">{\"@context\":\"https:\/\/schema.org\",\"@graph\":[{\"@type\":\"WebPage\",\"@id\":\"https:\/\/phukienflytech.vn\/en\/san-pham\/protection-cover-for-osmo-pocket.html\",\"url\":\"https:\/\/phukienflytech.vn\/en\/san-pham\/protection-cover-for-osmo-pocket.html\",\"name\":\"Protection Cover for Osmo Pocket - Protection Cover Osmo Pocket gimbal.\",\"isPartOf\":{\"@id\":\"https:\/\/phukienflytech.vn\/#website\"},\"primaryImageOfPage\":{\"@id\":\"https:\/\/phukienflytech.vn\/en\/san-pham\/protection-cover-for-osmo-pocket.html#primaryimage\"},\"image\":{\"@id\":\"https:\/\/phukienflytech.vn\/en\/san-pham\/protection-cover-for-osmo-pocket.html#primaryimage\"},\"thumbnailUrl\":\"https:\/\/phukienflytech.vn\/wp-content\/uploads\/2020\/05\/pgytech-b\u1ea3o-v\u1ec7-gimbal-camera-osmo-pocket-phu-kien-chinh-hang4145-Copy.jpg\",\"datePublished\":\"2020-06-20T09:02:27+00:00\",\"dateModified\":\"2021-01-14T02:33:27+00:00\",\"description\":\"Protection Cover for Osmo Pocket is one of the most important accessory. Contact us to buy Protection Cover for Osmo Pocket for best price.\",\"breadcrumb\":{\"@id\":\"https:\/\/phukienflytech.vn\/en\/san-pham\/protection-cover-for-osmo-pocket.html#breadcrumb\"},\"inLanguage\":\"en-US\",\"potentialAction\":[{\"@type\":\"ReadAction\",\"target\":[\"https:\/\/phukienflytech.vn\/en\/san-pham\/protection-cover-for-osmo-pocket.html\"]}]},{\"@type\":\"ImageObject\",\"inLanguage\":\"en-US\",\"@id\":\"https:\/\/phukienflytech.vn\/en\/san-pham\/protection-cover-for-osmo-pocket.html#primaryimage\",\"url\":\"https:\/\/phukienflytech.vn\/wp-content\/uploads\/2020\/05\/pgytech-b\u1ea3o-v\u1ec7-gimbal-camera-osmo-pocket-phu-kien-chinh-hang4145-Copy.jpg\",\"contentUrl\":\"https:\/\/phukienflytech.vn\/wp-content\/uploads\/2020\/05\/pgytech-b\u1ea3o-v\u1ec7-gimbal-camera-osmo-pocket-phu-kien-chinh-hang4145-Copy.jpg\",\"width\":300,\"height\":300},{\"@type\":\"BreadcrumbList\",\"@id\":\"https:\/\/phukienflytech.vn\/en\/san-pham\/protection-cover-for-osmo-pocket.html#breadcrumb\",\"itemListElement\":[{\"@type\":\"ListItem\",\"position\":1,\"name\":\"Home\",\"item\":\"https:\/\/phukienflytech.vn\/en\"},{\"@type\":\"ListItem\",\"position\":2,\"name\":\"Ph\u1ee5 ki\u1ec7n Mavic Pro\",\"item\":\"https:\/\/phukienflytech.vn\/en\/phu-kien-mavic-pro.html\"},{\"@type\":\"ListItem\",\"position\":3,\"name\":\"DJI Osmo &amp; Drone's accessories\",\"item\":\"https:\/\/phukienflytech.vn\/en\/danh-muc\/dji-osmo-drones-accessories.html\"},{\"@type\":\"ListItem\",\"position\":4,\"name\":\"Osmo Pocket accessory\",\"item\":\"https:\/\/phukienflytech.vn\/en\/danh-muc\/osmo-pocket-accessory.html\"},{\"@type\":\"ListItem\",\"position\":5,\"name\":\"Protection Cover for Osmo Pocket gimbal &#8211; PGYtech\"}]},{\"@type\":\"WebSite\",\"@id\":\"https:\/\/phukienflytech.vn\/#website\",\"url\":\"https:\/\/phukienflytech.vn\/\",\"name\":\"Shop M\u00e1y \u1ea3nh - Action Camera - Gimbal - Flycam - Ph\u1ee5 ki\u1ec7n\",\"description\":\"Shop M\u00e1y \u1ea3nh - Action Camera - Gimbal - Flycam - Ph\u1ee5 ki\u1ec7n\",\"publisher\":{\"@id\":\"https:\/\/phukienflytech.vn\/#organization\"},\"potentialAction\":[{\"@type\":\"SearchAction\",\"target\":{\"@type\":\"EntryPoint\",\"urlTemplate\":\"https:\/\/phukienflytech.vn\/?s={search_term_string}\"},\"query-input\":{\"@type\":\"PropertyValueSpecification\",\"valueRequired\":true,\"valueName\":\"search_term_string\"}}],\"inLanguage\":\"en-US\"},{\"@type\":\"Organization\",\"@id\":\"https:\/\/phukienflytech.vn\/#organization\",\"name\":\"DJI Store - Shop Drone, Action camera, Gimbal DJI |Phukienflytech\",\"alternateName\":\"DJI Store - Shop Drone, Action camera, Gimbal DJI |Phukienflytech\",\"url\":\"https:\/\/phukienflytech.vn\/\",\"logo\":{\"@type\":\"ImageObject\",\"inLanguage\":\"en-US\",\"@id\":\"https:\/\/phukienflytech.vn\/#\/schema\/logo\/image\/\",\"url\":\"https:\/\/phukienflytech.vn\/wp-content\/uploads\/2020\/05\/hAnh_nan.jpg1_.jpg\",\"contentUrl\":\"https:\/\/phukienflytech.vn\/wp-content\/uploads\/2020\/05\/hAnh_nan.jpg1_.jpg\",\"width\":800,\"height\":450,\"caption\":\"DJI Store - Shop Drone, Action camera, Gimbal DJI |Phukienflytech\"},\"image\":{\"@id\":\"https:\/\/phukienflytech.vn\/#\/schema\/logo\/image\/\"},\"sameAs\":[\"https:\/\/facebook.com\/phukienflycam\",\"https:\/\/www.youtube.com\/@phukienflytech\",\"https:\/\/www.tiktok.com\/@flytech.channel?fbclid=IwY2xjawGjg7BleHRuA2FlbQIxMAABHYVGmlXpuSMs0UB2zTpYvyT4GMVfN2qJa4urF4vkSQ6FAVBwXZtDP30qQA_aem_UwMiDcUvlEbd2tXAmsc8Og\"]}]}<\/script>\n<!-- \/ Yoast SEO plugin. -->","yoast_head_json":{"title":"Protection Cover for Osmo Pocket - Protection Cover Osmo Pocket gimbal.","description":"Protection Cover for Osmo Pocket is one of the most important accessory. Contact us to buy Protection Cover for Osmo Pocket for best price.","robots":{"index":"index","follow":"follow","max-snippet":"max-snippet:-1","max-image-preview":"max-image-preview:large","max-video-preview":"max-video-preview:-1"},"canonical":"https:\/\/phukienflytech.vn\/en\/san-pham\/protection-cover-for-osmo-pocket.html","og_locale":"en_US","og_type":"article","og_title":"Protection Cover for Osmo Pocket - Protection Cover Osmo Pocket gimbal.","og_description":"Protection Cover for Osmo Pocket is one of the most important accessory. Contact us to buy Protection Cover for Osmo Pocket for best price.","og_url":"https:\/\/phukienflytech.vn\/en\/san-pham\/protection-cover-for-osmo-pocket.html","og_site_name":"Shop M\u00e1y \u1ea3nh - Action Camera - Gimbal - Flycam - Ph\u1ee5 ki\u1ec7n","article_publisher":"https:\/\/facebook.com\/phukienflycam","article_modified_time":"2021-01-14T02:33:27+00:00","og_image":[{"width":300,"height":300,"url":"https:\/\/phukienflytech.vn\/wp-content\/uploads\/2020\/05\/pgytech-b\u1ea3o-v\u1ec7-gimbal-camera-osmo-pocket-phu-kien-chinh-hang4145-Copy.jpg","type":"image\/jpeg"}],"twitter_card":"summary_large_image","twitter_misc":{"Est. reading time":"3 minutes"},"schema":{"@context":"https:\/\/schema.org","@graph":[{"@type":"WebPage","@id":"https:\/\/phukienflytech.vn\/en\/san-pham\/protection-cover-for-osmo-pocket.html","url":"https:\/\/phukienflytech.vn\/en\/san-pham\/protection-cover-for-osmo-pocket.html","name":"Protection Cover for Osmo Pocket - Protection Cover Osmo Pocket gimbal.","isPartOf":{"@id":"https:\/\/phukienflytech.vn\/#website"},"primaryImageOfPage":{"@id":"https:\/\/phukienflytech.vn\/en\/san-pham\/protection-cover-for-osmo-pocket.html#primaryimage"},"image":{"@id":"https:\/\/phukienflytech.vn\/en\/san-pham\/protection-cover-for-osmo-pocket.html#primaryimage"},"thumbnailUrl":"https:\/\/phukienflytech.vn\/wp-content\/uploads\/2020\/05\/pgytech-b\u1ea3o-v\u1ec7-gimbal-camera-osmo-pocket-phu-kien-chinh-hang4145-Copy.jpg","datePublished":"2020-06-20T09:02:27+00:00","dateModified":"2021-01-14T02:33:27+00:00","description":"Protection Cover for Osmo Pocket is one of the most important accessory. Contact us to buy Protection Cover for Osmo Pocket for best price.","breadcrumb":{"@id":"https:\/\/phukienflytech.vn\/en\/san-pham\/protection-cover-for-osmo-pocket.html#breadcrumb"},"inLanguage":"en-US","potentialAction":[{"@type":"ReadAction","target":["https:\/\/phukienflytech.vn\/en\/san-pham\/protection-cover-for-osmo-pocket.html"]}]},{"@type":"ImageObject","inLanguage":"en-US","@id":"https:\/\/phukienflytech.vn\/en\/san-pham\/protection-cover-for-osmo-pocket.html#primaryimage","url":"https:\/\/phukienflytech.vn\/wp-content\/uploads\/2020\/05\/pgytech-b\u1ea3o-v\u1ec7-gimbal-camera-osmo-pocket-phu-kien-chinh-hang4145-Copy.jpg","contentUrl":"https:\/\/phukienflytech.vn\/wp-content\/uploads\/2020\/05\/pgytech-b\u1ea3o-v\u1ec7-gimbal-camera-osmo-pocket-phu-kien-chinh-hang4145-Copy.jpg","width":300,"height":300},{"@type":"BreadcrumbList","@id":"https:\/\/phukienflytech.vn\/en\/san-pham\/protection-cover-for-osmo-pocket.html#breadcrumb","itemListElement":[{"@type":"ListItem","position":1,"name":"Home","item":"https:\/\/phukienflytech.vn\/en"},{"@type":"ListItem","position":2,"name":"Ph\u1ee5 ki\u1ec7n Mavic Pro","item":"https:\/\/phukienflytech.vn\/en\/phu-kien-mavic-pro.html"},{"@type":"ListItem","position":3,"name":"DJI Osmo &amp; Drone's accessories","item":"https:\/\/phukienflytech.vn\/en\/danh-muc\/dji-osmo-drones-accessories.html"},{"@type":"ListItem","position":4,"name":"Osmo Pocket accessory","item":"https:\/\/phukienflytech.vn\/en\/danh-muc\/osmo-pocket-accessory.html"},{"@type":"ListItem","position":5,"name":"Protection Cover for Osmo Pocket gimbal &#8211; PGYtech"}]},{"@type":"WebSite","@id":"https:\/\/phukienflytech.vn\/#website","url":"https:\/\/phukienflytech.vn\/","name":"Shop M\u00e1y \u1ea3nh - Action Camera - Gimbal - Flycam - Ph\u1ee5 ki\u1ec7n","description":"Shop M\u00e1y \u1ea3nh - Action Camera - Gimbal - Flycam - Ph\u1ee5 ki\u1ec7n","publisher":{"@id":"https:\/\/phukienflytech.vn\/#organization"},"potentialAction":[{"@type":"SearchAction","target":{"@type":"EntryPoint","urlTemplate":"https:\/\/phukienflytech.vn\/?s={search_term_string}"},"query-input":{"@type":"PropertyValueSpecification","valueRequired":true,"valueName":"search_term_string"}}],"inLanguage":"en-US"},{"@type":"Organization","@id":"https:\/\/phukienflytech.vn\/#organization","name":"DJI Store - Shop Drone, Action camera, Gimbal DJI |Phukienflytech","alternateName":"DJI Store - Shop Drone, Action camera, Gimbal DJI |Phukienflytech","url":"https:\/\/phukienflytech.vn\/","logo":{"@type":"ImageObject","inLanguage":"en-US","@id":"https:\/\/phukienflytech.vn\/#\/schema\/logo\/image\/","url":"https:\/\/phukienflytech.vn\/wp-content\/uploads\/2020\/05\/hAnh_nan.jpg1_.jpg","contentUrl":"https:\/\/phukienflytech.vn\/wp-content\/uploads\/2020\/05\/hAnh_nan.jpg1_.jpg","width":800,"height":450,"caption":"DJI Store - Shop Drone, Action camera, Gimbal DJI |Phukienflytech"},"image":{"@id":"https:\/\/phukienflytech.vn\/#\/schema\/logo\/image\/"},"sameAs":["https:\/\/facebook.com\/phukienflycam","https:\/\/www.youtube.com\/@phukienflytech","https:\/\/www.tiktok.com\/@flytech.channel?fbclid=IwY2xjawGjg7BleHRuA2FlbQIxMAABHYVGmlXpuSMs0UB2zTpYvyT4GMVfN2qJa4urF4vkSQ6FAVBwXZtDP30qQA_aem_UwMiDcUvlEbd2tXAmsc8Og"]}]}},"_links":{"self":[{"href":"https:\/\/phukienflytech.vn\/en\/wp-json\/wp\/v2\/product\/5152","targetHints":{"allow":["GET"]}}],"collection":[{"href":"https:\/\/phukienflytech.vn\/en\/wp-json\/wp\/v2\/product"}],"about":[{"href":"https:\/\/phukienflytech.vn\/en\/wp-json\/wp\/v2\/types\/product"}],"replies":[{"embeddable":true,"href":"https:\/\/phukienflytech.vn\/en\/wp-json\/wp\/v2\/comments?post=5152"}],"wp:featuredmedia":[{"embeddable":true,"href":"https:\/\/phukienflytech.vn\/en\/wp-json\/wp\/v2\/media\/5145"}],"wp:attachment":[{"href":"https:\/\/phukienflytech.vn\/en\/wp-json\/wp\/v2\/media?parent=5152"}],"wp:term":[{"taxonomy":"product_brand","embeddable":true,"href":"https:\/\/phukienflytech.vn\/en\/wp-json\/wp\/v2\/product_brand?post=5152"},{"taxonomy":"product_cat","embeddable":true,"href":"https:\/\/phukienflytech.vn\/en\/wp-json\/wp\/v2\/product_cat?post=5152"},{"taxonomy":"product_tag","embeddable":true,"href":"https:\/\/phukienflytech.vn\/en\/wp-json\/wp\/v2\/product_tag?post=5152"}],"curies":[{"name":"wp","href":"https:\/\/api.w.org\/{rel}","templated":true}]}}