{"id":5204,"date":"2020-05-30T16:42:13","date_gmt":"2020-05-30T09:42:13","guid":{"rendered":"http:\/\/27430.lamdx.vinawebsite.vn\/san-pham\/bo-gay-rut-va-dau-noi-gimbal-action-camera.html"},"modified":"2020-10-09T13:31:46","modified_gmt":"2020-10-09T06:31:46","slug":"extension-pole-for-action-camera","status":"publish","type":"product","link":"https:\/\/phukienflytech.vn\/en\/san-pham\/extension-pole-for-action-camera.html","title":{"rendered":"extension pole for action camera"},"content":{"rendered":"<h2><span style=\"color: #0000ff;\"><em><strong><span style=\"font-size: 21px;\">Extension pole for action camera<\/span><\/strong><\/em><\/span><\/h2>\n<p><span style=\"font-size: 18px;\"><strong>B\u1ed9 g\u1eady r\u00fat v\u00e0 \u0111\u1ea7u n\u1ed1i<\/strong> gi\u00fap b\u1ea1n c\u00f3 nh\u1eefng tr\u1ea3i nghi\u1ec7m m\u1edbi h\u01a1n c\u1ea3i thi\u1ec7n cho chi\u1ebfc m\u00e1y.<\/span><\/p>\n<p><span style=\"font-size: 18px;\"><strong><em>Ph\u1ee5 ki\u1ec7n DJI osmo action &#8211; DJI Osmo Pocket<\/em><\/strong><\/span><\/p>\n<p><span style=\"font-size: 18px;\">B\u1ea1n \u0111ang s\u1edf h\u1eefu DJI osmo action hay DJI Osmo pocket ?<\/span><\/p>\n<p><span style=\"font-size: 18px;\"><em><strong>DJI Osmo action<\/strong><\/em>\u00a0\u2013 chi\u1ebfc camera h\u00e0nh tr\u00ecnh chuy\u00ean nghi\u1ec7p \u0111\u1ea7u ti\u00ean c\u1ee7a DJI c\u0169ng gi\u1ed1ng nh\u01b0 chi\u1ebfc\u00a0<em><strong>DJI Osmo Pocket<\/strong><\/em>, c\u1ea3 2 \u0111\u1ec1u \u0111ang l\u00e0 nh\u1eefng qu\u00e2n b\u00e0i m\u1edbi c\u1ee7a DJI trong chi\u1ebfn l\u01b0\u1ee3c ph\u00e1t tri\u1ec3n action camera v\u00e0 mini gimbal.<\/span><\/p>\n<p>&nbsp;<\/p>\n<p><span style=\"font-size: 18px;\"><img loading=\"lazy\" decoding=\"async\" class=\"alignnone size-medium wp-image-11129\" src=\"https:\/\/phukienflytech.vn\/wp-content\/uploads\/2020\/05\/bo-gay-rut-va-dau-noi-gimbal-action-camera-5187-8-400x400.jpg\" alt=\"\" width=\"400\" height=\"400\" srcset=\"https:\/\/phukienflytech.vn\/wp-content\/uploads\/2020\/05\/bo-gay-rut-va-dau-noi-gimbal-action-camera-5187-8-400x400.jpg 400w, https:\/\/phukienflytech.vn\/wp-content\/uploads\/2020\/05\/bo-gay-rut-va-dau-noi-gimbal-action-camera-5187-8-280x280.jpg 280w, https:\/\/phukienflytech.vn\/wp-content\/uploads\/2020\/05\/bo-gay-rut-va-dau-noi-gimbal-action-camera-5187-8-768x768.jpg 768w, https:\/\/phukienflytech.vn\/wp-content\/uploads\/2020\/05\/bo-gay-rut-va-dau-noi-gimbal-action-camera-5187-8.jpg 800w, https:\/\/phukienflytech.vn\/wp-content\/uploads\/2020\/05\/bo-gay-rut-va-dau-noi-gimbal-action-camera-5187-8-300x300.jpg 300w, https:\/\/phukienflytech.vn\/wp-content\/uploads\/2020\/05\/bo-gay-rut-va-dau-noi-gimbal-action-camera-5187-8-600x600.jpg 600w, https:\/\/phukienflytech.vn\/wp-content\/uploads\/2020\/05\/bo-gay-rut-va-dau-noi-gimbal-action-camera-5187-8-100x100.jpg 100w\" sizes=\"auto, (max-width: 400px) 100vw, 400px\" \/><\/span><\/p>\n<p>&nbsp;<\/p>\n<p><span style=\"font-size: 18px;\">N\u1ebfu b\u1ea1n \u0111\u00e3 mua\u00a0<em><strong>DJI Osmo action<\/strong><\/em>\u00a0 r\u1ed3i th\u00ec ch\u1eafc h\u1eb3n b\u1ea1n c\u0169ng \u0111ang quan t\u00e2m t\u1edbi c\u00e1ch \u0111\u1ec3 n\u00e2ng c\u1ea5p ch\u1ea5t l\u01b0\u1ee3ng h\u00ecnh \u1ea3nh c\u0169ng nh\u01b0 l\u00e0m sao \u0111\u1ec3 b\u1ea3o v\u1ec7 chi\u1ebfc\u00a0<em><strong>D<\/strong><strong>JI Osmo action<\/strong><\/em>\u00a0c\u1ee7a m\u00ecnh t\u1ed1t nh\u1ea5t \u0111\u00fang kh\u00f4ng ?<\/span><\/p>\n<p>&nbsp;<\/p>\n<p><span style=\"font-size: 18px;\"><img loading=\"lazy\" decoding=\"async\" class=\"alignnone size-medium wp-image-11131\" src=\"https:\/\/phukienflytech.vn\/wp-content\/uploads\/2020\/05\/bo-gay-rut-va-dau-noi-gimbal-action-camera-5187-1-2.jpg\" alt=\"\" width=\"530\" height=\"296\" \/><\/span><\/p>\n<p>&nbsp;<\/p>\n<p><span style=\"font-size: 18px;\"><img loading=\"lazy\" decoding=\"async\" class=\"alignnone size-medium wp-image-11133\" src=\"https:\/\/phukienflytech.vn\/wp-content\/uploads\/2020\/05\/bo-gay-rut-va-dau-noi-gimbal-action-camera-5187-2-2-400x400.jpg\" alt=\"\" width=\"400\" height=\"400\" srcset=\"https:\/\/phukienflytech.vn\/wp-content\/uploads\/2020\/05\/bo-gay-rut-va-dau-noi-gimbal-action-camera-5187-2-2-400x400.jpg 400w, https:\/\/phukienflytech.vn\/wp-content\/uploads\/2020\/05\/bo-gay-rut-va-dau-noi-gimbal-action-camera-5187-2-2-280x280.jpg 280w, https:\/\/phukienflytech.vn\/wp-content\/uploads\/2020\/05\/bo-gay-rut-va-dau-noi-gimbal-action-camera-5187-2-2-768x768.jpg 768w, https:\/\/phukienflytech.vn\/wp-content\/uploads\/2020\/05\/bo-gay-rut-va-dau-noi-gimbal-action-camera-5187-2-2.jpg 800w, https:\/\/phukienflytech.vn\/wp-content\/uploads\/2020\/05\/bo-gay-rut-va-dau-noi-gimbal-action-camera-5187-2-2-300x300.jpg 300w, https:\/\/phukienflytech.vn\/wp-content\/uploads\/2020\/05\/bo-gay-rut-va-dau-noi-gimbal-action-camera-5187-2-2-600x600.jpg 600w, https:\/\/phukienflytech.vn\/wp-content\/uploads\/2020\/05\/bo-gay-rut-va-dau-noi-gimbal-action-camera-5187-2-2-100x100.jpg 100w\" sizes=\"auto, (max-width: 400px) 100vw, 400px\" \/><\/span><\/p>\n<p>&nbsp;<\/p>\n<p><span style=\"font-size: 18px;\">D\u01b0\u1edbi \u0111\u00e2y l\u00e0 chi\u1ebfc h\u1ed9p \u0111\u1ef1ng cho DJI Osmo Action \u0111\u01b0\u1ee3c xem l\u00e0 m\u1ed9t trong s\u1ed1 nh\u1eefng\u00a0<em><strong>ph\u1ee5 ki\u1ec7n DJI Osmo Action c\u1ea7n thi\u1ebft<\/strong><\/em>\u00a0nh\u1ea5t b\u1ea1n n\u00ean tham kh\u1ea3o.<\/span><\/p>\n<p>&nbsp;<\/p>\n<p><span style=\"font-size: 18px;\"><img loading=\"lazy\" decoding=\"async\" class=\"alignnone wp-image-11135\" src=\"https:\/\/phukienflytech.vn\/wp-content\/uploads\/2020\/05\/bo-gay-rut-va-dau-noi-gimbal-action-camera-5187-3-2-782x400.jpg\" alt=\"\" width=\"759\" height=\"388\" srcset=\"https:\/\/phukienflytech.vn\/wp-content\/uploads\/2020\/05\/bo-gay-rut-va-dau-noi-gimbal-action-camera-5187-3-2-782x400.jpg 782w, https:\/\/phukienflytech.vn\/wp-content\/uploads\/2020\/05\/bo-gay-rut-va-dau-noi-gimbal-action-camera-5187-3-2-768x393.jpg 768w, https:\/\/phukienflytech.vn\/wp-content\/uploads\/2020\/05\/bo-gay-rut-va-dau-noi-gimbal-action-camera-5187-3-2-600x307.jpg 600w, https:\/\/phukienflytech.vn\/wp-content\/uploads\/2020\/05\/bo-gay-rut-va-dau-noi-gimbal-action-camera-5187-3-2.jpg 796w\" sizes=\"auto, (max-width: 759px) 100vw, 759px\" \/><\/span><\/p>\n<p>&nbsp;<\/p>\n<h2 style=\"font-size: 23.04px;\"><span style=\"font-size: 21px;\"><em><span style=\"color: #0000ff;\"><strong>C\u00e1c c\u00f4ng d\u1ee5ng extension pole for action camera :<\/strong><\/span><\/em><\/span><\/h2>\n<p><span style=\"font-size: 18px;\">B\u00ean c\u1ea1nh chi\u1ebfc tripod 3 ch\u00e2n \u0111\u1ec3 gi\u00fap chi\u1ebfc DJI osmo action v\u00e0 osmo pocket c\u00f3 th\u1ec3 \u0111\u1ee9ng v\u1eefng t\u1ea1i m\u1ed9t g\u00f3c quay \u0111\u1eb9p, ch\u00fang ta c\u0169ng c\u1ea7n c\u00f3 m\u1ed9t chi\u1ebfc g\u1eady c\u00f3 kh\u1ea3 n\u0103ng k\u00e9o d\u00e0i v\u00e0 r\u00fat g\u1ecdn \u0111\u1ec3 b\u1ed5 tr\u1ee3 cho nh\u1eefng g\u00f3c quay kh\u00e1c (extension stick for DJI osmo action v\u00e0 DJI Osmo Pocket)<\/span><\/p>\n<p>&nbsp;<\/p>\n<p><span style=\"font-size: 18px;\"><img loading=\"lazy\" decoding=\"async\" class=\"alignnone wp-image-11137 size-medium\" src=\"https:\/\/phukienflytech.vn\/wp-content\/uploads\/2020\/05\/bo-gay-rut-va-dau-noi-gimbal-action-camera-5187-4-2-400x400.jpg\" alt=\"extension-pole-for-action-camera-2\" width=\"400\" height=\"400\" srcset=\"https:\/\/phukienflytech.vn\/wp-content\/uploads\/2020\/05\/bo-gay-rut-va-dau-noi-gimbal-action-camera-5187-4-2-400x400.jpg 400w, https:\/\/phukienflytech.vn\/wp-content\/uploads\/2020\/05\/bo-gay-rut-va-dau-noi-gimbal-action-camera-5187-4-2-280x280.jpg 280w, https:\/\/phukienflytech.vn\/wp-content\/uploads\/2020\/05\/bo-gay-rut-va-dau-noi-gimbal-action-camera-5187-4-2-768x768.jpg 768w, https:\/\/phukienflytech.vn\/wp-content\/uploads\/2020\/05\/bo-gay-rut-va-dau-noi-gimbal-action-camera-5187-4-2-800x800.jpg 800w, https:\/\/phukienflytech.vn\/wp-content\/uploads\/2020\/05\/bo-gay-rut-va-dau-noi-gimbal-action-camera-5187-4-2-300x300.jpg 300w, https:\/\/phukienflytech.vn\/wp-content\/uploads\/2020\/05\/bo-gay-rut-va-dau-noi-gimbal-action-camera-5187-4-2-600x600.jpg 600w, https:\/\/phukienflytech.vn\/wp-content\/uploads\/2020\/05\/bo-gay-rut-va-dau-noi-gimbal-action-camera-5187-4-2-100x100.jpg 100w, https:\/\/phukienflytech.vn\/wp-content\/uploads\/2020\/05\/bo-gay-rut-va-dau-noi-gimbal-action-camera-5187-4-2.jpg 1000w\" sizes=\"auto, (max-width: 400px) 100vw, 400px\" \/><\/span><\/p>\n<p>&nbsp;<\/p>\n<p><span style=\"font-size: 18px;\">D\u01b0\u1edbi \u0111\u00e2y l\u00e0 chi\u1ebfc g\u1eady r\u00fat \u0111\u01b0\u1ee3c l\u00e0m t\u1eeb ch\u1ea5t li\u1ec7u h\u1ee3p kim b\u00ean th\u00e2n ngo\u00e0i, gi\u00fap kh\u1ea3 n\u0103ng n\u00e2ng t\u1ea3i DJI osmo action v\u00e0 DJI osmo pocket kh\u00f4ng c\u00f2n l\u00e0 v\u1ea5n \u0111\u1ec1.<\/span><\/p>\n<p>&nbsp;<\/p>\n<p><span style=\"font-size: 18px;\"><img loading=\"lazy\" decoding=\"async\" class=\"alignnone wp-image-11139 size-medium\" src=\"https:\/\/phukienflytech.vn\/wp-content\/uploads\/2020\/05\/bo-gay-rut-va-dau-noi-gimbal-action-camera-5187-5-2-400x400.jpg\" alt=\"extension-pole-for-action-camera-1\" width=\"400\" height=\"400\" srcset=\"https:\/\/phukienflytech.vn\/wp-content\/uploads\/2020\/05\/bo-gay-rut-va-dau-noi-gimbal-action-camera-5187-5-2-400x400.jpg 400w, https:\/\/phukienflytech.vn\/wp-content\/uploads\/2020\/05\/bo-gay-rut-va-dau-noi-gimbal-action-camera-5187-5-2-280x280.jpg 280w, https:\/\/phukienflytech.vn\/wp-content\/uploads\/2020\/05\/bo-gay-rut-va-dau-noi-gimbal-action-camera-5187-5-2-768x768.jpg 768w, https:\/\/phukienflytech.vn\/wp-content\/uploads\/2020\/05\/bo-gay-rut-va-dau-noi-gimbal-action-camera-5187-5-2-800x800.jpg 800w, https:\/\/phukienflytech.vn\/wp-content\/uploads\/2020\/05\/bo-gay-rut-va-dau-noi-gimbal-action-camera-5187-5-2-300x300.jpg 300w, https:\/\/phukienflytech.vn\/wp-content\/uploads\/2020\/05\/bo-gay-rut-va-dau-noi-gimbal-action-camera-5187-5-2-600x600.jpg 600w, https:\/\/phukienflytech.vn\/wp-content\/uploads\/2020\/05\/bo-gay-rut-va-dau-noi-gimbal-action-camera-5187-5-2-100x100.jpg 100w, https:\/\/phukienflytech.vn\/wp-content\/uploads\/2020\/05\/bo-gay-rut-va-dau-noi-gimbal-action-camera-5187-5-2.jpg 1000w\" sizes=\"auto, (max-width: 400px) 100vw, 400px\" \/><\/span><\/p>\n<p>&nbsp;<\/p>\n<p><span style=\"font-size: 18px;\">B\u00ean c\u1ea1nh vi\u1ec7c b\u1ed5 tr\u1ee3 chi\u1ec1u cao cho\u00a0<em><strong>tripod 3 ch\u00e2n DJI osmo action v\u00e0 Osmo pocket<\/strong><\/em>, chi\u1ebfc g\u1eady r\u00fat n\u00e0y c\u0169ng \u0111\u00f3ng vai tr\u00f2 l\u00e0 nh\u00e2n v\u1eadt ch\u00ednh khi l\u00e0 chi\u1ebfc g\u1eady t\u1ef1 s\u01b0\u1edbng c\u1ea7m tay v\u00f4 c\u00f9ng hi\u1ec7u qu\u1ea3.<\/span><\/p>\n<p>&nbsp;<\/p>\n<p><span style=\"font-size: 18px;\"><img loading=\"lazy\" decoding=\"async\" class=\"alignnone wp-image-11141 size-medium\" src=\"https:\/\/phukienflytech.vn\/wp-content\/uploads\/2020\/05\/bo-gay-rut-va-dau-noi-gimbal-action-camera-5187-6-2-713x400.jpg\" alt=\"extension-pole-for-action-camera\" width=\"713\" height=\"400\" srcset=\"https:\/\/phukienflytech.vn\/wp-content\/uploads\/2020\/05\/bo-gay-rut-va-dau-noi-gimbal-action-camera-5187-6-2-713x400.jpg 713w, https:\/\/phukienflytech.vn\/wp-content\/uploads\/2020\/05\/bo-gay-rut-va-dau-noi-gimbal-action-camera-5187-6-2-768x431.jpg 768w, https:\/\/phukienflytech.vn\/wp-content\/uploads\/2020\/05\/bo-gay-rut-va-dau-noi-gimbal-action-camera-5187-6-2-600x337.jpg 600w, https:\/\/phukienflytech.vn\/wp-content\/uploads\/2020\/05\/bo-gay-rut-va-dau-noi-gimbal-action-camera-5187-6-2.jpg 925w\" sizes=\"auto, (max-width: 713px) 100vw, 713px\" \/><\/span><\/p>\n<p>&nbsp;<\/p>\n<p><span style=\"font-size: 18px;\">B\u1ed9 s\u1ea3n ph\u1ea9m B\u1ed9 g\u1eady r\u00fat v\u00e0 \u0111\u1ea7u n\u1ed1i g\u1ed3m : g\u1eady r\u00fat + \u0111\u1ea7u n\u1ed1i<\/span><\/p>\n<p><span style=\"font-size: 18px;\">Kh\u00fac \u0111o\u1ea1n : 6 kh\u00fac<\/span><\/p>\n<p><span style=\"font-size: 18px;\">Chi\u1ec1u d\u00e0i t\u1ed1i \u0111a : 66cm<\/span><\/p>\n<p><span style=\"font-size: 18px;\">Nh\u00e0 s\u1ea3n xu\u1ea5t : Sunnylife<\/span><\/p>\n<p><span style=\"font-size: 18px;\">&gt;&gt; Learn More :<a href=\"https:\/\/phukienflytech.vn\/danh-muc\/phu-kien-osmo-pocket.html\"><strong> Osmo Pocket Accessories<\/strong><\/a><\/span><\/p>\n<p><span style=\"font-size: 18px;\">&gt;&gt; Contact us on: <a href=\"https:\/\/www.facebook.com\/phukienflycam\"><strong>Facebook<\/strong><\/a><\/span><\/p>\n","protected":false},"excerpt":{"rendered":"<p>Extension pole for action camera B\u1ed9 g\u1eady r\u00fat v\u00e0 \u0111\u1ea7u n\u1ed1i gi\u00fap b\u1ea1n c\u00f3 nh\u1eefng tr\u1ea3i nghi\u1ec7m m\u1edbi h\u01a1n c\u1ea3i thi\u1ec7n cho chi\u1ebfc m\u00e1y. Ph\u1ee5 ki\u1ec7n DJI osmo action &#8211; DJI Osmo Pocket B\u1ea1n \u0111ang s\u1edf h\u1eefu DJI osmo action hay DJI Osmo pocket ? DJI Osmo action\u00a0\u2013 chi\u1ebfc camera h\u00e0nh tr\u00ecnh chuy\u00ean nghi\u1ec7p \u0111\u1ea7u &#8230;<\/p>\n","protected":false},"featured_media":5403,"comment_status":"open","ping_status":"closed","template":"","meta":{"_acf_changed":false},"product_brand":[],"product_cat":[187,186],"product_tag":[371,372,354],"class_list":{"0":"post-5204","1":"product","2":"type-product","3":"status-publish","4":"has-post-thumbnail","6":"product_cat-osmo-action-accessory","7":"product_cat-osmo-pocket-accessory","8":"product_tag-bo-gay-rut-va-dau-noi-en","9":"product_tag-phu-kien-osmo-action-en","10":"product_tag-phu-kien-osmo-pocket-en","12":"first","13":"instock","14":"shipping-taxable","15":"purchasable","16":"product-type-simple"},"acf":[],"yoast_head":"<!-- This site is optimized with the Yoast SEO plugin v25.7 - https:\/\/yoast.com\/wordpress\/plugins\/seo\/ -->\n<title>extension pole for action camera - Sunnylife - Osmo accessory - available.<\/title>\n<meta name=\"description\" content=\"extension pole for action camera is one of the most important accessory. Contact us to buy extension pole for action camera for best price.\" \/>\n<meta name=\"robots\" content=\"index, follow, max-snippet:-1, max-image-preview:large, max-video-preview:-1\" \/>\n<link rel=\"canonical\" href=\"https:\/\/phukienflytech.vn\/en\/san-pham\/extension-pole-for-action-camera.html\" \/>\n<meta property=\"og:locale\" content=\"en_US\" \/>\n<meta property=\"og:type\" content=\"article\" \/>\n<meta property=\"og:title\" content=\"extension pole for action camera - Sunnylife - Osmo accessory - available.\" \/>\n<meta property=\"og:description\" content=\"extension pole for action camera is one of the most important accessory. Contact us to buy extension pole for action camera for best price.\" \/>\n<meta property=\"og:url\" content=\"https:\/\/phukienflytech.vn\/en\/san-pham\/extension-pole-for-action-camera.html\" \/>\n<meta property=\"og:site_name\" content=\"Shop M\u00e1y \u1ea3nh - Action Camera - Gimbal - Flycam - Ph\u1ee5 ki\u1ec7n\" \/>\n<meta property=\"article:publisher\" content=\"https:\/\/facebook.com\/phukienflycam\" \/>\n<meta property=\"article:modified_time\" content=\"2020-10-09T06:31:46+00:00\" \/>\n<meta property=\"og:image\" content=\"https:\/\/phukienflytech.vn\/wp-content\/uploads\/2020\/05\/gay-keo-dai-tu-suong-dji-osmo-aciton-camera-stick-Copy2-Copy.png\" \/>\n\t<meta property=\"og:image:width\" content=\"300\" \/>\n\t<meta property=\"og:image:height\" content=\"300\" \/>\n\t<meta property=\"og:image:type\" content=\"image\/png\" \/>\n<meta name=\"twitter:card\" content=\"summary_large_image\" \/>\n<meta name=\"twitter:label1\" content=\"Est. reading time\" \/>\n\t<meta name=\"twitter:data1\" content=\"2 minutes\" \/>\n<script type=\"application\/ld+json\" class=\"yoast-schema-graph\">{\"@context\":\"https:\/\/schema.org\",\"@graph\":[{\"@type\":\"WebPage\",\"@id\":\"https:\/\/phukienflytech.vn\/en\/san-pham\/extension-pole-for-action-camera.html\",\"url\":\"https:\/\/phukienflytech.vn\/en\/san-pham\/extension-pole-for-action-camera.html\",\"name\":\"extension pole for action camera - Sunnylife - Osmo accessory - available.\",\"isPartOf\":{\"@id\":\"https:\/\/phukienflytech.vn\/#website\"},\"primaryImageOfPage\":{\"@id\":\"https:\/\/phukienflytech.vn\/en\/san-pham\/extension-pole-for-action-camera.html#primaryimage\"},\"image\":{\"@id\":\"https:\/\/phukienflytech.vn\/en\/san-pham\/extension-pole-for-action-camera.html#primaryimage\"},\"thumbnailUrl\":\"https:\/\/phukienflytech.vn\/wp-content\/uploads\/2020\/05\/gay-keo-dai-tu-suong-dji-osmo-aciton-camera-stick-Copy2-Copy.png\",\"datePublished\":\"2020-05-30T09:42:13+00:00\",\"dateModified\":\"2020-10-09T06:31:46+00:00\",\"description\":\"extension pole for action camera is one of the most important accessory. Contact us to buy extension pole for action camera for best price.\",\"breadcrumb\":{\"@id\":\"https:\/\/phukienflytech.vn\/en\/san-pham\/extension-pole-for-action-camera.html#breadcrumb\"},\"inLanguage\":\"en-US\",\"potentialAction\":[{\"@type\":\"ReadAction\",\"target\":[\"https:\/\/phukienflytech.vn\/en\/san-pham\/extension-pole-for-action-camera.html\"]}]},{\"@type\":\"ImageObject\",\"inLanguage\":\"en-US\",\"@id\":\"https:\/\/phukienflytech.vn\/en\/san-pham\/extension-pole-for-action-camera.html#primaryimage\",\"url\":\"https:\/\/phukienflytech.vn\/wp-content\/uploads\/2020\/05\/gay-keo-dai-tu-suong-dji-osmo-aciton-camera-stick-Copy2-Copy.png\",\"contentUrl\":\"https:\/\/phukienflytech.vn\/wp-content\/uploads\/2020\/05\/gay-keo-dai-tu-suong-dji-osmo-aciton-camera-stick-Copy2-Copy.png\",\"width\":300,\"height\":300},{\"@type\":\"BreadcrumbList\",\"@id\":\"https:\/\/phukienflytech.vn\/en\/san-pham\/extension-pole-for-action-camera.html#breadcrumb\",\"itemListElement\":[{\"@type\":\"ListItem\",\"position\":1,\"name\":\"Home\",\"item\":\"https:\/\/phukienflytech.vn\/en\"},{\"@type\":\"ListItem\",\"position\":2,\"name\":\"Ph\u1ee5 ki\u1ec7n Mavic Pro\",\"item\":\"https:\/\/phukienflytech.vn\/en\/phu-kien-mavic-pro.html\"},{\"@type\":\"ListItem\",\"position\":3,\"name\":\"DJI Osmo &amp; Drone's accessories\",\"item\":\"https:\/\/phukienflytech.vn\/en\/danh-muc\/dji-osmo-drones-accessories.html\"},{\"@type\":\"ListItem\",\"position\":4,\"name\":\"Osmo Action accessory\",\"item\":\"https:\/\/phukienflytech.vn\/en\/danh-muc\/osmo-action-accessory.html\"},{\"@type\":\"ListItem\",\"position\":5,\"name\":\"extension pole for action camera\"}]},{\"@type\":\"WebSite\",\"@id\":\"https:\/\/phukienflytech.vn\/#website\",\"url\":\"https:\/\/phukienflytech.vn\/\",\"name\":\"Shop M\u00e1y \u1ea3nh - Action Camera - Gimbal - Flycam - Ph\u1ee5 ki\u1ec7n\",\"description\":\"Shop M\u00e1y \u1ea3nh - Action Camera - Gimbal - Flycam - Ph\u1ee5 ki\u1ec7n\",\"publisher\":{\"@id\":\"https:\/\/phukienflytech.vn\/#organization\"},\"potentialAction\":[{\"@type\":\"SearchAction\",\"target\":{\"@type\":\"EntryPoint\",\"urlTemplate\":\"https:\/\/phukienflytech.vn\/?s={search_term_string}\"},\"query-input\":{\"@type\":\"PropertyValueSpecification\",\"valueRequired\":true,\"valueName\":\"search_term_string\"}}],\"inLanguage\":\"en-US\"},{\"@type\":\"Organization\",\"@id\":\"https:\/\/phukienflytech.vn\/#organization\",\"name\":\"DJI Store - Shop Drone, Action camera, Gimbal DJI |Phukienflytech\",\"alternateName\":\"DJI Store - Shop Drone, Action camera, Gimbal DJI |Phukienflytech\",\"url\":\"https:\/\/phukienflytech.vn\/\",\"logo\":{\"@type\":\"ImageObject\",\"inLanguage\":\"en-US\",\"@id\":\"https:\/\/phukienflytech.vn\/#\/schema\/logo\/image\/\",\"url\":\"https:\/\/phukienflytech.vn\/wp-content\/uploads\/2020\/05\/hAnh_nan.jpg1_.jpg\",\"contentUrl\":\"https:\/\/phukienflytech.vn\/wp-content\/uploads\/2020\/05\/hAnh_nan.jpg1_.jpg\",\"width\":800,\"height\":450,\"caption\":\"DJI Store - Shop Drone, Action camera, Gimbal DJI |Phukienflytech\"},\"image\":{\"@id\":\"https:\/\/phukienflytech.vn\/#\/schema\/logo\/image\/\"},\"sameAs\":[\"https:\/\/facebook.com\/phukienflycam\",\"https:\/\/www.youtube.com\/@phukienflytech\",\"https:\/\/www.tiktok.com\/@flytech.channel?fbclid=IwY2xjawGjg7BleHRuA2FlbQIxMAABHYVGmlXpuSMs0UB2zTpYvyT4GMVfN2qJa4urF4vkSQ6FAVBwXZtDP30qQA_aem_UwMiDcUvlEbd2tXAmsc8Og\"]}]}<\/script>\n<!-- \/ Yoast SEO plugin. -->","yoast_head_json":{"title":"extension pole for action camera - Sunnylife - Osmo accessory - available.","description":"extension pole for action camera is one of the most important accessory. Contact us to buy extension pole for action camera for best price.","robots":{"index":"index","follow":"follow","max-snippet":"max-snippet:-1","max-image-preview":"max-image-preview:large","max-video-preview":"max-video-preview:-1"},"canonical":"https:\/\/phukienflytech.vn\/en\/san-pham\/extension-pole-for-action-camera.html","og_locale":"en_US","og_type":"article","og_title":"extension pole for action camera - Sunnylife - Osmo accessory - available.","og_description":"extension pole for action camera is one of the most important accessory. Contact us to buy extension pole for action camera for best price.","og_url":"https:\/\/phukienflytech.vn\/en\/san-pham\/extension-pole-for-action-camera.html","og_site_name":"Shop M\u00e1y \u1ea3nh - Action Camera - Gimbal - Flycam - Ph\u1ee5 ki\u1ec7n","article_publisher":"https:\/\/facebook.com\/phukienflycam","article_modified_time":"2020-10-09T06:31:46+00:00","og_image":[{"width":300,"height":300,"url":"https:\/\/phukienflytech.vn\/wp-content\/uploads\/2020\/05\/gay-keo-dai-tu-suong-dji-osmo-aciton-camera-stick-Copy2-Copy.png","type":"image\/png"}],"twitter_card":"summary_large_image","twitter_misc":{"Est. reading time":"2 minutes"},"schema":{"@context":"https:\/\/schema.org","@graph":[{"@type":"WebPage","@id":"https:\/\/phukienflytech.vn\/en\/san-pham\/extension-pole-for-action-camera.html","url":"https:\/\/phukienflytech.vn\/en\/san-pham\/extension-pole-for-action-camera.html","name":"extension pole for action camera - Sunnylife - Osmo accessory - available.","isPartOf":{"@id":"https:\/\/phukienflytech.vn\/#website"},"primaryImageOfPage":{"@id":"https:\/\/phukienflytech.vn\/en\/san-pham\/extension-pole-for-action-camera.html#primaryimage"},"image":{"@id":"https:\/\/phukienflytech.vn\/en\/san-pham\/extension-pole-for-action-camera.html#primaryimage"},"thumbnailUrl":"https:\/\/phukienflytech.vn\/wp-content\/uploads\/2020\/05\/gay-keo-dai-tu-suong-dji-osmo-aciton-camera-stick-Copy2-Copy.png","datePublished":"2020-05-30T09:42:13+00:00","dateModified":"2020-10-09T06:31:46+00:00","description":"extension pole for action camera is one of the most important accessory. Contact us to buy extension pole for action camera for best price.","breadcrumb":{"@id":"https:\/\/phukienflytech.vn\/en\/san-pham\/extension-pole-for-action-camera.html#breadcrumb"},"inLanguage":"en-US","potentialAction":[{"@type":"ReadAction","target":["https:\/\/phukienflytech.vn\/en\/san-pham\/extension-pole-for-action-camera.html"]}]},{"@type":"ImageObject","inLanguage":"en-US","@id":"https:\/\/phukienflytech.vn\/en\/san-pham\/extension-pole-for-action-camera.html#primaryimage","url":"https:\/\/phukienflytech.vn\/wp-content\/uploads\/2020\/05\/gay-keo-dai-tu-suong-dji-osmo-aciton-camera-stick-Copy2-Copy.png","contentUrl":"https:\/\/phukienflytech.vn\/wp-content\/uploads\/2020\/05\/gay-keo-dai-tu-suong-dji-osmo-aciton-camera-stick-Copy2-Copy.png","width":300,"height":300},{"@type":"BreadcrumbList","@id":"https:\/\/phukienflytech.vn\/en\/san-pham\/extension-pole-for-action-camera.html#breadcrumb","itemListElement":[{"@type":"ListItem","position":1,"name":"Home","item":"https:\/\/phukienflytech.vn\/en"},{"@type":"ListItem","position":2,"name":"Ph\u1ee5 ki\u1ec7n Mavic Pro","item":"https:\/\/phukienflytech.vn\/en\/phu-kien-mavic-pro.html"},{"@type":"ListItem","position":3,"name":"DJI Osmo &amp; Drone's accessories","item":"https:\/\/phukienflytech.vn\/en\/danh-muc\/dji-osmo-drones-accessories.html"},{"@type":"ListItem","position":4,"name":"Osmo Action accessory","item":"https:\/\/phukienflytech.vn\/en\/danh-muc\/osmo-action-accessory.html"},{"@type":"ListItem","position":5,"name":"extension pole for action camera"}]},{"@type":"WebSite","@id":"https:\/\/phukienflytech.vn\/#website","url":"https:\/\/phukienflytech.vn\/","name":"Shop M\u00e1y \u1ea3nh - Action Camera - Gimbal - Flycam - Ph\u1ee5 ki\u1ec7n","description":"Shop M\u00e1y \u1ea3nh - Action Camera - Gimbal - Flycam - Ph\u1ee5 ki\u1ec7n","publisher":{"@id":"https:\/\/phukienflytech.vn\/#organization"},"potentialAction":[{"@type":"SearchAction","target":{"@type":"EntryPoint","urlTemplate":"https:\/\/phukienflytech.vn\/?s={search_term_string}"},"query-input":{"@type":"PropertyValueSpecification","valueRequired":true,"valueName":"search_term_string"}}],"inLanguage":"en-US"},{"@type":"Organization","@id":"https:\/\/phukienflytech.vn\/#organization","name":"DJI Store - Shop Drone, Action camera, Gimbal DJI |Phukienflytech","alternateName":"DJI Store - Shop Drone, Action camera, Gimbal DJI |Phukienflytech","url":"https:\/\/phukienflytech.vn\/","logo":{"@type":"ImageObject","inLanguage":"en-US","@id":"https:\/\/phukienflytech.vn\/#\/schema\/logo\/image\/","url":"https:\/\/phukienflytech.vn\/wp-content\/uploads\/2020\/05\/hAnh_nan.jpg1_.jpg","contentUrl":"https:\/\/phukienflytech.vn\/wp-content\/uploads\/2020\/05\/hAnh_nan.jpg1_.jpg","width":800,"height":450,"caption":"DJI Store - Shop Drone, Action camera, Gimbal DJI |Phukienflytech"},"image":{"@id":"https:\/\/phukienflytech.vn\/#\/schema\/logo\/image\/"},"sameAs":["https:\/\/facebook.com\/phukienflycam","https:\/\/www.youtube.com\/@phukienflytech","https:\/\/www.tiktok.com\/@flytech.channel?fbclid=IwY2xjawGjg7BleHRuA2FlbQIxMAABHYVGmlXpuSMs0UB2zTpYvyT4GMVfN2qJa4urF4vkSQ6FAVBwXZtDP30qQA_aem_UwMiDcUvlEbd2tXAmsc8Og"]}]}},"_links":{"self":[{"href":"https:\/\/phukienflytech.vn\/en\/wp-json\/wp\/v2\/product\/5204","targetHints":{"allow":["GET"]}}],"collection":[{"href":"https:\/\/phukienflytech.vn\/en\/wp-json\/wp\/v2\/product"}],"about":[{"href":"https:\/\/phukienflytech.vn\/en\/wp-json\/wp\/v2\/types\/product"}],"replies":[{"embeddable":true,"href":"https:\/\/phukienflytech.vn\/en\/wp-json\/wp\/v2\/comments?post=5204"}],"wp:featuredmedia":[{"embeddable":true,"href":"https:\/\/phukienflytech.vn\/en\/wp-json\/wp\/v2\/media\/5403"}],"wp:attachment":[{"href":"https:\/\/phukienflytech.vn\/en\/wp-json\/wp\/v2\/media?parent=5204"}],"wp:term":[{"taxonomy":"product_brand","embeddable":true,"href":"https:\/\/phukienflytech.vn\/en\/wp-json\/wp\/v2\/product_brand?post=5204"},{"taxonomy":"product_cat","embeddable":true,"href":"https:\/\/phukienflytech.vn\/en\/wp-json\/wp\/v2\/product_cat?post=5204"},{"taxonomy":"product_tag","embeddable":true,"href":"https:\/\/phukienflytech.vn\/en\/wp-json\/wp\/v2\/product_tag?post=5204"}],"curies":[{"name":"wp","href":"https:\/\/api.w.org\/{rel}","templated":true}]}}