{"id":5219,"date":"2020-06-20T16:51:47","date_gmt":"2020-06-20T09:51:47","guid":{"rendered":"http:\/\/27430.lamdx.vinawebsite.vn\/san-pham\/gay-rut-tripod-mini-osmo-action-pgytech.html"},"modified":"2021-03-27T19:47:39","modified_gmt":"2021-03-27T12:47:39","slug":"pgytech-osmo-action-pole-tripod","status":"publish","type":"product","link":"https:\/\/phukienflytech.vn\/en\/san-pham\/pgytech-osmo-action-pole-tripod.html","title":{"rendered":"DJI OSMO Action Extension Pole Tripod Mini &#8211; PGYtech"},"content":{"rendered":"<h2><span style=\"color: #0000ff;\"><em><strong><span style=\"font-size: 21px;\">PGYtech Osmo Action Pole Tripod<\/span><\/strong><\/em><\/span><\/h2>\n<p><span style=\"font-size: 18px;\">PGYtech Osmo Action Pole Tripod<\/span><\/p>\n<p><span style=\"font-size: 18px;\"><strong><em>G\u1eady r\u00fat tripod mini osmo action<\/em><\/strong>\u00a0ch\u00ednh l\u00e0\u00a0<strong><em>ph\u1ee5 ki\u1ec7n DJI Osmo acction<\/em><\/strong>\u00a0\u00a0c\u1ea7n thi\u1ebft m\u00e0 b\u1ea1n n\u00ean c\u00f3. \u0110\u00fang nh\u01b0 v\u1edbi t\u00ean g\u1ecdi c\u1ee7a n\u00f3, chi\u1ebfc g\u1eady r\u00fat c\u1ee7a\u00a0<strong><em>h\u00e3ng PGYTECH<\/em><\/strong>\u00a0c\u00f3 th\u1ec3 chuy\u1ec3n \u0111\u1ed5i t\u1eeb d\u1ea1ng tripod sang g\u1eady r\u00fat t\u1ef1 s\u01b0\u1edbng m\u1ed9t c\u00e1ch d\u1ec5 d\u00e0ng, gi\u00fap ng\u01b0\u1eddi d\u00f9ng linh ho\u1ea1t v\u00e0 thu\u1eadn ti\u1ec7n h\u01a1n trong vi\u1ec7c s\u1eed d\u1ee5ng.<\/span><\/p>\n<p>&nbsp;<\/p>\n<p><span style=\"font-size: 18px;\"><img loading=\"lazy\" decoding=\"async\" class=\"alignnone size-medium wp-image-11118\" src=\"https:\/\/phukienflytech.vn\/wp-content\/uploads\/2020\/05\/gay-rut-tripod-mini-osmo-action-pgytech-5205-5-622x400.jpg\" alt=\"\" width=\"622\" height=\"400\" srcset=\"https:\/\/phukienflytech.vn\/wp-content\/uploads\/2020\/05\/gay-rut-tripod-mini-osmo-action-pgytech-5205-5-622x400.jpg 622w, https:\/\/phukienflytech.vn\/wp-content\/uploads\/2020\/05\/gay-rut-tripod-mini-osmo-action-pgytech-5205-5-768x494.jpg 768w, https:\/\/phukienflytech.vn\/wp-content\/uploads\/2020\/05\/gay-rut-tripod-mini-osmo-action-pgytech-5205-5-1244x800.jpg 1244w, https:\/\/phukienflytech.vn\/wp-content\/uploads\/2020\/05\/gay-rut-tripod-mini-osmo-action-pgytech-5205-5-600x386.jpg 600w, https:\/\/phukienflytech.vn\/wp-content\/uploads\/2020\/05\/gay-rut-tripod-mini-osmo-action-pgytech-5205-5.jpg 1250w\" sizes=\"auto, (max-width: 622px) 100vw, 622px\" \/><\/span><\/p>\n<p>&nbsp;<\/p>\n<p><span style=\"font-size: 18px;\">B\u1ea1n l\u00e0 m\u1ed9t ng\u01b0\u1eddi y\u00eau th\u00edch s\u1ef1 g\u1ecdn nh\u1eb9 c\u0169ng nh\u01b0 ti\u1ec7n d\u1ee5ng?<\/span><\/p>\n<p><span style=\"font-size: 18px;\">B\u1ea1n mu\u1ed1n ghi l\u1ea1i nh\u1eefng kho\u1ea3nh kh\u1eafc c\u1ee7a b\u1ea3n th\u00e2n nh\u01b0ng l\u1ea1i kh\u00f4ng c\u00f3 ai \u0111\u1ec3 gi\u00fap \u0111\u1ee1.<\/span><\/p>\n<p>&nbsp;<\/p>\n<p><iframe loading=\"lazy\" src=\"https:\/\/www.youtube.com\/embed\/nTWZ8ymh9zM\" width=\"560\" height=\"314\" allowfullscreen=\"allowfullscreen\" data-mce-fragment=\"1\"><\/iframe><\/p>\n<p>&nbsp;<\/p>\n<p><span style=\"font-size: 18px;\">V\u1edbi thi\u1ebft k\u1ebf v\u00f4 c\u00f9ng nh\u1ecf g\u1ecdn, th\u00f4ng minh nh\u01b0ng kh\u00f4ng k\u00e9m ph\u1ea7n chuy\u00ean nghi\u1ec7p, s\u1ea3n ph\u1ea9m\u00a0gi\u00fap b\u1ea1n d\u1ec5 d\u00e0ng mang theo khi d\u00f9ng.<\/span><\/p>\n<p>&nbsp;<\/p>\n<p><span style=\"font-size: 18px;\"><img loading=\"lazy\" decoding=\"async\" class=\"alignnone size-medium wp-image-11120\" src=\"https:\/\/phukienflytech.vn\/wp-content\/uploads\/2020\/05\/gay-rut-tripod-mini-osmo-action-pgytech-5205-1-1-515x400.jpg\" alt=\"\" width=\"515\" height=\"400\" srcset=\"https:\/\/phukienflytech.vn\/wp-content\/uploads\/2020\/05\/gay-rut-tripod-mini-osmo-action-pgytech-5205-1-1-515x400.jpg 515w, https:\/\/phukienflytech.vn\/wp-content\/uploads\/2020\/05\/gay-rut-tripod-mini-osmo-action-pgytech-5205-1-1-768x597.jpg 768w, https:\/\/phukienflytech.vn\/wp-content\/uploads\/2020\/05\/gay-rut-tripod-mini-osmo-action-pgytech-5205-1-1-1030x800.jpg 1030w, https:\/\/phukienflytech.vn\/wp-content\/uploads\/2020\/05\/gay-rut-tripod-mini-osmo-action-pgytech-5205-1-1-600x466.jpg 600w, https:\/\/phukienflytech.vn\/wp-content\/uploads\/2020\/05\/gay-rut-tripod-mini-osmo-action-pgytech-5205-1-1.jpg 1250w\" sizes=\"auto, (max-width: 515px) 100vw, 515px\" \/><\/span><\/p>\n<p>&nbsp;<\/p>\n<p><span style=\"font-size: 18px;\">Chi ti\u1ebft c\u1ee7a b\u1ed9 s\u1ea3n ph\u1ea9m <strong><em>.<\/em><\/strong><\/span><\/p>\n<p><span style=\"font-size: 18px;\">Kh\u1ed1i l\u01b0\u1ee3ng: 120g<\/span><\/p>\n<p><span style=\"font-size: 18px;\">K\u00edch th\u01b0\u1edbc: 162x29x29mm<\/span><\/p>\n<p><span style=\"font-size: 18px;\">Ch\u1ea5t li\u1ec7u: PC, ABS, TPU, Aluminum.<\/span><\/p>\n<p><span style=\"font-size: 18px;\">Nh\u00e0 s\u1ea3n xu\u1ea5t:\u00a0 PGYTECH<\/span><\/p>\n<p>&nbsp;<\/p>\n<p><span style=\"font-size: 18px;\"><img loading=\"lazy\" decoding=\"async\" class=\"alignnone wp-image-11122 size-medium\" src=\"https:\/\/phukienflytech.vn\/wp-content\/uploads\/2020\/05\/gay-rut-tripod-mini-osmo-action-pgytech-5205-2-1-618x400.jpg\" alt=\"PGYtech-Osmo-Action-Pole-Tripod-2\" width=\"618\" height=\"400\" srcset=\"https:\/\/phukienflytech.vn\/wp-content\/uploads\/2020\/05\/gay-rut-tripod-mini-osmo-action-pgytech-5205-2-1-618x400.jpg 618w, https:\/\/phukienflytech.vn\/wp-content\/uploads\/2020\/05\/gay-rut-tripod-mini-osmo-action-pgytech-5205-2-1-768x497.jpg 768w, https:\/\/phukienflytech.vn\/wp-content\/uploads\/2020\/05\/gay-rut-tripod-mini-osmo-action-pgytech-5205-2-1-1236x800.jpg 1236w, https:\/\/phukienflytech.vn\/wp-content\/uploads\/2020\/05\/gay-rut-tripod-mini-osmo-action-pgytech-5205-2-1-600x388.jpg 600w, https:\/\/phukienflytech.vn\/wp-content\/uploads\/2020\/05\/gay-rut-tripod-mini-osmo-action-pgytech-5205-2-1.jpg 1250w\" sizes=\"auto, (max-width: 618px) 100vw, 618px\" \/><\/span><\/p>\n<p>&nbsp;<\/p>\n<p><span style=\"font-size: 18px;\">H\u00e3y trang b\u1ecb cho m\u00ecnh\u00a0<strong><em>ph\u1ee5 ki\u1ec7n DJI Osmo action \u2013 Osmo pocket\u00a0<\/em><\/strong>ngay h\u00f4m nay \u0111\u1ec3 l\u00e0m \u0111\u1ea7y b\u1ed9 s\u01b0u t\u1eadp c\u1ee7a b\u1ea1n.<\/span><\/p>\n<p>&nbsp;<\/p>\n<p><span style=\"font-size: 18px;\"><img loading=\"lazy\" decoding=\"async\" class=\"alignnone wp-image-11124 size-medium\" src=\"https:\/\/phukienflytech.vn\/wp-content\/uploads\/2020\/05\/gay-rut-tripod-mini-osmo-action-pgytech-5205-3-1-452x400.jpg\" alt=\"PGYtech-Osmo-Action-Pole-Tripod-1\" width=\"452\" height=\"400\" srcset=\"https:\/\/phukienflytech.vn\/wp-content\/uploads\/2020\/05\/gay-rut-tripod-mini-osmo-action-pgytech-5205-3-1-452x400.jpg 452w, https:\/\/phukienflytech.vn\/wp-content\/uploads\/2020\/05\/gay-rut-tripod-mini-osmo-action-pgytech-5205-3-1-600x531.jpg 600w, https:\/\/phukienflytech.vn\/wp-content\/uploads\/2020\/05\/gay-rut-tripod-mini-osmo-action-pgytech-5205-3-1.jpg 628w\" sizes=\"auto, (max-width: 452px) 100vw, 452px\" \/><\/span><\/p>\n<p>&nbsp;<\/p>\n<h2><span style=\"font-size: 21px; color: #0000ff;\"><strong><em>Mua ph\u1ee5 ki\u1ec7n DJI Osmo action\u00a0<\/em><\/strong>\u1edf \u0111\u00e2u?<\/span><\/h2>\n<p><span style=\"font-size: 18px;\">\u1ede ph\u1ee5 ki\u1ec7n fly-cam gi\u00e1 t\u1ed1t b\u1ea1n c\u00f3 th\u1ec3 t\u00ecm mua \u0111\u01b0\u1ee3c nh\u1eefng ph\u1ee5 ki\u1ec7n dji ch\u1ea5t l\u01b0\u1ee3ng nh\u1ea5t m\u00e0 kh\u00f4ng c\u1ea7n lo l\u1eafng gi\u00e1 c\u1ee7a s\u1ea3n ph\u1ea9m. H\u00e3y \u0111\u1ebfn v\u1edbi ph\u1ee5 ki\u1ec7n fly-cam gi\u00e1 t\u1ed1t \u0111\u1ec3 c\u00f3 \u0111\u01b0\u1ee3c\u00a0<strong><em>gi\u00e1 osmo pocket<\/em><\/strong>,\u00a0<strong><em>gi\u00e1 osmo action<\/em><\/strong>,.. t\u1ed1t nh\u1ea5t v\u1edbi mong mu\u1ed1n l\u1ea5p \u0111\u1ea7y \u0111am m\u00ea trong b\u1ea1n.<\/span><\/p>\n<p>&nbsp;<\/p>\n<p><span style=\"font-size: 18px;\"><img loading=\"lazy\" decoding=\"async\" class=\"alignnone wp-image-11126 size-medium\" src=\"https:\/\/phukienflytech.vn\/wp-content\/uploads\/2020\/05\/gay-rut-tripod-mini-osmo-action-pgytech-5205-4-1-618x400.jpg\" alt=\"PGYtech-Osmo-Action-Pole-Tripod\" width=\"618\" height=\"400\" srcset=\"https:\/\/phukienflytech.vn\/wp-content\/uploads\/2020\/05\/gay-rut-tripod-mini-osmo-action-pgytech-5205-4-1-618x400.jpg 618w, https:\/\/phukienflytech.vn\/wp-content\/uploads\/2020\/05\/gay-rut-tripod-mini-osmo-action-pgytech-5205-4-1-768x497.jpg 768w, https:\/\/phukienflytech.vn\/wp-content\/uploads\/2020\/05\/gay-rut-tripod-mini-osmo-action-pgytech-5205-4-1-1236x800.jpg 1236w, https:\/\/phukienflytech.vn\/wp-content\/uploads\/2020\/05\/gay-rut-tripod-mini-osmo-action-pgytech-5205-4-1-600x388.jpg 600w, https:\/\/phukienflytech.vn\/wp-content\/uploads\/2020\/05\/gay-rut-tripod-mini-osmo-action-pgytech-5205-4-1.jpg 1250w\" sizes=\"auto, (max-width: 618px) 100vw, 618px\" \/><\/span><\/p>\n<p><span style=\"font-size: 18px;\">&gt;&gt; Learn More :<a href=\"https:\/\/phukienflytech.vn\/danh-muc\/phu-kien-osmo-pocket.html\"><strong> Osmo Pocket Accessories<\/strong><\/a><\/span><\/p>\n<p><span style=\"font-size: 18px;\">&gt;&gt; Contact us on: <a href=\"https:\/\/www.facebook.com\/phukienflycam\"><strong>Facebook<\/strong><\/a><\/span><\/p>\n","protected":false},"excerpt":{"rendered":"<p>PGYtech Osmo Action Pole Tripod PGYtech Osmo Action Pole Tripod G\u1eady r\u00fat tripod mini osmo action\u00a0ch\u00ednh l\u00e0\u00a0ph\u1ee5 ki\u1ec7n DJI Osmo acction\u00a0\u00a0c\u1ea7n thi\u1ebft m\u00e0 b\u1ea1n n\u00ean c\u00f3. \u0110\u00fang nh\u01b0 v\u1edbi t\u00ean g\u1ecdi c\u1ee7a n\u00f3, chi\u1ebfc g\u1eady r\u00fat c\u1ee7a\u00a0h\u00e3ng PGYTECH\u00a0c\u00f3 th\u1ec3 chuy\u1ec3n \u0111\u1ed5i t\u1eeb d\u1ea1ng tripod sang g\u1eady r\u00fat t\u1ef1 s\u01b0\u1edbng m\u1ed9t c\u00e1ch d\u1ec5 d\u00e0ng, gi\u00fap ng\u01b0\u1eddi &#8230;<\/p>\n","protected":false},"featured_media":5525,"comment_status":"open","ping_status":"closed","template":"","meta":{"_acf_changed":false},"product_brand":[],"product_cat":[187],"product_tag":[374,372],"class_list":{"0":"post-5219","1":"product","2":"type-product","3":"status-publish","4":"has-post-thumbnail","6":"product_cat-osmo-action-accessory","7":"product_tag-gay-rut-tripod-mini-osmo-action-en","8":"product_tag-phu-kien-osmo-action-en","10":"first","11":"instock","12":"shipping-taxable","13":"purchasable","14":"product-type-simple"},"acf":[],"yoast_head":"<!-- This site is optimized with the Yoast SEO plugin v25.7 - https:\/\/yoast.com\/wordpress\/plugins\/seo\/ -->\n<title>PGYtech Osmo Action Pole Tripod - PGYtech - Osmo Action accessories.<\/title>\n<meta name=\"description\" content=\"PGYtech Osmo Action Pole Tripod is one of the most important accessory. Contact us to buy PGYtech Osmo Action Pole Tripod for best price.\" \/>\n<meta name=\"robots\" content=\"index, follow, max-snippet:-1, max-image-preview:large, max-video-preview:-1\" \/>\n<link rel=\"canonical\" href=\"https:\/\/phukienflytech.vn\/en\/san-pham\/pgytech-osmo-action-pole-tripod.html\" \/>\n<meta property=\"og:locale\" content=\"en_US\" \/>\n<meta property=\"og:type\" content=\"article\" \/>\n<meta property=\"og:title\" content=\"PGYtech Osmo Action Pole Tripod - PGYtech - Osmo Action accessories.\" \/>\n<meta property=\"og:description\" content=\"PGYtech Osmo Action Pole Tripod is one of the most important accessory. Contact us to buy PGYtech Osmo Action Pole Tripod for best price.\" \/>\n<meta property=\"og:url\" content=\"https:\/\/phukienflytech.vn\/en\/san-pham\/pgytech-osmo-action-pole-tripod.html\" \/>\n<meta property=\"og:site_name\" content=\"Shop M\u00e1y \u1ea3nh - Action Camera - Gimbal - Flycam - Ph\u1ee5 ki\u1ec7n\" \/>\n<meta property=\"article:publisher\" content=\"https:\/\/facebook.com\/phukienflycam\" \/>\n<meta property=\"article:modified_time\" content=\"2021-03-27T12:47:39+00:00\" \/>\n<meta property=\"og:image\" content=\"https:\/\/phukienflytech.vn\/wp-content\/uploads\/2020\/05\/tripod-mini-pole-action-camera-dji-phu-kien-osmo-action1-Copy.png\" \/>\n\t<meta property=\"og:image:width\" content=\"300\" \/>\n\t<meta property=\"og:image:height\" content=\"299\" \/>\n\t<meta property=\"og:image:type\" content=\"image\/png\" \/>\n<meta name=\"twitter:card\" content=\"summary_large_image\" \/>\n<meta name=\"twitter:label1\" content=\"Est. reading time\" \/>\n\t<meta name=\"twitter:data1\" content=\"2 minutes\" \/>\n<script type=\"application\/ld+json\" class=\"yoast-schema-graph\">{\"@context\":\"https:\/\/schema.org\",\"@graph\":[{\"@type\":\"WebPage\",\"@id\":\"https:\/\/phukienflytech.vn\/en\/san-pham\/pgytech-osmo-action-pole-tripod.html\",\"url\":\"https:\/\/phukienflytech.vn\/en\/san-pham\/pgytech-osmo-action-pole-tripod.html\",\"name\":\"PGYtech Osmo Action Pole Tripod - PGYtech - Osmo Action accessories.\",\"isPartOf\":{\"@id\":\"https:\/\/phukienflytech.vn\/#website\"},\"primaryImageOfPage\":{\"@id\":\"https:\/\/phukienflytech.vn\/en\/san-pham\/pgytech-osmo-action-pole-tripod.html#primaryimage\"},\"image\":{\"@id\":\"https:\/\/phukienflytech.vn\/en\/san-pham\/pgytech-osmo-action-pole-tripod.html#primaryimage\"},\"thumbnailUrl\":\"https:\/\/phukienflytech.vn\/wp-content\/uploads\/2020\/05\/tripod-mini-pole-action-camera-dji-phu-kien-osmo-action1-Copy.png\",\"datePublished\":\"2020-06-20T09:51:47+00:00\",\"dateModified\":\"2021-03-27T12:47:39+00:00\",\"description\":\"PGYtech Osmo Action Pole Tripod is one of the most important accessory. Contact us to buy PGYtech Osmo Action Pole Tripod for best price.\",\"breadcrumb\":{\"@id\":\"https:\/\/phukienflytech.vn\/en\/san-pham\/pgytech-osmo-action-pole-tripod.html#breadcrumb\"},\"inLanguage\":\"en-US\",\"potentialAction\":[{\"@type\":\"ReadAction\",\"target\":[\"https:\/\/phukienflytech.vn\/en\/san-pham\/pgytech-osmo-action-pole-tripod.html\"]}]},{\"@type\":\"ImageObject\",\"inLanguage\":\"en-US\",\"@id\":\"https:\/\/phukienflytech.vn\/en\/san-pham\/pgytech-osmo-action-pole-tripod.html#primaryimage\",\"url\":\"https:\/\/phukienflytech.vn\/wp-content\/uploads\/2020\/05\/tripod-mini-pole-action-camera-dji-phu-kien-osmo-action1-Copy.png\",\"contentUrl\":\"https:\/\/phukienflytech.vn\/wp-content\/uploads\/2020\/05\/tripod-mini-pole-action-camera-dji-phu-kien-osmo-action1-Copy.png\",\"width\":300,\"height\":299},{\"@type\":\"BreadcrumbList\",\"@id\":\"https:\/\/phukienflytech.vn\/en\/san-pham\/pgytech-osmo-action-pole-tripod.html#breadcrumb\",\"itemListElement\":[{\"@type\":\"ListItem\",\"position\":1,\"name\":\"Home\",\"item\":\"https:\/\/phukienflytech.vn\/en\"},{\"@type\":\"ListItem\",\"position\":2,\"name\":\"Ph\u1ee5 ki\u1ec7n Mavic Pro\",\"item\":\"https:\/\/phukienflytech.vn\/en\/phu-kien-mavic-pro.html\"},{\"@type\":\"ListItem\",\"position\":3,\"name\":\"DJI Osmo &amp; Drone's accessories\",\"item\":\"https:\/\/phukienflytech.vn\/en\/danh-muc\/dji-osmo-drones-accessories.html\"},{\"@type\":\"ListItem\",\"position\":4,\"name\":\"Osmo Action accessory\",\"item\":\"https:\/\/phukienflytech.vn\/en\/danh-muc\/osmo-action-accessory.html\"},{\"@type\":\"ListItem\",\"position\":5,\"name\":\"DJI OSMO Action Extension Pole Tripod Mini &#8211; PGYtech\"}]},{\"@type\":\"WebSite\",\"@id\":\"https:\/\/phukienflytech.vn\/#website\",\"url\":\"https:\/\/phukienflytech.vn\/\",\"name\":\"Shop M\u00e1y \u1ea3nh - Action Camera - Gimbal - Flycam - Ph\u1ee5 ki\u1ec7n\",\"description\":\"Shop M\u00e1y \u1ea3nh - Action Camera - Gimbal - Flycam - Ph\u1ee5 ki\u1ec7n\",\"publisher\":{\"@id\":\"https:\/\/phukienflytech.vn\/#organization\"},\"potentialAction\":[{\"@type\":\"SearchAction\",\"target\":{\"@type\":\"EntryPoint\",\"urlTemplate\":\"https:\/\/phukienflytech.vn\/?s={search_term_string}\"},\"query-input\":{\"@type\":\"PropertyValueSpecification\",\"valueRequired\":true,\"valueName\":\"search_term_string\"}}],\"inLanguage\":\"en-US\"},{\"@type\":\"Organization\",\"@id\":\"https:\/\/phukienflytech.vn\/#organization\",\"name\":\"DJI Store - Shop Drone, Action camera, Gimbal DJI |Phukienflytech\",\"alternateName\":\"DJI Store - Shop Drone, Action camera, Gimbal DJI |Phukienflytech\",\"url\":\"https:\/\/phukienflytech.vn\/\",\"logo\":{\"@type\":\"ImageObject\",\"inLanguage\":\"en-US\",\"@id\":\"https:\/\/phukienflytech.vn\/#\/schema\/logo\/image\/\",\"url\":\"https:\/\/phukienflytech.vn\/wp-content\/uploads\/2020\/05\/hAnh_nan.jpg1_.jpg\",\"contentUrl\":\"https:\/\/phukienflytech.vn\/wp-content\/uploads\/2020\/05\/hAnh_nan.jpg1_.jpg\",\"width\":800,\"height\":450,\"caption\":\"DJI Store - Shop Drone, Action camera, Gimbal DJI |Phukienflytech\"},\"image\":{\"@id\":\"https:\/\/phukienflytech.vn\/#\/schema\/logo\/image\/\"},\"sameAs\":[\"https:\/\/facebook.com\/phukienflycam\",\"https:\/\/www.youtube.com\/@phukienflytech\",\"https:\/\/www.tiktok.com\/@flytech.channel?fbclid=IwY2xjawGjg7BleHRuA2FlbQIxMAABHYVGmlXpuSMs0UB2zTpYvyT4GMVfN2qJa4urF4vkSQ6FAVBwXZtDP30qQA_aem_UwMiDcUvlEbd2tXAmsc8Og\"]}]}<\/script>\n<!-- \/ Yoast SEO plugin. -->","yoast_head_json":{"title":"PGYtech Osmo Action Pole Tripod - PGYtech - Osmo Action accessories.","description":"PGYtech Osmo Action Pole Tripod is one of the most important accessory. Contact us to buy PGYtech Osmo Action Pole Tripod for best price.","robots":{"index":"index","follow":"follow","max-snippet":"max-snippet:-1","max-image-preview":"max-image-preview:large","max-video-preview":"max-video-preview:-1"},"canonical":"https:\/\/phukienflytech.vn\/en\/san-pham\/pgytech-osmo-action-pole-tripod.html","og_locale":"en_US","og_type":"article","og_title":"PGYtech Osmo Action Pole Tripod - PGYtech - Osmo Action accessories.","og_description":"PGYtech Osmo Action Pole Tripod is one of the most important accessory. Contact us to buy PGYtech Osmo Action Pole Tripod for best price.","og_url":"https:\/\/phukienflytech.vn\/en\/san-pham\/pgytech-osmo-action-pole-tripod.html","og_site_name":"Shop M\u00e1y \u1ea3nh - Action Camera - Gimbal - Flycam - Ph\u1ee5 ki\u1ec7n","article_publisher":"https:\/\/facebook.com\/phukienflycam","article_modified_time":"2021-03-27T12:47:39+00:00","og_image":[{"width":300,"height":299,"url":"https:\/\/phukienflytech.vn\/wp-content\/uploads\/2020\/05\/tripod-mini-pole-action-camera-dji-phu-kien-osmo-action1-Copy.png","type":"image\/png"}],"twitter_card":"summary_large_image","twitter_misc":{"Est. reading time":"2 minutes"},"schema":{"@context":"https:\/\/schema.org","@graph":[{"@type":"WebPage","@id":"https:\/\/phukienflytech.vn\/en\/san-pham\/pgytech-osmo-action-pole-tripod.html","url":"https:\/\/phukienflytech.vn\/en\/san-pham\/pgytech-osmo-action-pole-tripod.html","name":"PGYtech Osmo Action Pole Tripod - PGYtech - Osmo Action accessories.","isPartOf":{"@id":"https:\/\/phukienflytech.vn\/#website"},"primaryImageOfPage":{"@id":"https:\/\/phukienflytech.vn\/en\/san-pham\/pgytech-osmo-action-pole-tripod.html#primaryimage"},"image":{"@id":"https:\/\/phukienflytech.vn\/en\/san-pham\/pgytech-osmo-action-pole-tripod.html#primaryimage"},"thumbnailUrl":"https:\/\/phukienflytech.vn\/wp-content\/uploads\/2020\/05\/tripod-mini-pole-action-camera-dji-phu-kien-osmo-action1-Copy.png","datePublished":"2020-06-20T09:51:47+00:00","dateModified":"2021-03-27T12:47:39+00:00","description":"PGYtech Osmo Action Pole Tripod is one of the most important accessory. Contact us to buy PGYtech Osmo Action Pole Tripod for best price.","breadcrumb":{"@id":"https:\/\/phukienflytech.vn\/en\/san-pham\/pgytech-osmo-action-pole-tripod.html#breadcrumb"},"inLanguage":"en-US","potentialAction":[{"@type":"ReadAction","target":["https:\/\/phukienflytech.vn\/en\/san-pham\/pgytech-osmo-action-pole-tripod.html"]}]},{"@type":"ImageObject","inLanguage":"en-US","@id":"https:\/\/phukienflytech.vn\/en\/san-pham\/pgytech-osmo-action-pole-tripod.html#primaryimage","url":"https:\/\/phukienflytech.vn\/wp-content\/uploads\/2020\/05\/tripod-mini-pole-action-camera-dji-phu-kien-osmo-action1-Copy.png","contentUrl":"https:\/\/phukienflytech.vn\/wp-content\/uploads\/2020\/05\/tripod-mini-pole-action-camera-dji-phu-kien-osmo-action1-Copy.png","width":300,"height":299},{"@type":"BreadcrumbList","@id":"https:\/\/phukienflytech.vn\/en\/san-pham\/pgytech-osmo-action-pole-tripod.html#breadcrumb","itemListElement":[{"@type":"ListItem","position":1,"name":"Home","item":"https:\/\/phukienflytech.vn\/en"},{"@type":"ListItem","position":2,"name":"Ph\u1ee5 ki\u1ec7n Mavic Pro","item":"https:\/\/phukienflytech.vn\/en\/phu-kien-mavic-pro.html"},{"@type":"ListItem","position":3,"name":"DJI Osmo &amp; Drone's accessories","item":"https:\/\/phukienflytech.vn\/en\/danh-muc\/dji-osmo-drones-accessories.html"},{"@type":"ListItem","position":4,"name":"Osmo Action accessory","item":"https:\/\/phukienflytech.vn\/en\/danh-muc\/osmo-action-accessory.html"},{"@type":"ListItem","position":5,"name":"DJI OSMO Action Extension Pole Tripod Mini &#8211; PGYtech"}]},{"@type":"WebSite","@id":"https:\/\/phukienflytech.vn\/#website","url":"https:\/\/phukienflytech.vn\/","name":"Shop M\u00e1y \u1ea3nh - Action Camera - Gimbal - Flycam - Ph\u1ee5 ki\u1ec7n","description":"Shop M\u00e1y \u1ea3nh - Action Camera - Gimbal - Flycam - Ph\u1ee5 ki\u1ec7n","publisher":{"@id":"https:\/\/phukienflytech.vn\/#organization"},"potentialAction":[{"@type":"SearchAction","target":{"@type":"EntryPoint","urlTemplate":"https:\/\/phukienflytech.vn\/?s={search_term_string}"},"query-input":{"@type":"PropertyValueSpecification","valueRequired":true,"valueName":"search_term_string"}}],"inLanguage":"en-US"},{"@type":"Organization","@id":"https:\/\/phukienflytech.vn\/#organization","name":"DJI Store - Shop Drone, Action camera, Gimbal DJI |Phukienflytech","alternateName":"DJI Store - Shop Drone, Action camera, Gimbal DJI |Phukienflytech","url":"https:\/\/phukienflytech.vn\/","logo":{"@type":"ImageObject","inLanguage":"en-US","@id":"https:\/\/phukienflytech.vn\/#\/schema\/logo\/image\/","url":"https:\/\/phukienflytech.vn\/wp-content\/uploads\/2020\/05\/hAnh_nan.jpg1_.jpg","contentUrl":"https:\/\/phukienflytech.vn\/wp-content\/uploads\/2020\/05\/hAnh_nan.jpg1_.jpg","width":800,"height":450,"caption":"DJI Store - Shop Drone, Action camera, Gimbal DJI |Phukienflytech"},"image":{"@id":"https:\/\/phukienflytech.vn\/#\/schema\/logo\/image\/"},"sameAs":["https:\/\/facebook.com\/phukienflycam","https:\/\/www.youtube.com\/@phukienflytech","https:\/\/www.tiktok.com\/@flytech.channel?fbclid=IwY2xjawGjg7BleHRuA2FlbQIxMAABHYVGmlXpuSMs0UB2zTpYvyT4GMVfN2qJa4urF4vkSQ6FAVBwXZtDP30qQA_aem_UwMiDcUvlEbd2tXAmsc8Og"]}]}},"_links":{"self":[{"href":"https:\/\/phukienflytech.vn\/en\/wp-json\/wp\/v2\/product\/5219","targetHints":{"allow":["GET"]}}],"collection":[{"href":"https:\/\/phukienflytech.vn\/en\/wp-json\/wp\/v2\/product"}],"about":[{"href":"https:\/\/phukienflytech.vn\/en\/wp-json\/wp\/v2\/types\/product"}],"replies":[{"embeddable":true,"href":"https:\/\/phukienflytech.vn\/en\/wp-json\/wp\/v2\/comments?post=5219"}],"wp:featuredmedia":[{"embeddable":true,"href":"https:\/\/phukienflytech.vn\/en\/wp-json\/wp\/v2\/media\/5525"}],"wp:attachment":[{"href":"https:\/\/phukienflytech.vn\/en\/wp-json\/wp\/v2\/media?parent=5219"}],"wp:term":[{"taxonomy":"product_brand","embeddable":true,"href":"https:\/\/phukienflytech.vn\/en\/wp-json\/wp\/v2\/product_brand?post=5219"},{"taxonomy":"product_cat","embeddable":true,"href":"https:\/\/phukienflytech.vn\/en\/wp-json\/wp\/v2\/product_cat?post=5219"},{"taxonomy":"product_tag","embeddable":true,"href":"https:\/\/phukienflytech.vn\/en\/wp-json\/wp\/v2\/product_tag?post=5219"}],"curies":[{"name":"wp","href":"https:\/\/api.w.org\/{rel}","templated":true}]}}