{"id":5252,"date":"2020-06-20T17:13:27","date_gmt":"2020-06-20T10:13:27","guid":{"rendered":"http:\/\/27430.lamdx.vinawebsite.vn\/san-pham\/combo-4-lens-filter-nd-osmo-pocket-pgytech.html"},"modified":"2021-01-14T09:30:18","modified_gmt":"2021-01-14T02:30:18","slug":"combo-4-lens-filter-nd-osmo-pocket-pgytech","status":"publish","type":"product","link":"https:\/\/phukienflytech.vn\/en\/san-pham\/combo-4-lens-filter-nd-osmo-pocket-pgytech.html","title":{"rendered":"Combo 4 ND filter Osmo Pocket &#8211; PGYtech"},"content":{"rendered":"<h2><span style=\"font-size: 21px; color: #0000ff;\"><strong>PGYtech ND filter Osmo Pocket<\/strong><\/span><\/h2>\n<p><span style=\"font-size: 18px;\"><strong><em>Filter<\/em><\/strong>\u00a0lu\u00f4n l\u00e0 m\u1ed9t trong nh\u1eefng\u00a0<strong><em>ph\u1ee5 ki\u1ec7n DJI Osmo pocket c\u1ea7n thi\u1ebft<\/em><\/strong>\u00a0v\u00e0 \u0111\u01b0\u1ee3c ng\u01b0\u1eddi d\u00f9ng quan t\u00e2m \u0111\u1eb7c bi\u1ec7t m\u1ed7i khi quay film c\u0169ng nh\u01b0 ch\u1ee5p \u1ea3nh. \u0110\u1ec3 \u0111\u00e1p \u1ee9ng l\u1ea1i nhu c\u1ea7u c\u1ee7a ng\u01b0\u1eddi ti\u00eau d\u00f9ng ch\u00fang t\u00f4i xin gi\u1edbi thi\u1ec7u b\u1ed9\u00a0<strong><em>Combo filter ND Osmo pocket \u2013 PGYTECH<\/em><\/strong>\u00a0\u0111\u1ec3 cho ng\u01b0\u1eddi d\u00f9ng c\u00f3 th\u1ec3 d\u1ec5 d\u00e0ng l\u1ef1a ch\u1ecdn.<\/span><\/p>\n<p>&nbsp;<\/p>\n<p><span style=\"font-size: 18px;\"><img loading=\"lazy\" decoding=\"async\" class=\"alignnone wp-image-10655\" src=\"https:\/\/phukienflytech.vn\/wp-content\/uploads\/2020\/05\/combo-4-lens-filter-nd-osmo-pocket-pgytech-5234-6-634x400.jpg\" alt=\"combo-4-filter-pgytech-1\" width=\"472\" height=\"298\" srcset=\"https:\/\/phukienflytech.vn\/wp-content\/uploads\/2020\/05\/combo-4-lens-filter-nd-osmo-pocket-pgytech-5234-6-634x400.jpg 634w, https:\/\/phukienflytech.vn\/wp-content\/uploads\/2020\/05\/combo-4-lens-filter-nd-osmo-pocket-pgytech-5234-6-768x485.jpg 768w, https:\/\/phukienflytech.vn\/wp-content\/uploads\/2020\/05\/combo-4-lens-filter-nd-osmo-pocket-pgytech-5234-6-600x379.jpg 600w, https:\/\/phukienflytech.vn\/wp-content\/uploads\/2020\/05\/combo-4-lens-filter-nd-osmo-pocket-pgytech-5234-6.jpg 1248w\" sizes=\"auto, (max-width: 472px) 100vw, 472px\" \/><\/span><\/p>\n<p>&nbsp;<\/p>\n<p><span style=\"font-size: 18px;\">B\u1ed9 s\u1ea3n ph\u1ea9m\u00a0<strong><em>combo 4 lens filter ND osmo pocket<\/em><\/strong>\u00a0g\u1ed3m:<\/span><\/p>\n<p>&nbsp;<\/p>\n<p><span style=\"font-size: 18px;\"> <img loading=\"lazy\" decoding=\"async\" class=\"alignnone wp-image-10659 size-medium\" src=\"https:\/\/phukienflytech.vn\/wp-content\/uploads\/2020\/05\/combo-4-lens-filter-nd-osmo-pocket-pgytech-5234-1-1-544x400.jpg\" alt=\"combo-4-filter-pgytech\" width=\"544\" height=\"400\" srcset=\"https:\/\/phukienflytech.vn\/wp-content\/uploads\/2020\/05\/combo-4-lens-filter-nd-osmo-pocket-pgytech-5234-1-1-544x400.jpg 544w, https:\/\/phukienflytech.vn\/wp-content\/uploads\/2020\/05\/combo-4-lens-filter-nd-osmo-pocket-pgytech-5234-1-1-768x565.jpg 768w, https:\/\/phukienflytech.vn\/wp-content\/uploads\/2020\/05\/combo-4-lens-filter-nd-osmo-pocket-pgytech-5234-1-1-1088x800.jpg 1088w, https:\/\/phukienflytech.vn\/wp-content\/uploads\/2020\/05\/combo-4-lens-filter-nd-osmo-pocket-pgytech-5234-1-1-600x441.jpg 600w, https:\/\/phukienflytech.vn\/wp-content\/uploads\/2020\/05\/combo-4-lens-filter-nd-osmo-pocket-pgytech-5234-1-1.jpg 1250w\" sizes=\"auto, (max-width: 544px) 100vw, 544px\" \/><\/span><\/p>\n<p>&nbsp;<\/p>\n<p>&nbsp;<\/p>\n<p><span style=\"font-size: 18px;\">Filter ND 8, 16, 32, 64<\/span><\/p>\n<p><span style=\"font-size: 18px;\">H\u1ed9p \u0111\u1ef1ng filter<\/span><\/p>\n<p><span style=\"font-size: 18px;\"><img loading=\"lazy\" decoding=\"async\" class=\"alignnone wp-image-10664 size-medium\" src=\"https:\/\/phukienflytech.vn\/wp-content\/uploads\/2020\/05\/combo-4-lens-filter-nd-osmo-pocket-pgytech-5234-2-1-489x400.jpg\" alt=\"combo-4-lens-filter-pgytech-4\" width=\"489\" height=\"400\" srcset=\"https:\/\/phukienflytech.vn\/wp-content\/uploads\/2020\/05\/combo-4-lens-filter-nd-osmo-pocket-pgytech-5234-2-1-489x400.jpg 489w, https:\/\/phukienflytech.vn\/wp-content\/uploads\/2020\/05\/combo-4-lens-filter-nd-osmo-pocket-pgytech-5234-2-1-768x629.jpg 768w, https:\/\/phukienflytech.vn\/wp-content\/uploads\/2020\/05\/combo-4-lens-filter-nd-osmo-pocket-pgytech-5234-2-1-978x800.jpg 978w, https:\/\/phukienflytech.vn\/wp-content\/uploads\/2020\/05\/combo-4-lens-filter-nd-osmo-pocket-pgytech-5234-2-1-600x491.jpg 600w, https:\/\/phukienflytech.vn\/wp-content\/uploads\/2020\/05\/combo-4-lens-filter-nd-osmo-pocket-pgytech-5234-2-1.jpg 1250w\" sizes=\"auto, (max-width: 489px) 100vw, 489px\" \/><\/span><\/p>\n<p>&nbsp;<\/p>\n<h2><span style=\"font-size: 21px;\"><em><strong><span style=\"color: #0000ff;\">C\u00f4ng d\u1ee5ng c\u1ee7a PGYtech ND filter Osmo Pocket :<\/span><\/strong><\/em><\/span><\/h2>\n<p>&nbsp;<\/p>\n<p><iframe loading=\"lazy\" src=\"https:\/\/www.youtube.com\/embed\/hmEQDnaq0iQ\" width=\"560\" height=\"314\" allowfullscreen=\"allowfullscreen\" data-mce-fragment=\"1\"><\/iframe><\/p>\n<p>&nbsp;<\/p>\n<p><span style=\"font-size: 18px;\"><strong><em>Filter ND<\/em><\/strong>\u00a0hay c\u00f2n \u0111\u01b0\u1ee3c g\u1ecdi l\u00e0 b\u1ed9 l\u1ecdc gi\u1ea3m \u00e1nh s\u00e1ng, b\u1ed9 l\u1ecdc m\u1eadt \u0111\u1ed9 trung t\u00ednh gi\u00fap gi\u1ea3m l\u01b0\u1ee3ng \u00e1nh s\u00e1ng trong \u0111i\u1ec1u ki\u1ec7n r\u1ea5t s\u00e1ng, \u0111\u1ec3 m\u00e1y \u1ea3nh c\u00f3 th\u1ec3 ch\u1ecdn gi\u00e1 tr\u1ecb ph\u01a1i s\u00e1ng ch\u00ednh x\u00e1c v\u00e0 tr\u00e1nh ph\u01a1i s\u00e1ng qu\u00e1 m\u1ee9c. N\u00f3 c\u0169ng gi\u00fap c\u1ea3i thi\u1ec7n \u0111\u1ed9 b\u00e3o h\u00f2a c\u1ee7a h\u00ednh \u1ea3nh l\u00e0m cho h\u00ednh \u1ea3nh trong su\u1ed1t v\u00e0 s\u1ed1ng \u0111\u1ed9ng h\u01a1n. B\u1ea1n c\u0169ng c\u00f3 th\u1ec3 s\u1eed d\u1ee5ng t\u1ed1c \u0111\u1ed9 m\u00e0n ch\u1eadp \u0111\u1ec3 ch\u1ee5p m\u1ed9t s\u1ed1 hi\u1ec7u \u1ee9ng \u0111\u1eb7c bi\u1ec7t, ch\u1eb3ng h\u1ea1n nh\u01b0 s\u01b0\u01a1ng n\u01b0\u1edbc, v\u1ec7t s\u00e1ng v\u00e0o ban \u0111\u00eam,\u2026<\/span><\/p>\n<p>&nbsp;<\/p>\n<h3><span style=\"font-size: 18px;\"><img loading=\"lazy\" decoding=\"async\" class=\"alignnone wp-image-10667\" src=\"https:\/\/phukienflytech.vn\/wp-content\/uploads\/2020\/05\/combo-4-lens-filter-nd-osmo-pocket-pgytech-5234-3-1.jpg\" alt=\"combo-4-lens-filter-pgytech-3\" width=\"508\" height=\"271\" srcset=\"https:\/\/phukienflytech.vn\/wp-content\/uploads\/2020\/05\/combo-4-lens-filter-nd-osmo-pocket-pgytech-5234-3-1.jpg 621w, https:\/\/phukienflytech.vn\/wp-content\/uploads\/2020\/05\/combo-4-lens-filter-nd-osmo-pocket-pgytech-5234-3-1-600x320.jpg 600w\" sizes=\"auto, (max-width: 508px) 100vw, 508px\" \/><\/span><\/h3>\n<p>&nbsp;<\/p>\n<p><span style=\"font-size: 18px;\">Filter MRC \u2013 ND4 ph\u00f9 h\u1ee3p bay th\u1eddi ti\u1ebft tr\u01b0\u1edbc 10h s\u00e1ng v\u00e0 sau 4h chi\u1ec3u khi \u00e1nh s\u00e1ng m\u1eb7t tr\u1eddi d\u1ecbu h\u01a1n. Khi bay \u1edf khung gi\u1edd 10h-4h chi\u1ec1u : t\u00f9y v\u00e0o c\u01b0\u1eddng \u0111\u1ed9 s\u00e1ng v\u00e0 m\u1ee5c \u0111\u00edch ph\u01a1i s\u00e1ng ta s\u1eed d\u1ee5ng : ND8, ND16. ND32. ND64 \u0111\u1ec3 t\u1ea1o ra nh\u1eefng b\u1ee9c h\u00ecnh \u01b0ng \u00fd nh\u1ea5t.<\/span><\/p>\n<p>&nbsp;<\/p>\n<p><span style=\"font-size: 18px;\"><img loading=\"lazy\" decoding=\"async\" class=\"alignnone wp-image-10670\" src=\"https:\/\/phukienflytech.vn\/wp-content\/uploads\/2020\/05\/combo-4-lens-filter-nd-osmo-pocket-pgytech-5234-4-1-601x400.jpg\" alt=\"combo-4-lens-filter-pgytech-1\" width=\"518\" height=\"345\" srcset=\"https:\/\/phukienflytech.vn\/wp-content\/uploads\/2020\/05\/combo-4-lens-filter-nd-osmo-pocket-pgytech-5234-4-1-601x400.jpg 601w, https:\/\/phukienflytech.vn\/wp-content\/uploads\/2020\/05\/combo-4-lens-filter-nd-osmo-pocket-pgytech-5234-4-1-768x511.jpg 768w, https:\/\/phukienflytech.vn\/wp-content\/uploads\/2020\/05\/combo-4-lens-filter-nd-osmo-pocket-pgytech-5234-4-1-1201x800.jpg 1201w, https:\/\/phukienflytech.vn\/wp-content\/uploads\/2020\/05\/combo-4-lens-filter-nd-osmo-pocket-pgytech-5234-4-1-600x400.jpg 600w, https:\/\/phukienflytech.vn\/wp-content\/uploads\/2020\/05\/combo-4-lens-filter-nd-osmo-pocket-pgytech-5234-4-1.jpg 1221w\" sizes=\"auto, (max-width: 518px) 100vw, 518px\" \/><\/span><\/p>\n<p>&nbsp;<\/p>\n<p>&nbsp;<\/p>\n<p><span style=\"font-size: 18px;\">\u0110\u1eb7c bi\u1ec7t,\u00a0<strong><em>filter lens ND<\/em><\/strong>\u00a0<strong><em>chuy\u00ean nghi\u1ec7p<\/em><\/strong>\u00a0\u0111\u01b0\u1ee3c h\u00e3ng\u00a0<strong><em>PGYTECH<\/em><\/strong>\u00a0s\u1eed d\u1ee5ng k\u00ednh SCHOTT c\u1ee7a \u0110\u1ee9c l\u00e0m v\u1eadt li\u1ec7u c\u01a1 b\u1ea3n, tr\u1ea3i qua nhi\u1ec1u quy tr\u00ecnh m\u00e0i d\u0169a, \u0111\u00e1nh b\u00f3ng v\u1edbi c\u00f4ng ngh\u1ec7 ph\u1ee7 nhi\u1ec1u l\u1edbp IAD \u0111\u1ec3 \u0111\u1ea1t hi\u1ec7u su\u1ea5t cao nh\u1ea5t c\u0169ng nh\u01b0 \u0111\u1ea3m b\u1ea3o cho lens c\u00f3 ch\u1ea5t l\u01b0\u1ee3ng \u0111\u1ed9 n\u00e9t cao n\u00ean b\u1ea1n c\u00f3 th\u1ec3 ho\u00e0n to\u00e0n y\u00ean t\u00e2m v\u1ec1 ch\u1ea5t l\u01b0\u1ee3ng s\u1ea3n ph\u1ea9m..<\/span><\/p>\n<p>&nbsp;<\/p>\n<p><span style=\"font-size: 18px;\"><img loading=\"lazy\" decoding=\"async\" class=\"alignnone wp-image-10691\" src=\"https:\/\/phukienflytech.vn\/wp-content\/uploads\/2020\/05\/combo-4-lens-filter-nd-osmo-pocket-pgytech-5234-3-2.jpg\" alt=\"combo-4-lens-filter-pgytech\" width=\"454\" height=\"242\" srcset=\"https:\/\/phukienflytech.vn\/wp-content\/uploads\/2020\/05\/combo-4-lens-filter-nd-osmo-pocket-pgytech-5234-3-2.jpg 621w, https:\/\/phukienflytech.vn\/wp-content\/uploads\/2020\/05\/combo-4-lens-filter-nd-osmo-pocket-pgytech-5234-3-2-600x320.jpg 600w\" sizes=\"auto, (max-width: 454px) 100vw, 454px\" \/><\/span><\/p>\n<p>&nbsp;<\/p>\n<p><span style=\"font-size: 18px;\">H\u00e3y s\u1edf h\u1eefu b\u1ed9 <em><strong>s\u1ea3n ph\u1ea9m<\/strong><\/em>\u00a0ngay h\u00f4m nay \u0111\u1ec3 thu \u0111\u01b0\u1ee3c nh\u1eefng s\u1ea3n ph\u1ea9m chuy\u00ean nghi\u1ec7p nh\u1ea5t.<\/span><\/p>\n<h2><span style=\"font-size: 21px; color: #0000ff;\"><strong><em>Mua ph\u1ee5 ki\u1ec7n PGYtech ND filter Osmo Pocket<\/em><\/strong>\u00a0\u1edf \u0111\u00e2u?<\/span><\/h2>\n<p><span style=\"font-size: 18px;\">V\u1edbi ph\u01b0\u01a1ng ch\u00e2m lu\u00f4n \u0111\u1eb7t UY T\u00cdN c\u0169ng nh\u01b0 CH\u1ea4T\u00a0 L\u01af\u1ee2NG l\u00ean h\u00e0ng \u0111\u1ea7u, b\u1ea1n ho\u00e0n to\u00e0n c\u00f3 th\u1ec3 y\u00ean t\u00e2m v\u1ec1\u00a0<strong><em>gi\u00e1 osmo pocket<\/em><\/strong>\u00a0c\u0169ng nh\u01b0 ch\u1ea5t l\u01b0\u1ee3ng s\u1ea3n ph\u1ea9m. H\u00e3y \u0111\u1ec3 ph\u1ee5 ki\u1ec7n fly-cam gi\u00e1 t\u1ed1t ti\u1ebfp s\u1ee9c \u0111am m\u00ea trong b\u1ea1n<\/span><\/p>\n<p><span style=\"font-size: 18px;\">&gt;&gt; Learn More :<span style=\"color: #0000ff;\"><strong><a style=\"color: #0000ff;\" href=\"https:\/\/phukienflytech.vn\/danh-muc\/phu-kien-osmo-pocket.html\"> Osmo Pocket Accessories<\/a><\/strong><\/span><\/span><\/p>\n<p><span style=\"font-size: 18px;\">&gt;&gt; Contact us on: <span style=\"color: #0000ff;\"><strong><a style=\"color: #0000ff;\" href=\"https:\/\/www.facebook.com\/phukienflycam\">Facebook<\/a> <\/strong><\/span><\/span><\/p>\n","protected":false},"excerpt":{"rendered":"<p>PGYtech ND filter Osmo Pocket Filter\u00a0lu\u00f4n l\u00e0 m\u1ed9t trong nh\u1eefng\u00a0ph\u1ee5 ki\u1ec7n DJI Osmo pocket c\u1ea7n thi\u1ebft\u00a0v\u00e0 \u0111\u01b0\u1ee3c ng\u01b0\u1eddi d\u00f9ng quan t\u00e2m \u0111\u1eb7c bi\u1ec7t m\u1ed7i khi quay film c\u0169ng nh\u01b0 ch\u1ee5p \u1ea3nh. \u0110\u1ec3 \u0111\u00e1p \u1ee9ng l\u1ea1i nhu c\u1ea7u c\u1ee7a ng\u01b0\u1eddi ti\u00eau d\u00f9ng ch\u00fang t\u00f4i xin gi\u1edbi thi\u1ec7u b\u1ed9\u00a0Combo filter ND Osmo pocket \u2013 PGYTECH\u00a0\u0111\u1ec3 cho ng\u01b0\u1eddi &#8230;<\/p>\n","protected":false},"featured_media":5238,"comment_status":"open","ping_status":"closed","template":"","meta":{"_acf_changed":false},"product_brand":[],"product_cat":[186],"product_tag":[378,354],"class_list":{"0":"post-5252","1":"product","2":"type-product","3":"status-publish","4":"has-post-thumbnail","6":"product_cat-osmo-pocket-accessory","7":"product_tag-combo-filter-nd-osmo-pocket-en","8":"product_tag-phu-kien-osmo-pocket-en","10":"first","11":"instock","12":"shipping-taxable","13":"purchasable","14":"product-type-simple"},"acf":[],"yoast_head":"<!-- This site is optimized with the Yoast SEO plugin v25.7 - https:\/\/yoast.com\/wordpress\/plugins\/seo\/ -->\n<title>PGYtech ND filter Osmo Pocket - Combo 4 ND filter Osmo Pocket<\/title>\n<meta name=\"description\" content=\"PGYtech ND filter Osmo Pocket is one of the most important accessory. Contact us to buy PGYtech ND filter Osmo Pocket for best price.\" \/>\n<meta name=\"robots\" content=\"index, follow, max-snippet:-1, max-image-preview:large, max-video-preview:-1\" \/>\n<link rel=\"canonical\" href=\"https:\/\/phukienflytech.vn\/en\/san-pham\/combo-4-lens-filter-nd-osmo-pocket-pgytech.html\" \/>\n<meta property=\"og:locale\" content=\"en_US\" \/>\n<meta property=\"og:type\" content=\"article\" \/>\n<meta property=\"og:title\" content=\"PGYtech ND filter Osmo Pocket - Combo 4 ND filter Osmo Pocket\" \/>\n<meta property=\"og:description\" content=\"PGYtech ND filter Osmo Pocket is one of the most important accessory. Contact us to buy PGYtech ND filter Osmo Pocket for best price.\" \/>\n<meta property=\"og:url\" content=\"https:\/\/phukienflytech.vn\/en\/san-pham\/combo-4-lens-filter-nd-osmo-pocket-pgytech.html\" \/>\n<meta property=\"og:site_name\" content=\"Shop M\u00e1y \u1ea3nh - Action Camera - Gimbal - Flycam - Ph\u1ee5 ki\u1ec7n\" \/>\n<meta property=\"article:publisher\" content=\"https:\/\/facebook.com\/phukienflycam\" \/>\n<meta property=\"article:modified_time\" content=\"2021-01-14T02:30:18+00:00\" \/>\n<meta property=\"og:image\" content=\"https:\/\/phukienflytech.vn\/wp-content\/uploads\/2020\/05\/phu-kien-dji-osmo-pocket-combo-filter-nd8-nd16-nd32-nd64-pgytech1-Copy.png\" \/>\n\t<meta property=\"og:image:width\" content=\"300\" \/>\n\t<meta property=\"og:image:height\" content=\"300\" \/>\n\t<meta property=\"og:image:type\" content=\"image\/png\" \/>\n<meta name=\"twitter:card\" content=\"summary_large_image\" \/>\n<meta name=\"twitter:label1\" content=\"Est. reading time\" \/>\n\t<meta name=\"twitter:data1\" content=\"3 minutes\" \/>\n<script type=\"application\/ld+json\" class=\"yoast-schema-graph\">{\"@context\":\"https:\/\/schema.org\",\"@graph\":[{\"@type\":\"WebPage\",\"@id\":\"https:\/\/phukienflytech.vn\/en\/san-pham\/combo-4-lens-filter-nd-osmo-pocket-pgytech.html\",\"url\":\"https:\/\/phukienflytech.vn\/en\/san-pham\/combo-4-lens-filter-nd-osmo-pocket-pgytech.html\",\"name\":\"PGYtech ND filter Osmo Pocket - Combo 4 ND filter Osmo Pocket\",\"isPartOf\":{\"@id\":\"https:\/\/phukienflytech.vn\/#website\"},\"primaryImageOfPage\":{\"@id\":\"https:\/\/phukienflytech.vn\/en\/san-pham\/combo-4-lens-filter-nd-osmo-pocket-pgytech.html#primaryimage\"},\"image\":{\"@id\":\"https:\/\/phukienflytech.vn\/en\/san-pham\/combo-4-lens-filter-nd-osmo-pocket-pgytech.html#primaryimage\"},\"thumbnailUrl\":\"https:\/\/phukienflytech.vn\/wp-content\/uploads\/2020\/05\/phu-kien-dji-osmo-pocket-combo-filter-nd8-nd16-nd32-nd64-pgytech1-Copy.png\",\"datePublished\":\"2020-06-20T10:13:27+00:00\",\"dateModified\":\"2021-01-14T02:30:18+00:00\",\"description\":\"PGYtech ND filter Osmo Pocket is one of the most important accessory. Contact us to buy PGYtech ND filter Osmo Pocket for best price.\",\"breadcrumb\":{\"@id\":\"https:\/\/phukienflytech.vn\/en\/san-pham\/combo-4-lens-filter-nd-osmo-pocket-pgytech.html#breadcrumb\"},\"inLanguage\":\"en-US\",\"potentialAction\":[{\"@type\":\"ReadAction\",\"target\":[\"https:\/\/phukienflytech.vn\/en\/san-pham\/combo-4-lens-filter-nd-osmo-pocket-pgytech.html\"]}]},{\"@type\":\"ImageObject\",\"inLanguage\":\"en-US\",\"@id\":\"https:\/\/phukienflytech.vn\/en\/san-pham\/combo-4-lens-filter-nd-osmo-pocket-pgytech.html#primaryimage\",\"url\":\"https:\/\/phukienflytech.vn\/wp-content\/uploads\/2020\/05\/phu-kien-dji-osmo-pocket-combo-filter-nd8-nd16-nd32-nd64-pgytech1-Copy.png\",\"contentUrl\":\"https:\/\/phukienflytech.vn\/wp-content\/uploads\/2020\/05\/phu-kien-dji-osmo-pocket-combo-filter-nd8-nd16-nd32-nd64-pgytech1-Copy.png\",\"width\":300,\"height\":300},{\"@type\":\"BreadcrumbList\",\"@id\":\"https:\/\/phukienflytech.vn\/en\/san-pham\/combo-4-lens-filter-nd-osmo-pocket-pgytech.html#breadcrumb\",\"itemListElement\":[{\"@type\":\"ListItem\",\"position\":1,\"name\":\"Home\",\"item\":\"https:\/\/phukienflytech.vn\/en\"},{\"@type\":\"ListItem\",\"position\":2,\"name\":\"Ph\u1ee5 ki\u1ec7n Mavic Pro\",\"item\":\"https:\/\/phukienflytech.vn\/en\/phu-kien-mavic-pro.html\"},{\"@type\":\"ListItem\",\"position\":3,\"name\":\"DJI Osmo &amp; Drone's accessories\",\"item\":\"https:\/\/phukienflytech.vn\/en\/danh-muc\/dji-osmo-drones-accessories.html\"},{\"@type\":\"ListItem\",\"position\":4,\"name\":\"Osmo Pocket accessory\",\"item\":\"https:\/\/phukienflytech.vn\/en\/danh-muc\/osmo-pocket-accessory.html\"},{\"@type\":\"ListItem\",\"position\":5,\"name\":\"Combo 4 ND filter Osmo Pocket &#8211; PGYtech\"}]},{\"@type\":\"WebSite\",\"@id\":\"https:\/\/phukienflytech.vn\/#website\",\"url\":\"https:\/\/phukienflytech.vn\/\",\"name\":\"Shop M\u00e1y \u1ea3nh - Action Camera - Gimbal - Flycam - Ph\u1ee5 ki\u1ec7n\",\"description\":\"Shop M\u00e1y \u1ea3nh - Action Camera - Gimbal - Flycam - Ph\u1ee5 ki\u1ec7n\",\"publisher\":{\"@id\":\"https:\/\/phukienflytech.vn\/#organization\"},\"potentialAction\":[{\"@type\":\"SearchAction\",\"target\":{\"@type\":\"EntryPoint\",\"urlTemplate\":\"https:\/\/phukienflytech.vn\/?s={search_term_string}\"},\"query-input\":{\"@type\":\"PropertyValueSpecification\",\"valueRequired\":true,\"valueName\":\"search_term_string\"}}],\"inLanguage\":\"en-US\"},{\"@type\":\"Organization\",\"@id\":\"https:\/\/phukienflytech.vn\/#organization\",\"name\":\"DJI Store - Shop Drone, Action camera, Gimbal DJI |Phukienflytech\",\"alternateName\":\"DJI Store - Shop Drone, Action camera, Gimbal DJI |Phukienflytech\",\"url\":\"https:\/\/phukienflytech.vn\/\",\"logo\":{\"@type\":\"ImageObject\",\"inLanguage\":\"en-US\",\"@id\":\"https:\/\/phukienflytech.vn\/#\/schema\/logo\/image\/\",\"url\":\"https:\/\/phukienflytech.vn\/wp-content\/uploads\/2020\/05\/hAnh_nan.jpg1_.jpg\",\"contentUrl\":\"https:\/\/phukienflytech.vn\/wp-content\/uploads\/2020\/05\/hAnh_nan.jpg1_.jpg\",\"width\":800,\"height\":450,\"caption\":\"DJI Store - Shop Drone, Action camera, Gimbal DJI |Phukienflytech\"},\"image\":{\"@id\":\"https:\/\/phukienflytech.vn\/#\/schema\/logo\/image\/\"},\"sameAs\":[\"https:\/\/facebook.com\/phukienflycam\",\"https:\/\/www.youtube.com\/@phukienflytech\",\"https:\/\/www.tiktok.com\/@flytech.channel?fbclid=IwY2xjawGjg7BleHRuA2FlbQIxMAABHYVGmlXpuSMs0UB2zTpYvyT4GMVfN2qJa4urF4vkSQ6FAVBwXZtDP30qQA_aem_UwMiDcUvlEbd2tXAmsc8Og\"]}]}<\/script>\n<!-- \/ Yoast SEO plugin. -->","yoast_head_json":{"title":"PGYtech ND filter Osmo Pocket - Combo 4 ND filter Osmo Pocket","description":"PGYtech ND filter Osmo Pocket is one of the most important accessory. Contact us to buy PGYtech ND filter Osmo Pocket for best price.","robots":{"index":"index","follow":"follow","max-snippet":"max-snippet:-1","max-image-preview":"max-image-preview:large","max-video-preview":"max-video-preview:-1"},"canonical":"https:\/\/phukienflytech.vn\/en\/san-pham\/combo-4-lens-filter-nd-osmo-pocket-pgytech.html","og_locale":"en_US","og_type":"article","og_title":"PGYtech ND filter Osmo Pocket - Combo 4 ND filter Osmo Pocket","og_description":"PGYtech ND filter Osmo Pocket is one of the most important accessory. Contact us to buy PGYtech ND filter Osmo Pocket for best price.","og_url":"https:\/\/phukienflytech.vn\/en\/san-pham\/combo-4-lens-filter-nd-osmo-pocket-pgytech.html","og_site_name":"Shop M\u00e1y \u1ea3nh - Action Camera - Gimbal - Flycam - Ph\u1ee5 ki\u1ec7n","article_publisher":"https:\/\/facebook.com\/phukienflycam","article_modified_time":"2021-01-14T02:30:18+00:00","og_image":[{"width":300,"height":300,"url":"https:\/\/phukienflytech.vn\/wp-content\/uploads\/2020\/05\/phu-kien-dji-osmo-pocket-combo-filter-nd8-nd16-nd32-nd64-pgytech1-Copy.png","type":"image\/png"}],"twitter_card":"summary_large_image","twitter_misc":{"Est. reading time":"3 minutes"},"schema":{"@context":"https:\/\/schema.org","@graph":[{"@type":"WebPage","@id":"https:\/\/phukienflytech.vn\/en\/san-pham\/combo-4-lens-filter-nd-osmo-pocket-pgytech.html","url":"https:\/\/phukienflytech.vn\/en\/san-pham\/combo-4-lens-filter-nd-osmo-pocket-pgytech.html","name":"PGYtech ND filter Osmo Pocket - Combo 4 ND filter Osmo Pocket","isPartOf":{"@id":"https:\/\/phukienflytech.vn\/#website"},"primaryImageOfPage":{"@id":"https:\/\/phukienflytech.vn\/en\/san-pham\/combo-4-lens-filter-nd-osmo-pocket-pgytech.html#primaryimage"},"image":{"@id":"https:\/\/phukienflytech.vn\/en\/san-pham\/combo-4-lens-filter-nd-osmo-pocket-pgytech.html#primaryimage"},"thumbnailUrl":"https:\/\/phukienflytech.vn\/wp-content\/uploads\/2020\/05\/phu-kien-dji-osmo-pocket-combo-filter-nd8-nd16-nd32-nd64-pgytech1-Copy.png","datePublished":"2020-06-20T10:13:27+00:00","dateModified":"2021-01-14T02:30:18+00:00","description":"PGYtech ND filter Osmo Pocket is one of the most important accessory. Contact us to buy PGYtech ND filter Osmo Pocket for best price.","breadcrumb":{"@id":"https:\/\/phukienflytech.vn\/en\/san-pham\/combo-4-lens-filter-nd-osmo-pocket-pgytech.html#breadcrumb"},"inLanguage":"en-US","potentialAction":[{"@type":"ReadAction","target":["https:\/\/phukienflytech.vn\/en\/san-pham\/combo-4-lens-filter-nd-osmo-pocket-pgytech.html"]}]},{"@type":"ImageObject","inLanguage":"en-US","@id":"https:\/\/phukienflytech.vn\/en\/san-pham\/combo-4-lens-filter-nd-osmo-pocket-pgytech.html#primaryimage","url":"https:\/\/phukienflytech.vn\/wp-content\/uploads\/2020\/05\/phu-kien-dji-osmo-pocket-combo-filter-nd8-nd16-nd32-nd64-pgytech1-Copy.png","contentUrl":"https:\/\/phukienflytech.vn\/wp-content\/uploads\/2020\/05\/phu-kien-dji-osmo-pocket-combo-filter-nd8-nd16-nd32-nd64-pgytech1-Copy.png","width":300,"height":300},{"@type":"BreadcrumbList","@id":"https:\/\/phukienflytech.vn\/en\/san-pham\/combo-4-lens-filter-nd-osmo-pocket-pgytech.html#breadcrumb","itemListElement":[{"@type":"ListItem","position":1,"name":"Home","item":"https:\/\/phukienflytech.vn\/en"},{"@type":"ListItem","position":2,"name":"Ph\u1ee5 ki\u1ec7n Mavic Pro","item":"https:\/\/phukienflytech.vn\/en\/phu-kien-mavic-pro.html"},{"@type":"ListItem","position":3,"name":"DJI Osmo &amp; Drone's accessories","item":"https:\/\/phukienflytech.vn\/en\/danh-muc\/dji-osmo-drones-accessories.html"},{"@type":"ListItem","position":4,"name":"Osmo Pocket accessory","item":"https:\/\/phukienflytech.vn\/en\/danh-muc\/osmo-pocket-accessory.html"},{"@type":"ListItem","position":5,"name":"Combo 4 ND filter Osmo Pocket &#8211; PGYtech"}]},{"@type":"WebSite","@id":"https:\/\/phukienflytech.vn\/#website","url":"https:\/\/phukienflytech.vn\/","name":"Shop M\u00e1y \u1ea3nh - Action Camera - Gimbal - Flycam - Ph\u1ee5 ki\u1ec7n","description":"Shop M\u00e1y \u1ea3nh - Action Camera - Gimbal - Flycam - Ph\u1ee5 ki\u1ec7n","publisher":{"@id":"https:\/\/phukienflytech.vn\/#organization"},"potentialAction":[{"@type":"SearchAction","target":{"@type":"EntryPoint","urlTemplate":"https:\/\/phukienflytech.vn\/?s={search_term_string}"},"query-input":{"@type":"PropertyValueSpecification","valueRequired":true,"valueName":"search_term_string"}}],"inLanguage":"en-US"},{"@type":"Organization","@id":"https:\/\/phukienflytech.vn\/#organization","name":"DJI Store - Shop Drone, Action camera, Gimbal DJI |Phukienflytech","alternateName":"DJI Store - Shop Drone, Action camera, Gimbal DJI |Phukienflytech","url":"https:\/\/phukienflytech.vn\/","logo":{"@type":"ImageObject","inLanguage":"en-US","@id":"https:\/\/phukienflytech.vn\/#\/schema\/logo\/image\/","url":"https:\/\/phukienflytech.vn\/wp-content\/uploads\/2020\/05\/hAnh_nan.jpg1_.jpg","contentUrl":"https:\/\/phukienflytech.vn\/wp-content\/uploads\/2020\/05\/hAnh_nan.jpg1_.jpg","width":800,"height":450,"caption":"DJI Store - Shop Drone, Action camera, Gimbal DJI |Phukienflytech"},"image":{"@id":"https:\/\/phukienflytech.vn\/#\/schema\/logo\/image\/"},"sameAs":["https:\/\/facebook.com\/phukienflycam","https:\/\/www.youtube.com\/@phukienflytech","https:\/\/www.tiktok.com\/@flytech.channel?fbclid=IwY2xjawGjg7BleHRuA2FlbQIxMAABHYVGmlXpuSMs0UB2zTpYvyT4GMVfN2qJa4urF4vkSQ6FAVBwXZtDP30qQA_aem_UwMiDcUvlEbd2tXAmsc8Og"]}]}},"_links":{"self":[{"href":"https:\/\/phukienflytech.vn\/en\/wp-json\/wp\/v2\/product\/5252","targetHints":{"allow":["GET"]}}],"collection":[{"href":"https:\/\/phukienflytech.vn\/en\/wp-json\/wp\/v2\/product"}],"about":[{"href":"https:\/\/phukienflytech.vn\/en\/wp-json\/wp\/v2\/types\/product"}],"replies":[{"embeddable":true,"href":"https:\/\/phukienflytech.vn\/en\/wp-json\/wp\/v2\/comments?post=5252"}],"wp:featuredmedia":[{"embeddable":true,"href":"https:\/\/phukienflytech.vn\/en\/wp-json\/wp\/v2\/media\/5238"}],"wp:attachment":[{"href":"https:\/\/phukienflytech.vn\/en\/wp-json\/wp\/v2\/media?parent=5252"}],"wp:term":[{"taxonomy":"product_brand","embeddable":true,"href":"https:\/\/phukienflytech.vn\/en\/wp-json\/wp\/v2\/product_brand?post=5252"},{"taxonomy":"product_cat","embeddable":true,"href":"https:\/\/phukienflytech.vn\/en\/wp-json\/wp\/v2\/product_cat?post=5252"},{"taxonomy":"product_tag","embeddable":true,"href":"https:\/\/phukienflytech.vn\/en\/wp-json\/wp\/v2\/product_tag?post=5252"}],"curies":[{"name":"wp","href":"https:\/\/api.w.org\/{rel}","templated":true}]}}