{"id":5266,"date":"2020-05-30T17:21:54","date_gmt":"2020-05-30T10:21:54","guid":{"rendered":"http:\/\/27430.lamdx.vinawebsite.vn\/san-pham\/chan-tripod-da-nang-dji-osmo-pocket-cao-cap.html"},"modified":"2020-10-09T13:24:12","modified_gmt":"2020-10-09T06:24:12","slug":"dji-osmo-pocket-tripod","status":"publish","type":"product","link":"https:\/\/phukienflytech.vn\/en\/san-pham\/dji-osmo-pocket-tripod.html","title":{"rendered":"DJI Osmo Pocket tripod"},"content":{"rendered":"<h2><em><strong><span style=\"font-size: 21px; color: #0000ff;\">DJI Osmo Pocket tripod<\/span><\/strong><\/em><\/h2>\n<p><span style=\"font-size: 18px;\">DJI Osmo Pocket tripod <\/span><\/p>\n<p><span style=\"font-size: 18px;\">V\u1edbi s\u1ef1 ra m\u1eaft\u00a0<strong>m\u00e1y quay c\u1ea7m tay ch\u1ed1ng rung<\/strong>\u00a0phi\u00ean b\u1ea3n mini t\u1ea1i New York th\u00e1ng 11\/2018 c\u00f3 th\u1ec3 b\u1ecf t\u00fai v\u1edbi t\u00ean g\u1ecdi gimbal\u00a0DJI Osmo Pocket. \u0110\u00e2y l\u00e0\u00a0camera gimbal c\u1ea7m tay \u0111\u01b0\u1ee3c trang b\u1ecb ch\u1ed1ng rung 3 tr\u1ee5c nh\u1ecf nh\u1ea5t hi\u1ec7n nay.\u00a0<strong>DJI Osmo Pocket<\/strong> c\u00f3 kh\u1ea3 n\u0103ng quay phim 4k 60fps c\u00f9ng tr\u1ecdng l\u01b0\u1ee3ng c\u1ef1c nh\u1eb9 116g, d\u1ec5 d\u00e0ng b\u1ecf v\u00e0o t\u00fai v\u00ec th\u1ebf n\u00f3 c\u00f3 t\u00ean \u201cPocket\u201d&#8230;<\/span><\/p>\n<p>&nbsp;<\/p>\n<p><span style=\"font-size: 18px;\"><img loading=\"lazy\" decoding=\"async\" class=\"alignnone size-medium wp-image-10646\" src=\"https:\/\/phukienflytech.vn\/wp-content\/uploads\/2020\/05\/chan-tripod-da-nang-dji-osmo-pocket-cao-cap-5253-5-400x400.jpg\" alt=\"\" width=\"400\" height=\"400\" srcset=\"https:\/\/phukienflytech.vn\/wp-content\/uploads\/2020\/05\/chan-tripod-da-nang-dji-osmo-pocket-cao-cap-5253-5-400x400.jpg 400w, https:\/\/phukienflytech.vn\/wp-content\/uploads\/2020\/05\/chan-tripod-da-nang-dji-osmo-pocket-cao-cap-5253-5-280x280.jpg 280w, https:\/\/phukienflytech.vn\/wp-content\/uploads\/2020\/05\/chan-tripod-da-nang-dji-osmo-pocket-cao-cap-5253-5-768x768.jpg 768w, https:\/\/phukienflytech.vn\/wp-content\/uploads\/2020\/05\/chan-tripod-da-nang-dji-osmo-pocket-cao-cap-5253-5-800x800.jpg 800w, https:\/\/phukienflytech.vn\/wp-content\/uploads\/2020\/05\/chan-tripod-da-nang-dji-osmo-pocket-cao-cap-5253-5-300x300.jpg 300w, https:\/\/phukienflytech.vn\/wp-content\/uploads\/2020\/05\/chan-tripod-da-nang-dji-osmo-pocket-cao-cap-5253-5-600x600.jpg 600w, https:\/\/phukienflytech.vn\/wp-content\/uploads\/2020\/05\/chan-tripod-da-nang-dji-osmo-pocket-cao-cap-5253-5-100x100.jpg 100w, https:\/\/phukienflytech.vn\/wp-content\/uploads\/2020\/05\/chan-tripod-da-nang-dji-osmo-pocket-cao-cap-5253-5.jpg 1000w\" sizes=\"auto, (max-width: 400px) 100vw, 400px\" \/><\/span><\/p>\n<p>&nbsp;<\/p>\n<p><span style=\"font-size: 18px;\">V\u1edbi thi\u1ebft k\u1ebf nh\u1ecf g\u1ecdn g\u1ea7n nh\u01b0 tuy\u1ec7t \u0111\u1ed1i c\u1ee7a\u00a0<em><strong>DJI Osmo Pocket<\/strong>\u00a0<\/em>lu\u00f4n \u0111em l\u1ea1i nh\u1eefng tr\u1ea3i nghi\u1ec7m t\u1ed1t nh\u1ea5t \u0111\u00e1p \u1ee9ng \u0111\u01b0\u1ee3c t\u00ednh thu\u1eadn ti\u1ec7n m\u00e0 ng\u01b0\u1eddi d\u00f9ng h\u01b0\u1edbng t\u1edbi \u0111\u1ec3 b\u1eaft tr\u1ecdn nh\u1eefng khung h\u00ecnh v\u00e0 video trong kho\u1ea3nh kh\u1eafc. Tuy nhi\u00ean, v\u1edbi nh\u1eefng khung h\u00ecnh, th\u01b0\u1edbc phim c\u1ea7n s\u1ef1 ch\u1ec9nh chu th\u00ec d\u01b0\u1eddng nh\u01b0\u00a0<em><strong>DJI Osmo Pocket<\/strong><\/em>\u00a0l\u1ea1i \u0111ang thi\u1ebfu \u0111i s\u1ef1 ch\u1eafc ch\u1eafn khi \u0111\u01a1n th\u00e2n \u0111\u1ed9c m\u00e3. Do v\u1eady vi\u1ec7c b\u1ed5 sung c\u00e1c\u00a0<em><strong>ph\u1ee5 ki\u1ec7n dji osmo pocket<\/strong>\u00a0<\/em>\u0111\u1eb7c bi\u1ec7t l\u00e0 tripod dji osmo pocket l\u00e0 \u0111i\u1ec1u m\u00e0 c\u1ea7n ngh\u0129 t\u1edbi ngay.<\/span><\/p>\n<p>&nbsp;<\/p>\n<p><span style=\"font-size: 18px;\"><img loading=\"lazy\" decoding=\"async\" class=\"alignnone size-medium wp-image-10651\" src=\"https:\/\/phukienflytech.vn\/wp-content\/uploads\/2020\/05\/chan-tripod-da-nang-dji-osmo-pocket-cao-cap-5253-1-1-400x400.jpg\" alt=\"\" width=\"400\" height=\"400\" srcset=\"https:\/\/phukienflytech.vn\/wp-content\/uploads\/2020\/05\/chan-tripod-da-nang-dji-osmo-pocket-cao-cap-5253-1-1-400x400.jpg 400w, https:\/\/phukienflytech.vn\/wp-content\/uploads\/2020\/05\/chan-tripod-da-nang-dji-osmo-pocket-cao-cap-5253-1-1-280x280.jpg 280w, https:\/\/phukienflytech.vn\/wp-content\/uploads\/2020\/05\/chan-tripod-da-nang-dji-osmo-pocket-cao-cap-5253-1-1-768x768.jpg 768w, https:\/\/phukienflytech.vn\/wp-content\/uploads\/2020\/05\/chan-tripod-da-nang-dji-osmo-pocket-cao-cap-5253-1-1-800x800.jpg 800w, https:\/\/phukienflytech.vn\/wp-content\/uploads\/2020\/05\/chan-tripod-da-nang-dji-osmo-pocket-cao-cap-5253-1-1-300x300.jpg 300w, https:\/\/phukienflytech.vn\/wp-content\/uploads\/2020\/05\/chan-tripod-da-nang-dji-osmo-pocket-cao-cap-5253-1-1-600x600.jpg 600w, https:\/\/phukienflytech.vn\/wp-content\/uploads\/2020\/05\/chan-tripod-da-nang-dji-osmo-pocket-cao-cap-5253-1-1-100x100.jpg 100w, https:\/\/phukienflytech.vn\/wp-content\/uploads\/2020\/05\/chan-tripod-da-nang-dji-osmo-pocket-cao-cap-5253-1-1.jpg 1000w\" sizes=\"auto, (max-width: 400px) 100vw, 400px\" \/><\/span><\/p>\n<p>&nbsp;<\/p>\n<h2><span style=\"color: #0000ff; font-size: 18px;\"><em><strong><span style=\"font-size: 21px;\">C\u00f4ng d\u1ee5ng c\u1ee7a s\u1ea3n ph\u1ea9m DJI Osmo Pocket tripod :<\/span><\/strong><\/em><\/span><\/h2>\n<p><span style=\"font-size: 18px;\"><em><strong>Ch\u00e2n tripod \u0111a n\u0103ng Osmo Pocket<\/strong><\/em> \u0111\u01b0\u1ee3c thi\u1ebft k\u1ebf c\u00f3 th\u1ec3 gi\u00fap chi\u1ebfc gimbal camera osmo c\u1ee7a ch\u00fang ta c\u00f3 th\u1ec3 \u0111\u1ee9ng v\u1eefng v\u1edbi ph\u01b0\u01a1ng th\u1eb3ng \u0111\u1ee9ng, h\u1ed7 tr\u1ee3 b\u1ea1n khi th\u1ef1c hi\u1ec7n c\u00e1c ch\u1ee9c n\u0103ng quay th\u00f4ng minh nh\u01b0 : Timelapse, Motionlapse v\u00e0 ch\u1ee5p panorama t\u1ef1 \u0111\u1ed9ng. V\u1edbi ch\u1ea5t li\u1ec7u ch\u00e2n \u0111\u01b0\u1ee3c l\u00e0m b\u1eb1ng th\u00e9p h\u1ee3p kim t\u1ea1o c\u1ea3m gi\u00e1c c\u1ea7m r\u1ea5t ch\u1eafc tay v\u00e0 c\u1ee9ng c\u00e1p v\u00e0 kh\u00f4ng k\u00e9m ph\u1ea7n sang tr\u1ecdng.<\/span><\/p>\n<p>&nbsp;<\/p>\n<p><span style=\"font-size: 18px;\"><img loading=\"lazy\" decoding=\"async\" class=\"alignnone size-medium wp-image-10653\" src=\"https:\/\/phukienflytech.vn\/wp-content\/uploads\/2020\/05\/chan-tripod-da-nang-dji-osmo-pocket-cao-cap-5253-2-1-400x400.jpg\" alt=\"\" width=\"400\" height=\"400\" srcset=\"https:\/\/phukienflytech.vn\/wp-content\/uploads\/2020\/05\/chan-tripod-da-nang-dji-osmo-pocket-cao-cap-5253-2-1-400x400.jpg 400w, https:\/\/phukienflytech.vn\/wp-content\/uploads\/2020\/05\/chan-tripod-da-nang-dji-osmo-pocket-cao-cap-5253-2-1-280x280.jpg 280w, https:\/\/phukienflytech.vn\/wp-content\/uploads\/2020\/05\/chan-tripod-da-nang-dji-osmo-pocket-cao-cap-5253-2-1-768x768.jpg 768w, https:\/\/phukienflytech.vn\/wp-content\/uploads\/2020\/05\/chan-tripod-da-nang-dji-osmo-pocket-cao-cap-5253-2-1-800x800.jpg 800w, https:\/\/phukienflytech.vn\/wp-content\/uploads\/2020\/05\/chan-tripod-da-nang-dji-osmo-pocket-cao-cap-5253-2-1-300x300.jpg 300w, https:\/\/phukienflytech.vn\/wp-content\/uploads\/2020\/05\/chan-tripod-da-nang-dji-osmo-pocket-cao-cap-5253-2-1-600x600.jpg 600w, https:\/\/phukienflytech.vn\/wp-content\/uploads\/2020\/05\/chan-tripod-da-nang-dji-osmo-pocket-cao-cap-5253-2-1-100x100.jpg 100w, https:\/\/phukienflytech.vn\/wp-content\/uploads\/2020\/05\/chan-tripod-da-nang-dji-osmo-pocket-cao-cap-5253-2-1.jpg 1000w\" sizes=\"auto, (max-width: 400px) 100vw, 400px\" \/><\/span><\/p>\n<p>&nbsp;<\/p>\n<p><span style=\"font-size: 18px;\">B\u00ean c\u1ea1nh \u0111\u00f3 ,\u00a0<em><strong>Tripod cho Osmo pocket<\/strong>\u00a0<\/em>c\u0169ng \u0111\u01b0\u1ee3c g\u1eafn c\u00f9ng v\u1edbi chi\u1ebfc k\u1eb9p smartphone \u0111\u1ec3 b\u1ea1n c\u00f3 th\u1ec3 d\u1ec5 d\u00e0ng t\u00f9y ch\u1ec9nh c\u00e1c ch\u1ee9c n\u0103ng ch\u00ednh x\u00e1c,\u00a0 nhanh h\u01a1n tr\u00ean chi\u1ebfc \u0111i\u1ec7n tho\u1ea1i c\u1ee7a m\u00ecnh.<\/span><\/p>\n<p>&nbsp;<\/p>\n<p><span style=\"font-size: 18px;\"><img loading=\"lazy\" decoding=\"async\" class=\"alignnone wp-image-10657 size-medium\" src=\"https:\/\/phukienflytech.vn\/wp-content\/uploads\/2020\/05\/chan-tripod-da-nang-dji-osmo-pocket-cao-cap-5253-3-1-400x400.jpg\" alt=\"DJI-Osmo-Pocket-tripod-2\" width=\"400\" height=\"400\" srcset=\"https:\/\/phukienflytech.vn\/wp-content\/uploads\/2020\/05\/chan-tripod-da-nang-dji-osmo-pocket-cao-cap-5253-3-1-400x400.jpg 400w, https:\/\/phukienflytech.vn\/wp-content\/uploads\/2020\/05\/chan-tripod-da-nang-dji-osmo-pocket-cao-cap-5253-3-1-280x280.jpg 280w, https:\/\/phukienflytech.vn\/wp-content\/uploads\/2020\/05\/chan-tripod-da-nang-dji-osmo-pocket-cao-cap-5253-3-1-768x768.jpg 768w, https:\/\/phukienflytech.vn\/wp-content\/uploads\/2020\/05\/chan-tripod-da-nang-dji-osmo-pocket-cao-cap-5253-3-1-800x800.jpg 800w, https:\/\/phukienflytech.vn\/wp-content\/uploads\/2020\/05\/chan-tripod-da-nang-dji-osmo-pocket-cao-cap-5253-3-1-300x300.jpg 300w, https:\/\/phukienflytech.vn\/wp-content\/uploads\/2020\/05\/chan-tripod-da-nang-dji-osmo-pocket-cao-cap-5253-3-1-600x600.jpg 600w, https:\/\/phukienflytech.vn\/wp-content\/uploads\/2020\/05\/chan-tripod-da-nang-dji-osmo-pocket-cao-cap-5253-3-1-100x100.jpg 100w, https:\/\/phukienflytech.vn\/wp-content\/uploads\/2020\/05\/chan-tripod-da-nang-dji-osmo-pocket-cao-cap-5253-3-1.jpg 1000w\" sizes=\"auto, (max-width: 400px) 100vw, 400px\" \/><\/span><\/p>\n<p>&nbsp;<\/p>\n<p><span style=\"font-size: 18px;\">H\u01a1n th\u1ebf n\u1eefa,\u00a0<em><strong>B\u1ed9 ch\u00e2n tripod DJI Osmo Pocket<\/strong><\/em>\u00a0s\u1ebd tr\u1edf th\u00e0nh m\u1ed9t chi\u1ebfc g\u1eady t\u1ef1 s\u01b0\u1edbng support th\u00eam 30cm \u0111\u1ec3 b\u1ea1n th\u1ecfa s\u1ee9c tr\u1ea3i nghi\u1ec7m m\u00e0 kh\u00f4ng lo h\u1ea1n ch\u1ebf v\u1ec1 g\u00f3c quay<\/span><\/p>\n<p>&nbsp;<\/p>\n<p><span style=\"font-size: 18px;\"><img loading=\"lazy\" decoding=\"async\" class=\"alignnone wp-image-10661 size-medium\" src=\"https:\/\/phukienflytech.vn\/wp-content\/uploads\/2020\/05\/chan-tripod-da-nang-dji-osmo-pocket-cao-cap-5253-4-1-400x400.jpg\" alt=\"DJI-Osmo-Pocket-tripod-1\" width=\"400\" height=\"400\" srcset=\"https:\/\/phukienflytech.vn\/wp-content\/uploads\/2020\/05\/chan-tripod-da-nang-dji-osmo-pocket-cao-cap-5253-4-1-400x400.jpg 400w, https:\/\/phukienflytech.vn\/wp-content\/uploads\/2020\/05\/chan-tripod-da-nang-dji-osmo-pocket-cao-cap-5253-4-1-280x280.jpg 280w, https:\/\/phukienflytech.vn\/wp-content\/uploads\/2020\/05\/chan-tripod-da-nang-dji-osmo-pocket-cao-cap-5253-4-1-768x768.jpg 768w, https:\/\/phukienflytech.vn\/wp-content\/uploads\/2020\/05\/chan-tripod-da-nang-dji-osmo-pocket-cao-cap-5253-4-1-800x800.jpg 800w, https:\/\/phukienflytech.vn\/wp-content\/uploads\/2020\/05\/chan-tripod-da-nang-dji-osmo-pocket-cao-cap-5253-4-1-300x300.jpg 300w, https:\/\/phukienflytech.vn\/wp-content\/uploads\/2020\/05\/chan-tripod-da-nang-dji-osmo-pocket-cao-cap-5253-4-1-600x600.jpg 600w, https:\/\/phukienflytech.vn\/wp-content\/uploads\/2020\/05\/chan-tripod-da-nang-dji-osmo-pocket-cao-cap-5253-4-1-100x100.jpg 100w, https:\/\/phukienflytech.vn\/wp-content\/uploads\/2020\/05\/chan-tripod-da-nang-dji-osmo-pocket-cao-cap-5253-4-1.jpg 1000w\" sizes=\"auto, (max-width: 400px) 100vw, 400px\" \/><\/span><\/p>\n<p>&nbsp;<\/p>\n<p><span style=\"font-size: 18px;\">Nh\u00e0 s\u1ea3n xu\u1ea5t : Sunnylife<\/span><\/p>\n<p><span style=\"font-size: 18px;\">&gt;&gt; Learn More :<a href=\"https:\/\/phukienflytech.vn\/danh-muc\/phu-kien-osmo-pocket.html\"><strong> Osmo Pocket Accessories<\/strong><\/a><\/span><\/p>\n<p><span style=\"font-size: 18px;\">&gt;&gt; Contact us on: <a href=\"https:\/\/www.facebook.com\/phukienflycam\"><strong>Facebook<\/strong><\/a><\/span><\/p>\n","protected":false},"excerpt":{"rendered":"<p>DJI Osmo Pocket tripod DJI Osmo Pocket tripod V\u1edbi s\u1ef1 ra m\u1eaft\u00a0m\u00e1y quay c\u1ea7m tay ch\u1ed1ng rung\u00a0phi\u00ean b\u1ea3n mini t\u1ea1i New York th\u00e1ng 11\/2018 c\u00f3 th\u1ec3 b\u1ecf t\u00fai v\u1edbi t\u00ean g\u1ecdi gimbal\u00a0DJI Osmo Pocket. \u0110\u00e2y l\u00e0\u00a0camera gimbal c\u1ea7m tay \u0111\u01b0\u1ee3c trang b\u1ecb ch\u1ed1ng rung 3 tr\u1ee5c nh\u1ecf nh\u1ea5t hi\u1ec7n nay.\u00a0DJI Osmo Pocket c\u00f3 kh\u1ea3 n\u0103ng &#8230;<\/p>\n","protected":false},"featured_media":16755,"comment_status":"open","ping_status":"closed","template":"","meta":{"_acf_changed":false},"product_brand":[],"product_cat":[186],"product_tag":[380,354],"class_list":{"0":"post-5266","1":"product","2":"type-product","3":"status-publish","4":"has-post-thumbnail","6":"product_cat-osmo-pocket-accessory","7":"product_tag-chan-tripod-da-nang-osmo-pocket-en","8":"product_tag-phu-kien-osmo-pocket-en","10":"first","11":"instock","12":"shipping-taxable","13":"purchasable","14":"product-type-simple"},"acf":[],"yoast_head":"<!-- This site is optimized with the Yoast SEO plugin v25.7 - https:\/\/yoast.com\/wordpress\/plugins\/seo\/ -->\n<title>DJI Osmo Pocket tripod - Sunnylife - Osmo Pocket accessories - available.<\/title>\n<meta name=\"description\" content=\"DJI Osmo Pocket tripod is one of the most important accessory. Contact us to buy DJI Osmo Pocket tripod for best price, fast shipping.\" \/>\n<meta name=\"robots\" content=\"index, follow, max-snippet:-1, max-image-preview:large, max-video-preview:-1\" \/>\n<link rel=\"canonical\" href=\"https:\/\/phukienflytech.vn\/en\/san-pham\/dji-osmo-pocket-tripod.html\" \/>\n<meta property=\"og:locale\" content=\"en_US\" \/>\n<meta property=\"og:type\" content=\"article\" \/>\n<meta property=\"og:title\" content=\"DJI Osmo Pocket tripod - Sunnylife - Osmo Pocket accessories - available.\" \/>\n<meta property=\"og:description\" content=\"DJI Osmo Pocket tripod is one of the most important accessory. Contact us to buy DJI Osmo Pocket tripod for best price, fast shipping.\" \/>\n<meta property=\"og:url\" content=\"https:\/\/phukienflytech.vn\/en\/san-pham\/dji-osmo-pocket-tripod.html\" \/>\n<meta property=\"og:site_name\" content=\"Shop M\u00e1y \u1ea3nh - Action Camera - Gimbal - Flycam - Ph\u1ee5 ki\u1ec7n\" \/>\n<meta property=\"article:publisher\" content=\"https:\/\/facebook.com\/phukienflycam\" \/>\n<meta property=\"article:modified_time\" content=\"2020-10-09T06:24:12+00:00\" \/>\n<meta property=\"og:image\" content=\"https:\/\/phukienflytech.vn\/wp-content\/uploads\/2020\/05\/tripod-dji-osmo-pocket-6_-_Copy.jpg\" \/>\n\t<meta property=\"og:image:width\" content=\"243\" \/>\n\t<meta property=\"og:image:height\" content=\"243\" \/>\n\t<meta property=\"og:image:type\" content=\"image\/jpeg\" \/>\n<meta name=\"twitter:card\" content=\"summary_large_image\" \/>\n<meta name=\"twitter:label1\" content=\"Est. reading time\" \/>\n\t<meta name=\"twitter:data1\" content=\"3 minutes\" \/>\n<script type=\"application\/ld+json\" class=\"yoast-schema-graph\">{\"@context\":\"https:\/\/schema.org\",\"@graph\":[{\"@type\":\"WebPage\",\"@id\":\"https:\/\/phukienflytech.vn\/en\/san-pham\/dji-osmo-pocket-tripod.html\",\"url\":\"https:\/\/phukienflytech.vn\/en\/san-pham\/dji-osmo-pocket-tripod.html\",\"name\":\"DJI Osmo Pocket tripod - Sunnylife - Osmo Pocket accessories - available.\",\"isPartOf\":{\"@id\":\"https:\/\/phukienflytech.vn\/#website\"},\"primaryImageOfPage\":{\"@id\":\"https:\/\/phukienflytech.vn\/en\/san-pham\/dji-osmo-pocket-tripod.html#primaryimage\"},\"image\":{\"@id\":\"https:\/\/phukienflytech.vn\/en\/san-pham\/dji-osmo-pocket-tripod.html#primaryimage\"},\"thumbnailUrl\":\"https:\/\/phukienflytech.vn\/wp-content\/uploads\/2020\/05\/tripod-dji-osmo-pocket-6_-_Copy.jpg\",\"datePublished\":\"2020-05-30T10:21:54+00:00\",\"dateModified\":\"2020-10-09T06:24:12+00:00\",\"description\":\"DJI Osmo Pocket tripod is one of the most important accessory. Contact us to buy DJI Osmo Pocket tripod for best price, fast shipping.\",\"breadcrumb\":{\"@id\":\"https:\/\/phukienflytech.vn\/en\/san-pham\/dji-osmo-pocket-tripod.html#breadcrumb\"},\"inLanguage\":\"en-US\",\"potentialAction\":[{\"@type\":\"ReadAction\",\"target\":[\"https:\/\/phukienflytech.vn\/en\/san-pham\/dji-osmo-pocket-tripod.html\"]}]},{\"@type\":\"ImageObject\",\"inLanguage\":\"en-US\",\"@id\":\"https:\/\/phukienflytech.vn\/en\/san-pham\/dji-osmo-pocket-tripod.html#primaryimage\",\"url\":\"https:\/\/phukienflytech.vn\/wp-content\/uploads\/2020\/05\/tripod-dji-osmo-pocket-6_-_Copy.jpg\",\"contentUrl\":\"https:\/\/phukienflytech.vn\/wp-content\/uploads\/2020\/05\/tripod-dji-osmo-pocket-6_-_Copy.jpg\",\"width\":243,\"height\":243},{\"@type\":\"BreadcrumbList\",\"@id\":\"https:\/\/phukienflytech.vn\/en\/san-pham\/dji-osmo-pocket-tripod.html#breadcrumb\",\"itemListElement\":[{\"@type\":\"ListItem\",\"position\":1,\"name\":\"Home\",\"item\":\"https:\/\/phukienflytech.vn\/en\"},{\"@type\":\"ListItem\",\"position\":2,\"name\":\"Ph\u1ee5 ki\u1ec7n Mavic Pro\",\"item\":\"https:\/\/phukienflytech.vn\/en\/phu-kien-mavic-pro.html\"},{\"@type\":\"ListItem\",\"position\":3,\"name\":\"DJI Osmo &amp; Drone's accessories\",\"item\":\"https:\/\/phukienflytech.vn\/en\/danh-muc\/dji-osmo-drones-accessories.html\"},{\"@type\":\"ListItem\",\"position\":4,\"name\":\"Osmo Pocket accessory\",\"item\":\"https:\/\/phukienflytech.vn\/en\/danh-muc\/osmo-pocket-accessory.html\"},{\"@type\":\"ListItem\",\"position\":5,\"name\":\"DJI Osmo Pocket tripod\"}]},{\"@type\":\"WebSite\",\"@id\":\"https:\/\/phukienflytech.vn\/#website\",\"url\":\"https:\/\/phukienflytech.vn\/\",\"name\":\"Shop M\u00e1y \u1ea3nh - Action Camera - Gimbal - Flycam - Ph\u1ee5 ki\u1ec7n\",\"description\":\"Shop M\u00e1y \u1ea3nh - Action Camera - Gimbal - Flycam - Ph\u1ee5 ki\u1ec7n\",\"publisher\":{\"@id\":\"https:\/\/phukienflytech.vn\/#organization\"},\"potentialAction\":[{\"@type\":\"SearchAction\",\"target\":{\"@type\":\"EntryPoint\",\"urlTemplate\":\"https:\/\/phukienflytech.vn\/?s={search_term_string}\"},\"query-input\":{\"@type\":\"PropertyValueSpecification\",\"valueRequired\":true,\"valueName\":\"search_term_string\"}}],\"inLanguage\":\"en-US\"},{\"@type\":\"Organization\",\"@id\":\"https:\/\/phukienflytech.vn\/#organization\",\"name\":\"DJI Store - Shop Drone, Action camera, Gimbal DJI |Phukienflytech\",\"alternateName\":\"DJI Store - Shop Drone, Action camera, Gimbal DJI |Phukienflytech\",\"url\":\"https:\/\/phukienflytech.vn\/\",\"logo\":{\"@type\":\"ImageObject\",\"inLanguage\":\"en-US\",\"@id\":\"https:\/\/phukienflytech.vn\/#\/schema\/logo\/image\/\",\"url\":\"https:\/\/phukienflytech.vn\/wp-content\/uploads\/2020\/05\/hAnh_nan.jpg1_.jpg\",\"contentUrl\":\"https:\/\/phukienflytech.vn\/wp-content\/uploads\/2020\/05\/hAnh_nan.jpg1_.jpg\",\"width\":800,\"height\":450,\"caption\":\"DJI Store - Shop Drone, Action camera, Gimbal DJI |Phukienflytech\"},\"image\":{\"@id\":\"https:\/\/phukienflytech.vn\/#\/schema\/logo\/image\/\"},\"sameAs\":[\"https:\/\/facebook.com\/phukienflycam\",\"https:\/\/www.youtube.com\/@phukienflytech\",\"https:\/\/www.tiktok.com\/@flytech.channel?fbclid=IwY2xjawGjg7BleHRuA2FlbQIxMAABHYVGmlXpuSMs0UB2zTpYvyT4GMVfN2qJa4urF4vkSQ6FAVBwXZtDP30qQA_aem_UwMiDcUvlEbd2tXAmsc8Og\"]}]}<\/script>\n<!-- \/ Yoast SEO plugin. -->","yoast_head_json":{"title":"DJI Osmo Pocket tripod - Sunnylife - Osmo Pocket accessories - available.","description":"DJI Osmo Pocket tripod is one of the most important accessory. Contact us to buy DJI Osmo Pocket tripod for best price, fast shipping.","robots":{"index":"index","follow":"follow","max-snippet":"max-snippet:-1","max-image-preview":"max-image-preview:large","max-video-preview":"max-video-preview:-1"},"canonical":"https:\/\/phukienflytech.vn\/en\/san-pham\/dji-osmo-pocket-tripod.html","og_locale":"en_US","og_type":"article","og_title":"DJI Osmo Pocket tripod - Sunnylife - Osmo Pocket accessories - available.","og_description":"DJI Osmo Pocket tripod is one of the most important accessory. Contact us to buy DJI Osmo Pocket tripod for best price, fast shipping.","og_url":"https:\/\/phukienflytech.vn\/en\/san-pham\/dji-osmo-pocket-tripod.html","og_site_name":"Shop M\u00e1y \u1ea3nh - Action Camera - Gimbal - Flycam - Ph\u1ee5 ki\u1ec7n","article_publisher":"https:\/\/facebook.com\/phukienflycam","article_modified_time":"2020-10-09T06:24:12+00:00","og_image":[{"width":243,"height":243,"url":"https:\/\/phukienflytech.vn\/wp-content\/uploads\/2020\/05\/tripod-dji-osmo-pocket-6_-_Copy.jpg","type":"image\/jpeg"}],"twitter_card":"summary_large_image","twitter_misc":{"Est. reading time":"3 minutes"},"schema":{"@context":"https:\/\/schema.org","@graph":[{"@type":"WebPage","@id":"https:\/\/phukienflytech.vn\/en\/san-pham\/dji-osmo-pocket-tripod.html","url":"https:\/\/phukienflytech.vn\/en\/san-pham\/dji-osmo-pocket-tripod.html","name":"DJI Osmo Pocket tripod - Sunnylife - Osmo Pocket accessories - available.","isPartOf":{"@id":"https:\/\/phukienflytech.vn\/#website"},"primaryImageOfPage":{"@id":"https:\/\/phukienflytech.vn\/en\/san-pham\/dji-osmo-pocket-tripod.html#primaryimage"},"image":{"@id":"https:\/\/phukienflytech.vn\/en\/san-pham\/dji-osmo-pocket-tripod.html#primaryimage"},"thumbnailUrl":"https:\/\/phukienflytech.vn\/wp-content\/uploads\/2020\/05\/tripod-dji-osmo-pocket-6_-_Copy.jpg","datePublished":"2020-05-30T10:21:54+00:00","dateModified":"2020-10-09T06:24:12+00:00","description":"DJI Osmo Pocket tripod is one of the most important accessory. Contact us to buy DJI Osmo Pocket tripod for best price, fast shipping.","breadcrumb":{"@id":"https:\/\/phukienflytech.vn\/en\/san-pham\/dji-osmo-pocket-tripod.html#breadcrumb"},"inLanguage":"en-US","potentialAction":[{"@type":"ReadAction","target":["https:\/\/phukienflytech.vn\/en\/san-pham\/dji-osmo-pocket-tripod.html"]}]},{"@type":"ImageObject","inLanguage":"en-US","@id":"https:\/\/phukienflytech.vn\/en\/san-pham\/dji-osmo-pocket-tripod.html#primaryimage","url":"https:\/\/phukienflytech.vn\/wp-content\/uploads\/2020\/05\/tripod-dji-osmo-pocket-6_-_Copy.jpg","contentUrl":"https:\/\/phukienflytech.vn\/wp-content\/uploads\/2020\/05\/tripod-dji-osmo-pocket-6_-_Copy.jpg","width":243,"height":243},{"@type":"BreadcrumbList","@id":"https:\/\/phukienflytech.vn\/en\/san-pham\/dji-osmo-pocket-tripod.html#breadcrumb","itemListElement":[{"@type":"ListItem","position":1,"name":"Home","item":"https:\/\/phukienflytech.vn\/en"},{"@type":"ListItem","position":2,"name":"Ph\u1ee5 ki\u1ec7n Mavic Pro","item":"https:\/\/phukienflytech.vn\/en\/phu-kien-mavic-pro.html"},{"@type":"ListItem","position":3,"name":"DJI Osmo &amp; Drone's accessories","item":"https:\/\/phukienflytech.vn\/en\/danh-muc\/dji-osmo-drones-accessories.html"},{"@type":"ListItem","position":4,"name":"Osmo Pocket accessory","item":"https:\/\/phukienflytech.vn\/en\/danh-muc\/osmo-pocket-accessory.html"},{"@type":"ListItem","position":5,"name":"DJI Osmo Pocket tripod"}]},{"@type":"WebSite","@id":"https:\/\/phukienflytech.vn\/#website","url":"https:\/\/phukienflytech.vn\/","name":"Shop M\u00e1y \u1ea3nh - Action Camera - Gimbal - Flycam - Ph\u1ee5 ki\u1ec7n","description":"Shop M\u00e1y \u1ea3nh - Action Camera - Gimbal - Flycam - Ph\u1ee5 ki\u1ec7n","publisher":{"@id":"https:\/\/phukienflytech.vn\/#organization"},"potentialAction":[{"@type":"SearchAction","target":{"@type":"EntryPoint","urlTemplate":"https:\/\/phukienflytech.vn\/?s={search_term_string}"},"query-input":{"@type":"PropertyValueSpecification","valueRequired":true,"valueName":"search_term_string"}}],"inLanguage":"en-US"},{"@type":"Organization","@id":"https:\/\/phukienflytech.vn\/#organization","name":"DJI Store - Shop Drone, Action camera, Gimbal DJI |Phukienflytech","alternateName":"DJI Store - Shop Drone, Action camera, Gimbal DJI |Phukienflytech","url":"https:\/\/phukienflytech.vn\/","logo":{"@type":"ImageObject","inLanguage":"en-US","@id":"https:\/\/phukienflytech.vn\/#\/schema\/logo\/image\/","url":"https:\/\/phukienflytech.vn\/wp-content\/uploads\/2020\/05\/hAnh_nan.jpg1_.jpg","contentUrl":"https:\/\/phukienflytech.vn\/wp-content\/uploads\/2020\/05\/hAnh_nan.jpg1_.jpg","width":800,"height":450,"caption":"DJI Store - Shop Drone, Action camera, Gimbal DJI |Phukienflytech"},"image":{"@id":"https:\/\/phukienflytech.vn\/#\/schema\/logo\/image\/"},"sameAs":["https:\/\/facebook.com\/phukienflycam","https:\/\/www.youtube.com\/@phukienflytech","https:\/\/www.tiktok.com\/@flytech.channel?fbclid=IwY2xjawGjg7BleHRuA2FlbQIxMAABHYVGmlXpuSMs0UB2zTpYvyT4GMVfN2qJa4urF4vkSQ6FAVBwXZtDP30qQA_aem_UwMiDcUvlEbd2tXAmsc8Og"]}]}},"_links":{"self":[{"href":"https:\/\/phukienflytech.vn\/en\/wp-json\/wp\/v2\/product\/5266","targetHints":{"allow":["GET"]}}],"collection":[{"href":"https:\/\/phukienflytech.vn\/en\/wp-json\/wp\/v2\/product"}],"about":[{"href":"https:\/\/phukienflytech.vn\/en\/wp-json\/wp\/v2\/types\/product"}],"replies":[{"embeddable":true,"href":"https:\/\/phukienflytech.vn\/en\/wp-json\/wp\/v2\/comments?post=5266"}],"wp:featuredmedia":[{"embeddable":true,"href":"https:\/\/phukienflytech.vn\/en\/wp-json\/wp\/v2\/media\/16755"}],"wp:attachment":[{"href":"https:\/\/phukienflytech.vn\/en\/wp-json\/wp\/v2\/media?parent=5266"}],"wp:term":[{"taxonomy":"product_brand","embeddable":true,"href":"https:\/\/phukienflytech.vn\/en\/wp-json\/wp\/v2\/product_brand?post=5266"},{"taxonomy":"product_cat","embeddable":true,"href":"https:\/\/phukienflytech.vn\/en\/wp-json\/wp\/v2\/product_cat?post=5266"},{"taxonomy":"product_tag","embeddable":true,"href":"https:\/\/phukienflytech.vn\/en\/wp-json\/wp\/v2\/product_tag?post=5266"}],"curies":[{"name":"wp","href":"https:\/\/api.w.org\/{rel}","templated":true}]}}