{"id":5312,"date":"2020-05-30T18:00:22","date_gmt":"2020-05-30T11:00:22","guid":{"rendered":"http:\/\/27430.lamdx.vinawebsite.vn\/san-pham\/filter-nd8-dji-osmo-pocket.html"},"modified":"2020-10-09T13:15:07","modified_gmt":"2020-10-09T06:15:07","slug":"nd8-filter-dji-osmo-pocket","status":"publish","type":"product","link":"https:\/\/phukienflytech.vn\/en\/san-pham\/nd8-filter-dji-osmo-pocket.html","title":{"rendered":"ND8 Filter DJI osmo Pocket"},"content":{"rendered":"<h2><span style=\"color: #0000ff;\"><em><strong><span style=\"font-size: 21px;\">ND8 Filter DJI osmo Pocket\u00a0<\/span><\/strong><\/em><\/span><\/h2>\n<p><span style=\"font-size: 18px;\">ND8 Filter DJI osmo Pocket<\/span><\/p>\n<p><span style=\"font-size: 18px;\">V\u1edbi thi\u1ebft k\u1ebf nh\u1ecf g\u1ecdn g\u1ea7n nh\u01b0 tuy\u1ec7t \u0111\u1ed1i c\u1ee7a\u00a0<em><strong>DJI Osmo Pocket<\/strong>\u00a0<\/em>lu\u00f4n \u0111em l\u1ea1i nh\u1eefng tr\u1ea3i nghi\u1ec7m t\u1ed1t nh\u1ea5t \u0111\u00e1p \u1ee9ng \u0111\u01b0\u1ee3c t\u00ednh thu\u1eadn ti\u1ec7n m\u00e0 ng\u01b0\u1eddi d\u00f9ng h\u01b0\u1edbng t\u1edbi \u0111\u1ec3 b\u1eaft tr\u1ecdn nh\u1eefng khung h\u00ecnh v\u00e0 video trong kho\u1ea3nh kh\u1eafc. C\u00f3 r\u1ea5t nhi\u1ec1u lo\u1ea1i Filter h\u1ed7 tr\u1ee3 gi\u00fap DJI Osmo Pocket c\u00f3 ch\u1ea5t l\u01b0\u1ee3ng h\u00ecnh \u1ea3nh t\u1ed1t nh\u1ea5t v\u00e0 <strong>Filter ND8 Osmo Pocket<\/strong> ch\u00ednh l\u00e0 gi\u1ea3i ph\u00e1p m\u00e0 b\u1ea1n n\u00ean quan t\u00e2m.<\/span><\/p>\n<p>&nbsp;<\/p>\n<p><span style=\"font-size: 18px;\"><img loading=\"lazy\" decoding=\"async\" class=\"alignnone size-medium wp-image-10598\" src=\"https:\/\/phukienflytech.vn\/wp-content\/uploads\/2020\/05\/filter-nd8-dji-osmo-pocket-5299-5-400x400.jpg\" alt=\"\" width=\"400\" height=\"400\" srcset=\"https:\/\/phukienflytech.vn\/wp-content\/uploads\/2020\/05\/filter-nd8-dji-osmo-pocket-5299-5-400x400.jpg 400w, https:\/\/phukienflytech.vn\/wp-content\/uploads\/2020\/05\/filter-nd8-dji-osmo-pocket-5299-5-280x280.jpg 280w, https:\/\/phukienflytech.vn\/wp-content\/uploads\/2020\/05\/filter-nd8-dji-osmo-pocket-5299-5-768x768.jpg 768w, https:\/\/phukienflytech.vn\/wp-content\/uploads\/2020\/05\/filter-nd8-dji-osmo-pocket-5299-5-800x800.jpg 800w, https:\/\/phukienflytech.vn\/wp-content\/uploads\/2020\/05\/filter-nd8-dji-osmo-pocket-5299-5-300x300.jpg 300w, https:\/\/phukienflytech.vn\/wp-content\/uploads\/2020\/05\/filter-nd8-dji-osmo-pocket-5299-5-600x600.jpg 600w, https:\/\/phukienflytech.vn\/wp-content\/uploads\/2020\/05\/filter-nd8-dji-osmo-pocket-5299-5-100x100.jpg 100w, https:\/\/phukienflytech.vn\/wp-content\/uploads\/2020\/05\/filter-nd8-dji-osmo-pocket-5299-5.jpg 1000w\" sizes=\"auto, (max-width: 400px) 100vw, 400px\" \/><\/span><\/p>\n<p>&nbsp;<\/p>\n<p><span style=\"font-size: 18px;\">K\u00ednh l\u1ecdc ND (vi\u1ebft t\u1eaft c\u1ee7a Neutral Density) l\u00e0 m\u1ed9t thi\u1ebft b\u1ecb gi\u00fap gi\u1ea3m s\u00e1ng to\u00e0n ph\u1ea7n t\u1ef1 nhi\u00ean, c\u1ea3n b\u1edbt c\u01b0\u1eddng \u0111\u1ed9 \u00e1nh s\u00e1ng l\u00e0m gi\u1ea3m t\u1ed1c \u0111\u1ed9 ch\u1ee5p \u0111\u00e1ng k\u1ec3 ngay c\u1ea3 trong b\u1ed1i c\u1ea3nh r\u1ea5t s\u00e1ng, r\u1ea5t ch\u00f3i, ch\u1ee5p m\u1eb7t tr\u1eddi ch\u1eb3ng h\u1ea1n.<\/span><\/p>\n<p>&nbsp;<\/p>\n<h3><span style=\"font-size: 18px;\"><img loading=\"lazy\" decoding=\"async\" src=\"https:\/\/phukienflytech.vn\/wp-content\/uploads\/2020\/05\/filter-nd8-dji-osmo-pocket-5299-1.jpg\" alt=\"\" width=\"490\" height=\"378\" \/><img loading=\"lazy\" decoding=\"async\" class=\"alignnone wp-image-10602\" src=\"https:\/\/phukienflytech.vn\/wp-content\/uploads\/2020\/05\/filter-nd8-dji-osmo-pocket-5299-2-1-600x400.jpg\" alt=\"\" width=\"480\" height=\"320\" srcset=\"https:\/\/phukienflytech.vn\/wp-content\/uploads\/2020\/05\/filter-nd8-dji-osmo-pocket-5299-2-1-600x400.jpg 600w, https:\/\/phukienflytech.vn\/wp-content\/uploads\/2020\/05\/filter-nd8-dji-osmo-pocket-5299-2-1-768x512.jpg 768w, https:\/\/phukienflytech.vn\/wp-content\/uploads\/2020\/05\/filter-nd8-dji-osmo-pocket-5299-2-1.jpg 1200w\" sizes=\"auto, (max-width: 480px) 100vw, 480px\" \/><\/span><\/h3>\n<p>&nbsp;<\/p>\n<p><span style=\"font-size: 18px;\"><strong>Filter ND DJI Osmo Pocket<\/strong>\u00a0h\u1eefu d\u1ee5ng v\u1edbi \u0111\u1ec3 ch\u1ee5p \u1ea3nh phong c\u1ea3nh, d\u00e0nh t\u1eb7ng cho c\u00e1c t\u00edn \u0111\u1ed3\u00a0 hay di chuy\u1ec3n, du l\u1ecbch kh\u1eafp n\u01a1i. S\u1eed d\u1ee5ng lo\u1ea1i k\u00ednh l\u1ecdc n\u00e0y c\u00f2n gi\u00fap b\u1ea1n t\u1ea1o hi\u1ec7u \u1ee9ng chuy\u1ec3n \u0111\u1ed9ng m\u1edd (nh\u00f2a) cho \u1ea3nh, v\u00ed nh\u01b0 khi ch\u1ee5p d\u00f2ng ch\u1ea3y c\u1ee7a n\u01b0\u1edbc, th\u00e1c n\u01b0\u1edbc, chuy\u1ec3n \u0111\u1ed9ng c\u1ee7a m\u1ed9t h\u00e0nh kh\u00e1ch nh\u1ea3y kh\u1ecfi t\u00e0u ho\u1eb7c m\u1ed9t \u0111\u00e1m \u0111\u00f4ng l\u1ec5 h\u1ed9i r\u1ef1c r\u1ee1 s\u1eafc m\u00e0u&#8230;<\/span><\/p>\n<p>&nbsp;<\/p>\n<p><span style=\"font-size: 18px;\"><img loading=\"lazy\" decoding=\"async\" class=\"alignnone wp-image-10606 size-medium\" src=\"https:\/\/phukienflytech.vn\/wp-content\/uploads\/2020\/05\/filter-nd8-dji-osmo-pocket-5299-3-1-400x400.jpg\" alt=\"ND8-Filter-DJI-osmo-Pocket-1\" width=\"400\" height=\"400\" srcset=\"https:\/\/phukienflytech.vn\/wp-content\/uploads\/2020\/05\/filter-nd8-dji-osmo-pocket-5299-3-1-400x400.jpg 400w, https:\/\/phukienflytech.vn\/wp-content\/uploads\/2020\/05\/filter-nd8-dji-osmo-pocket-5299-3-1-280x280.jpg 280w, https:\/\/phukienflytech.vn\/wp-content\/uploads\/2020\/05\/filter-nd8-dji-osmo-pocket-5299-3-1-768x768.jpg 768w, https:\/\/phukienflytech.vn\/wp-content\/uploads\/2020\/05\/filter-nd8-dji-osmo-pocket-5299-3-1-800x800.jpg 800w, https:\/\/phukienflytech.vn\/wp-content\/uploads\/2020\/05\/filter-nd8-dji-osmo-pocket-5299-3-1-300x300.jpg 300w, https:\/\/phukienflytech.vn\/wp-content\/uploads\/2020\/05\/filter-nd8-dji-osmo-pocket-5299-3-1-600x600.jpg 600w, https:\/\/phukienflytech.vn\/wp-content\/uploads\/2020\/05\/filter-nd8-dji-osmo-pocket-5299-3-1-100x100.jpg 100w, https:\/\/phukienflytech.vn\/wp-content\/uploads\/2020\/05\/filter-nd8-dji-osmo-pocket-5299-3-1.jpg 1000w\" sizes=\"auto, (max-width: 400px) 100vw, 400px\" \/><\/span><\/p>\n<p>&nbsp;<\/p>\n<p><span style=\"font-size: 18px;\">&#8211; R\u1ea5t d\u1ec5 th\u00e1o, l\u1eafp m\u00e0 kh\u00f4ng s\u1ee3 \u1ea3nh h\u01b0\u1edbng t\u1edbi gimbal v\u00e0 camera c\u1ee7a m\u00e1y<\/span><\/p>\n<p><span style=\"font-size: 18px;\">N\u00e0o c\u00f9ng s\u1edf h\u1eefu ngay\u00a0<strong>Filter\u00a0ND DJI Osmo Pocket<\/strong><strong>\u00a0<\/strong>\u0111\u1ec3 t\u0103ng t\u00ednh th\u1ea9m m\u1ef9 b\u1ee9c h\u00ecnh v\u00e0 s\u1ef1 h\u00e0i l\u00f2ng trong b\u1ea1n v\u00e0 l\u00e0m b\u1ed9 s\u01b0u t\u1eadp\u00a0<strong>ph\u1ee5 ki\u1ec7n DJI Osmo Pocket<\/strong>\u00a0tr\u1edf l\u00ean \u0111\u1ea7y \u0111\u1ee7 h\u01a1n.<\/span><\/p>\n<p>&nbsp;<\/p>\n<h3><span style=\"font-size: 18px;\"><img loading=\"lazy\" decoding=\"async\" class=\"alignnone wp-image-10608 size-medium\" src=\"https:\/\/phukienflytech.vn\/wp-content\/uploads\/2020\/05\/filter-nd8-dji-osmo-pocket-5299-4-1-400x400.jpg\" alt=\"ND8-Filter-DJI-osmo-Pocket\" width=\"400\" height=\"400\" srcset=\"https:\/\/phukienflytech.vn\/wp-content\/uploads\/2020\/05\/filter-nd8-dji-osmo-pocket-5299-4-1-400x400.jpg 400w, https:\/\/phukienflytech.vn\/wp-content\/uploads\/2020\/05\/filter-nd8-dji-osmo-pocket-5299-4-1-280x280.jpg 280w, https:\/\/phukienflytech.vn\/wp-content\/uploads\/2020\/05\/filter-nd8-dji-osmo-pocket-5299-4-1-768x768.jpg 768w, https:\/\/phukienflytech.vn\/wp-content\/uploads\/2020\/05\/filter-nd8-dji-osmo-pocket-5299-4-1-800x800.jpg 800w, https:\/\/phukienflytech.vn\/wp-content\/uploads\/2020\/05\/filter-nd8-dji-osmo-pocket-5299-4-1-300x300.jpg 300w, https:\/\/phukienflytech.vn\/wp-content\/uploads\/2020\/05\/filter-nd8-dji-osmo-pocket-5299-4-1-600x600.jpg 600w, https:\/\/phukienflytech.vn\/wp-content\/uploads\/2020\/05\/filter-nd8-dji-osmo-pocket-5299-4-1-100x100.jpg 100w, https:\/\/phukienflytech.vn\/wp-content\/uploads\/2020\/05\/filter-nd8-dji-osmo-pocket-5299-4-1.jpg 1000w\" sizes=\"auto, (max-width: 400px) 100vw, 400px\" \/><\/span><\/h3>\n<p>&nbsp;<\/p>\n<p><span style=\"font-size: 18px;\">H\u00e3y \u0111\u1ec3\u00a0<a href=\"https:\/\/facebook.com\/phukienflycam\/\" target=\"_blank\" rel=\"noopener noreferrer\">Ph\u1ee5 Ki\u1ec7n Fly-cam Gi\u00e1 T\u1ed1t<\/a>\u00a0ti\u1ebfp s\u1ee9c \u0111am m\u00ea, c\u00f4ng vi\u1ec7c c\u1ee7a b\u1ea1n, gi\u00fap b\u1ea1n th\u00eam ni\u1ec1m h\u1ee9ng kh\u1edfi trong \u0111am m\u00ea c\u0169ng nh\u01b0 c\u00f4ng vi\u1ec7c c\u1ee7a m\u00ecnh th\u00eam su\u00f4n s\u1ebb<\/span><\/p>\n<p><span style=\"font-size: 18px;\">Nh\u00e0 s\u1ea3n xu\u1ea5t : Sunnylife \u2013 l\u00e0 m\u1ed9t trong nh\u1eefng Vendor cung c\u1ea5p c\u00e1c ph\u1ee5 ki\u1ec7n, linh ki\u1ec7n thay th\u1ebf cho DJI Flycam.<\/span><\/p>\n<p><span style=\"font-size: 18px;\">&gt;&gt; Learn More :<a href=\"https:\/\/phukienflytech.vn\/danh-muc\/phu-kien-osmo-pocket.html\"><strong> Osmo Pocket Accessories<\/strong><\/a><\/span><\/p>\n<p><span style=\"font-size: 18px;\">&gt;&gt; Contact us on: <a href=\"https:\/\/www.facebook.com\/phukienflycam\"><strong>Facebook<\/strong><\/a><\/span><\/p>\n","protected":false},"excerpt":{"rendered":"<p>ND8 Filter DJI osmo Pocket\u00a0 ND8 Filter DJI osmo Pocket V\u1edbi thi\u1ebft k\u1ebf nh\u1ecf g\u1ecdn g\u1ea7n nh\u01b0 tuy\u1ec7t \u0111\u1ed1i c\u1ee7a\u00a0DJI Osmo Pocket\u00a0lu\u00f4n \u0111em l\u1ea1i nh\u1eefng tr\u1ea3i nghi\u1ec7m t\u1ed1t nh\u1ea5t \u0111\u00e1p \u1ee9ng \u0111\u01b0\u1ee3c t\u00ednh thu\u1eadn ti\u1ec7n m\u00e0 ng\u01b0\u1eddi d\u00f9ng h\u01b0\u1edbng t\u1edbi \u0111\u1ec3 b\u1eaft tr\u1ecdn nh\u1eefng khung h\u00ecnh v\u00e0 video trong kho\u1ea3nh kh\u1eafc. C\u00f3 r\u1ea5t nhi\u1ec1u lo\u1ea1i &#8230;<\/p>\n","protected":false},"featured_media":5301,"comment_status":"open","ping_status":"closed","template":"","meta":{"_acf_changed":false},"product_brand":[],"product_cat":[186],"product_tag":[386,354],"class_list":{"0":"post-5312","1":"product","2":"type-product","3":"status-publish","4":"has-post-thumbnail","6":"product_cat-osmo-pocket-accessory","7":"product_tag-filter-nd8-osmo-pocket-en","8":"product_tag-phu-kien-osmo-pocket-en","10":"first","11":"instock","12":"shipping-taxable","13":"purchasable","14":"product-type-simple"},"acf":[],"yoast_head":"<!-- This site is optimized with the Yoast SEO plugin v25.7 - https:\/\/yoast.com\/wordpress\/plugins\/seo\/ -->\n<title>ND8 Filter DJI osmo Pocket - Sunnylife - Osmo Pocket accessories .<\/title>\n<meta name=\"description\" content=\"ND8 Filter DJI osmo Pocket is one of the most important accessory. Contact us to buy ND8 Filter DJI osmo Pocket for best price, fast shipping\" \/>\n<meta name=\"robots\" content=\"index, follow, max-snippet:-1, max-image-preview:large, max-video-preview:-1\" \/>\n<link rel=\"canonical\" href=\"https:\/\/phukienflytech.vn\/en\/san-pham\/nd8-filter-dji-osmo-pocket.html\" \/>\n<meta property=\"og:locale\" content=\"en_US\" \/>\n<meta property=\"og:type\" content=\"article\" \/>\n<meta property=\"og:title\" content=\"ND8 Filter DJI osmo Pocket - Sunnylife - Osmo Pocket accessories .\" \/>\n<meta property=\"og:description\" content=\"ND8 Filter DJI osmo Pocket is one of the most important accessory. Contact us to buy ND8 Filter DJI osmo Pocket for best price, fast shipping\" \/>\n<meta property=\"og:url\" content=\"https:\/\/phukienflytech.vn\/en\/san-pham\/nd8-filter-dji-osmo-pocket.html\" \/>\n<meta property=\"og:site_name\" content=\"Shop M\u00e1y \u1ea3nh - Action Camera - Gimbal - Flycam - Ph\u1ee5 ki\u1ec7n\" \/>\n<meta property=\"article:publisher\" content=\"https:\/\/facebook.com\/phukienflycam\" \/>\n<meta property=\"article:modified_time\" content=\"2020-10-09T06:15:07+00:00\" \/>\n<meta property=\"og:image\" content=\"https:\/\/phukienflytech.vn\/wp-content\/uploads\/2020\/05\/f80655c7dca339fd60b2-Copy.png\" \/>\n\t<meta property=\"og:image:width\" content=\"300\" \/>\n\t<meta property=\"og:image:height\" content=\"300\" \/>\n\t<meta property=\"og:image:type\" content=\"image\/png\" \/>\n<meta name=\"twitter:card\" content=\"summary_large_image\" \/>\n<meta name=\"twitter:label1\" content=\"Est. reading time\" \/>\n\t<meta name=\"twitter:data1\" content=\"2 minutes\" \/>\n<script type=\"application\/ld+json\" class=\"yoast-schema-graph\">{\"@context\":\"https:\/\/schema.org\",\"@graph\":[{\"@type\":\"WebPage\",\"@id\":\"https:\/\/phukienflytech.vn\/en\/san-pham\/nd8-filter-dji-osmo-pocket.html\",\"url\":\"https:\/\/phukienflytech.vn\/en\/san-pham\/nd8-filter-dji-osmo-pocket.html\",\"name\":\"ND8 Filter DJI osmo Pocket - Sunnylife - Osmo Pocket accessories .\",\"isPartOf\":{\"@id\":\"https:\/\/phukienflytech.vn\/#website\"},\"primaryImageOfPage\":{\"@id\":\"https:\/\/phukienflytech.vn\/en\/san-pham\/nd8-filter-dji-osmo-pocket.html#primaryimage\"},\"image\":{\"@id\":\"https:\/\/phukienflytech.vn\/en\/san-pham\/nd8-filter-dji-osmo-pocket.html#primaryimage\"},\"thumbnailUrl\":\"https:\/\/phukienflytech.vn\/wp-content\/uploads\/2020\/05\/f80655c7dca339fd60b2-Copy.png\",\"datePublished\":\"2020-05-30T11:00:22+00:00\",\"dateModified\":\"2020-10-09T06:15:07+00:00\",\"description\":\"ND8 Filter DJI osmo Pocket is one of the most important accessory. Contact us to buy ND8 Filter DJI osmo Pocket for best price, fast shipping\",\"breadcrumb\":{\"@id\":\"https:\/\/phukienflytech.vn\/en\/san-pham\/nd8-filter-dji-osmo-pocket.html#breadcrumb\"},\"inLanguage\":\"en-US\",\"potentialAction\":[{\"@type\":\"ReadAction\",\"target\":[\"https:\/\/phukienflytech.vn\/en\/san-pham\/nd8-filter-dji-osmo-pocket.html\"]}]},{\"@type\":\"ImageObject\",\"inLanguage\":\"en-US\",\"@id\":\"https:\/\/phukienflytech.vn\/en\/san-pham\/nd8-filter-dji-osmo-pocket.html#primaryimage\",\"url\":\"https:\/\/phukienflytech.vn\/wp-content\/uploads\/2020\/05\/f80655c7dca339fd60b2-Copy.png\",\"contentUrl\":\"https:\/\/phukienflytech.vn\/wp-content\/uploads\/2020\/05\/f80655c7dca339fd60b2-Copy.png\",\"width\":300,\"height\":300},{\"@type\":\"BreadcrumbList\",\"@id\":\"https:\/\/phukienflytech.vn\/en\/san-pham\/nd8-filter-dji-osmo-pocket.html#breadcrumb\",\"itemListElement\":[{\"@type\":\"ListItem\",\"position\":1,\"name\":\"Home\",\"item\":\"https:\/\/phukienflytech.vn\/en\"},{\"@type\":\"ListItem\",\"position\":2,\"name\":\"Ph\u1ee5 ki\u1ec7n Mavic Pro\",\"item\":\"https:\/\/phukienflytech.vn\/en\/phu-kien-mavic-pro.html\"},{\"@type\":\"ListItem\",\"position\":3,\"name\":\"DJI Osmo &amp; Drone's accessories\",\"item\":\"https:\/\/phukienflytech.vn\/en\/danh-muc\/dji-osmo-drones-accessories.html\"},{\"@type\":\"ListItem\",\"position\":4,\"name\":\"Osmo Pocket accessory\",\"item\":\"https:\/\/phukienflytech.vn\/en\/danh-muc\/osmo-pocket-accessory.html\"},{\"@type\":\"ListItem\",\"position\":5,\"name\":\"ND8 Filter DJI osmo Pocket\"}]},{\"@type\":\"WebSite\",\"@id\":\"https:\/\/phukienflytech.vn\/#website\",\"url\":\"https:\/\/phukienflytech.vn\/\",\"name\":\"Shop M\u00e1y \u1ea3nh - Action Camera - Gimbal - Flycam - Ph\u1ee5 ki\u1ec7n\",\"description\":\"Shop M\u00e1y \u1ea3nh - Action Camera - Gimbal - Flycam - Ph\u1ee5 ki\u1ec7n\",\"publisher\":{\"@id\":\"https:\/\/phukienflytech.vn\/#organization\"},\"potentialAction\":[{\"@type\":\"SearchAction\",\"target\":{\"@type\":\"EntryPoint\",\"urlTemplate\":\"https:\/\/phukienflytech.vn\/?s={search_term_string}\"},\"query-input\":{\"@type\":\"PropertyValueSpecification\",\"valueRequired\":true,\"valueName\":\"search_term_string\"}}],\"inLanguage\":\"en-US\"},{\"@type\":\"Organization\",\"@id\":\"https:\/\/phukienflytech.vn\/#organization\",\"name\":\"DJI Store - Shop Drone, Action camera, Gimbal DJI |Phukienflytech\",\"alternateName\":\"DJI Store - Shop Drone, Action camera, Gimbal DJI |Phukienflytech\",\"url\":\"https:\/\/phukienflytech.vn\/\",\"logo\":{\"@type\":\"ImageObject\",\"inLanguage\":\"en-US\",\"@id\":\"https:\/\/phukienflytech.vn\/#\/schema\/logo\/image\/\",\"url\":\"https:\/\/phukienflytech.vn\/wp-content\/uploads\/2020\/05\/hAnh_nan.jpg1_.jpg\",\"contentUrl\":\"https:\/\/phukienflytech.vn\/wp-content\/uploads\/2020\/05\/hAnh_nan.jpg1_.jpg\",\"width\":800,\"height\":450,\"caption\":\"DJI Store - Shop Drone, Action camera, Gimbal DJI |Phukienflytech\"},\"image\":{\"@id\":\"https:\/\/phukienflytech.vn\/#\/schema\/logo\/image\/\"},\"sameAs\":[\"https:\/\/facebook.com\/phukienflycam\",\"https:\/\/www.youtube.com\/@phukienflytech\",\"https:\/\/www.tiktok.com\/@flytech.channel?fbclid=IwY2xjawGjg7BleHRuA2FlbQIxMAABHYVGmlXpuSMs0UB2zTpYvyT4GMVfN2qJa4urF4vkSQ6FAVBwXZtDP30qQA_aem_UwMiDcUvlEbd2tXAmsc8Og\"]}]}<\/script>\n<!-- \/ Yoast SEO plugin. -->","yoast_head_json":{"title":"ND8 Filter DJI osmo Pocket - Sunnylife - Osmo Pocket accessories .","description":"ND8 Filter DJI osmo Pocket is one of the most important accessory. Contact us to buy ND8 Filter DJI osmo Pocket for best price, fast shipping","robots":{"index":"index","follow":"follow","max-snippet":"max-snippet:-1","max-image-preview":"max-image-preview:large","max-video-preview":"max-video-preview:-1"},"canonical":"https:\/\/phukienflytech.vn\/en\/san-pham\/nd8-filter-dji-osmo-pocket.html","og_locale":"en_US","og_type":"article","og_title":"ND8 Filter DJI osmo Pocket - Sunnylife - Osmo Pocket accessories .","og_description":"ND8 Filter DJI osmo Pocket is one of the most important accessory. Contact us to buy ND8 Filter DJI osmo Pocket for best price, fast shipping","og_url":"https:\/\/phukienflytech.vn\/en\/san-pham\/nd8-filter-dji-osmo-pocket.html","og_site_name":"Shop M\u00e1y \u1ea3nh - Action Camera - Gimbal - Flycam - Ph\u1ee5 ki\u1ec7n","article_publisher":"https:\/\/facebook.com\/phukienflycam","article_modified_time":"2020-10-09T06:15:07+00:00","og_image":[{"width":300,"height":300,"url":"https:\/\/phukienflytech.vn\/wp-content\/uploads\/2020\/05\/f80655c7dca339fd60b2-Copy.png","type":"image\/png"}],"twitter_card":"summary_large_image","twitter_misc":{"Est. reading time":"2 minutes"},"schema":{"@context":"https:\/\/schema.org","@graph":[{"@type":"WebPage","@id":"https:\/\/phukienflytech.vn\/en\/san-pham\/nd8-filter-dji-osmo-pocket.html","url":"https:\/\/phukienflytech.vn\/en\/san-pham\/nd8-filter-dji-osmo-pocket.html","name":"ND8 Filter DJI osmo Pocket - Sunnylife - Osmo Pocket accessories .","isPartOf":{"@id":"https:\/\/phukienflytech.vn\/#website"},"primaryImageOfPage":{"@id":"https:\/\/phukienflytech.vn\/en\/san-pham\/nd8-filter-dji-osmo-pocket.html#primaryimage"},"image":{"@id":"https:\/\/phukienflytech.vn\/en\/san-pham\/nd8-filter-dji-osmo-pocket.html#primaryimage"},"thumbnailUrl":"https:\/\/phukienflytech.vn\/wp-content\/uploads\/2020\/05\/f80655c7dca339fd60b2-Copy.png","datePublished":"2020-05-30T11:00:22+00:00","dateModified":"2020-10-09T06:15:07+00:00","description":"ND8 Filter DJI osmo Pocket is one of the most important accessory. Contact us to buy ND8 Filter DJI osmo Pocket for best price, fast shipping","breadcrumb":{"@id":"https:\/\/phukienflytech.vn\/en\/san-pham\/nd8-filter-dji-osmo-pocket.html#breadcrumb"},"inLanguage":"en-US","potentialAction":[{"@type":"ReadAction","target":["https:\/\/phukienflytech.vn\/en\/san-pham\/nd8-filter-dji-osmo-pocket.html"]}]},{"@type":"ImageObject","inLanguage":"en-US","@id":"https:\/\/phukienflytech.vn\/en\/san-pham\/nd8-filter-dji-osmo-pocket.html#primaryimage","url":"https:\/\/phukienflytech.vn\/wp-content\/uploads\/2020\/05\/f80655c7dca339fd60b2-Copy.png","contentUrl":"https:\/\/phukienflytech.vn\/wp-content\/uploads\/2020\/05\/f80655c7dca339fd60b2-Copy.png","width":300,"height":300},{"@type":"BreadcrumbList","@id":"https:\/\/phukienflytech.vn\/en\/san-pham\/nd8-filter-dji-osmo-pocket.html#breadcrumb","itemListElement":[{"@type":"ListItem","position":1,"name":"Home","item":"https:\/\/phukienflytech.vn\/en"},{"@type":"ListItem","position":2,"name":"Ph\u1ee5 ki\u1ec7n Mavic Pro","item":"https:\/\/phukienflytech.vn\/en\/phu-kien-mavic-pro.html"},{"@type":"ListItem","position":3,"name":"DJI Osmo &amp; Drone's accessories","item":"https:\/\/phukienflytech.vn\/en\/danh-muc\/dji-osmo-drones-accessories.html"},{"@type":"ListItem","position":4,"name":"Osmo Pocket accessory","item":"https:\/\/phukienflytech.vn\/en\/danh-muc\/osmo-pocket-accessory.html"},{"@type":"ListItem","position":5,"name":"ND8 Filter DJI osmo Pocket"}]},{"@type":"WebSite","@id":"https:\/\/phukienflytech.vn\/#website","url":"https:\/\/phukienflytech.vn\/","name":"Shop M\u00e1y \u1ea3nh - Action Camera - Gimbal - Flycam - Ph\u1ee5 ki\u1ec7n","description":"Shop M\u00e1y \u1ea3nh - Action Camera - Gimbal - Flycam - Ph\u1ee5 ki\u1ec7n","publisher":{"@id":"https:\/\/phukienflytech.vn\/#organization"},"potentialAction":[{"@type":"SearchAction","target":{"@type":"EntryPoint","urlTemplate":"https:\/\/phukienflytech.vn\/?s={search_term_string}"},"query-input":{"@type":"PropertyValueSpecification","valueRequired":true,"valueName":"search_term_string"}}],"inLanguage":"en-US"},{"@type":"Organization","@id":"https:\/\/phukienflytech.vn\/#organization","name":"DJI Store - Shop Drone, Action camera, Gimbal DJI |Phukienflytech","alternateName":"DJI Store - Shop Drone, Action camera, Gimbal DJI |Phukienflytech","url":"https:\/\/phukienflytech.vn\/","logo":{"@type":"ImageObject","inLanguage":"en-US","@id":"https:\/\/phukienflytech.vn\/#\/schema\/logo\/image\/","url":"https:\/\/phukienflytech.vn\/wp-content\/uploads\/2020\/05\/hAnh_nan.jpg1_.jpg","contentUrl":"https:\/\/phukienflytech.vn\/wp-content\/uploads\/2020\/05\/hAnh_nan.jpg1_.jpg","width":800,"height":450,"caption":"DJI Store - Shop Drone, Action camera, Gimbal DJI |Phukienflytech"},"image":{"@id":"https:\/\/phukienflytech.vn\/#\/schema\/logo\/image\/"},"sameAs":["https:\/\/facebook.com\/phukienflycam","https:\/\/www.youtube.com\/@phukienflytech","https:\/\/www.tiktok.com\/@flytech.channel?fbclid=IwY2xjawGjg7BleHRuA2FlbQIxMAABHYVGmlXpuSMs0UB2zTpYvyT4GMVfN2qJa4urF4vkSQ6FAVBwXZtDP30qQA_aem_UwMiDcUvlEbd2tXAmsc8Og"]}]}},"_links":{"self":[{"href":"https:\/\/phukienflytech.vn\/en\/wp-json\/wp\/v2\/product\/5312","targetHints":{"allow":["GET"]}}],"collection":[{"href":"https:\/\/phukienflytech.vn\/en\/wp-json\/wp\/v2\/product"}],"about":[{"href":"https:\/\/phukienflytech.vn\/en\/wp-json\/wp\/v2\/types\/product"}],"replies":[{"embeddable":true,"href":"https:\/\/phukienflytech.vn\/en\/wp-json\/wp\/v2\/comments?post=5312"}],"wp:featuredmedia":[{"embeddable":true,"href":"https:\/\/phukienflytech.vn\/en\/wp-json\/wp\/v2\/media\/5301"}],"wp:attachment":[{"href":"https:\/\/phukienflytech.vn\/en\/wp-json\/wp\/v2\/media?parent=5312"}],"wp:term":[{"taxonomy":"product_brand","embeddable":true,"href":"https:\/\/phukienflytech.vn\/en\/wp-json\/wp\/v2\/product_brand?post=5312"},{"taxonomy":"product_cat","embeddable":true,"href":"https:\/\/phukienflytech.vn\/en\/wp-json\/wp\/v2\/product_cat?post=5312"},{"taxonomy":"product_tag","embeddable":true,"href":"https:\/\/phukienflytech.vn\/en\/wp-json\/wp\/v2\/product_tag?post=5312"}],"curies":[{"name":"wp","href":"https:\/\/api.w.org\/{rel}","templated":true}]}}