{"id":5329,"date":"2020-05-31T08:23:12","date_gmt":"2020-05-31T01:23:12","guid":{"rendered":"http:\/\/27430.lamdx.vinawebsite.vn\/san-pham\/combo-3-filter-mcuv-cpl-nd8-dji-osmo-pocket.html"},"modified":"2020-10-08T21:11:22","modified_gmt":"2020-10-08T14:11:22","slug":"set-3-filter-osmo-pocket-2","status":"publish","type":"product","link":"https:\/\/phukienflytech.vn\/en\/san-pham\/set-3-filter-osmo-pocket-2.html","title":{"rendered":"Combo 3 Filter DJI Osmo Pocket &#8211; Sunnylife"},"content":{"rendered":"<h2><span style=\"color: #0000ff;\"><em><strong><span style=\"font-size: 21px;\">Set 3 Filter Osmo Pocket &#8211; Sunnylife<\/span><\/strong><\/em><\/span><\/h2>\n<p><span style=\"font-size: 21px;\">Set 3 Filter Osmo Pocket &#8211; Sunnylife\u00a0<\/span><\/p>\n<p><span style=\"font-size: 18px;\">Filter Osmo Pocket l\u00e0 m\u1ed9t trong nh\u1eefng ph\u1ee5 ki\u1ec7n mavic \u0111\u01b0\u1ee3c c\u00e1c pilot v\u00f4 c\u00f9ng quan t\u00e2m.\u00a0 Hi\u1ec7n nay c\u00f3 r\u1ea5t nhi\u1ec1u c\u00e1c filter mavic \u0111\u1ec3 ng\u01b0\u1eddi d\u00f9ng c\u00f3 th\u1ec3 d\u1ec5 d\u00e0ng ch\u1ecdn l\u1ef1a nh\u01b0 filter CPL Osmo Pocket,\u00a0 filter MCUV, Combo 3 filter Osmo Pocket,\u00a0 filter ND Osmo Pocket,&#8230;t\u1ea5t c\u1ea3 \u0111\u1ec1u ph\u1ee5 thu\u1ed9c v\u00e0o s\u1ef1 l\u1ef1a ch\u1ecdn c\u1ee7a ng\u01b0\u1eddi d\u00f9ng v\u00e0 s\u1ef1 hi\u1ec3u bi\u1ebft c\u1ee7a h\u1ecd v\u1ec1 lens camera Osmo Pocket,\u00a0 kinh l\u1ecdc mavic.<\/span><\/p>\n<p>&nbsp;<\/p>\n<p><span style=\"font-size: 18px;\"><img loading=\"lazy\" decoding=\"async\" class=\"alignnone size-medium wp-image-10584\" src=\"https:\/\/phukienflytech.vn\/wp-content\/uploads\/2020\/05\/combo-3-filter-mcuv-cpl-nd8-dji-osmo-pocket-5314-400x400.png\" alt=\"\" width=\"400\" height=\"400\" srcset=\"https:\/\/phukienflytech.vn\/wp-content\/uploads\/2020\/05\/combo-3-filter-mcuv-cpl-nd8-dji-osmo-pocket-5314-400x400.png 400w, https:\/\/phukienflytech.vn\/wp-content\/uploads\/2020\/05\/combo-3-filter-mcuv-cpl-nd8-dji-osmo-pocket-5314-280x280.png 280w, https:\/\/phukienflytech.vn\/wp-content\/uploads\/2020\/05\/combo-3-filter-mcuv-cpl-nd8-dji-osmo-pocket-5314-768x768.png 768w, https:\/\/phukienflytech.vn\/wp-content\/uploads\/2020\/05\/combo-3-filter-mcuv-cpl-nd8-dji-osmo-pocket-5314-800x800.png 800w, https:\/\/phukienflytech.vn\/wp-content\/uploads\/2020\/05\/combo-3-filter-mcuv-cpl-nd8-dji-osmo-pocket-5314-300x300.png 300w, https:\/\/phukienflytech.vn\/wp-content\/uploads\/2020\/05\/combo-3-filter-mcuv-cpl-nd8-dji-osmo-pocket-5314-600x600.png 600w, https:\/\/phukienflytech.vn\/wp-content\/uploads\/2020\/05\/combo-3-filter-mcuv-cpl-nd8-dji-osmo-pocket-5314-100x100.png 100w, https:\/\/phukienflytech.vn\/wp-content\/uploads\/2020\/05\/combo-3-filter-mcuv-cpl-nd8-dji-osmo-pocket-5314.png 1000w\" sizes=\"auto, (max-width: 400px) 100vw, 400px\" \/><\/span><\/p>\n<p>&nbsp;<\/p>\n<h3><span style=\"font-size: 18px; color: #0000ff;\"><strong><em>C\u00f4ng d\u1ee5ng c\u1ee7a Set 3 Filter Osmo Pocket<\/em><\/strong><\/span><\/h3>\n<p><span style=\"font-size: 18px;\">B\u1ed9 <strong>Combo 3 filter Osmo Pocke<\/strong>t c\u00f3 ba lo\u1ea1i l\u00e0 CPL MAVIC,\u00a0 MCUV MAVIC v\u00e0 filter ND mavic.\u00a0 M\u1ed7i lo\u1ea1i ph\u1ee5 ki\u1ec7n mavic l\u1ea1i c\u00f3 m\u1ed9t c\u00f4ng d\u1ee5ng v\u00f4 c\u00f9ng kh\u00e1c nhau \u0111\u1ec3 ng\u01b0\u1eddi d\u00f9ng c\u00f3 th\u1ec3 d\u1ec5 d\u00e0ng l\u1ef1a ch\u1ecdn.<\/span><\/p>\n<p><span style=\"font-size: 18px;\">Filter ND mavic l\u00e0 lens mavic c\u00f3 t\u00e1c d\u1ee5ng gi\u00fap gi\u1ea3m s\u00e1ng to\u00e0n ph\u1ea7n t\u1ef1 nhi\u00ean, b\u1edbt c\u01b0\u1eddng \u0111\u1ed9 \u00e1nh s\u00e1ng gi\u00fap cho ng\u01b0\u1eddi d\u00f9ng c\u00f3 th\u1ec3 ch\u1ee5p \u1ea3nh trong \u0111i\u1ec1u ki\u1ec7n \u00e1nh s\u00e1ng ch\u00f3i chang.<\/span><\/p>\n<p>&nbsp;<\/p>\n<p><span style=\"font-size: 18px;\"><img loading=\"lazy\" decoding=\"async\" class=\"alignnone size-medium wp-image-10586\" src=\"https:\/\/phukienflytech.vn\/wp-content\/uploads\/2020\/05\/combo-3-filter-mcuv-cpl-nd8-dji-osmo-pocket-5314-1-1-400x400.jpg\" alt=\"\" width=\"400\" height=\"400\" srcset=\"https:\/\/phukienflytech.vn\/wp-content\/uploads\/2020\/05\/combo-3-filter-mcuv-cpl-nd8-dji-osmo-pocket-5314-1-1-400x400.jpg 400w, https:\/\/phukienflytech.vn\/wp-content\/uploads\/2020\/05\/combo-3-filter-mcuv-cpl-nd8-dji-osmo-pocket-5314-1-1-280x280.jpg 280w, https:\/\/phukienflytech.vn\/wp-content\/uploads\/2020\/05\/combo-3-filter-mcuv-cpl-nd8-dji-osmo-pocket-5314-1-1-768x768.jpg 768w, https:\/\/phukienflytech.vn\/wp-content\/uploads\/2020\/05\/combo-3-filter-mcuv-cpl-nd8-dji-osmo-pocket-5314-1-1-800x800.jpg 800w, https:\/\/phukienflytech.vn\/wp-content\/uploads\/2020\/05\/combo-3-filter-mcuv-cpl-nd8-dji-osmo-pocket-5314-1-1-300x300.jpg 300w, https:\/\/phukienflytech.vn\/wp-content\/uploads\/2020\/05\/combo-3-filter-mcuv-cpl-nd8-dji-osmo-pocket-5314-1-1-600x600.jpg 600w, https:\/\/phukienflytech.vn\/wp-content\/uploads\/2020\/05\/combo-3-filter-mcuv-cpl-nd8-dji-osmo-pocket-5314-1-1-100x100.jpg 100w, https:\/\/phukienflytech.vn\/wp-content\/uploads\/2020\/05\/combo-3-filter-mcuv-cpl-nd8-dji-osmo-pocket-5314-1-1.jpg 1000w\" sizes=\"auto, (max-width: 400px) 100vw, 400px\" \/><\/span><\/p>\n<p>&nbsp;<\/p>\n<p><span style=\"font-size: 18px;\">Filter MCUV mavic gi\u00fap c\u1ea3n tia c\u1ef1c t\u00edm UV g\u00e2y \u1ea3nh h\u01b0\u1edfng \u0111\u1ebfn m\u00e0u s\u1eafc v\u00e0 \u00e1nh s\u00e1ng c\u1ee7a b\u1ee9c \u1ea3nh.<\/span><\/p>\n<p>&nbsp;<\/p>\n<p><span style=\"font-size: 18px;\"><img loading=\"lazy\" decoding=\"async\" class=\"alignnone wp-image-10588 size-medium\" src=\"https:\/\/phukienflytech.vn\/wp-content\/uploads\/2020\/05\/combo-3-filter-mcuv-cpl-nd8-dji-osmo-pocket-5314-2-1-400x400.jpg\" alt=\"Set-3-Filter-Osmo-Pocket-2\" width=\"400\" height=\"400\" srcset=\"https:\/\/phukienflytech.vn\/wp-content\/uploads\/2020\/05\/combo-3-filter-mcuv-cpl-nd8-dji-osmo-pocket-5314-2-1-400x400.jpg 400w, https:\/\/phukienflytech.vn\/wp-content\/uploads\/2020\/05\/combo-3-filter-mcuv-cpl-nd8-dji-osmo-pocket-5314-2-1-280x280.jpg 280w, https:\/\/phukienflytech.vn\/wp-content\/uploads\/2020\/05\/combo-3-filter-mcuv-cpl-nd8-dji-osmo-pocket-5314-2-1-768x768.jpg 768w, https:\/\/phukienflytech.vn\/wp-content\/uploads\/2020\/05\/combo-3-filter-mcuv-cpl-nd8-dji-osmo-pocket-5314-2-1-800x800.jpg 800w, https:\/\/phukienflytech.vn\/wp-content\/uploads\/2020\/05\/combo-3-filter-mcuv-cpl-nd8-dji-osmo-pocket-5314-2-1-300x300.jpg 300w, https:\/\/phukienflytech.vn\/wp-content\/uploads\/2020\/05\/combo-3-filter-mcuv-cpl-nd8-dji-osmo-pocket-5314-2-1-600x600.jpg 600w, https:\/\/phukienflytech.vn\/wp-content\/uploads\/2020\/05\/combo-3-filter-mcuv-cpl-nd8-dji-osmo-pocket-5314-2-1-100x100.jpg 100w, https:\/\/phukienflytech.vn\/wp-content\/uploads\/2020\/05\/combo-3-filter-mcuv-cpl-nd8-dji-osmo-pocket-5314-2-1.jpg 1000w\" sizes=\"auto, (max-width: 400px) 100vw, 400px\" \/><\/span><\/p>\n<p>&nbsp;<\/p>\n<p><span style=\"font-size: 18px;\">Filter CPL mavic l\u00e0 lens th\u00edch h\u1ee3p cho ng\u01b0\u1eddi d\u00f9ng di chuy\u1ec3n v\u00e0 ch\u1ee5p ngo\u00e0i c\u1ea3nh.<\/span><\/p>\n<p>&nbsp;<\/p>\n<p><span style=\"font-size: 18px;\"><img loading=\"lazy\" decoding=\"async\" class=\"alignnone wp-image-10591 size-medium\" src=\"https:\/\/phukienflytech.vn\/wp-content\/uploads\/2020\/05\/combo-3-filter-mcuv-cpl-nd8-dji-osmo-pocket-5314-3-1-400x400.jpg\" alt=\"Set-3-Filter-Osmo-Pocket-1\" width=\"400\" height=\"400\" srcset=\"https:\/\/phukienflytech.vn\/wp-content\/uploads\/2020\/05\/combo-3-filter-mcuv-cpl-nd8-dji-osmo-pocket-5314-3-1-400x400.jpg 400w, https:\/\/phukienflytech.vn\/wp-content\/uploads\/2020\/05\/combo-3-filter-mcuv-cpl-nd8-dji-osmo-pocket-5314-3-1-280x280.jpg 280w, https:\/\/phukienflytech.vn\/wp-content\/uploads\/2020\/05\/combo-3-filter-mcuv-cpl-nd8-dji-osmo-pocket-5314-3-1-768x768.jpg 768w, https:\/\/phukienflytech.vn\/wp-content\/uploads\/2020\/05\/combo-3-filter-mcuv-cpl-nd8-dji-osmo-pocket-5314-3-1-800x800.jpg 800w, https:\/\/phukienflytech.vn\/wp-content\/uploads\/2020\/05\/combo-3-filter-mcuv-cpl-nd8-dji-osmo-pocket-5314-3-1-300x300.jpg 300w, https:\/\/phukienflytech.vn\/wp-content\/uploads\/2020\/05\/combo-3-filter-mcuv-cpl-nd8-dji-osmo-pocket-5314-3-1-600x600.jpg 600w, https:\/\/phukienflytech.vn\/wp-content\/uploads\/2020\/05\/combo-3-filter-mcuv-cpl-nd8-dji-osmo-pocket-5314-3-1-100x100.jpg 100w, https:\/\/phukienflytech.vn\/wp-content\/uploads\/2020\/05\/combo-3-filter-mcuv-cpl-nd8-dji-osmo-pocket-5314-3-1.jpg 1000w\" sizes=\"auto, (max-width: 400px) 100vw, 400px\" \/><\/span><\/p>\n<p>&nbsp;<\/p>\n<h3><span style=\"font-size: 18px; color: #0000ff;\"><em><strong>T\u1ea1i sao n\u00ean l\u1ef1a ch\u1ecdn combo filter lens DJI Osmo Pocket<\/strong><\/em><\/span><\/h3>\n<p><span style=\"font-size: 18px;\">Khi l\u1ef1a ch\u1ecdn combo filter Maivc air, b\u1ea1n s\u1ebd c\u00f3 full option v\u1ec1 l\u1ef1a ch\u1ecdn c\u00e1c hi\u1ec7u \u1ee9ng filter trong tay m\u00e0 kh\u00f4ng c\u1ea7n ph\u1ea3i \u0111\u1eafn cho vi\u1ec7c l\u1ef1a ch\u1ecdn khi mua. V\u1edbi Filter Combo DJI Osmo Pocket, b\u1ea1n c\u00f3 th\u1ec3 t\u00f9y bi\u1ebfn quay video, ch\u1ee5p h\u00ecnh trong c\u00e1c ho\u00e0n c\u1ea3nh bay v\u00e0 \u00e1nh s\u00e1ng quay ch\u1ee5p kh\u00e1c nhau theo \u00fd mu\u1ed1n m\u1ed9t c\u00e1ch nhanh nh\u1ea5t<\/span><\/p>\n<p>&nbsp;<\/p>\n<p><span style=\"font-size: 18px;\"><img loading=\"lazy\" decoding=\"async\" class=\"alignnone wp-image-10593 size-medium\" src=\"https:\/\/phukienflytech.vn\/wp-content\/uploads\/2020\/05\/combo-3-filter-mcuv-cpl-nd8-dji-osmo-pocket-5314-4-1-400x400.jpg\" alt=\"Set-3-Filter-Osmo-Pocket\" width=\"400\" height=\"400\" srcset=\"https:\/\/phukienflytech.vn\/wp-content\/uploads\/2020\/05\/combo-3-filter-mcuv-cpl-nd8-dji-osmo-pocket-5314-4-1-400x400.jpg 400w, https:\/\/phukienflytech.vn\/wp-content\/uploads\/2020\/05\/combo-3-filter-mcuv-cpl-nd8-dji-osmo-pocket-5314-4-1-280x280.jpg 280w, https:\/\/phukienflytech.vn\/wp-content\/uploads\/2020\/05\/combo-3-filter-mcuv-cpl-nd8-dji-osmo-pocket-5314-4-1-768x768.jpg 768w, https:\/\/phukienflytech.vn\/wp-content\/uploads\/2020\/05\/combo-3-filter-mcuv-cpl-nd8-dji-osmo-pocket-5314-4-1-800x800.jpg 800w, https:\/\/phukienflytech.vn\/wp-content\/uploads\/2020\/05\/combo-3-filter-mcuv-cpl-nd8-dji-osmo-pocket-5314-4-1-300x300.jpg 300w, https:\/\/phukienflytech.vn\/wp-content\/uploads\/2020\/05\/combo-3-filter-mcuv-cpl-nd8-dji-osmo-pocket-5314-4-1-600x600.jpg 600w, https:\/\/phukienflytech.vn\/wp-content\/uploads\/2020\/05\/combo-3-filter-mcuv-cpl-nd8-dji-osmo-pocket-5314-4-1-100x100.jpg 100w, https:\/\/phukienflytech.vn\/wp-content\/uploads\/2020\/05\/combo-3-filter-mcuv-cpl-nd8-dji-osmo-pocket-5314-4-1.jpg 1000w\" sizes=\"auto, (max-width: 400px) 100vw, 400px\" \/><\/span><\/p>\n<p>&nbsp;<\/p>\n<p><span style=\"font-size: 18px;\">Quan tr\u1ecdng h\u01a1n l\u00e0 khi l\u1ef1a ch\u1ecdn g\u00f3i combo DJI Osmo Pocket b\u1ea1n \u0111\u00e3 \u0111\u01b0\u1ee3c gi\u1ea3m gi\u00e1 t\u1edbi 13% so v\u1edbi vi\u1ec7c mua l\u1ebb c\u00e1c filter CPL DJI Osmo Pocket, MCUV v\u00e0 ND DJI Osmo Pocket v\u00e0 c\u00f2n \u0111\u01b0\u1ee3c t\u1eb7ng th\u1ec7m h\u1ed9p \u0111\u1ef1ng ch\u1ed1ng s\u1ed1c fitler DJI Osmo Pocket<\/span><\/p>\n<h2><span style=\"font-size: 21px; color: #0000ff;\"><em><strong>Mua ph\u1ee5 ki\u1ec7n flycam DJI phantom,Mavic,Spark \u1edf \u0111\u00e2u?<\/strong><\/em><\/span><\/h2>\n<p><span style=\"font-size: 18px;\"><em><strong><a href=\"https:\/\/facebook.com\/phukienflycam\">Ph\u1ee5 Ki\u1ec7n Flytech Gi\u00e1 T\u1ed1t<\/a><\/strong><\/em>\u00a0h\u00e2n h\u1ea1nh \u0111em l\u1ea1i c\u00e1c m\u1eabu s\u1ea3n ph\u1ea9m Balo phatom ch\u00ednh h\u00e3ng t\u1ed1t nh\u1ea5t ph\u1ee5c v\u1ee5 \u0111am m\u00ea, v\u00e0 c\u00f4ng vi\u1ec7c c\u1ee7a c\u00e1c b\u1ea1n, h\u00e3y \u0111\u1ec3 ch\u00fang t\u00f4i ti\u1ebfp s\u1ee9c \u0111am m\u00ea, c\u00f4ng vi\u1ec7c c\u1ee7a b\u1ea1n, gi\u00fap b\u1ea1n th\u00eam ni\u1ec1m h\u1ee9ng kh\u1edfi trong \u0111am m\u00ea c\u0169ng nh\u01b0 c\u00f4ng vi\u1ec7c c\u1ee7a m\u00ecnh th\u00eam su\u00f4n s\u1ebb<\/span><\/p>\n<p><span style=\"font-size: 18px;\">\u00a0<img loading=\"lazy\" decoding=\"async\" src=\"https:\/\/phukienflytech.vn\/wp-content\/uploads\/2020\/05\/combo-3-filter-mcuv-cpl-nd8-dji-osmo-pocket-5314-5.jpg\" alt=\"\" width=\"495\" height=\"155\" \/><\/span><\/p>\n<p><span style=\"font-size: 18px;\">Ch\u00fang t\u00f4i chuy\u00ean cung c\u1ea5p h\u1ea7u h\u1ebft t\u1ea5t c\u00e1c c\u00e1c ph\u1ee5 ki\u1ec7n flycam DJI c\u1ee7a Phantom 3,4 series, Mavic series, DJI Spark v\u00e0 inspire 1<\/span><\/p>\n<p><span style=\"font-size: 18px;\">H\u00e3y xem th\u00eam c\u00e1c\u00a0<em>ph\u1ee5 ki\u1ec7n flycam dji Phantom 3 4<\/em>\u00a0b\u1eb1ng c\u00e1ch\u00a0<strong><a href=\"https:\/\/phukienflytech.vn\/en\/danh-muc\/phantom-4-accessory.html\" target=\"_blank\" rel=\"noopener noreferrer\">click t\u1ea1i \u0111\u00e2y<\/a><\/strong>\u00a0!<\/span><\/p>\n<p><span style=\"font-size: 18px;\">Nh\u00e0 s\u1ea3n xu\u1ea5t : Sunnylife \u2013 l\u00e0 m\u1ed9t trong nh\u1eefng Vendor cung c\u1ea5p c\u00e1c ph\u1ee5 ki\u1ec7n, linh ki\u1ec7n thay th\u1ebf cho DJI Flycam<\/span><\/p>\n<p><em><strong><span style=\"font-size: 18px;\">&gt;&gt; Learn More :<a href=\"https:\/\/phukienflytech.vn\/danh-muc\/phu-kien-osmo-pocket.html\"> Osmo Pocket Accessories<\/a><\/span><\/strong><\/em><\/p>\n<p><em><strong><span style=\"font-size: 18px;\">&gt;&gt; Contact us on: <a href=\"https:\/\/www.facebook.com\/phukienflycam\">Facebook<\/a><\/span><\/strong><\/em><\/p>\n","protected":false},"excerpt":{"rendered":"<p>Set 3 Filter Osmo Pocket &#8211; Sunnylife Set 3 Filter Osmo Pocket &#8211; Sunnylife\u00a0 Filter Osmo Pocket l\u00e0 m\u1ed9t trong nh\u1eefng ph\u1ee5 ki\u1ec7n mavic \u0111\u01b0\u1ee3c c\u00e1c pilot v\u00f4 c\u00f9ng quan t\u00e2m.\u00a0 Hi\u1ec7n nay c\u00f3 r\u1ea5t nhi\u1ec1u c\u00e1c filter mavic \u0111\u1ec3 ng\u01b0\u1eddi d\u00f9ng c\u00f3 th\u1ec3 d\u1ec5 d\u00e0ng ch\u1ecdn l\u1ef1a nh\u01b0 filter CPL Osmo Pocket,\u00a0 filter MCUV, &#8230;<\/p>\n","protected":false},"featured_media":5316,"comment_status":"open","ping_status":"closed","template":"","meta":{"_acf_changed":false},"product_brand":[],"product_cat":[186],"product_tag":[353,354],"class_list":{"0":"post-5329","1":"product","2":"type-product","3":"status-publish","4":"has-post-thumbnail","6":"product_cat-osmo-pocket-accessory","7":"product_tag-combo-3-filter-osmo-pocket-en","8":"product_tag-phu-kien-osmo-pocket-en","10":"first","11":"instock","12":"shipping-taxable","13":"purchasable","14":"product-type-simple"},"acf":[],"yoast_head":"<!-- This site is optimized with the Yoast SEO plugin v25.7 - https:\/\/yoast.com\/wordpress\/plugins\/seo\/ -->\n<title>Set 3 Filter Osmo Pocket - Sunnylife - Osmo Pocket accessory.<\/title>\n<meta name=\"description\" content=\"Set 3 Filter Osmo Pocket is one of the most important accessory. Contact us to buy Set 3 Filter Osmo Pocket for best price, fast shipping.\" \/>\n<meta name=\"robots\" content=\"index, follow, max-snippet:-1, max-image-preview:large, max-video-preview:-1\" \/>\n<link rel=\"canonical\" href=\"https:\/\/phukienflytech.vn\/en\/san-pham\/set-3-filter-osmo-pocket-2.html\" \/>\n<meta property=\"og:locale\" content=\"en_US\" \/>\n<meta property=\"og:type\" content=\"article\" \/>\n<meta property=\"og:title\" content=\"Set 3 Filter Osmo Pocket - Sunnylife - Osmo Pocket accessory.\" \/>\n<meta property=\"og:description\" content=\"Set 3 Filter Osmo Pocket is one of the most important accessory. Contact us to buy Set 3 Filter Osmo Pocket for best price, fast shipping.\" \/>\n<meta property=\"og:url\" content=\"https:\/\/phukienflytech.vn\/en\/san-pham\/set-3-filter-osmo-pocket-2.html\" \/>\n<meta property=\"og:site_name\" content=\"Shop M\u00e1y \u1ea3nh - Action Camera - Gimbal - Flycam - Ph\u1ee5 ki\u1ec7n\" \/>\n<meta property=\"article:publisher\" content=\"https:\/\/facebook.com\/phukienflycam\" \/>\n<meta property=\"article:modified_time\" content=\"2020-10-08T14:11:22+00:00\" \/>\n<meta property=\"og:image\" content=\"https:\/\/phukienflytech.vn\/wp-content\/uploads\/2020\/05\/fccc32d564b181efd8a01.png\" \/>\n\t<meta property=\"og:image:width\" content=\"300\" \/>\n\t<meta property=\"og:image:height\" content=\"300\" \/>\n\t<meta property=\"og:image:type\" content=\"image\/png\" \/>\n<meta name=\"twitter:card\" content=\"summary_large_image\" \/>\n<meta name=\"twitter:label1\" content=\"Est. reading time\" \/>\n\t<meta name=\"twitter:data1\" content=\"3 minutes\" \/>\n<script type=\"application\/ld+json\" class=\"yoast-schema-graph\">{\"@context\":\"https:\/\/schema.org\",\"@graph\":[{\"@type\":\"WebPage\",\"@id\":\"https:\/\/phukienflytech.vn\/en\/san-pham\/set-3-filter-osmo-pocket-2.html\",\"url\":\"https:\/\/phukienflytech.vn\/en\/san-pham\/set-3-filter-osmo-pocket-2.html\",\"name\":\"Set 3 Filter Osmo Pocket - Sunnylife - Osmo Pocket accessory.\",\"isPartOf\":{\"@id\":\"https:\/\/phukienflytech.vn\/#website\"},\"primaryImageOfPage\":{\"@id\":\"https:\/\/phukienflytech.vn\/en\/san-pham\/set-3-filter-osmo-pocket-2.html#primaryimage\"},\"image\":{\"@id\":\"https:\/\/phukienflytech.vn\/en\/san-pham\/set-3-filter-osmo-pocket-2.html#primaryimage\"},\"thumbnailUrl\":\"https:\/\/phukienflytech.vn\/wp-content\/uploads\/2020\/05\/fccc32d564b181efd8a01.png\",\"datePublished\":\"2020-05-31T01:23:12+00:00\",\"dateModified\":\"2020-10-08T14:11:22+00:00\",\"description\":\"Set 3 Filter Osmo Pocket is one of the most important accessory. Contact us to buy Set 3 Filter Osmo Pocket for best price, fast shipping.\",\"breadcrumb\":{\"@id\":\"https:\/\/phukienflytech.vn\/en\/san-pham\/set-3-filter-osmo-pocket-2.html#breadcrumb\"},\"inLanguage\":\"en-US\",\"potentialAction\":[{\"@type\":\"ReadAction\",\"target\":[\"https:\/\/phukienflytech.vn\/en\/san-pham\/set-3-filter-osmo-pocket-2.html\"]}]},{\"@type\":\"ImageObject\",\"inLanguage\":\"en-US\",\"@id\":\"https:\/\/phukienflytech.vn\/en\/san-pham\/set-3-filter-osmo-pocket-2.html#primaryimage\",\"url\":\"https:\/\/phukienflytech.vn\/wp-content\/uploads\/2020\/05\/fccc32d564b181efd8a01.png\",\"contentUrl\":\"https:\/\/phukienflytech.vn\/wp-content\/uploads\/2020\/05\/fccc32d564b181efd8a01.png\",\"width\":300,\"height\":300},{\"@type\":\"BreadcrumbList\",\"@id\":\"https:\/\/phukienflytech.vn\/en\/san-pham\/set-3-filter-osmo-pocket-2.html#breadcrumb\",\"itemListElement\":[{\"@type\":\"ListItem\",\"position\":1,\"name\":\"Home\",\"item\":\"https:\/\/phukienflytech.vn\/en\"},{\"@type\":\"ListItem\",\"position\":2,\"name\":\"Ph\u1ee5 ki\u1ec7n Mavic Pro\",\"item\":\"https:\/\/phukienflytech.vn\/en\/phu-kien-mavic-pro.html\"},{\"@type\":\"ListItem\",\"position\":3,\"name\":\"DJI Osmo &amp; Drone's accessories\",\"item\":\"https:\/\/phukienflytech.vn\/en\/danh-muc\/dji-osmo-drones-accessories.html\"},{\"@type\":\"ListItem\",\"position\":4,\"name\":\"Osmo Pocket accessory\",\"item\":\"https:\/\/phukienflytech.vn\/en\/danh-muc\/osmo-pocket-accessory.html\"},{\"@type\":\"ListItem\",\"position\":5,\"name\":\"Combo 3 Filter DJI Osmo Pocket &#8211; Sunnylife\"}]},{\"@type\":\"WebSite\",\"@id\":\"https:\/\/phukienflytech.vn\/#website\",\"url\":\"https:\/\/phukienflytech.vn\/\",\"name\":\"Shop M\u00e1y \u1ea3nh - Action Camera - Gimbal - Flycam - Ph\u1ee5 ki\u1ec7n\",\"description\":\"Shop M\u00e1y \u1ea3nh - Action Camera - Gimbal - Flycam - Ph\u1ee5 ki\u1ec7n\",\"publisher\":{\"@id\":\"https:\/\/phukienflytech.vn\/#organization\"},\"potentialAction\":[{\"@type\":\"SearchAction\",\"target\":{\"@type\":\"EntryPoint\",\"urlTemplate\":\"https:\/\/phukienflytech.vn\/?s={search_term_string}\"},\"query-input\":{\"@type\":\"PropertyValueSpecification\",\"valueRequired\":true,\"valueName\":\"search_term_string\"}}],\"inLanguage\":\"en-US\"},{\"@type\":\"Organization\",\"@id\":\"https:\/\/phukienflytech.vn\/#organization\",\"name\":\"DJI Store - Shop Drone, Action camera, Gimbal DJI |Phukienflytech\",\"alternateName\":\"DJI Store - Shop Drone, Action camera, Gimbal DJI |Phukienflytech\",\"url\":\"https:\/\/phukienflytech.vn\/\",\"logo\":{\"@type\":\"ImageObject\",\"inLanguage\":\"en-US\",\"@id\":\"https:\/\/phukienflytech.vn\/#\/schema\/logo\/image\/\",\"url\":\"https:\/\/phukienflytech.vn\/wp-content\/uploads\/2020\/05\/hAnh_nan.jpg1_.jpg\",\"contentUrl\":\"https:\/\/phukienflytech.vn\/wp-content\/uploads\/2020\/05\/hAnh_nan.jpg1_.jpg\",\"width\":800,\"height\":450,\"caption\":\"DJI Store - Shop Drone, Action camera, Gimbal DJI |Phukienflytech\"},\"image\":{\"@id\":\"https:\/\/phukienflytech.vn\/#\/schema\/logo\/image\/\"},\"sameAs\":[\"https:\/\/facebook.com\/phukienflycam\",\"https:\/\/www.youtube.com\/@phukienflytech\",\"https:\/\/www.tiktok.com\/@flytech.channel?fbclid=IwY2xjawGjg7BleHRuA2FlbQIxMAABHYVGmlXpuSMs0UB2zTpYvyT4GMVfN2qJa4urF4vkSQ6FAVBwXZtDP30qQA_aem_UwMiDcUvlEbd2tXAmsc8Og\"]}]}<\/script>\n<!-- \/ Yoast SEO plugin. -->","yoast_head_json":{"title":"Set 3 Filter Osmo Pocket - Sunnylife - Osmo Pocket accessory.","description":"Set 3 Filter Osmo Pocket is one of the most important accessory. Contact us to buy Set 3 Filter Osmo Pocket for best price, fast shipping.","robots":{"index":"index","follow":"follow","max-snippet":"max-snippet:-1","max-image-preview":"max-image-preview:large","max-video-preview":"max-video-preview:-1"},"canonical":"https:\/\/phukienflytech.vn\/en\/san-pham\/set-3-filter-osmo-pocket-2.html","og_locale":"en_US","og_type":"article","og_title":"Set 3 Filter Osmo Pocket - Sunnylife - Osmo Pocket accessory.","og_description":"Set 3 Filter Osmo Pocket is one of the most important accessory. Contact us to buy Set 3 Filter Osmo Pocket for best price, fast shipping.","og_url":"https:\/\/phukienflytech.vn\/en\/san-pham\/set-3-filter-osmo-pocket-2.html","og_site_name":"Shop M\u00e1y \u1ea3nh - Action Camera - Gimbal - Flycam - Ph\u1ee5 ki\u1ec7n","article_publisher":"https:\/\/facebook.com\/phukienflycam","article_modified_time":"2020-10-08T14:11:22+00:00","og_image":[{"width":300,"height":300,"url":"https:\/\/phukienflytech.vn\/wp-content\/uploads\/2020\/05\/fccc32d564b181efd8a01.png","type":"image\/png"}],"twitter_card":"summary_large_image","twitter_misc":{"Est. reading time":"3 minutes"},"schema":{"@context":"https:\/\/schema.org","@graph":[{"@type":"WebPage","@id":"https:\/\/phukienflytech.vn\/en\/san-pham\/set-3-filter-osmo-pocket-2.html","url":"https:\/\/phukienflytech.vn\/en\/san-pham\/set-3-filter-osmo-pocket-2.html","name":"Set 3 Filter Osmo Pocket - Sunnylife - Osmo Pocket accessory.","isPartOf":{"@id":"https:\/\/phukienflytech.vn\/#website"},"primaryImageOfPage":{"@id":"https:\/\/phukienflytech.vn\/en\/san-pham\/set-3-filter-osmo-pocket-2.html#primaryimage"},"image":{"@id":"https:\/\/phukienflytech.vn\/en\/san-pham\/set-3-filter-osmo-pocket-2.html#primaryimage"},"thumbnailUrl":"https:\/\/phukienflytech.vn\/wp-content\/uploads\/2020\/05\/fccc32d564b181efd8a01.png","datePublished":"2020-05-31T01:23:12+00:00","dateModified":"2020-10-08T14:11:22+00:00","description":"Set 3 Filter Osmo Pocket is one of the most important accessory. Contact us to buy Set 3 Filter Osmo Pocket for best price, fast shipping.","breadcrumb":{"@id":"https:\/\/phukienflytech.vn\/en\/san-pham\/set-3-filter-osmo-pocket-2.html#breadcrumb"},"inLanguage":"en-US","potentialAction":[{"@type":"ReadAction","target":["https:\/\/phukienflytech.vn\/en\/san-pham\/set-3-filter-osmo-pocket-2.html"]}]},{"@type":"ImageObject","inLanguage":"en-US","@id":"https:\/\/phukienflytech.vn\/en\/san-pham\/set-3-filter-osmo-pocket-2.html#primaryimage","url":"https:\/\/phukienflytech.vn\/wp-content\/uploads\/2020\/05\/fccc32d564b181efd8a01.png","contentUrl":"https:\/\/phukienflytech.vn\/wp-content\/uploads\/2020\/05\/fccc32d564b181efd8a01.png","width":300,"height":300},{"@type":"BreadcrumbList","@id":"https:\/\/phukienflytech.vn\/en\/san-pham\/set-3-filter-osmo-pocket-2.html#breadcrumb","itemListElement":[{"@type":"ListItem","position":1,"name":"Home","item":"https:\/\/phukienflytech.vn\/en"},{"@type":"ListItem","position":2,"name":"Ph\u1ee5 ki\u1ec7n Mavic Pro","item":"https:\/\/phukienflytech.vn\/en\/phu-kien-mavic-pro.html"},{"@type":"ListItem","position":3,"name":"DJI Osmo &amp; Drone's accessories","item":"https:\/\/phukienflytech.vn\/en\/danh-muc\/dji-osmo-drones-accessories.html"},{"@type":"ListItem","position":4,"name":"Osmo Pocket accessory","item":"https:\/\/phukienflytech.vn\/en\/danh-muc\/osmo-pocket-accessory.html"},{"@type":"ListItem","position":5,"name":"Combo 3 Filter DJI Osmo Pocket &#8211; Sunnylife"}]},{"@type":"WebSite","@id":"https:\/\/phukienflytech.vn\/#website","url":"https:\/\/phukienflytech.vn\/","name":"Shop M\u00e1y \u1ea3nh - Action Camera - Gimbal - Flycam - Ph\u1ee5 ki\u1ec7n","description":"Shop M\u00e1y \u1ea3nh - Action Camera - Gimbal - Flycam - Ph\u1ee5 ki\u1ec7n","publisher":{"@id":"https:\/\/phukienflytech.vn\/#organization"},"potentialAction":[{"@type":"SearchAction","target":{"@type":"EntryPoint","urlTemplate":"https:\/\/phukienflytech.vn\/?s={search_term_string}"},"query-input":{"@type":"PropertyValueSpecification","valueRequired":true,"valueName":"search_term_string"}}],"inLanguage":"en-US"},{"@type":"Organization","@id":"https:\/\/phukienflytech.vn\/#organization","name":"DJI Store - Shop Drone, Action camera, Gimbal DJI |Phukienflytech","alternateName":"DJI Store - Shop Drone, Action camera, Gimbal DJI |Phukienflytech","url":"https:\/\/phukienflytech.vn\/","logo":{"@type":"ImageObject","inLanguage":"en-US","@id":"https:\/\/phukienflytech.vn\/#\/schema\/logo\/image\/","url":"https:\/\/phukienflytech.vn\/wp-content\/uploads\/2020\/05\/hAnh_nan.jpg1_.jpg","contentUrl":"https:\/\/phukienflytech.vn\/wp-content\/uploads\/2020\/05\/hAnh_nan.jpg1_.jpg","width":800,"height":450,"caption":"DJI Store - Shop Drone, Action camera, Gimbal DJI |Phukienflytech"},"image":{"@id":"https:\/\/phukienflytech.vn\/#\/schema\/logo\/image\/"},"sameAs":["https:\/\/facebook.com\/phukienflycam","https:\/\/www.youtube.com\/@phukienflytech","https:\/\/www.tiktok.com\/@flytech.channel?fbclid=IwY2xjawGjg7BleHRuA2FlbQIxMAABHYVGmlXpuSMs0UB2zTpYvyT4GMVfN2qJa4urF4vkSQ6FAVBwXZtDP30qQA_aem_UwMiDcUvlEbd2tXAmsc8Og"]}]}},"_links":{"self":[{"href":"https:\/\/phukienflytech.vn\/en\/wp-json\/wp\/v2\/product\/5329","targetHints":{"allow":["GET"]}}],"collection":[{"href":"https:\/\/phukienflytech.vn\/en\/wp-json\/wp\/v2\/product"}],"about":[{"href":"https:\/\/phukienflytech.vn\/en\/wp-json\/wp\/v2\/types\/product"}],"replies":[{"embeddable":true,"href":"https:\/\/phukienflytech.vn\/en\/wp-json\/wp\/v2\/comments?post=5329"}],"wp:featuredmedia":[{"embeddable":true,"href":"https:\/\/phukienflytech.vn\/en\/wp-json\/wp\/v2\/media\/5316"}],"wp:attachment":[{"href":"https:\/\/phukienflytech.vn\/en\/wp-json\/wp\/v2\/media?parent=5329"}],"wp:term":[{"taxonomy":"product_brand","embeddable":true,"href":"https:\/\/phukienflytech.vn\/en\/wp-json\/wp\/v2\/product_brand?post=5329"},{"taxonomy":"product_cat","embeddable":true,"href":"https:\/\/phukienflytech.vn\/en\/wp-json\/wp\/v2\/product_cat?post=5329"},{"taxonomy":"product_tag","embeddable":true,"href":"https:\/\/phukienflytech.vn\/en\/wp-json\/wp\/v2\/product_tag?post=5329"}],"curies":[{"name":"wp","href":"https:\/\/api.w.org\/{rel}","templated":true}]}}