{"id":5371,"date":"2020-05-31T09:00:22","date_gmt":"2020-05-31T02:00:22","guid":{"rendered":"http:\/\/27430.lamdx.vinawebsite.vn\/san-pham\/bo-day-nit-nguc-dji-osmo-action-va-action-camera.html"},"modified":"2021-01-14T09:51:14","modified_gmt":"2021-01-14T02:51:14","slug":"bo-day-nit-nguc-dji-osmo-action-va-action-camera","status":"publish","type":"product","link":"https:\/\/phukienflytech.vn\/en\/san-pham\/bo-day-nit-nguc-dji-osmo-action-va-action-camera.html","title":{"rendered":"B\u1ed9 d\u00e2y n\u1ecbt ng\u1ef1c \u2013 DJI Osmo Action v\u00e0 Action camera"},"content":{"rendered":"<h2 class=\"fw_medium title_single_product\"><span style=\"color: #0000ff; font-size: 21px;\"><em><strong>B\u1ed9 d\u00e2y n\u1ecbt ng\u1ef1c<\/strong><\/em><\/span><\/h2>\n<p><span style=\"font-size: 18px;\">N\u1ebfu b\u1ea1n l\u00e0 ng\u01b0\u1eddi y\u00eau th\u00edch du l\u1ecbch d\u00e3 ngo\u1ea1i ho\u1eb7c ph\u01b0\u1ee3t t\u1edbi nh\u1eefng n\u01a1i c\u00f3 quang c\u00e1nh \u0111\u1eb9p th\u00ec t\u00f4i tin b\u1ea1n l\u00e0 m\u1ed9t ng\u01b0\u1eddi c\u0169ng y\u00eau th\u00edch ghi l\u1ea1i nh\u1eefng h\u00ecnh \u1ea3nh v\u1ec1 c\u00e1c cu\u1ed9c h\u00e0nh tr\u00ecnh c\u1ee7a m\u00ecnh. B\u1ed9 d\u00e2y n\u1ecbt ng\u1ef1c s\u1ebd cho b\u1ea1n nh\u1eefng c\u1ea3m gi\u00e1c m\u1edbi l\u1ea1 h\u01a1n.<\/span><\/p>\n<p>&nbsp;<\/p>\n<p><span style=\"font-size: 18px;\"><img loading=\"lazy\" decoding=\"async\" class=\"alignnone wp-image-11110\" src=\"https:\/\/phukienflytech.vn\/wp-content\/uploads\/2020\/05\/bo-day-nit-nguc-dji-osmo-action-va-action-camera-5362-1-800x394.png\" alt=\"\" width=\"717\" height=\"353\" srcset=\"https:\/\/phukienflytech.vn\/wp-content\/uploads\/2020\/05\/bo-day-nit-nguc-dji-osmo-action-va-action-camera-5362-1-800x394.png 800w, https:\/\/phukienflytech.vn\/wp-content\/uploads\/2020\/05\/bo-day-nit-nguc-dji-osmo-action-va-action-camera-5362-1-768x378.png 768w, https:\/\/phukienflytech.vn\/wp-content\/uploads\/2020\/05\/bo-day-nit-nguc-dji-osmo-action-va-action-camera-5362-1-600x295.png 600w, https:\/\/phukienflytech.vn\/wp-content\/uploads\/2020\/05\/bo-day-nit-nguc-dji-osmo-action-va-action-camera-5362-1.png 997w\" sizes=\"auto, (max-width: 717px) 100vw, 717px\" \/><\/span><\/p>\n<p>&nbsp;<\/p>\n<p><span style=\"font-size: 18px;\">\u0110\u1eb7c bi\u1ec7t n\u1ebfu b\u1ea1n \u0111ang s\u1edf h\u1eefu cho m\u00ecnh nh\u1eefng chi\u1ebfc action camera \u2013 camera h\u00e0nh tr\u00ecnh th\u00ec b\u1ea1n s\u1ebd lu\u00f4n th\u1ea5y \u0111\u01b0\u1ee3c s\u1ef1 ti\u1ec7n l\u1ee3i t\u1eeb ch\u00fang, kh\u00f4ng ch\u1ec9 l\u00e0 nh\u1ecf g\u1ecdn , m\u00e0 c\u00e1c lo\u1ea1i action camera \u2013 camera h\u00e0nh tr\u00ecnh lu\u00f4n gi\u00fap ch\u00fang ta c\u00f3 nh\u1eefng g\u00f3c nh\u00ecn ho\u00e0n to\u00e0n m\u1edbi l\u1ea1 v\u00e0 c\u00f3 c\u1ea3m gi\u00e1c ch\u00e2n th\u1ef1c h\u01a1n r\u1ea5t nhi\u1ec1u.<\/span><\/p>\n<p>&nbsp;<\/p>\n<p><span style=\"font-size: 18px;\"><img loading=\"lazy\" decoding=\"async\" class=\"alignnone size-medium wp-image-11112\" src=\"https:\/\/phukienflytech.vn\/wp-content\/uploads\/2020\/05\/bo-day-nit-nguc-dji-osmo-action-va-action-camera-5362-1-2-400x400.jpg\" alt=\"\" width=\"400\" height=\"400\" srcset=\"https:\/\/phukienflytech.vn\/wp-content\/uploads\/2020\/05\/bo-day-nit-nguc-dji-osmo-action-va-action-camera-5362-1-2-400x400.jpg 400w, https:\/\/phukienflytech.vn\/wp-content\/uploads\/2020\/05\/bo-day-nit-nguc-dji-osmo-action-va-action-camera-5362-1-2-280x280.jpg 280w, https:\/\/phukienflytech.vn\/wp-content\/uploads\/2020\/05\/bo-day-nit-nguc-dji-osmo-action-va-action-camera-5362-1-2-768x768.jpg 768w, https:\/\/phukienflytech.vn\/wp-content\/uploads\/2020\/05\/bo-day-nit-nguc-dji-osmo-action-va-action-camera-5362-1-2-800x800.jpg 800w, https:\/\/phukienflytech.vn\/wp-content\/uploads\/2020\/05\/bo-day-nit-nguc-dji-osmo-action-va-action-camera-5362-1-2-300x300.jpg 300w, https:\/\/phukienflytech.vn\/wp-content\/uploads\/2020\/05\/bo-day-nit-nguc-dji-osmo-action-va-action-camera-5362-1-2-600x600.jpg 600w, https:\/\/phukienflytech.vn\/wp-content\/uploads\/2020\/05\/bo-day-nit-nguc-dji-osmo-action-va-action-camera-5362-1-2-100x100.jpg 100w, https:\/\/phukienflytech.vn\/wp-content\/uploads\/2020\/05\/bo-day-nit-nguc-dji-osmo-action-va-action-camera-5362-1-2.jpg 1000w\" sizes=\"auto, (max-width: 400px) 100vw, 400px\" \/><\/span><\/p>\n<p>&nbsp;<\/p>\n<p><span style=\"font-size: 18px;\">D\u01b0\u1edbi d\u00e2y l\u00e0 b\u1ed9 s\u1ea3n ph\u1ea9m d\u00e2y \u0111eo Body Held d\u00e0nh cho\u00a0<em><strong>DJI Osmo Action<\/strong><\/em>\u00a0n\u00f3i ri\u00eang v\u00e0 Action camera- camera h\u00e0nh tr\u00ecnh n\u00f3i chung v\u00e0 g\u1ea7n h\u01a1n l\u00e0\u00a0<em><strong>DJI Osmo Pocket<\/strong><\/em><\/span><\/p>\n<p><span style=\"font-size: 18px;\">\u0110\u1eb7c \u0111i\u1ec3m c\u1ee7a d\u00e2y<\/span><\/p>\n<ul>\n<li><span style=\"font-size: 18px;\">Ch\u1ea5t li\u1ec7u : d\u00e2y d\u00f9 co d\u00e3n, gi\u00e1 \u0111\u1ee1 action camera b\u1eb1ng nh\u1ef1a \u0111\u00fac c\u1ee9ng<\/span><\/li>\n<li><span style=\"font-size: 18px;\">M\u00e0u s\u1eafc : \u0110en tuy\u1ec1n<\/span><\/li>\n<li><span style=\"font-size: 18px;\">Ph\u00f9 h\u1ee3p : Nam \/ N\u1eef<\/span><\/li>\n<li><span style=\"font-size: 18px;\">Tr\u1ecdng l\u01b0\u1ee3ng : 130g<\/span><\/li>\n<li><span style=\"font-size: 18px;\">Nh\u00e0 s\u1ea3n xu\u1ea5t : Sunnylife<\/span><\/li>\n<\/ul>\n<p>&nbsp;<\/p>\n<p><span style=\"font-size: 18px;\"><img loading=\"lazy\" decoding=\"async\" class=\"alignnone size-medium wp-image-11114\" src=\"https:\/\/phukienflytech.vn\/wp-content\/uploads\/2020\/05\/bo-day-nit-nguc-dji-osmo-action-va-action-camera-5362-2-2-400x400.jpg\" alt=\"\" width=\"400\" height=\"400\" srcset=\"https:\/\/phukienflytech.vn\/wp-content\/uploads\/2020\/05\/bo-day-nit-nguc-dji-osmo-action-va-action-camera-5362-2-2-400x400.jpg 400w, https:\/\/phukienflytech.vn\/wp-content\/uploads\/2020\/05\/bo-day-nit-nguc-dji-osmo-action-va-action-camera-5362-2-2-280x280.jpg 280w, https:\/\/phukienflytech.vn\/wp-content\/uploads\/2020\/05\/bo-day-nit-nguc-dji-osmo-action-va-action-camera-5362-2-2-768x768.jpg 768w, https:\/\/phukienflytech.vn\/wp-content\/uploads\/2020\/05\/bo-day-nit-nguc-dji-osmo-action-va-action-camera-5362-2-2-800x800.jpg 800w, https:\/\/phukienflytech.vn\/wp-content\/uploads\/2020\/05\/bo-day-nit-nguc-dji-osmo-action-va-action-camera-5362-2-2-300x300.jpg 300w, https:\/\/phukienflytech.vn\/wp-content\/uploads\/2020\/05\/bo-day-nit-nguc-dji-osmo-action-va-action-camera-5362-2-2-600x600.jpg 600w, https:\/\/phukienflytech.vn\/wp-content\/uploads\/2020\/05\/bo-day-nit-nguc-dji-osmo-action-va-action-camera-5362-2-2-100x100.jpg 100w, https:\/\/phukienflytech.vn\/wp-content\/uploads\/2020\/05\/bo-day-nit-nguc-dji-osmo-action-va-action-camera-5362-2-2.jpg 1000w\" sizes=\"auto, (max-width: 400px) 100vw, 400px\" \/><\/span><\/p>\n<p>&nbsp;<\/p>\n<p><span style=\"font-size: 18px;\">C\u00e1c s\u1eed d\u1ee5ng :<\/span><\/p>\n<p><span style=\"font-size: 18px;\">B\u01b0\u1edbc 1 : G\u1eafn camera action v\u1edbi tr\u1ee5c n\u1ed1i<\/span><\/p>\n<p><span style=\"font-size: 18px;\">B\u01b0\u1edbc 2 : Deo d\u00e2y v\u00e0o c\u01a1 th\u1ec3 c\u1ee7a m\u00ecnh \u1edf m\u1ed9t t\u01b0 th\u1ebf thu\u1eadn ti\u1ec7n nh\u1ea5t, tho\u1ea3i m\u00e1i nh\u1ea5<\/span><\/p>\n<p><span style=\"font-size: 18px;\">B\u01b0\u1edbc 3 : c\u00e0i tr\u1ee5c n\u1ed1i gi\u1eefa action camera \u2013\u00a0<em><strong>DJI Osmo action<\/strong>\u00a0<\/em>v\u1edbi gi\u00e1 \u0111\u1ee1 tr\u00ean d\u00e2y<\/span><\/p>\n<p>&nbsp;<\/p>\n<p><span style=\"font-size: 18px;\"><img loading=\"lazy\" decoding=\"async\" class=\"alignnone size-medium wp-image-11116\" src=\"https:\/\/phukienflytech.vn\/wp-content\/uploads\/2020\/05\/bo-day-nit-nguc-dji-osmo-action-va-action-camera-5362-3-1-400x400.png\" alt=\"\" width=\"400\" height=\"400\" srcset=\"https:\/\/phukienflytech.vn\/wp-content\/uploads\/2020\/05\/bo-day-nit-nguc-dji-osmo-action-va-action-camera-5362-3-1-400x400.png 400w, https:\/\/phukienflytech.vn\/wp-content\/uploads\/2020\/05\/bo-day-nit-nguc-dji-osmo-action-va-action-camera-5362-3-1-280x280.png 280w, https:\/\/phukienflytech.vn\/wp-content\/uploads\/2020\/05\/bo-day-nit-nguc-dji-osmo-action-va-action-camera-5362-3-1-768x768.png 768w, https:\/\/phukienflytech.vn\/wp-content\/uploads\/2020\/05\/bo-day-nit-nguc-dji-osmo-action-va-action-camera-5362-3-1-800x800.png 800w, https:\/\/phukienflytech.vn\/wp-content\/uploads\/2020\/05\/bo-day-nit-nguc-dji-osmo-action-va-action-camera-5362-3-1-300x300.png 300w, https:\/\/phukienflytech.vn\/wp-content\/uploads\/2020\/05\/bo-day-nit-nguc-dji-osmo-action-va-action-camera-5362-3-1-600x600.png 600w, https:\/\/phukienflytech.vn\/wp-content\/uploads\/2020\/05\/bo-day-nit-nguc-dji-osmo-action-va-action-camera-5362-3-1-100x100.png 100w, https:\/\/phukienflytech.vn\/wp-content\/uploads\/2020\/05\/bo-day-nit-nguc-dji-osmo-action-va-action-camera-5362-3-1.png 1000w\" sizes=\"auto, (max-width: 400px) 100vw, 400px\" \/><\/span><\/p>\n<p>&nbsp;<\/p>\n<p>&nbsp;<\/p>\n<p>&nbsp;<\/p>\n","protected":false},"excerpt":{"rendered":"<p>B\u1ed9 d\u00e2y n\u1ecbt ng\u1ef1c N\u1ebfu b\u1ea1n l\u00e0 ng\u01b0\u1eddi y\u00eau th\u00edch du l\u1ecbch d\u00e3 ngo\u1ea1i ho\u1eb7c ph\u01b0\u1ee3t t\u1edbi nh\u1eefng n\u01a1i c\u00f3 quang c\u00e1nh \u0111\u1eb9p th\u00ec t\u00f4i tin b\u1ea1n l\u00e0 m\u1ed9t ng\u01b0\u1eddi c\u0169ng y\u00eau th\u00edch ghi l\u1ea1i nh\u1eefng h\u00ecnh \u1ea3nh v\u1ec1 c\u00e1c cu\u1ed9c h\u00e0nh tr\u00ecnh c\u1ee7a m\u00ecnh. B\u1ed9 d\u00e2y n\u1ecbt ng\u1ef1c s\u1ebd cho b\u1ea1n nh\u1eefng c\u1ea3m gi\u00e1c &#8230;<\/p>\n","protected":false},"featured_media":5373,"comment_status":"open","ping_status":"closed","template":"","meta":{"_acf_changed":false},"product_brand":[],"product_cat":[187,186],"product_tag":[392,372,354],"class_list":{"0":"post-5371","1":"product","2":"type-product","3":"status-publish","4":"has-post-thumbnail","6":"product_cat-osmo-action-accessory","7":"product_cat-osmo-pocket-accessory","8":"product_tag-bo-day-nit-nguc-en","9":"product_tag-phu-kien-osmo-action-en","10":"product_tag-phu-kien-osmo-pocket-en","12":"first","13":"instock","14":"shipping-taxable","15":"purchasable","16":"product-type-simple"},"acf":[],"yoast_head":"<!-- This site is optimized with the Yoast SEO plugin v25.7 - https:\/\/yoast.com\/wordpress\/plugins\/seo\/ -->\n<title>B\u1ed9 d\u00e2y n\u1ecbt ng\u1ef1c - Ph\u1ee5 ki\u1ec7n Osmo Pocket - Ph\u1ee5 ki\u1ec7n Osmo Action<\/title>\n<meta name=\"description\" content=\"B\u1ed9 d\u00e2y n\u1ecbt ng\u1ef1c thu\u1ed9c ph\u1ee5 ki\u1ec7n Osmo Pocket v\u00e0 ph\u1ee5 ki\u1ec7n Osmo Action. B\u1ed9 d\u00e2y n\u1ecbt ng\u1ef1c c\u00f3 t\u00e1c d\u1ee5ng c\u1ed1 \u0111\u1ecbnh chi\u1ebfc m\u00e1y tr\u01b0\u1edbc ng\u1ef1c gi\u00fap c\u00f3 nh\u1eefng g\u00f3c quay m\u1edbi l\u1ea1.\" \/>\n<meta name=\"robots\" content=\"index, follow, max-snippet:-1, max-image-preview:large, max-video-preview:-1\" \/>\n<link rel=\"canonical\" href=\"https:\/\/phukienflytech.vn\/en\/san-pham\/bo-day-nit-nguc-dji-osmo-action-va-action-camera.html\" \/>\n<meta property=\"og:locale\" content=\"en_US\" \/>\n<meta property=\"og:type\" content=\"article\" \/>\n<meta property=\"og:title\" content=\"B\u1ed9 d\u00e2y n\u1ecbt ng\u1ef1c - Ph\u1ee5 ki\u1ec7n Osmo Pocket - Ph\u1ee5 ki\u1ec7n Osmo Action\" \/>\n<meta property=\"og:description\" content=\"B\u1ed9 d\u00e2y n\u1ecbt ng\u1ef1c thu\u1ed9c ph\u1ee5 ki\u1ec7n Osmo Pocket v\u00e0 ph\u1ee5 ki\u1ec7n Osmo Action. B\u1ed9 d\u00e2y n\u1ecbt ng\u1ef1c c\u00f3 t\u00e1c d\u1ee5ng c\u1ed1 \u0111\u1ecbnh chi\u1ebfc m\u00e1y tr\u01b0\u1edbc ng\u1ef1c gi\u00fap c\u00f3 nh\u1eefng g\u00f3c quay m\u1edbi l\u1ea1.\" \/>\n<meta property=\"og:url\" content=\"https:\/\/phukienflytech.vn\/en\/san-pham\/bo-day-nit-nguc-dji-osmo-action-va-action-camera.html\" \/>\n<meta property=\"og:site_name\" content=\"Shop M\u00e1y \u1ea3nh - Action Camera - Gimbal - Flycam - Ph\u1ee5 ki\u1ec7n\" \/>\n<meta property=\"article:publisher\" content=\"https:\/\/facebook.com\/phukienflycam\" \/>\n<meta property=\"article:modified_time\" content=\"2021-01-14T02:51:14+00:00\" \/>\n<meta property=\"og:image\" content=\"https:\/\/phukienflytech.vn\/wp-content\/uploads\/2020\/05\/phu-kien-dji-osmo-aciton-Copy.png\" \/>\n\t<meta property=\"og:image:width\" content=\"300\" \/>\n\t<meta property=\"og:image:height\" content=\"300\" \/>\n\t<meta property=\"og:image:type\" content=\"image\/png\" \/>\n<meta name=\"twitter:card\" content=\"summary_large_image\" \/>\n<meta name=\"twitter:label1\" content=\"Est. reading time\" \/>\n\t<meta name=\"twitter:data1\" content=\"2 minutes\" \/>\n<script type=\"application\/ld+json\" class=\"yoast-schema-graph\">{\"@context\":\"https:\/\/schema.org\",\"@graph\":[{\"@type\":\"WebPage\",\"@id\":\"https:\/\/phukienflytech.vn\/en\/san-pham\/bo-day-nit-nguc-dji-osmo-action-va-action-camera.html\",\"url\":\"https:\/\/phukienflytech.vn\/en\/san-pham\/bo-day-nit-nguc-dji-osmo-action-va-action-camera.html\",\"name\":\"B\u1ed9 d\u00e2y n\u1ecbt ng\u1ef1c - Ph\u1ee5 ki\u1ec7n Osmo Pocket - Ph\u1ee5 ki\u1ec7n Osmo Action\",\"isPartOf\":{\"@id\":\"https:\/\/phukienflytech.vn\/#website\"},\"primaryImageOfPage\":{\"@id\":\"https:\/\/phukienflytech.vn\/en\/san-pham\/bo-day-nit-nguc-dji-osmo-action-va-action-camera.html#primaryimage\"},\"image\":{\"@id\":\"https:\/\/phukienflytech.vn\/en\/san-pham\/bo-day-nit-nguc-dji-osmo-action-va-action-camera.html#primaryimage\"},\"thumbnailUrl\":\"https:\/\/phukienflytech.vn\/wp-content\/uploads\/2020\/05\/phu-kien-dji-osmo-aciton-Copy.png\",\"datePublished\":\"2020-05-31T02:00:22+00:00\",\"dateModified\":\"2021-01-14T02:51:14+00:00\",\"description\":\"B\u1ed9 d\u00e2y n\u1ecbt ng\u1ef1c thu\u1ed9c ph\u1ee5 ki\u1ec7n Osmo Pocket v\u00e0 ph\u1ee5 ki\u1ec7n Osmo Action. B\u1ed9 d\u00e2y n\u1ecbt ng\u1ef1c c\u00f3 t\u00e1c d\u1ee5ng c\u1ed1 \u0111\u1ecbnh chi\u1ebfc m\u00e1y tr\u01b0\u1edbc ng\u1ef1c gi\u00fap c\u00f3 nh\u1eefng g\u00f3c quay m\u1edbi l\u1ea1.\",\"breadcrumb\":{\"@id\":\"https:\/\/phukienflytech.vn\/en\/san-pham\/bo-day-nit-nguc-dji-osmo-action-va-action-camera.html#breadcrumb\"},\"inLanguage\":\"en-US\",\"potentialAction\":[{\"@type\":\"ReadAction\",\"target\":[\"https:\/\/phukienflytech.vn\/en\/san-pham\/bo-day-nit-nguc-dji-osmo-action-va-action-camera.html\"]}]},{\"@type\":\"ImageObject\",\"inLanguage\":\"en-US\",\"@id\":\"https:\/\/phukienflytech.vn\/en\/san-pham\/bo-day-nit-nguc-dji-osmo-action-va-action-camera.html#primaryimage\",\"url\":\"https:\/\/phukienflytech.vn\/wp-content\/uploads\/2020\/05\/phu-kien-dji-osmo-aciton-Copy.png\",\"contentUrl\":\"https:\/\/phukienflytech.vn\/wp-content\/uploads\/2020\/05\/phu-kien-dji-osmo-aciton-Copy.png\",\"width\":300,\"height\":300},{\"@type\":\"BreadcrumbList\",\"@id\":\"https:\/\/phukienflytech.vn\/en\/san-pham\/bo-day-nit-nguc-dji-osmo-action-va-action-camera.html#breadcrumb\",\"itemListElement\":[{\"@type\":\"ListItem\",\"position\":1,\"name\":\"Home\",\"item\":\"https:\/\/phukienflytech.vn\/en\"},{\"@type\":\"ListItem\",\"position\":2,\"name\":\"Ph\u1ee5 ki\u1ec7n Mavic Pro\",\"item\":\"https:\/\/phukienflytech.vn\/en\/phu-kien-mavic-pro.html\"},{\"@type\":\"ListItem\",\"position\":3,\"name\":\"DJI Osmo &amp; Drone's accessories\",\"item\":\"https:\/\/phukienflytech.vn\/en\/danh-muc\/dji-osmo-drones-accessories.html\"},{\"@type\":\"ListItem\",\"position\":4,\"name\":\"Osmo Action accessory\",\"item\":\"https:\/\/phukienflytech.vn\/en\/danh-muc\/osmo-action-accessory.html\"},{\"@type\":\"ListItem\",\"position\":5,\"name\":\"B\u1ed9 d\u00e2y n\u1ecbt ng\u1ef1c \u2013 DJI Osmo Action v\u00e0 Action camera\"}]},{\"@type\":\"WebSite\",\"@id\":\"https:\/\/phukienflytech.vn\/#website\",\"url\":\"https:\/\/phukienflytech.vn\/\",\"name\":\"Shop M\u00e1y \u1ea3nh - Action Camera - Gimbal - Flycam - Ph\u1ee5 ki\u1ec7n\",\"description\":\"Shop M\u00e1y \u1ea3nh - Action Camera - Gimbal - Flycam - Ph\u1ee5 ki\u1ec7n\",\"publisher\":{\"@id\":\"https:\/\/phukienflytech.vn\/#organization\"},\"potentialAction\":[{\"@type\":\"SearchAction\",\"target\":{\"@type\":\"EntryPoint\",\"urlTemplate\":\"https:\/\/phukienflytech.vn\/?s={search_term_string}\"},\"query-input\":{\"@type\":\"PropertyValueSpecification\",\"valueRequired\":true,\"valueName\":\"search_term_string\"}}],\"inLanguage\":\"en-US\"},{\"@type\":\"Organization\",\"@id\":\"https:\/\/phukienflytech.vn\/#organization\",\"name\":\"DJI Store - Shop Drone, Action camera, Gimbal DJI |Phukienflytech\",\"alternateName\":\"DJI Store - Shop Drone, Action camera, Gimbal DJI |Phukienflytech\",\"url\":\"https:\/\/phukienflytech.vn\/\",\"logo\":{\"@type\":\"ImageObject\",\"inLanguage\":\"en-US\",\"@id\":\"https:\/\/phukienflytech.vn\/#\/schema\/logo\/image\/\",\"url\":\"https:\/\/phukienflytech.vn\/wp-content\/uploads\/2020\/05\/hAnh_nan.jpg1_.jpg\",\"contentUrl\":\"https:\/\/phukienflytech.vn\/wp-content\/uploads\/2020\/05\/hAnh_nan.jpg1_.jpg\",\"width\":800,\"height\":450,\"caption\":\"DJI Store - Shop Drone, Action camera, Gimbal DJI |Phukienflytech\"},\"image\":{\"@id\":\"https:\/\/phukienflytech.vn\/#\/schema\/logo\/image\/\"},\"sameAs\":[\"https:\/\/facebook.com\/phukienflycam\",\"https:\/\/www.youtube.com\/@phukienflytech\",\"https:\/\/www.tiktok.com\/@flytech.channel?fbclid=IwY2xjawGjg7BleHRuA2FlbQIxMAABHYVGmlXpuSMs0UB2zTpYvyT4GMVfN2qJa4urF4vkSQ6FAVBwXZtDP30qQA_aem_UwMiDcUvlEbd2tXAmsc8Og\"]}]}<\/script>\n<!-- \/ Yoast SEO plugin. -->","yoast_head_json":{"title":"B\u1ed9 d\u00e2y n\u1ecbt ng\u1ef1c - Ph\u1ee5 ki\u1ec7n Osmo Pocket - Ph\u1ee5 ki\u1ec7n Osmo Action","description":"B\u1ed9 d\u00e2y n\u1ecbt ng\u1ef1c thu\u1ed9c ph\u1ee5 ki\u1ec7n Osmo Pocket v\u00e0 ph\u1ee5 ki\u1ec7n Osmo Action. B\u1ed9 d\u00e2y n\u1ecbt ng\u1ef1c c\u00f3 t\u00e1c d\u1ee5ng c\u1ed1 \u0111\u1ecbnh chi\u1ebfc m\u00e1y tr\u01b0\u1edbc ng\u1ef1c gi\u00fap c\u00f3 nh\u1eefng g\u00f3c quay m\u1edbi l\u1ea1.","robots":{"index":"index","follow":"follow","max-snippet":"max-snippet:-1","max-image-preview":"max-image-preview:large","max-video-preview":"max-video-preview:-1"},"canonical":"https:\/\/phukienflytech.vn\/en\/san-pham\/bo-day-nit-nguc-dji-osmo-action-va-action-camera.html","og_locale":"en_US","og_type":"article","og_title":"B\u1ed9 d\u00e2y n\u1ecbt ng\u1ef1c - Ph\u1ee5 ki\u1ec7n Osmo Pocket - Ph\u1ee5 ki\u1ec7n Osmo Action","og_description":"B\u1ed9 d\u00e2y n\u1ecbt ng\u1ef1c thu\u1ed9c ph\u1ee5 ki\u1ec7n Osmo Pocket v\u00e0 ph\u1ee5 ki\u1ec7n Osmo Action. B\u1ed9 d\u00e2y n\u1ecbt ng\u1ef1c c\u00f3 t\u00e1c d\u1ee5ng c\u1ed1 \u0111\u1ecbnh chi\u1ebfc m\u00e1y tr\u01b0\u1edbc ng\u1ef1c gi\u00fap c\u00f3 nh\u1eefng g\u00f3c quay m\u1edbi l\u1ea1.","og_url":"https:\/\/phukienflytech.vn\/en\/san-pham\/bo-day-nit-nguc-dji-osmo-action-va-action-camera.html","og_site_name":"Shop M\u00e1y \u1ea3nh - Action Camera - Gimbal - Flycam - Ph\u1ee5 ki\u1ec7n","article_publisher":"https:\/\/facebook.com\/phukienflycam","article_modified_time":"2021-01-14T02:51:14+00:00","og_image":[{"width":300,"height":300,"url":"https:\/\/phukienflytech.vn\/wp-content\/uploads\/2020\/05\/phu-kien-dji-osmo-aciton-Copy.png","type":"image\/png"}],"twitter_card":"summary_large_image","twitter_misc":{"Est. reading time":"2 minutes"},"schema":{"@context":"https:\/\/schema.org","@graph":[{"@type":"WebPage","@id":"https:\/\/phukienflytech.vn\/en\/san-pham\/bo-day-nit-nguc-dji-osmo-action-va-action-camera.html","url":"https:\/\/phukienflytech.vn\/en\/san-pham\/bo-day-nit-nguc-dji-osmo-action-va-action-camera.html","name":"B\u1ed9 d\u00e2y n\u1ecbt ng\u1ef1c - Ph\u1ee5 ki\u1ec7n Osmo Pocket - Ph\u1ee5 ki\u1ec7n Osmo Action","isPartOf":{"@id":"https:\/\/phukienflytech.vn\/#website"},"primaryImageOfPage":{"@id":"https:\/\/phukienflytech.vn\/en\/san-pham\/bo-day-nit-nguc-dji-osmo-action-va-action-camera.html#primaryimage"},"image":{"@id":"https:\/\/phukienflytech.vn\/en\/san-pham\/bo-day-nit-nguc-dji-osmo-action-va-action-camera.html#primaryimage"},"thumbnailUrl":"https:\/\/phukienflytech.vn\/wp-content\/uploads\/2020\/05\/phu-kien-dji-osmo-aciton-Copy.png","datePublished":"2020-05-31T02:00:22+00:00","dateModified":"2021-01-14T02:51:14+00:00","description":"B\u1ed9 d\u00e2y n\u1ecbt ng\u1ef1c thu\u1ed9c ph\u1ee5 ki\u1ec7n Osmo Pocket v\u00e0 ph\u1ee5 ki\u1ec7n Osmo Action. B\u1ed9 d\u00e2y n\u1ecbt ng\u1ef1c c\u00f3 t\u00e1c d\u1ee5ng c\u1ed1 \u0111\u1ecbnh chi\u1ebfc m\u00e1y tr\u01b0\u1edbc ng\u1ef1c gi\u00fap c\u00f3 nh\u1eefng g\u00f3c quay m\u1edbi l\u1ea1.","breadcrumb":{"@id":"https:\/\/phukienflytech.vn\/en\/san-pham\/bo-day-nit-nguc-dji-osmo-action-va-action-camera.html#breadcrumb"},"inLanguage":"en-US","potentialAction":[{"@type":"ReadAction","target":["https:\/\/phukienflytech.vn\/en\/san-pham\/bo-day-nit-nguc-dji-osmo-action-va-action-camera.html"]}]},{"@type":"ImageObject","inLanguage":"en-US","@id":"https:\/\/phukienflytech.vn\/en\/san-pham\/bo-day-nit-nguc-dji-osmo-action-va-action-camera.html#primaryimage","url":"https:\/\/phukienflytech.vn\/wp-content\/uploads\/2020\/05\/phu-kien-dji-osmo-aciton-Copy.png","contentUrl":"https:\/\/phukienflytech.vn\/wp-content\/uploads\/2020\/05\/phu-kien-dji-osmo-aciton-Copy.png","width":300,"height":300},{"@type":"BreadcrumbList","@id":"https:\/\/phukienflytech.vn\/en\/san-pham\/bo-day-nit-nguc-dji-osmo-action-va-action-camera.html#breadcrumb","itemListElement":[{"@type":"ListItem","position":1,"name":"Home","item":"https:\/\/phukienflytech.vn\/en"},{"@type":"ListItem","position":2,"name":"Ph\u1ee5 ki\u1ec7n Mavic Pro","item":"https:\/\/phukienflytech.vn\/en\/phu-kien-mavic-pro.html"},{"@type":"ListItem","position":3,"name":"DJI Osmo &amp; Drone's accessories","item":"https:\/\/phukienflytech.vn\/en\/danh-muc\/dji-osmo-drones-accessories.html"},{"@type":"ListItem","position":4,"name":"Osmo Action accessory","item":"https:\/\/phukienflytech.vn\/en\/danh-muc\/osmo-action-accessory.html"},{"@type":"ListItem","position":5,"name":"B\u1ed9 d\u00e2y n\u1ecbt ng\u1ef1c \u2013 DJI Osmo Action v\u00e0 Action camera"}]},{"@type":"WebSite","@id":"https:\/\/phukienflytech.vn\/#website","url":"https:\/\/phukienflytech.vn\/","name":"Shop M\u00e1y \u1ea3nh - Action Camera - Gimbal - Flycam - Ph\u1ee5 ki\u1ec7n","description":"Shop M\u00e1y \u1ea3nh - Action Camera - Gimbal - Flycam - Ph\u1ee5 ki\u1ec7n","publisher":{"@id":"https:\/\/phukienflytech.vn\/#organization"},"potentialAction":[{"@type":"SearchAction","target":{"@type":"EntryPoint","urlTemplate":"https:\/\/phukienflytech.vn\/?s={search_term_string}"},"query-input":{"@type":"PropertyValueSpecification","valueRequired":true,"valueName":"search_term_string"}}],"inLanguage":"en-US"},{"@type":"Organization","@id":"https:\/\/phukienflytech.vn\/#organization","name":"DJI Store - Shop Drone, Action camera, Gimbal DJI |Phukienflytech","alternateName":"DJI Store - Shop Drone, Action camera, Gimbal DJI |Phukienflytech","url":"https:\/\/phukienflytech.vn\/","logo":{"@type":"ImageObject","inLanguage":"en-US","@id":"https:\/\/phukienflytech.vn\/#\/schema\/logo\/image\/","url":"https:\/\/phukienflytech.vn\/wp-content\/uploads\/2020\/05\/hAnh_nan.jpg1_.jpg","contentUrl":"https:\/\/phukienflytech.vn\/wp-content\/uploads\/2020\/05\/hAnh_nan.jpg1_.jpg","width":800,"height":450,"caption":"DJI Store - Shop Drone, Action camera, Gimbal DJI |Phukienflytech"},"image":{"@id":"https:\/\/phukienflytech.vn\/#\/schema\/logo\/image\/"},"sameAs":["https:\/\/facebook.com\/phukienflycam","https:\/\/www.youtube.com\/@phukienflytech","https:\/\/www.tiktok.com\/@flytech.channel?fbclid=IwY2xjawGjg7BleHRuA2FlbQIxMAABHYVGmlXpuSMs0UB2zTpYvyT4GMVfN2qJa4urF4vkSQ6FAVBwXZtDP30qQA_aem_UwMiDcUvlEbd2tXAmsc8Og"]}]}},"_links":{"self":[{"href":"https:\/\/phukienflytech.vn\/en\/wp-json\/wp\/v2\/product\/5371","targetHints":{"allow":["GET"]}}],"collection":[{"href":"https:\/\/phukienflytech.vn\/en\/wp-json\/wp\/v2\/product"}],"about":[{"href":"https:\/\/phukienflytech.vn\/en\/wp-json\/wp\/v2\/types\/product"}],"replies":[{"embeddable":true,"href":"https:\/\/phukienflytech.vn\/en\/wp-json\/wp\/v2\/comments?post=5371"}],"wp:featuredmedia":[{"embeddable":true,"href":"https:\/\/phukienflytech.vn\/en\/wp-json\/wp\/v2\/media\/5373"}],"wp:attachment":[{"href":"https:\/\/phukienflytech.vn\/en\/wp-json\/wp\/v2\/media?parent=5371"}],"wp:term":[{"taxonomy":"product_brand","embeddable":true,"href":"https:\/\/phukienflytech.vn\/en\/wp-json\/wp\/v2\/product_brand?post=5371"},{"taxonomy":"product_cat","embeddable":true,"href":"https:\/\/phukienflytech.vn\/en\/wp-json\/wp\/v2\/product_cat?post=5371"},{"taxonomy":"product_tag","embeddable":true,"href":"https:\/\/phukienflytech.vn\/en\/wp-json\/wp\/v2\/product_tag?post=5371"}],"curies":[{"name":"wp","href":"https:\/\/api.w.org\/{rel}","templated":true}]}}