{"id":5397,"date":"2020-05-31T09:26:56","date_gmt":"2020-05-31T02:26:56","guid":{"rendered":"http:\/\/27430.lamdx.vinawebsite.vn\/san-pham\/bo-kinh-cuong-luc-chong-xuoc-dji-osmo-action.html"},"modified":"2020-10-09T16:38:53","modified_gmt":"2020-10-09T09:38:53","slug":"dji-osmo-action-screen-glass","status":"publish","type":"product","link":"https:\/\/phukienflytech.vn\/en\/san-pham\/dji-osmo-action-screen-glass.html","title":{"rendered":"DJI Osmo Action Screen Tempered Protection Glass"},"content":{"rendered":"<h2><span style=\"color: #0000ff;\"><em><strong><span style=\"font-size: 21px;\">DJI Osmo Action Screen Glass<\/span><\/strong><\/em><\/span><\/h2>\n<p><span style=\"font-size: 18px;\">DJI Osmo Action Screen Glass<\/span><\/p>\n<p><span style=\"font-size: 18px;\">C\u00f3 ph\u1ea3i b\u1ea1n \u0111ang lo l\u1eafng v\u1ec1 chi\u1ebfc m\u00e1y c\u1ee7a m\u00ecnh c\u00f3 th\u1ec3 b\u1ecb x\u01b0\u1edbc m\u00e0n h\u00ecnh v\u00e0 camera ? Th\u00ec B\u1ed9 k\u00ednh c\u01b0\u1eddng l\u1ef1c Osmo Action s\u1ebd gi\u00fap b\u1ea1n gi\u1ea3i t\u1ecfa lo l\u1eafng \u0111\u00f3.<\/span><\/p>\n<p>&nbsp;<\/p>\n<p><span style=\"font-size: 18px;\"><img loading=\"lazy\" decoding=\"async\" class=\"alignnone size-medium wp-image-11100\" src=\"https:\/\/phukienflytech.vn\/wp-content\/uploads\/2020\/05\/bo-kinh-cuong-luc-chong-xuoc-dji-osmo-action-5386-5-544x400.jpg\" alt=\"\" width=\"544\" height=\"400\" srcset=\"https:\/\/phukienflytech.vn\/wp-content\/uploads\/2020\/05\/bo-kinh-cuong-luc-chong-xuoc-dji-osmo-action-5386-5-544x400.jpg 544w, https:\/\/phukienflytech.vn\/wp-content\/uploads\/2020\/05\/bo-kinh-cuong-luc-chong-xuoc-dji-osmo-action-5386-5-768x565.jpg 768w, https:\/\/phukienflytech.vn\/wp-content\/uploads\/2020\/05\/bo-kinh-cuong-luc-chong-xuoc-dji-osmo-action-5386-5-600x441.jpg 600w, https:\/\/phukienflytech.vn\/wp-content\/uploads\/2020\/05\/bo-kinh-cuong-luc-chong-xuoc-dji-osmo-action-5386-5.jpg 999w\" sizes=\"auto, (max-width: 544px) 100vw, 544px\" \/><\/span><\/p>\n<p>&nbsp;<\/p>\n<p><span style=\"font-size: 18px;\">Th\u1eadt tuy\u1ec7t v\u1eddi khi bi\u1ebft b\u1ea1n \u0111\u00e3 ho\u1eb7c \u0111ang nghi\u00ean c\u1ee9u \u0111\u1ec3 s\u1edf h\u1eefu cho m\u00ecnh m\u1ed9t b\u1ed9\u00a0<em><strong>DJI Osmo action<\/strong><\/em>\u00a0\u2013 chi\u1ebfc camera h\u00e0nh tr\u00ecnh chuy\u00ean nghi\u1ec7p \u0111\u1ea7u ti\u00ean c\u1ee7a DJI. N\u1ebfu b\u1ea1n \u0111\u00e3 mua DJI Osmo action\u00a0 r\u1ed3i th\u00ec ch\u1eafc h\u1eb3n b\u1ea1n c\u0169ng \u0111ang quan t\u00e2m t\u1edbi c\u00e1ch \u0111\u1ec3 n\u00e2ng c\u1ea5p ch\u1ea5t l\u01b0\u1ee3ng h\u00ecnh \u1ea3nh c\u0169ng nh\u01b0 l\u00e0m sao \u0111\u1ec3\u00a0<em><strong>b\u1ea3o v\u1ec7 DJI Osmo action<\/strong><\/em>\u00a0c\u1ee7a m\u00ecnh t\u1ed1t nh\u1ea5t \u0111\u00fang kh\u00f4ng ?<\/span><\/p>\n<p>&nbsp;<\/p>\n<p><span style=\"font-size: 18px;\"><img loading=\"lazy\" decoding=\"async\" class=\"alignnone size-medium wp-image-11102\" src=\"https:\/\/phukienflytech.vn\/wp-content\/uploads\/2020\/05\/bo-kinh-cuong-luc-chong-xuoc-dji-osmo-action-5386-1-Copy-400x400.jpg\" alt=\"\" width=\"400\" height=\"400\" srcset=\"https:\/\/phukienflytech.vn\/wp-content\/uploads\/2020\/05\/bo-kinh-cuong-luc-chong-xuoc-dji-osmo-action-5386-1-Copy-400x400.jpg 400w, https:\/\/phukienflytech.vn\/wp-content\/uploads\/2020\/05\/bo-kinh-cuong-luc-chong-xuoc-dji-osmo-action-5386-1-Copy-280x280.jpg 280w, https:\/\/phukienflytech.vn\/wp-content\/uploads\/2020\/05\/bo-kinh-cuong-luc-chong-xuoc-dji-osmo-action-5386-1-Copy-768x768.jpg 768w, https:\/\/phukienflytech.vn\/wp-content\/uploads\/2020\/05\/bo-kinh-cuong-luc-chong-xuoc-dji-osmo-action-5386-1-Copy-800x800.jpg 800w, https:\/\/phukienflytech.vn\/wp-content\/uploads\/2020\/05\/bo-kinh-cuong-luc-chong-xuoc-dji-osmo-action-5386-1-Copy-300x300.jpg 300w, https:\/\/phukienflytech.vn\/wp-content\/uploads\/2020\/05\/bo-kinh-cuong-luc-chong-xuoc-dji-osmo-action-5386-1-Copy-600x600.jpg 600w, https:\/\/phukienflytech.vn\/wp-content\/uploads\/2020\/05\/bo-kinh-cuong-luc-chong-xuoc-dji-osmo-action-5386-1-Copy-100x100.jpg 100w, https:\/\/phukienflytech.vn\/wp-content\/uploads\/2020\/05\/bo-kinh-cuong-luc-chong-xuoc-dji-osmo-action-5386-1-Copy.jpg 1000w\" sizes=\"auto, (max-width: 400px) 100vw, 400px\" \/><\/span><\/p>\n<p>&nbsp;<\/p>\n<p><span style=\"font-size: 18px;\">B\u1ea1n c\u00f3 bi\u1ebft m\u1ed9t trong s\u1ed1 nh\u1eefng\u00a0<em><strong>ph\u1ee5 ki\u1ec7n DJI Osmo action<\/strong><\/em>\u00a0quant tr\u1ecdng h\u00e0ng \u0111\u1ea7u l\u00e0 g\u00ec ch\u01b0a ? V\u1edbi ch\u00fang t\u00f4i, b\u1ea3o v\u1ec7 m\u1eaft camera, m\u00e0n h\u00ecnh tr\u01b0\u1edbc v\u00e0 sau c\u1ee7a DJI Osmo Action l\u00e0 \u0111i\u1ec1u b\u1ea1n c\u1ea7n ch\u00fa \u00fd \u0111\u1ea7u ti\u00ean.<\/span><\/p>\n<p>&nbsp;<\/p>\n<p><span style=\"font-size: 18px;\"><img loading=\"lazy\" decoding=\"async\" class=\"alignnone wp-image-11104 size-medium\" src=\"https:\/\/phukienflytech.vn\/wp-content\/uploads\/2020\/05\/bo-kinh-cuong-luc-chong-xuoc-dji-osmo-action-5386-2-1-400x400.jpg\" alt=\"DJI-Osmo-Action-Screen-Glass-3\" width=\"400\" height=\"400\" srcset=\"https:\/\/phukienflytech.vn\/wp-content\/uploads\/2020\/05\/bo-kinh-cuong-luc-chong-xuoc-dji-osmo-action-5386-2-1-400x400.jpg 400w, https:\/\/phukienflytech.vn\/wp-content\/uploads\/2020\/05\/bo-kinh-cuong-luc-chong-xuoc-dji-osmo-action-5386-2-1-280x280.jpg 280w, https:\/\/phukienflytech.vn\/wp-content\/uploads\/2020\/05\/bo-kinh-cuong-luc-chong-xuoc-dji-osmo-action-5386-2-1-768x768.jpg 768w, https:\/\/phukienflytech.vn\/wp-content\/uploads\/2020\/05\/bo-kinh-cuong-luc-chong-xuoc-dji-osmo-action-5386-2-1-800x800.jpg 800w, https:\/\/phukienflytech.vn\/wp-content\/uploads\/2020\/05\/bo-kinh-cuong-luc-chong-xuoc-dji-osmo-action-5386-2-1-300x300.jpg 300w, https:\/\/phukienflytech.vn\/wp-content\/uploads\/2020\/05\/bo-kinh-cuong-luc-chong-xuoc-dji-osmo-action-5386-2-1-600x600.jpg 600w, https:\/\/phukienflytech.vn\/wp-content\/uploads\/2020\/05\/bo-kinh-cuong-luc-chong-xuoc-dji-osmo-action-5386-2-1-100x100.jpg 100w, https:\/\/phukienflytech.vn\/wp-content\/uploads\/2020\/05\/bo-kinh-cuong-luc-chong-xuoc-dji-osmo-action-5386-2-1.jpg 1000w\" sizes=\"auto, (max-width: 400px) 100vw, 400px\" \/><\/span><\/p>\n<p>&nbsp;<\/p>\n<p><span style=\"font-size: 18px;\">\u00a0\u2013 b\u1ea3n c\u01b0\u1eddng l\u1ef1c<\/span><\/p>\n<p>&nbsp;<\/p>\n<p><span style=\"font-size: 18px;\"><img loading=\"lazy\" decoding=\"async\" class=\"alignnone wp-image-11106 size-medium\" src=\"https:\/\/phukienflytech.vn\/wp-content\/uploads\/2020\/05\/bo-kinh-cuong-luc-chong-xuoc-dji-osmo-action-5386-3-1-400x400.jpg\" alt=\"DJI-Osmo-Action-Screen-Glass-1\" width=\"400\" height=\"400\" srcset=\"https:\/\/phukienflytech.vn\/wp-content\/uploads\/2020\/05\/bo-kinh-cuong-luc-chong-xuoc-dji-osmo-action-5386-3-1-400x400.jpg 400w, https:\/\/phukienflytech.vn\/wp-content\/uploads\/2020\/05\/bo-kinh-cuong-luc-chong-xuoc-dji-osmo-action-5386-3-1-280x280.jpg 280w, https:\/\/phukienflytech.vn\/wp-content\/uploads\/2020\/05\/bo-kinh-cuong-luc-chong-xuoc-dji-osmo-action-5386-3-1-768x768.jpg 768w, https:\/\/phukienflytech.vn\/wp-content\/uploads\/2020\/05\/bo-kinh-cuong-luc-chong-xuoc-dji-osmo-action-5386-3-1-800x800.jpg 800w, https:\/\/phukienflytech.vn\/wp-content\/uploads\/2020\/05\/bo-kinh-cuong-luc-chong-xuoc-dji-osmo-action-5386-3-1-300x300.jpg 300w, https:\/\/phukienflytech.vn\/wp-content\/uploads\/2020\/05\/bo-kinh-cuong-luc-chong-xuoc-dji-osmo-action-5386-3-1-600x600.jpg 600w, https:\/\/phukienflytech.vn\/wp-content\/uploads\/2020\/05\/bo-kinh-cuong-luc-chong-xuoc-dji-osmo-action-5386-3-1-100x100.jpg 100w, https:\/\/phukienflytech.vn\/wp-content\/uploads\/2020\/05\/bo-kinh-cuong-luc-chong-xuoc-dji-osmo-action-5386-3-1.jpg 1000w\" sizes=\"auto, (max-width: 400px) 100vw, 400px\" \/><\/span><\/p>\n<p>&nbsp;<\/p>\n<p><span style=\"font-size: 18px;\">\u0110\u1eb7c \u0111i\u1ec3m :<\/span><\/p>\n<ul>\n<li><span style=\"font-size: 18px;\">K\u00ednh c\u01b0\u1eddng l\u1ef1c<\/span><\/li>\n<li><span style=\"font-size: 18px;\">B\u1ed9 s\u1ea3n ph\u1ea9m : 2 m\u00e0n h\u00ecnh hi\u1ec3n th\u1ecb , 1 m\u1eaft camera<\/span><\/li>\n<li><span style=\"font-size: 18px;\">K\u00edch th\u01b0\u1edbc : \u0111\u00fac chu\u1ea9n theo m\u00e0n h\u00ecnh v\u00e0 camera<\/span><\/li>\n<li><span style=\"font-size: 18px;\">Nh\u00e0 s\u1ea3n xu\u1ea5t : Sunnylife<\/span><\/li>\n<\/ul>\n<p>&nbsp;<\/p>\n<p><span style=\"font-size: 18px;\"><img loading=\"lazy\" decoding=\"async\" class=\"alignnone wp-image-11108 size-medium\" src=\"https:\/\/phukienflytech.vn\/wp-content\/uploads\/2020\/05\/bo-kinh-cuong-luc-chong-xuoc-dji-osmo-action-5386-4-Copy-400x400.jpg\" alt=\"DJI-Osmo-Action-Screen-Glass\" width=\"400\" height=\"400\" srcset=\"https:\/\/phukienflytech.vn\/wp-content\/uploads\/2020\/05\/bo-kinh-cuong-luc-chong-xuoc-dji-osmo-action-5386-4-Copy-400x400.jpg 400w, https:\/\/phukienflytech.vn\/wp-content\/uploads\/2020\/05\/bo-kinh-cuong-luc-chong-xuoc-dji-osmo-action-5386-4-Copy-280x280.jpg 280w, https:\/\/phukienflytech.vn\/wp-content\/uploads\/2020\/05\/bo-kinh-cuong-luc-chong-xuoc-dji-osmo-action-5386-4-Copy-768x768.jpg 768w, https:\/\/phukienflytech.vn\/wp-content\/uploads\/2020\/05\/bo-kinh-cuong-luc-chong-xuoc-dji-osmo-action-5386-4-Copy-800x800.jpg 800w, https:\/\/phukienflytech.vn\/wp-content\/uploads\/2020\/05\/bo-kinh-cuong-luc-chong-xuoc-dji-osmo-action-5386-4-Copy-300x300.jpg 300w, https:\/\/phukienflytech.vn\/wp-content\/uploads\/2020\/05\/bo-kinh-cuong-luc-chong-xuoc-dji-osmo-action-5386-4-Copy-600x600.jpg 600w, https:\/\/phukienflytech.vn\/wp-content\/uploads\/2020\/05\/bo-kinh-cuong-luc-chong-xuoc-dji-osmo-action-5386-4-Copy-100x100.jpg 100w, https:\/\/phukienflytech.vn\/wp-content\/uploads\/2020\/05\/bo-kinh-cuong-luc-chong-xuoc-dji-osmo-action-5386-4-Copy.jpg 1000w\" sizes=\"auto, (max-width: 400px) 100vw, 400px\" \/><\/span><\/p>\n<p><span style=\"font-size: 18px;\">&gt;&gt; Learn More :<a href=\"https:\/\/phukienflytech.vn\/danh-muc\/phu-kien-osmo-pocket.html\"><strong> Osmo Pocket Accessories<\/strong><\/a><\/span><\/p>\n<p><span style=\"font-size: 18px;\">&gt;&gt; Contact us on: <a href=\"https:\/\/www.facebook.com\/phukienflycam\"><strong>Facebook<\/strong><\/a><\/span><\/p>\n","protected":false},"excerpt":{"rendered":"<p>DJI Osmo Action Screen Glass DJI Osmo Action Screen Glass C\u00f3 ph\u1ea3i b\u1ea1n \u0111ang lo l\u1eafng v\u1ec1 chi\u1ebfc m\u00e1y c\u1ee7a m\u00ecnh c\u00f3 th\u1ec3 b\u1ecb x\u01b0\u1edbc m\u00e0n h\u00ecnh v\u00e0 camera ? Th\u00ec B\u1ed9 k\u00ednh c\u01b0\u1eddng l\u1ef1c Osmo Action s\u1ebd gi\u00fap b\u1ea1n gi\u1ea3i t\u1ecfa lo l\u1eafng \u0111\u00f3. &nbsp; &nbsp; Th\u1eadt tuy\u1ec7t v\u1eddi khi bi\u1ebft b\u1ea1n \u0111\u00e3 ho\u1eb7c &#8230;<\/p>\n","protected":false},"featured_media":5399,"comment_status":"open","ping_status":"closed","template":"","meta":{"_acf_changed":false},"product_brand":[],"product_cat":[187],"product_tag":[396,372],"class_list":{"0":"post-5397","1":"product","2":"type-product","3":"status-publish","4":"has-post-thumbnail","6":"product_cat-osmo-action-accessory","7":"product_tag-bo-kinh-cuong-luc-osmo-action-en","8":"product_tag-phu-kien-osmo-action-en","10":"first","11":"instock","12":"shipping-taxable","13":"purchasable","14":"product-type-simple"},"acf":[],"yoast_head":"<!-- This site is optimized with the Yoast SEO plugin v25.7 - https:\/\/yoast.com\/wordpress\/plugins\/seo\/ -->\n<title>DJI Osmo Action Screen Glass - Osmo Action accessories - Available.<\/title>\n<meta name=\"description\" content=\"DJI Osmo Action Screen Glass is one of the most important accessory. Contact us to buy DJI Osmo Action Screen Glass for best price.\" \/>\n<meta name=\"robots\" content=\"index, follow, max-snippet:-1, max-image-preview:large, max-video-preview:-1\" \/>\n<link rel=\"canonical\" href=\"https:\/\/phukienflytech.vn\/en\/san-pham\/dji-osmo-action-screen-glass.html\" \/>\n<meta property=\"og:locale\" content=\"en_US\" \/>\n<meta property=\"og:type\" content=\"article\" \/>\n<meta property=\"og:title\" content=\"DJI Osmo Action Screen Glass - Osmo Action accessories - Available.\" \/>\n<meta property=\"og:description\" content=\"DJI Osmo Action Screen Glass is one of the most important accessory. Contact us to buy DJI Osmo Action Screen Glass for best price.\" \/>\n<meta property=\"og:url\" content=\"https:\/\/phukienflytech.vn\/en\/san-pham\/dji-osmo-action-screen-glass.html\" \/>\n<meta property=\"og:site_name\" content=\"Shop M\u00e1y \u1ea3nh - Action Camera - Gimbal - Flycam - Ph\u1ee5 ki\u1ec7n\" \/>\n<meta property=\"article:publisher\" content=\"https:\/\/facebook.com\/phukienflycam\" \/>\n<meta property=\"article:modified_time\" content=\"2020-10-09T09:38:53+00:00\" \/>\n<meta property=\"og:image\" content=\"https:\/\/phukienflytech.vn\/wp-content\/uploads\/2020\/05\/b\u1ed9-kinh-c\u01b0\u01a1ng-l\u1ef1c-dji-osmo-action-Copy.png\" \/>\n\t<meta property=\"og:image:width\" content=\"300\" \/>\n\t<meta property=\"og:image:height\" content=\"300\" \/>\n\t<meta property=\"og:image:type\" content=\"image\/png\" \/>\n<meta name=\"twitter:card\" content=\"summary_large_image\" \/>\n<meta name=\"twitter:label1\" content=\"Est. reading time\" \/>\n\t<meta name=\"twitter:data1\" content=\"2 minutes\" \/>\n<script type=\"application\/ld+json\" class=\"yoast-schema-graph\">{\"@context\":\"https:\/\/schema.org\",\"@graph\":[{\"@type\":\"WebPage\",\"@id\":\"https:\/\/phukienflytech.vn\/en\/san-pham\/dji-osmo-action-screen-glass.html\",\"url\":\"https:\/\/phukienflytech.vn\/en\/san-pham\/dji-osmo-action-screen-glass.html\",\"name\":\"DJI Osmo Action Screen Glass - Osmo Action accessories - Available.\",\"isPartOf\":{\"@id\":\"https:\/\/phukienflytech.vn\/#website\"},\"primaryImageOfPage\":{\"@id\":\"https:\/\/phukienflytech.vn\/en\/san-pham\/dji-osmo-action-screen-glass.html#primaryimage\"},\"image\":{\"@id\":\"https:\/\/phukienflytech.vn\/en\/san-pham\/dji-osmo-action-screen-glass.html#primaryimage\"},\"thumbnailUrl\":\"https:\/\/phukienflytech.vn\/wp-content\/uploads\/2020\/05\/b\u1ed9-kinh-c\u01b0\u01a1ng-l\u1ef1c-dji-osmo-action-Copy.png\",\"datePublished\":\"2020-05-31T02:26:56+00:00\",\"dateModified\":\"2020-10-09T09:38:53+00:00\",\"description\":\"DJI Osmo Action Screen Glass is one of the most important accessory. Contact us to buy DJI Osmo Action Screen Glass for best price.\",\"breadcrumb\":{\"@id\":\"https:\/\/phukienflytech.vn\/en\/san-pham\/dji-osmo-action-screen-glass.html#breadcrumb\"},\"inLanguage\":\"en-US\",\"potentialAction\":[{\"@type\":\"ReadAction\",\"target\":[\"https:\/\/phukienflytech.vn\/en\/san-pham\/dji-osmo-action-screen-glass.html\"]}]},{\"@type\":\"ImageObject\",\"inLanguage\":\"en-US\",\"@id\":\"https:\/\/phukienflytech.vn\/en\/san-pham\/dji-osmo-action-screen-glass.html#primaryimage\",\"url\":\"https:\/\/phukienflytech.vn\/wp-content\/uploads\/2020\/05\/b\u1ed9-kinh-c\u01b0\u01a1ng-l\u1ef1c-dji-osmo-action-Copy.png\",\"contentUrl\":\"https:\/\/phukienflytech.vn\/wp-content\/uploads\/2020\/05\/b\u1ed9-kinh-c\u01b0\u01a1ng-l\u1ef1c-dji-osmo-action-Copy.png\",\"width\":300,\"height\":300},{\"@type\":\"BreadcrumbList\",\"@id\":\"https:\/\/phukienflytech.vn\/en\/san-pham\/dji-osmo-action-screen-glass.html#breadcrumb\",\"itemListElement\":[{\"@type\":\"ListItem\",\"position\":1,\"name\":\"Home\",\"item\":\"https:\/\/phukienflytech.vn\/en\"},{\"@type\":\"ListItem\",\"position\":2,\"name\":\"Ph\u1ee5 ki\u1ec7n Mavic Pro\",\"item\":\"https:\/\/phukienflytech.vn\/en\/phu-kien-mavic-pro.html\"},{\"@type\":\"ListItem\",\"position\":3,\"name\":\"DJI Osmo &amp; Drone's accessories\",\"item\":\"https:\/\/phukienflytech.vn\/en\/danh-muc\/dji-osmo-drones-accessories.html\"},{\"@type\":\"ListItem\",\"position\":4,\"name\":\"Osmo Action accessory\",\"item\":\"https:\/\/phukienflytech.vn\/en\/danh-muc\/osmo-action-accessory.html\"},{\"@type\":\"ListItem\",\"position\":5,\"name\":\"DJI Osmo Action Screen Tempered Protection Glass\"}]},{\"@type\":\"WebSite\",\"@id\":\"https:\/\/phukienflytech.vn\/#website\",\"url\":\"https:\/\/phukienflytech.vn\/\",\"name\":\"Shop M\u00e1y \u1ea3nh - Action Camera - Gimbal - Flycam - Ph\u1ee5 ki\u1ec7n\",\"description\":\"Shop M\u00e1y \u1ea3nh - Action Camera - Gimbal - Flycam - Ph\u1ee5 ki\u1ec7n\",\"publisher\":{\"@id\":\"https:\/\/phukienflytech.vn\/#organization\"},\"potentialAction\":[{\"@type\":\"SearchAction\",\"target\":{\"@type\":\"EntryPoint\",\"urlTemplate\":\"https:\/\/phukienflytech.vn\/?s={search_term_string}\"},\"query-input\":{\"@type\":\"PropertyValueSpecification\",\"valueRequired\":true,\"valueName\":\"search_term_string\"}}],\"inLanguage\":\"en-US\"},{\"@type\":\"Organization\",\"@id\":\"https:\/\/phukienflytech.vn\/#organization\",\"name\":\"DJI Store - Shop Drone, Action camera, Gimbal DJI |Phukienflytech\",\"alternateName\":\"DJI Store - Shop Drone, Action camera, Gimbal DJI |Phukienflytech\",\"url\":\"https:\/\/phukienflytech.vn\/\",\"logo\":{\"@type\":\"ImageObject\",\"inLanguage\":\"en-US\",\"@id\":\"https:\/\/phukienflytech.vn\/#\/schema\/logo\/image\/\",\"url\":\"https:\/\/phukienflytech.vn\/wp-content\/uploads\/2020\/05\/hAnh_nan.jpg1_.jpg\",\"contentUrl\":\"https:\/\/phukienflytech.vn\/wp-content\/uploads\/2020\/05\/hAnh_nan.jpg1_.jpg\",\"width\":800,\"height\":450,\"caption\":\"DJI Store - Shop Drone, Action camera, Gimbal DJI |Phukienflytech\"},\"image\":{\"@id\":\"https:\/\/phukienflytech.vn\/#\/schema\/logo\/image\/\"},\"sameAs\":[\"https:\/\/facebook.com\/phukienflycam\",\"https:\/\/www.youtube.com\/@phukienflytech\",\"https:\/\/www.tiktok.com\/@flytech.channel?fbclid=IwY2xjawGjg7BleHRuA2FlbQIxMAABHYVGmlXpuSMs0UB2zTpYvyT4GMVfN2qJa4urF4vkSQ6FAVBwXZtDP30qQA_aem_UwMiDcUvlEbd2tXAmsc8Og\"]}]}<\/script>\n<!-- \/ Yoast SEO plugin. -->","yoast_head_json":{"title":"DJI Osmo Action Screen Glass - Osmo Action accessories - Available.","description":"DJI Osmo Action Screen Glass is one of the most important accessory. Contact us to buy DJI Osmo Action Screen Glass for best price.","robots":{"index":"index","follow":"follow","max-snippet":"max-snippet:-1","max-image-preview":"max-image-preview:large","max-video-preview":"max-video-preview:-1"},"canonical":"https:\/\/phukienflytech.vn\/en\/san-pham\/dji-osmo-action-screen-glass.html","og_locale":"en_US","og_type":"article","og_title":"DJI Osmo Action Screen Glass - Osmo Action accessories - Available.","og_description":"DJI Osmo Action Screen Glass is one of the most important accessory. Contact us to buy DJI Osmo Action Screen Glass for best price.","og_url":"https:\/\/phukienflytech.vn\/en\/san-pham\/dji-osmo-action-screen-glass.html","og_site_name":"Shop M\u00e1y \u1ea3nh - Action Camera - Gimbal - Flycam - Ph\u1ee5 ki\u1ec7n","article_publisher":"https:\/\/facebook.com\/phukienflycam","article_modified_time":"2020-10-09T09:38:53+00:00","og_image":[{"width":300,"height":300,"url":"https:\/\/phukienflytech.vn\/wp-content\/uploads\/2020\/05\/b\u1ed9-kinh-c\u01b0\u01a1ng-l\u1ef1c-dji-osmo-action-Copy.png","type":"image\/png"}],"twitter_card":"summary_large_image","twitter_misc":{"Est. reading time":"2 minutes"},"schema":{"@context":"https:\/\/schema.org","@graph":[{"@type":"WebPage","@id":"https:\/\/phukienflytech.vn\/en\/san-pham\/dji-osmo-action-screen-glass.html","url":"https:\/\/phukienflytech.vn\/en\/san-pham\/dji-osmo-action-screen-glass.html","name":"DJI Osmo Action Screen Glass - Osmo Action accessories - Available.","isPartOf":{"@id":"https:\/\/phukienflytech.vn\/#website"},"primaryImageOfPage":{"@id":"https:\/\/phukienflytech.vn\/en\/san-pham\/dji-osmo-action-screen-glass.html#primaryimage"},"image":{"@id":"https:\/\/phukienflytech.vn\/en\/san-pham\/dji-osmo-action-screen-glass.html#primaryimage"},"thumbnailUrl":"https:\/\/phukienflytech.vn\/wp-content\/uploads\/2020\/05\/b\u1ed9-kinh-c\u01b0\u01a1ng-l\u1ef1c-dji-osmo-action-Copy.png","datePublished":"2020-05-31T02:26:56+00:00","dateModified":"2020-10-09T09:38:53+00:00","description":"DJI Osmo Action Screen Glass is one of the most important accessory. Contact us to buy DJI Osmo Action Screen Glass for best price.","breadcrumb":{"@id":"https:\/\/phukienflytech.vn\/en\/san-pham\/dji-osmo-action-screen-glass.html#breadcrumb"},"inLanguage":"en-US","potentialAction":[{"@type":"ReadAction","target":["https:\/\/phukienflytech.vn\/en\/san-pham\/dji-osmo-action-screen-glass.html"]}]},{"@type":"ImageObject","inLanguage":"en-US","@id":"https:\/\/phukienflytech.vn\/en\/san-pham\/dji-osmo-action-screen-glass.html#primaryimage","url":"https:\/\/phukienflytech.vn\/wp-content\/uploads\/2020\/05\/b\u1ed9-kinh-c\u01b0\u01a1ng-l\u1ef1c-dji-osmo-action-Copy.png","contentUrl":"https:\/\/phukienflytech.vn\/wp-content\/uploads\/2020\/05\/b\u1ed9-kinh-c\u01b0\u01a1ng-l\u1ef1c-dji-osmo-action-Copy.png","width":300,"height":300},{"@type":"BreadcrumbList","@id":"https:\/\/phukienflytech.vn\/en\/san-pham\/dji-osmo-action-screen-glass.html#breadcrumb","itemListElement":[{"@type":"ListItem","position":1,"name":"Home","item":"https:\/\/phukienflytech.vn\/en"},{"@type":"ListItem","position":2,"name":"Ph\u1ee5 ki\u1ec7n Mavic Pro","item":"https:\/\/phukienflytech.vn\/en\/phu-kien-mavic-pro.html"},{"@type":"ListItem","position":3,"name":"DJI Osmo &amp; Drone's accessories","item":"https:\/\/phukienflytech.vn\/en\/danh-muc\/dji-osmo-drones-accessories.html"},{"@type":"ListItem","position":4,"name":"Osmo Action accessory","item":"https:\/\/phukienflytech.vn\/en\/danh-muc\/osmo-action-accessory.html"},{"@type":"ListItem","position":5,"name":"DJI Osmo Action Screen Tempered Protection Glass"}]},{"@type":"WebSite","@id":"https:\/\/phukienflytech.vn\/#website","url":"https:\/\/phukienflytech.vn\/","name":"Shop M\u00e1y \u1ea3nh - Action Camera - Gimbal - Flycam - Ph\u1ee5 ki\u1ec7n","description":"Shop M\u00e1y \u1ea3nh - Action Camera - Gimbal - Flycam - Ph\u1ee5 ki\u1ec7n","publisher":{"@id":"https:\/\/phukienflytech.vn\/#organization"},"potentialAction":[{"@type":"SearchAction","target":{"@type":"EntryPoint","urlTemplate":"https:\/\/phukienflytech.vn\/?s={search_term_string}"},"query-input":{"@type":"PropertyValueSpecification","valueRequired":true,"valueName":"search_term_string"}}],"inLanguage":"en-US"},{"@type":"Organization","@id":"https:\/\/phukienflytech.vn\/#organization","name":"DJI Store - Shop Drone, Action camera, Gimbal DJI |Phukienflytech","alternateName":"DJI Store - Shop Drone, Action camera, Gimbal DJI |Phukienflytech","url":"https:\/\/phukienflytech.vn\/","logo":{"@type":"ImageObject","inLanguage":"en-US","@id":"https:\/\/phukienflytech.vn\/#\/schema\/logo\/image\/","url":"https:\/\/phukienflytech.vn\/wp-content\/uploads\/2020\/05\/hAnh_nan.jpg1_.jpg","contentUrl":"https:\/\/phukienflytech.vn\/wp-content\/uploads\/2020\/05\/hAnh_nan.jpg1_.jpg","width":800,"height":450,"caption":"DJI Store - Shop Drone, Action camera, Gimbal DJI |Phukienflytech"},"image":{"@id":"https:\/\/phukienflytech.vn\/#\/schema\/logo\/image\/"},"sameAs":["https:\/\/facebook.com\/phukienflycam","https:\/\/www.youtube.com\/@phukienflytech","https:\/\/www.tiktok.com\/@flytech.channel?fbclid=IwY2xjawGjg7BleHRuA2FlbQIxMAABHYVGmlXpuSMs0UB2zTpYvyT4GMVfN2qJa4urF4vkSQ6FAVBwXZtDP30qQA_aem_UwMiDcUvlEbd2tXAmsc8Og"]}]}},"_links":{"self":[{"href":"https:\/\/phukienflytech.vn\/en\/wp-json\/wp\/v2\/product\/5397","targetHints":{"allow":["GET"]}}],"collection":[{"href":"https:\/\/phukienflytech.vn\/en\/wp-json\/wp\/v2\/product"}],"about":[{"href":"https:\/\/phukienflytech.vn\/en\/wp-json\/wp\/v2\/types\/product"}],"replies":[{"embeddable":true,"href":"https:\/\/phukienflytech.vn\/en\/wp-json\/wp\/v2\/comments?post=5397"}],"wp:featuredmedia":[{"embeddable":true,"href":"https:\/\/phukienflytech.vn\/en\/wp-json\/wp\/v2\/media\/5399"}],"wp:attachment":[{"href":"https:\/\/phukienflytech.vn\/en\/wp-json\/wp\/v2\/media?parent=5397"}],"wp:term":[{"taxonomy":"product_brand","embeddable":true,"href":"https:\/\/phukienflytech.vn\/en\/wp-json\/wp\/v2\/product_brand?post=5397"},{"taxonomy":"product_cat","embeddable":true,"href":"https:\/\/phukienflytech.vn\/en\/wp-json\/wp\/v2\/product_cat?post=5397"},{"taxonomy":"product_tag","embeddable":true,"href":"https:\/\/phukienflytech.vn\/en\/wp-json\/wp\/v2\/product_tag?post=5397"}],"curies":[{"name":"wp","href":"https:\/\/api.w.org\/{rel}","templated":true}]}}