{"id":5428,"date":"2020-05-31T09:58:41","date_gmt":"2020-05-31T02:58:41","guid":{"rendered":"http:\/\/27430.lamdx.vinawebsite.vn\/san-pham\/filter-mcuv-osmo-action-kinh-loc-tia-uv.html"},"modified":"2020-10-09T16:16:40","modified_gmt":"2020-10-09T09:16:40","slug":"mcuv-filter-osmo-action","status":"publish","type":"product","link":"https:\/\/phukienflytech.vn\/en\/san-pham\/mcuv-filter-osmo-action.html","title":{"rendered":"MCUV Filter Osmo Action"},"content":{"rendered":"<h2><span style=\"color: #0000ff;\"><em><strong><span style=\"font-size: 21px;\">MCUV Filter Osmo Action<\/span><\/strong><\/em><\/span><\/h2>\n<p>&nbsp;<\/p>\n<p><span style=\"font-size: 18px;\">DJI Osmo action \u2013 chi\u1ebfc camera h\u00e0nh tr\u00ecnh chuy\u00ean nghi\u1ec7p \u0111\u1ea7u ti\u00ean c\u1ee7a DJI. N\u1ebfu b\u1ea1n \u0111\u00e3 mua\u00a0<em><strong>DJI Osmo action<\/strong><\/em>\u00a0 r\u1ed3i th\u00ec ch\u1eafc h\u1eb3n b\u1ea1n c\u0169ng \u0111ang quan t\u00e2m t\u1edbi c\u00e1ch \u0111\u1ec3 n\u00e2ng c\u1ea5p ch\u1ea5t l\u01b0\u1ee3ng h\u00ecnh \u1ea3nh c\u0169ng nh\u01b0 l\u00e0m sao \u0111\u1ec3\u00a0<em><strong>b\u1ea3o v\u1ec7 DJI Osmo action<\/strong><\/em> c\u1ee7a m\u00ecnh t\u1ed1t nh\u1ea5t \u0111\u00fang kh\u00f4ng ? Hi\u1ec7n nay, c\u00f3 r\u1ea5t nhi\u1ec1u s\u1ef1 l\u1ef1a ch\u1ecdn kh\u00e1c nhau v\u1ec1 filter cho chi\u1ebfc DJI osmo action c\u1ee7a ch\u00fang ta, nh\u01b0 l\u00e0 c\u00e1c Filter CPL Osmo Action,<em><strong>Filter MCUV Osmo Action<\/strong><\/em>\u00a0ho\u1eb7c filter ND.<\/span><\/p>\n<p>&nbsp;<\/p>\n<p><span style=\"font-size: 18px;\"> <img loading=\"lazy\" decoding=\"async\" class=\"alignnone size-medium wp-image-11070\" src=\"https:\/\/phukienflytech.vn\/wp-content\/uploads\/2020\/05\/filter-mcuv-osmo-action-kinh-loc-tia-uv-5417-400x400.png\" alt=\"\" width=\"400\" height=\"400\" srcset=\"https:\/\/phukienflytech.vn\/wp-content\/uploads\/2020\/05\/filter-mcuv-osmo-action-kinh-loc-tia-uv-5417-400x400.png 400w, https:\/\/phukienflytech.vn\/wp-content\/uploads\/2020\/05\/filter-mcuv-osmo-action-kinh-loc-tia-uv-5417-280x280.png 280w, https:\/\/phukienflytech.vn\/wp-content\/uploads\/2020\/05\/filter-mcuv-osmo-action-kinh-loc-tia-uv-5417-768x768.png 768w, https:\/\/phukienflytech.vn\/wp-content\/uploads\/2020\/05\/filter-mcuv-osmo-action-kinh-loc-tia-uv-5417-800x800.png 800w, https:\/\/phukienflytech.vn\/wp-content\/uploads\/2020\/05\/filter-mcuv-osmo-action-kinh-loc-tia-uv-5417-300x300.png 300w, https:\/\/phukienflytech.vn\/wp-content\/uploads\/2020\/05\/filter-mcuv-osmo-action-kinh-loc-tia-uv-5417-600x600.png 600w, https:\/\/phukienflytech.vn\/wp-content\/uploads\/2020\/05\/filter-mcuv-osmo-action-kinh-loc-tia-uv-5417-100x100.png 100w, https:\/\/phukienflytech.vn\/wp-content\/uploads\/2020\/05\/filter-mcuv-osmo-action-kinh-loc-tia-uv-5417.png 1000w\" sizes=\"auto, (max-width: 400px) 100vw, 400px\" \/> \u00a0\u00a0<\/span><\/p>\n<p>&nbsp;<\/p>\n<p><span style=\"font-size: 18px;\">\u00a0T\u1ea5t c\u1ea3 \u0111\u1ec1u ph\u1ee5 thu\u1ed9c v\u00e0o s\u1ef1 l\u1ef1a ch\u1ecdn c\u1ee7a ng\u01b0\u1eddi d\u00f9ng v\u00e0 s\u1ef1 hi\u1ec3u bi\u1ebft c\u1ee7a h\u1ecd v\u1ec1 lens cho m\u00e1y \u1ea3nh, Filter l\u00e0 m\u1ed9t trong nh\u1eefng ph\u1ee5 ki\u1ec7n Osmo Action m\u00e0 ch\u00fang ta n\u00ean trang b\u1ecb. H\u00e3y c\u00f9ng tham kh\u1ea3o v\u1ec1 k\u00ednh l\u1ecdc ph\u00e2n c\u1ef1c MCUV d\u01b0\u1edbi \u0111\u00e2y \u0111\u1ec3 hi\u1ec3u r\u00f5 h\u01a1n v\u1ec1 m\u1ed9t trong s\u1ed1 c\u00e1c l\u1ef1a ch\u1ecdn.<\/span><\/p>\n<p>&nbsp;<\/p>\n<p><span style=\"font-size: 18px;\"><img loading=\"lazy\" decoding=\"async\" class=\"alignnone wp-image-11072\" src=\"https:\/\/phukienflytech.vn\/wp-content\/uploads\/2020\/05\/filter-mcuv-osmo-action-kinh-loc-tia-uv-5417-1-1-794x400.jpg\" alt=\"MCUV-Filter-Osmo-Action-2\" width=\"623\" height=\"314\" srcset=\"https:\/\/phukienflytech.vn\/wp-content\/uploads\/2020\/05\/filter-mcuv-osmo-action-kinh-loc-tia-uv-5417-1-1-794x400.jpg 794w, https:\/\/phukienflytech.vn\/wp-content\/uploads\/2020\/05\/filter-mcuv-osmo-action-kinh-loc-tia-uv-5417-1-1-768x387.jpg 768w, https:\/\/phukienflytech.vn\/wp-content\/uploads\/2020\/05\/filter-mcuv-osmo-action-kinh-loc-tia-uv-5417-1-1-600x302.jpg 600w, https:\/\/phukienflytech.vn\/wp-content\/uploads\/2020\/05\/filter-mcuv-osmo-action-kinh-loc-tia-uv-5417-1-1.jpg 999w\" sizes=\"auto, (max-width: 623px) 100vw, 623px\" \/><\/span><\/p>\n<p>&nbsp;<\/p>\n<h2><span style=\"font-size: 21px; color: #0000ff;\"><em><strong>\u0110\u1eb7c \u0111i\u1ec3m filter MCUV Osmo Action &#8211; k\u00ednh l\u1ecdc tia uv<\/strong><\/em><\/span><\/h2>\n<p><span style=\"font-size: 18px;\"><em><strong>Filter MCUV Osmo Action<\/strong>\u00a0<\/em>c\u00f2n g\u1ecdi l\u00e0 k\u00ednh l\u1ecdc c\u1ea3n tia c\u1ef1c t\u00edm UV (Ultra Violet).<\/span><\/p>\n<p><span style=\"font-size: 18px;\">C\u00f2n g\u1ecdi l\u00e0 k\u00ednh l\u1ecdc c\u1ea3n tia c\u1ef1c t\u00edm UV (Ultra Violet). Lo\u1ea1i tia n\u00e0y kh\u00f4ng nh\u1eadn th\u1ea5y b\u1eb1ng m\u1eaft th\u01b0\u1eddng nh\u01b0ng l\u1ea1i c\u00f3 \u1ea3nh h\u01b0\u1edfng \u0111\u1ebfn \u00e1nh s\u00e1ng trong \u1ea3nh. Hi\u1ec7n t\u01b0\u1ee3ng &#8220;m\u00f9&#8221; khi ch\u1ee5p \u1ea3nh \u0111\u01b0\u1ee3c h\u00ecnh th\u00e0nh khi tia c\u1ef1c t\u00edm ph\u1ea3n chi\u1ebfu b\u1ee5i trong kh\u00f4ng kh\u00ed.<\/span><\/p>\n<p>&nbsp;<\/p>\n<p><span style=\"font-size: 18px;\"><img loading=\"lazy\" decoding=\"async\" class=\"alignnone wp-image-11074 size-thumbnail\" src=\"https:\/\/phukienflytech.vn\/wp-content\/uploads\/2020\/05\/filter-mcuv-osmo-action-kinh-loc-tia-uv-5417-2-1-280x280.jpg\" alt=\"MCUV-Filter-Osmo-Action-1\" width=\"280\" height=\"280\" srcset=\"https:\/\/phukienflytech.vn\/wp-content\/uploads\/2020\/05\/filter-mcuv-osmo-action-kinh-loc-tia-uv-5417-2-1-280x280.jpg 280w, https:\/\/phukienflytech.vn\/wp-content\/uploads\/2020\/05\/filter-mcuv-osmo-action-kinh-loc-tia-uv-5417-2-1-300x300.jpg 300w, https:\/\/phukienflytech.vn\/wp-content\/uploads\/2020\/05\/filter-mcuv-osmo-action-kinh-loc-tia-uv-5417-2-1-100x100.jpg 100w\" sizes=\"auto, (max-width: 280px) 100vw, 280px\" \/><\/span><\/p>\n<p>&nbsp;<\/p>\n<p><span style=\"font-size: 18px;\">S\u1ef1 kh\u00e1c bi\u1ec7t khi d\u00f9ng UV filter c\u00f3 th\u1ec3 nh\u1eadn th\u1ea5y r\u00f5 n\u00e9t v\u1edbi t\u1ea5m h\u00ecnh b\u00ean ph\u1ea3i\u00a0<\/span><\/p>\n<p><span style=\"font-size: 18px;\">(minh h\u1ecda c\u00f4ng d\u1ee5ng)<\/span><\/p>\n<p><span style=\"font-size: 18px;\"><em><strong>Filter MCUV Osmo Action<\/strong>\u00a0<\/em>\u0111\u01b0\u1ee3c thi\u1ebft k\u1ebf \u0111\u1ec3 lo\u1ea1i b\u1ecf hi\u1ec7n t\u01b0\u1ee3ng n\u00e0y. M\u00e1y \u1ea3nh s\u1ed1 hi\u1ec7n \u0111\u1ea1i c\u00f3 th\u1ec3 t\u1ef1 lo\u1ea1i b\u1ecf tia c\u1ef1c t\u00edm n\u00ean n\u00f3 kh\u00f4ng c\u1ea7n \u0111\u1ebfn m\u1ed9t chi\u1ebfc k\u00ednh l\u1ecdc UV nh\u01b0 m\u00e1y \u1ea3nh th\u1ebf h\u1ec7 c\u0169.<\/span><\/p>\n<p>&nbsp;<\/p>\n<h3><span style=\"font-size: 18px;\"><img loading=\"lazy\" decoding=\"async\" class=\"alignnone wp-image-11076\" src=\"https:\/\/phukienflytech.vn\/wp-content\/uploads\/2020\/05\/filter-mcuv-osmo-action-kinh-loc-tia-uv-5417-3-1-400x400.jpg\" alt=\"MCUV-Filter-Osmo-Action\" width=\"487\" height=\"487\" srcset=\"https:\/\/phukienflytech.vn\/wp-content\/uploads\/2020\/05\/filter-mcuv-osmo-action-kinh-loc-tia-uv-5417-3-1-400x400.jpg 400w, https:\/\/phukienflytech.vn\/wp-content\/uploads\/2020\/05\/filter-mcuv-osmo-action-kinh-loc-tia-uv-5417-3-1-280x280.jpg 280w, https:\/\/phukienflytech.vn\/wp-content\/uploads\/2020\/05\/filter-mcuv-osmo-action-kinh-loc-tia-uv-5417-3-1-768x768.jpg 768w, https:\/\/phukienflytech.vn\/wp-content\/uploads\/2020\/05\/filter-mcuv-osmo-action-kinh-loc-tia-uv-5417-3-1-800x800.jpg 800w, https:\/\/phukienflytech.vn\/wp-content\/uploads\/2020\/05\/filter-mcuv-osmo-action-kinh-loc-tia-uv-5417-3-1-300x300.jpg 300w, https:\/\/phukienflytech.vn\/wp-content\/uploads\/2020\/05\/filter-mcuv-osmo-action-kinh-loc-tia-uv-5417-3-1-600x600.jpg 600w, https:\/\/phukienflytech.vn\/wp-content\/uploads\/2020\/05\/filter-mcuv-osmo-action-kinh-loc-tia-uv-5417-3-1-100x100.jpg 100w, https:\/\/phukienflytech.vn\/wp-content\/uploads\/2020\/05\/filter-mcuv-osmo-action-kinh-loc-tia-uv-5417-3-1.jpg 1000w\" sizes=\"auto, (max-width: 487px) 100vw, 487px\" \/><\/span><\/h3>\n<p>&nbsp;<\/p>\n<p><span style=\"font-size: 18px;\">Tuy v\u1eady, r\u00f5 r\u00e0ng \u0111\u1ec3 thay m\u1ed9t chi\u1ebfc k\u00ednh l\u1ecdc UV th\u00ec r\u1ebb h\u01a1n nhi\u1ec1u so v\u1edbi vi\u1ec7c ph\u1ea3i mua h\u1eb3n m\u1ed9t \u1ed1ng k\u00ednh m\u1edbi (\u0111\u1ed1i v\u1edbi d\u00f2ng m\u00e1y \u1ea3nh s\u1ed1). H\u01a1n n\u1eefa, s\u1eed d\u1ee5ng k\u00ednh l\u1ecdc UV v\u1eeba gi\u00fap \u1ea3nh r\u00f5 n\u00e9t h\u01a1n, l\u1ea1i v\u1eeba c\u00f3 c\u00f4ng d\u1ee5ng nh\u01b0 m\u1ed9t t\u1ea5m k\u00ednh b\u1ea3o v\u1ec7 m\u00e1y \u1ea3nh kh\u1ecfi va \u0111\u1eadp v\u00e0 tr\u1ea7y x\u01b0\u1edbc<\/span><\/p>\n<p><span style=\"font-size: 18px;\">&#8211; R\u1ea5t d\u1ec5 th\u00e1o, l\u1eafp m\u00e0 kh\u00f4ng s\u1ee3 \u1ea3nh h\u01b0\u1edbng t\u1edbi gimbal v\u00e0 camera c\u1ee7a m\u00e1y<\/span><\/p>\n<p><span style=\"font-size: 18px;\">N\u00e0o c\u00f9ng s\u1edf h\u1eefu ngay\u00a0<em><strong>Filter MCUV Osmo Action<\/strong><\/em>\u00a0\u0111\u1ec3 t\u0103ng t\u00ednh th\u1ea9m m\u1ef9 b\u1ee9c h\u00ecnh v\u00e0 s\u1ef1 h\u00e0i l\u00f2ng trong b\u1ea1n v\u00e0 l\u00e0m b\u1ed9 s\u01b0u t\u1eadp ph\u1ee5 ki\u1ec7n Osmo Action tr\u1edf l\u00ean \u0111\u1ea7y \u0111\u1ee7 h\u01a1n.<\/span><\/p>\n<p><span style=\"font-size: 18px;\">H\u00e3y \u0111\u1ec3 <a href=\"https:\/\/phukienflytech.vn\/\" target=\"_blank\" rel=\"noopener noreferrer\">Ph\u1ee5 Ki\u1ec7n Fly-cam Gi\u00e1 T\u1ed1t<\/a> ti\u1ebfp s\u1ee9c \u0111am m\u00ea, c\u00f4ng vi\u1ec7c c\u1ee7a b\u1ea1n, gi\u00fap b\u1ea1n th\u00eam ni\u1ec1m h\u1ee9ng kh\u1edfi trong \u0111am m\u00ea c\u0169ng nh\u01b0 c\u00f4ng vi\u1ec7c c\u1ee7a m\u00ecnh th\u00eam su\u00f4n s\u1ebb<\/span><\/p>\n<p><span style=\"font-size: 18px;\">Nh\u00e0 s\u1ea3n xu\u1ea5t : Sunnylife \u2013 l\u00e0 m\u1ed9t trong nh\u1eefng Vendor cung c\u1ea5p c\u00e1c ph\u1ee5 ki\u1ec7n, linh ki\u1ec7n thay th\u1ebf cho DJI Flycam.<\/span><\/p>\n<p><span style=\"font-size: 18px;\">&gt;&gt; Learn More :<a href=\"https:\/\/phukienflytech.vn\/danh-muc\/phu-kien-osmo-pocket.html\"><strong> Osmo Pocket Accessories<\/strong><\/a><\/span><\/p>\n<p><span style=\"font-size: 18px;\">&gt;&gt; Contact us on: <a href=\"https:\/\/www.facebook.com\/phukienflycam\"><strong>Facebook<\/strong><\/a><\/span><\/p>\n","protected":false},"excerpt":{"rendered":"<p>MCUV Filter Osmo Action &nbsp; DJI Osmo action \u2013 chi\u1ebfc camera h\u00e0nh tr\u00ecnh chuy\u00ean nghi\u1ec7p \u0111\u1ea7u ti\u00ean c\u1ee7a DJI. N\u1ebfu b\u1ea1n \u0111\u00e3 mua\u00a0DJI Osmo action\u00a0 r\u1ed3i th\u00ec ch\u1eafc h\u1eb3n b\u1ea1n c\u0169ng \u0111ang quan t\u00e2m t\u1edbi c\u00e1ch \u0111\u1ec3 n\u00e2ng c\u1ea5p ch\u1ea5t l\u01b0\u1ee3ng h\u00ecnh \u1ea3nh c\u0169ng nh\u01b0 l\u00e0m sao \u0111\u1ec3\u00a0b\u1ea3o v\u1ec7 DJI Osmo action c\u1ee7a m\u00ecnh t\u1ed1t &#8230;<\/p>\n","protected":false},"featured_media":16757,"comment_status":"open","ping_status":"closed","template":"","meta":{"_acf_changed":false},"product_brand":[],"product_cat":[187],"product_tag":[400,372],"class_list":{"0":"post-5428","1":"product","2":"type-product","3":"status-publish","4":"has-post-thumbnail","6":"product_cat-osmo-action-accessory","7":"product_tag-filter-mcuv-osmo-action-en","8":"product_tag-phu-kien-osmo-action-en","10":"first","11":"instock","12":"shipping-taxable","13":"purchasable","14":"product-type-simple"},"acf":[],"yoast_head":"<!-- This site is optimized with the Yoast SEO plugin v25.7 - https:\/\/yoast.com\/wordpress\/plugins\/seo\/ -->\n<title>MCUV Filter Osmo Action - Sunnylife - Osmo Action accessories- available.<\/title>\n<meta name=\"description\" content=\"MCUV Filter Osmo Action is one of the most important accessory. Contact us to buy MCUV Filter Osmo Action for best price, fast shipping.\" \/>\n<meta name=\"robots\" content=\"index, follow, max-snippet:-1, max-image-preview:large, max-video-preview:-1\" \/>\n<link rel=\"canonical\" href=\"https:\/\/phukienflytech.vn\/en\/san-pham\/mcuv-filter-osmo-action.html\" \/>\n<meta property=\"og:locale\" content=\"en_US\" \/>\n<meta property=\"og:type\" content=\"article\" \/>\n<meta property=\"og:title\" content=\"MCUV Filter Osmo Action - Sunnylife - Osmo Action accessories- available.\" \/>\n<meta property=\"og:description\" content=\"MCUV Filter Osmo Action is one of the most important accessory. Contact us to buy MCUV Filter Osmo Action for best price, fast shipping.\" \/>\n<meta property=\"og:url\" content=\"https:\/\/phukienflytech.vn\/en\/san-pham\/mcuv-filter-osmo-action.html\" \/>\n<meta property=\"og:site_name\" content=\"Shop M\u00e1y \u1ea3nh - Action Camera - Gimbal - Flycam - Ph\u1ee5 ki\u1ec7n\" \/>\n<meta property=\"article:publisher\" content=\"https:\/\/facebook.com\/phukienflycam\" \/>\n<meta property=\"article:modified_time\" content=\"2020-10-09T09:16:40+00:00\" \/>\n<meta property=\"og:image\" content=\"https:\/\/phukienflytech.vn\/wp-content\/uploads\/2020\/05\/filter-MCUV-osmo-action.jpg123_-_Copy.png\" \/>\n\t<meta property=\"og:image:width\" content=\"500\" \/>\n\t<meta property=\"og:image:height\" content=\"500\" \/>\n\t<meta property=\"og:image:type\" content=\"image\/png\" \/>\n<meta name=\"twitter:card\" content=\"summary_large_image\" \/>\n<meta name=\"twitter:label1\" content=\"Est. reading time\" \/>\n\t<meta name=\"twitter:data1\" content=\"4 minutes\" \/>\n<script type=\"application\/ld+json\" class=\"yoast-schema-graph\">{\"@context\":\"https:\/\/schema.org\",\"@graph\":[{\"@type\":\"WebPage\",\"@id\":\"https:\/\/phukienflytech.vn\/en\/san-pham\/mcuv-filter-osmo-action.html\",\"url\":\"https:\/\/phukienflytech.vn\/en\/san-pham\/mcuv-filter-osmo-action.html\",\"name\":\"MCUV Filter Osmo Action - Sunnylife - Osmo Action accessories- available.\",\"isPartOf\":{\"@id\":\"https:\/\/phukienflytech.vn\/#website\"},\"primaryImageOfPage\":{\"@id\":\"https:\/\/phukienflytech.vn\/en\/san-pham\/mcuv-filter-osmo-action.html#primaryimage\"},\"image\":{\"@id\":\"https:\/\/phukienflytech.vn\/en\/san-pham\/mcuv-filter-osmo-action.html#primaryimage\"},\"thumbnailUrl\":\"https:\/\/phukienflytech.vn\/wp-content\/uploads\/2020\/05\/filter-MCUV-osmo-action.jpg123_-_Copy.png\",\"datePublished\":\"2020-05-31T02:58:41+00:00\",\"dateModified\":\"2020-10-09T09:16:40+00:00\",\"description\":\"MCUV Filter Osmo Action is one of the most important accessory. Contact us to buy MCUV Filter Osmo Action for best price, fast shipping.\",\"breadcrumb\":{\"@id\":\"https:\/\/phukienflytech.vn\/en\/san-pham\/mcuv-filter-osmo-action.html#breadcrumb\"},\"inLanguage\":\"en-US\",\"potentialAction\":[{\"@type\":\"ReadAction\",\"target\":[\"https:\/\/phukienflytech.vn\/en\/san-pham\/mcuv-filter-osmo-action.html\"]}]},{\"@type\":\"ImageObject\",\"inLanguage\":\"en-US\",\"@id\":\"https:\/\/phukienflytech.vn\/en\/san-pham\/mcuv-filter-osmo-action.html#primaryimage\",\"url\":\"https:\/\/phukienflytech.vn\/wp-content\/uploads\/2020\/05\/filter-MCUV-osmo-action.jpg123_-_Copy.png\",\"contentUrl\":\"https:\/\/phukienflytech.vn\/wp-content\/uploads\/2020\/05\/filter-MCUV-osmo-action.jpg123_-_Copy.png\",\"width\":500,\"height\":500},{\"@type\":\"BreadcrumbList\",\"@id\":\"https:\/\/phukienflytech.vn\/en\/san-pham\/mcuv-filter-osmo-action.html#breadcrumb\",\"itemListElement\":[{\"@type\":\"ListItem\",\"position\":1,\"name\":\"Home\",\"item\":\"https:\/\/phukienflytech.vn\/en\"},{\"@type\":\"ListItem\",\"position\":2,\"name\":\"Ph\u1ee5 ki\u1ec7n Mavic Pro\",\"item\":\"https:\/\/phukienflytech.vn\/en\/phu-kien-mavic-pro.html\"},{\"@type\":\"ListItem\",\"position\":3,\"name\":\"DJI Osmo &amp; Drone's accessories\",\"item\":\"https:\/\/phukienflytech.vn\/en\/danh-muc\/dji-osmo-drones-accessories.html\"},{\"@type\":\"ListItem\",\"position\":4,\"name\":\"Osmo Action accessory\",\"item\":\"https:\/\/phukienflytech.vn\/en\/danh-muc\/osmo-action-accessory.html\"},{\"@type\":\"ListItem\",\"position\":5,\"name\":\"MCUV Filter Osmo Action\"}]},{\"@type\":\"WebSite\",\"@id\":\"https:\/\/phukienflytech.vn\/#website\",\"url\":\"https:\/\/phukienflytech.vn\/\",\"name\":\"Shop M\u00e1y \u1ea3nh - Action Camera - Gimbal - Flycam - Ph\u1ee5 ki\u1ec7n\",\"description\":\"Shop M\u00e1y \u1ea3nh - Action Camera - Gimbal - Flycam - Ph\u1ee5 ki\u1ec7n\",\"publisher\":{\"@id\":\"https:\/\/phukienflytech.vn\/#organization\"},\"potentialAction\":[{\"@type\":\"SearchAction\",\"target\":{\"@type\":\"EntryPoint\",\"urlTemplate\":\"https:\/\/phukienflytech.vn\/?s={search_term_string}\"},\"query-input\":{\"@type\":\"PropertyValueSpecification\",\"valueRequired\":true,\"valueName\":\"search_term_string\"}}],\"inLanguage\":\"en-US\"},{\"@type\":\"Organization\",\"@id\":\"https:\/\/phukienflytech.vn\/#organization\",\"name\":\"DJI Store - Shop Drone, Action camera, Gimbal DJI |Phukienflytech\",\"alternateName\":\"DJI Store - Shop Drone, Action camera, Gimbal DJI |Phukienflytech\",\"url\":\"https:\/\/phukienflytech.vn\/\",\"logo\":{\"@type\":\"ImageObject\",\"inLanguage\":\"en-US\",\"@id\":\"https:\/\/phukienflytech.vn\/#\/schema\/logo\/image\/\",\"url\":\"https:\/\/phukienflytech.vn\/wp-content\/uploads\/2020\/05\/hAnh_nan.jpg1_.jpg\",\"contentUrl\":\"https:\/\/phukienflytech.vn\/wp-content\/uploads\/2020\/05\/hAnh_nan.jpg1_.jpg\",\"width\":800,\"height\":450,\"caption\":\"DJI Store - Shop Drone, Action camera, Gimbal DJI |Phukienflytech\"},\"image\":{\"@id\":\"https:\/\/phukienflytech.vn\/#\/schema\/logo\/image\/\"},\"sameAs\":[\"https:\/\/facebook.com\/phukienflycam\",\"https:\/\/www.youtube.com\/@phukienflytech\",\"https:\/\/www.tiktok.com\/@flytech.channel?fbclid=IwY2xjawGjg7BleHRuA2FlbQIxMAABHYVGmlXpuSMs0UB2zTpYvyT4GMVfN2qJa4urF4vkSQ6FAVBwXZtDP30qQA_aem_UwMiDcUvlEbd2tXAmsc8Og\"]}]}<\/script>\n<!-- \/ Yoast SEO plugin. -->","yoast_head_json":{"title":"MCUV Filter Osmo Action - Sunnylife - Osmo Action accessories- available.","description":"MCUV Filter Osmo Action is one of the most important accessory. Contact us to buy MCUV Filter Osmo Action for best price, fast shipping.","robots":{"index":"index","follow":"follow","max-snippet":"max-snippet:-1","max-image-preview":"max-image-preview:large","max-video-preview":"max-video-preview:-1"},"canonical":"https:\/\/phukienflytech.vn\/en\/san-pham\/mcuv-filter-osmo-action.html","og_locale":"en_US","og_type":"article","og_title":"MCUV Filter Osmo Action - Sunnylife - Osmo Action accessories- available.","og_description":"MCUV Filter Osmo Action is one of the most important accessory. Contact us to buy MCUV Filter Osmo Action for best price, fast shipping.","og_url":"https:\/\/phukienflytech.vn\/en\/san-pham\/mcuv-filter-osmo-action.html","og_site_name":"Shop M\u00e1y \u1ea3nh - Action Camera - Gimbal - Flycam - Ph\u1ee5 ki\u1ec7n","article_publisher":"https:\/\/facebook.com\/phukienflycam","article_modified_time":"2020-10-09T09:16:40+00:00","og_image":[{"width":500,"height":500,"url":"https:\/\/phukienflytech.vn\/wp-content\/uploads\/2020\/05\/filter-MCUV-osmo-action.jpg123_-_Copy.png","type":"image\/png"}],"twitter_card":"summary_large_image","twitter_misc":{"Est. reading time":"4 minutes"},"schema":{"@context":"https:\/\/schema.org","@graph":[{"@type":"WebPage","@id":"https:\/\/phukienflytech.vn\/en\/san-pham\/mcuv-filter-osmo-action.html","url":"https:\/\/phukienflytech.vn\/en\/san-pham\/mcuv-filter-osmo-action.html","name":"MCUV Filter Osmo Action - Sunnylife - Osmo Action accessories- available.","isPartOf":{"@id":"https:\/\/phukienflytech.vn\/#website"},"primaryImageOfPage":{"@id":"https:\/\/phukienflytech.vn\/en\/san-pham\/mcuv-filter-osmo-action.html#primaryimage"},"image":{"@id":"https:\/\/phukienflytech.vn\/en\/san-pham\/mcuv-filter-osmo-action.html#primaryimage"},"thumbnailUrl":"https:\/\/phukienflytech.vn\/wp-content\/uploads\/2020\/05\/filter-MCUV-osmo-action.jpg123_-_Copy.png","datePublished":"2020-05-31T02:58:41+00:00","dateModified":"2020-10-09T09:16:40+00:00","description":"MCUV Filter Osmo Action is one of the most important accessory. Contact us to buy MCUV Filter Osmo Action for best price, fast shipping.","breadcrumb":{"@id":"https:\/\/phukienflytech.vn\/en\/san-pham\/mcuv-filter-osmo-action.html#breadcrumb"},"inLanguage":"en-US","potentialAction":[{"@type":"ReadAction","target":["https:\/\/phukienflytech.vn\/en\/san-pham\/mcuv-filter-osmo-action.html"]}]},{"@type":"ImageObject","inLanguage":"en-US","@id":"https:\/\/phukienflytech.vn\/en\/san-pham\/mcuv-filter-osmo-action.html#primaryimage","url":"https:\/\/phukienflytech.vn\/wp-content\/uploads\/2020\/05\/filter-MCUV-osmo-action.jpg123_-_Copy.png","contentUrl":"https:\/\/phukienflytech.vn\/wp-content\/uploads\/2020\/05\/filter-MCUV-osmo-action.jpg123_-_Copy.png","width":500,"height":500},{"@type":"BreadcrumbList","@id":"https:\/\/phukienflytech.vn\/en\/san-pham\/mcuv-filter-osmo-action.html#breadcrumb","itemListElement":[{"@type":"ListItem","position":1,"name":"Home","item":"https:\/\/phukienflytech.vn\/en"},{"@type":"ListItem","position":2,"name":"Ph\u1ee5 ki\u1ec7n Mavic Pro","item":"https:\/\/phukienflytech.vn\/en\/phu-kien-mavic-pro.html"},{"@type":"ListItem","position":3,"name":"DJI Osmo &amp; Drone's accessories","item":"https:\/\/phukienflytech.vn\/en\/danh-muc\/dji-osmo-drones-accessories.html"},{"@type":"ListItem","position":4,"name":"Osmo Action accessory","item":"https:\/\/phukienflytech.vn\/en\/danh-muc\/osmo-action-accessory.html"},{"@type":"ListItem","position":5,"name":"MCUV Filter Osmo Action"}]},{"@type":"WebSite","@id":"https:\/\/phukienflytech.vn\/#website","url":"https:\/\/phukienflytech.vn\/","name":"Shop M\u00e1y \u1ea3nh - Action Camera - Gimbal - Flycam - Ph\u1ee5 ki\u1ec7n","description":"Shop M\u00e1y \u1ea3nh - Action Camera - Gimbal - Flycam - Ph\u1ee5 ki\u1ec7n","publisher":{"@id":"https:\/\/phukienflytech.vn\/#organization"},"potentialAction":[{"@type":"SearchAction","target":{"@type":"EntryPoint","urlTemplate":"https:\/\/phukienflytech.vn\/?s={search_term_string}"},"query-input":{"@type":"PropertyValueSpecification","valueRequired":true,"valueName":"search_term_string"}}],"inLanguage":"en-US"},{"@type":"Organization","@id":"https:\/\/phukienflytech.vn\/#organization","name":"DJI Store - Shop Drone, Action camera, Gimbal DJI |Phukienflytech","alternateName":"DJI Store - Shop Drone, Action camera, Gimbal DJI |Phukienflytech","url":"https:\/\/phukienflytech.vn\/","logo":{"@type":"ImageObject","inLanguage":"en-US","@id":"https:\/\/phukienflytech.vn\/#\/schema\/logo\/image\/","url":"https:\/\/phukienflytech.vn\/wp-content\/uploads\/2020\/05\/hAnh_nan.jpg1_.jpg","contentUrl":"https:\/\/phukienflytech.vn\/wp-content\/uploads\/2020\/05\/hAnh_nan.jpg1_.jpg","width":800,"height":450,"caption":"DJI Store - Shop Drone, Action camera, Gimbal DJI |Phukienflytech"},"image":{"@id":"https:\/\/phukienflytech.vn\/#\/schema\/logo\/image\/"},"sameAs":["https:\/\/facebook.com\/phukienflycam","https:\/\/www.youtube.com\/@phukienflytech","https:\/\/www.tiktok.com\/@flytech.channel?fbclid=IwY2xjawGjg7BleHRuA2FlbQIxMAABHYVGmlXpuSMs0UB2zTpYvyT4GMVfN2qJa4urF4vkSQ6FAVBwXZtDP30qQA_aem_UwMiDcUvlEbd2tXAmsc8Og"]}]}},"_links":{"self":[{"href":"https:\/\/phukienflytech.vn\/en\/wp-json\/wp\/v2\/product\/5428","targetHints":{"allow":["GET"]}}],"collection":[{"href":"https:\/\/phukienflytech.vn\/en\/wp-json\/wp\/v2\/product"}],"about":[{"href":"https:\/\/phukienflytech.vn\/en\/wp-json\/wp\/v2\/types\/product"}],"replies":[{"embeddable":true,"href":"https:\/\/phukienflytech.vn\/en\/wp-json\/wp\/v2\/comments?post=5428"}],"wp:featuredmedia":[{"embeddable":true,"href":"https:\/\/phukienflytech.vn\/en\/wp-json\/wp\/v2\/media\/16757"}],"wp:attachment":[{"href":"https:\/\/phukienflytech.vn\/en\/wp-json\/wp\/v2\/media?parent=5428"}],"wp:term":[{"taxonomy":"product_brand","embeddable":true,"href":"https:\/\/phukienflytech.vn\/en\/wp-json\/wp\/v2\/product_brand?post=5428"},{"taxonomy":"product_cat","embeddable":true,"href":"https:\/\/phukienflytech.vn\/en\/wp-json\/wp\/v2\/product_cat?post=5428"},{"taxonomy":"product_tag","embeddable":true,"href":"https:\/\/phukienflytech.vn\/en\/wp-json\/wp\/v2\/product_tag?post=5428"}],"curies":[{"name":"wp","href":"https:\/\/api.w.org\/{rel}","templated":true}]}}