{"id":5459,"date":"2020-05-31T10:26:56","date_gmt":"2020-05-31T03:26:56","guid":{"rendered":"http:\/\/27430.lamdx.vinawebsite.vn\/san-pham\/hop-dung-dji-osmo-action-cao-cap-full-combo.html"},"modified":"2020-10-09T16:25:48","modified_gmt":"2020-10-09T09:25:48","slug":"osmo-action-shock-proof-case","status":"publish","type":"product","link":"https:\/\/phukienflytech.vn\/en\/san-pham\/osmo-action-shock-proof-case.html","title":{"rendered":"DJIOsmo Action shock proof case"},"content":{"rendered":"<h2 class=\"fw_medium title_single_product\"><span style=\"font-size: 21px;\"><strong><span style=\"color: #0000ff;\">Osmo Action shock proof case <\/span><\/strong><\/span><\/h2>\n<p class=\"fw_medium title_single_product\">\n<p><span style=\"font-size: 18px;\">Osmo Action shock proof case<\/span><\/p>\n<p><span style=\"font-size: 18px;\"><em><strong>DJI Osmo action<\/strong><\/em> \u2013 chi\u1ebfc camera h\u00e0nh tr\u00ecnh chuy\u00ean nghi\u1ec7p \u0111\u1ea7u ti\u00ean c\u1ee7a DJI. N\u1ebfu b\u1ea1n \u0111\u00e3 mua DJI Osmo action\u00a0 r\u1ed3i th\u00ec ch\u1eafc h\u1eb3n b\u1ea1n c\u0169ng \u0111ang quan t\u00e2m t\u1edbi c\u00e1ch \u0111\u1ec3 n\u00e2ng c\u1ea5p ch\u1ea5t l\u01b0\u1ee3ng h\u00ecnh \u1ea3nh c\u0169ng nh\u01b0 l\u00e0m sao \u0111\u1ec3 b\u1ea3o v\u1ec7 chi\u1ebfc DJI Osmo action c\u1ee7a m\u00ecnh t\u1ed1t nh\u1ea5t \u0111\u00fang kh\u00f4ng ? <\/span><span style=\"font-size: 18px;\">Osmo Action <\/span><span style=\"font-size: 18px;\">s\u1ebd l\u00e0m b\u1ea1n c\u1ea3m th\u1ea5y an t\u00e2m khi di chuy\u1ec3n.<\/span><\/p>\n<p>&nbsp;<\/p>\n<p>&nbsp;<\/p>\n<p><span style=\"font-size: 18px;\"><img loading=\"lazy\" decoding=\"async\" class=\"alignnone size-medium wp-image-11060\" src=\"https:\/\/phukienflytech.vn\/wp-content\/uploads\/2020\/05\/hop-dung-dji-osmo-action-cao-cap-full-combo-5447-4-400x400.jpg\" alt=\"\" width=\"400\" height=\"400\" srcset=\"https:\/\/phukienflytech.vn\/wp-content\/uploads\/2020\/05\/hop-dung-dji-osmo-action-cao-cap-full-combo-5447-4-400x400.jpg 400w, https:\/\/phukienflytech.vn\/wp-content\/uploads\/2020\/05\/hop-dung-dji-osmo-action-cao-cap-full-combo-5447-4-280x280.jpg 280w, https:\/\/phukienflytech.vn\/wp-content\/uploads\/2020\/05\/hop-dung-dji-osmo-action-cao-cap-full-combo-5447-4-768x768.jpg 768w, https:\/\/phukienflytech.vn\/wp-content\/uploads\/2020\/05\/hop-dung-dji-osmo-action-cao-cap-full-combo-5447-4-800x800.jpg 800w, https:\/\/phukienflytech.vn\/wp-content\/uploads\/2020\/05\/hop-dung-dji-osmo-action-cao-cap-full-combo-5447-4-300x300.jpg 300w, https:\/\/phukienflytech.vn\/wp-content\/uploads\/2020\/05\/hop-dung-dji-osmo-action-cao-cap-full-combo-5447-4-600x600.jpg 600w, https:\/\/phukienflytech.vn\/wp-content\/uploads\/2020\/05\/hop-dung-dji-osmo-action-cao-cap-full-combo-5447-4-100x100.jpg 100w, https:\/\/phukienflytech.vn\/wp-content\/uploads\/2020\/05\/hop-dung-dji-osmo-action-cao-cap-full-combo-5447-4.jpg 1000w\" sizes=\"auto, (max-width: 400px) 100vw, 400px\" \/><\/span><\/p>\n<p>&nbsp;<\/p>\n<p>&nbsp;<\/p>\n<p><span style=\"font-size: 18px;\">D\u01b0\u1edbi \u0111\u00e2y l\u00e0 chi\u1ebfc h\u1ed9p m\u00e0\u00a0\u0111\u01b0\u1ee3c xem l\u00e0 m\u1ed9t trong s\u1ed1 nh\u1eefng\u00a0<em><strong>ph\u1ee5 ki\u1ec7n DJI Osmo Action<\/strong><\/em>\u00a0c\u1ea7n thi\u1ebft nh\u1ea5t b\u1ea1n n\u00ean tham kh\u1ea3o<\/span><\/p>\n<p>&nbsp;<\/p>\n<p>&nbsp;<\/p>\n<h3><span style=\"font-size: 18px;\"><img loading=\"lazy\" decoding=\"async\" class=\"alignnone wp-image-11062 size-medium\" src=\"https:\/\/phukienflytech.vn\/wp-content\/uploads\/2020\/05\/hop-dung-dji-osmo-action-cao-cap-full-combo-5447-1-1-400x400.jpg\" alt=\"Osmo-Action-shock-proof-case-2\" width=\"400\" height=\"400\" srcset=\"https:\/\/phukienflytech.vn\/wp-content\/uploads\/2020\/05\/hop-dung-dji-osmo-action-cao-cap-full-combo-5447-1-1-400x400.jpg 400w, https:\/\/phukienflytech.vn\/wp-content\/uploads\/2020\/05\/hop-dung-dji-osmo-action-cao-cap-full-combo-5447-1-1-280x280.jpg 280w, https:\/\/phukienflytech.vn\/wp-content\/uploads\/2020\/05\/hop-dung-dji-osmo-action-cao-cap-full-combo-5447-1-1-768x768.jpg 768w, https:\/\/phukienflytech.vn\/wp-content\/uploads\/2020\/05\/hop-dung-dji-osmo-action-cao-cap-full-combo-5447-1-1-800x800.jpg 800w, https:\/\/phukienflytech.vn\/wp-content\/uploads\/2020\/05\/hop-dung-dji-osmo-action-cao-cap-full-combo-5447-1-1-300x300.jpg 300w, https:\/\/phukienflytech.vn\/wp-content\/uploads\/2020\/05\/hop-dung-dji-osmo-action-cao-cap-full-combo-5447-1-1-600x600.jpg 600w, https:\/\/phukienflytech.vn\/wp-content\/uploads\/2020\/05\/hop-dung-dji-osmo-action-cao-cap-full-combo-5447-1-1-100x100.jpg 100w, https:\/\/phukienflytech.vn\/wp-content\/uploads\/2020\/05\/hop-dung-dji-osmo-action-cao-cap-full-combo-5447-1-1.jpg 1000w\" sizes=\"auto, (max-width: 400px) 100vw, 400px\" \/><\/span><\/h3>\n<p>&nbsp;<\/p>\n<p>&nbsp;<\/p>\n<h2><span style=\"color: #0000ff;\"><strong><span style=\"font-size: 18px;\">\u0110\u1eb7c \u0111i\u1ec3m\u00a0<\/span><\/strong><\/span><\/h2>\n<ul>\n<li><span style=\"font-size: 18px;\">V\u1ecf ngo\u00e0i : Cao su d\u1eadp khu\u00f4n n\u1ed5i m\u00e0u x\u00e1m<\/span><\/li>\n<li><span style=\"font-size: 18px;\">Khung : c\u1ee9ng ch\u1ed1ng s\u1ed1c<\/span><\/li>\n<li><span style=\"font-size: 18px;\">K\u00edch th\u01b0\u1edbc (cm) : 24 * 17 * 7<\/span><\/li>\n<li><span style=\"font-size: 18px;\">Tr\u1ecdng l\u01b0\u1ee3ng : 350g<\/span><\/li>\n<li><span style=\"font-size: 18px;\">Kh\u1ea3 n\u0103ng ch\u1ee9c : Full set Osmo Action + G\u1eady k\u00e9o d\u00e0i + tripod + c\u00e1c ph\u1ee5 ki\u1ec7n nh\u01b0 filter lens, d\u00e2y \u0111eo body\u2026<\/span><\/li>\n<li><span style=\"font-size: 18px;\">C\u1ea5u tr\u00fac : V\u1ecf c\u1ee9ng b\u00ean ngo\u00e0i, c\u00f3 quai c\u1ea7m tay, b\u00ean trong c\u00f3 v\u00e1ch ng\u0103n t\u1ea7ng<\/span><\/li>\n<li><span style=\"font-size: 18px;\">Nh\u00e0 s\u1ea3n xu\u1ea5t : Sunnylife<\/span><\/li>\n<\/ul>\n<h3><\/h3>\n<h3><span style=\"font-size: 18px;\"><img loading=\"lazy\" decoding=\"async\" class=\"alignnone wp-image-11064 size-medium\" src=\"https:\/\/phukienflytech.vn\/wp-content\/uploads\/2020\/05\/hop-dung-dji-osmo-action-cao-cap-full-combo-5447-2-1-400x400.jpg\" alt=\"Osmo-Action-shock-proof-case-1\" width=\"400\" height=\"400\" srcset=\"https:\/\/phukienflytech.vn\/wp-content\/uploads\/2020\/05\/hop-dung-dji-osmo-action-cao-cap-full-combo-5447-2-1-400x400.jpg 400w, https:\/\/phukienflytech.vn\/wp-content\/uploads\/2020\/05\/hop-dung-dji-osmo-action-cao-cap-full-combo-5447-2-1-280x280.jpg 280w, https:\/\/phukienflytech.vn\/wp-content\/uploads\/2020\/05\/hop-dung-dji-osmo-action-cao-cap-full-combo-5447-2-1-768x768.jpg 768w, https:\/\/phukienflytech.vn\/wp-content\/uploads\/2020\/05\/hop-dung-dji-osmo-action-cao-cap-full-combo-5447-2-1-800x800.jpg 800w, https:\/\/phukienflytech.vn\/wp-content\/uploads\/2020\/05\/hop-dung-dji-osmo-action-cao-cap-full-combo-5447-2-1-300x300.jpg 300w, https:\/\/phukienflytech.vn\/wp-content\/uploads\/2020\/05\/hop-dung-dji-osmo-action-cao-cap-full-combo-5447-2-1-600x600.jpg 600w, https:\/\/phukienflytech.vn\/wp-content\/uploads\/2020\/05\/hop-dung-dji-osmo-action-cao-cap-full-combo-5447-2-1-100x100.jpg 100w, https:\/\/phukienflytech.vn\/wp-content\/uploads\/2020\/05\/hop-dung-dji-osmo-action-cao-cap-full-combo-5447-2-1.jpg 1000w\" sizes=\"auto, (max-width: 400px) 100vw, 400px\" \/><\/span><\/h3>\n<p>&nbsp;<\/p>\n<p>&nbsp;<\/p>\n<p><span style=\"font-size: 18px;\">H\u00e3y trang b\u1ecb ngay cho m\u00ecnh s\u1ea3n ph\u1ea9m ch\u1ed1ng s\u1ed1c cao c\u1ea5p n\u00e0y \u0111\u1ec3 b\u1ea3o v\u1ec7 c\u0169ng nh\u01b0 b\u1ed5 sung v\u00e0o b\u1ed9 ph\u1ee5 ki\u1ec7n DJI Osmo Action c\u1ee7a b\u1ea1n nh\u00e9.<\/span><\/p>\n<p>&nbsp;<\/p>\n<p>&nbsp;<\/p>\n<p><span style=\"font-size: 18px;\"><img loading=\"lazy\" decoding=\"async\" class=\"alignnone wp-image-11066 size-medium\" src=\"https:\/\/phukienflytech.vn\/wp-content\/uploads\/2020\/05\/hop-dung-dji-osmo-action-cao-cap-full-combo-5447-3-1-400x400.jpg\" alt=\"Osmo-Action-shock-proof-case\" width=\"400\" height=\"400\" srcset=\"https:\/\/phukienflytech.vn\/wp-content\/uploads\/2020\/05\/hop-dung-dji-osmo-action-cao-cap-full-combo-5447-3-1-400x400.jpg 400w, https:\/\/phukienflytech.vn\/wp-content\/uploads\/2020\/05\/hop-dung-dji-osmo-action-cao-cap-full-combo-5447-3-1-280x280.jpg 280w, https:\/\/phukienflytech.vn\/wp-content\/uploads\/2020\/05\/hop-dung-dji-osmo-action-cao-cap-full-combo-5447-3-1-768x768.jpg 768w, https:\/\/phukienflytech.vn\/wp-content\/uploads\/2020\/05\/hop-dung-dji-osmo-action-cao-cap-full-combo-5447-3-1-800x800.jpg 800w, https:\/\/phukienflytech.vn\/wp-content\/uploads\/2020\/05\/hop-dung-dji-osmo-action-cao-cap-full-combo-5447-3-1-300x300.jpg 300w, https:\/\/phukienflytech.vn\/wp-content\/uploads\/2020\/05\/hop-dung-dji-osmo-action-cao-cap-full-combo-5447-3-1-600x600.jpg 600w, https:\/\/phukienflytech.vn\/wp-content\/uploads\/2020\/05\/hop-dung-dji-osmo-action-cao-cap-full-combo-5447-3-1-100x100.jpg 100w, https:\/\/phukienflytech.vn\/wp-content\/uploads\/2020\/05\/hop-dung-dji-osmo-action-cao-cap-full-combo-5447-3-1.jpg 1000w\" sizes=\"auto, (max-width: 400px) 100vw, 400px\" \/><\/span><\/p>\n<p><span style=\"font-size: 18px;\">&gt;&gt; Learn More :<a href=\"https:\/\/phukienflytech.vn\/danh-muc\/phu-kien-osmo-pocket.html\"><strong> Accessories<\/strong><\/a><\/span><\/p>\n<p><span style=\"font-size: 18px;\">&gt;&gt; Contact us on: <a href=\"https:\/\/www.facebook.com\/phukienflycam\"><strong>Facebook<\/strong><\/a><\/span><\/p>\n","protected":false},"excerpt":{"rendered":"<p>Osmo Action shock proof case Osmo Action shock proof case DJI Osmo action \u2013 chi\u1ebfc camera h\u00e0nh tr\u00ecnh chuy\u00ean nghi\u1ec7p \u0111\u1ea7u ti\u00ean c\u1ee7a DJI. N\u1ebfu b\u1ea1n \u0111\u00e3 mua DJI Osmo action\u00a0 r\u1ed3i th\u00ec ch\u1eafc h\u1eb3n b\u1ea1n c\u0169ng \u0111ang quan t\u00e2m t\u1edbi c\u00e1ch \u0111\u1ec3 n\u00e2ng c\u1ea5p ch\u1ea5t l\u01b0\u1ee3ng h\u00ecnh \u1ea3nh c\u0169ng nh\u01b0 l\u00e0m sao \u0111\u1ec3 b\u1ea3o &#8230;<\/p>\n","protected":false},"featured_media":5450,"comment_status":"open","ping_status":"closed","template":"","meta":{"_acf_changed":false},"product_brand":[],"product_cat":[417,187],"product_tag":[404,372],"class_list":{"0":"post-5459","1":"product","2":"type-product","3":"status-publish","4":"has-post-thumbnail","6":"product_cat-seonhom-flycam-tam-trung-duoi-5-trieu-en","7":"product_cat-osmo-action-accessory","8":"product_tag-hop-dung-dji-osmo-action-en","9":"product_tag-phu-kien-osmo-action-en","11":"first","12":"instock","13":"shipping-taxable","14":"purchasable","15":"product-type-simple"},"acf":[],"yoast_head":"<!-- This site is optimized with the Yoast SEO plugin v25.7 - https:\/\/yoast.com\/wordpress\/plugins\/seo\/ -->\n<title>Osmo Action shock proof case - DJI - Osmo Action accessory - available .<\/title>\n<meta name=\"description\" content=\"Osmo Action shock proof case is one of the most important accessory. Contact us to buy Osmo Action shock proof case for best price.\" \/>\n<meta name=\"robots\" content=\"index, follow, max-snippet:-1, max-image-preview:large, max-video-preview:-1\" \/>\n<link rel=\"canonical\" href=\"https:\/\/phukienflytech.vn\/en\/san-pham\/osmo-action-shock-proof-case.html\" \/>\n<meta property=\"og:locale\" content=\"en_US\" \/>\n<meta property=\"og:type\" content=\"article\" \/>\n<meta property=\"og:title\" content=\"Osmo Action shock proof case - DJI - Osmo Action accessory - available .\" \/>\n<meta property=\"og:description\" content=\"Osmo Action shock proof case is one of the most important accessory. Contact us to buy Osmo Action shock proof case for best price.\" \/>\n<meta property=\"og:url\" content=\"https:\/\/phukienflytech.vn\/en\/san-pham\/osmo-action-shock-proof-case.html\" \/>\n<meta property=\"og:site_name\" content=\"Shop M\u00e1y \u1ea3nh - Action Camera - Gimbal - Flycam - Ph\u1ee5 ki\u1ec7n\" \/>\n<meta property=\"article:publisher\" content=\"https:\/\/facebook.com\/phukienflycam\" \/>\n<meta property=\"article:modified_time\" content=\"2020-10-09T09:25:48+00:00\" \/>\n<meta property=\"og:image\" content=\"https:\/\/phukienflytech.vn\/wp-content\/uploads\/2020\/05\/hop-dung-dji-osmo-action-camera-com-bo-Copy.png\" \/>\n\t<meta property=\"og:image:width\" content=\"300\" \/>\n\t<meta property=\"og:image:height\" content=\"300\" \/>\n\t<meta property=\"og:image:type\" content=\"image\/png\" \/>\n<meta name=\"twitter:card\" content=\"summary_large_image\" \/>\n<meta name=\"twitter:label1\" content=\"Est. reading time\" \/>\n\t<meta name=\"twitter:data1\" content=\"2 minutes\" \/>\n<script type=\"application\/ld+json\" class=\"yoast-schema-graph\">{\"@context\":\"https:\/\/schema.org\",\"@graph\":[{\"@type\":\"WebPage\",\"@id\":\"https:\/\/phukienflytech.vn\/en\/san-pham\/osmo-action-shock-proof-case.html\",\"url\":\"https:\/\/phukienflytech.vn\/en\/san-pham\/osmo-action-shock-proof-case.html\",\"name\":\"Osmo Action shock proof case - DJI - Osmo Action accessory - available .\",\"isPartOf\":{\"@id\":\"https:\/\/phukienflytech.vn\/#website\"},\"primaryImageOfPage\":{\"@id\":\"https:\/\/phukienflytech.vn\/en\/san-pham\/osmo-action-shock-proof-case.html#primaryimage\"},\"image\":{\"@id\":\"https:\/\/phukienflytech.vn\/en\/san-pham\/osmo-action-shock-proof-case.html#primaryimage\"},\"thumbnailUrl\":\"https:\/\/phukienflytech.vn\/wp-content\/uploads\/2020\/05\/hop-dung-dji-osmo-action-camera-com-bo-Copy.png\",\"datePublished\":\"2020-05-31T03:26:56+00:00\",\"dateModified\":\"2020-10-09T09:25:48+00:00\",\"description\":\"Osmo Action shock proof case is one of the most important accessory. Contact us to buy Osmo Action shock proof case for best price.\",\"breadcrumb\":{\"@id\":\"https:\/\/phukienflytech.vn\/en\/san-pham\/osmo-action-shock-proof-case.html#breadcrumb\"},\"inLanguage\":\"en-US\",\"potentialAction\":[{\"@type\":\"ReadAction\",\"target\":[\"https:\/\/phukienflytech.vn\/en\/san-pham\/osmo-action-shock-proof-case.html\"]}]},{\"@type\":\"ImageObject\",\"inLanguage\":\"en-US\",\"@id\":\"https:\/\/phukienflytech.vn\/en\/san-pham\/osmo-action-shock-proof-case.html#primaryimage\",\"url\":\"https:\/\/phukienflytech.vn\/wp-content\/uploads\/2020\/05\/hop-dung-dji-osmo-action-camera-com-bo-Copy.png\",\"contentUrl\":\"https:\/\/phukienflytech.vn\/wp-content\/uploads\/2020\/05\/hop-dung-dji-osmo-action-camera-com-bo-Copy.png\",\"width\":300,\"height\":300},{\"@type\":\"BreadcrumbList\",\"@id\":\"https:\/\/phukienflytech.vn\/en\/san-pham\/osmo-action-shock-proof-case.html#breadcrumb\",\"itemListElement\":[{\"@type\":\"ListItem\",\"position\":1,\"name\":\"Home\",\"item\":\"https:\/\/phukienflytech.vn\/en\"},{\"@type\":\"ListItem\",\"position\":2,\"name\":\"Ph\u1ee5 ki\u1ec7n Mavic Pro\",\"item\":\"https:\/\/phukienflytech.vn\/en\/phu-kien-mavic-pro.html\"},{\"@type\":\"ListItem\",\"position\":3,\"name\":\"[SEO]Nh\u00f3m flycam t\u1ea7m trung d\u01b0\u1edbi 5 tri\u1ec7u\",\"item\":\"https:\/\/phukienflytech.vn\/en\/danh-muc\/seonhom-flycam-tam-trung-duoi-5-trieu-en.html\"},{\"@type\":\"ListItem\",\"position\":4,\"name\":\"DJIOsmo Action shock proof case\"}]},{\"@type\":\"WebSite\",\"@id\":\"https:\/\/phukienflytech.vn\/#website\",\"url\":\"https:\/\/phukienflytech.vn\/\",\"name\":\"Shop M\u00e1y \u1ea3nh - Action Camera - Gimbal - Flycam - Ph\u1ee5 ki\u1ec7n\",\"description\":\"Shop M\u00e1y \u1ea3nh - Action Camera - Gimbal - Flycam - Ph\u1ee5 ki\u1ec7n\",\"publisher\":{\"@id\":\"https:\/\/phukienflytech.vn\/#organization\"},\"potentialAction\":[{\"@type\":\"SearchAction\",\"target\":{\"@type\":\"EntryPoint\",\"urlTemplate\":\"https:\/\/phukienflytech.vn\/?s={search_term_string}\"},\"query-input\":{\"@type\":\"PropertyValueSpecification\",\"valueRequired\":true,\"valueName\":\"search_term_string\"}}],\"inLanguage\":\"en-US\"},{\"@type\":\"Organization\",\"@id\":\"https:\/\/phukienflytech.vn\/#organization\",\"name\":\"DJI Store - Shop Drone, Action camera, Gimbal DJI |Phukienflytech\",\"alternateName\":\"DJI Store - Shop Drone, Action camera, Gimbal DJI |Phukienflytech\",\"url\":\"https:\/\/phukienflytech.vn\/\",\"logo\":{\"@type\":\"ImageObject\",\"inLanguage\":\"en-US\",\"@id\":\"https:\/\/phukienflytech.vn\/#\/schema\/logo\/image\/\",\"url\":\"https:\/\/phukienflytech.vn\/wp-content\/uploads\/2020\/05\/hAnh_nan.jpg1_.jpg\",\"contentUrl\":\"https:\/\/phukienflytech.vn\/wp-content\/uploads\/2020\/05\/hAnh_nan.jpg1_.jpg\",\"width\":800,\"height\":450,\"caption\":\"DJI Store - Shop Drone, Action camera, Gimbal DJI |Phukienflytech\"},\"image\":{\"@id\":\"https:\/\/phukienflytech.vn\/#\/schema\/logo\/image\/\"},\"sameAs\":[\"https:\/\/facebook.com\/phukienflycam\",\"https:\/\/www.youtube.com\/@phukienflytech\",\"https:\/\/www.tiktok.com\/@flytech.channel?fbclid=IwY2xjawGjg7BleHRuA2FlbQIxMAABHYVGmlXpuSMs0UB2zTpYvyT4GMVfN2qJa4urF4vkSQ6FAVBwXZtDP30qQA_aem_UwMiDcUvlEbd2tXAmsc8Og\"]}]}<\/script>\n<!-- \/ Yoast SEO plugin. -->","yoast_head_json":{"title":"Osmo Action shock proof case - DJI - Osmo Action accessory - available .","description":"Osmo Action shock proof case is one of the most important accessory. Contact us to buy Osmo Action shock proof case for best price.","robots":{"index":"index","follow":"follow","max-snippet":"max-snippet:-1","max-image-preview":"max-image-preview:large","max-video-preview":"max-video-preview:-1"},"canonical":"https:\/\/phukienflytech.vn\/en\/san-pham\/osmo-action-shock-proof-case.html","og_locale":"en_US","og_type":"article","og_title":"Osmo Action shock proof case - DJI - Osmo Action accessory - available .","og_description":"Osmo Action shock proof case is one of the most important accessory. Contact us to buy Osmo Action shock proof case for best price.","og_url":"https:\/\/phukienflytech.vn\/en\/san-pham\/osmo-action-shock-proof-case.html","og_site_name":"Shop M\u00e1y \u1ea3nh - Action Camera - Gimbal - Flycam - Ph\u1ee5 ki\u1ec7n","article_publisher":"https:\/\/facebook.com\/phukienflycam","article_modified_time":"2020-10-09T09:25:48+00:00","og_image":[{"width":300,"height":300,"url":"https:\/\/phukienflytech.vn\/wp-content\/uploads\/2020\/05\/hop-dung-dji-osmo-action-camera-com-bo-Copy.png","type":"image\/png"}],"twitter_card":"summary_large_image","twitter_misc":{"Est. reading time":"2 minutes"},"schema":{"@context":"https:\/\/schema.org","@graph":[{"@type":"WebPage","@id":"https:\/\/phukienflytech.vn\/en\/san-pham\/osmo-action-shock-proof-case.html","url":"https:\/\/phukienflytech.vn\/en\/san-pham\/osmo-action-shock-proof-case.html","name":"Osmo Action shock proof case - DJI - Osmo Action accessory - available .","isPartOf":{"@id":"https:\/\/phukienflytech.vn\/#website"},"primaryImageOfPage":{"@id":"https:\/\/phukienflytech.vn\/en\/san-pham\/osmo-action-shock-proof-case.html#primaryimage"},"image":{"@id":"https:\/\/phukienflytech.vn\/en\/san-pham\/osmo-action-shock-proof-case.html#primaryimage"},"thumbnailUrl":"https:\/\/phukienflytech.vn\/wp-content\/uploads\/2020\/05\/hop-dung-dji-osmo-action-camera-com-bo-Copy.png","datePublished":"2020-05-31T03:26:56+00:00","dateModified":"2020-10-09T09:25:48+00:00","description":"Osmo Action shock proof case is one of the most important accessory. Contact us to buy Osmo Action shock proof case for best price.","breadcrumb":{"@id":"https:\/\/phukienflytech.vn\/en\/san-pham\/osmo-action-shock-proof-case.html#breadcrumb"},"inLanguage":"en-US","potentialAction":[{"@type":"ReadAction","target":["https:\/\/phukienflytech.vn\/en\/san-pham\/osmo-action-shock-proof-case.html"]}]},{"@type":"ImageObject","inLanguage":"en-US","@id":"https:\/\/phukienflytech.vn\/en\/san-pham\/osmo-action-shock-proof-case.html#primaryimage","url":"https:\/\/phukienflytech.vn\/wp-content\/uploads\/2020\/05\/hop-dung-dji-osmo-action-camera-com-bo-Copy.png","contentUrl":"https:\/\/phukienflytech.vn\/wp-content\/uploads\/2020\/05\/hop-dung-dji-osmo-action-camera-com-bo-Copy.png","width":300,"height":300},{"@type":"BreadcrumbList","@id":"https:\/\/phukienflytech.vn\/en\/san-pham\/osmo-action-shock-proof-case.html#breadcrumb","itemListElement":[{"@type":"ListItem","position":1,"name":"Home","item":"https:\/\/phukienflytech.vn\/en"},{"@type":"ListItem","position":2,"name":"Ph\u1ee5 ki\u1ec7n Mavic Pro","item":"https:\/\/phukienflytech.vn\/en\/phu-kien-mavic-pro.html"},{"@type":"ListItem","position":3,"name":"[SEO]Nh\u00f3m flycam t\u1ea7m trung d\u01b0\u1edbi 5 tri\u1ec7u","item":"https:\/\/phukienflytech.vn\/en\/danh-muc\/seonhom-flycam-tam-trung-duoi-5-trieu-en.html"},{"@type":"ListItem","position":4,"name":"DJIOsmo Action shock proof case"}]},{"@type":"WebSite","@id":"https:\/\/phukienflytech.vn\/#website","url":"https:\/\/phukienflytech.vn\/","name":"Shop M\u00e1y \u1ea3nh - Action Camera - Gimbal - Flycam - Ph\u1ee5 ki\u1ec7n","description":"Shop M\u00e1y \u1ea3nh - Action Camera - Gimbal - Flycam - Ph\u1ee5 ki\u1ec7n","publisher":{"@id":"https:\/\/phukienflytech.vn\/#organization"},"potentialAction":[{"@type":"SearchAction","target":{"@type":"EntryPoint","urlTemplate":"https:\/\/phukienflytech.vn\/?s={search_term_string}"},"query-input":{"@type":"PropertyValueSpecification","valueRequired":true,"valueName":"search_term_string"}}],"inLanguage":"en-US"},{"@type":"Organization","@id":"https:\/\/phukienflytech.vn\/#organization","name":"DJI Store - Shop Drone, Action camera, Gimbal DJI |Phukienflytech","alternateName":"DJI Store - Shop Drone, Action camera, Gimbal DJI |Phukienflytech","url":"https:\/\/phukienflytech.vn\/","logo":{"@type":"ImageObject","inLanguage":"en-US","@id":"https:\/\/phukienflytech.vn\/#\/schema\/logo\/image\/","url":"https:\/\/phukienflytech.vn\/wp-content\/uploads\/2020\/05\/hAnh_nan.jpg1_.jpg","contentUrl":"https:\/\/phukienflytech.vn\/wp-content\/uploads\/2020\/05\/hAnh_nan.jpg1_.jpg","width":800,"height":450,"caption":"DJI Store - Shop Drone, Action camera, Gimbal DJI |Phukienflytech"},"image":{"@id":"https:\/\/phukienflytech.vn\/#\/schema\/logo\/image\/"},"sameAs":["https:\/\/facebook.com\/phukienflycam","https:\/\/www.youtube.com\/@phukienflytech","https:\/\/www.tiktok.com\/@flytech.channel?fbclid=IwY2xjawGjg7BleHRuA2FlbQIxMAABHYVGmlXpuSMs0UB2zTpYvyT4GMVfN2qJa4urF4vkSQ6FAVBwXZtDP30qQA_aem_UwMiDcUvlEbd2tXAmsc8Og"]}]}},"_links":{"self":[{"href":"https:\/\/phukienflytech.vn\/en\/wp-json\/wp\/v2\/product\/5459","targetHints":{"allow":["GET"]}}],"collection":[{"href":"https:\/\/phukienflytech.vn\/en\/wp-json\/wp\/v2\/product"}],"about":[{"href":"https:\/\/phukienflytech.vn\/en\/wp-json\/wp\/v2\/types\/product"}],"replies":[{"embeddable":true,"href":"https:\/\/phukienflytech.vn\/en\/wp-json\/wp\/v2\/comments?post=5459"}],"wp:featuredmedia":[{"embeddable":true,"href":"https:\/\/phukienflytech.vn\/en\/wp-json\/wp\/v2\/media\/5450"}],"wp:attachment":[{"href":"https:\/\/phukienflytech.vn\/en\/wp-json\/wp\/v2\/media?parent=5459"}],"wp:term":[{"taxonomy":"product_brand","embeddable":true,"href":"https:\/\/phukienflytech.vn\/en\/wp-json\/wp\/v2\/product_brand?post=5459"},{"taxonomy":"product_cat","embeddable":true,"href":"https:\/\/phukienflytech.vn\/en\/wp-json\/wp\/v2\/product_cat?post=5459"},{"taxonomy":"product_tag","embeddable":true,"href":"https:\/\/phukienflytech.vn\/en\/wp-json\/wp\/v2\/product_tag?post=5459"}],"curies":[{"name":"wp","href":"https:\/\/api.w.org\/{rel}","templated":true}]}}