{"id":5489,"date":"2020-06-20T10:47:08","date_gmt":"2020-06-20T03:47:08","guid":{"rendered":"http:\/\/27430.lamdx.vinawebsite.vn\/san-pham\/khung-bao-ve-osmo-action-pgytech.html"},"modified":"2021-01-14T10:02:28","modified_gmt":"2021-01-14T03:02:28","slug":"osmo-action-protection-cage","status":"publish","type":"product","link":"https:\/\/phukienflytech.vn\/en\/san-pham\/osmo-action-protection-cage.html","title":{"rendered":"Osmo Action Protection cage &#8211; PGYtech"},"content":{"rendered":"<h2><span style=\"color: #0000ff;\"><em><strong><span style=\"font-size: 21px;\">Osmo Action Protection cage<\/span><\/strong><\/em><\/span><\/h2>\n<p><span style=\"font-size: 18px;\">Osmo Action Protection cage<\/span><\/p>\n<p><span style=\"font-size: 18px;\">N\u1ebfu b\u1ea1n mu\u1ed1n\u00a0<strong><em>b\u1ea3o v\u1ec7\u00a0<\/em><\/strong>cho chi\u1ebfc\u00a0<strong><em>DJI Osmo Action<\/em><\/strong>\u00a0c\u1ee7a m\u00ecnh kh\u1ecfi nh\u1eefng h\u1ecfng h\u00f3c, va \u0111\u1eadp x\u01b0\u1edbc x\u00e1t trong qu\u00e1 tr\u00ecnh s\u1eed d\u1ee5ng th\u00ec\u00a0<strong><em>khung b\u1ea3o v\u1ec7 Osmo Action<\/em><\/strong>\u00a0c\u1ee7a\u00a0<strong><em>h\u00e3ng PGYTECH<\/em><\/strong>\u00a0ch\u00ednh l\u00e0 l\u1ef1a ch\u1ecdn c\u1ea7n thi\u1ebft d\u00e0nh cho b\u1ea1n.<\/span><\/p>\n<p>&nbsp;<\/p>\n<p><span style=\"font-size: 18px;\"><img loading=\"lazy\" decoding=\"async\" class=\"alignnone size-medium wp-image-11036\" src=\"https:\/\/phukienflytech.vn\/wp-content\/uploads\/2020\/05\/khung-bao-ve-osmo-action-pgytech-5475-5-381x400.jpg\" alt=\"\" width=\"381\" height=\"400\" srcset=\"https:\/\/phukienflytech.vn\/wp-content\/uploads\/2020\/05\/khung-bao-ve-osmo-action-pgytech-5475-5-381x400.jpg 381w, https:\/\/phukienflytech.vn\/wp-content\/uploads\/2020\/05\/khung-bao-ve-osmo-action-pgytech-5475-5-600x630.jpg 600w, https:\/\/phukienflytech.vn\/wp-content\/uploads\/2020\/05\/khung-bao-ve-osmo-action-pgytech-5475-5.jpg 615w\" sizes=\"auto, (max-width: 381px) 100vw, 381px\" \/><\/span><\/p>\n<p>&nbsp;<\/p>\n<p><span style=\"font-size: 18px;\"><img loading=\"lazy\" decoding=\"async\" class=\"alignnone size-medium wp-image-11040\" src=\"https:\/\/phukienflytech.vn\/wp-content\/uploads\/2020\/05\/khung-bao-ve-osmo-action-pgytech-5475-1-1-380x400.jpg\" alt=\"\" width=\"380\" height=\"400\" srcset=\"https:\/\/phukienflytech.vn\/wp-content\/uploads\/2020\/05\/khung-bao-ve-osmo-action-pgytech-5475-1-1-380x400.jpg 380w, https:\/\/phukienflytech.vn\/wp-content\/uploads\/2020\/05\/khung-bao-ve-osmo-action-pgytech-5475-1-1-600x631.jpg 600w, https:\/\/phukienflytech.vn\/wp-content\/uploads\/2020\/05\/khung-bao-ve-osmo-action-pgytech-5475-1-1.jpg 615w\" sizes=\"auto, (max-width: 380px) 100vw, 380px\" \/><\/span><\/p>\n<p>&nbsp;<\/p>\n<p><span style=\"font-size: 18px;\">V\u1edbi kh\u1ea3 n\u0103ng t\u01b0\u01a1ng th\u00edch \u0111a n\u0103ng v\u1edbi c\u00e1c l\u1ea1i lo\u1ea1i ch\u00e2n m\u00e1y nh\u01b0 tripod, g\u1eady t\u1ef1 s\u01b0\u1edbng, \u2026 , micro,\u2026\u00a0<strong><em>ph\u1ee5 ki\u1ec7n DJI Osmo Action<\/em><\/strong>\u00a0gi\u00fap ng\u01b0\u1eddi d\u00f9ng c\u00f3 th\u1ec3 d\u1ec5 d\u00e0ng c\u0169ng nh\u01b0 thu\u1eadn ti\u1ec7n trong vi\u1ec7c l\u1eafp \u0111\u1eb7t c\u00e1c thi\u1ebft b\u1ecb ph\u1ee5 tr\u1ee3 trong qu\u00e1 tr\u00ecnh s\u1eed d\u1ee5ng.<\/span><\/p>\n<p>&nbsp;<\/p>\n<p><span style=\"font-size: 18px;\"><img loading=\"lazy\" decoding=\"async\" class=\"alignnone wp-image-11042\" src=\"https:\/\/phukienflytech.vn\/wp-content\/uploads\/2020\/05\/khung-bao-ve-osmo-action-pgytech-5475-2-1-617x400.jpg\" alt=\"Osmo-Action-Protection-cage-2\" width=\"603\" height=\"391\" srcset=\"https:\/\/phukienflytech.vn\/wp-content\/uploads\/2020\/05\/khung-bao-ve-osmo-action-pgytech-5475-2-1-617x400.jpg 617w, https:\/\/phukienflytech.vn\/wp-content\/uploads\/2020\/05\/khung-bao-ve-osmo-action-pgytech-5475-2-1-768x498.jpg 768w, https:\/\/phukienflytech.vn\/wp-content\/uploads\/2020\/05\/khung-bao-ve-osmo-action-pgytech-5475-2-1-1235x800.jpg 1235w, https:\/\/phukienflytech.vn\/wp-content\/uploads\/2020\/05\/khung-bao-ve-osmo-action-pgytech-5475-2-1-600x389.jpg 600w, https:\/\/phukienflytech.vn\/wp-content\/uploads\/2020\/05\/khung-bao-ve-osmo-action-pgytech-5475-2-1.jpg 1250w\" sizes=\"auto, (max-width: 603px) 100vw, 603px\" \/><\/span><\/p>\n<p>&nbsp;<\/p>\n<p><span style=\"font-size: 18px;\">Ngo\u00e0i ra v\u1edbi thi\u1ebft k\u1ebf th\u00f4ng minh chuy\u00ean nghi\u1ec7p s\u1ea3n ph\u1ea9m n\u00e0y gi\u00fap ng\u01b0\u1eddi d\u00f9ng d\u1ec5 d\u00e0ng l\u1eafp \u0111\u1eb7t khi s\u1eed d\u1ee5ng m\u00e0 kh\u00f4ng s\u1ee3 g\u1eb7p b\u1ea5t k\u00ec kh\u00f3 kh\u0103n n\u00e0o.<\/span><\/p>\n<p>&nbsp;<\/p>\n<p><span style=\"font-size: 18px;\"><img loading=\"lazy\" decoding=\"async\" class=\"alignnone wp-image-11044\" src=\"https:\/\/phukienflytech.vn\/wp-content\/uploads\/2020\/05\/khung-bao-ve-osmo-action-pgytech-5475-3-1-590x400.jpg\" alt=\"Osmo-Action-Protection-cage-1\" width=\"528\" height=\"358\" srcset=\"https:\/\/phukienflytech.vn\/wp-content\/uploads\/2020\/05\/khung-bao-ve-osmo-action-pgytech-5475-3-1-590x400.jpg 590w, https:\/\/phukienflytech.vn\/wp-content\/uploads\/2020\/05\/khung-bao-ve-osmo-action-pgytech-5475-3-1-768x521.jpg 768w, https:\/\/phukienflytech.vn\/wp-content\/uploads\/2020\/05\/khung-bao-ve-osmo-action-pgytech-5475-3-1-1180x800.jpg 1180w, https:\/\/phukienflytech.vn\/wp-content\/uploads\/2020\/05\/khung-bao-ve-osmo-action-pgytech-5475-3-1-600x407.jpg 600w, https:\/\/phukienflytech.vn\/wp-content\/uploads\/2020\/05\/khung-bao-ve-osmo-action-pgytech-5475-3-1.jpg 1246w\" sizes=\"auto, (max-width: 528px) 100vw, 528px\" \/><\/span><\/p>\n<p>&nbsp;<\/p>\n<p><span style=\"font-size: 18px;\">\u0110\u1eb7c \u0111i\u1ec3m c\u1ee7a s\u1ea3n ph\u1ea9m:<\/span><\/p>\n<p><span style=\"font-size: 18px;\">Ch\u1ea5t li\u1ec7u: PC, sillica gel.<\/span><\/p>\n<p><span style=\"font-size: 18px;\">Tr\u1ecdng l\u01b0\u1ee3ng: 30g<\/span><\/p>\n<p><span style=\"font-size: 18px;\">K\u00edch th\u01b0\u1edbc: 41,5x37x17,5mm<\/span><\/p>\n<p><span style=\"font-size: 18px;\">Nh\u00e0 s\u1ea3n xu\u1ea5t: PGYTECH<\/span><\/p>\n<p><span style=\"font-size: 18px;\">C\u00f4ng d\u1ee5ng: b\u1ea3o v\u1ec7 Osmo Action<\/span><\/p>\n<p>&nbsp;<\/p>\n<p><span style=\"font-size: 18px;\"><img loading=\"lazy\" decoding=\"async\" class=\"alignnone wp-image-11046 size-thumbnail\" src=\"https:\/\/phukienflytech.vn\/wp-content\/uploads\/2020\/05\/khung-bao-ve-osmo-action-pgytech-5475-4-1-280x280.jpg\" alt=\"Osmo-Action-Protection-cage\" width=\"280\" height=\"280\" srcset=\"https:\/\/phukienflytech.vn\/wp-content\/uploads\/2020\/05\/khung-bao-ve-osmo-action-pgytech-5475-4-1-280x280.jpg 280w, https:\/\/phukienflytech.vn\/wp-content\/uploads\/2020\/05\/khung-bao-ve-osmo-action-pgytech-5475-4-1-300x300.jpg 300w, https:\/\/phukienflytech.vn\/wp-content\/uploads\/2020\/05\/khung-bao-ve-osmo-action-pgytech-5475-4-1-100x100.jpg 100w\" sizes=\"auto, (max-width: 280px) 100vw, 280px\" \/><\/span><\/p>\n<p>&nbsp;<\/p>\n<p><span style=\"font-size: 18px;\">H\u00e3y s\u1edf h\u1eefu cho m\u00ecnh s\u1ea3n ph\u1ea9m n\u00e0y\u00a0ngay h\u00f4m nay \u0111\u1ec3 c\u00f3 th\u1ec3\u00a0<strong><em>b\u1ea3o v\u1ec7 Osmo action<\/em><\/strong>\u00a0c\u1ee7a b\u1ea1n m\u1ed9t c\u00e1ch chuy\u00ean nghi\u1ec7p nh\u1ea5t.<\/span><\/p>\n<h2><span style=\"font-size: 21px; color: #0000ff;\"><strong><em>Mua ph\u1ee5 ki\u1ec7n DJI<\/em><\/strong>\u00a0<strong><em>osmo aciion\u00a0<\/em><\/strong>\u1edf \u0111\u00e2u ?<\/span><\/h2>\n<p><span style=\"font-size: 18px;\">V\u1edbi ph\u01b0\u01a1ng ch\u00e2m lu\u00f4n \u0111\u1eb7t UY T\u00cdN c\u0169ng nh\u01b0 CH\u1ea4T\u00a0 L\u01af\u1ee2NG l\u00ean h\u00e0ng \u0111\u1ea7u, b\u1ea1n ho\u00e0n to\u00e0n c\u00f3 th\u1ec3 y\u00ean t\u00e2m v\u1ec1\u00a0<strong><em>gi\u00e1 osmo action<\/em><\/strong>\u00a0c\u0169ng nh\u01b0 ch\u1ea5t l\u01b0\u1ee3ng s\u1ea3n ph\u1ea9m. H\u00e3y \u0111\u1ec3 ph\u1ee5 ki\u1ec7n fly-cam gi\u00e1 t\u1ed1t ti\u1ebfp s\u1ee9c \u0111am m\u00ea trong b\u1ea1n.<\/span><\/p>\n<p><span style=\"font-size: 18px;\">&gt;&gt; Learn More :<a href=\"https:\/\/phukienflytech.vn\/danh-muc\/phu-kien-osmo-pocket.html\"><strong> Osmo Pocket Accessories<\/strong><\/a><\/span><\/p>\n<p><span style=\"font-size: 18px;\">&gt;&gt; Contact us on: <a href=\"https:\/\/www.facebook.com\/phukienflycam\"><strong>Facebook<\/strong><\/a><\/span><\/p>\n","protected":false},"excerpt":{"rendered":"<p>Osmo Action Protection cage Osmo Action Protection cage N\u1ebfu b\u1ea1n mu\u1ed1n\u00a0b\u1ea3o v\u1ec7\u00a0cho chi\u1ebfc\u00a0DJI Osmo Action\u00a0c\u1ee7a m\u00ecnh kh\u1ecfi nh\u1eefng h\u1ecfng h\u00f3c, va \u0111\u1eadp x\u01b0\u1edbc x\u00e1t trong qu\u00e1 tr\u00ecnh s\u1eed d\u1ee5ng th\u00ec\u00a0khung b\u1ea3o v\u1ec7 Osmo Action\u00a0c\u1ee7a\u00a0h\u00e3ng PGYTECH\u00a0ch\u00ednh l\u00e0 l\u1ef1a ch\u1ecdn c\u1ea7n thi\u1ebft d\u00e0nh cho b\u1ea1n. &nbsp; &nbsp; &nbsp; V\u1edbi kh\u1ea3 n\u0103ng t\u01b0\u01a1ng th\u00edch \u0111a n\u0103ng v\u1edbi c\u00e1c &#8230;<\/p>\n","protected":false},"featured_media":5478,"comment_status":"open","ping_status":"closed","template":"","meta":{"_acf_changed":false},"product_brand":[],"product_cat":[187],"product_tag":[408,372],"class_list":{"0":"post-5489","1":"product","2":"type-product","3":"status-publish","4":"has-post-thumbnail","6":"product_cat-osmo-action-accessory","7":"product_tag-khung-bao-ve-osmo-action-en","8":"product_tag-phu-kien-osmo-action-en","10":"first","11":"instock","12":"shipping-taxable","13":"purchasable","14":"product-type-simple"},"acf":[],"yoast_head":"<!-- This site is optimized with the Yoast SEO plugin v25.7 - https:\/\/yoast.com\/wordpress\/plugins\/seo\/ -->\n<title>Osmo Action Protection cage - PGYtech - Osmo Action accessories.<\/title>\n<meta name=\"description\" content=\"Osmo Action Protection cage is one of the most important accessory. Contact us to buy Osmo Action Protection cage for best price.\" \/>\n<meta name=\"robots\" content=\"index, follow, max-snippet:-1, max-image-preview:large, max-video-preview:-1\" \/>\n<link rel=\"canonical\" href=\"https:\/\/phukienflytech.vn\/en\/san-pham\/osmo-action-protection-cage.html\" \/>\n<meta property=\"og:locale\" content=\"en_US\" \/>\n<meta property=\"og:type\" content=\"article\" \/>\n<meta property=\"og:title\" content=\"Osmo Action Protection cage - PGYtech - Osmo Action accessories.\" \/>\n<meta property=\"og:description\" content=\"Osmo Action Protection cage is one of the most important accessory. Contact us to buy Osmo Action Protection cage for best price.\" \/>\n<meta property=\"og:url\" content=\"https:\/\/phukienflytech.vn\/en\/san-pham\/osmo-action-protection-cage.html\" \/>\n<meta property=\"og:site_name\" content=\"Shop M\u00e1y \u1ea3nh - Action Camera - Gimbal - Flycam - Ph\u1ee5 ki\u1ec7n\" \/>\n<meta property=\"article:publisher\" content=\"https:\/\/facebook.com\/phukienflycam\" \/>\n<meta property=\"article:modified_time\" content=\"2021-01-14T03:02:28+00:00\" \/>\n<meta property=\"og:image\" content=\"https:\/\/phukienflytech.vn\/wp-content\/uploads\/2020\/05\/phu-kien-dji-osmo-action-pgytech-bao-ve-camera1-Copy.jpg\" \/>\n\t<meta property=\"og:image:width\" content=\"300\" \/>\n\t<meta property=\"og:image:height\" content=\"300\" \/>\n\t<meta property=\"og:image:type\" content=\"image\/jpeg\" \/>\n<meta name=\"twitter:card\" content=\"summary_large_image\" \/>\n<meta name=\"twitter:label1\" content=\"Est. reading time\" \/>\n\t<meta name=\"twitter:data1\" content=\"2 minutes\" \/>\n<script type=\"application\/ld+json\" class=\"yoast-schema-graph\">{\"@context\":\"https:\/\/schema.org\",\"@graph\":[{\"@type\":\"WebPage\",\"@id\":\"https:\/\/phukienflytech.vn\/en\/san-pham\/osmo-action-protection-cage.html\",\"url\":\"https:\/\/phukienflytech.vn\/en\/san-pham\/osmo-action-protection-cage.html\",\"name\":\"Osmo Action Protection cage - PGYtech - Osmo Action accessories.\",\"isPartOf\":{\"@id\":\"https:\/\/phukienflytech.vn\/#website\"},\"primaryImageOfPage\":{\"@id\":\"https:\/\/phukienflytech.vn\/en\/san-pham\/osmo-action-protection-cage.html#primaryimage\"},\"image\":{\"@id\":\"https:\/\/phukienflytech.vn\/en\/san-pham\/osmo-action-protection-cage.html#primaryimage\"},\"thumbnailUrl\":\"https:\/\/phukienflytech.vn\/wp-content\/uploads\/2020\/05\/phu-kien-dji-osmo-action-pgytech-bao-ve-camera1-Copy.jpg\",\"datePublished\":\"2020-06-20T03:47:08+00:00\",\"dateModified\":\"2021-01-14T03:02:28+00:00\",\"description\":\"Osmo Action Protection cage is one of the most important accessory. Contact us to buy Osmo Action Protection cage for best price.\",\"breadcrumb\":{\"@id\":\"https:\/\/phukienflytech.vn\/en\/san-pham\/osmo-action-protection-cage.html#breadcrumb\"},\"inLanguage\":\"en-US\",\"potentialAction\":[{\"@type\":\"ReadAction\",\"target\":[\"https:\/\/phukienflytech.vn\/en\/san-pham\/osmo-action-protection-cage.html\"]}]},{\"@type\":\"ImageObject\",\"inLanguage\":\"en-US\",\"@id\":\"https:\/\/phukienflytech.vn\/en\/san-pham\/osmo-action-protection-cage.html#primaryimage\",\"url\":\"https:\/\/phukienflytech.vn\/wp-content\/uploads\/2020\/05\/phu-kien-dji-osmo-action-pgytech-bao-ve-camera1-Copy.jpg\",\"contentUrl\":\"https:\/\/phukienflytech.vn\/wp-content\/uploads\/2020\/05\/phu-kien-dji-osmo-action-pgytech-bao-ve-camera1-Copy.jpg\",\"width\":300,\"height\":300},{\"@type\":\"BreadcrumbList\",\"@id\":\"https:\/\/phukienflytech.vn\/en\/san-pham\/osmo-action-protection-cage.html#breadcrumb\",\"itemListElement\":[{\"@type\":\"ListItem\",\"position\":1,\"name\":\"Home\",\"item\":\"https:\/\/phukienflytech.vn\/en\"},{\"@type\":\"ListItem\",\"position\":2,\"name\":\"Ph\u1ee5 ki\u1ec7n Mavic Pro\",\"item\":\"https:\/\/phukienflytech.vn\/en\/phu-kien-mavic-pro.html\"},{\"@type\":\"ListItem\",\"position\":3,\"name\":\"DJI Osmo &amp; Drone's accessories\",\"item\":\"https:\/\/phukienflytech.vn\/en\/danh-muc\/dji-osmo-drones-accessories.html\"},{\"@type\":\"ListItem\",\"position\":4,\"name\":\"Osmo Action accessory\",\"item\":\"https:\/\/phukienflytech.vn\/en\/danh-muc\/osmo-action-accessory.html\"},{\"@type\":\"ListItem\",\"position\":5,\"name\":\"Osmo Action Protection cage &#8211; PGYtech\"}]},{\"@type\":\"WebSite\",\"@id\":\"https:\/\/phukienflytech.vn\/#website\",\"url\":\"https:\/\/phukienflytech.vn\/\",\"name\":\"Shop M\u00e1y \u1ea3nh - Action Camera - Gimbal - Flycam - Ph\u1ee5 ki\u1ec7n\",\"description\":\"Shop M\u00e1y \u1ea3nh - Action Camera - Gimbal - Flycam - Ph\u1ee5 ki\u1ec7n\",\"publisher\":{\"@id\":\"https:\/\/phukienflytech.vn\/#organization\"},\"potentialAction\":[{\"@type\":\"SearchAction\",\"target\":{\"@type\":\"EntryPoint\",\"urlTemplate\":\"https:\/\/phukienflytech.vn\/?s={search_term_string}\"},\"query-input\":{\"@type\":\"PropertyValueSpecification\",\"valueRequired\":true,\"valueName\":\"search_term_string\"}}],\"inLanguage\":\"en-US\"},{\"@type\":\"Organization\",\"@id\":\"https:\/\/phukienflytech.vn\/#organization\",\"name\":\"DJI Store - Shop Drone, Action camera, Gimbal DJI |Phukienflytech\",\"alternateName\":\"DJI Store - Shop Drone, Action camera, Gimbal DJI |Phukienflytech\",\"url\":\"https:\/\/phukienflytech.vn\/\",\"logo\":{\"@type\":\"ImageObject\",\"inLanguage\":\"en-US\",\"@id\":\"https:\/\/phukienflytech.vn\/#\/schema\/logo\/image\/\",\"url\":\"https:\/\/phukienflytech.vn\/wp-content\/uploads\/2020\/05\/hAnh_nan.jpg1_.jpg\",\"contentUrl\":\"https:\/\/phukienflytech.vn\/wp-content\/uploads\/2020\/05\/hAnh_nan.jpg1_.jpg\",\"width\":800,\"height\":450,\"caption\":\"DJI Store - Shop Drone, Action camera, Gimbal DJI |Phukienflytech\"},\"image\":{\"@id\":\"https:\/\/phukienflytech.vn\/#\/schema\/logo\/image\/\"},\"sameAs\":[\"https:\/\/facebook.com\/phukienflycam\",\"https:\/\/www.youtube.com\/@phukienflytech\",\"https:\/\/www.tiktok.com\/@flytech.channel?fbclid=IwY2xjawGjg7BleHRuA2FlbQIxMAABHYVGmlXpuSMs0UB2zTpYvyT4GMVfN2qJa4urF4vkSQ6FAVBwXZtDP30qQA_aem_UwMiDcUvlEbd2tXAmsc8Og\"]}]}<\/script>\n<!-- \/ Yoast SEO plugin. -->","yoast_head_json":{"title":"Osmo Action Protection cage - PGYtech - Osmo Action accessories.","description":"Osmo Action Protection cage is one of the most important accessory. Contact us to buy Osmo Action Protection cage for best price.","robots":{"index":"index","follow":"follow","max-snippet":"max-snippet:-1","max-image-preview":"max-image-preview:large","max-video-preview":"max-video-preview:-1"},"canonical":"https:\/\/phukienflytech.vn\/en\/san-pham\/osmo-action-protection-cage.html","og_locale":"en_US","og_type":"article","og_title":"Osmo Action Protection cage - PGYtech - Osmo Action accessories.","og_description":"Osmo Action Protection cage is one of the most important accessory. Contact us to buy Osmo Action Protection cage for best price.","og_url":"https:\/\/phukienflytech.vn\/en\/san-pham\/osmo-action-protection-cage.html","og_site_name":"Shop M\u00e1y \u1ea3nh - Action Camera - Gimbal - Flycam - Ph\u1ee5 ki\u1ec7n","article_publisher":"https:\/\/facebook.com\/phukienflycam","article_modified_time":"2021-01-14T03:02:28+00:00","og_image":[{"width":300,"height":300,"url":"https:\/\/phukienflytech.vn\/wp-content\/uploads\/2020\/05\/phu-kien-dji-osmo-action-pgytech-bao-ve-camera1-Copy.jpg","type":"image\/jpeg"}],"twitter_card":"summary_large_image","twitter_misc":{"Est. reading time":"2 minutes"},"schema":{"@context":"https:\/\/schema.org","@graph":[{"@type":"WebPage","@id":"https:\/\/phukienflytech.vn\/en\/san-pham\/osmo-action-protection-cage.html","url":"https:\/\/phukienflytech.vn\/en\/san-pham\/osmo-action-protection-cage.html","name":"Osmo Action Protection cage - PGYtech - Osmo Action accessories.","isPartOf":{"@id":"https:\/\/phukienflytech.vn\/#website"},"primaryImageOfPage":{"@id":"https:\/\/phukienflytech.vn\/en\/san-pham\/osmo-action-protection-cage.html#primaryimage"},"image":{"@id":"https:\/\/phukienflytech.vn\/en\/san-pham\/osmo-action-protection-cage.html#primaryimage"},"thumbnailUrl":"https:\/\/phukienflytech.vn\/wp-content\/uploads\/2020\/05\/phu-kien-dji-osmo-action-pgytech-bao-ve-camera1-Copy.jpg","datePublished":"2020-06-20T03:47:08+00:00","dateModified":"2021-01-14T03:02:28+00:00","description":"Osmo Action Protection cage is one of the most important accessory. Contact us to buy Osmo Action Protection cage for best price.","breadcrumb":{"@id":"https:\/\/phukienflytech.vn\/en\/san-pham\/osmo-action-protection-cage.html#breadcrumb"},"inLanguage":"en-US","potentialAction":[{"@type":"ReadAction","target":["https:\/\/phukienflytech.vn\/en\/san-pham\/osmo-action-protection-cage.html"]}]},{"@type":"ImageObject","inLanguage":"en-US","@id":"https:\/\/phukienflytech.vn\/en\/san-pham\/osmo-action-protection-cage.html#primaryimage","url":"https:\/\/phukienflytech.vn\/wp-content\/uploads\/2020\/05\/phu-kien-dji-osmo-action-pgytech-bao-ve-camera1-Copy.jpg","contentUrl":"https:\/\/phukienflytech.vn\/wp-content\/uploads\/2020\/05\/phu-kien-dji-osmo-action-pgytech-bao-ve-camera1-Copy.jpg","width":300,"height":300},{"@type":"BreadcrumbList","@id":"https:\/\/phukienflytech.vn\/en\/san-pham\/osmo-action-protection-cage.html#breadcrumb","itemListElement":[{"@type":"ListItem","position":1,"name":"Home","item":"https:\/\/phukienflytech.vn\/en"},{"@type":"ListItem","position":2,"name":"Ph\u1ee5 ki\u1ec7n Mavic Pro","item":"https:\/\/phukienflytech.vn\/en\/phu-kien-mavic-pro.html"},{"@type":"ListItem","position":3,"name":"DJI Osmo &amp; Drone's accessories","item":"https:\/\/phukienflytech.vn\/en\/danh-muc\/dji-osmo-drones-accessories.html"},{"@type":"ListItem","position":4,"name":"Osmo Action accessory","item":"https:\/\/phukienflytech.vn\/en\/danh-muc\/osmo-action-accessory.html"},{"@type":"ListItem","position":5,"name":"Osmo Action Protection cage &#8211; PGYtech"}]},{"@type":"WebSite","@id":"https:\/\/phukienflytech.vn\/#website","url":"https:\/\/phukienflytech.vn\/","name":"Shop M\u00e1y \u1ea3nh - Action Camera - Gimbal - Flycam - Ph\u1ee5 ki\u1ec7n","description":"Shop M\u00e1y \u1ea3nh - Action Camera - Gimbal - Flycam - Ph\u1ee5 ki\u1ec7n","publisher":{"@id":"https:\/\/phukienflytech.vn\/#organization"},"potentialAction":[{"@type":"SearchAction","target":{"@type":"EntryPoint","urlTemplate":"https:\/\/phukienflytech.vn\/?s={search_term_string}"},"query-input":{"@type":"PropertyValueSpecification","valueRequired":true,"valueName":"search_term_string"}}],"inLanguage":"en-US"},{"@type":"Organization","@id":"https:\/\/phukienflytech.vn\/#organization","name":"DJI Store - Shop Drone, Action camera, Gimbal DJI |Phukienflytech","alternateName":"DJI Store - Shop Drone, Action camera, Gimbal DJI |Phukienflytech","url":"https:\/\/phukienflytech.vn\/","logo":{"@type":"ImageObject","inLanguage":"en-US","@id":"https:\/\/phukienflytech.vn\/#\/schema\/logo\/image\/","url":"https:\/\/phukienflytech.vn\/wp-content\/uploads\/2020\/05\/hAnh_nan.jpg1_.jpg","contentUrl":"https:\/\/phukienflytech.vn\/wp-content\/uploads\/2020\/05\/hAnh_nan.jpg1_.jpg","width":800,"height":450,"caption":"DJI Store - Shop Drone, Action camera, Gimbal DJI |Phukienflytech"},"image":{"@id":"https:\/\/phukienflytech.vn\/#\/schema\/logo\/image\/"},"sameAs":["https:\/\/facebook.com\/phukienflycam","https:\/\/www.youtube.com\/@phukienflytech","https:\/\/www.tiktok.com\/@flytech.channel?fbclid=IwY2xjawGjg7BleHRuA2FlbQIxMAABHYVGmlXpuSMs0UB2zTpYvyT4GMVfN2qJa4urF4vkSQ6FAVBwXZtDP30qQA_aem_UwMiDcUvlEbd2tXAmsc8Og"]}]}},"_links":{"self":[{"href":"https:\/\/phukienflytech.vn\/en\/wp-json\/wp\/v2\/product\/5489","targetHints":{"allow":["GET"]}}],"collection":[{"href":"https:\/\/phukienflytech.vn\/en\/wp-json\/wp\/v2\/product"}],"about":[{"href":"https:\/\/phukienflytech.vn\/en\/wp-json\/wp\/v2\/types\/product"}],"replies":[{"embeddable":true,"href":"https:\/\/phukienflytech.vn\/en\/wp-json\/wp\/v2\/comments?post=5489"}],"wp:featuredmedia":[{"embeddable":true,"href":"https:\/\/phukienflytech.vn\/en\/wp-json\/wp\/v2\/media\/5478"}],"wp:attachment":[{"href":"https:\/\/phukienflytech.vn\/en\/wp-json\/wp\/v2\/media?parent=5489"}],"wp:term":[{"taxonomy":"product_brand","embeddable":true,"href":"https:\/\/phukienflytech.vn\/en\/wp-json\/wp\/v2\/product_brand?post=5489"},{"taxonomy":"product_cat","embeddable":true,"href":"https:\/\/phukienflytech.vn\/en\/wp-json\/wp\/v2\/product_cat?post=5489"},{"taxonomy":"product_tag","embeddable":true,"href":"https:\/\/phukienflytech.vn\/en\/wp-json\/wp\/v2\/product_tag?post=5489"}],"curies":[{"name":"wp","href":"https:\/\/api.w.org\/{rel}","templated":true}]}}