{"id":5504,"date":"2020-06-20T10:57:58","date_gmt":"2020-06-20T03:57:58","guid":{"rendered":"http:\/\/27430.lamdx.vinawebsite.vn\/san-pham\/hoc-che-nang-camera-osmo-action-pgytech.html"},"modified":"2021-01-14T10:02:11","modified_gmt":"2021-01-14T03:02:11","slug":"camera-sun-hood-for-osmo-action","status":"publish","type":"product","link":"https:\/\/phukienflytech.vn\/en\/san-pham\/camera-sun-hood-for-osmo-action.html","title":{"rendered":"Camera sun hood for Osmo Action &#8211; PGYtech"},"content":{"rendered":"<h2><span style=\"color: #0000ff;\"><em><strong><span style=\"font-size: 21px;\">Camera sun hood for Osmo Action<\/span><\/strong><\/em><\/span><\/h2>\n<p><span style=\"font-size: 18px;\">Camera sun hood for Osmo Action<\/span><\/p>\n<p><span style=\"font-size: 18px;\"><img loading=\"lazy\" decoding=\"async\" class=\"alignnone wp-image-11028\" src=\"https:\/\/phukienflytech.vn\/wp-content\/uploads\/2020\/05\/hoc-che-nang-camera-osmo-action-pgytech-5490-5-571x400.jpg\" alt=\"\" width=\"617\" height=\"432\" srcset=\"https:\/\/phukienflytech.vn\/wp-content\/uploads\/2020\/05\/hoc-che-nang-camera-osmo-action-pgytech-5490-5-571x400.jpg 571w, https:\/\/phukienflytech.vn\/wp-content\/uploads\/2020\/05\/hoc-che-nang-camera-osmo-action-pgytech-5490-5-768x538.jpg 768w, https:\/\/phukienflytech.vn\/wp-content\/uploads\/2020\/05\/hoc-che-nang-camera-osmo-action-pgytech-5490-5-1143x800.jpg 1143w, https:\/\/phukienflytech.vn\/wp-content\/uploads\/2020\/05\/hoc-che-nang-camera-osmo-action-pgytech-5490-5-600x420.jpg 600w, https:\/\/phukienflytech.vn\/wp-content\/uploads\/2020\/05\/hoc-che-nang-camera-osmo-action-pgytech-5490-5.jpg 1250w\" sizes=\"auto, (max-width: 617px) 100vw, 617px\" \/><\/span><\/p>\n<p>&nbsp;<\/p>\n<p><span style=\"font-size: 18px;\">L\u00e0 m\u1ed9t trong nh\u1eefng\u00a0<strong><em>ph\u1ee5 ki\u1ec7n DJI Osmo action<\/em><\/strong>\u00a0v\u00f4 c\u00f9ng c\u1ea7n thi\u1ebft, \u0111\u01b0\u1ee3c\u00a0<strong><em>h\u00e3ng PGYTECH<\/em><\/strong>\u00a0thi\u1ebft k\u1ebf cho nh\u1eefng ng\u01b0\u1eddi d\u00f9ng th\u01b0\u1eddng xuy\u00ean ph\u1ea3i quay phim, ch\u1ee5p \u1ea3nh \u1edf nh\u1eefng n\u01a1i qu\u00e1 s\u00e1ng.<\/span><\/p>\n<p>&nbsp;<\/p>\n<p><span style=\"font-size: 18px;\"><img loading=\"lazy\" decoding=\"async\" class=\"alignnone wp-image-11030\" src=\"https:\/\/phukienflytech.vn\/wp-content\/uploads\/2020\/05\/hoc-che-nang-camera-osmo-action-pgytech-5490-1-1-695x400.jpg\" alt=\"\" width=\"618\" height=\"355\" srcset=\"https:\/\/phukienflytech.vn\/wp-content\/uploads\/2020\/05\/hoc-che-nang-camera-osmo-action-pgytech-5490-1-1-695x400.jpg 695w, https:\/\/phukienflytech.vn\/wp-content\/uploads\/2020\/05\/hoc-che-nang-camera-osmo-action-pgytech-5490-1-1-768x442.jpg 768w, https:\/\/phukienflytech.vn\/wp-content\/uploads\/2020\/05\/hoc-che-nang-camera-osmo-action-pgytech-5490-1-1-600x345.jpg 600w, https:\/\/phukienflytech.vn\/wp-content\/uploads\/2020\/05\/hoc-che-nang-camera-osmo-action-pgytech-5490-1-1.jpg 1250w\" sizes=\"auto, (max-width: 618px) 100vw, 618px\" \/><\/span><\/p>\n<p>&nbsp;<\/p>\n<p><span style=\"font-size: 18px;\"><strong><em>H\u1ed1c che n\u1eafng camera osmo action<\/em><\/strong>\u00a0s\u1ebd gi\u00fap b\u1ea1n t\u1ea1o ra \u0111\u01b0\u1ee3c nh\u1eefng b\u1ee9c \u1ea3nh \u0111\u1eb9p m\u00e0 kh\u00f4ng b\u1ecb \u1ea3nh h\u01b0\u1edfng b\u1edfi nh\u1eefng \u00e1nh s\u00e1ng kh\u00f4ng\u00a0<strong><em>c\u1ea7n<\/em>\u00a0thi\u1ebft<\/strong>.<\/span><\/p>\n<p>&nbsp;<\/p>\n<p><span style=\"font-size: 18px;\"><img loading=\"lazy\" decoding=\"async\" class=\"alignnone wp-image-11032 size-medium\" src=\"https:\/\/phukienflytech.vn\/wp-content\/uploads\/2020\/05\/hoc-che-nang-camera-osmo-action-pgytech-5490-2-1-618x400.jpg\" alt=\"Camera-sun-hood-for-Osmo-Action-3\" width=\"618\" height=\"400\" srcset=\"https:\/\/phukienflytech.vn\/wp-content\/uploads\/2020\/05\/hoc-che-nang-camera-osmo-action-pgytech-5490-2-1-618x400.jpg 618w, https:\/\/phukienflytech.vn\/wp-content\/uploads\/2020\/05\/hoc-che-nang-camera-osmo-action-pgytech-5490-2-1-768x497.jpg 768w, https:\/\/phukienflytech.vn\/wp-content\/uploads\/2020\/05\/hoc-che-nang-camera-osmo-action-pgytech-5490-2-1-1236x800.jpg 1236w, https:\/\/phukienflytech.vn\/wp-content\/uploads\/2020\/05\/hoc-che-nang-camera-osmo-action-pgytech-5490-2-1-600x388.jpg 600w, https:\/\/phukienflytech.vn\/wp-content\/uploads\/2020\/05\/hoc-che-nang-camera-osmo-action-pgytech-5490-2-1.jpg 1250w\" sizes=\"auto, (max-width: 618px) 100vw, 618px\" \/><\/span><\/p>\n<p>&nbsp;<\/p>\n<h2><span style=\"color: #0000ff; font-size: 21px;\"><em><strong>Chi ti\u1ebft c\u1ee7a Camera sun hood Osmo Action :<\/strong><\/em><\/span><\/h2>\n<p><span style=\"font-size: 18px;\">Kh\u1ed1i l\u01b0\u1ee3ng: 2,7g<\/span><\/p>\n<p><span style=\"font-size: 18px;\">K\u00edch th\u01b0\u1edbc: 41,5x37x17,5mm<\/span><\/p>\n<p><span style=\"font-size: 18px;\">Ch\u1ea5t li\u00eau: silica gel<\/span><\/p>\n<p><span style=\"font-size: 18px;\"><img loading=\"lazy\" decoding=\"async\" class=\"alignnone wp-image-11034\" src=\"https:\/\/phukienflytech.vn\/wp-content\/uploads\/2020\/05\/hoc-che-nang-camera-osmo-action-pgytech-5490-3-1-800x363.jpg\" alt=\"Camera-sun-hood-for-Osmo-Action-1\" width=\"685\" height=\"311\" srcset=\"https:\/\/phukienflytech.vn\/wp-content\/uploads\/2020\/05\/hoc-che-nang-camera-osmo-action-pgytech-5490-3-1-800x363.jpg 800w, https:\/\/phukienflytech.vn\/wp-content\/uploads\/2020\/05\/hoc-che-nang-camera-osmo-action-pgytech-5490-3-1-768x348.jpg 768w, https:\/\/phukienflytech.vn\/wp-content\/uploads\/2020\/05\/hoc-che-nang-camera-osmo-action-pgytech-5490-3-1-600x272.jpg 600w, https:\/\/phukienflytech.vn\/wp-content\/uploads\/2020\/05\/hoc-che-nang-camera-osmo-action-pgytech-5490-3-1.jpg 1250w\" sizes=\"auto, (max-width: 685px) 100vw, 685px\" \/><\/span><\/p>\n<p>&nbsp;<\/p>\n<p><span style=\"font-size: 18px;\">C\u00f4ng d\u1ee5ng c\u1ee7a\u00a0<strong><em>h\u1ed1c che n\u1eafng osmo action.<\/em><\/strong><\/span><\/p>\n<p><span style=\"font-size: 18px;\"><strong><em><iframe loading=\"lazy\" src=\"https:\/\/www.youtube.com\/embed\/u10mzeqhpxA\" width=\"560\" height=\"314\" allowfullscreen=\"allowfullscreen\" data-mce-fragment=\"1\"><\/iframe><\/em><\/strong><\/span><\/p>\n<p><span style=\"font-size: 18px;\">Tr\u00e1nh nh\u1eefng \u00e1nh s\u00e1ng kh\u00f4ng\u00a0<strong><em>c\u1ea7n thi\u1ebft<\/em><\/strong><\/span><\/p>\n<p><span style=\"font-size: 18px;\">B\u1ea3o v\u1ec7 \u00f4ng k\u00ednh kh\u1ecfi \u00e1nh s\u00e1ng m\u1eb7t tr\u1eddi m\u00e0 kh\u00f4ng l\u00e0m \u1ea3nh h\u01b0\u1edfng \u0111\u1ebfn camera c\u1ee7a m\u00e1y.<\/span><\/p>\n<p>&nbsp;<\/p>\n<p><span style=\"font-size: 18px;\"><img loading=\"lazy\" decoding=\"async\" class=\"alignnone wp-image-11037 size-medium\" src=\"https:\/\/phukienflytech.vn\/wp-content\/uploads\/2020\/05\/hoc-che-nang-camera-osmo-action-pgytech-5490-4-1-617x400.jpg\" alt=\"Camera-sun-hood-for-Osmo-Action\" width=\"617\" height=\"400\" srcset=\"https:\/\/phukienflytech.vn\/wp-content\/uploads\/2020\/05\/hoc-che-nang-camera-osmo-action-pgytech-5490-4-1-617x400.jpg 617w, https:\/\/phukienflytech.vn\/wp-content\/uploads\/2020\/05\/hoc-che-nang-camera-osmo-action-pgytech-5490-4-1-768x498.jpg 768w, https:\/\/phukienflytech.vn\/wp-content\/uploads\/2020\/05\/hoc-che-nang-camera-osmo-action-pgytech-5490-4-1-1235x800.jpg 1235w, https:\/\/phukienflytech.vn\/wp-content\/uploads\/2020\/05\/hoc-che-nang-camera-osmo-action-pgytech-5490-4-1-600x389.jpg 600w, https:\/\/phukienflytech.vn\/wp-content\/uploads\/2020\/05\/hoc-che-nang-camera-osmo-action-pgytech-5490-4-1.jpg 1250w\" sizes=\"auto, (max-width: 617px) 100vw, 617px\" \/><\/span><\/p>\n<p>&nbsp;<\/p>\n<p><span style=\"font-size: 18px;\">S\u1ea3n ph\u1ea9m n\u00e0y \u0111\u01b0\u1ee3c l\u00e0m b\u1eb1ng ch\u1ea5t li\u1ec7u gel silica m\u1ec1m n\u00ean r\u1ea5t thu\u1eadn ti\u1ec7n trong vi\u1ec7c th\u00e1o l\u1eafp, \u0111\u1ea3m b\u1ea3o kh\u00f4ng l\u00e0m \u1ea3nh h\u01b0\u1edfng \u0111\u1ebfn ch\u1ea5t l\u01b0\u1ee3ng camera c\u1ee7a b\u1ea1n.<\/span><\/p>\n<h2><span style=\"font-size: 21px; color: #0000ff;\"><strong><em>Mua ph\u1ee5 ki\u1ec7n DJI Osmo Action<\/em><\/strong>\u00a0\u1edf \u0111\u00e2u?<\/span><\/h2>\n<p><span style=\"font-size: 18px;\">V\u1edbi ph\u01b0\u01a1ng ch\u00e2m lu\u00f4n \u0111\u1eb7t UY T\u00cdN c\u0169ng nh\u01b0 CH\u1ea4T\u00a0 L\u01af\u1ee2NG l\u00ean h\u00e0ng \u0111\u1ea7u, b\u1ea1n ho\u00e0n to\u00e0n c\u00f3 th\u1ec3 y\u00ean t\u00e2m v\u1ec1\u00a0<strong><em>gi\u00e1 osmo action<\/em><\/strong>\u00a0c\u0169ng nh\u01b0 ch\u1ea5t l\u01b0\u1ee3ng s\u1ea3n ph\u1ea9m. H\u00e3y \u0111\u1ec3 ph\u1ee5 ki\u1ec7n fly-cam gi\u00e1 t\u1ed1t ti\u1ebfp s\u1ee9c \u0111am m\u00ea trong b\u1ea1n<\/span><\/p>\n<p><span style=\"font-size: 18px;\">&gt;&gt; Learn More :<a href=\"https:\/\/phukienflytech.vn\/danh-muc\/phu-kien-osmo-pocket.html\"><strong> Osmo Pocket Accessories<\/strong><\/a><\/span><\/p>\n<p><span style=\"font-size: 18px;\">&gt;&gt; Contact us on: <a href=\"https:\/\/www.facebook.com\/phukienflycam\"><strong>Facebook<\/strong><\/a><\/span><\/p>\n","protected":false},"excerpt":{"rendered":"<p>Camera sun hood for Osmo Action Camera sun hood for Osmo Action &nbsp; L\u00e0 m\u1ed9t trong nh\u1eefng\u00a0ph\u1ee5 ki\u1ec7n DJI Osmo action\u00a0v\u00f4 c\u00f9ng c\u1ea7n thi\u1ebft, \u0111\u01b0\u1ee3c\u00a0h\u00e3ng PGYTECH\u00a0thi\u1ebft k\u1ebf cho nh\u1eefng ng\u01b0\u1eddi d\u00f9ng th\u01b0\u1eddng xuy\u00ean ph\u1ea3i quay phim, ch\u1ee5p \u1ea3nh \u1edf nh\u1eefng n\u01a1i qu\u00e1 s\u00e1ng. &nbsp; &nbsp; H\u1ed1c che n\u1eafng camera osmo action\u00a0s\u1ebd gi\u00fap b\u1ea1n t\u1ea1o ra &#8230;<\/p>\n","protected":false},"featured_media":5493,"comment_status":"open","ping_status":"closed","template":"","meta":{"_acf_changed":false},"product_brand":[],"product_cat":[187],"product_tag":[410,372],"class_list":{"0":"post-5504","1":"product","2":"type-product","3":"status-publish","4":"has-post-thumbnail","6":"product_cat-osmo-action-accessory","7":"product_tag-hoc-che-nang-camera-osmo-action-en","8":"product_tag-phu-kien-osmo-action-en","10":"first","11":"instock","12":"shipping-taxable","13":"purchasable","14":"product-type-simple"},"acf":[],"yoast_head":"<!-- This site is optimized with the Yoast SEO plugin v25.7 - https:\/\/yoast.com\/wordpress\/plugins\/seo\/ -->\n<title>Camera sun hood for Osmo Action - PGYtech - Osmo Action accessories.<\/title>\n<meta name=\"description\" content=\"Camera sun hood for Osmo Action is one of the most important accessory. Contact us to buy Camera sun hood for Osmo Action for best price.\" \/>\n<meta name=\"robots\" content=\"index, follow, max-snippet:-1, max-image-preview:large, max-video-preview:-1\" \/>\n<link rel=\"canonical\" href=\"https:\/\/phukienflytech.vn\/en\/san-pham\/camera-sun-hood-for-osmo-action.html\" \/>\n<meta property=\"og:locale\" content=\"en_US\" \/>\n<meta property=\"og:type\" content=\"article\" \/>\n<meta property=\"og:title\" content=\"Camera sun hood for Osmo Action - PGYtech - Osmo Action accessories.\" \/>\n<meta property=\"og:description\" content=\"Camera sun hood for Osmo Action is one of the most important accessory. Contact us to buy Camera sun hood for Osmo Action for best price.\" \/>\n<meta property=\"og:url\" content=\"https:\/\/phukienflytech.vn\/en\/san-pham\/camera-sun-hood-for-osmo-action.html\" \/>\n<meta property=\"og:site_name\" content=\"Shop M\u00e1y \u1ea3nh - Action Camera - Gimbal - Flycam - Ph\u1ee5 ki\u1ec7n\" \/>\n<meta property=\"article:publisher\" content=\"https:\/\/facebook.com\/phukienflycam\" \/>\n<meta property=\"article:modified_time\" content=\"2021-01-14T03:02:11+00:00\" \/>\n<meta property=\"og:image\" content=\"https:\/\/phukienflytech.vn\/wp-content\/uploads\/2020\/05\/phu-kien-dji-osmo-action-hood-sunny-pgytech1-Copy.png\" \/>\n\t<meta property=\"og:image:width\" content=\"300\" \/>\n\t<meta property=\"og:image:height\" content=\"300\" \/>\n\t<meta property=\"og:image:type\" content=\"image\/png\" \/>\n<meta name=\"twitter:card\" content=\"summary_large_image\" \/>\n<meta name=\"twitter:label1\" content=\"Est. reading time\" \/>\n\t<meta name=\"twitter:data1\" content=\"2 minutes\" \/>\n<script type=\"application\/ld+json\" class=\"yoast-schema-graph\">{\"@context\":\"https:\/\/schema.org\",\"@graph\":[{\"@type\":\"WebPage\",\"@id\":\"https:\/\/phukienflytech.vn\/en\/san-pham\/camera-sun-hood-for-osmo-action.html\",\"url\":\"https:\/\/phukienflytech.vn\/en\/san-pham\/camera-sun-hood-for-osmo-action.html\",\"name\":\"Camera sun hood for Osmo Action - PGYtech - Osmo Action accessories.\",\"isPartOf\":{\"@id\":\"https:\/\/phukienflytech.vn\/#website\"},\"primaryImageOfPage\":{\"@id\":\"https:\/\/phukienflytech.vn\/en\/san-pham\/camera-sun-hood-for-osmo-action.html#primaryimage\"},\"image\":{\"@id\":\"https:\/\/phukienflytech.vn\/en\/san-pham\/camera-sun-hood-for-osmo-action.html#primaryimage\"},\"thumbnailUrl\":\"https:\/\/phukienflytech.vn\/wp-content\/uploads\/2020\/05\/phu-kien-dji-osmo-action-hood-sunny-pgytech1-Copy.png\",\"datePublished\":\"2020-06-20T03:57:58+00:00\",\"dateModified\":\"2021-01-14T03:02:11+00:00\",\"description\":\"Camera sun hood for Osmo Action is one of the most important accessory. Contact us to buy Camera sun hood for Osmo Action for best price.\",\"breadcrumb\":{\"@id\":\"https:\/\/phukienflytech.vn\/en\/san-pham\/camera-sun-hood-for-osmo-action.html#breadcrumb\"},\"inLanguage\":\"en-US\",\"potentialAction\":[{\"@type\":\"ReadAction\",\"target\":[\"https:\/\/phukienflytech.vn\/en\/san-pham\/camera-sun-hood-for-osmo-action.html\"]}]},{\"@type\":\"ImageObject\",\"inLanguage\":\"en-US\",\"@id\":\"https:\/\/phukienflytech.vn\/en\/san-pham\/camera-sun-hood-for-osmo-action.html#primaryimage\",\"url\":\"https:\/\/phukienflytech.vn\/wp-content\/uploads\/2020\/05\/phu-kien-dji-osmo-action-hood-sunny-pgytech1-Copy.png\",\"contentUrl\":\"https:\/\/phukienflytech.vn\/wp-content\/uploads\/2020\/05\/phu-kien-dji-osmo-action-hood-sunny-pgytech1-Copy.png\",\"width\":300,\"height\":300},{\"@type\":\"BreadcrumbList\",\"@id\":\"https:\/\/phukienflytech.vn\/en\/san-pham\/camera-sun-hood-for-osmo-action.html#breadcrumb\",\"itemListElement\":[{\"@type\":\"ListItem\",\"position\":1,\"name\":\"Home\",\"item\":\"https:\/\/phukienflytech.vn\/en\"},{\"@type\":\"ListItem\",\"position\":2,\"name\":\"Ph\u1ee5 ki\u1ec7n Mavic Pro\",\"item\":\"https:\/\/phukienflytech.vn\/en\/phu-kien-mavic-pro.html\"},{\"@type\":\"ListItem\",\"position\":3,\"name\":\"DJI Osmo &amp; Drone's accessories\",\"item\":\"https:\/\/phukienflytech.vn\/en\/danh-muc\/dji-osmo-drones-accessories.html\"},{\"@type\":\"ListItem\",\"position\":4,\"name\":\"Osmo Action accessory\",\"item\":\"https:\/\/phukienflytech.vn\/en\/danh-muc\/osmo-action-accessory.html\"},{\"@type\":\"ListItem\",\"position\":5,\"name\":\"Camera sun hood for Osmo Action &#8211; PGYtech\"}]},{\"@type\":\"WebSite\",\"@id\":\"https:\/\/phukienflytech.vn\/#website\",\"url\":\"https:\/\/phukienflytech.vn\/\",\"name\":\"Shop M\u00e1y \u1ea3nh - Action Camera - Gimbal - Flycam - Ph\u1ee5 ki\u1ec7n\",\"description\":\"Shop M\u00e1y \u1ea3nh - Action Camera - Gimbal - Flycam - Ph\u1ee5 ki\u1ec7n\",\"publisher\":{\"@id\":\"https:\/\/phukienflytech.vn\/#organization\"},\"potentialAction\":[{\"@type\":\"SearchAction\",\"target\":{\"@type\":\"EntryPoint\",\"urlTemplate\":\"https:\/\/phukienflytech.vn\/?s={search_term_string}\"},\"query-input\":{\"@type\":\"PropertyValueSpecification\",\"valueRequired\":true,\"valueName\":\"search_term_string\"}}],\"inLanguage\":\"en-US\"},{\"@type\":\"Organization\",\"@id\":\"https:\/\/phukienflytech.vn\/#organization\",\"name\":\"DJI Store - Shop Drone, Action camera, Gimbal DJI |Phukienflytech\",\"alternateName\":\"DJI Store - Shop Drone, Action camera, Gimbal DJI |Phukienflytech\",\"url\":\"https:\/\/phukienflytech.vn\/\",\"logo\":{\"@type\":\"ImageObject\",\"inLanguage\":\"en-US\",\"@id\":\"https:\/\/phukienflytech.vn\/#\/schema\/logo\/image\/\",\"url\":\"https:\/\/phukienflytech.vn\/wp-content\/uploads\/2020\/05\/hAnh_nan.jpg1_.jpg\",\"contentUrl\":\"https:\/\/phukienflytech.vn\/wp-content\/uploads\/2020\/05\/hAnh_nan.jpg1_.jpg\",\"width\":800,\"height\":450,\"caption\":\"DJI Store - Shop Drone, Action camera, Gimbal DJI |Phukienflytech\"},\"image\":{\"@id\":\"https:\/\/phukienflytech.vn\/#\/schema\/logo\/image\/\"},\"sameAs\":[\"https:\/\/facebook.com\/phukienflycam\",\"https:\/\/www.youtube.com\/@phukienflytech\",\"https:\/\/www.tiktok.com\/@flytech.channel?fbclid=IwY2xjawGjg7BleHRuA2FlbQIxMAABHYVGmlXpuSMs0UB2zTpYvyT4GMVfN2qJa4urF4vkSQ6FAVBwXZtDP30qQA_aem_UwMiDcUvlEbd2tXAmsc8Og\"]}]}<\/script>\n<!-- \/ Yoast SEO plugin. -->","yoast_head_json":{"title":"Camera sun hood for Osmo Action - PGYtech - Osmo Action accessories.","description":"Camera sun hood for Osmo Action is one of the most important accessory. Contact us to buy Camera sun hood for Osmo Action for best price.","robots":{"index":"index","follow":"follow","max-snippet":"max-snippet:-1","max-image-preview":"max-image-preview:large","max-video-preview":"max-video-preview:-1"},"canonical":"https:\/\/phukienflytech.vn\/en\/san-pham\/camera-sun-hood-for-osmo-action.html","og_locale":"en_US","og_type":"article","og_title":"Camera sun hood for Osmo Action - PGYtech - Osmo Action accessories.","og_description":"Camera sun hood for Osmo Action is one of the most important accessory. Contact us to buy Camera sun hood for Osmo Action for best price.","og_url":"https:\/\/phukienflytech.vn\/en\/san-pham\/camera-sun-hood-for-osmo-action.html","og_site_name":"Shop M\u00e1y \u1ea3nh - Action Camera - Gimbal - Flycam - Ph\u1ee5 ki\u1ec7n","article_publisher":"https:\/\/facebook.com\/phukienflycam","article_modified_time":"2021-01-14T03:02:11+00:00","og_image":[{"width":300,"height":300,"url":"https:\/\/phukienflytech.vn\/wp-content\/uploads\/2020\/05\/phu-kien-dji-osmo-action-hood-sunny-pgytech1-Copy.png","type":"image\/png"}],"twitter_card":"summary_large_image","twitter_misc":{"Est. reading time":"2 minutes"},"schema":{"@context":"https:\/\/schema.org","@graph":[{"@type":"WebPage","@id":"https:\/\/phukienflytech.vn\/en\/san-pham\/camera-sun-hood-for-osmo-action.html","url":"https:\/\/phukienflytech.vn\/en\/san-pham\/camera-sun-hood-for-osmo-action.html","name":"Camera sun hood for Osmo Action - PGYtech - Osmo Action accessories.","isPartOf":{"@id":"https:\/\/phukienflytech.vn\/#website"},"primaryImageOfPage":{"@id":"https:\/\/phukienflytech.vn\/en\/san-pham\/camera-sun-hood-for-osmo-action.html#primaryimage"},"image":{"@id":"https:\/\/phukienflytech.vn\/en\/san-pham\/camera-sun-hood-for-osmo-action.html#primaryimage"},"thumbnailUrl":"https:\/\/phukienflytech.vn\/wp-content\/uploads\/2020\/05\/phu-kien-dji-osmo-action-hood-sunny-pgytech1-Copy.png","datePublished":"2020-06-20T03:57:58+00:00","dateModified":"2021-01-14T03:02:11+00:00","description":"Camera sun hood for Osmo Action is one of the most important accessory. Contact us to buy Camera sun hood for Osmo Action for best price.","breadcrumb":{"@id":"https:\/\/phukienflytech.vn\/en\/san-pham\/camera-sun-hood-for-osmo-action.html#breadcrumb"},"inLanguage":"en-US","potentialAction":[{"@type":"ReadAction","target":["https:\/\/phukienflytech.vn\/en\/san-pham\/camera-sun-hood-for-osmo-action.html"]}]},{"@type":"ImageObject","inLanguage":"en-US","@id":"https:\/\/phukienflytech.vn\/en\/san-pham\/camera-sun-hood-for-osmo-action.html#primaryimage","url":"https:\/\/phukienflytech.vn\/wp-content\/uploads\/2020\/05\/phu-kien-dji-osmo-action-hood-sunny-pgytech1-Copy.png","contentUrl":"https:\/\/phukienflytech.vn\/wp-content\/uploads\/2020\/05\/phu-kien-dji-osmo-action-hood-sunny-pgytech1-Copy.png","width":300,"height":300},{"@type":"BreadcrumbList","@id":"https:\/\/phukienflytech.vn\/en\/san-pham\/camera-sun-hood-for-osmo-action.html#breadcrumb","itemListElement":[{"@type":"ListItem","position":1,"name":"Home","item":"https:\/\/phukienflytech.vn\/en"},{"@type":"ListItem","position":2,"name":"Ph\u1ee5 ki\u1ec7n Mavic Pro","item":"https:\/\/phukienflytech.vn\/en\/phu-kien-mavic-pro.html"},{"@type":"ListItem","position":3,"name":"DJI Osmo &amp; Drone's accessories","item":"https:\/\/phukienflytech.vn\/en\/danh-muc\/dji-osmo-drones-accessories.html"},{"@type":"ListItem","position":4,"name":"Osmo Action accessory","item":"https:\/\/phukienflytech.vn\/en\/danh-muc\/osmo-action-accessory.html"},{"@type":"ListItem","position":5,"name":"Camera sun hood for Osmo Action &#8211; PGYtech"}]},{"@type":"WebSite","@id":"https:\/\/phukienflytech.vn\/#website","url":"https:\/\/phukienflytech.vn\/","name":"Shop M\u00e1y \u1ea3nh - Action Camera - Gimbal - Flycam - Ph\u1ee5 ki\u1ec7n","description":"Shop M\u00e1y \u1ea3nh - Action Camera - Gimbal - Flycam - Ph\u1ee5 ki\u1ec7n","publisher":{"@id":"https:\/\/phukienflytech.vn\/#organization"},"potentialAction":[{"@type":"SearchAction","target":{"@type":"EntryPoint","urlTemplate":"https:\/\/phukienflytech.vn\/?s={search_term_string}"},"query-input":{"@type":"PropertyValueSpecification","valueRequired":true,"valueName":"search_term_string"}}],"inLanguage":"en-US"},{"@type":"Organization","@id":"https:\/\/phukienflytech.vn\/#organization","name":"DJI Store - Shop Drone, Action camera, Gimbal DJI |Phukienflytech","alternateName":"DJI Store - Shop Drone, Action camera, Gimbal DJI |Phukienflytech","url":"https:\/\/phukienflytech.vn\/","logo":{"@type":"ImageObject","inLanguage":"en-US","@id":"https:\/\/phukienflytech.vn\/#\/schema\/logo\/image\/","url":"https:\/\/phukienflytech.vn\/wp-content\/uploads\/2020\/05\/hAnh_nan.jpg1_.jpg","contentUrl":"https:\/\/phukienflytech.vn\/wp-content\/uploads\/2020\/05\/hAnh_nan.jpg1_.jpg","width":800,"height":450,"caption":"DJI Store - Shop Drone, Action camera, Gimbal DJI |Phukienflytech"},"image":{"@id":"https:\/\/phukienflytech.vn\/#\/schema\/logo\/image\/"},"sameAs":["https:\/\/facebook.com\/phukienflycam","https:\/\/www.youtube.com\/@phukienflytech","https:\/\/www.tiktok.com\/@flytech.channel?fbclid=IwY2xjawGjg7BleHRuA2FlbQIxMAABHYVGmlXpuSMs0UB2zTpYvyT4GMVfN2qJa4urF4vkSQ6FAVBwXZtDP30qQA_aem_UwMiDcUvlEbd2tXAmsc8Og"]}]}},"_links":{"self":[{"href":"https:\/\/phukienflytech.vn\/en\/wp-json\/wp\/v2\/product\/5504","targetHints":{"allow":["GET"]}}],"collection":[{"href":"https:\/\/phukienflytech.vn\/en\/wp-json\/wp\/v2\/product"}],"about":[{"href":"https:\/\/phukienflytech.vn\/en\/wp-json\/wp\/v2\/types\/product"}],"replies":[{"embeddable":true,"href":"https:\/\/phukienflytech.vn\/en\/wp-json\/wp\/v2\/comments?post=5504"}],"wp:featuredmedia":[{"embeddable":true,"href":"https:\/\/phukienflytech.vn\/en\/wp-json\/wp\/v2\/media\/5493"}],"wp:attachment":[{"href":"https:\/\/phukienflytech.vn\/en\/wp-json\/wp\/v2\/media?parent=5504"}],"wp:term":[{"taxonomy":"product_brand","embeddable":true,"href":"https:\/\/phukienflytech.vn\/en\/wp-json\/wp\/v2\/product_brand?post=5504"},{"taxonomy":"product_cat","embeddable":true,"href":"https:\/\/phukienflytech.vn\/en\/wp-json\/wp\/v2\/product_cat?post=5504"},{"taxonomy":"product_tag","embeddable":true,"href":"https:\/\/phukienflytech.vn\/en\/wp-json\/wp\/v2\/product_tag?post=5504"}],"curies":[{"name":"wp","href":"https:\/\/api.w.org\/{rel}","templated":true}]}}