{"id":5522,"date":"2020-06-20T11:06:16","date_gmt":"2020-06-20T04:06:16","guid":{"rendered":"http:\/\/27430.lamdx.vinawebsite.vn\/san-pham\/gay-rut-tripod-mini-osmo-action-camera-plus.html"},"modified":"2021-01-14T10:01:48","modified_gmt":"2021-01-14T03:01:48","slug":"osmo-action-extension-pole-tripod-plus","status":"publish","type":"product","link":"https:\/\/phukienflytech.vn\/en\/san-pham\/osmo-action-extension-pole-tripod-plus.html","title":{"rendered":"DJI OSMO Action Extension Pole Tripod Plus &#8211; PGYtech"},"content":{"rendered":"<h2><span style=\"color: #0000ff;\"><em><strong><span style=\"font-size: 21px;\">OSMO Action Extension Pole Tripod Plus<\/span><\/strong><\/em><\/span><\/h2>\n<p><span style=\"font-size: 18px;\">OSMO Action Extension Pole Tripod Plus<\/span><\/p>\n<p><span style=\"font-size: 18px;\"><strong>DJI OSMO\u00a0Action Camera<\/strong>\u00a0l\u00e0 camera c\u1ea7m tay nh\u1ecf g\u1ecdn ch\u1ed1ng rung ho\u00e0n h\u1ea3o v\u1edbi ch\u1ea5t l\u01b0\u1ee3ng quay video tuy\u1ec7t v\u1eddi.<\/span><\/p>\n<p><span style=\"font-size: 18px;\">S\u1edf h\u1eefu m\u1ed9t chi\u1ebfc\u00a0<strong>DJI OSMO\u00a0Action Camera<\/strong>\u00a0\u0111em t\u1edbi cho b\u1ea1n nh\u1eefng tr\u1ea3i nghi\u1ec7m v\u00f4 c\u00f9ng \u0111\u1ed9c nh\u1ea5t v\u00e0 th\u00fa v\u1ecb ch\u1ec9 c\u00f3 tr\u00ean\u00a0<strong>DJI OSMO<\/strong>\u00a0<strong>Action Camera<\/strong><\/span><\/p>\n<p>&nbsp;<\/p>\n<p><span style=\"font-size: 18px;\"><img loading=\"lazy\" decoding=\"async\" class=\"alignnone size-medium wp-image-11013\" src=\"https:\/\/phukienflytech.vn\/wp-content\/uploads\/2020\/05\/gay-rut-tripod-mini-osmo-action-camera-plus-5505-7-400x400.jpg\" alt=\"\" width=\"400\" height=\"400\" srcset=\"https:\/\/phukienflytech.vn\/wp-content\/uploads\/2020\/05\/gay-rut-tripod-mini-osmo-action-camera-plus-5505-7-400x400.jpg 400w, https:\/\/phukienflytech.vn\/wp-content\/uploads\/2020\/05\/gay-rut-tripod-mini-osmo-action-camera-plus-5505-7-280x280.jpg 280w, https:\/\/phukienflytech.vn\/wp-content\/uploads\/2020\/05\/gay-rut-tripod-mini-osmo-action-camera-plus-5505-7-768x768.jpg 768w, https:\/\/phukienflytech.vn\/wp-content\/uploads\/2020\/05\/gay-rut-tripod-mini-osmo-action-camera-plus-5505-7-800x800.jpg 800w, https:\/\/phukienflytech.vn\/wp-content\/uploads\/2020\/05\/gay-rut-tripod-mini-osmo-action-camera-plus-5505-7-300x300.jpg 300w, https:\/\/phukienflytech.vn\/wp-content\/uploads\/2020\/05\/gay-rut-tripod-mini-osmo-action-camera-plus-5505-7-600x600.jpg 600w, https:\/\/phukienflytech.vn\/wp-content\/uploads\/2020\/05\/gay-rut-tripod-mini-osmo-action-camera-plus-5505-7-100x100.jpg 100w, https:\/\/phukienflytech.vn\/wp-content\/uploads\/2020\/05\/gay-rut-tripod-mini-osmo-action-camera-plus-5505-7.jpg 1000w\" sizes=\"auto, (max-width: 400px) 100vw, 400px\" \/><\/span><\/p>\n<p>&nbsp;<\/p>\n<p><span style=\"font-size: 18px;\">Tuy nhi\u00ean vi\u1ec7c b\u1ecb gi\u1edb h\u1ea1n v\u1ec1 ph\u1ea1m vi s\u1eed d\u1ee5ng v\u00e0 khi mu\u1ed1n c\u1ed1 \u0111\u1ecbnh m\u00e1y t\u1ea1i nh\u1eefng c\u1ea3nh \u0111i qua v\u00e0 mu\u1ed1n c\u1ed1 \u0111\u1ecbnh ghi l\u1ea1i nh\u1eefng khung h\u00ecnh \u0111\u1eb9p nh\u1ea5t.<\/span><\/p>\n<p><span style=\"font-size: 18px;\">V\u00ec th\u1ebf \u0111\u1ec3 c\u1ea3i thi\u1ec7n chi\u1ec1u cao v\u00e0 t\u1ea7m s\u1eed d\u1ee5ng c\u1ee7a\u00a0<strong>DJI OSMO\u00a0Action Camera<\/strong>\u00a0th\u00ec vi\u1ec7c b\u1ed5 sung th\u00eam ph\u1ee5 ki\u1ec7n\u00a0<strong>DJI OSMO\u00a0Action Camera<\/strong>\u00a0l\u00e0 vi\u1ec7c ho\u00e0n to\u00e0n c\u1ea7n thi\u1ebft<\/span><\/p>\n<p>&nbsp;<\/p>\n<p><span style=\"font-size: 18px;\"><img loading=\"lazy\" decoding=\"async\" class=\"alignnone wp-image-11015\" src=\"https:\/\/phukienflytech.vn\/wp-content\/uploads\/2020\/05\/gay-rut-tripod-mini-osmo-action-camera-plus-5505-1-1-792x400.jpg\" alt=\"\" width=\"570\" height=\"288\" srcset=\"https:\/\/phukienflytech.vn\/wp-content\/uploads\/2020\/05\/gay-rut-tripod-mini-osmo-action-camera-plus-5505-1-1-792x400.jpg 792w, https:\/\/phukienflytech.vn\/wp-content\/uploads\/2020\/05\/gay-rut-tripod-mini-osmo-action-camera-plus-5505-1-1-768x388.jpg 768w, https:\/\/phukienflytech.vn\/wp-content\/uploads\/2020\/05\/gay-rut-tripod-mini-osmo-action-camera-plus-5505-1-1-600x303.jpg 600w, https:\/\/phukienflytech.vn\/wp-content\/uploads\/2020\/05\/gay-rut-tripod-mini-osmo-action-camera-plus-5505-1-1.jpg 1024w\" sizes=\"auto, (max-width: 570px) 100vw, 570px\" \/><\/span><\/p>\n<p>&nbsp;<\/p>\n<p><span style=\"font-size: 18px;\"><strong>G\u1eady r\u00fat tripod mini Osmo Action camera \u2013 Plus<\/strong>\u00a0s\u1ebd l\u00e0 m\u1ed9t trong nh\u1eefng ph\u1ee5 ki\u1ec7n tuy\u1ec7t v\u1eddi trong danh s\u00e1ch nh\u1eefng ph\u1ee5 ki\u1ec7n c\u1ea7n c\u00f3 c\u1ee7a\u00a0<strong>DJI OSMO\u00a0Action Camera<\/strong><\/span><\/p>\n<p><iframe loading=\"lazy\" src=\"\/\/www.youtube.com\/embed\/AErh71bYlns\" width=\"560\" height=\"314\" allowfullscreen=\"allowfullscreen\"><\/iframe><\/p>\n<p style=\"text-align: left;\"><span style=\"font-size: 18px;\">Ngu\u1ed3n: Video Youtube &#8211; Hobbytech Vi\u1ec7t Nam<\/span><\/p>\n<p>&nbsp;<\/p>\n<p><span style=\"font-size: 18px;\"><strong>G\u1eady r\u00fat tripod mini Osmo Action camera \u2013 Plus<\/strong>\u00a0thi\u1ebft k\u1ebf c\u00f3 th\u1ec3 m\u1edf r\u1ed9ng ch\u00e2n k\u1ebft n\u1ed1i gi\u00fap m\u1ed9t ng\u01b0\u1eddi \u0111i\u1ec1u khi\u1ec3n \u1ea3nh v\u1edbi m\u00e0n h\u00ecnh l\u1edbn b\u1eb1ng c\u00e1ch k\u1ebft n\u1ed1i \u0111i\u1ec7n tho\u1ea1i v\u1edbi m\u00e1y \u1ea3nh v\u1edbi gi\u00e1 \u0111\u1ee1 \u0111i\u1ec7n tho\u1ea1i \u1edf tay c\u1ea7m. Chuy\u1ec3n \u0111\u1ed5i m\u00e0n h\u00ecnh ngang v\u00e0 d\u1ecdc nhanh ch\u00f3ng v\u1edbi gi\u00e1 \u0111\u1ee1 \u0111i\u1ec7n tho\u1ea1i c\u00f3 th\u1ec3 xoay v\u00e0 gi\u00e1 \u0111\u1ee1 k\u1ebft n\u1ed1i \u1edf \u0111\u1ea7u c\u1ef1c.<\/span><\/p>\n<p>&nbsp;<\/p>\n<p>&nbsp;<\/p>\n<p><span style=\"font-size: 18px;\"><img loading=\"lazy\" decoding=\"async\" class=\"alignnone wp-image-11017 size-medium\" src=\"https:\/\/phukienflytech.vn\/wp-content\/uploads\/2020\/05\/gay-rut-tripod-mini-osmo-action-camera-plus-5505-2-1-400x400.jpg\" alt=\"OSMO-Action-Extension-Pole-Tripod-Plus-3\" width=\"400\" height=\"400\" srcset=\"https:\/\/phukienflytech.vn\/wp-content\/uploads\/2020\/05\/gay-rut-tripod-mini-osmo-action-camera-plus-5505-2-1-400x400.jpg 400w, https:\/\/phukienflytech.vn\/wp-content\/uploads\/2020\/05\/gay-rut-tripod-mini-osmo-action-camera-plus-5505-2-1-280x280.jpg 280w, https:\/\/phukienflytech.vn\/wp-content\/uploads\/2020\/05\/gay-rut-tripod-mini-osmo-action-camera-plus-5505-2-1-768x768.jpg 768w, https:\/\/phukienflytech.vn\/wp-content\/uploads\/2020\/05\/gay-rut-tripod-mini-osmo-action-camera-plus-5505-2-1-800x800.jpg 800w, https:\/\/phukienflytech.vn\/wp-content\/uploads\/2020\/05\/gay-rut-tripod-mini-osmo-action-camera-plus-5505-2-1-300x300.jpg 300w, https:\/\/phukienflytech.vn\/wp-content\/uploads\/2020\/05\/gay-rut-tripod-mini-osmo-action-camera-plus-5505-2-1-600x600.jpg 600w, https:\/\/phukienflytech.vn\/wp-content\/uploads\/2020\/05\/gay-rut-tripod-mini-osmo-action-camera-plus-5505-2-1-100x100.jpg 100w, https:\/\/phukienflytech.vn\/wp-content\/uploads\/2020\/05\/gay-rut-tripod-mini-osmo-action-camera-plus-5505-2-1.jpg 1000w\" sizes=\"auto, (max-width: 400px) 100vw, 400px\" \/><\/span><\/p>\n<p>&nbsp;<\/p>\n<p><span style=\"font-size: 18px;\">S\u1eed d\u1ee5ng m\u1ed9t thi\u1ebft k\u1ebf nh\u1ecf g\u1ecdn, d\u1ec5 d\u00e0ng chuy\u1ec3n \u0111\u1ed5i gi\u1eefa c\u1ef1c m\u1edf r\u1ed9ng v\u00e0 ch\u00e2n \u0111\u1ebf. C\u00f3 c\u00e1c t\u00f9y ch\u1ecdn \u0111\u1ec3 c\u00f3 th\u1ec3 m\u1edf r\u1ed9ng t\u00f9y theo nhu c\u1ea7u s\u1eed d\u1ee5ng\u00a0\u00a0\u00a0<\/span><\/p>\n<p>&nbsp;<\/p>\n<p><span style=\"font-size: 18px;\"><img loading=\"lazy\" decoding=\"async\" class=\"alignnone wp-image-11020 size-medium\" src=\"https:\/\/phukienflytech.vn\/wp-content\/uploads\/2020\/05\/gay-rut-tripod-mini-osmo-action-camera-plus-5505-3-1-400x400.jpg\" alt=\"OSMO-Action-Extension-Pole-Tripod-Plus-2\" width=\"400\" height=\"400\" srcset=\"https:\/\/phukienflytech.vn\/wp-content\/uploads\/2020\/05\/gay-rut-tripod-mini-osmo-action-camera-plus-5505-3-1-400x400.jpg 400w, https:\/\/phukienflytech.vn\/wp-content\/uploads\/2020\/05\/gay-rut-tripod-mini-osmo-action-camera-plus-5505-3-1-280x280.jpg 280w, https:\/\/phukienflytech.vn\/wp-content\/uploads\/2020\/05\/gay-rut-tripod-mini-osmo-action-camera-plus-5505-3-1-768x768.jpg 768w, https:\/\/phukienflytech.vn\/wp-content\/uploads\/2020\/05\/gay-rut-tripod-mini-osmo-action-camera-plus-5505-3-1-800x800.jpg 800w, https:\/\/phukienflytech.vn\/wp-content\/uploads\/2020\/05\/gay-rut-tripod-mini-osmo-action-camera-plus-5505-3-1-300x300.jpg 300w, https:\/\/phukienflytech.vn\/wp-content\/uploads\/2020\/05\/gay-rut-tripod-mini-osmo-action-camera-plus-5505-3-1-600x600.jpg 600w, https:\/\/phukienflytech.vn\/wp-content\/uploads\/2020\/05\/gay-rut-tripod-mini-osmo-action-camera-plus-5505-3-1-100x100.jpg 100w, https:\/\/phukienflytech.vn\/wp-content\/uploads\/2020\/05\/gay-rut-tripod-mini-osmo-action-camera-plus-5505-3-1.jpg 1000w\" sizes=\"auto, (max-width: 400px) 100vw, 400px\" \/><\/span><\/p>\n<p>&nbsp;<\/p>\n<h2><span style=\"font-size: 21px;\"><em><span style=\"color: #0000ff;\"><strong>C\u00e1c c\u00f4ng d\u1ee5ng OSMO Action Extension Pole Tripod Plus:<\/strong><\/span><\/em><\/span><\/h2>\n<p><span style=\"font-size: 18px;\">C\u00f3 th\u1ec3 thu d\u00e0i t\u1edbi 5 chi\u1ec1u d\u00e0i m\u1edf r\u1ed9ng.<\/span><\/p>\n<p><span style=\"font-size: 18px;\">S\u1ea3n ph\u1ea9m tr\u00ean\u00a0c\u00f3 k\u00edch th\u01b0\u1edbc l\u1ea7n l\u01b0\u1ee3t<\/span><\/p>\n<p><span style=\"font-size: 18px;\">Chi\u1ec1u d\u00e0i: 66 cm<\/span><\/p>\n<p><span style=\"font-size: 18px;\">Chi\u1ec1u d\u00e0i t\u1ed1i thi\u1ec3u sau khi thu g\u1ecdn: 18 cm<\/span><\/p>\n<p><span style=\"font-size: 18px;\">Chi\u1ec1u r\u1ed9ng gi\u00e1 \u0111\u1ee1 \u0111i\u1ec7n tho\u1ea1i m\u1edf r\u1ed9ng: 8 cm<\/span><\/p>\n<p><span style=\"font-size: 18px;\">Thi\u1ebft k\u1ebf ch\u00e2n \u0111\u1ebf m\u1edf r\u1ed9ng\u00a0 t\u1ea1i s\u1ef1 v\u1eefng ch\u1eafc khi \u0111\u1eb7t tr\u00ean m\u1eb7t \u0111\u1ea5t<\/span><\/p>\n<p><span style=\"font-size: 18px;\"><img loading=\"lazy\" decoding=\"async\" class=\"alignnone wp-image-11022\" src=\"https:\/\/phukienflytech.vn\/wp-content\/uploads\/2020\/05\/gay-rut-tripod-mini-osmo-action-camera-plus-5505-5-1-589x400.jpg\" alt=\"OSMO-Action-Extension-Pole-Tripod-Plus-1\" width=\"542\" height=\"368\" srcset=\"https:\/\/phukienflytech.vn\/wp-content\/uploads\/2020\/05\/gay-rut-tripod-mini-osmo-action-camera-plus-5505-5-1-589x400.jpg 589w, https:\/\/phukienflytech.vn\/wp-content\/uploads\/2020\/05\/gay-rut-tripod-mini-osmo-action-camera-plus-5505-5-1-768x522.jpg 768w, https:\/\/phukienflytech.vn\/wp-content\/uploads\/2020\/05\/gay-rut-tripod-mini-osmo-action-camera-plus-5505-5-1-600x408.jpg 600w, https:\/\/phukienflytech.vn\/wp-content\/uploads\/2020\/05\/gay-rut-tripod-mini-osmo-action-camera-plus-5505-5-1.jpg 1024w\" sizes=\"auto, (max-width: 542px) 100vw, 542px\" \/><\/span><\/p>\n<p>&nbsp;<\/p>\n<p>&nbsp;<\/p>\n<p><span style=\"font-size: 18px;\"><img loading=\"lazy\" decoding=\"async\" class=\"alignnone wp-image-11024 size-medium\" src=\"https:\/\/phukienflytech.vn\/wp-content\/uploads\/2020\/05\/gay-rut-tripod-mini-osmo-action-camera-plus-5505-6-1-477x400.jpg\" alt=\"OSMO-Action-Extension-Pole-Tripod-Plus\" width=\"477\" height=\"400\" srcset=\"https:\/\/phukienflytech.vn\/wp-content\/uploads\/2020\/05\/gay-rut-tripod-mini-osmo-action-camera-plus-5505-6-1-477x400.jpg 477w, https:\/\/phukienflytech.vn\/wp-content\/uploads\/2020\/05\/gay-rut-tripod-mini-osmo-action-camera-plus-5505-6-1-768x644.jpg 768w, https:\/\/phukienflytech.vn\/wp-content\/uploads\/2020\/05\/gay-rut-tripod-mini-osmo-action-camera-plus-5505-6-1-955x800.jpg 955w, https:\/\/phukienflytech.vn\/wp-content\/uploads\/2020\/05\/gay-rut-tripod-mini-osmo-action-camera-plus-5505-6-1-600x503.jpg 600w, https:\/\/phukienflytech.vn\/wp-content\/uploads\/2020\/05\/gay-rut-tripod-mini-osmo-action-camera-plus-5505-6-1.jpg 1024w\" sizes=\"auto, (max-width: 477px) 100vw, 477px\" \/><\/span><\/p>\n<p>&nbsp;<\/p>\n<p><span style=\"font-size: 18px;\">\u0110\u00e1nh gi\u00e1 s\u01a1 l\u01b0\u1ee3c,\u00a0<strong>G\u1eady r\u00fat tripod mini Osmo Action camera \u2013 Plus<\/strong>\u00a0ch\u00ednh h\u00e3ng PGYTech l\u00e0 m\u1ed9t ph\u1ee5 ki\u1ec7n cho chi\u1ebfc<strong>\u00a0DJI OSMO Action Camera.<\/strong><\/span><\/p>\n<p><span style=\"font-size: 18px;\">H\u00e3y \u0111\u1ec3\u00a0<strong><a href=\"https:\/\/facebook.com\/phukienflycam\/\" target=\"_blank\" rel=\"noopener noreferrer\">Ph\u1ee5 Ki\u1ec7n Fly-cam Gi\u00e1 T\u1ed1t<\/a><\/strong>\u00a0ti\u1ebfp s\u1ee9c \u0111am m\u00ea, c\u00f4ng vi\u1ec7c c\u1ee7a b\u1ea1n, gi\u00fap b\u1ea1n th\u00eam ni\u1ec1m h\u1ee9ng kh\u1edfi trong \u0111am m\u00ea c\u0169ng nh\u01b0 c\u00f4ng vi\u1ec7c c\u1ee7a m\u00ecnh th\u00eam su\u00f4n s\u1ebb<\/span><\/p>\n<p><span style=\"font-size: 18px;\">&gt;&gt; Learn More :<a href=\"https:\/\/phukienflytech.vn\/danh-muc\/phu-kien-osmo-pocket.html\"><strong> Osmo Pocket Accessories<\/strong><\/a><\/span><\/p>\n<p><span style=\"font-size: 18px;\">&gt;&gt; Contact us on: <a href=\"https:\/\/www.facebook.com\/phukienflycam\"><strong>Facebook<\/strong><\/a><\/span><\/p>\n","protected":false},"excerpt":{"rendered":"<p>OSMO Action Extension Pole Tripod Plus OSMO Action Extension Pole Tripod Plus DJI OSMO\u00a0Action Camera\u00a0l\u00e0 camera c\u1ea7m tay nh\u1ecf g\u1ecdn ch\u1ed1ng rung ho\u00e0n h\u1ea3o v\u1edbi ch\u1ea5t l\u01b0\u1ee3ng quay video tuy\u1ec7t v\u1eddi. S\u1edf h\u1eefu m\u1ed9t chi\u1ebfc\u00a0DJI OSMO\u00a0Action Camera\u00a0\u0111em t\u1edbi cho b\u1ea1n nh\u1eefng tr\u1ea3i nghi\u1ec7m v\u00f4 c\u00f9ng \u0111\u1ed9c nh\u1ea5t v\u00e0 th\u00fa v\u1ecb ch\u1ec9 c\u00f3 tr\u00ean\u00a0DJI OSMO\u00a0Action Camera &#8230;<\/p>\n","protected":false},"featured_media":5507,"comment_status":"open","ping_status":"closed","template":"","meta":{"_acf_changed":false},"product_brand":[],"product_cat":[187],"product_tag":[412,372],"class_list":{"0":"post-5522","1":"product","2":"type-product","3":"status-publish","4":"has-post-thumbnail","6":"product_cat-osmo-action-accessory","7":"product_tag-gay-rut-tripod-mini-plus-en","8":"product_tag-phu-kien-osmo-action-en","10":"first","11":"instock","12":"shipping-taxable","13":"purchasable","14":"product-type-simple"},"acf":[],"yoast_head":"<!-- This site is optimized with the Yoast SEO plugin v25.7 - https:\/\/yoast.com\/wordpress\/plugins\/seo\/ -->\n<title>OSMO Action Extension Pole Tripod Plus - PGYtech - Osmo action.<\/title>\n<meta name=\"description\" content=\"OSMO Action Extension Pole Tripod Plus is one of the most important accessory. Contact us to buy OSMO Action Extension Pole Tripod Plus.\" \/>\n<meta name=\"robots\" content=\"index, follow, max-snippet:-1, max-image-preview:large, max-video-preview:-1\" \/>\n<link rel=\"canonical\" href=\"https:\/\/phukienflytech.vn\/en\/san-pham\/osmo-action-extension-pole-tripod-plus.html\" \/>\n<meta property=\"og:locale\" content=\"en_US\" \/>\n<meta property=\"og:type\" content=\"article\" \/>\n<meta property=\"og:title\" content=\"OSMO Action Extension Pole Tripod Plus - PGYtech - Osmo action.\" \/>\n<meta property=\"og:description\" content=\"OSMO Action Extension Pole Tripod Plus is one of the most important accessory. Contact us to buy OSMO Action Extension Pole Tripod Plus.\" \/>\n<meta property=\"og:url\" content=\"https:\/\/phukienflytech.vn\/en\/san-pham\/osmo-action-extension-pole-tripod-plus.html\" \/>\n<meta property=\"og:site_name\" content=\"Shop M\u00e1y \u1ea3nh - Action Camera - Gimbal - Flycam - Ph\u1ee5 ki\u1ec7n\" \/>\n<meta property=\"article:publisher\" content=\"https:\/\/facebook.com\/phukienflycam\" \/>\n<meta property=\"article:modified_time\" content=\"2021-01-14T03:01:48+00:00\" \/>\n<meta property=\"og:image\" content=\"https:\/\/phukienflytech.vn\/wp-content\/uploads\/2020\/05\/phu-kien-flycam-pgytech-osmo-action-camera-gay-rut-tripod-plus-99-Copy-2-1.jpg\" \/>\n\t<meta property=\"og:image:width\" content=\"300\" \/>\n\t<meta property=\"og:image:height\" content=\"300\" \/>\n\t<meta property=\"og:image:type\" content=\"image\/jpeg\" \/>\n<meta name=\"twitter:card\" content=\"summary_large_image\" \/>\n<meta name=\"twitter:label1\" content=\"Est. reading time\" \/>\n\t<meta name=\"twitter:data1\" content=\"3 minutes\" \/>\n<script type=\"application\/ld+json\" class=\"yoast-schema-graph\">{\"@context\":\"https:\/\/schema.org\",\"@graph\":[{\"@type\":\"WebPage\",\"@id\":\"https:\/\/phukienflytech.vn\/en\/san-pham\/osmo-action-extension-pole-tripod-plus.html\",\"url\":\"https:\/\/phukienflytech.vn\/en\/san-pham\/osmo-action-extension-pole-tripod-plus.html\",\"name\":\"OSMO Action Extension Pole Tripod Plus - PGYtech - Osmo action.\",\"isPartOf\":{\"@id\":\"https:\/\/phukienflytech.vn\/#website\"},\"primaryImageOfPage\":{\"@id\":\"https:\/\/phukienflytech.vn\/en\/san-pham\/osmo-action-extension-pole-tripod-plus.html#primaryimage\"},\"image\":{\"@id\":\"https:\/\/phukienflytech.vn\/en\/san-pham\/osmo-action-extension-pole-tripod-plus.html#primaryimage\"},\"thumbnailUrl\":\"https:\/\/phukienflytech.vn\/wp-content\/uploads\/2020\/05\/phu-kien-flycam-pgytech-osmo-action-camera-gay-rut-tripod-plus-99-Copy-2-1.jpg\",\"datePublished\":\"2020-06-20T04:06:16+00:00\",\"dateModified\":\"2021-01-14T03:01:48+00:00\",\"description\":\"OSMO Action Extension Pole Tripod Plus is one of the most important accessory. Contact us to buy OSMO Action Extension Pole Tripod Plus.\",\"breadcrumb\":{\"@id\":\"https:\/\/phukienflytech.vn\/en\/san-pham\/osmo-action-extension-pole-tripod-plus.html#breadcrumb\"},\"inLanguage\":\"en-US\",\"potentialAction\":[{\"@type\":\"ReadAction\",\"target\":[\"https:\/\/phukienflytech.vn\/en\/san-pham\/osmo-action-extension-pole-tripod-plus.html\"]}]},{\"@type\":\"ImageObject\",\"inLanguage\":\"en-US\",\"@id\":\"https:\/\/phukienflytech.vn\/en\/san-pham\/osmo-action-extension-pole-tripod-plus.html#primaryimage\",\"url\":\"https:\/\/phukienflytech.vn\/wp-content\/uploads\/2020\/05\/phu-kien-flycam-pgytech-osmo-action-camera-gay-rut-tripod-plus-99-Copy-2-1.jpg\",\"contentUrl\":\"https:\/\/phukienflytech.vn\/wp-content\/uploads\/2020\/05\/phu-kien-flycam-pgytech-osmo-action-camera-gay-rut-tripod-plus-99-Copy-2-1.jpg\",\"width\":300,\"height\":300},{\"@type\":\"BreadcrumbList\",\"@id\":\"https:\/\/phukienflytech.vn\/en\/san-pham\/osmo-action-extension-pole-tripod-plus.html#breadcrumb\",\"itemListElement\":[{\"@type\":\"ListItem\",\"position\":1,\"name\":\"Home\",\"item\":\"https:\/\/phukienflytech.vn\/en\"},{\"@type\":\"ListItem\",\"position\":2,\"name\":\"Ph\u1ee5 ki\u1ec7n Mavic Pro\",\"item\":\"https:\/\/phukienflytech.vn\/en\/phu-kien-mavic-pro.html\"},{\"@type\":\"ListItem\",\"position\":3,\"name\":\"DJI Osmo &amp; Drone's accessories\",\"item\":\"https:\/\/phukienflytech.vn\/en\/danh-muc\/dji-osmo-drones-accessories.html\"},{\"@type\":\"ListItem\",\"position\":4,\"name\":\"Osmo Action accessory\",\"item\":\"https:\/\/phukienflytech.vn\/en\/danh-muc\/osmo-action-accessory.html\"},{\"@type\":\"ListItem\",\"position\":5,\"name\":\"DJI OSMO Action Extension Pole Tripod Plus &#8211; PGYtech\"}]},{\"@type\":\"WebSite\",\"@id\":\"https:\/\/phukienflytech.vn\/#website\",\"url\":\"https:\/\/phukienflytech.vn\/\",\"name\":\"Shop M\u00e1y \u1ea3nh - Action Camera - Gimbal - Flycam - Ph\u1ee5 ki\u1ec7n\",\"description\":\"Shop M\u00e1y \u1ea3nh - Action Camera - Gimbal - Flycam - Ph\u1ee5 ki\u1ec7n\",\"publisher\":{\"@id\":\"https:\/\/phukienflytech.vn\/#organization\"},\"potentialAction\":[{\"@type\":\"SearchAction\",\"target\":{\"@type\":\"EntryPoint\",\"urlTemplate\":\"https:\/\/phukienflytech.vn\/?s={search_term_string}\"},\"query-input\":{\"@type\":\"PropertyValueSpecification\",\"valueRequired\":true,\"valueName\":\"search_term_string\"}}],\"inLanguage\":\"en-US\"},{\"@type\":\"Organization\",\"@id\":\"https:\/\/phukienflytech.vn\/#organization\",\"name\":\"DJI Store - Shop Drone, Action camera, Gimbal DJI |Phukienflytech\",\"alternateName\":\"DJI Store - Shop Drone, Action camera, Gimbal DJI |Phukienflytech\",\"url\":\"https:\/\/phukienflytech.vn\/\",\"logo\":{\"@type\":\"ImageObject\",\"inLanguage\":\"en-US\",\"@id\":\"https:\/\/phukienflytech.vn\/#\/schema\/logo\/image\/\",\"url\":\"https:\/\/phukienflytech.vn\/wp-content\/uploads\/2020\/05\/hAnh_nan.jpg1_.jpg\",\"contentUrl\":\"https:\/\/phukienflytech.vn\/wp-content\/uploads\/2020\/05\/hAnh_nan.jpg1_.jpg\",\"width\":800,\"height\":450,\"caption\":\"DJI Store - Shop Drone, Action camera, Gimbal DJI |Phukienflytech\"},\"image\":{\"@id\":\"https:\/\/phukienflytech.vn\/#\/schema\/logo\/image\/\"},\"sameAs\":[\"https:\/\/facebook.com\/phukienflycam\",\"https:\/\/www.youtube.com\/@phukienflytech\",\"https:\/\/www.tiktok.com\/@flytech.channel?fbclid=IwY2xjawGjg7BleHRuA2FlbQIxMAABHYVGmlXpuSMs0UB2zTpYvyT4GMVfN2qJa4urF4vkSQ6FAVBwXZtDP30qQA_aem_UwMiDcUvlEbd2tXAmsc8Og\"]}]}<\/script>\n<!-- \/ Yoast SEO plugin. -->","yoast_head_json":{"title":"OSMO Action Extension Pole Tripod Plus - PGYtech - Osmo action.","description":"OSMO Action Extension Pole Tripod Plus is one of the most important accessory. Contact us to buy OSMO Action Extension Pole Tripod Plus.","robots":{"index":"index","follow":"follow","max-snippet":"max-snippet:-1","max-image-preview":"max-image-preview:large","max-video-preview":"max-video-preview:-1"},"canonical":"https:\/\/phukienflytech.vn\/en\/san-pham\/osmo-action-extension-pole-tripod-plus.html","og_locale":"en_US","og_type":"article","og_title":"OSMO Action Extension Pole Tripod Plus - PGYtech - Osmo action.","og_description":"OSMO Action Extension Pole Tripod Plus is one of the most important accessory. Contact us to buy OSMO Action Extension Pole Tripod Plus.","og_url":"https:\/\/phukienflytech.vn\/en\/san-pham\/osmo-action-extension-pole-tripod-plus.html","og_site_name":"Shop M\u00e1y \u1ea3nh - Action Camera - Gimbal - Flycam - Ph\u1ee5 ki\u1ec7n","article_publisher":"https:\/\/facebook.com\/phukienflycam","article_modified_time":"2021-01-14T03:01:48+00:00","og_image":[{"width":300,"height":300,"url":"https:\/\/phukienflytech.vn\/wp-content\/uploads\/2020\/05\/phu-kien-flycam-pgytech-osmo-action-camera-gay-rut-tripod-plus-99-Copy-2-1.jpg","type":"image\/jpeg"}],"twitter_card":"summary_large_image","twitter_misc":{"Est. reading time":"3 minutes"},"schema":{"@context":"https:\/\/schema.org","@graph":[{"@type":"WebPage","@id":"https:\/\/phukienflytech.vn\/en\/san-pham\/osmo-action-extension-pole-tripod-plus.html","url":"https:\/\/phukienflytech.vn\/en\/san-pham\/osmo-action-extension-pole-tripod-plus.html","name":"OSMO Action Extension Pole Tripod Plus - PGYtech - Osmo action.","isPartOf":{"@id":"https:\/\/phukienflytech.vn\/#website"},"primaryImageOfPage":{"@id":"https:\/\/phukienflytech.vn\/en\/san-pham\/osmo-action-extension-pole-tripod-plus.html#primaryimage"},"image":{"@id":"https:\/\/phukienflytech.vn\/en\/san-pham\/osmo-action-extension-pole-tripod-plus.html#primaryimage"},"thumbnailUrl":"https:\/\/phukienflytech.vn\/wp-content\/uploads\/2020\/05\/phu-kien-flycam-pgytech-osmo-action-camera-gay-rut-tripod-plus-99-Copy-2-1.jpg","datePublished":"2020-06-20T04:06:16+00:00","dateModified":"2021-01-14T03:01:48+00:00","description":"OSMO Action Extension Pole Tripod Plus is one of the most important accessory. Contact us to buy OSMO Action Extension Pole Tripod Plus.","breadcrumb":{"@id":"https:\/\/phukienflytech.vn\/en\/san-pham\/osmo-action-extension-pole-tripod-plus.html#breadcrumb"},"inLanguage":"en-US","potentialAction":[{"@type":"ReadAction","target":["https:\/\/phukienflytech.vn\/en\/san-pham\/osmo-action-extension-pole-tripod-plus.html"]}]},{"@type":"ImageObject","inLanguage":"en-US","@id":"https:\/\/phukienflytech.vn\/en\/san-pham\/osmo-action-extension-pole-tripod-plus.html#primaryimage","url":"https:\/\/phukienflytech.vn\/wp-content\/uploads\/2020\/05\/phu-kien-flycam-pgytech-osmo-action-camera-gay-rut-tripod-plus-99-Copy-2-1.jpg","contentUrl":"https:\/\/phukienflytech.vn\/wp-content\/uploads\/2020\/05\/phu-kien-flycam-pgytech-osmo-action-camera-gay-rut-tripod-plus-99-Copy-2-1.jpg","width":300,"height":300},{"@type":"BreadcrumbList","@id":"https:\/\/phukienflytech.vn\/en\/san-pham\/osmo-action-extension-pole-tripod-plus.html#breadcrumb","itemListElement":[{"@type":"ListItem","position":1,"name":"Home","item":"https:\/\/phukienflytech.vn\/en"},{"@type":"ListItem","position":2,"name":"Ph\u1ee5 ki\u1ec7n Mavic Pro","item":"https:\/\/phukienflytech.vn\/en\/phu-kien-mavic-pro.html"},{"@type":"ListItem","position":3,"name":"DJI Osmo &amp; Drone's accessories","item":"https:\/\/phukienflytech.vn\/en\/danh-muc\/dji-osmo-drones-accessories.html"},{"@type":"ListItem","position":4,"name":"Osmo Action accessory","item":"https:\/\/phukienflytech.vn\/en\/danh-muc\/osmo-action-accessory.html"},{"@type":"ListItem","position":5,"name":"DJI OSMO Action Extension Pole Tripod Plus &#8211; PGYtech"}]},{"@type":"WebSite","@id":"https:\/\/phukienflytech.vn\/#website","url":"https:\/\/phukienflytech.vn\/","name":"Shop M\u00e1y \u1ea3nh - Action Camera - Gimbal - Flycam - Ph\u1ee5 ki\u1ec7n","description":"Shop M\u00e1y \u1ea3nh - Action Camera - Gimbal - Flycam - Ph\u1ee5 ki\u1ec7n","publisher":{"@id":"https:\/\/phukienflytech.vn\/#organization"},"potentialAction":[{"@type":"SearchAction","target":{"@type":"EntryPoint","urlTemplate":"https:\/\/phukienflytech.vn\/?s={search_term_string}"},"query-input":{"@type":"PropertyValueSpecification","valueRequired":true,"valueName":"search_term_string"}}],"inLanguage":"en-US"},{"@type":"Organization","@id":"https:\/\/phukienflytech.vn\/#organization","name":"DJI Store - Shop Drone, Action camera, Gimbal DJI |Phukienflytech","alternateName":"DJI Store - Shop Drone, Action camera, Gimbal DJI |Phukienflytech","url":"https:\/\/phukienflytech.vn\/","logo":{"@type":"ImageObject","inLanguage":"en-US","@id":"https:\/\/phukienflytech.vn\/#\/schema\/logo\/image\/","url":"https:\/\/phukienflytech.vn\/wp-content\/uploads\/2020\/05\/hAnh_nan.jpg1_.jpg","contentUrl":"https:\/\/phukienflytech.vn\/wp-content\/uploads\/2020\/05\/hAnh_nan.jpg1_.jpg","width":800,"height":450,"caption":"DJI Store - Shop Drone, Action camera, Gimbal DJI |Phukienflytech"},"image":{"@id":"https:\/\/phukienflytech.vn\/#\/schema\/logo\/image\/"},"sameAs":["https:\/\/facebook.com\/phukienflycam","https:\/\/www.youtube.com\/@phukienflytech","https:\/\/www.tiktok.com\/@flytech.channel?fbclid=IwY2xjawGjg7BleHRuA2FlbQIxMAABHYVGmlXpuSMs0UB2zTpYvyT4GMVfN2qJa4urF4vkSQ6FAVBwXZtDP30qQA_aem_UwMiDcUvlEbd2tXAmsc8Og"]}]}},"_links":{"self":[{"href":"https:\/\/phukienflytech.vn\/en\/wp-json\/wp\/v2\/product\/5522","targetHints":{"allow":["GET"]}}],"collection":[{"href":"https:\/\/phukienflytech.vn\/en\/wp-json\/wp\/v2\/product"}],"about":[{"href":"https:\/\/phukienflytech.vn\/en\/wp-json\/wp\/v2\/types\/product"}],"replies":[{"embeddable":true,"href":"https:\/\/phukienflytech.vn\/en\/wp-json\/wp\/v2\/comments?post=5522"}],"wp:featuredmedia":[{"embeddable":true,"href":"https:\/\/phukienflytech.vn\/en\/wp-json\/wp\/v2\/media\/5507"}],"wp:attachment":[{"href":"https:\/\/phukienflytech.vn\/en\/wp-json\/wp\/v2\/media?parent=5522"}],"wp:term":[{"taxonomy":"product_brand","embeddable":true,"href":"https:\/\/phukienflytech.vn\/en\/wp-json\/wp\/v2\/product_brand?post=5522"},{"taxonomy":"product_cat","embeddable":true,"href":"https:\/\/phukienflytech.vn\/en\/wp-json\/wp\/v2\/product_cat?post=5522"},{"taxonomy":"product_tag","embeddable":true,"href":"https:\/\/phukienflytech.vn\/en\/wp-json\/wp\/v2\/product_tag?post=5522"}],"curies":[{"name":"wp","href":"https:\/\/api.w.org\/{rel}","templated":true}]}}