{"id":5537,"date":"2020-06-20T11:39:39","date_gmt":"2020-06-20T04:39:39","guid":{"rendered":"http:\/\/27430.lamdx.vinawebsite.vn\/san-pham\/filter-mrc-uv-osmo-action-professional-pgytech-2.html"},"modified":"2021-02-02T11:41:58","modified_gmt":"2021-02-02T04:41:58","slug":"mrc-uv-filter-osmo-action","status":"publish","type":"product","link":"https:\/\/phukienflytech.vn\/en\/san-pham\/mrc-uv-filter-osmo-action.html","title":{"rendered":"MRC-UV Filter Osmo Action &#8211; PGYtech"},"content":{"rendered":"<h2><span style=\"color: #0000ff;\"><em><strong><span style=\"font-size: 21px;\">MRC-UV Filter Osmo Action<\/span><\/strong><\/em><\/span><\/h2>\n<p><span style=\"font-size: 18px;\"><strong>Filter MRC-UV Osmo Action<\/strong> l\u00e0 m\u1ed9t s\u1ea3n ph\u1ea9m \u0111\u00e1ng \u0111\u1ec3 b\u1ea1n th\u00eam v\u00e0o b\u1ed9 \u0111\u1ed3 ch\u01a1i c\u1ee7a m\u00ecnh. V\u00ec sao l\u1ea1i \u0111\u00e1ng \u0111\u1ec3 th\u00eam v\u00e0o b\u1ed9 s\u01b0u t\u1eadp c\u1ee7a m\u00ecnh th\u00ec b\u1ea1n h\u00e3y t\u00ecm hi\u1ec3u \u1edf d\u01b0\u1edbi \u0111\u00e2y l\u00e0 c\u00e1c l\u00fd ?<\/span><\/p>\n<p>&nbsp;<\/p>\n<p><span style=\"font-size: 18px;\"> <img loading=\"lazy\" decoding=\"async\" class=\"alignnone size-medium wp-image-11005\" src=\"https:\/\/phukienflytech.vn\/wp-content\/uploads\/2020\/05\/filter-mrc-uv-osmo-action-professional-pgytech-5523-4-400x400.jpg\" alt=\"\" width=\"400\" height=\"400\" srcset=\"https:\/\/phukienflytech.vn\/wp-content\/uploads\/2020\/05\/filter-mrc-uv-osmo-action-professional-pgytech-5523-4-400x400.jpg 400w, https:\/\/phukienflytech.vn\/wp-content\/uploads\/2020\/05\/filter-mrc-uv-osmo-action-professional-pgytech-5523-4-280x280.jpg 280w, https:\/\/phukienflytech.vn\/wp-content\/uploads\/2020\/05\/filter-mrc-uv-osmo-action-professional-pgytech-5523-4-768x768.jpg 768w, https:\/\/phukienflytech.vn\/wp-content\/uploads\/2020\/05\/filter-mrc-uv-osmo-action-professional-pgytech-5523-4.jpg 800w, https:\/\/phukienflytech.vn\/wp-content\/uploads\/2020\/05\/filter-mrc-uv-osmo-action-professional-pgytech-5523-4-300x300.jpg 300w, https:\/\/phukienflytech.vn\/wp-content\/uploads\/2020\/05\/filter-mrc-uv-osmo-action-professional-pgytech-5523-4-600x600.jpg 600w, https:\/\/phukienflytech.vn\/wp-content\/uploads\/2020\/05\/filter-mrc-uv-osmo-action-professional-pgytech-5523-4-100x100.jpg 100w\" sizes=\"auto, (max-width: 400px) 100vw, 400px\" \/> \u00a0\u00a0<\/span><\/p>\n<p>&nbsp;<\/p>\n<p><span style=\"font-size: 18px;\">B\u1ea1n l\u00e0 m\u1ed9t ng\u01b0\u1eddi th\u00edch quay film, ch\u1ee5p \u1ea3nh? B\u1ea1n lu\u00f4n mong mu\u1ed1n thu \u0111\u01b0\u1ee3c nh\u1eefng s\u1ea3n ph\u1ea9m c\u00f3 ch\u1ea5t l\u01b0\u1ee3ng t\u00f4t nh\u1ea5t m\u00e0 kh\u00f4ng b\u1ecb \u1ea3nh h\u01b0\u1edfng b\u1edfi nh\u1eefng \u00e1nh s\u00e1ng kh\u00f4ng c\u1ea7n thi\u1ebft, filter lens ch\u00ednh l\u00e0 ph\u1ee5 ki\u1ec7n m\u00e0 b\u1ea1n c\u1ea7n.<\/span><\/p>\n<p>&nbsp;<\/p>\n<h3><span style=\"font-size: 18px;\"> <img loading=\"lazy\" decoding=\"async\" class=\"alignnone wp-image-11007 size-medium\" src=\"https:\/\/phukienflytech.vn\/wp-content\/uploads\/2020\/05\/filter-mrc-uv-osmo-action-professional-pgytech-5523-1-1-600x400.jpg\" alt=\"MRC-UV-Filter-Osmo-Action-2\" width=\"600\" height=\"400\" srcset=\"https:\/\/phukienflytech.vn\/wp-content\/uploads\/2020\/05\/filter-mrc-uv-osmo-action-professional-pgytech-5523-1-1-600x400.jpg 600w, https:\/\/phukienflytech.vn\/wp-content\/uploads\/2020\/05\/filter-mrc-uv-osmo-action-professional-pgytech-5523-1-1.jpg 753w\" sizes=\"auto, (max-width: 600px) 100vw, 600px\" \/><\/span><\/h3>\n<p>&nbsp;<\/p>\n<p><span style=\"font-size: 18px;\">Lu\u00f4n n\u1eb1m trong top danh s\u00e1ch nh\u1eefng\u00a0<strong><em>ph\u1ee5 ki\u1ec7n DJI Osmo Action c\u1ea7n thi\u1ebft<\/em><\/strong>\u00a0cho c\u00e1c pilot ch\u00ednh v\u00ec v\u1eady hi\u1ec7n nay c\u00f3 kh\u00e1 nhi\u1ec1u filter b\u1ea1n c\u00f3 th\u1ec3 l\u1ef1a ch\u1ecdn.<\/span><\/p>\n<p><span style=\"font-size: 18px;\"><strong><em>Lens filter MRC-UV Osmo Action<\/em><\/strong>\u00a0c\u0169ng n\u1eb1m trong s\u1ed1 \u0111\u00f3. \u0110\u01b0\u1ee3c h\u00e3ng\u00a0<strong><em>PGYTECH<\/em><\/strong>\u00a0s\u1ea3n xu\u1ea5t t\u1ea1i \u0110\u1ee9c v\u1edbi ch\u1ea5t li\u1ec7u schott cao c\u1ea5p \u0111\u1ea3m b\u1ea3o c\u00f3 th\u1ec3 \u0111\u00e1p \u1ee9ng \u0111\u01b0\u1ee3c nh\u1eefng y\u00eau c\u1ea7u kh\u1eaft khe c\u1ee7a ng\u01b0\u1eddi d\u00f9ng kh\u00f3 t\u00ednh nh\u1ea5t.<\/span><\/p>\n<p>&nbsp;<\/p>\n<p><span style=\"font-size: 18px;\"> <img loading=\"lazy\" decoding=\"async\" class=\"alignnone wp-image-11009 size-medium\" src=\"https:\/\/phukienflytech.vn\/wp-content\/uploads\/2020\/05\/filter-mrc-uv-osmo-action-professional-pgytech-5523-2-1-400x400.jpg\" alt=\"MRC-UV-Filter-Osmo-Action-1\" width=\"400\" height=\"400\" srcset=\"https:\/\/phukienflytech.vn\/wp-content\/uploads\/2020\/05\/filter-mrc-uv-osmo-action-professional-pgytech-5523-2-1-400x400.jpg 400w, https:\/\/phukienflytech.vn\/wp-content\/uploads\/2020\/05\/filter-mrc-uv-osmo-action-professional-pgytech-5523-2-1-280x280.jpg 280w, https:\/\/phukienflytech.vn\/wp-content\/uploads\/2020\/05\/filter-mrc-uv-osmo-action-professional-pgytech-5523-2-1-768x768.jpg 768w, https:\/\/phukienflytech.vn\/wp-content\/uploads\/2020\/05\/filter-mrc-uv-osmo-action-professional-pgytech-5523-2-1-800x800.jpg 800w, https:\/\/phukienflytech.vn\/wp-content\/uploads\/2020\/05\/filter-mrc-uv-osmo-action-professional-pgytech-5523-2-1-300x300.jpg 300w, https:\/\/phukienflytech.vn\/wp-content\/uploads\/2020\/05\/filter-mrc-uv-osmo-action-professional-pgytech-5523-2-1-600x600.jpg 600w, https:\/\/phukienflytech.vn\/wp-content\/uploads\/2020\/05\/filter-mrc-uv-osmo-action-professional-pgytech-5523-2-1-100x100.jpg 100w, https:\/\/phukienflytech.vn\/wp-content\/uploads\/2020\/05\/filter-mrc-uv-osmo-action-professional-pgytech-5523-2-1.jpg 996w\" sizes=\"auto, (max-width: 400px) 100vw, 400px\" \/><\/span><\/p>\n<p>&nbsp;<\/p>\n<p><span style=\"font-size: 18px;\">Chi ti\u1ebft c\u1ee7a\u00a0<strong><em>lens filter MRC-UV Osmo Action<\/em><\/strong><\/span><\/p>\n<p><span style=\"font-size: 18px;\">K\u00ednh l\u1ecdc MRC-UV hay c\u00f2n g\u1ecdi l\u00e0 k\u00ednh l\u1ecdc c\u1ea3n tia c\u1ef1c t\u00edm UV gi\u00fap b\u1ea1n c\u1ea3m nh\u1eadn \u0111\u01b0\u1ee3c nh\u1eefng \u00e1nh s\u00e1ng kh\u00f4ng th\u1ec3 nh\u00ecn th\u1ea5y \u0111\u01b0\u1ee3c b\u1eb1ng m\u1eaft th\u01b0\u1eddng nh\u1eefng v\u1eabn \u1ea3nh h\u01b0\u1edfng tr\u1ef1c ti\u1ebfp \u0111\u1ebfn \u00e1nh s\u00e1ng c\u1ee7a b\u1ee9c \u1ea3nh \u0111\u1ec3 thu \u0111\u01b0\u1ee3c b\u1ee9c \u1ea3nh s\u1eafc n\u00e9t h\u01a1n sau khi ch\u1ee5p<\/span><\/p>\n<p>&nbsp;<\/p>\n<h3><span style=\"font-size: 18px;\"> <img loading=\"lazy\" decoding=\"async\" class=\"alignnone wp-image-11011 size-medium\" src=\"https:\/\/phukienflytech.vn\/wp-content\/uploads\/2020\/05\/filter-mrc-uv-osmo-action-professional-pgytech-5523-3-1-400x400.jpg\" alt=\"MRC-UV-Filter-Osmo-Action\" width=\"400\" height=\"400\" srcset=\"https:\/\/phukienflytech.vn\/wp-content\/uploads\/2020\/05\/filter-mrc-uv-osmo-action-professional-pgytech-5523-3-1-400x400.jpg 400w, https:\/\/phukienflytech.vn\/wp-content\/uploads\/2020\/05\/filter-mrc-uv-osmo-action-professional-pgytech-5523-3-1-280x280.jpg 280w, https:\/\/phukienflytech.vn\/wp-content\/uploads\/2020\/05\/filter-mrc-uv-osmo-action-professional-pgytech-5523-3-1-300x300.jpg 300w, https:\/\/phukienflytech.vn\/wp-content\/uploads\/2020\/05\/filter-mrc-uv-osmo-action-professional-pgytech-5523-3-1-600x600.jpg 600w, https:\/\/phukienflytech.vn\/wp-content\/uploads\/2020\/05\/filter-mrc-uv-osmo-action-professional-pgytech-5523-3-1-100x100.jpg 100w, https:\/\/phukienflytech.vn\/wp-content\/uploads\/2020\/05\/filter-mrc-uv-osmo-action-professional-pgytech-5523-3-1.jpg 700w\" sizes=\"auto, (max-width: 400px) 100vw, 400px\" \/><\/span><\/h3>\n<p>&nbsp;<\/p>\n<p><span style=\"font-size: 18px;\">V\u1edbi thi\u1ebft k\u1ebf hi\u1ec7n \u0111\u1ea1i tinh t\u1ebf, b\u1ea1n c\u00f3 th\u1ec3 ho\u00e0n to\u00e0n d\u1ec5 d\u00e0ng th\u00e1o l\u1eafp v\u00e0 s\u1eed d\u1ee5ng lens filter MRC-UV<\/span><\/p>\n<p><span style=\"font-size: 18px;\"><strong><em>Mua ph\u1ee5 ki\u1ec7n Osmo Action<\/em><\/strong>\u00a0\u1edf \u0111\u00e2u?<\/span><\/p>\n<p><span style=\"font-size: 18px;\">N\u1ebfu b\u1ea1n v\u1eabn \u0111ang ph\u00e2n v\u00e2n kh\u00f4ng bi\u1ebft c\u00f3 th\u1ec3 t\u00ecm mua \u0111\u01b0\u1ee3c\u00a0<strong><em>nh\u1eefng ph\u1ee5 ki\u1ec7n dji Osmo Action\u00a0<\/em><\/strong>ch\u1ea5t l\u01b0\u1ee3ng nh\u1ea5t m\u00e0 kh\u00f4ng c\u1ea7n lo l\u1eafng gi\u00e1 c\u1ee7a s\u1ea3n ph\u1ea9m \u1edf \u0111\u00e2u th\u00ec ph\u1ee5 ki\u1ec7n flycam gi\u00e1 t\u1ed1t ch\u00ednh l\u00e0 n\u01a1i ph\u00f9 h\u1ee3p d\u00e0nh cho b\u1ea1n. H\u00e3y \u0111\u1ebfn v\u1edbi ph\u1ee5 ki\u1ec7n fly-cam gi\u00e1 t\u1ed1t \u0111\u1ec3 c\u00f3 \u0111\u01b0\u1ee3c\u00a0<strong><em>gi\u00e1 Osmo Action<\/em><\/strong>,..c\u00f9ng v\u1edbi ch\u1ea5t l\u01b0\u1ee3ng t\u1ed1t nh\u1ea5t.<\/span><\/p>\n<p><span style=\"font-size: 18px;\">&gt;&gt; Learn More :<a href=\"https:\/\/phukienflytech.vn\/danh-muc\/phu-kien-osmo-pocket.html\"><strong> Osmo Pocket Accessories<\/strong><\/a><\/span><\/p>\n<p><span style=\"font-size: 18px;\">&gt;&gt; Contact us on: <a href=\"https:\/\/www.facebook.com\/phukienflycam\"><strong>Facebook<\/strong><\/a><\/span><\/p>\n","protected":false},"excerpt":{"rendered":"<p>MRC-UV Filter Osmo Action Filter MRC-UV Osmo Action l\u00e0 m\u1ed9t s\u1ea3n ph\u1ea9m \u0111\u00e1ng \u0111\u1ec3 b\u1ea1n th\u00eam v\u00e0o b\u1ed9 \u0111\u1ed3 ch\u01a1i c\u1ee7a m\u00ecnh. V\u00ec sao l\u1ea1i \u0111\u00e1ng \u0111\u1ec3 th\u00eam v\u00e0o b\u1ed9 s\u01b0u t\u1eadp c\u1ee7a m\u00ecnh th\u00ec b\u1ea1n h\u00e3y t\u00ecm hi\u1ec3u \u1edf d\u01b0\u1edbi \u0111\u00e2y l\u00e0 c\u00e1c l\u00fd ? &nbsp; \u00a0\u00a0 &nbsp; B\u1ea1n l\u00e0 m\u1ed9t ng\u01b0\u1eddi th\u00edch quay &#8230;<\/p>\n","protected":false},"featured_media":5528,"comment_status":"open","ping_status":"closed","template":"","meta":{"_acf_changed":false},"product_brand":[],"product_cat":[187],"product_tag":[416,372],"class_list":{"0":"post-5537","1":"product","2":"type-product","3":"status-publish","4":"has-post-thumbnail","6":"product_cat-osmo-action-accessory","7":"product_tag-filter-mrc-uv-osmo-action-en","8":"product_tag-phu-kien-osmo-action-en","10":"first","11":"instock","12":"shipping-taxable","13":"purchasable","14":"product-type-simple"},"acf":[],"yoast_head":"<!-- This site is optimized with the Yoast SEO plugin v25.7 - https:\/\/yoast.com\/wordpress\/plugins\/seo\/ -->\n<title>MRC-UV Filter Osmo Action - PGYtech - Osmo Action accessories .<\/title>\n<meta name=\"description\" content=\"MRC-UV Filter Osmo Action is one of the most important accessory. Contact us to buy MRC-UV Filter Osmo Action for best price, fast shipping.\" \/>\n<meta name=\"robots\" content=\"index, follow, max-snippet:-1, max-image-preview:large, max-video-preview:-1\" \/>\n<link rel=\"canonical\" href=\"https:\/\/phukienflytech.vn\/en\/san-pham\/mrc-uv-filter-osmo-action.html\" \/>\n<meta property=\"og:locale\" content=\"en_US\" \/>\n<meta property=\"og:type\" content=\"article\" \/>\n<meta property=\"og:title\" content=\"MRC-UV Filter Osmo Action - PGYtech - Osmo Action accessories .\" \/>\n<meta property=\"og:description\" content=\"MRC-UV Filter Osmo Action is one of the most important accessory. Contact us to buy MRC-UV Filter Osmo Action for best price, fast shipping.\" \/>\n<meta property=\"og:url\" content=\"https:\/\/phukienflytech.vn\/en\/san-pham\/mrc-uv-filter-osmo-action.html\" \/>\n<meta property=\"og:site_name\" content=\"Shop M\u00e1y \u1ea3nh - Action Camera - Gimbal - Flycam - Ph\u1ee5 ki\u1ec7n\" \/>\n<meta property=\"article:publisher\" content=\"https:\/\/facebook.com\/phukienflycam\" \/>\n<meta property=\"article:modified_time\" content=\"2021-02-02T04:41:58+00:00\" \/>\n<meta property=\"og:image\" content=\"https:\/\/phukienflytech.vn\/wp-content\/uploads\/2020\/05\/300x300_filter-osmo-action-camera-dji-chinh-hang-phu-kien-filter-mcuv-pgytech_-_Copy_2.jpg\" \/>\n\t<meta property=\"og:image:width\" content=\"300\" \/>\n\t<meta property=\"og:image:height\" content=\"300\" \/>\n\t<meta property=\"og:image:type\" content=\"image\/jpeg\" \/>\n<meta name=\"twitter:card\" content=\"summary_large_image\" \/>\n<meta name=\"twitter:label1\" content=\"Est. reading time\" \/>\n\t<meta name=\"twitter:data1\" content=\"2 minutes\" \/>\n<script type=\"application\/ld+json\" class=\"yoast-schema-graph\">{\"@context\":\"https:\/\/schema.org\",\"@graph\":[{\"@type\":\"WebPage\",\"@id\":\"https:\/\/phukienflytech.vn\/en\/san-pham\/mrc-uv-filter-osmo-action.html\",\"url\":\"https:\/\/phukienflytech.vn\/en\/san-pham\/mrc-uv-filter-osmo-action.html\",\"name\":\"MRC-UV Filter Osmo Action - PGYtech - Osmo Action accessories .\",\"isPartOf\":{\"@id\":\"https:\/\/phukienflytech.vn\/#website\"},\"primaryImageOfPage\":{\"@id\":\"https:\/\/phukienflytech.vn\/en\/san-pham\/mrc-uv-filter-osmo-action.html#primaryimage\"},\"image\":{\"@id\":\"https:\/\/phukienflytech.vn\/en\/san-pham\/mrc-uv-filter-osmo-action.html#primaryimage\"},\"thumbnailUrl\":\"https:\/\/phukienflytech.vn\/wp-content\/uploads\/2020\/05\/300x300_filter-osmo-action-camera-dji-chinh-hang-phu-kien-filter-mcuv-pgytech_-_Copy_2.jpg\",\"datePublished\":\"2020-06-20T04:39:39+00:00\",\"dateModified\":\"2021-02-02T04:41:58+00:00\",\"description\":\"MRC-UV Filter Osmo Action is one of the most important accessory. Contact us to buy MRC-UV Filter Osmo Action for best price, fast shipping.\",\"breadcrumb\":{\"@id\":\"https:\/\/phukienflytech.vn\/en\/san-pham\/mrc-uv-filter-osmo-action.html#breadcrumb\"},\"inLanguage\":\"en-US\",\"potentialAction\":[{\"@type\":\"ReadAction\",\"target\":[\"https:\/\/phukienflytech.vn\/en\/san-pham\/mrc-uv-filter-osmo-action.html\"]}]},{\"@type\":\"ImageObject\",\"inLanguage\":\"en-US\",\"@id\":\"https:\/\/phukienflytech.vn\/en\/san-pham\/mrc-uv-filter-osmo-action.html#primaryimage\",\"url\":\"https:\/\/phukienflytech.vn\/wp-content\/uploads\/2020\/05\/300x300_filter-osmo-action-camera-dji-chinh-hang-phu-kien-filter-mcuv-pgytech_-_Copy_2.jpg\",\"contentUrl\":\"https:\/\/phukienflytech.vn\/wp-content\/uploads\/2020\/05\/300x300_filter-osmo-action-camera-dji-chinh-hang-phu-kien-filter-mcuv-pgytech_-_Copy_2.jpg\",\"width\":300,\"height\":300},{\"@type\":\"BreadcrumbList\",\"@id\":\"https:\/\/phukienflytech.vn\/en\/san-pham\/mrc-uv-filter-osmo-action.html#breadcrumb\",\"itemListElement\":[{\"@type\":\"ListItem\",\"position\":1,\"name\":\"Home\",\"item\":\"https:\/\/phukienflytech.vn\/en\"},{\"@type\":\"ListItem\",\"position\":2,\"name\":\"Ph\u1ee5 ki\u1ec7n Mavic Pro\",\"item\":\"https:\/\/phukienflytech.vn\/en\/phu-kien-mavic-pro.html\"},{\"@type\":\"ListItem\",\"position\":3,\"name\":\"DJI Osmo &amp; Drone's accessories\",\"item\":\"https:\/\/phukienflytech.vn\/en\/danh-muc\/dji-osmo-drones-accessories.html\"},{\"@type\":\"ListItem\",\"position\":4,\"name\":\"Osmo Action accessory\",\"item\":\"https:\/\/phukienflytech.vn\/en\/danh-muc\/osmo-action-accessory.html\"},{\"@type\":\"ListItem\",\"position\":5,\"name\":\"MRC-UV Filter Osmo Action &#8211; PGYtech\"}]},{\"@type\":\"WebSite\",\"@id\":\"https:\/\/phukienflytech.vn\/#website\",\"url\":\"https:\/\/phukienflytech.vn\/\",\"name\":\"Shop M\u00e1y \u1ea3nh - Action Camera - Gimbal - Flycam - Ph\u1ee5 ki\u1ec7n\",\"description\":\"Shop M\u00e1y \u1ea3nh - Action Camera - Gimbal - Flycam - Ph\u1ee5 ki\u1ec7n\",\"publisher\":{\"@id\":\"https:\/\/phukienflytech.vn\/#organization\"},\"potentialAction\":[{\"@type\":\"SearchAction\",\"target\":{\"@type\":\"EntryPoint\",\"urlTemplate\":\"https:\/\/phukienflytech.vn\/?s={search_term_string}\"},\"query-input\":{\"@type\":\"PropertyValueSpecification\",\"valueRequired\":true,\"valueName\":\"search_term_string\"}}],\"inLanguage\":\"en-US\"},{\"@type\":\"Organization\",\"@id\":\"https:\/\/phukienflytech.vn\/#organization\",\"name\":\"DJI Store - Shop Drone, Action camera, Gimbal DJI |Phukienflytech\",\"alternateName\":\"DJI Store - Shop Drone, Action camera, Gimbal DJI |Phukienflytech\",\"url\":\"https:\/\/phukienflytech.vn\/\",\"logo\":{\"@type\":\"ImageObject\",\"inLanguage\":\"en-US\",\"@id\":\"https:\/\/phukienflytech.vn\/#\/schema\/logo\/image\/\",\"url\":\"https:\/\/phukienflytech.vn\/wp-content\/uploads\/2020\/05\/hAnh_nan.jpg1_.jpg\",\"contentUrl\":\"https:\/\/phukienflytech.vn\/wp-content\/uploads\/2020\/05\/hAnh_nan.jpg1_.jpg\",\"width\":800,\"height\":450,\"caption\":\"DJI Store - Shop Drone, Action camera, Gimbal DJI |Phukienflytech\"},\"image\":{\"@id\":\"https:\/\/phukienflytech.vn\/#\/schema\/logo\/image\/\"},\"sameAs\":[\"https:\/\/facebook.com\/phukienflycam\",\"https:\/\/www.youtube.com\/@phukienflytech\",\"https:\/\/www.tiktok.com\/@flytech.channel?fbclid=IwY2xjawGjg7BleHRuA2FlbQIxMAABHYVGmlXpuSMs0UB2zTpYvyT4GMVfN2qJa4urF4vkSQ6FAVBwXZtDP30qQA_aem_UwMiDcUvlEbd2tXAmsc8Og\"]}]}<\/script>\n<!-- \/ Yoast SEO plugin. -->","yoast_head_json":{"title":"MRC-UV Filter Osmo Action - PGYtech - Osmo Action accessories .","description":"MRC-UV Filter Osmo Action is one of the most important accessory. Contact us to buy MRC-UV Filter Osmo Action for best price, fast shipping.","robots":{"index":"index","follow":"follow","max-snippet":"max-snippet:-1","max-image-preview":"max-image-preview:large","max-video-preview":"max-video-preview:-1"},"canonical":"https:\/\/phukienflytech.vn\/en\/san-pham\/mrc-uv-filter-osmo-action.html","og_locale":"en_US","og_type":"article","og_title":"MRC-UV Filter Osmo Action - PGYtech - Osmo Action accessories .","og_description":"MRC-UV Filter Osmo Action is one of the most important accessory. Contact us to buy MRC-UV Filter Osmo Action for best price, fast shipping.","og_url":"https:\/\/phukienflytech.vn\/en\/san-pham\/mrc-uv-filter-osmo-action.html","og_site_name":"Shop M\u00e1y \u1ea3nh - Action Camera - Gimbal - Flycam - Ph\u1ee5 ki\u1ec7n","article_publisher":"https:\/\/facebook.com\/phukienflycam","article_modified_time":"2021-02-02T04:41:58+00:00","og_image":[{"width":300,"height":300,"url":"https:\/\/phukienflytech.vn\/wp-content\/uploads\/2020\/05\/300x300_filter-osmo-action-camera-dji-chinh-hang-phu-kien-filter-mcuv-pgytech_-_Copy_2.jpg","type":"image\/jpeg"}],"twitter_card":"summary_large_image","twitter_misc":{"Est. reading time":"2 minutes"},"schema":{"@context":"https:\/\/schema.org","@graph":[{"@type":"WebPage","@id":"https:\/\/phukienflytech.vn\/en\/san-pham\/mrc-uv-filter-osmo-action.html","url":"https:\/\/phukienflytech.vn\/en\/san-pham\/mrc-uv-filter-osmo-action.html","name":"MRC-UV Filter Osmo Action - PGYtech - Osmo Action accessories .","isPartOf":{"@id":"https:\/\/phukienflytech.vn\/#website"},"primaryImageOfPage":{"@id":"https:\/\/phukienflytech.vn\/en\/san-pham\/mrc-uv-filter-osmo-action.html#primaryimage"},"image":{"@id":"https:\/\/phukienflytech.vn\/en\/san-pham\/mrc-uv-filter-osmo-action.html#primaryimage"},"thumbnailUrl":"https:\/\/phukienflytech.vn\/wp-content\/uploads\/2020\/05\/300x300_filter-osmo-action-camera-dji-chinh-hang-phu-kien-filter-mcuv-pgytech_-_Copy_2.jpg","datePublished":"2020-06-20T04:39:39+00:00","dateModified":"2021-02-02T04:41:58+00:00","description":"MRC-UV Filter Osmo Action is one of the most important accessory. Contact us to buy MRC-UV Filter Osmo Action for best price, fast shipping.","breadcrumb":{"@id":"https:\/\/phukienflytech.vn\/en\/san-pham\/mrc-uv-filter-osmo-action.html#breadcrumb"},"inLanguage":"en-US","potentialAction":[{"@type":"ReadAction","target":["https:\/\/phukienflytech.vn\/en\/san-pham\/mrc-uv-filter-osmo-action.html"]}]},{"@type":"ImageObject","inLanguage":"en-US","@id":"https:\/\/phukienflytech.vn\/en\/san-pham\/mrc-uv-filter-osmo-action.html#primaryimage","url":"https:\/\/phukienflytech.vn\/wp-content\/uploads\/2020\/05\/300x300_filter-osmo-action-camera-dji-chinh-hang-phu-kien-filter-mcuv-pgytech_-_Copy_2.jpg","contentUrl":"https:\/\/phukienflytech.vn\/wp-content\/uploads\/2020\/05\/300x300_filter-osmo-action-camera-dji-chinh-hang-phu-kien-filter-mcuv-pgytech_-_Copy_2.jpg","width":300,"height":300},{"@type":"BreadcrumbList","@id":"https:\/\/phukienflytech.vn\/en\/san-pham\/mrc-uv-filter-osmo-action.html#breadcrumb","itemListElement":[{"@type":"ListItem","position":1,"name":"Home","item":"https:\/\/phukienflytech.vn\/en"},{"@type":"ListItem","position":2,"name":"Ph\u1ee5 ki\u1ec7n Mavic Pro","item":"https:\/\/phukienflytech.vn\/en\/phu-kien-mavic-pro.html"},{"@type":"ListItem","position":3,"name":"DJI Osmo &amp; Drone's accessories","item":"https:\/\/phukienflytech.vn\/en\/danh-muc\/dji-osmo-drones-accessories.html"},{"@type":"ListItem","position":4,"name":"Osmo Action accessory","item":"https:\/\/phukienflytech.vn\/en\/danh-muc\/osmo-action-accessory.html"},{"@type":"ListItem","position":5,"name":"MRC-UV Filter Osmo Action &#8211; PGYtech"}]},{"@type":"WebSite","@id":"https:\/\/phukienflytech.vn\/#website","url":"https:\/\/phukienflytech.vn\/","name":"Shop M\u00e1y \u1ea3nh - Action Camera - Gimbal - Flycam - Ph\u1ee5 ki\u1ec7n","description":"Shop M\u00e1y \u1ea3nh - Action Camera - Gimbal - Flycam - Ph\u1ee5 ki\u1ec7n","publisher":{"@id":"https:\/\/phukienflytech.vn\/#organization"},"potentialAction":[{"@type":"SearchAction","target":{"@type":"EntryPoint","urlTemplate":"https:\/\/phukienflytech.vn\/?s={search_term_string}"},"query-input":{"@type":"PropertyValueSpecification","valueRequired":true,"valueName":"search_term_string"}}],"inLanguage":"en-US"},{"@type":"Organization","@id":"https:\/\/phukienflytech.vn\/#organization","name":"DJI Store - Shop Drone, Action camera, Gimbal DJI |Phukienflytech","alternateName":"DJI Store - Shop Drone, Action camera, Gimbal DJI |Phukienflytech","url":"https:\/\/phukienflytech.vn\/","logo":{"@type":"ImageObject","inLanguage":"en-US","@id":"https:\/\/phukienflytech.vn\/#\/schema\/logo\/image\/","url":"https:\/\/phukienflytech.vn\/wp-content\/uploads\/2020\/05\/hAnh_nan.jpg1_.jpg","contentUrl":"https:\/\/phukienflytech.vn\/wp-content\/uploads\/2020\/05\/hAnh_nan.jpg1_.jpg","width":800,"height":450,"caption":"DJI Store - Shop Drone, Action camera, Gimbal DJI |Phukienflytech"},"image":{"@id":"https:\/\/phukienflytech.vn\/#\/schema\/logo\/image\/"},"sameAs":["https:\/\/facebook.com\/phukienflycam","https:\/\/www.youtube.com\/@phukienflytech","https:\/\/www.tiktok.com\/@flytech.channel?fbclid=IwY2xjawGjg7BleHRuA2FlbQIxMAABHYVGmlXpuSMs0UB2zTpYvyT4GMVfN2qJa4urF4vkSQ6FAVBwXZtDP30qQA_aem_UwMiDcUvlEbd2tXAmsc8Og"]}]}},"_links":{"self":[{"href":"https:\/\/phukienflytech.vn\/en\/wp-json\/wp\/v2\/product\/5537","targetHints":{"allow":["GET"]}}],"collection":[{"href":"https:\/\/phukienflytech.vn\/en\/wp-json\/wp\/v2\/product"}],"about":[{"href":"https:\/\/phukienflytech.vn\/en\/wp-json\/wp\/v2\/types\/product"}],"replies":[{"embeddable":true,"href":"https:\/\/phukienflytech.vn\/en\/wp-json\/wp\/v2\/comments?post=5537"}],"wp:featuredmedia":[{"embeddable":true,"href":"https:\/\/phukienflytech.vn\/en\/wp-json\/wp\/v2\/media\/5528"}],"wp:attachment":[{"href":"https:\/\/phukienflytech.vn\/en\/wp-json\/wp\/v2\/media?parent=5537"}],"wp:term":[{"taxonomy":"product_brand","embeddable":true,"href":"https:\/\/phukienflytech.vn\/en\/wp-json\/wp\/v2\/product_brand?post=5537"},{"taxonomy":"product_cat","embeddable":true,"href":"https:\/\/phukienflytech.vn\/en\/wp-json\/wp\/v2\/product_cat?post=5537"},{"taxonomy":"product_tag","embeddable":true,"href":"https:\/\/phukienflytech.vn\/en\/wp-json\/wp\/v2\/product_tag?post=5537"}],"curies":[{"name":"wp","href":"https:\/\/api.w.org\/{rel}","templated":true}]}}