{"id":5567,"date":"2020-06-20T16:16:29","date_gmt":"2020-06-20T09:16:29","guid":{"rendered":"http:\/\/27430.lamdx.vinawebsite.vn\/san-pham\/filter-mrc-cpl-osmo-action-professional-pgytech-2.html"},"modified":"2021-01-14T10:01:37","modified_gmt":"2021-01-14T03:01:37","slug":"mrc-cpl-filter-osmo-action","status":"publish","type":"product","link":"https:\/\/phukienflytech.vn\/en\/san-pham\/mrc-cpl-filter-osmo-action.html","title":{"rendered":"MRC-CPL Filter Osmo Action &#8211; PGYtech"},"content":{"rendered":"<p><span style=\"color: #0000ff;\"><em><strong><span style=\"font-size: 21px;\">MRC-CPL Filter Osmo Action<\/span><\/strong><\/em><\/span><\/p>\n<p><span style=\"font-size: 18px;\">MRC-CPL Filter Osmo Action<\/span><\/p>\n<p><span style=\"font-size: 18px;\">B\u1ea1n l\u00e0 m\u1ed9t ng\u01b0\u1eddi th\u00edch quay film, ch\u1ee5p \u1ea3nh? B\u1ea1n lu\u00f4n mong mu\u1ed1n thu \u0111\u01b0\u1ee3c nh\u1eefng s\u1ea3n ph\u1ea9m c\u00f3 ch\u1ea5t l\u01b0\u1ee3ng t\u00f4t nh\u1ea5t m\u00e0 kh\u00f4ng b\u1ecb \u1ea3nh h\u01b0\u1edfng b\u1edfi nh\u1eefng \u00e1nh s\u00e1ng kh\u00f4ng c\u1ea7n thi\u1ebft, filter lens ch\u00ednh l\u00e0 ph\u1ee5 ki\u1ec7n m\u00e0 b\u1ea1n c\u1ea7n.<\/span><\/p>\n<p>&nbsp;<\/p>\n<p><span style=\"font-size: 18px;\"><img loading=\"lazy\" decoding=\"async\" class=\"alignnone size-medium wp-image-11001\" src=\"https:\/\/phukienflytech.vn\/wp-content\/uploads\/2020\/06\/filter-mrc-cpl-osmo-action-professional-pgytech-5554-4-1-400x400.jpg\" alt=\"\" width=\"400\" height=\"400\" srcset=\"https:\/\/phukienflytech.vn\/wp-content\/uploads\/2020\/06\/filter-mrc-cpl-osmo-action-professional-pgytech-5554-4-1-400x400.jpg 400w, https:\/\/phukienflytech.vn\/wp-content\/uploads\/2020\/06\/filter-mrc-cpl-osmo-action-professional-pgytech-5554-4-1-280x280.jpg 280w, https:\/\/phukienflytech.vn\/wp-content\/uploads\/2020\/06\/filter-mrc-cpl-osmo-action-professional-pgytech-5554-4-1-768x768.jpg 768w, https:\/\/phukienflytech.vn\/wp-content\/uploads\/2020\/06\/filter-mrc-cpl-osmo-action-professional-pgytech-5554-4-1.jpg 800w, https:\/\/phukienflytech.vn\/wp-content\/uploads\/2020\/06\/filter-mrc-cpl-osmo-action-professional-pgytech-5554-4-1-300x300.jpg 300w, https:\/\/phukienflytech.vn\/wp-content\/uploads\/2020\/06\/filter-mrc-cpl-osmo-action-professional-pgytech-5554-4-1-600x600.jpg 600w, https:\/\/phukienflytech.vn\/wp-content\/uploads\/2020\/06\/filter-mrc-cpl-osmo-action-professional-pgytech-5554-4-1-100x100.jpg 100w\" sizes=\"auto, (max-width: 400px) 100vw, 400px\" \/><\/span><\/p>\n<p>&nbsp;<\/p>\n<p><span style=\"font-size: 18px;\">Lu\u00f4n n\u1eb1m trong top danh s\u00e1ch nh\u1eefng\u00a0<strong><em>ph\u1ee5 ki\u1ec7n DJI Osmo Action\u00a0c\u1ea7n thi\u1ebft<\/em><\/strong>\u00a0cho c\u00e1c pilot ch\u00ednh v\u00ec v\u1eady hi\u1ec7n nay c\u00f3 kh\u00e1 nhi\u1ec1u filter b\u1ea1n c\u00f3 th\u1ec3 l\u1ef1a ch\u1ecdn.\u00a0<strong><em>Lens filter MRC-CPL Osmo Action<\/em><em>\u00a0<\/em><\/strong>c\u0169ng n\u1eb1m trong s\u1ed1 \u0111\u00f3.<\/span><\/p>\n<p>&nbsp;<\/p>\n<p><span style=\"font-size: 18px;\"><img loading=\"lazy\" decoding=\"async\" class=\"alignnone size-medium wp-image-10993\" src=\"https:\/\/phukienflytech.vn\/wp-content\/uploads\/2020\/06\/filter-mrc-cpl-osmo-action-professional-pgytech-5554-1-1-600x400.jpg\" alt=\"\" width=\"600\" height=\"400\" srcset=\"https:\/\/phukienflytech.vn\/wp-content\/uploads\/2020\/06\/filter-mrc-cpl-osmo-action-professional-pgytech-5554-1-1-600x400.jpg 600w, https:\/\/phukienflytech.vn\/wp-content\/uploads\/2020\/06\/filter-mrc-cpl-osmo-action-professional-pgytech-5554-1-1.jpg 753w\" sizes=\"auto, (max-width: 600px) 100vw, 600px\" \/><\/span><\/p>\n<p>&nbsp;<\/p>\n<p><span style=\"font-size: 18px;\">\u0110\u01b0\u1ee3c h\u00e3ng\u00a0<strong><em>PGYTECH<\/em><\/strong>\u00a0s\u1ea3n xu\u1ea5t t\u1ea1i \u0110\u1ee9c v\u1edbi ch\u1ea5t li\u1ec7u schott cao c\u1ea5p \u0111\u1ea3m b\u1ea3o c\u00f3 th\u1ec3 \u0111\u00e1p \u1ee9ng \u0111\u01b0\u1ee3c nh\u1eefng y\u00eau c\u1ea7u kh\u1eaft khe c\u1ee7a ng\u01b0\u1eddi d\u00f9ng kh\u00f3 t\u00ednh nh\u1ea5t.<\/span><\/p>\n<h2><span style=\"color: #0000ff; font-size: 21px;\"><em><strong>Chi ti\u1ebft c\u1ee7a lens MRC-CPL Filter Osmo Action<\/strong><\/em><\/span><\/h2>\n<p><span style=\"font-size: 18px;\"><strong><em>B\u1ed9 l\u1ecdc CPL<\/em><\/strong>\u00a0hay c\u00f2n \u0111\u01b0\u1ee3c g\u1ecdi l\u00e0 b\u1ed9 l\u1ecdc ph\u00e2n c\u1ef1c tr\u00f2n, ch\u1ee7 y\u1ebfu \u0111\u01b0\u1ee3c s\u1eed d\u1ee5ng \u0111\u1ec3 lo\u1ea1i b\u1ecf nh\u1eefng \u00e1nh s\u00e1ng ph\u1ea3n x\u1ea1 phi kim lo\u1ea1i c\u00f3 h\u1ea1i v\u00e0 t\u0103ng n\u1ed3ng \u0111\u1ed9 m\u00e0u cho b\u1ee9c \u1ea3nh. N\u00f3 c\u0169ng l\u00e0m cho b\u1ea7u tr\u1eddi xanh h\u01a1n, m\u00e2y r\u00f5 h\u01a1n, l\u00e0m b\u1ee9c \u1ea3nh c\u00f3 chi\u1ec1u s\u00e2u h\u01a1n khi ch\u1ee5p. C\u1ea3i thi\u1ec7n r\u00f5 t\u1ed5ng th\u1ec3 cho nh\u1eefng th\u01b0\u1edbc film, b\u1ee9c \u1ea3nh s\u1ed1ng \u0111\u1ed9ng r\u00f5 n\u00e9t h\u01a1n<\/span><\/p>\n<p>&nbsp;<\/p>\n<p><span style=\"font-size: 18px;\"><img loading=\"lazy\" decoding=\"async\" class=\"alignnone wp-image-10997 size-medium\" src=\"https:\/\/phukienflytech.vn\/wp-content\/uploads\/2020\/06\/filter-mrc-cpl-osmo-action-professional-pgytech-5554-2-1-485x400.jpg\" alt=\"MRC-CPL-Filter-Osmo-Action-2\" width=\"485\" height=\"400\" srcset=\"https:\/\/phukienflytech.vn\/wp-content\/uploads\/2020\/06\/filter-mrc-cpl-osmo-action-professional-pgytech-5554-2-1-485x400.jpg 485w, https:\/\/phukienflytech.vn\/wp-content\/uploads\/2020\/06\/filter-mrc-cpl-osmo-action-professional-pgytech-5554-2-1.jpg 591w\" sizes=\"auto, (max-width: 485px) 100vw, 485px\" \/><\/span><\/p>\n<p>&nbsp;<\/p>\n<p><span style=\"font-size: 18px;\">K\u00ednh l\u1ecdc CPL c\u00f3 hi\u1ec7u qu\u1ea3 nh\u1ea5t khi h\u01b0\u1edbng ch\u1ee5p vu\u00f4ng g\u00f3c v\u1edbi m\u1eb7t tr\u1eddi, ph\u00f9 h\u1ee3p c\u00e1c c\u1ea3nh quay n\u01a1i c\u00f3 m\u1eb7t n\u01b0\u1edbc ph\u1ea3n chi\u1ebfu nh\u01b0 bi\u1ec3n, h\u1ed3, th\u00e1c n\u01b0\u1edbc. K\u00ednh l\u1ecdc CPL gi\u00fap h\u1ea1n ch\u1ebf t\u1ed1i da c\u00e1c tia ph\u1ea3n s\u00e1ng d\u1eabn t\u1edbi l\u00f3a h\u00ecnh \u0111\u1ed3ng th\u1eddi ph\u01a1i s\u00e1ng m\u1ed9t c\u00e1ch t\u1ef1 nhi\u00ean nh\u1ea5t, c\u0169ng g\u00f3p ph\u1ea7n gi\u1ea3m ch\u00e1y \u1ea3nh tr\u01b0\u1edbc \u00e1nh s\u00e1ng m\u1ea1nh.<\/span><\/p>\n<p>&nbsp;<\/p>\n<h3><span style=\"font-size: 18px;\"><img loading=\"lazy\" decoding=\"async\" class=\"alignnone wp-image-10999 size-medium\" src=\"https:\/\/phukienflytech.vn\/wp-content\/uploads\/2020\/06\/filter-mrc-cpl-osmo-action-professional-pgytech-5554-3-1-630x400.jpg\" alt=\"MRC-CPL-Filter-Osmo-Action-1\" width=\"630\" height=\"400\" srcset=\"https:\/\/phukienflytech.vn\/wp-content\/uploads\/2020\/06\/filter-mrc-cpl-osmo-action-professional-pgytech-5554-3-1-630x400.jpg 630w, https:\/\/phukienflytech.vn\/wp-content\/uploads\/2020\/06\/filter-mrc-cpl-osmo-action-professional-pgytech-5554-3-1-768x488.jpg 768w, https:\/\/phukienflytech.vn\/wp-content\/uploads\/2020\/06\/filter-mrc-cpl-osmo-action-professional-pgytech-5554-3-1-600x381.jpg 600w, https:\/\/phukienflytech.vn\/wp-content\/uploads\/2020\/06\/filter-mrc-cpl-osmo-action-professional-pgytech-5554-3-1.jpg 1000w\" sizes=\"auto, (max-width: 630px) 100vw, 630px\" \/><\/span><\/h3>\n<p>&nbsp;<\/p>\n<p><span style=\"font-size: 18px;\">V\u1edbi thi\u1ebft k\u1ebf hi\u1ec7n \u0111\u1ea1i tinh t\u1ebf, b\u1ea1n c\u00f3 th\u1ec3 ho\u00e0n to\u00e0n d\u1ec5 d\u00e0ng th\u00e1o l\u1eafp v\u00e0 s\u1eed d\u1ee5ng lens filter MRC-CPL.<\/span><\/p>\n<p><span style=\"font-size: 18px;\"><em>Mua ph\u1ee5 ki\u1ec7n Osmo Action \u1edf \u0111\u00e2u?<\/em><\/span><\/p>\n<p><span style=\"font-size: 18px;\">N\u1ebfu b\u1ea1n v\u1eabn \u0111ang ph\u00e2n v\u00e2n kh\u00f4ng bi\u1ebft c\u00f3 th\u1ec3 t\u00ecm mua \u0111\u01b0\u1ee3c\u00a0<strong><em>nh\u1eefng ph\u1ee5 ki\u1ec7n dji Osmo Action\u00a0<\/em><\/strong>ch\u1ea5t l\u01b0\u1ee3ng nh\u1ea5t m\u00e0 kh\u00f4ng c\u1ea7n lo l\u1eafng gi\u00e1 c\u1ee7a s\u1ea3n ph\u1ea9m \u1edf \u0111\u00e2u th\u00ec ph\u1ee5 ki\u1ec7n flycam gi\u00e1 t\u1ed1t ch\u00ednh l\u00e0 n\u01a1i ph\u00f9 h\u1ee3p d\u00e0nh cho b\u1ea1n. H\u00e3y \u0111\u1ebfn v\u1edbi ph\u1ee5 ki\u1ec7n fly-cam gi\u00e1 t\u1ed1t \u0111\u1ec3 c\u00f3 \u0111\u01b0\u1ee3c\u00a0<strong><em>gi\u00e1 Osmo Action<\/em><\/strong>..c\u00f9ng v\u1edbi ch\u1ea5t l\u01b0\u1ee3ng t\u1ed1t nh\u1ea5t.<\/span><\/p>\n<p>&nbsp;<\/p>\n<p><span style=\"font-size: 18px;\"><img loading=\"lazy\" decoding=\"async\" class=\"alignnone wp-image-11001 size-medium\" src=\"https:\/\/phukienflytech.vn\/wp-content\/uploads\/2020\/06\/filter-mrc-cpl-osmo-action-professional-pgytech-5554-4-1-400x400.jpg\" alt=\"MRC-CPL-Filter-Osmo-Action\" width=\"400\" height=\"400\" srcset=\"https:\/\/phukienflytech.vn\/wp-content\/uploads\/2020\/06\/filter-mrc-cpl-osmo-action-professional-pgytech-5554-4-1-400x400.jpg 400w, https:\/\/phukienflytech.vn\/wp-content\/uploads\/2020\/06\/filter-mrc-cpl-osmo-action-professional-pgytech-5554-4-1-280x280.jpg 280w, https:\/\/phukienflytech.vn\/wp-content\/uploads\/2020\/06\/filter-mrc-cpl-osmo-action-professional-pgytech-5554-4-1-768x768.jpg 768w, https:\/\/phukienflytech.vn\/wp-content\/uploads\/2020\/06\/filter-mrc-cpl-osmo-action-professional-pgytech-5554-4-1.jpg 800w, https:\/\/phukienflytech.vn\/wp-content\/uploads\/2020\/06\/filter-mrc-cpl-osmo-action-professional-pgytech-5554-4-1-300x300.jpg 300w, https:\/\/phukienflytech.vn\/wp-content\/uploads\/2020\/06\/filter-mrc-cpl-osmo-action-professional-pgytech-5554-4-1-600x600.jpg 600w, https:\/\/phukienflytech.vn\/wp-content\/uploads\/2020\/06\/filter-mrc-cpl-osmo-action-professional-pgytech-5554-4-1-100x100.jpg 100w\" sizes=\"auto, (max-width: 400px) 100vw, 400px\" \/><\/span><\/p>\n<p>&nbsp;<\/p>\n<p><span style=\"font-size: 18px;\">&gt;&gt; Learn More :<a href=\"https:\/\/phukienflytech.vn\/danh-muc\/phu-kien-osmo-pocket.html\"><strong> Osmo Pocket Accessories<\/strong><\/a><\/span><\/p>\n<p><span style=\"font-size: 18px;\">&gt;&gt; Contact us on: <a href=\"https:\/\/www.facebook.com\/phukienflycam\"><strong>Facebook<\/strong><\/a><\/span><\/p>\n","protected":false},"excerpt":{"rendered":"<p>MRC-CPL Filter Osmo Action MRC-CPL Filter Osmo Action B\u1ea1n l\u00e0 m\u1ed9t ng\u01b0\u1eddi th\u00edch quay film, ch\u1ee5p \u1ea3nh? B\u1ea1n lu\u00f4n mong mu\u1ed1n thu \u0111\u01b0\u1ee3c nh\u1eefng s\u1ea3n ph\u1ea9m c\u00f3 ch\u1ea5t l\u01b0\u1ee3ng t\u00f4t nh\u1ea5t m\u00e0 kh\u00f4ng b\u1ecb \u1ea3nh h\u01b0\u1edfng b\u1edfi nh\u1eefng \u00e1nh s\u00e1ng kh\u00f4ng c\u1ea7n thi\u1ebft, filter lens ch\u00ednh l\u00e0 ph\u1ee5 ki\u1ec7n m\u00e0 b\u1ea1n c\u1ea7n. &nbsp; &nbsp; Lu\u00f4n &#8230;<\/p>\n","protected":false},"featured_media":5556,"comment_status":"open","ping_status":"closed","template":"","meta":{"_acf_changed":false},"product_brand":[],"product_cat":[187],"product_tag":[439,372],"class_list":{"0":"post-5567","1":"product","2":"type-product","3":"status-publish","4":"has-post-thumbnail","6":"product_cat-osmo-action-accessory","7":"product_tag-filter-mrc-cpl-osmo-action-en","8":"product_tag-phu-kien-osmo-action-en","10":"first","11":"instock","12":"shipping-taxable","13":"purchasable","14":"product-type-simple"},"acf":[],"yoast_head":"<!-- This site is optimized with the Yoast SEO plugin v25.7 - https:\/\/yoast.com\/wordpress\/plugins\/seo\/ -->\n<title>MRC-CPL Filter Osmo Action - PGYtech - Osmo Action accessories.<\/title>\n<meta name=\"description\" content=\"MRC-CPL Filter Osmo Action is one of the most important accessory. Contact us to buy MRC-CPL Filter Osmo Action for best price, fast shipping\" \/>\n<meta name=\"robots\" content=\"index, follow, max-snippet:-1, max-image-preview:large, max-video-preview:-1\" \/>\n<link rel=\"canonical\" href=\"https:\/\/phukienflytech.vn\/en\/san-pham\/mrc-cpl-filter-osmo-action.html\" \/>\n<meta property=\"og:locale\" content=\"en_US\" \/>\n<meta property=\"og:type\" content=\"article\" \/>\n<meta property=\"og:title\" content=\"MRC-CPL Filter Osmo Action - PGYtech - Osmo Action accessories.\" \/>\n<meta property=\"og:description\" content=\"MRC-CPL Filter Osmo Action is one of the most important accessory. Contact us to buy MRC-CPL Filter Osmo Action for best price, fast shipping\" \/>\n<meta property=\"og:url\" content=\"https:\/\/phukienflytech.vn\/en\/san-pham\/mrc-cpl-filter-osmo-action.html\" \/>\n<meta property=\"og:site_name\" content=\"Shop M\u00e1y \u1ea3nh - Action Camera - Gimbal - Flycam - Ph\u1ee5 ki\u1ec7n\" \/>\n<meta property=\"article:publisher\" content=\"https:\/\/facebook.com\/phukienflycam\" \/>\n<meta property=\"article:modified_time\" content=\"2021-01-14T03:01:37+00:00\" \/>\n<meta property=\"og:image\" content=\"https:\/\/phukienflytech.vn\/wp-content\/uploads\/2020\/06\/300x300_filter-cpl-dji-osmo-aciton-phu-kien-chinh-hang-12_-_Copy_2.jpg\" \/>\n\t<meta property=\"og:image:width\" content=\"300\" \/>\n\t<meta property=\"og:image:height\" content=\"300\" \/>\n\t<meta property=\"og:image:type\" content=\"image\/jpeg\" \/>\n<meta name=\"twitter:card\" content=\"summary_large_image\" \/>\n<meta name=\"twitter:label1\" content=\"Est. reading time\" \/>\n\t<meta name=\"twitter:data1\" content=\"3 minutes\" \/>\n<script type=\"application\/ld+json\" class=\"yoast-schema-graph\">{\"@context\":\"https:\/\/schema.org\",\"@graph\":[{\"@type\":\"WebPage\",\"@id\":\"https:\/\/phukienflytech.vn\/en\/san-pham\/mrc-cpl-filter-osmo-action.html\",\"url\":\"https:\/\/phukienflytech.vn\/en\/san-pham\/mrc-cpl-filter-osmo-action.html\",\"name\":\"MRC-CPL Filter Osmo Action - PGYtech - Osmo Action accessories.\",\"isPartOf\":{\"@id\":\"https:\/\/phukienflytech.vn\/#website\"},\"primaryImageOfPage\":{\"@id\":\"https:\/\/phukienflytech.vn\/en\/san-pham\/mrc-cpl-filter-osmo-action.html#primaryimage\"},\"image\":{\"@id\":\"https:\/\/phukienflytech.vn\/en\/san-pham\/mrc-cpl-filter-osmo-action.html#primaryimage\"},\"thumbnailUrl\":\"https:\/\/phukienflytech.vn\/wp-content\/uploads\/2020\/06\/300x300_filter-cpl-dji-osmo-aciton-phu-kien-chinh-hang-12_-_Copy_2.jpg\",\"datePublished\":\"2020-06-20T09:16:29+00:00\",\"dateModified\":\"2021-01-14T03:01:37+00:00\",\"description\":\"MRC-CPL Filter Osmo Action is one of the most important accessory. Contact us to buy MRC-CPL Filter Osmo Action for best price, fast shipping\",\"breadcrumb\":{\"@id\":\"https:\/\/phukienflytech.vn\/en\/san-pham\/mrc-cpl-filter-osmo-action.html#breadcrumb\"},\"inLanguage\":\"en-US\",\"potentialAction\":[{\"@type\":\"ReadAction\",\"target\":[\"https:\/\/phukienflytech.vn\/en\/san-pham\/mrc-cpl-filter-osmo-action.html\"]}]},{\"@type\":\"ImageObject\",\"inLanguage\":\"en-US\",\"@id\":\"https:\/\/phukienflytech.vn\/en\/san-pham\/mrc-cpl-filter-osmo-action.html#primaryimage\",\"url\":\"https:\/\/phukienflytech.vn\/wp-content\/uploads\/2020\/06\/300x300_filter-cpl-dji-osmo-aciton-phu-kien-chinh-hang-12_-_Copy_2.jpg\",\"contentUrl\":\"https:\/\/phukienflytech.vn\/wp-content\/uploads\/2020\/06\/300x300_filter-cpl-dji-osmo-aciton-phu-kien-chinh-hang-12_-_Copy_2.jpg\",\"width\":300,\"height\":300},{\"@type\":\"BreadcrumbList\",\"@id\":\"https:\/\/phukienflytech.vn\/en\/san-pham\/mrc-cpl-filter-osmo-action.html#breadcrumb\",\"itemListElement\":[{\"@type\":\"ListItem\",\"position\":1,\"name\":\"Home\",\"item\":\"https:\/\/phukienflytech.vn\/en\"},{\"@type\":\"ListItem\",\"position\":2,\"name\":\"Ph\u1ee5 ki\u1ec7n Mavic Pro\",\"item\":\"https:\/\/phukienflytech.vn\/en\/phu-kien-mavic-pro.html\"},{\"@type\":\"ListItem\",\"position\":3,\"name\":\"DJI Osmo &amp; Drone's accessories\",\"item\":\"https:\/\/phukienflytech.vn\/en\/danh-muc\/dji-osmo-drones-accessories.html\"},{\"@type\":\"ListItem\",\"position\":4,\"name\":\"Osmo Action accessory\",\"item\":\"https:\/\/phukienflytech.vn\/en\/danh-muc\/osmo-action-accessory.html\"},{\"@type\":\"ListItem\",\"position\":5,\"name\":\"MRC-CPL Filter Osmo Action &#8211; PGYtech\"}]},{\"@type\":\"WebSite\",\"@id\":\"https:\/\/phukienflytech.vn\/#website\",\"url\":\"https:\/\/phukienflytech.vn\/\",\"name\":\"Shop M\u00e1y \u1ea3nh - Action Camera - Gimbal - Flycam - Ph\u1ee5 ki\u1ec7n\",\"description\":\"Shop M\u00e1y \u1ea3nh - Action Camera - Gimbal - Flycam - Ph\u1ee5 ki\u1ec7n\",\"publisher\":{\"@id\":\"https:\/\/phukienflytech.vn\/#organization\"},\"potentialAction\":[{\"@type\":\"SearchAction\",\"target\":{\"@type\":\"EntryPoint\",\"urlTemplate\":\"https:\/\/phukienflytech.vn\/?s={search_term_string}\"},\"query-input\":{\"@type\":\"PropertyValueSpecification\",\"valueRequired\":true,\"valueName\":\"search_term_string\"}}],\"inLanguage\":\"en-US\"},{\"@type\":\"Organization\",\"@id\":\"https:\/\/phukienflytech.vn\/#organization\",\"name\":\"DJI Store - Shop Drone, Action camera, Gimbal DJI |Phukienflytech\",\"alternateName\":\"DJI Store - Shop Drone, Action camera, Gimbal DJI |Phukienflytech\",\"url\":\"https:\/\/phukienflytech.vn\/\",\"logo\":{\"@type\":\"ImageObject\",\"inLanguage\":\"en-US\",\"@id\":\"https:\/\/phukienflytech.vn\/#\/schema\/logo\/image\/\",\"url\":\"https:\/\/phukienflytech.vn\/wp-content\/uploads\/2020\/05\/hAnh_nan.jpg1_.jpg\",\"contentUrl\":\"https:\/\/phukienflytech.vn\/wp-content\/uploads\/2020\/05\/hAnh_nan.jpg1_.jpg\",\"width\":800,\"height\":450,\"caption\":\"DJI Store - Shop Drone, Action camera, Gimbal DJI |Phukienflytech\"},\"image\":{\"@id\":\"https:\/\/phukienflytech.vn\/#\/schema\/logo\/image\/\"},\"sameAs\":[\"https:\/\/facebook.com\/phukienflycam\",\"https:\/\/www.youtube.com\/@phukienflytech\",\"https:\/\/www.tiktok.com\/@flytech.channel?fbclid=IwY2xjawGjg7BleHRuA2FlbQIxMAABHYVGmlXpuSMs0UB2zTpYvyT4GMVfN2qJa4urF4vkSQ6FAVBwXZtDP30qQA_aem_UwMiDcUvlEbd2tXAmsc8Og\"]}]}<\/script>\n<!-- \/ Yoast SEO plugin. -->","yoast_head_json":{"title":"MRC-CPL Filter Osmo Action - PGYtech - Osmo Action accessories.","description":"MRC-CPL Filter Osmo Action is one of the most important accessory. Contact us to buy MRC-CPL Filter Osmo Action for best price, fast shipping","robots":{"index":"index","follow":"follow","max-snippet":"max-snippet:-1","max-image-preview":"max-image-preview:large","max-video-preview":"max-video-preview:-1"},"canonical":"https:\/\/phukienflytech.vn\/en\/san-pham\/mrc-cpl-filter-osmo-action.html","og_locale":"en_US","og_type":"article","og_title":"MRC-CPL Filter Osmo Action - PGYtech - Osmo Action accessories.","og_description":"MRC-CPL Filter Osmo Action is one of the most important accessory. Contact us to buy MRC-CPL Filter Osmo Action for best price, fast shipping","og_url":"https:\/\/phukienflytech.vn\/en\/san-pham\/mrc-cpl-filter-osmo-action.html","og_site_name":"Shop M\u00e1y \u1ea3nh - Action Camera - Gimbal - Flycam - Ph\u1ee5 ki\u1ec7n","article_publisher":"https:\/\/facebook.com\/phukienflycam","article_modified_time":"2021-01-14T03:01:37+00:00","og_image":[{"width":300,"height":300,"url":"https:\/\/phukienflytech.vn\/wp-content\/uploads\/2020\/06\/300x300_filter-cpl-dji-osmo-aciton-phu-kien-chinh-hang-12_-_Copy_2.jpg","type":"image\/jpeg"}],"twitter_card":"summary_large_image","twitter_misc":{"Est. reading time":"3 minutes"},"schema":{"@context":"https:\/\/schema.org","@graph":[{"@type":"WebPage","@id":"https:\/\/phukienflytech.vn\/en\/san-pham\/mrc-cpl-filter-osmo-action.html","url":"https:\/\/phukienflytech.vn\/en\/san-pham\/mrc-cpl-filter-osmo-action.html","name":"MRC-CPL Filter Osmo Action - PGYtech - Osmo Action accessories.","isPartOf":{"@id":"https:\/\/phukienflytech.vn\/#website"},"primaryImageOfPage":{"@id":"https:\/\/phukienflytech.vn\/en\/san-pham\/mrc-cpl-filter-osmo-action.html#primaryimage"},"image":{"@id":"https:\/\/phukienflytech.vn\/en\/san-pham\/mrc-cpl-filter-osmo-action.html#primaryimage"},"thumbnailUrl":"https:\/\/phukienflytech.vn\/wp-content\/uploads\/2020\/06\/300x300_filter-cpl-dji-osmo-aciton-phu-kien-chinh-hang-12_-_Copy_2.jpg","datePublished":"2020-06-20T09:16:29+00:00","dateModified":"2021-01-14T03:01:37+00:00","description":"MRC-CPL Filter Osmo Action is one of the most important accessory. Contact us to buy MRC-CPL Filter Osmo Action for best price, fast shipping","breadcrumb":{"@id":"https:\/\/phukienflytech.vn\/en\/san-pham\/mrc-cpl-filter-osmo-action.html#breadcrumb"},"inLanguage":"en-US","potentialAction":[{"@type":"ReadAction","target":["https:\/\/phukienflytech.vn\/en\/san-pham\/mrc-cpl-filter-osmo-action.html"]}]},{"@type":"ImageObject","inLanguage":"en-US","@id":"https:\/\/phukienflytech.vn\/en\/san-pham\/mrc-cpl-filter-osmo-action.html#primaryimage","url":"https:\/\/phukienflytech.vn\/wp-content\/uploads\/2020\/06\/300x300_filter-cpl-dji-osmo-aciton-phu-kien-chinh-hang-12_-_Copy_2.jpg","contentUrl":"https:\/\/phukienflytech.vn\/wp-content\/uploads\/2020\/06\/300x300_filter-cpl-dji-osmo-aciton-phu-kien-chinh-hang-12_-_Copy_2.jpg","width":300,"height":300},{"@type":"BreadcrumbList","@id":"https:\/\/phukienflytech.vn\/en\/san-pham\/mrc-cpl-filter-osmo-action.html#breadcrumb","itemListElement":[{"@type":"ListItem","position":1,"name":"Home","item":"https:\/\/phukienflytech.vn\/en"},{"@type":"ListItem","position":2,"name":"Ph\u1ee5 ki\u1ec7n Mavic Pro","item":"https:\/\/phukienflytech.vn\/en\/phu-kien-mavic-pro.html"},{"@type":"ListItem","position":3,"name":"DJI Osmo &amp; Drone's accessories","item":"https:\/\/phukienflytech.vn\/en\/danh-muc\/dji-osmo-drones-accessories.html"},{"@type":"ListItem","position":4,"name":"Osmo Action accessory","item":"https:\/\/phukienflytech.vn\/en\/danh-muc\/osmo-action-accessory.html"},{"@type":"ListItem","position":5,"name":"MRC-CPL Filter Osmo Action &#8211; PGYtech"}]},{"@type":"WebSite","@id":"https:\/\/phukienflytech.vn\/#website","url":"https:\/\/phukienflytech.vn\/","name":"Shop M\u00e1y \u1ea3nh - Action Camera - Gimbal - Flycam - Ph\u1ee5 ki\u1ec7n","description":"Shop M\u00e1y \u1ea3nh - Action Camera - Gimbal - Flycam - Ph\u1ee5 ki\u1ec7n","publisher":{"@id":"https:\/\/phukienflytech.vn\/#organization"},"potentialAction":[{"@type":"SearchAction","target":{"@type":"EntryPoint","urlTemplate":"https:\/\/phukienflytech.vn\/?s={search_term_string}"},"query-input":{"@type":"PropertyValueSpecification","valueRequired":true,"valueName":"search_term_string"}}],"inLanguage":"en-US"},{"@type":"Organization","@id":"https:\/\/phukienflytech.vn\/#organization","name":"DJI Store - Shop Drone, Action camera, Gimbal DJI |Phukienflytech","alternateName":"DJI Store - Shop Drone, Action camera, Gimbal DJI |Phukienflytech","url":"https:\/\/phukienflytech.vn\/","logo":{"@type":"ImageObject","inLanguage":"en-US","@id":"https:\/\/phukienflytech.vn\/#\/schema\/logo\/image\/","url":"https:\/\/phukienflytech.vn\/wp-content\/uploads\/2020\/05\/hAnh_nan.jpg1_.jpg","contentUrl":"https:\/\/phukienflytech.vn\/wp-content\/uploads\/2020\/05\/hAnh_nan.jpg1_.jpg","width":800,"height":450,"caption":"DJI Store - Shop Drone, Action camera, Gimbal DJI |Phukienflytech"},"image":{"@id":"https:\/\/phukienflytech.vn\/#\/schema\/logo\/image\/"},"sameAs":["https:\/\/facebook.com\/phukienflycam","https:\/\/www.youtube.com\/@phukienflytech","https:\/\/www.tiktok.com\/@flytech.channel?fbclid=IwY2xjawGjg7BleHRuA2FlbQIxMAABHYVGmlXpuSMs0UB2zTpYvyT4GMVfN2qJa4urF4vkSQ6FAVBwXZtDP30qQA_aem_UwMiDcUvlEbd2tXAmsc8Og"]}]}},"_links":{"self":[{"href":"https:\/\/phukienflytech.vn\/en\/wp-json\/wp\/v2\/product\/5567","targetHints":{"allow":["GET"]}}],"collection":[{"href":"https:\/\/phukienflytech.vn\/en\/wp-json\/wp\/v2\/product"}],"about":[{"href":"https:\/\/phukienflytech.vn\/en\/wp-json\/wp\/v2\/types\/product"}],"replies":[{"embeddable":true,"href":"https:\/\/phukienflytech.vn\/en\/wp-json\/wp\/v2\/comments?post=5567"}],"wp:featuredmedia":[{"embeddable":true,"href":"https:\/\/phukienflytech.vn\/en\/wp-json\/wp\/v2\/media\/5556"}],"wp:attachment":[{"href":"https:\/\/phukienflytech.vn\/en\/wp-json\/wp\/v2\/media?parent=5567"}],"wp:term":[{"taxonomy":"product_brand","embeddable":true,"href":"https:\/\/phukienflytech.vn\/en\/wp-json\/wp\/v2\/product_brand?post=5567"},{"taxonomy":"product_cat","embeddable":true,"href":"https:\/\/phukienflytech.vn\/en\/wp-json\/wp\/v2\/product_cat?post=5567"},{"taxonomy":"product_tag","embeddable":true,"href":"https:\/\/phukienflytech.vn\/en\/wp-json\/wp\/v2\/product_tag?post=5567"}],"curies":[{"name":"wp","href":"https:\/\/api.w.org\/{rel}","templated":true}]}}