{"id":5583,"date":"2020-06-20T16:23:31","date_gmt":"2020-06-20T09:23:31","guid":{"rendered":"http:\/\/27430.lamdx.vinawebsite.vn\/san-pham\/bo-4-filter-nd-osmo-action-professional-pgytech.html"},"modified":"2021-01-14T10:01:34","modified_gmt":"2021-01-14T03:01:34","slug":"nd-set-filter-osmo-action","status":"publish","type":"product","link":"https:\/\/phukienflytech.vn\/en\/san-pham\/nd-set-filter-osmo-action.html","title":{"rendered":"ND set filter Osmo Action &#8211; PGYtech"},"content":{"rendered":"<h2><span style=\"color: #0000ff;\"><em><strong><span style=\"font-size: 21px;\">ND set filter Osmo Action<\/span><\/strong><\/em><\/span><\/h2>\n<p><span style=\"font-size: 18px;\">ND set filter Osmo Action<\/span><\/p>\n<p><span style=\"font-size: 18px;\"><strong><em>Filter<\/em><\/strong>\u00a0lu\u00f4n l\u00e0 m\u1ed9t trong nh\u1eefng\u00a0<strong><em>ph\u1ee5 ki\u1ec7n DJI Osmo Action c\u1ea7n thi\u1ebft<\/em><\/strong>\u00a0v\u00e0 \u0111\u01b0\u1ee3c ng\u01b0\u1eddi d\u00f9ng quan t\u00e2m \u0111\u1eb7c bi\u1ec7t m\u1ed7i khi quay film c\u0169ng nh\u01b0 ch\u1ee5p \u1ea3nh. \u0110\u1ec3 \u0111\u00e1p \u1ee9ng l\u1ea1i nhu c\u1ea7u c\u1ee7a ng\u01b0\u1eddi ti\u00eau d\u00f9ng ch\u00fang t\u00f4i xin gi\u1edbi thi\u1ec7u b\u1ed9\u00a0<strong><em>Combo 4 lens filter ND Osmo Action professional \u2013 PGYTECH<\/em><\/strong>\u00a0\u0111\u1ec3 cho ng\u01b0\u1eddi d\u00f9ng c\u00f3 th\u1ec3 d\u1ec5 d\u00e0ng l\u1ef1a ch\u1ecdn.<\/span><\/p>\n<p><span style=\"font-size: 18px;\">\u00a0<\/span><\/p>\n<p><span style=\"font-size: 18px;\"> <img loading=\"lazy\" decoding=\"async\" class=\"alignnone size-medium wp-image-10982\" src=\"https:\/\/phukienflytech.vn\/wp-content\/uploads\/2020\/06\/bo-4-filter-nd-osmo-action-professional-pgytech-5568-6-600x400.jpg\" alt=\"\" width=\"600\" height=\"400\" srcset=\"https:\/\/phukienflytech.vn\/wp-content\/uploads\/2020\/06\/bo-4-filter-nd-osmo-action-professional-pgytech-5568-6-600x400.jpg 600w, https:\/\/phukienflytech.vn\/wp-content\/uploads\/2020\/06\/bo-4-filter-nd-osmo-action-professional-pgytech-5568-6.jpg 753w\" sizes=\"auto, (max-width: 600px) 100vw, 600px\" \/> \u00a0 <\/span><\/p>\n<p><span style=\"font-size: 18px;\">\u00a0\u00a0<\/span><\/p>\n<p><span style=\"font-size: 18px;\">B\u1ed9 s\u1ea3n ph\u1ea9m <strong>B\u1ed9 filter ND Osmo Action<\/strong>\u00a0g\u1ed3m:<\/span><\/p>\n<p>&nbsp;<\/p>\n<p><span style=\"font-size: 18px;\"><img loading=\"lazy\" decoding=\"async\" class=\"alignnone size-medium wp-image-10985\" src=\"https:\/\/phukienflytech.vn\/wp-content\/uploads\/2020\/06\/bo-4-filter-nd-osmo-action-professional-pgytech-5568-1-1-400x400.jpg\" alt=\"\" width=\"400\" height=\"400\" srcset=\"https:\/\/phukienflytech.vn\/wp-content\/uploads\/2020\/06\/bo-4-filter-nd-osmo-action-professional-pgytech-5568-1-1-400x400.jpg 400w, https:\/\/phukienflytech.vn\/wp-content\/uploads\/2020\/06\/bo-4-filter-nd-osmo-action-professional-pgytech-5568-1-1-280x280.jpg 280w, https:\/\/phukienflytech.vn\/wp-content\/uploads\/2020\/06\/bo-4-filter-nd-osmo-action-professional-pgytech-5568-1-1-768x768.jpg 768w, https:\/\/phukienflytech.vn\/wp-content\/uploads\/2020\/06\/bo-4-filter-nd-osmo-action-professional-pgytech-5568-1-1-800x800.jpg 800w, https:\/\/phukienflytech.vn\/wp-content\/uploads\/2020\/06\/bo-4-filter-nd-osmo-action-professional-pgytech-5568-1-1-300x300.jpg 300w, https:\/\/phukienflytech.vn\/wp-content\/uploads\/2020\/06\/bo-4-filter-nd-osmo-action-professional-pgytech-5568-1-1-600x600.jpg 600w, https:\/\/phukienflytech.vn\/wp-content\/uploads\/2020\/06\/bo-4-filter-nd-osmo-action-professional-pgytech-5568-1-1-100x100.jpg 100w, https:\/\/phukienflytech.vn\/wp-content\/uploads\/2020\/06\/bo-4-filter-nd-osmo-action-professional-pgytech-5568-1-1.jpg 996w\" sizes=\"auto, (max-width: 400px) 100vw, 400px\" \/><\/span><\/p>\n<p>&nbsp;<\/p>\n<p><span style=\"font-size: 18px;\">Filter ND 8, 16, 32, 64<\/span><\/p>\n<p><span style=\"font-size: 18px;\">H\u1ed9p \u0111\u1ef1ng filter<\/span><\/p>\n<p>&nbsp;<\/p>\n<p><span style=\"font-size: 18px;\"> <img loading=\"lazy\" decoding=\"async\" class=\"alignnone wp-image-10987\" src=\"https:\/\/phukienflytech.vn\/wp-content\/uploads\/2020\/06\/bo-4-filter-nd-osmo-action-professional-pgytech-5568-2-1.jpg\" alt=\"\" width=\"443\" height=\"356\" \/><\/span><\/p>\n<p>&nbsp;<\/p>\n<h2><span style=\"color: #0000ff; font-size: 21px;\"><em><strong>C\u00f4ng d\u1ee5ng c\u1ee7a ND set filter Osmo Action:<\/strong><\/em><\/span><\/h2>\n<p><span style=\"font-size: 18px;\"><strong><em>Filter ND<\/em><\/strong>\u00a0hay c\u00f2n \u0111\u01b0\u1ee3c g\u1ecdi l\u00e0 b\u1ed9 l\u1ecdc gi\u1ea3m \u00e1nh s\u00e1ng, b\u1ed9 l\u1ecdc m\u1eadt \u0111\u1ed9 trung t\u00ednh gi\u00fap gi\u1ea3m l\u01b0\u1ee3ng \u00e1nh s\u00e1ng trong \u0111i\u1ec1u ki\u1ec7n r\u1ea5t s\u00e1ng, \u0111\u1ec3 m\u00e1y \u1ea3nh c\u00f3 th\u1ec3 ch\u1ecdn gi\u00e1 tr\u1ecb ph\u01a1i s\u00e1ng ch\u00ednh x\u00e1c v\u00e0 tr\u00e1nh ph\u01a1i s\u00e1ng qu\u00e1 m\u1ee9c. N\u00f3 c\u0169ng gi\u00fap c\u1ea3i thi\u1ec7n \u0111\u1ed9 b\u00e3o h\u00f2a c\u1ee7a h\u00ednh \u1ea3nh l\u00e0m cho h\u00ednh \u1ea3nh trong su\u1ed1t v\u00e0 s\u1ed1ng \u0111\u1ed9ng h\u01a1n.<\/span><\/p>\n<p>&nbsp;<\/p>\n<p><span style=\"font-size: 18px;\"> <img loading=\"lazy\" decoding=\"async\" class=\"alignnone wp-image-10989 size-medium\" src=\"https:\/\/phukienflytech.vn\/wp-content\/uploads\/2020\/06\/bo-4-filter-nd-osmo-action-professional-pgytech-5568-3-1-533x400.jpg\" alt=\"ND-set-filter-Osmo-Action-2\" width=\"533\" height=\"400\" srcset=\"https:\/\/phukienflytech.vn\/wp-content\/uploads\/2020\/06\/bo-4-filter-nd-osmo-action-professional-pgytech-5568-3-1-533x400.jpg 533w, https:\/\/phukienflytech.vn\/wp-content\/uploads\/2020\/06\/bo-4-filter-nd-osmo-action-professional-pgytech-5568-3-1-768x576.jpg 768w, https:\/\/phukienflytech.vn\/wp-content\/uploads\/2020\/06\/bo-4-filter-nd-osmo-action-professional-pgytech-5568-3-1-600x450.jpg 600w, https:\/\/phukienflytech.vn\/wp-content\/uploads\/2020\/06\/bo-4-filter-nd-osmo-action-professional-pgytech-5568-3-1.jpg 960w\" sizes=\"auto, (max-width: 533px) 100vw, 533px\" \/><\/span><\/p>\n<p>&nbsp;<\/p>\n<p><span style=\"font-size: 18px;\">Filter MRC \u2013 ND4 ph\u00f9 h\u1ee3p bay th\u1eddi ti\u1ebft tr\u01b0\u1edbc 10h s\u00e1ng v\u00e0 sau 4h chi\u1ec3u khi \u00e1nh s\u00e1ng m\u1eb7t tr\u1eddi d\u1ecbu h\u01a1n. Khi bay \u1edf khung gi\u1edd 10h-4h chi\u1ec1u : t\u00f9y v\u00e0o c\u01b0\u1eddng \u0111\u1ed9 s\u00e1ng v\u00e0 m\u1ee5c \u0111\u00edch ph\u01a1i s\u00e1ng ta s\u1eed d\u1ee5ng : ND8, ND16. ND32. ND64 \u0111\u1ec3 t\u1ea1o ra nh\u1eefng b\u1ee9c h\u00ecnh \u01b0ng \u00fd nh\u1ea5t.<\/span><\/p>\n<p>&nbsp;<\/p>\n<p><span style=\"font-size: 18px;\"> <img loading=\"lazy\" decoding=\"async\" class=\"alignnone wp-image-10991\" src=\"https:\/\/phukienflytech.vn\/wp-content\/uploads\/2020\/06\/bo-4-filter-nd-osmo-action-professional-pgytech-5568-4-1-800x313.jpg\" alt=\"ND-set-filter-Osmo-Action-1\" width=\"609\" height=\"238\" srcset=\"https:\/\/phukienflytech.vn\/wp-content\/uploads\/2020\/06\/bo-4-filter-nd-osmo-action-professional-pgytech-5568-4-1-800x313.jpg 800w, https:\/\/phukienflytech.vn\/wp-content\/uploads\/2020\/06\/bo-4-filter-nd-osmo-action-professional-pgytech-5568-4-1-768x301.jpg 768w, https:\/\/phukienflytech.vn\/wp-content\/uploads\/2020\/06\/bo-4-filter-nd-osmo-action-professional-pgytech-5568-4-1-600x235.jpg 600w, https:\/\/phukienflytech.vn\/wp-content\/uploads\/2020\/06\/bo-4-filter-nd-osmo-action-professional-pgytech-5568-4-1.jpg 983w\" sizes=\"auto, (max-width: 609px) 100vw, 609px\" \/><\/span><\/p>\n<p>&nbsp;<\/p>\n<p><span style=\"font-size: 18px;\">B\u1ea1n c\u0169ng c\u00f3 th\u1ec3 s\u1eed d\u1ee5ng t\u1ed1c \u0111\u1ed9 m\u00e0n ch\u1eadp \u0111\u1ec3 ch\u1ee5p m\u1ed9t s\u1ed1 hi\u1ec7u \u1ee9ng \u0111\u1eb7c bi\u1ec7t, ch\u1eb3ng h\u1ea1n nh\u01b0 s\u01b0\u01a1ng n\u01b0\u1edbc, v\u1ec7t s\u00e1ng v\u00e0o ban \u0111\u00eam,\u2026<\/span><\/p>\n<p><span style=\"font-size: 18px;\">H\u00ecnh \u1ea3nh : Th\u01b0\u1eddng (tr\u00e1i) &#8211; Filter HD-ND8(ph\u1ea3i) \u0111\u01b0\u1ee3c ch\u1ee5p v\u00e0o l\u00fac 4h30 chi\u1ec1u<\/span><\/p>\n<p><span style=\"font-size: 18px;\">\u0110\u1eb7c bi\u1ec7t,\u00a0<strong><em>filter lens ND Osmo Action<\/em><\/strong>\u00a0<strong><em>chuy\u00ean nghi\u1ec7p<\/em><\/strong>\u00a0\u0111\u01b0\u1ee3c h\u00e3ng\u00a0<strong><em>PGYTECH<\/em><\/strong>\u00a0s\u1eed d\u1ee5ng k\u00ednh SCHOTT c\u1ee7a \u0110\u1ee9c l\u00e0m v\u1eadt li\u1ec7u c\u01a1 b\u1ea3n, tr\u1ea3i qua nhi\u1ec1u quy tr\u00ecnh m\u00e0i d\u0169a, \u0111\u00e1nh b\u00f3ng v\u1edbi c\u00f4ng ngh\u1ec7 ph\u1ee7 nhi\u1ec1u l\u1edbp IAD \u0111\u1ec3 \u0111\u1ea1t hi\u1ec7u su\u1ea5t cao nh\u1ea5t c\u0169ng nh\u01b0 \u0111\u1ea3m b\u1ea3o cho lens c\u00f3 ch\u1ea5t l\u01b0\u1ee3ng \u0111\u1ed9 n\u00e9t cao n\u00ean b\u1ea1n c\u00f3 th\u1ec3 ho\u00e0n to\u00e0n y\u00ean t\u00e2m v\u1ec1 ch\u1ea5t l\u01b0\u1ee3ng s\u1ea3n ph\u1ea9m..<\/span><\/p>\n<p>&nbsp;<\/p>\n<p><span style=\"font-size: 18px;\"><img loading=\"lazy\" decoding=\"async\" class=\"alignnone wp-image-10995 size-medium\" src=\"https:\/\/phukienflytech.vn\/wp-content\/uploads\/2020\/06\/bo-4-filter-nd-osmo-action-professional-pgytech-5568-5-1-630x400.jpg\" alt=\"ND-set-filter-Osmo-Action\" width=\"630\" height=\"400\" srcset=\"https:\/\/phukienflytech.vn\/wp-content\/uploads\/2020\/06\/bo-4-filter-nd-osmo-action-professional-pgytech-5568-5-1-630x400.jpg 630w, https:\/\/phukienflytech.vn\/wp-content\/uploads\/2020\/06\/bo-4-filter-nd-osmo-action-professional-pgytech-5568-5-1-768x488.jpg 768w, https:\/\/phukienflytech.vn\/wp-content\/uploads\/2020\/06\/bo-4-filter-nd-osmo-action-professional-pgytech-5568-5-1-600x381.jpg 600w, https:\/\/phukienflytech.vn\/wp-content\/uploads\/2020\/06\/bo-4-filter-nd-osmo-action-professional-pgytech-5568-5-1.jpg 1000w\" sizes=\"auto, (max-width: 630px) 100vw, 630px\" \/><\/span><\/p>\n<p>&nbsp;<\/p>\n<h2><span style=\"color: #0000ff; font-size: 21px;\"><em><strong>Mua ph\u1ee5 ki\u1ec7n Osmo Action \u1edf \u0111\u00e2u?<\/strong><\/em><\/span><\/h2>\n<p><span style=\"font-size: 18px;\">N\u1ebfu b\u1ea1n v\u1eabn \u0111ang ph\u00e2n v\u00e2n kh\u00f4ng bi\u1ebft c\u00f3 th\u1ec3 t\u00ecm mua \u0111\u01b0\u1ee3c\u00a0<strong><em>nh\u1eefng ph\u1ee5 ki\u1ec7n dji Osmo Action pro\u00a0<\/em><\/strong>ch\u1ea5t l\u01b0\u1ee3ng nh\u1ea5t m\u00e0 kh\u00f4ng c\u1ea7n lo l\u1eafng gi\u00e1 c\u1ee7a s\u1ea3n ph\u1ea9m \u1edf \u0111\u00e2u th\u00ec ph\u1ee5 ki\u1ec7n flycam gi\u00e1 t\u1ed1t ch\u00ednh l\u00e0 n\u01a1i ph\u00f9 h\u1ee3p d\u00e0nh cho b\u1ea1n. H\u00e3y \u0111\u1ebfn v\u1edbi ph\u1ee5 ki\u1ec7n fly-cam gi\u00e1 t\u1ed1t \u0111\u1ec3 c\u00f3 \u0111\u01b0\u1ee3c\u00a0<strong><em>gi\u00e1 Osmo Action<\/em><\/strong>,\u00a0<strong><em>gi\u00e1 Osmo Action<\/em><\/strong>,..c\u00f9ng v\u1edbi ch\u1ea5t l\u01b0\u1ee3ng t\u1ed1t nh\u1ea5t.<\/span><\/p>\n<p><span style=\"font-size: 18px;\">&gt;&gt; Learn More :<a href=\"https:\/\/phukienflytech.vn\/danh-muc\/phu-kien-osmo-pocket.html\"><strong> Osmo Pocket Accessories<\/strong><\/a><\/span><\/p>\n<p><span style=\"font-size: 18px;\">&gt;&gt; Contact us on: <a href=\"https:\/\/www.facebook.com\/phukienflycam\"><strong>Facebook<\/strong><\/a><\/span><\/p>\n","protected":false},"excerpt":{"rendered":"<p>ND set filter Osmo Action ND set filter Osmo Action Filter\u00a0lu\u00f4n l\u00e0 m\u1ed9t trong nh\u1eefng\u00a0ph\u1ee5 ki\u1ec7n DJI Osmo Action c\u1ea7n thi\u1ebft\u00a0v\u00e0 \u0111\u01b0\u1ee3c ng\u01b0\u1eddi d\u00f9ng quan t\u00e2m \u0111\u1eb7c bi\u1ec7t m\u1ed7i khi quay film c\u0169ng nh\u01b0 ch\u1ee5p \u1ea3nh. \u0110\u1ec3 \u0111\u00e1p \u1ee9ng l\u1ea1i nhu c\u1ea7u c\u1ee7a ng\u01b0\u1eddi ti\u00eau d\u00f9ng ch\u00fang t\u00f4i xin gi\u1edbi thi\u1ec7u b\u1ed9\u00a0Combo 4 lens filter &#8230;<\/p>\n","protected":false},"featured_media":5570,"comment_status":"open","ping_status":"closed","template":"","meta":{"_acf_changed":false},"product_brand":[],"product_cat":[187],"product_tag":[441,372],"class_list":{"0":"post-5583","1":"product","2":"type-product","3":"status-publish","4":"has-post-thumbnail","6":"product_cat-osmo-action-accessory","7":"product_tag-bo-filter-nd-osmo-action-en","8":"product_tag-phu-kien-osmo-action-en","10":"first","11":"instock","12":"shipping-taxable","13":"purchasable","14":"product-type-simple"},"acf":[],"yoast_head":"<!-- This site is optimized with the Yoast SEO plugin v25.7 - https:\/\/yoast.com\/wordpress\/plugins\/seo\/ -->\n<title>ND set filter Osmo Action - PGYtech - Osmo Aciton accessories - available.<\/title>\n<meta name=\"description\" content=\"ND set filter Osmo Action is one of the most important accessory. Contact us to buy ND set filter Osmo Action for best price, fast shipping.\" \/>\n<meta name=\"robots\" content=\"index, follow, max-snippet:-1, max-image-preview:large, max-video-preview:-1\" \/>\n<link rel=\"canonical\" href=\"https:\/\/phukienflytech.vn\/en\/san-pham\/nd-set-filter-osmo-action.html\" \/>\n<meta property=\"og:locale\" content=\"en_US\" \/>\n<meta property=\"og:type\" content=\"article\" \/>\n<meta property=\"og:title\" content=\"ND set filter Osmo Action - PGYtech - Osmo Aciton accessories - available.\" \/>\n<meta property=\"og:description\" content=\"ND set filter Osmo Action is one of the most important accessory. Contact us to buy ND set filter Osmo Action for best price, fast shipping.\" \/>\n<meta property=\"og:url\" content=\"https:\/\/phukienflytech.vn\/en\/san-pham\/nd-set-filter-osmo-action.html\" \/>\n<meta property=\"og:site_name\" content=\"Shop M\u00e1y \u1ea3nh - Action Camera - Gimbal - Flycam - Ph\u1ee5 ki\u1ec7n\" \/>\n<meta property=\"article:publisher\" content=\"https:\/\/facebook.com\/phukienflycam\" \/>\n<meta property=\"article:modified_time\" content=\"2021-01-14T03:01:34+00:00\" \/>\n<meta property=\"og:image\" content=\"https:\/\/phukienflytech.vn\/wp-content\/uploads\/2020\/06\/300x300_filter-osmo-action-camera-dji-chinh-hang-phu-kien-2-pgytech-1_-23_-_Copy.jpg\" \/>\n\t<meta property=\"og:image:width\" content=\"300\" \/>\n\t<meta property=\"og:image:height\" content=\"300\" \/>\n\t<meta property=\"og:image:type\" content=\"image\/jpeg\" \/>\n<meta name=\"twitter:card\" content=\"summary_large_image\" \/>\n<meta name=\"twitter:label1\" content=\"Est. reading time\" \/>\n\t<meta name=\"twitter:data1\" content=\"3 minutes\" \/>\n<script type=\"application\/ld+json\" class=\"yoast-schema-graph\">{\"@context\":\"https:\/\/schema.org\",\"@graph\":[{\"@type\":\"WebPage\",\"@id\":\"https:\/\/phukienflytech.vn\/en\/san-pham\/nd-set-filter-osmo-action.html\",\"url\":\"https:\/\/phukienflytech.vn\/en\/san-pham\/nd-set-filter-osmo-action.html\",\"name\":\"ND set filter Osmo Action - PGYtech - Osmo Aciton accessories - available.\",\"isPartOf\":{\"@id\":\"https:\/\/phukienflytech.vn\/#website\"},\"primaryImageOfPage\":{\"@id\":\"https:\/\/phukienflytech.vn\/en\/san-pham\/nd-set-filter-osmo-action.html#primaryimage\"},\"image\":{\"@id\":\"https:\/\/phukienflytech.vn\/en\/san-pham\/nd-set-filter-osmo-action.html#primaryimage\"},\"thumbnailUrl\":\"https:\/\/phukienflytech.vn\/wp-content\/uploads\/2020\/06\/300x300_filter-osmo-action-camera-dji-chinh-hang-phu-kien-2-pgytech-1_-23_-_Copy.jpg\",\"datePublished\":\"2020-06-20T09:23:31+00:00\",\"dateModified\":\"2021-01-14T03:01:34+00:00\",\"description\":\"ND set filter Osmo Action is one of the most important accessory. Contact us to buy ND set filter Osmo Action for best price, fast shipping.\",\"breadcrumb\":{\"@id\":\"https:\/\/phukienflytech.vn\/en\/san-pham\/nd-set-filter-osmo-action.html#breadcrumb\"},\"inLanguage\":\"en-US\",\"potentialAction\":[{\"@type\":\"ReadAction\",\"target\":[\"https:\/\/phukienflytech.vn\/en\/san-pham\/nd-set-filter-osmo-action.html\"]}]},{\"@type\":\"ImageObject\",\"inLanguage\":\"en-US\",\"@id\":\"https:\/\/phukienflytech.vn\/en\/san-pham\/nd-set-filter-osmo-action.html#primaryimage\",\"url\":\"https:\/\/phukienflytech.vn\/wp-content\/uploads\/2020\/06\/300x300_filter-osmo-action-camera-dji-chinh-hang-phu-kien-2-pgytech-1_-23_-_Copy.jpg\",\"contentUrl\":\"https:\/\/phukienflytech.vn\/wp-content\/uploads\/2020\/06\/300x300_filter-osmo-action-camera-dji-chinh-hang-phu-kien-2-pgytech-1_-23_-_Copy.jpg\",\"width\":300,\"height\":300},{\"@type\":\"BreadcrumbList\",\"@id\":\"https:\/\/phukienflytech.vn\/en\/san-pham\/nd-set-filter-osmo-action.html#breadcrumb\",\"itemListElement\":[{\"@type\":\"ListItem\",\"position\":1,\"name\":\"Home\",\"item\":\"https:\/\/phukienflytech.vn\/en\"},{\"@type\":\"ListItem\",\"position\":2,\"name\":\"Ph\u1ee5 ki\u1ec7n Mavic Pro\",\"item\":\"https:\/\/phukienflytech.vn\/en\/phu-kien-mavic-pro.html\"},{\"@type\":\"ListItem\",\"position\":3,\"name\":\"DJI Osmo &amp; Drone's accessories\",\"item\":\"https:\/\/phukienflytech.vn\/en\/danh-muc\/dji-osmo-drones-accessories.html\"},{\"@type\":\"ListItem\",\"position\":4,\"name\":\"Osmo Action accessory\",\"item\":\"https:\/\/phukienflytech.vn\/en\/danh-muc\/osmo-action-accessory.html\"},{\"@type\":\"ListItem\",\"position\":5,\"name\":\"ND set filter Osmo Action &#8211; PGYtech\"}]},{\"@type\":\"WebSite\",\"@id\":\"https:\/\/phukienflytech.vn\/#website\",\"url\":\"https:\/\/phukienflytech.vn\/\",\"name\":\"Shop M\u00e1y \u1ea3nh - Action Camera - Gimbal - Flycam - Ph\u1ee5 ki\u1ec7n\",\"description\":\"Shop M\u00e1y \u1ea3nh - Action Camera - Gimbal - Flycam - Ph\u1ee5 ki\u1ec7n\",\"publisher\":{\"@id\":\"https:\/\/phukienflytech.vn\/#organization\"},\"potentialAction\":[{\"@type\":\"SearchAction\",\"target\":{\"@type\":\"EntryPoint\",\"urlTemplate\":\"https:\/\/phukienflytech.vn\/?s={search_term_string}\"},\"query-input\":{\"@type\":\"PropertyValueSpecification\",\"valueRequired\":true,\"valueName\":\"search_term_string\"}}],\"inLanguage\":\"en-US\"},{\"@type\":\"Organization\",\"@id\":\"https:\/\/phukienflytech.vn\/#organization\",\"name\":\"DJI Store - Shop Drone, Action camera, Gimbal DJI |Phukienflytech\",\"alternateName\":\"DJI Store - Shop Drone, Action camera, Gimbal DJI |Phukienflytech\",\"url\":\"https:\/\/phukienflytech.vn\/\",\"logo\":{\"@type\":\"ImageObject\",\"inLanguage\":\"en-US\",\"@id\":\"https:\/\/phukienflytech.vn\/#\/schema\/logo\/image\/\",\"url\":\"https:\/\/phukienflytech.vn\/wp-content\/uploads\/2020\/05\/hAnh_nan.jpg1_.jpg\",\"contentUrl\":\"https:\/\/phukienflytech.vn\/wp-content\/uploads\/2020\/05\/hAnh_nan.jpg1_.jpg\",\"width\":800,\"height\":450,\"caption\":\"DJI Store - Shop Drone, Action camera, Gimbal DJI |Phukienflytech\"},\"image\":{\"@id\":\"https:\/\/phukienflytech.vn\/#\/schema\/logo\/image\/\"},\"sameAs\":[\"https:\/\/facebook.com\/phukienflycam\",\"https:\/\/www.youtube.com\/@phukienflytech\",\"https:\/\/www.tiktok.com\/@flytech.channel?fbclid=IwY2xjawGjg7BleHRuA2FlbQIxMAABHYVGmlXpuSMs0UB2zTpYvyT4GMVfN2qJa4urF4vkSQ6FAVBwXZtDP30qQA_aem_UwMiDcUvlEbd2tXAmsc8Og\"]}]}<\/script>\n<!-- \/ Yoast SEO plugin. -->","yoast_head_json":{"title":"ND set filter Osmo Action - PGYtech - Osmo Aciton accessories - available.","description":"ND set filter Osmo Action is one of the most important accessory. Contact us to buy ND set filter Osmo Action for best price, fast shipping.","robots":{"index":"index","follow":"follow","max-snippet":"max-snippet:-1","max-image-preview":"max-image-preview:large","max-video-preview":"max-video-preview:-1"},"canonical":"https:\/\/phukienflytech.vn\/en\/san-pham\/nd-set-filter-osmo-action.html","og_locale":"en_US","og_type":"article","og_title":"ND set filter Osmo Action - PGYtech - Osmo Aciton accessories - available.","og_description":"ND set filter Osmo Action is one of the most important accessory. Contact us to buy ND set filter Osmo Action for best price, fast shipping.","og_url":"https:\/\/phukienflytech.vn\/en\/san-pham\/nd-set-filter-osmo-action.html","og_site_name":"Shop M\u00e1y \u1ea3nh - Action Camera - Gimbal - Flycam - Ph\u1ee5 ki\u1ec7n","article_publisher":"https:\/\/facebook.com\/phukienflycam","article_modified_time":"2021-01-14T03:01:34+00:00","og_image":[{"width":300,"height":300,"url":"https:\/\/phukienflytech.vn\/wp-content\/uploads\/2020\/06\/300x300_filter-osmo-action-camera-dji-chinh-hang-phu-kien-2-pgytech-1_-23_-_Copy.jpg","type":"image\/jpeg"}],"twitter_card":"summary_large_image","twitter_misc":{"Est. reading time":"3 minutes"},"schema":{"@context":"https:\/\/schema.org","@graph":[{"@type":"WebPage","@id":"https:\/\/phukienflytech.vn\/en\/san-pham\/nd-set-filter-osmo-action.html","url":"https:\/\/phukienflytech.vn\/en\/san-pham\/nd-set-filter-osmo-action.html","name":"ND set filter Osmo Action - PGYtech - Osmo Aciton accessories - available.","isPartOf":{"@id":"https:\/\/phukienflytech.vn\/#website"},"primaryImageOfPage":{"@id":"https:\/\/phukienflytech.vn\/en\/san-pham\/nd-set-filter-osmo-action.html#primaryimage"},"image":{"@id":"https:\/\/phukienflytech.vn\/en\/san-pham\/nd-set-filter-osmo-action.html#primaryimage"},"thumbnailUrl":"https:\/\/phukienflytech.vn\/wp-content\/uploads\/2020\/06\/300x300_filter-osmo-action-camera-dji-chinh-hang-phu-kien-2-pgytech-1_-23_-_Copy.jpg","datePublished":"2020-06-20T09:23:31+00:00","dateModified":"2021-01-14T03:01:34+00:00","description":"ND set filter Osmo Action is one of the most important accessory. Contact us to buy ND set filter Osmo Action for best price, fast shipping.","breadcrumb":{"@id":"https:\/\/phukienflytech.vn\/en\/san-pham\/nd-set-filter-osmo-action.html#breadcrumb"},"inLanguage":"en-US","potentialAction":[{"@type":"ReadAction","target":["https:\/\/phukienflytech.vn\/en\/san-pham\/nd-set-filter-osmo-action.html"]}]},{"@type":"ImageObject","inLanguage":"en-US","@id":"https:\/\/phukienflytech.vn\/en\/san-pham\/nd-set-filter-osmo-action.html#primaryimage","url":"https:\/\/phukienflytech.vn\/wp-content\/uploads\/2020\/06\/300x300_filter-osmo-action-camera-dji-chinh-hang-phu-kien-2-pgytech-1_-23_-_Copy.jpg","contentUrl":"https:\/\/phukienflytech.vn\/wp-content\/uploads\/2020\/06\/300x300_filter-osmo-action-camera-dji-chinh-hang-phu-kien-2-pgytech-1_-23_-_Copy.jpg","width":300,"height":300},{"@type":"BreadcrumbList","@id":"https:\/\/phukienflytech.vn\/en\/san-pham\/nd-set-filter-osmo-action.html#breadcrumb","itemListElement":[{"@type":"ListItem","position":1,"name":"Home","item":"https:\/\/phukienflytech.vn\/en"},{"@type":"ListItem","position":2,"name":"Ph\u1ee5 ki\u1ec7n Mavic Pro","item":"https:\/\/phukienflytech.vn\/en\/phu-kien-mavic-pro.html"},{"@type":"ListItem","position":3,"name":"DJI Osmo &amp; Drone's accessories","item":"https:\/\/phukienflytech.vn\/en\/danh-muc\/dji-osmo-drones-accessories.html"},{"@type":"ListItem","position":4,"name":"Osmo Action accessory","item":"https:\/\/phukienflytech.vn\/en\/danh-muc\/osmo-action-accessory.html"},{"@type":"ListItem","position":5,"name":"ND set filter Osmo Action &#8211; PGYtech"}]},{"@type":"WebSite","@id":"https:\/\/phukienflytech.vn\/#website","url":"https:\/\/phukienflytech.vn\/","name":"Shop M\u00e1y \u1ea3nh - Action Camera - Gimbal - Flycam - Ph\u1ee5 ki\u1ec7n","description":"Shop M\u00e1y \u1ea3nh - Action Camera - Gimbal - Flycam - Ph\u1ee5 ki\u1ec7n","publisher":{"@id":"https:\/\/phukienflytech.vn\/#organization"},"potentialAction":[{"@type":"SearchAction","target":{"@type":"EntryPoint","urlTemplate":"https:\/\/phukienflytech.vn\/?s={search_term_string}"},"query-input":{"@type":"PropertyValueSpecification","valueRequired":true,"valueName":"search_term_string"}}],"inLanguage":"en-US"},{"@type":"Organization","@id":"https:\/\/phukienflytech.vn\/#organization","name":"DJI Store - Shop Drone, Action camera, Gimbal DJI |Phukienflytech","alternateName":"DJI Store - Shop Drone, Action camera, Gimbal DJI |Phukienflytech","url":"https:\/\/phukienflytech.vn\/","logo":{"@type":"ImageObject","inLanguage":"en-US","@id":"https:\/\/phukienflytech.vn\/#\/schema\/logo\/image\/","url":"https:\/\/phukienflytech.vn\/wp-content\/uploads\/2020\/05\/hAnh_nan.jpg1_.jpg","contentUrl":"https:\/\/phukienflytech.vn\/wp-content\/uploads\/2020\/05\/hAnh_nan.jpg1_.jpg","width":800,"height":450,"caption":"DJI Store - Shop Drone, Action camera, Gimbal DJI |Phukienflytech"},"image":{"@id":"https:\/\/phukienflytech.vn\/#\/schema\/logo\/image\/"},"sameAs":["https:\/\/facebook.com\/phukienflycam","https:\/\/www.youtube.com\/@phukienflytech","https:\/\/www.tiktok.com\/@flytech.channel?fbclid=IwY2xjawGjg7BleHRuA2FlbQIxMAABHYVGmlXpuSMs0UB2zTpYvyT4GMVfN2qJa4urF4vkSQ6FAVBwXZtDP30qQA_aem_UwMiDcUvlEbd2tXAmsc8Og"]}]}},"_links":{"self":[{"href":"https:\/\/phukienflytech.vn\/en\/wp-json\/wp\/v2\/product\/5583","targetHints":{"allow":["GET"]}}],"collection":[{"href":"https:\/\/phukienflytech.vn\/en\/wp-json\/wp\/v2\/product"}],"about":[{"href":"https:\/\/phukienflytech.vn\/en\/wp-json\/wp\/v2\/types\/product"}],"replies":[{"embeddable":true,"href":"https:\/\/phukienflytech.vn\/en\/wp-json\/wp\/v2\/comments?post=5583"}],"wp:featuredmedia":[{"embeddable":true,"href":"https:\/\/phukienflytech.vn\/en\/wp-json\/wp\/v2\/media\/5570"}],"wp:attachment":[{"href":"https:\/\/phukienflytech.vn\/en\/wp-json\/wp\/v2\/media?parent=5583"}],"wp:term":[{"taxonomy":"product_brand","embeddable":true,"href":"https:\/\/phukienflytech.vn\/en\/wp-json\/wp\/v2\/product_brand?post=5583"},{"taxonomy":"product_cat","embeddable":true,"href":"https:\/\/phukienflytech.vn\/en\/wp-json\/wp\/v2\/product_cat?post=5583"},{"taxonomy":"product_tag","embeddable":true,"href":"https:\/\/phukienflytech.vn\/en\/wp-json\/wp\/v2\/product_tag?post=5583"}],"curies":[{"name":"wp","href":"https:\/\/api.w.org\/{rel}","templated":true}]}}