{"id":5599,"date":"2020-06-17T17:09:18","date_gmt":"2020-06-17T10:09:18","guid":{"rendered":"http:\/\/27430.lamdx.vinawebsite.vn\/san-pham\/vali-chuyen-dung-dji-mavic-2-fly-more-combo-pgytech.html"},"modified":"2021-03-27T19:32:35","modified_gmt":"2021-03-27T12:32:35","slug":"pgytech-suicase-for-mavic-2","status":"publish","type":"product","link":"https:\/\/phukienflytech.vn\/en\/san-pham\/pgytech-suicase-for-mavic-2.html","title":{"rendered":"Professional suicase for Mavic 2 &#8211; PGYtech"},"content":{"rendered":"<h2>PGYtech suicase for Mavic 2<\/h2>\n<p>&nbsp;<\/p>\n<p><span style=\"font-size: 18px;\">PGYtech suicase for Mavic 2<\/span><\/p>\n<p><span style=\"font-size: 18px;\">Ng\u00e0y nay nhu c\u1ea7u di chuy\u1ec3n, \u0111i l\u1ea1i c\u1ee7a c\u00e1c pilot ng\u00e0y c\u00e0ng nhi\u1ec1u ch\u00ednh v\u00ec v\u1eady \u0111\u1ec3 c\u00f3 th\u1ec3 b\u1ea3o qu\u1ea3n b\u1ed9 ph\u1ee5 ki\u1ec7n c\u0169ng nh\u01b0 chi\u1ebfc mavic 2 c\u1ee7a b\u1ea1n m\u1ed9t c\u00e1ch\u00a0<strong><em>chuy\u00ean nghi\u1ec7p<\/em><\/strong>\u00a0nh\u1ea5t th\u00ec\u00a0<strong><em>vali chuy\u00ean d\u1ee5ng DJI mavic 2 pro zoom<\/em><\/strong>\u00a0ch\u00ednh l\u00e0 m\u1eabu\u00a0\u00a0<strong><em>ph\u1ee5 ki\u1ec7n DJI mavic 2 pro zoom\u00a0<\/em><\/strong>c\u1ea7n thi\u1ebft, quan tr\u1ecdng h\u00e0ng \u0111\u1ea7u d\u00e0nh cho b\u1ea1n.<\/span><\/p>\n<h2><span style=\"color: #0000ff; font-size: 18px;\"><em><strong><img loading=\"lazy\" decoding=\"async\" class=\"alignnone wp-image-11815 size-medium\" src=\"https:\/\/phukienflytech.vn\/wp-content\/uploads\/2020\/06\/vali-chuyen-dung-dji-mavic-2-fly-more-combo-pgytech-5584-6-400x400.jpg\" alt=\"PGYtech-suicase-for-Mavic-2-3\" width=\"400\" height=\"400\" srcset=\"https:\/\/phukienflytech.vn\/wp-content\/uploads\/2020\/06\/vali-chuyen-dung-dji-mavic-2-fly-more-combo-pgytech-5584-6-400x400.jpg 400w, https:\/\/phukienflytech.vn\/wp-content\/uploads\/2020\/06\/vali-chuyen-dung-dji-mavic-2-fly-more-combo-pgytech-5584-6-280x280.jpg 280w, https:\/\/phukienflytech.vn\/wp-content\/uploads\/2020\/06\/vali-chuyen-dung-dji-mavic-2-fly-more-combo-pgytech-5584-6-768x768.jpg 768w, https:\/\/phukienflytech.vn\/wp-content\/uploads\/2020\/06\/vali-chuyen-dung-dji-mavic-2-fly-more-combo-pgytech-5584-6-800x800.jpg 800w, https:\/\/phukienflytech.vn\/wp-content\/uploads\/2020\/06\/vali-chuyen-dung-dji-mavic-2-fly-more-combo-pgytech-5584-6-300x300.jpg 300w, https:\/\/phukienflytech.vn\/wp-content\/uploads\/2020\/06\/vali-chuyen-dung-dji-mavic-2-fly-more-combo-pgytech-5584-6-600x600.jpg 600w, https:\/\/phukienflytech.vn\/wp-content\/uploads\/2020\/06\/vali-chuyen-dung-dji-mavic-2-fly-more-combo-pgytech-5584-6-100x100.jpg 100w, https:\/\/phukienflytech.vn\/wp-content\/uploads\/2020\/06\/vali-chuyen-dung-dji-mavic-2-fly-more-combo-pgytech-5584-6.jpg 1000w\" sizes=\"auto, (max-width: 400px) 100vw, 400px\" \/><\/strong><\/em><\/span><\/h2>\n<p>&nbsp;<\/p>\n<h2><span style=\"color: #0000ff; font-size: 18px;\"><em><strong><img loading=\"lazy\" decoding=\"async\" class=\"alignnone wp-image-11817 size-medium\" src=\"https:\/\/phukienflytech.vn\/wp-content\/uploads\/2020\/06\/vali-chuyen-dung-dji-mavic-2-fly-more-combo-pgytech-5584-1-1-400x400.jpg\" alt=\"vali-mavic-2-chong-soc\" width=\"400\" height=\"400\" srcset=\"https:\/\/phukienflytech.vn\/wp-content\/uploads\/2020\/06\/vali-chuyen-dung-dji-mavic-2-fly-more-combo-pgytech-5584-1-1-400x400.jpg 400w, https:\/\/phukienflytech.vn\/wp-content\/uploads\/2020\/06\/vali-chuyen-dung-dji-mavic-2-fly-more-combo-pgytech-5584-1-1-280x280.jpg 280w, https:\/\/phukienflytech.vn\/wp-content\/uploads\/2020\/06\/vali-chuyen-dung-dji-mavic-2-fly-more-combo-pgytech-5584-1-1-768x768.jpg 768w, https:\/\/phukienflytech.vn\/wp-content\/uploads\/2020\/06\/vali-chuyen-dung-dji-mavic-2-fly-more-combo-pgytech-5584-1-1-800x800.jpg 800w, https:\/\/phukienflytech.vn\/wp-content\/uploads\/2020\/06\/vali-chuyen-dung-dji-mavic-2-fly-more-combo-pgytech-5584-1-1-300x300.jpg 300w, https:\/\/phukienflytech.vn\/wp-content\/uploads\/2020\/06\/vali-chuyen-dung-dji-mavic-2-fly-more-combo-pgytech-5584-1-1-600x600.jpg 600w, https:\/\/phukienflytech.vn\/wp-content\/uploads\/2020\/06\/vali-chuyen-dung-dji-mavic-2-fly-more-combo-pgytech-5584-1-1-100x100.jpg 100w, https:\/\/phukienflytech.vn\/wp-content\/uploads\/2020\/06\/vali-chuyen-dung-dji-mavic-2-fly-more-combo-pgytech-5584-1-1.jpg 1000w\" sizes=\"auto, (max-width: 400px) 100vw, 400px\" \/><\/strong><\/em><\/span><\/h2>\n<p><span style=\"font-size: 18px;\">V\u1edbi thi\u1ebft k\u1ebf kh\u1ecfe kho\u1eafn, v\u00f4 c\u00f9ng ch\u1eafc ch\u1eafn c\u00f9ng v\u1edbi kh\u1ea3 n\u1eafng ch\u1ee9a \u0111\u1ef1ng ho\u00e0n h\u1ea3o gi\u00fap ng\u01b0\u1eddi d\u00f9ng c\u00f3 th\u1ec3 tho\u1ea3i m\u00e1i s\u1eed d\u1ee5ng v\u00e0 b\u1ea3o qu\u1ea3n thi\u1ebft b\u1ecb c\u1ee7a m\u00ecnh. H\u00e3y s\u1edf h\u1eefu cho m\u00ecnh m\u1eabu ph\u1ee5 ki\u1ec7n\u00a0<strong><em>vali \u2013 balo \u2013 t\u00fai ch\u1ed1ng s\u1ed1c ch\u1ed1ng n\u01b0\u1edbc mavic 2\u00a0<\/em><\/strong>ngay h\u00f4m nay \u0111\u1ec3 c\u00f3 th\u1ec3 b\u1ea3o qu\u1ea3n ph\u1ee5 ki\u1ec7n c\u1ee7a b\u1ea1n m\u1ed9t c\u00e1ch chuy\u00ean nghi\u1ec7p nh\u1ea5t c\u0169ng nh\u01b0 ti\u1ec7n l\u1ee3i nh\u1ea5t.<\/span><\/p>\n<h2><span style=\"color: #0000ff; font-size: 18px;\"><em><strong><img loading=\"lazy\" decoding=\"async\" class=\"alignnone size-medium wp-image-11819\" src=\"https:\/\/phukienflytech.vn\/wp-content\/uploads\/2020\/06\/vali-chuyen-dung-dji-mavic-2-fly-more-combo-pgytech-5584-2-1-443x400.jpg\" alt=\"\" width=\"443\" height=\"400\" srcset=\"https:\/\/phukienflytech.vn\/wp-content\/uploads\/2020\/06\/vali-chuyen-dung-dji-mavic-2-fly-more-combo-pgytech-5584-2-1-443x400.jpg 443w, https:\/\/phukienflytech.vn\/wp-content\/uploads\/2020\/06\/vali-chuyen-dung-dji-mavic-2-fly-more-combo-pgytech-5584-2-1-768x693.jpg 768w, https:\/\/phukienflytech.vn\/wp-content\/uploads\/2020\/06\/vali-chuyen-dung-dji-mavic-2-fly-more-combo-pgytech-5584-2-1-887x800.jpg 887w, https:\/\/phukienflytech.vn\/wp-content\/uploads\/2020\/06\/vali-chuyen-dung-dji-mavic-2-fly-more-combo-pgytech-5584-2-1-600x541.jpg 600w, https:\/\/phukienflytech.vn\/wp-content\/uploads\/2020\/06\/vali-chuyen-dung-dji-mavic-2-fly-more-combo-pgytech-5584-2-1.jpg 1250w\" sizes=\"auto, (max-width: 443px) 100vw, 443px\" \/><\/strong><\/em><\/span><\/h2>\n<h2><span style=\"color: #0000ff; font-size: 21px;\"><em><strong>Chi ti\u1ebft c\u1ee7a vali mavic 2 PGYtech cao c\u1ea5p, chuy\u00ean d\u1ee5ng<\/strong><\/em><\/span><\/h2>\n<h2><span style=\"color: #0000ff; font-size: 18px;\"><em><strong><img loading=\"lazy\" decoding=\"async\" class=\"alignnone wp-image-11821 size-medium\" src=\"https:\/\/phukienflytech.vn\/wp-content\/uploads\/2020\/06\/vali-chuyen-dung-dji-mavic-2-fly-more-combo-pgytech-5584-3-1-400x400.jpg\" alt=\"PGYtech-suicase-for-Mavic-2-0\" width=\"400\" height=\"400\" srcset=\"https:\/\/phukienflytech.vn\/wp-content\/uploads\/2020\/06\/vali-chuyen-dung-dji-mavic-2-fly-more-combo-pgytech-5584-3-1-400x400.jpg 400w, https:\/\/phukienflytech.vn\/wp-content\/uploads\/2020\/06\/vali-chuyen-dung-dji-mavic-2-fly-more-combo-pgytech-5584-3-1-280x280.jpg 280w, https:\/\/phukienflytech.vn\/wp-content\/uploads\/2020\/06\/vali-chuyen-dung-dji-mavic-2-fly-more-combo-pgytech-5584-3-1-768x768.jpg 768w, https:\/\/phukienflytech.vn\/wp-content\/uploads\/2020\/06\/vali-chuyen-dung-dji-mavic-2-fly-more-combo-pgytech-5584-3-1.jpg 800w, https:\/\/phukienflytech.vn\/wp-content\/uploads\/2020\/06\/vali-chuyen-dung-dji-mavic-2-fly-more-combo-pgytech-5584-3-1-300x300.jpg 300w, https:\/\/phukienflytech.vn\/wp-content\/uploads\/2020\/06\/vali-chuyen-dung-dji-mavic-2-fly-more-combo-pgytech-5584-3-1-600x600.jpg 600w, https:\/\/phukienflytech.vn\/wp-content\/uploads\/2020\/06\/vali-chuyen-dung-dji-mavic-2-fly-more-combo-pgytech-5584-3-1-100x100.jpg 100w\" sizes=\"auto, (max-width: 400px) 100vw, 400px\" \/><\/strong><\/em><\/span><\/h2>\n<ul>\n<li><span style=\"font-size: 18px;\">K\u00edch th\u01b0\u1edbc: 40x33x16,5 cm<\/span><\/li>\n<li><span style=\"font-size: 18px;\">Tr\u1ecdng l\u01b0\u1ee3ng: 2,6kg<\/span><\/li>\n<li><span style=\"font-size: 18px;\">B\u00ean ngo\u00e0i: \u0111\u01b0\u1ee3c l\u00e0m b\u1eb1ng ch\u1ea5t li\u1ec7u nh\u1ef1a composit b\u1ec1n b\u1ec9, si\u00eau c\u1ee9ng<\/span><\/li>\n<li><span style=\"font-size: 18px;\">Kh\u1ea3 n\u0103ng ch\u1ee9a \u0111\u01b0ng: full fly more combo mavic 2 pro zoom<\/span><\/li>\n<\/ul>\n<h2><span style=\"color: #0000ff; font-size: 18px;\"><em><strong><img loading=\"lazy\" decoding=\"async\" class=\"alignnone wp-image-11823 size-medium\" src=\"https:\/\/phukienflytech.vn\/wp-content\/uploads\/2020\/06\/vali-chuyen-dung-dji-mavic-2-fly-more-combo-pgytech-5584-4-1-400x400.jpg\" alt=\"mua-vali-mavic-2-chong-nuoc\" width=\"400\" height=\"400\" srcset=\"https:\/\/phukienflytech.vn\/wp-content\/uploads\/2020\/06\/vali-chuyen-dung-dji-mavic-2-fly-more-combo-pgytech-5584-4-1-400x400.jpg 400w, https:\/\/phukienflytech.vn\/wp-content\/uploads\/2020\/06\/vali-chuyen-dung-dji-mavic-2-fly-more-combo-pgytech-5584-4-1-280x280.jpg 280w, https:\/\/phukienflytech.vn\/wp-content\/uploads\/2020\/06\/vali-chuyen-dung-dji-mavic-2-fly-more-combo-pgytech-5584-4-1-768x768.jpg 768w, https:\/\/phukienflytech.vn\/wp-content\/uploads\/2020\/06\/vali-chuyen-dung-dji-mavic-2-fly-more-combo-pgytech-5584-4-1-800x800.jpg 800w, https:\/\/phukienflytech.vn\/wp-content\/uploads\/2020\/06\/vali-chuyen-dung-dji-mavic-2-fly-more-combo-pgytech-5584-4-1-300x300.jpg 300w, https:\/\/phukienflytech.vn\/wp-content\/uploads\/2020\/06\/vali-chuyen-dung-dji-mavic-2-fly-more-combo-pgytech-5584-4-1-600x600.jpg 600w, https:\/\/phukienflytech.vn\/wp-content\/uploads\/2020\/06\/vali-chuyen-dung-dji-mavic-2-fly-more-combo-pgytech-5584-4-1-100x100.jpg 100w, https:\/\/phukienflytech.vn\/wp-content\/uploads\/2020\/06\/vali-chuyen-dung-dji-mavic-2-fly-more-combo-pgytech-5584-4-1.jpg 1000w\" sizes=\"auto, (max-width: 400px) 100vw, 400px\" \/><\/strong><\/em><\/span><\/h2>\n<p><span style=\"font-size: 18px;\">B\u00ean trong: khu\u00f4n x\u1ed1p \u0111\u00fac chi ti\u1ebft \u0111\u1ea1t \u0111\u1ed9 ch\u00ednh x\u00e1c cao, \u0111\u01b0\u1ee3c ti\u1ec7n t\u1ec9 m\u1ec9 theo h\u00ecnh d\u00e1ng, chi ti\u1ebft t\u1eebng ph\u1ee5 ki\u1ec7n, \u0111\u1ef1ng to\u00e0n b\u1ed9\u00a0<em><strong>kit flymore combo mavic 2 pro zoom<\/strong><\/em>\u00a0ho\u00e0n h\u1ea3o.<\/span><\/p>\n<h2><span style=\"color: #0000ff; font-size: 18px;\"><em><strong><img loading=\"lazy\" decoding=\"async\" class=\"alignnone wp-image-11825 \" src=\"https:\/\/phukienflytech.vn\/wp-content\/uploads\/2020\/06\/vali-chuyen-dung-dji-mavic-2-fly-more-combo-pgytech-5584-5-1-400x400.jpg\" alt=\"PGYtech-suicase-for-Mavic-2\" width=\"448\" height=\"448\" srcset=\"https:\/\/phukienflytech.vn\/wp-content\/uploads\/2020\/06\/vali-chuyen-dung-dji-mavic-2-fly-more-combo-pgytech-5584-5-1-400x400.jpg 400w, https:\/\/phukienflytech.vn\/wp-content\/uploads\/2020\/06\/vali-chuyen-dung-dji-mavic-2-fly-more-combo-pgytech-5584-5-1-280x280.jpg 280w, https:\/\/phukienflytech.vn\/wp-content\/uploads\/2020\/06\/vali-chuyen-dung-dji-mavic-2-fly-more-combo-pgytech-5584-5-1-768x768.jpg 768w, https:\/\/phukienflytech.vn\/wp-content\/uploads\/2020\/06\/vali-chuyen-dung-dji-mavic-2-fly-more-combo-pgytech-5584-5-1-800x800.jpg 800w, https:\/\/phukienflytech.vn\/wp-content\/uploads\/2020\/06\/vali-chuyen-dung-dji-mavic-2-fly-more-combo-pgytech-5584-5-1-300x300.jpg 300w, https:\/\/phukienflytech.vn\/wp-content\/uploads\/2020\/06\/vali-chuyen-dung-dji-mavic-2-fly-more-combo-pgytech-5584-5-1-600x600.jpg 600w, https:\/\/phukienflytech.vn\/wp-content\/uploads\/2020\/06\/vali-chuyen-dung-dji-mavic-2-fly-more-combo-pgytech-5584-5-1-100x100.jpg 100w, https:\/\/phukienflytech.vn\/wp-content\/uploads\/2020\/06\/vali-chuyen-dung-dji-mavic-2-fly-more-combo-pgytech-5584-5-1.jpg 1000w\" sizes=\"auto, (max-width: 448px) 100vw, 448px\" \/><\/strong><\/em><\/span><\/h2>\n<h2><span style=\"color: #0000ff; font-size: 21px;\"><em><strong>Mua\u00a0ph\u1ee5 ki\u1ec7n DJI mavic 2\u00a0pro zoom\u00a0\u1edf \u0111\u00e2u ?<\/strong><\/em><\/span><\/h2>\n<p><span style=\"font-size: 18px;\">N\u1ebfu b\u1ea1n v\u1eabn \u0111ang ph\u00e2n v\u00e2n kh\u00f4ng bi\u1ebft c\u00f3 th\u1ec3 t\u00ecm mua \u0111\u01b0\u1ee3c\u00a0<strong><em>nh\u1eefng ph\u1ee5 ki\u1ec7n dji mavic 2 pro zoom\u00a0<\/em><\/strong>ch\u1ea5t l\u01b0\u1ee3ng nh\u1ea5t m\u00e0 kh\u00f4ng c\u1ea7n lo l\u1eafng gi\u00e1 c\u1ee7a s\u1ea3n ph\u1ea9m \u1edf \u0111\u00e2u th\u00ec ph\u1ee5 ki\u1ec7n flycam gi\u00e1 t\u1ed1t ch\u00ednh l\u00e0 n\u01a1i ph\u00f9 h\u1ee3p d\u00e0nh cho b\u1ea1n. H\u00e3y \u0111\u1ebfn v\u1edbi ph\u1ee5 ki\u1ec7n fly-cam gi\u00e1 t\u1ed1t \u0111\u1ec3 c\u00f3 \u0111\u01b0\u1ee3c\u00a0<strong><em>gi\u00e1 mavic 2 pro<\/em><\/strong>,\u00a0<strong><em>gi\u00e1 mavic 2 zoom<\/em><\/strong>,..c\u00f9ng v\u1edbi ch\u1ea5t l\u01b0\u1ee3ng t\u1ed1t nh\u1ea5t.<\/span><\/p>\n<p>&nbsp;<\/p>\n<p><span style=\"font-size: 18px;\">&gt;&gt; Xem th\u00eam: <span style=\"color: #0000ff;\"><strong><a style=\"color: #0000ff;\" href=\"https:\/\/phukienflytech.vn\/en\/danh-muc\/mavic-2s-accessory.html\" target=\"_blank\" rel=\"noopener noreferrer\">Ph\u1ee5 ki\u1ec7n Mavic 2<\/a><\/strong><\/span><\/span><\/p>\n<p><span style=\"font-size: 18px;\">&gt;&gt; Li\u00ean h\u1ec7 Fanpage: <span style=\"color: #0000ff;\"><strong><a style=\"color: #0000ff;\" href=\"https:\/\/facebook.com\/phukienflycam\" target=\"_blank\" rel=\"noopener noreferrer\">Ph\u1ee5 Ki\u1ec7n Flycam<\/a><\/strong><\/span><\/span><\/p>\n","protected":false},"excerpt":{"rendered":"<p>PGYtech suicase for Mavic 2 &nbsp; PGYtech suicase for Mavic 2 Ng\u00e0y nay nhu c\u1ea7u di chuy\u1ec3n, \u0111i l\u1ea1i c\u1ee7a c\u00e1c pilot ng\u00e0y c\u00e0ng nhi\u1ec1u ch\u00ednh v\u00ec v\u1eady \u0111\u1ec3 c\u00f3 th\u1ec3 b\u1ea3o qu\u1ea3n b\u1ed9 ph\u1ee5 ki\u1ec7n c\u0169ng nh\u01b0 chi\u1ebfc mavic 2 c\u1ee7a b\u1ea1n m\u1ed9t c\u00e1ch\u00a0chuy\u00ean nghi\u1ec7p\u00a0nh\u1ea5t th\u00ec\u00a0vali chuy\u00ean d\u1ee5ng DJI mavic 2 pro zoom\u00a0ch\u00ednh l\u00e0 &#8230;<\/p>\n","protected":false},"featured_media":5586,"comment_status":"open","ping_status":"closed","template":"","meta":{"_acf_changed":false},"product_brand":[],"product_cat":[177],"product_tag":[209,443],"class_list":{"0":"post-5599","1":"product","2":"type-product","3":"status-publish","4":"has-post-thumbnail","6":"product_cat-mavic-2s-accessory","7":"product_tag-phu-kien-mavic-2-en","8":"product_tag-vali-chuyen-dung-mavic-2-en","10":"first","11":"instock","12":"shipping-taxable","13":"purchasable","14":"product-type-simple"},"acf":[],"yoast_head":"<!-- This site is optimized with the Yoast SEO plugin v25.7 - https:\/\/yoast.com\/wordpress\/plugins\/seo\/ -->\n<title>PGYtech suicase for Mavic 2 - Mavic 2 accessory - Available - Original<\/title>\n<meta name=\"description\" content=\"PGYtech suicase for Mavic 2 is one of the most important accessory. Contact us to buy PGYtech suicase for Mavic 2 for best price.\" \/>\n<meta name=\"robots\" content=\"index, follow, max-snippet:-1, max-image-preview:large, max-video-preview:-1\" \/>\n<link rel=\"canonical\" href=\"https:\/\/phukienflytech.vn\/en\/san-pham\/pgytech-suicase-for-mavic-2.html\" \/>\n<meta property=\"og:locale\" content=\"en_US\" \/>\n<meta property=\"og:type\" content=\"article\" \/>\n<meta property=\"og:title\" content=\"PGYtech suicase for Mavic 2 - Mavic 2 accessory - Available - Original\" \/>\n<meta property=\"og:description\" content=\"PGYtech suicase for Mavic 2 is one of the most important accessory. Contact us to buy PGYtech suicase for Mavic 2 for best price.\" \/>\n<meta property=\"og:url\" content=\"https:\/\/phukienflytech.vn\/en\/san-pham\/pgytech-suicase-for-mavic-2.html\" \/>\n<meta property=\"og:site_name\" content=\"Shop M\u00e1y \u1ea3nh - Action Camera - Gimbal - Flycam - Ph\u1ee5 ki\u1ec7n\" \/>\n<meta property=\"article:publisher\" content=\"https:\/\/facebook.com\/phukienflycam\" \/>\n<meta property=\"article:modified_time\" content=\"2021-03-27T12:32:35+00:00\" \/>\n<meta property=\"og:image\" content=\"https:\/\/phukienflytech.vn\/wp-content\/uploads\/2020\/06\/300x300_phu-kien-flycam-dji-mavic-2-pro-zoom-vali-tui-dung-balo-pgytech3_-_Copy_2.jpg\" \/>\n\t<meta property=\"og:image:width\" content=\"300\" \/>\n\t<meta property=\"og:image:height\" content=\"300\" \/>\n\t<meta property=\"og:image:type\" content=\"image\/jpeg\" \/>\n<meta name=\"twitter:card\" content=\"summary_large_image\" \/>\n<meta name=\"twitter:label1\" content=\"Est. reading time\" \/>\n\t<meta name=\"twitter:data1\" content=\"2 minutes\" \/>\n<script type=\"application\/ld+json\" class=\"yoast-schema-graph\">{\"@context\":\"https:\/\/schema.org\",\"@graph\":[{\"@type\":\"WebPage\",\"@id\":\"https:\/\/phukienflytech.vn\/en\/san-pham\/pgytech-suicase-for-mavic-2.html\",\"url\":\"https:\/\/phukienflytech.vn\/en\/san-pham\/pgytech-suicase-for-mavic-2.html\",\"name\":\"PGYtech suicase for Mavic 2 - Mavic 2 accessory - Available - Original\",\"isPartOf\":{\"@id\":\"https:\/\/phukienflytech.vn\/#website\"},\"primaryImageOfPage\":{\"@id\":\"https:\/\/phukienflytech.vn\/en\/san-pham\/pgytech-suicase-for-mavic-2.html#primaryimage\"},\"image\":{\"@id\":\"https:\/\/phukienflytech.vn\/en\/san-pham\/pgytech-suicase-for-mavic-2.html#primaryimage\"},\"thumbnailUrl\":\"https:\/\/phukienflytech.vn\/wp-content\/uploads\/2020\/06\/300x300_phu-kien-flycam-dji-mavic-2-pro-zoom-vali-tui-dung-balo-pgytech3_-_Copy_2.jpg\",\"datePublished\":\"2020-06-17T10:09:18+00:00\",\"dateModified\":\"2021-03-27T12:32:35+00:00\",\"description\":\"PGYtech suicase for Mavic 2 is one of the most important accessory. Contact us to buy PGYtech suicase for Mavic 2 for best price.\",\"breadcrumb\":{\"@id\":\"https:\/\/phukienflytech.vn\/en\/san-pham\/pgytech-suicase-for-mavic-2.html#breadcrumb\"},\"inLanguage\":\"en-US\",\"potentialAction\":[{\"@type\":\"ReadAction\",\"target\":[\"https:\/\/phukienflytech.vn\/en\/san-pham\/pgytech-suicase-for-mavic-2.html\"]}]},{\"@type\":\"ImageObject\",\"inLanguage\":\"en-US\",\"@id\":\"https:\/\/phukienflytech.vn\/en\/san-pham\/pgytech-suicase-for-mavic-2.html#primaryimage\",\"url\":\"https:\/\/phukienflytech.vn\/wp-content\/uploads\/2020\/06\/300x300_phu-kien-flycam-dji-mavic-2-pro-zoom-vali-tui-dung-balo-pgytech3_-_Copy_2.jpg\",\"contentUrl\":\"https:\/\/phukienflytech.vn\/wp-content\/uploads\/2020\/06\/300x300_phu-kien-flycam-dji-mavic-2-pro-zoom-vali-tui-dung-balo-pgytech3_-_Copy_2.jpg\",\"width\":300,\"height\":300},{\"@type\":\"BreadcrumbList\",\"@id\":\"https:\/\/phukienflytech.vn\/en\/san-pham\/pgytech-suicase-for-mavic-2.html#breadcrumb\",\"itemListElement\":[{\"@type\":\"ListItem\",\"position\":1,\"name\":\"Home\",\"item\":\"https:\/\/phukienflytech.vn\/en\"},{\"@type\":\"ListItem\",\"position\":2,\"name\":\"Ph\u1ee5 ki\u1ec7n Mavic Pro\",\"item\":\"https:\/\/phukienflytech.vn\/en\/phu-kien-mavic-pro.html\"},{\"@type\":\"ListItem\",\"position\":3,\"name\":\"DJI Osmo &amp; Drone's accessories\",\"item\":\"https:\/\/phukienflytech.vn\/en\/danh-muc\/dji-osmo-drones-accessories.html\"},{\"@type\":\"ListItem\",\"position\":4,\"name\":\"Ph\u1ee5 ki\u1ec7n DJI Mavic 2\",\"item\":\"https:\/\/phukienflytech.vn\/en\/danh-muc\/mavic-2s-accessory.html\"},{\"@type\":\"ListItem\",\"position\":5,\"name\":\"Professional suicase for Mavic 2 &#8211; PGYtech\"}]},{\"@type\":\"WebSite\",\"@id\":\"https:\/\/phukienflytech.vn\/#website\",\"url\":\"https:\/\/phukienflytech.vn\/\",\"name\":\"Shop M\u00e1y \u1ea3nh - Action Camera - Gimbal - Flycam - Ph\u1ee5 ki\u1ec7n\",\"description\":\"Shop M\u00e1y \u1ea3nh - Action Camera - Gimbal - Flycam - Ph\u1ee5 ki\u1ec7n\",\"publisher\":{\"@id\":\"https:\/\/phukienflytech.vn\/#organization\"},\"potentialAction\":[{\"@type\":\"SearchAction\",\"target\":{\"@type\":\"EntryPoint\",\"urlTemplate\":\"https:\/\/phukienflytech.vn\/?s={search_term_string}\"},\"query-input\":{\"@type\":\"PropertyValueSpecification\",\"valueRequired\":true,\"valueName\":\"search_term_string\"}}],\"inLanguage\":\"en-US\"},{\"@type\":\"Organization\",\"@id\":\"https:\/\/phukienflytech.vn\/#organization\",\"name\":\"DJI Store - Shop Drone, Action camera, Gimbal DJI |Phukienflytech\",\"alternateName\":\"DJI Store - Shop Drone, Action camera, Gimbal DJI |Phukienflytech\",\"url\":\"https:\/\/phukienflytech.vn\/\",\"logo\":{\"@type\":\"ImageObject\",\"inLanguage\":\"en-US\",\"@id\":\"https:\/\/phukienflytech.vn\/#\/schema\/logo\/image\/\",\"url\":\"https:\/\/phukienflytech.vn\/wp-content\/uploads\/2020\/05\/hAnh_nan.jpg1_.jpg\",\"contentUrl\":\"https:\/\/phukienflytech.vn\/wp-content\/uploads\/2020\/05\/hAnh_nan.jpg1_.jpg\",\"width\":800,\"height\":450,\"caption\":\"DJI Store - Shop Drone, Action camera, Gimbal DJI |Phukienflytech\"},\"image\":{\"@id\":\"https:\/\/phukienflytech.vn\/#\/schema\/logo\/image\/\"},\"sameAs\":[\"https:\/\/facebook.com\/phukienflycam\",\"https:\/\/www.youtube.com\/@phukienflytech\",\"https:\/\/www.tiktok.com\/@flytech.channel?fbclid=IwY2xjawGjg7BleHRuA2FlbQIxMAABHYVGmlXpuSMs0UB2zTpYvyT4GMVfN2qJa4urF4vkSQ6FAVBwXZtDP30qQA_aem_UwMiDcUvlEbd2tXAmsc8Og\"]}]}<\/script>\n<!-- \/ Yoast SEO plugin. -->","yoast_head_json":{"title":"PGYtech suicase for Mavic 2 - Mavic 2 accessory - Available - Original","description":"PGYtech suicase for Mavic 2 is one of the most important accessory. Contact us to buy PGYtech suicase for Mavic 2 for best price.","robots":{"index":"index","follow":"follow","max-snippet":"max-snippet:-1","max-image-preview":"max-image-preview:large","max-video-preview":"max-video-preview:-1"},"canonical":"https:\/\/phukienflytech.vn\/en\/san-pham\/pgytech-suicase-for-mavic-2.html","og_locale":"en_US","og_type":"article","og_title":"PGYtech suicase for Mavic 2 - Mavic 2 accessory - Available - Original","og_description":"PGYtech suicase for Mavic 2 is one of the most important accessory. Contact us to buy PGYtech suicase for Mavic 2 for best price.","og_url":"https:\/\/phukienflytech.vn\/en\/san-pham\/pgytech-suicase-for-mavic-2.html","og_site_name":"Shop M\u00e1y \u1ea3nh - Action Camera - Gimbal - Flycam - Ph\u1ee5 ki\u1ec7n","article_publisher":"https:\/\/facebook.com\/phukienflycam","article_modified_time":"2021-03-27T12:32:35+00:00","og_image":[{"width":300,"height":300,"url":"https:\/\/phukienflytech.vn\/wp-content\/uploads\/2020\/06\/300x300_phu-kien-flycam-dji-mavic-2-pro-zoom-vali-tui-dung-balo-pgytech3_-_Copy_2.jpg","type":"image\/jpeg"}],"twitter_card":"summary_large_image","twitter_misc":{"Est. reading time":"2 minutes"},"schema":{"@context":"https:\/\/schema.org","@graph":[{"@type":"WebPage","@id":"https:\/\/phukienflytech.vn\/en\/san-pham\/pgytech-suicase-for-mavic-2.html","url":"https:\/\/phukienflytech.vn\/en\/san-pham\/pgytech-suicase-for-mavic-2.html","name":"PGYtech suicase for Mavic 2 - Mavic 2 accessory - Available - Original","isPartOf":{"@id":"https:\/\/phukienflytech.vn\/#website"},"primaryImageOfPage":{"@id":"https:\/\/phukienflytech.vn\/en\/san-pham\/pgytech-suicase-for-mavic-2.html#primaryimage"},"image":{"@id":"https:\/\/phukienflytech.vn\/en\/san-pham\/pgytech-suicase-for-mavic-2.html#primaryimage"},"thumbnailUrl":"https:\/\/phukienflytech.vn\/wp-content\/uploads\/2020\/06\/300x300_phu-kien-flycam-dji-mavic-2-pro-zoom-vali-tui-dung-balo-pgytech3_-_Copy_2.jpg","datePublished":"2020-06-17T10:09:18+00:00","dateModified":"2021-03-27T12:32:35+00:00","description":"PGYtech suicase for Mavic 2 is one of the most important accessory. Contact us to buy PGYtech suicase for Mavic 2 for best price.","breadcrumb":{"@id":"https:\/\/phukienflytech.vn\/en\/san-pham\/pgytech-suicase-for-mavic-2.html#breadcrumb"},"inLanguage":"en-US","potentialAction":[{"@type":"ReadAction","target":["https:\/\/phukienflytech.vn\/en\/san-pham\/pgytech-suicase-for-mavic-2.html"]}]},{"@type":"ImageObject","inLanguage":"en-US","@id":"https:\/\/phukienflytech.vn\/en\/san-pham\/pgytech-suicase-for-mavic-2.html#primaryimage","url":"https:\/\/phukienflytech.vn\/wp-content\/uploads\/2020\/06\/300x300_phu-kien-flycam-dji-mavic-2-pro-zoom-vali-tui-dung-balo-pgytech3_-_Copy_2.jpg","contentUrl":"https:\/\/phukienflytech.vn\/wp-content\/uploads\/2020\/06\/300x300_phu-kien-flycam-dji-mavic-2-pro-zoom-vali-tui-dung-balo-pgytech3_-_Copy_2.jpg","width":300,"height":300},{"@type":"BreadcrumbList","@id":"https:\/\/phukienflytech.vn\/en\/san-pham\/pgytech-suicase-for-mavic-2.html#breadcrumb","itemListElement":[{"@type":"ListItem","position":1,"name":"Home","item":"https:\/\/phukienflytech.vn\/en"},{"@type":"ListItem","position":2,"name":"Ph\u1ee5 ki\u1ec7n Mavic Pro","item":"https:\/\/phukienflytech.vn\/en\/phu-kien-mavic-pro.html"},{"@type":"ListItem","position":3,"name":"DJI Osmo &amp; Drone's accessories","item":"https:\/\/phukienflytech.vn\/en\/danh-muc\/dji-osmo-drones-accessories.html"},{"@type":"ListItem","position":4,"name":"Ph\u1ee5 ki\u1ec7n DJI Mavic 2","item":"https:\/\/phukienflytech.vn\/en\/danh-muc\/mavic-2s-accessory.html"},{"@type":"ListItem","position":5,"name":"Professional suicase for Mavic 2 &#8211; PGYtech"}]},{"@type":"WebSite","@id":"https:\/\/phukienflytech.vn\/#website","url":"https:\/\/phukienflytech.vn\/","name":"Shop M\u00e1y \u1ea3nh - Action Camera - Gimbal - Flycam - Ph\u1ee5 ki\u1ec7n","description":"Shop M\u00e1y \u1ea3nh - Action Camera - Gimbal - Flycam - Ph\u1ee5 ki\u1ec7n","publisher":{"@id":"https:\/\/phukienflytech.vn\/#organization"},"potentialAction":[{"@type":"SearchAction","target":{"@type":"EntryPoint","urlTemplate":"https:\/\/phukienflytech.vn\/?s={search_term_string}"},"query-input":{"@type":"PropertyValueSpecification","valueRequired":true,"valueName":"search_term_string"}}],"inLanguage":"en-US"},{"@type":"Organization","@id":"https:\/\/phukienflytech.vn\/#organization","name":"DJI Store - Shop Drone, Action camera, Gimbal DJI |Phukienflytech","alternateName":"DJI Store - Shop Drone, Action camera, Gimbal DJI |Phukienflytech","url":"https:\/\/phukienflytech.vn\/","logo":{"@type":"ImageObject","inLanguage":"en-US","@id":"https:\/\/phukienflytech.vn\/#\/schema\/logo\/image\/","url":"https:\/\/phukienflytech.vn\/wp-content\/uploads\/2020\/05\/hAnh_nan.jpg1_.jpg","contentUrl":"https:\/\/phukienflytech.vn\/wp-content\/uploads\/2020\/05\/hAnh_nan.jpg1_.jpg","width":800,"height":450,"caption":"DJI Store - Shop Drone, Action camera, Gimbal DJI |Phukienflytech"},"image":{"@id":"https:\/\/phukienflytech.vn\/#\/schema\/logo\/image\/"},"sameAs":["https:\/\/facebook.com\/phukienflycam","https:\/\/www.youtube.com\/@phukienflytech","https:\/\/www.tiktok.com\/@flytech.channel?fbclid=IwY2xjawGjg7BleHRuA2FlbQIxMAABHYVGmlXpuSMs0UB2zTpYvyT4GMVfN2qJa4urF4vkSQ6FAVBwXZtDP30qQA_aem_UwMiDcUvlEbd2tXAmsc8Og"]}]}},"_links":{"self":[{"href":"https:\/\/phukienflytech.vn\/en\/wp-json\/wp\/v2\/product\/5599","targetHints":{"allow":["GET"]}}],"collection":[{"href":"https:\/\/phukienflytech.vn\/en\/wp-json\/wp\/v2\/product"}],"about":[{"href":"https:\/\/phukienflytech.vn\/en\/wp-json\/wp\/v2\/types\/product"}],"replies":[{"embeddable":true,"href":"https:\/\/phukienflytech.vn\/en\/wp-json\/wp\/v2\/comments?post=5599"}],"wp:featuredmedia":[{"embeddable":true,"href":"https:\/\/phukienflytech.vn\/en\/wp-json\/wp\/v2\/media\/5586"}],"wp:attachment":[{"href":"https:\/\/phukienflytech.vn\/en\/wp-json\/wp\/v2\/media?parent=5599"}],"wp:term":[{"taxonomy":"product_brand","embeddable":true,"href":"https:\/\/phukienflytech.vn\/en\/wp-json\/wp\/v2\/product_brand?post=5599"},{"taxonomy":"product_cat","embeddable":true,"href":"https:\/\/phukienflytech.vn\/en\/wp-json\/wp\/v2\/product_cat?post=5599"},{"taxonomy":"product_tag","embeddable":true,"href":"https:\/\/phukienflytech.vn\/en\/wp-json\/wp\/v2\/product_tag?post=5599"}],"curies":[{"name":"wp","href":"https:\/\/api.w.org\/{rel}","templated":true}]}}