{"id":5639,"date":"2020-06-20T17:43:48","date_gmt":"2020-06-20T10:43:48","guid":{"rendered":"http:\/\/27430.lamdx.vinawebsite.vn\/san-pham\/lens-filter-mrc-uv-mavic-2-zoom-pgytech.html"},"modified":"2022-08-18T15:45:22","modified_gmt":"2022-08-18T08:45:22","slug":"mrc-uv-filter-mavic-2-zoom","status":"publish","type":"product","link":"https:\/\/phukienflytech.vn\/en\/san-pham\/mrc-uv-filter-mavic-2-zoom.html","title":{"rendered":"MRC-UV Filter Mavic 2 Zoom &#8211; PGYtech"},"content":{"rendered":"<h2><span style=\"font-size: 21px; color: #0000ff;\"><strong><em>MRC-UV Filter Mavic 2 Zoom \u2013 PGYTECH<\/em><\/strong><\/span><\/h2>\n<p><span style=\"font-size: 18px;\"><strong>Filter MRC-UV mavic 2 zoom<\/strong> l\u00e0 1 ng\u01b0\u1eddi b\u1ea1n \u0111\u1eafc l\u1ef1c c\u1ee7a b\u1ea1n trong vi\u1ec7c ch\u1ee5p \u1ea3nh v\u1edbi \u00e1nh s\u00e1ng ch\u1ee9a nhi\u1ec1u tia UV.<\/span><\/p>\n<h2><span style=\"font-size: 18px; color: #0000ff;\"><strong><em><img loading=\"lazy\" decoding=\"async\" class=\"alignnone wp-image-11740 size-medium\" src=\"https:\/\/phukienflytech.vn\/wp-content\/uploads\/2020\/06\/lens-filter-mrc-uv-mavic-2-zoom-pgytech-5626-5-400x400.jpg\" alt=\"filter-mcuv-mavic-2-zoom\" width=\"400\" height=\"400\" srcset=\"https:\/\/phukienflytech.vn\/wp-content\/uploads\/2020\/06\/lens-filter-mrc-uv-mavic-2-zoom-pgytech-5626-5-400x400.jpg 400w, https:\/\/phukienflytech.vn\/wp-content\/uploads\/2020\/06\/lens-filter-mrc-uv-mavic-2-zoom-pgytech-5626-5-280x280.jpg 280w, https:\/\/phukienflytech.vn\/wp-content\/uploads\/2020\/06\/lens-filter-mrc-uv-mavic-2-zoom-pgytech-5626-5-300x300.jpg 300w, https:\/\/phukienflytech.vn\/wp-content\/uploads\/2020\/06\/lens-filter-mrc-uv-mavic-2-zoom-pgytech-5626-5-100x100.jpg 100w, https:\/\/phukienflytech.vn\/wp-content\/uploads\/2020\/06\/lens-filter-mrc-uv-mavic-2-zoom-pgytech-5626-5.jpg 450w\" sizes=\"auto, (max-width: 400px) 100vw, 400px\" \/><\/em><\/strong><\/span><\/h2>\n<p><span style=\"font-size: 18px;\">B\u1ea1n l\u00e0 m\u1ed9t ng\u01b0\u1eddi th\u00edch quay film, ch\u1ee5p \u1ea3nh? B\u1ea1n lu\u00f4n mong mu\u1ed1n thu \u0111\u01b0\u1ee3c nh\u1eefng s\u1ea3n ph\u1ea9m c\u00f3 ch\u1ea5t l\u01b0\u1ee3ng t\u00f4t nh\u1ea5t m\u00e0 kh\u00f4ng b\u1ecb \u1ea3nh h\u01b0\u1edfng b\u1edfi nh\u1eefng \u00e1nh s\u00e1ng kh\u00f4ng c\u1ea7n thi\u1ebft, filter lens ch\u00ednh l\u00e0 ph\u1ee5 ki\u1ec7n m\u00e0 b\u1ea1n c\u1ea7n.<\/span><\/p>\n<h2><span style=\"font-size: 18px; color: #0000ff;\"><strong><em><img loading=\"lazy\" decoding=\"async\" class=\"alignnone wp-image-11742 size-medium\" src=\"https:\/\/phukienflytech.vn\/wp-content\/uploads\/2020\/06\/lens-filter-mrc-uv-mavic-2-zoom-pgytech-5626-1-1-400x400.jpg\" alt=\"MRC-UV-Filter-Mavic-2-Zoom-9\" width=\"400\" height=\"400\" srcset=\"https:\/\/phukienflytech.vn\/wp-content\/uploads\/2020\/06\/lens-filter-mrc-uv-mavic-2-zoom-pgytech-5626-1-1-400x400.jpg 400w, https:\/\/phukienflytech.vn\/wp-content\/uploads\/2020\/06\/lens-filter-mrc-uv-mavic-2-zoom-pgytech-5626-1-1-280x280.jpg 280w, https:\/\/phukienflytech.vn\/wp-content\/uploads\/2020\/06\/lens-filter-mrc-uv-mavic-2-zoom-pgytech-5626-1-1-300x300.jpg 300w, https:\/\/phukienflytech.vn\/wp-content\/uploads\/2020\/06\/lens-filter-mrc-uv-mavic-2-zoom-pgytech-5626-1-1-100x100.jpg 100w, https:\/\/phukienflytech.vn\/wp-content\/uploads\/2020\/06\/lens-filter-mrc-uv-mavic-2-zoom-pgytech-5626-1-1.jpg 450w\" sizes=\"auto, (max-width: 400px) 100vw, 400px\" \/><\/em><\/strong><\/span><\/h2>\n<p><span style=\"font-size: 18px;\">Lu\u00f4n n\u1eb1m trong top danh s\u00e1ch nh\u1eefng\u00a0<strong><em>ph\u1ee5 ki\u1ec7n DJI mavic 2 pro zoom c\u1ea7n thi\u1ebft<\/em><\/strong>\u00a0cho c\u00e1c pilot ch\u00ednh v\u00ec v\u1eady hi\u1ec7n nay c\u00f3 kh\u00e1 nhi\u1ec1u filter b\u1ea1n c\u00f3 th\u1ec3 l\u1ef1a ch\u1ecdn.<\/span><\/p>\n<h2><span style=\"font-size: 18px; color: #0000ff;\"><strong><em><img loading=\"lazy\" decoding=\"async\" class=\"alignnone size-medium wp-image-11744\" src=\"https:\/\/phukienflytech.vn\/wp-content\/uploads\/2020\/06\/lens-filter-mrc-uv-mavic-2-zoom-pgytech-5626-2-1.jpg\" alt=\"\" width=\"450\" height=\"387\" \/><\/em><\/strong><\/span><\/h2>\n<p><span style=\"font-size: 18px;\"><strong><em>Lens filter MRC-UV mavic 2<\/em><\/strong>\u00a0<strong><em>zoom<\/em><\/strong>\u00a0c\u0169ng n\u1eb1m trong s\u1ed1 \u0111\u00f3. \u0110\u01b0\u1ee3c h\u00e3ng\u00a0<strong><em>PGYTECH<\/em><\/strong>\u00a0s\u1ea3n xu\u1ea5t t\u1ea1i \u0110\u1ee9c v\u1edbi ch\u1ea5t li\u1ec7u schott cao c\u1ea5p \u0111\u1ea3m b\u1ea3o c\u00f3 th\u1ec3 \u0111\u00e1p \u1ee9ng \u0111\u01b0\u1ee3c nh\u1eefng y\u00eau c\u1ea7u kh\u1eaft khe c\u1ee7a ng\u01b0\u1eddi d\u00f9ng kh\u00f3 t\u00ednh nh\u1ea5t.<\/span><\/p>\n<h2><span style=\"font-size: 18px; color: #0000ff;\"><strong><em><img loading=\"lazy\" decoding=\"async\" class=\"alignnone wp-image-11746\" src=\"https:\/\/phukienflytech.vn\/wp-content\/uploads\/2020\/06\/lens-filter-mrc-uv-mavic-2-zoom-pgytech-5626-3-1-536x400.jpg\" alt=\"MRC-UV-Filter-Mavic-2-Zoom\" width=\"507\" height=\"378\" srcset=\"https:\/\/phukienflytech.vn\/wp-content\/uploads\/2020\/06\/lens-filter-mrc-uv-mavic-2-zoom-pgytech-5626-3-1-536x400.jpg 536w, https:\/\/phukienflytech.vn\/wp-content\/uploads\/2020\/06\/lens-filter-mrc-uv-mavic-2-zoom-pgytech-5626-3-1-600x448.jpg 600w, https:\/\/phukienflytech.vn\/wp-content\/uploads\/2020\/06\/lens-filter-mrc-uv-mavic-2-zoom-pgytech-5626-3-1.jpg 685w\" sizes=\"auto, (max-width: 507px) 100vw, 507px\" \/><\/em><\/strong><\/span><\/h2>\n<h3><span style=\"font-size: 18px;\"><em><strong>Chi ti\u1ebft c\u1ee7a\u00a0lens filter MRC-UV mavic 2 zoom<\/strong><\/em><\/span><\/h3>\n<p><span style=\"font-size: 18px;\">K\u00ednh l\u1ecdc MRC-UV hay c\u00f2n g\u1ecdi l\u00e0 k\u00ednh l\u1ecdc c\u1ea3n tia c\u1ef1c t\u00edm UV gi\u00fap b\u1ea1n c\u1ea3m nh\u1eadn \u0111\u01b0\u1ee3c nh\u1eefng \u00e1nh s\u00e1ng kh\u00f4ng th\u1ec3 nh\u00ecn th\u1ea5y \u0111\u01b0\u1ee3c b\u1eb1ng m\u1eaft th\u01b0\u1eddng nh\u1eefng v\u1eabn \u1ea3nh h\u01b0\u1edfng tr\u1ef1c ti\u1ebfp \u0111\u1ebfn \u00e1nh s\u00e1ng c\u1ee7a b\u1ee9c \u1ea3nh \u0111\u1ec3 thu \u0111\u01b0\u1ee3c b\u1ee9c \u1ea3nh s\u1eafc n\u00e9t h\u01a1n sau khi ch\u1ee5p<\/span><\/p>\n<h2><span style=\"font-size: 18px; color: #0000ff;\"><strong><em><img loading=\"lazy\" decoding=\"async\" class=\"alignnone wp-image-11748\" src=\"https:\/\/phukienflytech.vn\/wp-content\/uploads\/2020\/06\/lens-filter-mrc-uv-mavic-2-zoom-pgytech-5626-4-1-280x143.jpg\" alt=\"MRC-UV-Filter-Mavic-2-Zoom\" width=\"491\" height=\"251\" \/><\/em><\/strong><\/span><\/h2>\n<p><span style=\"font-size: 18px;\">V\u1edbi thi\u1ebft k\u1ebf hi\u1ec7n \u0111\u1ea1i tinh t\u1ebf, b\u1ea1n c\u00f3 th\u1ec3 ho\u00e0n to\u00e0n d\u1ec5 d\u00e0ng th\u00e1o l\u1eafp v\u00e0 s\u1eed d\u1ee5ng lens filter MRC-UV<\/span><\/p>\n<h2><span style=\"font-size: 21px; color: #0000ff;\"><strong><em>Mua ph\u1ee5 ki\u1ec7n Mavic 2 pro zoom<\/em><\/strong>\u00a0<em><strong>\u1edf \u0111\u00e2u?<\/strong><\/em><\/span><\/h2>\n<p><span style=\"font-size: 18px;\">N\u1ebfu b\u1ea1n v\u1eabn \u0111ang ph\u00e2n v\u00e2n kh\u00f4ng bi\u1ebft c\u00f3 th\u1ec3 t\u00ecm mua \u0111\u01b0\u1ee3c\u00a0<strong><em>nh\u1eefng ph\u1ee5 ki\u1ec7n dji mavic 2 pro zoom\u00a0<\/em><\/strong>ch\u1ea5t l\u01b0\u1ee3ng nh\u1ea5t m\u00e0 kh\u00f4ng c\u1ea7n lo l\u1eafng gi\u00e1 c\u1ee7a s\u1ea3n ph\u1ea9m \u1edf \u0111\u00e2u th\u00ec ph\u1ee5 ki\u1ec7n flycam gi\u00e1 t\u1ed1t ch\u00ednh l\u00e0 n\u01a1i ph\u00f9 h\u1ee3p d\u00e0nh cho b\u1ea1n. H\u00e3y \u0111\u1ebfn v\u1edbi ph\u1ee5 ki\u1ec7n fly-cam gi\u00e1 t\u1ed1t \u0111\u1ec3 c\u00f3 \u0111\u01b0\u1ee3c\u00a0<strong><em>gi\u00e1 mavic 2 pro<\/em><\/strong>,\u00a0<strong><em>gi\u00e1 mavic 2 zoom<\/em><\/strong>,..c\u00f9ng v\u1edbi ch\u1ea5t l\u01b0\u1ee3ng t\u1ed1t nh\u1ea5t.<\/span><\/p>\n<p>&nbsp;<\/p>\n<p><span style=\"font-size: 18px;\">&gt;&gt; Xem th\u00eam:<span style=\"color: #0000ff;\"> <strong><a style=\"color: #0000ff;\" href=\"https:\/\/phukienflytech.vn\/en\/danh-muc\/mavic-2s-accessory.html\" target=\"_blank\" rel=\"noopener noreferrer\">Ph\u1ee5 ki\u1ec7n Mavic 2<\/a><\/strong><\/span><\/span><\/p>\n<p><span style=\"font-size: 18px;\">&gt;&gt; Li\u00ean h\u1ec7 v\u1edbi ch\u00fang t\u00f4i qua:<strong><a href=\"https:\/\/fb.com\/phukienflycam\" target=\"_blank\" rel=\"noopener noreferrer\"> Fanpage<\/a><\/strong><\/span><\/p>\n","protected":false},"excerpt":{"rendered":"<p>MRC-UV Filter Mavic 2 Zoom \u2013 PGYTECH Filter MRC-UV mavic 2 zoom l\u00e0 1 ng\u01b0\u1eddi b\u1ea1n \u0111\u1eafc l\u1ef1c c\u1ee7a b\u1ea1n trong vi\u1ec7c ch\u1ee5p \u1ea3nh v\u1edbi \u00e1nh s\u00e1ng ch\u1ee9a nhi\u1ec1u tia UV. B\u1ea1n l\u00e0 m\u1ed9t ng\u01b0\u1eddi th\u00edch quay film, ch\u1ee5p \u1ea3nh? B\u1ea1n lu\u00f4n mong mu\u1ed1n thu \u0111\u01b0\u1ee3c nh\u1eefng s\u1ea3n ph\u1ea9m c\u00f3 ch\u1ea5t l\u01b0\u1ee3ng t\u00f4t nh\u1ea5t m\u00e0 &#8230;<\/p>\n","protected":false},"featured_media":5628,"comment_status":"open","ping_status":"closed","template":"","meta":{"_acf_changed":false},"product_brand":[],"product_cat":[177],"product_tag":[449,209],"class_list":{"0":"post-5639","1":"product","2":"type-product","3":"status-publish","4":"has-post-thumbnail","6":"product_cat-mavic-2s-accessory","7":"product_tag-filter-mrc-uv-mavic-2-zoom-en","8":"product_tag-phu-kien-mavic-2-en","10":"first","11":"instock","12":"shipping-taxable","13":"purchasable","14":"product-type-simple"},"acf":[],"yoast_head":"<!-- This site is optimized with the Yoast SEO plugin v25.7 - https:\/\/yoast.com\/wordpress\/plugins\/seo\/ -->\n<title>MRC-UV Filter Mavic 2 Zoom - Mavic 2 zoom accessory - Available<\/title>\n<meta name=\"description\" content=\"MRC-UV Filter Mavic 2 Zoom is one of the most important accessory. Contact us to buy MRC-UV Filter Mavic 2 Zoom for best price, fast shipping\" \/>\n<meta name=\"robots\" content=\"index, follow, max-snippet:-1, max-image-preview:large, max-video-preview:-1\" \/>\n<link rel=\"canonical\" href=\"https:\/\/phukienflytech.vn\/en\/san-pham\/mrc-uv-filter-mavic-2-zoom.html\" \/>\n<meta property=\"og:locale\" content=\"en_US\" \/>\n<meta property=\"og:type\" content=\"article\" \/>\n<meta property=\"og:title\" content=\"MRC-UV Filter Mavic 2 Zoom - Mavic 2 zoom accessory - Available\" \/>\n<meta property=\"og:description\" content=\"MRC-UV Filter Mavic 2 Zoom is one of the most important accessory. Contact us to buy MRC-UV Filter Mavic 2 Zoom for best price, fast shipping\" \/>\n<meta property=\"og:url\" content=\"https:\/\/phukienflytech.vn\/en\/san-pham\/mrc-uv-filter-mavic-2-zoom.html\" \/>\n<meta property=\"og:site_name\" content=\"Shop M\u00e1y \u1ea3nh - Action Camera - Gimbal - Flycam - Ph\u1ee5 ki\u1ec7n\" \/>\n<meta property=\"article:publisher\" content=\"https:\/\/facebook.com\/phukienflycam\" \/>\n<meta property=\"article:modified_time\" content=\"2022-08-18T08:45:22+00:00\" \/>\n<meta property=\"og:image\" content=\"https:\/\/phukienflytech.vn\/wp-content\/uploads\/2020\/06\/300x300_filter-mrc-uv-mavic-2-zoom-phu-kien-flycam-pgytech.png\" \/>\n\t<meta property=\"og:image:width\" content=\"300\" \/>\n\t<meta property=\"og:image:height\" content=\"296\" \/>\n\t<meta property=\"og:image:type\" content=\"image\/png\" \/>\n<meta name=\"twitter:card\" content=\"summary_large_image\" \/>\n<meta name=\"twitter:label1\" content=\"Est. reading time\" \/>\n\t<meta name=\"twitter:data1\" content=\"2 minutes\" \/>\n<script type=\"application\/ld+json\" class=\"yoast-schema-graph\">{\"@context\":\"https:\/\/schema.org\",\"@graph\":[{\"@type\":\"WebPage\",\"@id\":\"https:\/\/phukienflytech.vn\/en\/san-pham\/mrc-uv-filter-mavic-2-zoom.html\",\"url\":\"https:\/\/phukienflytech.vn\/en\/san-pham\/mrc-uv-filter-mavic-2-zoom.html\",\"name\":\"MRC-UV Filter Mavic 2 Zoom - Mavic 2 zoom accessory - Available\",\"isPartOf\":{\"@id\":\"https:\/\/phukienflytech.vn\/#website\"},\"primaryImageOfPage\":{\"@id\":\"https:\/\/phukienflytech.vn\/en\/san-pham\/mrc-uv-filter-mavic-2-zoom.html#primaryimage\"},\"image\":{\"@id\":\"https:\/\/phukienflytech.vn\/en\/san-pham\/mrc-uv-filter-mavic-2-zoom.html#primaryimage\"},\"thumbnailUrl\":\"https:\/\/phukienflytech.vn\/wp-content\/uploads\/2020\/06\/300x300_filter-mrc-uv-mavic-2-zoom-phu-kien-flycam-pgytech.png\",\"datePublished\":\"2020-06-20T10:43:48+00:00\",\"dateModified\":\"2022-08-18T08:45:22+00:00\",\"description\":\"MRC-UV Filter Mavic 2 Zoom is one of the most important accessory. Contact us to buy MRC-UV Filter Mavic 2 Zoom for best price, fast shipping\",\"breadcrumb\":{\"@id\":\"https:\/\/phukienflytech.vn\/en\/san-pham\/mrc-uv-filter-mavic-2-zoom.html#breadcrumb\"},\"inLanguage\":\"en-US\",\"potentialAction\":[{\"@type\":\"ReadAction\",\"target\":[\"https:\/\/phukienflytech.vn\/en\/san-pham\/mrc-uv-filter-mavic-2-zoom.html\"]}]},{\"@type\":\"ImageObject\",\"inLanguage\":\"en-US\",\"@id\":\"https:\/\/phukienflytech.vn\/en\/san-pham\/mrc-uv-filter-mavic-2-zoom.html#primaryimage\",\"url\":\"https:\/\/phukienflytech.vn\/wp-content\/uploads\/2020\/06\/300x300_filter-mrc-uv-mavic-2-zoom-phu-kien-flycam-pgytech.png\",\"contentUrl\":\"https:\/\/phukienflytech.vn\/wp-content\/uploads\/2020\/06\/300x300_filter-mrc-uv-mavic-2-zoom-phu-kien-flycam-pgytech.png\",\"width\":300,\"height\":296},{\"@type\":\"BreadcrumbList\",\"@id\":\"https:\/\/phukienflytech.vn\/en\/san-pham\/mrc-uv-filter-mavic-2-zoom.html#breadcrumb\",\"itemListElement\":[{\"@type\":\"ListItem\",\"position\":1,\"name\":\"Home\",\"item\":\"https:\/\/phukienflytech.vn\/en\"},{\"@type\":\"ListItem\",\"position\":2,\"name\":\"Ph\u1ee5 ki\u1ec7n Mavic Pro\",\"item\":\"https:\/\/phukienflytech.vn\/en\/phu-kien-mavic-pro.html\"},{\"@type\":\"ListItem\",\"position\":3,\"name\":\"DJI Osmo &amp; Drone's accessories\",\"item\":\"https:\/\/phukienflytech.vn\/en\/danh-muc\/dji-osmo-drones-accessories.html\"},{\"@type\":\"ListItem\",\"position\":4,\"name\":\"Ph\u1ee5 ki\u1ec7n DJI Mavic 2\",\"item\":\"https:\/\/phukienflytech.vn\/en\/danh-muc\/mavic-2s-accessory.html\"},{\"@type\":\"ListItem\",\"position\":5,\"name\":\"MRC-UV Filter Mavic 2 Zoom &#8211; PGYtech\"}]},{\"@type\":\"WebSite\",\"@id\":\"https:\/\/phukienflytech.vn\/#website\",\"url\":\"https:\/\/phukienflytech.vn\/\",\"name\":\"Shop M\u00e1y \u1ea3nh - Action Camera - Gimbal - Flycam - Ph\u1ee5 ki\u1ec7n\",\"description\":\"Shop M\u00e1y \u1ea3nh - Action Camera - Gimbal - Flycam - Ph\u1ee5 ki\u1ec7n\",\"publisher\":{\"@id\":\"https:\/\/phukienflytech.vn\/#organization\"},\"potentialAction\":[{\"@type\":\"SearchAction\",\"target\":{\"@type\":\"EntryPoint\",\"urlTemplate\":\"https:\/\/phukienflytech.vn\/?s={search_term_string}\"},\"query-input\":{\"@type\":\"PropertyValueSpecification\",\"valueRequired\":true,\"valueName\":\"search_term_string\"}}],\"inLanguage\":\"en-US\"},{\"@type\":\"Organization\",\"@id\":\"https:\/\/phukienflytech.vn\/#organization\",\"name\":\"DJI Store - Shop Drone, Action camera, Gimbal DJI |Phukienflytech\",\"alternateName\":\"DJI Store - Shop Drone, Action camera, Gimbal DJI |Phukienflytech\",\"url\":\"https:\/\/phukienflytech.vn\/\",\"logo\":{\"@type\":\"ImageObject\",\"inLanguage\":\"en-US\",\"@id\":\"https:\/\/phukienflytech.vn\/#\/schema\/logo\/image\/\",\"url\":\"https:\/\/phukienflytech.vn\/wp-content\/uploads\/2020\/05\/hAnh_nan.jpg1_.jpg\",\"contentUrl\":\"https:\/\/phukienflytech.vn\/wp-content\/uploads\/2020\/05\/hAnh_nan.jpg1_.jpg\",\"width\":800,\"height\":450,\"caption\":\"DJI Store - Shop Drone, Action camera, Gimbal DJI |Phukienflytech\"},\"image\":{\"@id\":\"https:\/\/phukienflytech.vn\/#\/schema\/logo\/image\/\"},\"sameAs\":[\"https:\/\/facebook.com\/phukienflycam\",\"https:\/\/www.youtube.com\/@phukienflytech\",\"https:\/\/www.tiktok.com\/@flytech.channel?fbclid=IwY2xjawGjg7BleHRuA2FlbQIxMAABHYVGmlXpuSMs0UB2zTpYvyT4GMVfN2qJa4urF4vkSQ6FAVBwXZtDP30qQA_aem_UwMiDcUvlEbd2tXAmsc8Og\"]}]}<\/script>\n<!-- \/ Yoast SEO plugin. -->","yoast_head_json":{"title":"MRC-UV Filter Mavic 2 Zoom - Mavic 2 zoom accessory - Available","description":"MRC-UV Filter Mavic 2 Zoom is one of the most important accessory. Contact us to buy MRC-UV Filter Mavic 2 Zoom for best price, fast shipping","robots":{"index":"index","follow":"follow","max-snippet":"max-snippet:-1","max-image-preview":"max-image-preview:large","max-video-preview":"max-video-preview:-1"},"canonical":"https:\/\/phukienflytech.vn\/en\/san-pham\/mrc-uv-filter-mavic-2-zoom.html","og_locale":"en_US","og_type":"article","og_title":"MRC-UV Filter Mavic 2 Zoom - Mavic 2 zoom accessory - Available","og_description":"MRC-UV Filter Mavic 2 Zoom is one of the most important accessory. Contact us to buy MRC-UV Filter Mavic 2 Zoom for best price, fast shipping","og_url":"https:\/\/phukienflytech.vn\/en\/san-pham\/mrc-uv-filter-mavic-2-zoom.html","og_site_name":"Shop M\u00e1y \u1ea3nh - Action Camera - Gimbal - Flycam - Ph\u1ee5 ki\u1ec7n","article_publisher":"https:\/\/facebook.com\/phukienflycam","article_modified_time":"2022-08-18T08:45:22+00:00","og_image":[{"width":300,"height":296,"url":"https:\/\/phukienflytech.vn\/wp-content\/uploads\/2020\/06\/300x300_filter-mrc-uv-mavic-2-zoom-phu-kien-flycam-pgytech.png","type":"image\/png"}],"twitter_card":"summary_large_image","twitter_misc":{"Est. reading time":"2 minutes"},"schema":{"@context":"https:\/\/schema.org","@graph":[{"@type":"WebPage","@id":"https:\/\/phukienflytech.vn\/en\/san-pham\/mrc-uv-filter-mavic-2-zoom.html","url":"https:\/\/phukienflytech.vn\/en\/san-pham\/mrc-uv-filter-mavic-2-zoom.html","name":"MRC-UV Filter Mavic 2 Zoom - Mavic 2 zoom accessory - Available","isPartOf":{"@id":"https:\/\/phukienflytech.vn\/#website"},"primaryImageOfPage":{"@id":"https:\/\/phukienflytech.vn\/en\/san-pham\/mrc-uv-filter-mavic-2-zoom.html#primaryimage"},"image":{"@id":"https:\/\/phukienflytech.vn\/en\/san-pham\/mrc-uv-filter-mavic-2-zoom.html#primaryimage"},"thumbnailUrl":"https:\/\/phukienflytech.vn\/wp-content\/uploads\/2020\/06\/300x300_filter-mrc-uv-mavic-2-zoom-phu-kien-flycam-pgytech.png","datePublished":"2020-06-20T10:43:48+00:00","dateModified":"2022-08-18T08:45:22+00:00","description":"MRC-UV Filter Mavic 2 Zoom is one of the most important accessory. Contact us to buy MRC-UV Filter Mavic 2 Zoom for best price, fast shipping","breadcrumb":{"@id":"https:\/\/phukienflytech.vn\/en\/san-pham\/mrc-uv-filter-mavic-2-zoom.html#breadcrumb"},"inLanguage":"en-US","potentialAction":[{"@type":"ReadAction","target":["https:\/\/phukienflytech.vn\/en\/san-pham\/mrc-uv-filter-mavic-2-zoom.html"]}]},{"@type":"ImageObject","inLanguage":"en-US","@id":"https:\/\/phukienflytech.vn\/en\/san-pham\/mrc-uv-filter-mavic-2-zoom.html#primaryimage","url":"https:\/\/phukienflytech.vn\/wp-content\/uploads\/2020\/06\/300x300_filter-mrc-uv-mavic-2-zoom-phu-kien-flycam-pgytech.png","contentUrl":"https:\/\/phukienflytech.vn\/wp-content\/uploads\/2020\/06\/300x300_filter-mrc-uv-mavic-2-zoom-phu-kien-flycam-pgytech.png","width":300,"height":296},{"@type":"BreadcrumbList","@id":"https:\/\/phukienflytech.vn\/en\/san-pham\/mrc-uv-filter-mavic-2-zoom.html#breadcrumb","itemListElement":[{"@type":"ListItem","position":1,"name":"Home","item":"https:\/\/phukienflytech.vn\/en"},{"@type":"ListItem","position":2,"name":"Ph\u1ee5 ki\u1ec7n Mavic Pro","item":"https:\/\/phukienflytech.vn\/en\/phu-kien-mavic-pro.html"},{"@type":"ListItem","position":3,"name":"DJI Osmo &amp; Drone's accessories","item":"https:\/\/phukienflytech.vn\/en\/danh-muc\/dji-osmo-drones-accessories.html"},{"@type":"ListItem","position":4,"name":"Ph\u1ee5 ki\u1ec7n DJI Mavic 2","item":"https:\/\/phukienflytech.vn\/en\/danh-muc\/mavic-2s-accessory.html"},{"@type":"ListItem","position":5,"name":"MRC-UV Filter Mavic 2 Zoom &#8211; PGYtech"}]},{"@type":"WebSite","@id":"https:\/\/phukienflytech.vn\/#website","url":"https:\/\/phukienflytech.vn\/","name":"Shop M\u00e1y \u1ea3nh - Action Camera - Gimbal - Flycam - Ph\u1ee5 ki\u1ec7n","description":"Shop M\u00e1y \u1ea3nh - Action Camera - Gimbal - Flycam - Ph\u1ee5 ki\u1ec7n","publisher":{"@id":"https:\/\/phukienflytech.vn\/#organization"},"potentialAction":[{"@type":"SearchAction","target":{"@type":"EntryPoint","urlTemplate":"https:\/\/phukienflytech.vn\/?s={search_term_string}"},"query-input":{"@type":"PropertyValueSpecification","valueRequired":true,"valueName":"search_term_string"}}],"inLanguage":"en-US"},{"@type":"Organization","@id":"https:\/\/phukienflytech.vn\/#organization","name":"DJI Store - Shop Drone, Action camera, Gimbal DJI |Phukienflytech","alternateName":"DJI Store - Shop Drone, Action camera, Gimbal DJI |Phukienflytech","url":"https:\/\/phukienflytech.vn\/","logo":{"@type":"ImageObject","inLanguage":"en-US","@id":"https:\/\/phukienflytech.vn\/#\/schema\/logo\/image\/","url":"https:\/\/phukienflytech.vn\/wp-content\/uploads\/2020\/05\/hAnh_nan.jpg1_.jpg","contentUrl":"https:\/\/phukienflytech.vn\/wp-content\/uploads\/2020\/05\/hAnh_nan.jpg1_.jpg","width":800,"height":450,"caption":"DJI Store - Shop Drone, Action camera, Gimbal DJI |Phukienflytech"},"image":{"@id":"https:\/\/phukienflytech.vn\/#\/schema\/logo\/image\/"},"sameAs":["https:\/\/facebook.com\/phukienflycam","https:\/\/www.youtube.com\/@phukienflytech","https:\/\/www.tiktok.com\/@flytech.channel?fbclid=IwY2xjawGjg7BleHRuA2FlbQIxMAABHYVGmlXpuSMs0UB2zTpYvyT4GMVfN2qJa4urF4vkSQ6FAVBwXZtDP30qQA_aem_UwMiDcUvlEbd2tXAmsc8Og"]}]}},"_links":{"self":[{"href":"https:\/\/phukienflytech.vn\/en\/wp-json\/wp\/v2\/product\/5639","targetHints":{"allow":["GET"]}}],"collection":[{"href":"https:\/\/phukienflytech.vn\/en\/wp-json\/wp\/v2\/product"}],"about":[{"href":"https:\/\/phukienflytech.vn\/en\/wp-json\/wp\/v2\/types\/product"}],"replies":[{"embeddable":true,"href":"https:\/\/phukienflytech.vn\/en\/wp-json\/wp\/v2\/comments?post=5639"}],"wp:featuredmedia":[{"embeddable":true,"href":"https:\/\/phukienflytech.vn\/en\/wp-json\/wp\/v2\/media\/5628"}],"wp:attachment":[{"href":"https:\/\/phukienflytech.vn\/en\/wp-json\/wp\/v2\/media?parent=5639"}],"wp:term":[{"taxonomy":"product_brand","embeddable":true,"href":"https:\/\/phukienflytech.vn\/en\/wp-json\/wp\/v2\/product_brand?post=5639"},{"taxonomy":"product_cat","embeddable":true,"href":"https:\/\/phukienflytech.vn\/en\/wp-json\/wp\/v2\/product_cat?post=5639"},{"taxonomy":"product_tag","embeddable":true,"href":"https:\/\/phukienflytech.vn\/en\/wp-json\/wp\/v2\/product_tag?post=5639"}],"curies":[{"name":"wp","href":"https:\/\/api.w.org\/{rel}","templated":true}]}}