{"id":5729,"date":"2020-06-24T08:54:29","date_gmt":"2020-06-24T01:54:29","guid":{"rendered":"http:\/\/27430.lamdx.vinawebsite.vn\/san-pham\/hub-sac-3-pin-phantom-4.html"},"modified":"2021-01-16T10:26:47","modified_gmt":"2021-01-16T03:26:47","slug":"charging-hub-for-phantom-4","status":"publish","type":"product","link":"https:\/\/phukienflytech.vn\/en\/san-pham\/charging-hub-for-phantom-4.html","title":{"rendered":"Charging hub for Phantom 4"},"content":{"rendered":"<h2><span style=\"color: #0000ff;\"><em><strong><span style=\"font-size: 21px;\">Charging hub for Phantom 4<\/span><\/strong><\/em><\/span><\/h2>\n<p><span style=\"font-size: 18px;\">Charging hub for Phantom 4<\/span><\/p>\n<p><span style=\"font-size: 18px;\">Khi ch\u00fang ta ch\u01a1i flycam DJI Phantom 4\/ professional \/ advanced,\u00a0ai ai c\u0169ng c\u00f3 cho m\u00ecnh t\u1eeb 2 t\u1edbi 3 vi\u00ean pin \u0111\u1ec3 c\u00f3 th\u1ec3 th\u1ecfa m\u00e3n th\u1eddi gian \u0111am m\u00ea c\u0169ng nh\u01b0 l\u00e0 \u0111\u00e1p \u1ee9ng \u0111\u01b0\u1ee3c nhu c\u1ea7u quay film v\u00e0 ch\u1ee5p h\u00ecnh t\u1eeb tr\u00ean cao c\u1ee7a m\u00ecnh.<\/span><\/p>\n<p>&nbsp;<\/p>\n<p><span style=\"font-size: 18px;\"><img loading=\"lazy\" decoding=\"async\" class=\"alignnone size-medium wp-image-12128\" src=\"https:\/\/phukienflytech.vn\/wp-content\/uploads\/2020\/06\/hub-sac-3-pin-phantom-4-4824-8-400x400.jpg\" alt=\"\" width=\"400\" height=\"400\" srcset=\"https:\/\/phukienflytech.vn\/wp-content\/uploads\/2020\/06\/hub-sac-3-pin-phantom-4-4824-8-400x400.jpg 400w, https:\/\/phukienflytech.vn\/wp-content\/uploads\/2020\/06\/hub-sac-3-pin-phantom-4-4824-8-280x280.jpg 280w, https:\/\/phukienflytech.vn\/wp-content\/uploads\/2020\/06\/hub-sac-3-pin-phantom-4-4824-8-300x300.jpg 300w, https:\/\/phukienflytech.vn\/wp-content\/uploads\/2020\/06\/hub-sac-3-pin-phantom-4-4824-8-600x600.jpg 600w, https:\/\/phukienflytech.vn\/wp-content\/uploads\/2020\/06\/hub-sac-3-pin-phantom-4-4824-8-100x100.jpg 100w, https:\/\/phukienflytech.vn\/wp-content\/uploads\/2020\/06\/hub-sac-3-pin-phantom-4-4824-8.jpg 650w\" sizes=\"auto, (max-width: 400px) 100vw, 400px\" \/><\/span><\/p>\n<p>&nbsp;<\/p>\n<p><span style=\"font-size: 18px;\">V\u1eady t\u1ea1i sao ch\u00fang ta l\u1ea1i c\u1ea7n t\u1edbi m\u1ed9t thi\u1ebft b\u1ecb h\u1ed7 tr\u1ee3 s\u1ea1c \u0111\u1ec3 h\u1ea1n ch\u1ebf s\u1ef1 b\u1ea5t ti\u1ec7n khi ph\u1ea3i thay th\u1ebf c\u00e1c vi\u00ean pin \u0111\u1ec3 s\u1ea1c cho \u0111\u1ee7 \u0111\u1ea7y\u00a0 2, 3 vi\u00ean pin nh\u01b0\u00a0<strong>Hub s\u1ea1c 3 pin Phantom 4<\/strong><\/span><\/p>\n<p><span style=\"font-size: 18px;\">Do v\u1eady, v\u1edbi b\u1ed9 s\u1ea1c g\u1ed1c theo m\u00e1y bay ch\u1ec9 \u0111\u00e1p \u1ee9ng s\u1ea1c 1 c\u1ee5c pin\u00a0 m\u1ed7i l\u1ea7n, v\u00e0 c\u1ee9 m\u1ed7i l\u1ea7n 1 c\u1ee5c pin s\u1ea1c \u0111\u1ea7y ta c\u1ea7n ph\u1ea3i th\u00e1o ra v\u00e0 l\u1eafp s\u1ea1c c\u1ee5c k\u1ebf ti\u1ebfp, c\u1ee9 nh\u01b0 v\u1eady ch\u00fang ta ph\u1ea3i c\u0103n th\u1eddi gian \u0111\u1ec3 thay th\u1ebf ch\u00fang cho t\u1edbi khi t\u1ea5t c\u1ea3 c\u00f9ng \u0111\u1ea7y.<\/span><\/p>\n<p>&nbsp;<\/p>\n<p><span style=\"font-size: 18px;\"><img loading=\"lazy\" decoding=\"async\" src=\"https:\/\/phukienflytech.vn\/wp-content\/uploads\/2020\/06\/hub-sac-3-pin-phantom-4-4824-3.jpg\" alt=\"\" width=\"380\" height=\"380\" \/><img loading=\"lazy\" decoding=\"async\" class=\"alignnone wp-image-12130\" src=\"https:\/\/phukienflytech.vn\/wp-content\/uploads\/2020\/06\/hub-sac-3-pin-phantom-4-4824-4-1-280x280.jpg\" alt=\"Charging-hub-for-Phantom-4-3\" width=\"436\" height=\"436\" srcset=\"https:\/\/phukienflytech.vn\/wp-content\/uploads\/2020\/06\/hub-sac-3-pin-phantom-4-4824-4-1-280x280.jpg 280w, https:\/\/phukienflytech.vn\/wp-content\/uploads\/2020\/06\/hub-sac-3-pin-phantom-4-4824-4-1-300x300.jpg 300w, https:\/\/phukienflytech.vn\/wp-content\/uploads\/2020\/06\/hub-sac-3-pin-phantom-4-4824-4-1-100x100.jpg 100w\" sizes=\"auto, (max-width: 436px) 100vw, 436px\" \/><\/span><\/p>\n<p>&nbsp;<\/p>\n<p><span style=\"font-size: 18px;\">Nh\u01b0 v\u1eady th\u1eadt b\u1ea5t ti\u1ec7n, ch\u01b0a k\u1ec3 c\u00f3 nh\u1eefng h\u00f4m sau ch\u00fang ta c\u1ea7n quay nhi\u1ec1u, m\u00e0 \u0111\u00eam nay ta l\u1ea1i ph\u1ea3i s\u1ea1c t\u1eebng c\u1ee5c pin nh\u01b0 v\u1eady th\u00ec l\u00e0m sao c\u00f3 th\u1ec3 ng\u1ee7 ngon gi\u1ea5c<\/span><\/p>\n<p>&nbsp;<\/p>\n<p><span style=\"font-size: 18px;\"><img loading=\"lazy\" decoding=\"async\" src=\"https:\/\/phukienflytech.vn\/wp-content\/uploads\/2020\/06\/hub-sac-3-pin-phantom-4-4824-5.jpg\" alt=\"\" width=\"400\" height=\"225\" \/><img loading=\"lazy\" decoding=\"async\" class=\"alignnone wp-image-12132\" src=\"https:\/\/phukienflytech.vn\/wp-content\/uploads\/2020\/06\/hub-sac-3-pin-phantom-4-4824-6-1-711x400.jpg\" alt=\"Charging-hub-for-Phantom-4-1\" width=\"628\" height=\"353\" srcset=\"https:\/\/phukienflytech.vn\/wp-content\/uploads\/2020\/06\/hub-sac-3-pin-phantom-4-4824-6-1-711x400.jpg 711w, https:\/\/phukienflytech.vn\/wp-content\/uploads\/2020\/06\/hub-sac-3-pin-phantom-4-4824-6-1-768x432.jpg 768w, https:\/\/phukienflytech.vn\/wp-content\/uploads\/2020\/06\/hub-sac-3-pin-phantom-4-4824-6-1-600x338.jpg 600w, https:\/\/phukienflytech.vn\/wp-content\/uploads\/2020\/06\/hub-sac-3-pin-phantom-4-4824-6-1.jpg 1280w\" sizes=\"auto, (max-width: 628px) 100vw, 628px\" \/><\/span><\/p>\n<p>&nbsp;<\/p>\n<h2><span style=\"font-size: 21px;\"><strong><span style=\"color: #0000ff;\">Chi ti\u1ebft Charging hub for Phantom 4<\/span><\/strong><\/span><\/h2>\n<ul>\n<li><span style=\"font-size: 18px;\">V\u00ec v\u1eady, h\u00e3y ngh\u0129 t\u1edbi gi\u1ea3i ph\u00e1p s\u1ea1c 3 c\u1ee5c pin trong c\u00f9ng m\u1ed9t l\u1ea7n c\u1eafm s\u1ea1c.<\/span><\/li>\n<li><span style=\"font-size: 18px;\">Th\u1eddi gian s\u1ea1c: 200 \u2013 210 ph\u00fat \/ 3 vi\u00ean<\/span><\/li>\n<li><span style=\"font-size: 18px;\">H\u1ed7 tr\u1ee3 s\u1ea1c nhanh: kh\u00f4ng<\/span><\/li>\n<\/ul>\n<p>&nbsp;<\/p>\n<p><span style=\"font-size: 18px;\"><img loading=\"lazy\" decoding=\"async\" class=\"alignnone wp-image-12134\" src=\"https:\/\/phukienflytech.vn\/wp-content\/uploads\/2020\/06\/hub-sac-3-pin-phantom-4-4824-7-1-400x400.jpg\" alt=\"Charging-hub-for-Phantom-4\" width=\"477\" height=\"477\" srcset=\"https:\/\/phukienflytech.vn\/wp-content\/uploads\/2020\/06\/hub-sac-3-pin-phantom-4-4824-7-1-400x400.jpg 400w, https:\/\/phukienflytech.vn\/wp-content\/uploads\/2020\/06\/hub-sac-3-pin-phantom-4-4824-7-1-280x280.jpg 280w, https:\/\/phukienflytech.vn\/wp-content\/uploads\/2020\/06\/hub-sac-3-pin-phantom-4-4824-7-1-768x768.jpg 768w, https:\/\/phukienflytech.vn\/wp-content\/uploads\/2020\/06\/hub-sac-3-pin-phantom-4-4824-7-1-800x800.jpg 800w, https:\/\/phukienflytech.vn\/wp-content\/uploads\/2020\/06\/hub-sac-3-pin-phantom-4-4824-7-1-300x300.jpg 300w, https:\/\/phukienflytech.vn\/wp-content\/uploads\/2020\/06\/hub-sac-3-pin-phantom-4-4824-7-1-600x600.jpg 600w, https:\/\/phukienflytech.vn\/wp-content\/uploads\/2020\/06\/hub-sac-3-pin-phantom-4-4824-7-1-100x100.jpg 100w, https:\/\/phukienflytech.vn\/wp-content\/uploads\/2020\/06\/hub-sac-3-pin-phantom-4-4824-7-1.jpg 1000w\" sizes=\"auto, (max-width: 477px) 100vw, 477px\" \/><\/span><\/p>\n<p>&nbsp;<\/p>\n<h2><span style=\"font-size: 21px; color: #0000ff;\"><strong>Ch\u00ednh s\u00e1ch b\u1ea3o h\u00e0nh s\u1ea1c pin phantom 4<\/strong><\/span><\/h2>\n<p><span style=\"font-size: 18px;\"><strong>Ph\u1ee5 Ki\u1ec7n Flytech<\/strong>\u00a0l\u00e0 \u0111\u1ecba ch\u1ec9 uy t\u00edn \u0111\u1ec3 c\u00e1c b\u1ea1n c\u00f3 th\u1ec3 tin t\u01b0\u1edfng v\u00e0 mua\u00a0<strong>Pin ch\u00ednh h\u00e3ng Phantom 4.<\/strong>\u00a0Ch\u00fang t\u00f4i lu\u00f4n \u0111\u1eb7t quy\u1ec1n l\u1ee3i c\u1ee7a kh\u00e1ch h\u00e0ng l\u00ean h\u00e0ng \u0111\u1ea7u. Ngo\u00e0i\u00a0<strong>pin phantom 4 pro<\/strong>, Ph\u1ee5 ki\u1ec7n flytech c\u00f2n chung c\u1ea5p,\u00a0\u00a0<strong>ph\u1ee5 ki\u1ec7n flycam dji Phantom 4\u00a0<\/strong>\u0111\u1ec3 ph\u1ee5c v\u1ee5 nhu c\u1ea7u c\u1ee7a c\u00e1c b\u1ea1n.<\/span><\/p>\n<ul>\n<li><span style=\"font-size: 18px;\">B\u1ea3o h\u00e0nh : 6 th\u00e1ng<\/span><\/li>\n<li><span style=\"font-size: 18px;\">\u0110\u1ed5i m\u1edbi khi c\u00f3 l\u1ed7i : 1 tu\u1ea7n \u0111\u1ea7u\u00a0<\/span><\/li>\n<\/ul>\n<p><span style=\"font-size: 18px;\"><strong>\u0110i\u1ec1u ki\u1ec7n b\u1ea3o h\u00e0nh:<\/strong><\/span><\/p>\n<ul>\n<li><span style=\"font-size: 18px;\">Thi\u1ebft b\u1ecb kh\u00f4ng kh\u1edfi \u0111\u1ed9ng v\u00e0 t\u1eaft \u0111\u01b0\u1ee3c<\/span><\/li>\n<li><span style=\"font-size: 18px;\">L\u1ed7i k\u1ebft n\u1ed1i v\u1edbi m\u00e1y bay, s\u1ea1c\u00a0<\/span><\/li>\n<li><span style=\"font-size: 18px;\">S\u1ea1c b\u1ecb h\u01b0 h\u1ecfng do qu\u00e1 tr\u00ecnh v\u1eadn chuy\u1ec3n t\u1eeb Shop t\u1edbi ng\u01b0\u1eddi mua<\/span><\/li>\n<li><span style=\"font-size: 18px;\">S\u1ea1c c\u00f2n nguy\u00ean v\u1eb9n tem, phi\u1ebfu b\u1ea3o h\u00e0nh v\u00e0 trong th\u1eddi gian b\u1ea3o h\u00e0nh<\/span><\/li>\n<li><span style=\"font-size: 18px;\">T\u1ea5t c\u1ea3 c\u00e1c l\u1ed7i do ng\u01b0\u1eddi d\u00f9ng kh\u00f4ng tu\u00e2n th\u1ee7 quy tr\u00ecnh v\u00e0 nguy\u00ean t\u1eafc s\u1eed d\u1ee5ng d\u1eabn t\u1edbi h\u01b0 h\u1ecfng, r\u01a1i r\u1edbt \u0111\u1ec1u kh\u00f4ng \u0111\u01b0\u1ee3c b\u1ea3o h\u00e0nh.<\/span><\/li>\n<\/ul>\n<p><span style=\"font-size: 18px;\"><strong>L\u01b0u \u00fd:\u00a0<\/strong><\/span><\/p>\n<ul>\n<li><span style=\"font-size: 18px;\">S\u1ea3n ph\u1ea9m s\u1ebd c\u00f3 th\u1ebb b\u1ea3o h\u00e0nh v\u00e0 tem b\u1ea3o h\u00e0nh \u0111\u01b0\u1ee3c vi\u1ebft tr\u00ean pin<\/span><\/li>\n<li><span style=\"font-size: 18px;\">Trong tr\u01b0\u1eddng h\u1ee3p \u0111\u1ed5i m\u1edbi, ch\u00fang t\u00f4i s\u1ebd kh\u00f4ng nh\u1eadn l\u1ea1i h\u00e0ng khi h\u1ed9p v\u00e0 c\u00e1c gi\u1ea5y t\u1edd \u0111i k\u00e8m b\u1ecb h\u1ecfng ho\u1eb7c m\u1ea5t.<\/span><\/li>\n<\/ul>\n<p>&nbsp;<\/p>\n<p><span style=\"font-size: 18px;\">&gt;&gt;\u00a0 tham kh\u1ea3o ngay <strong><a href=\"http:\/\/phukienflytech.vn\/san-pham\/bo-sac-nhanh-phantom-4.html\" target=\"_blank\" rel=\"noopener noreferrer\">B\u1ed9 s\u1ea1c nhanh Phantom 4 <\/a>.<\/strong><\/span><\/p>\n<p>&nbsp;<\/p>\n<p><span style=\"font-size: 18px;\">H\u00e3y \u0111\u1ec3\u00a0<a href=\"https:\/\/facebook.com\/phukienflycam\/\" target=\"_blank\" rel=\"noopener noreferrer\">Ph\u1ee5 Ki\u1ec7n Fly-cam Gi\u00e1 T\u1ed1t<\/a>\u00a0ti\u1ebfp s\u1ee9c \u0111am m\u00ea, c\u00f4ng vi\u1ec7c c\u1ee7a b\u1ea1n, gi\u00fap b\u1ea1n th\u00eam ni\u1ec1m h\u1ee9ng kh\u1edfi trong \u0111am m\u00ea c\u0169ng nh\u01b0 c\u00f4ng vi\u1ec7c c\u1ee7a m\u00ecnh th\u00eam su\u00f4n s\u1ebb<\/span><\/p>\n<p><span style=\"font-size: 18px;\">Nh\u00e0 s\u1ea3n xu\u1ea5t: Sunnylife \u2013 Vendor chuy\u00ean cung c\u1ea5p ph\u1ee5 ki\u1ec7n, linh ki\u1ec7n cho DJI flycam<\/span><\/p>\n<p>&nbsp;<\/p>\n<p><span style=\"font-size: 18px;\">&gt;&gt; Tham kh\u1ea3o:\u00a0<strong><a href=\"https:\/\/phukienflytech.vn\/timkiem.html?s=pin+phantom+4&amp;category=post\" target=\"_blank\" rel=\"noopener noreferrer\">C\u00e1ch s\u1eed d\u1ee5ng pin \u0111\u00fang c\u00e1ch trong 2 n\u0103m<\/a><\/strong><\/span><\/p>\n<p><span style=\"font-size: 18px;\">&gt;&gt; Li\u00ean h\u1ec7 v\u1edbi ch\u00fang t\u00f4i qua:\u00a0<strong><a href=\"https:\/\/facebook.com\/phukienflycam\" target=\"_blank\" rel=\"noopener noreferrer\">Fanpage<\/a><\/strong><\/span><\/p>\n","protected":false},"excerpt":{"rendered":"<p>Charging hub for Phantom 4 Charging hub for Phantom 4 Khi ch\u00fang ta ch\u01a1i flycam DJI Phantom 4\/ professional \/ advanced,\u00a0ai ai c\u0169ng c\u00f3 cho m\u00ecnh t\u1eeb 2 t\u1edbi 3 vi\u00ean pin \u0111\u1ec3 c\u00f3 th\u1ec3 th\u1ecfa m\u00e3n th\u1eddi gian \u0111am m\u00ea c\u0169ng nh\u01b0 l\u00e0 \u0111\u00e1p \u1ee9ng \u0111\u01b0\u1ee3c nhu c\u1ea7u quay film v\u00e0 ch\u1ee5p h\u00ecnh t\u1eeb &#8230;<\/p>\n","protected":false},"featured_media":16286,"comment_status":"open","ping_status":"closed","template":"","meta":{"_acf_changed":false},"product_brand":[],"product_cat":[182],"product_tag":[206,226,227],"class_list":{"0":"post-5729","1":"product","2":"type-product","3":"status-publish","4":"has-post-thumbnail","6":"product_cat-phantom-4-accessory","7":"product_tag-phu-kien-dji-en","8":"product_tag-phu-kien-phantom-en","9":"product_tag-phu-kien-phantom-4-en","11":"first","12":"instock","13":"sale","14":"shipping-taxable","15":"purchasable","16":"product-type-simple"},"acf":[],"yoast_head":"<!-- This site is optimized with the Yoast SEO plugin v25.7 - https:\/\/yoast.com\/wordpress\/plugins\/seo\/ -->\n<title>Charging hub for Phantom 4 - Sunnylife - Phantom accessory - available.<\/title>\n<meta name=\"description\" content=\"Charging hub for Phantom 4 is one of the most important accessory. Contact us to buy Charging hub for Phantom 4 for best price.\" \/>\n<meta name=\"robots\" content=\"index, follow, max-snippet:-1, max-image-preview:large, max-video-preview:-1\" \/>\n<link rel=\"canonical\" href=\"https:\/\/phukienflytech.vn\/en\/san-pham\/charging-hub-for-phantom-4.html\" \/>\n<meta property=\"og:locale\" content=\"en_US\" \/>\n<meta property=\"og:type\" content=\"article\" \/>\n<meta property=\"og:title\" content=\"Charging hub for Phantom 4 - Sunnylife - Phantom accessory - available.\" \/>\n<meta property=\"og:description\" content=\"Charging hub for Phantom 4 is one of the most important accessory. Contact us to buy Charging hub for Phantom 4 for best price.\" \/>\n<meta property=\"og:url\" content=\"https:\/\/phukienflytech.vn\/en\/san-pham\/charging-hub-for-phantom-4.html\" \/>\n<meta property=\"og:site_name\" content=\"Shop M\u00e1y \u1ea3nh - Action Camera - Gimbal - Flycam - Ph\u1ee5 ki\u1ec7n\" \/>\n<meta property=\"article:publisher\" content=\"https:\/\/facebook.com\/phukienflycam\" \/>\n<meta property=\"article:modified_time\" content=\"2021-01-16T03:26:47+00:00\" \/>\n<meta property=\"og:image\" content=\"https:\/\/phukienflytech.vn\/wp-content\/uploads\/2020\/06\/hubsac_pt4.jpg\" \/>\n\t<meta property=\"og:image:width\" content=\"243\" \/>\n\t<meta property=\"og:image:height\" content=\"243\" \/>\n\t<meta property=\"og:image:type\" content=\"image\/jpeg\" \/>\n<meta name=\"twitter:card\" content=\"summary_large_image\" \/>\n<meta name=\"twitter:label1\" content=\"Est. reading time\" \/>\n\t<meta name=\"twitter:data1\" content=\"4 minutes\" \/>\n<script type=\"application\/ld+json\" class=\"yoast-schema-graph\">{\"@context\":\"https:\/\/schema.org\",\"@graph\":[{\"@type\":\"WebPage\",\"@id\":\"https:\/\/phukienflytech.vn\/en\/san-pham\/charging-hub-for-phantom-4.html\",\"url\":\"https:\/\/phukienflytech.vn\/en\/san-pham\/charging-hub-for-phantom-4.html\",\"name\":\"Charging hub for Phantom 4 - Sunnylife - Phantom accessory - available.\",\"isPartOf\":{\"@id\":\"https:\/\/phukienflytech.vn\/#website\"},\"primaryImageOfPage\":{\"@id\":\"https:\/\/phukienflytech.vn\/en\/san-pham\/charging-hub-for-phantom-4.html#primaryimage\"},\"image\":{\"@id\":\"https:\/\/phukienflytech.vn\/en\/san-pham\/charging-hub-for-phantom-4.html#primaryimage\"},\"thumbnailUrl\":\"https:\/\/phukienflytech.vn\/wp-content\/uploads\/2020\/06\/hubsac_pt4.jpg\",\"datePublished\":\"2020-06-24T01:54:29+00:00\",\"dateModified\":\"2021-01-16T03:26:47+00:00\",\"description\":\"Charging hub for Phantom 4 is one of the most important accessory. Contact us to buy Charging hub for Phantom 4 for best price.\",\"breadcrumb\":{\"@id\":\"https:\/\/phukienflytech.vn\/en\/san-pham\/charging-hub-for-phantom-4.html#breadcrumb\"},\"inLanguage\":\"en-US\",\"potentialAction\":[{\"@type\":\"ReadAction\",\"target\":[\"https:\/\/phukienflytech.vn\/en\/san-pham\/charging-hub-for-phantom-4.html\"]}]},{\"@type\":\"ImageObject\",\"inLanguage\":\"en-US\",\"@id\":\"https:\/\/phukienflytech.vn\/en\/san-pham\/charging-hub-for-phantom-4.html#primaryimage\",\"url\":\"https:\/\/phukienflytech.vn\/wp-content\/uploads\/2020\/06\/hubsac_pt4.jpg\",\"contentUrl\":\"https:\/\/phukienflytech.vn\/wp-content\/uploads\/2020\/06\/hubsac_pt4.jpg\",\"width\":243,\"height\":243},{\"@type\":\"BreadcrumbList\",\"@id\":\"https:\/\/phukienflytech.vn\/en\/san-pham\/charging-hub-for-phantom-4.html#breadcrumb\",\"itemListElement\":[{\"@type\":\"ListItem\",\"position\":1,\"name\":\"Home\",\"item\":\"https:\/\/phukienflytech.vn\/en\"},{\"@type\":\"ListItem\",\"position\":2,\"name\":\"Ph\u1ee5 ki\u1ec7n Mavic Pro\",\"item\":\"https:\/\/phukienflytech.vn\/en\/phu-kien-mavic-pro.html\"},{\"@type\":\"ListItem\",\"position\":3,\"name\":\"DJI Osmo &amp; Drone's accessories\",\"item\":\"https:\/\/phukienflytech.vn\/en\/danh-muc\/dji-osmo-drones-accessories.html\"},{\"@type\":\"ListItem\",\"position\":4,\"name\":\"Ph\u1ee5 ki\u1ec7n flycam Phantom 4\",\"item\":\"https:\/\/phukienflytech.vn\/en\/danh-muc\/phantom-4-accessory.html\"},{\"@type\":\"ListItem\",\"position\":5,\"name\":\"Charging hub for Phantom 4\"}]},{\"@type\":\"WebSite\",\"@id\":\"https:\/\/phukienflytech.vn\/#website\",\"url\":\"https:\/\/phukienflytech.vn\/\",\"name\":\"Shop M\u00e1y \u1ea3nh - Action Camera - Gimbal - Flycam - Ph\u1ee5 ki\u1ec7n\",\"description\":\"Shop M\u00e1y \u1ea3nh - Action Camera - Gimbal - Flycam - Ph\u1ee5 ki\u1ec7n\",\"publisher\":{\"@id\":\"https:\/\/phukienflytech.vn\/#organization\"},\"potentialAction\":[{\"@type\":\"SearchAction\",\"target\":{\"@type\":\"EntryPoint\",\"urlTemplate\":\"https:\/\/phukienflytech.vn\/?s={search_term_string}\"},\"query-input\":{\"@type\":\"PropertyValueSpecification\",\"valueRequired\":true,\"valueName\":\"search_term_string\"}}],\"inLanguage\":\"en-US\"},{\"@type\":\"Organization\",\"@id\":\"https:\/\/phukienflytech.vn\/#organization\",\"name\":\"DJI Store - Shop Drone, Action camera, Gimbal DJI |Phukienflytech\",\"alternateName\":\"DJI Store - Shop Drone, Action camera, Gimbal DJI |Phukienflytech\",\"url\":\"https:\/\/phukienflytech.vn\/\",\"logo\":{\"@type\":\"ImageObject\",\"inLanguage\":\"en-US\",\"@id\":\"https:\/\/phukienflytech.vn\/#\/schema\/logo\/image\/\",\"url\":\"https:\/\/phukienflytech.vn\/wp-content\/uploads\/2020\/05\/hAnh_nan.jpg1_.jpg\",\"contentUrl\":\"https:\/\/phukienflytech.vn\/wp-content\/uploads\/2020\/05\/hAnh_nan.jpg1_.jpg\",\"width\":800,\"height\":450,\"caption\":\"DJI Store - Shop Drone, Action camera, Gimbal DJI |Phukienflytech\"},\"image\":{\"@id\":\"https:\/\/phukienflytech.vn\/#\/schema\/logo\/image\/\"},\"sameAs\":[\"https:\/\/facebook.com\/phukienflycam\",\"https:\/\/www.youtube.com\/@phukienflytech\",\"https:\/\/www.tiktok.com\/@flytech.channel?fbclid=IwY2xjawGjg7BleHRuA2FlbQIxMAABHYVGmlXpuSMs0UB2zTpYvyT4GMVfN2qJa4urF4vkSQ6FAVBwXZtDP30qQA_aem_UwMiDcUvlEbd2tXAmsc8Og\"]}]}<\/script>\n<!-- \/ Yoast SEO plugin. -->","yoast_head_json":{"title":"Charging hub for Phantom 4 - Sunnylife - Phantom accessory - available.","description":"Charging hub for Phantom 4 is one of the most important accessory. Contact us to buy Charging hub for Phantom 4 for best price.","robots":{"index":"index","follow":"follow","max-snippet":"max-snippet:-1","max-image-preview":"max-image-preview:large","max-video-preview":"max-video-preview:-1"},"canonical":"https:\/\/phukienflytech.vn\/en\/san-pham\/charging-hub-for-phantom-4.html","og_locale":"en_US","og_type":"article","og_title":"Charging hub for Phantom 4 - Sunnylife - Phantom accessory - available.","og_description":"Charging hub for Phantom 4 is one of the most important accessory. Contact us to buy Charging hub for Phantom 4 for best price.","og_url":"https:\/\/phukienflytech.vn\/en\/san-pham\/charging-hub-for-phantom-4.html","og_site_name":"Shop M\u00e1y \u1ea3nh - Action Camera - Gimbal - Flycam - Ph\u1ee5 ki\u1ec7n","article_publisher":"https:\/\/facebook.com\/phukienflycam","article_modified_time":"2021-01-16T03:26:47+00:00","og_image":[{"width":243,"height":243,"url":"https:\/\/phukienflytech.vn\/wp-content\/uploads\/2020\/06\/hubsac_pt4.jpg","type":"image\/jpeg"}],"twitter_card":"summary_large_image","twitter_misc":{"Est. reading time":"4 minutes"},"schema":{"@context":"https:\/\/schema.org","@graph":[{"@type":"WebPage","@id":"https:\/\/phukienflytech.vn\/en\/san-pham\/charging-hub-for-phantom-4.html","url":"https:\/\/phukienflytech.vn\/en\/san-pham\/charging-hub-for-phantom-4.html","name":"Charging hub for Phantom 4 - Sunnylife - Phantom accessory - available.","isPartOf":{"@id":"https:\/\/phukienflytech.vn\/#website"},"primaryImageOfPage":{"@id":"https:\/\/phukienflytech.vn\/en\/san-pham\/charging-hub-for-phantom-4.html#primaryimage"},"image":{"@id":"https:\/\/phukienflytech.vn\/en\/san-pham\/charging-hub-for-phantom-4.html#primaryimage"},"thumbnailUrl":"https:\/\/phukienflytech.vn\/wp-content\/uploads\/2020\/06\/hubsac_pt4.jpg","datePublished":"2020-06-24T01:54:29+00:00","dateModified":"2021-01-16T03:26:47+00:00","description":"Charging hub for Phantom 4 is one of the most important accessory. Contact us to buy Charging hub for Phantom 4 for best price.","breadcrumb":{"@id":"https:\/\/phukienflytech.vn\/en\/san-pham\/charging-hub-for-phantom-4.html#breadcrumb"},"inLanguage":"en-US","potentialAction":[{"@type":"ReadAction","target":["https:\/\/phukienflytech.vn\/en\/san-pham\/charging-hub-for-phantom-4.html"]}]},{"@type":"ImageObject","inLanguage":"en-US","@id":"https:\/\/phukienflytech.vn\/en\/san-pham\/charging-hub-for-phantom-4.html#primaryimage","url":"https:\/\/phukienflytech.vn\/wp-content\/uploads\/2020\/06\/hubsac_pt4.jpg","contentUrl":"https:\/\/phukienflytech.vn\/wp-content\/uploads\/2020\/06\/hubsac_pt4.jpg","width":243,"height":243},{"@type":"BreadcrumbList","@id":"https:\/\/phukienflytech.vn\/en\/san-pham\/charging-hub-for-phantom-4.html#breadcrumb","itemListElement":[{"@type":"ListItem","position":1,"name":"Home","item":"https:\/\/phukienflytech.vn\/en"},{"@type":"ListItem","position":2,"name":"Ph\u1ee5 ki\u1ec7n Mavic Pro","item":"https:\/\/phukienflytech.vn\/en\/phu-kien-mavic-pro.html"},{"@type":"ListItem","position":3,"name":"DJI Osmo &amp; Drone's accessories","item":"https:\/\/phukienflytech.vn\/en\/danh-muc\/dji-osmo-drones-accessories.html"},{"@type":"ListItem","position":4,"name":"Ph\u1ee5 ki\u1ec7n flycam Phantom 4","item":"https:\/\/phukienflytech.vn\/en\/danh-muc\/phantom-4-accessory.html"},{"@type":"ListItem","position":5,"name":"Charging hub for Phantom 4"}]},{"@type":"WebSite","@id":"https:\/\/phukienflytech.vn\/#website","url":"https:\/\/phukienflytech.vn\/","name":"Shop M\u00e1y \u1ea3nh - Action Camera - Gimbal - Flycam - Ph\u1ee5 ki\u1ec7n","description":"Shop M\u00e1y \u1ea3nh - Action Camera - Gimbal - Flycam - Ph\u1ee5 ki\u1ec7n","publisher":{"@id":"https:\/\/phukienflytech.vn\/#organization"},"potentialAction":[{"@type":"SearchAction","target":{"@type":"EntryPoint","urlTemplate":"https:\/\/phukienflytech.vn\/?s={search_term_string}"},"query-input":{"@type":"PropertyValueSpecification","valueRequired":true,"valueName":"search_term_string"}}],"inLanguage":"en-US"},{"@type":"Organization","@id":"https:\/\/phukienflytech.vn\/#organization","name":"DJI Store - Shop Drone, Action camera, Gimbal DJI |Phukienflytech","alternateName":"DJI Store - Shop Drone, Action camera, Gimbal DJI |Phukienflytech","url":"https:\/\/phukienflytech.vn\/","logo":{"@type":"ImageObject","inLanguage":"en-US","@id":"https:\/\/phukienflytech.vn\/#\/schema\/logo\/image\/","url":"https:\/\/phukienflytech.vn\/wp-content\/uploads\/2020\/05\/hAnh_nan.jpg1_.jpg","contentUrl":"https:\/\/phukienflytech.vn\/wp-content\/uploads\/2020\/05\/hAnh_nan.jpg1_.jpg","width":800,"height":450,"caption":"DJI Store - Shop Drone, Action camera, Gimbal DJI |Phukienflytech"},"image":{"@id":"https:\/\/phukienflytech.vn\/#\/schema\/logo\/image\/"},"sameAs":["https:\/\/facebook.com\/phukienflycam","https:\/\/www.youtube.com\/@phukienflytech","https:\/\/www.tiktok.com\/@flytech.channel?fbclid=IwY2xjawGjg7BleHRuA2FlbQIxMAABHYVGmlXpuSMs0UB2zTpYvyT4GMVfN2qJa4urF4vkSQ6FAVBwXZtDP30qQA_aem_UwMiDcUvlEbd2tXAmsc8Og"]}]}},"_links":{"self":[{"href":"https:\/\/phukienflytech.vn\/en\/wp-json\/wp\/v2\/product\/5729","targetHints":{"allow":["GET"]}}],"collection":[{"href":"https:\/\/phukienflytech.vn\/en\/wp-json\/wp\/v2\/product"}],"about":[{"href":"https:\/\/phukienflytech.vn\/en\/wp-json\/wp\/v2\/types\/product"}],"replies":[{"embeddable":true,"href":"https:\/\/phukienflytech.vn\/en\/wp-json\/wp\/v2\/comments?post=5729"}],"wp:featuredmedia":[{"embeddable":true,"href":"https:\/\/phukienflytech.vn\/en\/wp-json\/wp\/v2\/media\/16286"}],"wp:attachment":[{"href":"https:\/\/phukienflytech.vn\/en\/wp-json\/wp\/v2\/media?parent=5729"}],"wp:term":[{"taxonomy":"product_brand","embeddable":true,"href":"https:\/\/phukienflytech.vn\/en\/wp-json\/wp\/v2\/product_brand?post=5729"},{"taxonomy":"product_cat","embeddable":true,"href":"https:\/\/phukienflytech.vn\/en\/wp-json\/wp\/v2\/product_cat?post=5729"},{"taxonomy":"product_tag","embeddable":true,"href":"https:\/\/phukienflytech.vn\/en\/wp-json\/wp\/v2\/product_tag?post=5729"}],"curies":[{"name":"wp","href":"https:\/\/api.w.org\/{rel}","templated":true}]}}