{"id":5744,"date":"2020-06-24T08:59:00","date_gmt":"2020-06-24T01:59:00","guid":{"rendered":"http:\/\/27430.lamdx.vinawebsite.vn\/san-pham\/thanh-sac-3pin-phantom-4.html"},"modified":"2021-01-16T10:26:41","modified_gmt":"2021-01-16T03:26:41","slug":"charging-panel-for-phantom-4","status":"publish","type":"product","link":"https:\/\/phukienflytech.vn\/en\/san-pham\/charging-panel-for-phantom-4.html","title":{"rendered":"Charging panel for Phantom 4"},"content":{"rendered":"<h2><span style=\"color: #0000ff;\"><em><strong><span style=\"font-size: 21px;\">Charging panel for Phantom 4<\/span><\/strong><\/em><\/span><\/h2>\n<p><span style=\"font-size: 18px;\">Charging panel for Phantom 4<\/span><\/p>\n<p><span style=\"font-size: 18px;\">C\u00f3 m\u1ed9t s\u1ef1 th\u1eadt kh\u00f4ng th\u1ec3 ch\u1ed1i c\u00e3i l\u00e0 khi ch\u00fang ta ch\u01a1i flycam DJI Phantom 4\/ professional \/ advanced,\u00a0ai ai c\u0169ng c\u00f3 cho m\u00ecnh t\u1eeb 2 t\u1edbi 3 c\u1ee5c pin \u0111\u1ec3 c\u00f3 th\u1ec3 th\u1ecfa m\u00e3n th\u1eddi gian \u0111am m\u00ea c\u0169ng nh\u01b0 l\u00e0 \u0111\u00e1p \u1ee9ng \u0111\u01b0\u1ee3c nhu c\u1ea7u quay film v\u00e0 ch\u1ee5p h\u00ecnh t\u1eeb tr\u00ean cao c\u1ee7a m\u00ecnh.<\/span><\/p>\n<p>&nbsp;<\/p>\n<p><span style=\"font-size: 18px;\"><img loading=\"lazy\" decoding=\"async\" class=\"alignnone wp-image-12117 size-full\" src=\"https:\/\/phukienflytech.vn\/wp-content\/uploads\/2020\/06\/thanh-sac-3pin-phantom-4-5712-7.jpg\" alt=\"sac-pin-dji-phantom-4\" width=\"450\" height=\"337\" \/><\/span><\/p>\n<p>&nbsp;<\/p>\n<p><span style=\"font-size: 18px;\">V\u1eady t\u1ea1i sao ch\u00fang ta l\u1ea1i c\u1ea7n t\u1edbi m\u1ed9t thi\u1ebft b\u1ecb h\u1ed7 tr\u1ee3 s\u1ea1c \u0111\u1ec3 h\u1ea1n ch\u1ebf s\u1ef1 b\u1ea5t ti\u1ec7n khi ph\u1ea3i thay th\u1ebf c\u00e1c vi\u00ean pin \u0111\u1ec3 s\u1ea1c cho \u0111\u1ee7 \u0111\u1ea7y\u00a0 2, 3 vi\u00ean pin.<\/span><\/p>\n<p><span style=\"font-size: 18px;\">H\u00e3y xem ngay g\u1ee3i \u00fd v\u1ec1\u00a0<strong>Thanh s\u1ea1c 3pin Phantom 4\u00a0<\/strong>n\u00e0y\u00a0&#8211;\u00a0\u0111\u01b0\u1ee3c thi\u1ebft k\u1ebf \u0111\u1ec3 h\u1ed7 tr\u1ee3 c\u1eafm s\u1ea1c 3 pin Phantom 3, tuy nhi\u00ean thanh s\u1ea1c kh\u00f4ng h\u1ed7 tr\u1ee3 s\u1ea1c nhanh \u0111\u1ed3ng th\u1eddi 3 pin 1 l\u00fac m\u00e0 v\u1eabn s\u1ea1c t\u01b0ng pin<\/span><\/p>\n<p>&nbsp;<\/p>\n<p><span style=\"font-size: 18px;\"><img loading=\"lazy\" decoding=\"async\" src=\"https:\/\/phukienflytech.vn\/wp-content\/uploads\/2020\/06\/thanh-sac-3pin-phantom-4-5712-1.jpg\" alt=\"\" width=\"380\" height=\"380\" \/><img loading=\"lazy\" decoding=\"async\" class=\"alignnone wp-image-12119 size-medium\" src=\"https:\/\/phukienflytech.vn\/wp-content\/uploads\/2020\/06\/thanh-sac-3pin-phantom-4-5712-2-1-533x400.jpg\" alt=\"thanh-sac-pin-phantom-4\" width=\"533\" height=\"400\" srcset=\"https:\/\/phukienflytech.vn\/wp-content\/uploads\/2020\/06\/thanh-sac-3pin-phantom-4-5712-2-1-533x400.jpg 533w, https:\/\/phukienflytech.vn\/wp-content\/uploads\/2020\/06\/thanh-sac-3pin-phantom-4-5712-2-1-600x450.jpg 600w, https:\/\/phukienflytech.vn\/wp-content\/uploads\/2020\/06\/thanh-sac-3pin-phantom-4-5712-2-1.jpg 640w\" sizes=\"auto, (max-width: 533px) 100vw, 533px\" \/><\/span><\/p>\n<p>&nbsp;<\/p>\n<p><span style=\"font-size: 18px;\">V\u00ec sao ch\u00fang ta n\u00ean s\u1eed d\u1ee5ng\u00a0<strong>Thanh s\u1ea1c 3pin Phantom 4\u00a0?<\/strong><\/span><\/p>\n<p>&nbsp;<\/p>\n<p><span style=\"font-size: 18px;\"><img loading=\"lazy\" decoding=\"async\" class=\"alignnone wp-image-12121 size-thumbnail\" src=\"https:\/\/phukienflytech.vn\/wp-content\/uploads\/2020\/06\/thanh-sac-3pin-phantom-4-5712-3-1-280x224.jpg\" alt=\"Charging-panel-for-Phantom-4-3\" width=\"280\" height=\"224\" \/><\/span><\/p>\n<p>&nbsp;<\/p>\n<p><span style=\"font-size: 18px;\">Khi s\u1eed d\u1ee5ng, thay v\u00ec b\u1ea1n ph\u1ea3i \u0111\u1ee3i t\u1eebng c\u1ee5c pin s\u1ea1c \u0111\u1ea7y v\u00e0 thay th\u1ebf th\u00ec nay ch\u1ec9 c\u1ea7n c\u1eafm c\u1ea3 3 pin v\u00e0 s\u1ea1c th\u00f4ng \u0111\u00eam m\u00e0 kh\u00f4ng c\u1ea7n ph\u1ea3i thay th\u1ebf s\u1ea1c cho t\u1eebng c\u1ee5c nh\u01b0 tr\u01b0\u1edbc. R\u1ea5t ti\u1ec7n l\u1ee3i<\/span><\/p>\n<p>&nbsp;<\/p>\n<p><span style=\"font-size: 18px;\"><img loading=\"lazy\" decoding=\"async\" src=\"https:\/\/phukienflytech.vn\/wp-content\/uploads\/2020\/06\/thanh-sac-3pin-phantom-4-5712-4.jpg\" alt=\"\" width=\"380\" height=\"380\" \/><img loading=\"lazy\" decoding=\"async\" class=\"alignnone wp-image-12123 size-thumbnail\" src=\"https:\/\/phukienflytech.vn\/wp-content\/uploads\/2020\/06\/thanh-sac-3pin-phantom-4-5712-5-1-280x280.jpg\" alt=\"Charging-panel-for-Phantom-4-1\" width=\"280\" height=\"280\" srcset=\"https:\/\/phukienflytech.vn\/wp-content\/uploads\/2020\/06\/thanh-sac-3pin-phantom-4-5712-5-1-280x280.jpg 280w, https:\/\/phukienflytech.vn\/wp-content\/uploads\/2020\/06\/thanh-sac-3pin-phantom-4-5712-5-1-300x300.jpg 300w, https:\/\/phukienflytech.vn\/wp-content\/uploads\/2020\/06\/thanh-sac-3pin-phantom-4-5712-5-1-100x100.jpg 100w\" sizes=\"auto, (max-width: 280px) 100vw, 280px\" \/><\/span><\/p>\n<p>&nbsp;<\/p>\n<h2><span style=\"font-size: 21px;\"><strong><span style=\"color: #0000ff;\">Chi ti\u1ebft c\u1ee7a Charging panel for Phantom 4<\/span><\/strong><\/span><\/h2>\n<ul>\n<li><span style=\"font-size: 18px;\">T\u1ed5ng th\u1eddi gian s\u1ea1c: 190 -200 ph\u00fat \/ 3pin<\/span><\/li>\n<li><span style=\"font-size: 18px;\">H\u1ed7 tr\u1ee3: Pin Phantom 4<\/span><\/li>\n<\/ul>\n<p>&nbsp;<\/p>\n<p><span style=\"font-size: 18px;\"><img loading=\"lazy\" decoding=\"async\" class=\"alignnone wp-image-12125 size-thumbnail\" src=\"https:\/\/phukienflytech.vn\/wp-content\/uploads\/2020\/06\/thanh-sac-3pin-phantom-4-5712-6-1-280x280.jpg\" alt=\"Charging-panel-for-Phantom-4\" width=\"280\" height=\"280\" srcset=\"https:\/\/phukienflytech.vn\/wp-content\/uploads\/2020\/06\/thanh-sac-3pin-phantom-4-5712-6-1-280x280.jpg 280w, https:\/\/phukienflytech.vn\/wp-content\/uploads\/2020\/06\/thanh-sac-3pin-phantom-4-5712-6-1-300x300.jpg 300w, https:\/\/phukienflytech.vn\/wp-content\/uploads\/2020\/06\/thanh-sac-3pin-phantom-4-5712-6-1-100x100.jpg 100w\" sizes=\"auto, (max-width: 280px) 100vw, 280px\" \/><\/span><\/p>\n<p>&nbsp;<\/p>\n<h2><strong>N\u00ean mua thanh s\u1ea1c 3 pin Phantom 4 \u1edf \u0111\u00e2u ?<\/strong><\/h2>\n<p>&nbsp;<\/p>\n<p><span style=\"font-size: 18px;\"><strong>Ph\u1ee5 Ki\u1ec7n Flytech<\/strong>\u00a0l\u00e0 \u0111\u1ecba ch\u1ec9 uy t\u00edn \u0111\u1ec3 c\u00e1c b\u1ea1n c\u00f3 th\u1ec3 tin t\u01b0\u1edfng v\u00e0 mua\u00a0<strong>Pin ch\u00ednh h\u00e3ng Phantom 4.<\/strong>\u00a0Ch\u00fang t\u00f4i lu\u00f4n \u0111\u1eb7t quy\u1ec1n l\u1ee3i c\u1ee7a kh\u00e1ch h\u00e0ng l\u00ean h\u00e0ng \u0111\u1ea7u. Ngo\u00e0i\u00a0<strong>pin phantom 4 pro<\/strong>, Ph\u1ee5 ki\u1ec7n flytech c\u00f2n chung c\u1ea5p,\u00a0\u00a0<strong>ph\u1ee5 ki\u1ec7n flycam dji Phantom 4\u00a0<\/strong>\u0111\u1ec3 ph\u1ee5c v\u1ee5 nhu c\u1ea7u c\u1ee7a c\u00e1c b\u1ea1n.<\/span><\/p>\n<p>&nbsp;<\/p>\n<p><span style=\"font-size: 18px;\"><strong>Ch\u00ednh s\u00e1ch b\u1ea3o h\u00e0nh\u00a0<\/strong><\/span><\/p>\n<ul>\n<li><span style=\"font-size: 18px;\">B\u1ea3o h\u00e0nh : 3 th\u00e1ng<\/span><\/li>\n<li><span style=\"font-size: 18px;\">\u0110\u1ed5i m\u1edbi khi c\u00f3 l\u1ed7i : 1 tu\u1ea7n \u0111\u1ea7u\u00a0<\/span><\/li>\n<\/ul>\n<p><span style=\"font-size: 18px;\"><strong>\u0110i\u1ec1u ki\u1ec7n b\u1ea3o h\u00e0nh:<\/strong><\/span><\/p>\n<ul>\n<li><span style=\"font-size: 18px;\">Pin kh\u00f4ng kh\u1edfi \u0111\u1ed9ng v\u00e0 t\u1eaft \u0111\u01b0\u1ee3c<\/span><\/li>\n<li><span style=\"font-size: 18px;\">L\u1ed7i k\u1ebft n\u1ed1i v\u1edbi m\u00e1y bay, s\u1ea1c\u00a0<\/span><\/li>\n<li><span style=\"font-size: 18px;\">Pin b\u1ecb h\u01b0 h\u1ecfng do qu\u00e1 tr\u00ecnh v\u1eadn chuy\u1ec3n t\u1eeb Shop t\u1edbi ng\u01b0\u1eddi mua<\/span><\/li>\n<li><span style=\"font-size: 18px;\">M\u00e1y c\u00f2n nguy\u00ean v\u1eb9n tem, phi\u1ebfu b\u1ea3o h\u00e0nh v\u00e0 trong th\u1eddi gian b\u1ea3o h\u00e0nh<\/span><\/li>\n<li><span style=\"font-size: 18px;\">T\u1ea5t c\u1ea3 c\u00e1c l\u1ed7i do ng\u01b0\u1eddi d\u00f9ng kh\u00f4ng tu\u00e2n th\u1ee7 quy tr\u00ecnh v\u00e0 nguy\u00ean t\u1eafc s\u1eed d\u1ee5ng d\u1eabn t\u1edbi h\u01b0 h\u1ecfng, r\u01a1i r\u1edbt \u0111\u1ec1u kh\u00f4ng \u0111\u01b0\u1ee3c b\u1ea3o h\u00e0nh.<\/span><\/li>\n<\/ul>\n<p><span style=\"font-size: 18px;\"><strong>L\u01b0u \u00fd:\u00a0<\/strong><\/span><\/p>\n<ul>\n<li><span style=\"font-size: 18px;\">S\u1ea3n ph\u1ea9m s\u1ebd c\u00f3 th\u1ebb b\u1ea3o h\u00e0nh v\u00e0 tem b\u1ea3o h\u00e0nh \u0111\u01b0\u1ee3c vi\u1ebft tr\u00ean pin<\/span><\/li>\n<li><span style=\"font-size: 18px;\">Trong tr\u01b0\u1eddng h\u1ee3p \u0111\u1ed5i m\u1edbi, ch\u00fang t\u00f4i s\u1ebd kh\u00f4ng nh\u1eadn l\u1ea1i h\u00e0ng khi h\u1ed9p v\u00e0 c\u00e1c gi\u1ea5y t\u1edd \u0111i k\u00e8m b\u1ecb h\u1ecfng ho\u1eb7c m\u1ea5t.<\/span><\/li>\n<\/ul>\n<p>&nbsp;<\/p>\n<p><span style=\"font-size: 18px;\">&gt;&gt; tham kh\u1ea3o ngay <strong><a href=\"http:\/\/phukienflytech.vn\/san-pham\/bo-sac-nhanh-phantom-4.html\" target=\"_blank\" rel=\"noopener noreferrer\">B\u1ed9 s\u1ea1c nhanh Phantom 4 <\/a>.<\/strong><\/span><\/p>\n<p>&nbsp;<\/p>\n<p><span style=\"font-size: 18px;\">H\u00e3y \u0111\u1ec3\u00a0<a href=\"https:\/\/facebook.com\/phukienflycam\/\" target=\"_blank\" rel=\"noopener noreferrer\">Ph\u1ee5 Ki\u1ec7n Fly-cam Gi\u00e1 T\u1ed1t<\/a>\u00a0ti\u1ebfp s\u1ee9c \u0111am m\u00ea, c\u00f4ng vi\u1ec7c c\u1ee7a b\u1ea1n, gi\u00fap b\u1ea1n th\u00eam ni\u1ec1m h\u1ee9ng kh\u1edfi trong \u0111am m\u00ea c\u0169ng nh\u01b0 c\u00f4ng vi\u1ec7c c\u1ee7a m\u00ecnh th\u00eam su\u00f4n s\u1ebb<\/span><\/p>\n<p><span style=\"font-size: 18px;\">Nh\u00e0 s\u1ea3n xu\u1ea5t : Sunnylife \u2013 l\u00e0 m\u1ed9t trong nh\u1eefng Vendor cung c\u1ea5p c\u00e1c ph\u1ee5 ki\u1ec7n, linh ki\u1ec7n thay th\u1ebf cho DJI Flycam<\/span><\/p>\n<p>&nbsp;<\/p>\n<p><span style=\"font-size: 18px;\">&gt;&gt; Li\u00ean h\u1ec7 v\u1edbi ch\u00fang t\u00f4i qua:\u00a0<strong><a href=\"https:\/\/facebook.com\/phukienflycam\" target=\"_blank\" rel=\"noopener noreferrer\">Fanpage<\/a><\/strong><\/span><\/p>\n","protected":false},"excerpt":{"rendered":"<p>Charging panel for Phantom 4 Charging panel for Phantom 4 C\u00f3 m\u1ed9t s\u1ef1 th\u1eadt kh\u00f4ng th\u1ec3 ch\u1ed1i c\u00e3i l\u00e0 khi ch\u00fang ta ch\u01a1i flycam DJI Phantom 4\/ professional \/ advanced,\u00a0ai ai c\u0169ng c\u00f3 cho m\u00ecnh t\u1eeb 2 t\u1edbi 3 c\u1ee5c pin \u0111\u1ec3 c\u00f3 th\u1ec3 th\u1ecfa m\u00e3n th\u1eddi gian \u0111am m\u00ea c\u0169ng nh\u01b0 l\u00e0 \u0111\u00e1p \u1ee9ng &#8230;<\/p>\n","protected":false},"featured_media":16312,"comment_status":"open","ping_status":"closed","template":"","meta":{"_acf_changed":false},"product_brand":[],"product_cat":[182],"product_tag":[206,226,227],"class_list":{"0":"post-5744","1":"product","2":"type-product","3":"status-publish","4":"has-post-thumbnail","6":"product_cat-phantom-4-accessory","7":"product_tag-phu-kien-dji-en","8":"product_tag-phu-kien-phantom-en","9":"product_tag-phu-kien-phantom-4-en","11":"first","12":"instock","13":"sale","14":"shipping-taxable","15":"purchasable","16":"product-type-simple"},"acf":[],"yoast_head":"<!-- This site is optimized with the Yoast SEO plugin v25.7 - https:\/\/yoast.com\/wordpress\/plugins\/seo\/ -->\n<title>Charging panel for Phantom 4 - Sunnylife - Phantom accessory - available<\/title>\n<meta name=\"description\" content=\"Charging panel for Phantom 4 is one of the most important accessory. Contact us to buy Charging panel for Phantom 4 for best price.\" \/>\n<meta name=\"robots\" content=\"index, follow, max-snippet:-1, max-image-preview:large, max-video-preview:-1\" \/>\n<link rel=\"canonical\" href=\"https:\/\/phukienflytech.vn\/en\/san-pham\/charging-panel-for-phantom-4.html\" \/>\n<meta property=\"og:locale\" content=\"en_US\" \/>\n<meta property=\"og:type\" content=\"article\" \/>\n<meta property=\"og:title\" content=\"Charging panel for Phantom 4 - Sunnylife - Phantom accessory - available\" \/>\n<meta property=\"og:description\" content=\"Charging panel for Phantom 4 is one of the most important accessory. Contact us to buy Charging panel for Phantom 4 for best price.\" \/>\n<meta property=\"og:url\" content=\"https:\/\/phukienflytech.vn\/en\/san-pham\/charging-panel-for-phantom-4.html\" \/>\n<meta property=\"og:site_name\" content=\"Shop M\u00e1y \u1ea3nh - Action Camera - Gimbal - Flycam - Ph\u1ee5 ki\u1ec7n\" \/>\n<meta property=\"article:publisher\" content=\"https:\/\/facebook.com\/phukienflycam\" \/>\n<meta property=\"article:modified_time\" content=\"2021-01-16T03:26:41+00:00\" \/>\n<meta property=\"og:image\" content=\"https:\/\/phukienflytech.vn\/wp-content\/uploads\/2020\/06\/thanh_sac_pt4.jpg\" \/>\n\t<meta property=\"og:image:width\" content=\"243\" \/>\n\t<meta property=\"og:image:height\" content=\"243\" \/>\n\t<meta property=\"og:image:type\" content=\"image\/jpeg\" \/>\n<meta name=\"twitter:card\" content=\"summary_large_image\" \/>\n<meta name=\"twitter:label1\" content=\"Est. reading time\" \/>\n\t<meta name=\"twitter:data1\" content=\"4 minutes\" \/>\n<script type=\"application\/ld+json\" class=\"yoast-schema-graph\">{\"@context\":\"https:\/\/schema.org\",\"@graph\":[{\"@type\":\"WebPage\",\"@id\":\"https:\/\/phukienflytech.vn\/en\/san-pham\/charging-panel-for-phantom-4.html\",\"url\":\"https:\/\/phukienflytech.vn\/en\/san-pham\/charging-panel-for-phantom-4.html\",\"name\":\"Charging panel for Phantom 4 - Sunnylife - Phantom accessory - available\",\"isPartOf\":{\"@id\":\"https:\/\/phukienflytech.vn\/#website\"},\"primaryImageOfPage\":{\"@id\":\"https:\/\/phukienflytech.vn\/en\/san-pham\/charging-panel-for-phantom-4.html#primaryimage\"},\"image\":{\"@id\":\"https:\/\/phukienflytech.vn\/en\/san-pham\/charging-panel-for-phantom-4.html#primaryimage\"},\"thumbnailUrl\":\"https:\/\/phukienflytech.vn\/wp-content\/uploads\/2020\/06\/thanh_sac_pt4.jpg\",\"datePublished\":\"2020-06-24T01:59:00+00:00\",\"dateModified\":\"2021-01-16T03:26:41+00:00\",\"description\":\"Charging panel for Phantom 4 is one of the most important accessory. Contact us to buy Charging panel for Phantom 4 for best price.\",\"breadcrumb\":{\"@id\":\"https:\/\/phukienflytech.vn\/en\/san-pham\/charging-panel-for-phantom-4.html#breadcrumb\"},\"inLanguage\":\"en-US\",\"potentialAction\":[{\"@type\":\"ReadAction\",\"target\":[\"https:\/\/phukienflytech.vn\/en\/san-pham\/charging-panel-for-phantom-4.html\"]}]},{\"@type\":\"ImageObject\",\"inLanguage\":\"en-US\",\"@id\":\"https:\/\/phukienflytech.vn\/en\/san-pham\/charging-panel-for-phantom-4.html#primaryimage\",\"url\":\"https:\/\/phukienflytech.vn\/wp-content\/uploads\/2020\/06\/thanh_sac_pt4.jpg\",\"contentUrl\":\"https:\/\/phukienflytech.vn\/wp-content\/uploads\/2020\/06\/thanh_sac_pt4.jpg\",\"width\":243,\"height\":243},{\"@type\":\"BreadcrumbList\",\"@id\":\"https:\/\/phukienflytech.vn\/en\/san-pham\/charging-panel-for-phantom-4.html#breadcrumb\",\"itemListElement\":[{\"@type\":\"ListItem\",\"position\":1,\"name\":\"Home\",\"item\":\"https:\/\/phukienflytech.vn\/en\"},{\"@type\":\"ListItem\",\"position\":2,\"name\":\"Ph\u1ee5 ki\u1ec7n Mavic Pro\",\"item\":\"https:\/\/phukienflytech.vn\/en\/phu-kien-mavic-pro.html\"},{\"@type\":\"ListItem\",\"position\":3,\"name\":\"DJI Osmo &amp; Drone's accessories\",\"item\":\"https:\/\/phukienflytech.vn\/en\/danh-muc\/dji-osmo-drones-accessories.html\"},{\"@type\":\"ListItem\",\"position\":4,\"name\":\"Ph\u1ee5 ki\u1ec7n flycam Phantom 4\",\"item\":\"https:\/\/phukienflytech.vn\/en\/danh-muc\/phantom-4-accessory.html\"},{\"@type\":\"ListItem\",\"position\":5,\"name\":\"Charging panel for Phantom 4\"}]},{\"@type\":\"WebSite\",\"@id\":\"https:\/\/phukienflytech.vn\/#website\",\"url\":\"https:\/\/phukienflytech.vn\/\",\"name\":\"Shop M\u00e1y \u1ea3nh - Action Camera - Gimbal - Flycam - Ph\u1ee5 ki\u1ec7n\",\"description\":\"Shop M\u00e1y \u1ea3nh - Action Camera - Gimbal - Flycam - Ph\u1ee5 ki\u1ec7n\",\"publisher\":{\"@id\":\"https:\/\/phukienflytech.vn\/#organization\"},\"potentialAction\":[{\"@type\":\"SearchAction\",\"target\":{\"@type\":\"EntryPoint\",\"urlTemplate\":\"https:\/\/phukienflytech.vn\/?s={search_term_string}\"},\"query-input\":{\"@type\":\"PropertyValueSpecification\",\"valueRequired\":true,\"valueName\":\"search_term_string\"}}],\"inLanguage\":\"en-US\"},{\"@type\":\"Organization\",\"@id\":\"https:\/\/phukienflytech.vn\/#organization\",\"name\":\"DJI Store - Shop Drone, Action camera, Gimbal DJI |Phukienflytech\",\"alternateName\":\"DJI Store - Shop Drone, Action camera, Gimbal DJI |Phukienflytech\",\"url\":\"https:\/\/phukienflytech.vn\/\",\"logo\":{\"@type\":\"ImageObject\",\"inLanguage\":\"en-US\",\"@id\":\"https:\/\/phukienflytech.vn\/#\/schema\/logo\/image\/\",\"url\":\"https:\/\/phukienflytech.vn\/wp-content\/uploads\/2020\/05\/hAnh_nan.jpg1_.jpg\",\"contentUrl\":\"https:\/\/phukienflytech.vn\/wp-content\/uploads\/2020\/05\/hAnh_nan.jpg1_.jpg\",\"width\":800,\"height\":450,\"caption\":\"DJI Store - Shop Drone, Action camera, Gimbal DJI |Phukienflytech\"},\"image\":{\"@id\":\"https:\/\/phukienflytech.vn\/#\/schema\/logo\/image\/\"},\"sameAs\":[\"https:\/\/facebook.com\/phukienflycam\",\"https:\/\/www.youtube.com\/@phukienflytech\",\"https:\/\/www.tiktok.com\/@flytech.channel?fbclid=IwY2xjawGjg7BleHRuA2FlbQIxMAABHYVGmlXpuSMs0UB2zTpYvyT4GMVfN2qJa4urF4vkSQ6FAVBwXZtDP30qQA_aem_UwMiDcUvlEbd2tXAmsc8Og\"]}]}<\/script>\n<!-- \/ Yoast SEO plugin. -->","yoast_head_json":{"title":"Charging panel for Phantom 4 - Sunnylife - Phantom accessory - available","description":"Charging panel for Phantom 4 is one of the most important accessory. Contact us to buy Charging panel for Phantom 4 for best price.","robots":{"index":"index","follow":"follow","max-snippet":"max-snippet:-1","max-image-preview":"max-image-preview:large","max-video-preview":"max-video-preview:-1"},"canonical":"https:\/\/phukienflytech.vn\/en\/san-pham\/charging-panel-for-phantom-4.html","og_locale":"en_US","og_type":"article","og_title":"Charging panel for Phantom 4 - Sunnylife - Phantom accessory - available","og_description":"Charging panel for Phantom 4 is one of the most important accessory. Contact us to buy Charging panel for Phantom 4 for best price.","og_url":"https:\/\/phukienflytech.vn\/en\/san-pham\/charging-panel-for-phantom-4.html","og_site_name":"Shop M\u00e1y \u1ea3nh - Action Camera - Gimbal - Flycam - Ph\u1ee5 ki\u1ec7n","article_publisher":"https:\/\/facebook.com\/phukienflycam","article_modified_time":"2021-01-16T03:26:41+00:00","og_image":[{"width":243,"height":243,"url":"https:\/\/phukienflytech.vn\/wp-content\/uploads\/2020\/06\/thanh_sac_pt4.jpg","type":"image\/jpeg"}],"twitter_card":"summary_large_image","twitter_misc":{"Est. reading time":"4 minutes"},"schema":{"@context":"https:\/\/schema.org","@graph":[{"@type":"WebPage","@id":"https:\/\/phukienflytech.vn\/en\/san-pham\/charging-panel-for-phantom-4.html","url":"https:\/\/phukienflytech.vn\/en\/san-pham\/charging-panel-for-phantom-4.html","name":"Charging panel for Phantom 4 - Sunnylife - Phantom accessory - available","isPartOf":{"@id":"https:\/\/phukienflytech.vn\/#website"},"primaryImageOfPage":{"@id":"https:\/\/phukienflytech.vn\/en\/san-pham\/charging-panel-for-phantom-4.html#primaryimage"},"image":{"@id":"https:\/\/phukienflytech.vn\/en\/san-pham\/charging-panel-for-phantom-4.html#primaryimage"},"thumbnailUrl":"https:\/\/phukienflytech.vn\/wp-content\/uploads\/2020\/06\/thanh_sac_pt4.jpg","datePublished":"2020-06-24T01:59:00+00:00","dateModified":"2021-01-16T03:26:41+00:00","description":"Charging panel for Phantom 4 is one of the most important accessory. Contact us to buy Charging panel for Phantom 4 for best price.","breadcrumb":{"@id":"https:\/\/phukienflytech.vn\/en\/san-pham\/charging-panel-for-phantom-4.html#breadcrumb"},"inLanguage":"en-US","potentialAction":[{"@type":"ReadAction","target":["https:\/\/phukienflytech.vn\/en\/san-pham\/charging-panel-for-phantom-4.html"]}]},{"@type":"ImageObject","inLanguage":"en-US","@id":"https:\/\/phukienflytech.vn\/en\/san-pham\/charging-panel-for-phantom-4.html#primaryimage","url":"https:\/\/phukienflytech.vn\/wp-content\/uploads\/2020\/06\/thanh_sac_pt4.jpg","contentUrl":"https:\/\/phukienflytech.vn\/wp-content\/uploads\/2020\/06\/thanh_sac_pt4.jpg","width":243,"height":243},{"@type":"BreadcrumbList","@id":"https:\/\/phukienflytech.vn\/en\/san-pham\/charging-panel-for-phantom-4.html#breadcrumb","itemListElement":[{"@type":"ListItem","position":1,"name":"Home","item":"https:\/\/phukienflytech.vn\/en"},{"@type":"ListItem","position":2,"name":"Ph\u1ee5 ki\u1ec7n Mavic Pro","item":"https:\/\/phukienflytech.vn\/en\/phu-kien-mavic-pro.html"},{"@type":"ListItem","position":3,"name":"DJI Osmo &amp; Drone's accessories","item":"https:\/\/phukienflytech.vn\/en\/danh-muc\/dji-osmo-drones-accessories.html"},{"@type":"ListItem","position":4,"name":"Ph\u1ee5 ki\u1ec7n flycam Phantom 4","item":"https:\/\/phukienflytech.vn\/en\/danh-muc\/phantom-4-accessory.html"},{"@type":"ListItem","position":5,"name":"Charging panel for Phantom 4"}]},{"@type":"WebSite","@id":"https:\/\/phukienflytech.vn\/#website","url":"https:\/\/phukienflytech.vn\/","name":"Shop M\u00e1y \u1ea3nh - Action Camera - Gimbal - Flycam - Ph\u1ee5 ki\u1ec7n","description":"Shop M\u00e1y \u1ea3nh - Action Camera - Gimbal - Flycam - Ph\u1ee5 ki\u1ec7n","publisher":{"@id":"https:\/\/phukienflytech.vn\/#organization"},"potentialAction":[{"@type":"SearchAction","target":{"@type":"EntryPoint","urlTemplate":"https:\/\/phukienflytech.vn\/?s={search_term_string}"},"query-input":{"@type":"PropertyValueSpecification","valueRequired":true,"valueName":"search_term_string"}}],"inLanguage":"en-US"},{"@type":"Organization","@id":"https:\/\/phukienflytech.vn\/#organization","name":"DJI Store - Shop Drone, Action camera, Gimbal DJI |Phukienflytech","alternateName":"DJI Store - Shop Drone, Action camera, Gimbal DJI |Phukienflytech","url":"https:\/\/phukienflytech.vn\/","logo":{"@type":"ImageObject","inLanguage":"en-US","@id":"https:\/\/phukienflytech.vn\/#\/schema\/logo\/image\/","url":"https:\/\/phukienflytech.vn\/wp-content\/uploads\/2020\/05\/hAnh_nan.jpg1_.jpg","contentUrl":"https:\/\/phukienflytech.vn\/wp-content\/uploads\/2020\/05\/hAnh_nan.jpg1_.jpg","width":800,"height":450,"caption":"DJI Store - Shop Drone, Action camera, Gimbal DJI |Phukienflytech"},"image":{"@id":"https:\/\/phukienflytech.vn\/#\/schema\/logo\/image\/"},"sameAs":["https:\/\/facebook.com\/phukienflycam","https:\/\/www.youtube.com\/@phukienflytech","https:\/\/www.tiktok.com\/@flytech.channel?fbclid=IwY2xjawGjg7BleHRuA2FlbQIxMAABHYVGmlXpuSMs0UB2zTpYvyT4GMVfN2qJa4urF4vkSQ6FAVBwXZtDP30qQA_aem_UwMiDcUvlEbd2tXAmsc8Og"]}]}},"_links":{"self":[{"href":"https:\/\/phukienflytech.vn\/en\/wp-json\/wp\/v2\/product\/5744","targetHints":{"allow":["GET"]}}],"collection":[{"href":"https:\/\/phukienflytech.vn\/en\/wp-json\/wp\/v2\/product"}],"about":[{"href":"https:\/\/phukienflytech.vn\/en\/wp-json\/wp\/v2\/types\/product"}],"replies":[{"embeddable":true,"href":"https:\/\/phukienflytech.vn\/en\/wp-json\/wp\/v2\/comments?post=5744"}],"wp:featuredmedia":[{"embeddable":true,"href":"https:\/\/phukienflytech.vn\/en\/wp-json\/wp\/v2\/media\/16312"}],"wp:attachment":[{"href":"https:\/\/phukienflytech.vn\/en\/wp-json\/wp\/v2\/media?parent=5744"}],"wp:term":[{"taxonomy":"product_brand","embeddable":true,"href":"https:\/\/phukienflytech.vn\/en\/wp-json\/wp\/v2\/product_brand?post=5744"},{"taxonomy":"product_cat","embeddable":true,"href":"https:\/\/phukienflytech.vn\/en\/wp-json\/wp\/v2\/product_cat?post=5744"},{"taxonomy":"product_tag","embeddable":true,"href":"https:\/\/phukienflytech.vn\/en\/wp-json\/wp\/v2\/product_tag?post=5744"}],"curies":[{"name":"wp","href":"https:\/\/api.w.org\/{rel}","templated":true}]}}