{"id":5758,"date":"2020-06-18T09:32:04","date_gmt":"2020-06-18T02:32:04","guid":{"rendered":"http:\/\/27430.lamdx.vinawebsite.vn\/san-pham\/5746.html"},"modified":"2020-10-16T19:05:03","modified_gmt":"2020-10-16T12:05:03","slug":"gimbal-holder-for-phantom-4","status":"publish","type":"product","link":"https:\/\/phukienflytech.vn\/en\/san-pham\/gimbal-holder-for-phantom-4.html","title":{"rendered":"Camera gimbal protection holder for Phantom 4"},"content":{"rendered":"<h2><span style=\"font-size: 18px;\"><em><strong><span style=\"color: #0000ff;\">Gimbal holder for Phantom 4<\/span><\/strong><\/em><\/span><\/h2>\n<p><span style=\"font-size: 18px;\">Gimbal holder for Phantom 4<\/span><\/p>\n<p><span style=\"font-size: 18px;\">S\u1edf h\u1eefu cho m\u00ecnh m\u1ed9t chi\u1ebfc drone flycam DJI\u00a0<strong>Phantom 4<\/strong>\u00a0c\u1ee7a h\u00e3ng DJI qu\u1ea3 th\u1ef1c b\u1ea1n s\u1ebd r\u1ea5t kh\u00f3 c\u00f3 th\u1ec3 t\u00ecm ra \u0111i\u1ec3m kh\u00f4ng h\u00e0i l\u00f2ng v\u1ec1 n\u00f3 ngay c\u1ea3 nh\u1eefng ng\u01b0\u1eddi ch\u01a1i kh\u00f3 t\u00ednh nh\u1ea5t. B\u1edfi s\u1ef1 an to\u00e0n khi bay, t\u00ednh \u1ed5n \u0111\u1ecbnh, s\u1ef1 th\u00f4ng minh c\u1ee7a thi\u1ebft b\u1ecb v\u00e0 s\u1ef1 h\u1ed7 tr\u1ee3 tuy\u1ec7t v\u1eddi c\u1ee7a c\u1ee5m gimbal \u0111\u00e3 gi\u00fap cho ch\u00fang ta c\u00f3 nh\u1eefng b\u1ee9c h\u00ecnh, th\u01b0\u1edbc phim tuy\u1ec7t v\u1eddi nh\u1ea5t.<\/span><\/p>\n<p>&nbsp;<\/p>\n<p><span style=\"font-size: 18px;\"><img loading=\"lazy\" decoding=\"async\" class=\"alignnone size-full wp-image-12110\" src=\"https:\/\/phukienflytech.vn\/wp-content\/uploads\/2020\/06\/5746-5.jpg\" alt=\"\" width=\"450\" height=\"300\" \/><\/span><\/p>\n<p>&nbsp;<\/p>\n<p><span style=\"font-size: 18px;\">V\u1edbi m\u1ed9t thi\u1ebft b\u1ecb c\u00f3 gi\u00e1 tr\u1ecb cao v\u1ec1 m\u1eb7t kinh t\u1ebf c\u0169ng nh\u01b0 l\u00e0 gi\u00e1 tr\u1ecb cao v\u1ec1 m\u1eb7t s\u1eed d\u1ee5ng th\u00ec vi\u1ec7c b\u1ea3o qu\u1ea3n v\u00e0 \u0111\u00f3ng g\u00f3i trong l\u00fac di chuy\u1ec3n v\u00f4 c\u00f9ng quan tr\u1ecdng. V\u00ec \u0111\u1ed3 \u0111i\u1ec7n t\u1eed v\u1edbi gi\u00e1 tr\u1ecb l\u1edbn lu\u00f4n ph\u1ea3i \u0111\u01b0\u1ee3c b\u1ea3o qu\u1ea3n, b\u1ea3o v\u1ec7 th\u1eadt k\u1ef9 v\u00e0 c\u1ea9n th\u1eadn \u0111\u1eb7c bi\u1ec7t l\u00e0\u00a0<strong>camera v\u00e0 c\u1ee5m gimbal\u00a0<\/strong><\/span><\/p>\n<p>&nbsp;<\/p>\n<p><span style=\"font-size: 18px;\"><img loading=\"lazy\" decoding=\"async\" class=\"alignnone wp-image-12112 size-thumbnail\" src=\"https:\/\/phukienflytech.vn\/wp-content\/uploads\/2020\/06\/5746-1-1-280x280.jpg\" alt=\"Gimbal-holder-for-Phantom-4-1\" width=\"280\" height=\"280\" srcset=\"https:\/\/phukienflytech.vn\/wp-content\/uploads\/2020\/06\/5746-1-1-280x280.jpg 280w, https:\/\/phukienflytech.vn\/wp-content\/uploads\/2020\/06\/5746-1-1-300x300.jpg 300w, https:\/\/phukienflytech.vn\/wp-content\/uploads\/2020\/06\/5746-1-1-100x100.jpg 100w\" sizes=\"auto, (max-width: 280px) 100vw, 280px\" \/><\/span><\/p>\n<p>&nbsp;<\/p>\n<p><span style=\"font-size: 18px;\">Khi s\u1edf h\u1eefu cho m\u00ecnh m\u1ed9t chi\u1ebfc flycam DJI, ch\u00fang ta lu\u00f4n mu\u1ed1n \u0111em ch\u00fang \u0111i kh\u1eafp n\u01a1i \u0111\u1ec3 c\u00f3 nh\u1eefng b\u1ee9c h\u00ecnh, th\u01b0\u1edbc film tr\u00ean cao th\u1eadt tuy\u1ec7t v\u1eddi v\u00e0 l\u1ea1 m\u1eaft.Tuy nhi\u00ean trong su\u1ed1t qu\u00e1 tr\u00ecnh di chuy\u1ec3n s\u1ebd th\u1eadt kh\u00f3 tr\u00e1nh kh\u1ecfi c\u00e1c tr\u01b0\u1eddng h\u1ee3p c\u1ecd s\u00e1t, v\u1ea1 \u0111\u1eadp nh\u1eb9 m\u00e0 b\u1ed9 ph\u1eadn \u0111\u01b0\u1ee3c xem l\u00e0 y\u1ebfu nh\u1ea5t, d\u1ec5 b\u1ecb t\u1ed5n th\u01b0\u01a1ng nh\u1ea5t l\u00e0 c\u1ee5m gimbal v\u00e0 m\u1eb7t k\u00ednh camera.<\/span><\/p>\n<p>&nbsp;<\/p>\n<p><span style=\"font-size: 18px;\"><img loading=\"lazy\" decoding=\"async\" class=\"alignnone wp-image-12114 size-thumbnail\" src=\"https:\/\/phukienflytech.vn\/wp-content\/uploads\/2020\/06\/5746-2-1-280x280.jpg\" alt=\"Gimbal-holder-for-Phantom-4\" width=\"280\" height=\"280\" srcset=\"https:\/\/phukienflytech.vn\/wp-content\/uploads\/2020\/06\/5746-2-1-280x280.jpg 280w, https:\/\/phukienflytech.vn\/wp-content\/uploads\/2020\/06\/5746-2-1-100x100.jpg 100w\" sizes=\"auto, (max-width: 280px) 100vw, 280px\" \/><\/span><\/p>\n<p>&nbsp;<\/p>\n<h2><span style=\"font-size: 21px;\"><strong><span style=\"color: #0000ff;\">V\u00ec sao n\u00ean s\u1eed d\u1ee5ng ch\u1ee5p cam-gim ?<\/span><\/strong><\/span><\/h2>\n<p><span style=\"font-size: 18px;\">V\u1edbi chi\u1ebfc c\u1ed1 \u0111\u1ecbnh gimbal theo m\u00e1y, n\u00f3 c\u00f3 th\u1ec3 c\u1ed1 \u0111\u1ecbnh th\u1eadt tuy\u1ec7t v\u1eddi, nh\u01b0ng l\u1ea1i kh\u00f4ng cover b\u1ea3o v\u1ec7 \u0111\u01b0\u1ee3c m\u1eb7t k\u00ednh camera, c\u00f3 m\u1ed9t s\u1ef1 th\u1eadt l\u00e0 ch\u00fang c\u0169ng h\u01a1i kh\u00f3 g\u1ee1 v\u00e0 l\u1eafp v\u00e0o m\u1ed7i l\u1ea7n s\u1eed d\u1ee5ng xong ho\u1eb7c l\u1ea5y ra s\u1eed d\u1ee5ng\u2026<\/span><\/p>\n<p><span style=\"font-size: 18px;\">Do v\u1eady m\u1ed9t gi\u1ea3i ph\u00e1p \u0111\u01a1n gi\u1ea3n h\u01a1n nhi\u1ec1u, hi\u1ec7u qu\u1ea3 h\u01a1n nhi\u1ec1u \u0111\u00e3 v\u00e0 \u0111ang \u0111\u01b0\u1ee3c ng\u01b0\u1eddi ch\u01a1i flycam DJI quan t\u00e2m t\u1edbi ch\u00ednh l\u00e0 chi\u1ebfc\u00a0<strong>Ch\u1ee5p gi\u1eef cam-gim Phantom 4\u00a0<\/strong>n\u00e0y<\/span><\/p>\n<p><span style=\"font-size: 18px;\">C\u00f2n nh\u1eefng l\u00fac bay, b\u1ea1n v\u1eabn c\u00f3 th\u1ec3 b\u1ea3o v\u1ec7 c\u1ee5m camera gimbal c\u1ee7a m\u00ecnh b\u1eb1ng c\u00e1c ph\u1ee5 ki\u1ec7n kh\u00e1c nh\u01b0:\u00a0<a href=\"http:\/\/phukienflytech.vn\/san-pham\/thanh-bao-ve-gimbal-phantom-4-full-carbon.html\" target=\"_blank\" rel=\"noopener noreferrer\">Thanh carbon b\u1ea3o v\u1ec7 gimbal<\/a>\u00a0v\u00e0\u00a0<a href=\"http:\/\/phukienflytech.vn\/san-pham\/nep-bao-ve-vo-gimbal-phantom-4.html\" target=\"_blank\" rel=\"noopener noreferrer\">N\u1eb9p b\u1ea3o v\u1ec7 v\u1ecf l\u01b0ng gimbal<\/a><\/span><\/p>\n<p><span style=\"font-size: 18px;\">H\u00e3y \u0111\u1ec3\u00a0<a href=\"https:\/\/facebook.com\/phukienflycam\/\" target=\"_blank\" rel=\"noopener noreferrer\">Ph\u1ee5 Ki\u1ec7n Fly-cam Gi\u00e1 T\u1ed1t<\/a>\u00a0ti\u1ebfp s\u1ee9c \u0111am m\u00ea, c\u00f4ng vi\u1ec7c c\u1ee7a b\u1ea1n, gi\u00fap b\u1ea1n th\u00eam ni\u1ec1m h\u1ee9ng kh\u1edfi trong \u0111am m\u00ea c\u0169ng nh\u01b0 c\u00f4ng vi\u1ec7c c\u1ee7a m\u00ecnh th\u00eam su\u00f4n s\u1ebb<\/span><\/p>\n<p><span style=\"font-size: 18px;\">Nh\u00e0 s\u1ea3n xu\u1ea5t: Sunnylife \u2013 Vendor cung c\u1ea5p ph\u1ee5 ki\u1ec7n, linh ki\u1ec7n cho DJI Flycam<\/span><\/p>\n","protected":false},"excerpt":{"rendered":"<p>Gimbal holder for Phantom 4 Gimbal holder for Phantom 4 S\u1edf h\u1eefu cho m\u00ecnh m\u1ed9t chi\u1ebfc drone flycam DJI\u00a0Phantom 4\u00a0c\u1ee7a h\u00e3ng DJI qu\u1ea3 th\u1ef1c b\u1ea1n s\u1ebd r\u1ea5t kh\u00f3 c\u00f3 th\u1ec3 t\u00ecm ra \u0111i\u1ec3m kh\u00f4ng h\u00e0i l\u00f2ng v\u1ec1 n\u00f3 ngay c\u1ea3 nh\u1eefng ng\u01b0\u1eddi ch\u01a1i kh\u00f3 t\u00ednh nh\u1ea5t. B\u1edfi s\u1ef1 an to\u00e0n khi bay, t\u00ednh \u1ed5n \u0111\u1ecbnh, &#8230;<\/p>\n","protected":false},"featured_media":16280,"comment_status":"open","ping_status":"closed","template":"","meta":{"_acf_changed":false},"product_brand":[],"product_cat":[182],"product_tag":[206,226,227],"class_list":{"0":"post-5758","1":"product","2":"type-product","3":"status-publish","4":"has-post-thumbnail","6":"product_cat-phantom-4-accessory","7":"product_tag-phu-kien-dji-en","8":"product_tag-phu-kien-phantom-en","9":"product_tag-phu-kien-phantom-4-en","11":"first","12":"instock","13":"shipping-taxable","14":"purchasable","15":"product-type-simple"},"acf":[],"yoast_head":"<!-- This site is optimized with the Yoast SEO plugin v25.7 - https:\/\/yoast.com\/wordpress\/plugins\/seo\/ -->\n<title>Gimbal holder for Phantom 4 - Sunnylife - Phantom accessory - available<\/title>\n<meta name=\"description\" content=\"Gimbal holder for Phantom 4 is one of the most important accessory. Contact us to buy Gimbal holder for Phantom 4 for best price.\" \/>\n<meta name=\"robots\" content=\"index, follow, max-snippet:-1, max-image-preview:large, max-video-preview:-1\" \/>\n<link rel=\"canonical\" href=\"https:\/\/phukienflytech.vn\/en\/san-pham\/gimbal-holder-for-phantom-4.html\" \/>\n<meta property=\"og:locale\" content=\"en_US\" \/>\n<meta property=\"og:type\" content=\"article\" \/>\n<meta property=\"og:title\" content=\"Gimbal holder for Phantom 4 - Sunnylife - Phantom accessory - available\" \/>\n<meta property=\"og:description\" content=\"Gimbal holder for Phantom 4 is one of the most important accessory. Contact us to buy Gimbal holder for Phantom 4 for best price.\" \/>\n<meta property=\"og:url\" content=\"https:\/\/phukienflytech.vn\/en\/san-pham\/gimbal-holder-for-phantom-4.html\" \/>\n<meta property=\"og:site_name\" content=\"Shop M\u00e1y \u1ea3nh - Action Camera - Gimbal - Flycam - Ph\u1ee5 ki\u1ec7n\" \/>\n<meta property=\"article:publisher\" content=\"https:\/\/facebook.com\/phukienflycam\" \/>\n<meta property=\"article:modified_time\" content=\"2020-10-16T12:05:03+00:00\" \/>\n<meta property=\"og:image\" content=\"https:\/\/phukienflytech.vn\/wp-content\/uploads\/2020\/06\/chap_camgim4.jpg\" \/>\n\t<meta property=\"og:image:width\" content=\"243\" \/>\n\t<meta property=\"og:image:height\" content=\"243\" \/>\n\t<meta property=\"og:image:type\" content=\"image\/jpeg\" \/>\n<meta name=\"twitter:card\" content=\"summary_large_image\" \/>\n<meta name=\"twitter:label1\" content=\"Est. reading time\" \/>\n\t<meta name=\"twitter:data1\" content=\"3 minutes\" \/>\n<script type=\"application\/ld+json\" class=\"yoast-schema-graph\">{\"@context\":\"https:\/\/schema.org\",\"@graph\":[{\"@type\":\"WebPage\",\"@id\":\"https:\/\/phukienflytech.vn\/en\/san-pham\/gimbal-holder-for-phantom-4.html\",\"url\":\"https:\/\/phukienflytech.vn\/en\/san-pham\/gimbal-holder-for-phantom-4.html\",\"name\":\"Gimbal holder for Phantom 4 - Sunnylife - Phantom accessory - available\",\"isPartOf\":{\"@id\":\"https:\/\/phukienflytech.vn\/#website\"},\"primaryImageOfPage\":{\"@id\":\"https:\/\/phukienflytech.vn\/en\/san-pham\/gimbal-holder-for-phantom-4.html#primaryimage\"},\"image\":{\"@id\":\"https:\/\/phukienflytech.vn\/en\/san-pham\/gimbal-holder-for-phantom-4.html#primaryimage\"},\"thumbnailUrl\":\"https:\/\/phukienflytech.vn\/wp-content\/uploads\/2020\/06\/chap_camgim4.jpg\",\"datePublished\":\"2020-06-18T02:32:04+00:00\",\"dateModified\":\"2020-10-16T12:05:03+00:00\",\"description\":\"Gimbal holder for Phantom 4 is one of the most important accessory. Contact us to buy Gimbal holder for Phantom 4 for best price.\",\"breadcrumb\":{\"@id\":\"https:\/\/phukienflytech.vn\/en\/san-pham\/gimbal-holder-for-phantom-4.html#breadcrumb\"},\"inLanguage\":\"en-US\",\"potentialAction\":[{\"@type\":\"ReadAction\",\"target\":[\"https:\/\/phukienflytech.vn\/en\/san-pham\/gimbal-holder-for-phantom-4.html\"]}]},{\"@type\":\"ImageObject\",\"inLanguage\":\"en-US\",\"@id\":\"https:\/\/phukienflytech.vn\/en\/san-pham\/gimbal-holder-for-phantom-4.html#primaryimage\",\"url\":\"https:\/\/phukienflytech.vn\/wp-content\/uploads\/2020\/06\/chap_camgim4.jpg\",\"contentUrl\":\"https:\/\/phukienflytech.vn\/wp-content\/uploads\/2020\/06\/chap_camgim4.jpg\",\"width\":243,\"height\":243},{\"@type\":\"BreadcrumbList\",\"@id\":\"https:\/\/phukienflytech.vn\/en\/san-pham\/gimbal-holder-for-phantom-4.html#breadcrumb\",\"itemListElement\":[{\"@type\":\"ListItem\",\"position\":1,\"name\":\"Home\",\"item\":\"https:\/\/phukienflytech.vn\/en\"},{\"@type\":\"ListItem\",\"position\":2,\"name\":\"Ph\u1ee5 ki\u1ec7n Mavic Pro\",\"item\":\"https:\/\/phukienflytech.vn\/en\/phu-kien-mavic-pro.html\"},{\"@type\":\"ListItem\",\"position\":3,\"name\":\"DJI Osmo &amp; Drone's accessories\",\"item\":\"https:\/\/phukienflytech.vn\/en\/danh-muc\/dji-osmo-drones-accessories.html\"},{\"@type\":\"ListItem\",\"position\":4,\"name\":\"Ph\u1ee5 ki\u1ec7n flycam Phantom 4\",\"item\":\"https:\/\/phukienflytech.vn\/en\/danh-muc\/phantom-4-accessory.html\"},{\"@type\":\"ListItem\",\"position\":5,\"name\":\"Camera gimbal protection holder for Phantom 4\"}]},{\"@type\":\"WebSite\",\"@id\":\"https:\/\/phukienflytech.vn\/#website\",\"url\":\"https:\/\/phukienflytech.vn\/\",\"name\":\"Shop M\u00e1y \u1ea3nh - Action Camera - Gimbal - Flycam - Ph\u1ee5 ki\u1ec7n\",\"description\":\"Shop M\u00e1y \u1ea3nh - Action Camera - Gimbal - Flycam - Ph\u1ee5 ki\u1ec7n\",\"publisher\":{\"@id\":\"https:\/\/phukienflytech.vn\/#organization\"},\"potentialAction\":[{\"@type\":\"SearchAction\",\"target\":{\"@type\":\"EntryPoint\",\"urlTemplate\":\"https:\/\/phukienflytech.vn\/?s={search_term_string}\"},\"query-input\":{\"@type\":\"PropertyValueSpecification\",\"valueRequired\":true,\"valueName\":\"search_term_string\"}}],\"inLanguage\":\"en-US\"},{\"@type\":\"Organization\",\"@id\":\"https:\/\/phukienflytech.vn\/#organization\",\"name\":\"DJI Store - Shop Drone, Action camera, Gimbal DJI |Phukienflytech\",\"alternateName\":\"DJI Store - Shop Drone, Action camera, Gimbal DJI |Phukienflytech\",\"url\":\"https:\/\/phukienflytech.vn\/\",\"logo\":{\"@type\":\"ImageObject\",\"inLanguage\":\"en-US\",\"@id\":\"https:\/\/phukienflytech.vn\/#\/schema\/logo\/image\/\",\"url\":\"https:\/\/phukienflytech.vn\/wp-content\/uploads\/2020\/05\/hAnh_nan.jpg1_.jpg\",\"contentUrl\":\"https:\/\/phukienflytech.vn\/wp-content\/uploads\/2020\/05\/hAnh_nan.jpg1_.jpg\",\"width\":800,\"height\":450,\"caption\":\"DJI Store - Shop Drone, Action camera, Gimbal DJI |Phukienflytech\"},\"image\":{\"@id\":\"https:\/\/phukienflytech.vn\/#\/schema\/logo\/image\/\"},\"sameAs\":[\"https:\/\/facebook.com\/phukienflycam\",\"https:\/\/www.youtube.com\/@phukienflytech\",\"https:\/\/www.tiktok.com\/@flytech.channel?fbclid=IwY2xjawGjg7BleHRuA2FlbQIxMAABHYVGmlXpuSMs0UB2zTpYvyT4GMVfN2qJa4urF4vkSQ6FAVBwXZtDP30qQA_aem_UwMiDcUvlEbd2tXAmsc8Og\"]}]}<\/script>\n<!-- \/ Yoast SEO plugin. -->","yoast_head_json":{"title":"Gimbal holder for Phantom 4 - Sunnylife - Phantom accessory - available","description":"Gimbal holder for Phantom 4 is one of the most important accessory. Contact us to buy Gimbal holder for Phantom 4 for best price.","robots":{"index":"index","follow":"follow","max-snippet":"max-snippet:-1","max-image-preview":"max-image-preview:large","max-video-preview":"max-video-preview:-1"},"canonical":"https:\/\/phukienflytech.vn\/en\/san-pham\/gimbal-holder-for-phantom-4.html","og_locale":"en_US","og_type":"article","og_title":"Gimbal holder for Phantom 4 - Sunnylife - Phantom accessory - available","og_description":"Gimbal holder for Phantom 4 is one of the most important accessory. Contact us to buy Gimbal holder for Phantom 4 for best price.","og_url":"https:\/\/phukienflytech.vn\/en\/san-pham\/gimbal-holder-for-phantom-4.html","og_site_name":"Shop M\u00e1y \u1ea3nh - Action Camera - Gimbal - Flycam - Ph\u1ee5 ki\u1ec7n","article_publisher":"https:\/\/facebook.com\/phukienflycam","article_modified_time":"2020-10-16T12:05:03+00:00","og_image":[{"width":243,"height":243,"url":"https:\/\/phukienflytech.vn\/wp-content\/uploads\/2020\/06\/chap_camgim4.jpg","type":"image\/jpeg"}],"twitter_card":"summary_large_image","twitter_misc":{"Est. reading time":"3 minutes"},"schema":{"@context":"https:\/\/schema.org","@graph":[{"@type":"WebPage","@id":"https:\/\/phukienflytech.vn\/en\/san-pham\/gimbal-holder-for-phantom-4.html","url":"https:\/\/phukienflytech.vn\/en\/san-pham\/gimbal-holder-for-phantom-4.html","name":"Gimbal holder for Phantom 4 - Sunnylife - Phantom accessory - available","isPartOf":{"@id":"https:\/\/phukienflytech.vn\/#website"},"primaryImageOfPage":{"@id":"https:\/\/phukienflytech.vn\/en\/san-pham\/gimbal-holder-for-phantom-4.html#primaryimage"},"image":{"@id":"https:\/\/phukienflytech.vn\/en\/san-pham\/gimbal-holder-for-phantom-4.html#primaryimage"},"thumbnailUrl":"https:\/\/phukienflytech.vn\/wp-content\/uploads\/2020\/06\/chap_camgim4.jpg","datePublished":"2020-06-18T02:32:04+00:00","dateModified":"2020-10-16T12:05:03+00:00","description":"Gimbal holder for Phantom 4 is one of the most important accessory. Contact us to buy Gimbal holder for Phantom 4 for best price.","breadcrumb":{"@id":"https:\/\/phukienflytech.vn\/en\/san-pham\/gimbal-holder-for-phantom-4.html#breadcrumb"},"inLanguage":"en-US","potentialAction":[{"@type":"ReadAction","target":["https:\/\/phukienflytech.vn\/en\/san-pham\/gimbal-holder-for-phantom-4.html"]}]},{"@type":"ImageObject","inLanguage":"en-US","@id":"https:\/\/phukienflytech.vn\/en\/san-pham\/gimbal-holder-for-phantom-4.html#primaryimage","url":"https:\/\/phukienflytech.vn\/wp-content\/uploads\/2020\/06\/chap_camgim4.jpg","contentUrl":"https:\/\/phukienflytech.vn\/wp-content\/uploads\/2020\/06\/chap_camgim4.jpg","width":243,"height":243},{"@type":"BreadcrumbList","@id":"https:\/\/phukienflytech.vn\/en\/san-pham\/gimbal-holder-for-phantom-4.html#breadcrumb","itemListElement":[{"@type":"ListItem","position":1,"name":"Home","item":"https:\/\/phukienflytech.vn\/en"},{"@type":"ListItem","position":2,"name":"Ph\u1ee5 ki\u1ec7n Mavic Pro","item":"https:\/\/phukienflytech.vn\/en\/phu-kien-mavic-pro.html"},{"@type":"ListItem","position":3,"name":"DJI Osmo &amp; Drone's accessories","item":"https:\/\/phukienflytech.vn\/en\/danh-muc\/dji-osmo-drones-accessories.html"},{"@type":"ListItem","position":4,"name":"Ph\u1ee5 ki\u1ec7n flycam Phantom 4","item":"https:\/\/phukienflytech.vn\/en\/danh-muc\/phantom-4-accessory.html"},{"@type":"ListItem","position":5,"name":"Camera gimbal protection holder for Phantom 4"}]},{"@type":"WebSite","@id":"https:\/\/phukienflytech.vn\/#website","url":"https:\/\/phukienflytech.vn\/","name":"Shop M\u00e1y \u1ea3nh - Action Camera - Gimbal - Flycam - Ph\u1ee5 ki\u1ec7n","description":"Shop M\u00e1y \u1ea3nh - Action Camera - Gimbal - Flycam - Ph\u1ee5 ki\u1ec7n","publisher":{"@id":"https:\/\/phukienflytech.vn\/#organization"},"potentialAction":[{"@type":"SearchAction","target":{"@type":"EntryPoint","urlTemplate":"https:\/\/phukienflytech.vn\/?s={search_term_string}"},"query-input":{"@type":"PropertyValueSpecification","valueRequired":true,"valueName":"search_term_string"}}],"inLanguage":"en-US"},{"@type":"Organization","@id":"https:\/\/phukienflytech.vn\/#organization","name":"DJI Store - Shop Drone, Action camera, Gimbal DJI |Phukienflytech","alternateName":"DJI Store - Shop Drone, Action camera, Gimbal DJI |Phukienflytech","url":"https:\/\/phukienflytech.vn\/","logo":{"@type":"ImageObject","inLanguage":"en-US","@id":"https:\/\/phukienflytech.vn\/#\/schema\/logo\/image\/","url":"https:\/\/phukienflytech.vn\/wp-content\/uploads\/2020\/05\/hAnh_nan.jpg1_.jpg","contentUrl":"https:\/\/phukienflytech.vn\/wp-content\/uploads\/2020\/05\/hAnh_nan.jpg1_.jpg","width":800,"height":450,"caption":"DJI Store - Shop Drone, Action camera, Gimbal DJI |Phukienflytech"},"image":{"@id":"https:\/\/phukienflytech.vn\/#\/schema\/logo\/image\/"},"sameAs":["https:\/\/facebook.com\/phukienflycam","https:\/\/www.youtube.com\/@phukienflytech","https:\/\/www.tiktok.com\/@flytech.channel?fbclid=IwY2xjawGjg7BleHRuA2FlbQIxMAABHYVGmlXpuSMs0UB2zTpYvyT4GMVfN2qJa4urF4vkSQ6FAVBwXZtDP30qQA_aem_UwMiDcUvlEbd2tXAmsc8Og"]}]}},"_links":{"self":[{"href":"https:\/\/phukienflytech.vn\/en\/wp-json\/wp\/v2\/product\/5758","targetHints":{"allow":["GET"]}}],"collection":[{"href":"https:\/\/phukienflytech.vn\/en\/wp-json\/wp\/v2\/product"}],"about":[{"href":"https:\/\/phukienflytech.vn\/en\/wp-json\/wp\/v2\/types\/product"}],"replies":[{"embeddable":true,"href":"https:\/\/phukienflytech.vn\/en\/wp-json\/wp\/v2\/comments?post=5758"}],"wp:featuredmedia":[{"embeddable":true,"href":"https:\/\/phukienflytech.vn\/en\/wp-json\/wp\/v2\/media\/16280"}],"wp:attachment":[{"href":"https:\/\/phukienflytech.vn\/en\/wp-json\/wp\/v2\/media?parent=5758"}],"wp:term":[{"taxonomy":"product_brand","embeddable":true,"href":"https:\/\/phukienflytech.vn\/en\/wp-json\/wp\/v2\/product_brand?post=5758"},{"taxonomy":"product_cat","embeddable":true,"href":"https:\/\/phukienflytech.vn\/en\/wp-json\/wp\/v2\/product_cat?post=5758"},{"taxonomy":"product_tag","embeddable":true,"href":"https:\/\/phukienflytech.vn\/en\/wp-json\/wp\/v2\/product_tag?post=5758"}],"curies":[{"name":"wp","href":"https:\/\/api.w.org\/{rel}","templated":true}]}}