{"id":5789,"date":"2020-06-16T09:53:17","date_gmt":"2020-06-16T02:53:17","guid":{"rendered":"http:\/\/27430.lamdx.vinawebsite.vn\/san-pham\/bo-vo-phantom-4-dji.html"},"modified":"2020-09-09T09:29:17","modified_gmt":"2020-09-09T02:29:17","slug":"bo-vo-phantom-4-dji","status":"publish","type":"product","link":"https:\/\/phukienflytech.vn\/en\/san-pham\/bo-vo-phantom-4-dji.html","title":{"rendered":"B\u1ed9 v\u1ecf Phantom 4 \u2013 DJI"},"content":{"rendered":"<h2><span style=\"font-size: 21px; color: #0000ff;\"><strong>B\u1ed9 v\u1ecf Phantom \u00a04 \u2013 DJI<\/strong><\/span><\/h2>\n<p><span style=\"font-size: 18px;\">B\u1ed9 v\u1ecf Phantom 4<\/span><\/p>\n<p><span style=\"font-size: 18px;\">V\u1edbi b\u1ed9 v\u1ecf cho th\u00e2n m\u00e1y Phantom 3 cho ch\u00ednh DJI s\u1ea3n xu\u1ea5t th\u00ec s\u1ebd c\u00f3 ch\u1ea5t li\u1ec7u v\u00f4\u00a0 c\u00f9ng d\u1ebbo v\u00e0 c\u00f3 \u0111\u1ed9 b\u1ec1n r\u1ea5t cao.<\/span><\/p>\n<p>&nbsp;<\/p>\n<p><span style=\"font-size: 18px;\"><img loading=\"lazy\" decoding=\"async\" class=\"alignnone wp-image-17069\" src=\"https:\/\/phukienflytech.vn\/wp-content\/uploads\/2020\/06\/bo-vo-phantom-4-chinh-hang-gia-re-phu-kien-linh-kien-flycam-dji-Copy.jpg\" alt=\"\" width=\"456\" height=\"456\" srcset=\"https:\/\/phukienflytech.vn\/wp-content\/uploads\/2020\/06\/bo-vo-phantom-4-chinh-hang-gia-re-phu-kien-linh-kien-flycam-dji-Copy.jpg 800w, https:\/\/phukienflytech.vn\/wp-content\/uploads\/2020\/06\/bo-vo-phantom-4-chinh-hang-gia-re-phu-kien-linh-kien-flycam-dji-Copy-280x280.jpg 280w, https:\/\/phukienflytech.vn\/wp-content\/uploads\/2020\/06\/bo-vo-phantom-4-chinh-hang-gia-re-phu-kien-linh-kien-flycam-dji-Copy-400x400.jpg 400w, https:\/\/phukienflytech.vn\/wp-content\/uploads\/2020\/06\/bo-vo-phantom-4-chinh-hang-gia-re-phu-kien-linh-kien-flycam-dji-Copy-768x768.jpg 768w, https:\/\/phukienflytech.vn\/wp-content\/uploads\/2020\/06\/bo-vo-phantom-4-chinh-hang-gia-re-phu-kien-linh-kien-flycam-dji-Copy-300x300.jpg 300w, https:\/\/phukienflytech.vn\/wp-content\/uploads\/2020\/06\/bo-vo-phantom-4-chinh-hang-gia-re-phu-kien-linh-kien-flycam-dji-Copy-600x600.jpg 600w, https:\/\/phukienflytech.vn\/wp-content\/uploads\/2020\/06\/bo-vo-phantom-4-chinh-hang-gia-re-phu-kien-linh-kien-flycam-dji-Copy-100x100.jpg 100w\" sizes=\"auto, (max-width: 456px) 100vw, 456px\" \/><\/span><\/p>\n<p><span style=\"font-size: 18px;\">M\u1ed9t b\u1ed9 v\u1ecf ch\u00ednh h\u00e3ng DJI lu\u00f4n \u0111\u1ea3m b\u1ea3o tuy\u1ec7t \u0111\u1ed1i c\u00e1c v\u1ea5n \u0111\u1ec1, chi ti\u1ebft k\u0129 thu\u1eadt t\u1ea1o ra s\u1ef1 an t\u00e2m tuy\u1ec7t \u0111\u1ed1i cho c\u00e1c Pilot trong su\u1ed1t qu\u00e1 tr\u00ecnh bay, c\u00f2n \u0111\u1ed1i v\u1edbi c\u00e1c lo\u1ea1i v\u1ecf h\u00e3ng th\u1ee9 3 c\u00f3 gi\u00e1 c\u00f3 th\u1ec3 t\u1ed1t h\u01a1n m\u1ed9t ch\u00fat nh\u1eefng l\u1ea1i c\u00f3 th\u1ec3 kh\u00f4ng \u0111\u01b0\u1ee3c tuy\u1ec7t \u0111\u1ed1i v\u1ec1 c\u00e1c y\u1ebfu t\u1ed1 tr\u00f9ng kh\u1edbp k\u1ef9 thu\u1eadt n\u00ean c\u00f3 \u0111em l\u1ea1i c\u1ea3m gi\u00e1c an t\u00e2m kh\u00f4ng cao b\u1eb1ng h\u00e0ng DJI ch\u00ednh h\u00e3ng<\/span><\/p>\n<p>&nbsp;<\/p>\n<p><span style=\"font-size: 18px;\"><img loading=\"lazy\" decoding=\"async\" class=\"alignnone size-medium wp-image-17071\" src=\"https:\/\/phukienflytech.vn\/wp-content\/uploads\/2020\/06\/51bWq-mrfbL._SX466_-396x400.jpg\" alt=\"\" width=\"396\" height=\"400\" srcset=\"https:\/\/phukienflytech.vn\/wp-content\/uploads\/2020\/06\/51bWq-mrfbL._SX466_-396x400.jpg 396w, https:\/\/phukienflytech.vn\/wp-content\/uploads\/2020\/06\/51bWq-mrfbL._SX466_-100x100.jpg 100w, https:\/\/phukienflytech.vn\/wp-content\/uploads\/2020\/06\/51bWq-mrfbL._SX466_.jpg 530w\" sizes=\"auto, (max-width: 396px) 100vw, 396px\" \/><\/span><\/p>\n<p><span style=\"font-size: 18px;\">M\u1ed9t b\u1ed9 v\u1ecf ch\u00ednh h\u00e3ng DJI\u00a0 \u0111\u01b0\u1ee3c \u00a0trang b\u1ecb g\u1ed3m:<\/span><\/p>\n<p><span style=\"font-size: 18px;\">&#8211;\u00a0 C\u1eb7p ch\u00e2n + c\u00e1p s\u00f3ng<\/span><\/p>\n<p><span style=\"font-size: 18px;\">&#8211;\u00a0 V\u1ecf l\u01b0ng\u00a0 v\u00e0 v\u1ecf b\u1ee5ng c\u1ee7a th\u00e2n m\u00e1y<\/span><\/p>\n<p><span style=\"font-size: 18px;\">&#8211; C\u00e1c con \u1ed1c si\u1ebft gi\u00e1p v\u1ecf<\/span><\/p>\n<p>&nbsp;<\/p>\n<p><span style=\"font-size: 18px;\">\u00a0<img loading=\"lazy\" decoding=\"async\" class=\"alignnone\" src=\"https:\/\/phukienflytech.vn\/wp-content\/uploads\/2020\/06\/bo-vo-phantom-4-dji-5776-4.jpg\" alt=\"bo-vo-phantom-4-dji-1\" width=\"450\" height=\"345\" \/><\/span><\/p>\n<p>&nbsp;<\/p>\n<p><span style=\"font-size: 18px;\">B\u00ean ngo\u00e0i \u0111\u01b0\u1ee3c b\u1ecdc b\u1edfi h\u1ed9p c\u1ee9ng caton c\u00f3 logo v\u00e0 m\u00e3 QR c\u1ee7a nh\u00e0 s\u1ea3n xu\u1ea5t DJI<\/span><\/p>\n<p>&nbsp;<\/p>\n<p><span style=\"font-size: 18px;\">\u00a0<img loading=\"lazy\" decoding=\"async\" class=\"alignnone\" src=\"https:\/\/phukienflytech.vn\/wp-content\/uploads\/2020\/06\/bo-vo-phantom-4-dji-5776-5.jpg\" alt=\"bo-vo-phantom-4-dji\" width=\"450\" height=\"253\" \/><\/span><\/p>\n<p><span style=\"font-size: 18px;\">Shop <a href=\"https:\/\/phukienflytech.vn\/\"><strong>phukienflytech gi\u00e1 r\u1ebb<\/strong><\/a><\/span><\/p>\n<p><span style=\"font-size: 18px;\"><img loading=\"lazy\" decoding=\"async\" class=\"alignnone size-medium wp-image-16795\" src=\"https:\/\/phukienflytech.vn\/wp-content\/uploads\/2020\/06\/nen-chon-mua-mavic-mini-ban-sd25-hay-ban-ss5-dau-la-lua-chon-cua-ban-9048-4-1-800x251.png\" alt=\"\" width=\"800\" height=\"251\" srcset=\"https:\/\/phukienflytech.vn\/wp-content\/uploads\/2020\/06\/nen-chon-mua-mavic-mini-ban-sd25-hay-ban-ss5-dau-la-lua-chon-cua-ban-9048-4-1-800x251.png 800w, https:\/\/phukienflytech.vn\/wp-content\/uploads\/2020\/06\/nen-chon-mua-mavic-mini-ban-sd25-hay-ban-ss5-dau-la-lua-chon-cua-ban-9048-4-1-768x241.png 768w, https:\/\/phukienflytech.vn\/wp-content\/uploads\/2020\/06\/nen-chon-mua-mavic-mini-ban-sd25-hay-ban-ss5-dau-la-lua-chon-cua-ban-9048-4-1-600x188.png 600w, https:\/\/phukienflytech.vn\/wp-content\/uploads\/2020\/06\/nen-chon-mua-mavic-mini-ban-sd25-hay-ban-ss5-dau-la-lua-chon-cua-ban-9048-4-1.png 1013w\" sizes=\"auto, (max-width: 800px) 100vw, 800px\" \/><\/span><\/p>\n<h2><span style=\"font-size: 18px;\"><span style=\"color: #555555;\">Li\u00ean h\u1ec7 v\u1edbi ch\u00fang t\u00f4i qua facebook:<\/span><a href=\"https:\/\/www.facebook.com\/phukienflycam\"> Ph\u1ee5 ki\u1ec7n flytech gi\u00e1 t\u1ed1t<\/a><\/span><\/h2>\n","protected":false},"excerpt":{"rendered":"<p>B\u1ed9 v\u1ecf Phantom \u00a04 \u2013 DJI B\u1ed9 v\u1ecf Phantom 4 V\u1edbi b\u1ed9 v\u1ecf cho th\u00e2n m\u00e1y Phantom 3 cho ch\u00ednh DJI s\u1ea3n xu\u1ea5t th\u00ec s\u1ebd c\u00f3 ch\u1ea5t li\u1ec7u v\u00f4\u00a0 c\u00f9ng d\u1ebbo v\u00e0 c\u00f3 \u0111\u1ed9 b\u1ec1n r\u1ea5t cao. &nbsp; M\u1ed9t b\u1ed9 v\u1ecf ch\u00ednh h\u00e3ng DJI lu\u00f4n \u0111\u1ea3m b\u1ea3o tuy\u1ec7t \u0111\u1ed1i c\u00e1c v\u1ea5n \u0111\u1ec1, chi ti\u1ebft k\u0129 &#8230;<\/p>\n","protected":false},"featured_media":7197,"comment_status":"open","ping_status":"closed","template":"","meta":{"_acf_changed":false},"product_brand":[],"product_cat":[182],"product_tag":[206,227],"class_list":{"0":"post-5789","1":"product","2":"type-product","3":"status-publish","4":"has-post-thumbnail","6":"product_cat-phantom-4-accessory","7":"product_tag-phu-kien-dji-en","8":"product_tag-phu-kien-phantom-4-en","10":"first","11":"instock","12":"shipping-taxable","13":"purchasable","14":"product-type-simple"},"acf":[],"yoast_head":"<!-- This site is optimized with the Yoast SEO plugin v25.7 - https:\/\/yoast.com\/wordpress\/plugins\/seo\/ -->\n<title>B\u1ed9 v\u1ecf Phantom 4 - linh ki\u1ec7n ch\u00ednh h\u00e3ng DJI - ship cod to\u00e0n qu\u1ed1c<\/title>\n<meta name=\"description\" content=\"B\u1ed9 v\u1ecf Phantom 4 l\u00e0 linh ki\u1ec7n ch\u00ednh h\u00e3ng DJI, c\u1ea7n thi\u1ebft. B\u1ed9 v\u1ecf Phantom 4 gi\u00fap b\u1ea1n c\u00f3 th\u1ec3 d\u1ec5 d\u00e0ng thay th\u1ebf v\u1ecf c\u1ee7a chi\u1ebfc Phantom 4 m\u1ed9t c\u00e1ch d\u1ec5 d\u00e0ng khi h\u1ecfng.\" \/>\n<meta name=\"robots\" content=\"index, follow, max-snippet:-1, max-image-preview:large, max-video-preview:-1\" \/>\n<link rel=\"canonical\" href=\"https:\/\/phukienflytech.vn\/en\/san-pham\/bo-vo-phantom-4-dji.html\" \/>\n<meta property=\"og:locale\" content=\"en_US\" \/>\n<meta property=\"og:type\" content=\"article\" \/>\n<meta property=\"og:title\" content=\"B\u1ed9 v\u1ecf Phantom 4 - linh ki\u1ec7n ch\u00ednh h\u00e3ng DJI - ship cod to\u00e0n qu\u1ed1c\" \/>\n<meta property=\"og:description\" content=\"B\u1ed9 v\u1ecf Phantom 4 l\u00e0 linh ki\u1ec7n ch\u00ednh h\u00e3ng DJI, c\u1ea7n thi\u1ebft. B\u1ed9 v\u1ecf Phantom 4 gi\u00fap b\u1ea1n c\u00f3 th\u1ec3 d\u1ec5 d\u00e0ng thay th\u1ebf v\u1ecf c\u1ee7a chi\u1ebfc Phantom 4 m\u1ed9t c\u00e1ch d\u1ec5 d\u00e0ng khi h\u1ecfng.\" \/>\n<meta property=\"og:url\" content=\"https:\/\/phukienflytech.vn\/en\/san-pham\/bo-vo-phantom-4-dji.html\" \/>\n<meta property=\"og:site_name\" content=\"Shop M\u00e1y \u1ea3nh - Action Camera - Gimbal - Flycam - Ph\u1ee5 ki\u1ec7n\" \/>\n<meta property=\"article:publisher\" content=\"https:\/\/facebook.com\/phukienflycam\" \/>\n<meta property=\"article:modified_time\" content=\"2020-09-09T02:29:17+00:00\" \/>\n<meta property=\"og:image\" content=\"https:\/\/phukienflytech.vn\/wp-content\/uploads\/2020\/06\/300x300_bo-vo-phantom-4-chinh-hang-gia-re-phu-kien-linh-kien-flycam-dji-13333313_-_Copy.jpg\" \/>\n\t<meta property=\"og:image:width\" content=\"300\" \/>\n\t<meta property=\"og:image:height\" content=\"300\" \/>\n\t<meta property=\"og:image:type\" content=\"image\/jpeg\" \/>\n<meta name=\"twitter:card\" content=\"summary_large_image\" \/>\n<meta name=\"twitter:label1\" content=\"Est. reading time\" \/>\n\t<meta name=\"twitter:data1\" content=\"1 minute\" \/>\n<script type=\"application\/ld+json\" class=\"yoast-schema-graph\">{\"@context\":\"https:\/\/schema.org\",\"@graph\":[{\"@type\":\"WebPage\",\"@id\":\"https:\/\/phukienflytech.vn\/en\/san-pham\/bo-vo-phantom-4-dji.html\",\"url\":\"https:\/\/phukienflytech.vn\/en\/san-pham\/bo-vo-phantom-4-dji.html\",\"name\":\"B\u1ed9 v\u1ecf Phantom 4 - linh ki\u1ec7n ch\u00ednh h\u00e3ng DJI - ship cod to\u00e0n qu\u1ed1c\",\"isPartOf\":{\"@id\":\"https:\/\/phukienflytech.vn\/#website\"},\"primaryImageOfPage\":{\"@id\":\"https:\/\/phukienflytech.vn\/en\/san-pham\/bo-vo-phantom-4-dji.html#primaryimage\"},\"image\":{\"@id\":\"https:\/\/phukienflytech.vn\/en\/san-pham\/bo-vo-phantom-4-dji.html#primaryimage\"},\"thumbnailUrl\":\"https:\/\/phukienflytech.vn\/wp-content\/uploads\/2020\/06\/300x300_bo-vo-phantom-4-chinh-hang-gia-re-phu-kien-linh-kien-flycam-dji-13333313_-_Copy.jpg\",\"datePublished\":\"2020-06-16T02:53:17+00:00\",\"dateModified\":\"2020-09-09T02:29:17+00:00\",\"description\":\"B\u1ed9 v\u1ecf Phantom 4 l\u00e0 linh ki\u1ec7n ch\u00ednh h\u00e3ng DJI, c\u1ea7n thi\u1ebft. B\u1ed9 v\u1ecf Phantom 4 gi\u00fap b\u1ea1n c\u00f3 th\u1ec3 d\u1ec5 d\u00e0ng thay th\u1ebf v\u1ecf c\u1ee7a chi\u1ebfc Phantom 4 m\u1ed9t c\u00e1ch d\u1ec5 d\u00e0ng khi h\u1ecfng.\",\"breadcrumb\":{\"@id\":\"https:\/\/phukienflytech.vn\/en\/san-pham\/bo-vo-phantom-4-dji.html#breadcrumb\"},\"inLanguage\":\"en-US\",\"potentialAction\":[{\"@type\":\"ReadAction\",\"target\":[\"https:\/\/phukienflytech.vn\/en\/san-pham\/bo-vo-phantom-4-dji.html\"]}]},{\"@type\":\"ImageObject\",\"inLanguage\":\"en-US\",\"@id\":\"https:\/\/phukienflytech.vn\/en\/san-pham\/bo-vo-phantom-4-dji.html#primaryimage\",\"url\":\"https:\/\/phukienflytech.vn\/wp-content\/uploads\/2020\/06\/300x300_bo-vo-phantom-4-chinh-hang-gia-re-phu-kien-linh-kien-flycam-dji-13333313_-_Copy.jpg\",\"contentUrl\":\"https:\/\/phukienflytech.vn\/wp-content\/uploads\/2020\/06\/300x300_bo-vo-phantom-4-chinh-hang-gia-re-phu-kien-linh-kien-flycam-dji-13333313_-_Copy.jpg\",\"width\":300,\"height\":300},{\"@type\":\"BreadcrumbList\",\"@id\":\"https:\/\/phukienflytech.vn\/en\/san-pham\/bo-vo-phantom-4-dji.html#breadcrumb\",\"itemListElement\":[{\"@type\":\"ListItem\",\"position\":1,\"name\":\"Home\",\"item\":\"https:\/\/phukienflytech.vn\/en\"},{\"@type\":\"ListItem\",\"position\":2,\"name\":\"Ph\u1ee5 ki\u1ec7n Mavic Pro\",\"item\":\"https:\/\/phukienflytech.vn\/en\/phu-kien-mavic-pro.html\"},{\"@type\":\"ListItem\",\"position\":3,\"name\":\"DJI Osmo &amp; Drone's accessories\",\"item\":\"https:\/\/phukienflytech.vn\/en\/danh-muc\/dji-osmo-drones-accessories.html\"},{\"@type\":\"ListItem\",\"position\":4,\"name\":\"Ph\u1ee5 ki\u1ec7n flycam Phantom 4\",\"item\":\"https:\/\/phukienflytech.vn\/en\/danh-muc\/phantom-4-accessory.html\"},{\"@type\":\"ListItem\",\"position\":5,\"name\":\"B\u1ed9 v\u1ecf Phantom 4 \u2013 DJI\"}]},{\"@type\":\"WebSite\",\"@id\":\"https:\/\/phukienflytech.vn\/#website\",\"url\":\"https:\/\/phukienflytech.vn\/\",\"name\":\"Shop M\u00e1y \u1ea3nh - Action Camera - Gimbal - Flycam - Ph\u1ee5 ki\u1ec7n\",\"description\":\"Shop M\u00e1y \u1ea3nh - Action Camera - Gimbal - Flycam - Ph\u1ee5 ki\u1ec7n\",\"publisher\":{\"@id\":\"https:\/\/phukienflytech.vn\/#organization\"},\"potentialAction\":[{\"@type\":\"SearchAction\",\"target\":{\"@type\":\"EntryPoint\",\"urlTemplate\":\"https:\/\/phukienflytech.vn\/?s={search_term_string}\"},\"query-input\":{\"@type\":\"PropertyValueSpecification\",\"valueRequired\":true,\"valueName\":\"search_term_string\"}}],\"inLanguage\":\"en-US\"},{\"@type\":\"Organization\",\"@id\":\"https:\/\/phukienflytech.vn\/#organization\",\"name\":\"DJI Store - Shop Drone, Action camera, Gimbal DJI |Phukienflytech\",\"alternateName\":\"DJI Store - Shop Drone, Action camera, Gimbal DJI |Phukienflytech\",\"url\":\"https:\/\/phukienflytech.vn\/\",\"logo\":{\"@type\":\"ImageObject\",\"inLanguage\":\"en-US\",\"@id\":\"https:\/\/phukienflytech.vn\/#\/schema\/logo\/image\/\",\"url\":\"https:\/\/phukienflytech.vn\/wp-content\/uploads\/2020\/05\/hAnh_nan.jpg1_.jpg\",\"contentUrl\":\"https:\/\/phukienflytech.vn\/wp-content\/uploads\/2020\/05\/hAnh_nan.jpg1_.jpg\",\"width\":800,\"height\":450,\"caption\":\"DJI Store - Shop Drone, Action camera, Gimbal DJI |Phukienflytech\"},\"image\":{\"@id\":\"https:\/\/phukienflytech.vn\/#\/schema\/logo\/image\/\"},\"sameAs\":[\"https:\/\/facebook.com\/phukienflycam\",\"https:\/\/www.youtube.com\/@phukienflytech\",\"https:\/\/www.tiktok.com\/@flytech.channel?fbclid=IwY2xjawGjg7BleHRuA2FlbQIxMAABHYVGmlXpuSMs0UB2zTpYvyT4GMVfN2qJa4urF4vkSQ6FAVBwXZtDP30qQA_aem_UwMiDcUvlEbd2tXAmsc8Og\"]}]}<\/script>\n<!-- \/ Yoast SEO plugin. -->","yoast_head_json":{"title":"B\u1ed9 v\u1ecf Phantom 4 - linh ki\u1ec7n ch\u00ednh h\u00e3ng DJI - ship cod to\u00e0n qu\u1ed1c","description":"B\u1ed9 v\u1ecf Phantom 4 l\u00e0 linh ki\u1ec7n ch\u00ednh h\u00e3ng DJI, c\u1ea7n thi\u1ebft. B\u1ed9 v\u1ecf Phantom 4 gi\u00fap b\u1ea1n c\u00f3 th\u1ec3 d\u1ec5 d\u00e0ng thay th\u1ebf v\u1ecf c\u1ee7a chi\u1ebfc Phantom 4 m\u1ed9t c\u00e1ch d\u1ec5 d\u00e0ng khi h\u1ecfng.","robots":{"index":"index","follow":"follow","max-snippet":"max-snippet:-1","max-image-preview":"max-image-preview:large","max-video-preview":"max-video-preview:-1"},"canonical":"https:\/\/phukienflytech.vn\/en\/san-pham\/bo-vo-phantom-4-dji.html","og_locale":"en_US","og_type":"article","og_title":"B\u1ed9 v\u1ecf Phantom 4 - linh ki\u1ec7n ch\u00ednh h\u00e3ng DJI - ship cod to\u00e0n qu\u1ed1c","og_description":"B\u1ed9 v\u1ecf Phantom 4 l\u00e0 linh ki\u1ec7n ch\u00ednh h\u00e3ng DJI, c\u1ea7n thi\u1ebft. B\u1ed9 v\u1ecf Phantom 4 gi\u00fap b\u1ea1n c\u00f3 th\u1ec3 d\u1ec5 d\u00e0ng thay th\u1ebf v\u1ecf c\u1ee7a chi\u1ebfc Phantom 4 m\u1ed9t c\u00e1ch d\u1ec5 d\u00e0ng khi h\u1ecfng.","og_url":"https:\/\/phukienflytech.vn\/en\/san-pham\/bo-vo-phantom-4-dji.html","og_site_name":"Shop M\u00e1y \u1ea3nh - Action Camera - Gimbal - Flycam - Ph\u1ee5 ki\u1ec7n","article_publisher":"https:\/\/facebook.com\/phukienflycam","article_modified_time":"2020-09-09T02:29:17+00:00","og_image":[{"width":300,"height":300,"url":"https:\/\/phukienflytech.vn\/wp-content\/uploads\/2020\/06\/300x300_bo-vo-phantom-4-chinh-hang-gia-re-phu-kien-linh-kien-flycam-dji-13333313_-_Copy.jpg","type":"image\/jpeg"}],"twitter_card":"summary_large_image","twitter_misc":{"Est. reading time":"1 minute"},"schema":{"@context":"https:\/\/schema.org","@graph":[{"@type":"WebPage","@id":"https:\/\/phukienflytech.vn\/en\/san-pham\/bo-vo-phantom-4-dji.html","url":"https:\/\/phukienflytech.vn\/en\/san-pham\/bo-vo-phantom-4-dji.html","name":"B\u1ed9 v\u1ecf Phantom 4 - linh ki\u1ec7n ch\u00ednh h\u00e3ng DJI - ship cod to\u00e0n qu\u1ed1c","isPartOf":{"@id":"https:\/\/phukienflytech.vn\/#website"},"primaryImageOfPage":{"@id":"https:\/\/phukienflytech.vn\/en\/san-pham\/bo-vo-phantom-4-dji.html#primaryimage"},"image":{"@id":"https:\/\/phukienflytech.vn\/en\/san-pham\/bo-vo-phantom-4-dji.html#primaryimage"},"thumbnailUrl":"https:\/\/phukienflytech.vn\/wp-content\/uploads\/2020\/06\/300x300_bo-vo-phantom-4-chinh-hang-gia-re-phu-kien-linh-kien-flycam-dji-13333313_-_Copy.jpg","datePublished":"2020-06-16T02:53:17+00:00","dateModified":"2020-09-09T02:29:17+00:00","description":"B\u1ed9 v\u1ecf Phantom 4 l\u00e0 linh ki\u1ec7n ch\u00ednh h\u00e3ng DJI, c\u1ea7n thi\u1ebft. B\u1ed9 v\u1ecf Phantom 4 gi\u00fap b\u1ea1n c\u00f3 th\u1ec3 d\u1ec5 d\u00e0ng thay th\u1ebf v\u1ecf c\u1ee7a chi\u1ebfc Phantom 4 m\u1ed9t c\u00e1ch d\u1ec5 d\u00e0ng khi h\u1ecfng.","breadcrumb":{"@id":"https:\/\/phukienflytech.vn\/en\/san-pham\/bo-vo-phantom-4-dji.html#breadcrumb"},"inLanguage":"en-US","potentialAction":[{"@type":"ReadAction","target":["https:\/\/phukienflytech.vn\/en\/san-pham\/bo-vo-phantom-4-dji.html"]}]},{"@type":"ImageObject","inLanguage":"en-US","@id":"https:\/\/phukienflytech.vn\/en\/san-pham\/bo-vo-phantom-4-dji.html#primaryimage","url":"https:\/\/phukienflytech.vn\/wp-content\/uploads\/2020\/06\/300x300_bo-vo-phantom-4-chinh-hang-gia-re-phu-kien-linh-kien-flycam-dji-13333313_-_Copy.jpg","contentUrl":"https:\/\/phukienflytech.vn\/wp-content\/uploads\/2020\/06\/300x300_bo-vo-phantom-4-chinh-hang-gia-re-phu-kien-linh-kien-flycam-dji-13333313_-_Copy.jpg","width":300,"height":300},{"@type":"BreadcrumbList","@id":"https:\/\/phukienflytech.vn\/en\/san-pham\/bo-vo-phantom-4-dji.html#breadcrumb","itemListElement":[{"@type":"ListItem","position":1,"name":"Home","item":"https:\/\/phukienflytech.vn\/en"},{"@type":"ListItem","position":2,"name":"Ph\u1ee5 ki\u1ec7n Mavic Pro","item":"https:\/\/phukienflytech.vn\/en\/phu-kien-mavic-pro.html"},{"@type":"ListItem","position":3,"name":"DJI Osmo &amp; Drone's accessories","item":"https:\/\/phukienflytech.vn\/en\/danh-muc\/dji-osmo-drones-accessories.html"},{"@type":"ListItem","position":4,"name":"Ph\u1ee5 ki\u1ec7n flycam Phantom 4","item":"https:\/\/phukienflytech.vn\/en\/danh-muc\/phantom-4-accessory.html"},{"@type":"ListItem","position":5,"name":"B\u1ed9 v\u1ecf Phantom 4 \u2013 DJI"}]},{"@type":"WebSite","@id":"https:\/\/phukienflytech.vn\/#website","url":"https:\/\/phukienflytech.vn\/","name":"Shop M\u00e1y \u1ea3nh - Action Camera - Gimbal - Flycam - Ph\u1ee5 ki\u1ec7n","description":"Shop M\u00e1y \u1ea3nh - Action Camera - Gimbal - Flycam - Ph\u1ee5 ki\u1ec7n","publisher":{"@id":"https:\/\/phukienflytech.vn\/#organization"},"potentialAction":[{"@type":"SearchAction","target":{"@type":"EntryPoint","urlTemplate":"https:\/\/phukienflytech.vn\/?s={search_term_string}"},"query-input":{"@type":"PropertyValueSpecification","valueRequired":true,"valueName":"search_term_string"}}],"inLanguage":"en-US"},{"@type":"Organization","@id":"https:\/\/phukienflytech.vn\/#organization","name":"DJI Store - Shop Drone, Action camera, Gimbal DJI |Phukienflytech","alternateName":"DJI Store - Shop Drone, Action camera, Gimbal DJI |Phukienflytech","url":"https:\/\/phukienflytech.vn\/","logo":{"@type":"ImageObject","inLanguage":"en-US","@id":"https:\/\/phukienflytech.vn\/#\/schema\/logo\/image\/","url":"https:\/\/phukienflytech.vn\/wp-content\/uploads\/2020\/05\/hAnh_nan.jpg1_.jpg","contentUrl":"https:\/\/phukienflytech.vn\/wp-content\/uploads\/2020\/05\/hAnh_nan.jpg1_.jpg","width":800,"height":450,"caption":"DJI Store - Shop Drone, Action camera, Gimbal DJI |Phukienflytech"},"image":{"@id":"https:\/\/phukienflytech.vn\/#\/schema\/logo\/image\/"},"sameAs":["https:\/\/facebook.com\/phukienflycam","https:\/\/www.youtube.com\/@phukienflytech","https:\/\/www.tiktok.com\/@flytech.channel?fbclid=IwY2xjawGjg7BleHRuA2FlbQIxMAABHYVGmlXpuSMs0UB2zTpYvyT4GMVfN2qJa4urF4vkSQ6FAVBwXZtDP30qQA_aem_UwMiDcUvlEbd2tXAmsc8Og"]}]}},"_links":{"self":[{"href":"https:\/\/phukienflytech.vn\/en\/wp-json\/wp\/v2\/product\/5789","targetHints":{"allow":["GET"]}}],"collection":[{"href":"https:\/\/phukienflytech.vn\/en\/wp-json\/wp\/v2\/product"}],"about":[{"href":"https:\/\/phukienflytech.vn\/en\/wp-json\/wp\/v2\/types\/product"}],"replies":[{"embeddable":true,"href":"https:\/\/phukienflytech.vn\/en\/wp-json\/wp\/v2\/comments?post=5789"}],"wp:featuredmedia":[{"embeddable":true,"href":"https:\/\/phukienflytech.vn\/en\/wp-json\/wp\/v2\/media\/7197"}],"wp:attachment":[{"href":"https:\/\/phukienflytech.vn\/en\/wp-json\/wp\/v2\/media?parent=5789"}],"wp:term":[{"taxonomy":"product_brand","embeddable":true,"href":"https:\/\/phukienflytech.vn\/en\/wp-json\/wp\/v2\/product_brand?post=5789"},{"taxonomy":"product_cat","embeddable":true,"href":"https:\/\/phukienflytech.vn\/en\/wp-json\/wp\/v2\/product_cat?post=5789"},{"taxonomy":"product_tag","embeddable":true,"href":"https:\/\/phukienflytech.vn\/en\/wp-json\/wp\/v2\/product_tag?post=5789"}],"curies":[{"name":"wp","href":"https:\/\/api.w.org\/{rel}","templated":true}]}}