{"id":5791,"date":"2020-06-16T10:02:13","date_gmt":"2020-06-16T03:02:13","guid":{"rendered":"http:\/\/27430.lamdx.vinawebsite.vn\/san-pham\/bo-chan-phantom-4-pro-dji.html"},"modified":"2020-10-19T13:34:38","modified_gmt":"2020-10-19T06:34:38","slug":"landing-gear-phantom-4-pro","status":"publish","type":"product","link":"https:\/\/phukienflytech.vn\/en\/san-pham\/landing-gear-phantom-4-pro.html","title":{"rendered":"Original landing gear kit of Phantom 4 Pro"},"content":{"rendered":"<h2><em><strong><span style=\"font-size: 21px; color: #0000ff;\">Landing gear Phantom 4 Pro<\/span><\/strong><\/em><\/h2>\n<p><span style=\"font-size: 18px;\">Landing gear Phantom 4 Pro<\/span><\/p>\n<p>&nbsp;<\/p>\n<p><span style=\"font-size: 18px;\"><img loading=\"lazy\" decoding=\"async\" class=\"alignnone size-medium wp-image-16852\" src=\"https:\/\/phukienflytech.vn\/wp-content\/uploads\/2020\/06\/cbf9e2aa8e60_grande-400x400.jpg\" alt=\"\" width=\"400\" height=\"400\" srcset=\"https:\/\/phukienflytech.vn\/wp-content\/uploads\/2020\/06\/cbf9e2aa8e60_grande-400x400.jpg 400w, https:\/\/phukienflytech.vn\/wp-content\/uploads\/2020\/06\/cbf9e2aa8e60_grande-280x280.jpg 280w, https:\/\/phukienflytech.vn\/wp-content\/uploads\/2020\/06\/cbf9e2aa8e60_grande-300x300.jpg 300w, https:\/\/phukienflytech.vn\/wp-content\/uploads\/2020\/06\/cbf9e2aa8e60_grande-100x100.jpg 100w, https:\/\/phukienflytech.vn\/wp-content\/uploads\/2020\/06\/cbf9e2aa8e60_grande.jpg 500w\" sizes=\"auto, (max-width: 400px) 100vw, 400px\" \/><\/span><\/p>\n<p><span style=\"font-size: 18px;\">Hi\u1ec7n nay, v\u1edbi vi\u1ec7c \u01b0a th\u00edch tr\u1ea3i nghi\u1ec7m c\u1ea3m gi\u00e1c bay flycam kh\u00f4ng ch\u1ec9 \u0111\u01a1n thu\u1ea7n l\u00e0 \u1edf \u0111\u1ed9 xa hay \u1edf m\u1ed9t \u0111\u1ed9 cao nh\u1ea5t \u0111\u1ecbnh n\u00e0o \u0111\u00f3, m\u00e0 \u0111\u00f3 c\u00f2n l\u00e0 tr\u1ea3i nghi\u1ec7m bay trong m\u1ed9t kh\u00f4ng gian h\u1eb9p h\u01a1n, \u0111\u00f2i h\u1ecfi nh\u1eefng k\u1ef9 n\u0103ng bay th\u1eadt ch\u1eafc ch\u1eafn v\u00e0 th\u00e1i \u0111\u1ed9 bay t\u1eadp trung tuy\u1ec7t \u0111\u1ed1i. Tuy nhi\u00ean, \u0111\u00f4i l\u00fac ch\u00fang ta c\u0169ng kh\u00f3 c\u00f3 th\u1ec3 ki\u1ec3m so\u00e1t tuy\u1ec7t \u0111\u1ed1i trong m\u1ed9t t\u00ecnh hu\u1ed1ng x\u1ea3y ra ch\u1edbp nho\u00e1ng .<\/span><\/p>\n<p>&nbsp;<\/p>\n<p><span style=\"font-size: 18px;\"><img loading=\"lazy\" decoding=\"async\" class=\"alignnone wp-image-16855\" src=\"https:\/\/phukienflytech.vn\/wp-content\/uploads\/2020\/06\/s-l640-2-2.jpg\" alt=\"Landing-gear-Phantom-4-Pro\" width=\"566\" height=\"343\" srcset=\"https:\/\/phukienflytech.vn\/wp-content\/uploads\/2020\/06\/s-l640-2-2.jpg 640w, https:\/\/phukienflytech.vn\/wp-content\/uploads\/2020\/06\/s-l640-2-2-600x364.jpg 600w\" sizes=\"auto, (max-width: 566px) 100vw, 566px\" \/><\/span><\/p>\n<p>&nbsp;<\/p>\n<p><span style=\"font-size: 18px;\">\u0110i\u1ec1u t\u1ed9i t\u1ec7 l\u00e0 chi\u1ebfc drone ch\u00fang ta s\u1ebd b\u1ecb va \u0111\u1eadp v\u00e0 r\u1edbt xu\u1ed1ng \u0111\u1ea5t, ph\u1ea7n l\u1edbn t\u1ed5n th\u1ea5t l\u00fac n\u00e0y s\u1ebd l\u00e0 \u0111\u00f4i ch\u00e2n c\u1ee7a Phantom 4, d\u1ec5 g\u00e3y v\u00e0 t\u1ed5n t\u01b0\u01a1ng nh\u1ea5t<\/span><\/p>\n<p><span style=\"font-size: 18px;\">Do v\u1eady, b\u1ea1n ph\u1ea3i thay th\u1ebf cho \u0111\u00f4i ch\u00e2n n\u00e0y. H\u00e3y ch\u1ecdn \u0111\u00f4i ch\u00e2n ch\u00ednh h\u00e3ng DJI thay v\u00ec c\u00e1c h\u00e3ng th\u1ee9 3 v\u00ec l\u00fd do ti\u1ebfc r\u1ebb. M\u1ed9t \u0111\u00f4i ch\u00e2n do DJI s\u1ea3n xu\u1ea5t lu\u00f4n t\u1ea1o ra s\u1ef1 an kh\u1edbp tuy\u1ec7t \u0111\u1ed1i v\u1edbi ph\u1ea7n c\u00f2n l\u1ea1i.<\/span><\/p>\n<p><span style=\"font-size: 18px;\">Nh\u00e0 s\u1ea3n xu\u1ea5t: DJI\u2019s factory<\/span><\/p>\n<p><span style=\"font-size: 18px;\">Shop <strong><a href=\"https:\/\/phukienflytech.vn\/\">phukienflytech gi\u00e1 r\u1ebb<\/a><\/strong> s\u1ebd \u0111\u1ed3ng h\u00e0nh c\u00f9ng b\u1ea1n.<\/span><\/p>\n<p>&nbsp;<\/p>\n<p><span style=\"font-size: 18px;\"><img loading=\"lazy\" decoding=\"async\" class=\"alignnone wp-image-16795\" src=\"https:\/\/phukienflytech.vn\/wp-content\/uploads\/2020\/06\/nen-chon-mua-mavic-mini-ban-sd25-hay-ban-ss5-dau-la-lua-chon-cua-ban-9048-4-1-800x251.png\" alt=\"\" width=\"569\" height=\"179\" srcset=\"https:\/\/phukienflytech.vn\/wp-content\/uploads\/2020\/06\/nen-chon-mua-mavic-mini-ban-sd25-hay-ban-ss5-dau-la-lua-chon-cua-ban-9048-4-1-800x251.png 800w, https:\/\/phukienflytech.vn\/wp-content\/uploads\/2020\/06\/nen-chon-mua-mavic-mini-ban-sd25-hay-ban-ss5-dau-la-lua-chon-cua-ban-9048-4-1-768x241.png 768w, https:\/\/phukienflytech.vn\/wp-content\/uploads\/2020\/06\/nen-chon-mua-mavic-mini-ban-sd25-hay-ban-ss5-dau-la-lua-chon-cua-ban-9048-4-1-600x188.png 600w, https:\/\/phukienflytech.vn\/wp-content\/uploads\/2020\/06\/nen-chon-mua-mavic-mini-ban-sd25-hay-ban-ss5-dau-la-lua-chon-cua-ban-9048-4-1.png 1013w\" sizes=\"auto, (max-width: 569px) 100vw, 569px\" \/><\/span><\/p>\n<p><span style=\"font-size: 18px;\">Li\u00ean h\u1ec7 v\u1edbi ch\u00fang t\u00f4i qua facebook:<a href=\"https:\/\/www.facebook.com\/phukienflycam\"> Ph\u1ee5 ki\u1ec7n flytech gi\u00e1 t\u1ed1t<\/a><\/span><\/p>\n<p><span style=\"font-size: 18px;\">&gt;&gt; Contact us on: <a href=\"https:\/\/www.facebook.com\/phukienflycam\"><strong>Facebook<\/strong><\/a><\/span><\/p>\n<p><span style=\"font-size: 18px;\">&gt;&gt; Learn More : <a href=\"https:\/\/phukienflytech.vn\/danh-muc\/phu-kien-dji-phantom-3-series.html\"><strong>Phantom accessories<\/strong><\/a><\/span><\/p>\n","protected":false},"excerpt":{"rendered":"<p>Landing gear Phantom 4 Pro Landing gear Phantom 4 Pro &nbsp; Hi\u1ec7n nay, v\u1edbi vi\u1ec7c \u01b0a th\u00edch tr\u1ea3i nghi\u1ec7m c\u1ea3m gi\u00e1c bay flycam kh\u00f4ng ch\u1ec9 \u0111\u01a1n thu\u1ea7n l\u00e0 \u1edf \u0111\u1ed9 xa hay \u1edf m\u1ed9t \u0111\u1ed9 cao nh\u1ea5t \u0111\u1ecbnh n\u00e0o \u0111\u00f3, m\u00e0 \u0111\u00f3 c\u00f2n l\u00e0 tr\u1ea3i nghi\u1ec7m bay trong m\u1ed9t kh\u00f4ng gian h\u1eb9p h\u01a1n, \u0111\u00f2i h\u1ecfi &#8230;<\/p>\n","protected":false},"featured_media":16278,"comment_status":"open","ping_status":"closed","template":"","meta":{"_acf_changed":false},"product_brand":[],"product_cat":[182],"product_tag":[206,226,227],"class_list":{"0":"post-5791","1":"product","2":"type-product","3":"status-publish","4":"has-post-thumbnail","6":"product_cat-phantom-4-accessory","7":"product_tag-phu-kien-dji-en","8":"product_tag-phu-kien-phantom-en","9":"product_tag-phu-kien-phantom-4-en","11":"first","12":"instock","13":"shipping-taxable","14":"purchasable","15":"product-type-simple"},"acf":[],"yoast_head":"<!-- This site is optimized with the Yoast SEO plugin v25.7 - https:\/\/yoast.com\/wordpress\/plugins\/seo\/ -->\n<title>Landing gear Phantom 4 Pro - DJI - Phantom accessory - available.<\/title>\n<meta name=\"description\" content=\"Landing gear Phantom 4 Pro is one of the most important accessory. Contact us to buy Landing gear Phantom 4 Pro for best price.\" \/>\n<meta name=\"robots\" content=\"index, follow, max-snippet:-1, max-image-preview:large, max-video-preview:-1\" \/>\n<link rel=\"canonical\" href=\"https:\/\/phukienflytech.vn\/en\/san-pham\/landing-gear-phantom-4-pro.html\" \/>\n<meta property=\"og:locale\" content=\"en_US\" \/>\n<meta property=\"og:type\" content=\"article\" \/>\n<meta property=\"og:title\" content=\"Landing gear Phantom 4 Pro - DJI - Phantom accessory - available.\" \/>\n<meta property=\"og:description\" content=\"Landing gear Phantom 4 Pro is one of the most important accessory. Contact us to buy Landing gear Phantom 4 Pro for best price.\" \/>\n<meta property=\"og:url\" content=\"https:\/\/phukienflytech.vn\/en\/san-pham\/landing-gear-phantom-4-pro.html\" \/>\n<meta property=\"og:site_name\" content=\"Shop M\u00e1y \u1ea3nh - Action Camera - Gimbal - Flycam - Ph\u1ee5 ki\u1ec7n\" \/>\n<meta property=\"article:publisher\" content=\"https:\/\/facebook.com\/phukienflycam\" \/>\n<meta property=\"article:modified_time\" content=\"2020-10-19T06:34:38+00:00\" \/>\n<meta property=\"og:image\" content=\"https:\/\/phukienflytech.vn\/wp-content\/uploads\/2020\/06\/chAn_phantom_4_1.jpg\" \/>\n\t<meta property=\"og:image:width\" content=\"243\" \/>\n\t<meta property=\"og:image:height\" content=\"243\" \/>\n\t<meta property=\"og:image:type\" content=\"image\/jpeg\" \/>\n<meta name=\"twitter:card\" content=\"summary_large_image\" \/>\n<meta name=\"twitter:label1\" content=\"Est. reading time\" \/>\n\t<meta name=\"twitter:data1\" content=\"2 minutes\" \/>\n<script type=\"application\/ld+json\" class=\"yoast-schema-graph\">{\"@context\":\"https:\/\/schema.org\",\"@graph\":[{\"@type\":\"WebPage\",\"@id\":\"https:\/\/phukienflytech.vn\/en\/san-pham\/landing-gear-phantom-4-pro.html\",\"url\":\"https:\/\/phukienflytech.vn\/en\/san-pham\/landing-gear-phantom-4-pro.html\",\"name\":\"Landing gear Phantom 4 Pro - DJI - Phantom accessory - available.\",\"isPartOf\":{\"@id\":\"https:\/\/phukienflytech.vn\/#website\"},\"primaryImageOfPage\":{\"@id\":\"https:\/\/phukienflytech.vn\/en\/san-pham\/landing-gear-phantom-4-pro.html#primaryimage\"},\"image\":{\"@id\":\"https:\/\/phukienflytech.vn\/en\/san-pham\/landing-gear-phantom-4-pro.html#primaryimage\"},\"thumbnailUrl\":\"https:\/\/phukienflytech.vn\/wp-content\/uploads\/2020\/06\/chAn_phantom_4_1.jpg\",\"datePublished\":\"2020-06-16T03:02:13+00:00\",\"dateModified\":\"2020-10-19T06:34:38+00:00\",\"description\":\"Landing gear Phantom 4 Pro is one of the most important accessory. Contact us to buy Landing gear Phantom 4 Pro for best price.\",\"breadcrumb\":{\"@id\":\"https:\/\/phukienflytech.vn\/en\/san-pham\/landing-gear-phantom-4-pro.html#breadcrumb\"},\"inLanguage\":\"en-US\",\"potentialAction\":[{\"@type\":\"ReadAction\",\"target\":[\"https:\/\/phukienflytech.vn\/en\/san-pham\/landing-gear-phantom-4-pro.html\"]}]},{\"@type\":\"ImageObject\",\"inLanguage\":\"en-US\",\"@id\":\"https:\/\/phukienflytech.vn\/en\/san-pham\/landing-gear-phantom-4-pro.html#primaryimage\",\"url\":\"https:\/\/phukienflytech.vn\/wp-content\/uploads\/2020\/06\/chAn_phantom_4_1.jpg\",\"contentUrl\":\"https:\/\/phukienflytech.vn\/wp-content\/uploads\/2020\/06\/chAn_phantom_4_1.jpg\",\"width\":243,\"height\":243},{\"@type\":\"BreadcrumbList\",\"@id\":\"https:\/\/phukienflytech.vn\/en\/san-pham\/landing-gear-phantom-4-pro.html#breadcrumb\",\"itemListElement\":[{\"@type\":\"ListItem\",\"position\":1,\"name\":\"Home\",\"item\":\"https:\/\/phukienflytech.vn\/en\"},{\"@type\":\"ListItem\",\"position\":2,\"name\":\"Ph\u1ee5 ki\u1ec7n Mavic Pro\",\"item\":\"https:\/\/phukienflytech.vn\/en\/phu-kien-mavic-pro.html\"},{\"@type\":\"ListItem\",\"position\":3,\"name\":\"DJI Osmo &amp; Drone's accessories\",\"item\":\"https:\/\/phukienflytech.vn\/en\/danh-muc\/dji-osmo-drones-accessories.html\"},{\"@type\":\"ListItem\",\"position\":4,\"name\":\"Ph\u1ee5 ki\u1ec7n flycam Phantom 4\",\"item\":\"https:\/\/phukienflytech.vn\/en\/danh-muc\/phantom-4-accessory.html\"},{\"@type\":\"ListItem\",\"position\":5,\"name\":\"Original landing gear kit of Phantom 4 Pro\"}]},{\"@type\":\"WebSite\",\"@id\":\"https:\/\/phukienflytech.vn\/#website\",\"url\":\"https:\/\/phukienflytech.vn\/\",\"name\":\"Shop M\u00e1y \u1ea3nh - Action Camera - Gimbal - Flycam - Ph\u1ee5 ki\u1ec7n\",\"description\":\"Shop M\u00e1y \u1ea3nh - Action Camera - Gimbal - Flycam - Ph\u1ee5 ki\u1ec7n\",\"publisher\":{\"@id\":\"https:\/\/phukienflytech.vn\/#organization\"},\"potentialAction\":[{\"@type\":\"SearchAction\",\"target\":{\"@type\":\"EntryPoint\",\"urlTemplate\":\"https:\/\/phukienflytech.vn\/?s={search_term_string}\"},\"query-input\":{\"@type\":\"PropertyValueSpecification\",\"valueRequired\":true,\"valueName\":\"search_term_string\"}}],\"inLanguage\":\"en-US\"},{\"@type\":\"Organization\",\"@id\":\"https:\/\/phukienflytech.vn\/#organization\",\"name\":\"DJI Store - Shop Drone, Action camera, Gimbal DJI |Phukienflytech\",\"alternateName\":\"DJI Store - Shop Drone, Action camera, Gimbal DJI |Phukienflytech\",\"url\":\"https:\/\/phukienflytech.vn\/\",\"logo\":{\"@type\":\"ImageObject\",\"inLanguage\":\"en-US\",\"@id\":\"https:\/\/phukienflytech.vn\/#\/schema\/logo\/image\/\",\"url\":\"https:\/\/phukienflytech.vn\/wp-content\/uploads\/2020\/05\/hAnh_nan.jpg1_.jpg\",\"contentUrl\":\"https:\/\/phukienflytech.vn\/wp-content\/uploads\/2020\/05\/hAnh_nan.jpg1_.jpg\",\"width\":800,\"height\":450,\"caption\":\"DJI Store - Shop Drone, Action camera, Gimbal DJI |Phukienflytech\"},\"image\":{\"@id\":\"https:\/\/phukienflytech.vn\/#\/schema\/logo\/image\/\"},\"sameAs\":[\"https:\/\/facebook.com\/phukienflycam\",\"https:\/\/www.youtube.com\/@phukienflytech\",\"https:\/\/www.tiktok.com\/@flytech.channel?fbclid=IwY2xjawGjg7BleHRuA2FlbQIxMAABHYVGmlXpuSMs0UB2zTpYvyT4GMVfN2qJa4urF4vkSQ6FAVBwXZtDP30qQA_aem_UwMiDcUvlEbd2tXAmsc8Og\"]}]}<\/script>\n<!-- \/ Yoast SEO plugin. -->","yoast_head_json":{"title":"Landing gear Phantom 4 Pro - DJI - Phantom accessory - available.","description":"Landing gear Phantom 4 Pro is one of the most important accessory. Contact us to buy Landing gear Phantom 4 Pro for best price.","robots":{"index":"index","follow":"follow","max-snippet":"max-snippet:-1","max-image-preview":"max-image-preview:large","max-video-preview":"max-video-preview:-1"},"canonical":"https:\/\/phukienflytech.vn\/en\/san-pham\/landing-gear-phantom-4-pro.html","og_locale":"en_US","og_type":"article","og_title":"Landing gear Phantom 4 Pro - DJI - Phantom accessory - available.","og_description":"Landing gear Phantom 4 Pro is one of the most important accessory. Contact us to buy Landing gear Phantom 4 Pro for best price.","og_url":"https:\/\/phukienflytech.vn\/en\/san-pham\/landing-gear-phantom-4-pro.html","og_site_name":"Shop M\u00e1y \u1ea3nh - Action Camera - Gimbal - Flycam - Ph\u1ee5 ki\u1ec7n","article_publisher":"https:\/\/facebook.com\/phukienflycam","article_modified_time":"2020-10-19T06:34:38+00:00","og_image":[{"width":243,"height":243,"url":"https:\/\/phukienflytech.vn\/wp-content\/uploads\/2020\/06\/chAn_phantom_4_1.jpg","type":"image\/jpeg"}],"twitter_card":"summary_large_image","twitter_misc":{"Est. reading time":"2 minutes"},"schema":{"@context":"https:\/\/schema.org","@graph":[{"@type":"WebPage","@id":"https:\/\/phukienflytech.vn\/en\/san-pham\/landing-gear-phantom-4-pro.html","url":"https:\/\/phukienflytech.vn\/en\/san-pham\/landing-gear-phantom-4-pro.html","name":"Landing gear Phantom 4 Pro - DJI - Phantom accessory - available.","isPartOf":{"@id":"https:\/\/phukienflytech.vn\/#website"},"primaryImageOfPage":{"@id":"https:\/\/phukienflytech.vn\/en\/san-pham\/landing-gear-phantom-4-pro.html#primaryimage"},"image":{"@id":"https:\/\/phukienflytech.vn\/en\/san-pham\/landing-gear-phantom-4-pro.html#primaryimage"},"thumbnailUrl":"https:\/\/phukienflytech.vn\/wp-content\/uploads\/2020\/06\/chAn_phantom_4_1.jpg","datePublished":"2020-06-16T03:02:13+00:00","dateModified":"2020-10-19T06:34:38+00:00","description":"Landing gear Phantom 4 Pro is one of the most important accessory. Contact us to buy Landing gear Phantom 4 Pro for best price.","breadcrumb":{"@id":"https:\/\/phukienflytech.vn\/en\/san-pham\/landing-gear-phantom-4-pro.html#breadcrumb"},"inLanguage":"en-US","potentialAction":[{"@type":"ReadAction","target":["https:\/\/phukienflytech.vn\/en\/san-pham\/landing-gear-phantom-4-pro.html"]}]},{"@type":"ImageObject","inLanguage":"en-US","@id":"https:\/\/phukienflytech.vn\/en\/san-pham\/landing-gear-phantom-4-pro.html#primaryimage","url":"https:\/\/phukienflytech.vn\/wp-content\/uploads\/2020\/06\/chAn_phantom_4_1.jpg","contentUrl":"https:\/\/phukienflytech.vn\/wp-content\/uploads\/2020\/06\/chAn_phantom_4_1.jpg","width":243,"height":243},{"@type":"BreadcrumbList","@id":"https:\/\/phukienflytech.vn\/en\/san-pham\/landing-gear-phantom-4-pro.html#breadcrumb","itemListElement":[{"@type":"ListItem","position":1,"name":"Home","item":"https:\/\/phukienflytech.vn\/en"},{"@type":"ListItem","position":2,"name":"Ph\u1ee5 ki\u1ec7n Mavic Pro","item":"https:\/\/phukienflytech.vn\/en\/phu-kien-mavic-pro.html"},{"@type":"ListItem","position":3,"name":"DJI Osmo &amp; Drone's accessories","item":"https:\/\/phukienflytech.vn\/en\/danh-muc\/dji-osmo-drones-accessories.html"},{"@type":"ListItem","position":4,"name":"Ph\u1ee5 ki\u1ec7n flycam Phantom 4","item":"https:\/\/phukienflytech.vn\/en\/danh-muc\/phantom-4-accessory.html"},{"@type":"ListItem","position":5,"name":"Original landing gear kit of Phantom 4 Pro"}]},{"@type":"WebSite","@id":"https:\/\/phukienflytech.vn\/#website","url":"https:\/\/phukienflytech.vn\/","name":"Shop M\u00e1y \u1ea3nh - Action Camera - Gimbal - Flycam - Ph\u1ee5 ki\u1ec7n","description":"Shop M\u00e1y \u1ea3nh - Action Camera - Gimbal - Flycam - Ph\u1ee5 ki\u1ec7n","publisher":{"@id":"https:\/\/phukienflytech.vn\/#organization"},"potentialAction":[{"@type":"SearchAction","target":{"@type":"EntryPoint","urlTemplate":"https:\/\/phukienflytech.vn\/?s={search_term_string}"},"query-input":{"@type":"PropertyValueSpecification","valueRequired":true,"valueName":"search_term_string"}}],"inLanguage":"en-US"},{"@type":"Organization","@id":"https:\/\/phukienflytech.vn\/#organization","name":"DJI Store - Shop Drone, Action camera, Gimbal DJI |Phukienflytech","alternateName":"DJI Store - Shop Drone, Action camera, Gimbal DJI |Phukienflytech","url":"https:\/\/phukienflytech.vn\/","logo":{"@type":"ImageObject","inLanguage":"en-US","@id":"https:\/\/phukienflytech.vn\/#\/schema\/logo\/image\/","url":"https:\/\/phukienflytech.vn\/wp-content\/uploads\/2020\/05\/hAnh_nan.jpg1_.jpg","contentUrl":"https:\/\/phukienflytech.vn\/wp-content\/uploads\/2020\/05\/hAnh_nan.jpg1_.jpg","width":800,"height":450,"caption":"DJI Store - Shop Drone, Action camera, Gimbal DJI |Phukienflytech"},"image":{"@id":"https:\/\/phukienflytech.vn\/#\/schema\/logo\/image\/"},"sameAs":["https:\/\/facebook.com\/phukienflycam","https:\/\/www.youtube.com\/@phukienflytech","https:\/\/www.tiktok.com\/@flytech.channel?fbclid=IwY2xjawGjg7BleHRuA2FlbQIxMAABHYVGmlXpuSMs0UB2zTpYvyT4GMVfN2qJa4urF4vkSQ6FAVBwXZtDP30qQA_aem_UwMiDcUvlEbd2tXAmsc8Og"]}]}},"_links":{"self":[{"href":"https:\/\/phukienflytech.vn\/en\/wp-json\/wp\/v2\/product\/5791","targetHints":{"allow":["GET"]}}],"collection":[{"href":"https:\/\/phukienflytech.vn\/en\/wp-json\/wp\/v2\/product"}],"about":[{"href":"https:\/\/phukienflytech.vn\/en\/wp-json\/wp\/v2\/types\/product"}],"replies":[{"embeddable":true,"href":"https:\/\/phukienflytech.vn\/en\/wp-json\/wp\/v2\/comments?post=5791"}],"wp:featuredmedia":[{"embeddable":true,"href":"https:\/\/phukienflytech.vn\/en\/wp-json\/wp\/v2\/media\/16278"}],"wp:attachment":[{"href":"https:\/\/phukienflytech.vn\/en\/wp-json\/wp\/v2\/media?parent=5791"}],"wp:term":[{"taxonomy":"product_brand","embeddable":true,"href":"https:\/\/phukienflytech.vn\/en\/wp-json\/wp\/v2\/product_brand?post=5791"},{"taxonomy":"product_cat","embeddable":true,"href":"https:\/\/phukienflytech.vn\/en\/wp-json\/wp\/v2\/product_cat?post=5791"},{"taxonomy":"product_tag","embeddable":true,"href":"https:\/\/phukienflytech.vn\/en\/wp-json\/wp\/v2\/product_tag?post=5791"}],"curies":[{"name":"wp","href":"https:\/\/api.w.org\/{rel}","templated":true}]}}