{"id":5801,"date":"2020-06-18T10:11:25","date_gmt":"2020-06-18T03:11:25","guid":{"rendered":"http:\/\/27430.lamdx.vinawebsite.vn\/san-pham\/nep-bao-ve-vo-gimbal-phantom-4.html"},"modified":"2020-09-08T10:37:05","modified_gmt":"2020-09-08T03:37:05","slug":"nep-bao-ve-vo-gimbal-phantom-4","status":"publish","type":"product","link":"https:\/\/phukienflytech.vn\/en\/san-pham\/nep-bao-ve-vo-gimbal-phantom-4.html","title":{"rendered":"N\u1eb9p b\u1ea3o v\u1ec7 v\u1ecf gimbal Phantom 4"},"content":{"rendered":"<h2><span style=\"font-size: 21px; color: #0000ff;\"><strong>N\u1eb9p b\u1ea3o v\u1ec7 v\u1ecf gimbal Phantom 4<\/strong><\/span><\/h2>\n<p><span style=\"font-size: 18px;\">N\u1eb9p b\u1ea3o v\u1ec7 v\u1ecf gimbal Phantom 4<\/span><\/p>\n<p><span style=\"font-size: 18px;\">S\u1edf h\u1eefu cho m\u00ecnh m\u1ed9t chi\u1ebfc drone Phantom 4 c\u1ee7a h\u00e3ng DJI qu\u1ea3 th\u1ef1c b\u1ea1n s\u1ebd r\u1ea5t kh\u00f3 c\u00f3 th\u1ec3 t\u00ecm ra \u0111i\u1ec3m kh\u00f4ng h\u00e0i l\u00f2ng v\u1ec1 n\u00f3 ngay c\u1ea3 nh\u1eefng ng\u01b0\u1eddi ch\u01a1i kh\u00f3 t\u00ednh nh\u1ea5t. B\u1edfi s\u1ef1 an to\u00e0n khi bay, t\u00ednh \u1ed5n \u0111\u1ecbnh, s\u1ef1 th\u00f4ng minh c\u1ee7a thi\u1ebft b\u1ecb v\u00e0 s\u1ef1 h\u1ed7 tr\u1ee3 tuy\u1ec7t v\u1eddi c\u1ee7a c\u1ee5m gimbal \u0111\u00e3 gi\u00fap cho ch\u00fang ta c\u00f3 nh\u1eefng b\u1ee9c h\u00ecnh, th\u01b0\u1edbc phim tuy\u1ec7t v\u1eddi nh\u1ea5t.<\/span><\/p>\n<p><span style=\"font-size: 18px;\"><img loading=\"lazy\" decoding=\"async\" class=\"alignnone\" src=\"https:\/\/phukienflytech.vn\/wp-content\/uploads\/2020\/06\/nep-bao-ve-vo-gimbal-phantom-4-5792.jpg\" alt=\"nep-bao-ve-vo-gimbal-phantom-43\" width=\"400\" height=\"221\" \/><\/span><\/p>\n<p><span style=\"font-size: 18px;\">Tuy v\u1eady, cho d\u00f9 chi\u1ebfc Drone c\u1ee7a ch\u00fang ta c\u00f3 th\u00f4ng minh t\u1edbi \u0111\u00e2u nh\u01b0ng trong m\u1ed9t s\u1ed1 tr\u01b0\u01a1ng h\u1ee3p b\u1ea5t kh\u1ea3 kh\u00e1ng ho\u1eb7c do ch\u00ednh s\u1ef1 \u0111i\u1ec1u khi\u1ec3n v\u00f4 \u00fd, ch\u1ee7 quan c\u1ee7a ch\u00fang ta d\u1eabn t\u1edbi Drone b\u1ecb r\u01a1i r\u1edbt t\u1ef1 do.<\/span><\/p>\n<p><span style=\"font-size: 18px;\"><img loading=\"lazy\" decoding=\"async\" class=\"alignnone\" src=\"https:\/\/phukienflytech.vn\/wp-content\/uploads\/2020\/06\/nep-bao-ve-vo-gimbal-phantom-4-5792-1.jpg\" alt=\"nep-bao-ve-vo-gimbal-phantom-42\" width=\"450\" height=\"450\" \/><\/span><\/p>\n<p><span style=\"font-size: 18px;\">Nh\u01b0 c\u00e1c b\u1ea1n c\u00f3 th\u1ec3 \u0111\u00e3 bi\u1ebft m\u1ed9t chi\u1ebfc Phantom ch\u1ec9 c\u1ea7n r\u01a1i \u1edf \u0111\u1ed9 cao tr\u00ean 3m th\u00ec b\u1ed9 ph\u1eadn \u0111\u1ea7u ti\u00ean d\u1ec5 b\u1ecb t\u1ed5n th\u01b0\u01a1ng ch\u00ednh l\u00e0 c\u1ee5m gimbal. Gimbal s\u1ebd r\u1ea5t d\u1ec5 b\u1ecb v\u1ee1 v\u00e0 n\u1ee9t r\u1ea1n ngay sau c\u00fa v\u00e0 ch\u1ea1m<\/span><\/p>\n<p><span style=\"font-size: 18px;\"><img loading=\"lazy\" decoding=\"async\" class=\"alignnone\" src=\"https:\/\/phukienflytech.vn\/wp-content\/uploads\/2020\/06\/nep-bao-ve-vo-gimbal-phantom-4-5792-2.jpg\" alt=\"nep-bao-ve-vo-gimbal-phantom-41\" width=\"400\" height=\"225\" \/><\/span><\/p>\n<p><span style=\"font-size: 18px;\">Do v\u1eady, b\u00ean c\u1ea1nh vi\u1ec7c s\u1eed d\u1ee5ng\u00a0<a href=\"http:\/\/phukienflytech.vn\/san-pham\/thanh-bao-ve-gimbal-phantom-4-full-carbon.html\" target=\"_blank\" rel=\"noopener noreferrer\">thanh b\u1ea3o v\u1ec7 gimbal,<\/a>\u00a0ch\u00fang ta n\u00ean gia c\u1ed1 ngay v\u1ecf \u1ed1p gimbal b\u1eb1ng chi\u1ebfc n\u1eb9p \u0111\u01b0\u1ee3c in 3D n\u00e0y ngay<\/span><\/p>\n<p><span style=\"font-size: 18px;\"><img loading=\"lazy\" decoding=\"async\" class=\"alignnone\" src=\"https:\/\/phukienflytech.vn\/wp-content\/uploads\/2020\/06\/nep-bao-ve-vo-gimbal-phantom-4-5792-3.jpg\" alt=\"nep-bao-ve-vo-gimbal-phantom-4\" width=\"400\" height=\"300\" \/><\/span><\/p>\n<p><span style=\"font-size: 18px;\">\u0110\u1ec3 gi\u1ea3m thi\u1ec3u t\u1ed1i \u0111a t\u1ed5n th\u01b0\u01a1ng, h\u01b0 h\u1ecfng cho chi\u1ebfc c\u1ee5m gimbal Phantom 4 c\u1ee7a m\u00ecnh trong tr\u01b0\u1eddng h\u1ee3p m\u00e1y bay b\u1ecb r\u01a1i r\u1edbt v\u00e0o c\u00e1c v\u1eadt nh\u00f4 l\u00ean th\u00ec gi\u1ea3i ph\u00e1p ch\u00ednh l\u00e0 n\u1eb9p b\u1ea3o v\u1ec7 gimbal n\u00e0y<\/span><\/p>\n<p><span style=\"font-size: 18px;\">Ch\u1ea5t li\u1ec7u: Nh\u1ef1a in 3D<\/span><\/p>\n<p><span style=\"font-size: 18px;\">H\u00e3y \u0111\u1ec3\u00a0<a href=\"https:\/\/facebook.com\/phukienflycam\/\" target=\"_blank\" rel=\"noopener noreferrer\">Ph\u1ee5 Ki\u1ec7n Fly-cam Gi\u00e1 T\u1ed1t<\/a>\u00a0ti\u1ebfp s\u1ee9c \u0111am m\u00ea, c\u00f4ng vi\u1ec7c c\u1ee7a b\u1ea1n, gi\u00fap b\u1ea1n th\u00eam ni\u1ec1m h\u1ee9ng kh\u1edfi trong \u0111am m\u00ea c\u0169ng nh\u01b0 c\u00f4ng vi\u1ec7c c\u1ee7a m\u00ecnh th\u00eam su\u00f4n s\u1ebb<\/span><\/p>\n","protected":false},"excerpt":{"rendered":"<p>N\u1eb9p b\u1ea3o v\u1ec7 v\u1ecf gimbal Phantom 4 N\u1eb9p b\u1ea3o v\u1ec7 v\u1ecf gimbal Phantom 4 S\u1edf h\u1eefu cho m\u00ecnh m\u1ed9t chi\u1ebfc drone Phantom 4 c\u1ee7a h\u00e3ng DJI qu\u1ea3 th\u1ef1c b\u1ea1n s\u1ebd r\u1ea5t kh\u00f3 c\u00f3 th\u1ec3 t\u00ecm ra \u0111i\u1ec3m kh\u00f4ng h\u00e0i l\u00f2ng v\u1ec1 n\u00f3 ngay c\u1ea3 nh\u1eefng ng\u01b0\u1eddi ch\u01a1i kh\u00f3 t\u00ednh nh\u1ea5t. B\u1edfi s\u1ef1 an to\u00e0n khi &#8230;<\/p>\n","protected":false},"featured_media":16348,"comment_status":"open","ping_status":"closed","template":"","meta":{"_acf_changed":false},"product_brand":[],"product_cat":[182],"product_tag":[206,226,227],"class_list":{"0":"post-5801","1":"product","2":"type-product","3":"status-publish","4":"has-post-thumbnail","6":"product_cat-phantom-4-accessory","7":"product_tag-phu-kien-dji-en","8":"product_tag-phu-kien-phantom-en","9":"product_tag-phu-kien-phantom-4-en","11":"first","12":"instock","13":"shipping-taxable","14":"purchasable","15":"product-type-simple"},"acf":[],"yoast_head":"<!-- This site is optimized with the Yoast SEO plugin v25.7 - https:\/\/yoast.com\/wordpress\/plugins\/seo\/ -->\n<title>N\u1eb9p b\u1ea3o v\u1ec7 v\u1ecf gimbal Phantom 4 - ph\u1ee5 ki\u1ec7n Phantom 4 ch\u00ednh h\u00e3ng<\/title>\n<meta name=\"description\" content=\"N\u1eb9p b\u1ea3o v\u1ec7 v\u1ecf gimbal Phantom 4 l\u00e0 ph\u1ee5 ki\u1ec7n ch\u00ednh h\u00e3ng, c\u1ea7n thi\u1ebft. N\u1eb9p b\u1ea3o v\u1ec7 v\u1ecf gimbal Phantom 4 gi\u00fap b\u1ea1n gi\u1ea3m thi\u1ec3u nh\u1eefng h\u01b0 t\u1ed5n h\u1ecfng h\u00f3c cho c\u1ee5m gimbal\" \/>\n<meta name=\"robots\" content=\"index, follow, max-snippet:-1, max-image-preview:large, max-video-preview:-1\" \/>\n<link rel=\"canonical\" href=\"https:\/\/phukienflytech.vn\/en\/san-pham\/nep-bao-ve-vo-gimbal-phantom-4.html\" \/>\n<meta property=\"og:locale\" content=\"en_US\" \/>\n<meta property=\"og:type\" content=\"article\" \/>\n<meta property=\"og:title\" content=\"N\u1eb9p b\u1ea3o v\u1ec7 v\u1ecf gimbal Phantom 4 - ph\u1ee5 ki\u1ec7n Phantom 4 ch\u00ednh h\u00e3ng\" \/>\n<meta property=\"og:description\" content=\"N\u1eb9p b\u1ea3o v\u1ec7 v\u1ecf gimbal Phantom 4 l\u00e0 ph\u1ee5 ki\u1ec7n ch\u00ednh h\u00e3ng, c\u1ea7n thi\u1ebft. N\u1eb9p b\u1ea3o v\u1ec7 v\u1ecf gimbal Phantom 4 gi\u00fap b\u1ea1n gi\u1ea3m thi\u1ec3u nh\u1eefng h\u01b0 t\u1ed5n h\u1ecfng h\u00f3c cho c\u1ee5m gimbal\" \/>\n<meta property=\"og:url\" content=\"https:\/\/phukienflytech.vn\/en\/san-pham\/nep-bao-ve-vo-gimbal-phantom-4.html\" \/>\n<meta property=\"og:site_name\" content=\"Shop M\u00e1y \u1ea3nh - Action Camera - Gimbal - Flycam - Ph\u1ee5 ki\u1ec7n\" \/>\n<meta property=\"article:publisher\" content=\"https:\/\/facebook.com\/phukienflycam\" \/>\n<meta property=\"article:modified_time\" content=\"2020-09-08T03:37:05+00:00\" \/>\n<meta property=\"og:image\" content=\"https:\/\/phukienflytech.vn\/wp-content\/uploads\/2020\/06\/nap_gimbalpt41-1.jpg\" \/>\n\t<meta property=\"og:image:width\" content=\"243\" \/>\n\t<meta property=\"og:image:height\" content=\"243\" \/>\n\t<meta property=\"og:image:type\" content=\"image\/jpeg\" \/>\n<meta name=\"twitter:card\" content=\"summary_large_image\" \/>\n<meta name=\"twitter:label1\" content=\"Est. reading time\" \/>\n\t<meta name=\"twitter:data1\" content=\"2 minutes\" \/>\n<script type=\"application\/ld+json\" class=\"yoast-schema-graph\">{\"@context\":\"https:\/\/schema.org\",\"@graph\":[{\"@type\":\"WebPage\",\"@id\":\"https:\/\/phukienflytech.vn\/en\/san-pham\/nep-bao-ve-vo-gimbal-phantom-4.html\",\"url\":\"https:\/\/phukienflytech.vn\/en\/san-pham\/nep-bao-ve-vo-gimbal-phantom-4.html\",\"name\":\"N\u1eb9p b\u1ea3o v\u1ec7 v\u1ecf gimbal Phantom 4 - ph\u1ee5 ki\u1ec7n Phantom 4 ch\u00ednh h\u00e3ng\",\"isPartOf\":{\"@id\":\"https:\/\/phukienflytech.vn\/#website\"},\"primaryImageOfPage\":{\"@id\":\"https:\/\/phukienflytech.vn\/en\/san-pham\/nep-bao-ve-vo-gimbal-phantom-4.html#primaryimage\"},\"image\":{\"@id\":\"https:\/\/phukienflytech.vn\/en\/san-pham\/nep-bao-ve-vo-gimbal-phantom-4.html#primaryimage\"},\"thumbnailUrl\":\"https:\/\/phukienflytech.vn\/wp-content\/uploads\/2020\/06\/nap_gimbalpt41-1.jpg\",\"datePublished\":\"2020-06-18T03:11:25+00:00\",\"dateModified\":\"2020-09-08T03:37:05+00:00\",\"description\":\"N\u1eb9p b\u1ea3o v\u1ec7 v\u1ecf gimbal Phantom 4 l\u00e0 ph\u1ee5 ki\u1ec7n ch\u00ednh h\u00e3ng, c\u1ea7n thi\u1ebft. N\u1eb9p b\u1ea3o v\u1ec7 v\u1ecf gimbal Phantom 4 gi\u00fap b\u1ea1n gi\u1ea3m thi\u1ec3u nh\u1eefng h\u01b0 t\u1ed5n h\u1ecfng h\u00f3c cho c\u1ee5m gimbal\",\"breadcrumb\":{\"@id\":\"https:\/\/phukienflytech.vn\/en\/san-pham\/nep-bao-ve-vo-gimbal-phantom-4.html#breadcrumb\"},\"inLanguage\":\"en-US\",\"potentialAction\":[{\"@type\":\"ReadAction\",\"target\":[\"https:\/\/phukienflytech.vn\/en\/san-pham\/nep-bao-ve-vo-gimbal-phantom-4.html\"]}]},{\"@type\":\"ImageObject\",\"inLanguage\":\"en-US\",\"@id\":\"https:\/\/phukienflytech.vn\/en\/san-pham\/nep-bao-ve-vo-gimbal-phantom-4.html#primaryimage\",\"url\":\"https:\/\/phukienflytech.vn\/wp-content\/uploads\/2020\/06\/nap_gimbalpt41-1.jpg\",\"contentUrl\":\"https:\/\/phukienflytech.vn\/wp-content\/uploads\/2020\/06\/nap_gimbalpt41-1.jpg\",\"width\":243,\"height\":243},{\"@type\":\"BreadcrumbList\",\"@id\":\"https:\/\/phukienflytech.vn\/en\/san-pham\/nep-bao-ve-vo-gimbal-phantom-4.html#breadcrumb\",\"itemListElement\":[{\"@type\":\"ListItem\",\"position\":1,\"name\":\"Home\",\"item\":\"https:\/\/phukienflytech.vn\/en\"},{\"@type\":\"ListItem\",\"position\":2,\"name\":\"Ph\u1ee5 ki\u1ec7n Mavic Pro\",\"item\":\"https:\/\/phukienflytech.vn\/en\/phu-kien-mavic-pro.html\"},{\"@type\":\"ListItem\",\"position\":3,\"name\":\"DJI Osmo &amp; Drone's accessories\",\"item\":\"https:\/\/phukienflytech.vn\/en\/danh-muc\/dji-osmo-drones-accessories.html\"},{\"@type\":\"ListItem\",\"position\":4,\"name\":\"Ph\u1ee5 ki\u1ec7n flycam Phantom 4\",\"item\":\"https:\/\/phukienflytech.vn\/en\/danh-muc\/phantom-4-accessory.html\"},{\"@type\":\"ListItem\",\"position\":5,\"name\":\"N\u1eb9p b\u1ea3o v\u1ec7 v\u1ecf gimbal Phantom 4\"}]},{\"@type\":\"WebSite\",\"@id\":\"https:\/\/phukienflytech.vn\/#website\",\"url\":\"https:\/\/phukienflytech.vn\/\",\"name\":\"Shop M\u00e1y \u1ea3nh - Action Camera - Gimbal - Flycam - Ph\u1ee5 ki\u1ec7n\",\"description\":\"Shop M\u00e1y \u1ea3nh - Action Camera - Gimbal - Flycam - Ph\u1ee5 ki\u1ec7n\",\"publisher\":{\"@id\":\"https:\/\/phukienflytech.vn\/#organization\"},\"potentialAction\":[{\"@type\":\"SearchAction\",\"target\":{\"@type\":\"EntryPoint\",\"urlTemplate\":\"https:\/\/phukienflytech.vn\/?s={search_term_string}\"},\"query-input\":{\"@type\":\"PropertyValueSpecification\",\"valueRequired\":true,\"valueName\":\"search_term_string\"}}],\"inLanguage\":\"en-US\"},{\"@type\":\"Organization\",\"@id\":\"https:\/\/phukienflytech.vn\/#organization\",\"name\":\"DJI Store - Shop Drone, Action camera, Gimbal DJI |Phukienflytech\",\"alternateName\":\"DJI Store - Shop Drone, Action camera, Gimbal DJI |Phukienflytech\",\"url\":\"https:\/\/phukienflytech.vn\/\",\"logo\":{\"@type\":\"ImageObject\",\"inLanguage\":\"en-US\",\"@id\":\"https:\/\/phukienflytech.vn\/#\/schema\/logo\/image\/\",\"url\":\"https:\/\/phukienflytech.vn\/wp-content\/uploads\/2020\/05\/hAnh_nan.jpg1_.jpg\",\"contentUrl\":\"https:\/\/phukienflytech.vn\/wp-content\/uploads\/2020\/05\/hAnh_nan.jpg1_.jpg\",\"width\":800,\"height\":450,\"caption\":\"DJI Store - Shop Drone, Action camera, Gimbal DJI |Phukienflytech\"},\"image\":{\"@id\":\"https:\/\/phukienflytech.vn\/#\/schema\/logo\/image\/\"},\"sameAs\":[\"https:\/\/facebook.com\/phukienflycam\",\"https:\/\/www.youtube.com\/@phukienflytech\",\"https:\/\/www.tiktok.com\/@flytech.channel?fbclid=IwY2xjawGjg7BleHRuA2FlbQIxMAABHYVGmlXpuSMs0UB2zTpYvyT4GMVfN2qJa4urF4vkSQ6FAVBwXZtDP30qQA_aem_UwMiDcUvlEbd2tXAmsc8Og\"]}]}<\/script>\n<!-- \/ Yoast SEO plugin. -->","yoast_head_json":{"title":"N\u1eb9p b\u1ea3o v\u1ec7 v\u1ecf gimbal Phantom 4 - ph\u1ee5 ki\u1ec7n Phantom 4 ch\u00ednh h\u00e3ng","description":"N\u1eb9p b\u1ea3o v\u1ec7 v\u1ecf gimbal Phantom 4 l\u00e0 ph\u1ee5 ki\u1ec7n ch\u00ednh h\u00e3ng, c\u1ea7n thi\u1ebft. N\u1eb9p b\u1ea3o v\u1ec7 v\u1ecf gimbal Phantom 4 gi\u00fap b\u1ea1n gi\u1ea3m thi\u1ec3u nh\u1eefng h\u01b0 t\u1ed5n h\u1ecfng h\u00f3c cho c\u1ee5m gimbal","robots":{"index":"index","follow":"follow","max-snippet":"max-snippet:-1","max-image-preview":"max-image-preview:large","max-video-preview":"max-video-preview:-1"},"canonical":"https:\/\/phukienflytech.vn\/en\/san-pham\/nep-bao-ve-vo-gimbal-phantom-4.html","og_locale":"en_US","og_type":"article","og_title":"N\u1eb9p b\u1ea3o v\u1ec7 v\u1ecf gimbal Phantom 4 - ph\u1ee5 ki\u1ec7n Phantom 4 ch\u00ednh h\u00e3ng","og_description":"N\u1eb9p b\u1ea3o v\u1ec7 v\u1ecf gimbal Phantom 4 l\u00e0 ph\u1ee5 ki\u1ec7n ch\u00ednh h\u00e3ng, c\u1ea7n thi\u1ebft. N\u1eb9p b\u1ea3o v\u1ec7 v\u1ecf gimbal Phantom 4 gi\u00fap b\u1ea1n gi\u1ea3m thi\u1ec3u nh\u1eefng h\u01b0 t\u1ed5n h\u1ecfng h\u00f3c cho c\u1ee5m gimbal","og_url":"https:\/\/phukienflytech.vn\/en\/san-pham\/nep-bao-ve-vo-gimbal-phantom-4.html","og_site_name":"Shop M\u00e1y \u1ea3nh - Action Camera - Gimbal - Flycam - Ph\u1ee5 ki\u1ec7n","article_publisher":"https:\/\/facebook.com\/phukienflycam","article_modified_time":"2020-09-08T03:37:05+00:00","og_image":[{"width":243,"height":243,"url":"https:\/\/phukienflytech.vn\/wp-content\/uploads\/2020\/06\/nap_gimbalpt41-1.jpg","type":"image\/jpeg"}],"twitter_card":"summary_large_image","twitter_misc":{"Est. reading time":"2 minutes"},"schema":{"@context":"https:\/\/schema.org","@graph":[{"@type":"WebPage","@id":"https:\/\/phukienflytech.vn\/en\/san-pham\/nep-bao-ve-vo-gimbal-phantom-4.html","url":"https:\/\/phukienflytech.vn\/en\/san-pham\/nep-bao-ve-vo-gimbal-phantom-4.html","name":"N\u1eb9p b\u1ea3o v\u1ec7 v\u1ecf gimbal Phantom 4 - ph\u1ee5 ki\u1ec7n Phantom 4 ch\u00ednh h\u00e3ng","isPartOf":{"@id":"https:\/\/phukienflytech.vn\/#website"},"primaryImageOfPage":{"@id":"https:\/\/phukienflytech.vn\/en\/san-pham\/nep-bao-ve-vo-gimbal-phantom-4.html#primaryimage"},"image":{"@id":"https:\/\/phukienflytech.vn\/en\/san-pham\/nep-bao-ve-vo-gimbal-phantom-4.html#primaryimage"},"thumbnailUrl":"https:\/\/phukienflytech.vn\/wp-content\/uploads\/2020\/06\/nap_gimbalpt41-1.jpg","datePublished":"2020-06-18T03:11:25+00:00","dateModified":"2020-09-08T03:37:05+00:00","description":"N\u1eb9p b\u1ea3o v\u1ec7 v\u1ecf gimbal Phantom 4 l\u00e0 ph\u1ee5 ki\u1ec7n ch\u00ednh h\u00e3ng, c\u1ea7n thi\u1ebft. N\u1eb9p b\u1ea3o v\u1ec7 v\u1ecf gimbal Phantom 4 gi\u00fap b\u1ea1n gi\u1ea3m thi\u1ec3u nh\u1eefng h\u01b0 t\u1ed5n h\u1ecfng h\u00f3c cho c\u1ee5m gimbal","breadcrumb":{"@id":"https:\/\/phukienflytech.vn\/en\/san-pham\/nep-bao-ve-vo-gimbal-phantom-4.html#breadcrumb"},"inLanguage":"en-US","potentialAction":[{"@type":"ReadAction","target":["https:\/\/phukienflytech.vn\/en\/san-pham\/nep-bao-ve-vo-gimbal-phantom-4.html"]}]},{"@type":"ImageObject","inLanguage":"en-US","@id":"https:\/\/phukienflytech.vn\/en\/san-pham\/nep-bao-ve-vo-gimbal-phantom-4.html#primaryimage","url":"https:\/\/phukienflytech.vn\/wp-content\/uploads\/2020\/06\/nap_gimbalpt41-1.jpg","contentUrl":"https:\/\/phukienflytech.vn\/wp-content\/uploads\/2020\/06\/nap_gimbalpt41-1.jpg","width":243,"height":243},{"@type":"BreadcrumbList","@id":"https:\/\/phukienflytech.vn\/en\/san-pham\/nep-bao-ve-vo-gimbal-phantom-4.html#breadcrumb","itemListElement":[{"@type":"ListItem","position":1,"name":"Home","item":"https:\/\/phukienflytech.vn\/en"},{"@type":"ListItem","position":2,"name":"Ph\u1ee5 ki\u1ec7n Mavic Pro","item":"https:\/\/phukienflytech.vn\/en\/phu-kien-mavic-pro.html"},{"@type":"ListItem","position":3,"name":"DJI Osmo &amp; Drone's accessories","item":"https:\/\/phukienflytech.vn\/en\/danh-muc\/dji-osmo-drones-accessories.html"},{"@type":"ListItem","position":4,"name":"Ph\u1ee5 ki\u1ec7n flycam Phantom 4","item":"https:\/\/phukienflytech.vn\/en\/danh-muc\/phantom-4-accessory.html"},{"@type":"ListItem","position":5,"name":"N\u1eb9p b\u1ea3o v\u1ec7 v\u1ecf gimbal Phantom 4"}]},{"@type":"WebSite","@id":"https:\/\/phukienflytech.vn\/#website","url":"https:\/\/phukienflytech.vn\/","name":"Shop M\u00e1y \u1ea3nh - Action Camera - Gimbal - Flycam - Ph\u1ee5 ki\u1ec7n","description":"Shop M\u00e1y \u1ea3nh - Action Camera - Gimbal - Flycam - Ph\u1ee5 ki\u1ec7n","publisher":{"@id":"https:\/\/phukienflytech.vn\/#organization"},"potentialAction":[{"@type":"SearchAction","target":{"@type":"EntryPoint","urlTemplate":"https:\/\/phukienflytech.vn\/?s={search_term_string}"},"query-input":{"@type":"PropertyValueSpecification","valueRequired":true,"valueName":"search_term_string"}}],"inLanguage":"en-US"},{"@type":"Organization","@id":"https:\/\/phukienflytech.vn\/#organization","name":"DJI Store - Shop Drone, Action camera, Gimbal DJI |Phukienflytech","alternateName":"DJI Store - Shop Drone, Action camera, Gimbal DJI |Phukienflytech","url":"https:\/\/phukienflytech.vn\/","logo":{"@type":"ImageObject","inLanguage":"en-US","@id":"https:\/\/phukienflytech.vn\/#\/schema\/logo\/image\/","url":"https:\/\/phukienflytech.vn\/wp-content\/uploads\/2020\/05\/hAnh_nan.jpg1_.jpg","contentUrl":"https:\/\/phukienflytech.vn\/wp-content\/uploads\/2020\/05\/hAnh_nan.jpg1_.jpg","width":800,"height":450,"caption":"DJI Store - Shop Drone, Action camera, Gimbal DJI |Phukienflytech"},"image":{"@id":"https:\/\/phukienflytech.vn\/#\/schema\/logo\/image\/"},"sameAs":["https:\/\/facebook.com\/phukienflycam","https:\/\/www.youtube.com\/@phukienflytech","https:\/\/www.tiktok.com\/@flytech.channel?fbclid=IwY2xjawGjg7BleHRuA2FlbQIxMAABHYVGmlXpuSMs0UB2zTpYvyT4GMVfN2qJa4urF4vkSQ6FAVBwXZtDP30qQA_aem_UwMiDcUvlEbd2tXAmsc8Og"]}]}},"_links":{"self":[{"href":"https:\/\/phukienflytech.vn\/en\/wp-json\/wp\/v2\/product\/5801","targetHints":{"allow":["GET"]}}],"collection":[{"href":"https:\/\/phukienflytech.vn\/en\/wp-json\/wp\/v2\/product"}],"about":[{"href":"https:\/\/phukienflytech.vn\/en\/wp-json\/wp\/v2\/types\/product"}],"replies":[{"embeddable":true,"href":"https:\/\/phukienflytech.vn\/en\/wp-json\/wp\/v2\/comments?post=5801"}],"wp:featuredmedia":[{"embeddable":true,"href":"https:\/\/phukienflytech.vn\/en\/wp-json\/wp\/v2\/media\/16348"}],"wp:attachment":[{"href":"https:\/\/phukienflytech.vn\/en\/wp-json\/wp\/v2\/media?parent=5801"}],"wp:term":[{"taxonomy":"product_brand","embeddable":true,"href":"https:\/\/phukienflytech.vn\/en\/wp-json\/wp\/v2\/product_brand?post=5801"},{"taxonomy":"product_cat","embeddable":true,"href":"https:\/\/phukienflytech.vn\/en\/wp-json\/wp\/v2\/product_cat?post=5801"},{"taxonomy":"product_tag","embeddable":true,"href":"https:\/\/phukienflytech.vn\/en\/wp-json\/wp\/v2\/product_tag?post=5801"}],"curies":[{"name":"wp","href":"https:\/\/api.w.org\/{rel}","templated":true}]}}