{"id":5821,"date":"2020-06-24T10:19:24","date_gmt":"2020-06-24T03:19:24","guid":{"rendered":"http:\/\/27430.lamdx.vinawebsite.vn\/san-pham\/bo-sac-nhanh-phantom-4.html"},"modified":"2021-12-17T23:35:03","modified_gmt":"2021-12-17T16:35:03","slug":"quick-charger-for-phantom-4","status":"publish","type":"product","link":"https:\/\/phukienflytech.vn\/en\/san-pham\/quick-charger-for-phantom-4.html","title":{"rendered":"Quick charger for Phantom 4 &#8211; Yxtech"},"content":{"rendered":"<h2><span style=\"color: #0000ff;\"><em><strong><span style=\"font-size: 21px;\">Quick charger for Phantom 4<\/span><\/strong><\/em><\/span><\/h2>\n<p><span style=\"font-size: 18px;\">Quick charger for Phantom 4<\/span><\/p>\n<p><span style=\"font-size: 18px;\"><em><strong><img loading=\"lazy\" decoding=\"async\" class=\"\" src=\"https:\/\/phukienflytech.vn\/wp-content\/uploads\/2020\/06\/bo-sac-nhanh-phantom-4-5802.jpg\" alt=\"\" width=\"434\" height=\"434\" \/><\/strong><\/em><\/span><\/p>\n<p><strong><span style=\"font-size: 18px;\"><em>Th\u00f4ng tin s\u1ea3n ph\u1ea9m:<\/em><\/span><\/strong><\/p>\n<ul>\n<li><span style=\"font-size: 18px;\">L\u00e0 phi\u00ean b\u1ea3n m\u1edbi s\u1ea1c nhanh Phantom 4 series c\u1ee7a Yxtek\u00a0\u00a0<\/span><\/li>\n<li><span style=\"font-size: 18px;\">Ph\u00f9 h\u1ee3p v\u1edbi : Phantom 4 \/ pro \/ pro+ \/ adv<\/span><\/li>\n<li><span style=\"font-size: 18px;\">D\u00f2ng \u0111i\u1ec7n v\u00e0o : 110 &#8211; 220V<\/span><\/li>\n<li><span style=\"font-size: 18px;\">D\u00f2ng \u0111i\u1ec7n ra : 17.5V &#8211; 13.5 A (m\u1ed7i d\u00e2y \u0111\u1ea7u ra : 17.5V &#8211; 4.5A)<\/span><\/li>\n<li><span style=\"font-size: 18px;\">Th\u1eddi gian s\u1ea1c : 75 &#8211; 85 ph\u00fat cho t\u1ea5t c\u1ea3\u00a0<\/span><\/li>\n<li><span style=\"font-size: 18px;\">B\u1ed9 s\u1ea1c \u0111\u00e3 \u0111\u01b0\u1ee3c c\u1ea3i ti\u1ebfn \u1ed5n \u00e1p v\u00e0 qu\u1ea1t l\u00e0m m\u00e1t (tuy\u1ec7t \u0111\u1ed1i an to\u00e0n &#8211; v\u00e0 th\u00f4ng minh)<\/span><\/li>\n<li><span style=\"font-size: 18px;\">H\u00e3ng: Yxtech<\/span><\/li>\n<\/ul>\n<p><span style=\"font-size: 18px;\"><img loading=\"lazy\" decoding=\"async\" class=\"\" src=\"https:\/\/phukienflytech.vn\/wp-content\/uploads\/2020\/06\/bo-sac-nhanh-phantom-4-5802-1.jpg\" alt=\"\" width=\"430\" height=\"430\" \/><\/span><\/p>\n<h2><span style=\"font-size: 18px;\">&gt;&gt; Xem th\u00eam gi\u00e1: <strong><span style=\"color: #0000ff;\"><a style=\"color: #0000ff;\" href=\"https:\/\/phukienflytech.vn\/en\/san-pham\/pin-phantom-4-proproadv-pin-thong-minh-chinh-hang-dji.html\">Pin Phantom 4 Pro<\/a><\/span><\/strong><\/span><\/h2>\n<p>&nbsp;<\/p>\n<h2><span style=\"font-size: 21px; color: #0000ff;\"><em><strong>T\u1ea1i sao n\u00ean s\u1eed d\u1ee5ng Quick charger for Phantom 4 ?<\/strong><\/em><\/span><\/h2>\n<p><span style=\"font-size: 18px;\">C\u00f3 m\u1ed9t s\u1ef1 th\u1eadt kh\u00f4ng th\u1ec3 ch\u1ed1i c\u00e3i l\u00e0 khi ch\u00fang ta ch\u01a1i flycam DJI Phantom 4\/ professional \/ advanced,\u00a0ai ai c\u0169ng c\u00f3 cho m\u00ecnh t\u1eeb 2 t\u1edbi 3 c\u1ee5c pin \u0111\u1ec3 c\u00f3 th\u1ec3 th\u1ecfa m\u00e3n th\u1eddi gian \u0111am m\u00ea c\u0169ng nh\u01b0 l\u00e0 \u0111\u00e1p \u1ee9ng \u0111\u01b0\u1ee3c nhu c\u1ea7u quay film v\u00e0 ch\u1ee5p h\u00ecnh t\u1eeb tr\u00ean cao c\u1ee7a m\u00ecnh.<\/span><\/p>\n<p><span style=\"font-size: 18px;\"><img loading=\"lazy\" decoding=\"async\" class=\"alignnone\" src=\"https:\/\/phukienflytech.vn\/wp-content\/uploads\/2020\/06\/bo-sac-nhanh-phantom-4-5802-2.jpg\" alt=\"pin-phantom-4\" width=\"406\" height=\"304\" \/><\/span><\/p>\n<p><span style=\"font-size: 18px;\">Do v\u1eady, v\u1edbi b\u1ed9 s\u1ea1c g\u1ed1c theo m\u00e1y bay ch\u1ec9 \u0111\u00e1p \u1ee9ng s\u1ea1c 1 c\u1ee5c pin\u00a0 m\u1ed7i l\u1ea7n, v\u00e0 c\u1ee9 m\u1ed7i l\u1ea7n 1 c\u1ee5c pin s\u1ea1c \u0111\u1ea7y ta c\u1ea7n ph\u1ea3i th\u00e1o ra v\u00e0 l\u1eafp s\u1ea1c c\u1ee5c k\u1ebf ti\u1ebfp, c\u1ee9 nh\u01b0 v\u1eady ch\u00fang ta ph\u1ea3i c\u0103n th\u1eddi gian \u0111\u1ec3 thay th\u1ebf ch\u00fang cho t\u1edbi khi t\u1ea5t c\u1ea3 c\u00f9ng \u0111\u1ea7y. Hay l\u00e0\u00a0<strong><a href=\"http:\/\/phukienflytech.vn\/san-pham\/hub-sac-3-pin-phantom-4.html\" target=\"_blank\" rel=\"noopener noreferrer\">Hub s\u1ea1c d\u00e0nh cho 3 pin<\/a><\/strong>\u00a0th\u00ec c\u0169ng ch\u1ec9 s\u1ea1c \u0111\u01b0\u1ee3c t\u1eebng vi\u00ean pin ch\u1ee9 kh\u00f4ng \u0111\u1ed3ng th\u1eddi 3 in 1\u00a0<\/span><\/p>\n<p><span style=\"font-size: 18px;\"><img loading=\"lazy\" decoding=\"async\" class=\"\" src=\"https:\/\/phukienflytech.vn\/wp-content\/uploads\/2020\/06\/bo-sac-nhanh-phantom-4-5802-3.jpg\" alt=\"\" width=\"405\" height=\"340\" \/><\/span><\/p>\n<p><span style=\"font-size: 18px;\">Nh\u01b0 v\u1eady th\u1eadt b\u1ea5t ti\u1ec7n, ch\u01b0a k\u1ec3 c\u00f3 nh\u1eefng h\u00f4m sau ch\u00fang ta c\u1ea7n quay nhi\u1ec1u, m\u00e0 \u0111\u00eam nay ta l\u1ea1i ph\u1ea3i s\u1ea1c t\u1eebng c\u1ee5c pin nh\u01b0 v\u1eady th\u00ec l\u00e0m sao c\u00f3 th\u1ec3 ng\u1ee7 ngon gi\u1ea5c.<\/span><\/p>\n<p><span style=\"font-size: 18px;\"><em>Gi\u1ea3i ph\u00e1p ch\u00ednh l\u00e0\u00a0<strong>B\u1ed9 s\u1ea1c nhanh Phantom 4<\/strong><\/em><\/span><\/p>\n<p><span style=\"font-size: 18px;\"><img loading=\"lazy\" decoding=\"async\" class=\"alignnone\" src=\"https:\/\/phukienflytech.vn\/wp-content\/uploads\/2020\/06\/bo-sac-nhanh-phantom-4-5802-4.jpg\" alt=\"Quick-charger-for-Phantom-4-4\" width=\"438\" height=\"438\" \/><\/span><\/p>\n<p><span style=\"font-size: 18px;\">C\u00f3 nhi\u1ec1u ng\u01b0\u1eddi ch\u01a1i \u0111\u00e3 l\u1ef1a ch\u1ecdn s\u1ea3n ph\u1ea9m nh\u01b0<strong>\u00a0<a href=\"http:\/\/phukienflytech.vn\/san-pham\/thanh-sac-3pin-phantom-4.html\" target=\"_blank\" rel=\"noopener noreferrer\">thanh s\u1ea1c 3 c\u1ed5ng pin<\/a>,<\/strong>\u00a0nh\u01b0ng \u0111\u00e2y ch\u1ec9 l\u00e0 gi\u1ea3i ph\u00e1p gi\u1ea3m b\u1edbt s\u1ef1 b\u1ea5t ti\u1ec7n \u0111i ch\u1ee9 kh\u00f4ng l\u00e0m t\u1eb1n t\u00ednh ti\u1ec7n nghi c\u0169ng nh\u01b0 \u0111\u00e1p \u1ee9ng t\u1ed1t nh\u1ea5t nhu c\u1ea7u c\u1ee7a m\u00ecnh<\/span><\/p>\n<p><span style=\"font-size: 18px;\"><img loading=\"lazy\" decoding=\"async\" class=\"alignnone\" src=\"https:\/\/phukienflytech.vn\/wp-content\/uploads\/2020\/06\/bo-sac-nhanh-phantom-4-5802-5.jpg\" alt=\"Quick-charger-for-Phantom-4-3\" width=\"445\" height=\"445\" \/><\/span><\/p>\n<p><span style=\"font-size: 18px;\"><em>V\u00ec v\u1eady, h\u00e3y ngh\u0129 t\u1edbi gi\u1ea3i ph\u00e1p\u00a0<strong>B\u1ed9 s\u1ea1c nhanh Phantom 4:\u00a0<\/strong>4<strong>\u00a0<\/strong>in 1: 3 pin + tay \u0111i\u1ec1u ki\u1ec3n trong c\u00f9ng m\u1ed9t l\u00fac\u00a0 v\u00e0 trong c\u00f9ng m\u1ed9t l\u1ea7n c\u1eafm s\u1ea1c 75 &#8211; 85 ph\u00fat. Si\u00eau ti\u1ec7n l\u1ee3i \u0111\u1eb7c bi\u1ec7t l\u00e0 trong nh\u1eefng l\u1ea7n du l\u1ecbch kh\u00f4ng c\u00f3 qu\u00e1 nhi\u1ec1u th\u1eddi gian ngh\u1ec9 \u0111\u1ec3 ti\u1ebfp t\u1ee5c n\u1ea1p pin<\/em><\/span><\/p>\n<p><span style=\"font-size: 18px;\">T\u1ea1i sao kh\u00f4ng?<\/span><\/p>\n<p><span style=\"font-size: 18px;\"><img loading=\"lazy\" decoding=\"async\" class=\"alignnone\" src=\"https:\/\/phukienflytech.vn\/wp-content\/uploads\/2020\/06\/bo-sac-nhanh-phantom-4-5802-6.jpg\" alt=\"Quick-charger-for-Phantom-4-2\" width=\"426\" height=\"426\" \/><\/span><\/p>\n<p>&nbsp;<\/p>\n<h2><span style=\"font-size: 21px; color: #0000ff;\"><strong><em>Mua Quick charger for Phantom 4 \u1edf \u0111\u00e2u ?<\/em><\/strong><\/span><\/h2>\n<p><span style=\"font-size: 18px;\"><strong><em>Ph\u1ee5 Ki\u1ec7n Flytech\u00a0<\/em><\/strong><strong>\u00a0<\/strong><em>l\u00e0 1 trong nh\u1eefng \u0111\u1ecba ch\u1ec9 uy t\u00edn \u0111\u1ec3 c\u00e1c b\u1ea1n c\u00f3 th\u1ec3 tin t\u01b0\u1edfng v\u00e0 mua s\u1ea1c Pin ch\u00ednh h\u00e3ng Phantom 4 series<\/em>\u00a0ch\u00fang t\u00f4i lu\u00f4n \u0111\u1eb7t quy\u1ec1n l\u1ee3i c\u1ee7a kh\u00e1ch h\u00e0ng l\u00ean h\u00e0ng \u0111\u1ea7u<\/span><br \/>\n<span style=\"font-size: 18px;\">ngo\u00e0i s\u1ea1c pin phantom 4pro, Ph\u1ee5 ki\u1ec7n flytech c\u00f2n chung c\u1ea5p\u00a0<em>,\u00a0 ph\u1ee5 ki\u1ec7n flycam dji Phantom 4\u00a0<\/em>\u0111\u1ec3 ph\u1ee5c v\u1ee5 nhu c\u1ea7u c\u1ee7a c\u00e1c b\u1ea1n.<\/span><\/p>\n<p>&nbsp;<\/p>\n<h2><span style=\"font-size: 21px; color: #0000ff;\"><strong><em>Cam k\u1ebft v\u00e0 b\u1ea3o h\u00e0nh Quick charger for Phantom 4<\/em><\/strong><\/span><\/h2>\n<p><span style=\"font-size: 18px;\"><strong><em><img loading=\"lazy\" decoding=\"async\" class=\"alignnone\" src=\"https:\/\/phukienflytech.vn\/wp-content\/uploads\/2020\/06\/bo-sac-nhanh-phantom-4-5802-7.jpg\" alt=\"Quick-charger-for-Phantom-4-1\" width=\"455\" height=\"455\" \/><\/em><\/strong><\/span><\/p>\n<h2><span style=\"color: #0000ff;\"><strong>N\u00ean mua pin Phantom 4 Pro ch\u00ednh h\u00e3ng pro \u1edf \u0111\u00e2u ?<\/strong><\/span><\/h2>\n<p><span style=\"font-size: 18px;\"><strong>Ph\u1ee5 Ki\u1ec7n Flytech<\/strong>\u00a0l\u00e0 \u0111\u1ecba ch\u1ec9 uy t\u00edn \u0111\u1ec3 c\u00e1c b\u1ea1n c\u00f3 th\u1ec3 tin t\u01b0\u1edfng v\u00e0 mua\u00a0<strong>Pin ch\u00ednh h\u00e3ng Phantom 4.<\/strong>\u00a0Ch\u00fang t\u00f4i lu\u00f4n \u0111\u1eb7t quy\u1ec1n l\u1ee3i c\u1ee7a kh\u00e1ch h\u00e0ng l\u00ean h\u00e0ng \u0111\u1ea7u. Ngo\u00e0i\u00a0<strong>pin phantom 4 pro<\/strong>, Ph\u1ee5 ki\u1ec7n flytech c\u00f2n chung c\u1ea5p,\u00a0\u00a0<strong>ph\u1ee5 ki\u1ec7n flycam dji Phantom 4\u00a0<\/strong>\u0111\u1ec3 ph\u1ee5c v\u1ee5 nhu c\u1ea7u c\u1ee7a c\u00e1c b\u1ea1n.<\/span><\/p>\n<p>&nbsp;<\/p>\n<h2><span style=\"font-size: 21px; color: #0000ff;\"><strong>Ch\u00ednh s\u00e1ch b\u1ea3o h\u00e0nh s\u1ea1c pin phantom 4<\/strong><\/span><\/h2>\n<ul>\n<li><span style=\"font-size: 18px;\">B\u1ea3o h\u00e0nh : 6 th\u00e1ng<\/span><\/li>\n<li><span style=\"font-size: 18px;\">\u0110\u1ed5i m\u1edbi khi c\u00f3 l\u1ed7i : 1 tu\u1ea7n \u0111\u1ea7u\u00a0<\/span><\/li>\n<\/ul>\n<p><span style=\"font-size: 18px;\"><strong>\u0110i\u1ec1u ki\u1ec7n b\u1ea3o h\u00e0nh:<\/strong><\/span><\/p>\n<ul>\n<li><span style=\"font-size: 18px;\">Thi\u1ebft b\u1ecb kh\u00f4ng kh\u1edfi \u0111\u1ed9ng v\u00e0 t\u1eaft \u0111\u01b0\u1ee3c<\/span><\/li>\n<li><span style=\"font-size: 18px;\">L\u1ed7i k\u1ebft n\u1ed1i v\u1edbi m\u00e1y bay, s\u1ea1c\u00a0<\/span><\/li>\n<li><span style=\"font-size: 18px;\">S\u1ea1c b\u1ecb h\u01b0 h\u1ecfng do qu\u00e1 tr\u00ecnh v\u1eadn chuy\u1ec3n t\u1eeb Shop t\u1edbi ng\u01b0\u1eddi mua<\/span><\/li>\n<li><span style=\"font-size: 18px;\">S\u1ea1c c\u00f2n nguy\u00ean v\u1eb9n tem, phi\u1ebfu b\u1ea3o h\u00e0nh v\u00e0 trong th\u1eddi gian b\u1ea3o h\u00e0nh<\/span><\/li>\n<li><span style=\"font-size: 18px;\">T\u1ea5t c\u1ea3 c\u00e1c l\u1ed7i do ng\u01b0\u1eddi d\u00f9ng kh\u00f4ng tu\u00e2n th\u1ee7 quy tr\u00ecnh v\u00e0 nguy\u00ean t\u1eafc s\u1eed d\u1ee5ng d\u1eabn t\u1edbi h\u01b0 h\u1ecfng, r\u01a1i r\u1edbt \u0111\u1ec1u kh\u00f4ng \u0111\u01b0\u1ee3c b\u1ea3o h\u00e0nh.<\/span><\/li>\n<\/ul>\n<p><span style=\"font-size: 18px;\"><strong>L\u01b0u \u00fd:\u00a0<\/strong><\/span><\/p>\n<ul>\n<li><span style=\"font-size: 18px;\">S\u1ea3n ph\u1ea9m s\u1ebd c\u00f3 th\u1ebb b\u1ea3o h\u00e0nh v\u00e0 tem b\u1ea3o h\u00e0nh \u0111\u01b0\u1ee3c vi\u1ebft tr\u00ean pin<\/span><\/li>\n<li><span style=\"font-size: 18px;\">Trong tr\u01b0\u1eddng h\u1ee3p \u0111\u1ed5i m\u1edbi, ch\u00fang t\u00f4i s\u1ebd kh\u00f4ng nh\u1eadn l\u1ea1i h\u00e0ng khi h\u1ed9p v\u00e0 c\u00e1c gi\u1ea5y t\u1edd \u0111i k\u00e8m b\u1ecb h\u1ecfng ho\u1eb7c m\u1ea5t.<\/span><\/li>\n<\/ul>\n<p>&nbsp;<\/p>\n<h2><span style=\"font-size: 21px; color: #0000ff;\"><em><strong>Mua ph\u1ee5 ki\u1ec7n flycam DJI phantom,Mavic,Spark \u1edf \u0111\u00e2u?<\/strong><\/em><\/span><\/h2>\n<p><span style=\"font-size: 18px;\"><em><strong><a href=\"https:\/\/facebook.com\/phukienflycam\">Ph\u1ee5 Ki\u1ec7n Flytech Gi\u00e1 T\u1ed1t<\/a><\/strong><\/em>\u00a0h\u00e2n h\u1ea1nh \u0111em l\u1ea1i c\u00e1c m\u1eabu s\u1ea3n ph\u1ea9m Balo phatom ch\u00ednh h\u00e3ng t\u1ed1t nh\u1ea5t ph\u1ee5c v\u1ee5 \u0111am m\u00ea, v\u00e0 c\u00f4ng vi\u1ec7c c\u1ee7a c\u00e1c b\u1ea1n, h\u00e3y \u0111\u1ec3 ch\u00fang t\u00f4i ti\u1ebfp s\u1ee9c \u0111am m\u00ea, c\u00f4ng vi\u1ec7c c\u1ee7a b\u1ea1n, gi\u00fap b\u1ea1n th\u00eam ni\u1ec1m h\u1ee9ng kh\u1edfi trong \u0111am m\u00ea c\u0169ng nh\u01b0 c\u00f4ng vi\u1ec7c c\u1ee7a m\u00ecnh th\u00eam su\u00f4n s\u1ebb<\/span><\/p>\n<p><span style=\"font-size: 18px;\">\u00a0<img loading=\"lazy\" decoding=\"async\" class=\"alignnone\" src=\"https:\/\/phukienflytech.vn\/wp-content\/uploads\/2020\/06\/bo-sac-nhanh-phantom-4-5802-8.jpg\" alt=\"Quick-charger-for-Phantom-4\" width=\"450\" height=\"141\" \/><\/span><\/p>\n<p><span style=\"font-size: 18px;\">Ch\u00fang t\u00f4i chuy\u00ean cung c\u1ea5p h\u1ea7u h\u1ebft t\u1ea5t c\u00e1c c\u00e1c ph\u1ee5 ki\u1ec7n flycam DJI c\u1ee7a Phantom 3,4 series, Mavic series, DJI Spark v\u00e0 inspire 1<\/span><\/p>\n<p><span style=\"font-size: 18px;\">H\u00e3y \u0111\u1ec3\u00a0<a href=\"https:\/\/facebook.com\/phukienflycam\/\" target=\"_blank\" rel=\"noopener noreferrer\">Ph\u1ee5 Ki\u1ec7n Fly-cam Gi\u00e1 T\u1ed1t<\/a>\u00a0ti\u1ebfp s\u1ee9c \u0111am m\u00ea, c\u00f4ng vi\u1ec7c c\u1ee7a b\u1ea1n, gi\u00fap b\u1ea1n th\u00eam ni\u1ec1m h\u1ee9ng kh\u1edfi trong \u0111am m\u00ea c\u0169ng nh\u01b0 c\u00f4ng vi\u1ec7c c\u1ee7a m\u00ecnh th\u00eam su\u00f4n s\u1ebb<\/span><\/p>\n<p><span style=\"font-size: 18px;\">Nh\u00e0 s\u1ea3n xu\u1ea5t: Yxtech\u00a0<\/span><\/p>\n<p>&nbsp;<\/p>\n<p><span style=\"font-size: 18px;\">&gt;&gt; Click \u0111\u1ec3 xem th\u00eam: <span style=\"color: #0000ff;\"><strong><a style=\"color: #0000ff;\" href=\"https:\/\/phukienflytech.vn\/en\/danh-muc\/phantom-4-accessory.html\">Ph\u1ee5 ki\u1ec7n Phantom 4<\/a><\/strong><\/span><\/span><\/p>\n","protected":false},"excerpt":{"rendered":"<p>Quick charger for Phantom 4 Quick charger for Phantom 4 Th\u00f4ng tin s\u1ea3n ph\u1ea9m: L\u00e0 phi\u00ean b\u1ea3n m\u1edbi s\u1ea1c nhanh Phantom 4 series c\u1ee7a Yxtek\u00a0\u00a0 Ph\u00f9 h\u1ee3p v\u1edbi : Phantom 4 \/ pro \/ pro+ \/ adv D\u00f2ng \u0111i\u1ec7n v\u00e0o : 110 &#8211; 220V D\u00f2ng \u0111i\u1ec7n ra : 17.5V &#8211; 13.5 A (m\u1ed7i d\u00e2y \u0111\u1ea7u &#8230;<\/p>\n","protected":false},"featured_media":16346,"comment_status":"open","ping_status":"closed","template":"","meta":{"_acf_changed":false},"product_brand":[],"product_cat":[182],"product_tag":[206,227],"class_list":{"0":"post-5821","1":"product","2":"type-product","3":"status-publish","4":"has-post-thumbnail","6":"product_cat-phantom-4-accessory","7":"product_tag-phu-kien-dji-en","8":"product_tag-phu-kien-phantom-4-en","10":"first","11":"instock","12":"sale","13":"shipping-taxable","14":"purchasable","15":"product-type-simple"},"acf":[],"yoast_head":"<!-- This site is optimized with the Yoast SEO plugin v25.7 - https:\/\/yoast.com\/wordpress\/plugins\/seo\/ -->\n<title>Quick charger for Phantom 4 - Yxtech - Phantom accessory - available.<\/title>\n<meta name=\"description\" content=\"Quick charger for Phantom 4 is one of the most important accessory. Contact us to buy Quick charger for Phantom 4 for best price.\" \/>\n<meta name=\"robots\" content=\"index, follow, max-snippet:-1, max-image-preview:large, max-video-preview:-1\" \/>\n<link rel=\"canonical\" href=\"https:\/\/phukienflytech.vn\/en\/san-pham\/quick-charger-for-phantom-4.html\" \/>\n<meta property=\"og:locale\" content=\"en_US\" \/>\n<meta property=\"og:type\" content=\"article\" \/>\n<meta property=\"og:title\" content=\"Quick charger for Phantom 4 - Yxtech - Phantom accessory - available.\" \/>\n<meta property=\"og:description\" content=\"Quick charger for Phantom 4 is one of the most important accessory. Contact us to buy Quick charger for Phantom 4 for best price.\" \/>\n<meta property=\"og:url\" content=\"https:\/\/phukienflytech.vn\/en\/san-pham\/quick-charger-for-phantom-4.html\" \/>\n<meta property=\"og:site_name\" content=\"Shop M\u00e1y \u1ea3nh - Action Camera - Gimbal - Flycam - Ph\u1ee5 ki\u1ec7n\" \/>\n<meta property=\"article:publisher\" content=\"https:\/\/facebook.com\/phukienflycam\" \/>\n<meta property=\"article:modified_time\" content=\"2021-12-17T16:35:03+00:00\" \/>\n<meta property=\"og:image\" content=\"https:\/\/phukienflytech.vn\/wp-content\/uploads\/2020\/06\/sac_nhanh_pt41-1.jpg\" \/>\n\t<meta property=\"og:image:width\" content=\"243\" \/>\n\t<meta property=\"og:image:height\" content=\"243\" \/>\n\t<meta property=\"og:image:type\" content=\"image\/jpeg\" \/>\n<meta name=\"twitter:card\" content=\"summary_large_image\" \/>\n<meta name=\"twitter:label1\" content=\"Est. reading time\" \/>\n\t<meta name=\"twitter:data1\" content=\"6 minutes\" \/>\n<script type=\"application\/ld+json\" class=\"yoast-schema-graph\">{\"@context\":\"https:\/\/schema.org\",\"@graph\":[{\"@type\":\"WebPage\",\"@id\":\"https:\/\/phukienflytech.vn\/en\/san-pham\/quick-charger-for-phantom-4.html\",\"url\":\"https:\/\/phukienflytech.vn\/en\/san-pham\/quick-charger-for-phantom-4.html\",\"name\":\"Quick charger for Phantom 4 - Yxtech - Phantom accessory - available.\",\"isPartOf\":{\"@id\":\"https:\/\/phukienflytech.vn\/#website\"},\"primaryImageOfPage\":{\"@id\":\"https:\/\/phukienflytech.vn\/en\/san-pham\/quick-charger-for-phantom-4.html#primaryimage\"},\"image\":{\"@id\":\"https:\/\/phukienflytech.vn\/en\/san-pham\/quick-charger-for-phantom-4.html#primaryimage\"},\"thumbnailUrl\":\"https:\/\/phukienflytech.vn\/wp-content\/uploads\/2020\/06\/sac_nhanh_pt41-1.jpg\",\"datePublished\":\"2020-06-24T03:19:24+00:00\",\"dateModified\":\"2021-12-17T16:35:03+00:00\",\"description\":\"Quick charger for Phantom 4 is one of the most important accessory. Contact us to buy Quick charger for Phantom 4 for best price.\",\"breadcrumb\":{\"@id\":\"https:\/\/phukienflytech.vn\/en\/san-pham\/quick-charger-for-phantom-4.html#breadcrumb\"},\"inLanguage\":\"en-US\",\"potentialAction\":[{\"@type\":\"ReadAction\",\"target\":[\"https:\/\/phukienflytech.vn\/en\/san-pham\/quick-charger-for-phantom-4.html\"]}]},{\"@type\":\"ImageObject\",\"inLanguage\":\"en-US\",\"@id\":\"https:\/\/phukienflytech.vn\/en\/san-pham\/quick-charger-for-phantom-4.html#primaryimage\",\"url\":\"https:\/\/phukienflytech.vn\/wp-content\/uploads\/2020\/06\/sac_nhanh_pt41-1.jpg\",\"contentUrl\":\"https:\/\/phukienflytech.vn\/wp-content\/uploads\/2020\/06\/sac_nhanh_pt41-1.jpg\",\"width\":243,\"height\":243},{\"@type\":\"BreadcrumbList\",\"@id\":\"https:\/\/phukienflytech.vn\/en\/san-pham\/quick-charger-for-phantom-4.html#breadcrumb\",\"itemListElement\":[{\"@type\":\"ListItem\",\"position\":1,\"name\":\"Home\",\"item\":\"https:\/\/phukienflytech.vn\/en\"},{\"@type\":\"ListItem\",\"position\":2,\"name\":\"Ph\u1ee5 ki\u1ec7n Mavic Pro\",\"item\":\"https:\/\/phukienflytech.vn\/en\/phu-kien-mavic-pro.html\"},{\"@type\":\"ListItem\",\"position\":3,\"name\":\"DJI Osmo &amp; Drone's accessories\",\"item\":\"https:\/\/phukienflytech.vn\/en\/danh-muc\/dji-osmo-drones-accessories.html\"},{\"@type\":\"ListItem\",\"position\":4,\"name\":\"Ph\u1ee5 ki\u1ec7n flycam Phantom 4\",\"item\":\"https:\/\/phukienflytech.vn\/en\/danh-muc\/phantom-4-accessory.html\"},{\"@type\":\"ListItem\",\"position\":5,\"name\":\"Quick charger for Phantom 4 &#8211; Yxtech\"}]},{\"@type\":\"WebSite\",\"@id\":\"https:\/\/phukienflytech.vn\/#website\",\"url\":\"https:\/\/phukienflytech.vn\/\",\"name\":\"Shop M\u00e1y \u1ea3nh - Action Camera - Gimbal - Flycam - Ph\u1ee5 ki\u1ec7n\",\"description\":\"Shop M\u00e1y \u1ea3nh - Action Camera - Gimbal - Flycam - Ph\u1ee5 ki\u1ec7n\",\"publisher\":{\"@id\":\"https:\/\/phukienflytech.vn\/#organization\"},\"potentialAction\":[{\"@type\":\"SearchAction\",\"target\":{\"@type\":\"EntryPoint\",\"urlTemplate\":\"https:\/\/phukienflytech.vn\/?s={search_term_string}\"},\"query-input\":{\"@type\":\"PropertyValueSpecification\",\"valueRequired\":true,\"valueName\":\"search_term_string\"}}],\"inLanguage\":\"en-US\"},{\"@type\":\"Organization\",\"@id\":\"https:\/\/phukienflytech.vn\/#organization\",\"name\":\"DJI Store - Shop Drone, Action camera, Gimbal DJI |Phukienflytech\",\"alternateName\":\"DJI Store - Shop Drone, Action camera, Gimbal DJI |Phukienflytech\",\"url\":\"https:\/\/phukienflytech.vn\/\",\"logo\":{\"@type\":\"ImageObject\",\"inLanguage\":\"en-US\",\"@id\":\"https:\/\/phukienflytech.vn\/#\/schema\/logo\/image\/\",\"url\":\"https:\/\/phukienflytech.vn\/wp-content\/uploads\/2020\/05\/hAnh_nan.jpg1_.jpg\",\"contentUrl\":\"https:\/\/phukienflytech.vn\/wp-content\/uploads\/2020\/05\/hAnh_nan.jpg1_.jpg\",\"width\":800,\"height\":450,\"caption\":\"DJI Store - Shop Drone, Action camera, Gimbal DJI |Phukienflytech\"},\"image\":{\"@id\":\"https:\/\/phukienflytech.vn\/#\/schema\/logo\/image\/\"},\"sameAs\":[\"https:\/\/facebook.com\/phukienflycam\",\"https:\/\/www.youtube.com\/@phukienflytech\",\"https:\/\/www.tiktok.com\/@flytech.channel?fbclid=IwY2xjawGjg7BleHRuA2FlbQIxMAABHYVGmlXpuSMs0UB2zTpYvyT4GMVfN2qJa4urF4vkSQ6FAVBwXZtDP30qQA_aem_UwMiDcUvlEbd2tXAmsc8Og\"]}]}<\/script>\n<!-- \/ Yoast SEO plugin. -->","yoast_head_json":{"title":"Quick charger for Phantom 4 - Yxtech - Phantom accessory - available.","description":"Quick charger for Phantom 4 is one of the most important accessory. Contact us to buy Quick charger for Phantom 4 for best price.","robots":{"index":"index","follow":"follow","max-snippet":"max-snippet:-1","max-image-preview":"max-image-preview:large","max-video-preview":"max-video-preview:-1"},"canonical":"https:\/\/phukienflytech.vn\/en\/san-pham\/quick-charger-for-phantom-4.html","og_locale":"en_US","og_type":"article","og_title":"Quick charger for Phantom 4 - Yxtech - Phantom accessory - available.","og_description":"Quick charger for Phantom 4 is one of the most important accessory. Contact us to buy Quick charger for Phantom 4 for best price.","og_url":"https:\/\/phukienflytech.vn\/en\/san-pham\/quick-charger-for-phantom-4.html","og_site_name":"Shop M\u00e1y \u1ea3nh - Action Camera - Gimbal - Flycam - Ph\u1ee5 ki\u1ec7n","article_publisher":"https:\/\/facebook.com\/phukienflycam","article_modified_time":"2021-12-17T16:35:03+00:00","og_image":[{"width":243,"height":243,"url":"https:\/\/phukienflytech.vn\/wp-content\/uploads\/2020\/06\/sac_nhanh_pt41-1.jpg","type":"image\/jpeg"}],"twitter_card":"summary_large_image","twitter_misc":{"Est. reading time":"6 minutes"},"schema":{"@context":"https:\/\/schema.org","@graph":[{"@type":"WebPage","@id":"https:\/\/phukienflytech.vn\/en\/san-pham\/quick-charger-for-phantom-4.html","url":"https:\/\/phukienflytech.vn\/en\/san-pham\/quick-charger-for-phantom-4.html","name":"Quick charger for Phantom 4 - Yxtech - Phantom accessory - available.","isPartOf":{"@id":"https:\/\/phukienflytech.vn\/#website"},"primaryImageOfPage":{"@id":"https:\/\/phukienflytech.vn\/en\/san-pham\/quick-charger-for-phantom-4.html#primaryimage"},"image":{"@id":"https:\/\/phukienflytech.vn\/en\/san-pham\/quick-charger-for-phantom-4.html#primaryimage"},"thumbnailUrl":"https:\/\/phukienflytech.vn\/wp-content\/uploads\/2020\/06\/sac_nhanh_pt41-1.jpg","datePublished":"2020-06-24T03:19:24+00:00","dateModified":"2021-12-17T16:35:03+00:00","description":"Quick charger for Phantom 4 is one of the most important accessory. Contact us to buy Quick charger for Phantom 4 for best price.","breadcrumb":{"@id":"https:\/\/phukienflytech.vn\/en\/san-pham\/quick-charger-for-phantom-4.html#breadcrumb"},"inLanguage":"en-US","potentialAction":[{"@type":"ReadAction","target":["https:\/\/phukienflytech.vn\/en\/san-pham\/quick-charger-for-phantom-4.html"]}]},{"@type":"ImageObject","inLanguage":"en-US","@id":"https:\/\/phukienflytech.vn\/en\/san-pham\/quick-charger-for-phantom-4.html#primaryimage","url":"https:\/\/phukienflytech.vn\/wp-content\/uploads\/2020\/06\/sac_nhanh_pt41-1.jpg","contentUrl":"https:\/\/phukienflytech.vn\/wp-content\/uploads\/2020\/06\/sac_nhanh_pt41-1.jpg","width":243,"height":243},{"@type":"BreadcrumbList","@id":"https:\/\/phukienflytech.vn\/en\/san-pham\/quick-charger-for-phantom-4.html#breadcrumb","itemListElement":[{"@type":"ListItem","position":1,"name":"Home","item":"https:\/\/phukienflytech.vn\/en"},{"@type":"ListItem","position":2,"name":"Ph\u1ee5 ki\u1ec7n Mavic Pro","item":"https:\/\/phukienflytech.vn\/en\/phu-kien-mavic-pro.html"},{"@type":"ListItem","position":3,"name":"DJI Osmo &amp; Drone's accessories","item":"https:\/\/phukienflytech.vn\/en\/danh-muc\/dji-osmo-drones-accessories.html"},{"@type":"ListItem","position":4,"name":"Ph\u1ee5 ki\u1ec7n flycam Phantom 4","item":"https:\/\/phukienflytech.vn\/en\/danh-muc\/phantom-4-accessory.html"},{"@type":"ListItem","position":5,"name":"Quick charger for Phantom 4 &#8211; Yxtech"}]},{"@type":"WebSite","@id":"https:\/\/phukienflytech.vn\/#website","url":"https:\/\/phukienflytech.vn\/","name":"Shop M\u00e1y \u1ea3nh - Action Camera - Gimbal - Flycam - Ph\u1ee5 ki\u1ec7n","description":"Shop M\u00e1y \u1ea3nh - Action Camera - Gimbal - Flycam - Ph\u1ee5 ki\u1ec7n","publisher":{"@id":"https:\/\/phukienflytech.vn\/#organization"},"potentialAction":[{"@type":"SearchAction","target":{"@type":"EntryPoint","urlTemplate":"https:\/\/phukienflytech.vn\/?s={search_term_string}"},"query-input":{"@type":"PropertyValueSpecification","valueRequired":true,"valueName":"search_term_string"}}],"inLanguage":"en-US"},{"@type":"Organization","@id":"https:\/\/phukienflytech.vn\/#organization","name":"DJI Store - Shop Drone, Action camera, Gimbal DJI |Phukienflytech","alternateName":"DJI Store - Shop Drone, Action camera, Gimbal DJI |Phukienflytech","url":"https:\/\/phukienflytech.vn\/","logo":{"@type":"ImageObject","inLanguage":"en-US","@id":"https:\/\/phukienflytech.vn\/#\/schema\/logo\/image\/","url":"https:\/\/phukienflytech.vn\/wp-content\/uploads\/2020\/05\/hAnh_nan.jpg1_.jpg","contentUrl":"https:\/\/phukienflytech.vn\/wp-content\/uploads\/2020\/05\/hAnh_nan.jpg1_.jpg","width":800,"height":450,"caption":"DJI Store - Shop Drone, Action camera, Gimbal DJI |Phukienflytech"},"image":{"@id":"https:\/\/phukienflytech.vn\/#\/schema\/logo\/image\/"},"sameAs":["https:\/\/facebook.com\/phukienflycam","https:\/\/www.youtube.com\/@phukienflytech","https:\/\/www.tiktok.com\/@flytech.channel?fbclid=IwY2xjawGjg7BleHRuA2FlbQIxMAABHYVGmlXpuSMs0UB2zTpYvyT4GMVfN2qJa4urF4vkSQ6FAVBwXZtDP30qQA_aem_UwMiDcUvlEbd2tXAmsc8Og"]}]}},"_links":{"self":[{"href":"https:\/\/phukienflytech.vn\/en\/wp-json\/wp\/v2\/product\/5821","targetHints":{"allow":["GET"]}}],"collection":[{"href":"https:\/\/phukienflytech.vn\/en\/wp-json\/wp\/v2\/product"}],"about":[{"href":"https:\/\/phukienflytech.vn\/en\/wp-json\/wp\/v2\/types\/product"}],"replies":[{"embeddable":true,"href":"https:\/\/phukienflytech.vn\/en\/wp-json\/wp\/v2\/comments?post=5821"}],"wp:featuredmedia":[{"embeddable":true,"href":"https:\/\/phukienflytech.vn\/en\/wp-json\/wp\/v2\/media\/16346"}],"wp:attachment":[{"href":"https:\/\/phukienflytech.vn\/en\/wp-json\/wp\/v2\/media?parent=5821"}],"wp:term":[{"taxonomy":"product_brand","embeddable":true,"href":"https:\/\/phukienflytech.vn\/en\/wp-json\/wp\/v2\/product_brand?post=5821"},{"taxonomy":"product_cat","embeddable":true,"href":"https:\/\/phukienflytech.vn\/en\/wp-json\/wp\/v2\/product_cat?post=5821"},{"taxonomy":"product_tag","embeddable":true,"href":"https:\/\/phukienflytech.vn\/en\/wp-json\/wp\/v2\/product_tag?post=5821"}],"curies":[{"name":"wp","href":"https:\/\/api.w.org\/{rel}","templated":true}]}}