{"id":5843,"date":"2020-06-18T10:40:37","date_gmt":"2020-06-18T03:40:37","guid":{"rendered":"http:\/\/27430.lamdx.vinawebsite.vn\/san-pham\/cap-gimbal-phantom-4pro.html"},"modified":"2020-10-16T18:56:38","modified_gmt":"2020-10-16T11:56:38","slug":"phantom-4-pro-gimbal-flat-cable","status":"publish","type":"product","link":"https:\/\/phukienflytech.vn\/en\/san-pham\/phantom-4-pro-gimbal-flat-cable.html","title":{"rendered":"Phantom 4 Pro gimbal flat cable"},"content":{"rendered":"<h2><em><strong><span style=\"font-size: 21px; color: #0000ff;\">Phantom 4 Pro gimbal flat cable<\/span><\/strong><\/em><\/h2>\n<p><span style=\"font-size: 18px;\">Phantom 4 Pro gimbal flat cable<\/span><\/p>\n<p><span style=\"font-size: 18px;\">DJI lu\u00f4n l\u00e0 ng\u01b0\u1eddi \u0111i \u0111\u1ea7u v\u1ec1 c\u00f4ng ngh\u1ec7 flycam tr\u00ean to\u00e0n th\u1ebf gi\u1edbi, kh\u00f4ng ch\u1ec9 \u0111\u00e1p \u1ee9ng \u0111\u01b0\u1ee3c t\u00ednh gi\u1ea3i tr\u00ed m\u00e0 DJI flycam lu\u00f4n \u0111\u00e1p \u1ee9ng nh\u1eefng Pilot d\u00f9 kh\u00f3 t\u00ednh nh\u1ea5t c\u1ea3 v\u1ec1 ch\u1ea5t l\u01b0\u1ee3ng bay v\u00e0 ch\u1ea5t l\u01b0\u1ee3ng camera c\u0169ng s\u1ebd ph\u1ea3i h\u00e0i l\u00f2ng v\u1edbi th\u1ee9 m\u00e0 h\u1ecd c\u00f3<\/span><\/p>\n<p><span style=\"font-size: 18px;\"><img loading=\"lazy\" decoding=\"async\" class=\"alignnone\" src=\"https:\/\/phukienflytech.vn\/wp-content\/uploads\/2020\/06\/cap-gimbal-phantom-4pro-5834.jpg\" alt=\"cap-gimbal-phantom-4pro3\" width=\"400\" height=\"224\" \/><\/span><\/p>\n<p><span style=\"font-size: 18px;\">Tuy nhi\u00ean, c\u00f3 \u0111i\u1ec3m m\u1ea1nh th\u00ec c\u0169ng c\u00f3 \u0111i\u1ec3m y\u1ebfu. \u0110i\u1ec3m y\u1ebfu l\u1edbn nh\u1ea5t c\u1ee7a flycam DJI ch\u00ednh l\u00e0 nh\u1eefng s\u1ee3i cable k\u1ebft n\u1ed1i \u0111\u01b0\u1eddng chuy\u1ec1n h\u00ecnh \u1ea3nh t\u1eeb body t\u1edbi gimbal v\u00e0 camera. Thi\u1ebft k\u1ebf r\u1ea5t m\u1ecfng manh do v\u1eady ch\u1ec9 c\u1ea7n nh\u1eefng va ch\u1ea1m ho\u1eb7c nh\u1eefng s\u1ef1 \u201cch\u1eb3ng may\u201d s\u1ebd d\u1ea7n t\u1edbi vi\u1ec7c \u0111\u1ee9t c\u00e1p<\/span><\/p>\n<p><span style=\"font-size: 18px;\"><img loading=\"lazy\" decoding=\"async\" class=\"alignnone\" src=\"https:\/\/phukienflytech.vn\/wp-content\/uploads\/2020\/06\/cap-gimbal-phantom-4pro-5834-1.jpg\" alt=\"cap-gimbal-phantom-4pro2\" width=\"400\" height=\"225\" \/><\/span><\/p>\n<p><span style=\"font-size: 18px;\">Nh\u01b0ng, \u0111i\u1ec3m y\u1ebfu n\u00e0y l\u1ea1i \u0111\u01b0\u1ee3c kh\u1eafc ph\u1ee5c v\u00f4 c\u00f9ng d\u1ec5 d\u00e0ng, g\u1ea7n nh\u01b0 b\u1ea5t k\u1ef3 Pilot n\u00e0o c\u0169ng c\u00f3 th\u1ec3 t\u1ef1 thay khi c\u00f3 m\u1ed9t c\u1ecdng cable thay th\u1ebf. N\u1ebfu c\u00f3 th\u1ec3 h\u00e3y t\u1ef1 mua v\u1ec1 v\u00e0 t\u1ef1 thay\u00a0<strong>C\u00e1p gimbal\u00a0Phantom 4Pro\u00a0<\/strong>m\u00e0 kh\u00f4ng c\u1ea7n ph\u1ea3i thu\u00ea s\u1eeda ch\u1eefa<\/span><\/p>\n<p><span style=\"font-size: 18px;\"><img loading=\"lazy\" decoding=\"async\" class=\"alignnone\" src=\"https:\/\/phukienflytech.vn\/wp-content\/uploads\/2020\/06\/cap-gimbal-phantom-4pro-5834-2.jpg\" alt=\"Phantom-4-Pro-gimbal-flat-cable-1\" width=\"400\" height=\"400\" \/><\/span><\/p>\n<p><span style=\"font-size: 18px;\">V\u00ec v\u1eady, tr\u01b0\u1edbc khi x\u1ea3y ra t\u00ecnh tr\u1ea1ng &#8221; M\u1ea5t b\u00f2 m\u1edbi lo l\u00e0m chu\u1ed3ng&#8221; th\u00ec ch\u00fang ta h\u00e3y trang b\u1ecb ngay\u00a0<a href=\"http:\/\/phukienflytech.vn\/san-pham\/thanh-bao-ve-gimbal-phantom-4-full-carbon.html\" target=\"_blank\" rel=\"noopener noreferrer\">thanh carbon b\u1ea3o v\u1ec7 gimbal<\/a>\u00a0hay\u00a0<a href=\"http:\/\/phukienflytech.vn\/san-pham\/nep-bao-ve-vo-gimbal-phantom-4.html\" target=\"_blank\" rel=\"noopener noreferrer\">n\u1eb9p b\u1ea3o v\u1ec7 gimbal phantom 4<\/a>\u00a0ngay \u0111\u1ec3 h\u1ea1n ch\u1ebf r\u1ee7i ro \u0111\u1ee9t c\u00e1p hay v\u1ee1 camera, gimbal.<\/span><\/p>\n<p><span style=\"font-size: 18px;\"><img loading=\"lazy\" decoding=\"async\" class=\"alignnone\" src=\"https:\/\/phukienflytech.vn\/wp-content\/uploads\/2020\/06\/cap-gimbal-phantom-4pro-5834-3.jpg\" alt=\"Phantom-4-Pro-gimbal-flat-cable\" width=\"450\" height=\"450\" \/><\/span><\/p>\n<p><span style=\"font-size: 18px;\">L\u01b0u \u00fd: n\u00ean th\u1eadt c\u1ea9n th\u1eadn trong kh\u00e2u l\u1eafp c\u00e1p v\u00ec c\u00e1p r\u1ea5t m\u1ecfng manh, c\u1ea7n c\u1eafm kh\u00edt c\u00e1c khe c\u1eafm k\u1ebft n\u1ed1i<\/span><\/p>\n<p><span style=\"font-size: 18px;\">H\u00e3y \u0111\u1ec3\u00a0<a href=\"https:\/\/facebook.com\/phukienflycam\/\" target=\"_blank\" rel=\"noopener noreferrer\">Ph\u1ee5 Ki\u1ec7n Fly-cam Gi\u00e1 T\u1ed1t<\/a>\u00a0ti\u1ebfp s\u1ee9c \u0111am m\u00ea, c\u00f4ng vi\u1ec7c c\u1ee7a b\u1ea1n, gi\u00fap b\u1ea1n th\u00eam ni\u1ec1m h\u1ee9ng kh\u1edfi trong \u0111am m\u00ea c\u0169ng nh\u01b0 c\u00f4ng vi\u1ec7c c\u1ee7a m\u00ecnh th\u00eam su\u00f4n s\u1ebb<\/span><\/p>\n<p><span style=\"font-size: 18px;\">Nh\u00e0 s\u1ea3n xu\u1ea5t : Sunnylife \u2013 Vendor cung c\u1ea5p ph\u1ee5 ki\u1ec7n DJI flycam<\/span><\/p>\n<p><span style=\"font-size: 18px;\">&gt;&gt; Contact us on: <a href=\"https:\/\/www.facebook.com\/phukienflycam\"><strong>Facebook<\/strong><\/a><\/span><\/p>\n<p><span style=\"font-size: 18px;\">&gt;&gt; Learn More : <a href=\"https:\/\/phukienflytech.vn\/danh-muc\/phu-kien-dji-phantom-4-series.html\"><strong>Phantom accessories<\/strong><\/a><\/span><\/p>\n","protected":false},"excerpt":{"rendered":"<p>Phantom 4 Pro gimbal flat cable Phantom 4 Pro gimbal flat cable DJI lu\u00f4n l\u00e0 ng\u01b0\u1eddi \u0111i \u0111\u1ea7u v\u1ec1 c\u00f4ng ngh\u1ec7 flycam tr\u00ean to\u00e0n th\u1ebf gi\u1edbi, kh\u00f4ng ch\u1ec9 \u0111\u00e1p \u1ee9ng \u0111\u01b0\u1ee3c t\u00ednh gi\u1ea3i tr\u00ed m\u00e0 DJI flycam lu\u00f4n \u0111\u00e1p \u1ee9ng nh\u1eefng Pilot d\u00f9 kh\u00f3 t\u00ednh nh\u1ea5t c\u1ea3 v\u1ec1 ch\u1ea5t l\u01b0\u1ee3ng bay v\u00e0 ch\u1ea5t l\u01b0\u1ee3ng camera &#8230;<\/p>\n","protected":false},"featured_media":16342,"comment_status":"open","ping_status":"closed","template":"","meta":{"_acf_changed":false},"product_brand":[],"product_cat":[182],"product_tag":[206,227],"class_list":{"0":"post-5843","1":"product","2":"type-product","3":"status-publish","4":"has-post-thumbnail","6":"product_cat-phantom-4-accessory","7":"product_tag-phu-kien-dji-en","8":"product_tag-phu-kien-phantom-4-en","10":"first","11":"instock","12":"sale","13":"shipping-taxable","14":"purchasable","15":"product-type-simple"},"acf":[],"yoast_head":"<!-- This site is optimized with the Yoast SEO plugin v25.7 - https:\/\/yoast.com\/wordpress\/plugins\/seo\/ -->\n<title>Phantom 4 Pro gimbal flat cable - Sunnylife - Phantom accessory<\/title>\n<meta name=\"description\" content=\"Phantom 4 Pro gimbal flat cable is one of the most important accessory. Contact us to buy Phantom 4 Pro gimbal flat cable for best price.\" \/>\n<meta name=\"robots\" content=\"index, follow, max-snippet:-1, max-image-preview:large, max-video-preview:-1\" \/>\n<link rel=\"canonical\" href=\"https:\/\/phukienflytech.vn\/en\/san-pham\/phantom-4-pro-gimbal-flat-cable.html\" \/>\n<meta property=\"og:locale\" content=\"en_US\" \/>\n<meta property=\"og:type\" content=\"article\" \/>\n<meta property=\"og:title\" content=\"Phantom 4 Pro gimbal flat cable - Sunnylife - Phantom accessory\" \/>\n<meta property=\"og:description\" content=\"Phantom 4 Pro gimbal flat cable is one of the most important accessory. Contact us to buy Phantom 4 Pro gimbal flat cable for best price.\" \/>\n<meta property=\"og:url\" content=\"https:\/\/phukienflytech.vn\/en\/san-pham\/phantom-4-pro-gimbal-flat-cable.html\" \/>\n<meta property=\"og:site_name\" content=\"Shop M\u00e1y \u1ea3nh - Action Camera - Gimbal - Flycam - Ph\u1ee5 ki\u1ec7n\" \/>\n<meta property=\"article:publisher\" content=\"https:\/\/facebook.com\/phukienflycam\" \/>\n<meta property=\"article:modified_time\" content=\"2020-10-16T11:56:38+00:00\" \/>\n<meta property=\"og:image\" content=\"https:\/\/phukienflytech.vn\/wp-content\/uploads\/2020\/06\/cAp_4pro-1.jpg\" \/>\n\t<meta property=\"og:image:width\" content=\"243\" \/>\n\t<meta property=\"og:image:height\" content=\"243\" \/>\n\t<meta property=\"og:image:type\" content=\"image\/jpeg\" \/>\n<meta name=\"twitter:card\" content=\"summary_large_image\" \/>\n<meta name=\"twitter:label1\" content=\"Est. reading time\" \/>\n\t<meta name=\"twitter:data1\" content=\"2 minutes\" \/>\n<script type=\"application\/ld+json\" class=\"yoast-schema-graph\">{\"@context\":\"https:\/\/schema.org\",\"@graph\":[{\"@type\":\"WebPage\",\"@id\":\"https:\/\/phukienflytech.vn\/en\/san-pham\/phantom-4-pro-gimbal-flat-cable.html\",\"url\":\"https:\/\/phukienflytech.vn\/en\/san-pham\/phantom-4-pro-gimbal-flat-cable.html\",\"name\":\"Phantom 4 Pro gimbal flat cable - Sunnylife - Phantom accessory\",\"isPartOf\":{\"@id\":\"https:\/\/phukienflytech.vn\/#website\"},\"primaryImageOfPage\":{\"@id\":\"https:\/\/phukienflytech.vn\/en\/san-pham\/phantom-4-pro-gimbal-flat-cable.html#primaryimage\"},\"image\":{\"@id\":\"https:\/\/phukienflytech.vn\/en\/san-pham\/phantom-4-pro-gimbal-flat-cable.html#primaryimage\"},\"thumbnailUrl\":\"https:\/\/phukienflytech.vn\/wp-content\/uploads\/2020\/06\/cAp_4pro-1.jpg\",\"datePublished\":\"2020-06-18T03:40:37+00:00\",\"dateModified\":\"2020-10-16T11:56:38+00:00\",\"description\":\"Phantom 4 Pro gimbal flat cable is one of the most important accessory. Contact us to buy Phantom 4 Pro gimbal flat cable for best price.\",\"breadcrumb\":{\"@id\":\"https:\/\/phukienflytech.vn\/en\/san-pham\/phantom-4-pro-gimbal-flat-cable.html#breadcrumb\"},\"inLanguage\":\"en-US\",\"potentialAction\":[{\"@type\":\"ReadAction\",\"target\":[\"https:\/\/phukienflytech.vn\/en\/san-pham\/phantom-4-pro-gimbal-flat-cable.html\"]}]},{\"@type\":\"ImageObject\",\"inLanguage\":\"en-US\",\"@id\":\"https:\/\/phukienflytech.vn\/en\/san-pham\/phantom-4-pro-gimbal-flat-cable.html#primaryimage\",\"url\":\"https:\/\/phukienflytech.vn\/wp-content\/uploads\/2020\/06\/cAp_4pro-1.jpg\",\"contentUrl\":\"https:\/\/phukienflytech.vn\/wp-content\/uploads\/2020\/06\/cAp_4pro-1.jpg\",\"width\":243,\"height\":243},{\"@type\":\"BreadcrumbList\",\"@id\":\"https:\/\/phukienflytech.vn\/en\/san-pham\/phantom-4-pro-gimbal-flat-cable.html#breadcrumb\",\"itemListElement\":[{\"@type\":\"ListItem\",\"position\":1,\"name\":\"Home\",\"item\":\"https:\/\/phukienflytech.vn\/en\"},{\"@type\":\"ListItem\",\"position\":2,\"name\":\"Ph\u1ee5 ki\u1ec7n Mavic Pro\",\"item\":\"https:\/\/phukienflytech.vn\/en\/phu-kien-mavic-pro.html\"},{\"@type\":\"ListItem\",\"position\":3,\"name\":\"DJI Osmo &amp; Drone's accessories\",\"item\":\"https:\/\/phukienflytech.vn\/en\/danh-muc\/dji-osmo-drones-accessories.html\"},{\"@type\":\"ListItem\",\"position\":4,\"name\":\"Ph\u1ee5 ki\u1ec7n flycam Phantom 4\",\"item\":\"https:\/\/phukienflytech.vn\/en\/danh-muc\/phantom-4-accessory.html\"},{\"@type\":\"ListItem\",\"position\":5,\"name\":\"Phantom 4 Pro gimbal flat cable\"}]},{\"@type\":\"WebSite\",\"@id\":\"https:\/\/phukienflytech.vn\/#website\",\"url\":\"https:\/\/phukienflytech.vn\/\",\"name\":\"Shop M\u00e1y \u1ea3nh - Action Camera - Gimbal - Flycam - Ph\u1ee5 ki\u1ec7n\",\"description\":\"Shop M\u00e1y \u1ea3nh - Action Camera - Gimbal - Flycam - Ph\u1ee5 ki\u1ec7n\",\"publisher\":{\"@id\":\"https:\/\/phukienflytech.vn\/#organization\"},\"potentialAction\":[{\"@type\":\"SearchAction\",\"target\":{\"@type\":\"EntryPoint\",\"urlTemplate\":\"https:\/\/phukienflytech.vn\/?s={search_term_string}\"},\"query-input\":{\"@type\":\"PropertyValueSpecification\",\"valueRequired\":true,\"valueName\":\"search_term_string\"}}],\"inLanguage\":\"en-US\"},{\"@type\":\"Organization\",\"@id\":\"https:\/\/phukienflytech.vn\/#organization\",\"name\":\"DJI Store - Shop Drone, Action camera, Gimbal DJI |Phukienflytech\",\"alternateName\":\"DJI Store - Shop Drone, Action camera, Gimbal DJI |Phukienflytech\",\"url\":\"https:\/\/phukienflytech.vn\/\",\"logo\":{\"@type\":\"ImageObject\",\"inLanguage\":\"en-US\",\"@id\":\"https:\/\/phukienflytech.vn\/#\/schema\/logo\/image\/\",\"url\":\"https:\/\/phukienflytech.vn\/wp-content\/uploads\/2020\/05\/hAnh_nan.jpg1_.jpg\",\"contentUrl\":\"https:\/\/phukienflytech.vn\/wp-content\/uploads\/2020\/05\/hAnh_nan.jpg1_.jpg\",\"width\":800,\"height\":450,\"caption\":\"DJI Store - Shop Drone, Action camera, Gimbal DJI |Phukienflytech\"},\"image\":{\"@id\":\"https:\/\/phukienflytech.vn\/#\/schema\/logo\/image\/\"},\"sameAs\":[\"https:\/\/facebook.com\/phukienflycam\",\"https:\/\/www.youtube.com\/@phukienflytech\",\"https:\/\/www.tiktok.com\/@flytech.channel?fbclid=IwY2xjawGjg7BleHRuA2FlbQIxMAABHYVGmlXpuSMs0UB2zTpYvyT4GMVfN2qJa4urF4vkSQ6FAVBwXZtDP30qQA_aem_UwMiDcUvlEbd2tXAmsc8Og\"]}]}<\/script>\n<!-- \/ Yoast SEO plugin. -->","yoast_head_json":{"title":"Phantom 4 Pro gimbal flat cable - Sunnylife - Phantom accessory","description":"Phantom 4 Pro gimbal flat cable is one of the most important accessory. Contact us to buy Phantom 4 Pro gimbal flat cable for best price.","robots":{"index":"index","follow":"follow","max-snippet":"max-snippet:-1","max-image-preview":"max-image-preview:large","max-video-preview":"max-video-preview:-1"},"canonical":"https:\/\/phukienflytech.vn\/en\/san-pham\/phantom-4-pro-gimbal-flat-cable.html","og_locale":"en_US","og_type":"article","og_title":"Phantom 4 Pro gimbal flat cable - Sunnylife - Phantom accessory","og_description":"Phantom 4 Pro gimbal flat cable is one of the most important accessory. Contact us to buy Phantom 4 Pro gimbal flat cable for best price.","og_url":"https:\/\/phukienflytech.vn\/en\/san-pham\/phantom-4-pro-gimbal-flat-cable.html","og_site_name":"Shop M\u00e1y \u1ea3nh - Action Camera - Gimbal - Flycam - Ph\u1ee5 ki\u1ec7n","article_publisher":"https:\/\/facebook.com\/phukienflycam","article_modified_time":"2020-10-16T11:56:38+00:00","og_image":[{"width":243,"height":243,"url":"https:\/\/phukienflytech.vn\/wp-content\/uploads\/2020\/06\/cAp_4pro-1.jpg","type":"image\/jpeg"}],"twitter_card":"summary_large_image","twitter_misc":{"Est. reading time":"2 minutes"},"schema":{"@context":"https:\/\/schema.org","@graph":[{"@type":"WebPage","@id":"https:\/\/phukienflytech.vn\/en\/san-pham\/phantom-4-pro-gimbal-flat-cable.html","url":"https:\/\/phukienflytech.vn\/en\/san-pham\/phantom-4-pro-gimbal-flat-cable.html","name":"Phantom 4 Pro gimbal flat cable - Sunnylife - Phantom accessory","isPartOf":{"@id":"https:\/\/phukienflytech.vn\/#website"},"primaryImageOfPage":{"@id":"https:\/\/phukienflytech.vn\/en\/san-pham\/phantom-4-pro-gimbal-flat-cable.html#primaryimage"},"image":{"@id":"https:\/\/phukienflytech.vn\/en\/san-pham\/phantom-4-pro-gimbal-flat-cable.html#primaryimage"},"thumbnailUrl":"https:\/\/phukienflytech.vn\/wp-content\/uploads\/2020\/06\/cAp_4pro-1.jpg","datePublished":"2020-06-18T03:40:37+00:00","dateModified":"2020-10-16T11:56:38+00:00","description":"Phantom 4 Pro gimbal flat cable is one of the most important accessory. Contact us to buy Phantom 4 Pro gimbal flat cable for best price.","breadcrumb":{"@id":"https:\/\/phukienflytech.vn\/en\/san-pham\/phantom-4-pro-gimbal-flat-cable.html#breadcrumb"},"inLanguage":"en-US","potentialAction":[{"@type":"ReadAction","target":["https:\/\/phukienflytech.vn\/en\/san-pham\/phantom-4-pro-gimbal-flat-cable.html"]}]},{"@type":"ImageObject","inLanguage":"en-US","@id":"https:\/\/phukienflytech.vn\/en\/san-pham\/phantom-4-pro-gimbal-flat-cable.html#primaryimage","url":"https:\/\/phukienflytech.vn\/wp-content\/uploads\/2020\/06\/cAp_4pro-1.jpg","contentUrl":"https:\/\/phukienflytech.vn\/wp-content\/uploads\/2020\/06\/cAp_4pro-1.jpg","width":243,"height":243},{"@type":"BreadcrumbList","@id":"https:\/\/phukienflytech.vn\/en\/san-pham\/phantom-4-pro-gimbal-flat-cable.html#breadcrumb","itemListElement":[{"@type":"ListItem","position":1,"name":"Home","item":"https:\/\/phukienflytech.vn\/en"},{"@type":"ListItem","position":2,"name":"Ph\u1ee5 ki\u1ec7n Mavic Pro","item":"https:\/\/phukienflytech.vn\/en\/phu-kien-mavic-pro.html"},{"@type":"ListItem","position":3,"name":"DJI Osmo &amp; Drone's accessories","item":"https:\/\/phukienflytech.vn\/en\/danh-muc\/dji-osmo-drones-accessories.html"},{"@type":"ListItem","position":4,"name":"Ph\u1ee5 ki\u1ec7n flycam Phantom 4","item":"https:\/\/phukienflytech.vn\/en\/danh-muc\/phantom-4-accessory.html"},{"@type":"ListItem","position":5,"name":"Phantom 4 Pro gimbal flat cable"}]},{"@type":"WebSite","@id":"https:\/\/phukienflytech.vn\/#website","url":"https:\/\/phukienflytech.vn\/","name":"Shop M\u00e1y \u1ea3nh - Action Camera - Gimbal - Flycam - Ph\u1ee5 ki\u1ec7n","description":"Shop M\u00e1y \u1ea3nh - Action Camera - Gimbal - Flycam - Ph\u1ee5 ki\u1ec7n","publisher":{"@id":"https:\/\/phukienflytech.vn\/#organization"},"potentialAction":[{"@type":"SearchAction","target":{"@type":"EntryPoint","urlTemplate":"https:\/\/phukienflytech.vn\/?s={search_term_string}"},"query-input":{"@type":"PropertyValueSpecification","valueRequired":true,"valueName":"search_term_string"}}],"inLanguage":"en-US"},{"@type":"Organization","@id":"https:\/\/phukienflytech.vn\/#organization","name":"DJI Store - Shop Drone, Action camera, Gimbal DJI |Phukienflytech","alternateName":"DJI Store - Shop Drone, Action camera, Gimbal DJI |Phukienflytech","url":"https:\/\/phukienflytech.vn\/","logo":{"@type":"ImageObject","inLanguage":"en-US","@id":"https:\/\/phukienflytech.vn\/#\/schema\/logo\/image\/","url":"https:\/\/phukienflytech.vn\/wp-content\/uploads\/2020\/05\/hAnh_nan.jpg1_.jpg","contentUrl":"https:\/\/phukienflytech.vn\/wp-content\/uploads\/2020\/05\/hAnh_nan.jpg1_.jpg","width":800,"height":450,"caption":"DJI Store - Shop Drone, Action camera, Gimbal DJI |Phukienflytech"},"image":{"@id":"https:\/\/phukienflytech.vn\/#\/schema\/logo\/image\/"},"sameAs":["https:\/\/facebook.com\/phukienflycam","https:\/\/www.youtube.com\/@phukienflytech","https:\/\/www.tiktok.com\/@flytech.channel?fbclid=IwY2xjawGjg7BleHRuA2FlbQIxMAABHYVGmlXpuSMs0UB2zTpYvyT4GMVfN2qJa4urF4vkSQ6FAVBwXZtDP30qQA_aem_UwMiDcUvlEbd2tXAmsc8Og"]}]}},"_links":{"self":[{"href":"https:\/\/phukienflytech.vn\/en\/wp-json\/wp\/v2\/product\/5843","targetHints":{"allow":["GET"]}}],"collection":[{"href":"https:\/\/phukienflytech.vn\/en\/wp-json\/wp\/v2\/product"}],"about":[{"href":"https:\/\/phukienflytech.vn\/en\/wp-json\/wp\/v2\/types\/product"}],"replies":[{"embeddable":true,"href":"https:\/\/phukienflytech.vn\/en\/wp-json\/wp\/v2\/comments?post=5843"}],"wp:featuredmedia":[{"embeddable":true,"href":"https:\/\/phukienflytech.vn\/en\/wp-json\/wp\/v2\/media\/16342"}],"wp:attachment":[{"href":"https:\/\/phukienflytech.vn\/en\/wp-json\/wp\/v2\/media?parent=5843"}],"wp:term":[{"taxonomy":"product_brand","embeddable":true,"href":"https:\/\/phukienflytech.vn\/en\/wp-json\/wp\/v2\/product_brand?post=5843"},{"taxonomy":"product_cat","embeddable":true,"href":"https:\/\/phukienflytech.vn\/en\/wp-json\/wp\/v2\/product_cat?post=5843"},{"taxonomy":"product_tag","embeddable":true,"href":"https:\/\/phukienflytech.vn\/en\/wp-json\/wp\/v2\/product_tag?post=5843"}],"curies":[{"name":"wp","href":"https:\/\/api.w.org\/{rel}","templated":true}]}}