{"id":5955,"date":"2020-06-20T15:40:14","date_gmt":"2020-06-20T08:40:14","guid":{"rendered":"http:\/\/27430.lamdx.vinawebsite.vn\/san-pham\/combo-3-lens-filter-gnd-mavic-2-pro-professional-pgytech-2.html"},"modified":"2021-03-27T18:54:46","modified_gmt":"2021-03-27T11:54:46","slug":"set-3-gnd-filter-mavic2-pro","status":"publish","type":"product","link":"https:\/\/phukienflytech.vn\/en\/san-pham\/set-3-gnd-filter-mavic2-pro.html","title":{"rendered":"Combo 3 professional GND Filter for Mavic 2 Pro &#8211; PGYtech"},"content":{"rendered":"<h2><span style=\"font-size: 21px; color: #0000ff;\"><strong><em>Set 3 GND Filter Mavic2 Pro &#8211;\u00a0 PGYTECH<\/em><\/strong><\/span><\/h2>\n<p>&nbsp;<\/p>\n<p><span style=\"font-size: 19px;\">Set 3 GND Filter Mavic2 Pro<\/span><\/p>\n<p><span style=\"font-size: 18px;\"><strong><em>Filter<\/em><\/strong>\u00a0lu\u00f4n l\u00e0 m\u1ed9t trong nh\u1eefng\u00a0<strong><em>ph\u1ee5 ki\u1ec7n DJI Mavic 2\u00a0pro c\u1ea7n thi\u1ebft<\/em><\/strong>\u00a0v\u00e0 \u0111\u01b0\u1ee3c ng\u01b0\u1eddi d\u00f9ng quan t\u00e2m \u0111\u1eb7c bi\u1ec7t m\u1ed7i khi quay film c\u0169ng nh\u01b0 ch\u1ee5p \u1ea3nh.<\/span><\/p>\n<h2><span style=\"font-size: 18px; color: #0000ff;\"><strong><em><img loading=\"lazy\" decoding=\"async\" class=\"alignnone wp-image-10959\" src=\"https:\/\/phukienflytech.vn\/wp-content\/uploads\/2020\/06\/combo-3-lens-filter-gnd-mavic-2-pro-professional-pgytech-5942-5-800x240.jpg\" alt=\"\" width=\"562\" height=\"169\" srcset=\"https:\/\/phukienflytech.vn\/wp-content\/uploads\/2020\/06\/combo-3-lens-filter-gnd-mavic-2-pro-professional-pgytech-5942-5-800x240.jpg 800w, https:\/\/phukienflytech.vn\/wp-content\/uploads\/2020\/06\/combo-3-lens-filter-gnd-mavic-2-pro-professional-pgytech-5942-5-768x230.jpg 768w, https:\/\/phukienflytech.vn\/wp-content\/uploads\/2020\/06\/combo-3-lens-filter-gnd-mavic-2-pro-professional-pgytech-5942-5-600x180.jpg 600w, https:\/\/phukienflytech.vn\/wp-content\/uploads\/2020\/06\/combo-3-lens-filter-gnd-mavic-2-pro-professional-pgytech-5942-5.jpg 1000w\" sizes=\"auto, (max-width: 562px) 100vw, 562px\" \/><\/em><\/strong><\/span><\/h2>\n<p><span style=\"font-size: 18px;\">\u0110\u1ec3 \u0111\u00e1p \u1ee9ng l\u1ea1i nhu c\u1ea7u c\u1ee7a ng\u01b0\u1eddi ti\u00eau d\u00f9ng ch\u00fang t\u00f4i xin gi\u1edbi thi\u1ec7u b\u1ed9\u00a0<strong><em>Combo 3 lens filter GND mavic 2 pro professional \u2013 PGYTECH<\/em><\/strong>\u00a0\u0111\u1ec3 cho ng\u01b0\u1eddi d\u00f9ng c\u00f3 th\u1ec3 d\u1ec5 d\u00e0ng l\u1ef1a ch\u1ecdn. N\u1ebfu b\u1ea1n l\u00e0 ng\u01b0\u1eddi am hi\u1ec3u ho\u1eb7c c\u00f3 y\u00eau c\u1ea7u cao v\u1ec1 ch\u1ea5t l\u01b0\u1ee3ng \u1ea3nh trong \u0111i\u1ec1u ki\u1ec7n \u00e1nh s\u00e1ng m\u1ea1nh, th\u00ec ch\u1eafc ch\u1eafn vi\u1ec7c ph\u01a1i s\u00e1ng t\u1ef1 nhi\u00ean v\u00e0 \u0111\u00fang l\u00fac s\u1ebd gi\u00fap b\u1ea1n c\u00f3 nh\u1eefng b\u1ee9c h\u00ecnh \u1ea3o di\u1ec7u nh\u1ea5t.<\/span><\/p>\n<h2><span style=\"font-size: 18px; color: #0000ff;\"><strong><em><img loading=\"lazy\" decoding=\"async\" class=\"alignnone size-medium wp-image-10961\" src=\"https:\/\/phukienflytech.vn\/wp-content\/uploads\/2020\/06\/combo-3-lens-filter-gnd-mavic-2-pro-professional-pgytech-5942-1-1-417x400.jpg\" alt=\"\" width=\"417\" height=\"400\" srcset=\"https:\/\/phukienflytech.vn\/wp-content\/uploads\/2020\/06\/combo-3-lens-filter-gnd-mavic-2-pro-professional-pgytech-5942-1-1-417x400.jpg 417w, https:\/\/phukienflytech.vn\/wp-content\/uploads\/2020\/06\/combo-3-lens-filter-gnd-mavic-2-pro-professional-pgytech-5942-1-1-768x737.jpg 768w, https:\/\/phukienflytech.vn\/wp-content\/uploads\/2020\/06\/combo-3-lens-filter-gnd-mavic-2-pro-professional-pgytech-5942-1-1-833x800.jpg 833w, https:\/\/phukienflytech.vn\/wp-content\/uploads\/2020\/06\/combo-3-lens-filter-gnd-mavic-2-pro-professional-pgytech-5942-1-1-600x576.jpg 600w, https:\/\/phukienflytech.vn\/wp-content\/uploads\/2020\/06\/combo-3-lens-filter-gnd-mavic-2-pro-professional-pgytech-5942-1-1.jpg 1000w\" sizes=\"auto, (max-width: 417px) 100vw, 417px\" \/><\/em><\/strong><\/span><\/h2>\n<p><span style=\"font-size: 18px;\">D\u01b0\u1edbi \u0111\u00e2y l\u00e0 combo filter ND \u0111\u00f2i h\u1ecfi k\u1ef9 n\u0103ng ph\u01a1i s\u00e1ng \u0111\u1ec9nh nh\u1ea5t d\u00e0nh cho Mavic 2\u00a0pro<\/span><\/p>\n<h2><span style=\"font-size: 21px; color: #0000ff;\"><strong><em>B\u1ed9 s\u1ea3n ph\u1ea9m\u00a0Combo 3 lens filter GND mavic 2\u00a0pro professional\u00a0g\u1ed3m:<\/em><\/strong><\/span><\/h2>\n<p><span style=\"font-size: 18px;\">Filter GND<\/span><\/p>\n<p><span style=\"font-size: 18px;\">H\u1ed9p \u0111\u1ef1ng filter<\/span><\/p>\n<h2><span style=\"font-size: 18px; color: #0000ff;\"><strong><em><img loading=\"lazy\" decoding=\"async\" class=\"alignnone wp-image-10963 size-medium\" src=\"https:\/\/phukienflytech.vn\/wp-content\/uploads\/2020\/06\/combo-3-lens-filter-gnd-mavic-2-pro-professional-pgytech-5942-2-1-445x400.jpg\" alt=\"Set-3-GND-Filter-Mavic2-Pro-9\" width=\"445\" height=\"400\" srcset=\"https:\/\/phukienflytech.vn\/wp-content\/uploads\/2020\/06\/combo-3-lens-filter-gnd-mavic-2-pro-professional-pgytech-5942-2-1-445x400.jpg 445w, https:\/\/phukienflytech.vn\/wp-content\/uploads\/2020\/06\/combo-3-lens-filter-gnd-mavic-2-pro-professional-pgytech-5942-2-1-768x690.jpg 768w, https:\/\/phukienflytech.vn\/wp-content\/uploads\/2020\/06\/combo-3-lens-filter-gnd-mavic-2-pro-professional-pgytech-5942-2-1-891x800.jpg 891w, https:\/\/phukienflytech.vn\/wp-content\/uploads\/2020\/06\/combo-3-lens-filter-gnd-mavic-2-pro-professional-pgytech-5942-2-1-600x539.jpg 600w, https:\/\/phukienflytech.vn\/wp-content\/uploads\/2020\/06\/combo-3-lens-filter-gnd-mavic-2-pro-professional-pgytech-5942-2-1.jpg 1000w\" sizes=\"auto, (max-width: 445px) 100vw, 445px\" \/><\/em><\/strong><\/span><\/h2>\n<p><span style=\"font-size: 18px;\">C\u00f4ng d\u1ee5ng c\u1ee7a\u00a0<strong><em>filter GND mavic 2\u00a0pro\u00a0<\/em><\/strong>:<\/span><\/p>\n<p><span style=\"font-size: 18px;\"><strong><em>Filter GND<\/em><\/strong>\u00a0hay c\u00f2n g\u1ecdi l\u00e0 k\u00ednh l\u1ecdc ph\u00e2n c\u1ef1c, \u0111\u01b0\u1ee3c s\u1eed d\u1ee5ng \u0111\u1ec3 ch\u1ee5p phong c\u1ea3nh b\u00ecnh minh hay ho\u00e0ng h\u00f4n v\u00e0o gi\u1edd v\u00e0ng.\u00a0 B\u1ea1n c\u0169ng c\u00f3 th\u1ec3 s\u1eed d\u1ee5ng \u0111\u1ec3 c\u00e2n b\u1eb1ng s\u00e1ng gi\u1eefa ti\u1ec1n c\u1ea3nh v\u00e0 h\u1eadu c\u1ea3nh, ho\u1eb7c \u0111\u1ec3 t\u1ea1o ra hi\u1ec7u \u1ee9ng \u0111\u1eb7c bi\u1ec7t nh\u01b0 l\u00e0m chuy\u1ec3n \u0111\u1ed9ng ch\u1eadm c\u1ee7a s\u00f3ng bi\u1ec3n, s\u00f4ng su\u1ed1i, l\u00e0m m\u1edd c\u00e1c chuy\u1ec3n \u0111\u1ed9ng c\u1ee7a ng\u01b0\u1eddi v\u00e0 v\u1eadt th\u1ec3. Nh\u1eefng b\u1ee9c \u1ea3nh \u0111\u1eb9p nh\u1ea5t l\u00e0 nh\u1eefng b\u1ee9c \u1ea3nh ng\u01b0\u1eddi d\u00f9ng c\u00f3 th\u1ec3 ki\u1ec3m so\u00e1t \u0111\u01b0\u1ee3c \u00e1nh s\u00e1ng, filter GND l\u00e0 c\u00f4ng c\u1ee5 gi\u00fap b\u1ea1n th\u1ef1c hi\u1ec7n \u0111i\u1ec1u \u0111\u00f3.<\/span><\/p>\n<h2><span style=\"font-size: 18px; color: #0000ff;\"><strong><em><img loading=\"lazy\" decoding=\"async\" class=\"alignnone wp-image-10965\" src=\"https:\/\/phukienflytech.vn\/wp-content\/uploads\/2020\/06\/combo-3-lens-filter-gnd-mavic-2-pro-professional-pgytech-5942-3-1-638x400.jpg\" alt=\"Set-3-GND-Filter-Mavic2-Pro \" width=\"498\" height=\"312\" srcset=\"https:\/\/phukienflytech.vn\/wp-content\/uploads\/2020\/06\/combo-3-lens-filter-gnd-mavic-2-pro-professional-pgytech-5942-3-1-638x400.jpg 638w, https:\/\/phukienflytech.vn\/wp-content\/uploads\/2020\/06\/combo-3-lens-filter-gnd-mavic-2-pro-professional-pgytech-5942-3-1-768x481.jpg 768w, https:\/\/phukienflytech.vn\/wp-content\/uploads\/2020\/06\/combo-3-lens-filter-gnd-mavic-2-pro-professional-pgytech-5942-3-1-600x376.jpg 600w, https:\/\/phukienflytech.vn\/wp-content\/uploads\/2020\/06\/combo-3-lens-filter-gnd-mavic-2-pro-professional-pgytech-5942-3-1.jpg 895w\" sizes=\"auto, (max-width: 498px) 100vw, 498px\" \/><\/em><\/strong><\/span><\/h2>\n<p><span style=\"font-size: 18px;\">\u0110\u1eb7c bi\u1ec7t,\u00a0<strong><em>filter lens GND<\/em><\/strong>\u00a0<strong><em>chuy\u00ean nghi\u1ec7p<\/em><\/strong>\u00a0\u0111\u01b0\u1ee3c h\u00e3ng\u00a0<strong><em>PGYTECH<\/em><\/strong>\u00a0s\u1eed d\u1ee5ng k\u00ednh SCHOTT c\u1ee7a \u0110\u1ee9c l\u00e0m v\u1eadt li\u1ec7u c\u01a1 b\u1ea3n, tr\u1ea3i qua nhi\u1ec1u quy tr\u00ecnh m\u00e0i d\u0169a, \u0111\u00e1nh b\u00f3ng v\u1edbi c\u00f4ng ngh\u1ec7 ph\u1ee7 nhi\u1ec1u l\u1edbp IAD \u0111\u1ec3 \u0111\u1ea1t hi\u1ec7u su\u1ea5t cao nh\u1ea5t c\u0169ng nh\u01b0 \u0111\u1ea3m b\u1ea3o cho lens c\u00f3 ch\u1ea5t l\u01b0\u1ee3ng \u0111\u1ed9 n\u00e9t cao n\u00ean b\u1ea1n c\u00f3 th\u1ec3 ho\u00e0n to\u00e0n y\u00ean t\u00e2m v\u1ec1 ch\u1ea5t l\u01b0\u1ee3ng s\u1ea3n ph\u1ea9m..<\/span><\/p>\n<h2><span style=\"font-size: 18px; color: #0000ff;\"><strong><em><img loading=\"lazy\" decoding=\"async\" class=\"alignnone size-medium wp-image-10967\" src=\"https:\/\/phukienflytech.vn\/wp-content\/uploads\/2020\/06\/combo-3-lens-filter-gnd-mavic-2-pro-professional-pgytech-5942-4-1-400x400.jpg\" alt=\"\" width=\"400\" height=\"400\" srcset=\"https:\/\/phukienflytech.vn\/wp-content\/uploads\/2020\/06\/combo-3-lens-filter-gnd-mavic-2-pro-professional-pgytech-5942-4-1-400x400.jpg 400w, https:\/\/phukienflytech.vn\/wp-content\/uploads\/2020\/06\/combo-3-lens-filter-gnd-mavic-2-pro-professional-pgytech-5942-4-1-280x280.jpg 280w, https:\/\/phukienflytech.vn\/wp-content\/uploads\/2020\/06\/combo-3-lens-filter-gnd-mavic-2-pro-professional-pgytech-5942-4-1-768x768.jpg 768w, https:\/\/phukienflytech.vn\/wp-content\/uploads\/2020\/06\/combo-3-lens-filter-gnd-mavic-2-pro-professional-pgytech-5942-4-1.jpg 800w, https:\/\/phukienflytech.vn\/wp-content\/uploads\/2020\/06\/combo-3-lens-filter-gnd-mavic-2-pro-professional-pgytech-5942-4-1-300x300.jpg 300w, https:\/\/phukienflytech.vn\/wp-content\/uploads\/2020\/06\/combo-3-lens-filter-gnd-mavic-2-pro-professional-pgytech-5942-4-1-600x600.jpg 600w, https:\/\/phukienflytech.vn\/wp-content\/uploads\/2020\/06\/combo-3-lens-filter-gnd-mavic-2-pro-professional-pgytech-5942-4-1-100x100.jpg 100w\" sizes=\"auto, (max-width: 400px) 100vw, 400px\" \/><\/em><\/strong><\/span><\/h2>\n<h2><span style=\"font-size: 21px; color: #0000ff;\"><em><strong>Mua ph\u1ee5 ki\u1ec7n mavic 2 pro zoom \u1edf \u0111\u00e2u?<\/strong><\/em><\/span><\/h2>\n<p><span style=\"font-size: 18px;\">N\u1ebfu b\u1ea1n v\u1eabn \u0111ang ph\u00e2n v\u00e2n kh\u00f4ng bi\u1ebft c\u00f3 th\u1ec3 t\u00ecm mua \u0111\u01b0\u1ee3c\u00a0<strong><em>nh\u1eefng ph\u1ee5 ki\u1ec7n dji mavic 2 pro zoom\u00a0<\/em><\/strong>ch\u1ea5t l\u01b0\u1ee3ng nh\u1ea5t m\u00e0 kh\u00f4ng c\u1ea7n lo l\u1eafng gi\u00e1 c\u1ee7a s\u1ea3n ph\u1ea9m \u1edf \u0111\u00e2u th\u00ec ph\u1ee5 ki\u1ec7n flycam gi\u00e1 t\u1ed1t ch\u00ednh l\u00e0 n\u01a1i ph\u00f9 h\u1ee3p d\u00e0nh cho b\u1ea1n. H\u00e3y \u0111\u1ebfn v\u1edbi ph\u1ee5 ki\u1ec7n fly-cam gi\u00e1 t\u1ed1t \u0111\u1ec3 c\u00f3 \u0111\u01b0\u1ee3c\u00a0<strong><em>gi\u00e1 mavic 2 pro<\/em><\/strong>,\u00a0<strong><em>gi\u00e1 mavic 2 zoom<\/em><\/strong>,..c\u00f9ng v\u1edbi ch\u1ea5t l\u01b0\u1ee3ng t\u1ed1t nh\u1ea5t.<\/span><\/p>\n<p>&nbsp;<\/p>\n<p><span style=\"font-size: 18px;\">&gt;&gt; Xem th\u00eam: <span style=\"color: #0000ff;\"><strong><a style=\"color: #0000ff;\" href=\"https:\/\/phukienflytech.vn\/en\/danh-muc\/mavic-2s-accessory.html\" target=\"_blank\" rel=\"noopener noreferrer\">Ph\u1ee5 ki\u1ec7n Mavic 2<\/a><\/strong><\/span><\/span><\/p>\n<p><span style=\"font-size: 18px;\">&gt;&gt; Li\u00ean h\u1ec7 v\u1edbi ch\u00fang t\u00f4i qua:<strong><a href=\"https:\/\/fb.com\/phukienflycam\" target=\"_blank\" rel=\"noopener noreferrer\"> Fanpage<\/a><\/strong><\/span><\/p>\n","protected":false},"excerpt":{"rendered":"<p>Set 3 GND Filter Mavic2 Pro &#8211;\u00a0 PGYTECH &nbsp; Set 3 GND Filter Mavic2 Pro Filter\u00a0lu\u00f4n l\u00e0 m\u1ed9t trong nh\u1eefng\u00a0ph\u1ee5 ki\u1ec7n DJI Mavic 2\u00a0pro c\u1ea7n thi\u1ebft\u00a0v\u00e0 \u0111\u01b0\u1ee3c ng\u01b0\u1eddi d\u00f9ng quan t\u00e2m \u0111\u1eb7c bi\u1ec7t m\u1ed7i khi quay film c\u0169ng nh\u01b0 ch\u1ee5p \u1ea3nh. \u0110\u1ec3 \u0111\u00e1p \u1ee9ng l\u1ea1i nhu c\u1ea7u c\u1ee7a ng\u01b0\u1eddi ti\u00eau d\u00f9ng ch\u00fang t\u00f4i xin gi\u1edbi &#8230;<\/p>\n","protected":false},"featured_media":5944,"comment_status":"open","ping_status":"closed","template":"","meta":{"_acf_changed":false},"product_brand":[],"product_cat":[177],"product_tag":[474,209],"class_list":{"0":"post-5955","1":"product","2":"type-product","3":"status-publish","4":"has-post-thumbnail","6":"product_cat-mavic-2s-accessory","7":"product_tag-3-filter-gnd-mavic-2-pro-en","8":"product_tag-phu-kien-mavic-2-en","10":"first","11":"instock","12":"shipping-taxable","13":"purchasable","14":"product-type-simple"},"acf":[],"yoast_head":"<!-- This site is optimized with the Yoast SEO plugin v25.7 - https:\/\/yoast.com\/wordpress\/plugins\/seo\/ -->\n<title>Set 3 GND Filter Mavic2 Pro - Mavic 2 accessory - Available - Original<\/title>\n<meta name=\"description\" content=\"Set 3 GND Filter Mavic2 Pro is one of the most important accessory. Contact us to buy Set 3 GND Filter Mavic2 Pro for best price.\" \/>\n<meta name=\"robots\" content=\"index, follow, max-snippet:-1, max-image-preview:large, max-video-preview:-1\" \/>\n<link rel=\"canonical\" href=\"https:\/\/phukienflytech.vn\/en\/san-pham\/set-3-gnd-filter-mavic2-pro.html\" \/>\n<meta property=\"og:locale\" content=\"en_US\" \/>\n<meta property=\"og:type\" content=\"article\" \/>\n<meta property=\"og:title\" content=\"Set 3 GND Filter Mavic2 Pro - Mavic 2 accessory - Available - Original\" \/>\n<meta property=\"og:description\" content=\"Set 3 GND Filter Mavic2 Pro is one of the most important accessory. Contact us to buy Set 3 GND Filter Mavic2 Pro for best price.\" \/>\n<meta property=\"og:url\" content=\"https:\/\/phukienflytech.vn\/en\/san-pham\/set-3-gnd-filter-mavic2-pro.html\" \/>\n<meta property=\"og:site_name\" content=\"Shop M\u00e1y \u1ea3nh - Action Camera - Gimbal - Flycam - Ph\u1ee5 ki\u1ec7n\" \/>\n<meta property=\"article:publisher\" content=\"https:\/\/facebook.com\/phukienflycam\" \/>\n<meta property=\"article:modified_time\" content=\"2021-03-27T11:54:46+00:00\" \/>\n<meta property=\"og:image\" content=\"https:\/\/phukienflytech.vn\/wp-content\/uploads\/2020\/06\/300x300_combo-3-filter-lens-ND8-GN-phu-kien-flycam-dji-mavic-2pro-pgytech_-_Copy_-_Copy.png\" \/>\n\t<meta property=\"og:image:width\" content=\"300\" \/>\n\t<meta property=\"og:image:height\" content=\"297\" \/>\n\t<meta property=\"og:image:type\" content=\"image\/png\" \/>\n<meta name=\"twitter:card\" content=\"summary_large_image\" \/>\n<meta name=\"twitter:label1\" content=\"Est. reading time\" \/>\n\t<meta name=\"twitter:data1\" content=\"3 minutes\" \/>\n<script type=\"application\/ld+json\" class=\"yoast-schema-graph\">{\"@context\":\"https:\/\/schema.org\",\"@graph\":[{\"@type\":\"WebPage\",\"@id\":\"https:\/\/phukienflytech.vn\/en\/san-pham\/set-3-gnd-filter-mavic2-pro.html\",\"url\":\"https:\/\/phukienflytech.vn\/en\/san-pham\/set-3-gnd-filter-mavic2-pro.html\",\"name\":\"Set 3 GND Filter Mavic2 Pro - Mavic 2 accessory - Available - Original\",\"isPartOf\":{\"@id\":\"https:\/\/phukienflytech.vn\/#website\"},\"primaryImageOfPage\":{\"@id\":\"https:\/\/phukienflytech.vn\/en\/san-pham\/set-3-gnd-filter-mavic2-pro.html#primaryimage\"},\"image\":{\"@id\":\"https:\/\/phukienflytech.vn\/en\/san-pham\/set-3-gnd-filter-mavic2-pro.html#primaryimage\"},\"thumbnailUrl\":\"https:\/\/phukienflytech.vn\/wp-content\/uploads\/2020\/06\/300x300_combo-3-filter-lens-ND8-GN-phu-kien-flycam-dji-mavic-2pro-pgytech_-_Copy_-_Copy.png\",\"datePublished\":\"2020-06-20T08:40:14+00:00\",\"dateModified\":\"2021-03-27T11:54:46+00:00\",\"description\":\"Set 3 GND Filter Mavic2 Pro is one of the most important accessory. Contact us to buy Set 3 GND Filter Mavic2 Pro for best price.\",\"breadcrumb\":{\"@id\":\"https:\/\/phukienflytech.vn\/en\/san-pham\/set-3-gnd-filter-mavic2-pro.html#breadcrumb\"},\"inLanguage\":\"en-US\",\"potentialAction\":[{\"@type\":\"ReadAction\",\"target\":[\"https:\/\/phukienflytech.vn\/en\/san-pham\/set-3-gnd-filter-mavic2-pro.html\"]}]},{\"@type\":\"ImageObject\",\"inLanguage\":\"en-US\",\"@id\":\"https:\/\/phukienflytech.vn\/en\/san-pham\/set-3-gnd-filter-mavic2-pro.html#primaryimage\",\"url\":\"https:\/\/phukienflytech.vn\/wp-content\/uploads\/2020\/06\/300x300_combo-3-filter-lens-ND8-GN-phu-kien-flycam-dji-mavic-2pro-pgytech_-_Copy_-_Copy.png\",\"contentUrl\":\"https:\/\/phukienflytech.vn\/wp-content\/uploads\/2020\/06\/300x300_combo-3-filter-lens-ND8-GN-phu-kien-flycam-dji-mavic-2pro-pgytech_-_Copy_-_Copy.png\",\"width\":300,\"height\":297},{\"@type\":\"BreadcrumbList\",\"@id\":\"https:\/\/phukienflytech.vn\/en\/san-pham\/set-3-gnd-filter-mavic2-pro.html#breadcrumb\",\"itemListElement\":[{\"@type\":\"ListItem\",\"position\":1,\"name\":\"Home\",\"item\":\"https:\/\/phukienflytech.vn\/en\"},{\"@type\":\"ListItem\",\"position\":2,\"name\":\"Ph\u1ee5 ki\u1ec7n Mavic Pro\",\"item\":\"https:\/\/phukienflytech.vn\/en\/phu-kien-mavic-pro.html\"},{\"@type\":\"ListItem\",\"position\":3,\"name\":\"DJI Osmo &amp; Drone's accessories\",\"item\":\"https:\/\/phukienflytech.vn\/en\/danh-muc\/dji-osmo-drones-accessories.html\"},{\"@type\":\"ListItem\",\"position\":4,\"name\":\"Ph\u1ee5 ki\u1ec7n DJI Mavic 2\",\"item\":\"https:\/\/phukienflytech.vn\/en\/danh-muc\/mavic-2s-accessory.html\"},{\"@type\":\"ListItem\",\"position\":5,\"name\":\"Combo 3 professional GND Filter for Mavic 2 Pro &#8211; PGYtech\"}]},{\"@type\":\"WebSite\",\"@id\":\"https:\/\/phukienflytech.vn\/#website\",\"url\":\"https:\/\/phukienflytech.vn\/\",\"name\":\"Shop M\u00e1y \u1ea3nh - Action Camera - Gimbal - Flycam - Ph\u1ee5 ki\u1ec7n\",\"description\":\"Shop M\u00e1y \u1ea3nh - Action Camera - Gimbal - Flycam - Ph\u1ee5 ki\u1ec7n\",\"publisher\":{\"@id\":\"https:\/\/phukienflytech.vn\/#organization\"},\"potentialAction\":[{\"@type\":\"SearchAction\",\"target\":{\"@type\":\"EntryPoint\",\"urlTemplate\":\"https:\/\/phukienflytech.vn\/?s={search_term_string}\"},\"query-input\":{\"@type\":\"PropertyValueSpecification\",\"valueRequired\":true,\"valueName\":\"search_term_string\"}}],\"inLanguage\":\"en-US\"},{\"@type\":\"Organization\",\"@id\":\"https:\/\/phukienflytech.vn\/#organization\",\"name\":\"DJI Store - Shop Drone, Action camera, Gimbal DJI |Phukienflytech\",\"alternateName\":\"DJI Store - Shop Drone, Action camera, Gimbal DJI |Phukienflytech\",\"url\":\"https:\/\/phukienflytech.vn\/\",\"logo\":{\"@type\":\"ImageObject\",\"inLanguage\":\"en-US\",\"@id\":\"https:\/\/phukienflytech.vn\/#\/schema\/logo\/image\/\",\"url\":\"https:\/\/phukienflytech.vn\/wp-content\/uploads\/2020\/05\/hAnh_nan.jpg1_.jpg\",\"contentUrl\":\"https:\/\/phukienflytech.vn\/wp-content\/uploads\/2020\/05\/hAnh_nan.jpg1_.jpg\",\"width\":800,\"height\":450,\"caption\":\"DJI Store - Shop Drone, Action camera, Gimbal DJI |Phukienflytech\"},\"image\":{\"@id\":\"https:\/\/phukienflytech.vn\/#\/schema\/logo\/image\/\"},\"sameAs\":[\"https:\/\/facebook.com\/phukienflycam\",\"https:\/\/www.youtube.com\/@phukienflytech\",\"https:\/\/www.tiktok.com\/@flytech.channel?fbclid=IwY2xjawGjg7BleHRuA2FlbQIxMAABHYVGmlXpuSMs0UB2zTpYvyT4GMVfN2qJa4urF4vkSQ6FAVBwXZtDP30qQA_aem_UwMiDcUvlEbd2tXAmsc8Og\"]}]}<\/script>\n<!-- \/ Yoast SEO plugin. -->","yoast_head_json":{"title":"Set 3 GND Filter Mavic2 Pro - Mavic 2 accessory - Available - Original","description":"Set 3 GND Filter Mavic2 Pro is one of the most important accessory. Contact us to buy Set 3 GND Filter Mavic2 Pro for best price.","robots":{"index":"index","follow":"follow","max-snippet":"max-snippet:-1","max-image-preview":"max-image-preview:large","max-video-preview":"max-video-preview:-1"},"canonical":"https:\/\/phukienflytech.vn\/en\/san-pham\/set-3-gnd-filter-mavic2-pro.html","og_locale":"en_US","og_type":"article","og_title":"Set 3 GND Filter Mavic2 Pro - Mavic 2 accessory - Available - Original","og_description":"Set 3 GND Filter Mavic2 Pro is one of the most important accessory. Contact us to buy Set 3 GND Filter Mavic2 Pro for best price.","og_url":"https:\/\/phukienflytech.vn\/en\/san-pham\/set-3-gnd-filter-mavic2-pro.html","og_site_name":"Shop M\u00e1y \u1ea3nh - Action Camera - Gimbal - Flycam - Ph\u1ee5 ki\u1ec7n","article_publisher":"https:\/\/facebook.com\/phukienflycam","article_modified_time":"2021-03-27T11:54:46+00:00","og_image":[{"width":300,"height":297,"url":"https:\/\/phukienflytech.vn\/wp-content\/uploads\/2020\/06\/300x300_combo-3-filter-lens-ND8-GN-phu-kien-flycam-dji-mavic-2pro-pgytech_-_Copy_-_Copy.png","type":"image\/png"}],"twitter_card":"summary_large_image","twitter_misc":{"Est. reading time":"3 minutes"},"schema":{"@context":"https:\/\/schema.org","@graph":[{"@type":"WebPage","@id":"https:\/\/phukienflytech.vn\/en\/san-pham\/set-3-gnd-filter-mavic2-pro.html","url":"https:\/\/phukienflytech.vn\/en\/san-pham\/set-3-gnd-filter-mavic2-pro.html","name":"Set 3 GND Filter Mavic2 Pro - Mavic 2 accessory - Available - Original","isPartOf":{"@id":"https:\/\/phukienflytech.vn\/#website"},"primaryImageOfPage":{"@id":"https:\/\/phukienflytech.vn\/en\/san-pham\/set-3-gnd-filter-mavic2-pro.html#primaryimage"},"image":{"@id":"https:\/\/phukienflytech.vn\/en\/san-pham\/set-3-gnd-filter-mavic2-pro.html#primaryimage"},"thumbnailUrl":"https:\/\/phukienflytech.vn\/wp-content\/uploads\/2020\/06\/300x300_combo-3-filter-lens-ND8-GN-phu-kien-flycam-dji-mavic-2pro-pgytech_-_Copy_-_Copy.png","datePublished":"2020-06-20T08:40:14+00:00","dateModified":"2021-03-27T11:54:46+00:00","description":"Set 3 GND Filter Mavic2 Pro is one of the most important accessory. Contact us to buy Set 3 GND Filter Mavic2 Pro for best price.","breadcrumb":{"@id":"https:\/\/phukienflytech.vn\/en\/san-pham\/set-3-gnd-filter-mavic2-pro.html#breadcrumb"},"inLanguage":"en-US","potentialAction":[{"@type":"ReadAction","target":["https:\/\/phukienflytech.vn\/en\/san-pham\/set-3-gnd-filter-mavic2-pro.html"]}]},{"@type":"ImageObject","inLanguage":"en-US","@id":"https:\/\/phukienflytech.vn\/en\/san-pham\/set-3-gnd-filter-mavic2-pro.html#primaryimage","url":"https:\/\/phukienflytech.vn\/wp-content\/uploads\/2020\/06\/300x300_combo-3-filter-lens-ND8-GN-phu-kien-flycam-dji-mavic-2pro-pgytech_-_Copy_-_Copy.png","contentUrl":"https:\/\/phukienflytech.vn\/wp-content\/uploads\/2020\/06\/300x300_combo-3-filter-lens-ND8-GN-phu-kien-flycam-dji-mavic-2pro-pgytech_-_Copy_-_Copy.png","width":300,"height":297},{"@type":"BreadcrumbList","@id":"https:\/\/phukienflytech.vn\/en\/san-pham\/set-3-gnd-filter-mavic2-pro.html#breadcrumb","itemListElement":[{"@type":"ListItem","position":1,"name":"Home","item":"https:\/\/phukienflytech.vn\/en"},{"@type":"ListItem","position":2,"name":"Ph\u1ee5 ki\u1ec7n Mavic Pro","item":"https:\/\/phukienflytech.vn\/en\/phu-kien-mavic-pro.html"},{"@type":"ListItem","position":3,"name":"DJI Osmo &amp; Drone's accessories","item":"https:\/\/phukienflytech.vn\/en\/danh-muc\/dji-osmo-drones-accessories.html"},{"@type":"ListItem","position":4,"name":"Ph\u1ee5 ki\u1ec7n DJI Mavic 2","item":"https:\/\/phukienflytech.vn\/en\/danh-muc\/mavic-2s-accessory.html"},{"@type":"ListItem","position":5,"name":"Combo 3 professional GND Filter for Mavic 2 Pro &#8211; PGYtech"}]},{"@type":"WebSite","@id":"https:\/\/phukienflytech.vn\/#website","url":"https:\/\/phukienflytech.vn\/","name":"Shop M\u00e1y \u1ea3nh - Action Camera - Gimbal - Flycam - Ph\u1ee5 ki\u1ec7n","description":"Shop M\u00e1y \u1ea3nh - Action Camera - Gimbal - Flycam - Ph\u1ee5 ki\u1ec7n","publisher":{"@id":"https:\/\/phukienflytech.vn\/#organization"},"potentialAction":[{"@type":"SearchAction","target":{"@type":"EntryPoint","urlTemplate":"https:\/\/phukienflytech.vn\/?s={search_term_string}"},"query-input":{"@type":"PropertyValueSpecification","valueRequired":true,"valueName":"search_term_string"}}],"inLanguage":"en-US"},{"@type":"Organization","@id":"https:\/\/phukienflytech.vn\/#organization","name":"DJI Store - Shop Drone, Action camera, Gimbal DJI |Phukienflytech","alternateName":"DJI Store - Shop Drone, Action camera, Gimbal DJI |Phukienflytech","url":"https:\/\/phukienflytech.vn\/","logo":{"@type":"ImageObject","inLanguage":"en-US","@id":"https:\/\/phukienflytech.vn\/#\/schema\/logo\/image\/","url":"https:\/\/phukienflytech.vn\/wp-content\/uploads\/2020\/05\/hAnh_nan.jpg1_.jpg","contentUrl":"https:\/\/phukienflytech.vn\/wp-content\/uploads\/2020\/05\/hAnh_nan.jpg1_.jpg","width":800,"height":450,"caption":"DJI Store - Shop Drone, Action camera, Gimbal DJI |Phukienflytech"},"image":{"@id":"https:\/\/phukienflytech.vn\/#\/schema\/logo\/image\/"},"sameAs":["https:\/\/facebook.com\/phukienflycam","https:\/\/www.youtube.com\/@phukienflytech","https:\/\/www.tiktok.com\/@flytech.channel?fbclid=IwY2xjawGjg7BleHRuA2FlbQIxMAABHYVGmlXpuSMs0UB2zTpYvyT4GMVfN2qJa4urF4vkSQ6FAVBwXZtDP30qQA_aem_UwMiDcUvlEbd2tXAmsc8Og"]}]}},"_links":{"self":[{"href":"https:\/\/phukienflytech.vn\/en\/wp-json\/wp\/v2\/product\/5955","targetHints":{"allow":["GET"]}}],"collection":[{"href":"https:\/\/phukienflytech.vn\/en\/wp-json\/wp\/v2\/product"}],"about":[{"href":"https:\/\/phukienflytech.vn\/en\/wp-json\/wp\/v2\/types\/product"}],"replies":[{"embeddable":true,"href":"https:\/\/phukienflytech.vn\/en\/wp-json\/wp\/v2\/comments?post=5955"}],"wp:featuredmedia":[{"embeddable":true,"href":"https:\/\/phukienflytech.vn\/en\/wp-json\/wp\/v2\/media\/5944"}],"wp:attachment":[{"href":"https:\/\/phukienflytech.vn\/en\/wp-json\/wp\/v2\/media?parent=5955"}],"wp:term":[{"taxonomy":"product_brand","embeddable":true,"href":"https:\/\/phukienflytech.vn\/en\/wp-json\/wp\/v2\/product_brand?post=5955"},{"taxonomy":"product_cat","embeddable":true,"href":"https:\/\/phukienflytech.vn\/en\/wp-json\/wp\/v2\/product_cat?post=5955"},{"taxonomy":"product_tag","embeddable":true,"href":"https:\/\/phukienflytech.vn\/en\/wp-json\/wp\/v2\/product_tag?post=5955"}],"curies":[{"name":"wp","href":"https:\/\/api.w.org\/{rel}","templated":true}]}}