{"id":5967,"date":"2020-06-20T15:47:16","date_gmt":"2020-06-20T08:47:16","guid":{"rendered":"http:\/\/27430.lamdx.vinawebsite.vn\/san-pham\/chup-bao-ve-joystick-mavic-2-pgytech.html"},"modified":"2022-08-18T16:05:53","modified_gmt":"2022-08-18T09:05:53","slug":"mavic-2-joystick-protector","status":"publish","type":"product","link":"https:\/\/phukienflytech.vn\/en\/san-pham\/mavic-2-joystick-protector.html","title":{"rendered":"Mavic 2 Joystick Protector &#8211; PGYtech"},"content":{"rendered":"<h2><span style=\"font-size: 21px; color: #0000ff;\"><strong><em>Mavic 2 Joystick Protector \u2013 PGYTECH<\/em><\/strong><\/span><\/h2>\n<p>&nbsp;<\/p>\n<p><span style=\"font-size: 19px;\">Mavic 2 Joystick Protector<\/span><\/p>\n<h2><span style=\"font-size: 18px; color: #0000ff;\"><strong><em><img loading=\"lazy\" decoding=\"async\" class=\"alignnone wp-image-10951\" src=\"https:\/\/phukienflytech.vn\/wp-content\/uploads\/2020\/06\/chup-bao-ve-joystick-mavic-2-pgytech-5956-4-635x400.jpg\" alt=\"Mavic-2-Joystick-Protector-5\" width=\"498\" height=\"314\" srcset=\"https:\/\/phukienflytech.vn\/wp-content\/uploads\/2020\/06\/chup-bao-ve-joystick-mavic-2-pgytech-5956-4-635x400.jpg 635w, https:\/\/phukienflytech.vn\/wp-content\/uploads\/2020\/06\/chup-bao-ve-joystick-mavic-2-pgytech-5956-4-768x484.jpg 768w, https:\/\/phukienflytech.vn\/wp-content\/uploads\/2020\/06\/chup-bao-ve-joystick-mavic-2-pgytech-5956-4-600x378.jpg 600w, https:\/\/phukienflytech.vn\/wp-content\/uploads\/2020\/06\/chup-bao-ve-joystick-mavic-2-pgytech-5956-4.jpg 1250w\" sizes=\"auto, (max-width: 498px) 100vw, 498px\" \/><\/em><\/strong><\/span><\/h2>\n<p><span style=\"font-size: 18px;\">Ng\u00e0y nay nhu c\u1ea7u di chuy\u1ec3n \u0111i l\u1ea1i c\u1ee7a c\u00e1c pilot ng\u00e0y c\u00e0ng nhi\u1ec1u ch\u00ednh v\u00ec th\u1ebf vi\u1ec7c b\u1ea3o qu\u1ea3n cho nh\u1eefng\u00a0<strong><em>ph\u1ee5 ki\u1ec7n dji<\/em><\/strong>\u00a0Mavic 2 pro zoom l\u00e0 m\u1ed9t vi\u1ec7c v\u00f4 c\u00f9ng thi\u1ebft y\u1ebfu.<\/span><\/p>\n<h2><span style=\"font-size: 18px; color: #0000ff;\"><strong><em><img loading=\"lazy\" decoding=\"async\" class=\"alignnone wp-image-10953\" src=\"https:\/\/phukienflytech.vn\/wp-content\/uploads\/2020\/06\/chup-bao-ve-joystick-mavic-2-pgytech-5956-1-1-573x400.jpg\" alt=\"\" width=\"488\" height=\"341\" srcset=\"https:\/\/phukienflytech.vn\/wp-content\/uploads\/2020\/06\/chup-bao-ve-joystick-mavic-2-pgytech-5956-1-1-573x400.jpg 573w, https:\/\/phukienflytech.vn\/wp-content\/uploads\/2020\/06\/chup-bao-ve-joystick-mavic-2-pgytech-5956-1-1-768x536.jpg 768w, https:\/\/phukienflytech.vn\/wp-content\/uploads\/2020\/06\/chup-bao-ve-joystick-mavic-2-pgytech-5956-1-1-1147x800.jpg 1147w, https:\/\/phukienflytech.vn\/wp-content\/uploads\/2020\/06\/chup-bao-ve-joystick-mavic-2-pgytech-5956-1-1-600x419.jpg 600w, https:\/\/phukienflytech.vn\/wp-content\/uploads\/2020\/06\/chup-bao-ve-joystick-mavic-2-pgytech-5956-1-1.jpg 1250w\" sizes=\"auto, (max-width: 488px) 100vw, 488px\" \/><\/em><\/strong><\/span><\/h2>\n<p><span style=\"font-size: 18px;\">Tay khi\u1ec3n l\u00e0 m\u1ed9t trong nh\u1eefng ph\u1ee5 ki\u1ec7n n\u1eb1m trong s\u1ed1 \u0111\u00f3. Trong qu\u00e1 tr\u00ecnh di chuy\u1ec3n chi\u1ebfc joystick tr\u00ean tay khi\u00ean c\u1ee7a b\u1ea1n c\u00f3 th\u1ec3 b\u1ecb t\u1ed5n th\u01b0\u01a1ng h\u01b0 h\u1ecfng, va \u0111\u1eadp trong qu\u00e1 tr\u00ecnh \u0111i chuy\u1ec3n.<\/span><\/p>\n<h2><span style=\"font-size: 18px; color: #0000ff;\"><strong><em><img loading=\"lazy\" decoding=\"async\" class=\"alignnone wp-image-10955\" src=\"https:\/\/phukienflytech.vn\/wp-content\/uploads\/2020\/06\/chup-bao-ve-joystick-mavic-2-pgytech-5956-2-1-634x400.jpg\" alt=\"\" width=\"539\" height=\"340\" srcset=\"https:\/\/phukienflytech.vn\/wp-content\/uploads\/2020\/06\/chup-bao-ve-joystick-mavic-2-pgytech-5956-2-1-634x400.jpg 634w, https:\/\/phukienflytech.vn\/wp-content\/uploads\/2020\/06\/chup-bao-ve-joystick-mavic-2-pgytech-5956-2-1-768x485.jpg 768w, https:\/\/phukienflytech.vn\/wp-content\/uploads\/2020\/06\/chup-bao-ve-joystick-mavic-2-pgytech-5956-2-1-600x379.jpg 600w, https:\/\/phukienflytech.vn\/wp-content\/uploads\/2020\/06\/chup-bao-ve-joystick-mavic-2-pgytech-5956-2-1.jpg 1250w\" sizes=\"auto, (max-width: 539px) 100vw, 539px\" \/><\/em><\/strong><\/span><\/h2>\n<p><span style=\"font-size: 18px;\">V\u00ec th\u1ebf \u0111\u1ec3 tr\u00e1nh nh\u1eefng t\u1ed5n th\u1ea5t h\u01b0 h\u1ea1i kh\u00f4ng \u0111\u00e1ng c\u00f3 \u1ea5y, hay trang b\u1ecb ngay s\u1ea3n ph\u1ea9m n\u00e0y cho chi\u1ebfc khi\u1ec3n c\u1ee7a b\u1ea1n.<\/span><\/p>\n<h2><span style=\"font-size: 21px; color: #0000ff;\"><em><strong>Chi ti\u1ebft c\u1ee7a s\u1ea3n ph\u1ea9m :<\/strong><\/em><\/span><\/h2>\n<p><span style=\"font-size: 18px;\">Tr\u1ecdng l\u01b0\u1ee3ng: 15g<\/span><\/p>\n<p><span style=\"font-size: 18px;\">Ch\u1ea5t li\u1ec7u: ABS<\/span><\/p>\n<p><span style=\"font-size: 18px;\">C\u00f4ng d\u1ee5ng: b\u1ea3o v\u1ec7 joystick tr\u00ean tay khi\u1ec3n<\/span><\/p>\n<p><span style=\"font-size: 18px;\">Thi\u1ebft k\u1ebf \u0111\u01a1n gi\u1ea3n hi\u1ec7n \u0111\u1ea1i\u00a0 r\u1ea5t d\u1ec5 d\u00e0ng th\u1ea3o l\u1eafp m\u00e0 kh\u00f4ng g\u00e2y \u1ea3nh h\u01b0\u1edbng \u0111\u1ebfn thi\u1ebft b\u1ecb c\u1ee7a b\u1ea1n..<\/span><\/p>\n<h2><span style=\"font-size: 18px; color: #0000ff;\"><strong><em><img loading=\"lazy\" decoding=\"async\" class=\"alignnone wp-image-10957\" src=\"https:\/\/phukienflytech.vn\/wp-content\/uploads\/2020\/06\/chup-bao-ve-joystick-mavic-2-pgytech-5956-3-1-503x400.jpg\" alt=\"Mavic-2-Joystick-Protector\" width=\"436\" height=\"347\" srcset=\"https:\/\/phukienflytech.vn\/wp-content\/uploads\/2020\/06\/chup-bao-ve-joystick-mavic-2-pgytech-5956-3-1-503x400.jpg 503w, https:\/\/phukienflytech.vn\/wp-content\/uploads\/2020\/06\/chup-bao-ve-joystick-mavic-2-pgytech-5956-3-1-768x611.jpg 768w, https:\/\/phukienflytech.vn\/wp-content\/uploads\/2020\/06\/chup-bao-ve-joystick-mavic-2-pgytech-5956-3-1-1006x800.jpg 1006w, https:\/\/phukienflytech.vn\/wp-content\/uploads\/2020\/06\/chup-bao-ve-joystick-mavic-2-pgytech-5956-3-1-600x477.jpg 600w, https:\/\/phukienflytech.vn\/wp-content\/uploads\/2020\/06\/chup-bao-ve-joystick-mavic-2-pgytech-5956-3-1.jpg 1250w\" sizes=\"auto, (max-width: 436px) 100vw, 436px\" \/><\/em><\/strong><\/span><\/h2>\n<h2><span style=\"font-size: 21px; color: #0000ff;\"><em><strong>Mua ph\u1ee5 ki\u1ec7n mavic 2 pro zoom \u1edf \u0111\u00e2u?<\/strong><\/em><\/span><\/h2>\n<p><span style=\"font-size: 18px;\">N\u1ebfu b\u1ea1n v\u1eabn \u0111ang ph\u00e2n v\u00e2n kh\u00f4ng bi\u1ebft c\u00f3 th\u1ec3 t\u00ecm mua \u0111\u01b0\u1ee3c\u00a0<strong><em>nh\u1eefng ph\u1ee5 ki\u1ec7n dji mavic 2 pro zoom\u00a0<\/em><\/strong>ch\u1ea5t l\u01b0\u1ee3ng nh\u1ea5t m\u00e0 kh\u00f4ng c\u1ea7n lo l\u1eafng gi\u00e1 c\u1ee7a s\u1ea3n ph\u1ea9m \u1edf \u0111\u00e2u th\u00ec ph\u1ee5 ki\u1ec7n flycam gi\u00e1 t\u1ed1t ch\u00ednh l\u00e0 n\u01a1i ph\u00f9 h\u1ee3p d\u00e0nh cho b\u1ea1n. H\u00e3y \u0111\u1ebfn v\u1edbi ph\u1ee5 ki\u1ec7n fly-cam gi\u00e1 t\u1ed1t \u0111\u1ec3 c\u00f3 \u0111\u01b0\u1ee3c\u00a0<strong><em>gi\u00e1 mavic 2 pro<\/em><\/strong>,\u00a0<strong><em>gi\u00e1 mavic 2 zoom<\/em><\/strong>,..c\u00f9ng v\u1edbi ch\u1ea5t l\u01b0\u1ee3ng t\u1ed1t nh\u1ea5t.<\/span><\/p>\n<p><span style=\"font-size: 18px;\">Li\u00ean h\u1ec7 v\u1edbi ch\u00fang t\u00f4i qua <span style=\"font-size: 20px;\"><a href=\"https:\/\/www.facebook.com\/phukienflycam\" target=\"_blank\" rel=\"noopener noreferrer\">Fanpage<\/a> <\/span>n\u00e0y<\/span><\/p>\n<p><span style=\"font-size: 18px;\">Xem th\u00eam c\u00e1c s\u1ea3n ph\u1ea9m c\u1ee7a mavic 2 <a href=\"https:\/\/phukienflytech.vn\/danh-muc\/phu-kien-mavic-2.html\" target=\"_blank\" rel=\"noopener noreferrer\">t\u1ea1i \u0111\u00e2y<\/a> !<\/span><\/p>\n","protected":false},"excerpt":{"rendered":"<p>Mavic 2 Joystick Protector \u2013 PGYTECH &nbsp; Mavic 2 Joystick Protector Ng\u00e0y nay nhu c\u1ea7u di chuy\u1ec3n \u0111i l\u1ea1i c\u1ee7a c\u00e1c pilot ng\u00e0y c\u00e0ng nhi\u1ec1u ch\u00ednh v\u00ec th\u1ebf vi\u1ec7c b\u1ea3o qu\u1ea3n cho nh\u1eefng\u00a0ph\u1ee5 ki\u1ec7n dji\u00a0Mavic 2 pro zoom l\u00e0 m\u1ed9t vi\u1ec7c v\u00f4 c\u00f9ng thi\u1ebft y\u1ebfu. Tay khi\u1ec3n l\u00e0 m\u1ed9t trong nh\u1eefng ph\u1ee5 ki\u1ec7n n\u1eb1m trong &#8230;<\/p>\n","protected":false},"featured_media":5958,"comment_status":"open","ping_status":"closed","template":"","meta":{"_acf_changed":false},"product_brand":[],"product_cat":[177],"product_tag":[476,209],"class_list":{"0":"post-5967","1":"product","2":"type-product","3":"status-publish","4":"has-post-thumbnail","6":"product_cat-mavic-2s-accessory","7":"product_tag-chup-bao-ve-joystick-mavic-2-en","8":"product_tag-phu-kien-mavic-2-en","10":"first","11":"instock","12":"shipping-taxable","13":"purchasable","14":"product-type-simple"},"acf":[],"yoast_head":"<!-- This site is optimized with the Yoast SEO plugin v25.7 - https:\/\/yoast.com\/wordpress\/plugins\/seo\/ -->\n<title>Mavic 2 Joystick Protector - Mavic 2 accessory - Available - Original<\/title>\n<meta name=\"description\" content=\"Mavic 2 Joystick Protector is one of the most important accessory. Contact us to buy Mavic 2 Joystick Protector for best price.\" \/>\n<meta name=\"robots\" content=\"index, follow, max-snippet:-1, max-image-preview:large, max-video-preview:-1\" \/>\n<link rel=\"canonical\" href=\"https:\/\/phukienflytech.vn\/en\/san-pham\/mavic-2-joystick-protector.html\" \/>\n<meta property=\"og:locale\" content=\"en_US\" \/>\n<meta property=\"og:type\" content=\"article\" \/>\n<meta property=\"og:title\" content=\"Mavic 2 Joystick Protector - Mavic 2 accessory - Available - Original\" \/>\n<meta property=\"og:description\" content=\"Mavic 2 Joystick Protector is one of the most important accessory. Contact us to buy Mavic 2 Joystick Protector for best price.\" \/>\n<meta property=\"og:url\" content=\"https:\/\/phukienflytech.vn\/en\/san-pham\/mavic-2-joystick-protector.html\" \/>\n<meta property=\"og:site_name\" content=\"Shop M\u00e1y \u1ea3nh - Action Camera - Gimbal - Flycam - Ph\u1ee5 ki\u1ec7n\" \/>\n<meta property=\"article:publisher\" content=\"https:\/\/facebook.com\/phukienflycam\" \/>\n<meta property=\"article:modified_time\" content=\"2022-08-18T09:05:53+00:00\" \/>\n<meta property=\"og:image\" content=\"https:\/\/phukienflytech.vn\/wp-content\/uploads\/2020\/06\/300x300_Joystick-protector-dji-mavic-2-controller-joystick-bao-va-pgytech_-_Copy_2.png\" \/>\n\t<meta property=\"og:image:width\" content=\"300\" \/>\n\t<meta property=\"og:image:height\" content=\"300\" \/>\n\t<meta property=\"og:image:type\" content=\"image\/png\" \/>\n<meta name=\"twitter:card\" content=\"summary_large_image\" \/>\n<meta name=\"twitter:label1\" content=\"Est. reading time\" \/>\n\t<meta name=\"twitter:data1\" content=\"2 minutes\" \/>\n<script type=\"application\/ld+json\" class=\"yoast-schema-graph\">{\"@context\":\"https:\/\/schema.org\",\"@graph\":[{\"@type\":\"WebPage\",\"@id\":\"https:\/\/phukienflytech.vn\/en\/san-pham\/mavic-2-joystick-protector.html\",\"url\":\"https:\/\/phukienflytech.vn\/en\/san-pham\/mavic-2-joystick-protector.html\",\"name\":\"Mavic 2 Joystick Protector - Mavic 2 accessory - Available - Original\",\"isPartOf\":{\"@id\":\"https:\/\/phukienflytech.vn\/#website\"},\"primaryImageOfPage\":{\"@id\":\"https:\/\/phukienflytech.vn\/en\/san-pham\/mavic-2-joystick-protector.html#primaryimage\"},\"image\":{\"@id\":\"https:\/\/phukienflytech.vn\/en\/san-pham\/mavic-2-joystick-protector.html#primaryimage\"},\"thumbnailUrl\":\"https:\/\/phukienflytech.vn\/wp-content\/uploads\/2020\/06\/300x300_Joystick-protector-dji-mavic-2-controller-joystick-bao-va-pgytech_-_Copy_2.png\",\"datePublished\":\"2020-06-20T08:47:16+00:00\",\"dateModified\":\"2022-08-18T09:05:53+00:00\",\"description\":\"Mavic 2 Joystick Protector is one of the most important accessory. Contact us to buy Mavic 2 Joystick Protector for best price.\",\"breadcrumb\":{\"@id\":\"https:\/\/phukienflytech.vn\/en\/san-pham\/mavic-2-joystick-protector.html#breadcrumb\"},\"inLanguage\":\"en-US\",\"potentialAction\":[{\"@type\":\"ReadAction\",\"target\":[\"https:\/\/phukienflytech.vn\/en\/san-pham\/mavic-2-joystick-protector.html\"]}]},{\"@type\":\"ImageObject\",\"inLanguage\":\"en-US\",\"@id\":\"https:\/\/phukienflytech.vn\/en\/san-pham\/mavic-2-joystick-protector.html#primaryimage\",\"url\":\"https:\/\/phukienflytech.vn\/wp-content\/uploads\/2020\/06\/300x300_Joystick-protector-dji-mavic-2-controller-joystick-bao-va-pgytech_-_Copy_2.png\",\"contentUrl\":\"https:\/\/phukienflytech.vn\/wp-content\/uploads\/2020\/06\/300x300_Joystick-protector-dji-mavic-2-controller-joystick-bao-va-pgytech_-_Copy_2.png\",\"width\":300,\"height\":300},{\"@type\":\"BreadcrumbList\",\"@id\":\"https:\/\/phukienflytech.vn\/en\/san-pham\/mavic-2-joystick-protector.html#breadcrumb\",\"itemListElement\":[{\"@type\":\"ListItem\",\"position\":1,\"name\":\"Home\",\"item\":\"https:\/\/phukienflytech.vn\/en\"},{\"@type\":\"ListItem\",\"position\":2,\"name\":\"Ph\u1ee5 ki\u1ec7n Mavic Pro\",\"item\":\"https:\/\/phukienflytech.vn\/en\/phu-kien-mavic-pro.html\"},{\"@type\":\"ListItem\",\"position\":3,\"name\":\"DJI Osmo &amp; Drone's accessories\",\"item\":\"https:\/\/phukienflytech.vn\/en\/danh-muc\/dji-osmo-drones-accessories.html\"},{\"@type\":\"ListItem\",\"position\":4,\"name\":\"Ph\u1ee5 ki\u1ec7n DJI Mavic 2\",\"item\":\"https:\/\/phukienflytech.vn\/en\/danh-muc\/mavic-2s-accessory.html\"},{\"@type\":\"ListItem\",\"position\":5,\"name\":\"Mavic 2 Joystick Protector &#8211; PGYtech\"}]},{\"@type\":\"WebSite\",\"@id\":\"https:\/\/phukienflytech.vn\/#website\",\"url\":\"https:\/\/phukienflytech.vn\/\",\"name\":\"Shop M\u00e1y \u1ea3nh - Action Camera - Gimbal - Flycam - Ph\u1ee5 ki\u1ec7n\",\"description\":\"Shop M\u00e1y \u1ea3nh - Action Camera - Gimbal - Flycam - Ph\u1ee5 ki\u1ec7n\",\"publisher\":{\"@id\":\"https:\/\/phukienflytech.vn\/#organization\"},\"potentialAction\":[{\"@type\":\"SearchAction\",\"target\":{\"@type\":\"EntryPoint\",\"urlTemplate\":\"https:\/\/phukienflytech.vn\/?s={search_term_string}\"},\"query-input\":{\"@type\":\"PropertyValueSpecification\",\"valueRequired\":true,\"valueName\":\"search_term_string\"}}],\"inLanguage\":\"en-US\"},{\"@type\":\"Organization\",\"@id\":\"https:\/\/phukienflytech.vn\/#organization\",\"name\":\"DJI Store - Shop Drone, Action camera, Gimbal DJI |Phukienflytech\",\"alternateName\":\"DJI Store - Shop Drone, Action camera, Gimbal DJI |Phukienflytech\",\"url\":\"https:\/\/phukienflytech.vn\/\",\"logo\":{\"@type\":\"ImageObject\",\"inLanguage\":\"en-US\",\"@id\":\"https:\/\/phukienflytech.vn\/#\/schema\/logo\/image\/\",\"url\":\"https:\/\/phukienflytech.vn\/wp-content\/uploads\/2020\/05\/hAnh_nan.jpg1_.jpg\",\"contentUrl\":\"https:\/\/phukienflytech.vn\/wp-content\/uploads\/2020\/05\/hAnh_nan.jpg1_.jpg\",\"width\":800,\"height\":450,\"caption\":\"DJI Store - Shop Drone, Action camera, Gimbal DJI |Phukienflytech\"},\"image\":{\"@id\":\"https:\/\/phukienflytech.vn\/#\/schema\/logo\/image\/\"},\"sameAs\":[\"https:\/\/facebook.com\/phukienflycam\",\"https:\/\/www.youtube.com\/@phukienflytech\",\"https:\/\/www.tiktok.com\/@flytech.channel?fbclid=IwY2xjawGjg7BleHRuA2FlbQIxMAABHYVGmlXpuSMs0UB2zTpYvyT4GMVfN2qJa4urF4vkSQ6FAVBwXZtDP30qQA_aem_UwMiDcUvlEbd2tXAmsc8Og\"]}]}<\/script>\n<!-- \/ Yoast SEO plugin. -->","yoast_head_json":{"title":"Mavic 2 Joystick Protector - Mavic 2 accessory - Available - Original","description":"Mavic 2 Joystick Protector is one of the most important accessory. Contact us to buy Mavic 2 Joystick Protector for best price.","robots":{"index":"index","follow":"follow","max-snippet":"max-snippet:-1","max-image-preview":"max-image-preview:large","max-video-preview":"max-video-preview:-1"},"canonical":"https:\/\/phukienflytech.vn\/en\/san-pham\/mavic-2-joystick-protector.html","og_locale":"en_US","og_type":"article","og_title":"Mavic 2 Joystick Protector - Mavic 2 accessory - Available - Original","og_description":"Mavic 2 Joystick Protector is one of the most important accessory. Contact us to buy Mavic 2 Joystick Protector for best price.","og_url":"https:\/\/phukienflytech.vn\/en\/san-pham\/mavic-2-joystick-protector.html","og_site_name":"Shop M\u00e1y \u1ea3nh - Action Camera - Gimbal - Flycam - Ph\u1ee5 ki\u1ec7n","article_publisher":"https:\/\/facebook.com\/phukienflycam","article_modified_time":"2022-08-18T09:05:53+00:00","og_image":[{"width":300,"height":300,"url":"https:\/\/phukienflytech.vn\/wp-content\/uploads\/2020\/06\/300x300_Joystick-protector-dji-mavic-2-controller-joystick-bao-va-pgytech_-_Copy_2.png","type":"image\/png"}],"twitter_card":"summary_large_image","twitter_misc":{"Est. reading time":"2 minutes"},"schema":{"@context":"https:\/\/schema.org","@graph":[{"@type":"WebPage","@id":"https:\/\/phukienflytech.vn\/en\/san-pham\/mavic-2-joystick-protector.html","url":"https:\/\/phukienflytech.vn\/en\/san-pham\/mavic-2-joystick-protector.html","name":"Mavic 2 Joystick Protector - Mavic 2 accessory - Available - Original","isPartOf":{"@id":"https:\/\/phukienflytech.vn\/#website"},"primaryImageOfPage":{"@id":"https:\/\/phukienflytech.vn\/en\/san-pham\/mavic-2-joystick-protector.html#primaryimage"},"image":{"@id":"https:\/\/phukienflytech.vn\/en\/san-pham\/mavic-2-joystick-protector.html#primaryimage"},"thumbnailUrl":"https:\/\/phukienflytech.vn\/wp-content\/uploads\/2020\/06\/300x300_Joystick-protector-dji-mavic-2-controller-joystick-bao-va-pgytech_-_Copy_2.png","datePublished":"2020-06-20T08:47:16+00:00","dateModified":"2022-08-18T09:05:53+00:00","description":"Mavic 2 Joystick Protector is one of the most important accessory. Contact us to buy Mavic 2 Joystick Protector for best price.","breadcrumb":{"@id":"https:\/\/phukienflytech.vn\/en\/san-pham\/mavic-2-joystick-protector.html#breadcrumb"},"inLanguage":"en-US","potentialAction":[{"@type":"ReadAction","target":["https:\/\/phukienflytech.vn\/en\/san-pham\/mavic-2-joystick-protector.html"]}]},{"@type":"ImageObject","inLanguage":"en-US","@id":"https:\/\/phukienflytech.vn\/en\/san-pham\/mavic-2-joystick-protector.html#primaryimage","url":"https:\/\/phukienflytech.vn\/wp-content\/uploads\/2020\/06\/300x300_Joystick-protector-dji-mavic-2-controller-joystick-bao-va-pgytech_-_Copy_2.png","contentUrl":"https:\/\/phukienflytech.vn\/wp-content\/uploads\/2020\/06\/300x300_Joystick-protector-dji-mavic-2-controller-joystick-bao-va-pgytech_-_Copy_2.png","width":300,"height":300},{"@type":"BreadcrumbList","@id":"https:\/\/phukienflytech.vn\/en\/san-pham\/mavic-2-joystick-protector.html#breadcrumb","itemListElement":[{"@type":"ListItem","position":1,"name":"Home","item":"https:\/\/phukienflytech.vn\/en"},{"@type":"ListItem","position":2,"name":"Ph\u1ee5 ki\u1ec7n Mavic Pro","item":"https:\/\/phukienflytech.vn\/en\/phu-kien-mavic-pro.html"},{"@type":"ListItem","position":3,"name":"DJI Osmo &amp; Drone's accessories","item":"https:\/\/phukienflytech.vn\/en\/danh-muc\/dji-osmo-drones-accessories.html"},{"@type":"ListItem","position":4,"name":"Ph\u1ee5 ki\u1ec7n DJI Mavic 2","item":"https:\/\/phukienflytech.vn\/en\/danh-muc\/mavic-2s-accessory.html"},{"@type":"ListItem","position":5,"name":"Mavic 2 Joystick Protector &#8211; PGYtech"}]},{"@type":"WebSite","@id":"https:\/\/phukienflytech.vn\/#website","url":"https:\/\/phukienflytech.vn\/","name":"Shop M\u00e1y \u1ea3nh - Action Camera - Gimbal - Flycam - Ph\u1ee5 ki\u1ec7n","description":"Shop M\u00e1y \u1ea3nh - Action Camera - Gimbal - Flycam - Ph\u1ee5 ki\u1ec7n","publisher":{"@id":"https:\/\/phukienflytech.vn\/#organization"},"potentialAction":[{"@type":"SearchAction","target":{"@type":"EntryPoint","urlTemplate":"https:\/\/phukienflytech.vn\/?s={search_term_string}"},"query-input":{"@type":"PropertyValueSpecification","valueRequired":true,"valueName":"search_term_string"}}],"inLanguage":"en-US"},{"@type":"Organization","@id":"https:\/\/phukienflytech.vn\/#organization","name":"DJI Store - Shop Drone, Action camera, Gimbal DJI |Phukienflytech","alternateName":"DJI Store - Shop Drone, Action camera, Gimbal DJI |Phukienflytech","url":"https:\/\/phukienflytech.vn\/","logo":{"@type":"ImageObject","inLanguage":"en-US","@id":"https:\/\/phukienflytech.vn\/#\/schema\/logo\/image\/","url":"https:\/\/phukienflytech.vn\/wp-content\/uploads\/2020\/05\/hAnh_nan.jpg1_.jpg","contentUrl":"https:\/\/phukienflytech.vn\/wp-content\/uploads\/2020\/05\/hAnh_nan.jpg1_.jpg","width":800,"height":450,"caption":"DJI Store - Shop Drone, Action camera, Gimbal DJI |Phukienflytech"},"image":{"@id":"https:\/\/phukienflytech.vn\/#\/schema\/logo\/image\/"},"sameAs":["https:\/\/facebook.com\/phukienflycam","https:\/\/www.youtube.com\/@phukienflytech","https:\/\/www.tiktok.com\/@flytech.channel?fbclid=IwY2xjawGjg7BleHRuA2FlbQIxMAABHYVGmlXpuSMs0UB2zTpYvyT4GMVfN2qJa4urF4vkSQ6FAVBwXZtDP30qQA_aem_UwMiDcUvlEbd2tXAmsc8Og"]}]}},"_links":{"self":[{"href":"https:\/\/phukienflytech.vn\/en\/wp-json\/wp\/v2\/product\/5967","targetHints":{"allow":["GET"]}}],"collection":[{"href":"https:\/\/phukienflytech.vn\/en\/wp-json\/wp\/v2\/product"}],"about":[{"href":"https:\/\/phukienflytech.vn\/en\/wp-json\/wp\/v2\/types\/product"}],"replies":[{"embeddable":true,"href":"https:\/\/phukienflytech.vn\/en\/wp-json\/wp\/v2\/comments?post=5967"}],"wp:featuredmedia":[{"embeddable":true,"href":"https:\/\/phukienflytech.vn\/en\/wp-json\/wp\/v2\/media\/5958"}],"wp:attachment":[{"href":"https:\/\/phukienflytech.vn\/en\/wp-json\/wp\/v2\/media?parent=5967"}],"wp:term":[{"taxonomy":"product_brand","embeddable":true,"href":"https:\/\/phukienflytech.vn\/en\/wp-json\/wp\/v2\/product_brand?post=5967"},{"taxonomy":"product_cat","embeddable":true,"href":"https:\/\/phukienflytech.vn\/en\/wp-json\/wp\/v2\/product_cat?post=5967"},{"taxonomy":"product_tag","embeddable":true,"href":"https:\/\/phukienflytech.vn\/en\/wp-json\/wp\/v2\/product_tag?post=5967"}],"curies":[{"name":"wp","href":"https:\/\/api.w.org\/{rel}","templated":true}]}}