{"id":6024,"date":"2020-06-22T22:10:29","date_gmt":"2020-06-22T15:10:29","guid":{"rendered":"http:\/\/27430.lamdx.vinawebsite.vn\/san-pham\/combo-kit-mavic-2-new-option-2.html"},"modified":"2022-08-18T14:02:32","modified_gmt":"2022-08-18T07:02:32","slug":"combo-kit-mavic-2-new-option-2","status":"publish","type":"product","link":"https:\/\/phukienflytech.vn\/en\/san-pham\/combo-kit-mavic-2-new-option-2.html","title":{"rendered":"Combo Kit Mavic 2 &#8211; New Option #2"},"content":{"rendered":"<h2><span style=\"font-size: 18px; color: #0000ff;\"><strong>\u00a0<span style=\"font-size: 21px;\"> \u00a0 Combo Kit Mavic 2 \u2013 New Version(by phukienflytech.vn)\u00a0<\/span><\/strong><\/span><\/h2>\n<p><span style=\"font-size: 18px;\">C\u00f3 th\u1ec3 th\u1ea5y nguy\u00ean nh\u00e2n d\u1eabn t\u1edbi s\u1ef1 khan hi\u1ebfm v\u00e0<em><strong>\u00a0gi\u00e1 Combo Kit Mavic 2<\/strong><\/em>\u00a0cao l\u00ean nhanh ch\u00f3ng g\u1ea7n \u0111\u00e2y b\u1edfi DJI \u0111\u00e3 h\u1ea1n ch\u1ebf vi\u1ec7c s\u1ea3n xu\u1ea5t nh\u00f3m h\u00e0ng n\u00e0y r\u1ea5t nhi\u1ec1u.Tuy nhi\u00ean, \u0111\u1ec3 \u0111\u00e1p \u1ee9ng nhu c\u1ea7u chung c\u1ee7a nh\u1eefng ng\u01b0\u1eddi ch\u01a1i \u0111ang t\u00ecm ki\u1ebfm\u00a0<em><strong>Combo Kit Mavic 2<\/strong><\/em>\u00a0c\u0169ng nh\u01b0 l\u00e0 Pin Mavic 2 c\u0169ng nh\u01b0 d\u1ef1a tr\u00ean nh\u1eefng nhu c\u00e2u th\u1ef1c ti\u1ec5n \u0111\u1ec3 h\u00ecnh th\u00e0nh n\u00ean\u00a0<em>g\u00f3i Combo Kit Mavic 2<\/em>\u00a0\u2013 New v\u1edbi 3 Option (l\u1ef1a ch\u1ecdn) kh\u00e1c nhau:<\/span><\/p>\n<ul>\n<li><span style=\"font-size: 18px;\"><a href=\"https:\/\/phukienflytech.vn\/en\/san-pham\/combo-kit-mavic-2-new-full-option.html\" target=\"_blank\" rel=\"noopener noreferrer\">Combo Kit Mavic 2 \u2013 New Full Option<\/a><\/span><\/li>\n<li><span style=\"font-size: 18px;\">Combo Kit Mavic2 \u2013 New Option #2<\/span><\/li>\n<li><span style=\"font-size: 18px;\"><a href=\"https:\/\/phukienflytech.vn\/en\/san-pham\/combo-kit-mavic-2-new-option-1.html\" target=\"_blank\" rel=\"noopener noreferrer\">Combo Kit Mavic 2 \u2013 New Option #1<\/a><\/span><\/li>\n<\/ul>\n<p><span style=\"font-size: 18px;\">Combo Kit Mavic2 \u2013 New Option #2<\/span><\/p>\n<h2><span style=\"font-size: 18px; color: #0000ff;\"><strong><img loading=\"lazy\" decoding=\"async\" class=\"alignnone size-full wp-image-10896\" src=\"https:\/\/phukienflytech.vn\/wp-content\/uploads\/2020\/06\/combo-kit-mavic-2-new-option-2-6011.png\" alt=\"\" width=\"450\" height=\"369\" \/><\/strong><\/span><\/h2>\n<ul>\n<li><span style=\"font-size: 18px;\">T\u00fai T\u00fai Mavic 2 ch\u00ednh h\u00e3ng DJI &#8211; \u0111\u1ef1ng smart controller (3 ng\u0103n)<\/span><\/li>\n<li><span style=\"font-size: 18px;\">Pin Mavic 2 : 2 vi\u00ean<\/span><\/li>\n<li><span style=\"font-size: 18px;\">B\u1ed9 s\u1ea1c nhanh 5in1 Mavic 2<\/span><\/li>\n<li><span style=\"font-size: 18px;\">C\u00e1nh Mavic 2 : 4 c\u00e1nh<\/span><\/li>\n<\/ul>\n<h2><span style=\"font-size: 21px; color: #0000ff;\"><strong>Chi ti\u1ebft Combo Kit Mavic2 \u2013 New option #2<\/strong><\/span><\/h2>\n<p><span style=\"font-size: 18px;\"><em><u>T\u00fai T\u00fai Mavic 2 ch\u00ednh h\u00e3ng DJI &#8211; \u0111\u1ef1ng smart controller (3 ng\u0103n)<\/u><\/em><\/span><\/p>\n<ul>\n<li><span style=\"font-size: 18px;\">H\u00e3ng : ch\u00ednh h\u00e3ng DJI<\/span><\/li>\n<li><span style=\"font-size: 18px;\">K\u00edch th\u01b0\u1edbc : 25cm x 26cm x16cm<\/span><\/li>\n<li><span style=\"font-size: 18px;\">S\u1ed1 ng\u0103n: 3 ng\u0103n<\/span><\/li>\n<li><span style=\"font-size: 18px;\">Kh\u1ea3 n\u0103ng ch\u1ee9a \u0111\u1ef1ng c\u1ee7a T\u00fai Mavic 2 pro zoom : Smart controller \/ controller , body, 2 pin ph\u1ee5, b\u1ed9 s\u1ea1c. v\u00e0 1 ng\u0103n l\u1edbn kh\u00e1c c\u00f3 th\u1ec3 \u0111\u1ef1ng B\u1ed9 s\u1ea1c nhanh Mavic 2, Filter \u2026<\/span><\/li>\n<li><span style=\"font-size: 18px;\">Gi\u00e1 b\u00e1n l\u1ebb: 1tr350k\u00a0<\/span><\/li>\n<\/ul>\n<h2><span style=\"font-size: 18px; color: #0000ff;\"><strong><img loading=\"lazy\" decoding=\"async\" class=\"alignnone size-medium wp-image-10898\" src=\"https:\/\/phukienflytech.vn\/wp-content\/uploads\/2020\/06\/combo-kit-mavic-2-new-option-2-6011-1.png\" alt=\"\" width=\"450\" height=\"347\" \/><\/strong><\/span><\/h2>\n<p><span style=\"font-size: 18px;\"><u>Pin Mavic 2<\/u><\/span><\/p>\n<p><span style=\"font-size: 18px;\">&#8211; H\u00e3ng : ch\u00ednh h\u00e3ng DJI<\/span><\/p>\n<p><span style=\"font-size: 18px;\">&#8211; Dung l\u01b0\u1ee3ng pin Mavic 2 Pro: 3850 mhA<\/span><\/p>\n<p><span style=\"font-size: 18px;\">&#8211; \u0110i\u1ec7n \u00e1p pin Mavic 2 Pro: 15.4V<\/span><\/p>\n<p><span style=\"font-size: 18px;\">&#8211; Th\u1eddi gian bay Mavic 2 Pro: 31 ph\u00fat ( l\u00fd thuy\u1ebft ).<\/span><\/p>\n<p><span style=\"font-size: 18px;\">&#8211; Th\u1eddi gian bay an to\u00e0n : 28 ph\u00fat<\/span><\/p>\n<p><span style=\"font-size: 18px;\">&#8211; Gi\u00e1 b\u00e1n l\u1ebb : 2tr950k\u00a0<\/span><\/p>\n<h2><span style=\"font-size: 18px; color: #0000ff;\"><strong><img loading=\"lazy\" decoding=\"async\" class=\"alignnone size-medium wp-image-10900\" src=\"https:\/\/phukienflytech.vn\/wp-content\/uploads\/2020\/06\/combo-kit-mavic-2-new-option-2-6011-2-1-400x400.jpg\" alt=\"\" width=\"400\" height=\"400\" srcset=\"https:\/\/phukienflytech.vn\/wp-content\/uploads\/2020\/06\/combo-kit-mavic-2-new-option-2-6011-2-1-400x400.jpg 400w, https:\/\/phukienflytech.vn\/wp-content\/uploads\/2020\/06\/combo-kit-mavic-2-new-option-2-6011-2-1-280x280.jpg 280w, https:\/\/phukienflytech.vn\/wp-content\/uploads\/2020\/06\/combo-kit-mavic-2-new-option-2-6011-2-1-768x768.jpg 768w, https:\/\/phukienflytech.vn\/wp-content\/uploads\/2020\/06\/combo-kit-mavic-2-new-option-2-6011-2-1-800x800.jpg 800w, https:\/\/phukienflytech.vn\/wp-content\/uploads\/2020\/06\/combo-kit-mavic-2-new-option-2-6011-2-1-300x300.jpg 300w, https:\/\/phukienflytech.vn\/wp-content\/uploads\/2020\/06\/combo-kit-mavic-2-new-option-2-6011-2-1-600x600.jpg 600w, https:\/\/phukienflytech.vn\/wp-content\/uploads\/2020\/06\/combo-kit-mavic-2-new-option-2-6011-2-1-100x100.jpg 100w, https:\/\/phukienflytech.vn\/wp-content\/uploads\/2020\/06\/combo-kit-mavic-2-new-option-2-6011-2-1.jpg 1200w\" sizes=\"auto, (max-width: 400px) 100vw, 400px\" \/><\/strong><\/span><\/h2>\n<p><span style=\"font-size: 18px;\"><u>B\u1ed9 s\u1ea1c nhanh Mavic 2 5in1<\/u><\/span><\/p>\n<p><span style=\"font-size: 18px;\">&#8211; L\u00e0 phi\u00ean b\u1ea3n m\u1edbi s\u1ea1c nhanh mavic 2 pro zoom\u00a0c\u1ee7a Yxtek\u00a0\u00a0<\/span><\/p>\n<p><span style=\"font-size: 18px;\">&#8211; Ph\u00f9 h\u1ee3p v\u1edbi : mavic 2 pro zoom\/ pro\u00a0<\/span><\/p>\n<p><span style=\"font-size: 18px;\">&#8211; D\u00f2ng \u0111i\u1ec7n v\u00e0o : 110 &#8211; 220V\u00a050\/60Hz<\/span><\/p>\n<p><span style=\"font-size: 18px;\">&#8211; D\u00f2ng \u0111i\u1ec7n ra :\u00a017.6V ,\u00a0 4.5A\u00a0 x 3 c\u1ed5ng , c\u1ed5ng USB 5V2A x 2.\u00a0<\/span><\/p>\n<p><span style=\"font-size: 18px;\">&#8211; Th\u1eddi gian s\u1ea1c :\u00a060 ph\u00fat &#8211; 70 ph\u00fat \/ t\u1ea5t c\u1ea3<\/span><\/p>\n<p><span style=\"font-size: 18px;\">&#8211; B\u1ed9 s\u1ea1c \u0111\u00e3 \u0111\u01b0\u1ee3c c\u1ea3i ti\u1ebfn \u1ed5n \u00e1p v\u00e0 qu\u1ea1t l\u00e0m m\u00e1t (tuy\u1ec7t \u0111\u1ed1i an to\u00e0n &#8211; v\u00e0 th\u00f4ng minh), \u0111\u1ea1t ti\u00eau chu\u1ea9n ch\u1ed1ng ch\u00e1y n\u1ed5 ch\u00e2u \u00e2u ROHS.<\/span><\/p>\n<p><span style=\"font-size: 18px;\">&#8211; Gi\u00e1 b\u00e1n l\u1ebb: 980k\u00a0<\/span><\/p>\n<h2><span style=\"font-size: 18px; color: #0000ff;\"><strong><img loading=\"lazy\" decoding=\"async\" class=\"alignnone size-medium wp-image-10902\" src=\"https:\/\/phukienflytech.vn\/wp-content\/uploads\/2020\/06\/combo-kit-mavic-2-new-option-2-6011-3-1.jpg\" alt=\"\" width=\"465\" height=\"351\" \/><\/strong><\/span><\/h2>\n<p><span style=\"font-size: 18px;\"><u>\u00a0<\/u><\/span><\/p>\n<p><span style=\"font-size: 18px;\"><u>C\u00e1nh Mavic 2<\/u><\/span><\/p>\n<p><span style=\"font-size: 18px;\">H\u00e3ng: DJI ch\u00ednh h\u00e3ng<\/span><\/p>\n<p><span style=\"font-size: 18px;\">Gi\u00e1 b\u00e1n l\u1ebb: 490k \/ b\u1ed9\u00a0<\/span><\/p>\n<h2><span style=\"font-size: 18px; color: #0000ff;\"><strong><img loading=\"lazy\" decoding=\"async\" class=\"alignnone size-medium wp-image-10904\" src=\"https:\/\/phukienflytech.vn\/wp-content\/uploads\/2020\/06\/combo-kit-mavic-2-new-option-2-6011-4-400x400.png\" alt=\"\" width=\"400\" height=\"400\" srcset=\"https:\/\/phukienflytech.vn\/wp-content\/uploads\/2020\/06\/combo-kit-mavic-2-new-option-2-6011-4-400x400.png 400w, https:\/\/phukienflytech.vn\/wp-content\/uploads\/2020\/06\/combo-kit-mavic-2-new-option-2-6011-4-280x280.png 280w, https:\/\/phukienflytech.vn\/wp-content\/uploads\/2020\/06\/combo-kit-mavic-2-new-option-2-6011-4-300x300.png 300w, https:\/\/phukienflytech.vn\/wp-content\/uploads\/2020\/06\/combo-kit-mavic-2-new-option-2-6011-4-600x600.png 600w, https:\/\/phukienflytech.vn\/wp-content\/uploads\/2020\/06\/combo-kit-mavic-2-new-option-2-6011-4-100x100.png 100w, https:\/\/phukienflytech.vn\/wp-content\/uploads\/2020\/06\/combo-kit-mavic-2-new-option-2-6011-4.png 720w\" sizes=\"auto, (max-width: 400px) 100vw, 400px\" \/><\/strong><\/span><\/h2>\n<h2><span style=\"font-size: 21px; color: #0000ff;\"><strong>Th\u00f4ng tin m\u1edf r\u1ed9ng v\u1ec1 Combo Kit Mavic 2<\/strong><\/span><\/h2>\n<p><span style=\"font-size: 18px;\">C\u00f3 m\u1ed9t s\u1ef1 th\u1eadt l\u00e0\u00a0<em>flycam Mavic 2 pro \u00a0v\u00e0 Mavic 2 zoom<\/em>\u00a0c\u00f3 gi\u00e1 r\u1ea5t cao so v\u1edbi m\u1eb7t b\u1eb1ng chung tuy nhi\u00ean l\u1ea1i lu\u00f4n l\u00e0 Best Seller c\u1ee7a DJI k\u1ec3 t\u1eeb ng\u00e0y ra m\u1eaft n\u0103m 2018 cho t\u1edbi nay. K\u1ec3 t\u1eeb th\u00e1ng 4 n\u0103m 2019, h\u00e3ng DJI h\u1ea1n ch\u1ebf vi\u1ec7c s\u1ea3n xu\u1ea5t m\u1ed9t l\u01b0\u1ee3ng ph\u1ee5 ki\u1ec7n, linh ki\u1ec7n cho c\u00e1c d\u00f2ng flycam v\u00e0 trong \u0111\u00f3 c\u00f3 c\u1ea3 Mavic 2 pro v\u00e0 Mavic 2 zoom m\u1eb7c d\u00f9ng ch\u00fang m\u1edbi v\u1eeba \u0111\u01b0\u1ee3c ra m\u1eaft. \u0110\u00f3 \u0111\u01b0\u1ee3c xem l\u00e0 nguy\u00ean nh\u00e2n ch\u00ednh d\u1eabn t\u1edbi t\u1ea5t c\u1ea3 linh ki\u1ec7n v\u00e0 ph\u1ee5 ki\u1ec7n flycam DJI tr\u1edf l\u00ean \u0111\u1eaft \u0111\u1ecf, n\u1ed5i b\u1eadt r\u00f5 nh\u1ea5t ch\u00ednh l\u00e0<em>\u00a0Pin c\u1ee7a Phantom 4<\/em>\u00a0series, Mavic 2.<\/span><\/p>\n","protected":false},"excerpt":{"rendered":"<p>\u00a0 \u00a0 Combo Kit Mavic 2 \u2013 New Version(by phukienflytech.vn)\u00a0 C\u00f3 th\u1ec3 th\u1ea5y nguy\u00ean nh\u00e2n d\u1eabn t\u1edbi s\u1ef1 khan hi\u1ebfm v\u00e0\u00a0gi\u00e1 Combo Kit Mavic 2\u00a0cao l\u00ean nhanh ch\u00f3ng g\u1ea7n \u0111\u00e2y b\u1edfi DJI \u0111\u00e3 h\u1ea1n ch\u1ebf vi\u1ec7c s\u1ea3n xu\u1ea5t nh\u00f3m h\u00e0ng n\u00e0y r\u1ea5t nhi\u1ec1u.Tuy nhi\u00ean, \u0111\u1ec3 \u0111\u00e1p \u1ee9ng nhu c\u1ea7u chung c\u1ee7a nh\u1eefng ng\u01b0\u1eddi ch\u01a1i \u0111ang &#8230;<\/p>\n","protected":false},"featured_media":6013,"comment_status":"open","ping_status":"closed","template":"","meta":{"_acf_changed":false},"product_brand":[],"product_cat":[177],"product_tag":[482,209],"class_list":{"0":"post-6024","1":"product","2":"type-product","3":"status-publish","4":"has-post-thumbnail","6":"product_cat-mavic-2s-accessory","7":"product_tag-combo-kit-mavic-2-en","8":"product_tag-phu-kien-mavic-2-en","10":"first","11":"instock","12":"shipping-taxable","13":"purchasable","14":"product-type-simple"},"acf":[],"yoast_head":"<!-- This site is optimized with the Yoast SEO plugin v25.7 - https:\/\/yoast.com\/wordpress\/plugins\/seo\/ -->\n<title>Combo Kit Mavic2 - New Option #2 - Ph\u1ee5 ki\u1ec7n mavic 2<\/title>\n<meta name=\"description\" content=\"Combo Kit Mavic2 - New Option #2 thu\u1ed9c ph\u1ee5 ki\u1ec7n mavic 2. Khi b\u1ea1n mua Combo Kit Mavic 2 - New Option #2 t\u1ea1i phukienflytech gi\u00e1 r\u1ebb s\u1ebd ship cod to\u00e0n qu\u1ed1c.\" \/>\n<meta name=\"robots\" content=\"index, follow, max-snippet:-1, max-image-preview:large, max-video-preview:-1\" \/>\n<link rel=\"canonical\" href=\"https:\/\/phukienflytech.vn\/en\/san-pham\/combo-kit-mavic-2-new-option-2.html\" \/>\n<meta property=\"og:locale\" content=\"en_US\" \/>\n<meta property=\"og:type\" content=\"article\" \/>\n<meta property=\"og:title\" content=\"Combo Kit Mavic2 - New Option #2 - Ph\u1ee5 ki\u1ec7n mavic 2\" \/>\n<meta property=\"og:description\" content=\"Combo Kit Mavic2 - New Option #2 thu\u1ed9c ph\u1ee5 ki\u1ec7n mavic 2. Khi b\u1ea1n mua Combo Kit Mavic 2 - New Option #2 t\u1ea1i phukienflytech gi\u00e1 r\u1ebb s\u1ebd ship cod to\u00e0n qu\u1ed1c.\" \/>\n<meta property=\"og:url\" content=\"https:\/\/phukienflytech.vn\/en\/san-pham\/combo-kit-mavic-2-new-option-2.html\" \/>\n<meta property=\"og:site_name\" content=\"Shop M\u00e1y \u1ea3nh - Action Camera - Gimbal - Flycam - Ph\u1ee5 ki\u1ec7n\" \/>\n<meta property=\"article:publisher\" content=\"https:\/\/facebook.com\/phukienflycam\" \/>\n<meta property=\"article:modified_time\" content=\"2022-08-18T07:02:32+00:00\" \/>\n<meta property=\"og:image\" content=\"https:\/\/phukienflytech.vn\/wp-content\/uploads\/2020\/06\/300x300_combo-kit-mavic-pro-phu-kien-flycam-dji-mavic-2-pro-zoom-option-2-promotion_-_Copy.png\" \/>\n\t<meta property=\"og:image:width\" content=\"300\" \/>\n\t<meta property=\"og:image:height\" content=\"300\" \/>\n\t<meta property=\"og:image:type\" content=\"image\/png\" \/>\n<meta name=\"twitter:card\" content=\"summary_large_image\" \/>\n<meta name=\"twitter:label1\" content=\"Est. reading time\" \/>\n\t<meta name=\"twitter:data1\" content=\"3 minutes\" \/>\n<script type=\"application\/ld+json\" class=\"yoast-schema-graph\">{\"@context\":\"https:\/\/schema.org\",\"@graph\":[{\"@type\":\"WebPage\",\"@id\":\"https:\/\/phukienflytech.vn\/en\/san-pham\/combo-kit-mavic-2-new-option-2.html\",\"url\":\"https:\/\/phukienflytech.vn\/en\/san-pham\/combo-kit-mavic-2-new-option-2.html\",\"name\":\"Combo Kit Mavic2 - New Option #2 - Ph\u1ee5 ki\u1ec7n mavic 2\",\"isPartOf\":{\"@id\":\"https:\/\/phukienflytech.vn\/#website\"},\"primaryImageOfPage\":{\"@id\":\"https:\/\/phukienflytech.vn\/en\/san-pham\/combo-kit-mavic-2-new-option-2.html#primaryimage\"},\"image\":{\"@id\":\"https:\/\/phukienflytech.vn\/en\/san-pham\/combo-kit-mavic-2-new-option-2.html#primaryimage\"},\"thumbnailUrl\":\"https:\/\/phukienflytech.vn\/wp-content\/uploads\/2020\/06\/300x300_combo-kit-mavic-pro-phu-kien-flycam-dji-mavic-2-pro-zoom-option-2-promotion_-_Copy.png\",\"datePublished\":\"2020-06-22T15:10:29+00:00\",\"dateModified\":\"2022-08-18T07:02:32+00:00\",\"description\":\"Combo Kit Mavic2 - New Option #2 thu\u1ed9c ph\u1ee5 ki\u1ec7n mavic 2. Khi b\u1ea1n mua Combo Kit Mavic 2 - New Option #2 t\u1ea1i phukienflytech gi\u00e1 r\u1ebb s\u1ebd ship cod to\u00e0n qu\u1ed1c.\",\"breadcrumb\":{\"@id\":\"https:\/\/phukienflytech.vn\/en\/san-pham\/combo-kit-mavic-2-new-option-2.html#breadcrumb\"},\"inLanguage\":\"en-US\",\"potentialAction\":[{\"@type\":\"ReadAction\",\"target\":[\"https:\/\/phukienflytech.vn\/en\/san-pham\/combo-kit-mavic-2-new-option-2.html\"]}]},{\"@type\":\"ImageObject\",\"inLanguage\":\"en-US\",\"@id\":\"https:\/\/phukienflytech.vn\/en\/san-pham\/combo-kit-mavic-2-new-option-2.html#primaryimage\",\"url\":\"https:\/\/phukienflytech.vn\/wp-content\/uploads\/2020\/06\/300x300_combo-kit-mavic-pro-phu-kien-flycam-dji-mavic-2-pro-zoom-option-2-promotion_-_Copy.png\",\"contentUrl\":\"https:\/\/phukienflytech.vn\/wp-content\/uploads\/2020\/06\/300x300_combo-kit-mavic-pro-phu-kien-flycam-dji-mavic-2-pro-zoom-option-2-promotion_-_Copy.png\",\"width\":300,\"height\":300},{\"@type\":\"BreadcrumbList\",\"@id\":\"https:\/\/phukienflytech.vn\/en\/san-pham\/combo-kit-mavic-2-new-option-2.html#breadcrumb\",\"itemListElement\":[{\"@type\":\"ListItem\",\"position\":1,\"name\":\"Home\",\"item\":\"https:\/\/phukienflytech.vn\/en\"},{\"@type\":\"ListItem\",\"position\":2,\"name\":\"Ph\u1ee5 ki\u1ec7n Mavic Pro\",\"item\":\"https:\/\/phukienflytech.vn\/en\/phu-kien-mavic-pro.html\"},{\"@type\":\"ListItem\",\"position\":3,\"name\":\"DJI Osmo &amp; Drone's accessories\",\"item\":\"https:\/\/phukienflytech.vn\/en\/danh-muc\/dji-osmo-drones-accessories.html\"},{\"@type\":\"ListItem\",\"position\":4,\"name\":\"Ph\u1ee5 ki\u1ec7n DJI Mavic 2\",\"item\":\"https:\/\/phukienflytech.vn\/en\/danh-muc\/mavic-2s-accessory.html\"},{\"@type\":\"ListItem\",\"position\":5,\"name\":\"Combo Kit Mavic 2 &#8211; New Option #2\"}]},{\"@type\":\"WebSite\",\"@id\":\"https:\/\/phukienflytech.vn\/#website\",\"url\":\"https:\/\/phukienflytech.vn\/\",\"name\":\"Shop M\u00e1y \u1ea3nh - Action Camera - Gimbal - Flycam - Ph\u1ee5 ki\u1ec7n\",\"description\":\"Shop M\u00e1y \u1ea3nh - Action Camera - Gimbal - Flycam - Ph\u1ee5 ki\u1ec7n\",\"publisher\":{\"@id\":\"https:\/\/phukienflytech.vn\/#organization\"},\"potentialAction\":[{\"@type\":\"SearchAction\",\"target\":{\"@type\":\"EntryPoint\",\"urlTemplate\":\"https:\/\/phukienflytech.vn\/?s={search_term_string}\"},\"query-input\":{\"@type\":\"PropertyValueSpecification\",\"valueRequired\":true,\"valueName\":\"search_term_string\"}}],\"inLanguage\":\"en-US\"},{\"@type\":\"Organization\",\"@id\":\"https:\/\/phukienflytech.vn\/#organization\",\"name\":\"DJI Store - Shop Drone, Action camera, Gimbal DJI |Phukienflytech\",\"alternateName\":\"DJI Store - Shop Drone, Action camera, Gimbal DJI |Phukienflytech\",\"url\":\"https:\/\/phukienflytech.vn\/\",\"logo\":{\"@type\":\"ImageObject\",\"inLanguage\":\"en-US\",\"@id\":\"https:\/\/phukienflytech.vn\/#\/schema\/logo\/image\/\",\"url\":\"https:\/\/phukienflytech.vn\/wp-content\/uploads\/2020\/05\/hAnh_nan.jpg1_.jpg\",\"contentUrl\":\"https:\/\/phukienflytech.vn\/wp-content\/uploads\/2020\/05\/hAnh_nan.jpg1_.jpg\",\"width\":800,\"height\":450,\"caption\":\"DJI Store - Shop Drone, Action camera, Gimbal DJI |Phukienflytech\"},\"image\":{\"@id\":\"https:\/\/phukienflytech.vn\/#\/schema\/logo\/image\/\"},\"sameAs\":[\"https:\/\/facebook.com\/phukienflycam\",\"https:\/\/www.youtube.com\/@phukienflytech\",\"https:\/\/www.tiktok.com\/@flytech.channel?fbclid=IwY2xjawGjg7BleHRuA2FlbQIxMAABHYVGmlXpuSMs0UB2zTpYvyT4GMVfN2qJa4urF4vkSQ6FAVBwXZtDP30qQA_aem_UwMiDcUvlEbd2tXAmsc8Og\"]}]}<\/script>\n<!-- \/ Yoast SEO plugin. -->","yoast_head_json":{"title":"Combo Kit Mavic2 - New Option #2 - Ph\u1ee5 ki\u1ec7n mavic 2","description":"Combo Kit Mavic2 - New Option #2 thu\u1ed9c ph\u1ee5 ki\u1ec7n mavic 2. Khi b\u1ea1n mua Combo Kit Mavic 2 - New Option #2 t\u1ea1i phukienflytech gi\u00e1 r\u1ebb s\u1ebd ship cod to\u00e0n qu\u1ed1c.","robots":{"index":"index","follow":"follow","max-snippet":"max-snippet:-1","max-image-preview":"max-image-preview:large","max-video-preview":"max-video-preview:-1"},"canonical":"https:\/\/phukienflytech.vn\/en\/san-pham\/combo-kit-mavic-2-new-option-2.html","og_locale":"en_US","og_type":"article","og_title":"Combo Kit Mavic2 - New Option #2 - Ph\u1ee5 ki\u1ec7n mavic 2","og_description":"Combo Kit Mavic2 - New Option #2 thu\u1ed9c ph\u1ee5 ki\u1ec7n mavic 2. Khi b\u1ea1n mua Combo Kit Mavic 2 - New Option #2 t\u1ea1i phukienflytech gi\u00e1 r\u1ebb s\u1ebd ship cod to\u00e0n qu\u1ed1c.","og_url":"https:\/\/phukienflytech.vn\/en\/san-pham\/combo-kit-mavic-2-new-option-2.html","og_site_name":"Shop M\u00e1y \u1ea3nh - Action Camera - Gimbal - Flycam - Ph\u1ee5 ki\u1ec7n","article_publisher":"https:\/\/facebook.com\/phukienflycam","article_modified_time":"2022-08-18T07:02:32+00:00","og_image":[{"width":300,"height":300,"url":"https:\/\/phukienflytech.vn\/wp-content\/uploads\/2020\/06\/300x300_combo-kit-mavic-pro-phu-kien-flycam-dji-mavic-2-pro-zoom-option-2-promotion_-_Copy.png","type":"image\/png"}],"twitter_card":"summary_large_image","twitter_misc":{"Est. reading time":"3 minutes"},"schema":{"@context":"https:\/\/schema.org","@graph":[{"@type":"WebPage","@id":"https:\/\/phukienflytech.vn\/en\/san-pham\/combo-kit-mavic-2-new-option-2.html","url":"https:\/\/phukienflytech.vn\/en\/san-pham\/combo-kit-mavic-2-new-option-2.html","name":"Combo Kit Mavic2 - New Option #2 - Ph\u1ee5 ki\u1ec7n mavic 2","isPartOf":{"@id":"https:\/\/phukienflytech.vn\/#website"},"primaryImageOfPage":{"@id":"https:\/\/phukienflytech.vn\/en\/san-pham\/combo-kit-mavic-2-new-option-2.html#primaryimage"},"image":{"@id":"https:\/\/phukienflytech.vn\/en\/san-pham\/combo-kit-mavic-2-new-option-2.html#primaryimage"},"thumbnailUrl":"https:\/\/phukienflytech.vn\/wp-content\/uploads\/2020\/06\/300x300_combo-kit-mavic-pro-phu-kien-flycam-dji-mavic-2-pro-zoom-option-2-promotion_-_Copy.png","datePublished":"2020-06-22T15:10:29+00:00","dateModified":"2022-08-18T07:02:32+00:00","description":"Combo Kit Mavic2 - New Option #2 thu\u1ed9c ph\u1ee5 ki\u1ec7n mavic 2. Khi b\u1ea1n mua Combo Kit Mavic 2 - New Option #2 t\u1ea1i phukienflytech gi\u00e1 r\u1ebb s\u1ebd ship cod to\u00e0n qu\u1ed1c.","breadcrumb":{"@id":"https:\/\/phukienflytech.vn\/en\/san-pham\/combo-kit-mavic-2-new-option-2.html#breadcrumb"},"inLanguage":"en-US","potentialAction":[{"@type":"ReadAction","target":["https:\/\/phukienflytech.vn\/en\/san-pham\/combo-kit-mavic-2-new-option-2.html"]}]},{"@type":"ImageObject","inLanguage":"en-US","@id":"https:\/\/phukienflytech.vn\/en\/san-pham\/combo-kit-mavic-2-new-option-2.html#primaryimage","url":"https:\/\/phukienflytech.vn\/wp-content\/uploads\/2020\/06\/300x300_combo-kit-mavic-pro-phu-kien-flycam-dji-mavic-2-pro-zoom-option-2-promotion_-_Copy.png","contentUrl":"https:\/\/phukienflytech.vn\/wp-content\/uploads\/2020\/06\/300x300_combo-kit-mavic-pro-phu-kien-flycam-dji-mavic-2-pro-zoom-option-2-promotion_-_Copy.png","width":300,"height":300},{"@type":"BreadcrumbList","@id":"https:\/\/phukienflytech.vn\/en\/san-pham\/combo-kit-mavic-2-new-option-2.html#breadcrumb","itemListElement":[{"@type":"ListItem","position":1,"name":"Home","item":"https:\/\/phukienflytech.vn\/en"},{"@type":"ListItem","position":2,"name":"Ph\u1ee5 ki\u1ec7n Mavic Pro","item":"https:\/\/phukienflytech.vn\/en\/phu-kien-mavic-pro.html"},{"@type":"ListItem","position":3,"name":"DJI Osmo &amp; Drone's accessories","item":"https:\/\/phukienflytech.vn\/en\/danh-muc\/dji-osmo-drones-accessories.html"},{"@type":"ListItem","position":4,"name":"Ph\u1ee5 ki\u1ec7n DJI Mavic 2","item":"https:\/\/phukienflytech.vn\/en\/danh-muc\/mavic-2s-accessory.html"},{"@type":"ListItem","position":5,"name":"Combo Kit Mavic 2 &#8211; New Option #2"}]},{"@type":"WebSite","@id":"https:\/\/phukienflytech.vn\/#website","url":"https:\/\/phukienflytech.vn\/","name":"Shop M\u00e1y \u1ea3nh - Action Camera - Gimbal - Flycam - Ph\u1ee5 ki\u1ec7n","description":"Shop M\u00e1y \u1ea3nh - Action Camera - Gimbal - Flycam - Ph\u1ee5 ki\u1ec7n","publisher":{"@id":"https:\/\/phukienflytech.vn\/#organization"},"potentialAction":[{"@type":"SearchAction","target":{"@type":"EntryPoint","urlTemplate":"https:\/\/phukienflytech.vn\/?s={search_term_string}"},"query-input":{"@type":"PropertyValueSpecification","valueRequired":true,"valueName":"search_term_string"}}],"inLanguage":"en-US"},{"@type":"Organization","@id":"https:\/\/phukienflytech.vn\/#organization","name":"DJI Store - Shop Drone, Action camera, Gimbal DJI |Phukienflytech","alternateName":"DJI Store - Shop Drone, Action camera, Gimbal DJI |Phukienflytech","url":"https:\/\/phukienflytech.vn\/","logo":{"@type":"ImageObject","inLanguage":"en-US","@id":"https:\/\/phukienflytech.vn\/#\/schema\/logo\/image\/","url":"https:\/\/phukienflytech.vn\/wp-content\/uploads\/2020\/05\/hAnh_nan.jpg1_.jpg","contentUrl":"https:\/\/phukienflytech.vn\/wp-content\/uploads\/2020\/05\/hAnh_nan.jpg1_.jpg","width":800,"height":450,"caption":"DJI Store - Shop Drone, Action camera, Gimbal DJI |Phukienflytech"},"image":{"@id":"https:\/\/phukienflytech.vn\/#\/schema\/logo\/image\/"},"sameAs":["https:\/\/facebook.com\/phukienflycam","https:\/\/www.youtube.com\/@phukienflytech","https:\/\/www.tiktok.com\/@flytech.channel?fbclid=IwY2xjawGjg7BleHRuA2FlbQIxMAABHYVGmlXpuSMs0UB2zTpYvyT4GMVfN2qJa4urF4vkSQ6FAVBwXZtDP30qQA_aem_UwMiDcUvlEbd2tXAmsc8Og"]}]}},"_links":{"self":[{"href":"https:\/\/phukienflytech.vn\/en\/wp-json\/wp\/v2\/product\/6024","targetHints":{"allow":["GET"]}}],"collection":[{"href":"https:\/\/phukienflytech.vn\/en\/wp-json\/wp\/v2\/product"}],"about":[{"href":"https:\/\/phukienflytech.vn\/en\/wp-json\/wp\/v2\/types\/product"}],"replies":[{"embeddable":true,"href":"https:\/\/phukienflytech.vn\/en\/wp-json\/wp\/v2\/comments?post=6024"}],"wp:featuredmedia":[{"embeddable":true,"href":"https:\/\/phukienflytech.vn\/en\/wp-json\/wp\/v2\/media\/6013"}],"wp:attachment":[{"href":"https:\/\/phukienflytech.vn\/en\/wp-json\/wp\/v2\/media?parent=6024"}],"wp:term":[{"taxonomy":"product_brand","embeddable":true,"href":"https:\/\/phukienflytech.vn\/en\/wp-json\/wp\/v2\/product_brand?post=6024"},{"taxonomy":"product_cat","embeddable":true,"href":"https:\/\/phukienflytech.vn\/en\/wp-json\/wp\/v2\/product_cat?post=6024"},{"taxonomy":"product_tag","embeddable":true,"href":"https:\/\/phukienflytech.vn\/en\/wp-json\/wp\/v2\/product_tag?post=6024"}],"curies":[{"name":"wp","href":"https:\/\/api.w.org\/{rel}","templated":true}]}}