{"id":6064,"date":"2020-06-18T17:34:50","date_gmt":"2020-06-18T10:34:50","guid":{"rendered":"http:\/\/27430.lamdx.vinawebsite.vn\/san-pham\/hop-dung-smart-controller-mavic-2-chong-soc.html"},"modified":"2021-03-27T19:31:15","modified_gmt":"2021-03-27T12:31:15","slug":"case-for-smart-controller","status":"publish","type":"product","link":"https:\/\/phukienflytech.vn\/en\/san-pham\/case-for-smart-controller.html","title":{"rendered":"Shock proof case for Smart Controller"},"content":{"rendered":"<h2><span style=\"color: #0000ff;\"><strong><em>Case for Smart Controller<\/em> <\/strong><\/span><\/h2>\n<p>&nbsp;<\/p>\n<p><span style=\"font-size: 18px;\">Case for Smart Controller<\/span><\/p>\n<p><span style=\"font-size: 18px;\">DJI \u0111\u00e3 cho ra m\u1eaft\u00a0<strong>Smart Controller cho DJI Mavic 2 pro\/ DJI Mavic zoom<\/strong>, v\u00e0 \u0111\u00f3 \u0111\u01b0\u1ee3c coi l\u00e0 1 gi\u1ea3i ph\u00e1p t\u1ed1t cho nh\u1eefng ng\u01b0\u1eddi \u0111ang s\u1eed d\u1ee5ng\u00a0<strong>DJI Mavic 2 pro\/ DJI Mavic zoom<\/strong>. V\u1edbi nh\u1eefng t\u00ednh n\u0103ng v\u01b0\u1ee3t tr\u1ed9i h\u01a1n so v\u1edbi b\u1ed9 \u0111i\u1ec1u khi\u1ec3n ti\u00eau chu\u1ea9n.\u00a0Ch\u01b0a c\u00f3 nhi\u1ec1u m\u1eabu h\u1ed9p \u0111\u1ef1ng cho\u00a0<strong>Smart Controller cho DJI Mavic 2 pro\/ DJI Mavic zoom<\/strong>. Nay m\u1eabu\u00a0<strong>H\u1ed9p \u0111\u1ef1ng Smart Controller mavic 2 &#8211; ch\u1ed1ng s\u1ed1c<\/strong>, \u0111\u00e3 c\u00f3 m\u1eb7t t\u1ea1i shop\u00a0<a href=\"https:\/\/phukienflytech.vn\/\" target=\"_blank\" rel=\"noopener noreferrer\"><strong>Ph\u1ee5 ki\u1ec7n flycam gi\u00e1 t\u1ed1t<\/strong><\/a>.<\/span><\/p>\n<p>&nbsp;<\/p>\n<p><span style=\"font-size: 18px;\"><img loading=\"lazy\" decoding=\"async\" class=\"alignnone wp-image-10828 size-medium\" src=\"https:\/\/phukienflytech.vn\/wp-content\/uploads\/2020\/06\/hop-dung-smart-controller-mavic-2-chong-soc-6055-3-400x400.jpg\" alt=\"Case-for-Smart-Controller -9\" width=\"400\" height=\"400\" srcset=\"https:\/\/phukienflytech.vn\/wp-content\/uploads\/2020\/06\/hop-dung-smart-controller-mavic-2-chong-soc-6055-3-400x400.jpg 400w, https:\/\/phukienflytech.vn\/wp-content\/uploads\/2020\/06\/hop-dung-smart-controller-mavic-2-chong-soc-6055-3-280x280.jpg 280w, https:\/\/phukienflytech.vn\/wp-content\/uploads\/2020\/06\/hop-dung-smart-controller-mavic-2-chong-soc-6055-3-768x768.jpg 768w, https:\/\/phukienflytech.vn\/wp-content\/uploads\/2020\/06\/hop-dung-smart-controller-mavic-2-chong-soc-6055-3.jpg 800w, https:\/\/phukienflytech.vn\/wp-content\/uploads\/2020\/06\/hop-dung-smart-controller-mavic-2-chong-soc-6055-3-300x300.jpg 300w, https:\/\/phukienflytech.vn\/wp-content\/uploads\/2020\/06\/hop-dung-smart-controller-mavic-2-chong-soc-6055-3-600x600.jpg 600w, https:\/\/phukienflytech.vn\/wp-content\/uploads\/2020\/06\/hop-dung-smart-controller-mavic-2-chong-soc-6055-3-100x100.jpg 100w\" sizes=\"auto, (max-width: 400px) 100vw, 400px\" \/><\/span><\/p>\n<p><span style=\"font-size: 18px;\">Ngo\u00e0i\u00a0<strong>s\u1ea3n ph\u1ea9m n\u00e0y<\/strong>\u00a0ch\u00fang ta c\u00f2n c\u00f3 nh\u1eefng s\u1ef1 l\u1ef1a ch\u1ecdn kh\u00e1c t\u1eeb nh\u1eefng m\u1eabu\u00a0<strong>vali ch\u1ed1ng s\u1ed1c, ch\u1ed1ng n\u01b0\u1edbc Mavic 2<\/strong>\u00a0\u0111\u00e3 t\u00edch h\u1ee3p s\u1eb5n n\u01a1i c\u00f3 th\u1ec3 ch\u1ee9a\u00a0<strong>B\u1ed9 \u0111i\u1ec1u khi\u1ec3n th\u00f4ng minh Mavic 2.\u00a0<\/strong><\/span><\/p>\n<h2><span style=\"color: #0000ff; font-size: 21px;\"><em><strong>Th\u00f4ng tin s\u1ea3n ph\u1ea9m<\/strong><\/em><\/span><\/h2>\n<ul>\n<li><span style=\"font-size: 18px;\">Ch\u1ea5t li\u1ec7u: EVA. Tr\u1ecdng l\u01b0\u1ee3ng 0,25g, k\u00edch th\u01b0\u1edbc: 22 * \u200b\u200b16 * 7cm<\/span><\/li>\n<li><span style=\"font-size: 18px;\">T\u00fai \u0111\u01b0\u1ee3c thi\u1ebft k\u1ebf \u0111\u1eb7c bi\u1ec7t cho\u00a0<strong>B\u1ed9 \u0111i\u1ec1u khi\u1ec3n th\u00f4ng minh DJI<\/strong>\u00a0\u0111\u1ea3m b\u1ea3o an to\u00e0n trong qu\u00e1 tr\u00ecnh v\u1eadn chuy\u1ec3n.<\/span><\/li>\n<\/ul>\n<p><span style=\"font-size: 18px;\"><img loading=\"lazy\" decoding=\"async\" class=\"alignnone size-medium wp-image-10830\" src=\"https:\/\/phukienflytech.vn\/wp-content\/uploads\/2020\/06\/hop-dung-smart-controller-mavic-2-chong-soc-6055-1-1-400x400.jpg\" alt=\"\" width=\"400\" height=\"400\" srcset=\"https:\/\/phukienflytech.vn\/wp-content\/uploads\/2020\/06\/hop-dung-smart-controller-mavic-2-chong-soc-6055-1-1-400x400.jpg 400w, https:\/\/phukienflytech.vn\/wp-content\/uploads\/2020\/06\/hop-dung-smart-controller-mavic-2-chong-soc-6055-1-1-280x280.jpg 280w, https:\/\/phukienflytech.vn\/wp-content\/uploads\/2020\/06\/hop-dung-smart-controller-mavic-2-chong-soc-6055-1-1-768x768.jpg 768w, https:\/\/phukienflytech.vn\/wp-content\/uploads\/2020\/06\/hop-dung-smart-controller-mavic-2-chong-soc-6055-1-1.jpg 800w, https:\/\/phukienflytech.vn\/wp-content\/uploads\/2020\/06\/hop-dung-smart-controller-mavic-2-chong-soc-6055-1-1-300x300.jpg 300w, https:\/\/phukienflytech.vn\/wp-content\/uploads\/2020\/06\/hop-dung-smart-controller-mavic-2-chong-soc-6055-1-1-600x600.jpg 600w, https:\/\/phukienflytech.vn\/wp-content\/uploads\/2020\/06\/hop-dung-smart-controller-mavic-2-chong-soc-6055-1-1-100x100.jpg 100w\" sizes=\"auto, (max-width: 400px) 100vw, 400px\" \/><\/span><\/p>\n<ul>\n<li><span style=\"font-size: 18px;\">B\u1ea3o v\u1ec7\u00a0<strong>B\u1ed9 \u0111i\u1ec1u khi\u1ec3n th\u00f4ng minh DJI<\/strong>\u00a0c\u1ee7a b\u1ea1n kh\u1ecfi tr\u1ea7y x\u01b0\u1edbc, b\u1ee5i, va \u0111\u1eadp, s\u1ed1c, v.v.<\/span><\/li>\n<li><span style=\"font-size: 18px;\">C\u1ea7n ph\u1ea3i th\u00e1o c\u1ea7n \u0111i\u1ec1u khi\u1ec3n trong qu\u00e1 tr\u00ecnh l\u01b0u tr\u1eef.\u00a0N\u00f3 c\u00f3 th\u1ec3 \u0111\u01b0\u1ee3c \u0111\u00f3ng g\u00f3i tr\u1ef1c ti\u1ebfp v\u00e0o ba l\u00f4 ho\u1eb7c vali, ho\u1eb7c treo tr\u00ean ba l\u00f4 \u0111\u1ec3 d\u1ec5 s\u1eed d\u1ee5ng.<\/span><\/li>\n<li><span style=\"font-size: 18px;\">G\u00f3i bao g\u1ed3m: 1 x H\u1ed9p \u0111\u1ef1ng cho\u00a0<strong>B\u1ed9 \u0111i\u1ec1u khi\u1ec3n th\u00f4ng minh DJI<\/strong>. (L\u01b0u \u00fd: Kh\u00f4ng bao g\u1ed3m B\u1ed9 \u0111i\u1ec1u khi\u1ec3n t\u1eeb xa).<\/span><\/li>\n<\/ul>\n<p><span style=\"font-size: 18px;\"><img loading=\"lazy\" decoding=\"async\" class=\"alignnone wp-image-10832 size-medium\" src=\"https:\/\/phukienflytech.vn\/wp-content\/uploads\/2020\/06\/hop-dung-smart-controller-mavic-2-chong-soc-6055-2-1-392x400.jpg\" alt=\"Case-for-Smart-Controller \" width=\"392\" height=\"400\" srcset=\"https:\/\/phukienflytech.vn\/wp-content\/uploads\/2020\/06\/hop-dung-smart-controller-mavic-2-chong-soc-6055-2-1-392x400.jpg 392w, https:\/\/phukienflytech.vn\/wp-content\/uploads\/2020\/06\/hop-dung-smart-controller-mavic-2-chong-soc-6055-2-1-600x612.jpg 600w, https:\/\/phukienflytech.vn\/wp-content\/uploads\/2020\/06\/hop-dung-smart-controller-mavic-2-chong-soc-6055-2-1.jpg 620w\" sizes=\"auto, (max-width: 392px) 100vw, 392px\" \/><\/span><\/p>\n<p><span style=\"font-size: 18px;\">Ngo\u00e0i ra b\u00ean shop Ph\u1ee5 ki\u1ec7n flycam c\u00f2n cung c\u1ea5p c\u00e1c m\u1eabu h\u1ed9p \u0111\u1ef1ng m\u00e1y v\u00e0 tay khi\u1ec3n cho b\u1ea3n ti\u00eau chu\u1ea9n:<\/span><br \/>\n<span style=\"font-size: 18px;\">&#8211;\u00a0<em><strong><a href=\"https:\/\/phukienflytech.vn\/en\/san-pham\/bo-hop-combo-dung-mavic-pro-platium.html\" target=\"_blank\" rel=\"noopener noreferrer\">Combo h\u1ed9p \u0111\u1ef1ng Mavic Pro\/ Platium<\/a><\/strong><\/em><\/span><br \/>\n<span style=\"font-size: 18px;\">&#8211;\u00a0<a href=\"https:\/\/phukienflytech.vn\/en\/san-pham\/bo-hop-dung-mavic-2-chong-soc-cao-cap.html\" target=\"_blank\" rel=\"noopener noreferrer\"><em><strong>B\u1ed9 h\u1ed9p \u0111\u1ef1ng ch\u1ed1ng s\u1ed1c cho Mavic 2 cao c\u1ea5p<\/strong><\/em><\/a>,\u00a0<a href=\"https:\/\/phukienflytech.vn\/en\/san-pham\/bo-hop-dung-mavic-2-pro-zoom-combo-3-hop.html\" target=\"_blank\" rel=\"noopener noreferrer\"><em><strong>Combo 3 h\u1ed9p \u0111\u1ef1ng cao c\u1ea5p cho Mavic 2<\/strong><\/em><\/a>,&#8230;<\/span><\/p>\n<p><span style=\"font-size: 19px;\">Li\u00ean h\u1ec7 v\u1edbi ch\u00fang t\u00f4i qua <a href=\"https:\/\/www.facebook.com\/phukienflycam\" target=\"_blank\" rel=\"noopener noreferrer\">Fanpage<\/a><\/span><\/p>\n","protected":false},"excerpt":{"rendered":"<p>Case for Smart Controller &nbsp; Case for Smart Controller DJI \u0111\u00e3 cho ra m\u1eaft\u00a0Smart Controller cho DJI Mavic 2 pro\/ DJI Mavic zoom, v\u00e0 \u0111\u00f3 \u0111\u01b0\u1ee3c coi l\u00e0 1 gi\u1ea3i ph\u00e1p t\u1ed1t cho nh\u1eefng ng\u01b0\u1eddi \u0111ang s\u1eed d\u1ee5ng\u00a0DJI Mavic 2 pro\/ DJI Mavic zoom. V\u1edbi nh\u1eefng t\u00ednh n\u0103ng v\u01b0\u1ee3t tr\u1ed9i h\u01a1n so v\u1edbi b\u1ed9 \u0111i\u1ec1u &#8230;<\/p>\n","protected":false},"featured_media":16422,"comment_status":"open","ping_status":"closed","template":"","meta":{"_acf_changed":false},"product_brand":[],"product_cat":[177],"product_tag":[488,209],"class_list":{"0":"post-6064","1":"product","2":"type-product","3":"status-publish","4":"has-post-thumbnail","6":"product_cat-mavic-2s-accessory","7":"product_tag-hop-dung-smart-controller-mavic-2-en","8":"product_tag-phu-kien-mavic-2-en","10":"first","11":"instock","12":"shipping-taxable","13":"purchasable","14":"product-type-simple"},"acf":[],"yoast_head":"<!-- This site is optimized with the Yoast SEO plugin v25.7 - https:\/\/yoast.com\/wordpress\/plugins\/seo\/ -->\n<title>Case for Smart Controller - Mavic 2 accessory - Available - Original<\/title>\n<meta name=\"description\" content=\"Case for Smart Controller is one of the most important accessory. Contact us to buy Case for Smart Controller for best price, fast shipping\" \/>\n<meta name=\"robots\" content=\"index, follow, max-snippet:-1, max-image-preview:large, max-video-preview:-1\" \/>\n<link rel=\"canonical\" href=\"https:\/\/phukienflytech.vn\/en\/san-pham\/case-for-smart-controller.html\" \/>\n<meta property=\"og:locale\" content=\"en_US\" \/>\n<meta property=\"og:type\" content=\"article\" \/>\n<meta property=\"og:title\" content=\"Case for Smart Controller - Mavic 2 accessory - Available - Original\" \/>\n<meta property=\"og:description\" content=\"Case for Smart Controller is one of the most important accessory. Contact us to buy Case for Smart Controller for best price, fast shipping\" \/>\n<meta property=\"og:url\" content=\"https:\/\/phukienflytech.vn\/en\/san-pham\/case-for-smart-controller.html\" \/>\n<meta property=\"og:site_name\" content=\"Shop M\u00e1y \u1ea3nh - Action Camera - Gimbal - Flycam - Ph\u1ee5 ki\u1ec7n\" \/>\n<meta property=\"article:publisher\" content=\"https:\/\/facebook.com\/phukienflycam\" \/>\n<meta property=\"article:modified_time\" content=\"2021-03-27T12:31:15+00:00\" \/>\n<meta property=\"og:image\" content=\"https:\/\/phukienflytech.vn\/wp-content\/uploads\/2020\/06\/300x300_hop-dung-smart-controller-mavic-2-gia-re-chong-soc-32_-_Copy-1.jpg\" \/>\n\t<meta property=\"og:image:width\" content=\"295\" \/>\n\t<meta property=\"og:image:height\" content=\"300\" \/>\n\t<meta property=\"og:image:type\" content=\"image\/jpeg\" \/>\n<meta name=\"twitter:card\" content=\"summary_large_image\" \/>\n<meta name=\"twitter:label1\" content=\"Est. reading time\" \/>\n\t<meta name=\"twitter:data1\" content=\"2 minutes\" \/>\n<script type=\"application\/ld+json\" class=\"yoast-schema-graph\">{\"@context\":\"https:\/\/schema.org\",\"@graph\":[{\"@type\":\"WebPage\",\"@id\":\"https:\/\/phukienflytech.vn\/en\/san-pham\/case-for-smart-controller.html\",\"url\":\"https:\/\/phukienflytech.vn\/en\/san-pham\/case-for-smart-controller.html\",\"name\":\"Case for Smart Controller - Mavic 2 accessory - Available - Original\",\"isPartOf\":{\"@id\":\"https:\/\/phukienflytech.vn\/#website\"},\"primaryImageOfPage\":{\"@id\":\"https:\/\/phukienflytech.vn\/en\/san-pham\/case-for-smart-controller.html#primaryimage\"},\"image\":{\"@id\":\"https:\/\/phukienflytech.vn\/en\/san-pham\/case-for-smart-controller.html#primaryimage\"},\"thumbnailUrl\":\"https:\/\/phukienflytech.vn\/wp-content\/uploads\/2020\/06\/300x300_hop-dung-smart-controller-mavic-2-gia-re-chong-soc-32_-_Copy-1.jpg\",\"datePublished\":\"2020-06-18T10:34:50+00:00\",\"dateModified\":\"2021-03-27T12:31:15+00:00\",\"description\":\"Case for Smart Controller is one of the most important accessory. Contact us to buy Case for Smart Controller for best price, fast shipping\",\"breadcrumb\":{\"@id\":\"https:\/\/phukienflytech.vn\/en\/san-pham\/case-for-smart-controller.html#breadcrumb\"},\"inLanguage\":\"en-US\",\"potentialAction\":[{\"@type\":\"ReadAction\",\"target\":[\"https:\/\/phukienflytech.vn\/en\/san-pham\/case-for-smart-controller.html\"]}]},{\"@type\":\"ImageObject\",\"inLanguage\":\"en-US\",\"@id\":\"https:\/\/phukienflytech.vn\/en\/san-pham\/case-for-smart-controller.html#primaryimage\",\"url\":\"https:\/\/phukienflytech.vn\/wp-content\/uploads\/2020\/06\/300x300_hop-dung-smart-controller-mavic-2-gia-re-chong-soc-32_-_Copy-1.jpg\",\"contentUrl\":\"https:\/\/phukienflytech.vn\/wp-content\/uploads\/2020\/06\/300x300_hop-dung-smart-controller-mavic-2-gia-re-chong-soc-32_-_Copy-1.jpg\",\"width\":295,\"height\":300},{\"@type\":\"BreadcrumbList\",\"@id\":\"https:\/\/phukienflytech.vn\/en\/san-pham\/case-for-smart-controller.html#breadcrumb\",\"itemListElement\":[{\"@type\":\"ListItem\",\"position\":1,\"name\":\"Home\",\"item\":\"https:\/\/phukienflytech.vn\/en\"},{\"@type\":\"ListItem\",\"position\":2,\"name\":\"Ph\u1ee5 ki\u1ec7n Mavic Pro\",\"item\":\"https:\/\/phukienflytech.vn\/en\/phu-kien-mavic-pro.html\"},{\"@type\":\"ListItem\",\"position\":3,\"name\":\"DJI Osmo &amp; Drone's accessories\",\"item\":\"https:\/\/phukienflytech.vn\/en\/danh-muc\/dji-osmo-drones-accessories.html\"},{\"@type\":\"ListItem\",\"position\":4,\"name\":\"Ph\u1ee5 ki\u1ec7n DJI Mavic 2\",\"item\":\"https:\/\/phukienflytech.vn\/en\/danh-muc\/mavic-2s-accessory.html\"},{\"@type\":\"ListItem\",\"position\":5,\"name\":\"Shock proof case for Smart Controller\"}]},{\"@type\":\"WebSite\",\"@id\":\"https:\/\/phukienflytech.vn\/#website\",\"url\":\"https:\/\/phukienflytech.vn\/\",\"name\":\"Shop M\u00e1y \u1ea3nh - Action Camera - Gimbal - Flycam - Ph\u1ee5 ki\u1ec7n\",\"description\":\"Shop M\u00e1y \u1ea3nh - Action Camera - Gimbal - Flycam - Ph\u1ee5 ki\u1ec7n\",\"publisher\":{\"@id\":\"https:\/\/phukienflytech.vn\/#organization\"},\"potentialAction\":[{\"@type\":\"SearchAction\",\"target\":{\"@type\":\"EntryPoint\",\"urlTemplate\":\"https:\/\/phukienflytech.vn\/?s={search_term_string}\"},\"query-input\":{\"@type\":\"PropertyValueSpecification\",\"valueRequired\":true,\"valueName\":\"search_term_string\"}}],\"inLanguage\":\"en-US\"},{\"@type\":\"Organization\",\"@id\":\"https:\/\/phukienflytech.vn\/#organization\",\"name\":\"DJI Store - Shop Drone, Action camera, Gimbal DJI |Phukienflytech\",\"alternateName\":\"DJI Store - Shop Drone, Action camera, Gimbal DJI |Phukienflytech\",\"url\":\"https:\/\/phukienflytech.vn\/\",\"logo\":{\"@type\":\"ImageObject\",\"inLanguage\":\"en-US\",\"@id\":\"https:\/\/phukienflytech.vn\/#\/schema\/logo\/image\/\",\"url\":\"https:\/\/phukienflytech.vn\/wp-content\/uploads\/2020\/05\/hAnh_nan.jpg1_.jpg\",\"contentUrl\":\"https:\/\/phukienflytech.vn\/wp-content\/uploads\/2020\/05\/hAnh_nan.jpg1_.jpg\",\"width\":800,\"height\":450,\"caption\":\"DJI Store - Shop Drone, Action camera, Gimbal DJI |Phukienflytech\"},\"image\":{\"@id\":\"https:\/\/phukienflytech.vn\/#\/schema\/logo\/image\/\"},\"sameAs\":[\"https:\/\/facebook.com\/phukienflycam\",\"https:\/\/www.youtube.com\/@phukienflytech\",\"https:\/\/www.tiktok.com\/@flytech.channel?fbclid=IwY2xjawGjg7BleHRuA2FlbQIxMAABHYVGmlXpuSMs0UB2zTpYvyT4GMVfN2qJa4urF4vkSQ6FAVBwXZtDP30qQA_aem_UwMiDcUvlEbd2tXAmsc8Og\"]}]}<\/script>\n<!-- \/ Yoast SEO plugin. -->","yoast_head_json":{"title":"Case for Smart Controller - Mavic 2 accessory - Available - Original","description":"Case for Smart Controller is one of the most important accessory. Contact us to buy Case for Smart Controller for best price, fast shipping","robots":{"index":"index","follow":"follow","max-snippet":"max-snippet:-1","max-image-preview":"max-image-preview:large","max-video-preview":"max-video-preview:-1"},"canonical":"https:\/\/phukienflytech.vn\/en\/san-pham\/case-for-smart-controller.html","og_locale":"en_US","og_type":"article","og_title":"Case for Smart Controller - Mavic 2 accessory - Available - Original","og_description":"Case for Smart Controller is one of the most important accessory. Contact us to buy Case for Smart Controller for best price, fast shipping","og_url":"https:\/\/phukienflytech.vn\/en\/san-pham\/case-for-smart-controller.html","og_site_name":"Shop M\u00e1y \u1ea3nh - Action Camera - Gimbal - Flycam - Ph\u1ee5 ki\u1ec7n","article_publisher":"https:\/\/facebook.com\/phukienflycam","article_modified_time":"2021-03-27T12:31:15+00:00","og_image":[{"width":295,"height":300,"url":"https:\/\/phukienflytech.vn\/wp-content\/uploads\/2020\/06\/300x300_hop-dung-smart-controller-mavic-2-gia-re-chong-soc-32_-_Copy-1.jpg","type":"image\/jpeg"}],"twitter_card":"summary_large_image","twitter_misc":{"Est. reading time":"2 minutes"},"schema":{"@context":"https:\/\/schema.org","@graph":[{"@type":"WebPage","@id":"https:\/\/phukienflytech.vn\/en\/san-pham\/case-for-smart-controller.html","url":"https:\/\/phukienflytech.vn\/en\/san-pham\/case-for-smart-controller.html","name":"Case for Smart Controller - Mavic 2 accessory - Available - Original","isPartOf":{"@id":"https:\/\/phukienflytech.vn\/#website"},"primaryImageOfPage":{"@id":"https:\/\/phukienflytech.vn\/en\/san-pham\/case-for-smart-controller.html#primaryimage"},"image":{"@id":"https:\/\/phukienflytech.vn\/en\/san-pham\/case-for-smart-controller.html#primaryimage"},"thumbnailUrl":"https:\/\/phukienflytech.vn\/wp-content\/uploads\/2020\/06\/300x300_hop-dung-smart-controller-mavic-2-gia-re-chong-soc-32_-_Copy-1.jpg","datePublished":"2020-06-18T10:34:50+00:00","dateModified":"2021-03-27T12:31:15+00:00","description":"Case for Smart Controller is one of the most important accessory. Contact us to buy Case for Smart Controller for best price, fast shipping","breadcrumb":{"@id":"https:\/\/phukienflytech.vn\/en\/san-pham\/case-for-smart-controller.html#breadcrumb"},"inLanguage":"en-US","potentialAction":[{"@type":"ReadAction","target":["https:\/\/phukienflytech.vn\/en\/san-pham\/case-for-smart-controller.html"]}]},{"@type":"ImageObject","inLanguage":"en-US","@id":"https:\/\/phukienflytech.vn\/en\/san-pham\/case-for-smart-controller.html#primaryimage","url":"https:\/\/phukienflytech.vn\/wp-content\/uploads\/2020\/06\/300x300_hop-dung-smart-controller-mavic-2-gia-re-chong-soc-32_-_Copy-1.jpg","contentUrl":"https:\/\/phukienflytech.vn\/wp-content\/uploads\/2020\/06\/300x300_hop-dung-smart-controller-mavic-2-gia-re-chong-soc-32_-_Copy-1.jpg","width":295,"height":300},{"@type":"BreadcrumbList","@id":"https:\/\/phukienflytech.vn\/en\/san-pham\/case-for-smart-controller.html#breadcrumb","itemListElement":[{"@type":"ListItem","position":1,"name":"Home","item":"https:\/\/phukienflytech.vn\/en"},{"@type":"ListItem","position":2,"name":"Ph\u1ee5 ki\u1ec7n Mavic Pro","item":"https:\/\/phukienflytech.vn\/en\/phu-kien-mavic-pro.html"},{"@type":"ListItem","position":3,"name":"DJI Osmo &amp; Drone's accessories","item":"https:\/\/phukienflytech.vn\/en\/danh-muc\/dji-osmo-drones-accessories.html"},{"@type":"ListItem","position":4,"name":"Ph\u1ee5 ki\u1ec7n DJI Mavic 2","item":"https:\/\/phukienflytech.vn\/en\/danh-muc\/mavic-2s-accessory.html"},{"@type":"ListItem","position":5,"name":"Shock proof case for Smart Controller"}]},{"@type":"WebSite","@id":"https:\/\/phukienflytech.vn\/#website","url":"https:\/\/phukienflytech.vn\/","name":"Shop M\u00e1y \u1ea3nh - Action Camera - Gimbal - Flycam - Ph\u1ee5 ki\u1ec7n","description":"Shop M\u00e1y \u1ea3nh - Action Camera - Gimbal - Flycam - Ph\u1ee5 ki\u1ec7n","publisher":{"@id":"https:\/\/phukienflytech.vn\/#organization"},"potentialAction":[{"@type":"SearchAction","target":{"@type":"EntryPoint","urlTemplate":"https:\/\/phukienflytech.vn\/?s={search_term_string}"},"query-input":{"@type":"PropertyValueSpecification","valueRequired":true,"valueName":"search_term_string"}}],"inLanguage":"en-US"},{"@type":"Organization","@id":"https:\/\/phukienflytech.vn\/#organization","name":"DJI Store - Shop Drone, Action camera, Gimbal DJI |Phukienflytech","alternateName":"DJI Store - Shop Drone, Action camera, Gimbal DJI |Phukienflytech","url":"https:\/\/phukienflytech.vn\/","logo":{"@type":"ImageObject","inLanguage":"en-US","@id":"https:\/\/phukienflytech.vn\/#\/schema\/logo\/image\/","url":"https:\/\/phukienflytech.vn\/wp-content\/uploads\/2020\/05\/hAnh_nan.jpg1_.jpg","contentUrl":"https:\/\/phukienflytech.vn\/wp-content\/uploads\/2020\/05\/hAnh_nan.jpg1_.jpg","width":800,"height":450,"caption":"DJI Store - Shop Drone, Action camera, Gimbal DJI |Phukienflytech"},"image":{"@id":"https:\/\/phukienflytech.vn\/#\/schema\/logo\/image\/"},"sameAs":["https:\/\/facebook.com\/phukienflycam","https:\/\/www.youtube.com\/@phukienflytech","https:\/\/www.tiktok.com\/@flytech.channel?fbclid=IwY2xjawGjg7BleHRuA2FlbQIxMAABHYVGmlXpuSMs0UB2zTpYvyT4GMVfN2qJa4urF4vkSQ6FAVBwXZtDP30qQA_aem_UwMiDcUvlEbd2tXAmsc8Og"]}]}},"_links":{"self":[{"href":"https:\/\/phukienflytech.vn\/en\/wp-json\/wp\/v2\/product\/6064","targetHints":{"allow":["GET"]}}],"collection":[{"href":"https:\/\/phukienflytech.vn\/en\/wp-json\/wp\/v2\/product"}],"about":[{"href":"https:\/\/phukienflytech.vn\/en\/wp-json\/wp\/v2\/types\/product"}],"replies":[{"embeddable":true,"href":"https:\/\/phukienflytech.vn\/en\/wp-json\/wp\/v2\/comments?post=6064"}],"wp:featuredmedia":[{"embeddable":true,"href":"https:\/\/phukienflytech.vn\/en\/wp-json\/wp\/v2\/media\/16422"}],"wp:attachment":[{"href":"https:\/\/phukienflytech.vn\/en\/wp-json\/wp\/v2\/media?parent=6064"}],"wp:term":[{"taxonomy":"product_brand","embeddable":true,"href":"https:\/\/phukienflytech.vn\/en\/wp-json\/wp\/v2\/product_brand?post=6064"},{"taxonomy":"product_cat","embeddable":true,"href":"https:\/\/phukienflytech.vn\/en\/wp-json\/wp\/v2\/product_cat?post=6064"},{"taxonomy":"product_tag","embeddable":true,"href":"https:\/\/phukienflytech.vn\/en\/wp-json\/wp\/v2\/product_tag?post=6064"}],"curies":[{"name":"wp","href":"https:\/\/api.w.org\/{rel}","templated":true}]}}