{"id":6096,"date":"2020-06-16T18:07:18","date_gmt":"2020-06-16T11:07:18","guid":{"rendered":"http:\/\/27430.lamdx.vinawebsite.vn\/san-pham\/vo-mui-mavic-2-chinh-hang-dji.html"},"modified":"2020-10-13T20:17:10","modified_gmt":"2020-10-13T13:17:10","slug":"front-shell-of-mavic-2","status":"publish","type":"product","link":"https:\/\/phukienflytech.vn\/en\/san-pham\/front-shell-of-mavic-2.html","title":{"rendered":"Front Shell of Mavic 2"},"content":{"rendered":"<h2><span style=\"color: #0000ff;\"><em><strong><span style=\"font-size: 21px;\">Front Shell of Mavic 2<\/span><\/strong><\/em><\/span><\/h2>\n<p><span style=\"font-size: 18px;\">Front Shell of Mavic 2<\/span><\/p>\n<p><span style=\"font-size: 18px;\"><strong>B\u1ed9 v\u1ecf c\u1ee7a Dji Mavic 2<\/strong> l\u00e0 ph\u1ea7n b\u1ea3o v\u1ec7 v\u00e0 c\u0169ng l\u00e0 n\u01a1i ti\u1ebfp x\u00fac tr\u1ef1c ti\u1ebfp v\u1edbi m\u00f4i tr\u01b0\u1eddng b\u00ean ngo\u00e0i. V\u00ec th\u1ebf nh\u1eefng t\u00e1c \u0111\u1ed9ng v\u1eadt l\u00ed, ngo\u1ea1i l\u1ef1c s\u1ebd t\u00e1c \u0111\u1ed9ng tr\u1ef1c ti\u1ebfp l\u00ean v\u1ecf l\u00e0m v\u1ecf x\u01b0\u1edbc, n\u1ee9t g\u00e3y. Khi\u1ec3n \u0111\u1ed9 th\u1ea9m m\u1ef9 c\u1ee7a chi\u1ebfc flycam c\u1ee7a b\u1ea1n gi\u1ea3m \u0111i kh\u00e1 nhi\u1ec1u. V\u00ec v\u1eady gi\u1ea3i ph\u00e1p \u1edf \u0111\u00e2y l\u00e0 h\u00e3y thay th\u1ebf chi\u1ebfc v\u1ecf \u0111\u00e3 c\u0169 b\u1ea1c m\u00e0u, hay b\u1ecb n\u1ee9t g\u00e3y sang chi\u1ebfc v\u1ecf m\u1edbi. Ph\u1ee5 ki\u1ec7n flycam gi\u00e1 t\u1ed1t cung c\u1ea5p \u0111\u1ee7 3 m\u1ea3nh v\u1ecf:\u00a0<strong>V\u1ecf l\u01b0ng Mavic 2<\/strong>,\u00a0<strong>V\u1ecf m\u0169i Mavic 2<\/strong>\u00a0v\u00e0\u00a0<strong>V\u1ecf b\u1ee5ng Mavic 2 ch\u00ednh h\u00e3ng DJI, linh ki\u1ec7n thay th\u1ebf cho DJI Mavic 2.<\/strong><\/span><\/p>\n<h2><span style=\"font-size: 18px; color: #0000ff;\"><em><strong><img loading=\"lazy\" decoding=\"async\" class=\"alignnone wp-image-10766\" src=\"https:\/\/phukienflytech.vn\/wp-content\/uploads\/2020\/06\/vo-mui-mavic-2-chinh-hang-dji-6085-3-599x400.jpg\" alt=\"Front-Shell-of-Mavic-2-2\" width=\"565\" height=\"377\" srcset=\"https:\/\/phukienflytech.vn\/wp-content\/uploads\/2020\/06\/vo-mui-mavic-2-chinh-hang-dji-6085-3-599x400.jpg 599w, https:\/\/phukienflytech.vn\/wp-content\/uploads\/2020\/06\/vo-mui-mavic-2-chinh-hang-dji-6085-3-768x513.jpg 768w, https:\/\/phukienflytech.vn\/wp-content\/uploads\/2020\/06\/vo-mui-mavic-2-chinh-hang-dji-6085-3-1199x800.jpg 1199w, https:\/\/phukienflytech.vn\/wp-content\/uploads\/2020\/06\/vo-mui-mavic-2-chinh-hang-dji-6085-3-600x401.jpg 600w, https:\/\/phukienflytech.vn\/wp-content\/uploads\/2020\/06\/vo-mui-mavic-2-chinh-hang-dji-6085-3.jpg 1600w\" sizes=\"auto, (max-width: 565px) 100vw, 565px\" \/><\/strong><\/em><\/span><\/h2>\n<p><span style=\"font-size: 18px;\">V\u1ecf \u0111\u01b0\u1ee3c thi\u1ebft k\u1ebf ch\u00ednh h\u00e3ng, t\u1ea5t c\u1ea3 c\u00e1c th\u00f4ng s\u1ed1 \u0111\u1ec1u theo t\u1eeb ph\u00eda nh\u00e0 s\u1ea3n xu\u1ea5t. V\u00ec v\u1eady b\u1ea1n c\u00f3 th\u1ec3 y\u00ean t\u00e2m s\u1eed d\u1ee5ng v\u00e0 thay th\u1ebf, m\u00e0 kh\u00f4ng \u1ea3nh h\u01b0\u1edfng t\u1edbi chi\u1ebfc flycam c\u1ee7a b\u1ea1n.<\/span><\/p>\n<h2><span style=\"font-size: 18px; color: #0000ff;\"><em><strong><img loading=\"lazy\" decoding=\"async\" class=\"alignnone wp-image-10768\" src=\"https:\/\/phukienflytech.vn\/wp-content\/uploads\/2020\/06\/vo-mui-mavic-2-chinh-hang-dji-6085-1-1-400x400.jpg\" alt=\"Front-Shell-of-Mavic-2-1\" width=\"390\" height=\"390\" srcset=\"https:\/\/phukienflytech.vn\/wp-content\/uploads\/2020\/06\/vo-mui-mavic-2-chinh-hang-dji-6085-1-1-400x400.jpg 400w, https:\/\/phukienflytech.vn\/wp-content\/uploads\/2020\/06\/vo-mui-mavic-2-chinh-hang-dji-6085-1-1-280x280.jpg 280w, https:\/\/phukienflytech.vn\/wp-content\/uploads\/2020\/06\/vo-mui-mavic-2-chinh-hang-dji-6085-1-1-768x768.jpg 768w, https:\/\/phukienflytech.vn\/wp-content\/uploads\/2020\/06\/vo-mui-mavic-2-chinh-hang-dji-6085-1-1.jpg 800w, https:\/\/phukienflytech.vn\/wp-content\/uploads\/2020\/06\/vo-mui-mavic-2-chinh-hang-dji-6085-1-1-300x300.jpg 300w, https:\/\/phukienflytech.vn\/wp-content\/uploads\/2020\/06\/vo-mui-mavic-2-chinh-hang-dji-6085-1-1-600x600.jpg 600w, https:\/\/phukienflytech.vn\/wp-content\/uploads\/2020\/06\/vo-mui-mavic-2-chinh-hang-dji-6085-1-1-100x100.jpg 100w\" sizes=\"auto, (max-width: 390px) 100vw, 390px\" \/><\/strong><\/em><\/span><\/h2>\n<p>&nbsp;<\/p>\n<p><span style=\"font-size: 18px;\">S\u1ea3n ph\u1ea9m b\u1ea3o g\u1ed3m:\u00a0<strong>1 v\u1ecf m\u0169i Mavic 2 \u2013 Ch\u00ednh h\u00e3ng.<\/strong><\/span><\/p>\n<h2><span style=\"font-size: 18px; color: #0000ff;\"><em><strong><img loading=\"lazy\" decoding=\"async\" class=\"alignnone wp-image-10770 size-medium\" src=\"https:\/\/phukienflytech.vn\/wp-content\/uploads\/2020\/06\/vo-mui-mavic-2-chinh-hang-dji-6085-2-1-434x400.jpg\" alt=\"Front-Shell-of-Mavic-2\" width=\"434\" height=\"400\" srcset=\"https:\/\/phukienflytech.vn\/wp-content\/uploads\/2020\/06\/vo-mui-mavic-2-chinh-hang-dji-6085-2-1-434x400.jpg 434w, https:\/\/phukienflytech.vn\/wp-content\/uploads\/2020\/06\/vo-mui-mavic-2-chinh-hang-dji-6085-2-1-768x708.jpg 768w, https:\/\/phukienflytech.vn\/wp-content\/uploads\/2020\/06\/vo-mui-mavic-2-chinh-hang-dji-6085-2-1-868x800.jpg 868w, https:\/\/phukienflytech.vn\/wp-content\/uploads\/2020\/06\/vo-mui-mavic-2-chinh-hang-dji-6085-2-1-600x553.jpg 600w, https:\/\/phukienflytech.vn\/wp-content\/uploads\/2020\/06\/vo-mui-mavic-2-chinh-hang-dji-6085-2-1.jpg 890w\" sizes=\"auto, (max-width: 434px) 100vw, 434px\" \/><\/strong><\/em><\/span><\/h2>\n<p><span style=\"font-size: 18px;\"><strong>Ph\u1ee5 ki\u1ec7n Flycam Gi\u00e1 t\u1ed1t<\/strong>\u00a0chuy\u00ean cung c\u1ea5p c\u00e1c linh ki\u1ec7n thay th\u1ebf ch\u00ednh h\u00e3ng DJI c\u1ee7a c\u00e1c d\u00f2ng flycam\u00a0<a href=\"https:\/\/phukienflytech.vn\/danh-muc\/linh-kien-flycam-dji\/linh-kien-dji-mavic.html\" target=\"_blank\" rel=\"noopener noreferrer\"><strong>DJI Mavic series<\/strong><\/a>,\u00a0<a href=\"https:\/\/phukienflytech.vn\/danh-muc\/linh-kien-flycam-dji\/linh-kien-dji-phantom-3.html\" target=\"_blank\" rel=\"noopener noreferrer\"><strong>DJI Phantom 3<\/strong><\/a>,\u00a0<a href=\"https:\/\/phukienflytech.vn\/danh-muc\/linh-kien-flycam-dji\/linh-kien-dji-phantom-4.html\" target=\"_blank\" rel=\"noopener noreferrer\"><strong>DJI Phantom 4<\/strong><\/a>,\u2026 v\u00e0\u00a0<a href=\"https:\/\/phukienflytech.vn\/en\/dich-vu-sua-chua-flycam.html\" target=\"_blank\" rel=\"noopener noreferrer\"><strong>d\u1ecbch v\u1ee5 s\u1eeda ch\u1eefa flycam uy t\u00edn, \u0111\u1ea3m b\u1ea3o v\u00e0 ch\u1ea5t l\u01b0\u1ee3ng.<\/strong><\/a><\/span><\/p>\n<p><span style=\"font-size: 18px;\">H\u00e3y \u0111\u1ec3<a href=\"https:\/\/www.facebook.com\/phukienflycam\/?eid=ARCBQ0q12-UOhL1gpeDFhnjm3HjlPSUqIz1ct1Ga5JrKpqFStQo353trGLZf0uATv1_nR7erjs8t17n_\" target=\"_blank\" rel=\"noopener noreferrer\">\u00a0<strong>Ph\u1ee5 Ki\u1ec7n Fly-cam Gi\u00e1 T\u1ed1t<\/strong><\/a>\u00a0ti\u1ebfp s\u1ee9c \u0111am m\u00ea, c\u00f4ng vi\u1ec7c c\u1ee7a b\u1ea1n, gi\u00fap b\u1ea1n th\u00eam ni\u1ec1m h\u1ee9ng kh\u1edfi trong \u0111am m\u00ea c\u0169ng nh\u01b0 c\u00f4ng vi\u1ec7c c\u1ee7a m\u00ecnh th\u00eam su\u00f4n s\u1ebb<\/span><\/p>\n<p><span style=\"font-size: 18px;\">Nh\u00e0 s\u1ea3n xu\u1ea5t :\u00a0<strong>DJI<\/strong>\u00a0\u2013 l\u00e0 m\u1ed9t trong nh\u1eefng Vendor cung c\u1ea5p c\u00e1c ph\u1ee5 ki\u1ec7n, linh ki\u1ec7n thay th\u1ebf cho\u00a0<strong>DJI Flycam<\/strong>.<\/span><\/p>\n","protected":false},"excerpt":{"rendered":"<p>Front Shell of Mavic 2 Front Shell of Mavic 2 B\u1ed9 v\u1ecf c\u1ee7a Dji Mavic 2 l\u00e0 ph\u1ea7n b\u1ea3o v\u1ec7 v\u00e0 c\u0169ng l\u00e0 n\u01a1i ti\u1ebfp x\u00fac tr\u1ef1c ti\u1ebfp v\u1edbi m\u00f4i tr\u01b0\u1eddng b\u00ean ngo\u00e0i. V\u00ec th\u1ebf nh\u1eefng t\u00e1c \u0111\u1ed9ng v\u1eadt l\u00ed, ngo\u1ea1i l\u1ef1c s\u1ebd t\u00e1c \u0111\u1ed9ng tr\u1ef1c ti\u1ebfp l\u00ean v\u1ecf l\u00e0m v\u1ecf x\u01b0\u1edbc, n\u1ee9t g\u00e3y. Khi\u1ec3n &#8230;<\/p>\n","protected":false},"featured_media":6095,"comment_status":"open","ping_status":"closed","template":"","meta":{"_acf_changed":false},"product_brand":[],"product_cat":[177],"product_tag":[209,494],"class_list":{"0":"post-6096","1":"product","2":"type-product","3":"status-publish","4":"has-post-thumbnail","6":"product_cat-mavic-2s-accessory","7":"product_tag-phu-kien-mavic-2-en","8":"product_tag-vo-mui-mavic-2-en","10":"first","11":"instock","12":"shipping-taxable","13":"purchasable","14":"product-type-simple"},"acf":[],"yoast_head":"<!-- This site is optimized with the Yoast SEO plugin v25.7 - https:\/\/yoast.com\/wordpress\/plugins\/seo\/ -->\n<title>Front Shell of Mavic 2 - Mavic 2 accessory - Available - Original DJI<\/title>\n<meta name=\"description\" content=\"Front Shell of Mavic 2 is one of the most important accessory. Contact us to buy Front Shell of Mavic 2 for best price, fast shipping\" \/>\n<meta name=\"robots\" content=\"index, follow, max-snippet:-1, max-image-preview:large, max-video-preview:-1\" \/>\n<link rel=\"canonical\" href=\"https:\/\/phukienflytech.vn\/en\/san-pham\/front-shell-of-mavic-2.html\" \/>\n<meta property=\"og:locale\" content=\"en_US\" \/>\n<meta property=\"og:type\" content=\"article\" \/>\n<meta property=\"og:title\" content=\"Front Shell of Mavic 2 - Mavic 2 accessory - Available - Original DJI\" \/>\n<meta property=\"og:description\" content=\"Front Shell of Mavic 2 is one of the most important accessory. Contact us to buy Front Shell of Mavic 2 for best price, fast shipping\" \/>\n<meta property=\"og:url\" content=\"https:\/\/phukienflytech.vn\/en\/san-pham\/front-shell-of-mavic-2.html\" \/>\n<meta property=\"og:site_name\" content=\"Shop M\u00e1y \u1ea3nh - Action Camera - Gimbal - Flycam - Ph\u1ee5 ki\u1ec7n\" \/>\n<meta property=\"article:publisher\" content=\"https:\/\/facebook.com\/phukienflycam\" \/>\n<meta property=\"article:modified_time\" content=\"2020-10-13T13:17:10+00:00\" \/>\n<meta property=\"og:image\" content=\"https:\/\/phukienflytech.vn\/wp-content\/uploads\/2020\/06\/300x300_va-trAEac-mui-mavic-2-pro-zoom-chinh-hang-phu-kien-linh-kien-mavic-3_-_Copy-1.jpg\" \/>\n\t<meta property=\"og:image:width\" content=\"300\" \/>\n\t<meta property=\"og:image:height\" content=\"300\" \/>\n\t<meta property=\"og:image:type\" content=\"image\/jpeg\" \/>\n<meta name=\"twitter:card\" content=\"summary_large_image\" \/>\n<meta name=\"twitter:label1\" content=\"Est. reading time\" \/>\n\t<meta name=\"twitter:data1\" content=\"2 minutes\" \/>\n<script type=\"application\/ld+json\" class=\"yoast-schema-graph\">{\"@context\":\"https:\/\/schema.org\",\"@graph\":[{\"@type\":\"WebPage\",\"@id\":\"https:\/\/phukienflytech.vn\/en\/san-pham\/front-shell-of-mavic-2.html\",\"url\":\"https:\/\/phukienflytech.vn\/en\/san-pham\/front-shell-of-mavic-2.html\",\"name\":\"Front Shell of Mavic 2 - Mavic 2 accessory - Available - Original DJI\",\"isPartOf\":{\"@id\":\"https:\/\/phukienflytech.vn\/#website\"},\"primaryImageOfPage\":{\"@id\":\"https:\/\/phukienflytech.vn\/en\/san-pham\/front-shell-of-mavic-2.html#primaryimage\"},\"image\":{\"@id\":\"https:\/\/phukienflytech.vn\/en\/san-pham\/front-shell-of-mavic-2.html#primaryimage\"},\"thumbnailUrl\":\"https:\/\/phukienflytech.vn\/wp-content\/uploads\/2020\/06\/300x300_va-trAEac-mui-mavic-2-pro-zoom-chinh-hang-phu-kien-linh-kien-mavic-3_-_Copy-1.jpg\",\"datePublished\":\"2020-06-16T11:07:18+00:00\",\"dateModified\":\"2020-10-13T13:17:10+00:00\",\"description\":\"Front Shell of Mavic 2 is one of the most important accessory. Contact us to buy Front Shell of Mavic 2 for best price, fast shipping\",\"breadcrumb\":{\"@id\":\"https:\/\/phukienflytech.vn\/en\/san-pham\/front-shell-of-mavic-2.html#breadcrumb\"},\"inLanguage\":\"en-US\",\"potentialAction\":[{\"@type\":\"ReadAction\",\"target\":[\"https:\/\/phukienflytech.vn\/en\/san-pham\/front-shell-of-mavic-2.html\"]}]},{\"@type\":\"ImageObject\",\"inLanguage\":\"en-US\",\"@id\":\"https:\/\/phukienflytech.vn\/en\/san-pham\/front-shell-of-mavic-2.html#primaryimage\",\"url\":\"https:\/\/phukienflytech.vn\/wp-content\/uploads\/2020\/06\/300x300_va-trAEac-mui-mavic-2-pro-zoom-chinh-hang-phu-kien-linh-kien-mavic-3_-_Copy-1.jpg\",\"contentUrl\":\"https:\/\/phukienflytech.vn\/wp-content\/uploads\/2020\/06\/300x300_va-trAEac-mui-mavic-2-pro-zoom-chinh-hang-phu-kien-linh-kien-mavic-3_-_Copy-1.jpg\",\"width\":300,\"height\":300},{\"@type\":\"BreadcrumbList\",\"@id\":\"https:\/\/phukienflytech.vn\/en\/san-pham\/front-shell-of-mavic-2.html#breadcrumb\",\"itemListElement\":[{\"@type\":\"ListItem\",\"position\":1,\"name\":\"Home\",\"item\":\"https:\/\/phukienflytech.vn\/en\"},{\"@type\":\"ListItem\",\"position\":2,\"name\":\"Ph\u1ee5 ki\u1ec7n Mavic Pro\",\"item\":\"https:\/\/phukienflytech.vn\/en\/phu-kien-mavic-pro.html\"},{\"@type\":\"ListItem\",\"position\":3,\"name\":\"DJI Osmo &amp; Drone's accessories\",\"item\":\"https:\/\/phukienflytech.vn\/en\/danh-muc\/dji-osmo-drones-accessories.html\"},{\"@type\":\"ListItem\",\"position\":4,\"name\":\"Ph\u1ee5 ki\u1ec7n DJI Mavic 2\",\"item\":\"https:\/\/phukienflytech.vn\/en\/danh-muc\/mavic-2s-accessory.html\"},{\"@type\":\"ListItem\",\"position\":5,\"name\":\"Front Shell of Mavic 2\"}]},{\"@type\":\"WebSite\",\"@id\":\"https:\/\/phukienflytech.vn\/#website\",\"url\":\"https:\/\/phukienflytech.vn\/\",\"name\":\"Shop M\u00e1y \u1ea3nh - Action Camera - Gimbal - Flycam - Ph\u1ee5 ki\u1ec7n\",\"description\":\"Shop M\u00e1y \u1ea3nh - Action Camera - Gimbal - Flycam - Ph\u1ee5 ki\u1ec7n\",\"publisher\":{\"@id\":\"https:\/\/phukienflytech.vn\/#organization\"},\"potentialAction\":[{\"@type\":\"SearchAction\",\"target\":{\"@type\":\"EntryPoint\",\"urlTemplate\":\"https:\/\/phukienflytech.vn\/?s={search_term_string}\"},\"query-input\":{\"@type\":\"PropertyValueSpecification\",\"valueRequired\":true,\"valueName\":\"search_term_string\"}}],\"inLanguage\":\"en-US\"},{\"@type\":\"Organization\",\"@id\":\"https:\/\/phukienflytech.vn\/#organization\",\"name\":\"DJI Store - Shop Drone, Action camera, Gimbal DJI |Phukienflytech\",\"alternateName\":\"DJI Store - Shop Drone, Action camera, Gimbal DJI |Phukienflytech\",\"url\":\"https:\/\/phukienflytech.vn\/\",\"logo\":{\"@type\":\"ImageObject\",\"inLanguage\":\"en-US\",\"@id\":\"https:\/\/phukienflytech.vn\/#\/schema\/logo\/image\/\",\"url\":\"https:\/\/phukienflytech.vn\/wp-content\/uploads\/2020\/05\/hAnh_nan.jpg1_.jpg\",\"contentUrl\":\"https:\/\/phukienflytech.vn\/wp-content\/uploads\/2020\/05\/hAnh_nan.jpg1_.jpg\",\"width\":800,\"height\":450,\"caption\":\"DJI Store - Shop Drone, Action camera, Gimbal DJI |Phukienflytech\"},\"image\":{\"@id\":\"https:\/\/phukienflytech.vn\/#\/schema\/logo\/image\/\"},\"sameAs\":[\"https:\/\/facebook.com\/phukienflycam\",\"https:\/\/www.youtube.com\/@phukienflytech\",\"https:\/\/www.tiktok.com\/@flytech.channel?fbclid=IwY2xjawGjg7BleHRuA2FlbQIxMAABHYVGmlXpuSMs0UB2zTpYvyT4GMVfN2qJa4urF4vkSQ6FAVBwXZtDP30qQA_aem_UwMiDcUvlEbd2tXAmsc8Og\"]}]}<\/script>\n<!-- \/ Yoast SEO plugin. -->","yoast_head_json":{"title":"Front Shell of Mavic 2 - Mavic 2 accessory - Available - Original DJI","description":"Front Shell of Mavic 2 is one of the most important accessory. Contact us to buy Front Shell of Mavic 2 for best price, fast shipping","robots":{"index":"index","follow":"follow","max-snippet":"max-snippet:-1","max-image-preview":"max-image-preview:large","max-video-preview":"max-video-preview:-1"},"canonical":"https:\/\/phukienflytech.vn\/en\/san-pham\/front-shell-of-mavic-2.html","og_locale":"en_US","og_type":"article","og_title":"Front Shell of Mavic 2 - Mavic 2 accessory - Available - Original DJI","og_description":"Front Shell of Mavic 2 is one of the most important accessory. Contact us to buy Front Shell of Mavic 2 for best price, fast shipping","og_url":"https:\/\/phukienflytech.vn\/en\/san-pham\/front-shell-of-mavic-2.html","og_site_name":"Shop M\u00e1y \u1ea3nh - Action Camera - Gimbal - Flycam - Ph\u1ee5 ki\u1ec7n","article_publisher":"https:\/\/facebook.com\/phukienflycam","article_modified_time":"2020-10-13T13:17:10+00:00","og_image":[{"width":300,"height":300,"url":"https:\/\/phukienflytech.vn\/wp-content\/uploads\/2020\/06\/300x300_va-trAEac-mui-mavic-2-pro-zoom-chinh-hang-phu-kien-linh-kien-mavic-3_-_Copy-1.jpg","type":"image\/jpeg"}],"twitter_card":"summary_large_image","twitter_misc":{"Est. reading time":"2 minutes"},"schema":{"@context":"https:\/\/schema.org","@graph":[{"@type":"WebPage","@id":"https:\/\/phukienflytech.vn\/en\/san-pham\/front-shell-of-mavic-2.html","url":"https:\/\/phukienflytech.vn\/en\/san-pham\/front-shell-of-mavic-2.html","name":"Front Shell of Mavic 2 - Mavic 2 accessory - Available - Original DJI","isPartOf":{"@id":"https:\/\/phukienflytech.vn\/#website"},"primaryImageOfPage":{"@id":"https:\/\/phukienflytech.vn\/en\/san-pham\/front-shell-of-mavic-2.html#primaryimage"},"image":{"@id":"https:\/\/phukienflytech.vn\/en\/san-pham\/front-shell-of-mavic-2.html#primaryimage"},"thumbnailUrl":"https:\/\/phukienflytech.vn\/wp-content\/uploads\/2020\/06\/300x300_va-trAEac-mui-mavic-2-pro-zoom-chinh-hang-phu-kien-linh-kien-mavic-3_-_Copy-1.jpg","datePublished":"2020-06-16T11:07:18+00:00","dateModified":"2020-10-13T13:17:10+00:00","description":"Front Shell of Mavic 2 is one of the most important accessory. Contact us to buy Front Shell of Mavic 2 for best price, fast shipping","breadcrumb":{"@id":"https:\/\/phukienflytech.vn\/en\/san-pham\/front-shell-of-mavic-2.html#breadcrumb"},"inLanguage":"en-US","potentialAction":[{"@type":"ReadAction","target":["https:\/\/phukienflytech.vn\/en\/san-pham\/front-shell-of-mavic-2.html"]}]},{"@type":"ImageObject","inLanguage":"en-US","@id":"https:\/\/phukienflytech.vn\/en\/san-pham\/front-shell-of-mavic-2.html#primaryimage","url":"https:\/\/phukienflytech.vn\/wp-content\/uploads\/2020\/06\/300x300_va-trAEac-mui-mavic-2-pro-zoom-chinh-hang-phu-kien-linh-kien-mavic-3_-_Copy-1.jpg","contentUrl":"https:\/\/phukienflytech.vn\/wp-content\/uploads\/2020\/06\/300x300_va-trAEac-mui-mavic-2-pro-zoom-chinh-hang-phu-kien-linh-kien-mavic-3_-_Copy-1.jpg","width":300,"height":300},{"@type":"BreadcrumbList","@id":"https:\/\/phukienflytech.vn\/en\/san-pham\/front-shell-of-mavic-2.html#breadcrumb","itemListElement":[{"@type":"ListItem","position":1,"name":"Home","item":"https:\/\/phukienflytech.vn\/en"},{"@type":"ListItem","position":2,"name":"Ph\u1ee5 ki\u1ec7n Mavic Pro","item":"https:\/\/phukienflytech.vn\/en\/phu-kien-mavic-pro.html"},{"@type":"ListItem","position":3,"name":"DJI Osmo &amp; Drone's accessories","item":"https:\/\/phukienflytech.vn\/en\/danh-muc\/dji-osmo-drones-accessories.html"},{"@type":"ListItem","position":4,"name":"Ph\u1ee5 ki\u1ec7n DJI Mavic 2","item":"https:\/\/phukienflytech.vn\/en\/danh-muc\/mavic-2s-accessory.html"},{"@type":"ListItem","position":5,"name":"Front Shell of Mavic 2"}]},{"@type":"WebSite","@id":"https:\/\/phukienflytech.vn\/#website","url":"https:\/\/phukienflytech.vn\/","name":"Shop M\u00e1y \u1ea3nh - Action Camera - Gimbal - Flycam - Ph\u1ee5 ki\u1ec7n","description":"Shop M\u00e1y \u1ea3nh - Action Camera - Gimbal - Flycam - Ph\u1ee5 ki\u1ec7n","publisher":{"@id":"https:\/\/phukienflytech.vn\/#organization"},"potentialAction":[{"@type":"SearchAction","target":{"@type":"EntryPoint","urlTemplate":"https:\/\/phukienflytech.vn\/?s={search_term_string}"},"query-input":{"@type":"PropertyValueSpecification","valueRequired":true,"valueName":"search_term_string"}}],"inLanguage":"en-US"},{"@type":"Organization","@id":"https:\/\/phukienflytech.vn\/#organization","name":"DJI Store - Shop Drone, Action camera, Gimbal DJI |Phukienflytech","alternateName":"DJI Store - Shop Drone, Action camera, Gimbal DJI |Phukienflytech","url":"https:\/\/phukienflytech.vn\/","logo":{"@type":"ImageObject","inLanguage":"en-US","@id":"https:\/\/phukienflytech.vn\/#\/schema\/logo\/image\/","url":"https:\/\/phukienflytech.vn\/wp-content\/uploads\/2020\/05\/hAnh_nan.jpg1_.jpg","contentUrl":"https:\/\/phukienflytech.vn\/wp-content\/uploads\/2020\/05\/hAnh_nan.jpg1_.jpg","width":800,"height":450,"caption":"DJI Store - Shop Drone, Action camera, Gimbal DJI |Phukienflytech"},"image":{"@id":"https:\/\/phukienflytech.vn\/#\/schema\/logo\/image\/"},"sameAs":["https:\/\/facebook.com\/phukienflycam","https:\/\/www.youtube.com\/@phukienflytech","https:\/\/www.tiktok.com\/@flytech.channel?fbclid=IwY2xjawGjg7BleHRuA2FlbQIxMAABHYVGmlXpuSMs0UB2zTpYvyT4GMVfN2qJa4urF4vkSQ6FAVBwXZtDP30qQA_aem_UwMiDcUvlEbd2tXAmsc8Og"]}]}},"_links":{"self":[{"href":"https:\/\/phukienflytech.vn\/en\/wp-json\/wp\/v2\/product\/6096","targetHints":{"allow":["GET"]}}],"collection":[{"href":"https:\/\/phukienflytech.vn\/en\/wp-json\/wp\/v2\/product"}],"about":[{"href":"https:\/\/phukienflytech.vn\/en\/wp-json\/wp\/v2\/types\/product"}],"replies":[{"embeddable":true,"href":"https:\/\/phukienflytech.vn\/en\/wp-json\/wp\/v2\/comments?post=6096"}],"wp:featuredmedia":[{"embeddable":true,"href":"https:\/\/phukienflytech.vn\/en\/wp-json\/wp\/v2\/media\/6095"}],"wp:attachment":[{"href":"https:\/\/phukienflytech.vn\/en\/wp-json\/wp\/v2\/media?parent=6096"}],"wp:term":[{"taxonomy":"product_brand","embeddable":true,"href":"https:\/\/phukienflytech.vn\/en\/wp-json\/wp\/v2\/product_brand?post=6096"},{"taxonomy":"product_cat","embeddable":true,"href":"https:\/\/phukienflytech.vn\/en\/wp-json\/wp\/v2\/product_cat?post=6096"},{"taxonomy":"product_tag","embeddable":true,"href":"https:\/\/phukienflytech.vn\/en\/wp-json\/wp\/v2\/product_tag?post=6096"}],"curies":[{"name":"wp","href":"https:\/\/api.w.org\/{rel}","templated":true}]}}