{"id":6120,"date":"2020-06-24T18:23:57","date_gmt":"2020-06-24T11:23:57","guid":{"rendered":"http:\/\/27430.lamdx.vinawebsite.vn\/san-pham\/bo-sac-nhanh-mavic-2-skygle.html"},"modified":"2022-08-18T13:55:01","modified_gmt":"2022-08-18T06:55:01","slug":"quick-charger-for-mavic-2","status":"publish","type":"product","link":"https:\/\/phukienflytech.vn\/en\/san-pham\/quick-charger-for-mavic-2.html","title":{"rendered":"Quick charger for Mavic 2 &#8211; Skygle"},"content":{"rendered":"<h2><span style=\"font-size: 24px; color: #0000ff;\"><em><strong>Quick charger for Mavic 2<\/strong><\/em><\/span><\/h2>\n<p>&nbsp;<\/p>\n<p><span style=\"font-size: 18px;\">Quick charger for Mavic 2<\/span><\/p>\n<p><span style=\"font-size: 18px;\">S\u1ea1c Mavic 2 hi\u1ec7n t\u1ea1i c\u00f3 m\u1ed9t v\u00e0i th\u01b0\u01a1ng hi\u1ec7u n\u1ed5i ti\u1ebfng \u0111\u01b0\u1ee3c nhi\u1ec1u ng\u01b0\u1eddi s\u1eed d\u1ee5ng g\u1ed3m c\u00f3 DJI, Yxtech, Skygle.<\/span><\/p>\n<p><span style=\"font-size: 18px;\">D\u01b0\u1edbi \u0111\u00e2y ch\u00fang ta s\u1ebd t\u00ecm hi\u1ec3u v\u1ec1 s\u1ea3n ph\u1ea9m c\u1ee7a h\u00e3ng Skygle nh\u00e9.<\/span><\/p>\n<h2 style=\"text-align: justify;\"><span style=\"color: #0000ff; font-size: 18px;\"><strong><img loading=\"lazy\" decoding=\"async\" class=\"alignnone size-medium wp-image-10735\" src=\"https:\/\/phukienflytech.vn\/wp-content\/uploads\/2020\/06\/bo-sac-nhanh-mavic-2-skygle-6105-6-400x400.jpg\" alt=\"\" width=\"400\" height=\"400\" srcset=\"https:\/\/phukienflytech.vn\/wp-content\/uploads\/2020\/06\/bo-sac-nhanh-mavic-2-skygle-6105-6-400x400.jpg 400w, https:\/\/phukienflytech.vn\/wp-content\/uploads\/2020\/06\/bo-sac-nhanh-mavic-2-skygle-6105-6-280x280.jpg 280w, https:\/\/phukienflytech.vn\/wp-content\/uploads\/2020\/06\/bo-sac-nhanh-mavic-2-skygle-6105-6-768x768.jpg 768w, https:\/\/phukienflytech.vn\/wp-content\/uploads\/2020\/06\/bo-sac-nhanh-mavic-2-skygle-6105-6-800x800.jpg 800w, https:\/\/phukienflytech.vn\/wp-content\/uploads\/2020\/06\/bo-sac-nhanh-mavic-2-skygle-6105-6-300x300.jpg 300w, https:\/\/phukienflytech.vn\/wp-content\/uploads\/2020\/06\/bo-sac-nhanh-mavic-2-skygle-6105-6-600x600.jpg 600w, https:\/\/phukienflytech.vn\/wp-content\/uploads\/2020\/06\/bo-sac-nhanh-mavic-2-skygle-6105-6-100x100.jpg 100w, https:\/\/phukienflytech.vn\/wp-content\/uploads\/2020\/06\/bo-sac-nhanh-mavic-2-skygle-6105-6.jpg 1000w\" sizes=\"auto, (max-width: 400px) 100vw, 400px\" \/><\/strong><\/span><\/h2>\n<h3 style=\"text-align: justify;\"><strong><span style=\"font-size: 18px;\">\u00a0 H\u00ecnh \u1ea3nh: B\u1ed9 s\u1ea1c Mavic 2 Skygle s\u1ea1c 3 pin 1 l\u00fac<\/span><\/strong><\/h3>\n<p>&nbsp;<\/p>\n<p><span style=\"font-size: 18px;\">Th\u00f4ng tin v\u1ec1 s\u1ea3n ph\u1ea9m<\/span><\/p>\n<p><span style=\"font-size: 18px;\">&#8211; H\u00e3ng s\u1ea3n xu\u1ea5t: Skygle<\/span><\/p>\n<p style=\"text-align: justify;\"><span style=\"font-size: 18px;\">&#8211; Ph\u00f9 h\u1ee3p v\u1edbi : Mavic 2 pro v\u00e0 Mavic 2 Zoom<\/span><\/p>\n<p style=\"text-align: justify;\"><span style=\"font-size: 18px;\">&#8211; D\u00f2ng \u0111i\u1ec7n v\u00e0o : 110V &#8211; 240V &#8211; 50\/60Hz<\/span><\/p>\n<p style=\"text-align: justify;\"><span style=\"font-size: 18px;\">&#8211; D\u00f2ng \u0111i\u1ec7n ra : 13.05V &#8211; 13.5 A (m\u1ed7i d\u00e2y \u0111\u1ea7u ra : 17.5V &#8211; 4.5A)<\/span><\/p>\n<p style=\"text-align: justify;\"><span style=\"font-size: 18px;\">&#8211; Th\u1eddi gian s\u1ea1c :\u00a075 &#8211;\u00a085 ph\u00fat cho t\u1ea5t c\u1ea3\u00a0<\/span><\/p>\n<p style=\"text-align: justify;\"><span style=\"font-size: 18px;\">&#8211; K\u00edch th\u01b0\u1edbc: 16*11*3.7 cm<\/span><\/p>\n<p style=\"text-align: justify;\"><span style=\"font-size: 18px;\">&#8211; B\u1ed9 s\u1ea1c \u0111\u00e3 \u0111\u01b0\u1ee3c c\u1ea3i ti\u1ebfn \u1ed5n \u00e1p v\u00e0 qu\u1ea1t l\u00e0m m\u00e1t (tuy\u1ec7t \u0111\u1ed1i an to\u00e0n &#8211; v\u00e0 th\u00f4ng minh)<\/span><\/p>\n<h2 style=\"text-align: justify;\"><span style=\"color: #0000ff; font-size: 18px;\"><strong><img loading=\"lazy\" decoding=\"async\" class=\"alignnone wp-image-10739\" src=\"https:\/\/phukienflytech.vn\/wp-content\/uploads\/2020\/06\/bo-sac-nhanh-mavic-2-skygle-6105-1-1-600x400.jpg\" alt=\"Quick-charger-for-Mavic-2- 9\" width=\"573\" height=\"382\" srcset=\"https:\/\/phukienflytech.vn\/wp-content\/uploads\/2020\/06\/bo-sac-nhanh-mavic-2-skygle-6105-1-1-600x400.jpg 600w, https:\/\/phukienflytech.vn\/wp-content\/uploads\/2020\/06\/bo-sac-nhanh-mavic-2-skygle-6105-1-1-768x512.jpg 768w, https:\/\/phukienflytech.vn\/wp-content\/uploads\/2020\/06\/bo-sac-nhanh-mavic-2-skygle-6105-1-1.jpg 799w\" sizes=\"auto, (max-width: 573px) 100vw, 573px\" \/><\/strong><\/span><\/h2>\n<h2 style=\"text-align: justify;\"><span style=\"font-size: 21px; color: #0000ff;\"><strong>T\u1ea1i sao ch\u00fang ta n\u00ean s\u1eed d\u1ee5ng Quick charger for Mavic 2 ?\u00a0<\/strong><\/span><\/h2>\n<p style=\"text-align: justify;\"><span style=\"font-size: 18px;\">Khi ch\u00fang ta mua flycam DJI Mavic 2 Pro\/Zoom b\u1ea3n only &amp; combo. Ai c\u0169ng c\u00f3 cho m\u00ecnh it nh\u1ea5t t\u1eeb 2 t\u1edbi 3 c\u1ee5c pin. \u0110\u1ec3 c\u00f3 th\u1ec3 th\u1ecfa m\u00e3n th\u1eddi gian \u0111am m\u00ea c\u0169ng nh\u01b0 l\u00e0 \u0111\u00e1p \u1ee9ng \u0111\u01b0\u1ee3c nhu c\u1ea7u quay film v\u00e0 ch\u1ee5p h\u00ecnh t\u1eeb tr\u00ean cao c\u1ee7a m\u00ecnh.\u00a0<\/span><\/p>\n<p>&nbsp;<\/p>\n<h2 style=\"text-align: justify;\"><span style=\"color: #0000ff; font-size: 18px;\"><strong><img loading=\"lazy\" decoding=\"async\" class=\"alignnone wp-image-10742 size-medium\" src=\"https:\/\/phukienflytech.vn\/wp-content\/uploads\/2020\/06\/bo-sac-nhanh-mavic-2-skygle-6105-2-1-408x400.jpg\" alt=\"Quick-charger-for-Mavic-2-4\" width=\"408\" height=\"400\" srcset=\"https:\/\/phukienflytech.vn\/wp-content\/uploads\/2020\/06\/bo-sac-nhanh-mavic-2-skygle-6105-2-1-408x400.jpg 408w, https:\/\/phukienflytech.vn\/wp-content\/uploads\/2020\/06\/bo-sac-nhanh-mavic-2-skygle-6105-2-1.jpg 491w\" sizes=\"auto, (max-width: 408px) 100vw, 408px\" \/><\/strong><\/span><\/h2>\n<p>&nbsp;<\/p>\n<p style=\"text-align: justify;\"><span style=\"font-size: 18px;\">V\u1edbi b\u1ed9 s\u1ea1c g\u1ed1c theo m\u00e1y bay ch\u1ec9 \u0111\u00e1p \u1ee9ng s\u1ea1c 1 c\u1ee5c pin m\u1ed7i l\u1ea7n. C\u1ee9 nh\u01b0 v\u1eady ch\u00fang ta ph\u1ea3i c\u0103n th\u1eddi gian s\u1ea1c t\u1eeb r\u1ea5t s\u1edbm \u0111\u1ec3 c\u00f3 th\u1ec3 s\u1ea1c to\u00e0n b\u1ed9 ch\u00fang cho t\u1edbi khi t\u1ea5t c\u1ea3 c\u00f9ng \u0111\u1ea7y.<\/span><\/p>\n<p>&nbsp;<\/p>\n<h2 style=\"text-align: justify;\"><span style=\"color: #0000ff; font-size: 18px;\"><strong><img loading=\"lazy\" decoding=\"async\" class=\"alignnone wp-image-10746\" src=\"https:\/\/phukienflytech.vn\/wp-content\/uploads\/2020\/06\/bo-sac-nhanh-mavic-2-skygle-6105-3-1-713x400.jpg\" alt=\"Quick-charger-for-Mavic-2\" width=\"610\" height=\"342\" srcset=\"https:\/\/phukienflytech.vn\/wp-content\/uploads\/2020\/06\/bo-sac-nhanh-mavic-2-skygle-6105-3-1-713x400.jpg 713w, https:\/\/phukienflytech.vn\/wp-content\/uploads\/2020\/06\/bo-sac-nhanh-mavic-2-skygle-6105-3-1-768x431.jpg 768w, https:\/\/phukienflytech.vn\/wp-content\/uploads\/2020\/06\/bo-sac-nhanh-mavic-2-skygle-6105-3-1-600x337.jpg 600w, https:\/\/phukienflytech.vn\/wp-content\/uploads\/2020\/06\/bo-sac-nhanh-mavic-2-skygle-6105-3-1.jpg 797w\" sizes=\"auto, (max-width: 610px) 100vw, 610px\" \/><\/strong><\/span><\/h2>\n<p>&nbsp;<\/p>\n<p style=\"text-align: justify;\"><span style=\"font-size: 18px;\">\u0110\u1ec3 ti\u1ebft ki\u00eam th\u1eddi gian ch\u00fang ta c\u0103n gi\u1edd v\u00e0 thay th\u1ebf t\u1eebng vi\u00ean m\u1ed9t. S\u1ea3n ph\u1ea9m n\u00e0y s\u1ebd gi\u00fap ch\u00fang ta s\u1ea1c \u0111\u1ed3ng th\u1eddi v\u00e0 s\u1ebd t\u1ef1 ng\u1eaft khi \u0111\u1ea7y pin<\/span><\/p>\n<p>&nbsp;<\/p>\n<h2 style=\"text-align: justify;\"><span style=\"color: #0000ff; font-size: 18px;\"><strong><img loading=\"lazy\" decoding=\"async\" class=\"alignnone wp-image-10750\" src=\"https:\/\/phukienflytech.vn\/wp-content\/uploads\/2020\/06\/bo-sac-nhanh-mavic-2-skygle-6105-4-1-533x400.jpg\" alt=\"Quick-charger-for-Mavic-2-5\" width=\"470\" height=\"353\" srcset=\"https:\/\/phukienflytech.vn\/wp-content\/uploads\/2020\/06\/bo-sac-nhanh-mavic-2-skygle-6105-4-1-533x400.jpg 533w, https:\/\/phukienflytech.vn\/wp-content\/uploads\/2020\/06\/bo-sac-nhanh-mavic-2-skygle-6105-4-1-768x576.jpg 768w, https:\/\/phukienflytech.vn\/wp-content\/uploads\/2020\/06\/bo-sac-nhanh-mavic-2-skygle-6105-4-1-600x450.jpg 600w, https:\/\/phukienflytech.vn\/wp-content\/uploads\/2020\/06\/bo-sac-nhanh-mavic-2-skygle-6105-4-1.jpg 900w\" sizes=\"auto, (max-width: 470px) 100vw, 470px\" \/><\/strong><\/span><\/h2>\n<p style=\"text-align: justify;\"><span style=\"font-size: 18px;\"><strong>S\u1ea1c Mavic 2 &#8211; Skygle<\/strong> 5 in 1: 3 pin + tay \u0111i\u1ec1u ki\u1ec3n v\u00e0 chi\u1ebfc smart phone trong c\u00f9ng m\u1ed9t l\u00fac. Gi\u00fap b\u1ea1n ti\u1ebft ki\u1ec7m th\u1eddi gian s\u1ea1c pin trong c\u00e1c chuy\u1ebfn bay \u0111\u00f2i h\u1ecfi s\u1ef1 li\u00ean t\u1ee5c<\/span><\/p>\n<p>&nbsp;<\/p>\n<h2 style=\"text-align: justify;\"><span style=\"font-size: 21px; color: #0000ff;\"><strong>Cam k\u1ebft v\u00e0 b\u1ea3o h\u00e0nh Quick charger for Mavic 2 &#8211; Skygle<\/strong><\/span><\/h2>\n<ul>\n<li style=\"text-align: justify;\"><span style=\"font-size: 18px;\">B\u1ea3o h\u00e0nh 6 th\u00e1ng <\/span><\/li>\n<li style=\"text-align: justify;\"><span style=\"font-size: 18px;\">\u0110\u1ed5i tr\u1ea3 trong 1 tu\u1ea7n<\/span><\/li>\n<\/ul>\n<p><span style=\"font-size: 18px;\">Trong tr\u01b0\u1eddng h\u1ee3p s\u1ea3n ph\u1ea9m l\u1ed7i do nh\u00e0 s\u1ea3n xu\u1ea5t<\/span><\/p>\n<p>&nbsp;<\/p>\n<h2 style=\"text-align: justify;\"><span style=\"font-size: 21px; color: #0000ff;\"><strong>Mua Quick charger for Mavic 2 pro\/zoom \u1edf \u0111\u00e2u ?<\/strong><\/span><\/h2>\n<p style=\"text-align: justify;\"><span style=\"font-size: 18px;\"><strong>Ph\u1ee5 Ki\u1ec7n Flytech\u00a0<\/strong><strong>\u00a0<\/strong>l\u00e0 1 trong nh\u1eefng \u0111\u1ecba ch\u1ec9 uy t\u00edn \u0111\u1ec3 c\u00e1c b\u1ea1n c\u00f3 th\u1ec3 tin t\u01b0\u1edfng v\u00e0 mua s\u1ea1c Pin ch\u00ednh h\u00e3ng Mavic 2. Ch\u00fang t\u00f4i lu\u00f4n \u0111\u1eb7t quy\u1ec1n l\u1ee3i c\u1ee7a kh\u00e1ch h\u00e0ng l\u00ean h\u00e0ng \u0111\u1ea7u. Ngo\u00e0i ra ch\u00fang t\u00f4i c\u00f2n chung c\u1ea5p ph\u1ee5 ki\u1ec7n flycam DJI Mavic 2 \u0111\u1ec3 ph\u1ee5c v\u1ee5 nhu c\u1ea7u c\u1ee7a c\u00e1c b\u1ea1n.<\/span><\/p>\n<p>&nbsp;<\/p>\n<h2 style=\"text-align: justify;\"><span style=\"font-size: 21px; color: #0000ff;\"><strong>Mua ph\u1ee5 ki\u1ec7n flycam DJI phantom,Mavic,Spark \u1edf \u0111\u00e2u?<\/strong><\/span><\/h2>\n<p style=\"text-align: justify;\"><span style=\"font-size: 18px;\"><strong><a href=\"https:\/\/facebook.com\/phukienflycam\">Ph\u1ee5 Ki\u1ec7n Flytech Gi\u00e1 T\u1ed1t<\/a><\/strong>\u00a0h\u00e2n h\u1ea1nh \u0111em l\u1ea1i c\u00e1c m\u1eabu s\u1ea3n ph\u1ea9m Balo phatom ch\u00ednh h\u00e3ng t\u1ed1t nh\u1ea5t ph\u1ee5c v\u1ee5 \u0111am m\u00ea, v\u00e0 c\u00f4ng vi\u1ec7c c\u1ee7a c\u00e1c b\u1ea1n, h\u00e3y \u0111\u1ec3 ch\u00fang t\u00f4i ti\u1ebfp s\u1ee9c \u0111am m\u00ea, c\u00f4ng vi\u1ec7c c\u1ee7a b\u1ea1n, gi\u00fap b\u1ea1n th\u00eam ni\u1ec1m h\u1ee9ng kh\u1edfi trong \u0111am m\u00ea c\u0169ng nh\u01b0 c\u00f4ng vi\u1ec7c c\u1ee7a m\u00ecnh th\u00eam su\u00f4n s\u1ebb<\/span><\/p>\n<p>&nbsp;<\/p>\n<h2 style=\"text-align: justify;\"><span style=\"color: #0000ff; font-size: 18px;\"><strong><img loading=\"lazy\" decoding=\"async\" class=\"alignnone wp-image-10753\" src=\"https:\/\/phukienflytech.vn\/wp-content\/uploads\/2020\/06\/bo-sac-nhanh-mavic-2-skygle-6105-5-800x251.png\" alt=\"\" width=\"573\" height=\"180\" srcset=\"https:\/\/phukienflytech.vn\/wp-content\/uploads\/2020\/06\/bo-sac-nhanh-mavic-2-skygle-6105-5-800x251.png 800w, https:\/\/phukienflytech.vn\/wp-content\/uploads\/2020\/06\/bo-sac-nhanh-mavic-2-skygle-6105-5-768x241.png 768w, https:\/\/phukienflytech.vn\/wp-content\/uploads\/2020\/06\/bo-sac-nhanh-mavic-2-skygle-6105-5-600x188.png 600w, https:\/\/phukienflytech.vn\/wp-content\/uploads\/2020\/06\/bo-sac-nhanh-mavic-2-skygle-6105-5.png 1013w\" sizes=\"auto, (max-width: 573px) 100vw, 573px\" \/><\/strong><\/span><\/h2>\n<p>&nbsp;<\/p>\n<p style=\"text-align: justify;\"><span style=\"font-size: 18px;\">&gt;&gt; Tham kh\u1ea3o th\u00eam: <span style=\"color: #0000ff;\"><strong><a style=\"color: #0000ff;\" href=\"https:\/\/phukienflytech.vn\/en\/danh-muc\/mavic-2s-accessory.html\">Ph\u1ee5 ki\u1ec7n Mavic 2<\/a><\/strong><\/span><\/span><\/p>\n<p>&nbsp;<\/p>\n<p style=\"text-align: justify;\"><span style=\"font-size: 18px;\">H\u00e3y \u0111\u1ec3\u00a0<strong><a href=\"https:\/\/facebook.com\/phukienflycam\/\" target=\"_blank\" rel=\"noopener noreferrer\">Ph\u1ee5 Ki\u1ec7n Fly-cam Gi\u00e1 T\u1ed1t<\/a><\/strong>\u00a0ti\u1ebfp s\u1ee9c \u0111am m\u00ea, c\u00f4ng vi\u1ec7c c\u1ee7a b\u1ea1n, gi\u00fap b\u1ea1n th\u00eam ni\u1ec1m h\u1ee9ng kh\u1edfi trong \u0111am m\u00ea c\u0169ng nh\u01b0 c\u00f4ng vi\u1ec7c c\u1ee7a m\u00ecnh th\u00eam su\u00f4n s\u1ebb<\/span><\/p>\n","protected":false},"excerpt":{"rendered":"<p>Quick charger for Mavic 2 &nbsp; Quick charger for Mavic 2 S\u1ea1c Mavic 2 hi\u1ec7n t\u1ea1i c\u00f3 m\u1ed9t v\u00e0i th\u01b0\u01a1ng hi\u1ec7u n\u1ed5i ti\u1ebfng \u0111\u01b0\u1ee3c nhi\u1ec1u ng\u01b0\u1eddi s\u1eed d\u1ee5ng g\u1ed3m c\u00f3 DJI, Yxtech, Skygle. D\u01b0\u1edbi \u0111\u00e2y ch\u00fang ta s\u1ebd t\u00ecm hi\u1ec3u v\u1ec1 s\u1ea3n ph\u1ea9m c\u1ee7a h\u00e3ng Skygle nh\u00e9. \u00a0 H\u00ecnh \u1ea3nh: B\u1ed9 s\u1ea1c Mavic 2 Skygle &#8230;<\/p>\n","protected":false},"featured_media":6107,"comment_status":"open","ping_status":"closed","template":"","meta":{"_acf_changed":false},"product_brand":[],"product_cat":[177],"product_tag":[498,209],"class_list":{"0":"post-6120","1":"product","2":"type-product","3":"status-publish","4":"has-post-thumbnail","6":"product_cat-mavic-2s-accessory","7":"product_tag-bo-sac-nhanh-mavic-2-en","8":"product_tag-phu-kien-mavic-2-en","10":"first","11":"instock","12":"shipping-taxable","13":"purchasable","14":"product-type-simple"},"acf":[],"yoast_head":"<!-- This site is optimized with the Yoast SEO plugin v25.7 - https:\/\/yoast.com\/wordpress\/plugins\/seo\/ -->\n<title>Quick charger for Mavic 2 - Mavic 2 accessory - Available - Original Skygle<\/title>\n<meta name=\"description\" content=\"Quick charger for Mavic 2 is one of the most important accessory. Contact us to buy Quick charger for Mavic 2 for best price, good warranty.\" \/>\n<meta name=\"robots\" content=\"index, follow, max-snippet:-1, max-image-preview:large, max-video-preview:-1\" \/>\n<link rel=\"canonical\" href=\"https:\/\/phukienflytech.vn\/en\/san-pham\/quick-charger-for-mavic-2.html\" \/>\n<meta property=\"og:locale\" content=\"en_US\" \/>\n<meta property=\"og:type\" content=\"article\" \/>\n<meta property=\"og:title\" content=\"Quick charger for Mavic 2 - Mavic 2 accessory - Available - Original Skygle\" \/>\n<meta property=\"og:description\" content=\"Quick charger for Mavic 2 is one of the most important accessory. Contact us to buy Quick charger for Mavic 2 for best price, good warranty.\" \/>\n<meta property=\"og:url\" content=\"https:\/\/phukienflytech.vn\/en\/san-pham\/quick-charger-for-mavic-2.html\" \/>\n<meta property=\"og:site_name\" content=\"Shop M\u00e1y \u1ea3nh - Action Camera - Gimbal - Flycam - Ph\u1ee5 ki\u1ec7n\" \/>\n<meta property=\"article:publisher\" content=\"https:\/\/facebook.com\/phukienflycam\" \/>\n<meta property=\"article:modified_time\" content=\"2022-08-18T06:55:01+00:00\" \/>\n<meta property=\"og:image\" content=\"https:\/\/phukienflytech.vn\/wp-content\/uploads\/2020\/06\/300x300_phu-kien-mavic-2-pro-zoom-sac-mavic-2-1342_-_Copy2_-_Copy.jpg\" \/>\n\t<meta property=\"og:image:width\" content=\"300\" \/>\n\t<meta property=\"og:image:height\" content=\"300\" \/>\n\t<meta property=\"og:image:type\" content=\"image\/jpeg\" \/>\n<meta name=\"twitter:card\" content=\"summary_large_image\" \/>\n<meta name=\"twitter:label1\" content=\"Est. reading time\" \/>\n\t<meta name=\"twitter:data1\" content=\"4 minutes\" \/>\n<script type=\"application\/ld+json\" class=\"yoast-schema-graph\">{\"@context\":\"https:\/\/schema.org\",\"@graph\":[{\"@type\":\"WebPage\",\"@id\":\"https:\/\/phukienflytech.vn\/en\/san-pham\/quick-charger-for-mavic-2.html\",\"url\":\"https:\/\/phukienflytech.vn\/en\/san-pham\/quick-charger-for-mavic-2.html\",\"name\":\"Quick charger for Mavic 2 - Mavic 2 accessory - Available - Original Skygle\",\"isPartOf\":{\"@id\":\"https:\/\/phukienflytech.vn\/#website\"},\"primaryImageOfPage\":{\"@id\":\"https:\/\/phukienflytech.vn\/en\/san-pham\/quick-charger-for-mavic-2.html#primaryimage\"},\"image\":{\"@id\":\"https:\/\/phukienflytech.vn\/en\/san-pham\/quick-charger-for-mavic-2.html#primaryimage\"},\"thumbnailUrl\":\"https:\/\/phukienflytech.vn\/wp-content\/uploads\/2020\/06\/300x300_phu-kien-mavic-2-pro-zoom-sac-mavic-2-1342_-_Copy2_-_Copy.jpg\",\"datePublished\":\"2020-06-24T11:23:57+00:00\",\"dateModified\":\"2022-08-18T06:55:01+00:00\",\"description\":\"Quick charger for Mavic 2 is one of the most important accessory. Contact us to buy Quick charger for Mavic 2 for best price, good warranty.\",\"breadcrumb\":{\"@id\":\"https:\/\/phukienflytech.vn\/en\/san-pham\/quick-charger-for-mavic-2.html#breadcrumb\"},\"inLanguage\":\"en-US\",\"potentialAction\":[{\"@type\":\"ReadAction\",\"target\":[\"https:\/\/phukienflytech.vn\/en\/san-pham\/quick-charger-for-mavic-2.html\"]}]},{\"@type\":\"ImageObject\",\"inLanguage\":\"en-US\",\"@id\":\"https:\/\/phukienflytech.vn\/en\/san-pham\/quick-charger-for-mavic-2.html#primaryimage\",\"url\":\"https:\/\/phukienflytech.vn\/wp-content\/uploads\/2020\/06\/300x300_phu-kien-mavic-2-pro-zoom-sac-mavic-2-1342_-_Copy2_-_Copy.jpg\",\"contentUrl\":\"https:\/\/phukienflytech.vn\/wp-content\/uploads\/2020\/06\/300x300_phu-kien-mavic-2-pro-zoom-sac-mavic-2-1342_-_Copy2_-_Copy.jpg\",\"width\":300,\"height\":300},{\"@type\":\"BreadcrumbList\",\"@id\":\"https:\/\/phukienflytech.vn\/en\/san-pham\/quick-charger-for-mavic-2.html#breadcrumb\",\"itemListElement\":[{\"@type\":\"ListItem\",\"position\":1,\"name\":\"Home\",\"item\":\"https:\/\/phukienflytech.vn\/en\"},{\"@type\":\"ListItem\",\"position\":2,\"name\":\"Ph\u1ee5 ki\u1ec7n Mavic Pro\",\"item\":\"https:\/\/phukienflytech.vn\/en\/phu-kien-mavic-pro.html\"},{\"@type\":\"ListItem\",\"position\":3,\"name\":\"DJI Osmo &amp; Drone's accessories\",\"item\":\"https:\/\/phukienflytech.vn\/en\/danh-muc\/dji-osmo-drones-accessories.html\"},{\"@type\":\"ListItem\",\"position\":4,\"name\":\"Ph\u1ee5 ki\u1ec7n DJI Mavic 2\",\"item\":\"https:\/\/phukienflytech.vn\/en\/danh-muc\/mavic-2s-accessory.html\"},{\"@type\":\"ListItem\",\"position\":5,\"name\":\"Quick charger for Mavic 2 &#8211; Skygle\"}]},{\"@type\":\"WebSite\",\"@id\":\"https:\/\/phukienflytech.vn\/#website\",\"url\":\"https:\/\/phukienflytech.vn\/\",\"name\":\"Shop M\u00e1y \u1ea3nh - Action Camera - Gimbal - Flycam - Ph\u1ee5 ki\u1ec7n\",\"description\":\"Shop M\u00e1y \u1ea3nh - Action Camera - Gimbal - Flycam - Ph\u1ee5 ki\u1ec7n\",\"publisher\":{\"@id\":\"https:\/\/phukienflytech.vn\/#organization\"},\"potentialAction\":[{\"@type\":\"SearchAction\",\"target\":{\"@type\":\"EntryPoint\",\"urlTemplate\":\"https:\/\/phukienflytech.vn\/?s={search_term_string}\"},\"query-input\":{\"@type\":\"PropertyValueSpecification\",\"valueRequired\":true,\"valueName\":\"search_term_string\"}}],\"inLanguage\":\"en-US\"},{\"@type\":\"Organization\",\"@id\":\"https:\/\/phukienflytech.vn\/#organization\",\"name\":\"DJI Store - Shop Drone, Action camera, Gimbal DJI |Phukienflytech\",\"alternateName\":\"DJI Store - Shop Drone, Action camera, Gimbal DJI |Phukienflytech\",\"url\":\"https:\/\/phukienflytech.vn\/\",\"logo\":{\"@type\":\"ImageObject\",\"inLanguage\":\"en-US\",\"@id\":\"https:\/\/phukienflytech.vn\/#\/schema\/logo\/image\/\",\"url\":\"https:\/\/phukienflytech.vn\/wp-content\/uploads\/2020\/05\/hAnh_nan.jpg1_.jpg\",\"contentUrl\":\"https:\/\/phukienflytech.vn\/wp-content\/uploads\/2020\/05\/hAnh_nan.jpg1_.jpg\",\"width\":800,\"height\":450,\"caption\":\"DJI Store - Shop Drone, Action camera, Gimbal DJI |Phukienflytech\"},\"image\":{\"@id\":\"https:\/\/phukienflytech.vn\/#\/schema\/logo\/image\/\"},\"sameAs\":[\"https:\/\/facebook.com\/phukienflycam\",\"https:\/\/www.youtube.com\/@phukienflytech\",\"https:\/\/www.tiktok.com\/@flytech.channel?fbclid=IwY2xjawGjg7BleHRuA2FlbQIxMAABHYVGmlXpuSMs0UB2zTpYvyT4GMVfN2qJa4urF4vkSQ6FAVBwXZtDP30qQA_aem_UwMiDcUvlEbd2tXAmsc8Og\"]}]}<\/script>\n<!-- \/ Yoast SEO plugin. -->","yoast_head_json":{"title":"Quick charger for Mavic 2 - Mavic 2 accessory - Available - Original Skygle","description":"Quick charger for Mavic 2 is one of the most important accessory. Contact us to buy Quick charger for Mavic 2 for best price, good warranty.","robots":{"index":"index","follow":"follow","max-snippet":"max-snippet:-1","max-image-preview":"max-image-preview:large","max-video-preview":"max-video-preview:-1"},"canonical":"https:\/\/phukienflytech.vn\/en\/san-pham\/quick-charger-for-mavic-2.html","og_locale":"en_US","og_type":"article","og_title":"Quick charger for Mavic 2 - Mavic 2 accessory - Available - Original Skygle","og_description":"Quick charger for Mavic 2 is one of the most important accessory. Contact us to buy Quick charger for Mavic 2 for best price, good warranty.","og_url":"https:\/\/phukienflytech.vn\/en\/san-pham\/quick-charger-for-mavic-2.html","og_site_name":"Shop M\u00e1y \u1ea3nh - Action Camera - Gimbal - Flycam - Ph\u1ee5 ki\u1ec7n","article_publisher":"https:\/\/facebook.com\/phukienflycam","article_modified_time":"2022-08-18T06:55:01+00:00","og_image":[{"width":300,"height":300,"url":"https:\/\/phukienflytech.vn\/wp-content\/uploads\/2020\/06\/300x300_phu-kien-mavic-2-pro-zoom-sac-mavic-2-1342_-_Copy2_-_Copy.jpg","type":"image\/jpeg"}],"twitter_card":"summary_large_image","twitter_misc":{"Est. reading time":"4 minutes"},"schema":{"@context":"https:\/\/schema.org","@graph":[{"@type":"WebPage","@id":"https:\/\/phukienflytech.vn\/en\/san-pham\/quick-charger-for-mavic-2.html","url":"https:\/\/phukienflytech.vn\/en\/san-pham\/quick-charger-for-mavic-2.html","name":"Quick charger for Mavic 2 - Mavic 2 accessory - Available - Original Skygle","isPartOf":{"@id":"https:\/\/phukienflytech.vn\/#website"},"primaryImageOfPage":{"@id":"https:\/\/phukienflytech.vn\/en\/san-pham\/quick-charger-for-mavic-2.html#primaryimage"},"image":{"@id":"https:\/\/phukienflytech.vn\/en\/san-pham\/quick-charger-for-mavic-2.html#primaryimage"},"thumbnailUrl":"https:\/\/phukienflytech.vn\/wp-content\/uploads\/2020\/06\/300x300_phu-kien-mavic-2-pro-zoom-sac-mavic-2-1342_-_Copy2_-_Copy.jpg","datePublished":"2020-06-24T11:23:57+00:00","dateModified":"2022-08-18T06:55:01+00:00","description":"Quick charger for Mavic 2 is one of the most important accessory. Contact us to buy Quick charger for Mavic 2 for best price, good warranty.","breadcrumb":{"@id":"https:\/\/phukienflytech.vn\/en\/san-pham\/quick-charger-for-mavic-2.html#breadcrumb"},"inLanguage":"en-US","potentialAction":[{"@type":"ReadAction","target":["https:\/\/phukienflytech.vn\/en\/san-pham\/quick-charger-for-mavic-2.html"]}]},{"@type":"ImageObject","inLanguage":"en-US","@id":"https:\/\/phukienflytech.vn\/en\/san-pham\/quick-charger-for-mavic-2.html#primaryimage","url":"https:\/\/phukienflytech.vn\/wp-content\/uploads\/2020\/06\/300x300_phu-kien-mavic-2-pro-zoom-sac-mavic-2-1342_-_Copy2_-_Copy.jpg","contentUrl":"https:\/\/phukienflytech.vn\/wp-content\/uploads\/2020\/06\/300x300_phu-kien-mavic-2-pro-zoom-sac-mavic-2-1342_-_Copy2_-_Copy.jpg","width":300,"height":300},{"@type":"BreadcrumbList","@id":"https:\/\/phukienflytech.vn\/en\/san-pham\/quick-charger-for-mavic-2.html#breadcrumb","itemListElement":[{"@type":"ListItem","position":1,"name":"Home","item":"https:\/\/phukienflytech.vn\/en"},{"@type":"ListItem","position":2,"name":"Ph\u1ee5 ki\u1ec7n Mavic Pro","item":"https:\/\/phukienflytech.vn\/en\/phu-kien-mavic-pro.html"},{"@type":"ListItem","position":3,"name":"DJI Osmo &amp; Drone's accessories","item":"https:\/\/phukienflytech.vn\/en\/danh-muc\/dji-osmo-drones-accessories.html"},{"@type":"ListItem","position":4,"name":"Ph\u1ee5 ki\u1ec7n DJI Mavic 2","item":"https:\/\/phukienflytech.vn\/en\/danh-muc\/mavic-2s-accessory.html"},{"@type":"ListItem","position":5,"name":"Quick charger for Mavic 2 &#8211; Skygle"}]},{"@type":"WebSite","@id":"https:\/\/phukienflytech.vn\/#website","url":"https:\/\/phukienflytech.vn\/","name":"Shop M\u00e1y \u1ea3nh - Action Camera - Gimbal - Flycam - Ph\u1ee5 ki\u1ec7n","description":"Shop M\u00e1y \u1ea3nh - Action Camera - Gimbal - Flycam - Ph\u1ee5 ki\u1ec7n","publisher":{"@id":"https:\/\/phukienflytech.vn\/#organization"},"potentialAction":[{"@type":"SearchAction","target":{"@type":"EntryPoint","urlTemplate":"https:\/\/phukienflytech.vn\/?s={search_term_string}"},"query-input":{"@type":"PropertyValueSpecification","valueRequired":true,"valueName":"search_term_string"}}],"inLanguage":"en-US"},{"@type":"Organization","@id":"https:\/\/phukienflytech.vn\/#organization","name":"DJI Store - Shop Drone, Action camera, Gimbal DJI |Phukienflytech","alternateName":"DJI Store - Shop Drone, Action camera, Gimbal DJI |Phukienflytech","url":"https:\/\/phukienflytech.vn\/","logo":{"@type":"ImageObject","inLanguage":"en-US","@id":"https:\/\/phukienflytech.vn\/#\/schema\/logo\/image\/","url":"https:\/\/phukienflytech.vn\/wp-content\/uploads\/2020\/05\/hAnh_nan.jpg1_.jpg","contentUrl":"https:\/\/phukienflytech.vn\/wp-content\/uploads\/2020\/05\/hAnh_nan.jpg1_.jpg","width":800,"height":450,"caption":"DJI Store - Shop Drone, Action camera, Gimbal DJI |Phukienflytech"},"image":{"@id":"https:\/\/phukienflytech.vn\/#\/schema\/logo\/image\/"},"sameAs":["https:\/\/facebook.com\/phukienflycam","https:\/\/www.youtube.com\/@phukienflytech","https:\/\/www.tiktok.com\/@flytech.channel?fbclid=IwY2xjawGjg7BleHRuA2FlbQIxMAABHYVGmlXpuSMs0UB2zTpYvyT4GMVfN2qJa4urF4vkSQ6FAVBwXZtDP30qQA_aem_UwMiDcUvlEbd2tXAmsc8Og"]}]}},"_links":{"self":[{"href":"https:\/\/phukienflytech.vn\/en\/wp-json\/wp\/v2\/product\/6120","targetHints":{"allow":["GET"]}}],"collection":[{"href":"https:\/\/phukienflytech.vn\/en\/wp-json\/wp\/v2\/product"}],"about":[{"href":"https:\/\/phukienflytech.vn\/en\/wp-json\/wp\/v2\/types\/product"}],"replies":[{"embeddable":true,"href":"https:\/\/phukienflytech.vn\/en\/wp-json\/wp\/v2\/comments?post=6120"}],"wp:featuredmedia":[{"embeddable":true,"href":"https:\/\/phukienflytech.vn\/en\/wp-json\/wp\/v2\/media\/6107"}],"wp:attachment":[{"href":"https:\/\/phukienflytech.vn\/en\/wp-json\/wp\/v2\/media?parent=6120"}],"wp:term":[{"taxonomy":"product_brand","embeddable":true,"href":"https:\/\/phukienflytech.vn\/en\/wp-json\/wp\/v2\/product_brand?post=6120"},{"taxonomy":"product_cat","embeddable":true,"href":"https:\/\/phukienflytech.vn\/en\/wp-json\/wp\/v2\/product_cat?post=6120"},{"taxonomy":"product_tag","embeddable":true,"href":"https:\/\/phukienflytech.vn\/en\/wp-json\/wp\/v2\/product_tag?post=6120"}],"curies":[{"name":"wp","href":"https:\/\/api.w.org\/{rel}","templated":true}]}}