{"id":6134,"date":"2020-06-20T18:30:03","date_gmt":"2020-06-20T11:30:03","guid":{"rendered":"http:\/\/27430.lamdx.vinawebsite.vn\/san-pham\/hop-dung-smart-controller-professional-pgytech.html"},"modified":"2022-08-18T15:35:18","modified_gmt":"2022-08-18T08:35:18","slug":"protection-box-for-smart-controller","status":"publish","type":"product","link":"https:\/\/phukienflytech.vn\/en\/san-pham\/protection-box-for-smart-controller.html","title":{"rendered":"Protection box for Smart Controller &#8211; PGYtech"},"content":{"rendered":"<h2><span style=\"color: #0000ff; font-size: 24px;\"><em><strong>Protection box for Smart Controller &#8211; PGYtech<\/strong><\/em><\/span><\/h2>\n<p>&nbsp;<\/p>\n<p><span style=\"font-size: 18px;\">Protection box for Smart Controller<\/span><\/p>\n<p><span style=\"font-size: 18px;\">DJI \u0111\u00e3 cho ra m\u1eaft\u00a0<strong>Smart Controller cho DJI Mavic 2 pro\/ DJI Mavic zoom<\/strong>, v\u00e0 \u0111\u00f3 \u0111\u01b0\u1ee3c coi l\u00e0 1 gi\u1ea3i ph\u00e1p t\u1ed1t cho nh\u1eefng ng\u01b0\u1eddi \u0111ang s\u1eed d\u1ee5ng\u00a0<strong>DJI Mavic 2 pro\/ DJI Mavic zoom<\/strong>. V\u1edbi nh\u1eefng t\u00ednh n\u0103ng v\u01b0\u1ee3t tr\u1ed9i h\u01a1n so v\u1edbi b\u1ed9 \u0111i\u1ec1u khi\u1ec3n ti\u00eau chu\u1ea9n.\u00a0Ch\u01b0a c\u00f3 nhi\u1ec1u m\u1eabu h\u1ed9p \u0111\u1ef1ng cho\u00a0<strong>Smart Controller cho DJI Mavic 2 pro\/ DJI Mavic zoom<\/strong>. Nay m\u1eabu\u00a0<em><strong>H\u1ed9p \u0111\u1ef1ng Smart Controller &#8211; Professional &#8211; PGYtech<\/strong><\/em>, \u0111\u00e3 c\u00f3 m\u1eb7t t\u1ea1i shop\u00a0<a href=\"https:\/\/phukienflytech.vn\/\" target=\"_blank\" rel=\"noopener noreferrer\"><strong>Ph\u1ee5 ki\u1ec7n flycam gi\u00e1 t\u1ed1t<\/strong><\/a>.<\/span><\/p>\n<h2><span style=\"color: #0000ff; font-size: 18px;\"><em><strong><img loading=\"lazy\" decoding=\"async\" class=\"alignnone wp-image-10702 size-medium\" src=\"https:\/\/phukienflytech.vn\/wp-content\/uploads\/2020\/06\/hop-dung-smart-controller-professional-pgytech-6121-5-600x400.jpg\" alt=\"Protection-box-for-Smart-Controller-1\" width=\"600\" height=\"400\" srcset=\"https:\/\/phukienflytech.vn\/wp-content\/uploads\/2020\/06\/hop-dung-smart-controller-professional-pgytech-6121-5-600x400.jpg 600w, https:\/\/phukienflytech.vn\/wp-content\/uploads\/2020\/06\/hop-dung-smart-controller-professional-pgytech-6121-5.jpg 720w\" sizes=\"auto, (max-width: 600px) 100vw, 600px\" \/><\/strong><\/em><\/span><\/h2>\n<p><span style=\"font-size: 18px;\">Ngo\u00e0i\u00a0<strong><em>H\u1ed9p \u0111\u1ef1ng Smart Controller &#8211; Professional &#8211; PGYtech<\/em><\/strong>\u00a0ch\u00fang ta c\u00f2n c\u00f3 nh\u1eefng s\u1ef1 l\u1ef1a ch\u1ecdn kh\u00e1c t\u1eeb nh\u1eefng m\u1eabu\u00a0<strong>vali ch\u1ed1ng s\u1ed1c, ch\u1ed1ng n\u01b0\u1edbc Mavic 2<\/strong>\u00a0\u0111\u00e3 t\u00edch h\u1ee3p s\u1eb5n n\u01a1i c\u00f3 th\u1ec3 ch\u1ee9a\u00a0<strong>B\u1ed9 \u0111i\u1ec1u khi\u1ec3n th\u00f4ng minh Mavic 2.\u00a0<\/strong><\/span><\/p>\n<h2><span style=\"color: #0000ff; font-size: 18px;\"><em><strong><img loading=\"lazy\" decoding=\"async\" class=\"alignnone size-medium wp-image-10704\" src=\"https:\/\/phukienflytech.vn\/wp-content\/uploads\/2020\/06\/hop-dung-smart-controller-professional-pgytech-6121-1-1.jpg\" alt=\"\" width=\"500\" height=\"281\" \/><\/strong><\/em><\/span><\/h2>\n<p>&nbsp;<\/p>\n<h2><span style=\"color: #0000ff; font-size: 18px;\"><em><strong><img loading=\"lazy\" decoding=\"async\" class=\"alignnone wp-image-10706 size-medium\" src=\"https:\/\/phukienflytech.vn\/wp-content\/uploads\/2020\/06\/hop-dung-smart-controller-professional-pgytech-6121-2-1-400x400.jpg\" alt=\"Protection-box-for-Smart-Controller-5\" width=\"400\" height=\"400\" srcset=\"https:\/\/phukienflytech.vn\/wp-content\/uploads\/2020\/06\/hop-dung-smart-controller-professional-pgytech-6121-2-1-400x400.jpg 400w, https:\/\/phukienflytech.vn\/wp-content\/uploads\/2020\/06\/hop-dung-smart-controller-professional-pgytech-6121-2-1-280x280.jpg 280w, https:\/\/phukienflytech.vn\/wp-content\/uploads\/2020\/06\/hop-dung-smart-controller-professional-pgytech-6121-2-1-300x300.jpg 300w, https:\/\/phukienflytech.vn\/wp-content\/uploads\/2020\/06\/hop-dung-smart-controller-professional-pgytech-6121-2-1.jpg 600w, https:\/\/phukienflytech.vn\/wp-content\/uploads\/2020\/06\/hop-dung-smart-controller-professional-pgytech-6121-2-1-100x100.jpg 100w\" sizes=\"auto, (max-width: 400px) 100vw, 400px\" \/><\/strong><\/em><\/span><\/h2>\n<h2><span style=\"font-size: 21px; color: #0000ff;\"><em><strong>Th\u00f4ng tin Protection box for Smart Controller<\/strong><\/em><\/span><\/h2>\n<ul>\n<li><span style=\"font-size: 18px;\">Ch\u1ea5t li\u1ec7u:\u00a0Da PU, khung c\u1ee9ng<\/span><\/li>\n<li><span style=\"font-size: 18px;\">Ph\u00e2n kh\u00fac: Cao c\u1ea5p nh\u1ea5t c\u1ee7a PGYtech<\/span><\/li>\n<li><span style=\"font-size: 18px;\">Ch\u1ed1ng n\u01b0\u1edbc, ch\u1ed1ng s\u1ed1c<\/span><\/li>\n<li><span style=\"font-size: 18px;\">K\u00edch th\u01b0\u1edbc: 25cm x 20cm x 7cm<\/span><\/li>\n<li><span style=\"font-size: 18px;\">Tr\u1ecdng l\u01b0\u1ee3ng: 200g<\/span><\/li>\n<li><span style=\"font-size: 18px;\">T\u00fai \u0111\u01b0\u1ee3c thi\u1ebft k\u1ebf \u0111\u1eb7c bi\u1ec7t cho\u00a0<strong>B\u1ed9 \u0111i\u1ec1u khi\u1ec3n th\u00f4ng minh DJI Smart controller<\/strong>, c\u00f3 2 t\u1ea7ng \u0111\u1ec3 \u0111\u1ef1ng ph\u1ee5 ki\u1ec7n kh\u00e1c v\u00f4 c\u00f9ng tho\u1ea3i m\u00e1i.\u00a0<\/span><\/li>\n<\/ul>\n<h2><span style=\"color: #0000ff; font-size: 18px;\"><em><strong><img loading=\"lazy\" decoding=\"async\" class=\"alignnone wp-image-10708\" src=\"https:\/\/phukienflytech.vn\/wp-content\/uploads\/2020\/06\/hop-dung-smart-controller-professional-pgytech-6121-3-1-710x400.jpg\" alt=\"\" width=\"614\" height=\"346\" srcset=\"https:\/\/phukienflytech.vn\/wp-content\/uploads\/2020\/06\/hop-dung-smart-controller-professional-pgytech-6121-3-1-710x400.jpg 710w, https:\/\/phukienflytech.vn\/wp-content\/uploads\/2020\/06\/hop-dung-smart-controller-professional-pgytech-6121-3-1-768x432.jpg 768w, https:\/\/phukienflytech.vn\/wp-content\/uploads\/2020\/06\/hop-dung-smart-controller-professional-pgytech-6121-3-1-600x338.jpg 600w, https:\/\/phukienflytech.vn\/wp-content\/uploads\/2020\/06\/hop-dung-smart-controller-professional-pgytech-6121-3-1.jpg 1000w\" sizes=\"auto, (max-width: 614px) 100vw, 614px\" \/><\/strong><\/em><\/span><\/h2>\n<ul>\n<li><span style=\"font-size: 18px;\">C\u1ea7n ph\u1ea3i th\u00e1o c\u1ea7n \u0111i\u1ec1u khi\u1ec3n trong qu\u00e1 tr\u00ecnh l\u01b0u tr\u1eef.\u00a0N\u00f3 c\u00f3 th\u1ec3 \u0111\u01b0\u1ee3c \u0111\u00f3ng g\u00f3i tr\u1ef1c ti\u1ebfp v\u00e0o ba l\u00f4 ho\u1eb7c vali, ho\u1eb7c treo tr\u00ean ba l\u00f4 \u0111\u1ec3 d\u1ec5 s\u1eed d\u1ee5ng.<\/span><\/li>\n<li><span style=\"font-size: 18px;\">G\u00f3i bao g\u1ed3m: 1 x H\u1ed9p \u0111\u1ef1ng cho\u00a0<strong>B\u1ed9 \u0111i\u1ec1u khi\u1ec3n th\u00f4ng minh DJI<\/strong>. (L\u01b0u \u00fd: Kh\u00f4ng bao g\u1ed3m B\u1ed9 \u0111i\u1ec1u khi\u1ec3n t\u1eeb xa).<\/span><\/li>\n<\/ul>\n<h2><span style=\"color: #0000ff; font-size: 18px;\"><em><strong><img loading=\"lazy\" decoding=\"async\" class=\"alignnone wp-image-10710\" src=\"https:\/\/phukienflytech.vn\/wp-content\/uploads\/2020\/06\/hop-dung-smart-controller-professional-pgytech-6121-4-1-606x400.jpg\" alt=\"Protection-box-for-Smart-Controller\" width=\"541\" height=\"357\" srcset=\"https:\/\/phukienflytech.vn\/wp-content\/uploads\/2020\/06\/hop-dung-smart-controller-professional-pgytech-6121-4-1-606x400.jpg 606w, https:\/\/phukienflytech.vn\/wp-content\/uploads\/2020\/06\/hop-dung-smart-controller-professional-pgytech-6121-4-1-768x507.jpg 768w, https:\/\/phukienflytech.vn\/wp-content\/uploads\/2020\/06\/hop-dung-smart-controller-professional-pgytech-6121-4-1-600x396.jpg 600w, https:\/\/phukienflytech.vn\/wp-content\/uploads\/2020\/06\/hop-dung-smart-controller-professional-pgytech-6121-4-1.jpg 1024w\" sizes=\"auto, (max-width: 541px) 100vw, 541px\" \/><\/strong><\/em><\/span><\/h2>\n<p><span style=\"font-size: 18px;\">Ngo\u00e0i ra b\u00ean shop Ph\u1ee5 ki\u1ec7n flycam c\u00f2n cung c\u1ea5p c\u00e1c m\u1eabu h\u1ed9p \u0111\u1ef1ng m\u00e1y v\u00e0 tay khi\u1ec3n cho b\u1ea3n ti\u00eau chu\u1ea9n:<\/span><br \/>\n<span style=\"font-size: 18px;\">&#8211;\u00a0<em><strong><a href=\"https:\/\/phukienflytech.vn\/en\/san-pham\/bo-hop-combo-dung-mavic-pro-platium.html\" target=\"_blank\" rel=\"noopener noreferrer\">Combo h\u1ed9p \u0111\u1ef1ng Mavic Pro\/ Platium<\/a><\/strong><\/em><\/span><br \/>\n<span style=\"font-size: 18px;\">&#8211;\u00a0<a href=\"https:\/\/phukienflytech.vn\/en\/san-pham\/bo-hop-dung-mavic-2-chong-soc-cao-cap.html\" target=\"_blank\" rel=\"noopener noreferrer\"><em><strong>B\u1ed9 h\u1ed9p \u0111\u1ef1ng ch\u1ed1ng s\u1ed1c cho Mavic 2 cao c\u1ea5p<\/strong><\/em><\/a>,\u00a0<a href=\"https:\/\/phukienflytech.vn\/en\/san-pham\/bo-hop-dung-mavic-2-pro-zoom-combo-3-hop.html\" target=\"_blank\" rel=\"noopener noreferrer\"><em><strong>Combo 3 h\u1ed9p \u0111\u1ef1ng cao c\u1ea5p cho Mavic 2<\/strong><\/em><\/a>,&#8230;<\/span><\/p>\n","protected":false},"excerpt":{"rendered":"<p>Protection box for Smart Controller &#8211; PGYtech &nbsp; Protection box for Smart Controller DJI \u0111\u00e3 cho ra m\u1eaft\u00a0Smart Controller cho DJI Mavic 2 pro\/ DJI Mavic zoom, v\u00e0 \u0111\u00f3 \u0111\u01b0\u1ee3c coi l\u00e0 1 gi\u1ea3i ph\u00e1p t\u1ed1t cho nh\u1eefng ng\u01b0\u1eddi \u0111ang s\u1eed d\u1ee5ng\u00a0DJI Mavic 2 pro\/ DJI Mavic zoom. V\u1edbi nh\u1eefng t\u00ednh n\u0103ng v\u01b0\u1ee3t tr\u1ed9i h\u01a1n &#8230;<\/p>\n","protected":false},"featured_media":6123,"comment_status":"open","ping_status":"closed","template":"","meta":{"_acf_changed":false},"product_brand":[],"product_cat":[177],"product_tag":[500,209],"class_list":{"0":"post-6134","1":"product","2":"type-product","3":"status-publish","4":"has-post-thumbnail","6":"product_cat-mavic-2s-accessory","7":"product_tag-hop-dung-smart-controller-en","8":"product_tag-phu-kien-mavic-2-en","10":"first","11":"instock","12":"shipping-taxable","13":"purchasable","14":"product-type-simple"},"acf":[],"yoast_head":"<!-- This site is optimized with the Yoast SEO plugin v25.7 - https:\/\/yoast.com\/wordpress\/plugins\/seo\/ -->\n<title>Protection box for Smart Controller - Mavic 2 accessory - Available<\/title>\n<meta name=\"description\" content=\"Protection box for Smart Controller is one of the most important accessory. Contact us to buy Protection box for Smart Controller for best\" \/>\n<meta name=\"robots\" content=\"index, follow, max-snippet:-1, max-image-preview:large, max-video-preview:-1\" \/>\n<link rel=\"canonical\" href=\"https:\/\/phukienflytech.vn\/en\/san-pham\/protection-box-for-smart-controller.html\" \/>\n<meta property=\"og:locale\" content=\"en_US\" \/>\n<meta property=\"og:type\" content=\"article\" \/>\n<meta property=\"og:title\" content=\"Protection box for Smart Controller - Mavic 2 accessory - Available\" \/>\n<meta property=\"og:description\" content=\"Protection box for Smart Controller is one of the most important accessory. Contact us to buy Protection box for Smart Controller for best\" \/>\n<meta property=\"og:url\" content=\"https:\/\/phukienflytech.vn\/en\/san-pham\/protection-box-for-smart-controller.html\" \/>\n<meta property=\"og:site_name\" content=\"Shop M\u00e1y \u1ea3nh - Action Camera - Gimbal - Flycam - Ph\u1ee5 ki\u1ec7n\" \/>\n<meta property=\"article:publisher\" content=\"https:\/\/facebook.com\/phukienflycam\" \/>\n<meta property=\"article:modified_time\" content=\"2022-08-18T08:35:18+00:00\" \/>\n<meta property=\"og:image\" content=\"https:\/\/phukienflytech.vn\/wp-content\/uploads\/2020\/06\/300x300_phu-kien-flycam-dji-mavic-2-pro-zoom-smart-controller-dji-pgytech-chinh-hang-41-phukienflytech.vn_-_Copy.jpg\" \/>\n\t<meta property=\"og:image:width\" content=\"300\" \/>\n\t<meta property=\"og:image:height\" content=\"300\" \/>\n\t<meta property=\"og:image:type\" content=\"image\/jpeg\" \/>\n<meta name=\"twitter:card\" content=\"summary_large_image\" \/>\n<meta name=\"twitter:label1\" content=\"Est. reading time\" \/>\n\t<meta name=\"twitter:data1\" content=\"2 minutes\" \/>\n<script type=\"application\/ld+json\" class=\"yoast-schema-graph\">{\"@context\":\"https:\/\/schema.org\",\"@graph\":[{\"@type\":\"WebPage\",\"@id\":\"https:\/\/phukienflytech.vn\/en\/san-pham\/protection-box-for-smart-controller.html\",\"url\":\"https:\/\/phukienflytech.vn\/en\/san-pham\/protection-box-for-smart-controller.html\",\"name\":\"Protection box for Smart Controller - Mavic 2 accessory - Available\",\"isPartOf\":{\"@id\":\"https:\/\/phukienflytech.vn\/#website\"},\"primaryImageOfPage\":{\"@id\":\"https:\/\/phukienflytech.vn\/en\/san-pham\/protection-box-for-smart-controller.html#primaryimage\"},\"image\":{\"@id\":\"https:\/\/phukienflytech.vn\/en\/san-pham\/protection-box-for-smart-controller.html#primaryimage\"},\"thumbnailUrl\":\"https:\/\/phukienflytech.vn\/wp-content\/uploads\/2020\/06\/300x300_phu-kien-flycam-dji-mavic-2-pro-zoom-smart-controller-dji-pgytech-chinh-hang-41-phukienflytech.vn_-_Copy.jpg\",\"datePublished\":\"2020-06-20T11:30:03+00:00\",\"dateModified\":\"2022-08-18T08:35:18+00:00\",\"description\":\"Protection box for Smart Controller is one of the most important accessory. Contact us to buy Protection box for Smart Controller for best\",\"breadcrumb\":{\"@id\":\"https:\/\/phukienflytech.vn\/en\/san-pham\/protection-box-for-smart-controller.html#breadcrumb\"},\"inLanguage\":\"en-US\",\"potentialAction\":[{\"@type\":\"ReadAction\",\"target\":[\"https:\/\/phukienflytech.vn\/en\/san-pham\/protection-box-for-smart-controller.html\"]}]},{\"@type\":\"ImageObject\",\"inLanguage\":\"en-US\",\"@id\":\"https:\/\/phukienflytech.vn\/en\/san-pham\/protection-box-for-smart-controller.html#primaryimage\",\"url\":\"https:\/\/phukienflytech.vn\/wp-content\/uploads\/2020\/06\/300x300_phu-kien-flycam-dji-mavic-2-pro-zoom-smart-controller-dji-pgytech-chinh-hang-41-phukienflytech.vn_-_Copy.jpg\",\"contentUrl\":\"https:\/\/phukienflytech.vn\/wp-content\/uploads\/2020\/06\/300x300_phu-kien-flycam-dji-mavic-2-pro-zoom-smart-controller-dji-pgytech-chinh-hang-41-phukienflytech.vn_-_Copy.jpg\",\"width\":300,\"height\":300},{\"@type\":\"BreadcrumbList\",\"@id\":\"https:\/\/phukienflytech.vn\/en\/san-pham\/protection-box-for-smart-controller.html#breadcrumb\",\"itemListElement\":[{\"@type\":\"ListItem\",\"position\":1,\"name\":\"Home\",\"item\":\"https:\/\/phukienflytech.vn\/en\"},{\"@type\":\"ListItem\",\"position\":2,\"name\":\"Ph\u1ee5 ki\u1ec7n Mavic Pro\",\"item\":\"https:\/\/phukienflytech.vn\/en\/phu-kien-mavic-pro.html\"},{\"@type\":\"ListItem\",\"position\":3,\"name\":\"DJI Osmo &amp; Drone's accessories\",\"item\":\"https:\/\/phukienflytech.vn\/en\/danh-muc\/dji-osmo-drones-accessories.html\"},{\"@type\":\"ListItem\",\"position\":4,\"name\":\"Ph\u1ee5 ki\u1ec7n DJI Mavic 2\",\"item\":\"https:\/\/phukienflytech.vn\/en\/danh-muc\/mavic-2s-accessory.html\"},{\"@type\":\"ListItem\",\"position\":5,\"name\":\"Protection box for Smart Controller &#8211; PGYtech\"}]},{\"@type\":\"WebSite\",\"@id\":\"https:\/\/phukienflytech.vn\/#website\",\"url\":\"https:\/\/phukienflytech.vn\/\",\"name\":\"Shop M\u00e1y \u1ea3nh - Action Camera - Gimbal - Flycam - Ph\u1ee5 ki\u1ec7n\",\"description\":\"Shop M\u00e1y \u1ea3nh - Action Camera - Gimbal - Flycam - Ph\u1ee5 ki\u1ec7n\",\"publisher\":{\"@id\":\"https:\/\/phukienflytech.vn\/#organization\"},\"potentialAction\":[{\"@type\":\"SearchAction\",\"target\":{\"@type\":\"EntryPoint\",\"urlTemplate\":\"https:\/\/phukienflytech.vn\/?s={search_term_string}\"},\"query-input\":{\"@type\":\"PropertyValueSpecification\",\"valueRequired\":true,\"valueName\":\"search_term_string\"}}],\"inLanguage\":\"en-US\"},{\"@type\":\"Organization\",\"@id\":\"https:\/\/phukienflytech.vn\/#organization\",\"name\":\"DJI Store - Shop Drone, Action camera, Gimbal DJI |Phukienflytech\",\"alternateName\":\"DJI Store - Shop Drone, Action camera, Gimbal DJI |Phukienflytech\",\"url\":\"https:\/\/phukienflytech.vn\/\",\"logo\":{\"@type\":\"ImageObject\",\"inLanguage\":\"en-US\",\"@id\":\"https:\/\/phukienflytech.vn\/#\/schema\/logo\/image\/\",\"url\":\"https:\/\/phukienflytech.vn\/wp-content\/uploads\/2020\/05\/hAnh_nan.jpg1_.jpg\",\"contentUrl\":\"https:\/\/phukienflytech.vn\/wp-content\/uploads\/2020\/05\/hAnh_nan.jpg1_.jpg\",\"width\":800,\"height\":450,\"caption\":\"DJI Store - Shop Drone, Action camera, Gimbal DJI |Phukienflytech\"},\"image\":{\"@id\":\"https:\/\/phukienflytech.vn\/#\/schema\/logo\/image\/\"},\"sameAs\":[\"https:\/\/facebook.com\/phukienflycam\",\"https:\/\/www.youtube.com\/@phukienflytech\",\"https:\/\/www.tiktok.com\/@flytech.channel?fbclid=IwY2xjawGjg7BleHRuA2FlbQIxMAABHYVGmlXpuSMs0UB2zTpYvyT4GMVfN2qJa4urF4vkSQ6FAVBwXZtDP30qQA_aem_UwMiDcUvlEbd2tXAmsc8Og\"]}]}<\/script>\n<!-- \/ Yoast SEO plugin. -->","yoast_head_json":{"title":"Protection box for Smart Controller - Mavic 2 accessory - Available","description":"Protection box for Smart Controller is one of the most important accessory. Contact us to buy Protection box for Smart Controller for best","robots":{"index":"index","follow":"follow","max-snippet":"max-snippet:-1","max-image-preview":"max-image-preview:large","max-video-preview":"max-video-preview:-1"},"canonical":"https:\/\/phukienflytech.vn\/en\/san-pham\/protection-box-for-smart-controller.html","og_locale":"en_US","og_type":"article","og_title":"Protection box for Smart Controller - Mavic 2 accessory - Available","og_description":"Protection box for Smart Controller is one of the most important accessory. Contact us to buy Protection box for Smart Controller for best","og_url":"https:\/\/phukienflytech.vn\/en\/san-pham\/protection-box-for-smart-controller.html","og_site_name":"Shop M\u00e1y \u1ea3nh - Action Camera - Gimbal - Flycam - Ph\u1ee5 ki\u1ec7n","article_publisher":"https:\/\/facebook.com\/phukienflycam","article_modified_time":"2022-08-18T08:35:18+00:00","og_image":[{"width":300,"height":300,"url":"https:\/\/phukienflytech.vn\/wp-content\/uploads\/2020\/06\/300x300_phu-kien-flycam-dji-mavic-2-pro-zoom-smart-controller-dji-pgytech-chinh-hang-41-phukienflytech.vn_-_Copy.jpg","type":"image\/jpeg"}],"twitter_card":"summary_large_image","twitter_misc":{"Est. reading time":"2 minutes"},"schema":{"@context":"https:\/\/schema.org","@graph":[{"@type":"WebPage","@id":"https:\/\/phukienflytech.vn\/en\/san-pham\/protection-box-for-smart-controller.html","url":"https:\/\/phukienflytech.vn\/en\/san-pham\/protection-box-for-smart-controller.html","name":"Protection box for Smart Controller - Mavic 2 accessory - Available","isPartOf":{"@id":"https:\/\/phukienflytech.vn\/#website"},"primaryImageOfPage":{"@id":"https:\/\/phukienflytech.vn\/en\/san-pham\/protection-box-for-smart-controller.html#primaryimage"},"image":{"@id":"https:\/\/phukienflytech.vn\/en\/san-pham\/protection-box-for-smart-controller.html#primaryimage"},"thumbnailUrl":"https:\/\/phukienflytech.vn\/wp-content\/uploads\/2020\/06\/300x300_phu-kien-flycam-dji-mavic-2-pro-zoom-smart-controller-dji-pgytech-chinh-hang-41-phukienflytech.vn_-_Copy.jpg","datePublished":"2020-06-20T11:30:03+00:00","dateModified":"2022-08-18T08:35:18+00:00","description":"Protection box for Smart Controller is one of the most important accessory. Contact us to buy Protection box for Smart Controller for best","breadcrumb":{"@id":"https:\/\/phukienflytech.vn\/en\/san-pham\/protection-box-for-smart-controller.html#breadcrumb"},"inLanguage":"en-US","potentialAction":[{"@type":"ReadAction","target":["https:\/\/phukienflytech.vn\/en\/san-pham\/protection-box-for-smart-controller.html"]}]},{"@type":"ImageObject","inLanguage":"en-US","@id":"https:\/\/phukienflytech.vn\/en\/san-pham\/protection-box-for-smart-controller.html#primaryimage","url":"https:\/\/phukienflytech.vn\/wp-content\/uploads\/2020\/06\/300x300_phu-kien-flycam-dji-mavic-2-pro-zoom-smart-controller-dji-pgytech-chinh-hang-41-phukienflytech.vn_-_Copy.jpg","contentUrl":"https:\/\/phukienflytech.vn\/wp-content\/uploads\/2020\/06\/300x300_phu-kien-flycam-dji-mavic-2-pro-zoom-smart-controller-dji-pgytech-chinh-hang-41-phukienflytech.vn_-_Copy.jpg","width":300,"height":300},{"@type":"BreadcrumbList","@id":"https:\/\/phukienflytech.vn\/en\/san-pham\/protection-box-for-smart-controller.html#breadcrumb","itemListElement":[{"@type":"ListItem","position":1,"name":"Home","item":"https:\/\/phukienflytech.vn\/en"},{"@type":"ListItem","position":2,"name":"Ph\u1ee5 ki\u1ec7n Mavic Pro","item":"https:\/\/phukienflytech.vn\/en\/phu-kien-mavic-pro.html"},{"@type":"ListItem","position":3,"name":"DJI Osmo &amp; Drone's accessories","item":"https:\/\/phukienflytech.vn\/en\/danh-muc\/dji-osmo-drones-accessories.html"},{"@type":"ListItem","position":4,"name":"Ph\u1ee5 ki\u1ec7n DJI Mavic 2","item":"https:\/\/phukienflytech.vn\/en\/danh-muc\/mavic-2s-accessory.html"},{"@type":"ListItem","position":5,"name":"Protection box for Smart Controller &#8211; PGYtech"}]},{"@type":"WebSite","@id":"https:\/\/phukienflytech.vn\/#website","url":"https:\/\/phukienflytech.vn\/","name":"Shop M\u00e1y \u1ea3nh - Action Camera - Gimbal - Flycam - Ph\u1ee5 ki\u1ec7n","description":"Shop M\u00e1y \u1ea3nh - Action Camera - Gimbal - Flycam - Ph\u1ee5 ki\u1ec7n","publisher":{"@id":"https:\/\/phukienflytech.vn\/#organization"},"potentialAction":[{"@type":"SearchAction","target":{"@type":"EntryPoint","urlTemplate":"https:\/\/phukienflytech.vn\/?s={search_term_string}"},"query-input":{"@type":"PropertyValueSpecification","valueRequired":true,"valueName":"search_term_string"}}],"inLanguage":"en-US"},{"@type":"Organization","@id":"https:\/\/phukienflytech.vn\/#organization","name":"DJI Store - Shop Drone, Action camera, Gimbal DJI |Phukienflytech","alternateName":"DJI Store - Shop Drone, Action camera, Gimbal DJI |Phukienflytech","url":"https:\/\/phukienflytech.vn\/","logo":{"@type":"ImageObject","inLanguage":"en-US","@id":"https:\/\/phukienflytech.vn\/#\/schema\/logo\/image\/","url":"https:\/\/phukienflytech.vn\/wp-content\/uploads\/2020\/05\/hAnh_nan.jpg1_.jpg","contentUrl":"https:\/\/phukienflytech.vn\/wp-content\/uploads\/2020\/05\/hAnh_nan.jpg1_.jpg","width":800,"height":450,"caption":"DJI Store - Shop Drone, Action camera, Gimbal DJI |Phukienflytech"},"image":{"@id":"https:\/\/phukienflytech.vn\/#\/schema\/logo\/image\/"},"sameAs":["https:\/\/facebook.com\/phukienflycam","https:\/\/www.youtube.com\/@phukienflytech","https:\/\/www.tiktok.com\/@flytech.channel?fbclid=IwY2xjawGjg7BleHRuA2FlbQIxMAABHYVGmlXpuSMs0UB2zTpYvyT4GMVfN2qJa4urF4vkSQ6FAVBwXZtDP30qQA_aem_UwMiDcUvlEbd2tXAmsc8Og"]}]}},"_links":{"self":[{"href":"https:\/\/phukienflytech.vn\/en\/wp-json\/wp\/v2\/product\/6134","targetHints":{"allow":["GET"]}}],"collection":[{"href":"https:\/\/phukienflytech.vn\/en\/wp-json\/wp\/v2\/product"}],"about":[{"href":"https:\/\/phukienflytech.vn\/en\/wp-json\/wp\/v2\/types\/product"}],"replies":[{"embeddable":true,"href":"https:\/\/phukienflytech.vn\/en\/wp-json\/wp\/v2\/comments?post=6134"}],"wp:featuredmedia":[{"embeddable":true,"href":"https:\/\/phukienflytech.vn\/en\/wp-json\/wp\/v2\/media\/6123"}],"wp:attachment":[{"href":"https:\/\/phukienflytech.vn\/en\/wp-json\/wp\/v2\/media?parent=6134"}],"wp:term":[{"taxonomy":"product_brand","embeddable":true,"href":"https:\/\/phukienflytech.vn\/en\/wp-json\/wp\/v2\/product_brand?post=6134"},{"taxonomy":"product_cat","embeddable":true,"href":"https:\/\/phukienflytech.vn\/en\/wp-json\/wp\/v2\/product_cat?post=6134"},{"taxonomy":"product_tag","embeddable":true,"href":"https:\/\/phukienflytech.vn\/en\/wp-json\/wp\/v2\/product_tag?post=6134"}],"curies":[{"name":"wp","href":"https:\/\/api.w.org\/{rel}","templated":true}]}}