{"id":6264,"date":"2020-06-16T15:26:35","date_gmt":"2020-06-16T08:26:35","guid":{"rendered":"http:\/\/27430.lamdx.vinawebsite.vn\/san-pham\/goi-combo-1-phantom-4.html"},"modified":"2020-09-09T09:31:38","modified_gmt":"2020-09-09T02:31:38","slug":"goi-combo-1-phantom-4","status":"publish","type":"product","link":"https:\/\/phukienflytech.vn\/en\/san-pham\/goi-combo-1-phantom-4.html","title":{"rendered":"G\u00f3i combo 1 \u2013 Phantom 4"},"content":{"rendered":"<h2><span style=\"font-size: 21px; color: #0000ff;\"><strong>G\u00f3i combo 1 &#8211; Phantom 4<\/strong><\/span><\/h2>\n<p><span style=\"font-size: 18px;\">G\u00f3i combo 1 Phantom 4<\/span><\/p>\n<p><span style=\"font-size: 18px;\"><img loading=\"lazy\" decoding=\"async\" src=\"https:\/\/phukienflytech.vn\/wp-content\/uploads\/2020\/06\/goi-combo-1-phantom-4-6253.jpg\" alt=\"\" width=\"349\" height=\"193\" \/><\/span><\/p>\n<p><span style=\"font-size: 18px;\">S\u1edf h\u1eefu cho m\u00ecnh m\u1ed9t chi\u1ebfc drone Phantom 4 c\u1ee7a h\u00e3ng DJI qu\u1ea3 th\u1ef1c b\u1ea1n s\u1ebd r\u1ea5t kh\u00f3 c\u00f3 th\u1ec3 t\u00ecm ra \u0111i\u1ec3m kh\u00f4ng h\u00e0i l\u00f2ng v\u1ec1 n\u00f3 ngay c\u1ea3 nh\u1eefng ng\u01b0\u1eddi ch\u01a1i kh\u00f3 t\u00ednh nh\u1ea5t. B\u1edfi s\u1ef1 an to\u00e0n khi bay, t\u00ednh \u1ed5n \u0111\u1ecbnh, s\u1ef1 th\u00f4ng minh c\u1ee7a thi\u1ebft b\u1ecb v\u00e0 s\u1ef1 h\u1ed7 tr\u1ee3 tuy\u1ec7t v\u1eddi c\u1ee7a c\u1ee5m gimbal \u0111\u00e3 gi\u00fap cho ch\u00fang ta c\u00f3 nh\u1eefng b\u1ee9c h\u00ecnh, th\u01b0\u1edbc phim tuy\u1ec7t v\u1eddi nh\u1ea5t.<\/span><\/p>\n<p><span style=\"font-size: 18px;\"><img loading=\"lazy\" decoding=\"async\" src=\"https:\/\/phukienflytech.vn\/wp-content\/uploads\/2020\/06\/goi-combo-1-phantom-4-6253-1.jpg\" alt=\"\" width=\"349\" height=\"196\" \/><\/span><\/p>\n<p><span style=\"font-size: 18px;\">Tuy v\u1eady, b\u00ean c\u1ea1nh s\u1ef1 \u0111i\u1ec3n trai c\u1ee7a chi\u1ebfc drone s\u1eb5n c\u00f3, sau m\u1ed9t th\u1eddi gian s\u1eed d\u1ee5ng ch\u00fang ta s\u1ebd kh\u00f4ng th\u1ec3 tr\u00e1nh kh\u1ecfi s\u1ef1 l\u00e3o h\u00f3a, x\u1ea5u d\u1ea7n \u0111\u1ec1u \u0111i c\u1ee7a ch\u00fang. C\u00f3 th\u1ec3 l\u00e0 d\u00f3 ch\u00fang ta kh\u00f4ng b\u1ea3o qu\u1ea3n hay m\u1eb7c cho ch\u00fang m\u1ed9t l\u1edbp \u00e1o \u0111\u1ec3 gi\u1eef s\u1ea1ch s\u1ebd, hay ta v\u00f4 t\u00ecnh l\u00e0m cho ch\u00fang r\u01a1i \u1edf m\u1ed9t \u0111\u1ed9 cao n\u00e0o \u0111\u00f3 d\u1eabn t\u1edbi h\u1ecfng h\u00f3c gimbal, camera\u2026<\/span><\/p>\n<p><span style=\"font-size: 18px;\"><img loading=\"lazy\" decoding=\"async\" src=\"https:\/\/phukienflytech.vn\/wp-content\/uploads\/2020\/06\/goi-combo-1-phantom-4-6253-2.jpg\" alt=\"\" width=\"352\" height=\"352\" \/><\/span><\/p>\n<p><span style=\"font-size: 18px;\">Do v\u1eady ch\u00fang t\u00f4i \u2013\u00a0<a href=\"https:\/\/facebook.com\/phukienflycam\/\" target=\"_blank\" rel=\"noopener noreferrer\">Ph\u1ee5 Ki\u1ec7n Fly-cam Gi\u00e1 T\u1ed1t<\/a>\u00a0xin gi\u1edbi thi\u1ec7u t\u1edbi c\u00e1c b\u1ea1n \u2013 nh\u1eefng ng\u01b0\u1eddi \u0111ang s\u1edf h\u1eefu DJI Phantom 4\u00a0<strong>G\u00f3i combo 1 \u2013 Phantom 4<\/strong>\u00a0c\u01a1 b\u1ea3n nh\u1ea5t \u0111\u1ec3 g\u00f3p ph\u1ea7n gi\u00fap b\u1ea1n b\u1ea3o v\u1ec7, b\u1ea3o qu\u1ea3n chi\u1ebfc drone c\u1ee7a ch\u00fang ta m\u1ed9t c\u00e1c t\u1ed1t nh\u1ea5t, h\u1ea1n ch\u1ebf nh\u1eefng thi\u1ec7t h\u1ea1i xu\u1ed1ng m\u1ee9c t\u1ed1i thi\u1ec3u<\/span><\/p>\n<p><span style=\"font-size: 18px;\"><img loading=\"lazy\" decoding=\"async\" class=\"alignnone\" src=\"https:\/\/phukienflytech.vn\/wp-content\/uploads\/2020\/06\/goi-combo-1-phantom-4-6253-3.jpg\" alt=\"goi-combo-1-phantom-4\" width=\"347\" height=\"347\" \/><\/span><\/p>\n<h2><span style=\"font-size: 21px;\"><strong><span style=\"color: #0000ff;\">T\u1ea1i sao b\u1ea1n n\u00ean l\u1ef1a ch\u1ecdn\u00a0G\u00f3i combo 1 \u2013 Phantom 4\u00a0thay v\u00ec mua l\u1ebb?<\/span><\/strong><\/span><\/h2>\n<p><span style=\"font-size: 18px;\">V\u00ec \u0111\u00e2y \u0111\u01b0\u1ee3c xem l\u00e0 g\u00f3i combo do\u00a0<a href=\"https:\/\/facebook.com\/phukienflycam\" target=\"_blank\" rel=\"noopener noreferrer\">Ph\u1ee5 Ki\u1ec7n Fly-cam Gi\u00e1 T\u1ed1t<\/a>\u00a0\u0111\u00e3 \u0111\u01b0a ra, g\u00f3i combo \u0111\u00e3 \u0111\u01b0\u1ee3c chi\u1ebft kh\u1ea5u gi\u00e1 m\u1ed9t c\u00e1c t\u1ed1i \u0111a nh\u1ea5t \u0111\u1ec3 \u0111\u1ea3m b\u1ea3o \u0111\u01b0\u1ee3c s\u1ef1 kh\u00e1c bi\u1ec7t v\u1ec1 gi\u00e1 khi l\u1ef1a ch\u1ecdn s\u1ebd t\u1ed1t t\u1ed1t h\u01a1n nhi\u1ec1u so v\u1edbi l\u1ef1a ch\u1ecdn l\u1ebb<\/span><\/p>\n<p><span style=\"font-size: 18px;\">G\u00f3i combo 1 g\u1ed3m 5 ph\u1ee5 ki\u1ec7n (k\u00e8m gi\u00e1 b\u00e1n l\u1ebb) g\u1ed3m:<\/span><\/p>\n<p><span style=\"font-size: 18px;\">&#8211;\u00a0<a href=\"http:\/\/phukienflytech.vn\/san-pham\/thanh-bao-ve-gimbal-phantom-4-full-carbon.html\" target=\"_blank\" rel=\"noopener noreferrer\">Thanh full carbon b\u1ea3o v\u1ec7 gimbal phantom 4<\/a>:\u00a0<strong>245.000 VN\u0110<\/strong><\/span><\/p>\n<p><span style=\"font-size: 18px;\">&#8211;\u00a0<a href=\"http:\/\/phukienflytech.vn\/san-pham\/khuech-song-phantom.html\" target=\"_blank\" rel=\"noopener noreferrer\">Khu\u1ebfch s\u00f3ng tay khi\u1ec3n 2 r\u00e2u<\/a>\u00a0:\u00a0<strong>170.000 VN\u0110<\/strong><\/span><\/p>\n<p><span style=\"font-size: 18px;\">&#8211;\u00a0<a href=\"http:\/\/phukienflytech.vn\/san-pham\/silicon-khien-dji-phantom-3-inspire.html\" target=\"_blank\" rel=\"noopener noreferrer\">Silicon b\u1ecdc tay khi\u1ec3n (lo\u1ea1i A):<\/a>\u00a0<strong>150.000 VN\u0110<\/strong><\/span><\/p>\n<p><span style=\"font-size: 18px;\">&#8211;\u00a0<a href=\"http:\/\/phukienflytech.vn\/san-pham\/che-nang-phone-tablet-phantom-55-inch.html\" target=\"_blank\" rel=\"noopener noreferrer\">Hoob che n\u1eafng phone 5.5 inch<\/a>:\u00a0<strong>140.000 VN\u0110<\/strong><\/span><\/p>\n<p><span style=\"font-size: 18px;\">&#8211;\u00a0<a href=\"http:\/\/phukienflytech.vn\/san-pham\/chup-bao-ve-motor-phantom.html\" target=\"_blank\" rel=\"noopener noreferrer\">Ch\u1ee5p motor silicon<\/a>\u00a0:\u00a0<strong>40.000 VN\u0110<\/strong><\/span><\/p>\n<p>&nbsp;<\/p>\n<p><span style=\"font-size: 18px;\"><strong><img loading=\"lazy\" decoding=\"async\" class=\"alignnone\" src=\"https:\/\/phukienflytech.vn\/wp-content\/uploads\/2020\/06\/goi-combo-1-phantom-4-6253-4.jpg\" alt=\"goi-combo-1-phantom-41\" width=\"350\" height=\"378\" \/><\/strong><\/span><\/p>\n<p><span style=\"font-size: 18px;\">H\u00e3y \u0111\u1ec3\u00a0<a href=\"https:\/\/facebook.com\/phukienflycam\/\" target=\"_blank\" rel=\"noopener noreferrer\">Ph\u1ee5 Ki\u1ec7n Fly-cam Gi\u00e1 T\u1ed1t<\/a>\u00a0ti\u1ebfp s\u1ee9c \u0111am m\u00ea, c\u00f4ng vi\u1ec7c c\u1ee7a b\u1ea1n, gi\u00fap b\u1ea1n th\u00eam ni\u1ec1m h\u1ee9ng kh\u1edfi trong \u0111am m\u00ea c\u0169ng nh\u01b0 c\u00f4ng vi\u1ec7c c\u1ee7a m\u00ecnh th\u00eam su\u00f4n s\u1ebb<\/span><\/p>\n<p><span style=\"font-size: 18px;\">Nh\u00e0 s\u1ea3n xu\u1ea5t ch\u00ednh : Sunnylife \u2013 Vendor cung c\u1ea5p ph\u1ee5 ki\u1ec7n, linh ki\u1ec7n flycam DJI<\/span><\/p>\n","protected":false},"excerpt":{"rendered":"<p>G\u00f3i combo 1 &#8211; Phantom 4 G\u00f3i combo 1 Phantom 4 S\u1edf h\u1eefu cho m\u00ecnh m\u1ed9t chi\u1ebfc drone Phantom 4 c\u1ee7a h\u00e3ng DJI qu\u1ea3 th\u1ef1c b\u1ea1n s\u1ebd r\u1ea5t kh\u00f3 c\u00f3 th\u1ec3 t\u00ecm ra \u0111i\u1ec3m kh\u00f4ng h\u00e0i l\u00f2ng v\u1ec1 n\u00f3 ngay c\u1ea3 nh\u1eefng ng\u01b0\u1eddi ch\u01a1i kh\u00f3 t\u00ednh nh\u1ea5t. B\u1edfi s\u1ef1 an to\u00e0n khi bay, t\u00ednh \u1ed5n &#8230;<\/p>\n","protected":false},"featured_media":16254,"comment_status":"open","ping_status":"closed","template":"","meta":{"_acf_changed":false},"product_brand":[],"product_cat":[182],"product_tag":[206,511],"class_list":{"0":"post-6264","1":"product","2":"type-product","3":"status-publish","4":"has-post-thumbnail","6":"product_cat-phantom-4-accessory","7":"product_tag-phu-kien-dji-en","8":"product_tag-phu-kien-phantomm-4-en","10":"first","11":"instock","12":"shipping-taxable","13":"purchasable","14":"product-type-simple"},"acf":[],"yoast_head":"<!-- This site is optimized with the Yoast SEO plugin v25.7 - https:\/\/yoast.com\/wordpress\/plugins\/seo\/ -->\n<title>G\u00f3i combo 1 Phantom 4 - ph\u1ee5 ki\u1ec7n Phantom 4 ch\u00ednh h\u00e3ng - ship cod<\/title>\n<meta name=\"description\" content=\"G\u00f3i combo 1 Phantom 4 l\u00e0 ph\u1ee5 ki\u1ec7n ch\u00ednh h\u00e3ng. G\u00f3i combo 1 Phantom 4 gi\u00fap b\u1ea1n c\u00f3 th\u1ec3 tr\u1ea3i nghi\u1ec7m nh\u1eefng m\u1eabu ph\u1ee5 ki\u1ec7n c\u1ea7n thi\u1ebft v\u1edbi m\u1ee9c gi\u00e1 ti\u1ebft ki\u1ec7m\" \/>\n<meta name=\"robots\" content=\"index, follow, max-snippet:-1, max-image-preview:large, max-video-preview:-1\" \/>\n<link rel=\"canonical\" href=\"https:\/\/phukienflytech.vn\/en\/san-pham\/goi-combo-1-phantom-4.html\" \/>\n<meta property=\"og:locale\" content=\"en_US\" \/>\n<meta property=\"og:type\" content=\"article\" \/>\n<meta property=\"og:title\" content=\"G\u00f3i combo 1 Phantom 4 - ph\u1ee5 ki\u1ec7n Phantom 4 ch\u00ednh h\u00e3ng - ship cod\" \/>\n<meta property=\"og:description\" content=\"G\u00f3i combo 1 Phantom 4 l\u00e0 ph\u1ee5 ki\u1ec7n ch\u00ednh h\u00e3ng. G\u00f3i combo 1 Phantom 4 gi\u00fap b\u1ea1n c\u00f3 th\u1ec3 tr\u1ea3i nghi\u1ec7m nh\u1eefng m\u1eabu ph\u1ee5 ki\u1ec7n c\u1ea7n thi\u1ebft v\u1edbi m\u1ee9c gi\u00e1 ti\u1ebft ki\u1ec7m\" \/>\n<meta property=\"og:url\" content=\"https:\/\/phukienflytech.vn\/en\/san-pham\/goi-combo-1-phantom-4.html\" \/>\n<meta property=\"og:site_name\" content=\"Shop M\u00e1y \u1ea3nh - Action Camera - Gimbal - Flycam - Ph\u1ee5 ki\u1ec7n\" \/>\n<meta property=\"article:publisher\" content=\"https:\/\/facebook.com\/phukienflycam\" \/>\n<meta property=\"article:modified_time\" content=\"2020-09-09T02:31:38+00:00\" \/>\n<meta property=\"og:image\" content=\"https:\/\/phukienflytech.vn\/wp-content\/uploads\/2020\/06\/combo_1.jpg\" \/>\n\t<meta property=\"og:image:width\" content=\"243\" \/>\n\t<meta property=\"og:image:height\" content=\"243\" \/>\n\t<meta property=\"og:image:type\" content=\"image\/jpeg\" \/>\n<meta name=\"twitter:card\" content=\"summary_large_image\" \/>\n<meta name=\"twitter:label1\" content=\"Est. reading time\" \/>\n\t<meta name=\"twitter:data1\" content=\"3 minutes\" \/>\n<script type=\"application\/ld+json\" class=\"yoast-schema-graph\">{\"@context\":\"https:\/\/schema.org\",\"@graph\":[{\"@type\":\"WebPage\",\"@id\":\"https:\/\/phukienflytech.vn\/en\/san-pham\/goi-combo-1-phantom-4.html\",\"url\":\"https:\/\/phukienflytech.vn\/en\/san-pham\/goi-combo-1-phantom-4.html\",\"name\":\"G\u00f3i combo 1 Phantom 4 - ph\u1ee5 ki\u1ec7n Phantom 4 ch\u00ednh h\u00e3ng - ship cod\",\"isPartOf\":{\"@id\":\"https:\/\/phukienflytech.vn\/#website\"},\"primaryImageOfPage\":{\"@id\":\"https:\/\/phukienflytech.vn\/en\/san-pham\/goi-combo-1-phantom-4.html#primaryimage\"},\"image\":{\"@id\":\"https:\/\/phukienflytech.vn\/en\/san-pham\/goi-combo-1-phantom-4.html#primaryimage\"},\"thumbnailUrl\":\"https:\/\/phukienflytech.vn\/wp-content\/uploads\/2020\/06\/combo_1.jpg\",\"datePublished\":\"2020-06-16T08:26:35+00:00\",\"dateModified\":\"2020-09-09T02:31:38+00:00\",\"description\":\"G\u00f3i combo 1 Phantom 4 l\u00e0 ph\u1ee5 ki\u1ec7n ch\u00ednh h\u00e3ng. G\u00f3i combo 1 Phantom 4 gi\u00fap b\u1ea1n c\u00f3 th\u1ec3 tr\u1ea3i nghi\u1ec7m nh\u1eefng m\u1eabu ph\u1ee5 ki\u1ec7n c\u1ea7n thi\u1ebft v\u1edbi m\u1ee9c gi\u00e1 ti\u1ebft ki\u1ec7m\",\"breadcrumb\":{\"@id\":\"https:\/\/phukienflytech.vn\/en\/san-pham\/goi-combo-1-phantom-4.html#breadcrumb\"},\"inLanguage\":\"en-US\",\"potentialAction\":[{\"@type\":\"ReadAction\",\"target\":[\"https:\/\/phukienflytech.vn\/en\/san-pham\/goi-combo-1-phantom-4.html\"]}]},{\"@type\":\"ImageObject\",\"inLanguage\":\"en-US\",\"@id\":\"https:\/\/phukienflytech.vn\/en\/san-pham\/goi-combo-1-phantom-4.html#primaryimage\",\"url\":\"https:\/\/phukienflytech.vn\/wp-content\/uploads\/2020\/06\/combo_1.jpg\",\"contentUrl\":\"https:\/\/phukienflytech.vn\/wp-content\/uploads\/2020\/06\/combo_1.jpg\",\"width\":243,\"height\":243},{\"@type\":\"BreadcrumbList\",\"@id\":\"https:\/\/phukienflytech.vn\/en\/san-pham\/goi-combo-1-phantom-4.html#breadcrumb\",\"itemListElement\":[{\"@type\":\"ListItem\",\"position\":1,\"name\":\"Home\",\"item\":\"https:\/\/phukienflytech.vn\/en\"},{\"@type\":\"ListItem\",\"position\":2,\"name\":\"Ph\u1ee5 ki\u1ec7n Mavic Pro\",\"item\":\"https:\/\/phukienflytech.vn\/en\/phu-kien-mavic-pro.html\"},{\"@type\":\"ListItem\",\"position\":3,\"name\":\"DJI Osmo &amp; Drone's accessories\",\"item\":\"https:\/\/phukienflytech.vn\/en\/danh-muc\/dji-osmo-drones-accessories.html\"},{\"@type\":\"ListItem\",\"position\":4,\"name\":\"Ph\u1ee5 ki\u1ec7n flycam Phantom 4\",\"item\":\"https:\/\/phukienflytech.vn\/en\/danh-muc\/phantom-4-accessory.html\"},{\"@type\":\"ListItem\",\"position\":5,\"name\":\"G\u00f3i combo 1 \u2013 Phantom 4\"}]},{\"@type\":\"WebSite\",\"@id\":\"https:\/\/phukienflytech.vn\/#website\",\"url\":\"https:\/\/phukienflytech.vn\/\",\"name\":\"Shop M\u00e1y \u1ea3nh - Action Camera - Gimbal - Flycam - Ph\u1ee5 ki\u1ec7n\",\"description\":\"Shop M\u00e1y \u1ea3nh - Action Camera - Gimbal - Flycam - Ph\u1ee5 ki\u1ec7n\",\"publisher\":{\"@id\":\"https:\/\/phukienflytech.vn\/#organization\"},\"potentialAction\":[{\"@type\":\"SearchAction\",\"target\":{\"@type\":\"EntryPoint\",\"urlTemplate\":\"https:\/\/phukienflytech.vn\/?s={search_term_string}\"},\"query-input\":{\"@type\":\"PropertyValueSpecification\",\"valueRequired\":true,\"valueName\":\"search_term_string\"}}],\"inLanguage\":\"en-US\"},{\"@type\":\"Organization\",\"@id\":\"https:\/\/phukienflytech.vn\/#organization\",\"name\":\"DJI Store - Shop Drone, Action camera, Gimbal DJI |Phukienflytech\",\"alternateName\":\"DJI Store - Shop Drone, Action camera, Gimbal DJI |Phukienflytech\",\"url\":\"https:\/\/phukienflytech.vn\/\",\"logo\":{\"@type\":\"ImageObject\",\"inLanguage\":\"en-US\",\"@id\":\"https:\/\/phukienflytech.vn\/#\/schema\/logo\/image\/\",\"url\":\"https:\/\/phukienflytech.vn\/wp-content\/uploads\/2020\/05\/hAnh_nan.jpg1_.jpg\",\"contentUrl\":\"https:\/\/phukienflytech.vn\/wp-content\/uploads\/2020\/05\/hAnh_nan.jpg1_.jpg\",\"width\":800,\"height\":450,\"caption\":\"DJI Store - Shop Drone, Action camera, Gimbal DJI |Phukienflytech\"},\"image\":{\"@id\":\"https:\/\/phukienflytech.vn\/#\/schema\/logo\/image\/\"},\"sameAs\":[\"https:\/\/facebook.com\/phukienflycam\",\"https:\/\/www.youtube.com\/@phukienflytech\",\"https:\/\/www.tiktok.com\/@flytech.channel?fbclid=IwY2xjawGjg7BleHRuA2FlbQIxMAABHYVGmlXpuSMs0UB2zTpYvyT4GMVfN2qJa4urF4vkSQ6FAVBwXZtDP30qQA_aem_UwMiDcUvlEbd2tXAmsc8Og\"]}]}<\/script>\n<!-- \/ Yoast SEO plugin. -->","yoast_head_json":{"title":"G\u00f3i combo 1 Phantom 4 - ph\u1ee5 ki\u1ec7n Phantom 4 ch\u00ednh h\u00e3ng - ship cod","description":"G\u00f3i combo 1 Phantom 4 l\u00e0 ph\u1ee5 ki\u1ec7n ch\u00ednh h\u00e3ng. G\u00f3i combo 1 Phantom 4 gi\u00fap b\u1ea1n c\u00f3 th\u1ec3 tr\u1ea3i nghi\u1ec7m nh\u1eefng m\u1eabu ph\u1ee5 ki\u1ec7n c\u1ea7n thi\u1ebft v\u1edbi m\u1ee9c gi\u00e1 ti\u1ebft ki\u1ec7m","robots":{"index":"index","follow":"follow","max-snippet":"max-snippet:-1","max-image-preview":"max-image-preview:large","max-video-preview":"max-video-preview:-1"},"canonical":"https:\/\/phukienflytech.vn\/en\/san-pham\/goi-combo-1-phantom-4.html","og_locale":"en_US","og_type":"article","og_title":"G\u00f3i combo 1 Phantom 4 - ph\u1ee5 ki\u1ec7n Phantom 4 ch\u00ednh h\u00e3ng - ship cod","og_description":"G\u00f3i combo 1 Phantom 4 l\u00e0 ph\u1ee5 ki\u1ec7n ch\u00ednh h\u00e3ng. G\u00f3i combo 1 Phantom 4 gi\u00fap b\u1ea1n c\u00f3 th\u1ec3 tr\u1ea3i nghi\u1ec7m nh\u1eefng m\u1eabu ph\u1ee5 ki\u1ec7n c\u1ea7n thi\u1ebft v\u1edbi m\u1ee9c gi\u00e1 ti\u1ebft ki\u1ec7m","og_url":"https:\/\/phukienflytech.vn\/en\/san-pham\/goi-combo-1-phantom-4.html","og_site_name":"Shop M\u00e1y \u1ea3nh - Action Camera - Gimbal - Flycam - Ph\u1ee5 ki\u1ec7n","article_publisher":"https:\/\/facebook.com\/phukienflycam","article_modified_time":"2020-09-09T02:31:38+00:00","og_image":[{"width":243,"height":243,"url":"https:\/\/phukienflytech.vn\/wp-content\/uploads\/2020\/06\/combo_1.jpg","type":"image\/jpeg"}],"twitter_card":"summary_large_image","twitter_misc":{"Est. reading time":"3 minutes"},"schema":{"@context":"https:\/\/schema.org","@graph":[{"@type":"WebPage","@id":"https:\/\/phukienflytech.vn\/en\/san-pham\/goi-combo-1-phantom-4.html","url":"https:\/\/phukienflytech.vn\/en\/san-pham\/goi-combo-1-phantom-4.html","name":"G\u00f3i combo 1 Phantom 4 - ph\u1ee5 ki\u1ec7n Phantom 4 ch\u00ednh h\u00e3ng - ship cod","isPartOf":{"@id":"https:\/\/phukienflytech.vn\/#website"},"primaryImageOfPage":{"@id":"https:\/\/phukienflytech.vn\/en\/san-pham\/goi-combo-1-phantom-4.html#primaryimage"},"image":{"@id":"https:\/\/phukienflytech.vn\/en\/san-pham\/goi-combo-1-phantom-4.html#primaryimage"},"thumbnailUrl":"https:\/\/phukienflytech.vn\/wp-content\/uploads\/2020\/06\/combo_1.jpg","datePublished":"2020-06-16T08:26:35+00:00","dateModified":"2020-09-09T02:31:38+00:00","description":"G\u00f3i combo 1 Phantom 4 l\u00e0 ph\u1ee5 ki\u1ec7n ch\u00ednh h\u00e3ng. G\u00f3i combo 1 Phantom 4 gi\u00fap b\u1ea1n c\u00f3 th\u1ec3 tr\u1ea3i nghi\u1ec7m nh\u1eefng m\u1eabu ph\u1ee5 ki\u1ec7n c\u1ea7n thi\u1ebft v\u1edbi m\u1ee9c gi\u00e1 ti\u1ebft ki\u1ec7m","breadcrumb":{"@id":"https:\/\/phukienflytech.vn\/en\/san-pham\/goi-combo-1-phantom-4.html#breadcrumb"},"inLanguage":"en-US","potentialAction":[{"@type":"ReadAction","target":["https:\/\/phukienflytech.vn\/en\/san-pham\/goi-combo-1-phantom-4.html"]}]},{"@type":"ImageObject","inLanguage":"en-US","@id":"https:\/\/phukienflytech.vn\/en\/san-pham\/goi-combo-1-phantom-4.html#primaryimage","url":"https:\/\/phukienflytech.vn\/wp-content\/uploads\/2020\/06\/combo_1.jpg","contentUrl":"https:\/\/phukienflytech.vn\/wp-content\/uploads\/2020\/06\/combo_1.jpg","width":243,"height":243},{"@type":"BreadcrumbList","@id":"https:\/\/phukienflytech.vn\/en\/san-pham\/goi-combo-1-phantom-4.html#breadcrumb","itemListElement":[{"@type":"ListItem","position":1,"name":"Home","item":"https:\/\/phukienflytech.vn\/en"},{"@type":"ListItem","position":2,"name":"Ph\u1ee5 ki\u1ec7n Mavic Pro","item":"https:\/\/phukienflytech.vn\/en\/phu-kien-mavic-pro.html"},{"@type":"ListItem","position":3,"name":"DJI Osmo &amp; Drone's accessories","item":"https:\/\/phukienflytech.vn\/en\/danh-muc\/dji-osmo-drones-accessories.html"},{"@type":"ListItem","position":4,"name":"Ph\u1ee5 ki\u1ec7n flycam Phantom 4","item":"https:\/\/phukienflytech.vn\/en\/danh-muc\/phantom-4-accessory.html"},{"@type":"ListItem","position":5,"name":"G\u00f3i combo 1 \u2013 Phantom 4"}]},{"@type":"WebSite","@id":"https:\/\/phukienflytech.vn\/#website","url":"https:\/\/phukienflytech.vn\/","name":"Shop M\u00e1y \u1ea3nh - Action Camera - Gimbal - Flycam - Ph\u1ee5 ki\u1ec7n","description":"Shop M\u00e1y \u1ea3nh - Action Camera - Gimbal - Flycam - Ph\u1ee5 ki\u1ec7n","publisher":{"@id":"https:\/\/phukienflytech.vn\/#organization"},"potentialAction":[{"@type":"SearchAction","target":{"@type":"EntryPoint","urlTemplate":"https:\/\/phukienflytech.vn\/?s={search_term_string}"},"query-input":{"@type":"PropertyValueSpecification","valueRequired":true,"valueName":"search_term_string"}}],"inLanguage":"en-US"},{"@type":"Organization","@id":"https:\/\/phukienflytech.vn\/#organization","name":"DJI Store - Shop Drone, Action camera, Gimbal DJI |Phukienflytech","alternateName":"DJI Store - Shop Drone, Action camera, Gimbal DJI |Phukienflytech","url":"https:\/\/phukienflytech.vn\/","logo":{"@type":"ImageObject","inLanguage":"en-US","@id":"https:\/\/phukienflytech.vn\/#\/schema\/logo\/image\/","url":"https:\/\/phukienflytech.vn\/wp-content\/uploads\/2020\/05\/hAnh_nan.jpg1_.jpg","contentUrl":"https:\/\/phukienflytech.vn\/wp-content\/uploads\/2020\/05\/hAnh_nan.jpg1_.jpg","width":800,"height":450,"caption":"DJI Store - Shop Drone, Action camera, Gimbal DJI |Phukienflytech"},"image":{"@id":"https:\/\/phukienflytech.vn\/#\/schema\/logo\/image\/"},"sameAs":["https:\/\/facebook.com\/phukienflycam","https:\/\/www.youtube.com\/@phukienflytech","https:\/\/www.tiktok.com\/@flytech.channel?fbclid=IwY2xjawGjg7BleHRuA2FlbQIxMAABHYVGmlXpuSMs0UB2zTpYvyT4GMVfN2qJa4urF4vkSQ6FAVBwXZtDP30qQA_aem_UwMiDcUvlEbd2tXAmsc8Og"]}]}},"_links":{"self":[{"href":"https:\/\/phukienflytech.vn\/en\/wp-json\/wp\/v2\/product\/6264","targetHints":{"allow":["GET"]}}],"collection":[{"href":"https:\/\/phukienflytech.vn\/en\/wp-json\/wp\/v2\/product"}],"about":[{"href":"https:\/\/phukienflytech.vn\/en\/wp-json\/wp\/v2\/types\/product"}],"replies":[{"embeddable":true,"href":"https:\/\/phukienflytech.vn\/en\/wp-json\/wp\/v2\/comments?post=6264"}],"wp:featuredmedia":[{"embeddable":true,"href":"https:\/\/phukienflytech.vn\/en\/wp-json\/wp\/v2\/media\/16254"}],"wp:attachment":[{"href":"https:\/\/phukienflytech.vn\/en\/wp-json\/wp\/v2\/media?parent=6264"}],"wp:term":[{"taxonomy":"product_brand","embeddable":true,"href":"https:\/\/phukienflytech.vn\/en\/wp-json\/wp\/v2\/product_brand?post=6264"},{"taxonomy":"product_cat","embeddable":true,"href":"https:\/\/phukienflytech.vn\/en\/wp-json\/wp\/v2\/product_cat?post=6264"},{"taxonomy":"product_tag","embeddable":true,"href":"https:\/\/phukienflytech.vn\/en\/wp-json\/wp\/v2\/product_tag?post=6264"}],"curies":[{"name":"wp","href":"https:\/\/api.w.org\/{rel}","templated":true}]}}