{"id":6302,"date":"2020-06-18T15:46:23","date_gmt":"2020-06-18T08:46:23","guid":{"rendered":"http:\/\/27430.lamdx.vinawebsite.vn\/san-pham\/manh-vo-gimbal-phantom-4-pro-pro-truc-yaw.html"},"modified":"2020-10-16T15:37:41","modified_gmt":"2020-10-16T08:37:41","slug":"phantom-4-pro-gimbal-repair-yaw-arm","status":"publish","type":"product","link":"https:\/\/phukienflytech.vn\/en\/san-pham\/phantom-4-pro-gimbal-repair-yaw-arm.html","title":{"rendered":"Phantom 4 Pro gimbal repair YAW arm"},"content":{"rendered":"<h2><strong><em><span style=\"font-size: 21px; color: #0000ff;\">Phantom 4 Pro gimbal repair YAW arm<\/span><\/em><\/strong><\/h2>\n<p><span style=\"font-size: 18px;\">Phantom 4 Pro gimbal repair YAW arm<\/span><\/p>\n<p><span style=\"font-size: 18px;\">B\u1ed9 m\u1ea3nh v\u1ecf gimbal g\u1ed3m 3 m\u1ea3nh v\u1ecf: tr\u1ee5c yaw , tr\u1ee5c roll, v\u1ecf cover<\/span><\/p>\n<p><span style=\"font-size: 18px;\"><img loading=\"lazy\" decoding=\"async\" src=\"https:\/\/phukienflytech.vn\/wp-content\/uploads\/2020\/06\/manh-vo-gimbal-phantom-4-pro-pro-truc-yaw-6291.jpg\" alt=\"\" width=\"400\" height=\"400\" \/><\/span><\/p>\n<p><span style=\"font-size: 18px;\">Ch\u1ea5t li\u1ec7u: khu\u00f4n nh\u00f4m c\u1ee9ng v\u00e0 si\u00eau nh\u1eb9 \u0111\u01b0\u1ee3c ti\u1ec7n CNC chi ti\u1ebft kh\u00e9o l\u00e9o<\/span><\/p>\n<p><span style=\"font-size: 18px;\">Hi\u1ec7n nay, vi\u1ec7c chi\u1ebfc drone phantom 4 pro b\u1ecb r\u01a1i hay va \u0111\u1eadp \u0111\u00e3 v\u00e0 \u0111ang x\u1ea3y ra r\u1ea5t nhi\u1ec1u. Sau khi r\u01a1i, th\u00ec r\u1ea5t hi\u1ebfm c\u00f3 tr\u01b0\u1eddng h\u1ee3p n\u00e0o tr\u00e1nh kh\u1ecfi s\u1ef1 &#8220;tan n\u00e1t&#8221;, v\u00e0 b\u1ed9 ph\u1eadn d\u1ec5 b\u1ecb t\u1ed5n th\u01b0\u01a1ng nh\u1ea5t sau va \u0111\u1ee5ng \u0111\u00f3 ch\u00ednh l\u00e0 c\u1ee5m gimbal camera\u00a0<\/span><\/p>\n<p><span style=\"font-size: 18px;\"><img loading=\"lazy\" decoding=\"async\" src=\"https:\/\/phukienflytech.vn\/wp-content\/uploads\/2020\/06\/manh-vo-gimbal-phantom-4-pro-pro-truc-yaw-6291-1.jpg\" alt=\"\" width=\"400\" height=\"225\" \/><\/span><\/p>\n<p><span style=\"font-size: 18px;\">Sau khi x\u1ea3y ra \u0111\u1ed5 v\u1ee1, \u00edt ai ch\u00fang ta t\u1ef1 thay cho m\u00ecnh m\u00e0 ph\u1ea3i t\u00ecm t\u1edbi c\u00e1c th\u1ee3 s\u1eeda flycam. Tuy nhi\u00ean, c\u00f3 th\u1ec3 b\u1ea1n ch\u01b0a bi\u1ebft ! n\u1ebfu tr\u01b0\u1eddng h\u1ee3p c\u1ee7a b\u1ea1n ch\u1ec9 b\u1ecb v\u1ee1 ho\u1eb7c g\u1eaby c\u00e1c m\u1ea3nh v\u1ecf gimbal th\u00ec b\u1ea1n ho\u00e0n to\u00e0n c\u00f3 th\u1ec3 t\u1ef1 tin thay th\u1ebf ch\u00fang m\u1ed9t c\u00e1ch d\u1ec5 d\u00e0ng m\u00e0 kh\u00f4ng g\u1eb7p b\u1ea5t k\u1ef3 m\u1ed9t r\u1ee7i ro n\u00e0o<\/span><\/p>\n<p><span style=\"font-size: 18px;\"><img loading=\"lazy\" decoding=\"async\" src=\"https:\/\/phukienflytech.vn\/wp-content\/uploads\/2020\/06\/manh-vo-gimbal-phantom-4-pro-pro-truc-yaw-6291-2.jpg\" alt=\"\" width=\"400\" height=\"267\" \/><\/span><\/p>\n<p><span style=\"font-size: 18px;\">&#8211; Ti\u1ebft ki\u1ec7m \u0111\u01b0\u1ee3c chi ph\u00ed v\u1eadn chuy\u1ec3n, g\u1eedi c\u1ea3 b\u1ed9 m\u00e1y bay t\u1edbi th\u1ee3 s\u1eeda v\u00e0 th\u1eddi gian ch\u1edd \u0111\u1ee3i.<\/span><\/p>\n<p><span style=\"font-size: 18px;\">Ngo\u00e0i\u00a0<strong>M\u1ea3nh v\u1ecf gimbal phantom 4 pro pro<\/strong>,<strong>\u00a0<a href=\"https:\/\/facebook.com\/phukienflycam\" target=\"_blank\" rel=\"noopener noreferrer\">Ph\u1ee5 Ki\u1ec7n Fly-cam Gi\u00e1 T\u1ed1t<\/a><\/strong>\u00a0c\u00f2n c\u00f3 c\u1ea3\u00a0<a href=\"http:\/\/phukienflytech.vn\/san-pham\/manh-vo-gimbal-phantom-4-vo-cover.html\" target=\"_blank\" rel=\"noopener noreferrer\">m\u1ea3nh Cover<\/a>\u00a0v\u00e0\u00a0<a href=\"http:\/\/phukienflytech.vn\/san-pham\/manh-vo-gimbal-phantom-4-pro-truc-roll.html\" target=\"_blank\" rel=\"noopener noreferrer\">m\u1ea3nh Roll\u00a0<\/a>\u0111\u1ec3 b\u1ea1n ho\u00e0n to\u00e0n c\u00f3 th\u1ec3 ch\u1ee7 \u0111\u1ed9ng l\u1ef1a ch\u1ecdn v\u00e0 thay th\u1ebf<\/span><\/p>\n<p><span style=\"font-size: 18px;\"><img loading=\"lazy\" decoding=\"async\" class=\"alignnone\" src=\"https:\/\/phukienflytech.vn\/wp-content\/uploads\/2020\/06\/manh-vo-gimbal-phantom-4-pro-pro-truc-yaw-6291-3.jpg\" alt=\"Phantom-4-Pro-gimbal-repair-YAW-arm-1\" width=\"450\" height=\"338\" \/><\/span><\/p>\n<p><span style=\"font-size: 18px;\">H\u00e3y t\u1ef1 tay m\u00ecnh s\u1eeda ch\u1eefa t\u1eeb \u0111\u00f3 b\u1ea1n bi\u1ebft qu\u00fd tr\u1ecdng n\u00f3 h\u01a1n, bay c\u1ea9n th\u1eadn h\u01a1n<\/span><\/p>\n<p><span style=\"font-size: 18px;\">Th\u00f4ng s\u1ed1 k\u1ef9 thu\u1eadt c\u1ee7a\u00a0<strong>M\u1ea3nh v\u1ecf gimbal phantom 4 pro pro<\/strong><\/span><\/p>\n<p><span style=\"font-size: 18px;\"><strong><img loading=\"lazy\" decoding=\"async\" class=\"alignnone\" src=\"https:\/\/phukienflytech.vn\/wp-content\/uploads\/2020\/06\/manh-vo-gimbal-phantom-4-pro-pro-truc-yaw-6291-4.jpg\" alt=\"Phantom-4-Pro-gimbal-repair-YAW-arm\" width=\"450\" height=\"450\" \/><\/strong><\/span><\/p>\n<p><span style=\"font-size: 18px;\">H\u00e3y \u0111\u1ec3\u00a0<a href=\"https:\/\/facebook.com\/phukienflycam\/\" target=\"_blank\" rel=\"noopener noreferrer\">Ph\u1ee5 Ki\u1ec7n Fly-cam Gi\u00e1 T\u1ed1t<\/a>\u00a0ti\u1ebfp s\u1ee9c \u0111am m\u00ea, c\u00f4ng vi\u1ec7c c\u1ee7a b\u1ea1n, gi\u00fap b\u1ea1n th\u00eam ni\u1ec1m h\u1ee9ng kh\u1edfi trong \u0111am m\u00ea c\u0169ng nh\u01b0 c\u00f4ng vi\u1ec7c c\u1ee7a m\u00ecnh th\u00eam su\u00f4n s\u1ebb<\/span><\/p>\n<p><span style=\"font-size: 18px;\">Nh\u00e0 s\u1ea3n xu\u1ea5t: Sunnylife &#8211; vendor cung c\u1ea5p ph\u1ee5 ki\u1ec7n c\u1ee7a DJI<\/span><\/p>\n<p>&nbsp;<\/p>\n","protected":false},"excerpt":{"rendered":"<p>Phantom 4 Pro gimbal repair YAW arm Phantom 4 Pro gimbal repair YAW arm B\u1ed9 m\u1ea3nh v\u1ecf gimbal g\u1ed3m 3 m\u1ea3nh v\u1ecf: tr\u1ee5c yaw , tr\u1ee5c roll, v\u1ecf cover Ch\u1ea5t li\u1ec7u: khu\u00f4n nh\u00f4m c\u1ee9ng v\u00e0 si\u00eau nh\u1eb9 \u0111\u01b0\u1ee3c ti\u1ec7n CNC chi ti\u1ebft kh\u00e9o l\u00e9o Hi\u1ec7n nay, vi\u1ec7c chi\u1ebfc drone phantom 4 pro b\u1ecb r\u01a1i hay &#8230;<\/p>\n","protected":false},"featured_media":16248,"comment_status":"open","ping_status":"closed","template":"","meta":{"_acf_changed":false},"product_brand":[],"product_cat":[182],"product_tag":[206,227],"class_list":{"0":"post-6302","1":"product","2":"type-product","3":"status-publish","4":"has-post-thumbnail","6":"product_cat-phantom-4-accessory","7":"product_tag-phu-kien-dji-en","8":"product_tag-phu-kien-phantom-4-en","10":"first","11":"instock","12":"sale","13":"shipping-taxable","14":"purchasable","15":"product-type-simple"},"acf":[],"yoast_head":"<!-- This site is optimized with the Yoast SEO plugin v25.7 - https:\/\/yoast.com\/wordpress\/plugins\/seo\/ -->\n<title>Phantom 4 Pro gimbal repair YAW arm - Sunnylife - Phantom accessory.<\/title>\n<meta name=\"description\" content=\"Phantom 4 Pro gimbal repair YAW arm is one of the most important accessory. Contact us to buy it for best price, fast shipping in Vietnam\" \/>\n<meta name=\"robots\" content=\"index, follow, max-snippet:-1, max-image-preview:large, max-video-preview:-1\" \/>\n<link rel=\"canonical\" href=\"https:\/\/phukienflytech.vn\/en\/san-pham\/phantom-4-pro-gimbal-repair-yaw-arm.html\" \/>\n<meta property=\"og:locale\" content=\"en_US\" \/>\n<meta property=\"og:type\" content=\"article\" \/>\n<meta property=\"og:title\" content=\"Phantom 4 Pro gimbal repair YAW arm - Sunnylife - Phantom accessory.\" \/>\n<meta property=\"og:description\" content=\"Phantom 4 Pro gimbal repair YAW arm is one of the most important accessory. Contact us to buy it for best price, fast shipping in Vietnam\" \/>\n<meta property=\"og:url\" content=\"https:\/\/phukienflytech.vn\/en\/san-pham\/phantom-4-pro-gimbal-repair-yaw-arm.html\" \/>\n<meta property=\"og:site_name\" content=\"Shop M\u00e1y \u1ea3nh - Action Camera - Gimbal - Flycam - Ph\u1ee5 ki\u1ec7n\" \/>\n<meta property=\"article:publisher\" content=\"https:\/\/facebook.com\/phukienflycam\" \/>\n<meta property=\"article:modified_time\" content=\"2020-10-16T08:37:41+00:00\" \/>\n<meta property=\"og:image\" content=\"https:\/\/phukienflytech.vn\/wp-content\/uploads\/2020\/06\/yaw_p4.jpg\" \/>\n\t<meta property=\"og:image:width\" content=\"243\" \/>\n\t<meta property=\"og:image:height\" content=\"243\" \/>\n\t<meta property=\"og:image:type\" content=\"image\/jpeg\" \/>\n<meta name=\"twitter:card\" content=\"summary_large_image\" \/>\n<meta name=\"twitter:label1\" content=\"Est. reading time\" \/>\n\t<meta name=\"twitter:data1\" content=\"2 minutes\" \/>\n<script type=\"application\/ld+json\" class=\"yoast-schema-graph\">{\"@context\":\"https:\/\/schema.org\",\"@graph\":[{\"@type\":\"WebPage\",\"@id\":\"https:\/\/phukienflytech.vn\/en\/san-pham\/phantom-4-pro-gimbal-repair-yaw-arm.html\",\"url\":\"https:\/\/phukienflytech.vn\/en\/san-pham\/phantom-4-pro-gimbal-repair-yaw-arm.html\",\"name\":\"Phantom 4 Pro gimbal repair YAW arm - Sunnylife - Phantom accessory.\",\"isPartOf\":{\"@id\":\"https:\/\/phukienflytech.vn\/#website\"},\"primaryImageOfPage\":{\"@id\":\"https:\/\/phukienflytech.vn\/en\/san-pham\/phantom-4-pro-gimbal-repair-yaw-arm.html#primaryimage\"},\"image\":{\"@id\":\"https:\/\/phukienflytech.vn\/en\/san-pham\/phantom-4-pro-gimbal-repair-yaw-arm.html#primaryimage\"},\"thumbnailUrl\":\"https:\/\/phukienflytech.vn\/wp-content\/uploads\/2020\/06\/yaw_p4.jpg\",\"datePublished\":\"2020-06-18T08:46:23+00:00\",\"dateModified\":\"2020-10-16T08:37:41+00:00\",\"description\":\"Phantom 4 Pro gimbal repair YAW arm is one of the most important accessory. Contact us to buy it for best price, fast shipping in Vietnam\",\"breadcrumb\":{\"@id\":\"https:\/\/phukienflytech.vn\/en\/san-pham\/phantom-4-pro-gimbal-repair-yaw-arm.html#breadcrumb\"},\"inLanguage\":\"en-US\",\"potentialAction\":[{\"@type\":\"ReadAction\",\"target\":[\"https:\/\/phukienflytech.vn\/en\/san-pham\/phantom-4-pro-gimbal-repair-yaw-arm.html\"]}]},{\"@type\":\"ImageObject\",\"inLanguage\":\"en-US\",\"@id\":\"https:\/\/phukienflytech.vn\/en\/san-pham\/phantom-4-pro-gimbal-repair-yaw-arm.html#primaryimage\",\"url\":\"https:\/\/phukienflytech.vn\/wp-content\/uploads\/2020\/06\/yaw_p4.jpg\",\"contentUrl\":\"https:\/\/phukienflytech.vn\/wp-content\/uploads\/2020\/06\/yaw_p4.jpg\",\"width\":243,\"height\":243},{\"@type\":\"BreadcrumbList\",\"@id\":\"https:\/\/phukienflytech.vn\/en\/san-pham\/phantom-4-pro-gimbal-repair-yaw-arm.html#breadcrumb\",\"itemListElement\":[{\"@type\":\"ListItem\",\"position\":1,\"name\":\"Home\",\"item\":\"https:\/\/phukienflytech.vn\/en\"},{\"@type\":\"ListItem\",\"position\":2,\"name\":\"Ph\u1ee5 ki\u1ec7n Mavic Pro\",\"item\":\"https:\/\/phukienflytech.vn\/en\/phu-kien-mavic-pro.html\"},{\"@type\":\"ListItem\",\"position\":3,\"name\":\"DJI Osmo &amp; Drone's accessories\",\"item\":\"https:\/\/phukienflytech.vn\/en\/danh-muc\/dji-osmo-drones-accessories.html\"},{\"@type\":\"ListItem\",\"position\":4,\"name\":\"Ph\u1ee5 ki\u1ec7n flycam Phantom 4\",\"item\":\"https:\/\/phukienflytech.vn\/en\/danh-muc\/phantom-4-accessory.html\"},{\"@type\":\"ListItem\",\"position\":5,\"name\":\"Phantom 4 Pro gimbal repair YAW arm\"}]},{\"@type\":\"WebSite\",\"@id\":\"https:\/\/phukienflytech.vn\/#website\",\"url\":\"https:\/\/phukienflytech.vn\/\",\"name\":\"Shop M\u00e1y \u1ea3nh - Action Camera - Gimbal - Flycam - Ph\u1ee5 ki\u1ec7n\",\"description\":\"Shop M\u00e1y \u1ea3nh - Action Camera - Gimbal - Flycam - Ph\u1ee5 ki\u1ec7n\",\"publisher\":{\"@id\":\"https:\/\/phukienflytech.vn\/#organization\"},\"potentialAction\":[{\"@type\":\"SearchAction\",\"target\":{\"@type\":\"EntryPoint\",\"urlTemplate\":\"https:\/\/phukienflytech.vn\/?s={search_term_string}\"},\"query-input\":{\"@type\":\"PropertyValueSpecification\",\"valueRequired\":true,\"valueName\":\"search_term_string\"}}],\"inLanguage\":\"en-US\"},{\"@type\":\"Organization\",\"@id\":\"https:\/\/phukienflytech.vn\/#organization\",\"name\":\"DJI Store - Shop Drone, Action camera, Gimbal DJI |Phukienflytech\",\"alternateName\":\"DJI Store - Shop Drone, Action camera, Gimbal DJI |Phukienflytech\",\"url\":\"https:\/\/phukienflytech.vn\/\",\"logo\":{\"@type\":\"ImageObject\",\"inLanguage\":\"en-US\",\"@id\":\"https:\/\/phukienflytech.vn\/#\/schema\/logo\/image\/\",\"url\":\"https:\/\/phukienflytech.vn\/wp-content\/uploads\/2020\/05\/hAnh_nan.jpg1_.jpg\",\"contentUrl\":\"https:\/\/phukienflytech.vn\/wp-content\/uploads\/2020\/05\/hAnh_nan.jpg1_.jpg\",\"width\":800,\"height\":450,\"caption\":\"DJI Store - Shop Drone, Action camera, Gimbal DJI |Phukienflytech\"},\"image\":{\"@id\":\"https:\/\/phukienflytech.vn\/#\/schema\/logo\/image\/\"},\"sameAs\":[\"https:\/\/facebook.com\/phukienflycam\",\"https:\/\/www.youtube.com\/@phukienflytech\",\"https:\/\/www.tiktok.com\/@flytech.channel?fbclid=IwY2xjawGjg7BleHRuA2FlbQIxMAABHYVGmlXpuSMs0UB2zTpYvyT4GMVfN2qJa4urF4vkSQ6FAVBwXZtDP30qQA_aem_UwMiDcUvlEbd2tXAmsc8Og\"]}]}<\/script>\n<!-- \/ Yoast SEO plugin. -->","yoast_head_json":{"title":"Phantom 4 Pro gimbal repair YAW arm - Sunnylife - Phantom accessory.","description":"Phantom 4 Pro gimbal repair YAW arm is one of the most important accessory. Contact us to buy it for best price, fast shipping in Vietnam","robots":{"index":"index","follow":"follow","max-snippet":"max-snippet:-1","max-image-preview":"max-image-preview:large","max-video-preview":"max-video-preview:-1"},"canonical":"https:\/\/phukienflytech.vn\/en\/san-pham\/phantom-4-pro-gimbal-repair-yaw-arm.html","og_locale":"en_US","og_type":"article","og_title":"Phantom 4 Pro gimbal repair YAW arm - Sunnylife - Phantom accessory.","og_description":"Phantom 4 Pro gimbal repair YAW arm is one of the most important accessory. Contact us to buy it for best price, fast shipping in Vietnam","og_url":"https:\/\/phukienflytech.vn\/en\/san-pham\/phantom-4-pro-gimbal-repair-yaw-arm.html","og_site_name":"Shop M\u00e1y \u1ea3nh - Action Camera - Gimbal - Flycam - Ph\u1ee5 ki\u1ec7n","article_publisher":"https:\/\/facebook.com\/phukienflycam","article_modified_time":"2020-10-16T08:37:41+00:00","og_image":[{"width":243,"height":243,"url":"https:\/\/phukienflytech.vn\/wp-content\/uploads\/2020\/06\/yaw_p4.jpg","type":"image\/jpeg"}],"twitter_card":"summary_large_image","twitter_misc":{"Est. reading time":"2 minutes"},"schema":{"@context":"https:\/\/schema.org","@graph":[{"@type":"WebPage","@id":"https:\/\/phukienflytech.vn\/en\/san-pham\/phantom-4-pro-gimbal-repair-yaw-arm.html","url":"https:\/\/phukienflytech.vn\/en\/san-pham\/phantom-4-pro-gimbal-repair-yaw-arm.html","name":"Phantom 4 Pro gimbal repair YAW arm - Sunnylife - Phantom accessory.","isPartOf":{"@id":"https:\/\/phukienflytech.vn\/#website"},"primaryImageOfPage":{"@id":"https:\/\/phukienflytech.vn\/en\/san-pham\/phantom-4-pro-gimbal-repair-yaw-arm.html#primaryimage"},"image":{"@id":"https:\/\/phukienflytech.vn\/en\/san-pham\/phantom-4-pro-gimbal-repair-yaw-arm.html#primaryimage"},"thumbnailUrl":"https:\/\/phukienflytech.vn\/wp-content\/uploads\/2020\/06\/yaw_p4.jpg","datePublished":"2020-06-18T08:46:23+00:00","dateModified":"2020-10-16T08:37:41+00:00","description":"Phantom 4 Pro gimbal repair YAW arm is one of the most important accessory. Contact us to buy it for best price, fast shipping in Vietnam","breadcrumb":{"@id":"https:\/\/phukienflytech.vn\/en\/san-pham\/phantom-4-pro-gimbal-repair-yaw-arm.html#breadcrumb"},"inLanguage":"en-US","potentialAction":[{"@type":"ReadAction","target":["https:\/\/phukienflytech.vn\/en\/san-pham\/phantom-4-pro-gimbal-repair-yaw-arm.html"]}]},{"@type":"ImageObject","inLanguage":"en-US","@id":"https:\/\/phukienflytech.vn\/en\/san-pham\/phantom-4-pro-gimbal-repair-yaw-arm.html#primaryimage","url":"https:\/\/phukienflytech.vn\/wp-content\/uploads\/2020\/06\/yaw_p4.jpg","contentUrl":"https:\/\/phukienflytech.vn\/wp-content\/uploads\/2020\/06\/yaw_p4.jpg","width":243,"height":243},{"@type":"BreadcrumbList","@id":"https:\/\/phukienflytech.vn\/en\/san-pham\/phantom-4-pro-gimbal-repair-yaw-arm.html#breadcrumb","itemListElement":[{"@type":"ListItem","position":1,"name":"Home","item":"https:\/\/phukienflytech.vn\/en"},{"@type":"ListItem","position":2,"name":"Ph\u1ee5 ki\u1ec7n Mavic Pro","item":"https:\/\/phukienflytech.vn\/en\/phu-kien-mavic-pro.html"},{"@type":"ListItem","position":3,"name":"DJI Osmo &amp; Drone's accessories","item":"https:\/\/phukienflytech.vn\/en\/danh-muc\/dji-osmo-drones-accessories.html"},{"@type":"ListItem","position":4,"name":"Ph\u1ee5 ki\u1ec7n flycam Phantom 4","item":"https:\/\/phukienflytech.vn\/en\/danh-muc\/phantom-4-accessory.html"},{"@type":"ListItem","position":5,"name":"Phantom 4 Pro gimbal repair YAW arm"}]},{"@type":"WebSite","@id":"https:\/\/phukienflytech.vn\/#website","url":"https:\/\/phukienflytech.vn\/","name":"Shop M\u00e1y \u1ea3nh - Action Camera - Gimbal - Flycam - Ph\u1ee5 ki\u1ec7n","description":"Shop M\u00e1y \u1ea3nh - Action Camera - Gimbal - Flycam - Ph\u1ee5 ki\u1ec7n","publisher":{"@id":"https:\/\/phukienflytech.vn\/#organization"},"potentialAction":[{"@type":"SearchAction","target":{"@type":"EntryPoint","urlTemplate":"https:\/\/phukienflytech.vn\/?s={search_term_string}"},"query-input":{"@type":"PropertyValueSpecification","valueRequired":true,"valueName":"search_term_string"}}],"inLanguage":"en-US"},{"@type":"Organization","@id":"https:\/\/phukienflytech.vn\/#organization","name":"DJI Store - Shop Drone, Action camera, Gimbal DJI |Phukienflytech","alternateName":"DJI Store - Shop Drone, Action camera, Gimbal DJI |Phukienflytech","url":"https:\/\/phukienflytech.vn\/","logo":{"@type":"ImageObject","inLanguage":"en-US","@id":"https:\/\/phukienflytech.vn\/#\/schema\/logo\/image\/","url":"https:\/\/phukienflytech.vn\/wp-content\/uploads\/2020\/05\/hAnh_nan.jpg1_.jpg","contentUrl":"https:\/\/phukienflytech.vn\/wp-content\/uploads\/2020\/05\/hAnh_nan.jpg1_.jpg","width":800,"height":450,"caption":"DJI Store - Shop Drone, Action camera, Gimbal DJI |Phukienflytech"},"image":{"@id":"https:\/\/phukienflytech.vn\/#\/schema\/logo\/image\/"},"sameAs":["https:\/\/facebook.com\/phukienflycam","https:\/\/www.youtube.com\/@phukienflytech","https:\/\/www.tiktok.com\/@flytech.channel?fbclid=IwY2xjawGjg7BleHRuA2FlbQIxMAABHYVGmlXpuSMs0UB2zTpYvyT4GMVfN2qJa4urF4vkSQ6FAVBwXZtDP30qQA_aem_UwMiDcUvlEbd2tXAmsc8Og"]}]}},"_links":{"self":[{"href":"https:\/\/phukienflytech.vn\/en\/wp-json\/wp\/v2\/product\/6302","targetHints":{"allow":["GET"]}}],"collection":[{"href":"https:\/\/phukienflytech.vn\/en\/wp-json\/wp\/v2\/product"}],"about":[{"href":"https:\/\/phukienflytech.vn\/en\/wp-json\/wp\/v2\/types\/product"}],"replies":[{"embeddable":true,"href":"https:\/\/phukienflytech.vn\/en\/wp-json\/wp\/v2\/comments?post=6302"}],"wp:featuredmedia":[{"embeddable":true,"href":"https:\/\/phukienflytech.vn\/en\/wp-json\/wp\/v2\/media\/16248"}],"wp:attachment":[{"href":"https:\/\/phukienflytech.vn\/en\/wp-json\/wp\/v2\/media?parent=6302"}],"wp:term":[{"taxonomy":"product_brand","embeddable":true,"href":"https:\/\/phukienflytech.vn\/en\/wp-json\/wp\/v2\/product_brand?post=6302"},{"taxonomy":"product_cat","embeddable":true,"href":"https:\/\/phukienflytech.vn\/en\/wp-json\/wp\/v2\/product_cat?post=6302"},{"taxonomy":"product_tag","embeddable":true,"href":"https:\/\/phukienflytech.vn\/en\/wp-json\/wp\/v2\/product_tag?post=6302"}],"curies":[{"name":"wp","href":"https:\/\/api.w.org\/{rel}","templated":true}]}}