{"id":6328,"date":"2020-06-18T16:02:12","date_gmt":"2020-06-18T09:02:12","guid":{"rendered":"http:\/\/27430.lamdx.vinawebsite.vn\/san-pham\/bo-bao-ve-canh-phantom-4-phu-kien-flycam-dji-phantom-4.html"},"modified":"2020-10-16T15:14:43","modified_gmt":"2020-10-16T08:14:43","slug":"propeller-guard-for-phantom-4","status":"publish","type":"product","link":"https:\/\/phukienflytech.vn\/en\/san-pham\/propeller-guard-for-phantom-4.html","title":{"rendered":"Propeller guard for Phantom 4"},"content":{"rendered":"<h2><em><strong><span style=\"font-size: 21px; color: #0000ff;\">Propeller guard for Phantom 4<\/span><\/strong><\/em><\/h2>\n<p><span style=\"font-size: 18px;\">Propeller guard for Phantom 4<\/span><\/p>\n<p><span style=\"font-size: 18px;\"><em><strong><img loading=\"lazy\" decoding=\"async\" src=\"https:\/\/phukienflytech.vn\/wp-content\/uploads\/2020\/06\/bo-bao-ve-canh-phantom-4-phu-kien-flycam-dji-phantom-4-6313.jpg\" alt=\"\" width=\"348\" height=\"348\" \/><\/strong><\/em><\/span><\/p>\n<h2><span style=\"font-size: 21px;\"><strong><span style=\"color: #0000ff;\">T\u1ea1i sao m\u1ed7i ng\u01b0\u1eddi ch\u01a1i flycam n\u00ean s\u1eed d\u1ee5ng b\u1ed9 Propeller guard for Phantom 4 ?<\/span><\/strong><\/span><\/h2>\n<p>&nbsp;<\/p>\n<p><span style=\"font-size: 18px;\"><img loading=\"lazy\" decoding=\"async\" src=\"https:\/\/phukienflytech.vn\/wp-content\/uploads\/2020\/06\/bo-bao-ve-canh-phantom-4-phu-kien-flycam-dji-phantom-4-6313-1.jpg\" alt=\"\" width=\"350\" height=\"350\" \/><\/span><\/p>\n<p><span style=\"font-size: 18px;\">Kh\u00f4ng ch\u1ec9 \u0111\u01a1n thu\u1ea7n l\u00e0\u00a0<em><strong>b\u1ea3o v\u1ec7 c\u00e1nh phantom 4 4 pro<\/strong>\u00a0<\/em>m\u00e1y bay trong tr\u01b0\u1eddng h\u1ee3p va qu\u1ec7t v\u00e0o t\u01b0\u1eddng, c\u00e0nh c\u00e2y&#8230; m\u00e0 xa h\u01a1n n\u1eefa ch\u00ednh l\u00e0 b\u1ea3o v\u1ec7 \u0111\u1ed9ng c\u01a1 motor c\u1ee7a m\u00e1y. Khi va ch\u1ea1m x\u1ea3y ra, c\u00e1nh s\u1ebd b\u1ecb ch\u1eb7n \u0111\u1ee9ng l\u1ea1i v\u00e0 \u0111\u1ed9ng c\u01a1 v\u1eabn ti\u1ebfp t\u1ee5c nh\u1eadn l\u1ec7nh chuy\u1ec3n \u0111\u1ed9ng, v\u00e0 khi s\u1ef1 m\u00e2u thu\u1eabn tr\u00ean x\u1ea3y ra th\u00ec r\u1ea5t kh\u00f3 tr\u00e1nh kh\u1ecfi h\u1eadu qu\u1ea3 ch\u00e1y motor&#8230;<\/span><\/p>\n<p><span style=\"font-size: 18px;\"><img loading=\"lazy\" decoding=\"async\" src=\"https:\/\/phukienflytech.vn\/wp-content\/uploads\/2020\/06\/bo-bao-ve-canh-phantom-4-phu-kien-flycam-dji-phantom-4-6313-2.jpg\" alt=\"\" width=\"349\" height=\"349\" \/><\/span><\/p>\n<p><span style=\"font-size: 18px;\">Nh\u01b0 v\u1eady,\u00a0<em><strong>B\u1ed9 b\u1ea3o v\u1ec7 c\u00e1nh phantom 4\/ 4 pro<\/strong><\/em>\u00a0kh\u00f4ng ch\u1ec9 b\u1ea3o v\u1ec7 c\u00e1nh m\u00e0 c\u00f2n l\u00e0 ph\u1ee5 ki\u1ec7n b\u1ea3o v\u1ec7 ch\u00ednh c\u00e1c \u0111\u1ed9ng c\u01a1 c\u1ee7a m\u00e1y, ch\u00fang ta n\u00ean coi ch\u00fang nh\u01b0 l\u00e0 m\u1ed9t ph\u1ea7n kh\u00f4ng th\u1ec3 thi\u1ebfu c\u1ee7a m\u00e1y bay m\u1ed7i khi c\u1ea5t c\u00e1nh. B\u1ed5 sung ch\u00fang ngay v\u00e0o b\u1ed9 s\u01b0u t\u1eadp\u00a0<em><strong>ph\u1ee5 ki\u1ec7n phantom 4\/ 4 pro<\/strong><\/em>\u00a0c\u1ee7a b\u1ea1n<\/span><\/p>\n<p><span style=\"font-size: 18px;\"><img loading=\"lazy\" decoding=\"async\" class=\"alignnone\" src=\"https:\/\/phukienflytech.vn\/wp-content\/uploads\/2020\/06\/bo-bao-ve-canh-phantom-4-phu-kien-flycam-dji-phantom-4-6313-3.jpg\" alt=\"Propeller-guard-for-Phantom-4-3\" width=\"351\" height=\"351\" \/><\/span><\/p>\n<p><span style=\"font-size: 18px;\">M\u1ee5c \u0111\u00edch: b\u1ea3o v\u1ec7\u00a0<em><strong>c\u00e1nh cho Phantom 4 4pro<\/strong><\/em>\u00a0trong c\u00e1c chuy\u1ebfn bay t\u1ea1o ra s\u1ef1 an t\u00e2m trong t\u1eebng chuy\u1ebfn bay.<\/span><\/p>\n<p><span style=\"font-size: 18px;\"><img loading=\"lazy\" decoding=\"async\" class=\"alignnone\" src=\"https:\/\/phukienflytech.vn\/wp-content\/uploads\/2020\/06\/bo-bao-ve-canh-phantom-4-phu-kien-flycam-dji-phantom-4-6313-4.jpg\" alt=\"Propeller-guard-for-Phantom-4-2\" width=\"349\" height=\"349\" \/><\/span><\/p>\n<p><span style=\"font-size: 18px;\">Kh\u00f4ng nh\u1eefng ch\u1ec9 b\u1ea3o v\u1ec7 c\u00e1nh,\u00a0 trong tr\u01b0\u1eddng h\u1ee3p g\u1eb7p tai n\u1ea1n, n\u00f3 c\u00f2n gi\u00fap\u00a0 ph\u1ea7n l\u1edbn th\u00e2n m\u00e1y ti\u1ebfp x\u00fac, va ch\u1ea1m v\u1edbi b\u1ec1 m\u1eb7t c\u1ea3n, d\u1eabn t\u1edbi h\u1ea1n ch\u1ebf vi\u1ec7c ch\u1eadp ch\u00e1y motor, x\u01b0\u1edbc s\u00e1t th\u00e2n m\u00e1y..<\/span><\/p>\n<p><span style=\"font-size: 18px;\">\u00a0<img loading=\"lazy\" decoding=\"async\" class=\"alignnone\" src=\"https:\/\/phukienflytech.vn\/wp-content\/uploads\/2020\/06\/bo-bao-ve-canh-phantom-4-phu-kien-flycam-dji-phantom-4-6313-5.jpg\" alt=\"Propeller-guard-for-Phantom-4-1\" width=\"351\" height=\"351\" \/><\/span><\/p>\n<p><span style=\"font-size: 18px;\">Ch\u1ea5t li\u1ec7u: Nh\u1ef1a khu\u00f4n chi ti\u1ebft<\/span><\/p>\n<p><span style=\"font-size: 18px;\">M\u00e0u s\u1eafc: tr\u1eafng<\/span><\/p>\n<p><span style=\"font-size: 18px;\">&#8211; R\u1ea5t d\u1ec5 th\u00e1o, l\u1eafp.<\/span><\/p>\n<h2><span style=\"font-size: 21px; color: #0000ff;\"><em><strong>Mua ph\u1ee5 ki\u1ec7n flycam DJI phantom,Mavic,Spark \u1edf \u0111\u00e2u?<\/strong><\/em><\/span><\/h2>\n<p><span style=\"font-size: 18px;\"><em><strong><a href=\"https:\/\/facebook.com\/phukienflycam\">Ph\u1ee5 Ki\u1ec7n Flytech Gi\u00e1 T\u1ed1t<\/a><\/strong><\/em>\u00a0h\u00e2n h\u1ea1nh \u0111em l\u1ea1i c\u00e1c m\u1eabu s\u1ea3n ph\u1ea9m Balo phatom ch\u00ednh h\u00e3ng t\u1ed1t nh\u1ea5t ph\u1ee5c v\u1ee5 \u0111am m\u00ea, v\u00e0 c\u00f4ng vi\u1ec7c c\u1ee7a c\u00e1c b\u1ea1n, h\u00e3y \u0111\u1ec3 ch\u00fang t\u00f4i ti\u1ebfp s\u1ee9c \u0111am m\u00ea, c\u00f4ng vi\u1ec7c c\u1ee7a b\u1ea1n, gi\u00fap b\u1ea1n th\u00eam ni\u1ec1m h\u1ee9ng kh\u1edfi trong \u0111am m\u00ea c\u0169ng nh\u01b0 c\u00f4ng vi\u1ec7c c\u1ee7a m\u00ecnh th\u00eam su\u00f4n s\u1ebb<\/span><\/p>\n<p><span style=\"font-size: 18px;\">\u00a0<img loading=\"lazy\" decoding=\"async\" class=\"alignnone\" src=\"https:\/\/phukienflytech.vn\/wp-content\/uploads\/2020\/06\/bo-bao-ve-canh-phantom-4-phu-kien-flycam-dji-phantom-4-6313-6.jpg\" alt=\"Propeller-guard-for-Phantom-4\" width=\"440\" height=\"138\" \/><\/span><\/p>\n<p><span style=\"font-size: 18px;\">Ch\u00fang t\u00f4i chuy\u00ean cung c\u1ea5p h\u1ea7u h\u1ebft t\u1ea5t c\u00e1c c\u00e1c ph\u1ee5 ki\u1ec7n flycam DJI c\u1ee7a Phantom 3,4 series, Mavic series, DJI Spark v\u00e0 inspire 1<\/span><\/p>\n<p><span style=\"font-size: 18px;\">H\u00e3y xem th\u00eam c\u00e1c\u00a0<em>ph\u1ee5 ki\u1ec7n flycam dji Phantom 3 4<\/em>\u00a0b\u1eb1ng c\u00e1ch\u00a0<span style=\"color: #0000ff;\"><strong><a style=\"color: #0000ff;\" href=\"https:\/\/phukienflytech.vn\/en\/danh-muc\/phantom-4-accessory.html\" target=\"_blank\" rel=\"noopener noreferrer\">click t\u1ea1i \u0111\u00e2y<\/a><\/strong>\u00a0<\/span>!<\/span><\/p>\n<p><span style=\"font-size: 18px;\">Nh\u00e0 s\u1ea3n xu\u1ea5t : Sunnylife \u2013 l\u00e0 m\u1ed9t trong nh\u1eefng Vendor cung c\u1ea5p c\u00e1c ph\u1ee5 ki\u1ec7n, linh ki\u1ec7n thay th\u1ebf cho DJI Flycam.<\/span><\/p>\n","protected":false},"excerpt":{"rendered":"<p>Propeller guard for Phantom 4 Propeller guard for Phantom 4 T\u1ea1i sao m\u1ed7i ng\u01b0\u1eddi ch\u01a1i flycam n\u00ean s\u1eed d\u1ee5ng b\u1ed9 Propeller guard for Phantom 4 ? &nbsp; Kh\u00f4ng ch\u1ec9 \u0111\u01a1n thu\u1ea7n l\u00e0\u00a0b\u1ea3o v\u1ec7 c\u00e1nh phantom 4 4 pro\u00a0m\u00e1y bay trong tr\u01b0\u1eddng h\u1ee3p va qu\u1ec7t v\u00e0o t\u01b0\u1eddng, c\u00e0nh c\u00e2y&#8230; m\u00e0 xa h\u01a1n n\u1eefa ch\u00ednh l\u00e0 b\u1ea3o &#8230;<\/p>\n","protected":false},"featured_media":16244,"comment_status":"open","ping_status":"closed","template":"","meta":{"_acf_changed":false},"product_brand":[],"product_cat":[182],"product_tag":[206,227],"class_list":{"0":"post-6328","1":"product","2":"type-product","3":"status-publish","4":"has-post-thumbnail","6":"product_cat-phantom-4-accessory","7":"product_tag-phu-kien-dji-en","8":"product_tag-phu-kien-phantom-4-en","10":"first","11":"instock","12":"sale","13":"shipping-taxable","14":"purchasable","15":"product-type-simple"},"acf":[],"yoast_head":"<!-- This site is optimized with the Yoast SEO plugin v25.7 - https:\/\/yoast.com\/wordpress\/plugins\/seo\/ -->\n<title>Propeller guard for Phantom 4 - Sunnylife - Phantom accessory - available<\/title>\n<meta name=\"description\" content=\"Propeller guard for Phantom 4 is one of the most important accessory. Contact us to buy Propeller guard for Phantom 4 for best price.\" \/>\n<meta name=\"robots\" content=\"index, follow, max-snippet:-1, max-image-preview:large, max-video-preview:-1\" \/>\n<link rel=\"canonical\" href=\"https:\/\/phukienflytech.vn\/en\/san-pham\/propeller-guard-for-phantom-4.html\" \/>\n<meta property=\"og:locale\" content=\"en_US\" \/>\n<meta property=\"og:type\" content=\"article\" \/>\n<meta property=\"og:title\" content=\"Propeller guard for Phantom 4 - Sunnylife - Phantom accessory - available\" \/>\n<meta property=\"og:description\" content=\"Propeller guard for Phantom 4 is one of the most important accessory. Contact us to buy Propeller guard for Phantom 4 for best price.\" \/>\n<meta property=\"og:url\" content=\"https:\/\/phukienflytech.vn\/en\/san-pham\/propeller-guard-for-phantom-4.html\" \/>\n<meta property=\"og:site_name\" content=\"Shop M\u00e1y \u1ea3nh - Action Camera - Gimbal - Flycam - Ph\u1ee5 ki\u1ec7n\" \/>\n<meta property=\"article:publisher\" content=\"https:\/\/facebook.com\/phukienflycam\" \/>\n<meta property=\"article:modified_time\" content=\"2020-10-16T08:14:43+00:00\" \/>\n<meta property=\"og:image\" content=\"https:\/\/phukienflytech.vn\/wp-content\/uploads\/2020\/06\/P4-KC43_12.jpg\" \/>\n\t<meta property=\"og:image:width\" content=\"243\" \/>\n\t<meta property=\"og:image:height\" content=\"243\" \/>\n\t<meta property=\"og:image:type\" content=\"image\/jpeg\" \/>\n<meta name=\"twitter:card\" content=\"summary_large_image\" \/>\n<meta name=\"twitter:label1\" content=\"Est. reading time\" \/>\n\t<meta name=\"twitter:data1\" content=\"3 minutes\" \/>\n<script type=\"application\/ld+json\" class=\"yoast-schema-graph\">{\"@context\":\"https:\/\/schema.org\",\"@graph\":[{\"@type\":\"WebPage\",\"@id\":\"https:\/\/phukienflytech.vn\/en\/san-pham\/propeller-guard-for-phantom-4.html\",\"url\":\"https:\/\/phukienflytech.vn\/en\/san-pham\/propeller-guard-for-phantom-4.html\",\"name\":\"Propeller guard for Phantom 4 - Sunnylife - Phantom accessory - available\",\"isPartOf\":{\"@id\":\"https:\/\/phukienflytech.vn\/#website\"},\"primaryImageOfPage\":{\"@id\":\"https:\/\/phukienflytech.vn\/en\/san-pham\/propeller-guard-for-phantom-4.html#primaryimage\"},\"image\":{\"@id\":\"https:\/\/phukienflytech.vn\/en\/san-pham\/propeller-guard-for-phantom-4.html#primaryimage\"},\"thumbnailUrl\":\"https:\/\/phukienflytech.vn\/wp-content\/uploads\/2020\/06\/P4-KC43_12.jpg\",\"datePublished\":\"2020-06-18T09:02:12+00:00\",\"dateModified\":\"2020-10-16T08:14:43+00:00\",\"description\":\"Propeller guard for Phantom 4 is one of the most important accessory. Contact us to buy Propeller guard for Phantom 4 for best price.\",\"breadcrumb\":{\"@id\":\"https:\/\/phukienflytech.vn\/en\/san-pham\/propeller-guard-for-phantom-4.html#breadcrumb\"},\"inLanguage\":\"en-US\",\"potentialAction\":[{\"@type\":\"ReadAction\",\"target\":[\"https:\/\/phukienflytech.vn\/en\/san-pham\/propeller-guard-for-phantom-4.html\"]}]},{\"@type\":\"ImageObject\",\"inLanguage\":\"en-US\",\"@id\":\"https:\/\/phukienflytech.vn\/en\/san-pham\/propeller-guard-for-phantom-4.html#primaryimage\",\"url\":\"https:\/\/phukienflytech.vn\/wp-content\/uploads\/2020\/06\/P4-KC43_12.jpg\",\"contentUrl\":\"https:\/\/phukienflytech.vn\/wp-content\/uploads\/2020\/06\/P4-KC43_12.jpg\",\"width\":243,\"height\":243},{\"@type\":\"BreadcrumbList\",\"@id\":\"https:\/\/phukienflytech.vn\/en\/san-pham\/propeller-guard-for-phantom-4.html#breadcrumb\",\"itemListElement\":[{\"@type\":\"ListItem\",\"position\":1,\"name\":\"Home\",\"item\":\"https:\/\/phukienflytech.vn\/en\"},{\"@type\":\"ListItem\",\"position\":2,\"name\":\"Ph\u1ee5 ki\u1ec7n Mavic Pro\",\"item\":\"https:\/\/phukienflytech.vn\/en\/phu-kien-mavic-pro.html\"},{\"@type\":\"ListItem\",\"position\":3,\"name\":\"DJI Osmo &amp; Drone's accessories\",\"item\":\"https:\/\/phukienflytech.vn\/en\/danh-muc\/dji-osmo-drones-accessories.html\"},{\"@type\":\"ListItem\",\"position\":4,\"name\":\"Ph\u1ee5 ki\u1ec7n flycam Phantom 4\",\"item\":\"https:\/\/phukienflytech.vn\/en\/danh-muc\/phantom-4-accessory.html\"},{\"@type\":\"ListItem\",\"position\":5,\"name\":\"Propeller guard for Phantom 4\"}]},{\"@type\":\"WebSite\",\"@id\":\"https:\/\/phukienflytech.vn\/#website\",\"url\":\"https:\/\/phukienflytech.vn\/\",\"name\":\"Shop M\u00e1y \u1ea3nh - Action Camera - Gimbal - Flycam - Ph\u1ee5 ki\u1ec7n\",\"description\":\"Shop M\u00e1y \u1ea3nh - Action Camera - Gimbal - Flycam - Ph\u1ee5 ki\u1ec7n\",\"publisher\":{\"@id\":\"https:\/\/phukienflytech.vn\/#organization\"},\"potentialAction\":[{\"@type\":\"SearchAction\",\"target\":{\"@type\":\"EntryPoint\",\"urlTemplate\":\"https:\/\/phukienflytech.vn\/?s={search_term_string}\"},\"query-input\":{\"@type\":\"PropertyValueSpecification\",\"valueRequired\":true,\"valueName\":\"search_term_string\"}}],\"inLanguage\":\"en-US\"},{\"@type\":\"Organization\",\"@id\":\"https:\/\/phukienflytech.vn\/#organization\",\"name\":\"DJI Store - Shop Drone, Action camera, Gimbal DJI |Phukienflytech\",\"alternateName\":\"DJI Store - Shop Drone, Action camera, Gimbal DJI |Phukienflytech\",\"url\":\"https:\/\/phukienflytech.vn\/\",\"logo\":{\"@type\":\"ImageObject\",\"inLanguage\":\"en-US\",\"@id\":\"https:\/\/phukienflytech.vn\/#\/schema\/logo\/image\/\",\"url\":\"https:\/\/phukienflytech.vn\/wp-content\/uploads\/2020\/05\/hAnh_nan.jpg1_.jpg\",\"contentUrl\":\"https:\/\/phukienflytech.vn\/wp-content\/uploads\/2020\/05\/hAnh_nan.jpg1_.jpg\",\"width\":800,\"height\":450,\"caption\":\"DJI Store - Shop Drone, Action camera, Gimbal DJI |Phukienflytech\"},\"image\":{\"@id\":\"https:\/\/phukienflytech.vn\/#\/schema\/logo\/image\/\"},\"sameAs\":[\"https:\/\/facebook.com\/phukienflycam\",\"https:\/\/www.youtube.com\/@phukienflytech\",\"https:\/\/www.tiktok.com\/@flytech.channel?fbclid=IwY2xjawGjg7BleHRuA2FlbQIxMAABHYVGmlXpuSMs0UB2zTpYvyT4GMVfN2qJa4urF4vkSQ6FAVBwXZtDP30qQA_aem_UwMiDcUvlEbd2tXAmsc8Og\"]}]}<\/script>\n<!-- \/ Yoast SEO plugin. -->","yoast_head_json":{"title":"Propeller guard for Phantom 4 - Sunnylife - Phantom accessory - available","description":"Propeller guard for Phantom 4 is one of the most important accessory. Contact us to buy Propeller guard for Phantom 4 for best price.","robots":{"index":"index","follow":"follow","max-snippet":"max-snippet:-1","max-image-preview":"max-image-preview:large","max-video-preview":"max-video-preview:-1"},"canonical":"https:\/\/phukienflytech.vn\/en\/san-pham\/propeller-guard-for-phantom-4.html","og_locale":"en_US","og_type":"article","og_title":"Propeller guard for Phantom 4 - Sunnylife - Phantom accessory - available","og_description":"Propeller guard for Phantom 4 is one of the most important accessory. Contact us to buy Propeller guard for Phantom 4 for best price.","og_url":"https:\/\/phukienflytech.vn\/en\/san-pham\/propeller-guard-for-phantom-4.html","og_site_name":"Shop M\u00e1y \u1ea3nh - Action Camera - Gimbal - Flycam - Ph\u1ee5 ki\u1ec7n","article_publisher":"https:\/\/facebook.com\/phukienflycam","article_modified_time":"2020-10-16T08:14:43+00:00","og_image":[{"width":243,"height":243,"url":"https:\/\/phukienflytech.vn\/wp-content\/uploads\/2020\/06\/P4-KC43_12.jpg","type":"image\/jpeg"}],"twitter_card":"summary_large_image","twitter_misc":{"Est. reading time":"3 minutes"},"schema":{"@context":"https:\/\/schema.org","@graph":[{"@type":"WebPage","@id":"https:\/\/phukienflytech.vn\/en\/san-pham\/propeller-guard-for-phantom-4.html","url":"https:\/\/phukienflytech.vn\/en\/san-pham\/propeller-guard-for-phantom-4.html","name":"Propeller guard for Phantom 4 - Sunnylife - Phantom accessory - available","isPartOf":{"@id":"https:\/\/phukienflytech.vn\/#website"},"primaryImageOfPage":{"@id":"https:\/\/phukienflytech.vn\/en\/san-pham\/propeller-guard-for-phantom-4.html#primaryimage"},"image":{"@id":"https:\/\/phukienflytech.vn\/en\/san-pham\/propeller-guard-for-phantom-4.html#primaryimage"},"thumbnailUrl":"https:\/\/phukienflytech.vn\/wp-content\/uploads\/2020\/06\/P4-KC43_12.jpg","datePublished":"2020-06-18T09:02:12+00:00","dateModified":"2020-10-16T08:14:43+00:00","description":"Propeller guard for Phantom 4 is one of the most important accessory. Contact us to buy Propeller guard for Phantom 4 for best price.","breadcrumb":{"@id":"https:\/\/phukienflytech.vn\/en\/san-pham\/propeller-guard-for-phantom-4.html#breadcrumb"},"inLanguage":"en-US","potentialAction":[{"@type":"ReadAction","target":["https:\/\/phukienflytech.vn\/en\/san-pham\/propeller-guard-for-phantom-4.html"]}]},{"@type":"ImageObject","inLanguage":"en-US","@id":"https:\/\/phukienflytech.vn\/en\/san-pham\/propeller-guard-for-phantom-4.html#primaryimage","url":"https:\/\/phukienflytech.vn\/wp-content\/uploads\/2020\/06\/P4-KC43_12.jpg","contentUrl":"https:\/\/phukienflytech.vn\/wp-content\/uploads\/2020\/06\/P4-KC43_12.jpg","width":243,"height":243},{"@type":"BreadcrumbList","@id":"https:\/\/phukienflytech.vn\/en\/san-pham\/propeller-guard-for-phantom-4.html#breadcrumb","itemListElement":[{"@type":"ListItem","position":1,"name":"Home","item":"https:\/\/phukienflytech.vn\/en"},{"@type":"ListItem","position":2,"name":"Ph\u1ee5 ki\u1ec7n Mavic Pro","item":"https:\/\/phukienflytech.vn\/en\/phu-kien-mavic-pro.html"},{"@type":"ListItem","position":3,"name":"DJI Osmo &amp; Drone's accessories","item":"https:\/\/phukienflytech.vn\/en\/danh-muc\/dji-osmo-drones-accessories.html"},{"@type":"ListItem","position":4,"name":"Ph\u1ee5 ki\u1ec7n flycam Phantom 4","item":"https:\/\/phukienflytech.vn\/en\/danh-muc\/phantom-4-accessory.html"},{"@type":"ListItem","position":5,"name":"Propeller guard for Phantom 4"}]},{"@type":"WebSite","@id":"https:\/\/phukienflytech.vn\/#website","url":"https:\/\/phukienflytech.vn\/","name":"Shop M\u00e1y \u1ea3nh - Action Camera - Gimbal - Flycam - Ph\u1ee5 ki\u1ec7n","description":"Shop M\u00e1y \u1ea3nh - Action Camera - Gimbal - Flycam - Ph\u1ee5 ki\u1ec7n","publisher":{"@id":"https:\/\/phukienflytech.vn\/#organization"},"potentialAction":[{"@type":"SearchAction","target":{"@type":"EntryPoint","urlTemplate":"https:\/\/phukienflytech.vn\/?s={search_term_string}"},"query-input":{"@type":"PropertyValueSpecification","valueRequired":true,"valueName":"search_term_string"}}],"inLanguage":"en-US"},{"@type":"Organization","@id":"https:\/\/phukienflytech.vn\/#organization","name":"DJI Store - Shop Drone, Action camera, Gimbal DJI |Phukienflytech","alternateName":"DJI Store - Shop Drone, Action camera, Gimbal DJI |Phukienflytech","url":"https:\/\/phukienflytech.vn\/","logo":{"@type":"ImageObject","inLanguage":"en-US","@id":"https:\/\/phukienflytech.vn\/#\/schema\/logo\/image\/","url":"https:\/\/phukienflytech.vn\/wp-content\/uploads\/2020\/05\/hAnh_nan.jpg1_.jpg","contentUrl":"https:\/\/phukienflytech.vn\/wp-content\/uploads\/2020\/05\/hAnh_nan.jpg1_.jpg","width":800,"height":450,"caption":"DJI Store - Shop Drone, Action camera, Gimbal DJI |Phukienflytech"},"image":{"@id":"https:\/\/phukienflytech.vn\/#\/schema\/logo\/image\/"},"sameAs":["https:\/\/facebook.com\/phukienflycam","https:\/\/www.youtube.com\/@phukienflytech","https:\/\/www.tiktok.com\/@flytech.channel?fbclid=IwY2xjawGjg7BleHRuA2FlbQIxMAABHYVGmlXpuSMs0UB2zTpYvyT4GMVfN2qJa4urF4vkSQ6FAVBwXZtDP30qQA_aem_UwMiDcUvlEbd2tXAmsc8Og"]}]}},"_links":{"self":[{"href":"https:\/\/phukienflytech.vn\/en\/wp-json\/wp\/v2\/product\/6328","targetHints":{"allow":["GET"]}}],"collection":[{"href":"https:\/\/phukienflytech.vn\/en\/wp-json\/wp\/v2\/product"}],"about":[{"href":"https:\/\/phukienflytech.vn\/en\/wp-json\/wp\/v2\/types\/product"}],"replies":[{"embeddable":true,"href":"https:\/\/phukienflytech.vn\/en\/wp-json\/wp\/v2\/comments?post=6328"}],"wp:featuredmedia":[{"embeddable":true,"href":"https:\/\/phukienflytech.vn\/en\/wp-json\/wp\/v2\/media\/16244"}],"wp:attachment":[{"href":"https:\/\/phukienflytech.vn\/en\/wp-json\/wp\/v2\/media?parent=6328"}],"wp:term":[{"taxonomy":"product_brand","embeddable":true,"href":"https:\/\/phukienflytech.vn\/en\/wp-json\/wp\/v2\/product_brand?post=6328"},{"taxonomy":"product_cat","embeddable":true,"href":"https:\/\/phukienflytech.vn\/en\/wp-json\/wp\/v2\/product_cat?post=6328"},{"taxonomy":"product_tag","embeddable":true,"href":"https:\/\/phukienflytech.vn\/en\/wp-json\/wp\/v2\/product_tag?post=6328"}],"curies":[{"name":"wp","href":"https:\/\/api.w.org\/{rel}","templated":true}]}}