{"id":6387,"date":"2020-06-17T14:35:06","date_gmt":"2020-06-17T07:35:06","guid":{"rendered":"http:\/\/27430.lamdx.vinawebsite.vn\/san-pham\/6375.html"},"modified":"2020-10-16T19:09:53","modified_gmt":"2020-10-16T12:09:53","slug":"professional-backpack-phantom-4","status":"publish","type":"product","link":"https:\/\/phukienflytech.vn\/en\/san-pham\/professional-backpack-phantom-4.html","title":{"rendered":"Professional backpack branded Smatree for Phantom 4"},"content":{"rendered":"<h2><span style=\"color: #0000ff;\"><em><strong><span style=\"font-size: 21px;\">Professional backpack Phantom 4<\/span><\/strong><\/em><\/span><\/h2>\n<p><span style=\"font-size: 18px;\">Professional backpack Phantom 4<\/span><\/p>\n<p><span style=\"font-size: 18px;\">Ng\u00e0y nay, vi\u1ec7c ch\u01a1i flycam \u0111\u00e3 ph\u1ed5 bi\u1ebfn h\u01a1n tr\u01b0\u1edbc r\u1ea5t nhi\u1ec1u, m\u1ed9t ph\u1ea7n l\u00e0 do \u0111am m\u00ea du l\u1ecbch ch\u1ee5p \u1ea3nh, mu\u1ed1n \u0111\u01b0\u1ee3c tr\u1ea3i nghi\u1ec7m nh\u1eefng khung h\u00ecnh \u0111\u1eb9p \u1edf nh\u1eefng g\u00f3c \u0111\u1ed9 kh\u00e1c nhau ng\u00e0y m\u1ed9t t\u0103ng l\u00ean c\u1ee7a nhi\u1ec1u ng\u01b0\u1eddi. Ch\u00ednh v\u00ec th\u1ebf nhu c\u1ea7u mang flycam \u201c\u0111i kh\u1eafp th\u1ebf gian\u201d c\u0169ng t\u0103ng theo, k\u00e9o theo s\u1ef1 xu\u1ea5t hi\u1ec7n c\u1ee7a nh\u1eefng chi\u1ebfc\u00a0<strong>balo flycam chuy\u00ean d\u1ee5ng<\/strong>.<\/span><\/p>\n<p><span style=\"font-size: 18px;\"><img loading=\"lazy\" decoding=\"async\" class=\"alignnone\" src=\"https:\/\/phukienflytech.vn\/wp-content\/uploads\/2020\/06\/6375.jpg\" alt=\"balo-phantom-4\" width=\"450\" height=\"450\" \/><\/span><\/p>\n<p><span style=\"font-size: 18px;\">Smart Tree \u2013 m\u1ed9t c\u00f4ng ty s\u1ea3n xu\u1ea5t ph\u1ee5 ki\u1ec7n \u0111\u00e3 n\u1eafm b\u1eaft c\u01a1 h\u1ed9i v\u00e0 cho ra \u0111\u1eddi d\u00f2ng\u00a0<strong>balo flycam DJI phantom 4<\/strong>\u00a0\u2013 chi\u1ebfc balo ch\u1ec9 d\u00e0nh ri\u00eang cho fan c\u1ee7a chi\u1ebfc flycam con c\u01b0ng h\u00e3ng DJI.\u00a0<strong><em>Ba<\/em>lo ch\u1ed1ng n\u01b0\u1edbc phantom 4\u00a0<\/strong>Khi m\u1edbi ra m\u1eaft, chi\u1ebfc balo n\u00e0y \u0111\u00e3 nhanh ch\u00f3ng chinh ph\u1ee5c \u0111\u01b0\u1ee3c c\u00e1c t\u00edn \u0111\u1ed3 flycam. Ch\u1eafn ch\u1eafn trong nh\u1eefng ng\u00e0y t\u1edbi, c\u00e1c t\u1eeb kh\u00f3a nh\u01b0:\u00a0<strong>balo ch\u1ed1ng s\u1ed1c phantom 4 , balo ch\u1ed1ng n\u01b0\u1edbc phantom 4<\/strong>\u00a0s\u1ebd xu\u1ea5t hi\u1ec7n v\u1edbi t\u1ea7n su\u1ea5t ch\u00f3ng m\u1eb7t.<\/span><\/p>\n<p><span style=\"font-size: 18px;\"><img loading=\"lazy\" decoding=\"async\" class=\"alignnone\" src=\"https:\/\/phukienflytech.vn\/wp-content\/uploads\/2020\/06\/6375-1.jpg\" alt=\"tui-dung-phantom-4\" width=\"450\" height=\"450\" \/><\/span><\/p>\n<p><span style=\"font-size: 18px;\">V\u1edbi nh\u1eefng t\u00ednh n\u0103ng nh\u01b0 ch\u1ed1ng s\u1ed1c, ch\u1ed1ng n\u01b0\u1edbc,\u2026. chi\u1ebfc balo n\u00e0y tr\u1edf th\u00e0nh m\u1ed9t\u00a0<strong>ph\u1ee5 ki\u1ec7n flycam DJI phantom 4 pro, advanced c\u1ea7n thi\u1ebft<\/strong>, th\u1eadm ch\u00ed l\u00e0 kh\u00f4ng th\u1ec3 thi\u1ebfu \u0111\u1ed1i v\u1edbi nh\u1eefng ai \u0111ang s\u1edf h\u1eefu phantom 4. M\u1eb7c d\u00f9 c\u00f3 nh\u1eefng t\u00ednh n\u0103ng t\u1ed1t nh\u01b0 v\u1eady nh\u01b0ng\u00a0gi\u00e1 s\u1ebd ch\u1ec9 l\u00e0 1 tri\u1ec7u 450 ngh\u00ecn. Kh\u00f4ng qu\u00e1 kh\u00f3 \u0111\u1ec3 c\u00f3 th\u1ec3 \u201cr\u01b0\u1edbc n\u00e0ng v\u1ec1 dinh\u201d.<\/span><\/p>\n<p>&nbsp;<\/p>\n<h2><span style=\"font-size: 21px; color: #0000ff;\"><em><strong>\u0110\u1eb6C \u0110I\u1ec2M C\u1ee6A Professional backpack Phantom 4<\/strong><\/em><\/span><\/h2>\n<p><span style=\"font-size: 18px;\"><em><strong>L\u01b0u \u00fd : s\u1ea3n ph\u1ea9m kh\u00f4ng bao g\u1ed3m h\u1ed9p x\u1ed1p theo m\u00e1y Phantom 4 series<\/strong><\/em><\/span><\/p>\n<p><span style=\"font-size: 18px;\"><em><strong><img loading=\"lazy\" decoding=\"async\" class=\"alignnone\" src=\"https:\/\/phukienflytech.vn\/wp-content\/uploads\/2020\/06\/6375-2.jpg\" alt=\"Professional-backpack-Phantom-4-2\" width=\"450\" height=\"450\" \/><\/strong><\/em><\/span><\/p>\n<p><span style=\"font-size: 18px;\">Kh\u00f4ng c\u1ea7n bi\u1ebft gi\u00e1 c\u00f3 r\u1ebb kh\u00f4ng hay m\u1ee9c \u0111\u1ed9 n\u1ed5i ti\u1ebfng nh\u01b0 th\u1ebf n\u00e0o, m\u1ed9t ng\u01b0\u1eddi ti\u00eau d\u00f9ng th\u00f4ng minh s\u1ebd ph\u1ea3i xem x\u00e9t \u0111\u1ebfn \u0111\u1ed9 b\u1ec1n, t\u00ednh n\u0103ng c\u1ee7a s\u1ea3n ph\u1ea9m c\u00f3 x\u1ee9ng \u0111\u00e1ng \u0111\u1ec3 b\u1ecf ti\u1ec1n ra kh\u00f4ng?. Ch\u00ednh v\u00ec th\u1ebf, ch\u00fang t\u00f4i s\u1ebd \u0111\u00f3ng vai kh\u00e1ch h\u00e0ng kh\u00f3 t\u00ednh \u0111\u1ec3 \u201cm\u1ed5 x\u1ebb\u201d chi\u1ebfc\u00a0<strong>t\u00fai d\u00e0nh cho phantom 4<\/strong>\u00a0n\u00e0y.<\/span><\/p>\n<p><span style=\"font-size: 18px;\">Th\u1ee9 nh\u1ea5t, ch\u1ea5t li\u1ec7u v\u1ea3i c\u00f3 th\u1ec3 ch\u1ed1ng n\u01b0\u1edbc, \u0111\u00e2y l\u00e0 m\u1ed9t \u0111i\u1ec3m c\u1ed9ng r\u1ea5t l\u1edbn \u0111\u1ed1i v\u1edbi nh\u1eefng d\u00f2ng\u00a0<strong>balo\u00a0 flycam<\/strong>. C\u00f3 th\u1ec3 c\u00e1c b\u1ea1n s\u1ebd t\u1ef1 tin v\u1edbi ch\u1ee9c n\u0103ng ch\u1ed1ng n\u01b0\u1edbc c\u1ee7a phantom 4, nh\u01b0ng \u0111\u00f3 l\u00e0 l\u00fd thuy\u1ebft, \u0111\u1ed3 c\u00f4ng ngh\u1ec7 m\u00e0, ng\u1ea5m n\u01b0\u1edbc c\u0169ng s\u1ebd tr\u1ee5c tr\u1eb7c, kh\u00f4ng ch\u1ed7 n\u00e0y th\u00ec ch\u1ed7 kia. Cho n\u00ean, vi\u1ec7c \u00a0c\u00f3 kh\u1ea3 n\u0103ng ch\u1ed1ng n\u01b0\u1edbc l\u00e0 m\u1ed9t \u0111i\u1ec3m s\u00e1ng kh\u00f4ng th\u1ec3 b\u00e0n c\u00e3i. B\u1ea1n c\u00f3 th\u1ec3 g\u1ecdi n\u00f3 l\u00e0\u00a0<strong>balo ch\u1ed1ng n\u01b0\u1edbc phantom 4<\/strong>\u00a0c\u0169ng \u0111\u01b0\u1ee3c, v\u00ec \u0111\u00f3 l\u00e0 t\u00ednh n\u0103ng n\u1ed5i b\u1eadt nh\u1ea5t.<\/span><\/p>\n<p><span style=\"font-size: 18px;\"><img loading=\"lazy\" decoding=\"async\" class=\"alignnone\" src=\"https:\/\/phukienflytech.vn\/wp-content\/uploads\/2020\/06\/6375-3.jpg\" alt=\"Professional-backpack-Phantom-4-1\" width=\"450\" height=\"450\" \/><\/span><\/p>\n<p>&nbsp;<\/p>\n<h2><span style=\"font-size: 21px;\"><strong><span style=\"color: #0000ff;\">V\u00ec sao n\u00ean s\u1eed d\u1ee5ng balo chuy\u00ean d\u1ee5ng Phantom 4<\/span><\/strong><\/span><\/h2>\n<p><span style=\"font-size: 18px;\">M\u1eb7c d\u00f9 thi\u1ebft k\u1ebf c\u00e1c ng\u0103n r\u1ea5t th\u00f4ng minh, k\u00edch th\u01b0\u1edbc c\u1ee7a chi\u1ebfc balo \u00a0flycam n\u00e0y v\u1eabn h\u01a1i to (11.8x7x15.7 inches). Nh\u01b0ng v\u1edbi kh\u1ea3 n\u0103ng \u0111\u1ef1ng \u0111\u01b0\u1ee3c c\u1ea3 m\u1ed9t b\u1ed9 Phantom 4 Avanced, Pro,&#8230;. c\u00f9ng v\u1edbi ti t\u1ec9 nh\u1eefng v\u1eadt d\u1ee5ng nh\u01b0 Ipad, smartphone, s\u1ea1c, t\u1eeb 7 \u0111\u1ebfn 8 pin , c\u00f9ng c\u00e1c v\u1eadt d\u1ee5ng m\u1ecfng c\u1ea7n thi\u1ebft cho phantom 4 kh\u00e1c th\u00ec k\u00edch th\u01b0\u1edbc kh\u00f4ng c\u00f2n l\u00e0 v\u1ea5n \u0111\u1ec1 qu\u00e1 l\u1edbn, quan tr\u1ecdng l\u00e0 n\u00f3 ti\u1ec7n l\u1ee3i.<\/span><\/p>\n<p><span style=\"font-size: 18px;\"><img loading=\"lazy\" decoding=\"async\" class=\"alignnone\" src=\"https:\/\/phukienflytech.vn\/wp-content\/uploads\/2020\/06\/6375-4.jpg\" alt=\"\" width=\"450\" height=\"450\" \/><\/span><\/p>\n<p>&nbsp;<\/p>\n<p><span style=\"font-size: 18px;\">M\u1ed9t \u0111i\u1ec1u h\u01a1i \u0111\u00e1ng bu\u1ed3n l\u00e0 chi\u1ebfc\u00a0<strong>t\u00fai \u0111\u1ef1ng flycam<\/strong>\u00a0n\u00e0y ch\u1ec9 c\u00f3 duy nh\u1ea5t m\u1ed9t m\u00e0u \u0111en. H\u00e3ng suy ngh\u0129 cho kh\u00e1ch h\u00e0ng c\u0169ng \u0111\u00fang th\u00f4i, ch\u00fang ta s\u1ebd ph\u1ea3i \u0111eo chi\u1ebfc balo n\u00e0y \u0111i r\u1ea5t nhi\u1ec1u n\u01a1i, l\u00ean r\u1eebng xu\u1ed1ng bi\u1ec3n, m\u00e0u \u0111en l\u00e0 h\u1ee3p nh\u1ea5t r\u1ed3i v\u00ec n\u00f3 s\u1ebd l\u00e0m cho ch\u00fang ta nh\u00ecn kh\u1ecfe kho\u1eafn h\u01a1n, v\u00e0 n\u00f3 s\u1ebd kh\u00f4ng d\u1ec5 b\u1ecb b\u1ea9n. Nh\u01b0ng c\u00e1 nh\u00e2n t\u00f4i l\u1ea1i th\u00edch m\u00e0u x\u00e1m v\u00e0 ch\u1eafc c\u0169ng kh\u00f4ng \u00edt b\u1ea1n th\u00edch m\u00e0u gi\u1ed1ng t\u00f4i. B\u00f9 l\u1ea1i th\u00ec chi\u1ebfc balo n\u00e0y khi \u0111eo s\u1ebd r\u1ea5t \u00eam, kh\u00f4ng t\u1ea1o g\u00e1nh n\u1eb7ng cho vai v\u00e0 c\u00f3 t\u1ea5m h\u00fat m\u1ed3 h\u00f4i, b\u1ea1n s\u1ebd ho\u00e0n to\u00e0n t\u1ef1 tin khi \u0111eo n\u00f3 trong m\u1ed9t th\u1eddi gian d\u00e0i.<\/span><\/p>\n<p><span style=\"font-size: 18px;\">Nh\u00ecn chung,\u00a0<strong>balo chuy\u00ean d\u1ee5ng flycam DJI phantom 4<\/strong>\u00a0v\u1edbi m\u1ee9c gi\u00e1 kh\u00f4ng qu\u00e1 \u0111\u1eaft v\u00e0 ti\u1ec7n l\u1ee3i th\u00ec \u0111\u00e2y l\u00e0 m\u1ed9t s\u1ea3n ph\u1ea9m \u0111\u00e1ng \u0111\u1ec3 \u0111\u1ea7u t\u01b0 n\u1ebfu b\u1ea1n mu\u1ed1n g\u1eafn b\u00f3 v\u1edbi phantom 4 l\u00e2u d\u00e0i.<\/span><\/p>\n<p>&nbsp;<\/p>\n<p><span style=\"font-size: 18px;\">&gt;&gt; Li\u00ean h\u1ec7 v\u1edbi ch\u00fang t\u00f4i qua facebook: <span style=\"color: #0000ff;\"><strong><a style=\"color: #0000ff;\" href=\"https:\/\/www.facebook.com\/phukienflycam\">Ph\u1ee5 ki\u1ec7n flytech gi\u00e1 t\u1ed1t<\/a><\/strong><\/span><\/span><\/p>\n<p><span style=\"font-size: 18px;\">&gt;&gt; Xem th\u00eam: <span style=\"color: #0000ff;\"><strong><a style=\"color: #0000ff;\" href=\"https:\/\/phukienflytech.vn\/en\/danh-muc\/phantom-4-accessory.html\" target=\"_blank\" rel=\"noopener noreferrer\">Ph\u1ee5 ki\u1ec7n phantom 4\u00a0<\/a><\/strong><\/span><\/span><\/p>\n","protected":false},"excerpt":{"rendered":"<p>Professional backpack Phantom 4 Professional backpack Phantom 4 Ng\u00e0y nay, vi\u1ec7c ch\u01a1i flycam \u0111\u00e3 ph\u1ed5 bi\u1ebfn h\u01a1n tr\u01b0\u1edbc r\u1ea5t nhi\u1ec1u, m\u1ed9t ph\u1ea7n l\u00e0 do \u0111am m\u00ea du l\u1ecbch ch\u1ee5p \u1ea3nh, mu\u1ed1n \u0111\u01b0\u1ee3c tr\u1ea3i nghi\u1ec7m nh\u1eefng khung h\u00ecnh \u0111\u1eb9p \u1edf nh\u1eefng g\u00f3c \u0111\u1ed9 kh\u00e1c nhau ng\u00e0y m\u1ed9t t\u0103ng l\u00ean c\u1ee7a nhi\u1ec1u ng\u01b0\u1eddi. Ch\u00ednh v\u00ec th\u1ebf nhu &#8230;<\/p>\n","protected":false},"featured_media":16238,"comment_status":"open","ping_status":"closed","template":"","meta":{"_acf_changed":false},"product_brand":[],"product_cat":[182],"product_tag":[206,227],"class_list":{"0":"post-6387","1":"product","2":"type-product","3":"status-publish","4":"has-post-thumbnail","6":"product_cat-phantom-4-accessory","7":"product_tag-phu-kien-dji-en","8":"product_tag-phu-kien-phantom-4-en","10":"first","11":"instock","12":"shipping-taxable","13":"purchasable","14":"product-type-simple"},"acf":[],"yoast_head":"<!-- This site is optimized with the Yoast SEO plugin v25.7 - https:\/\/yoast.com\/wordpress\/plugins\/seo\/ -->\n<title>Professional backpack Phantom 4 - Sunnylife - Phantom accessory<\/title>\n<meta name=\"description\" content=\"Professional backpack Phantom 4 is one of the most important accessory. Contact us to buy Professional backpack Phantom 4 for best price.\" \/>\n<meta name=\"robots\" content=\"index, follow, max-snippet:-1, max-image-preview:large, max-video-preview:-1\" \/>\n<link rel=\"canonical\" href=\"https:\/\/phukienflytech.vn\/en\/san-pham\/professional-backpack-phantom-4.html\" \/>\n<meta property=\"og:locale\" content=\"en_US\" \/>\n<meta property=\"og:type\" content=\"article\" \/>\n<meta property=\"og:title\" content=\"Professional backpack Phantom 4 - Sunnylife - Phantom accessory\" \/>\n<meta property=\"og:description\" content=\"Professional backpack Phantom 4 is one of the most important accessory. Contact us to buy Professional backpack Phantom 4 for best price.\" \/>\n<meta property=\"og:url\" content=\"https:\/\/phukienflytech.vn\/en\/san-pham\/professional-backpack-phantom-4.html\" \/>\n<meta property=\"og:site_name\" content=\"Shop M\u00e1y \u1ea3nh - Action Camera - Gimbal - Flycam - Ph\u1ee5 ki\u1ec7n\" \/>\n<meta property=\"article:publisher\" content=\"https:\/\/facebook.com\/phukienflycam\" \/>\n<meta property=\"article:modified_time\" content=\"2020-10-16T12:09:53+00:00\" \/>\n<meta property=\"og:image\" content=\"https:\/\/phukienflytech.vn\/wp-content\/uploads\/2020\/06\/balo-phantom-4-pro_-_Copy.jpg\" \/>\n\t<meta property=\"og:image:width\" content=\"243\" \/>\n\t<meta property=\"og:image:height\" content=\"243\" \/>\n\t<meta property=\"og:image:type\" content=\"image\/jpeg\" \/>\n<meta name=\"twitter:card\" content=\"summary_large_image\" \/>\n<meta name=\"twitter:label1\" content=\"Est. reading time\" \/>\n\t<meta name=\"twitter:data1\" content=\"5 minutes\" \/>\n<script type=\"application\/ld+json\" class=\"yoast-schema-graph\">{\"@context\":\"https:\/\/schema.org\",\"@graph\":[{\"@type\":\"WebPage\",\"@id\":\"https:\/\/phukienflytech.vn\/en\/san-pham\/professional-backpack-phantom-4.html\",\"url\":\"https:\/\/phukienflytech.vn\/en\/san-pham\/professional-backpack-phantom-4.html\",\"name\":\"Professional backpack Phantom 4 - Sunnylife - Phantom accessory\",\"isPartOf\":{\"@id\":\"https:\/\/phukienflytech.vn\/#website\"},\"primaryImageOfPage\":{\"@id\":\"https:\/\/phukienflytech.vn\/en\/san-pham\/professional-backpack-phantom-4.html#primaryimage\"},\"image\":{\"@id\":\"https:\/\/phukienflytech.vn\/en\/san-pham\/professional-backpack-phantom-4.html#primaryimage\"},\"thumbnailUrl\":\"https:\/\/phukienflytech.vn\/wp-content\/uploads\/2020\/06\/balo-phantom-4-pro_-_Copy.jpg\",\"datePublished\":\"2020-06-17T07:35:06+00:00\",\"dateModified\":\"2020-10-16T12:09:53+00:00\",\"description\":\"Professional backpack Phantom 4 is one of the most important accessory. Contact us to buy Professional backpack Phantom 4 for best price.\",\"breadcrumb\":{\"@id\":\"https:\/\/phukienflytech.vn\/en\/san-pham\/professional-backpack-phantom-4.html#breadcrumb\"},\"inLanguage\":\"en-US\",\"potentialAction\":[{\"@type\":\"ReadAction\",\"target\":[\"https:\/\/phukienflytech.vn\/en\/san-pham\/professional-backpack-phantom-4.html\"]}]},{\"@type\":\"ImageObject\",\"inLanguage\":\"en-US\",\"@id\":\"https:\/\/phukienflytech.vn\/en\/san-pham\/professional-backpack-phantom-4.html#primaryimage\",\"url\":\"https:\/\/phukienflytech.vn\/wp-content\/uploads\/2020\/06\/balo-phantom-4-pro_-_Copy.jpg\",\"contentUrl\":\"https:\/\/phukienflytech.vn\/wp-content\/uploads\/2020\/06\/balo-phantom-4-pro_-_Copy.jpg\",\"width\":243,\"height\":243},{\"@type\":\"BreadcrumbList\",\"@id\":\"https:\/\/phukienflytech.vn\/en\/san-pham\/professional-backpack-phantom-4.html#breadcrumb\",\"itemListElement\":[{\"@type\":\"ListItem\",\"position\":1,\"name\":\"Home\",\"item\":\"https:\/\/phukienflytech.vn\/en\"},{\"@type\":\"ListItem\",\"position\":2,\"name\":\"Ph\u1ee5 ki\u1ec7n Mavic Pro\",\"item\":\"https:\/\/phukienflytech.vn\/en\/phu-kien-mavic-pro.html\"},{\"@type\":\"ListItem\",\"position\":3,\"name\":\"DJI Osmo &amp; Drone's accessories\",\"item\":\"https:\/\/phukienflytech.vn\/en\/danh-muc\/dji-osmo-drones-accessories.html\"},{\"@type\":\"ListItem\",\"position\":4,\"name\":\"Ph\u1ee5 ki\u1ec7n flycam Phantom 4\",\"item\":\"https:\/\/phukienflytech.vn\/en\/danh-muc\/phantom-4-accessory.html\"},{\"@type\":\"ListItem\",\"position\":5,\"name\":\"Professional backpack branded Smatree for Phantom 4\"}]},{\"@type\":\"WebSite\",\"@id\":\"https:\/\/phukienflytech.vn\/#website\",\"url\":\"https:\/\/phukienflytech.vn\/\",\"name\":\"Shop M\u00e1y \u1ea3nh - Action Camera - Gimbal - Flycam - Ph\u1ee5 ki\u1ec7n\",\"description\":\"Shop M\u00e1y \u1ea3nh - Action Camera - Gimbal - Flycam - Ph\u1ee5 ki\u1ec7n\",\"publisher\":{\"@id\":\"https:\/\/phukienflytech.vn\/#organization\"},\"potentialAction\":[{\"@type\":\"SearchAction\",\"target\":{\"@type\":\"EntryPoint\",\"urlTemplate\":\"https:\/\/phukienflytech.vn\/?s={search_term_string}\"},\"query-input\":{\"@type\":\"PropertyValueSpecification\",\"valueRequired\":true,\"valueName\":\"search_term_string\"}}],\"inLanguage\":\"en-US\"},{\"@type\":\"Organization\",\"@id\":\"https:\/\/phukienflytech.vn\/#organization\",\"name\":\"DJI Store - Shop Drone, Action camera, Gimbal DJI |Phukienflytech\",\"alternateName\":\"DJI Store - Shop Drone, Action camera, Gimbal DJI |Phukienflytech\",\"url\":\"https:\/\/phukienflytech.vn\/\",\"logo\":{\"@type\":\"ImageObject\",\"inLanguage\":\"en-US\",\"@id\":\"https:\/\/phukienflytech.vn\/#\/schema\/logo\/image\/\",\"url\":\"https:\/\/phukienflytech.vn\/wp-content\/uploads\/2020\/05\/hAnh_nan.jpg1_.jpg\",\"contentUrl\":\"https:\/\/phukienflytech.vn\/wp-content\/uploads\/2020\/05\/hAnh_nan.jpg1_.jpg\",\"width\":800,\"height\":450,\"caption\":\"DJI Store - Shop Drone, Action camera, Gimbal DJI |Phukienflytech\"},\"image\":{\"@id\":\"https:\/\/phukienflytech.vn\/#\/schema\/logo\/image\/\"},\"sameAs\":[\"https:\/\/facebook.com\/phukienflycam\",\"https:\/\/www.youtube.com\/@phukienflytech\",\"https:\/\/www.tiktok.com\/@flytech.channel?fbclid=IwY2xjawGjg7BleHRuA2FlbQIxMAABHYVGmlXpuSMs0UB2zTpYvyT4GMVfN2qJa4urF4vkSQ6FAVBwXZtDP30qQA_aem_UwMiDcUvlEbd2tXAmsc8Og\"]}]}<\/script>\n<!-- \/ Yoast SEO plugin. -->","yoast_head_json":{"title":"Professional backpack Phantom 4 - Sunnylife - Phantom accessory","description":"Professional backpack Phantom 4 is one of the most important accessory. Contact us to buy Professional backpack Phantom 4 for best price.","robots":{"index":"index","follow":"follow","max-snippet":"max-snippet:-1","max-image-preview":"max-image-preview:large","max-video-preview":"max-video-preview:-1"},"canonical":"https:\/\/phukienflytech.vn\/en\/san-pham\/professional-backpack-phantom-4.html","og_locale":"en_US","og_type":"article","og_title":"Professional backpack Phantom 4 - Sunnylife - Phantom accessory","og_description":"Professional backpack Phantom 4 is one of the most important accessory. Contact us to buy Professional backpack Phantom 4 for best price.","og_url":"https:\/\/phukienflytech.vn\/en\/san-pham\/professional-backpack-phantom-4.html","og_site_name":"Shop M\u00e1y \u1ea3nh - Action Camera - Gimbal - Flycam - Ph\u1ee5 ki\u1ec7n","article_publisher":"https:\/\/facebook.com\/phukienflycam","article_modified_time":"2020-10-16T12:09:53+00:00","og_image":[{"width":243,"height":243,"url":"https:\/\/phukienflytech.vn\/wp-content\/uploads\/2020\/06\/balo-phantom-4-pro_-_Copy.jpg","type":"image\/jpeg"}],"twitter_card":"summary_large_image","twitter_misc":{"Est. reading time":"5 minutes"},"schema":{"@context":"https:\/\/schema.org","@graph":[{"@type":"WebPage","@id":"https:\/\/phukienflytech.vn\/en\/san-pham\/professional-backpack-phantom-4.html","url":"https:\/\/phukienflytech.vn\/en\/san-pham\/professional-backpack-phantom-4.html","name":"Professional backpack Phantom 4 - Sunnylife - Phantom accessory","isPartOf":{"@id":"https:\/\/phukienflytech.vn\/#website"},"primaryImageOfPage":{"@id":"https:\/\/phukienflytech.vn\/en\/san-pham\/professional-backpack-phantom-4.html#primaryimage"},"image":{"@id":"https:\/\/phukienflytech.vn\/en\/san-pham\/professional-backpack-phantom-4.html#primaryimage"},"thumbnailUrl":"https:\/\/phukienflytech.vn\/wp-content\/uploads\/2020\/06\/balo-phantom-4-pro_-_Copy.jpg","datePublished":"2020-06-17T07:35:06+00:00","dateModified":"2020-10-16T12:09:53+00:00","description":"Professional backpack Phantom 4 is one of the most important accessory. Contact us to buy Professional backpack Phantom 4 for best price.","breadcrumb":{"@id":"https:\/\/phukienflytech.vn\/en\/san-pham\/professional-backpack-phantom-4.html#breadcrumb"},"inLanguage":"en-US","potentialAction":[{"@type":"ReadAction","target":["https:\/\/phukienflytech.vn\/en\/san-pham\/professional-backpack-phantom-4.html"]}]},{"@type":"ImageObject","inLanguage":"en-US","@id":"https:\/\/phukienflytech.vn\/en\/san-pham\/professional-backpack-phantom-4.html#primaryimage","url":"https:\/\/phukienflytech.vn\/wp-content\/uploads\/2020\/06\/balo-phantom-4-pro_-_Copy.jpg","contentUrl":"https:\/\/phukienflytech.vn\/wp-content\/uploads\/2020\/06\/balo-phantom-4-pro_-_Copy.jpg","width":243,"height":243},{"@type":"BreadcrumbList","@id":"https:\/\/phukienflytech.vn\/en\/san-pham\/professional-backpack-phantom-4.html#breadcrumb","itemListElement":[{"@type":"ListItem","position":1,"name":"Home","item":"https:\/\/phukienflytech.vn\/en"},{"@type":"ListItem","position":2,"name":"Ph\u1ee5 ki\u1ec7n Mavic Pro","item":"https:\/\/phukienflytech.vn\/en\/phu-kien-mavic-pro.html"},{"@type":"ListItem","position":3,"name":"DJI Osmo &amp; Drone's accessories","item":"https:\/\/phukienflytech.vn\/en\/danh-muc\/dji-osmo-drones-accessories.html"},{"@type":"ListItem","position":4,"name":"Ph\u1ee5 ki\u1ec7n flycam Phantom 4","item":"https:\/\/phukienflytech.vn\/en\/danh-muc\/phantom-4-accessory.html"},{"@type":"ListItem","position":5,"name":"Professional backpack branded Smatree for Phantom 4"}]},{"@type":"WebSite","@id":"https:\/\/phukienflytech.vn\/#website","url":"https:\/\/phukienflytech.vn\/","name":"Shop M\u00e1y \u1ea3nh - Action Camera - Gimbal - Flycam - Ph\u1ee5 ki\u1ec7n","description":"Shop M\u00e1y \u1ea3nh - Action Camera - Gimbal - Flycam - Ph\u1ee5 ki\u1ec7n","publisher":{"@id":"https:\/\/phukienflytech.vn\/#organization"},"potentialAction":[{"@type":"SearchAction","target":{"@type":"EntryPoint","urlTemplate":"https:\/\/phukienflytech.vn\/?s={search_term_string}"},"query-input":{"@type":"PropertyValueSpecification","valueRequired":true,"valueName":"search_term_string"}}],"inLanguage":"en-US"},{"@type":"Organization","@id":"https:\/\/phukienflytech.vn\/#organization","name":"DJI Store - Shop Drone, Action camera, Gimbal DJI |Phukienflytech","alternateName":"DJI Store - Shop Drone, Action camera, Gimbal DJI |Phukienflytech","url":"https:\/\/phukienflytech.vn\/","logo":{"@type":"ImageObject","inLanguage":"en-US","@id":"https:\/\/phukienflytech.vn\/#\/schema\/logo\/image\/","url":"https:\/\/phukienflytech.vn\/wp-content\/uploads\/2020\/05\/hAnh_nan.jpg1_.jpg","contentUrl":"https:\/\/phukienflytech.vn\/wp-content\/uploads\/2020\/05\/hAnh_nan.jpg1_.jpg","width":800,"height":450,"caption":"DJI Store - Shop Drone, Action camera, Gimbal DJI |Phukienflytech"},"image":{"@id":"https:\/\/phukienflytech.vn\/#\/schema\/logo\/image\/"},"sameAs":["https:\/\/facebook.com\/phukienflycam","https:\/\/www.youtube.com\/@phukienflytech","https:\/\/www.tiktok.com\/@flytech.channel?fbclid=IwY2xjawGjg7BleHRuA2FlbQIxMAABHYVGmlXpuSMs0UB2zTpYvyT4GMVfN2qJa4urF4vkSQ6FAVBwXZtDP30qQA_aem_UwMiDcUvlEbd2tXAmsc8Og"]}]}},"_links":{"self":[{"href":"https:\/\/phukienflytech.vn\/en\/wp-json\/wp\/v2\/product\/6387","targetHints":{"allow":["GET"]}}],"collection":[{"href":"https:\/\/phukienflytech.vn\/en\/wp-json\/wp\/v2\/product"}],"about":[{"href":"https:\/\/phukienflytech.vn\/en\/wp-json\/wp\/v2\/types\/product"}],"replies":[{"embeddable":true,"href":"https:\/\/phukienflytech.vn\/en\/wp-json\/wp\/v2\/comments?post=6387"}],"wp:featuredmedia":[{"embeddable":true,"href":"https:\/\/phukienflytech.vn\/en\/wp-json\/wp\/v2\/media\/16238"}],"wp:attachment":[{"href":"https:\/\/phukienflytech.vn\/en\/wp-json\/wp\/v2\/media?parent=6387"}],"wp:term":[{"taxonomy":"product_brand","embeddable":true,"href":"https:\/\/phukienflytech.vn\/en\/wp-json\/wp\/v2\/product_brand?post=6387"},{"taxonomy":"product_cat","embeddable":true,"href":"https:\/\/phukienflytech.vn\/en\/wp-json\/wp\/v2\/product_cat?post=6387"},{"taxonomy":"product_tag","embeddable":true,"href":"https:\/\/phukienflytech.vn\/en\/wp-json\/wp\/v2\/product_tag?post=6387"}],"curies":[{"name":"wp","href":"https:\/\/api.w.org\/{rel}","templated":true}]}}