{"id":6411,"date":"2020-06-16T14:53:31","date_gmt":"2020-06-16T07:53:31","guid":{"rendered":"http:\/\/27430.lamdx.vinawebsite.vn\/san-pham\/den-roi-led-chieu-sang-phantom-4-type-b.html"},"modified":"2022-10-04T10:12:24","modified_gmt":"2022-10-04T03:12:24","slug":"den-roi-led-chieu-sang-phantom-4-type-b","status":"publish","type":"product","link":"https:\/\/phukienflytech.vn\/en\/san-pham\/den-roi-led-chieu-sang-phantom-4-type-b.html","title":{"rendered":"\u0110\u00e8n r\u1ecdi led chi\u1ebfu s\u00e1ng Phantom 4 &#8211; type B"},"content":{"rendered":"<h2><span style=\"font-size: 20px; color: #0000ff;\"><strong>\u0110\u00e8n r\u1ecdi led chi\u1ebfu s\u00e1ng Phantom 4 &#8211; type B<\/strong><\/span><\/h2>\n<p><em><span style=\"font-size: 17px;\">\u0110\u00e8n r\u1ecdi led chi\u1ebfu s\u00e1ng Phantom 4 &#8211; type B<\/span><\/em><\/p>\n<p>.<\/p>\n<p><img loading=\"lazy\" decoding=\"async\" class=\"aligncenter wp-image-33537\" src=\"https:\/\/phukienflytech.vn\/wp-content\/uploads\/2020\/06\/1-34.png\" alt=\"den-roi-led-chieu-sang-phantom-4-type-b\" width=\"850\" height=\"793\" srcset=\"https:\/\/phukienflytech.vn\/wp-content\/uploads\/2020\/06\/1-34.png 1125w, https:\/\/phukienflytech.vn\/wp-content\/uploads\/2020\/06\/1-34-429x400.png 429w, https:\/\/phukienflytech.vn\/wp-content\/uploads\/2020\/06\/1-34-857x800.png 857w, https:\/\/phukienflytech.vn\/wp-content\/uploads\/2020\/06\/1-34-768x717.png 768w, https:\/\/phukienflytech.vn\/wp-content\/uploads\/2020\/06\/1-34-600x560.png 600w\" sizes=\"auto, (max-width: 850px) 100vw, 850px\" \/><\/p>\n<p style=\"text-align: center;\"><span style=\"font-size: 14px;\"><strong>Gi\u1edbi thi\u1ec7u s\u1ea3n ph\u1ea9m: \u0110\u00e8n r\u1ecdi lo\u1ea1i B &#8211; Phantom 4 series<\/strong><\/span><\/p>\n<p>.<\/p>\n<h2><span style=\"font-size: 20px; color: #0000ff;\"><strong>\u270d Gi\u1edbi thi\u1ec7u s\u1ea3n ph\u1ea9m:<\/strong><\/span><\/h2>\n<p><span style=\"font-size: 17px;\">.<\/span><\/p>\n<p><span style=\"font-size: 17px;\">G\u1ea7n \u0111\u00e2y,nhu c\u1ea7u t\u00ecm ki\u1ebfm ph\u1ee5 ki\u1ec7n d\u00e0nh cho flycam dji phantom 4 v\u00e0 4 pro ng\u00e0y m\u1ed9t nhi\u1ec1u, b\u1edfi Phantom 4 \u0111ang \u0111\u01b0\u1ee3c s\u1eed d\u1ee5ng v\u1edbi m\u1ee5c \u0111\u00edch &#8221; bay JOB&#8221; l\u00e0 ch\u1ee7 y\u1ebfu. Ngo\u00e0i nh\u1eefng ph\u1ee5 ki\u1ec7n \u0111ang \u0111\u01b0\u1ee3c t\u00ecm ki\u1ebfm nhi\u1ec1u nh\u1ea5t nh\u01b0 balo phantom 4 hay pin phantom 4 pro th\u00ec c\u0169ng c\u00f2n c\u00f3 c\u00e1c ph\u1ee5 ki\u1ec7n h\u1ed7 tr\u1ee3 cho vi\u1ec7c ghi h\u00ecnh kh\u00e1c. \u1ede \u0111\u00e2y ta \u0111\u1ec1 c\u1eadp t\u1edbi b\u1ed9 \u0111\u00e8n r\u1ecdi phantom 4 series . v\u1edbi kh\u1ea3 n\u0103ng chi\u1ebfu s\u00e1ng c\u1ee7a \u0111\u00e8n r\u1ecdi phantom 4 n\u00e0y b\u1ea1n c\u00f3 th\u1ec3 c\u00f3 nh\u1eefng shot h\u00ecnh ho\u1eb7c video bay trong kho\u1ea3ng kh\u00f4ng t\u1ed1i. V\u00e0 s\u1eed d\u1ee5ng \u0111\u1ec3 x\u00e1c \u0111\u1ecbnh \u0111\u01b0\u1ee3c Phantom 4 khi bay tr\u1eddi t\u1ed1i<\/span><\/p>\n<p>.<\/p>\n<p><img loading=\"lazy\" decoding=\"async\" class=\"aligncenter wp-image-33527\" src=\"https:\/\/phukienflytech.vn\/wp-content\/uploads\/2020\/06\/2-25.png\" alt=\"\" width=\"850\" height=\"850\" srcset=\"https:\/\/phukienflytech.vn\/wp-content\/uploads\/2020\/06\/2-25.png 1125w, https:\/\/phukienflytech.vn\/wp-content\/uploads\/2020\/06\/2-25-400x400.png 400w, https:\/\/phukienflytech.vn\/wp-content\/uploads\/2020\/06\/2-25-800x800.png 800w, https:\/\/phukienflytech.vn\/wp-content\/uploads\/2020\/06\/2-25-280x280.png 280w, https:\/\/phukienflytech.vn\/wp-content\/uploads\/2020\/06\/2-25-768x768.png 768w, https:\/\/phukienflytech.vn\/wp-content\/uploads\/2020\/06\/2-25-300x300.png 300w, https:\/\/phukienflytech.vn\/wp-content\/uploads\/2020\/06\/2-25-600x600.png 600w, https:\/\/phukienflytech.vn\/wp-content\/uploads\/2020\/06\/2-25-100x100.png 100w\" sizes=\"auto, (max-width: 850px) 100vw, 850px\" \/><\/p>\n<p>.<\/p>\n<p style=\"text-align: center;\"><span style=\"font-size: 14px;\"><strong>S\u1ea3n ph\u1ea9m ch\u1ea5t l\u01b0\u1ee3ng<\/strong><\/span><\/p>\n<p>.<\/p>\n<p><strong><span style=\"font-size: 17px;\">&gt;&gt; Xem th\u00eam: <span style=\"color: #0000ff;\"><a style=\"color: #0000ff;\" href=\"https:\/\/phukienflytech.vn\/en\/danh-muc\/phantom-4-accessory.html\">Ph\u1ee5 ki\u1ec7n phantom 4<\/a><\/span><\/span><\/strong><\/p>\n<p>.<\/p>\n<p style=\"text-align: center;\"><iframe loading=\"lazy\" src=\"\/\/www.youtube.com\/embed\/opFTDmdrdj8\" width=\"850\" height=\"477\" allowfullscreen=\"allowfullscreen\"><\/iframe><\/p>\n<h3 style=\"text-align: center;\"><span style=\"font-size: 14px;\"><strong>Ngu\u1ed3n youtube: Peter Homer<\/strong><\/span><\/h3>\n<p>.<\/p>\n<p><span style=\"font-size: 20px; color: #0000ff;\"><strong>\u270d M\u00f4 t\u1ea3 s\u1ea3n ph\u1ea9m:<\/strong><\/span><\/p>\n<p><span style=\"font-size: 17px;\">.<\/span><\/p>\n<p><img loading=\"lazy\" decoding=\"async\" class=\"aligncenter wp-image-33533\" src=\"https:\/\/phukienflytech.vn\/wp-content\/uploads\/2020\/06\/5-31.png\" alt=\"den-roi-led-chieu-sang-phantom-4-type-b\" width=\"850\" height=\"346\" srcset=\"https:\/\/phukienflytech.vn\/wp-content\/uploads\/2020\/06\/5-31.png 1671w, https:\/\/phukienflytech.vn\/wp-content\/uploads\/2020\/06\/5-31-800x326.png 800w, https:\/\/phukienflytech.vn\/wp-content\/uploads\/2020\/06\/5-31-1400x570.png 1400w, https:\/\/phukienflytech.vn\/wp-content\/uploads\/2020\/06\/5-31-768x313.png 768w, https:\/\/phukienflytech.vn\/wp-content\/uploads\/2020\/06\/5-31-1536x625.png 1536w, https:\/\/phukienflytech.vn\/wp-content\/uploads\/2020\/06\/5-31-600x244.png 600w\" sizes=\"auto, (max-width: 850px) 100vw, 850px\" \/><\/p>\n<p style=\"text-align: center;\"><span style=\"font-size: 14px;\"><strong>Th\u00f4ng tin s\u1ea3n ph\u1ea9m<\/strong><\/span><\/p>\n<p>.<\/p>\n<p><span style=\"font-size: 17px;\">\u2705 Th\u1eddi gian chi\u1ebfu s\u00e1ng: 120 ph\u00fat<\/span><\/p>\n<p><span style=\"font-size: 17px;\">\u2705 Kho\u1ea3ng c\u00e1ch chi\u1ebfu s\u00e1ng t\u1ed1i \u0111a : t\u1edbi 40m<\/span><\/p>\n<p><span style=\"font-size: 17px;\">\u2705 Pin : Pin con th\u1ecf 1.5V (kh\u00f4ng g\u1ed3m packing list)<\/span><\/p>\n<p><span style=\"font-size: 17px;\">\u2705 Tr\u1ecdng l\u01b0\u1ee3ng c\u1ea3 pin : 120g<\/span><\/p>\n<p><span style=\"font-size: 17px;\">\u2705 Ph\u00f9 h\u1ee3p cho Phantom 4 series<\/span><\/p>\n<p>.<\/p>\n<p><img loading=\"lazy\" decoding=\"async\" class=\"aligncenter wp-image-33535\" src=\"https:\/\/phukienflytech.vn\/wp-content\/uploads\/2020\/06\/6-23.jpg\" alt=\"\" width=\"850\" height=\"567\" srcset=\"https:\/\/phukienflytech.vn\/wp-content\/uploads\/2020\/06\/6-23.jpg 1080w, https:\/\/phukienflytech.vn\/wp-content\/uploads\/2020\/06\/6-23-600x400.jpg 600w, https:\/\/phukienflytech.vn\/wp-content\/uploads\/2020\/06\/6-23-768x512.jpg 768w\" sizes=\"auto, (max-width: 850px) 100vw, 850px\" \/><\/p>\n<p>.<\/p>\n<p style=\"text-align: center;\"><span style=\"font-size: 14px;\"><strong>Th\u00e1o l\u1eafp, s\u1eed d\u1ee5ng d\u1ec5 d\u00e0ng<\/strong><\/span><\/p>\n<p>.<\/p>\n<p><span style=\"font-size: 20px; color: #0000ff;\"><strong>\u270d C\u00f4ng d\u1ee5ng s\u1ea3n ph\u1ea9m:<\/strong><\/span><\/p>\n<p>.<\/p>\n<p><span style=\"font-size: 17px;\">\u2705 Gi\u00fap chi\u1ebfu sang khi bay trong tr\u1eddi t\u1ed1i<\/span><\/p>\n<p><span style=\"font-size: 17px;\">\u2705 Gi\u00fap x\u00e1c \u0111\u1ecbnh d\u1ec5 d\u00e0ng flycam<\/span><\/p>\n<p><span style=\"font-size: 17px;\">\u2705 S\u1eed d\u1ee5ng cho 1 s\u1ed1 m\u1ee5c \u0111\u00edch c\u1ea7n t\u1edbi chi\u1ebfu s\u00e1ng v\u00e0o ban \u0111\u00eam<\/span><\/p>\n<p><span style=\"font-size: 17px;\">\u2705 C\u01b0\u1eddng \u0111\u1ed9 sang t\u1ed1t v\u00e0o ban \u0111\u00eam<\/span><\/p>\n<p><span style=\"font-size: 17px;\">\u2705 S\u1eed d\u1ee5ng t\u1ed1t cho Phantom 4<\/span><\/p>\n<p>.<\/p>\n<p><img loading=\"lazy\" decoding=\"async\" class=\"aligncenter wp-image-33531\" src=\"https:\/\/phukienflytech.vn\/wp-content\/uploads\/2020\/06\/4..png\" alt=\"den-roi-led-chieu-sang-phantom-4-type-b\" width=\"850\" height=\"451\" srcset=\"https:\/\/phukienflytech.vn\/wp-content\/uploads\/2020\/06\/4..png 2118w, https:\/\/phukienflytech.vn\/wp-content\/uploads\/2020\/06\/4.-753x400.png 753w, https:\/\/phukienflytech.vn\/wp-content\/uploads\/2020\/06\/4.-1400x744.png 1400w, https:\/\/phukienflytech.vn\/wp-content\/uploads\/2020\/06\/4.-768x408.png 768w, https:\/\/phukienflytech.vn\/wp-content\/uploads\/2020\/06\/4.-1536x816.png 1536w, https:\/\/phukienflytech.vn\/wp-content\/uploads\/2020\/06\/4.-2048x1088.png 2048w, https:\/\/phukienflytech.vn\/wp-content\/uploads\/2020\/06\/4.-600x319.png 600w\" sizes=\"auto, (max-width: 850px) 100vw, 850px\" \/> .<\/p>\n<p style=\"text-align: center;\"><span style=\"font-size: 14px;\"><strong>\u0110\u00e8n s\u1eed d\u1ee5ng cho Phantom 4 series<\/strong><\/span><\/p>\n<p>.<\/p>\n<p><span style=\"font-size: 20px; color: #0000ff;\"><strong>\u270d H\u01b0\u1edbng d\u1eabn b\u1ea3o qu\u1ea3n:<\/strong><\/span><\/p>\n<p><span style=\"font-size: 17px;\">.<\/span><\/p>\n<p><span style=\"font-size: 17px;\">\u2705 Tr\u00e1nh va \u0111\u1eadp m\u1ea1nh<\/span><\/p>\n<p><span style=\"font-size: 17px;\">\u2705 B\u1ea3o qu\u1ea3n n\u01a1i kh\u00f4 r\u00e1o \u00a0tho\u00e1ng m\u00e1t<\/span><\/p>\n<p>.<\/p>\n<p><img loading=\"lazy\" decoding=\"async\" class=\"aligncenter wp-image-33529\" src=\"https:\/\/phukienflytech.vn\/wp-content\/uploads\/2020\/06\/3-28.png\" alt=\"den-roi-led-chieu-sang-phantom-4-type-b\" width=\"850\" height=\"473\" srcset=\"https:\/\/phukienflytech.vn\/wp-content\/uploads\/2020\/06\/3-28.png 1863w, https:\/\/phukienflytech.vn\/wp-content\/uploads\/2020\/06\/3-28-719x400.png 719w, https:\/\/phukienflytech.vn\/wp-content\/uploads\/2020\/06\/3-28-1400x779.png 1400w, https:\/\/phukienflytech.vn\/wp-content\/uploads\/2020\/06\/3-28-768x427.png 768w, https:\/\/phukienflytech.vn\/wp-content\/uploads\/2020\/06\/3-28-1536x855.png 1536w, https:\/\/phukienflytech.vn\/wp-content\/uploads\/2020\/06\/3-28-600x334.png 600w\" sizes=\"auto, (max-width: 850px) 100vw, 850px\" \/><\/p>\n<p>.<\/p>\n<p style=\"text-align: center;\"><span style=\"font-size: 14px;\"><strong>H\u01b0\u1edbng d\u1eabn b\u1ea3o qu\u1ea3n<\/strong><\/span><\/p>\n<p>.<\/p>\n<p><span style=\"font-size: 17px;\">&gt;&gt; Li\u00ean h\u1ec7 v\u1edbi Admin tr\u00ean: <span style=\"color: #0000ff;\"><strong><a style=\"color: #0000ff;\" href=\"https:\/\/fb.com\/phukienflycam\">Fanpage<\/a><\/strong><\/span><\/span><\/p>\n","protected":false},"excerpt":{"rendered":"<p>\u0110\u00e8n r\u1ecdi led chi\u1ebfu s\u00e1ng Phantom 4 &#8211; type B \u0110\u00e8n r\u1ecdi led chi\u1ebfu s\u00e1ng Phantom 4 &#8211; type B . Gi\u1edbi thi\u1ec7u s\u1ea3n ph\u1ea9m: \u0110\u00e8n r\u1ecdi lo\u1ea1i B &#8211; Phantom 4 series . \u270d Gi\u1edbi thi\u1ec7u s\u1ea3n ph\u1ea9m: . G\u1ea7n \u0111\u00e2y,nhu c\u1ea7u t\u00ecm ki\u1ebfm ph\u1ee5 ki\u1ec7n d\u00e0nh cho flycam dji phantom 4 v\u00e0 4 &#8230;<\/p>\n","protected":false},"featured_media":16234,"comment_status":"open","ping_status":"closed","template":"","meta":{"_acf_changed":false},"product_brand":[],"product_cat":[176,182],"product_tag":[206,227],"class_list":{"0":"post-6411","1":"product","2":"type-product","3":"status-publish","4":"has-post-thumbnail","6":"product_cat-dji-osmo-drones-accessories","7":"product_cat-phantom-4-accessory","8":"product_tag-phu-kien-dji-en","9":"product_tag-phu-kien-phantom-4-en","11":"first","12":"instock","13":"sale","14":"shipping-taxable","15":"purchasable","16":"product-type-simple"},"acf":[],"yoast_head":"<!-- This site is optimized with the Yoast SEO plugin v25.7 - https:\/\/yoast.com\/wordpress\/plugins\/seo\/ -->\n<title>\u0110\u00e8n r\u1ecdi led Phantom 4 - \u0111\u00e8n led chi\u1ebfu s\u00e1ng Phantom 4 - type B - ship cod<\/title>\n<meta name=\"description\" content=\"\u0110\u00e8n r\u1ecdi led Phantom 4 l\u00e0 ph\u1ee5 ki\u1ec7n ch\u00ednh h\u00e3ng, c\u1ea7n thi\u1ebft. \u0110\u00e8n r\u1ecdi led Phantom 4 gi\u00fap b\u1ea1n c\u00f3 th\u1ec3 bay ngay c\u1ea3 trong \u0111i\u1ec1u ki\u1ec7n thi\u1ebfu s\u00e1ng nh\u01b0 ban \u0111\u00eam.\" \/>\n<meta name=\"robots\" content=\"index, follow, max-snippet:-1, max-image-preview:large, max-video-preview:-1\" \/>\n<link rel=\"canonical\" href=\"https:\/\/phukienflytech.vn\/en\/san-pham\/den-roi-led-chieu-sang-phantom-4-type-b.html\" \/>\n<meta property=\"og:locale\" content=\"en_US\" \/>\n<meta property=\"og:type\" content=\"article\" \/>\n<meta property=\"og:title\" content=\"\u0110\u00e8n r\u1ecdi led Phantom 4 - \u0111\u00e8n led chi\u1ebfu s\u00e1ng Phantom 4 - type B - ship cod\" \/>\n<meta property=\"og:description\" content=\"\u0110\u00e8n r\u1ecdi led Phantom 4 l\u00e0 ph\u1ee5 ki\u1ec7n ch\u00ednh h\u00e3ng, c\u1ea7n thi\u1ebft. \u0110\u00e8n r\u1ecdi led Phantom 4 gi\u00fap b\u1ea1n c\u00f3 th\u1ec3 bay ngay c\u1ea3 trong \u0111i\u1ec1u ki\u1ec7n thi\u1ebfu s\u00e1ng nh\u01b0 ban \u0111\u00eam.\" \/>\n<meta property=\"og:url\" content=\"https:\/\/phukienflytech.vn\/en\/san-pham\/den-roi-led-chieu-sang-phantom-4-type-b.html\" \/>\n<meta property=\"og:site_name\" content=\"Shop M\u00e1y \u1ea3nh - Action Camera - Gimbal - Flycam - Ph\u1ee5 ki\u1ec7n\" \/>\n<meta property=\"article:publisher\" content=\"https:\/\/facebook.com\/phukienflycam\" \/>\n<meta property=\"article:modified_time\" content=\"2022-10-04T03:12:24+00:00\" \/>\n<meta property=\"og:image\" content=\"https:\/\/phukienflytech.vn\/wp-content\/uploads\/2020\/06\/Aen-led-rai-phantom-4-pro-phu-kien-dji1_-_Copy.jpg\" \/>\n\t<meta property=\"og:image:width\" content=\"243\" \/>\n\t<meta property=\"og:image:height\" content=\"243\" \/>\n\t<meta property=\"og:image:type\" content=\"image\/jpeg\" \/>\n<meta name=\"twitter:card\" content=\"summary_large_image\" \/>\n<meta name=\"twitter:label1\" content=\"Est. reading time\" \/>\n\t<meta name=\"twitter:data1\" content=\"2 minutes\" \/>\n<script type=\"application\/ld+json\" class=\"yoast-schema-graph\">{\"@context\":\"https:\/\/schema.org\",\"@graph\":[{\"@type\":\"WebPage\",\"@id\":\"https:\/\/phukienflytech.vn\/en\/san-pham\/den-roi-led-chieu-sang-phantom-4-type-b.html\",\"url\":\"https:\/\/phukienflytech.vn\/en\/san-pham\/den-roi-led-chieu-sang-phantom-4-type-b.html\",\"name\":\"\u0110\u00e8n r\u1ecdi led Phantom 4 - \u0111\u00e8n led chi\u1ebfu s\u00e1ng Phantom 4 - type B - ship cod\",\"isPartOf\":{\"@id\":\"https:\/\/phukienflytech.vn\/#website\"},\"primaryImageOfPage\":{\"@id\":\"https:\/\/phukienflytech.vn\/en\/san-pham\/den-roi-led-chieu-sang-phantom-4-type-b.html#primaryimage\"},\"image\":{\"@id\":\"https:\/\/phukienflytech.vn\/en\/san-pham\/den-roi-led-chieu-sang-phantom-4-type-b.html#primaryimage\"},\"thumbnailUrl\":\"https:\/\/phukienflytech.vn\/wp-content\/uploads\/2020\/06\/Aen-led-rai-phantom-4-pro-phu-kien-dji1_-_Copy.jpg\",\"datePublished\":\"2020-06-16T07:53:31+00:00\",\"dateModified\":\"2022-10-04T03:12:24+00:00\",\"description\":\"\u0110\u00e8n r\u1ecdi led Phantom 4 l\u00e0 ph\u1ee5 ki\u1ec7n ch\u00ednh h\u00e3ng, c\u1ea7n thi\u1ebft. \u0110\u00e8n r\u1ecdi led Phantom 4 gi\u00fap b\u1ea1n c\u00f3 th\u1ec3 bay ngay c\u1ea3 trong \u0111i\u1ec1u ki\u1ec7n thi\u1ebfu s\u00e1ng nh\u01b0 ban \u0111\u00eam.\",\"breadcrumb\":{\"@id\":\"https:\/\/phukienflytech.vn\/en\/san-pham\/den-roi-led-chieu-sang-phantom-4-type-b.html#breadcrumb\"},\"inLanguage\":\"en-US\",\"potentialAction\":[{\"@type\":\"ReadAction\",\"target\":[\"https:\/\/phukienflytech.vn\/en\/san-pham\/den-roi-led-chieu-sang-phantom-4-type-b.html\"]}]},{\"@type\":\"ImageObject\",\"inLanguage\":\"en-US\",\"@id\":\"https:\/\/phukienflytech.vn\/en\/san-pham\/den-roi-led-chieu-sang-phantom-4-type-b.html#primaryimage\",\"url\":\"https:\/\/phukienflytech.vn\/wp-content\/uploads\/2020\/06\/Aen-led-rai-phantom-4-pro-phu-kien-dji1_-_Copy.jpg\",\"contentUrl\":\"https:\/\/phukienflytech.vn\/wp-content\/uploads\/2020\/06\/Aen-led-rai-phantom-4-pro-phu-kien-dji1_-_Copy.jpg\",\"width\":243,\"height\":243},{\"@type\":\"BreadcrumbList\",\"@id\":\"https:\/\/phukienflytech.vn\/en\/san-pham\/den-roi-led-chieu-sang-phantom-4-type-b.html#breadcrumb\",\"itemListElement\":[{\"@type\":\"ListItem\",\"position\":1,\"name\":\"Home\",\"item\":\"https:\/\/phukienflytech.vn\/en\"},{\"@type\":\"ListItem\",\"position\":2,\"name\":\"Ph\u1ee5 ki\u1ec7n Mavic Pro\",\"item\":\"https:\/\/phukienflytech.vn\/en\/phu-kien-mavic-pro.html\"},{\"@type\":\"ListItem\",\"position\":3,\"name\":\"Ph\u1ee5 ki\u1ec7n DJI - Osmo\",\"item\":\"https:\/\/phukienflytech.vn\/danh-muc\/phu-kien-dji-osmo.html\"},{\"@type\":\"ListItem\",\"position\":4,\"name\":\"\u0110\u00e8n r\u1ecdi led chi\u1ebfu s\u00e1ng Phantom 4 &#8211; type B\"}]},{\"@type\":\"WebSite\",\"@id\":\"https:\/\/phukienflytech.vn\/#website\",\"url\":\"https:\/\/phukienflytech.vn\/\",\"name\":\"Shop M\u00e1y \u1ea3nh - Action Camera - Gimbal - Flycam - Ph\u1ee5 ki\u1ec7n\",\"description\":\"Shop M\u00e1y \u1ea3nh - Action Camera - Gimbal - Flycam - Ph\u1ee5 ki\u1ec7n\",\"publisher\":{\"@id\":\"https:\/\/phukienflytech.vn\/#organization\"},\"potentialAction\":[{\"@type\":\"SearchAction\",\"target\":{\"@type\":\"EntryPoint\",\"urlTemplate\":\"https:\/\/phukienflytech.vn\/?s={search_term_string}\"},\"query-input\":{\"@type\":\"PropertyValueSpecification\",\"valueRequired\":true,\"valueName\":\"search_term_string\"}}],\"inLanguage\":\"en-US\"},{\"@type\":\"Organization\",\"@id\":\"https:\/\/phukienflytech.vn\/#organization\",\"name\":\"DJI Store - Shop Drone, Action camera, Gimbal DJI |Phukienflytech\",\"alternateName\":\"DJI Store - Shop Drone, Action camera, Gimbal DJI |Phukienflytech\",\"url\":\"https:\/\/phukienflytech.vn\/\",\"logo\":{\"@type\":\"ImageObject\",\"inLanguage\":\"en-US\",\"@id\":\"https:\/\/phukienflytech.vn\/#\/schema\/logo\/image\/\",\"url\":\"https:\/\/phukienflytech.vn\/wp-content\/uploads\/2020\/05\/hAnh_nan.jpg1_.jpg\",\"contentUrl\":\"https:\/\/phukienflytech.vn\/wp-content\/uploads\/2020\/05\/hAnh_nan.jpg1_.jpg\",\"width\":800,\"height\":450,\"caption\":\"DJI Store - Shop Drone, Action camera, Gimbal DJI |Phukienflytech\"},\"image\":{\"@id\":\"https:\/\/phukienflytech.vn\/#\/schema\/logo\/image\/\"},\"sameAs\":[\"https:\/\/facebook.com\/phukienflycam\",\"https:\/\/www.youtube.com\/@phukienflytech\",\"https:\/\/www.tiktok.com\/@flytech.channel?fbclid=IwY2xjawGjg7BleHRuA2FlbQIxMAABHYVGmlXpuSMs0UB2zTpYvyT4GMVfN2qJa4urF4vkSQ6FAVBwXZtDP30qQA_aem_UwMiDcUvlEbd2tXAmsc8Og\"]}]}<\/script>\n<!-- \/ Yoast SEO plugin. -->","yoast_head_json":{"title":"\u0110\u00e8n r\u1ecdi led Phantom 4 - \u0111\u00e8n led chi\u1ebfu s\u00e1ng Phantom 4 - type B - ship cod","description":"\u0110\u00e8n r\u1ecdi led Phantom 4 l\u00e0 ph\u1ee5 ki\u1ec7n ch\u00ednh h\u00e3ng, c\u1ea7n thi\u1ebft. \u0110\u00e8n r\u1ecdi led Phantom 4 gi\u00fap b\u1ea1n c\u00f3 th\u1ec3 bay ngay c\u1ea3 trong \u0111i\u1ec1u ki\u1ec7n thi\u1ebfu s\u00e1ng nh\u01b0 ban \u0111\u00eam.","robots":{"index":"index","follow":"follow","max-snippet":"max-snippet:-1","max-image-preview":"max-image-preview:large","max-video-preview":"max-video-preview:-1"},"canonical":"https:\/\/phukienflytech.vn\/en\/san-pham\/den-roi-led-chieu-sang-phantom-4-type-b.html","og_locale":"en_US","og_type":"article","og_title":"\u0110\u00e8n r\u1ecdi led Phantom 4 - \u0111\u00e8n led chi\u1ebfu s\u00e1ng Phantom 4 - type B - ship cod","og_description":"\u0110\u00e8n r\u1ecdi led Phantom 4 l\u00e0 ph\u1ee5 ki\u1ec7n ch\u00ednh h\u00e3ng, c\u1ea7n thi\u1ebft. \u0110\u00e8n r\u1ecdi led Phantom 4 gi\u00fap b\u1ea1n c\u00f3 th\u1ec3 bay ngay c\u1ea3 trong \u0111i\u1ec1u ki\u1ec7n thi\u1ebfu s\u00e1ng nh\u01b0 ban \u0111\u00eam.","og_url":"https:\/\/phukienflytech.vn\/en\/san-pham\/den-roi-led-chieu-sang-phantom-4-type-b.html","og_site_name":"Shop M\u00e1y \u1ea3nh - Action Camera - Gimbal - Flycam - Ph\u1ee5 ki\u1ec7n","article_publisher":"https:\/\/facebook.com\/phukienflycam","article_modified_time":"2022-10-04T03:12:24+00:00","og_image":[{"width":243,"height":243,"url":"https:\/\/phukienflytech.vn\/wp-content\/uploads\/2020\/06\/Aen-led-rai-phantom-4-pro-phu-kien-dji1_-_Copy.jpg","type":"image\/jpeg"}],"twitter_card":"summary_large_image","twitter_misc":{"Est. reading time":"2 minutes"},"schema":{"@context":"https:\/\/schema.org","@graph":[{"@type":"WebPage","@id":"https:\/\/phukienflytech.vn\/en\/san-pham\/den-roi-led-chieu-sang-phantom-4-type-b.html","url":"https:\/\/phukienflytech.vn\/en\/san-pham\/den-roi-led-chieu-sang-phantom-4-type-b.html","name":"\u0110\u00e8n r\u1ecdi led Phantom 4 - \u0111\u00e8n led chi\u1ebfu s\u00e1ng Phantom 4 - type B - ship cod","isPartOf":{"@id":"https:\/\/phukienflytech.vn\/#website"},"primaryImageOfPage":{"@id":"https:\/\/phukienflytech.vn\/en\/san-pham\/den-roi-led-chieu-sang-phantom-4-type-b.html#primaryimage"},"image":{"@id":"https:\/\/phukienflytech.vn\/en\/san-pham\/den-roi-led-chieu-sang-phantom-4-type-b.html#primaryimage"},"thumbnailUrl":"https:\/\/phukienflytech.vn\/wp-content\/uploads\/2020\/06\/Aen-led-rai-phantom-4-pro-phu-kien-dji1_-_Copy.jpg","datePublished":"2020-06-16T07:53:31+00:00","dateModified":"2022-10-04T03:12:24+00:00","description":"\u0110\u00e8n r\u1ecdi led Phantom 4 l\u00e0 ph\u1ee5 ki\u1ec7n ch\u00ednh h\u00e3ng, c\u1ea7n thi\u1ebft. \u0110\u00e8n r\u1ecdi led Phantom 4 gi\u00fap b\u1ea1n c\u00f3 th\u1ec3 bay ngay c\u1ea3 trong \u0111i\u1ec1u ki\u1ec7n thi\u1ebfu s\u00e1ng nh\u01b0 ban \u0111\u00eam.","breadcrumb":{"@id":"https:\/\/phukienflytech.vn\/en\/san-pham\/den-roi-led-chieu-sang-phantom-4-type-b.html#breadcrumb"},"inLanguage":"en-US","potentialAction":[{"@type":"ReadAction","target":["https:\/\/phukienflytech.vn\/en\/san-pham\/den-roi-led-chieu-sang-phantom-4-type-b.html"]}]},{"@type":"ImageObject","inLanguage":"en-US","@id":"https:\/\/phukienflytech.vn\/en\/san-pham\/den-roi-led-chieu-sang-phantom-4-type-b.html#primaryimage","url":"https:\/\/phukienflytech.vn\/wp-content\/uploads\/2020\/06\/Aen-led-rai-phantom-4-pro-phu-kien-dji1_-_Copy.jpg","contentUrl":"https:\/\/phukienflytech.vn\/wp-content\/uploads\/2020\/06\/Aen-led-rai-phantom-4-pro-phu-kien-dji1_-_Copy.jpg","width":243,"height":243},{"@type":"BreadcrumbList","@id":"https:\/\/phukienflytech.vn\/en\/san-pham\/den-roi-led-chieu-sang-phantom-4-type-b.html#breadcrumb","itemListElement":[{"@type":"ListItem","position":1,"name":"Home","item":"https:\/\/phukienflytech.vn\/en"},{"@type":"ListItem","position":2,"name":"Ph\u1ee5 ki\u1ec7n Mavic Pro","item":"https:\/\/phukienflytech.vn\/en\/phu-kien-mavic-pro.html"},{"@type":"ListItem","position":3,"name":"Ph\u1ee5 ki\u1ec7n DJI - Osmo","item":"https:\/\/phukienflytech.vn\/danh-muc\/phu-kien-dji-osmo.html"},{"@type":"ListItem","position":4,"name":"\u0110\u00e8n r\u1ecdi led chi\u1ebfu s\u00e1ng Phantom 4 &#8211; type B"}]},{"@type":"WebSite","@id":"https:\/\/phukienflytech.vn\/#website","url":"https:\/\/phukienflytech.vn\/","name":"Shop M\u00e1y \u1ea3nh - Action Camera - Gimbal - Flycam - Ph\u1ee5 ki\u1ec7n","description":"Shop M\u00e1y \u1ea3nh - Action Camera - Gimbal - Flycam - Ph\u1ee5 ki\u1ec7n","publisher":{"@id":"https:\/\/phukienflytech.vn\/#organization"},"potentialAction":[{"@type":"SearchAction","target":{"@type":"EntryPoint","urlTemplate":"https:\/\/phukienflytech.vn\/?s={search_term_string}"},"query-input":{"@type":"PropertyValueSpecification","valueRequired":true,"valueName":"search_term_string"}}],"inLanguage":"en-US"},{"@type":"Organization","@id":"https:\/\/phukienflytech.vn\/#organization","name":"DJI Store - Shop Drone, Action camera, Gimbal DJI |Phukienflytech","alternateName":"DJI Store - Shop Drone, Action camera, Gimbal DJI |Phukienflytech","url":"https:\/\/phukienflytech.vn\/","logo":{"@type":"ImageObject","inLanguage":"en-US","@id":"https:\/\/phukienflytech.vn\/#\/schema\/logo\/image\/","url":"https:\/\/phukienflytech.vn\/wp-content\/uploads\/2020\/05\/hAnh_nan.jpg1_.jpg","contentUrl":"https:\/\/phukienflytech.vn\/wp-content\/uploads\/2020\/05\/hAnh_nan.jpg1_.jpg","width":800,"height":450,"caption":"DJI Store - Shop Drone, Action camera, Gimbal DJI |Phukienflytech"},"image":{"@id":"https:\/\/phukienflytech.vn\/#\/schema\/logo\/image\/"},"sameAs":["https:\/\/facebook.com\/phukienflycam","https:\/\/www.youtube.com\/@phukienflytech","https:\/\/www.tiktok.com\/@flytech.channel?fbclid=IwY2xjawGjg7BleHRuA2FlbQIxMAABHYVGmlXpuSMs0UB2zTpYvyT4GMVfN2qJa4urF4vkSQ6FAVBwXZtDP30qQA_aem_UwMiDcUvlEbd2tXAmsc8Og"]}]}},"_links":{"self":[{"href":"https:\/\/phukienflytech.vn\/en\/wp-json\/wp\/v2\/product\/6411","targetHints":{"allow":["GET"]}}],"collection":[{"href":"https:\/\/phukienflytech.vn\/en\/wp-json\/wp\/v2\/product"}],"about":[{"href":"https:\/\/phukienflytech.vn\/en\/wp-json\/wp\/v2\/types\/product"}],"replies":[{"embeddable":true,"href":"https:\/\/phukienflytech.vn\/en\/wp-json\/wp\/v2\/comments?post=6411"}],"wp:featuredmedia":[{"embeddable":true,"href":"https:\/\/phukienflytech.vn\/en\/wp-json\/wp\/v2\/media\/16234"}],"wp:attachment":[{"href":"https:\/\/phukienflytech.vn\/en\/wp-json\/wp\/v2\/media?parent=6411"}],"wp:term":[{"taxonomy":"product_brand","embeddable":true,"href":"https:\/\/phukienflytech.vn\/en\/wp-json\/wp\/v2\/product_brand?post=6411"},{"taxonomy":"product_cat","embeddable":true,"href":"https:\/\/phukienflytech.vn\/en\/wp-json\/wp\/v2\/product_cat?post=6411"},{"taxonomy":"product_tag","embeddable":true,"href":"https:\/\/phukienflytech.vn\/en\/wp-json\/wp\/v2\/product_tag?post=6411"}],"curies":[{"name":"wp","href":"https:\/\/api.w.org\/{rel}","templated":true}]}}