{"id":6452,"date":"2020-06-20T20:58:18","date_gmt":"2020-06-20T13:58:18","guid":{"rendered":"http:\/\/27430.lamdx.vinawebsite.vn\/san-pham\/combo-kit-phantom-4-full-option-2.html"},"modified":"2020-09-08T08:52:02","modified_gmt":"2020-09-08T01:52:02","slug":"combo-kit-phantom-4-full-option-2","status":"publish","type":"product","link":"https:\/\/phukienflytech.vn\/en\/san-pham\/combo-kit-phantom-4-full-option-2.html","title":{"rendered":"Combo kit Phantom 4 &#8211; Full Option"},"content":{"rendered":"<h2><span style=\"font-size: 21px; color: #0000ff;\"><em><strong>Combo Kit\u00a0Phantom 3 series\u00a0\u2013 by phukienflytech.vn\u00a0<\/strong><\/em><\/span><\/h2>\n<p><span style=\"font-size: 18px;\">Combo kit full option Phantom 4<\/span><\/p>\n<h2><span style=\"font-size: 21px; color: #0000ff;\"><strong><em>B\u1ed9 Combo kit full option Phantom 4 bao g\u1ed3m:<\/em><\/strong><\/span><\/h2>\n<ul>\n<li><span style=\"font-size: 18px;\">Pin phantom 4 Pro 5870 Mah ch\u00ednh\u00a0h\u00e3ng DJI : x 2<\/span><\/li>\n<li><span style=\"font-size: 18px;\">C\u00e1nh Phantom 4 pro V2 ch\u00ednh h\u00e3ng : x 2<\/span><\/li>\n<li><span style=\"font-size: 18px;\">Balo chuy\u00ean d\u1ee5ng phantom 4: x1<\/span><\/li>\n<li><span style=\"font-size: 18px;\">B\u1ed9 s\u1ea1c nhanh 5in1 Phantom 4 series<\/span><\/li>\n<\/ul>\n<p><span style=\"font-size: 18px;\">Pin phantom 4 pro 5870mah\u00a0 ch\u00ednh h\u00e3ng DJI<\/span><\/p>\n<ul>\n<li><span style=\"font-size: 18px;\">Th\u1eddi gian bay: t\u1ed1i \u0111a 27 ph\u00fat<\/span><\/li>\n<li><span style=\"font-size: 18px;\">Dung l\u01b0\u1ee3ng: 5870 mAH<\/span><\/li>\n<li><span style=\"font-size: 18px;\">\u0110i\u1ec7n \u00e1p: 15.2 Voltage<\/span><\/li>\n<li><span style=\"font-size: 18px;\">Lo\u1ea1i pin: LiPo 4S<\/span><\/li>\n<li><span style=\"font-size: 18px;\">C\u00f4ng su\u1ea5t: 89.2 Wh<\/span><\/li>\n<li><span style=\"font-size: 18px;\">Tr\u1ecdng l\u01b0\u1ee3ng: 468 g<\/span><\/li>\n<li><span style=\"font-size: 18px;\">Nhi\u1ec7t \u0111\u1ed9 ho\u1ea1t \u0111\u1ed9ng b\u00ecnh th\u01b0\u1eddng: 41\u00b0 to 104\u00b0F (5\u00b0C to 40\u00b0C)<\/span><\/li>\n<li><span style=\"font-size: 18px;\">N\u0103ng l\u01b0\u1ee3ng s\u1ea1c l\u1edbn nh\u1ea5t: 100 W<\/span><\/li>\n<li><span style=\"font-size: 18px;\">Pin d\u00e0nh cho Phantom 4\/ 4pro\/ 4adv<\/span><\/li>\n<\/ul>\n<p><span style=\"font-size: 18px;\">Gi\u00e1 b\u00e1n l\u1ebb: 3.650.000 VND<\/span><\/p>\n<p>&nbsp;<\/p>\n<p><span style=\"font-size: 18px;\"><img loading=\"lazy\" decoding=\"async\" class=\"alignnone size-full wp-image-11971\" src=\"https:\/\/phukienflytech.vn\/wp-content\/uploads\/2020\/06\/combo-kit-phantom-4-full-option-6434-4.jpg\" alt=\"\" width=\"300\" height=\"300\" srcset=\"https:\/\/phukienflytech.vn\/wp-content\/uploads\/2020\/06\/combo-kit-phantom-4-full-option-6434-4.jpg 300w, https:\/\/phukienflytech.vn\/wp-content\/uploads\/2020\/06\/combo-kit-phantom-4-full-option-6434-4-280x280.jpg 280w, https:\/\/phukienflytech.vn\/wp-content\/uploads\/2020\/06\/combo-kit-phantom-4-full-option-6434-4-100x100.jpg 100w\" sizes=\"auto, (max-width: 300px) 100vw, 300px\" \/><\/span><\/p>\n<p>&nbsp;<\/p>\n<p><span style=\"font-size: 18px;\">C\u00e1nh phantom 4 pro V2 ch\u00ednh h\u00e3ng ch\u00ednh h\u00e3ng<\/span><\/p>\n<p><span style=\"font-size: 18px;\">Gi\u00e1 b\u00e1n l\u1ebb: 230.000 VND \/ c\u1eb7p ~ 460.000 VND\/ b\u1ed9 4 c\u00e1nh<\/span><\/p>\n<p>&nbsp;<\/p>\n<p><span style=\"font-size: 18px;\"><img loading=\"lazy\" decoding=\"async\" class=\"alignnone size-medium wp-image-11973\" src=\"https:\/\/phukienflytech.vn\/wp-content\/uploads\/2020\/06\/combo-kit-phantom-4-full-option-6434-1-1-400x400.jpg\" alt=\"\" width=\"400\" height=\"400\" srcset=\"https:\/\/phukienflytech.vn\/wp-content\/uploads\/2020\/06\/combo-kit-phantom-4-full-option-6434-1-1-400x400.jpg 400w, https:\/\/phukienflytech.vn\/wp-content\/uploads\/2020\/06\/combo-kit-phantom-4-full-option-6434-1-1-280x280.jpg 280w, https:\/\/phukienflytech.vn\/wp-content\/uploads\/2020\/06\/combo-kit-phantom-4-full-option-6434-1-1-300x300.jpg 300w, https:\/\/phukienflytech.vn\/wp-content\/uploads\/2020\/06\/combo-kit-phantom-4-full-option-6434-1-1-600x600.jpg 600w, https:\/\/phukienflytech.vn\/wp-content\/uploads\/2020\/06\/combo-kit-phantom-4-full-option-6434-1-1-100x100.jpg 100w, https:\/\/phukienflytech.vn\/wp-content\/uploads\/2020\/06\/combo-kit-phantom-4-full-option-6434-1-1.jpg 640w\" sizes=\"auto, (max-width: 400px) 100vw, 400px\" \/><\/span><\/p>\n<p>&nbsp;<\/p>\n<p><span style=\"font-size: 18px;\">Balo\u00a0chuy\u00ean d\u1ee5ng\u00a0phantom 4 (kh\u00f4ng g\u1ed3m h\u1ed9p x\u1ed1p)<\/span><\/p>\n<p><span style=\"font-size: 18px;\">Gi\u00e1 b\u00e1n l\u1ebb: 1.450.000 VND<\/span><\/p>\n<p>&nbsp;<\/p>\n<p><span style=\"font-size: 18px;\"><img loading=\"lazy\" decoding=\"async\" class=\"alignnone size-medium wp-image-11975\" src=\"https:\/\/phukienflytech.vn\/wp-content\/uploads\/2020\/06\/combo-kit-phantom-4-full-option-6434-2-1-400x400.jpg\" alt=\"\" width=\"400\" height=\"400\" srcset=\"https:\/\/phukienflytech.vn\/wp-content\/uploads\/2020\/06\/combo-kit-phantom-4-full-option-6434-2-1-400x400.jpg 400w, https:\/\/phukienflytech.vn\/wp-content\/uploads\/2020\/06\/combo-kit-phantom-4-full-option-6434-2-1-280x280.jpg 280w, https:\/\/phukienflytech.vn\/wp-content\/uploads\/2020\/06\/combo-kit-phantom-4-full-option-6434-2-1-768x768.jpg 768w, https:\/\/phukienflytech.vn\/wp-content\/uploads\/2020\/06\/combo-kit-phantom-4-full-option-6434-2-1-800x800.jpg 800w, https:\/\/phukienflytech.vn\/wp-content\/uploads\/2020\/06\/combo-kit-phantom-4-full-option-6434-2-1-300x300.jpg 300w, https:\/\/phukienflytech.vn\/wp-content\/uploads\/2020\/06\/combo-kit-phantom-4-full-option-6434-2-1-600x600.jpg 600w, https:\/\/phukienflytech.vn\/wp-content\/uploads\/2020\/06\/combo-kit-phantom-4-full-option-6434-2-1-100x100.jpg 100w, https:\/\/phukienflytech.vn\/wp-content\/uploads\/2020\/06\/combo-kit-phantom-4-full-option-6434-2-1.jpg 1000w\" sizes=\"auto, (max-width: 400px) 100vw, 400px\" \/><\/span><\/p>\n<p>&nbsp;<\/p>\n<p><span style=\"font-size: 18px;\">B\u1ed9 s\u1ea1c nhanh 5in1 Phantom 4<\/span><\/p>\n<p><span style=\"font-size: 18px;\">Gi\u00e1 b\u00e1n l\u1ebb: 980.000 VND<\/span><\/p>\n<p><span style=\"font-size: 18px;\">L\u00e0 phi\u00ean b\u1ea3n m\u1edbi s\u1ea1c nhanh Phantom 4 series c\u1ee7a Yxtek\u00a0\u00a0<\/span><\/p>\n<p><span style=\"font-size: 18px;\">Ph\u00f9 h\u1ee3p v\u1edbi : Phantom 4 \/ pro \/ pro+ \/ adv<\/span><\/p>\n<p><span style=\"font-size: 18px;\">D\u00f2ng \u0111i\u1ec7n v\u00e0o : 110 &#8211; 220V<\/span><\/p>\n<p><span style=\"font-size: 18px;\">D\u00f2ng \u0111i\u1ec7n ra : 17.5V &#8211; 13.5 A (m\u1ed7i d\u00e2y \u0111\u1ea7u ra : 17.5V &#8211; 4.5A)<\/span><\/p>\n<p><span style=\"font-size: 18px;\">\u00a0Th\u1eddi gian s\u1ea1c : 75 &#8211; 85 ph\u00fat cho t\u1ea5t c\u1ea3\u00a0<\/span><\/p>\n<p><span style=\"font-size: 18px;\">B\u1ed9 s\u1ea1c \u0111\u00e3 \u0111\u01b0\u1ee3c c\u1ea3i ti\u1ebfn \u1ed5n \u00e1p v\u00e0 qu\u1ea1t l\u00e0m m\u00e1t (tuy\u1ec7t \u0111\u1ed1i an to\u00e0n &#8211; v\u00e0 th\u00f4ng minh)<\/span><\/p>\n<p>&nbsp;<\/p>\n<p><span style=\"font-size: 18px;\"><img loading=\"lazy\" decoding=\"async\" class=\"alignnone size-medium wp-image-11977\" src=\"https:\/\/phukienflytech.vn\/wp-content\/uploads\/2020\/06\/combo-kit-phantom-4-full-option-6434-3-1-400x400.jpg\" alt=\"\" width=\"400\" height=\"400\" srcset=\"https:\/\/phukienflytech.vn\/wp-content\/uploads\/2020\/06\/combo-kit-phantom-4-full-option-6434-3-1-400x400.jpg 400w, https:\/\/phukienflytech.vn\/wp-content\/uploads\/2020\/06\/combo-kit-phantom-4-full-option-6434-3-1-280x280.jpg 280w, https:\/\/phukienflytech.vn\/wp-content\/uploads\/2020\/06\/combo-kit-phantom-4-full-option-6434-3-1-768x768.jpg 768w, https:\/\/phukienflytech.vn\/wp-content\/uploads\/2020\/06\/combo-kit-phantom-4-full-option-6434-3-1-800x800.jpg 800w, https:\/\/phukienflytech.vn\/wp-content\/uploads\/2020\/06\/combo-kit-phantom-4-full-option-6434-3-1-300x300.jpg 300w, https:\/\/phukienflytech.vn\/wp-content\/uploads\/2020\/06\/combo-kit-phantom-4-full-option-6434-3-1-600x600.jpg 600w, https:\/\/phukienflytech.vn\/wp-content\/uploads\/2020\/06\/combo-kit-phantom-4-full-option-6434-3-1-100x100.jpg 100w, https:\/\/phukienflytech.vn\/wp-content\/uploads\/2020\/06\/combo-kit-phantom-4-full-option-6434-3-1.jpg 962w\" sizes=\"auto, (max-width: 400px) 100vw, 400px\" \/><\/span><\/p>\n<p>&nbsp;<\/p>\n<p><span style=\"font-size: 18px;\">Li\u00ean h\u1ec7 v\u1edbi ch\u00fang t\u00f4i qua facebook: <a href=\"https:\/\/www.facebook.com\/phukienflycam\">Ph\u1ee5 ki\u1ec7n flytech gi\u00e1 t\u1ed1t<\/a><\/span><\/p>\n<p>&nbsp;<\/p>\n<p>&nbsp;<\/p>\n<p>&nbsp;<\/p>\n<p>&nbsp;<\/p>\n","protected":false},"excerpt":{"rendered":"<p>Combo Kit\u00a0Phantom 3 series\u00a0\u2013 by phukienflytech.vn\u00a0 Combo kit full option Phantom 4 B\u1ed9 Combo kit full option Phantom 4 bao g\u1ed3m: Pin phantom 4 Pro 5870 Mah ch\u00ednh\u00a0h\u00e3ng DJI : x 2 C\u00e1nh Phantom 4 pro V2 ch\u00ednh h\u00e3ng : x 2 Balo chuy\u00ean d\u1ee5ng phantom 4: x1 B\u1ed9 s\u1ea1c nhanh 5in1 Phantom 4 series &#8230;<\/p>\n","protected":false},"featured_media":7131,"comment_status":"open","ping_status":"closed","template":"","meta":{"_acf_changed":false},"product_brand":[],"product_cat":[182],"product_tag":[206,227],"class_list":{"0":"post-6452","1":"product","2":"type-product","3":"status-publish","4":"has-post-thumbnail","6":"product_cat-phantom-4-accessory","7":"product_tag-phu-kien-dji-en","8":"product_tag-phu-kien-phantom-4-en","10":"first","11":"instock","12":"shipping-taxable","13":"purchasable","14":"product-type-simple"},"acf":[],"yoast_head":"<!-- This site is optimized with the Yoast SEO plugin v25.7 - https:\/\/yoast.com\/wordpress\/plugins\/seo\/ -->\n<title>Combo kit full option Phantom 4 - Ph\u1ee5 ki\u00ean flycam Phantom 4 ch\u00ednh h\u00e3ng<\/title>\n<meta name=\"description\" content=\"Combo kit full option Phantom 4 l\u00e0 ph\u1ee5 ki\u1ec7n flycam ch\u00ednh h\u00e3ng, c\u1ea7n thi\u1ebft. Combo kit full option Phantom 4 gi\u00fap b\u1ea1n c\u00f3 th\u1ec3 tr\u1ea3i nghi\u1ec7m nh\u1eefng m\u1eabu ph\u1ee5 ki\u1ec7n\" \/>\n<meta name=\"robots\" content=\"index, follow, max-snippet:-1, max-image-preview:large, max-video-preview:-1\" \/>\n<link rel=\"canonical\" href=\"https:\/\/phukienflytech.vn\/en\/san-pham\/combo-kit-phantom-4-full-option-2.html\" \/>\n<meta property=\"og:locale\" content=\"en_US\" \/>\n<meta property=\"og:type\" content=\"article\" \/>\n<meta property=\"og:title\" content=\"Combo kit full option Phantom 4 - Ph\u1ee5 ki\u00ean flycam Phantom 4 ch\u00ednh h\u00e3ng\" \/>\n<meta property=\"og:description\" content=\"Combo kit full option Phantom 4 l\u00e0 ph\u1ee5 ki\u1ec7n flycam ch\u00ednh h\u00e3ng, c\u1ea7n thi\u1ebft. Combo kit full option Phantom 4 gi\u00fap b\u1ea1n c\u00f3 th\u1ec3 tr\u1ea3i nghi\u1ec7m nh\u1eefng m\u1eabu ph\u1ee5 ki\u1ec7n\" \/>\n<meta property=\"og:url\" content=\"https:\/\/phukienflytech.vn\/en\/san-pham\/combo-kit-phantom-4-full-option-2.html\" \/>\n<meta property=\"og:site_name\" content=\"Shop M\u00e1y \u1ea3nh - Action Camera - Gimbal - Flycam - Ph\u1ee5 ki\u1ec7n\" \/>\n<meta property=\"article:publisher\" content=\"https:\/\/facebook.com\/phukienflycam\" \/>\n<meta property=\"article:modified_time\" content=\"2020-09-08T01:52:02+00:00\" \/>\n<meta property=\"og:image\" content=\"https:\/\/phukienflytech.vn\/wp-content\/uploads\/2020\/06\/300x300_combo-kit-phantom-4-full-option-promotion_-_Copy.png\" \/>\n\t<meta property=\"og:image:width\" content=\"300\" \/>\n\t<meta property=\"og:image:height\" content=\"300\" \/>\n\t<meta property=\"og:image:type\" content=\"image\/png\" \/>\n<meta name=\"twitter:card\" content=\"summary_large_image\" \/>\n<meta name=\"twitter:label1\" content=\"Est. reading time\" \/>\n\t<meta name=\"twitter:data1\" content=\"2 minutes\" \/>\n<script type=\"application\/ld+json\" class=\"yoast-schema-graph\">{\"@context\":\"https:\/\/schema.org\",\"@graph\":[{\"@type\":\"WebPage\",\"@id\":\"https:\/\/phukienflytech.vn\/en\/san-pham\/combo-kit-phantom-4-full-option-2.html\",\"url\":\"https:\/\/phukienflytech.vn\/en\/san-pham\/combo-kit-phantom-4-full-option-2.html\",\"name\":\"Combo kit full option Phantom 4 - Ph\u1ee5 ki\u00ean flycam Phantom 4 ch\u00ednh h\u00e3ng\",\"isPartOf\":{\"@id\":\"https:\/\/phukienflytech.vn\/#website\"},\"primaryImageOfPage\":{\"@id\":\"https:\/\/phukienflytech.vn\/en\/san-pham\/combo-kit-phantom-4-full-option-2.html#primaryimage\"},\"image\":{\"@id\":\"https:\/\/phukienflytech.vn\/en\/san-pham\/combo-kit-phantom-4-full-option-2.html#primaryimage\"},\"thumbnailUrl\":\"https:\/\/phukienflytech.vn\/wp-content\/uploads\/2020\/06\/300x300_combo-kit-phantom-4-full-option-promotion_-_Copy.png\",\"datePublished\":\"2020-06-20T13:58:18+00:00\",\"dateModified\":\"2020-09-08T01:52:02+00:00\",\"description\":\"Combo kit full option Phantom 4 l\u00e0 ph\u1ee5 ki\u1ec7n flycam ch\u00ednh h\u00e3ng, c\u1ea7n thi\u1ebft. Combo kit full option Phantom 4 gi\u00fap b\u1ea1n c\u00f3 th\u1ec3 tr\u1ea3i nghi\u1ec7m nh\u1eefng m\u1eabu ph\u1ee5 ki\u1ec7n\",\"breadcrumb\":{\"@id\":\"https:\/\/phukienflytech.vn\/en\/san-pham\/combo-kit-phantom-4-full-option-2.html#breadcrumb\"},\"inLanguage\":\"en-US\",\"potentialAction\":[{\"@type\":\"ReadAction\",\"target\":[\"https:\/\/phukienflytech.vn\/en\/san-pham\/combo-kit-phantom-4-full-option-2.html\"]}]},{\"@type\":\"ImageObject\",\"inLanguage\":\"en-US\",\"@id\":\"https:\/\/phukienflytech.vn\/en\/san-pham\/combo-kit-phantom-4-full-option-2.html#primaryimage\",\"url\":\"https:\/\/phukienflytech.vn\/wp-content\/uploads\/2020\/06\/300x300_combo-kit-phantom-4-full-option-promotion_-_Copy.png\",\"contentUrl\":\"https:\/\/phukienflytech.vn\/wp-content\/uploads\/2020\/06\/300x300_combo-kit-phantom-4-full-option-promotion_-_Copy.png\",\"width\":300,\"height\":300},{\"@type\":\"BreadcrumbList\",\"@id\":\"https:\/\/phukienflytech.vn\/en\/san-pham\/combo-kit-phantom-4-full-option-2.html#breadcrumb\",\"itemListElement\":[{\"@type\":\"ListItem\",\"position\":1,\"name\":\"Home\",\"item\":\"https:\/\/phukienflytech.vn\/en\"},{\"@type\":\"ListItem\",\"position\":2,\"name\":\"Ph\u1ee5 ki\u1ec7n Mavic Pro\",\"item\":\"https:\/\/phukienflytech.vn\/en\/phu-kien-mavic-pro.html\"},{\"@type\":\"ListItem\",\"position\":3,\"name\":\"DJI Osmo &amp; Drone's accessories\",\"item\":\"https:\/\/phukienflytech.vn\/en\/danh-muc\/dji-osmo-drones-accessories.html\"},{\"@type\":\"ListItem\",\"position\":4,\"name\":\"Ph\u1ee5 ki\u1ec7n flycam Phantom 4\",\"item\":\"https:\/\/phukienflytech.vn\/en\/danh-muc\/phantom-4-accessory.html\"},{\"@type\":\"ListItem\",\"position\":5,\"name\":\"Combo kit Phantom 4 &#8211; Full Option\"}]},{\"@type\":\"WebSite\",\"@id\":\"https:\/\/phukienflytech.vn\/#website\",\"url\":\"https:\/\/phukienflytech.vn\/\",\"name\":\"Shop M\u00e1y \u1ea3nh - Action Camera - Gimbal - Flycam - Ph\u1ee5 ki\u1ec7n\",\"description\":\"Shop M\u00e1y \u1ea3nh - Action Camera - Gimbal - Flycam - Ph\u1ee5 ki\u1ec7n\",\"publisher\":{\"@id\":\"https:\/\/phukienflytech.vn\/#organization\"},\"potentialAction\":[{\"@type\":\"SearchAction\",\"target\":{\"@type\":\"EntryPoint\",\"urlTemplate\":\"https:\/\/phukienflytech.vn\/?s={search_term_string}\"},\"query-input\":{\"@type\":\"PropertyValueSpecification\",\"valueRequired\":true,\"valueName\":\"search_term_string\"}}],\"inLanguage\":\"en-US\"},{\"@type\":\"Organization\",\"@id\":\"https:\/\/phukienflytech.vn\/#organization\",\"name\":\"DJI Store - Shop Drone, Action camera, Gimbal DJI |Phukienflytech\",\"alternateName\":\"DJI Store - Shop Drone, Action camera, Gimbal DJI |Phukienflytech\",\"url\":\"https:\/\/phukienflytech.vn\/\",\"logo\":{\"@type\":\"ImageObject\",\"inLanguage\":\"en-US\",\"@id\":\"https:\/\/phukienflytech.vn\/#\/schema\/logo\/image\/\",\"url\":\"https:\/\/phukienflytech.vn\/wp-content\/uploads\/2020\/05\/hAnh_nan.jpg1_.jpg\",\"contentUrl\":\"https:\/\/phukienflytech.vn\/wp-content\/uploads\/2020\/05\/hAnh_nan.jpg1_.jpg\",\"width\":800,\"height\":450,\"caption\":\"DJI Store - Shop Drone, Action camera, Gimbal DJI |Phukienflytech\"},\"image\":{\"@id\":\"https:\/\/phukienflytech.vn\/#\/schema\/logo\/image\/\"},\"sameAs\":[\"https:\/\/facebook.com\/phukienflycam\",\"https:\/\/www.youtube.com\/@phukienflytech\",\"https:\/\/www.tiktok.com\/@flytech.channel?fbclid=IwY2xjawGjg7BleHRuA2FlbQIxMAABHYVGmlXpuSMs0UB2zTpYvyT4GMVfN2qJa4urF4vkSQ6FAVBwXZtDP30qQA_aem_UwMiDcUvlEbd2tXAmsc8Og\"]}]}<\/script>\n<!-- \/ Yoast SEO plugin. -->","yoast_head_json":{"title":"Combo kit full option Phantom 4 - Ph\u1ee5 ki\u00ean flycam Phantom 4 ch\u00ednh h\u00e3ng","description":"Combo kit full option Phantom 4 l\u00e0 ph\u1ee5 ki\u1ec7n flycam ch\u00ednh h\u00e3ng, c\u1ea7n thi\u1ebft. Combo kit full option Phantom 4 gi\u00fap b\u1ea1n c\u00f3 th\u1ec3 tr\u1ea3i nghi\u1ec7m nh\u1eefng m\u1eabu ph\u1ee5 ki\u1ec7n","robots":{"index":"index","follow":"follow","max-snippet":"max-snippet:-1","max-image-preview":"max-image-preview:large","max-video-preview":"max-video-preview:-1"},"canonical":"https:\/\/phukienflytech.vn\/en\/san-pham\/combo-kit-phantom-4-full-option-2.html","og_locale":"en_US","og_type":"article","og_title":"Combo kit full option Phantom 4 - Ph\u1ee5 ki\u00ean flycam Phantom 4 ch\u00ednh h\u00e3ng","og_description":"Combo kit full option Phantom 4 l\u00e0 ph\u1ee5 ki\u1ec7n flycam ch\u00ednh h\u00e3ng, c\u1ea7n thi\u1ebft. Combo kit full option Phantom 4 gi\u00fap b\u1ea1n c\u00f3 th\u1ec3 tr\u1ea3i nghi\u1ec7m nh\u1eefng m\u1eabu ph\u1ee5 ki\u1ec7n","og_url":"https:\/\/phukienflytech.vn\/en\/san-pham\/combo-kit-phantom-4-full-option-2.html","og_site_name":"Shop M\u00e1y \u1ea3nh - Action Camera - Gimbal - Flycam - Ph\u1ee5 ki\u1ec7n","article_publisher":"https:\/\/facebook.com\/phukienflycam","article_modified_time":"2020-09-08T01:52:02+00:00","og_image":[{"width":300,"height":300,"url":"https:\/\/phukienflytech.vn\/wp-content\/uploads\/2020\/06\/300x300_combo-kit-phantom-4-full-option-promotion_-_Copy.png","type":"image\/png"}],"twitter_card":"summary_large_image","twitter_misc":{"Est. reading time":"2 minutes"},"schema":{"@context":"https:\/\/schema.org","@graph":[{"@type":"WebPage","@id":"https:\/\/phukienflytech.vn\/en\/san-pham\/combo-kit-phantom-4-full-option-2.html","url":"https:\/\/phukienflytech.vn\/en\/san-pham\/combo-kit-phantom-4-full-option-2.html","name":"Combo kit full option Phantom 4 - Ph\u1ee5 ki\u00ean flycam Phantom 4 ch\u00ednh h\u00e3ng","isPartOf":{"@id":"https:\/\/phukienflytech.vn\/#website"},"primaryImageOfPage":{"@id":"https:\/\/phukienflytech.vn\/en\/san-pham\/combo-kit-phantom-4-full-option-2.html#primaryimage"},"image":{"@id":"https:\/\/phukienflytech.vn\/en\/san-pham\/combo-kit-phantom-4-full-option-2.html#primaryimage"},"thumbnailUrl":"https:\/\/phukienflytech.vn\/wp-content\/uploads\/2020\/06\/300x300_combo-kit-phantom-4-full-option-promotion_-_Copy.png","datePublished":"2020-06-20T13:58:18+00:00","dateModified":"2020-09-08T01:52:02+00:00","description":"Combo kit full option Phantom 4 l\u00e0 ph\u1ee5 ki\u1ec7n flycam ch\u00ednh h\u00e3ng, c\u1ea7n thi\u1ebft. Combo kit full option Phantom 4 gi\u00fap b\u1ea1n c\u00f3 th\u1ec3 tr\u1ea3i nghi\u1ec7m nh\u1eefng m\u1eabu ph\u1ee5 ki\u1ec7n","breadcrumb":{"@id":"https:\/\/phukienflytech.vn\/en\/san-pham\/combo-kit-phantom-4-full-option-2.html#breadcrumb"},"inLanguage":"en-US","potentialAction":[{"@type":"ReadAction","target":["https:\/\/phukienflytech.vn\/en\/san-pham\/combo-kit-phantom-4-full-option-2.html"]}]},{"@type":"ImageObject","inLanguage":"en-US","@id":"https:\/\/phukienflytech.vn\/en\/san-pham\/combo-kit-phantom-4-full-option-2.html#primaryimage","url":"https:\/\/phukienflytech.vn\/wp-content\/uploads\/2020\/06\/300x300_combo-kit-phantom-4-full-option-promotion_-_Copy.png","contentUrl":"https:\/\/phukienflytech.vn\/wp-content\/uploads\/2020\/06\/300x300_combo-kit-phantom-4-full-option-promotion_-_Copy.png","width":300,"height":300},{"@type":"BreadcrumbList","@id":"https:\/\/phukienflytech.vn\/en\/san-pham\/combo-kit-phantom-4-full-option-2.html#breadcrumb","itemListElement":[{"@type":"ListItem","position":1,"name":"Home","item":"https:\/\/phukienflytech.vn\/en"},{"@type":"ListItem","position":2,"name":"Ph\u1ee5 ki\u1ec7n Mavic Pro","item":"https:\/\/phukienflytech.vn\/en\/phu-kien-mavic-pro.html"},{"@type":"ListItem","position":3,"name":"DJI Osmo &amp; Drone's accessories","item":"https:\/\/phukienflytech.vn\/en\/danh-muc\/dji-osmo-drones-accessories.html"},{"@type":"ListItem","position":4,"name":"Ph\u1ee5 ki\u1ec7n flycam Phantom 4","item":"https:\/\/phukienflytech.vn\/en\/danh-muc\/phantom-4-accessory.html"},{"@type":"ListItem","position":5,"name":"Combo kit Phantom 4 &#8211; Full Option"}]},{"@type":"WebSite","@id":"https:\/\/phukienflytech.vn\/#website","url":"https:\/\/phukienflytech.vn\/","name":"Shop M\u00e1y \u1ea3nh - Action Camera - Gimbal - Flycam - Ph\u1ee5 ki\u1ec7n","description":"Shop M\u00e1y \u1ea3nh - Action Camera - Gimbal - Flycam - Ph\u1ee5 ki\u1ec7n","publisher":{"@id":"https:\/\/phukienflytech.vn\/#organization"},"potentialAction":[{"@type":"SearchAction","target":{"@type":"EntryPoint","urlTemplate":"https:\/\/phukienflytech.vn\/?s={search_term_string}"},"query-input":{"@type":"PropertyValueSpecification","valueRequired":true,"valueName":"search_term_string"}}],"inLanguage":"en-US"},{"@type":"Organization","@id":"https:\/\/phukienflytech.vn\/#organization","name":"DJI Store - Shop Drone, Action camera, Gimbal DJI |Phukienflytech","alternateName":"DJI Store - Shop Drone, Action camera, Gimbal DJI |Phukienflytech","url":"https:\/\/phukienflytech.vn\/","logo":{"@type":"ImageObject","inLanguage":"en-US","@id":"https:\/\/phukienflytech.vn\/#\/schema\/logo\/image\/","url":"https:\/\/phukienflytech.vn\/wp-content\/uploads\/2020\/05\/hAnh_nan.jpg1_.jpg","contentUrl":"https:\/\/phukienflytech.vn\/wp-content\/uploads\/2020\/05\/hAnh_nan.jpg1_.jpg","width":800,"height":450,"caption":"DJI Store - Shop Drone, Action camera, Gimbal DJI |Phukienflytech"},"image":{"@id":"https:\/\/phukienflytech.vn\/#\/schema\/logo\/image\/"},"sameAs":["https:\/\/facebook.com\/phukienflycam","https:\/\/www.youtube.com\/@phukienflytech","https:\/\/www.tiktok.com\/@flytech.channel?fbclid=IwY2xjawGjg7BleHRuA2FlbQIxMAABHYVGmlXpuSMs0UB2zTpYvyT4GMVfN2qJa4urF4vkSQ6FAVBwXZtDP30qQA_aem_UwMiDcUvlEbd2tXAmsc8Og"]}]}},"_links":{"self":[{"href":"https:\/\/phukienflytech.vn\/en\/wp-json\/wp\/v2\/product\/6452","targetHints":{"allow":["GET"]}}],"collection":[{"href":"https:\/\/phukienflytech.vn\/en\/wp-json\/wp\/v2\/product"}],"about":[{"href":"https:\/\/phukienflytech.vn\/en\/wp-json\/wp\/v2\/types\/product"}],"replies":[{"embeddable":true,"href":"https:\/\/phukienflytech.vn\/en\/wp-json\/wp\/v2\/comments?post=6452"}],"wp:featuredmedia":[{"embeddable":true,"href":"https:\/\/phukienflytech.vn\/en\/wp-json\/wp\/v2\/media\/7131"}],"wp:attachment":[{"href":"https:\/\/phukienflytech.vn\/en\/wp-json\/wp\/v2\/media?parent=6452"}],"wp:term":[{"taxonomy":"product_brand","embeddable":true,"href":"https:\/\/phukienflytech.vn\/en\/wp-json\/wp\/v2\/product_brand?post=6452"},{"taxonomy":"product_cat","embeddable":true,"href":"https:\/\/phukienflytech.vn\/en\/wp-json\/wp\/v2\/product_cat?post=6452"},{"taxonomy":"product_tag","embeddable":true,"href":"https:\/\/phukienflytech.vn\/en\/wp-json\/wp\/v2\/product_tag?post=6452"}],"curies":[{"name":"wp","href":"https:\/\/api.w.org\/{rel}","templated":true}]}}