{"id":6473,"date":"2020-06-16T15:37:35","date_gmt":"2020-06-16T08:37:35","guid":{"rendered":"http:\/\/27430.lamdx.vinawebsite.vn\/san-pham\/gimbal-lock-phantom-4-chinh-hang.html"},"modified":"2021-03-27T18:09:43","modified_gmt":"2021-03-27T11:09:43","slug":"gimbal-lock-for-phantom-4","status":"publish","type":"product","link":"https:\/\/phukienflytech.vn\/en\/san-pham\/gimbal-lock-for-phantom-4.html","title":{"rendered":"Gimbal Lock Phantom 4"},"content":{"rendered":"<h2><em><strong><span style=\"font-size: 21px; color: #0000ff;\">Gimbal Lock for Phantom 4 <\/span><\/strong><\/em><\/h2>\n<p><span style=\"font-size: 18px;\">Gimbal Lock for Phantom 4 <\/span><\/p>\n<p><span style=\"font-size: 18px;\">Khi s\u1edf h\u1eefu cho m\u00ecnh m\u1ed9t chi\u1ebfc flycam DJI, ch\u00fang ta lu\u00f4n mu\u1ed1n \u0111em ch\u00fang \u0111i kh\u1eafp n\u01a1i \u0111\u1ec3 c\u00f3 nh\u1eefng b\u1ee9c h\u00ecnh, th\u01b0\u1edbc film tr\u00ean cao th\u1eadt tuy\u1ec7t v\u1eddi v\u00e0 l\u1ea1 m\u1eaft.<\/span><\/p>\n<p>&nbsp;<\/p>\n<p><span style=\"font-size: 18px;\"><img loading=\"lazy\" decoding=\"async\" class=\"alignnone size-medium wp-image-11933\" src=\"https:\/\/phukienflytech.vn\/wp-content\/uploads\/2020\/06\/gimbal-lock-phantom-4-chinh-hang-6455-3-400x400.jpg\" alt=\"\" width=\"400\" height=\"400\" srcset=\"https:\/\/phukienflytech.vn\/wp-content\/uploads\/2020\/06\/gimbal-lock-phantom-4-chinh-hang-6455-3-400x400.jpg 400w, https:\/\/phukienflytech.vn\/wp-content\/uploads\/2020\/06\/gimbal-lock-phantom-4-chinh-hang-6455-3-280x280.jpg 280w, https:\/\/phukienflytech.vn\/wp-content\/uploads\/2020\/06\/gimbal-lock-phantom-4-chinh-hang-6455-3-300x300.jpg 300w, https:\/\/phukienflytech.vn\/wp-content\/uploads\/2020\/06\/gimbal-lock-phantom-4-chinh-hang-6455-3.jpg 600w, https:\/\/phukienflytech.vn\/wp-content\/uploads\/2020\/06\/gimbal-lock-phantom-4-chinh-hang-6455-3-100x100.jpg 100w\" sizes=\"auto, (max-width: 400px) 100vw, 400px\" \/><\/span><\/p>\n<p>&nbsp;<\/p>\n<p><span style=\"font-size: 18px;\">Tuy nhi\u00ean trong su\u1ed1t qu\u00e1 tr\u00ecnh di chuy\u1ec3n s\u1ebd th\u1eadt kh\u00f3 tr\u00e1nh kh\u1ecfi c\u00e1c tr\u01b0\u1eddng h\u1ee3p c\u1ecd s\u00e1t, v\u1ea1 \u0111\u1eadp nh\u1eb9 m\u00e0 b\u1ed9 ph\u1eadn \u0111\u01b0\u1ee3c xem l\u00e0 y\u1ebfu nh\u1ea5t, d\u1ec5 b\u1ecb t\u1ed5n th\u01b0\u01a1ng nh\u1ea5t l\u00e0 c\u1ee5m gimbal v\u00e0 m\u1eb7t k\u00ednh camera.<\/span><\/p>\n<p>&nbsp;<\/p>\n<p><span style=\"font-size: 18px;\"><img loading=\"lazy\" decoding=\"async\" class=\"alignnone wp-image-11935 size-medium\" src=\"https:\/\/phukienflytech.vn\/wp-content\/uploads\/2020\/06\/gimbal-lock-phantom-4-chinh-hang-6455-1-1-400x400.jpg\" alt=\"Gimbal-Lock-for-Phantom-4 -1\" width=\"400\" height=\"400\" srcset=\"https:\/\/phukienflytech.vn\/wp-content\/uploads\/2020\/06\/gimbal-lock-phantom-4-chinh-hang-6455-1-1-400x400.jpg 400w, https:\/\/phukienflytech.vn\/wp-content\/uploads\/2020\/06\/gimbal-lock-phantom-4-chinh-hang-6455-1-1-280x280.jpg 280w, https:\/\/phukienflytech.vn\/wp-content\/uploads\/2020\/06\/gimbal-lock-phantom-4-chinh-hang-6455-1-1-300x300.jpg 300w, https:\/\/phukienflytech.vn\/wp-content\/uploads\/2020\/06\/gimbal-lock-phantom-4-chinh-hang-6455-1-1-100x100.jpg 100w, https:\/\/phukienflytech.vn\/wp-content\/uploads\/2020\/06\/gimbal-lock-phantom-4-chinh-hang-6455-1-1.jpg 500w\" sizes=\"auto, (max-width: 400px) 100vw, 400px\" \/><\/span><\/p>\n<p>&nbsp;<\/p>\n<p><span style=\"font-size: 18px;\">V\u1edbi chi\u1ebfc c\u1ed1 \u0111\u1ecbnh gimbal theo m\u00e1y, n\u00f3 c\u00f3 th\u1ec3 c\u1ed1 \u0111\u1ecbnh th\u1eadt tuy\u1ec7t v\u1eddi, nh\u01b0ng l\u1ea1i kh\u00f4ng cover b\u1ea3o v\u1ec7 \u0111\u01b0\u1ee3c m\u1eb7t k\u00ednh camera, c\u00f3 m\u1ed9t s\u1ef1 th\u1eadt l\u00e0 ch\u00fang c\u0169ng h\u01a1i kh\u00f3 g\u1ee1 v\u00e0 l\u1eafp v\u00e0o m\u1ed7i l\u1ea7n s\u1eed d\u1ee5ng xong ho\u1eb7c l\u1ea5y ra s\u1eed d\u1ee5ng\u2026<\/span><\/p>\n<p><span style=\"font-size: 18px;\">C\u00f2n nh\u1eefng l\u00fac bay, b\u1ea1n v\u1eabn c\u00f3 th\u1ec3 b\u1ea3o v\u1ec7 c\u1ee5m camera gimbal c\u1ee7a m\u00ecnh b\u1eb1ng c\u00e1c ph\u1ee5 ki\u1ec7n kh\u00e1c nh\u01b0:\u00a0<a href=\"http:\/\/phukienflytech.vn\/san-pham\/thanh-bao-ve-gimbal-phantom-4-full-carbon.html\" target=\"_blank\" rel=\"noopener noreferrer\">Thanh carbon b\u1ea3o v\u1ec7 gimbal<\/a>\u00a0v\u00e0\u00a0<a href=\"http:\/\/phukienflytech.vn\/san-pham\/nep-bao-ve-vo-gimbal-phantom-4.html\" target=\"_blank\" rel=\"noopener noreferrer\">N\u1eb9p b\u1ea3o v\u1ec7 v\u1ecf l\u01b0ng gimbal<\/a><\/span><\/p>\n<p>&nbsp;<\/p>\n<p><span style=\"font-size: 18px;\"><img loading=\"lazy\" decoding=\"async\" class=\"alignnone wp-image-11937 size-medium\" src=\"https:\/\/phukienflytech.vn\/wp-content\/uploads\/2020\/06\/gimbal-lock-phantom-4-chinh-hang-6455-2-1-478x400.jpg\" alt=\"Gimbal-Lock-for-Phantom-4 \" width=\"478\" height=\"400\" srcset=\"https:\/\/phukienflytech.vn\/wp-content\/uploads\/2020\/06\/gimbal-lock-phantom-4-chinh-hang-6455-2-1-478x400.jpg 478w, https:\/\/phukienflytech.vn\/wp-content\/uploads\/2020\/06\/gimbal-lock-phantom-4-chinh-hang-6455-2-1-768x643.jpg 768w, https:\/\/phukienflytech.vn\/wp-content\/uploads\/2020\/06\/gimbal-lock-phantom-4-chinh-hang-6455-2-1-956x800.jpg 956w, https:\/\/phukienflytech.vn\/wp-content\/uploads\/2020\/06\/gimbal-lock-phantom-4-chinh-hang-6455-2-1-600x502.jpg 600w, https:\/\/phukienflytech.vn\/wp-content\/uploads\/2020\/06\/gimbal-lock-phantom-4-chinh-hang-6455-2-1.jpg 1792w\" sizes=\"auto, (max-width: 478px) 100vw, 478px\" \/><\/span><\/p>\n<p>&nbsp;<\/p>\n<p><span style=\"font-size: 18px;\">Do v\u1eady m\u1ed9t gi\u1ea3i ph\u00e1p \u0111\u01a1n gi\u1ea3n h\u01a1n nhi\u1ec1u, hi\u1ec7u qu\u1ea3 h\u01a1n nhi\u1ec1u \u0111\u00e3 v\u00e0 \u0111ang \u0111\u01b0\u1ee3c ng\u01b0\u1eddi ch\u01a1i flycam DJI quan t\u00e2m t\u1edbi ch\u00ednh l\u00e0 chi\u1ebfc\u00a0<strong>Ch\u1ee5p gi\u1eef cam-gim Phantom 4\u00a0<\/strong>n\u00e0y\u00a0<\/span><\/p>\n<p><span style=\"font-size: 18px;\">Hi\u1ec7n nay tr\u00ean th\u1ecb tr\u01b0\u1eddng c\u00f3 nhi\u1ec1u s\u1ea3n ph\u1ea9m\u00a0<strong>ch\u1ee5p gi\u1eef cam &#8211; gimbal phantom 4<\/strong>\u00a0t\u1eeb nh\u1eefng nh\u00e0 s\u1ea3n xu\u1ea5t th\u1ee9 3. Nh\u01b0 b\u1ed9\u00a0<a href=\"https:\/\/phukienflytech.vn\/en\/san-pham\/chup-giu-cam-gim-phantom-4.html\" target=\"_blank\" rel=\"noopener noreferrer\"><strong>Ch\u1ee5p gi\u1eef cam-gim Phantom 4<\/strong><\/a>\u00a0hi\u1ec7n \u0111ang \u0111\u01b0\u1ee3c b\u00e1n t\u1ea1i shop Ph\u1ee5 ki\u1ec7n flycam gi\u00e1 t\u1ed1t.\u00a0<\/span><\/p>\n<h2><span style=\"font-size: 21px;\"><strong><span style=\"color: #0000ff;\">Mua ph\u1ee5 ki\u1ec7n gimbal lock \u1edf \u0111\u00e2u?<\/span><\/strong><\/span><\/h2>\n<p><span style=\"font-size: 18px;\">Nh\u1eb1m ph\u1ee5c v\u1ee5 nhu c\u1ea7u t\u00ecm mua v\u00e0 s\u1eed d\u1ee5ng nh\u1eefng s\u1ea3n ph\u1ea9m ch\u00ednh h\u00e3ng t\u1edbi t\u1eeb DJI, hi\u1ec7n nay b\u00ean shop ph\u1ee5 ki\u1ec7n flycam gi\u00e1 t\u1ed1t c\u00f3 hai b\u1ed9 s\u1ea3n ph\u1ea9m\u00a0<strong>ch\u1ee5p gi\u1eef cam &#8211; gimbal Phantom 4<\/strong>\u00a0\u0111\u1ec3 m\u1ecdi ng\u01b0\u1eddi c\u00f3 th\u1ec3 ch\u1ecdn l\u1ef1a theo nhu c\u1ea7u c\u00e1 nh\u00e2n.\u00a0<\/span><\/p>\n<p><span style=\"font-size: 18px;\"><strong>Ph\u1ee5 ki\u1ec7n Flycam Gi\u00e1 t\u1ed1t<\/strong>\u00a0chuy\u00ean cung c\u1ea5p c\u00e1c linh ki\u1ec7n thay th\u1ebf ch\u00ednh h\u00e3ng DJI c\u1ee7a c\u00e1c d\u00f2ng flycam\u00a0<a href=\"https:\/\/phukienflytech.vn\/danh-muc\/linh-kien-flycam-dji\/linh-kien-dji-mavic.html\" target=\"_blank\" rel=\"noopener noreferrer\"><strong>DJI Mavic series<\/strong><\/a>,\u00a0<a href=\"https:\/\/phukienflytech.vn\/danh-muc\/linh-kien-flycam-dji\/linh-kien-dji-phantom-3.html\" target=\"_blank\" rel=\"noopener noreferrer\"><strong>DJI Phantom 3<\/strong><\/a>,\u00a0<a href=\"https:\/\/phukienflytech.vn\/danh-muc\/linh-kien-flycam-dji\/linh-kien-dji-phantom-4.html\" target=\"_blank\" rel=\"noopener noreferrer\"><strong>DJI Phantom 4<\/strong><\/a>,\u2026 v\u00e0\u00a0<a href=\"https:\/\/phukienflytech.vn\/en\/dich-vu-sua-chua-flycam.html\" target=\"_blank\" rel=\"noopener noreferrer\"><strong>d\u1ecbch v\u1ee5 s\u1eeda ch\u1eefa flycam uy t\u00edn, \u0111\u1ea3m b\u1ea3o v\u00e0 ch\u1ea5t l\u01b0\u1ee3ng.<\/strong><\/a><\/span><\/p>\n<p><span style=\"font-size: 18px;\">H\u00e3y \u0111\u1ec3<a href=\"https:\/\/www.facebook.com\/phukienflycam\/?eid=ARCBQ0q12-UOhL1gpeDFhnjm3HjlPSUqIz1ct1Ga5JrKpqFStQo353trGLZf0uATv1_nR7erjs8t17n_\">\u00a0<strong>Ph\u1ee5 Ki\u1ec7n Fly-cam Gi\u00e1 T\u1ed1t<\/strong><\/a>\u00a0ti\u1ebfp s\u1ee9c \u0111am m\u00ea, c\u00f4ng vi\u1ec7c c\u1ee7a b\u1ea1n, gi\u00fap b\u1ea1n th\u00eam ni\u1ec1m h\u1ee9ng kh\u1edfi trong \u0111am m\u00ea c\u0169ng nh\u01b0 c\u00f4ng vi\u1ec7c c\u1ee7a m\u00ecnh th\u00eam su\u00f4n s\u1ebb<\/span><\/p>\n<p><span style=\"font-size: 18px;\">Nh\u00e0 s\u1ea3n xu\u1ea5t :\u00a0<strong>DJI<\/strong>\u00a0\u2013 l\u00e0 m\u1ed9t trong nh\u1eefng Vendor cung c\u1ea5p c\u00e1c ph\u1ee5 ki\u1ec7n, linh ki\u1ec7n thay th\u1ebf cho\u00a0<strong>DJI Flycam<\/strong>.<\/span><\/p>\n<p>&nbsp;<\/p>\n","protected":false},"excerpt":{"rendered":"<p>Gimbal Lock for Phantom 4 Gimbal Lock for Phantom 4 Khi s\u1edf h\u1eefu cho m\u00ecnh m\u1ed9t chi\u1ebfc flycam DJI, ch\u00fang ta lu\u00f4n mu\u1ed1n \u0111em ch\u00fang \u0111i kh\u1eafp n\u01a1i \u0111\u1ec3 c\u00f3 nh\u1eefng b\u1ee9c h\u00ecnh, th\u01b0\u1edbc film tr\u00ean cao th\u1eadt tuy\u1ec7t v\u1eddi v\u00e0 l\u1ea1 m\u1eaft. &nbsp; &nbsp; Tuy nhi\u00ean trong su\u1ed1t qu\u00e1 tr\u00ecnh di chuy\u1ec3n s\u1ebd th\u1eadt &#8230;<\/p>\n","protected":false},"featured_media":7114,"comment_status":"open","ping_status":"closed","template":"","meta":{"_acf_changed":false},"product_brand":[],"product_cat":[176,182],"product_tag":[206,227],"class_list":{"0":"post-6473","1":"product","2":"type-product","3":"status-publish","4":"has-post-thumbnail","6":"product_cat-dji-osmo-drones-accessories","7":"product_cat-phantom-4-accessory","8":"product_tag-phu-kien-dji-en","9":"product_tag-phu-kien-phantom-4-en","11":"first","12":"instock","13":"shipping-taxable","14":"purchasable","15":"product-type-simple"},"acf":[],"yoast_head":"<!-- This site is optimized with the Yoast SEO plugin v25.7 - https:\/\/yoast.com\/wordpress\/plugins\/seo\/ -->\n<title>Gimbal Lock for Phantom 4 - DJI - Phantom accessory - available.<\/title>\n<meta name=\"description\" content=\"Gimbal lock Phantom 4 is one of the most important accessory. Contact us to buy Gimbal lock Phantom 4 for best price, fast shipping.\" \/>\n<meta name=\"robots\" content=\"index, follow, max-snippet:-1, max-image-preview:large, max-video-preview:-1\" \/>\n<link rel=\"canonical\" href=\"https:\/\/phukienflytech.vn\/en\/san-pham\/gimbal-lock-for-phantom-4.html\" \/>\n<meta property=\"og:locale\" content=\"en_US\" \/>\n<meta property=\"og:type\" content=\"article\" \/>\n<meta property=\"og:title\" content=\"Gimbal Lock for Phantom 4 - DJI - Phantom accessory - available.\" \/>\n<meta property=\"og:description\" content=\"Gimbal lock Phantom 4 is one of the most important accessory. Contact us to buy Gimbal lock Phantom 4 for best price, fast shipping.\" \/>\n<meta property=\"og:url\" content=\"https:\/\/phukienflytech.vn\/en\/san-pham\/gimbal-lock-for-phantom-4.html\" \/>\n<meta property=\"og:site_name\" content=\"Shop M\u00e1y \u1ea3nh - Action Camera - Gimbal - Flycam - Ph\u1ee5 ki\u1ec7n\" \/>\n<meta property=\"article:publisher\" content=\"https:\/\/facebook.com\/phukienflycam\" \/>\n<meta property=\"article:modified_time\" content=\"2021-03-27T11:09:43+00:00\" \/>\n<meta property=\"og:image\" content=\"https:\/\/phukienflytech.vn\/wp-content\/uploads\/2020\/06\/300x300_phu-kien-flycam-dji-phantom-4-bao-ve-gimbal-goc-dji-243_-_Copy_2-1.jpg\" \/>\n\t<meta property=\"og:image:width\" content=\"300\" \/>\n\t<meta property=\"og:image:height\" content=\"300\" \/>\n\t<meta property=\"og:image:type\" content=\"image\/jpeg\" \/>\n<meta name=\"twitter:card\" content=\"summary_large_image\" \/>\n<meta name=\"twitter:label1\" content=\"Est. reading time\" \/>\n\t<meta name=\"twitter:data1\" content=\"3 minutes\" \/>\n<script type=\"application\/ld+json\" class=\"yoast-schema-graph\">{\"@context\":\"https:\/\/schema.org\",\"@graph\":[{\"@type\":\"WebPage\",\"@id\":\"https:\/\/phukienflytech.vn\/en\/san-pham\/gimbal-lock-for-phantom-4.html\",\"url\":\"https:\/\/phukienflytech.vn\/en\/san-pham\/gimbal-lock-for-phantom-4.html\",\"name\":\"Gimbal Lock for Phantom 4 - DJI - Phantom accessory - available.\",\"isPartOf\":{\"@id\":\"https:\/\/phukienflytech.vn\/#website\"},\"primaryImageOfPage\":{\"@id\":\"https:\/\/phukienflytech.vn\/en\/san-pham\/gimbal-lock-for-phantom-4.html#primaryimage\"},\"image\":{\"@id\":\"https:\/\/phukienflytech.vn\/en\/san-pham\/gimbal-lock-for-phantom-4.html#primaryimage\"},\"thumbnailUrl\":\"https:\/\/phukienflytech.vn\/wp-content\/uploads\/2020\/06\/300x300_phu-kien-flycam-dji-phantom-4-bao-ve-gimbal-goc-dji-243_-_Copy_2-1.jpg\",\"datePublished\":\"2020-06-16T08:37:35+00:00\",\"dateModified\":\"2021-03-27T11:09:43+00:00\",\"description\":\"Gimbal lock Phantom 4 is one of the most important accessory. Contact us to buy Gimbal lock Phantom 4 for best price, fast shipping.\",\"breadcrumb\":{\"@id\":\"https:\/\/phukienflytech.vn\/en\/san-pham\/gimbal-lock-for-phantom-4.html#breadcrumb\"},\"inLanguage\":\"en-US\",\"potentialAction\":[{\"@type\":\"ReadAction\",\"target\":[\"https:\/\/phukienflytech.vn\/en\/san-pham\/gimbal-lock-for-phantom-4.html\"]}]},{\"@type\":\"ImageObject\",\"inLanguage\":\"en-US\",\"@id\":\"https:\/\/phukienflytech.vn\/en\/san-pham\/gimbal-lock-for-phantom-4.html#primaryimage\",\"url\":\"https:\/\/phukienflytech.vn\/wp-content\/uploads\/2020\/06\/300x300_phu-kien-flycam-dji-phantom-4-bao-ve-gimbal-goc-dji-243_-_Copy_2-1.jpg\",\"contentUrl\":\"https:\/\/phukienflytech.vn\/wp-content\/uploads\/2020\/06\/300x300_phu-kien-flycam-dji-phantom-4-bao-ve-gimbal-goc-dji-243_-_Copy_2-1.jpg\",\"width\":300,\"height\":300},{\"@type\":\"BreadcrumbList\",\"@id\":\"https:\/\/phukienflytech.vn\/en\/san-pham\/gimbal-lock-for-phantom-4.html#breadcrumb\",\"itemListElement\":[{\"@type\":\"ListItem\",\"position\":1,\"name\":\"Home\",\"item\":\"https:\/\/phukienflytech.vn\/en\"},{\"@type\":\"ListItem\",\"position\":2,\"name\":\"Ph\u1ee5 ki\u1ec7n Mavic Pro\",\"item\":\"https:\/\/phukienflytech.vn\/en\/phu-kien-mavic-pro.html\"},{\"@type\":\"ListItem\",\"position\":3,\"name\":\"Ph\u1ee5 ki\u1ec7n DJI - Osmo\",\"item\":\"https:\/\/phukienflytech.vn\/danh-muc\/phu-kien-dji-osmo.html\"},{\"@type\":\"ListItem\",\"position\":4,\"name\":\"Gimbal Lock Phantom 4\"}]},{\"@type\":\"WebSite\",\"@id\":\"https:\/\/phukienflytech.vn\/#website\",\"url\":\"https:\/\/phukienflytech.vn\/\",\"name\":\"Shop M\u00e1y \u1ea3nh - Action Camera - Gimbal - Flycam - Ph\u1ee5 ki\u1ec7n\",\"description\":\"Shop M\u00e1y \u1ea3nh - Action Camera - Gimbal - Flycam - Ph\u1ee5 ki\u1ec7n\",\"publisher\":{\"@id\":\"https:\/\/phukienflytech.vn\/#organization\"},\"potentialAction\":[{\"@type\":\"SearchAction\",\"target\":{\"@type\":\"EntryPoint\",\"urlTemplate\":\"https:\/\/phukienflytech.vn\/?s={search_term_string}\"},\"query-input\":{\"@type\":\"PropertyValueSpecification\",\"valueRequired\":true,\"valueName\":\"search_term_string\"}}],\"inLanguage\":\"en-US\"},{\"@type\":\"Organization\",\"@id\":\"https:\/\/phukienflytech.vn\/#organization\",\"name\":\"DJI Store - Shop Drone, Action camera, Gimbal DJI |Phukienflytech\",\"alternateName\":\"DJI Store - Shop Drone, Action camera, Gimbal DJI |Phukienflytech\",\"url\":\"https:\/\/phukienflytech.vn\/\",\"logo\":{\"@type\":\"ImageObject\",\"inLanguage\":\"en-US\",\"@id\":\"https:\/\/phukienflytech.vn\/#\/schema\/logo\/image\/\",\"url\":\"https:\/\/phukienflytech.vn\/wp-content\/uploads\/2020\/05\/hAnh_nan.jpg1_.jpg\",\"contentUrl\":\"https:\/\/phukienflytech.vn\/wp-content\/uploads\/2020\/05\/hAnh_nan.jpg1_.jpg\",\"width\":800,\"height\":450,\"caption\":\"DJI Store - Shop Drone, Action camera, Gimbal DJI |Phukienflytech\"},\"image\":{\"@id\":\"https:\/\/phukienflytech.vn\/#\/schema\/logo\/image\/\"},\"sameAs\":[\"https:\/\/facebook.com\/phukienflycam\",\"https:\/\/www.youtube.com\/@phukienflytech\",\"https:\/\/www.tiktok.com\/@flytech.channel?fbclid=IwY2xjawGjg7BleHRuA2FlbQIxMAABHYVGmlXpuSMs0UB2zTpYvyT4GMVfN2qJa4urF4vkSQ6FAVBwXZtDP30qQA_aem_UwMiDcUvlEbd2tXAmsc8Og\"]}]}<\/script>\n<!-- \/ Yoast SEO plugin. -->","yoast_head_json":{"title":"Gimbal Lock for Phantom 4 - DJI - Phantom accessory - available.","description":"Gimbal lock Phantom 4 is one of the most important accessory. Contact us to buy Gimbal lock Phantom 4 for best price, fast shipping.","robots":{"index":"index","follow":"follow","max-snippet":"max-snippet:-1","max-image-preview":"max-image-preview:large","max-video-preview":"max-video-preview:-1"},"canonical":"https:\/\/phukienflytech.vn\/en\/san-pham\/gimbal-lock-for-phantom-4.html","og_locale":"en_US","og_type":"article","og_title":"Gimbal Lock for Phantom 4 - DJI - Phantom accessory - available.","og_description":"Gimbal lock Phantom 4 is one of the most important accessory. Contact us to buy Gimbal lock Phantom 4 for best price, fast shipping.","og_url":"https:\/\/phukienflytech.vn\/en\/san-pham\/gimbal-lock-for-phantom-4.html","og_site_name":"Shop M\u00e1y \u1ea3nh - Action Camera - Gimbal - Flycam - Ph\u1ee5 ki\u1ec7n","article_publisher":"https:\/\/facebook.com\/phukienflycam","article_modified_time":"2021-03-27T11:09:43+00:00","og_image":[{"width":300,"height":300,"url":"https:\/\/phukienflytech.vn\/wp-content\/uploads\/2020\/06\/300x300_phu-kien-flycam-dji-phantom-4-bao-ve-gimbal-goc-dji-243_-_Copy_2-1.jpg","type":"image\/jpeg"}],"twitter_card":"summary_large_image","twitter_misc":{"Est. reading time":"3 minutes"},"schema":{"@context":"https:\/\/schema.org","@graph":[{"@type":"WebPage","@id":"https:\/\/phukienflytech.vn\/en\/san-pham\/gimbal-lock-for-phantom-4.html","url":"https:\/\/phukienflytech.vn\/en\/san-pham\/gimbal-lock-for-phantom-4.html","name":"Gimbal Lock for Phantom 4 - DJI - Phantom accessory - available.","isPartOf":{"@id":"https:\/\/phukienflytech.vn\/#website"},"primaryImageOfPage":{"@id":"https:\/\/phukienflytech.vn\/en\/san-pham\/gimbal-lock-for-phantom-4.html#primaryimage"},"image":{"@id":"https:\/\/phukienflytech.vn\/en\/san-pham\/gimbal-lock-for-phantom-4.html#primaryimage"},"thumbnailUrl":"https:\/\/phukienflytech.vn\/wp-content\/uploads\/2020\/06\/300x300_phu-kien-flycam-dji-phantom-4-bao-ve-gimbal-goc-dji-243_-_Copy_2-1.jpg","datePublished":"2020-06-16T08:37:35+00:00","dateModified":"2021-03-27T11:09:43+00:00","description":"Gimbal lock Phantom 4 is one of the most important accessory. Contact us to buy Gimbal lock Phantom 4 for best price, fast shipping.","breadcrumb":{"@id":"https:\/\/phukienflytech.vn\/en\/san-pham\/gimbal-lock-for-phantom-4.html#breadcrumb"},"inLanguage":"en-US","potentialAction":[{"@type":"ReadAction","target":["https:\/\/phukienflytech.vn\/en\/san-pham\/gimbal-lock-for-phantom-4.html"]}]},{"@type":"ImageObject","inLanguage":"en-US","@id":"https:\/\/phukienflytech.vn\/en\/san-pham\/gimbal-lock-for-phantom-4.html#primaryimage","url":"https:\/\/phukienflytech.vn\/wp-content\/uploads\/2020\/06\/300x300_phu-kien-flycam-dji-phantom-4-bao-ve-gimbal-goc-dji-243_-_Copy_2-1.jpg","contentUrl":"https:\/\/phukienflytech.vn\/wp-content\/uploads\/2020\/06\/300x300_phu-kien-flycam-dji-phantom-4-bao-ve-gimbal-goc-dji-243_-_Copy_2-1.jpg","width":300,"height":300},{"@type":"BreadcrumbList","@id":"https:\/\/phukienflytech.vn\/en\/san-pham\/gimbal-lock-for-phantom-4.html#breadcrumb","itemListElement":[{"@type":"ListItem","position":1,"name":"Home","item":"https:\/\/phukienflytech.vn\/en"},{"@type":"ListItem","position":2,"name":"Ph\u1ee5 ki\u1ec7n Mavic Pro","item":"https:\/\/phukienflytech.vn\/en\/phu-kien-mavic-pro.html"},{"@type":"ListItem","position":3,"name":"Ph\u1ee5 ki\u1ec7n DJI - Osmo","item":"https:\/\/phukienflytech.vn\/danh-muc\/phu-kien-dji-osmo.html"},{"@type":"ListItem","position":4,"name":"Gimbal Lock Phantom 4"}]},{"@type":"WebSite","@id":"https:\/\/phukienflytech.vn\/#website","url":"https:\/\/phukienflytech.vn\/","name":"Shop M\u00e1y \u1ea3nh - Action Camera - Gimbal - Flycam - Ph\u1ee5 ki\u1ec7n","description":"Shop M\u00e1y \u1ea3nh - Action Camera - Gimbal - Flycam - Ph\u1ee5 ki\u1ec7n","publisher":{"@id":"https:\/\/phukienflytech.vn\/#organization"},"potentialAction":[{"@type":"SearchAction","target":{"@type":"EntryPoint","urlTemplate":"https:\/\/phukienflytech.vn\/?s={search_term_string}"},"query-input":{"@type":"PropertyValueSpecification","valueRequired":true,"valueName":"search_term_string"}}],"inLanguage":"en-US"},{"@type":"Organization","@id":"https:\/\/phukienflytech.vn\/#organization","name":"DJI Store - Shop Drone, Action camera, Gimbal DJI |Phukienflytech","alternateName":"DJI Store - Shop Drone, Action camera, Gimbal DJI |Phukienflytech","url":"https:\/\/phukienflytech.vn\/","logo":{"@type":"ImageObject","inLanguage":"en-US","@id":"https:\/\/phukienflytech.vn\/#\/schema\/logo\/image\/","url":"https:\/\/phukienflytech.vn\/wp-content\/uploads\/2020\/05\/hAnh_nan.jpg1_.jpg","contentUrl":"https:\/\/phukienflytech.vn\/wp-content\/uploads\/2020\/05\/hAnh_nan.jpg1_.jpg","width":800,"height":450,"caption":"DJI Store - Shop Drone, Action camera, Gimbal DJI |Phukienflytech"},"image":{"@id":"https:\/\/phukienflytech.vn\/#\/schema\/logo\/image\/"},"sameAs":["https:\/\/facebook.com\/phukienflycam","https:\/\/www.youtube.com\/@phukienflytech","https:\/\/www.tiktok.com\/@flytech.channel?fbclid=IwY2xjawGjg7BleHRuA2FlbQIxMAABHYVGmlXpuSMs0UB2zTpYvyT4GMVfN2qJa4urF4vkSQ6FAVBwXZtDP30qQA_aem_UwMiDcUvlEbd2tXAmsc8Og"]}]}},"_links":{"self":[{"href":"https:\/\/phukienflytech.vn\/en\/wp-json\/wp\/v2\/product\/6473","targetHints":{"allow":["GET"]}}],"collection":[{"href":"https:\/\/phukienflytech.vn\/en\/wp-json\/wp\/v2\/product"}],"about":[{"href":"https:\/\/phukienflytech.vn\/en\/wp-json\/wp\/v2\/types\/product"}],"replies":[{"embeddable":true,"href":"https:\/\/phukienflytech.vn\/en\/wp-json\/wp\/v2\/comments?post=6473"}],"wp:featuredmedia":[{"embeddable":true,"href":"https:\/\/phukienflytech.vn\/en\/wp-json\/wp\/v2\/media\/7114"}],"wp:attachment":[{"href":"https:\/\/phukienflytech.vn\/en\/wp-json\/wp\/v2\/media?parent=6473"}],"wp:term":[{"taxonomy":"product_brand","embeddable":true,"href":"https:\/\/phukienflytech.vn\/en\/wp-json\/wp\/v2\/product_brand?post=6473"},{"taxonomy":"product_cat","embeddable":true,"href":"https:\/\/phukienflytech.vn\/en\/wp-json\/wp\/v2\/product_cat?post=6473"},{"taxonomy":"product_tag","embeddable":true,"href":"https:\/\/phukienflytech.vn\/en\/wp-json\/wp\/v2\/product_tag?post=6473"}],"curies":[{"name":"wp","href":"https:\/\/api.w.org\/{rel}","templated":true}]}}