{"id":6500,"date":"2020-06-16T15:49:32","date_gmt":"2020-06-16T08:49:32","guid":{"rendered":"http:\/\/27430.lamdx.vinawebsite.vn\/san-pham\/bo-vo-lung-phantom-4-pro-v20-chinh-hang-dji.html"},"modified":"2022-11-12T14:58:30","modified_gmt":"2022-11-12T07:58:30","slug":"bo-vo-lung-phantom-4-pro-v20-chinh-hang-dji","status":"publish","type":"product","link":"https:\/\/phukienflytech.vn\/en\/san-pham\/bo-vo-lung-phantom-4-pro-v20-chinh-hang-dji.html","title":{"rendered":"B\u1ed9 v\u1ecf l\u01b0ng phantom 4 pro V2.0 &#8211; ch\u00ednh h\u00e3ng DJI"},"content":{"rendered":"<h2><span style=\"font-size: 21px; color: #0000ff;\"><strong>B\u1ed9 v\u1ecf Phantom \u00a04 Pro V2.0 \u2013 DJI<\/strong><\/span><\/h2>\n<p><span style=\"font-size: 18px;\">B\u1ed9 v\u1ecf l\u01b0ng Phantom 4 pro V2.0<\/span><\/p>\n<p><span style=\"font-size: 18px;\"><strong>&gt;&gt;<\/strong> Li\u00ean h\u1ec7 tr\u1ef1c ti\u1ebfp ch\u00fang t\u00f4i \u0111\u1ec3 \u0111\u01b0\u1ee3c h\u01b0\u1edbng d\u1eabn c\u00e1ch s\u1eeda v\u00e0 thay th\u1ebf \u0111\u00fang c\u00e1ch<\/span><\/p>\n<p>&nbsp;<\/p>\n<p><span style=\"font-size: 18px;\">V\u1edbi b\u1ed9 v\u1ecf cho th\u00e2n m\u00e1y Phantom 4 Pro V2.0 do ch\u00ednh DJI s\u1ea3n xu\u1ea5t th\u00ec s\u1ebd c\u00f3 ch\u1ea5t li\u1ec7u v\u00f4\u00a0 c\u00f9ng d\u1ebbo v\u00e0 c\u00f3 \u0111\u1ed9 b\u1ec1n r\u1ea5t cao.<\/span><\/p>\n<p>&nbsp;<\/p>\n<p><span style=\"font-size: 18px;\"><img loading=\"lazy\" decoding=\"async\" class=\"alignnone size-medium wp-image-11888\" src=\"https:\/\/phukienflytech.vn\/wp-content\/uploads\/2020\/06\/bo-vo-lung-phantom-4-pro-v2-0-chinh-hang-dji-6486-5-400x400.jpg\" alt=\"\" width=\"400\" height=\"400\" srcset=\"https:\/\/phukienflytech.vn\/wp-content\/uploads\/2020\/06\/bo-vo-lung-phantom-4-pro-v2-0-chinh-hang-dji-6486-5-400x400.jpg 400w, https:\/\/phukienflytech.vn\/wp-content\/uploads\/2020\/06\/bo-vo-lung-phantom-4-pro-v2-0-chinh-hang-dji-6486-5-280x280.jpg 280w, https:\/\/phukienflytech.vn\/wp-content\/uploads\/2020\/06\/bo-vo-lung-phantom-4-pro-v2-0-chinh-hang-dji-6486-5-768x768.jpg 768w, https:\/\/phukienflytech.vn\/wp-content\/uploads\/2020\/06\/bo-vo-lung-phantom-4-pro-v2-0-chinh-hang-dji-6486-5-800x800.jpg 800w, https:\/\/phukienflytech.vn\/wp-content\/uploads\/2020\/06\/bo-vo-lung-phantom-4-pro-v2-0-chinh-hang-dji-6486-5-300x300.jpg 300w, https:\/\/phukienflytech.vn\/wp-content\/uploads\/2020\/06\/bo-vo-lung-phantom-4-pro-v2-0-chinh-hang-dji-6486-5-600x600.jpg 600w, https:\/\/phukienflytech.vn\/wp-content\/uploads\/2020\/06\/bo-vo-lung-phantom-4-pro-v2-0-chinh-hang-dji-6486-5-100x100.jpg 100w, https:\/\/phukienflytech.vn\/wp-content\/uploads\/2020\/06\/bo-vo-lung-phantom-4-pro-v2-0-chinh-hang-dji-6486-5.jpg 1000w\" sizes=\"auto, (max-width: 400px) 100vw, 400px\" \/><\/span><\/p>\n<p>&nbsp;<\/p>\n<p><span style=\"font-size: 18px;\">Trong qu\u00e1 tr\u00ecnh bay v\u00e0 s\u1eed d\u1ee5ng kh\u00f4ng th\u1ec3 tr\u00e1nh kh\u1ecfi vi\u1ec7c b\u1ecb va ch\u1ea1m v\u00e0 nh\u1eefng t\u00ecnh hu\u1ed1ng x\u1ea5u d\u1eabn v\u1ecf b\u1ecb v\u1ee1, b\u1ecb g\u00e3y. V\u00e0 ph\u1ea3i s\u1eeda ch\u1eefa thay th\u1ebf B\u1ed9 v\u1ecf l\u01b0ng Phantom 4 pro V2.0 V2.0 m\u1edbi.<\/span><\/p>\n<p><span style=\"font-size: 18px;\">N\u1ebfu b\u1ea1n c\u00f2n lo l\u1eafng v\u1ec1 vi\u1ec7c ch\u01b0a bi\u1ebft thay v\u1ecf c\u1ee7a Phantom 4 Pro, nh\u00e2n vi\u00ean k\u1ef9 thu\u1eadt c\u1ee7a Ph\u1ee5 ki\u1ec7n flytech s\u1ebd t\u01b0 v\u1ea5n v\u00e0 h\u01b0\u1edbng d\u1eabn b\u1ea1n thay th\u1ebf m\u1ed9t c\u00e1ch d\u1ec5 d\u00e0ng thao t\u00e1c nh\u1ea5t.<\/span><\/p>\n<p>&nbsp;<\/p>\n<p><span style=\"font-size: 18px;\"><img loading=\"lazy\" decoding=\"async\" class=\"alignnone size-medium wp-image-11890\" src=\"https:\/\/phukienflytech.vn\/wp-content\/uploads\/2020\/06\/bo-vo-lung-phantom-4-pro-v2-0-chinh-hang-dji-6486-1-1-400x400.jpg\" alt=\"\" width=\"400\" height=\"400\" srcset=\"https:\/\/phukienflytech.vn\/wp-content\/uploads\/2020\/06\/bo-vo-lung-phantom-4-pro-v2-0-chinh-hang-dji-6486-1-1-400x400.jpg 400w, https:\/\/phukienflytech.vn\/wp-content\/uploads\/2020\/06\/bo-vo-lung-phantom-4-pro-v2-0-chinh-hang-dji-6486-1-1-280x280.jpg 280w, https:\/\/phukienflytech.vn\/wp-content\/uploads\/2020\/06\/bo-vo-lung-phantom-4-pro-v2-0-chinh-hang-dji-6486-1-1-768x768.jpg 768w, https:\/\/phukienflytech.vn\/wp-content\/uploads\/2020\/06\/bo-vo-lung-phantom-4-pro-v2-0-chinh-hang-dji-6486-1-1.jpg 800w, https:\/\/phukienflytech.vn\/wp-content\/uploads\/2020\/06\/bo-vo-lung-phantom-4-pro-v2-0-chinh-hang-dji-6486-1-1-300x300.jpg 300w, https:\/\/phukienflytech.vn\/wp-content\/uploads\/2020\/06\/bo-vo-lung-phantom-4-pro-v2-0-chinh-hang-dji-6486-1-1-600x600.jpg 600w, https:\/\/phukienflytech.vn\/wp-content\/uploads\/2020\/06\/bo-vo-lung-phantom-4-pro-v2-0-chinh-hang-dji-6486-1-1-100x100.jpg 100w\" sizes=\"auto, (max-width: 400px) 100vw, 400px\" \/><\/span><\/p>\n<p>&nbsp;<\/p>\n<p><span style=\"font-size: 18px;\">M\u1ed9t b\u1ed9 v\u1ecf ch\u00ednh h\u00e3ng DJI lu\u00f4n \u0111\u1ea3m b\u1ea3o tuy\u1ec7t \u0111\u1ed1i c\u00e1c v\u1ea5n \u0111\u1ec1, chi ti\u1ebft k\u0129 thu\u1eadt t\u1ea1o ra s\u1ef1 an t\u00e2m tuy\u1ec7t \u0111\u1ed1i cho c\u00e1c Pilot trong su\u1ed1t qu\u00e1 tr\u00ecnh bay, c\u00f2n \u0111\u1ed1i v\u1edbi c\u00e1c lo\u1ea1i v\u1ecf h\u00e3ng th\u1ee9 3 c\u00f3 gi\u00e1 c\u00f3 th\u1ec3 t\u1ed1t h\u01a1n m\u1ed9t ch\u00fat nh\u1eefng l\u1ea1i c\u00f3 th\u1ec3 kh\u00f4ng \u0111\u01b0\u1ee3c tuy\u1ec7t \u0111\u1ed1i v\u1ec1 c\u00e1c y\u1ebfu t\u1ed1 tr\u00f9ng kh\u1edbp k\u1ef9 thu\u1eadt n\u00ean c\u00f3 \u0111em l\u1ea1i c\u1ea3m gi\u00e1c an t\u00e2m kh\u00f4ng cao b\u1eb1ng h\u00e0ng DJI ch\u00ednh h\u00e3ng\u00a0<\/span><\/p>\n<p>&nbsp;<\/p>\n<p><span style=\"font-size: 18px;\"><img loading=\"lazy\" decoding=\"async\" class=\"alignnone wp-image-11892\" src=\"https:\/\/phukienflytech.vn\/wp-content\/uploads\/2020\/06\/bo-vo-lung-phantom-4-pro-v2-0-chinh-hang-dji-6486-2-1-711x400.jpg\" alt=\"\" width=\"564\" height=\"317\" srcset=\"https:\/\/phukienflytech.vn\/wp-content\/uploads\/2020\/06\/bo-vo-lung-phantom-4-pro-v2-0-chinh-hang-dji-6486-2-1-711x400.jpg 711w, https:\/\/phukienflytech.vn\/wp-content\/uploads\/2020\/06\/bo-vo-lung-phantom-4-pro-v2-0-chinh-hang-dji-6486-2-1-768x432.jpg 768w, https:\/\/phukienflytech.vn\/wp-content\/uploads\/2020\/06\/bo-vo-lung-phantom-4-pro-v2-0-chinh-hang-dji-6486-2-1-600x338.jpg 600w, https:\/\/phukienflytech.vn\/wp-content\/uploads\/2020\/06\/bo-vo-lung-phantom-4-pro-v2-0-chinh-hang-dji-6486-2-1.jpg 1280w\" sizes=\"auto, (max-width: 564px) 100vw, 564px\" \/><\/span><\/p>\n<p>&nbsp;<\/p>\n<h2><span style=\"font-size: 21px;\"><strong><span style=\"color: #0000ff;\">M\u1ed9t b\u1ed9 v\u1ecf ch\u00ednh h\u00e3ng DJI\u00a0 \u0111\u01b0\u1ee3c \u00a0trang b\u1ecb g\u1ed3m:<\/span><\/strong><\/span><\/h2>\n<p><span style=\"font-size: 18px;\">&#8211;\u00a0C\u1eb7p ch\u00e2n + c\u00e1p s\u00f3ng<\/span><\/p>\n<p><span style=\"font-size: 18px;\">&#8211;\u00a0V\u1ecf l\u01b0ng\u00a0 v\u00e0 v\u1ecf b\u1ee5ng c\u1ee7a th\u00e2n m\u00e1y<\/span><\/p>\n<p><span style=\"font-size: 18px;\">&#8211; C\u00e1c con \u1ed1c si\u1ebft gi\u00e1p v\u1ecf<\/span><\/p>\n<p>&nbsp;<\/p>\n<p><span style=\"font-size: 18px;\"><img loading=\"lazy\" decoding=\"async\" class=\"alignnone size-medium wp-image-11894\" src=\"https:\/\/phukienflytech.vn\/wp-content\/uploads\/2020\/06\/bo-vo-lung-phantom-4-pro-v2-0-chinh-hang-dji-6486-3-1-400x400.jpg\" alt=\"\" width=\"400\" height=\"400\" srcset=\"https:\/\/phukienflytech.vn\/wp-content\/uploads\/2020\/06\/bo-vo-lung-phantom-4-pro-v2-0-chinh-hang-dji-6486-3-1-400x400.jpg 400w, https:\/\/phukienflytech.vn\/wp-content\/uploads\/2020\/06\/bo-vo-lung-phantom-4-pro-v2-0-chinh-hang-dji-6486-3-1-280x280.jpg 280w, https:\/\/phukienflytech.vn\/wp-content\/uploads\/2020\/06\/bo-vo-lung-phantom-4-pro-v2-0-chinh-hang-dji-6486-3-1-768x768.jpg 768w, https:\/\/phukienflytech.vn\/wp-content\/uploads\/2020\/06\/bo-vo-lung-phantom-4-pro-v2-0-chinh-hang-dji-6486-3-1.jpg 800w, https:\/\/phukienflytech.vn\/wp-content\/uploads\/2020\/06\/bo-vo-lung-phantom-4-pro-v2-0-chinh-hang-dji-6486-3-1-300x300.jpg 300w, https:\/\/phukienflytech.vn\/wp-content\/uploads\/2020\/06\/bo-vo-lung-phantom-4-pro-v2-0-chinh-hang-dji-6486-3-1-600x600.jpg 600w, https:\/\/phukienflytech.vn\/wp-content\/uploads\/2020\/06\/bo-vo-lung-phantom-4-pro-v2-0-chinh-hang-dji-6486-3-1-100x100.jpg 100w\" sizes=\"auto, (max-width: 400px) 100vw, 400px\" \/><\/span><\/p>\n<p>&nbsp;<\/p>\n<p><span style=\"font-size: 18px;\"><img loading=\"lazy\" decoding=\"async\" class=\"alignnone wp-image-11899\" src=\"https:\/\/phukienflytech.vn\/wp-content\/uploads\/2020\/06\/bo-vo-lung-phantom-4-pro-v2-0-chinh-hang-dji-6486-4-1-711x400.jpg\" alt=\"\" width=\"576\" height=\"324\" srcset=\"https:\/\/phukienflytech.vn\/wp-content\/uploads\/2020\/06\/bo-vo-lung-phantom-4-pro-v2-0-chinh-hang-dji-6486-4-1-711x400.jpg 711w, https:\/\/phukienflytech.vn\/wp-content\/uploads\/2020\/06\/bo-vo-lung-phantom-4-pro-v2-0-chinh-hang-dji-6486-4-1-768x432.jpg 768w, https:\/\/phukienflytech.vn\/wp-content\/uploads\/2020\/06\/bo-vo-lung-phantom-4-pro-v2-0-chinh-hang-dji-6486-4-1-600x338.jpg 600w, https:\/\/phukienflytech.vn\/wp-content\/uploads\/2020\/06\/bo-vo-lung-phantom-4-pro-v2-0-chinh-hang-dji-6486-4-1.jpg 1280w\" sizes=\"auto, (max-width: 576px) 100vw, 576px\" \/><\/span><\/p>\n<p>&nbsp;<\/p>\n<p><span style=\"font-size: 18px;\"><strong>Ph\u1ee5 ki\u1ec7n Flycam Gi\u00e1 t\u1ed1t<\/strong>\u00a0chuy\u00ean cung c\u1ea5p c\u00e1c linh ki\u1ec7n thay th\u1ebf ch\u00ednh h\u00e3ng DJI c\u1ee7a c\u00e1c d\u00f2ng flycam\u00a0<a href=\"https:\/\/phukienflytech.vn\/danh-muc\/linh-kien-flycam-dji\/linh-kien-dji-mavic.html\" target=\"_blank\" rel=\"noopener noreferrer\"><strong>DJI Mavic series<\/strong><\/a>,\u00a0<a href=\"https:\/\/phukienflytech.vn\/danh-muc\/linh-kien-flycam-dji\/linh-kien-dji-phantom-3.html\" target=\"_blank\" rel=\"noopener noreferrer\"><strong>DJI Phantom 3<\/strong><\/a>,\u00a0<a href=\"https:\/\/phukienflytech.vn\/danh-muc\/linh-kien-flycam-dji\/linh-kien-dji-phantom-4.html\" target=\"_blank\" rel=\"noopener noreferrer\"><strong>DJI Phantom 4<\/strong><\/a>,\u2026 v\u00e0\u00a0<a href=\"https:\/\/phukienflytech.vn\/en\/dich-vu-sua-chua-flycam.html\" target=\"_blank\" rel=\"noopener noreferrer\"><strong>d\u1ecbch v\u1ee5 s\u1eeda ch\u1eefa flycam uy t\u00edn, \u0111\u1ea3m b\u1ea3o v\u00e0 ch\u1ea5t l\u01b0\u1ee3ng.<\/strong><\/a><\/span><\/p>\n<p><span style=\"font-size: 18px;\">H\u00e3y \u0111\u1ec3<a href=\"https:\/\/www.facebook.com\/phukienflycam\/?eid=ARCBQ0q12-UOhL1gpeDFhnjm3HjlPSUqIz1ct1Ga5JrKpqFStQo353trGLZf0uATv1_nR7erjs8t17n_\" target=\"_blank\" rel=\"noopener noreferrer\">\u00a0<strong>Ph\u1ee5 Ki\u1ec7n Fly-cam Gi\u00e1 T\u1ed1t<\/strong><\/a> ti\u1ebfp s\u1ee9c \u0111am m\u00ea, c\u00f4ng vi\u1ec7c c\u1ee7a b\u1ea1n, gi\u00fap b\u1ea1n th\u00eam ni\u1ec1m h\u1ee9ng kh\u1edfi trong \u0111am m\u00ea c\u0169ng nh\u01b0 c\u00f4ng vi\u1ec7c c\u1ee7a m\u00ecnh th\u00eam su\u00f4n s\u1ebb.<\/span><\/p>\n","protected":false},"excerpt":{"rendered":"<p>B\u1ed9 v\u1ecf Phantom \u00a04 Pro V2.0 \u2013 DJI B\u1ed9 v\u1ecf l\u01b0ng Phantom 4 pro V2.0 &gt;&gt; Li\u00ean h\u1ec7 tr\u1ef1c ti\u1ebfp ch\u00fang t\u00f4i \u0111\u1ec3 \u0111\u01b0\u1ee3c h\u01b0\u1edbng d\u1eabn c\u00e1ch s\u1eeda v\u00e0 thay th\u1ebf \u0111\u00fang c\u00e1ch &nbsp; V\u1edbi b\u1ed9 v\u1ecf cho th\u00e2n m\u00e1y Phantom 4 Pro V2.0 do ch\u00ednh DJI s\u1ea3n xu\u1ea5t th\u00ec s\u1ebd c\u00f3 ch\u1ea5t li\u1ec7u v\u00f4\u00a0 &#8230;<\/p>\n","protected":false},"featured_media":7124,"comment_status":"open","ping_status":"closed","template":"","meta":{"_acf_changed":false},"product_brand":[],"product_cat":[176,182],"product_tag":[206,227],"class_list":{"0":"post-6500","1":"product","2":"type-product","3":"status-publish","4":"has-post-thumbnail","6":"product_cat-dji-osmo-drones-accessories","7":"product_cat-phantom-4-accessory","8":"product_tag-phu-kien-dji-en","9":"product_tag-phu-kien-phantom-4-en","11":"first","12":"instock","13":"shipping-taxable","14":"purchasable","15":"product-type-simple"},"acf":[],"yoast_head":"<!-- This site is optimized with the Yoast SEO plugin v25.7 - https:\/\/yoast.com\/wordpress\/plugins\/seo\/ -->\n<title>B\u1ed9 v\u1ecf l\u01b0ng Phantom 4 pro V2.0 - Linh ki\u1ec7n Phantom 4 chinh h\u00e3ng DJI<\/title>\n<meta name=\"description\" content=\"B\u1ed9 v\u1ecf l\u01b0ng Phantom 4 pro V2.0 l\u00e0 linh ki\u1ec7n Phantom 4 ch\u00ednh h\u00e3ng DJI. Phukienflytech h\u01b0\u1edbng d\u1eabn s\u1eeda v\u00e0 thay v\u1ecf l\u01b0ng phantom 4 \u0111\u00fang c\u00e1ch\" \/>\n<meta name=\"robots\" content=\"index, follow, max-snippet:-1, max-image-preview:large, max-video-preview:-1\" \/>\n<link rel=\"canonical\" href=\"https:\/\/phukienflytech.vn\/en\/san-pham\/bo-vo-lung-phantom-4-pro-v20-chinh-hang-dji.html\" \/>\n<meta property=\"og:locale\" content=\"en_US\" \/>\n<meta property=\"og:type\" content=\"article\" \/>\n<meta property=\"og:title\" content=\"B\u1ed9 v\u1ecf l\u01b0ng Phantom 4 pro V2.0 - Linh ki\u1ec7n Phantom 4 chinh h\u00e3ng DJI\" \/>\n<meta property=\"og:description\" content=\"B\u1ed9 v\u1ecf l\u01b0ng Phantom 4 pro V2.0 l\u00e0 linh ki\u1ec7n Phantom 4 ch\u00ednh h\u00e3ng DJI. Phukienflytech h\u01b0\u1edbng d\u1eabn s\u1eeda v\u00e0 thay v\u1ecf l\u01b0ng phantom 4 \u0111\u00fang c\u00e1ch\" \/>\n<meta property=\"og:url\" content=\"https:\/\/phukienflytech.vn\/en\/san-pham\/bo-vo-lung-phantom-4-pro-v20-chinh-hang-dji.html\" \/>\n<meta property=\"og:site_name\" content=\"Shop M\u00e1y \u1ea3nh - Action Camera - Gimbal - Flycam - Ph\u1ee5 ki\u1ec7n\" \/>\n<meta property=\"article:publisher\" content=\"https:\/\/facebook.com\/phukienflycam\" \/>\n<meta property=\"article:modified_time\" content=\"2022-11-12T07:58:30+00:00\" \/>\n<meta property=\"og:image\" content=\"https:\/\/phukienflytech.vn\/wp-content\/uploads\/2020\/06\/300x300_bo-vo-phantom-4-chinh-hang-gia-re-phu-kien-linh-kien-flycam-dji-13333312_-_Copy.jpg\" \/>\n\t<meta property=\"og:image:width\" content=\"300\" \/>\n\t<meta property=\"og:image:height\" content=\"300\" \/>\n\t<meta property=\"og:image:type\" content=\"image\/jpeg\" \/>\n<meta name=\"twitter:card\" content=\"summary_large_image\" \/>\n<meta name=\"twitter:label1\" content=\"Est. reading time\" \/>\n\t<meta name=\"twitter:data1\" content=\"2 minutes\" \/>\n<script type=\"application\/ld+json\" class=\"yoast-schema-graph\">{\"@context\":\"https:\/\/schema.org\",\"@graph\":[{\"@type\":\"WebPage\",\"@id\":\"https:\/\/phukienflytech.vn\/en\/san-pham\/bo-vo-lung-phantom-4-pro-v20-chinh-hang-dji.html\",\"url\":\"https:\/\/phukienflytech.vn\/en\/san-pham\/bo-vo-lung-phantom-4-pro-v20-chinh-hang-dji.html\",\"name\":\"B\u1ed9 v\u1ecf l\u01b0ng Phantom 4 pro V2.0 - Linh ki\u1ec7n Phantom 4 chinh h\u00e3ng DJI\",\"isPartOf\":{\"@id\":\"https:\/\/phukienflytech.vn\/#website\"},\"primaryImageOfPage\":{\"@id\":\"https:\/\/phukienflytech.vn\/en\/san-pham\/bo-vo-lung-phantom-4-pro-v20-chinh-hang-dji.html#primaryimage\"},\"image\":{\"@id\":\"https:\/\/phukienflytech.vn\/en\/san-pham\/bo-vo-lung-phantom-4-pro-v20-chinh-hang-dji.html#primaryimage\"},\"thumbnailUrl\":\"https:\/\/phukienflytech.vn\/wp-content\/uploads\/2020\/06\/300x300_bo-vo-phantom-4-chinh-hang-gia-re-phu-kien-linh-kien-flycam-dji-13333312_-_Copy.jpg\",\"datePublished\":\"2020-06-16T08:49:32+00:00\",\"dateModified\":\"2022-11-12T07:58:30+00:00\",\"description\":\"B\u1ed9 v\u1ecf l\u01b0ng Phantom 4 pro V2.0 l\u00e0 linh ki\u1ec7n Phantom 4 ch\u00ednh h\u00e3ng DJI. Phukienflytech h\u01b0\u1edbng d\u1eabn s\u1eeda v\u00e0 thay v\u1ecf l\u01b0ng phantom 4 \u0111\u00fang c\u00e1ch\",\"breadcrumb\":{\"@id\":\"https:\/\/phukienflytech.vn\/en\/san-pham\/bo-vo-lung-phantom-4-pro-v20-chinh-hang-dji.html#breadcrumb\"},\"inLanguage\":\"en-US\",\"potentialAction\":[{\"@type\":\"ReadAction\",\"target\":[\"https:\/\/phukienflytech.vn\/en\/san-pham\/bo-vo-lung-phantom-4-pro-v20-chinh-hang-dji.html\"]}]},{\"@type\":\"ImageObject\",\"inLanguage\":\"en-US\",\"@id\":\"https:\/\/phukienflytech.vn\/en\/san-pham\/bo-vo-lung-phantom-4-pro-v20-chinh-hang-dji.html#primaryimage\",\"url\":\"https:\/\/phukienflytech.vn\/wp-content\/uploads\/2020\/06\/300x300_bo-vo-phantom-4-chinh-hang-gia-re-phu-kien-linh-kien-flycam-dji-13333312_-_Copy.jpg\",\"contentUrl\":\"https:\/\/phukienflytech.vn\/wp-content\/uploads\/2020\/06\/300x300_bo-vo-phantom-4-chinh-hang-gia-re-phu-kien-linh-kien-flycam-dji-13333312_-_Copy.jpg\",\"width\":300,\"height\":300},{\"@type\":\"BreadcrumbList\",\"@id\":\"https:\/\/phukienflytech.vn\/en\/san-pham\/bo-vo-lung-phantom-4-pro-v20-chinh-hang-dji.html#breadcrumb\",\"itemListElement\":[{\"@type\":\"ListItem\",\"position\":1,\"name\":\"Home\",\"item\":\"https:\/\/phukienflytech.vn\/en\"},{\"@type\":\"ListItem\",\"position\":2,\"name\":\"Ph\u1ee5 ki\u1ec7n Mavic Pro\",\"item\":\"https:\/\/phukienflytech.vn\/en\/phu-kien-mavic-pro.html\"},{\"@type\":\"ListItem\",\"position\":3,\"name\":\"Linh ki\u1ec7n flycam\",\"item\":\"https:\/\/phukienflytech.vn\/danh-muc\/linh-kien-flycam-dji.html\"},{\"@type\":\"ListItem\",\"position\":4,\"name\":\"Linh ki\u1ec7n Phantom 3\/4\",\"item\":\"https:\/\/phukienflytech.vn\/danh-muc\/linh-kien-phantom-3-4.html\"},{\"@type\":\"ListItem\",\"position\":5,\"name\":\"B\u1ed9 v\u1ecf l\u01b0ng phantom 4 pro V2.0 &#8211; ch\u00ednh h\u00e3ng DJI\"}]},{\"@type\":\"WebSite\",\"@id\":\"https:\/\/phukienflytech.vn\/#website\",\"url\":\"https:\/\/phukienflytech.vn\/\",\"name\":\"Shop M\u00e1y \u1ea3nh - Action Camera - Gimbal - Flycam - Ph\u1ee5 ki\u1ec7n\",\"description\":\"Shop M\u00e1y \u1ea3nh - Action Camera - Gimbal - Flycam - Ph\u1ee5 ki\u1ec7n\",\"publisher\":{\"@id\":\"https:\/\/phukienflytech.vn\/#organization\"},\"potentialAction\":[{\"@type\":\"SearchAction\",\"target\":{\"@type\":\"EntryPoint\",\"urlTemplate\":\"https:\/\/phukienflytech.vn\/?s={search_term_string}\"},\"query-input\":{\"@type\":\"PropertyValueSpecification\",\"valueRequired\":true,\"valueName\":\"search_term_string\"}}],\"inLanguage\":\"en-US\"},{\"@type\":\"Organization\",\"@id\":\"https:\/\/phukienflytech.vn\/#organization\",\"name\":\"DJI Store - Shop Drone, Action camera, Gimbal DJI |Phukienflytech\",\"alternateName\":\"DJI Store - Shop Drone, Action camera, Gimbal DJI |Phukienflytech\",\"url\":\"https:\/\/phukienflytech.vn\/\",\"logo\":{\"@type\":\"ImageObject\",\"inLanguage\":\"en-US\",\"@id\":\"https:\/\/phukienflytech.vn\/#\/schema\/logo\/image\/\",\"url\":\"https:\/\/phukienflytech.vn\/wp-content\/uploads\/2020\/05\/hAnh_nan.jpg1_.jpg\",\"contentUrl\":\"https:\/\/phukienflytech.vn\/wp-content\/uploads\/2020\/05\/hAnh_nan.jpg1_.jpg\",\"width\":800,\"height\":450,\"caption\":\"DJI Store - Shop Drone, Action camera, Gimbal DJI |Phukienflytech\"},\"image\":{\"@id\":\"https:\/\/phukienflytech.vn\/#\/schema\/logo\/image\/\"},\"sameAs\":[\"https:\/\/facebook.com\/phukienflycam\",\"https:\/\/www.youtube.com\/@phukienflytech\",\"https:\/\/www.tiktok.com\/@flytech.channel?fbclid=IwY2xjawGjg7BleHRuA2FlbQIxMAABHYVGmlXpuSMs0UB2zTpYvyT4GMVfN2qJa4urF4vkSQ6FAVBwXZtDP30qQA_aem_UwMiDcUvlEbd2tXAmsc8Og\"]}]}<\/script>\n<!-- \/ Yoast SEO plugin. -->","yoast_head_json":{"title":"B\u1ed9 v\u1ecf l\u01b0ng Phantom 4 pro V2.0 - Linh ki\u1ec7n Phantom 4 chinh h\u00e3ng DJI","description":"B\u1ed9 v\u1ecf l\u01b0ng Phantom 4 pro V2.0 l\u00e0 linh ki\u1ec7n Phantom 4 ch\u00ednh h\u00e3ng DJI. Phukienflytech h\u01b0\u1edbng d\u1eabn s\u1eeda v\u00e0 thay v\u1ecf l\u01b0ng phantom 4 \u0111\u00fang c\u00e1ch","robots":{"index":"index","follow":"follow","max-snippet":"max-snippet:-1","max-image-preview":"max-image-preview:large","max-video-preview":"max-video-preview:-1"},"canonical":"https:\/\/phukienflytech.vn\/en\/san-pham\/bo-vo-lung-phantom-4-pro-v20-chinh-hang-dji.html","og_locale":"en_US","og_type":"article","og_title":"B\u1ed9 v\u1ecf l\u01b0ng Phantom 4 pro V2.0 - Linh ki\u1ec7n Phantom 4 chinh h\u00e3ng DJI","og_description":"B\u1ed9 v\u1ecf l\u01b0ng Phantom 4 pro V2.0 l\u00e0 linh ki\u1ec7n Phantom 4 ch\u00ednh h\u00e3ng DJI. Phukienflytech h\u01b0\u1edbng d\u1eabn s\u1eeda v\u00e0 thay v\u1ecf l\u01b0ng phantom 4 \u0111\u00fang c\u00e1ch","og_url":"https:\/\/phukienflytech.vn\/en\/san-pham\/bo-vo-lung-phantom-4-pro-v20-chinh-hang-dji.html","og_site_name":"Shop M\u00e1y \u1ea3nh - Action Camera - Gimbal - Flycam - Ph\u1ee5 ki\u1ec7n","article_publisher":"https:\/\/facebook.com\/phukienflycam","article_modified_time":"2022-11-12T07:58:30+00:00","og_image":[{"width":300,"height":300,"url":"https:\/\/phukienflytech.vn\/wp-content\/uploads\/2020\/06\/300x300_bo-vo-phantom-4-chinh-hang-gia-re-phu-kien-linh-kien-flycam-dji-13333312_-_Copy.jpg","type":"image\/jpeg"}],"twitter_card":"summary_large_image","twitter_misc":{"Est. reading time":"2 minutes"},"schema":{"@context":"https:\/\/schema.org","@graph":[{"@type":"WebPage","@id":"https:\/\/phukienflytech.vn\/en\/san-pham\/bo-vo-lung-phantom-4-pro-v20-chinh-hang-dji.html","url":"https:\/\/phukienflytech.vn\/en\/san-pham\/bo-vo-lung-phantom-4-pro-v20-chinh-hang-dji.html","name":"B\u1ed9 v\u1ecf l\u01b0ng Phantom 4 pro V2.0 - Linh ki\u1ec7n Phantom 4 chinh h\u00e3ng DJI","isPartOf":{"@id":"https:\/\/phukienflytech.vn\/#website"},"primaryImageOfPage":{"@id":"https:\/\/phukienflytech.vn\/en\/san-pham\/bo-vo-lung-phantom-4-pro-v20-chinh-hang-dji.html#primaryimage"},"image":{"@id":"https:\/\/phukienflytech.vn\/en\/san-pham\/bo-vo-lung-phantom-4-pro-v20-chinh-hang-dji.html#primaryimage"},"thumbnailUrl":"https:\/\/phukienflytech.vn\/wp-content\/uploads\/2020\/06\/300x300_bo-vo-phantom-4-chinh-hang-gia-re-phu-kien-linh-kien-flycam-dji-13333312_-_Copy.jpg","datePublished":"2020-06-16T08:49:32+00:00","dateModified":"2022-11-12T07:58:30+00:00","description":"B\u1ed9 v\u1ecf l\u01b0ng Phantom 4 pro V2.0 l\u00e0 linh ki\u1ec7n Phantom 4 ch\u00ednh h\u00e3ng DJI. Phukienflytech h\u01b0\u1edbng d\u1eabn s\u1eeda v\u00e0 thay v\u1ecf l\u01b0ng phantom 4 \u0111\u00fang c\u00e1ch","breadcrumb":{"@id":"https:\/\/phukienflytech.vn\/en\/san-pham\/bo-vo-lung-phantom-4-pro-v20-chinh-hang-dji.html#breadcrumb"},"inLanguage":"en-US","potentialAction":[{"@type":"ReadAction","target":["https:\/\/phukienflytech.vn\/en\/san-pham\/bo-vo-lung-phantom-4-pro-v20-chinh-hang-dji.html"]}]},{"@type":"ImageObject","inLanguage":"en-US","@id":"https:\/\/phukienflytech.vn\/en\/san-pham\/bo-vo-lung-phantom-4-pro-v20-chinh-hang-dji.html#primaryimage","url":"https:\/\/phukienflytech.vn\/wp-content\/uploads\/2020\/06\/300x300_bo-vo-phantom-4-chinh-hang-gia-re-phu-kien-linh-kien-flycam-dji-13333312_-_Copy.jpg","contentUrl":"https:\/\/phukienflytech.vn\/wp-content\/uploads\/2020\/06\/300x300_bo-vo-phantom-4-chinh-hang-gia-re-phu-kien-linh-kien-flycam-dji-13333312_-_Copy.jpg","width":300,"height":300},{"@type":"BreadcrumbList","@id":"https:\/\/phukienflytech.vn\/en\/san-pham\/bo-vo-lung-phantom-4-pro-v20-chinh-hang-dji.html#breadcrumb","itemListElement":[{"@type":"ListItem","position":1,"name":"Home","item":"https:\/\/phukienflytech.vn\/en"},{"@type":"ListItem","position":2,"name":"Ph\u1ee5 ki\u1ec7n Mavic Pro","item":"https:\/\/phukienflytech.vn\/en\/phu-kien-mavic-pro.html"},{"@type":"ListItem","position":3,"name":"Linh ki\u1ec7n flycam","item":"https:\/\/phukienflytech.vn\/danh-muc\/linh-kien-flycam-dji.html"},{"@type":"ListItem","position":4,"name":"Linh ki\u1ec7n Phantom 3\/4","item":"https:\/\/phukienflytech.vn\/danh-muc\/linh-kien-phantom-3-4.html"},{"@type":"ListItem","position":5,"name":"B\u1ed9 v\u1ecf l\u01b0ng phantom 4 pro V2.0 &#8211; ch\u00ednh h\u00e3ng DJI"}]},{"@type":"WebSite","@id":"https:\/\/phukienflytech.vn\/#website","url":"https:\/\/phukienflytech.vn\/","name":"Shop M\u00e1y \u1ea3nh - Action Camera - Gimbal - Flycam - Ph\u1ee5 ki\u1ec7n","description":"Shop M\u00e1y \u1ea3nh - Action Camera - Gimbal - Flycam - Ph\u1ee5 ki\u1ec7n","publisher":{"@id":"https:\/\/phukienflytech.vn\/#organization"},"potentialAction":[{"@type":"SearchAction","target":{"@type":"EntryPoint","urlTemplate":"https:\/\/phukienflytech.vn\/?s={search_term_string}"},"query-input":{"@type":"PropertyValueSpecification","valueRequired":true,"valueName":"search_term_string"}}],"inLanguage":"en-US"},{"@type":"Organization","@id":"https:\/\/phukienflytech.vn\/#organization","name":"DJI Store - Shop Drone, Action camera, Gimbal DJI |Phukienflytech","alternateName":"DJI Store - Shop Drone, Action camera, Gimbal DJI |Phukienflytech","url":"https:\/\/phukienflytech.vn\/","logo":{"@type":"ImageObject","inLanguage":"en-US","@id":"https:\/\/phukienflytech.vn\/#\/schema\/logo\/image\/","url":"https:\/\/phukienflytech.vn\/wp-content\/uploads\/2020\/05\/hAnh_nan.jpg1_.jpg","contentUrl":"https:\/\/phukienflytech.vn\/wp-content\/uploads\/2020\/05\/hAnh_nan.jpg1_.jpg","width":800,"height":450,"caption":"DJI Store - Shop Drone, Action camera, Gimbal DJI |Phukienflytech"},"image":{"@id":"https:\/\/phukienflytech.vn\/#\/schema\/logo\/image\/"},"sameAs":["https:\/\/facebook.com\/phukienflycam","https:\/\/www.youtube.com\/@phukienflytech","https:\/\/www.tiktok.com\/@flytech.channel?fbclid=IwY2xjawGjg7BleHRuA2FlbQIxMAABHYVGmlXpuSMs0UB2zTpYvyT4GMVfN2qJa4urF4vkSQ6FAVBwXZtDP30qQA_aem_UwMiDcUvlEbd2tXAmsc8Og"]}]}},"_links":{"self":[{"href":"https:\/\/phukienflytech.vn\/en\/wp-json\/wp\/v2\/product\/6500","targetHints":{"allow":["GET"]}}],"collection":[{"href":"https:\/\/phukienflytech.vn\/en\/wp-json\/wp\/v2\/product"}],"about":[{"href":"https:\/\/phukienflytech.vn\/en\/wp-json\/wp\/v2\/types\/product"}],"replies":[{"embeddable":true,"href":"https:\/\/phukienflytech.vn\/en\/wp-json\/wp\/v2\/comments?post=6500"}],"wp:featuredmedia":[{"embeddable":true,"href":"https:\/\/phukienflytech.vn\/en\/wp-json\/wp\/v2\/media\/7124"}],"wp:attachment":[{"href":"https:\/\/phukienflytech.vn\/en\/wp-json\/wp\/v2\/media?parent=6500"}],"wp:term":[{"taxonomy":"product_brand","embeddable":true,"href":"https:\/\/phukienflytech.vn\/en\/wp-json\/wp\/v2\/product_brand?post=6500"},{"taxonomy":"product_cat","embeddable":true,"href":"https:\/\/phukienflytech.vn\/en\/wp-json\/wp\/v2\/product_cat?post=6500"},{"taxonomy":"product_tag","embeddable":true,"href":"https:\/\/phukienflytech.vn\/en\/wp-json\/wp\/v2\/product_tag?post=6500"}],"curies":[{"name":"wp","href":"https:\/\/api.w.org\/{rel}","templated":true}]}}